{"id":147473,"date":"2023-05-14T14:12:07","date_gmt":"2023-05-14T14:12:07","guid":{"rendered":"http:\/\/talkpal.ai\/marathi-nyelvtan\/"},"modified":"2025-12-12T10:32:22","modified_gmt":"2025-12-12T10:32:22","slug":"marathi-nyelvtan","status":"publish","type":"page","link":"https:\/\/talkpal.ai\/hu\/marathi-nyelvtan\/","title":{"rendered":"Marathi nyelvtan"},"content":{"rendered":"\r\n\r\n\r\n<section class=\"languageChallengeSection\">\r\n    <div class=\"languageInfoWrapper\">\r\n        \r\n        <h1>Marathi nyelvtan<\/h1>\r\n        <p>K\u00edv\u00e1ncsi vagy a marathira? L\u00e9pjen be a <a href=\"https:\/\/talkpal.ai\/learn-marathi\/\">marathi<\/a> nyelvtanba, ahol a nemek szerinti f\u0151nevek, a rugalmas mondatszerkezet \u00e9s a kifejez\u0151 igek\u00f6t\u0151k \u00e9l\u00e9nk \u00e9s dinamikus nyelvet alkotnak. Kezdd el a tanul\u00e1si utat m\u00e9g ma &#8211; a marathi <a href=\"https:\/\/talkpal.ai\/grammar\/\">nyelvtan<\/a> elsaj\u00e1t\u00edt\u00e1sa seg\u00edt magabiztosan kommunik\u00e1lni, \u00e9s kapcsolatba ker\u00fclni Maharashtra gazdag hagyom\u00e1nyaival \u00e9s kult\u00far\u00e1j\u00e1val!<\/p>\r\n\r\n                            <a class=\"getStartedHidden\" href=\"https:\/\/app.talkpal.ai\/hu\/signup?lng=\">Kezdj\u00fck<\/a>\r\n        \r\n    <\/div>\r\n\r\n    <figure>\r\n    <img decoding=\"async\" width=\"768\" height=\"768\" src=\"https:\/\/talkpal.ai\/wp-content\/uploads\/2023\/06\/marathi-768x768.png\" class=\"languageImage no-lazy\" alt=\"Fun ways to make language learning interesting\" fetchpriority=\"high\" sizes=\"(max-width: 768px) 150px, 768px\" srcset=\"https:\/\/talkpal.ai\/wp-content\/uploads\/2023\/06\/marathi-768x768.png 768w, https:\/\/talkpal.ai\/wp-content\/uploads\/2023\/06\/marathi-300x300.png 300w\" \/>\r\n    \r\n\r\n    <\/figure>\r\n\r\n            <a class=\"getStartedVisible\" href=\"https:\/\/app.talkpal.ai\/hu\/signup?lng=\">Kezdj\u00fck<\/a>\r\n    \r\n<\/section>\r\n<section class=\"promotionalBanner\">\r\n    <p class=\"promotionalText\">A nyelvtanul\u00e1s leghat\u00e9konyabb m\u00f3dja<\/p>\r\n    <a class=\"promotionalLink\" href=\"https:\/\/app.talkpal.ai\/hu\/signup?lng=\">Pr\u00f3b\u00e1lja ki a Talkpal ingyen<\/a>\r\n<\/section>\n<div class=\"wp-block-group pageContainerStyle\"><div class=\"wp-block-group__inner-container is-layout-constrained wp-block-group-is-layout-constrained\">\n<h2 class=\"wp-block-heading\" id=\"h-the-allure-of-marathi-grammar-unfolding-its-mysteries-and-intricacies\">A marathi nyelvtan var\u00e1zsa: rejt\u00e9lyeinek \u00e9s bonyolults\u00e1g\u00e1nak felt\u00e1r\u00e1sa<\/h2>\n\n\n\n<p>Eml\u00e9kszel az <a href=\"https:\/\/talkpal.ai\/hu\/grammar\/cikkek-angol-nyelvtan\/\">angol nyelvtan<\/a> tanul\u00e1s\u00e1nak zavarba ejt\u0151 \u00fatj\u00e1ra, amely \u00f6sszetett szab\u00e1lyokkal, kiv\u00e9telekkel \u00e9s bonyolult terminol\u00f3gi\u00e1val terhelt? Ha most fontolgatod a marathi nyelv tanul\u00e1s\u00e1t, k\u00e9sz\u00fclj fel a marathi nyelvtan hasonl\u00f3an lebilincsel\u0151 felfedez\u00e9s\u00e9re.<\/p>\n\n\n\n<p>A marathi, egy indo-\u00e1rja nyelv, amelyet t\u00falnyom\u00f3r\u00e9szt az indiai Maharashtra \u00e1llamban besz\u00e9lnek, gazdag hagyom\u00e1nyokkal \u00e9s egyedi nyelvi jellemz\u0151kkel b\u00fcszk\u00e9lkedhet. Ahogy belemer\u00fcl a marathi nyelvtan misztikum\u00e1ba, felfedezheti \u00e1b\u00e9c\u00e9inek, bonyolult szab\u00e1lyainak \u00e9s var\u00e1zslatos fonetik\u00e1j\u00e1nak leny\u0171g\u00f6z\u0151 \u00f6sszj\u00e1t\u00e9k\u00e1t. Sz\u00f3val, bogozzuk ki egy\u00fctt a marathi nyelvtan var\u00e1zs\u00e1t, egyszerre csak egy kis szab\u00e1lyt.<\/p>\n\n\n\n<p>A <strong>marathi nyelvtan<\/strong> egyik legszembet\u0171n\u0151bb jellemz\u0151je a f\u0151n\u00e9vi ragoz\u00e1s sz\u00e9les k\u00f6r\u0171 haszn\u00e1lata. Ezek a ragoz\u00e1sok gyakran seg\u00edtenek a kulcsfontoss\u00e1g\u00fa nyelvtani elemek, p\u00e9ld\u00e1ul a sz\u00e1m, a nem \u00e9s az eset k\u00f6zvet\u00edt\u00e9s\u00e9ben. A marathinak h\u00e1rom neme <a href=\"https:\/\/talkpal.ai\/locations\/language-courses-in-van\/\">van<\/a> \u2013 f\u00e9rfias, n\u0151ies \u00e9s ivartalan\u00edtott \u2013, \u00e9s mindegyik nemnek megvan a maga jellegzetes inflexi\u00f3s mint\u00e1ja. Ezenk\u00edv\u00fcl a nyelvnek k\u00e9t sz\u00e1ma van &#8211; egyes \u00e9s t\u00f6bbes sz\u00e1m -, amelyek seg\u00edtenek kifejezni a f\u0151n\u00e9v mennyis\u00e9g\u00e9t.<\/p>\n\n\n\n<p>A <strong>marathi nyelvtan m\u00e1sik egyed\u00fcl\u00e1ll\u00f3 von\u00e1sa<\/strong> az ig\u00e9k ragoz\u00e1s\u00e1nak m\u00f3dja, az igeid\u0151t\u0151l f\u00fcgg\u0151en. A marathi ig\u00e9k ragoz\u00e1sakor nemcsak az ige idej\u00e9t, hanem az alany nem\u00e9t \u00e9s sz\u00e1m\u00e1t is figyelembe kell vennie. A mar\u00e1thi igealakok k\u00f6z\u00e9 tartozik a jelen id\u0151, a m\u00falt id\u0151 \u00e9s a j\u00f6v\u0151 id\u0151, az imperat\u00edvuszok \u00e9s a k\u00f6t\u0151szavak mellett. Ezek a kiterjedt ragoz\u00e1sok m\u00e9lys\u00e9get \u00e9s dinamizmust adnak a mar\u00e1thinak, \u00edgy val\u00f3ban mag\u00e1val ragad\u00f3 nyelv a felfedez\u00e9shez.<\/p>\n\n\n\n<p>A marathi nyelv a <strong>n\u00e9vm\u00e1sok sokf\u00e9les\u00e9g\u00e9r\u0151l<\/strong> is ismert. A marathinak sz\u00e1mos szem\u00e9lyes, demonstrat\u00edv, k\u00e9rd\u0151 \u00e9s reflex\u00edv n\u00e9vm\u00e1sa van, mindegyiknek megvan a maga ragoz\u00e1si mint\u00e1ja. Ez els\u0151re ijeszt\u0151nek t\u0171nhet, de ahogy m\u00e9lyebbre \u00e1sol a nyelvben, \u00e9rt\u00e9kelni fogod a <a href=\"https:\/\/talkpal.ai\/marathi-grammar\/\">mar\u00e1thi nyelvtan<\/a> \u00e1ltal k\u00edn\u00e1lt p\u00e1ratlan pontoss\u00e1got.<\/p>\n\n\n\n<p>A marathi nyelvtan m\u00e9g egy \u00e9rdekes aspektusa a <strong>szavak mondaton bel\u00fcli elrendez\u00e9s\u00e9ben<\/strong> rejlik. A marathi sz\u00f3rend \u00e1ltal\u00e1ban az alany-t\u00e1rgy-ige (SOV) szerkezetet k\u00f6veti, hasonl\u00f3an a t\u00f6bbi indo-\u00e1rja nyelvhez. Ez a szerkezet \u00e1ltal\u00e1ban az ig\u00e9t a mondat v\u00e9g\u00e9re helyezi, <a href=\"https:\/\/talkpal.ai\/locations\/language-courses-in-ami\/\">ami<\/a> kezdetben kih\u00edv\u00e1st jelenthet az angolul besz\u00e9l\u0151k sz\u00e1m\u00e1ra.<\/p>\n\n\n\n<p>A <strong>marathi fonetik\u00e1ba<\/strong> mer\u00fclve tal\u00e1lkozhat a 16 mag\u00e1nhangz\u00f3 (swar) \u00e9s a 36 m\u00e1ssalhangz\u00f3 (vyanjan) \u00e1ltal kimondott hangok hipnotiz\u00e1l\u00f3 tartom\u00e1ny\u00e1val. A devanagari \u00edr\u00e1s, amelyet a marathi nyelv haszn\u00e1l, egy \u00fajabb b\u00e1jos r\u00e9teggel gazdag\u00edtja ezt az am\u00fagy is mag\u00e1val ragad\u00f3 nyelvet.  <\/p>\n\n\n\n<p>A mar\u00e1thi nyelvtan megtanul\u00e1sa a maga sz\u00e1mtalan szab\u00e1ly\u00e1val \u00e9s bonyolults\u00e1g\u00e1val eleinte k\u00e9ts\u00e9gtelen\u00fcl ijeszt\u0151 feladat lehet. Ugyanakkor ez a kih\u00edv\u00e1s teszi kiv\u00e9telesen \u00f6szt\u00f6nz\u0151v\u00e9 \u00e9s \u00f6r\u00f6mteliv\u00e9 is. Ahogy elmer\u00fcl a marathi nyelvtan var\u00e1zslatos vil\u00e1g\u00e1ban, nemcsak a nyelv m\u0171k\u00f6d\u00e9s\u00e9t fedezi fel, hanem m\u00e9lyebb meg\u00e9rt\u00e9st is szerez az \u00e1ltala megtestes\u00edtett kult\u00far\u00e1r\u00f3l, t\u00f6rt\u00e9nelemr\u0151l \u00e9s b\u00f6lcsess\u00e9gr\u0151l.<\/p>\n\n\n\n<p>Sz\u00f3val, mi\u00e9rt nem v\u00e1g bele ebbe a nyelvi kalandba, hogy felfedezze a marathi nyelvtan cs\u00e1b\u00edt\u00f3 m\u00e9lys\u00e9geit, \u00e9s felfedje sz\u00e1mtalan rejt\u00e9ly\u00e9t \u00e9s \u00e1rnyalat\u00e1t, amelyek elsaj\u00e1t\u00edt\u00e1sra v\u00e1rnak? A tanul\u00e1s \u00f6r\u00f6me \u00e9s a marathi nyelvtan finoms\u00e1gainak meg\u00e9rt\u00e9s\u00e9nek \u00f6r\u00f6me csak n\u00e9h\u00e1ny pillanatra van!<\/p>\n<\/div><\/div>\n\r\n<section class=\"learnNavigationSection\">\r\n            \r\n        <a href=\"https:\/\/talkpal.ai\/hu\/tanulj-marathit\/\">\r\n            <div class=\"learnNavigationWrapper\">\r\n                <div class=\"learnNavigationContent\">\r\n                    <img decoding=\"async\" src=\"https:\/\/talkpal.ai\/wp-content\/uploads\/2023\/05\/Marathi-india.png\" alt=\"TalkPal Marathi Flag\">\r\n                    <div>\r\n                        <h4>A marathi tanul\u00e1sr\u00f3l<\/h4>\r\n                        <p>Tudjon meg mindent a mar\u00e1thi nyelvtanr\u00f3l.<\/p>\r\n                    <\/div>\r\n                <\/div>\r\n            <\/div>\r\n        <\/a>\r\n\r\n        \r\n        <a href=\"https:\/\/talkpal.ai\/hu\/marathi-nyelvtani-gyakorlatok\/\">\r\n            <div class=\"learnNavigationWrapper\">\r\n                <div class=\"learnNavigationContent\">\r\n                    <img decoding=\"async\" src=\"https:\/\/talkpal.ai\/wp-content\/uploads\/2023\/05\/Marathi-india.png\" alt=\"TalkPal Marathi Flag\">\r\n                    <div>\r\n                        <h4>Marathi nyelvtani gyakorlat<\/h4>\r\n                        <p>Gyakorold a marathi nyelvtant.<\/p>\r\n                    <\/div>\r\n                <\/div>\r\n            <\/div>\r\n        <\/a>\r\n\r\n        \r\n        <a href=\"https:\/\/talkpal.ai\/vocabulary_language\/marathi\/\">\r\n            <div class=\"learnNavigationWrapper\">\r\n                <div class=\"learnNavigationContent\">\r\n                    <img decoding=\"async\" src=\"https:\/\/talkpal.ai\/wp-content\/uploads\/2023\/05\/Marathi-india.png\" alt=\"TalkPal Marathi Flag\">\r\n                    <div>\r\n                        <h4>Marathi sz\u00f3kincs<\/h4>\r\n                        <p>B\u0151v\u00edtse marathi sz\u00f3kincs\u00e9t.<\/p>\r\n                    <\/div>\r\n                <\/div>\r\n            <\/div>\r\n        <\/a>\r\n\r\n            <\/section>","protected":false},"excerpt":{"rendered":"<p>A marathi nyelvtan var\u00e1zsa: rejt\u00e9lyeinek \u00e9s bonyolults\u00e1g\u00e1nak felt\u00e1r\u00e1sa Eml\u00e9kszel az angol nyelvtan tanul\u00e1s\u00e1nak zavarba ejt\u0151 \u00fatj\u00e1ra, amely \u00f6sszetett szab\u00e1lyokkal, kiv\u00e9telekkel \u00e9s bonyolult terminol\u00f3gi\u00e1val terhelt? Ha most fontolgatod a marathi nyelv tanul\u00e1s\u00e1t, k\u00e9sz\u00fclj fel a marathi nyelvtan hasonl\u00f3an lebilincsel\u0151 felfedez\u00e9s\u00e9re. A marathi, egy indo-\u00e1rja nyelv, amelyet t\u00falnyom\u00f3r\u00e9szt az indiai Maharashtra \u00e1llamban besz\u00e9lnek, gazdag hagyom\u00e1nyokkal \u00e9s egyedi [&hellip;]<\/p>\n","protected":false},"author":1,"featured_media":116394,"parent":0,"menu_order":0,"comment_status":"closed","ping_status":"closed","template":"LearningContentPage.php","meta":{"_acf_changed":false,"footnotes":""},"class_list":["post-147473","page","type-page","status-publish","has-post-thumbnail","hentry"],"acf":[],"yoast_head":"<!-- This site is optimized with the Yoast SEO Premium plugin v27.2 (Yoast SEO v27.2) - https:\/\/yoast.com\/product\/yoast-seo-premium-wordpress\/ -->\n<title>Marathi nyelvtan - Talkpal<\/title>\n<meta name=\"description\" content=\"Fedezze fel a marathi nyelvtan leny\u0171g\u00f6z\u0151 vil\u00e1g\u00e1t, \u00e9s fedezze fel a nyelvtanul\u00e1s sor\u00e1n annak egyedi szab\u00e1lyait, hangtan\u00e1t \u00e9s hajl\u00edt\u00e1sait.\" \/>\n<meta name=\"robots\" content=\"index, follow, max-snippet:-1, max-image-preview:large, max-video-preview:-1\" \/>\n<link rel=\"canonical\" href=\"https:\/\/talkpal.ai\/hu\/marathi-nyelvtan\/\" \/>\n<meta property=\"og:locale\" content=\"hu_HU\" \/>\n<meta property=\"og:type\" content=\"article\" \/>\n<meta property=\"og:title\" content=\"Marathi nyelvtan\" \/>\n<meta property=\"og:description\" content=\"A marathi nyelvtan var\u00e1zsa: rejt\u00e9lyeinek \u00e9s bonyolults\u00e1g\u00e1nak felt\u00e1r\u00e1sa Eml\u00e9kszel az angol nyelvtan tanul\u00e1s\u00e1nak zavarba ejt\u0151 \u00fatj\u00e1ra, amely \u00f6sszetett\" \/>\n<meta property=\"og:url\" content=\"https:\/\/talkpal.ai\/hu\/marathi-nyelvtan\/\" \/>\n<meta property=\"og:site_name\" content=\"Talkpal\" \/>\n<meta property=\"article:publisher\" content=\"https:\/\/www.facebook.com\/profile.php?id=100090733639311\" \/>\n<meta property=\"article:modified_time\" content=\"2025-12-12T10:32:22+00:00\" \/>\n<meta property=\"og:image\" content=\"https:\/\/talkpal.ai\/wp-content\/uploads\/2023\/05\/Marathi-india.png\" \/>\n\t<meta property=\"og:image:width\" content=\"512\" \/>\n\t<meta property=\"og:image:height\" content=\"512\" \/>\n\t<meta property=\"og:image:type\" content=\"image\/png\" \/>\n<meta name=\"twitter:card\" content=\"summary_large_image\" \/>\n<meta name=\"twitter:site\" content=\"@talkpalai\" \/>\n<meta name=\"twitter:label1\" content=\"Becs\u00fclt olvas\u00e1si id\u0151\" \/>\n\t<meta name=\"twitter:data1\" content=\"3 perc\" \/>\n<script type=\"application\/ld+json\" class=\"yoast-schema-graph\">{\"@context\":\"https:\/\/schema.org\",\"@graph\":[{\"@type\":\"WebPage\",\"@id\":\"https:\/\/talkpal.ai\/hu\/marathi-nyelvtan\/\",\"url\":\"https:\/\/talkpal.ai\/hu\/marathi-nyelvtan\/\",\"name\":\"Marathi nyelvtan - Talkpal\",\"isPartOf\":{\"@id\":\"https:\/\/talkpal.ai\/hu\/#website\"},\"primaryImageOfPage\":{\"@id\":\"https:\/\/talkpal.ai\/hu\/marathi-nyelvtan\/#primaryimage\"},\"image\":{\"@id\":\"https:\/\/talkpal.ai\/hu\/marathi-nyelvtan\/#primaryimage\"},\"thumbnailUrl\":\"https:\/\/talkpal.ai\/wp-content\/uploads\/2023\/05\/Marathi-india.png\",\"datePublished\":\"2023-05-14T14:12:07+00:00\",\"dateModified\":\"2025-12-12T10:32:22+00:00\",\"description\":\"Fedezze fel a marathi nyelvtan leny\u0171g\u00f6z\u0151 vil\u00e1g\u00e1t, \u00e9s fedezze fel a nyelvtanul\u00e1s sor\u00e1n annak egyedi szab\u00e1lyait, hangtan\u00e1t \u00e9s hajl\u00edt\u00e1sait.\",\"breadcrumb\":{\"@id\":\"https:\/\/talkpal.ai\/hu\/marathi-nyelvtan\/#breadcrumb\"},\"inLanguage\":\"hu\",\"potentialAction\":[{\"@type\":\"ReadAction\",\"target\":[\"https:\/\/talkpal.ai\/hu\/marathi-nyelvtan\/\"]}]},{\"@type\":\"ImageObject\",\"inLanguage\":\"hu\",\"@id\":\"https:\/\/talkpal.ai\/hu\/marathi-nyelvtan\/#primaryimage\",\"url\":\"https:\/\/talkpal.ai\/wp-content\/uploads\/2023\/05\/Marathi-india.png\",\"contentUrl\":\"https:\/\/talkpal.ai\/wp-content\/uploads\/2023\/05\/Marathi-india.png\",\"width\":512,\"height\":512},{\"@type\":\"BreadcrumbList\",\"@id\":\"https:\/\/talkpal.ai\/hu\/marathi-nyelvtan\/#breadcrumb\",\"itemListElement\":[{\"@type\":\"ListItem\",\"position\":1,\"name\":\"Homepage\",\"item\":\"https:\/\/talkpal.ai\/hu\/\"},{\"@type\":\"ListItem\",\"position\":2,\"name\":\"Marathi nyelvtan\"}]},{\"@type\":\"WebSite\",\"@id\":\"https:\/\/talkpal.ai\/hu\/#website\",\"url\":\"https:\/\/talkpal.ai\/hu\/\",\"name\":\"Talkpal\",\"description\":\"AI Language Learning\",\"publisher\":{\"@id\":\"https:\/\/talkpal.ai\/hu\/#organization\"},\"alternateName\":\"Talkpal AI\",\"potentialAction\":[{\"@type\":\"SearchAction\",\"target\":{\"@type\":\"EntryPoint\",\"urlTemplate\":\"https:\/\/talkpal.ai\/hu\/?s={search_term_string}\"},\"query-input\":{\"@type\":\"PropertyValueSpecification\",\"valueRequired\":true,\"valueName\":\"search_term_string\"}}],\"inLanguage\":\"hu\"},{\"@type\":\"Organization\",\"@id\":\"https:\/\/talkpal.ai\/hu\/#organization\",\"name\":\"Talkpal, Inc.\",\"alternateName\":\"Talkpal AI\",\"url\":\"https:\/\/talkpal.ai\/hu\/\",\"logo\":{\"@type\":\"ImageObject\",\"inLanguage\":\"hu\",\"@id\":\"https:\/\/talkpal.ai\/hu\/#\/schema\/logo\/image\/\",\"url\":\"https:\/\/talkpal.ai\/wp-content\/uploads\/2024\/03\/Talkpal-Logo-Icon.png\",\"contentUrl\":\"https:\/\/talkpal.ai\/wp-content\/uploads\/2024\/03\/Talkpal-Logo-Icon.png\",\"width\":2880,\"height\":2880,\"caption\":\"Talkpal, Inc.\"},\"image\":{\"@id\":\"https:\/\/talkpal.ai\/hu\/#\/schema\/logo\/image\/\"},\"sameAs\":[\"https:\/\/www.facebook.com\/profile.php?id=100090733639311\",\"https:\/\/x.com\/talkpalai\",\"https:\/\/www.linkedin.com\/company\/talkpal\/\",\"https:\/\/www.youtube.com\/@TalkPal\/\",\"https:\/\/www.tiktok.com\/@talkpal\",\"https:\/\/www.instagram.com\/talkpal_ai\/\",\"https:\/\/www.crunchbase.com\/organization\/talkpal-9cde\",\"https:\/\/www.g2.com\/products\/talkpal-for-business\/\",\"https:\/\/www.trustpilot.com\/review\/talkpal.ai\",\"https:\/\/www.capterra.com\/p\/10006800\/TalkPal\/\"],\"description\":\"Talkpal is a language learning web and mobile education app, powered by the latest AI technologies, that provides engaging experiences to its customers in many different languages to help them improve their language skills. Users can chat about unlimited amount of topics with the app and use other modes to practice their language learning.\",\"email\":\"support@talkpal.ai\",\"legalName\":\"Talkpal, Inc.\",\"foundingDate\":\"2023-04-03\",\"duns\":\"118989042\",\"numberOfEmployees\":{\"@type\":\"QuantitativeValue\",\"minValue\":\"11\",\"maxValue\":\"50\"},\"publishingPrinciples\":\"https:\/\/talkpal.ai\/publishing-principles\/\",\"actionableFeedbackPolicy\":\"https:\/\/talkpal.ai\/actionable-feedback-policy\/\",\"correctionsPolicy\":\"https:\/\/talkpal.ai\/corrections-policy\/\",\"ethicsPolicy\":\"https:\/\/talkpal.ai\/ethics-policy\/\",\"diversityPolicy\":\"https:\/\/talkpal.ai\/diversity-policy\/\",\"diversityStaffingReport\":\"https:\/\/talkpal.ai\/diversity-policy\/\"}]}<\/script>\n<!-- \/ Yoast SEO Premium plugin. -->","yoast_head_json":{"title":"Marathi nyelvtan - Talkpal","description":"Fedezze fel a marathi nyelvtan leny\u0171g\u00f6z\u0151 vil\u00e1g\u00e1t, \u00e9s fedezze fel a nyelvtanul\u00e1s sor\u00e1n annak egyedi szab\u00e1lyait, hangtan\u00e1t \u00e9s hajl\u00edt\u00e1sait.","robots":{"index":"index","follow":"follow","max-snippet":"max-snippet:-1","max-image-preview":"max-image-preview:large","max-video-preview":"max-video-preview:-1"},"canonical":"https:\/\/talkpal.ai\/hu\/marathi-nyelvtan\/","og_locale":"hu_HU","og_type":"article","og_title":"Marathi nyelvtan","og_description":"A marathi nyelvtan var\u00e1zsa: rejt\u00e9lyeinek \u00e9s bonyolults\u00e1g\u00e1nak felt\u00e1r\u00e1sa Eml\u00e9kszel az angol nyelvtan tanul\u00e1s\u00e1nak zavarba ejt\u0151 \u00fatj\u00e1ra, amely \u00f6sszetett","og_url":"https:\/\/talkpal.ai\/hu\/marathi-nyelvtan\/","og_site_name":"Talkpal","article_publisher":"https:\/\/www.facebook.com\/profile.php?id=100090733639311","article_modified_time":"2025-12-12T10:32:22+00:00","og_image":[{"width":512,"height":512,"url":"https:\/\/talkpal.ai\/wp-content\/uploads\/2023\/05\/Marathi-india.png","type":"image\/png"}],"twitter_card":"summary_large_image","twitter_site":"@talkpalai","twitter_misc":{"Becs\u00fclt olvas\u00e1si id\u0151":"3 perc"},"schema":{"@context":"https:\/\/schema.org","@graph":[{"@type":"WebPage","@id":"https:\/\/talkpal.ai\/hu\/marathi-nyelvtan\/","url":"https:\/\/talkpal.ai\/hu\/marathi-nyelvtan\/","name":"Marathi nyelvtan - Talkpal","isPartOf":{"@id":"https:\/\/talkpal.ai\/hu\/#website"},"primaryImageOfPage":{"@id":"https:\/\/talkpal.ai\/hu\/marathi-nyelvtan\/#primaryimage"},"image":{"@id":"https:\/\/talkpal.ai\/hu\/marathi-nyelvtan\/#primaryimage"},"thumbnailUrl":"https:\/\/talkpal.ai\/wp-content\/uploads\/2023\/05\/Marathi-india.png","datePublished":"2023-05-14T14:12:07+00:00","dateModified":"2025-12-12T10:32:22+00:00","description":"Fedezze fel a marathi nyelvtan leny\u0171g\u00f6z\u0151 vil\u00e1g\u00e1t, \u00e9s fedezze fel a nyelvtanul\u00e1s sor\u00e1n annak egyedi szab\u00e1lyait, hangtan\u00e1t \u00e9s hajl\u00edt\u00e1sait.","breadcrumb":{"@id":"https:\/\/talkpal.ai\/hu\/marathi-nyelvtan\/#breadcrumb"},"inLanguage":"hu","potentialAction":[{"@type":"ReadAction","target":["https:\/\/talkpal.ai\/hu\/marathi-nyelvtan\/"]}]},{"@type":"ImageObject","inLanguage":"hu","@id":"https:\/\/talkpal.ai\/hu\/marathi-nyelvtan\/#primaryimage","url":"https:\/\/talkpal.ai\/wp-content\/uploads\/2023\/05\/Marathi-india.png","contentUrl":"https:\/\/talkpal.ai\/wp-content\/uploads\/2023\/05\/Marathi-india.png","width":512,"height":512},{"@type":"BreadcrumbList","@id":"https:\/\/talkpal.ai\/hu\/marathi-nyelvtan\/#breadcrumb","itemListElement":[{"@type":"ListItem","position":1,"name":"Homepage","item":"https:\/\/talkpal.ai\/hu\/"},{"@type":"ListItem","position":2,"name":"Marathi nyelvtan"}]},{"@type":"WebSite","@id":"https:\/\/talkpal.ai\/hu\/#website","url":"https:\/\/talkpal.ai\/hu\/","name":"Talkpal","description":"AI Language Learning","publisher":{"@id":"https:\/\/talkpal.ai\/hu\/#organization"},"alternateName":"Talkpal AI","potentialAction":[{"@type":"SearchAction","target":{"@type":"EntryPoint","urlTemplate":"https:\/\/talkpal.ai\/hu\/?s={search_term_string}"},"query-input":{"@type":"PropertyValueSpecification","valueRequired":true,"valueName":"search_term_string"}}],"inLanguage":"hu"},{"@type":"Organization","@id":"https:\/\/talkpal.ai\/hu\/#organization","name":"Talkpal, Inc.","alternateName":"Talkpal AI","url":"https:\/\/talkpal.ai\/hu\/","logo":{"@type":"ImageObject","inLanguage":"hu","@id":"https:\/\/talkpal.ai\/hu\/#\/schema\/logo\/image\/","url":"https:\/\/talkpal.ai\/wp-content\/uploads\/2024\/03\/Talkpal-Logo-Icon.png","contentUrl":"https:\/\/talkpal.ai\/wp-content\/uploads\/2024\/03\/Talkpal-Logo-Icon.png","width":2880,"height":2880,"caption":"Talkpal, Inc."},"image":{"@id":"https:\/\/talkpal.ai\/hu\/#\/schema\/logo\/image\/"},"sameAs":["https:\/\/www.facebook.com\/profile.php?id=100090733639311","https:\/\/x.com\/talkpalai","https:\/\/www.linkedin.com\/company\/talkpal\/","https:\/\/www.youtube.com\/@TalkPal\/","https:\/\/www.tiktok.com\/@talkpal","https:\/\/www.instagram.com\/talkpal_ai\/","https:\/\/www.crunchbase.com\/organization\/talkpal-9cde","https:\/\/www.g2.com\/products\/talkpal-for-business\/","https:\/\/www.trustpilot.com\/review\/talkpal.ai","https:\/\/www.capterra.com\/p\/10006800\/TalkPal\/"],"description":"Talkpal is a language learning web and mobile education app, powered by the latest AI technologies, that provides engaging experiences to its customers in many different languages to help them improve their language skills. Users can chat about unlimited amount of topics with the app and use other modes to practice their language learning.","email":"support@talkpal.ai","legalName":"Talkpal, Inc.","foundingDate":"2023-04-03","duns":"118989042","numberOfEmployees":{"@type":"QuantitativeValue","minValue":"11","maxValue":"50"},"publishingPrinciples":"https:\/\/talkpal.ai\/publishing-principles\/","actionableFeedbackPolicy":"https:\/\/talkpal.ai\/actionable-feedback-policy\/","correctionsPolicy":"https:\/\/talkpal.ai\/corrections-policy\/","ethicsPolicy":"https:\/\/talkpal.ai\/ethics-policy\/","diversityPolicy":"https:\/\/talkpal.ai\/diversity-policy\/","diversityStaffingReport":"https:\/\/talkpal.ai\/diversity-policy\/"}]}},"_links":{"self":[{"href":"https:\/\/talkpal.ai\/hu\/wp-json\/wp\/v2\/pages\/147473","targetHints":{"allow":["GET"]}}],"collection":[{"href":"https:\/\/talkpal.ai\/hu\/wp-json\/wp\/v2\/pages"}],"about":[{"href":"https:\/\/talkpal.ai\/hu\/wp-json\/wp\/v2\/types\/page"}],"author":[{"embeddable":true,"href":"https:\/\/talkpal.ai\/hu\/wp-json\/wp\/v2\/users\/1"}],"replies":[{"embeddable":true,"href":"https:\/\/talkpal.ai\/hu\/wp-json\/wp\/v2\/comments?post=147473"}],"version-history":[{"count":0,"href":"https:\/\/talkpal.ai\/hu\/wp-json\/wp\/v2\/pages\/147473\/revisions"}],"wp:featuredmedia":[{"embeddable":true,"href":"https:\/\/talkpal.ai\/hu\/wp-json\/wp\/v2\/media\/116394"}],"wp:attachment":[{"href":"https:\/\/talkpal.ai\/hu\/wp-json\/wp\/v2\/media?parent=147473"}],"curies":[{"name":"wp","href":"https:\/\/api.w.org\/{rel}","templated":true}]}}