{"id":147146,"date":"2023-05-14T14:11:47","date_gmt":"2023-05-14T14:11:47","guid":{"rendered":"http:\/\/talkpal.ai\/malaj-nyelvtan\/"},"modified":"2025-12-17T16:41:12","modified_gmt":"2025-12-17T16:41:12","slug":"malaj-nyelvtan","status":"publish","type":"page","link":"https:\/\/talkpal.ai\/hu\/malaj-nyelvtan\/","title":{"rendered":"Mal\u00e1j nyelvtan"},"content":{"rendered":"\r\n\r\n\r\n<section class=\"languageChallengeSection\">\r\n    <div class=\"languageInfoWrapper\">\r\n        \r\n        <h1>Mal\u00e1j nyelvtan<\/h1>\r\n        <p>K\u00edv\u00e1ncsi vagy a <a href=\"https:\/\/talkpal.ai\/learn-malay\/\">mal\u00e1j<\/a> nyelvtanul\u00e1sra? Mer\u00fclj\u00f6n el a mal\u00e1j nyelvtanban, amely egyszer\u0171 szab\u00e1lyair\u00f3l, az igek\u00f6t\u0151k hi\u00e1ny\u00e1r\u00f3l \u00e9s a jelent\u00e9sk\u00e9pz\u0151 toldal\u00e9kok haszn\u00e1lat\u00e1r\u00f3l ismert. Kezdje el m\u00e9g ma &#8211; a <a href=\"https:\/\/talkpal.ai\/malay-grammar\/\">mal\u00e1j nyelvtan<\/a> elsaj\u00e1t\u00edt\u00e1sa magabiztoss\u00e1 teszi \u00d6nt, hogy k\u00f6nnyed\u00e9n kommunik\u00e1ljon, \u00e9s megnyitja az ajt\u00f3kat D\u00e9lkelet-\u00c1zsia soksz\u00edn\u0171 \u00e9s dinamikus kult\u00far\u00e1ja el\u0151tt!<\/p>\r\n\r\n                            <a class=\"getStartedHidden\" href=\"https:\/\/app.talkpal.ai\/hu\/signup?lng=\">Kezdj\u00fck<\/a>\r\n        \r\n    <\/div>\r\n\r\n    <figure>\r\n    <img decoding=\"async\" width=\"768\" height=\"768\" src=\"https:\/\/talkpal.ai\/wp-content\/uploads\/2023\/06\/malay-768x768.png\" class=\"languageImage no-lazy\" alt=\"Language learning for personal accomplishments\" fetchpriority=\"high\" sizes=\"(max-width: 768px) 150px, 768px\" srcset=\"https:\/\/talkpal.ai\/wp-content\/uploads\/2023\/06\/malay-768x768.png 768w, https:\/\/talkpal.ai\/wp-content\/uploads\/2023\/06\/malay-300x300.png 300w\" \/>\r\n    \r\n\r\n    <\/figure>\r\n\r\n            <a class=\"getStartedVisible\" href=\"https:\/\/app.talkpal.ai\/hu\/signup?lng=\">Kezdj\u00fck<\/a>\r\n    \r\n<\/section>\r\n<section class=\"promotionalBanner\">\r\n    <p class=\"promotionalText\">A nyelvtanul\u00e1s leghat\u00e9konyabb m\u00f3dja<\/p>\r\n    <a class=\"promotionalLink\" href=\"https:\/\/app.talkpal.ai\/hu\/signup?lng=\">Pr\u00f3b\u00e1lja ki a Talkpal ingyen<\/a>\r\n<\/section>\n<div class=\"wp-block-group pageContainerStyle\"><div class=\"wp-block-group__inner-container is-layout-constrained wp-block-group-is-layout-constrained\">\n<h2 class=\"wp-block-heading\" id=\"h-malay-grammar-exploring-the-richness-of-bahasa-melayu\">Mal\u00e1j nyelvtan: Bahasa Melayu gazdags\u00e1g\u00e1nak felt\u00e1r\u00e1sa<\/h2>\n\n\n\n<p>A mal\u00e1j nyelv, vagy <a href=\"https:\/\/talkpal.ai\/ms\/belajar-bahasa-melayu\/\">Bahasa Melayu<\/a> a vil\u00e1g legt\u00f6bbet besz\u00e9lt nyelvei k\u00f6z\u00e9 tartozik, \u00e9s egyes\u00edti Malajzia, Indon\u00e9zia, Brunei \u00e9s Szingap\u00far k\u00fcl\u00f6nb\u00f6z\u0151 n\u00e9peit. Ahogy belemer\u00fclsz a mal\u00e1j nyelvtanul\u00e1sba, gyorsan felfedezheted a <a href=\"https:\/\/talkpal.ai\/grammar\/\">nyelvtan<\/a> sz\u00e9ps\u00e9g\u00e9t \u00e9s a nyelvi t\u00e1j vir\u00e1gz\u00e1s\u00e1t. Ennek a cikknek az a c\u00e9lja, hogy bemutassa \u00d6nt a <a href=\"https:\/\/talkpal.ai\/malay-grammar\/\">mal\u00e1j nyelvtan<\/a> alapelveinek, \u00fatmutat\u00e1st ny\u00fajtva \u00d6nnek ennek a sokoldal\u00fa nyelvnek a jobb meg\u00e9rt\u00e9s\u00e9hez \u00e9s \u00e9rt\u00e9kel\u00e9s\u00e9hez.<\/p>\n\n\n\n<h3 class=\"wp-block-heading\" id=\"h-1-nouns-simplicity-rules\">1. F\u0151nevek \u2013 egyszer\u0171s\u00e9gi szab\u00e1lyok<\/h3>\n\n\n\n<p>M\u00e1s nyelvekkel ellent\u00e9tben a mal\u00e1j nyelvtan nem rendelkezik deklin\u00e1ci\u00f3val vagy nemi besorol\u00e1ssal a f\u0151nevek eset\u00e9ben. Ehelyett a f\u0151n\u00e9vhaszn\u00e1lat nagy hangs\u00falyt fektet az egyszer\u0171s\u00e9gre. A f\u0151nevek t\u00f6bbes sz\u00e1m\u00fa form\u00e1i puszt\u00e1n duplik\u00e1lva j\u00f6nnek l\u00e9tre. K\u00f6nnyen hangzik, igaz? P\u00e9ld\u00e1ul az &#8222;alma&#8221; &#8222;buah epal&#8221;, \u00edgy az &#8222;alma&#8221; sz\u00f3b\u00f3l &#8222;buah-buah epal&#8221; lesz. Az inform\u00e1lis besz\u00e9dben elhagyhatja a duplik\u00e1ci\u00f3t.<\/p>\n\n\n\n<h3 class=\"wp-block-heading\" id=\"h-2-adjectives-straightforward-descriptions\">2. Mell\u00e9knevek \u2013 egyszer\u0171 le\u00edr\u00e1sok<\/h3>\n\n\n\n<p>A mal\u00e1j mell\u00e9knevek v\u00e1ltozatlanok maradnak, f\u00fcggetlen\u00fcl att\u00f3l, hogy milyen f\u0151nevet \u00edrnak le, \u00edgy haszn\u00e1latuk hihetetlen\u00fcl egyszer\u0171 &#8211; ez is a nyelv egyszer\u0171s\u00e9g\u00e9nek bizony\u00edt\u00e9ka. A mell\u00e9kn\u00e9v elhelyez\u00e9se a f\u0151n\u00e9v ut\u00e1n j\u00f6n, kellemes \u00e1raml\u00e1st teremtve a mondatokban. P\u00e9ld\u00e1ul a &#8222;nagy h\u00e1z&#8221; a &#8222;rumah besar&#8221;, ahol a &#8222;rumah&#8221; a &#8222;h\u00e1zra&#8221; utal, a &#8222;besar&#8221; pedig &#8222;nagyot&#8221; jelent.<\/p>\n\n\n\n<h3 class=\"wp-block-heading\" id=\"h-3-verbs-the-magic-of-prefixes-and-suffixes\">3. Ig\u00e9k \u2013 az el\u0151tagok \u00e9s ut\u00f3tagok var\u00e1zsa<\/h3>\n\n\n\n<p>A mal\u00e1j ig\u00e9k olyan sokoldal\u00fas\u00e1ggal b\u00fcszk\u00e9lkedhetnek, amely egyszerre izgalmas \u00e9s egyszer\u0171. A Bahasa Melayu nyelvben az id\u0151ket nem kifejezetten az igealakok k\u00f6zvet\u00edtik, hanem a kontextus vagy az id\u0151jelz\u0151k jelzik \u0151ket. Ezenk\u00edv\u00fcl a mal\u00e1j sz\u00e9les k\u00f6rben haszn\u00e1lja az el\u0151tagokat \u00e9s ut\u00f3tagokat a k\u00fcl\u00f6nb\u00f6z\u0151 igei szempontok kifejez\u00e9s\u00e9re.<\/p>\n\n\n\n<p>H\u00e1rom els\u0151dleges el\u0151tag l\u00e9tezik: &#8222;meN-&#8222;, &#8222;ber-&#8221; \u00e9s &#8222;ter-&#8222;. A &#8222;meN-&#8221; el\u0151tagot sokf\u00e9lek\u00e9ppen haszn\u00e1lj\u00e1k, t\u00f6bbek k\u00f6z\u00f6tt akt\u00edv ig\u00e9ket alkotnak \u00e9s ok-okozati cselekv\u00e9seket jel\u00f6lnek. Ek\u00f6zben a &#8222;ber-&#8221; intranzit\u00edv cselekv\u00e9seket jel\u00f6l, a &#8222;ter-&#8221; pedig v\u00e9letlenszer\u0171 esem\u00e9nyeket vagy passz\u00edv cselekv\u00e9seket. Fontos megjegyezni, hogy az egyes el\u0151tagok az alapig\u00e9k helyes\u00edr\u00e1s\u00e1nak enyhe v\u00e1ltoz\u00e1s\u00e1t id\u00e9zhetik el\u0151.<\/p>\n\n\n\n<p>Az olyan ut\u00f3tagok, mint a &#8222;-kan&#8221; \u00e9s &#8222;-i&#8221;, tov\u00e1bbi specifikuss\u00e1got biztos\u00edtanak, m\u00edg a &#8222;-el-&#8221; infixum intenzit\u00e1st k\u00f6lcs\u00f6n\u00f6z az alapig\u00e9nek.<\/p>\n\n\n\n<h3 class=\"wp-block-heading\" id=\"h-4-prepositions-amp-particles-adding-flavor-to-sentences\">4. El\u00f6lj\u00e1r\u00f3szavak \u00e9s r\u00e9szecsk\u00e9k &#8211; \u00edz hozz\u00e1ad\u00e1sa a mondatokhoz<\/h3>\n\n\n\n<p>Az el\u00f6lj\u00e1r\u00f3szavak \u00e9s a r\u00e9szecsk\u00e9k l\u00e9tfontoss\u00e1g\u00fa szerepet j\u00e1tszanak a mal\u00e1j nyelvtanban, nyelvi ragaszt\u00f3k\u00e9nt m\u0171k\u00f6dnek \u00e9s alapvet\u0151 kontextust biztos\u00edtanak. A prepoz\u00edci\u00f3k, mint p\u00e9ld\u00e1ul a &#8222;di&#8221; (at), &#8222;ke&#8221; (to) \u00e9s &#8222;dari&#8221; (from), seg\u00edtenek a szavak k\u00f6z\u00f6tti kapcsolatok l\u00e9trehoz\u00e1s\u00e1ban. M\u00e1sr\u00e9szt a r\u00e9szecsk\u00e9ket, mint p\u00e9ld\u00e1ul a &#8222;lah&#8221;, &#8222;kah&#8221; \u00e9s &#8222;pun&#8221;, arra haszn\u00e1lj\u00e1k, hogy hangs\u00falyt, \u00e9rzelmeket \u00e9s k\u00e9rd\u0151jeleket adjanak a mondatokhoz.<\/p>\n\n\n\n<p>P\u00e9ld\u00e1ul a &#8222;Kamu pergi sana&#8221; mondat, ami azt jelenti, hogy &#8222;oda m\u00e9sz&#8221;, hangs\u00falyosabb\u00e1 v\u00e1lik, ha a v\u00e9g\u00e9re &#8222;lah&#8221;-t teszel: &#8222;Kamu pergi sana lah.&#8221; Most azt jelenti: &#8222;Menj oda (most azonnal)&#8221;.<\/p>\n\n\n\n<h3 class=\"wp-block-heading\" id=\"h-5-embracing-the-journey\">5. Az utaz\u00e1s elfogad\u00e1sa<\/h3>\n\n\n\n<p>M\u00edg a mal\u00e1j nyelvtan m\u00e1s nyelvekhez k\u00e9pest egyszer\u0171nek t\u0171nhet, sz\u00e9ps\u00e9ge az egyszer\u0171 szab\u00e1lyokkal el\u00e9rt kifejez\u00e9sek gazdags\u00e1g\u00e1ban \u00e9s v\u00e1ltozatoss\u00e1g\u00e1ban rejlik. A mal\u00e1j nyelvtan k\u00f6nny\u0171 megtanul\u00e1sa lehet\u0151v\u00e9 teszi, hogy hat\u00e9konyabban vegyen r\u00e9szt a soksz\u00edn\u0171 mal\u00e1j nyelv\u0171 vil\u00e1gban, \u00e9s elmer\u00fclj\u00f6n egyed\u00fcl\u00e1ll\u00f3 kult\u00far\u00e1j\u00e1ban.<\/p>\n\n\n\n<p>Miel\u0151tt fejest ugrana Bahasa Melayu vil\u00e1g\u00e1ba, ne feledje, hogy az utaz\u00e1s nem mindig lesz z\u00f6kken\u0151mentes. Legyen nyitott, vegyen r\u00e9szt anyanyelvi besz\u00e9l\u0151kkel, \u00e9s ami a legfontosabb, \u00e9lvezze a gy\u00f6ny\u00f6r\u0171 nyelv \u00e1rnyalatainak felfedez\u00e9s\u00e9nek \u00e9lm\u00e9ny\u00e9t. Selamat belajar-boldog tanul\u00e1st!<\/p>\n<\/div><\/div>\n\r\n<section class=\"learnNavigationSection\">\r\n            \r\n        <a href=\"https:\/\/talkpal.ai\/hu\/tanulj-malajul\/\">\r\n            <div class=\"learnNavigationWrapper\">\r\n                <div class=\"learnNavigationContent\">\r\n                    <img decoding=\"async\" src=\"https:\/\/talkpal.ai\/wp-content\/uploads\/2024\/08\/Malay.jpg\" alt=\"Malaysian Flag\">\r\n                    <div>\r\n                        <h4>A mal\u00e1j tanul\u00e1sr\u00f3l<\/h4>\r\n                        <p>Tudjon meg mindent a mal\u00e1j nyelvtanr\u00f3l.<\/p>\r\n                    <\/div>\r\n                <\/div>\r\n            <\/div>\r\n        <\/a>\r\n\r\n        \r\n        <a href=\"https:\/\/talkpal.ai\/hu\/malaj-nyelvtani-gyakorlatok\/\">\r\n            <div class=\"learnNavigationWrapper\">\r\n                <div class=\"learnNavigationContent\">\r\n                    <img decoding=\"async\" src=\"https:\/\/talkpal.ai\/wp-content\/uploads\/2024\/08\/Malay.jpg\" alt=\"Malaysian Flag\">\r\n                    <div>\r\n                        <h4>Mal\u00e1j nyelvtani gyakorlat<\/h4>\r\n                        <p>Mal\u00e1j nyelvtan gyakorl\u00e1sa<\/p>\r\n                    <\/div>\r\n                <\/div>\r\n            <\/div>\r\n        <\/a>\r\n\r\n        \r\n        <a href=\"https:\/\/talkpal.ai\/vocabulary_language\/malay\/\">\r\n            <div class=\"learnNavigationWrapper\">\r\n                <div class=\"learnNavigationContent\">\r\n                    <img decoding=\"async\" src=\"https:\/\/talkpal.ai\/wp-content\/uploads\/2024\/08\/Malay.jpg\" alt=\"Malaysian Flag\">\r\n                    <div>\r\n                        <h4>Mal\u00e1j sz\u00f3kincs<\/h4>\r\n                        <p>B\u0151v\u00edtse mal\u00e1j sz\u00f3kincs\u00e9t.<\/p>\r\n                    <\/div>\r\n                <\/div>\r\n            <\/div>\r\n        <\/a>\r\n\r\n            <\/section>","protected":false},"excerpt":{"rendered":"<p>Mal\u00e1j nyelvtan: Bahasa Melayu gazdags\u00e1g\u00e1nak felt\u00e1r\u00e1sa A mal\u00e1j nyelv, vagy Bahasa Melayu a vil\u00e1g legt\u00f6bbet besz\u00e9lt nyelvei k\u00f6z\u00e9 tartozik, \u00e9s egyes\u00edti Malajzia, Indon\u00e9zia, Brunei \u00e9s Szingap\u00far k\u00fcl\u00f6nb\u00f6z\u0151 n\u00e9peit. Ahogy belemer\u00fclsz a mal\u00e1j nyelvtanul\u00e1sba, gyorsan felfedezheted a nyelvtan sz\u00e9ps\u00e9g\u00e9t \u00e9s a nyelvi t\u00e1j vir\u00e1gz\u00e1s\u00e1t. Ennek a cikknek az a c\u00e9lja, hogy bemutassa \u00d6nt a mal\u00e1j nyelvtan [&hellip;]<\/p>\n","protected":false},"author":1,"featured_media":115599,"parent":0,"menu_order":0,"comment_status":"closed","ping_status":"closed","template":"LearningContentPage.php","meta":{"_acf_changed":false,"footnotes":""},"class_list":["post-147146","page","type-page","status-publish","has-post-thumbnail","hentry"],"acf":[],"yoast_head":"<!-- This site is optimized with the Yoast SEO Premium plugin v27.2 (Yoast SEO v27.2) - https:\/\/yoast.com\/product\/yoast-seo-premium-wordpress\/ -->\n<title>Mal\u00e1j nyelvtan - Talkpal<\/title>\n<meta name=\"description\" content=\"Fedezze fel a mal\u00e1j nyelvtant, \u00e9s tanulja meg, hogy egyszer\u0171s\u00e9g\u00e9vel hogyan jav\u00edthatja a mal\u00e1j nyelv meg\u00e9rt\u00e9s\u00e9t.\" \/>\n<meta name=\"robots\" content=\"index, follow, max-snippet:-1, max-image-preview:large, max-video-preview:-1\" \/>\n<link rel=\"canonical\" href=\"https:\/\/talkpal.ai\/hu\/malaj-nyelvtan\/\" \/>\n<meta property=\"og:locale\" content=\"hu_HU\" \/>\n<meta property=\"og:type\" content=\"article\" \/>\n<meta property=\"og:title\" content=\"Mal\u00e1j nyelvtan\" \/>\n<meta property=\"og:description\" content=\"Mal\u00e1j nyelvtan: Bahasa Melayu gazdags\u00e1g\u00e1nak felt\u00e1r\u00e1sa A mal\u00e1j nyelv, vagy Bahasa Melayu a vil\u00e1g legt\u00f6bbet besz\u00e9lt nyelvei k\u00f6z\u00e9 tartozik, \u00e9s egyes\u00edti\" \/>\n<meta property=\"og:url\" content=\"https:\/\/talkpal.ai\/hu\/malaj-nyelvtan\/\" \/>\n<meta property=\"og:site_name\" content=\"Talkpal\" \/>\n<meta property=\"article:publisher\" content=\"https:\/\/www.facebook.com\/profile.php?id=100090733639311\" \/>\n<meta property=\"article:modified_time\" content=\"2025-12-17T16:41:12+00:00\" \/>\n<meta property=\"og:image\" content=\"https:\/\/talkpal.ai\/wp-content\/uploads\/2023\/05\/malaysia.png\" \/>\n\t<meta property=\"og:image:width\" content=\"512\" \/>\n\t<meta property=\"og:image:height\" content=\"512\" \/>\n\t<meta property=\"og:image:type\" content=\"image\/png\" \/>\n<meta name=\"twitter:card\" content=\"summary_large_image\" \/>\n<meta name=\"twitter:site\" content=\"@talkpalai\" \/>\n<meta name=\"twitter:label1\" content=\"Becs\u00fclt olvas\u00e1si id\u0151\" \/>\n\t<meta name=\"twitter:data1\" content=\"4 perc\" \/>\n<script type=\"application\/ld+json\" class=\"yoast-schema-graph\">{\"@context\":\"https:\/\/schema.org\",\"@graph\":[{\"@type\":\"WebPage\",\"@id\":\"https:\/\/talkpal.ai\/hu\/malaj-nyelvtan\/\",\"url\":\"https:\/\/talkpal.ai\/hu\/malaj-nyelvtan\/\",\"name\":\"Mal\u00e1j nyelvtan - Talkpal\",\"isPartOf\":{\"@id\":\"https:\/\/talkpal.ai\/hu\/#website\"},\"primaryImageOfPage\":{\"@id\":\"https:\/\/talkpal.ai\/hu\/malaj-nyelvtan\/#primaryimage\"},\"image\":{\"@id\":\"https:\/\/talkpal.ai\/hu\/malaj-nyelvtan\/#primaryimage\"},\"thumbnailUrl\":\"https:\/\/talkpal.ai\/wp-content\/uploads\/2023\/05\/malaysia.png\",\"datePublished\":\"2023-05-14T14:11:47+00:00\",\"dateModified\":\"2025-12-17T16:41:12+00:00\",\"description\":\"Fedezze fel a mal\u00e1j nyelvtant, \u00e9s tanulja meg, hogy egyszer\u0171s\u00e9g\u00e9vel hogyan jav\u00edthatja a mal\u00e1j nyelv meg\u00e9rt\u00e9s\u00e9t.\",\"breadcrumb\":{\"@id\":\"https:\/\/talkpal.ai\/hu\/malaj-nyelvtan\/#breadcrumb\"},\"inLanguage\":\"hu\",\"potentialAction\":[{\"@type\":\"ReadAction\",\"target\":[\"https:\/\/talkpal.ai\/hu\/malaj-nyelvtan\/\"]}]},{\"@type\":\"ImageObject\",\"inLanguage\":\"hu\",\"@id\":\"https:\/\/talkpal.ai\/hu\/malaj-nyelvtan\/#primaryimage\",\"url\":\"https:\/\/talkpal.ai\/wp-content\/uploads\/2023\/05\/malaysia.png\",\"contentUrl\":\"https:\/\/talkpal.ai\/wp-content\/uploads\/2023\/05\/malaysia.png\",\"width\":512,\"height\":512},{\"@type\":\"BreadcrumbList\",\"@id\":\"https:\/\/talkpal.ai\/hu\/malaj-nyelvtan\/#breadcrumb\",\"itemListElement\":[{\"@type\":\"ListItem\",\"position\":1,\"name\":\"Homepage\",\"item\":\"https:\/\/talkpal.ai\/hu\/\"},{\"@type\":\"ListItem\",\"position\":2,\"name\":\"Mal\u00e1j nyelvtan\"}]},{\"@type\":\"WebSite\",\"@id\":\"https:\/\/talkpal.ai\/hu\/#website\",\"url\":\"https:\/\/talkpal.ai\/hu\/\",\"name\":\"Talkpal\",\"description\":\"AI Language Learning\",\"publisher\":{\"@id\":\"https:\/\/talkpal.ai\/hu\/#organization\"},\"alternateName\":\"Talkpal AI\",\"potentialAction\":[{\"@type\":\"SearchAction\",\"target\":{\"@type\":\"EntryPoint\",\"urlTemplate\":\"https:\/\/talkpal.ai\/hu\/?s={search_term_string}\"},\"query-input\":{\"@type\":\"PropertyValueSpecification\",\"valueRequired\":true,\"valueName\":\"search_term_string\"}}],\"inLanguage\":\"hu\"},{\"@type\":\"Organization\",\"@id\":\"https:\/\/talkpal.ai\/hu\/#organization\",\"name\":\"Talkpal, Inc.\",\"alternateName\":\"Talkpal AI\",\"url\":\"https:\/\/talkpal.ai\/hu\/\",\"logo\":{\"@type\":\"ImageObject\",\"inLanguage\":\"hu\",\"@id\":\"https:\/\/talkpal.ai\/hu\/#\/schema\/logo\/image\/\",\"url\":\"https:\/\/talkpal.ai\/wp-content\/uploads\/2024\/03\/Talkpal-Logo-Icon.png\",\"contentUrl\":\"https:\/\/talkpal.ai\/wp-content\/uploads\/2024\/03\/Talkpal-Logo-Icon.png\",\"width\":2880,\"height\":2880,\"caption\":\"Talkpal, Inc.\"},\"image\":{\"@id\":\"https:\/\/talkpal.ai\/hu\/#\/schema\/logo\/image\/\"},\"sameAs\":[\"https:\/\/www.facebook.com\/profile.php?id=100090733639311\",\"https:\/\/x.com\/talkpalai\",\"https:\/\/www.linkedin.com\/company\/talkpal\/\",\"https:\/\/www.youtube.com\/@TalkPal\/\",\"https:\/\/www.tiktok.com\/@talkpal\",\"https:\/\/www.instagram.com\/talkpal_ai\/\",\"https:\/\/www.crunchbase.com\/organization\/talkpal-9cde\",\"https:\/\/www.g2.com\/products\/talkpal-for-business\/\",\"https:\/\/www.trustpilot.com\/review\/talkpal.ai\",\"https:\/\/www.capterra.com\/p\/10006800\/TalkPal\/\"],\"description\":\"Talkpal is a language learning web and mobile education app, powered by the latest AI technologies, that provides engaging experiences to its customers in many different languages to help them improve their language skills. Users can chat about unlimited amount of topics with the app and use other modes to practice their language learning.\",\"email\":\"support@talkpal.ai\",\"legalName\":\"Talkpal, Inc.\",\"foundingDate\":\"2023-04-03\",\"duns\":\"118989042\",\"numberOfEmployees\":{\"@type\":\"QuantitativeValue\",\"minValue\":\"11\",\"maxValue\":\"50\"},\"publishingPrinciples\":\"https:\/\/talkpal.ai\/publishing-principles\/\",\"actionableFeedbackPolicy\":\"https:\/\/talkpal.ai\/actionable-feedback-policy\/\",\"correctionsPolicy\":\"https:\/\/talkpal.ai\/corrections-policy\/\",\"ethicsPolicy\":\"https:\/\/talkpal.ai\/ethics-policy\/\",\"diversityPolicy\":\"https:\/\/talkpal.ai\/diversity-policy\/\",\"diversityStaffingReport\":\"https:\/\/talkpal.ai\/diversity-policy\/\"}]}<\/script>\n<!-- \/ Yoast SEO Premium plugin. -->","yoast_head_json":{"title":"Mal\u00e1j nyelvtan - Talkpal","description":"Fedezze fel a mal\u00e1j nyelvtant, \u00e9s tanulja meg, hogy egyszer\u0171s\u00e9g\u00e9vel hogyan jav\u00edthatja a mal\u00e1j nyelv meg\u00e9rt\u00e9s\u00e9t.","robots":{"index":"index","follow":"follow","max-snippet":"max-snippet:-1","max-image-preview":"max-image-preview:large","max-video-preview":"max-video-preview:-1"},"canonical":"https:\/\/talkpal.ai\/hu\/malaj-nyelvtan\/","og_locale":"hu_HU","og_type":"article","og_title":"Mal\u00e1j nyelvtan","og_description":"Mal\u00e1j nyelvtan: Bahasa Melayu gazdags\u00e1g\u00e1nak felt\u00e1r\u00e1sa A mal\u00e1j nyelv, vagy Bahasa Melayu a vil\u00e1g legt\u00f6bbet besz\u00e9lt nyelvei k\u00f6z\u00e9 tartozik, \u00e9s egyes\u00edti","og_url":"https:\/\/talkpal.ai\/hu\/malaj-nyelvtan\/","og_site_name":"Talkpal","article_publisher":"https:\/\/www.facebook.com\/profile.php?id=100090733639311","article_modified_time":"2025-12-17T16:41:12+00:00","og_image":[{"width":512,"height":512,"url":"https:\/\/talkpal.ai\/wp-content\/uploads\/2023\/05\/malaysia.png","type":"image\/png"}],"twitter_card":"summary_large_image","twitter_site":"@talkpalai","twitter_misc":{"Becs\u00fclt olvas\u00e1si id\u0151":"4 perc"},"schema":{"@context":"https:\/\/schema.org","@graph":[{"@type":"WebPage","@id":"https:\/\/talkpal.ai\/hu\/malaj-nyelvtan\/","url":"https:\/\/talkpal.ai\/hu\/malaj-nyelvtan\/","name":"Mal\u00e1j nyelvtan - Talkpal","isPartOf":{"@id":"https:\/\/talkpal.ai\/hu\/#website"},"primaryImageOfPage":{"@id":"https:\/\/talkpal.ai\/hu\/malaj-nyelvtan\/#primaryimage"},"image":{"@id":"https:\/\/talkpal.ai\/hu\/malaj-nyelvtan\/#primaryimage"},"thumbnailUrl":"https:\/\/talkpal.ai\/wp-content\/uploads\/2023\/05\/malaysia.png","datePublished":"2023-05-14T14:11:47+00:00","dateModified":"2025-12-17T16:41:12+00:00","description":"Fedezze fel a mal\u00e1j nyelvtant, \u00e9s tanulja meg, hogy egyszer\u0171s\u00e9g\u00e9vel hogyan jav\u00edthatja a mal\u00e1j nyelv meg\u00e9rt\u00e9s\u00e9t.","breadcrumb":{"@id":"https:\/\/talkpal.ai\/hu\/malaj-nyelvtan\/#breadcrumb"},"inLanguage":"hu","potentialAction":[{"@type":"ReadAction","target":["https:\/\/talkpal.ai\/hu\/malaj-nyelvtan\/"]}]},{"@type":"ImageObject","inLanguage":"hu","@id":"https:\/\/talkpal.ai\/hu\/malaj-nyelvtan\/#primaryimage","url":"https:\/\/talkpal.ai\/wp-content\/uploads\/2023\/05\/malaysia.png","contentUrl":"https:\/\/talkpal.ai\/wp-content\/uploads\/2023\/05\/malaysia.png","width":512,"height":512},{"@type":"BreadcrumbList","@id":"https:\/\/talkpal.ai\/hu\/malaj-nyelvtan\/#breadcrumb","itemListElement":[{"@type":"ListItem","position":1,"name":"Homepage","item":"https:\/\/talkpal.ai\/hu\/"},{"@type":"ListItem","position":2,"name":"Mal\u00e1j nyelvtan"}]},{"@type":"WebSite","@id":"https:\/\/talkpal.ai\/hu\/#website","url":"https:\/\/talkpal.ai\/hu\/","name":"Talkpal","description":"AI Language Learning","publisher":{"@id":"https:\/\/talkpal.ai\/hu\/#organization"},"alternateName":"Talkpal AI","potentialAction":[{"@type":"SearchAction","target":{"@type":"EntryPoint","urlTemplate":"https:\/\/talkpal.ai\/hu\/?s={search_term_string}"},"query-input":{"@type":"PropertyValueSpecification","valueRequired":true,"valueName":"search_term_string"}}],"inLanguage":"hu"},{"@type":"Organization","@id":"https:\/\/talkpal.ai\/hu\/#organization","name":"Talkpal, Inc.","alternateName":"Talkpal AI","url":"https:\/\/talkpal.ai\/hu\/","logo":{"@type":"ImageObject","inLanguage":"hu","@id":"https:\/\/talkpal.ai\/hu\/#\/schema\/logo\/image\/","url":"https:\/\/talkpal.ai\/wp-content\/uploads\/2024\/03\/Talkpal-Logo-Icon.png","contentUrl":"https:\/\/talkpal.ai\/wp-content\/uploads\/2024\/03\/Talkpal-Logo-Icon.png","width":2880,"height":2880,"caption":"Talkpal, Inc."},"image":{"@id":"https:\/\/talkpal.ai\/hu\/#\/schema\/logo\/image\/"},"sameAs":["https:\/\/www.facebook.com\/profile.php?id=100090733639311","https:\/\/x.com\/talkpalai","https:\/\/www.linkedin.com\/company\/talkpal\/","https:\/\/www.youtube.com\/@TalkPal\/","https:\/\/www.tiktok.com\/@talkpal","https:\/\/www.instagram.com\/talkpal_ai\/","https:\/\/www.crunchbase.com\/organization\/talkpal-9cde","https:\/\/www.g2.com\/products\/talkpal-for-business\/","https:\/\/www.trustpilot.com\/review\/talkpal.ai","https:\/\/www.capterra.com\/p\/10006800\/TalkPal\/"],"description":"Talkpal is a language learning web and mobile education app, powered by the latest AI technologies, that provides engaging experiences to its customers in many different languages to help them improve their language skills. Users can chat about unlimited amount of topics with the app and use other modes to practice their language learning.","email":"support@talkpal.ai","legalName":"Talkpal, Inc.","foundingDate":"2023-04-03","duns":"118989042","numberOfEmployees":{"@type":"QuantitativeValue","minValue":"11","maxValue":"50"},"publishingPrinciples":"https:\/\/talkpal.ai\/publishing-principles\/","actionableFeedbackPolicy":"https:\/\/talkpal.ai\/actionable-feedback-policy\/","correctionsPolicy":"https:\/\/talkpal.ai\/corrections-policy\/","ethicsPolicy":"https:\/\/talkpal.ai\/ethics-policy\/","diversityPolicy":"https:\/\/talkpal.ai\/diversity-policy\/","diversityStaffingReport":"https:\/\/talkpal.ai\/diversity-policy\/"}]}},"_links":{"self":[{"href":"https:\/\/talkpal.ai\/hu\/wp-json\/wp\/v2\/pages\/147146","targetHints":{"allow":["GET"]}}],"collection":[{"href":"https:\/\/talkpal.ai\/hu\/wp-json\/wp\/v2\/pages"}],"about":[{"href":"https:\/\/talkpal.ai\/hu\/wp-json\/wp\/v2\/types\/page"}],"author":[{"embeddable":true,"href":"https:\/\/talkpal.ai\/hu\/wp-json\/wp\/v2\/users\/1"}],"replies":[{"embeddable":true,"href":"https:\/\/talkpal.ai\/hu\/wp-json\/wp\/v2\/comments?post=147146"}],"version-history":[{"count":0,"href":"https:\/\/talkpal.ai\/hu\/wp-json\/wp\/v2\/pages\/147146\/revisions"}],"wp:featuredmedia":[{"embeddable":true,"href":"https:\/\/talkpal.ai\/hu\/wp-json\/wp\/v2\/media\/115599"}],"wp:attachment":[{"href":"https:\/\/talkpal.ai\/hu\/wp-json\/wp\/v2\/media?parent=147146"}],"curies":[{"name":"wp","href":"https:\/\/api.w.org\/{rel}","templated":true}]}}