{"id":146817,"date":"2023-05-14T14:11:28","date_gmt":"2023-05-14T14:11:28","guid":{"rendered":"http:\/\/talkpal.ai\/macedon-nyelvtan\/"},"modified":"2025-12-17T16:39:06","modified_gmt":"2025-12-17T16:39:06","slug":"macedon-nyelvtan","status":"publish","type":"page","link":"https:\/\/talkpal.ai\/hu\/macedon-nyelvtan\/","title":{"rendered":"Maced\u00f3n nyelvtan"},"content":{"rendered":"\r\n\r\n\r\n<section class=\"languageChallengeSection\">\r\n    <div class=\"languageInfoWrapper\">\r\n        \r\n        <h1>Maced\u00f3n nyelvtan<\/h1>\r\n        <p>Mer\u00fclj\u00f6n el a <a href=\"https:\/\/talkpal.ai\/macedonian-grammar\/\">maced\u00f3n nyelvtan<\/a> leny\u0171g\u00f6z\u0151 vil\u00e1g\u00e1ban, \u00e9s fedezze fel ennek az egyed\u00fcl\u00e1ll\u00f3 d\u00e9lszl\u00e1v nyelvnek a szerkezet\u00e9t. A <a href=\"https:\/\/talkpal.ai\/macedonian-grammar\/\">maced\u00f3n nyelvtan<\/a> alapjainak elsaj\u00e1t\u00edt\u00e1sa lehet\u0151v\u00e9 teszi, hogy magabiztosabban kommunik\u00e1ljon, \u00e9s felfedezze \u00c9szak-Maced\u00f3nia gazdag kult\u00far\u00e1j\u00e1t. Kezdje el m\u00e9g ma, \u00e9s tegye meg az els\u0151 l\u00e9p\u00e9st a <a href=\"https:\/\/talkpal.ai\/learn-macedonian\/\">maced\u00f3n<\/a> nyelv elsaj\u00e1t\u00edt\u00e1sa fel\u00e9!<\/p>\r\n\r\n                            <a class=\"getStartedHidden\" href=\"https:\/\/app.talkpal.ai\/hu\/signup?lng=\">Kezdj\u00fck<\/a>\r\n        \r\n    <\/div>\r\n\r\n    <figure>\r\n    <img decoding=\"async\" width=\"768\" height=\"768\" src=\"https:\/\/talkpal.ai\/wp-content\/uploads\/2023\/06\/macedonian-768x768.png\" class=\"languageImage no-lazy\" alt=\"Language learning through conversational practice\" fetchpriority=\"high\" sizes=\"(max-width: 768px) 150px, 768px\" srcset=\"https:\/\/talkpal.ai\/wp-content\/uploads\/2023\/06\/macedonian-768x768.png 768w, https:\/\/talkpal.ai\/wp-content\/uploads\/2023\/06\/macedonian-300x300.png 300w\" \/>\r\n    \r\n\r\n    <\/figure>\r\n\r\n            <a class=\"getStartedVisible\" href=\"https:\/\/app.talkpal.ai\/hu\/signup?lng=\">Kezdj\u00fck<\/a>\r\n    \r\n<\/section>\r\n<section class=\"promotionalBanner\">\r\n    <p class=\"promotionalText\">A nyelvtanul\u00e1s leghat\u00e9konyabb m\u00f3dja<\/p>\r\n    <a class=\"promotionalLink\" href=\"https:\/\/app.talkpal.ai\/hu\/signup?lng=\">Pr\u00f3b\u00e1lja ki a Talkpal ingyen<\/a>\r\n<\/section>\n<div class=\"wp-block-group pageContainerStyle\"><div class=\"wp-block-group__inner-container is-layout-constrained wp-block-group-is-layout-constrained\">\n<h2 class=\"wp-block-heading\" id=\"h-unraveling-the-mysteries-of-macedonian-grammar\">A maced\u00f3n nyelvtan rejt\u00e9lyeinek felt\u00e1r\u00e1sa<\/h2>\n\n\n\n<p>Maced\u00f3n <a href=\"https:\/\/talkpal.ai\/grammar\/\">nyelvtan<\/a> &#8211; bonyolult, m\u00e9gis megk\u00f6zel\u00edthet\u0151, leny\u0171g\u00f6z\u0151, m\u00e9gis kecses, \u00f6sszetett, m\u00e9gis \u00e9rdekes. Amikor megkezdi utaz\u00e1s\u00e1t a maced\u00f3n nyelv vil\u00e1g\u00e1ba, izgalom \u00e9s megf\u00e9leml\u00edt\u00e9s kever\u00e9k\u00e9t \u00e9rezheti, amikor nyelvtani rejt\u00e9lyeinek megfejt\u00e9s\u00e9r\u0151l <a href=\"https:\/\/talkpal.ai\/locations\/language-courses-in-van\/\">van<\/a> sz\u00f3. Ne f\u00e9lj, buzg\u00f3 nyelvrajong\u00f3! Az\u00e9rt vagyunk itt, hogy t\u00e1mogassuk \u00d6nt ebben a nyelvi kalandban!<\/p>\n\n\n\n<p>Ebben a lebilincsel\u0151 cikkben a maced\u00f3n nyelvtan alapvet\u0151 aspektusaira vil\u00e1g\u00edtunk r\u00e1, betekint\u00e9st, magyar\u00e1zatot \u00e9s gyakorlati p\u00e9ld\u00e1kat ny\u00fajtva. El\u00e1ruljuk, hogy ez a leny\u0171g\u00f6z\u0151 balk\u00e1ni nyelv sokkal k\u00f6nnyebben el\u00e9rhet\u0151, mint gondoln\u00e1! Teh\u00e1t csatolja be mag\u00e1t, \u00e9s engedje meg, hogy egyszer\u0171s\u00edts\u00fck \u00e9s demisztifik\u00e1ljuk a maced\u00f3n nyelvtant az \u00d6n sz\u00e1m\u00e1ra.<\/p>\n\n\n\n<h3 class=\"wp-block-heading\" id=\"h-1-delightful-declensions-noun-cases-made-easy\">1. Kellemes ragoz\u00e1sok: F\u0151n\u00e9vi esetek egyszer\u0171v\u00e9 t\u00e9ve<\/h3>\n\n\n\n<p>A t\u00f6bbi szl\u00e1v nyelvhez hasonl\u00f3an a maced\u00f3n nyelv is \u00f6sszetett f\u0151n\u00e9vi esetrendszerrel rendelkezik, amely h\u00e1rom esetb\u0151l \u00e1ll: alanyeset, t\u00e1rgyeset \u00e9s dat\u00edvusz. B\u00e1r kev\u00e9sb\u00e9 ijeszt\u0151, mint a t\u00f6bb esetet tartalmaz\u00f3 nyelvek, ezeknek az \u00e1rnyalatoknak az elsaj\u00e1t\u00edt\u00e1sa elengedhetetlen a foly\u00e9konys\u00e1g el\u00e9r\u00e9s\u00e9hez. Ezek az esetek k\u00fcl\u00f6nb\u00f6z\u0151 szerepeket rendelnek a f\u0151nevekhez, n\u00e9vm\u00e1sokhoz \u00e9s mell\u00e9knevekhez egy mondatban. \u00cdme egy r\u00f6vid \u00e1ttekint\u00e9s:<\/p>\n\n\n\n<p><strong>&#8211; Nominat\u00edvus: A mondat alanya<\/strong><\/p>\n\n\n\n<p><strong>&#8211; Akkusat\u00edv: A cselekv\u00e9s k\u00f6zvetlen t\u00e1rgya vagy c\u00e9lja<\/strong><\/p>\n\n\n\n<p><strong>&#8211; Dativus: A k\u00f6zvetett t\u00e1rgy, vagy a cselekv\u00e9s ir\u00e1ny\u00e1t mutatja.<\/strong><\/p>\n\n\n\n<p>Ahhoz, hogy ezeket az eseteket megragadjuk, a gyakorlat a kulcs. Id\u0151vel \u00e9s a nyelvnek val\u00f3 kitetts\u00e9ggel ezek a megk\u00fcl\u00f6nb\u00f6ztet\u00e9sek m\u00e1sodik term\u00e9szett\u00e9 v\u00e1lnak.<\/p>\n\n\n\n<h3 class=\"wp-block-heading\" id=\"h-2-amiable-adjectives-agreement-is-everything\">2. Kedves mell\u00e9knevek: A meg\u00e1llapod\u00e1s minden<\/h3>\n\n\n\n<p>A maced\u00f3n nyelvtan mell\u00e9knevei konformist\u00e1k. Egyet\u00e9rtenek az \u00e1ltaluk le\u00edrt f\u0151nevek nem\u00e9vel, sz\u00e1m\u00e1val \u00e9s eset\u00e9vel. Ez azt jelenti, hogy <a href=\"https:\/\/talkpal.ai\/locations\/language-courses-in-minden\/\">minden<\/a> egyes mell\u00e9kn\u00e9v alakj\u00e1t \u00fagy kell be\u00e1ll\u00edtania, hogy igazodjon a f\u0151n\u00e9v jellemz\u0151ihez.<\/p>\n\n\n\n<p>Annak \u00e9rdek\u00e9ben, hogy ez a folyamat sim\u00e1bb legyen, \u00f6sszpontos\u00edtson az alapvet\u0151 mell\u00e9kn\u00e9vi form\u00e1k megtanul\u00e1s\u00e1ra &#8211; f\u00e9rfias, n\u0151ies \u00e9s ivartalan\u00edtott. Rendszeres gyakorl\u00e1ssal a mell\u00e9kn\u00e9vi meg\u00e1llapod\u00e1s folyamata hamarosan intuit\u00edvv\u00e1 v\u00e1lik.<\/p>\n\n\n\n<h3 class=\"wp-block-heading\" id=\"h-3-vigorous-verbs-conjugation-and-aspect-mastery\">3. Er\u0151teljes ig\u00e9k: ragoz\u00e1s \u00e9s aspektus elsaj\u00e1t\u00edt\u00e1sa<\/h3>\n\n\n\n<p>A t\u00f6bbi szl\u00e1v nyelvhez hasonl\u00f3an a maced\u00f3n ig\u00e9k is jelent\u0151s elt\u00e9r\u00e9seket mutatnak. A konjug\u00e1ci\u00f3 a fesz\u00fclts\u00e9gt\u0151l, a hangulatt\u00f3l, a szem\u00e9lyt\u0151l, a sz\u00e1mt\u00f3l \u00e9s a legfontosabb, a szempontt\u00f3l f\u00fcgg.<\/p>\n\n\n\n<p>A maced\u00f3n ig\u00e9knek k\u00e9t aspektusa van: perfekt\u00edv \u00e9s t\u00f6k\u00e9letlen. A perfekt\u00edv ig\u00e9k teljes cselekv\u00e9st fejeznek ki, m\u00edg a t\u00f6k\u00e9letlenek folyamatos vagy ism\u00e9tl\u0151d\u0151 cselekv\u00e9st k\u00f6zvet\u00edtenek. Ennek a fogalomnak a meg\u00e9rt\u00e9se elengedhetetlen a nyelvtani szak\u00e9rtelem finom\u00edt\u00e1s\u00e1hoz.<\/p>\n\n\n\n<h3 class=\"wp-block-heading\" id=\"h-4-pitch-perfect-particles-mastering-stress-and-intonation\">4. T\u00f6k\u00e9letes r\u00e9szecsk\u00e9k: a stressz \u00e9s az inton\u00e1ci\u00f3 elsaj\u00e1t\u00edt\u00e1sa<\/h3>\n\n\n\n<p>A nyelvtanul\u00f3k sz\u00e1m\u00e1ra egyed\u00fcl\u00e1ll\u00f3 maced\u00f3n kih\u00edv\u00e1s a jellegzetes hangmagass\u00e1g-akcentus rendszer elsaj\u00e1t\u00edt\u00e1sa, amely hangs\u00falyokat \u00e9s inton\u00e1ci\u00f3t rendel a sz\u00f3tagokhoz. Ez a rendszer k\u00f6zvetlen\u00fcl befoly\u00e1solhatja a jelent\u00e9st \u00e9s a meg\u00e9rt\u00e9st.<\/p>\n\n\n\n<p>A kiejt\u00e9s pontoss\u00e1g\u00e1nak \u00e9s a kommunik\u00e1ci\u00f3 egy\u00e9rtelm\u0171s\u00e9g\u00e9nek el\u00e9r\u00e9se \u00e9rdek\u00e9ben ford\u00edtson nagy figyelmet a maced\u00f3n anyanyelv\u0171 besz\u00e9l\u0151k besz\u00e9d\u00e9nek inton\u00e1ci\u00f3s mint\u00e1ira. Kezd\u0151k\u00e9nt k\u00fczdhetsz, de ne feledd, hogy a gyakorl\u00e1s magabiztoss\u00e1got \u00e9s mesteri tud\u00e1st sz\u00fcl.<\/p>\n\n\n\n<h3 class=\"wp-block-heading\" id=\"h-5-embrace-the-intricacies-persevere-and-prosper\">5. Fogadja el a bonyolults\u00e1gokat: tartson ki \u00e9s vir\u00e1gozzon<\/h3>\n\n\n\n<p>A maced\u00f3n nyelvtan els\u0151 pillant\u00e1sra bonyolultnak t\u0171nhet, de ne feledje, hogy a t\u00fcrelem, a gyakorlat \u00e9s a kitart\u00e1s a siker titka. Vegyen r\u00e9szt a nyelvben olvas\u00e1s, \u00edr\u00e1s, hallgat\u00e1s \u00e9s besz\u00e9d r\u00e9v\u00e9n. Fogadja el a kih\u00edv\u00e1sokat, \u00e9s jutalmazza meg mag\u00e1t a halad\u00e1s el\u00e9gedetts\u00e9g\u00e9vel.<\/p>\n\n\n\n<p>Sz\u00f3val, k\u00e9szen \u00e1llsz arra, hogy belemer\u00fclj a maced\u00f3n nyelvtan hipnotiz\u00e1l\u00f3 birodalm\u00e1ba? Fogadja el furcsas\u00e1gait \u00e9s \u00f6sszetetts\u00e9g\u00e9t, \u00e9lvezze a finoms\u00e1gokat, \u00e9s ne feledje, hogy odaad\u00e1ssal \u00e9s lelkesed\u00e9ssel felt\u00e1rhatja a maced\u00f3n nyelv val\u00f3di sz\u00e9ps\u00e9g\u00e9t. \u0421\u043e \u0441\u0440\u0435\u045c\u0430! (Sok szerencs\u00e9t!)<\/p>\n<\/div><\/div>\n\r\n<section class=\"learnNavigationSection\">\r\n            \r\n        <a href=\"https:\/\/talkpal.ai\/hu\/tanulj-macedonul\/\">\r\n            <div class=\"learnNavigationWrapper\">\r\n                <div class=\"learnNavigationContent\">\r\n                    <img decoding=\"async\" src=\"https:\/\/talkpal.ai\/wp-content\/uploads\/2024\/08\/Macedonian.jpg\" alt=\"Macedonian Flag\">\r\n                    <div>\r\n                        <h4>A maced\u00f3n tanul\u00e1sr\u00f3l<\/h4>\r\n                        <p>Tudjon meg mindent a maced\u00f3n nyelvtanr\u00f3l.<\/p>\r\n                    <\/div>\r\n                <\/div>\r\n            <\/div>\r\n        <\/a>\r\n\r\n        \r\n        <a href=\"https:\/\/talkpal.ai\/hu\/macedon-nyelvtani-gyakorlatok\/\">\r\n            <div class=\"learnNavigationWrapper\">\r\n                <div class=\"learnNavigationContent\">\r\n                    <img decoding=\"async\" src=\"https:\/\/talkpal.ai\/wp-content\/uploads\/2024\/08\/Macedonian.jpg\" alt=\"Macedonian Flag\">\r\n                    <div>\r\n                        <h4>Maced\u00f3n nyelvtani gyakorlat<\/h4>\r\n                        <p>Gyakorolja a maced\u00f3n nyelvtant.<\/p>\r\n                    <\/div>\r\n                <\/div>\r\n            <\/div>\r\n        <\/a>\r\n\r\n        \r\n        <a href=\"https:\/\/talkpal.ai\/vocabulary_language\/macedonian\/\">\r\n            <div class=\"learnNavigationWrapper\">\r\n                <div class=\"learnNavigationContent\">\r\n                    <img decoding=\"async\" src=\"https:\/\/talkpal.ai\/wp-content\/uploads\/2024\/08\/Macedonian.jpg\" alt=\"Macedonian Flag\">\r\n                    <div>\r\n                        <h4>Maced\u00f3n sz\u00f3kincs<\/h4>\r\n                        <p>B\u0151v\u00edtse maced\u00f3n sz\u00f3kincs\u00e9t.<\/p>\r\n                    <\/div>\r\n                <\/div>\r\n            <\/div>\r\n        <\/a>\r\n\r\n            <\/section>","protected":false},"excerpt":{"rendered":"<p>A maced\u00f3n nyelvtan rejt\u00e9lyeinek felt\u00e1r\u00e1sa Maced\u00f3n nyelvtan &#8211; bonyolult, m\u00e9gis megk\u00f6zel\u00edthet\u0151, leny\u0171g\u00f6z\u0151, m\u00e9gis kecses, \u00f6sszetett, m\u00e9gis \u00e9rdekes. Amikor megkezdi utaz\u00e1s\u00e1t a maced\u00f3n nyelv vil\u00e1g\u00e1ba, izgalom \u00e9s megf\u00e9leml\u00edt\u00e9s kever\u00e9k\u00e9t \u00e9rezheti, amikor nyelvtani rejt\u00e9lyeinek megfejt\u00e9s\u00e9r\u0151l van sz\u00f3. Ne f\u00e9lj, buzg\u00f3 nyelvrajong\u00f3! Az\u00e9rt vagyunk itt, hogy t\u00e1mogassuk \u00d6nt ebben a nyelvi kalandban! Ebben a lebilincsel\u0151 cikkben a maced\u00f3n [&hellip;]<\/p>\n","protected":false},"author":1,"featured_media":115382,"parent":0,"menu_order":0,"comment_status":"closed","ping_status":"closed","template":"LearningContentPage.php","meta":{"_acf_changed":false,"footnotes":""},"class_list":["post-146817","page","type-page","status-publish","has-post-thumbnail","hentry"],"acf":[],"yoast_head":"<!-- This site is optimized with the Yoast SEO Premium plugin v27.2 (Yoast SEO v27.2) - https:\/\/yoast.com\/product\/yoast-seo-premium-wordpress\/ -->\n<title>Maced\u00f3n nyelvtan - Talkpal<\/title>\n<meta name=\"description\" content=\"A maced\u00f3n nyelvtan elsaj\u00e1t\u00edt\u00e1sa k\u00f6nnyed\u00e9n a Talkpal, a mesters\u00e9ges intelligencia \u00e1ltal vez\u00e9relt nyelvtan\u00e1rral. Fejleszd maced\u00f3n nyelvtani ismereteidet!\" \/>\n<meta name=\"robots\" content=\"index, follow, max-snippet:-1, max-image-preview:large, max-video-preview:-1\" \/>\n<link rel=\"canonical\" href=\"https:\/\/talkpal.ai\/hu\/macedon-nyelvtan\/\" \/>\n<meta property=\"og:locale\" content=\"hu_HU\" \/>\n<meta property=\"og:type\" content=\"article\" \/>\n<meta property=\"og:title\" content=\"Maced\u00f3n nyelvtan\" \/>\n<meta property=\"og:description\" content=\"A maced\u00f3n nyelvtan rejt\u00e9lyeinek felt\u00e1r\u00e1sa Maced\u00f3n nyelvtan - bonyolult, m\u00e9gis megk\u00f6zel\u00edthet\u0151, leny\u0171g\u00f6z\u0151, m\u00e9gis kecses, \u00f6sszetett, m\u00e9gis \u00e9rdekes. Amikor\" \/>\n<meta property=\"og:url\" content=\"https:\/\/talkpal.ai\/hu\/macedon-nyelvtan\/\" \/>\n<meta property=\"og:site_name\" content=\"Talkpal\" \/>\n<meta property=\"article:publisher\" content=\"https:\/\/www.facebook.com\/profile.php?id=100090733639311\" \/>\n<meta property=\"article:modified_time\" content=\"2025-12-17T16:39:06+00:00\" \/>\n<meta property=\"og:image\" content=\"https:\/\/talkpal.ai\/wp-content\/uploads\/2023\/05\/republic-of-macedonia.png\" \/>\n\t<meta property=\"og:image:width\" content=\"512\" \/>\n\t<meta property=\"og:image:height\" content=\"512\" \/>\n\t<meta property=\"og:image:type\" content=\"image\/png\" \/>\n<meta name=\"twitter:card\" content=\"summary_large_image\" \/>\n<meta name=\"twitter:site\" content=\"@talkpalai\" \/>\n<meta name=\"twitter:label1\" content=\"Becs\u00fclt olvas\u00e1si id\u0151\" \/>\n\t<meta name=\"twitter:data1\" content=\"4 perc\" \/>\n<script type=\"application\/ld+json\" class=\"yoast-schema-graph\">{\"@context\":\"https:\/\/schema.org\",\"@graph\":[{\"@type\":\"WebPage\",\"@id\":\"https:\/\/talkpal.ai\/hu\/macedon-nyelvtan\/\",\"url\":\"https:\/\/talkpal.ai\/hu\/macedon-nyelvtan\/\",\"name\":\"Maced\u00f3n nyelvtan - Talkpal\",\"isPartOf\":{\"@id\":\"https:\/\/talkpal.ai\/hu\/#website\"},\"primaryImageOfPage\":{\"@id\":\"https:\/\/talkpal.ai\/hu\/macedon-nyelvtan\/#primaryimage\"},\"image\":{\"@id\":\"https:\/\/talkpal.ai\/hu\/macedon-nyelvtan\/#primaryimage\"},\"thumbnailUrl\":\"https:\/\/talkpal.ai\/wp-content\/uploads\/2023\/05\/republic-of-macedonia.png\",\"datePublished\":\"2023-05-14T14:11:28+00:00\",\"dateModified\":\"2025-12-17T16:39:06+00:00\",\"description\":\"A maced\u00f3n nyelvtan elsaj\u00e1t\u00edt\u00e1sa k\u00f6nnyed\u00e9n a Talkpal, a mesters\u00e9ges intelligencia \u00e1ltal vez\u00e9relt nyelvtan\u00e1rral. Fejleszd maced\u00f3n nyelvtani ismereteidet!\",\"breadcrumb\":{\"@id\":\"https:\/\/talkpal.ai\/hu\/macedon-nyelvtan\/#breadcrumb\"},\"inLanguage\":\"hu\",\"potentialAction\":[{\"@type\":\"ReadAction\",\"target\":[\"https:\/\/talkpal.ai\/hu\/macedon-nyelvtan\/\"]}]},{\"@type\":\"ImageObject\",\"inLanguage\":\"hu\",\"@id\":\"https:\/\/talkpal.ai\/hu\/macedon-nyelvtan\/#primaryimage\",\"url\":\"https:\/\/talkpal.ai\/wp-content\/uploads\/2023\/05\/republic-of-macedonia.png\",\"contentUrl\":\"https:\/\/talkpal.ai\/wp-content\/uploads\/2023\/05\/republic-of-macedonia.png\",\"width\":512,\"height\":512},{\"@type\":\"BreadcrumbList\",\"@id\":\"https:\/\/talkpal.ai\/hu\/macedon-nyelvtan\/#breadcrumb\",\"itemListElement\":[{\"@type\":\"ListItem\",\"position\":1,\"name\":\"Homepage\",\"item\":\"https:\/\/talkpal.ai\/hu\/\"},{\"@type\":\"ListItem\",\"position\":2,\"name\":\"Maced\u00f3n nyelvtan\"}]},{\"@type\":\"WebSite\",\"@id\":\"https:\/\/talkpal.ai\/hu\/#website\",\"url\":\"https:\/\/talkpal.ai\/hu\/\",\"name\":\"Talkpal\",\"description\":\"AI Language Learning\",\"publisher\":{\"@id\":\"https:\/\/talkpal.ai\/hu\/#organization\"},\"alternateName\":\"Talkpal AI\",\"potentialAction\":[{\"@type\":\"SearchAction\",\"target\":{\"@type\":\"EntryPoint\",\"urlTemplate\":\"https:\/\/talkpal.ai\/hu\/?s={search_term_string}\"},\"query-input\":{\"@type\":\"PropertyValueSpecification\",\"valueRequired\":true,\"valueName\":\"search_term_string\"}}],\"inLanguage\":\"hu\"},{\"@type\":\"Organization\",\"@id\":\"https:\/\/talkpal.ai\/hu\/#organization\",\"name\":\"Talkpal, Inc.\",\"alternateName\":\"Talkpal AI\",\"url\":\"https:\/\/talkpal.ai\/hu\/\",\"logo\":{\"@type\":\"ImageObject\",\"inLanguage\":\"hu\",\"@id\":\"https:\/\/talkpal.ai\/hu\/#\/schema\/logo\/image\/\",\"url\":\"https:\/\/talkpal.ai\/wp-content\/uploads\/2024\/03\/Talkpal-Logo-Icon.png\",\"contentUrl\":\"https:\/\/talkpal.ai\/wp-content\/uploads\/2024\/03\/Talkpal-Logo-Icon.png\",\"width\":2880,\"height\":2880,\"caption\":\"Talkpal, Inc.\"},\"image\":{\"@id\":\"https:\/\/talkpal.ai\/hu\/#\/schema\/logo\/image\/\"},\"sameAs\":[\"https:\/\/www.facebook.com\/profile.php?id=100090733639311\",\"https:\/\/x.com\/talkpalai\",\"https:\/\/www.linkedin.com\/company\/talkpal\/\",\"https:\/\/www.youtube.com\/@TalkPal\/\",\"https:\/\/www.tiktok.com\/@talkpal\",\"https:\/\/www.instagram.com\/talkpal_ai\/\",\"https:\/\/www.crunchbase.com\/organization\/talkpal-9cde\",\"https:\/\/www.g2.com\/products\/talkpal-for-business\/\",\"https:\/\/www.trustpilot.com\/review\/talkpal.ai\",\"https:\/\/www.capterra.com\/p\/10006800\/TalkPal\/\"],\"description\":\"Talkpal is a language learning web and mobile education app, powered by the latest AI technologies, that provides engaging experiences to its customers in many different languages to help them improve their language skills. Users can chat about unlimited amount of topics with the app and use other modes to practice their language learning.\",\"email\":\"support@talkpal.ai\",\"legalName\":\"Talkpal, Inc.\",\"foundingDate\":\"2023-04-03\",\"duns\":\"118989042\",\"numberOfEmployees\":{\"@type\":\"QuantitativeValue\",\"minValue\":\"11\",\"maxValue\":\"50\"},\"publishingPrinciples\":\"https:\/\/talkpal.ai\/publishing-principles\/\",\"actionableFeedbackPolicy\":\"https:\/\/talkpal.ai\/actionable-feedback-policy\/\",\"correctionsPolicy\":\"https:\/\/talkpal.ai\/corrections-policy\/\",\"ethicsPolicy\":\"https:\/\/talkpal.ai\/ethics-policy\/\",\"diversityPolicy\":\"https:\/\/talkpal.ai\/diversity-policy\/\",\"diversityStaffingReport\":\"https:\/\/talkpal.ai\/diversity-policy\/\"}]}<\/script>\n<!-- \/ Yoast SEO Premium plugin. -->","yoast_head_json":{"title":"Maced\u00f3n nyelvtan - Talkpal","description":"A maced\u00f3n nyelvtan elsaj\u00e1t\u00edt\u00e1sa k\u00f6nnyed\u00e9n a Talkpal, a mesters\u00e9ges intelligencia \u00e1ltal vez\u00e9relt nyelvtan\u00e1rral. Fejleszd maced\u00f3n nyelvtani ismereteidet!","robots":{"index":"index","follow":"follow","max-snippet":"max-snippet:-1","max-image-preview":"max-image-preview:large","max-video-preview":"max-video-preview:-1"},"canonical":"https:\/\/talkpal.ai\/hu\/macedon-nyelvtan\/","og_locale":"hu_HU","og_type":"article","og_title":"Maced\u00f3n nyelvtan","og_description":"A maced\u00f3n nyelvtan rejt\u00e9lyeinek felt\u00e1r\u00e1sa Maced\u00f3n nyelvtan - bonyolult, m\u00e9gis megk\u00f6zel\u00edthet\u0151, leny\u0171g\u00f6z\u0151, m\u00e9gis kecses, \u00f6sszetett, m\u00e9gis \u00e9rdekes. Amikor","og_url":"https:\/\/talkpal.ai\/hu\/macedon-nyelvtan\/","og_site_name":"Talkpal","article_publisher":"https:\/\/www.facebook.com\/profile.php?id=100090733639311","article_modified_time":"2025-12-17T16:39:06+00:00","og_image":[{"width":512,"height":512,"url":"https:\/\/talkpal.ai\/wp-content\/uploads\/2023\/05\/republic-of-macedonia.png","type":"image\/png"}],"twitter_card":"summary_large_image","twitter_site":"@talkpalai","twitter_misc":{"Becs\u00fclt olvas\u00e1si id\u0151":"4 perc"},"schema":{"@context":"https:\/\/schema.org","@graph":[{"@type":"WebPage","@id":"https:\/\/talkpal.ai\/hu\/macedon-nyelvtan\/","url":"https:\/\/talkpal.ai\/hu\/macedon-nyelvtan\/","name":"Maced\u00f3n nyelvtan - Talkpal","isPartOf":{"@id":"https:\/\/talkpal.ai\/hu\/#website"},"primaryImageOfPage":{"@id":"https:\/\/talkpal.ai\/hu\/macedon-nyelvtan\/#primaryimage"},"image":{"@id":"https:\/\/talkpal.ai\/hu\/macedon-nyelvtan\/#primaryimage"},"thumbnailUrl":"https:\/\/talkpal.ai\/wp-content\/uploads\/2023\/05\/republic-of-macedonia.png","datePublished":"2023-05-14T14:11:28+00:00","dateModified":"2025-12-17T16:39:06+00:00","description":"A maced\u00f3n nyelvtan elsaj\u00e1t\u00edt\u00e1sa k\u00f6nnyed\u00e9n a Talkpal, a mesters\u00e9ges intelligencia \u00e1ltal vez\u00e9relt nyelvtan\u00e1rral. Fejleszd maced\u00f3n nyelvtani ismereteidet!","breadcrumb":{"@id":"https:\/\/talkpal.ai\/hu\/macedon-nyelvtan\/#breadcrumb"},"inLanguage":"hu","potentialAction":[{"@type":"ReadAction","target":["https:\/\/talkpal.ai\/hu\/macedon-nyelvtan\/"]}]},{"@type":"ImageObject","inLanguage":"hu","@id":"https:\/\/talkpal.ai\/hu\/macedon-nyelvtan\/#primaryimage","url":"https:\/\/talkpal.ai\/wp-content\/uploads\/2023\/05\/republic-of-macedonia.png","contentUrl":"https:\/\/talkpal.ai\/wp-content\/uploads\/2023\/05\/republic-of-macedonia.png","width":512,"height":512},{"@type":"BreadcrumbList","@id":"https:\/\/talkpal.ai\/hu\/macedon-nyelvtan\/#breadcrumb","itemListElement":[{"@type":"ListItem","position":1,"name":"Homepage","item":"https:\/\/talkpal.ai\/hu\/"},{"@type":"ListItem","position":2,"name":"Maced\u00f3n nyelvtan"}]},{"@type":"WebSite","@id":"https:\/\/talkpal.ai\/hu\/#website","url":"https:\/\/talkpal.ai\/hu\/","name":"Talkpal","description":"AI Language Learning","publisher":{"@id":"https:\/\/talkpal.ai\/hu\/#organization"},"alternateName":"Talkpal AI","potentialAction":[{"@type":"SearchAction","target":{"@type":"EntryPoint","urlTemplate":"https:\/\/talkpal.ai\/hu\/?s={search_term_string}"},"query-input":{"@type":"PropertyValueSpecification","valueRequired":true,"valueName":"search_term_string"}}],"inLanguage":"hu"},{"@type":"Organization","@id":"https:\/\/talkpal.ai\/hu\/#organization","name":"Talkpal, Inc.","alternateName":"Talkpal AI","url":"https:\/\/talkpal.ai\/hu\/","logo":{"@type":"ImageObject","inLanguage":"hu","@id":"https:\/\/talkpal.ai\/hu\/#\/schema\/logo\/image\/","url":"https:\/\/talkpal.ai\/wp-content\/uploads\/2024\/03\/Talkpal-Logo-Icon.png","contentUrl":"https:\/\/talkpal.ai\/wp-content\/uploads\/2024\/03\/Talkpal-Logo-Icon.png","width":2880,"height":2880,"caption":"Talkpal, Inc."},"image":{"@id":"https:\/\/talkpal.ai\/hu\/#\/schema\/logo\/image\/"},"sameAs":["https:\/\/www.facebook.com\/profile.php?id=100090733639311","https:\/\/x.com\/talkpalai","https:\/\/www.linkedin.com\/company\/talkpal\/","https:\/\/www.youtube.com\/@TalkPal\/","https:\/\/www.tiktok.com\/@talkpal","https:\/\/www.instagram.com\/talkpal_ai\/","https:\/\/www.crunchbase.com\/organization\/talkpal-9cde","https:\/\/www.g2.com\/products\/talkpal-for-business\/","https:\/\/www.trustpilot.com\/review\/talkpal.ai","https:\/\/www.capterra.com\/p\/10006800\/TalkPal\/"],"description":"Talkpal is a language learning web and mobile education app, powered by the latest AI technologies, that provides engaging experiences to its customers in many different languages to help them improve their language skills. Users can chat about unlimited amount of topics with the app and use other modes to practice their language learning.","email":"support@talkpal.ai","legalName":"Talkpal, Inc.","foundingDate":"2023-04-03","duns":"118989042","numberOfEmployees":{"@type":"QuantitativeValue","minValue":"11","maxValue":"50"},"publishingPrinciples":"https:\/\/talkpal.ai\/publishing-principles\/","actionableFeedbackPolicy":"https:\/\/talkpal.ai\/actionable-feedback-policy\/","correctionsPolicy":"https:\/\/talkpal.ai\/corrections-policy\/","ethicsPolicy":"https:\/\/talkpal.ai\/ethics-policy\/","diversityPolicy":"https:\/\/talkpal.ai\/diversity-policy\/","diversityStaffingReport":"https:\/\/talkpal.ai\/diversity-policy\/"}]}},"_links":{"self":[{"href":"https:\/\/talkpal.ai\/hu\/wp-json\/wp\/v2\/pages\/146817","targetHints":{"allow":["GET"]}}],"collection":[{"href":"https:\/\/talkpal.ai\/hu\/wp-json\/wp\/v2\/pages"}],"about":[{"href":"https:\/\/talkpal.ai\/hu\/wp-json\/wp\/v2\/types\/page"}],"author":[{"embeddable":true,"href":"https:\/\/talkpal.ai\/hu\/wp-json\/wp\/v2\/users\/1"}],"replies":[{"embeddable":true,"href":"https:\/\/talkpal.ai\/hu\/wp-json\/wp\/v2\/comments?post=146817"}],"version-history":[{"count":0,"href":"https:\/\/talkpal.ai\/hu\/wp-json\/wp\/v2\/pages\/146817\/revisions"}],"wp:featuredmedia":[{"embeddable":true,"href":"https:\/\/talkpal.ai\/hu\/wp-json\/wp\/v2\/media\/115382"}],"wp:attachment":[{"href":"https:\/\/talkpal.ai\/hu\/wp-json\/wp\/v2\/media?parent=146817"}],"curies":[{"name":"wp","href":"https:\/\/api.w.org\/{rel}","templated":true}]}}