{"id":146497,"date":"2023-05-14T14:11:00","date_gmt":"2023-05-14T14:11:00","guid":{"rendered":"http:\/\/talkpal.ai\/kazah-nyelvtan\/"},"modified":"2025-12-17T16:58:59","modified_gmt":"2025-12-17T16:58:59","slug":"kazah-nyelvtan","status":"publish","type":"page","link":"https:\/\/talkpal.ai\/hu\/kazah-nyelvtan\/","title":{"rendered":"Kazah nyelvtan"},"content":{"rendered":"\r\n\r\n\r\n<section class=\"languageChallengeSection\">\r\n    <div class=\"languageInfoWrapper\">\r\n        \r\n        <h1>Kazah nyelvtan<\/h1>\r\n        <p>A <a href=\"https:\/\/talkpal.ai\/learn-kazakh\/\">kazah<\/a> nyelvtanul\u00e1s egy t\u00f6rt\u00e9nelm\u00e9ben \u00e9s kult\u00far\u00e1j\u00e1ban gazdag nyelvhez nyitja meg az utat, amelynek sz\u00edv\u00e9ben egy leny\u0171g\u00f6z\u0151 nyelvtani rendszer rejlik. B\u00e1r a <a href=\"https:\/\/talkpal.ai\/kazakh-grammar\/\">kazah nyelvtan<\/a> els\u0151re bonyolultnak t\u0171nhet, a nyelv alapvet\u0151 jellemz\u0151inek &#8211; p\u00e9ld\u00e1ul a mag\u00e1nhangz\u00f3k harm\u00f3ni\u00e1j\u00e1nak, a f\u0151n\u00e9vi eseteknek \u00e9s az igeid\u0151knek &#8211; meg\u00e9rt\u00e9se lehet\u0151v\u00e9 \u00e9s kifizet\u0151d\u0151v\u00e9 teszi a nyelv elsaj\u00e1t\u00edt\u00e1s\u00e1t. Mer\u00fclj\u00f6n el, \u00e9s fedezze fel, mi teszi a kazahszt\u00e1ni nyelvet egyediv\u00e9!<\/p>\r\n\r\n                            <a class=\"getStartedHidden\" href=\"https:\/\/app.talkpal.ai\/hu\/signup?lng=\">Kezdj\u00fck<\/a>\r\n        \r\n    <\/div>\r\n\r\n    <figure>\r\n    <img decoding=\"async\" width=\"768\" height=\"768\" src=\"https:\/\/talkpal.ai\/wp-content\/uploads\/2023\/06\/Khazak-768x768.png\" class=\"languageImage no-lazy\" alt=\"Language learning for increased negotiation skills\" fetchpriority=\"high\" sizes=\"(max-width: 768px) 150px, 768px\" srcset=\"https:\/\/talkpal.ai\/wp-content\/uploads\/2023\/06\/Khazak-768x768.png 768w, https:\/\/talkpal.ai\/wp-content\/uploads\/2023\/06\/Khazak-300x300.png 300w\" \/>\r\n    \r\n\r\n    <\/figure>\r\n\r\n            <a class=\"getStartedVisible\" href=\"https:\/\/app.talkpal.ai\/hu\/signup?lng=\">Kezdj\u00fck<\/a>\r\n    \r\n<\/section>\r\n<section class=\"promotionalBanner\">\r\n    <p class=\"promotionalText\">A nyelvtanul\u00e1s leghat\u00e9konyabb m\u00f3dja<\/p>\r\n    <a class=\"promotionalLink\" href=\"https:\/\/app.talkpal.ai\/hu\/signup?lng=\">Pr\u00f3b\u00e1lja ki a Talkpal ingyen<\/a>\r\n<\/section>\n<div class=\"wp-block-group pageContainerStyle\"><div class=\"wp-block-group__inner-container is-layout-constrained wp-block-group-is-layout-constrained\">\n<h2 class=\"wp-block-heading\" id=\"h-kazakh-grammar-unlocking-the-secrets-of-the-kazakh-language\">Kazah nyelvtan: A kazah nyelv titkainak felold\u00e1sa<\/h2>\n\n\n\n<p>Amikor a kazah nyelv tanul\u00e1s\u00e1r\u00f3l <a href=\"https:\/\/talkpal.ai\/locations\/language-courses-in-van\/\">van<\/a> sz\u00f3, a <a href=\"https:\/\/talkpal.ai\/kazakh-grammar\/\">kazah nyelvtan<\/a> alapjainak meg\u00e9rt\u00e9se elengedhetetlen a titkok felt\u00e1r\u00e1s\u00e1hoz. B\u00e1r els\u0151re ijeszt\u0151nek t\u0171nhet, a nyelvtani rendszer egyedi tulajdons\u00e1gokkal b\u00fcszk\u00e9lkedhet, amelyek leny\u0171g\u00f6z\u0151v\u00e9 teszik a nyelvet. Ez a cikk a kazah <a href=\"https:\/\/talkpal.ai\/grammar\/\">nyelvtan<\/a> legfontosabb aspektusait igyekszik megvil\u00e1g\u00edtani, \u00e9s egy t\u00e1rsalg\u00e1si \u00e9s inform\u00e1lis bevezet\u00e9st ny\u00fajt a nyelv gazdag szerkezet\u00e9be.<\/p>\n\n\n\n<h3 class=\"wp-block-heading\" id=\"h-1-nouns-harmony-in-cases-and-declensions\">1. F\u0151nevek \u2013 harm\u00f3nia az esetekben \u00e9s ragoz\u00e1sokban<\/h3>\n\n\n\n<p>A kazah nyelvtanban az egyik els\u0151 dolog, amit figyelembe kell venni, a f\u0151n\u00e9v szerkezete. A nyelv mag\u00e1nhangz\u00f3-harm\u00f3niarendszert alkalmaz, ahol a mag\u00e1nhangz\u00f3k el\u00f6l vagy h\u00e1tul vannak, \u00e9s a harmonikus kombin\u00e1ci\u00f3kat r\u00e9szes\u00edtik el\u0151nyben. Ez a rendszer kapcsol\u00f3dik a f\u0151nevek t\u00f6bbes sz\u00e1m\u00e1hoz, amelyek k\u00fcl\u00f6nb\u00f6z\u0151 ut\u00f3tagokb\u00f3l \u00e1llnak, amelyek megfelelnek a kezdeti f\u0151n\u00e9v harmonikus csoportj\u00e1nak.<\/p>\n\n\n\n<p>A kazah f\u0151nevek h\u00e9t esethez tartoznak: alanyeset, birtokos eset, dat\u00edvusz, t\u00e1rgyeset, helyhat\u00e1roz\u00f3, ablat\u00edv \u00e9s instrument\u00e1lis. B\u00e1r eleinte ijeszt\u0151, ezeknek az eseteknek az elsaj\u00e1t\u00edt\u00e1sa elengedhetetlen a pontos mondatszerkezetek kialak\u00edt\u00e1s\u00e1hoz. Az esetek hat\u00e1rozz\u00e1k meg a szavak k\u00f6z\u00f6tti kapcsolatokat, lehet\u0151v\u00e9 t\u00e9ve a sz\u00f3rend rugalmass\u00e1g\u00e1t an\u00e9lk\u00fcl, hogy elvesz\u00edten\u00e9k a jelent\u00e9st.<\/p>\n\n\n\n<h3 class=\"wp-block-heading\" id=\"h-2-adjectives-agreement-and-comparison\">2. Mell\u00e9knevek \u2013 megegyez\u00e9s \u00e9s \u00f6sszehasonl\u00edt\u00e1s<\/h3>\n\n\n\n<p>A kazah mell\u00e9kneveket a f\u0151nevek le\u00edr\u00e1s\u00e1ra \u00e9s tov\u00e1bbi t\u00e1j\u00e9koztat\u00e1s\u00e1ra haszn\u00e1lj\u00e1k. Meg kell egyezni\u00fck az \u00e1ltaluk m\u00f3dos\u00edtott f\u0151n\u00e9vvel az eset \u00e9s a sz\u00e1m tekintet\u00e9ben. Ezenk\u00edv\u00fcl a mell\u00e9kneveket \u00f6sszehasonl\u00edt\u00f3 \u00e9s fels\u0151bbrend\u0171 fokokkal lehet \u00f6sszehasonl\u00edtani, amelyeket megfelel\u0151 ut\u00f3tagok hozz\u00e1ad\u00e1s\u00e1val lehet el\u00e9rni, hogy k\u00fcl\u00f6nb\u00f6z\u0151 hangs\u00falyszinteket k\u00f6zvet\u00edtsenek.<\/p>\n\n\n\n<p>P\u00e9ld\u00e1ul a &#8222;sz\u00e9p&#8221; sz\u00f3 kazahul &#8222;\u0441\u044b\u04a3\u0448\u044b&#8221;. Ha egy gy\u00f6ny\u00f6r\u0171 kertet (\u0431\u0430\u049b) \u00edrunk le, a mondat a k\u00f6vetkez\u0151 lenne: &#8222;\u0441\u044b\u04a3\u0448\u044b \u0431\u0430\u049b&#8221;. A &#8222;szebb&#8221; kifejez\u00e9shez a &#8222;\u0441\u044b\u04a3\u0448\u044b\u0440\u0430\u049b&#8221;, m\u00edg a &#8222;legszebb&#8221; kifejez\u00e9s a &#8222;\u0441\u044b\u04a3\u0448\u044b&#8221; haszn\u00e1lat\u00e1val k\u00e9pz\u0151dik. A &#8222;legszebb kert&#8221; kifejez\u00e9shez a &#8222;\u0441\u044b\u04a3\u0448\u044b \u0431\u0430\u049b&#8221; sz\u00f3val haszn\u00e1ln\u00e1d.<\/p>\n\n\n\n<h3 class=\"wp-block-heading\" id=\"h-3-verbs-tense-mood-and-aspect\">3. Ig\u00e9k &#8211; fesz\u00fclts\u00e9g, hangulat \u00e9s szempont<\/h3>\n\n\n\n<p>A kazah ig\u00e9k fesz\u00fclts\u00e9get, hangulatot \u00e9s szempontot \u00e1br\u00e1zolnak. A nyelv h\u00e1rom f\u0151 id\u0151t tartalmaz: m\u00falt, jelen \u00e9s j\u00f6v\u0151. <a href=\"https:\/\/talkpal.ai\/locations\/language-courses-in-minden\/\">Minden<\/a> igeid\u0151nek k\u00fcl\u00f6nb\u00f6z\u0151 form\u00e1i vannak az alany n\u00e9vm\u00e1sa, a hangulat (p\u00e9ld\u00e1ul imperat\u00edv vagy felt\u00e9teles) \u00e9s az aspektus alapj\u00e1n (f\u00fcggetlen\u00fcl att\u00f3l, hogy a cselekv\u00e9s t\u00f6k\u00e9letes, befejezett cselekv\u00e9st t\u00fckr\u00f6z, vagy t\u00f6k\u00e9letlen, folyamatos vagy szok\u00e1sos cselekv\u00e9st jelez).<\/p>\n\n\n\n<h3 class=\"wp-block-heading\" id=\"h-4-pronouns-personal-and-demonstrative\">4. N\u00e9vm\u00e1sok \u2013 szem\u00e9lyes \u00e9s demonstrat\u00edv<\/h3>\n\n\n\n<p>A kazah nyelvtan n\u00e9vm\u00e1sai szem\u00e9lyes, birtokos, demonstrat\u00edv, k\u00e9rd\u0151 \u00e9s relat\u00edv fajt\u00e1kat tartalmaznak. Meg kell egyezni\u00fck abban az esetben \u00e9s sz\u00e1mban, amelyre hivatkoznak vagy helyettes\u00edtenek. A demonstrat\u00edv n\u00e9vm\u00e1soknak p\u00e9ld\u00e1ul h\u00e1rom form\u00e1ja van: proxim\u00e1lis (\u0431\u04b1\u043b), medi\u00e1lis (\u043e\u0441\u044b) \u00e9s diszt\u00e1lis (\u0430\u043d\u0430\u0443), a besz\u00e9l\u0151t\u0151l val\u00f3 t\u00e1vols\u00e1gt\u00f3l f\u00fcgg\u0151en.<\/p>\n\n\n\n<h3 class=\"wp-block-heading\" id=\"h-5-embracing-the-uniqueness-of-kazakh-grammar\">5. A kazah nyelvtan egyedis\u00e9g\u00e9nek elfogad\u00e1sa<\/h3>\n\n\n\n<p>A kazah nyelvi utaz\u00e1s sor\u00e1n ne feledje, hogy nem arr\u00f3l van sz\u00f3, hogy egyszerre kell elsaj\u00e1t\u00edtania az \u00f6sszes \u00e1rnyalatot. \u00d6r\u00fclj\u00f6n annak, hogy felfedezte az egyed\u00fcl\u00e1ll\u00f3 nyelvtani rendszert, amely megk\u00fcl\u00f6nb\u00f6zteti a kazah nyelvet, \u00e9s id\u0151t vesz ig\u00e9nybe, hogy meg\u00e9rtse an\u00e9lk\u00fcl, hogy t\u00falterheltnek \u00e9rezn\u00e9 mag\u00e1t.<\/p>\n\n\n\n<p>A kazah nyelvtan saj\u00e1toss\u00e1gainak megismer\u00e9s\u00e9vel \u00e9s felfedez\u00e9s\u00e9vel val\u00f3ban felfedezheti a nyelv sz\u00e9ps\u00e9g\u00e9t, \u00e9s nagyobb hozz\u00e1f\u00e9r\u00e9st nyerhet az \u00e1ltala megtestes\u00edtett gazdag kultur\u00e1lis \u00f6r\u00f6ks\u00e9ghez. \u0421\u04d9\u0442\u0442\u0456 \u043e\u049b\u0443 \u2013 Boldog tanul\u00e1st!<\/p>\n<\/div><\/div>\n\r\n<section class=\"learnNavigationSection\">\r\n            \r\n        <a href=\"https:\/\/talkpal.ai\/hu\/tanulj-kazahul\/\">\r\n            <div class=\"learnNavigationWrapper\">\r\n                <div class=\"learnNavigationContent\">\r\n                    <img decoding=\"async\" src=\"https:\/\/talkpal.ai\/wp-content\/uploads\/2024\/08\/Kazakh.jpg\" alt=\"Kazakh Flag\">\r\n                    <div>\r\n                        <h4>A kazah tanul\u00e1sr\u00f3l<\/h4>\r\n                        <p>Tudjon meg mindent a kazah nyelvtanr\u00f3l.<\/p>\r\n                    <\/div>\r\n                <\/div>\r\n            <\/div>\r\n        <\/a>\r\n\r\n        \r\n        <a href=\"https:\/\/talkpal.ai\/hu\/kazah-nyelvtani-gyakorlatok\/\">\r\n            <div class=\"learnNavigationWrapper\">\r\n                <div class=\"learnNavigationContent\">\r\n                    <img decoding=\"async\" src=\"https:\/\/talkpal.ai\/wp-content\/uploads\/2024\/08\/Kazakh.jpg\" alt=\"Kazakh Flag\">\r\n                    <div>\r\n                        <h4>Kazah nyelvtani gyakorlat<\/h4>\r\n                        <p>Gyakorolja a kazah nyelvtant.<\/p>\r\n                    <\/div>\r\n                <\/div>\r\n            <\/div>\r\n        <\/a>\r\n\r\n        \r\n        <a href=\"https:\/\/talkpal.ai\/vocabulary_language\/kazakh\/\">\r\n            <div class=\"learnNavigationWrapper\">\r\n                <div class=\"learnNavigationContent\">\r\n                    <img decoding=\"async\" src=\"https:\/\/talkpal.ai\/wp-content\/uploads\/2024\/08\/Kazakh.jpg\" alt=\"Kazakh Flag\">\r\n                    <div>\r\n                        <h4>Kazah sz\u00f3kincs<\/h4>\r\n                        <p>B\u0151v\u00edtse kazah sz\u00f3kincs\u00e9t.<\/p>\r\n                    <\/div>\r\n                <\/div>\r\n            <\/div>\r\n        <\/a>\r\n\r\n            <\/section>","protected":false},"excerpt":{"rendered":"<p>Kazah nyelvtan: A kazah nyelv titkainak felold\u00e1sa Amikor a kazah nyelv tanul\u00e1s\u00e1r\u00f3l van sz\u00f3, a kazah nyelvtan alapjainak meg\u00e9rt\u00e9se elengedhetetlen a titkok felt\u00e1r\u00e1s\u00e1hoz. B\u00e1r els\u0151re ijeszt\u0151nek t\u0171nhet, a nyelvtani rendszer egyedi tulajdons\u00e1gokkal b\u00fcszk\u00e9lkedhet, amelyek leny\u0171g\u00f6z\u0151v\u00e9 teszik a nyelvet. Ez a cikk a kazah nyelvtan legfontosabb aspektusait igyekszik megvil\u00e1g\u00edtani, \u00e9s egy t\u00e1rsalg\u00e1si \u00e9s inform\u00e1lis bevezet\u00e9st ny\u00fajt [&hellip;]<\/p>\n","protected":false},"author":1,"featured_media":114324,"parent":0,"menu_order":0,"comment_status":"closed","ping_status":"closed","template":"LearningContentPage.php","meta":{"_acf_changed":false,"footnotes":""},"class_list":["post-146497","page","type-page","status-publish","has-post-thumbnail","hentry"],"acf":[],"yoast_head":"<!-- This site is optimized with the Yoast SEO Premium plugin v27.2 (Yoast SEO v27.2) - https:\/\/yoast.com\/product\/yoast-seo-premium-wordpress\/ -->\n<title>Kazah nyelvtan - Talkpal<\/title>\n<meta name=\"description\" content=\"Saj\u00e1t\u00edtsa el a kazah nyelvtant k\u00f6nnyed\u00e9n - tanulja meg az alapvet\u0151 szab\u00e1lyokat, gyakorolja a mondatszerkezetet, \u00e9s gyorsan fejlessze a foly\u00e9kony besz\u00e9dk\u00e9szs\u00e9g\u00e9t.\" \/>\n<meta name=\"robots\" content=\"index, follow, max-snippet:-1, max-image-preview:large, max-video-preview:-1\" \/>\n<link rel=\"canonical\" href=\"https:\/\/talkpal.ai\/hu\/kazah-nyelvtan\/\" \/>\n<meta property=\"og:locale\" content=\"hu_HU\" \/>\n<meta property=\"og:type\" content=\"article\" \/>\n<meta property=\"og:title\" content=\"Kazah nyelvtan\" \/>\n<meta property=\"og:description\" content=\"Kazah nyelvtan: A kazah nyelv titkainak felold\u00e1sa Amikor a kazah nyelv tanul\u00e1s\u00e1r\u00f3l van sz\u00f3, a kazah nyelvtan alapjainak meg\u00e9rt\u00e9se elengedhetetlen a titkok\" \/>\n<meta property=\"og:url\" content=\"https:\/\/talkpal.ai\/hu\/kazah-nyelvtan\/\" \/>\n<meta property=\"og:site_name\" content=\"Talkpal\" \/>\n<meta property=\"article:publisher\" content=\"https:\/\/www.facebook.com\/profile.php?id=100090733639311\" \/>\n<meta property=\"article:modified_time\" content=\"2025-12-17T16:58:59+00:00\" \/>\n<meta property=\"og:image\" content=\"https:\/\/talkpal.ai\/wp-content\/uploads\/2023\/05\/kazakhstan.png\" \/>\n\t<meta property=\"og:image:width\" content=\"512\" \/>\n\t<meta property=\"og:image:height\" content=\"512\" \/>\n\t<meta property=\"og:image:type\" content=\"image\/png\" \/>\n<meta name=\"twitter:card\" content=\"summary_large_image\" \/>\n<meta name=\"twitter:site\" content=\"@talkpalai\" \/>\n<meta name=\"twitter:label1\" content=\"Becs\u00fclt olvas\u00e1si id\u0151\" \/>\n\t<meta name=\"twitter:data1\" content=\"3 perc\" \/>\n<script type=\"application\/ld+json\" class=\"yoast-schema-graph\">{\"@context\":\"https:\/\/schema.org\",\"@graph\":[{\"@type\":\"WebPage\",\"@id\":\"https:\/\/talkpal.ai\/hu\/kazah-nyelvtan\/\",\"url\":\"https:\/\/talkpal.ai\/hu\/kazah-nyelvtan\/\",\"name\":\"Kazah nyelvtan - Talkpal\",\"isPartOf\":{\"@id\":\"https:\/\/talkpal.ai\/hu\/#website\"},\"primaryImageOfPage\":{\"@id\":\"https:\/\/talkpal.ai\/hu\/kazah-nyelvtan\/#primaryimage\"},\"image\":{\"@id\":\"https:\/\/talkpal.ai\/hu\/kazah-nyelvtan\/#primaryimage\"},\"thumbnailUrl\":\"https:\/\/talkpal.ai\/wp-content\/uploads\/2023\/05\/kazakhstan.png\",\"datePublished\":\"2023-05-14T14:11:00+00:00\",\"dateModified\":\"2025-12-17T16:58:59+00:00\",\"description\":\"Saj\u00e1t\u00edtsa el a kazah nyelvtant k\u00f6nnyed\u00e9n - tanulja meg az alapvet\u0151 szab\u00e1lyokat, gyakorolja a mondatszerkezetet, \u00e9s gyorsan fejlessze a foly\u00e9kony besz\u00e9dk\u00e9szs\u00e9g\u00e9t.\",\"breadcrumb\":{\"@id\":\"https:\/\/talkpal.ai\/hu\/kazah-nyelvtan\/#breadcrumb\"},\"inLanguage\":\"hu\",\"potentialAction\":[{\"@type\":\"ReadAction\",\"target\":[\"https:\/\/talkpal.ai\/hu\/kazah-nyelvtan\/\"]}]},{\"@type\":\"ImageObject\",\"inLanguage\":\"hu\",\"@id\":\"https:\/\/talkpal.ai\/hu\/kazah-nyelvtan\/#primaryimage\",\"url\":\"https:\/\/talkpal.ai\/wp-content\/uploads\/2023\/05\/kazakhstan.png\",\"contentUrl\":\"https:\/\/talkpal.ai\/wp-content\/uploads\/2023\/05\/kazakhstan.png\",\"width\":512,\"height\":512},{\"@type\":\"BreadcrumbList\",\"@id\":\"https:\/\/talkpal.ai\/hu\/kazah-nyelvtan\/#breadcrumb\",\"itemListElement\":[{\"@type\":\"ListItem\",\"position\":1,\"name\":\"Homepage\",\"item\":\"https:\/\/talkpal.ai\/hu\/\"},{\"@type\":\"ListItem\",\"position\":2,\"name\":\"Kazah nyelvtan\"}]},{\"@type\":\"WebSite\",\"@id\":\"https:\/\/talkpal.ai\/hu\/#website\",\"url\":\"https:\/\/talkpal.ai\/hu\/\",\"name\":\"Talkpal\",\"description\":\"AI Language Learning\",\"publisher\":{\"@id\":\"https:\/\/talkpal.ai\/hu\/#organization\"},\"alternateName\":\"Talkpal AI\",\"potentialAction\":[{\"@type\":\"SearchAction\",\"target\":{\"@type\":\"EntryPoint\",\"urlTemplate\":\"https:\/\/talkpal.ai\/hu\/?s={search_term_string}\"},\"query-input\":{\"@type\":\"PropertyValueSpecification\",\"valueRequired\":true,\"valueName\":\"search_term_string\"}}],\"inLanguage\":\"hu\"},{\"@type\":\"Organization\",\"@id\":\"https:\/\/talkpal.ai\/hu\/#organization\",\"name\":\"Talkpal, Inc.\",\"alternateName\":\"Talkpal AI\",\"url\":\"https:\/\/talkpal.ai\/hu\/\",\"logo\":{\"@type\":\"ImageObject\",\"inLanguage\":\"hu\",\"@id\":\"https:\/\/talkpal.ai\/hu\/#\/schema\/logo\/image\/\",\"url\":\"https:\/\/talkpal.ai\/wp-content\/uploads\/2024\/03\/Talkpal-Logo-Icon.png\",\"contentUrl\":\"https:\/\/talkpal.ai\/wp-content\/uploads\/2024\/03\/Talkpal-Logo-Icon.png\",\"width\":2880,\"height\":2880,\"caption\":\"Talkpal, Inc.\"},\"image\":{\"@id\":\"https:\/\/talkpal.ai\/hu\/#\/schema\/logo\/image\/\"},\"sameAs\":[\"https:\/\/www.facebook.com\/profile.php?id=100090733639311\",\"https:\/\/x.com\/talkpalai\",\"https:\/\/www.linkedin.com\/company\/talkpal\/\",\"https:\/\/www.youtube.com\/@TalkPal\/\",\"https:\/\/www.tiktok.com\/@talkpal\",\"https:\/\/www.instagram.com\/talkpal_ai\/\",\"https:\/\/www.crunchbase.com\/organization\/talkpal-9cde\",\"https:\/\/www.g2.com\/products\/talkpal-for-business\/\",\"https:\/\/www.trustpilot.com\/review\/talkpal.ai\",\"https:\/\/www.capterra.com\/p\/10006800\/TalkPal\/\"],\"description\":\"Talkpal is a language learning web and mobile education app, powered by the latest AI technologies, that provides engaging experiences to its customers in many different languages to help them improve their language skills. Users can chat about unlimited amount of topics with the app and use other modes to practice their language learning.\",\"email\":\"support@talkpal.ai\",\"legalName\":\"Talkpal, Inc.\",\"foundingDate\":\"2023-04-03\",\"duns\":\"118989042\",\"numberOfEmployees\":{\"@type\":\"QuantitativeValue\",\"minValue\":\"11\",\"maxValue\":\"50\"},\"publishingPrinciples\":\"https:\/\/talkpal.ai\/publishing-principles\/\",\"actionableFeedbackPolicy\":\"https:\/\/talkpal.ai\/actionable-feedback-policy\/\",\"correctionsPolicy\":\"https:\/\/talkpal.ai\/corrections-policy\/\",\"ethicsPolicy\":\"https:\/\/talkpal.ai\/ethics-policy\/\",\"diversityPolicy\":\"https:\/\/talkpal.ai\/diversity-policy\/\",\"diversityStaffingReport\":\"https:\/\/talkpal.ai\/diversity-policy\/\"}]}<\/script>\n<!-- \/ Yoast SEO Premium plugin. -->","yoast_head_json":{"title":"Kazah nyelvtan - Talkpal","description":"Saj\u00e1t\u00edtsa el a kazah nyelvtant k\u00f6nnyed\u00e9n - tanulja meg az alapvet\u0151 szab\u00e1lyokat, gyakorolja a mondatszerkezetet, \u00e9s gyorsan fejlessze a foly\u00e9kony besz\u00e9dk\u00e9szs\u00e9g\u00e9t.","robots":{"index":"index","follow":"follow","max-snippet":"max-snippet:-1","max-image-preview":"max-image-preview:large","max-video-preview":"max-video-preview:-1"},"canonical":"https:\/\/talkpal.ai\/hu\/kazah-nyelvtan\/","og_locale":"hu_HU","og_type":"article","og_title":"Kazah nyelvtan","og_description":"Kazah nyelvtan: A kazah nyelv titkainak felold\u00e1sa Amikor a kazah nyelv tanul\u00e1s\u00e1r\u00f3l van sz\u00f3, a kazah nyelvtan alapjainak meg\u00e9rt\u00e9se elengedhetetlen a titkok","og_url":"https:\/\/talkpal.ai\/hu\/kazah-nyelvtan\/","og_site_name":"Talkpal","article_publisher":"https:\/\/www.facebook.com\/profile.php?id=100090733639311","article_modified_time":"2025-12-17T16:58:59+00:00","og_image":[{"width":512,"height":512,"url":"https:\/\/talkpal.ai\/wp-content\/uploads\/2023\/05\/kazakhstan.png","type":"image\/png"}],"twitter_card":"summary_large_image","twitter_site":"@talkpalai","twitter_misc":{"Becs\u00fclt olvas\u00e1si id\u0151":"3 perc"},"schema":{"@context":"https:\/\/schema.org","@graph":[{"@type":"WebPage","@id":"https:\/\/talkpal.ai\/hu\/kazah-nyelvtan\/","url":"https:\/\/talkpal.ai\/hu\/kazah-nyelvtan\/","name":"Kazah nyelvtan - Talkpal","isPartOf":{"@id":"https:\/\/talkpal.ai\/hu\/#website"},"primaryImageOfPage":{"@id":"https:\/\/talkpal.ai\/hu\/kazah-nyelvtan\/#primaryimage"},"image":{"@id":"https:\/\/talkpal.ai\/hu\/kazah-nyelvtan\/#primaryimage"},"thumbnailUrl":"https:\/\/talkpal.ai\/wp-content\/uploads\/2023\/05\/kazakhstan.png","datePublished":"2023-05-14T14:11:00+00:00","dateModified":"2025-12-17T16:58:59+00:00","description":"Saj\u00e1t\u00edtsa el a kazah nyelvtant k\u00f6nnyed\u00e9n - tanulja meg az alapvet\u0151 szab\u00e1lyokat, gyakorolja a mondatszerkezetet, \u00e9s gyorsan fejlessze a foly\u00e9kony besz\u00e9dk\u00e9szs\u00e9g\u00e9t.","breadcrumb":{"@id":"https:\/\/talkpal.ai\/hu\/kazah-nyelvtan\/#breadcrumb"},"inLanguage":"hu","potentialAction":[{"@type":"ReadAction","target":["https:\/\/talkpal.ai\/hu\/kazah-nyelvtan\/"]}]},{"@type":"ImageObject","inLanguage":"hu","@id":"https:\/\/talkpal.ai\/hu\/kazah-nyelvtan\/#primaryimage","url":"https:\/\/talkpal.ai\/wp-content\/uploads\/2023\/05\/kazakhstan.png","contentUrl":"https:\/\/talkpal.ai\/wp-content\/uploads\/2023\/05\/kazakhstan.png","width":512,"height":512},{"@type":"BreadcrumbList","@id":"https:\/\/talkpal.ai\/hu\/kazah-nyelvtan\/#breadcrumb","itemListElement":[{"@type":"ListItem","position":1,"name":"Homepage","item":"https:\/\/talkpal.ai\/hu\/"},{"@type":"ListItem","position":2,"name":"Kazah nyelvtan"}]},{"@type":"WebSite","@id":"https:\/\/talkpal.ai\/hu\/#website","url":"https:\/\/talkpal.ai\/hu\/","name":"Talkpal","description":"AI Language Learning","publisher":{"@id":"https:\/\/talkpal.ai\/hu\/#organization"},"alternateName":"Talkpal AI","potentialAction":[{"@type":"SearchAction","target":{"@type":"EntryPoint","urlTemplate":"https:\/\/talkpal.ai\/hu\/?s={search_term_string}"},"query-input":{"@type":"PropertyValueSpecification","valueRequired":true,"valueName":"search_term_string"}}],"inLanguage":"hu"},{"@type":"Organization","@id":"https:\/\/talkpal.ai\/hu\/#organization","name":"Talkpal, Inc.","alternateName":"Talkpal AI","url":"https:\/\/talkpal.ai\/hu\/","logo":{"@type":"ImageObject","inLanguage":"hu","@id":"https:\/\/talkpal.ai\/hu\/#\/schema\/logo\/image\/","url":"https:\/\/talkpal.ai\/wp-content\/uploads\/2024\/03\/Talkpal-Logo-Icon.png","contentUrl":"https:\/\/talkpal.ai\/wp-content\/uploads\/2024\/03\/Talkpal-Logo-Icon.png","width":2880,"height":2880,"caption":"Talkpal, Inc."},"image":{"@id":"https:\/\/talkpal.ai\/hu\/#\/schema\/logo\/image\/"},"sameAs":["https:\/\/www.facebook.com\/profile.php?id=100090733639311","https:\/\/x.com\/talkpalai","https:\/\/www.linkedin.com\/company\/talkpal\/","https:\/\/www.youtube.com\/@TalkPal\/","https:\/\/www.tiktok.com\/@talkpal","https:\/\/www.instagram.com\/talkpal_ai\/","https:\/\/www.crunchbase.com\/organization\/talkpal-9cde","https:\/\/www.g2.com\/products\/talkpal-for-business\/","https:\/\/www.trustpilot.com\/review\/talkpal.ai","https:\/\/www.capterra.com\/p\/10006800\/TalkPal\/"],"description":"Talkpal is a language learning web and mobile education app, powered by the latest AI technologies, that provides engaging experiences to its customers in many different languages to help them improve their language skills. Users can chat about unlimited amount of topics with the app and use other modes to practice their language learning.","email":"support@talkpal.ai","legalName":"Talkpal, Inc.","foundingDate":"2023-04-03","duns":"118989042","numberOfEmployees":{"@type":"QuantitativeValue","minValue":"11","maxValue":"50"},"publishingPrinciples":"https:\/\/talkpal.ai\/publishing-principles\/","actionableFeedbackPolicy":"https:\/\/talkpal.ai\/actionable-feedback-policy\/","correctionsPolicy":"https:\/\/talkpal.ai\/corrections-policy\/","ethicsPolicy":"https:\/\/talkpal.ai\/ethics-policy\/","diversityPolicy":"https:\/\/talkpal.ai\/diversity-policy\/","diversityStaffingReport":"https:\/\/talkpal.ai\/diversity-policy\/"}]}},"_links":{"self":[{"href":"https:\/\/talkpal.ai\/hu\/wp-json\/wp\/v2\/pages\/146497","targetHints":{"allow":["GET"]}}],"collection":[{"href":"https:\/\/talkpal.ai\/hu\/wp-json\/wp\/v2\/pages"}],"about":[{"href":"https:\/\/talkpal.ai\/hu\/wp-json\/wp\/v2\/types\/page"}],"author":[{"embeddable":true,"href":"https:\/\/talkpal.ai\/hu\/wp-json\/wp\/v2\/users\/1"}],"replies":[{"embeddable":true,"href":"https:\/\/talkpal.ai\/hu\/wp-json\/wp\/v2\/comments?post=146497"}],"version-history":[{"count":0,"href":"https:\/\/talkpal.ai\/hu\/wp-json\/wp\/v2\/pages\/146497\/revisions"}],"wp:featuredmedia":[{"embeddable":true,"href":"https:\/\/talkpal.ai\/hu\/wp-json\/wp\/v2\/media\/114324"}],"wp:attachment":[{"href":"https:\/\/talkpal.ai\/hu\/wp-json\/wp\/v2\/media?parent=146497"}],"curies":[{"name":"wp","href":"https:\/\/api.w.org\/{rel}","templated":true}]}}