{"id":1462160,"date":"2025-10-22T12:21:47","date_gmt":"2025-10-22T12:21:47","guid":{"rendered":"https:\/\/talkpal.ai\/talkpal-kedvezmeny-diakoknak\/"},"modified":"2026-01-22T14:57:27","modified_gmt":"2026-01-22T14:57:27","slug":"talkpal-kedvezmeny-diakoknak","status":"publish","type":"page","link":"https:\/\/talkpal.ai\/hu\/talkpal-kedvezmeny-diakoknak\/","title":{"rendered":"Talkpal kedvezm\u00e9ny di\u00e1koknak"},"content":{"rendered":"<section class=\"languageChallengeSection\">\r\n    <div class=\"languageInfoWrapper\">\r\n        \r\n        <h1>Talkpal kedvezm\u00e9ny di\u00e1koknak<\/h1>\r\n        <p>Di\u00e1k vagy, aki fejleszteni szeretn\u00e9 nyelvtud\u00e1s\u00e1t? A Talkpal exkluz\u00edv, 79%-os di\u00e1kkedvezm\u00e9nyt k\u00edn\u00e1l, hogy gyorsabban \u00e9s okosabban tanulj. Hozz\u00e1f\u00e9rhet az \u00f6sszes pr\u00e9mium funkci\u00f3hoz, gyakorolhatja a val\u00f3di besz\u00e9lget\u00e9seket a mesters\u00e9ges intelligenci\u00e1val, \u00e9s foly\u00e9konyan besz\u00e9lhet f\u00e9l\u00e1ron.<\/p>\r\n\r\n                    <a class=\"getStartedHidden\" href=\"https:\/\/app.talkpal.ai\/signup?discount=50\">\r\n                Kedvezm\u00e9ny            <\/a>\r\n            <\/div>\r\n\r\n            <figure>\r\n            <img decoding=\"async\" class=\"no-lazy\" src=\"https:\/\/talkpal.ai\/wp-content\/uploads\/2026\/01\/group-with-phone-in-circle.webp\" alt=\"\" fetchpriority=\"high\" \/>\r\n        <\/figure>\r\n        \r\n                    <a class=\"getStartedVisible\" href=\"https:\/\/app.talkpal.ai\/signup?discount=50\">\r\n                Kedvezm\u00e9ny            <\/a>\r\n        <\/section><section class=\"featureSection\">\r\n    <div class=\"featureIntroduce\">\r\n        <a class=\"introduceLink\" href=\"https:\/\/app.talkpal.ai\/hu\/signup?lng=\">\r\n            <img decoding=\"async\" src=\"https:\/\/talkpal.ai\/wp-content\/themes\/talkpal\/assets\/img\/Sparkle.svg\" alt=\"\" \/>a legfejlettebb\n  AI<\/a>\r\n        <h3 class=\"featureTitle\">A talkpal k\u00fcl\u00f6nbs\u00e9g<\/h3>\r\n    <\/div>\r\n            <div class=\"introduceWrapper\">\r\n                            <a class=\"introducCard\" href=\"https:\/\/app.talkpal.ai\/hu\/signup?lng=\">\r\n\r\n                    \r\n                                                <img decoding=\"async\" src=\"https:\/\/talkpal.ai\/wp-content\/uploads\/2025\/05\/Immersive_conversations.png\" alt=\"Immersive Conversation Screenshot\" \/>\r\n                        <h4 class=\"introduceTitle\">Szem\u00e9lyre szabott oktat\u00e1s<\/h4>\r\n                        <p class=\"cardText\">Minden di\u00e1k m\u00e1sk\u00e9pp tanul, \u00e9s az \u00faj nyelv elsaj\u00e1t\u00edt\u00e1s\u00e1hoz vezet\u0151 \u00fatja is. A Talkpaln\u00e1l fejlett mesters\u00e9ges intelligencia technol\u00f3gi\u00e1t haszn\u00e1lunk annak meg\u00e9rt\u00e9s\u00e9re, hogy di\u00e1kok milli\u00f3i tanulnak nyelveket nap mint nap. Ez seg\u00edt nek\u00fcnk szem\u00e9lyre szabott, hat\u00e9kony \u00e9s vonz\u00f3 tanul\u00e1si \u00e9lm\u00e9nyeket l\u00e9trehozni, amelyeket kifejezetten az \u00d6nh\u00f6z hasonl\u00f3 di\u00e1kok sz\u00e1m\u00e1ra tervezt\u00fcnk.<\/p>\r\n                    \r\n                <\/a>\r\n                            <a class=\"introducCard\" href=\"https:\/\/app.talkpal.ai\/hu\/signup?lng=\">\r\n\r\n                    \r\n                                                <img decoding=\"async\" src=\"https:\/\/talkpal.ai\/wp-content\/uploads\/2025\/05\/Realtime_feedback.png\" alt=\"Feedback Screenshot\" \/>\r\n                        <h4 class=\"introduceTitle\">\u00c9lvonalbeli technol\u00f3gia<\/h4>\r\n                        <p class=\"cardText\">K\u00fcldet\u00e9s\u00fcnk, hogy a szem\u00e9lyre szabott nyelvtanul\u00e1st minden di\u00e1k sz\u00e1m\u00e1ra el\u00e9rhet\u0151v\u00e9 tegy\u00fck a mesters\u00e9ges intelligencia leg\u00fajabb innov\u00e1ci\u00f3inak bev\u00e1lt oktat\u00e1si m\u00f3dszerekkel val\u00f3 kombin\u00e1l\u00e1s\u00e1val. A Talkpal seg\u00edts\u00e9g\u00e9vel nem csak leck\u00e9ket vesz ig\u00e9nybe, hanem szem\u00e9lyre szabott utaz\u00e1st tapasztal meg, amely alkalmazkodik az \u00d6n temp\u00f3j\u00e1hoz, st\u00edlus\u00e1hoz \u00e9s c\u00e9ljaihoz.<\/p>\r\n                    \r\n                <\/a>\r\n                            <a class=\"introducCard\" href=\"https:\/\/app.talkpal.ai\/hu\/signup?lng=\">\r\n\r\n                    \r\n                                                <img decoding=\"async\" src=\"https:\/\/talkpal.ai\/wp-content\/uploads\/2025\/05\/Personalization.png\" alt=\"Personalization Screenshot\" \/>\r\n                        <h4 class=\"introduceTitle\">A tanul\u00e1s sz\u00f3rakoztat\u00f3v\u00e1 t\u00e9tele<\/h4>\r\n                        <p class=\"cardText\">Hissz\u00fck, hogy a nyelvtanul\u00e1snak sz\u00f3rakoztat\u00f3nak \u00e9s motiv\u00e1l\u00f3nak kell lennie. Ez\u00e9rt a Talkpal \u00fagy k\u00e9sz\u00fclt, hogy a di\u00e1kok elk\u00f6telezettek \u00e9s inspir\u00e1l\u00f3djanak \u2013 \u00edgy a tanul\u00e1s kev\u00e9sb\u00e9 t\u0171nik tanul\u00e1snak, hanem izgalmas kalandnak. Csatlakozz t\u00f6bb ezer di\u00e1khoz szerte a vil\u00e1gon, \u00e9s kezdd el elsaj\u00e1t\u00edtani a k\u00f6vetkez\u0151 nyelvedet a Talkpal seg\u00edts\u00e9g\u00e9vel!<\/p>\r\n                    \r\n                <\/a>\r\n                            <\/div>\r\n                     <a class=\"featureSectionLink\" href=\"https:\/\/app.talkpal.ai\/signup?discount=50\">\r\n                Kedvezm\u00e9ny            <\/a>\r\n                \r\n<\/section>\r\n\r\n\r\n<section class=\"smartFunSection\">\r\n            \r\n            <div class=\"smartFunCard\">\r\n                <div class=\"smartFunWrapper\"><img decoding=\"async\" src=\"https:\/\/talkpal.ai\/wp-content\/uploads\/2025\/05\/1.png\" alt=\"Learning Stats Screenshot\"><\/div>\r\n                <h3>\u00d6nre szabva<\/h3>\r\n                <p>A Talkpal mesters\u00e9ges intelligencia \u00e1ltal vez\u00e9relt technol\u00f3gi\u00e1t haszn\u00e1l, hogy szem\u00e9lyre szabott nyelvtanul\u00e1si foglalkoz\u00e1sokat biztos\u00edtson az egyes tanul\u00f3k szintj\u00e9hez \u00e9s temp\u00f3j\u00e1hoz igaz\u00edtva. Minden leck\u00e9t \u00fagy alak\u00edtottunk ki, hogy megfeleljen egy\u00e9ni tanul\u00e1si ig\u00e9nyeinek, \u00e9s seg\u00edtsen a folyamatos fejl\u0151d\u00e9sben.<\/p>\r\n            <\/div>\r\n\r\n        \r\n            <div class=\"smartFunCard\">\r\n                <div class=\"smartFunWrapper\"><img decoding=\"async\" src=\"https:\/\/talkpal.ai\/wp-content\/uploads\/2025\/05\/2.png\" alt=\"Pronunciation Score Screenshot\"><\/div>\r\n                <h3>Hat\u00e9kony \u00e9s hat\u00e9kony<\/h3>\r\n                <p>Fejlessze hat\u00e9konyan olvas\u00e1si, hall\u00e1si \u00e9s besz\u00e9dk\u00e9szs\u00e9g\u00e9t a Talkpal seg\u00edts\u00e9g\u00e9vel. Innovat\u00edv tanul\u00e1si eszk\u00f6zeinket \u00fagy alak\u00edtottuk ki, hogy a nyelvtanul\u00e1st hat\u00e9konys\u00e1 \u00e9s \u00e9lvezetess\u00e9 tegy\u00e9k minden h\u00e1tt\u00e9rrel rendelkez\u0151 di\u00e1k sz\u00e1m\u00e1ra.<\/p>\r\n            <\/div>\r\n\r\n        \r\n            <div class=\"smartFunCard\">\r\n                <div class=\"smartFunWrapper\"><img decoding=\"async\" src=\"https:\/\/talkpal.ai\/wp-content\/uploads\/2025\/05\/3.png\" alt=\"Chat Topics Screenshot\"><\/div>\r\n                <h3>Maradjon elk\u00f6telezett<\/h3>\r\n                <p>A platform j\u00e1t\u00e9kos elemeket, lebilincsel\u0151 kih\u00edv\u00e1sokat \u00e9s elgondolkodtat\u00f3 k\u00e9rd\u00e9seket \u00f6tv\u00f6z, hogy a di\u00e1kok motiv\u00e1ltak \u00e9s k\u00f6vetkezetesek maradjanak. A Talkpal seg\u00edts\u00e9g\u00e9vel a nyelvtanul\u00e1s sz\u00f3rakoztat\u00f3 napi szok\u00e1ss\u00e1 v\u00e1lik \u2013 nem feladatt\u00e1.<\/p>\r\n            <\/div>\r\n\r\n        \r\n            <div class=\"smartFunCard\">\r\n                <div class=\"smartFunWrapper\"><img decoding=\"async\" src=\"https:\/\/talkpal.ai\/wp-content\/uploads\/2025\/05\/4.png\" alt=\"Dashboard Screenshot\"><\/div>\r\n                <h3>\u00c9lvezze a tanul\u00e1st<\/h3>\r\n                <p>Egy \u00faj nyelv elsaj\u00e1t\u00edt\u00e1s\u00e1nak nem kell unalmasnak lennie. A Talkpal interakt\u00edv gyakorlatokat, \u00e9l\u00e9nk karaktereket \u00e9s m\u00e9g humoros mesters\u00e9ges intelligencia besz\u00e9lget\u00e9seket is k\u00edn\u00e1l, hogy a tanul\u00e1s minden di\u00e1k napj\u00e1nak \u00e9lvezetes \u00e9s inspir\u00e1l\u00f3 r\u00e9sz\u00e9v\u00e9 v\u00e1ljon.<\/p>\r\n            <\/div>\r\n\r\n            \r\n<\/section>\r\n\r\n<section class=\"promotionalBanner\">\r\n    <p class=\"promotionalText\">Talkpal di\u00e1koknak &#8211; Kezdje el a tanul\u00e1st kedvezm\u00e9nyes \u00e1ron<\/p>\r\n                <a class=\"promotionalLink\" href=\"https:\/\/app.talkpal.ai\/signup?discount=50\">\r\n                Kedvezm\u00e9ny            <\/a>\r\n            \r\n<\/section>","protected":false},"excerpt":{"rendered":"","protected":false},"author":10,"featured_media":0,"parent":0,"menu_order":0,"comment_status":"closed","ping_status":"closed","template":"LearningContentPage.php","meta":{"_acf_changed":false,"footnotes":""},"class_list":["post-1462160","page","type-page","status-publish","hentry"],"acf":[],"yoast_head":"<!-- This site is optimized with the Yoast SEO Premium plugin v27.2 (Yoast SEO v27.2) - https:\/\/yoast.com\/product\/yoast-seo-premium-wordpress\/ -->\n<title>Talkpal kedvezm\u00e9ny di\u00e1koknak - Talkpal<\/title>\n<meta name=\"description\" content=\"Szerezz exkluz\u00edv 79%-os di\u00e1kkedvezm\u00e9nyt a Talkpalon, hogy gyorsabban tanulj nyelveket szem\u00e9lyre szabott AI besz\u00e9lget\u00e9sgyakorlattal.\" \/>\n<meta name=\"robots\" content=\"index, follow, max-snippet:-1, max-image-preview:large, max-video-preview:-1\" \/>\n<link rel=\"canonical\" href=\"https:\/\/talkpal.ai\/hu\/talkpal-kedvezmeny-diakoknak\/\" \/>\n<meta property=\"og:locale\" content=\"hu_HU\" \/>\n<meta property=\"og:type\" content=\"article\" \/>\n<meta property=\"og:title\" content=\"Talkpal kedvezm\u00e9ny di\u00e1koknak\" \/>\n<meta property=\"og:url\" content=\"https:\/\/talkpal.ai\/hu\/talkpal-kedvezmeny-diakoknak\/\" \/>\n<meta property=\"og:site_name\" content=\"Talkpal\" \/>\n<meta property=\"article:publisher\" content=\"https:\/\/www.facebook.com\/profile.php?id=100090733639311\" \/>\n<meta property=\"article:modified_time\" content=\"2026-01-22T14:57:27+00:00\" \/>\n<meta property=\"og:image\" content=\"https:\/\/talkpal.ai\/wp-content\/uploads\/2025\/02\/Progress-tab-16_9.png\" \/>\n\t<meta property=\"og:image:width\" content=\"2880\" \/>\n\t<meta property=\"og:image:height\" content=\"1620\" \/>\n\t<meta property=\"og:image:type\" content=\"image\/png\" \/>\n<meta name=\"twitter:card\" content=\"summary_large_image\" \/>\n<meta name=\"twitter:site\" content=\"@talkpalai\" \/>\n<script type=\"application\/ld+json\" class=\"yoast-schema-graph\">{\"@context\":\"https:\/\/schema.org\",\"@graph\":[{\"@type\":\"WebPage\",\"@id\":\"https:\/\/talkpal.ai\/hu\/talkpal-kedvezmeny-diakoknak\/\",\"url\":\"https:\/\/talkpal.ai\/hu\/talkpal-kedvezmeny-diakoknak\/\",\"name\":\"Talkpal kedvezm\u00e9ny di\u00e1koknak - Talkpal\",\"isPartOf\":{\"@id\":\"https:\/\/talkpal.ai\/hu\/#website\"},\"datePublished\":\"2025-10-22T12:21:47+00:00\",\"dateModified\":\"2026-01-22T14:57:27+00:00\",\"description\":\"Szerezz exkluz\u00edv 79%-os di\u00e1kkedvezm\u00e9nyt a Talkpalon, hogy gyorsabban tanulj nyelveket szem\u00e9lyre szabott AI besz\u00e9lget\u00e9sgyakorlattal.\",\"breadcrumb\":{\"@id\":\"https:\/\/talkpal.ai\/hu\/talkpal-kedvezmeny-diakoknak\/#breadcrumb\"},\"inLanguage\":\"hu\",\"potentialAction\":[{\"@type\":\"ReadAction\",\"target\":[\"https:\/\/talkpal.ai\/hu\/talkpal-kedvezmeny-diakoknak\/\"]}]},{\"@type\":\"BreadcrumbList\",\"@id\":\"https:\/\/talkpal.ai\/hu\/talkpal-kedvezmeny-diakoknak\/#breadcrumb\",\"itemListElement\":[{\"@type\":\"ListItem\",\"position\":1,\"name\":\"Homepage\",\"item\":\"https:\/\/talkpal.ai\/hu\/\"},{\"@type\":\"ListItem\",\"position\":2,\"name\":\"Talkpal kedvezm\u00e9ny di\u00e1koknak\"}]},{\"@type\":\"WebSite\",\"@id\":\"https:\/\/talkpal.ai\/hu\/#website\",\"url\":\"https:\/\/talkpal.ai\/hu\/\",\"name\":\"Talkpal\",\"description\":\"AI Language Learning\",\"publisher\":{\"@id\":\"https:\/\/talkpal.ai\/hu\/#organization\"},\"alternateName\":\"Talkpal AI\",\"potentialAction\":[{\"@type\":\"SearchAction\",\"target\":{\"@type\":\"EntryPoint\",\"urlTemplate\":\"https:\/\/talkpal.ai\/hu\/?s={search_term_string}\"},\"query-input\":{\"@type\":\"PropertyValueSpecification\",\"valueRequired\":true,\"valueName\":\"search_term_string\"}}],\"inLanguage\":\"hu\"},{\"@type\":\"Organization\",\"@id\":\"https:\/\/talkpal.ai\/hu\/#organization\",\"name\":\"Talkpal, Inc.\",\"alternateName\":\"Talkpal AI\",\"url\":\"https:\/\/talkpal.ai\/hu\/\",\"logo\":{\"@type\":\"ImageObject\",\"inLanguage\":\"hu\",\"@id\":\"https:\/\/talkpal.ai\/hu\/#\/schema\/logo\/image\/\",\"url\":\"https:\/\/talkpal.ai\/wp-content\/uploads\/2024\/03\/Talkpal-Logo-Icon.png\",\"contentUrl\":\"https:\/\/talkpal.ai\/wp-content\/uploads\/2024\/03\/Talkpal-Logo-Icon.png\",\"width\":2880,\"height\":2880,\"caption\":\"Talkpal, Inc.\"},\"image\":{\"@id\":\"https:\/\/talkpal.ai\/hu\/#\/schema\/logo\/image\/\"},\"sameAs\":[\"https:\/\/www.facebook.com\/profile.php?id=100090733639311\",\"https:\/\/x.com\/talkpalai\",\"https:\/\/www.linkedin.com\/company\/talkpal\/\",\"https:\/\/www.youtube.com\/@TalkPal\/\",\"https:\/\/www.tiktok.com\/@talkpal\",\"https:\/\/www.instagram.com\/talkpal_ai\/\",\"https:\/\/www.crunchbase.com\/organization\/talkpal-9cde\",\"https:\/\/www.g2.com\/products\/talkpal-for-business\/\",\"https:\/\/www.trustpilot.com\/review\/talkpal.ai\",\"https:\/\/www.capterra.com\/p\/10006800\/TalkPal\/\"],\"description\":\"Talkpal is a language learning web and mobile education app, powered by the latest AI technologies, that provides engaging experiences to its customers in many different languages to help them improve their language skills. Users can chat about unlimited amount of topics with the app and use other modes to practice their language learning.\",\"email\":\"support@talkpal.ai\",\"legalName\":\"Talkpal, Inc.\",\"foundingDate\":\"2023-04-03\",\"duns\":\"118989042\",\"numberOfEmployees\":{\"@type\":\"QuantitativeValue\",\"minValue\":\"11\",\"maxValue\":\"50\"},\"publishingPrinciples\":\"https:\/\/talkpal.ai\/publishing-principles\/\",\"actionableFeedbackPolicy\":\"https:\/\/talkpal.ai\/actionable-feedback-policy\/\",\"correctionsPolicy\":\"https:\/\/talkpal.ai\/corrections-policy\/\",\"ethicsPolicy\":\"https:\/\/talkpal.ai\/ethics-policy\/\",\"diversityPolicy\":\"https:\/\/talkpal.ai\/diversity-policy\/\",\"diversityStaffingReport\":\"https:\/\/talkpal.ai\/diversity-policy\/\"}]}<\/script>\n<!-- \/ Yoast SEO Premium plugin. -->","yoast_head_json":{"title":"Talkpal kedvezm\u00e9ny di\u00e1koknak - Talkpal","description":"Szerezz exkluz\u00edv 79%-os di\u00e1kkedvezm\u00e9nyt a Talkpalon, hogy gyorsabban tanulj nyelveket szem\u00e9lyre szabott AI besz\u00e9lget\u00e9sgyakorlattal.","robots":{"index":"index","follow":"follow","max-snippet":"max-snippet:-1","max-image-preview":"max-image-preview:large","max-video-preview":"max-video-preview:-1"},"canonical":"https:\/\/talkpal.ai\/hu\/talkpal-kedvezmeny-diakoknak\/","og_locale":"hu_HU","og_type":"article","og_title":"Talkpal kedvezm\u00e9ny di\u00e1koknak","og_url":"https:\/\/talkpal.ai\/hu\/talkpal-kedvezmeny-diakoknak\/","og_site_name":"Talkpal","article_publisher":"https:\/\/www.facebook.com\/profile.php?id=100090733639311","article_modified_time":"2026-01-22T14:57:27+00:00","og_image":[{"width":2880,"height":1620,"url":"https:\/\/talkpal.ai\/wp-content\/uploads\/2025\/02\/Progress-tab-16_9.png","type":"image\/png"}],"twitter_card":"summary_large_image","twitter_site":"@talkpalai","schema":{"@context":"https:\/\/schema.org","@graph":[{"@type":"WebPage","@id":"https:\/\/talkpal.ai\/hu\/talkpal-kedvezmeny-diakoknak\/","url":"https:\/\/talkpal.ai\/hu\/talkpal-kedvezmeny-diakoknak\/","name":"Talkpal kedvezm\u00e9ny di\u00e1koknak - Talkpal","isPartOf":{"@id":"https:\/\/talkpal.ai\/hu\/#website"},"datePublished":"2025-10-22T12:21:47+00:00","dateModified":"2026-01-22T14:57:27+00:00","description":"Szerezz exkluz\u00edv 79%-os di\u00e1kkedvezm\u00e9nyt a Talkpalon, hogy gyorsabban tanulj nyelveket szem\u00e9lyre szabott AI besz\u00e9lget\u00e9sgyakorlattal.","breadcrumb":{"@id":"https:\/\/talkpal.ai\/hu\/talkpal-kedvezmeny-diakoknak\/#breadcrumb"},"inLanguage":"hu","potentialAction":[{"@type":"ReadAction","target":["https:\/\/talkpal.ai\/hu\/talkpal-kedvezmeny-diakoknak\/"]}]},{"@type":"BreadcrumbList","@id":"https:\/\/talkpal.ai\/hu\/talkpal-kedvezmeny-diakoknak\/#breadcrumb","itemListElement":[{"@type":"ListItem","position":1,"name":"Homepage","item":"https:\/\/talkpal.ai\/hu\/"},{"@type":"ListItem","position":2,"name":"Talkpal kedvezm\u00e9ny di\u00e1koknak"}]},{"@type":"WebSite","@id":"https:\/\/talkpal.ai\/hu\/#website","url":"https:\/\/talkpal.ai\/hu\/","name":"Talkpal","description":"AI Language Learning","publisher":{"@id":"https:\/\/talkpal.ai\/hu\/#organization"},"alternateName":"Talkpal AI","potentialAction":[{"@type":"SearchAction","target":{"@type":"EntryPoint","urlTemplate":"https:\/\/talkpal.ai\/hu\/?s={search_term_string}"},"query-input":{"@type":"PropertyValueSpecification","valueRequired":true,"valueName":"search_term_string"}}],"inLanguage":"hu"},{"@type":"Organization","@id":"https:\/\/talkpal.ai\/hu\/#organization","name":"Talkpal, Inc.","alternateName":"Talkpal AI","url":"https:\/\/talkpal.ai\/hu\/","logo":{"@type":"ImageObject","inLanguage":"hu","@id":"https:\/\/talkpal.ai\/hu\/#\/schema\/logo\/image\/","url":"https:\/\/talkpal.ai\/wp-content\/uploads\/2024\/03\/Talkpal-Logo-Icon.png","contentUrl":"https:\/\/talkpal.ai\/wp-content\/uploads\/2024\/03\/Talkpal-Logo-Icon.png","width":2880,"height":2880,"caption":"Talkpal, Inc."},"image":{"@id":"https:\/\/talkpal.ai\/hu\/#\/schema\/logo\/image\/"},"sameAs":["https:\/\/www.facebook.com\/profile.php?id=100090733639311","https:\/\/x.com\/talkpalai","https:\/\/www.linkedin.com\/company\/talkpal\/","https:\/\/www.youtube.com\/@TalkPal\/","https:\/\/www.tiktok.com\/@talkpal","https:\/\/www.instagram.com\/talkpal_ai\/","https:\/\/www.crunchbase.com\/organization\/talkpal-9cde","https:\/\/www.g2.com\/products\/talkpal-for-business\/","https:\/\/www.trustpilot.com\/review\/talkpal.ai","https:\/\/www.capterra.com\/p\/10006800\/TalkPal\/"],"description":"Talkpal is a language learning web and mobile education app, powered by the latest AI technologies, that provides engaging experiences to its customers in many different languages to help them improve their language skills. Users can chat about unlimited amount of topics with the app and use other modes to practice their language learning.","email":"support@talkpal.ai","legalName":"Talkpal, Inc.","foundingDate":"2023-04-03","duns":"118989042","numberOfEmployees":{"@type":"QuantitativeValue","minValue":"11","maxValue":"50"},"publishingPrinciples":"https:\/\/talkpal.ai\/publishing-principles\/","actionableFeedbackPolicy":"https:\/\/talkpal.ai\/actionable-feedback-policy\/","correctionsPolicy":"https:\/\/talkpal.ai\/corrections-policy\/","ethicsPolicy":"https:\/\/talkpal.ai\/ethics-policy\/","diversityPolicy":"https:\/\/talkpal.ai\/diversity-policy\/","diversityStaffingReport":"https:\/\/talkpal.ai\/diversity-policy\/"}]}},"_links":{"self":[{"href":"https:\/\/talkpal.ai\/hu\/wp-json\/wp\/v2\/pages\/1462160","targetHints":{"allow":["GET"]}}],"collection":[{"href":"https:\/\/talkpal.ai\/hu\/wp-json\/wp\/v2\/pages"}],"about":[{"href":"https:\/\/talkpal.ai\/hu\/wp-json\/wp\/v2\/types\/page"}],"author":[{"embeddable":true,"href":"https:\/\/talkpal.ai\/hu\/wp-json\/wp\/v2\/users\/10"}],"replies":[{"embeddable":true,"href":"https:\/\/talkpal.ai\/hu\/wp-json\/wp\/v2\/comments?post=1462160"}],"version-history":[{"count":0,"href":"https:\/\/talkpal.ai\/hu\/wp-json\/wp\/v2\/pages\/1462160\/revisions"}],"wp:attachment":[{"href":"https:\/\/talkpal.ai\/hu\/wp-json\/wp\/v2\/media?parent=1462160"}],"curies":[{"name":"wp","href":"https:\/\/api.w.org\/{rel}","templated":true}]}}