{"id":1462111,"date":"2025-10-22T19:55:16","date_gmt":"2025-10-22T19:55:16","guid":{"rendered":"https:\/\/talkpal.ai\/talkpal-kedvezmeny-tanaroknak\/"},"modified":"2026-01-22T14:59:49","modified_gmt":"2026-01-22T14:59:49","slug":"talkpal-kedvezmeny-tanaroknak","status":"publish","type":"page","link":"https:\/\/talkpal.ai\/hu\/talkpal-kedvezmeny-tanaroknak\/","title":{"rendered":"Talkpal kedvezm\u00e9ny tan\u00e1roknak"},"content":{"rendered":"<section class=\"languageChallengeSection\">\r\n    <div class=\"languageInfoWrapper\">\r\n        \r\n        <h1>Talkpal kedvezm\u00e9ny tan\u00e1roknak<\/h1>\r\n        <p>\u00d6n tan\u00e1r, aki szeretn\u00e9 fejleszteni saj\u00e1t nyelvi k\u00e9szs\u00e9geit? A Talkpal exkluz\u00edv, 79%-os tan\u00e1ri kedvezm\u00e9nyt k\u00edn\u00e1l, hogy gyorsabban \u00e9s okosabban tanulj. Oldja fel az \u00f6sszes pr\u00e9mium funkci\u00f3t, gyakorolja a val\u00f3di besz\u00e9lget\u00e9seket a mesters\u00e9ges intelligenci\u00e1val, \u00e9s fejlessze a foly\u00e9konys\u00e1got \u2013 f\u00e9l\u00e1ron.<\/p>\r\n\r\n                    <a class=\"getStartedHidden\" href=\"https:\/\/app.talkpal.ai\/signup?discount=50\">\r\n                Kedvezm\u00e9ny            <\/a>\r\n            <\/div>\r\n\r\n            <figure>\r\n            <img decoding=\"async\" class=\"no-lazy\" src=\"https:\/\/talkpal.ai\/wp-content\/uploads\/2026\/01\/curly-girl-with-phone-yellow-background.webp\" alt=\"\" fetchpriority=\"high\" \/>\r\n        <\/figure>\r\n        \r\n                    <a class=\"getStartedVisible\" href=\"https:\/\/app.talkpal.ai\/signup?discount=50\">\r\n                Kedvezm\u00e9ny            <\/a>\r\n        <\/section><section class=\"featureSection\">\r\n    <div class=\"featureIntroduce\">\r\n        <a class=\"introduceLink\" href=\"https:\/\/app.talkpal.ai\/hu\/signup?lng=\">\r\n            <img decoding=\"async\" src=\"https:\/\/talkpal.ai\/wp-content\/themes\/talkpal\/assets\/img\/Sparkle.svg\" alt=\"\" \/>a legfejlettebb\n  AI<\/a>\r\n        <h3 class=\"featureTitle\">A talkpal k\u00fcl\u00f6nbs\u00e9g<\/h3>\r\n    <\/div>\r\n            <div class=\"introduceWrapper\">\r\n                            <a class=\"introducCard\" href=\"https:\/\/app.talkpal.ai\/hu\/signup?lng=\">\r\n\r\n                    \r\n                                                <img decoding=\"async\" src=\"https:\/\/talkpal.ai\/wp-content\/uploads\/2025\/05\/Immersive_conversations.png\" alt=\"Immersive Conversation Screenshot\" \/>\r\n                        <h4 class=\"introduceTitle\">Szem\u00e9lyre szabott oktat\u00e1s<\/h4>\r\n                        <p class=\"cardText\">Minden tan\u00e1r m\u00e1sk\u00e9pp tanul \u2013 \u00e9s minden tanul\u00e1si \u00fat egyedi. A Talkpal fejlett mesters\u00e9ges intelligenci\u00e1t haszn\u00e1l annak elemz\u00e9s\u00e9re, hogy tanul\u00f3k milli\u00f3i tanulnak nyelveket, \u00e9s hogyan alkalmazkodik az \u00d6n szem\u00e9lyes st\u00edlus\u00e1hoz, c\u00e9ljaihoz \u00e9s id\u0151beoszt\u00e1s\u00e1hoz. Az eredm\u00e9ny: szem\u00e9lyre szabott, hat\u00e9kony \u00e9s vonz\u00f3 \u00e9lm\u00e9ny az \u00d6nh\u00f6z hasonl\u00f3 tan\u00e1rok sz\u00e1m\u00e1ra.<\/p>\r\n                    \r\n                <\/a>\r\n                            <a class=\"introducCard\" href=\"https:\/\/app.talkpal.ai\/hu\/signup?lng=\">\r\n\r\n                    \r\n                                                <img decoding=\"async\" src=\"https:\/\/talkpal.ai\/wp-content\/uploads\/2025\/05\/Realtime_feedback.png\" alt=\"Feedback Screenshot\" \/>\r\n                        <h4 class=\"introduceTitle\">\u00c9lvonalbeli technol\u00f3gia<\/h4>\r\n                        <p class=\"cardText\">K\u00fcldet\u00e9s\u00fcnk, hogy a szem\u00e9lyre szabott nyelvtanul\u00e1st el\u00e9rhet\u0151v\u00e9 tegy\u00fck az oktat\u00f3k sz\u00e1m\u00e1ra a legmodernebb mesters\u00e9ges intelligencia \u00e9s a bev\u00e1lt tan\u00edt\u00e1si m\u00f3dszerek kombin\u00e1l\u00e1s\u00e1val. A Talkpal seg\u00edts\u00e9g\u00e9vel nem csak leck\u00e9ket vesz fel, hanem szem\u00e9lyre szabott utat k\u00f6vet, amely alkalmazkodik az \u00d6n temp\u00f3j\u00e1hoz, preferenci\u00e1ihoz \u00e9s c\u00e9ljaihoz.<\/p>\r\n                    \r\n                <\/a>\r\n                            <a class=\"introducCard\" href=\"https:\/\/app.talkpal.ai\/hu\/signup?lng=\">\r\n\r\n                    \r\n                                                <img decoding=\"async\" src=\"https:\/\/talkpal.ai\/wp-content\/uploads\/2025\/05\/Personalization.png\" alt=\"Personalization Screenshot\" \/>\r\n                        <h4 class=\"introduceTitle\">A tanul\u00e1s sz\u00f3rakoztat\u00f3v\u00e1 t\u00e9tele<\/h4>\r\n                        <p class=\"cardText\">Hissz\u00fck, hogy a nyelvtanul\u00e1snak motiv\u00e1l\u00f3nak \u00e9s \u00e9lvezetesnek kell lennie. Ez\u00e9rt a Talkpal lek\u00f6ti \u00e9s inspir\u00e1lja \u00d6nt \u2013 \u00edgy a gyakorl\u00e1s energiz\u00e1l\u00f3 sz\u00fcnetnek t\u0171nik, nem pedig h\u00e1zimunk\u00e1nak. Csatlakozzon t\u00f6bb ezer tan\u00e1rhoz, akik fejlesztik saj\u00e1t nyelvtud\u00e1sukat a Talkpal seg\u00edts\u00e9g\u00e9vel.<\/p>\r\n                    \r\n                <\/a>\r\n                            <\/div>\r\n                     <a class=\"featureSectionLink\" href=\"https:\/\/app.talkpal.ai\/signup?discount=50\">\r\n                Kedvezm\u00e9ny            <\/a>\r\n                \r\n<\/section>\r\n\r\n\r\n<section class=\"smartFunSection\">\r\n            \r\n            <div class=\"smartFunCard\">\r\n                <div class=\"smartFunWrapper\"><img decoding=\"async\" src=\"https:\/\/talkpal.ai\/wp-content\/uploads\/2025\/05\/1.png\" alt=\"Learning Stats Screenshot\"><\/div>\r\n                <h3>\u00d6nre szabva<\/h3>\r\n                <p>A Talkpal mesters\u00e9ges intelligenci\u00e1val m\u0171k\u00f6d\u0151 munkameneteket biztos\u00edt, amelyek az \u00d6n szintj\u00e9hez \u00e9s temp\u00f3j\u00e1hoz vannak kalibr\u00e1lva. Minden lecke az \u00d6n egy\u00e9ni ig\u00e9nyei szerint k\u00e9sz\u00fclt, \u00edgy seg\u00edt a folyamatos, m\u00e9rhet\u0151 fejl\u0151d\u00e9sben \u2013 m\u00e9g s\u0171r\u0171 id\u0151beoszt\u00e1s eset\u00e9n is.<\/p>\r\n            <\/div>\r\n\r\n        \r\n            <div class=\"smartFunCard\">\r\n                <div class=\"smartFunWrapper\"><img decoding=\"async\" src=\"https:\/\/talkpal.ai\/wp-content\/uploads\/2025\/05\/2.png\" alt=\"Pronunciation Score Screenshot\"><\/div>\r\n                <h3>Hat\u00e9kony \u00e9s hat\u00e9kony<\/h3>\r\n                <p>Hat\u00e9konyan \u00e9les\u00edtse olvas\u00e1si, hall\u00e1si \u00e9s besz\u00e9dk\u00e9szs\u00e9g\u00e9t. A Talkpal eszk\u00f6zei hat\u00e9konys\u00e1 \u00e9s \u00e9lvezetess\u00e9 teszik a tanul\u00e1st minden h\u00e1tt\u00e9rrel rendelkez\u0151 oktat\u00f3 sz\u00e1m\u00e1ra, rugalmas gyakorlattal, amelyet b\u00e1rmely napba beilleszthet.<\/p>\r\n            <\/div>\r\n\r\n        \r\n            <div class=\"smartFunCard\">\r\n                <div class=\"smartFunWrapper\"><img decoding=\"async\" src=\"https:\/\/talkpal.ai\/wp-content\/uploads\/2025\/05\/3.png\" alt=\"Chat Topics Screenshot\"><\/div>\r\n                <h3>Maradjon elk\u00f6telezett<\/h3>\r\n                <p>Maradjon k\u00f6vetkezetes a j\u00e1t\u00e9kos elemekkel, a lebilincsel\u0151 kih\u00edv\u00e1sokkal \u00e9s az elgondolkodtat\u00f3 felsz\u00f3l\u00edt\u00e1sokkal. A Talkpal seg\u00edts\u00e9g\u00e9vel a nyelvgyakorl\u00e1s sz\u00f3rakoztat\u00f3 napi szok\u00e1ss\u00e1 v\u00e1lik \u2013 nem pedig egy \u00fajabb feladatt\u00e1 a teend\u0151k list\u00e1j\u00e1n.<\/p>\r\n            <\/div>\r\n\r\n        \r\n            <div class=\"smartFunCard\">\r\n                <div class=\"smartFunWrapper\"><img decoding=\"async\" src=\"https:\/\/talkpal.ai\/wp-content\/uploads\/2025\/05\/4.png\" alt=\"Dashboard Screenshot\"><\/div>\r\n                <h3>\u00c9lvezze a tanul\u00e1st<\/h3>\r\n                <p>Egy \u00faj nyelv elsaj\u00e1t\u00edt\u00e1s\u00e1nak nem kell f\u00e1raszt\u00f3nak lennie. A Talkpal interakt\u00edv gyakorlatokat, \u00e9l\u00e9nk karaktereket \u00e9s m\u00e9g humoros mesters\u00e9ges intelligencia besz\u00e9lget\u00e9seket is k\u00edn\u00e1l \u2013 \u00edgy a szem\u00e9lyes tanul\u00e1si utat \u00e9lvezetess\u00e9 \u00e9s inspir\u00e1l\u00f3v\u00e1 teszi.<\/p>\r\n            <\/div>\r\n\r\n            \r\n<\/section>\r\n\r\n<section class=\"promotionalBanner\">\r\n    <p class=\"promotionalText\">Talkpal tan\u00e1roknak &#8211; Kezdje el a tanul\u00e1st kedvezm\u00e9nyes \u00e1ron<\/p>\r\n                <a class=\"promotionalLink\" href=\"https:\/\/app.talkpal.ai\/signup?discount=50\">\r\n                Kedvezm\u00e9ny            <\/a>\r\n            \r\n<\/section>","protected":false},"excerpt":{"rendered":"","protected":false},"author":20,"featured_media":0,"parent":0,"menu_order":0,"comment_status":"closed","ping_status":"closed","template":"LearningContentPage.php","meta":{"_acf_changed":false,"footnotes":""},"class_list":["post-1462111","page","type-page","status-publish","hentry"],"acf":[],"yoast_head":"<!-- This site is optimized with the Yoast SEO Premium plugin v27.2 (Yoast SEO v27.2) - https:\/\/yoast.com\/product\/yoast-seo-premium-wordpress\/ -->\n<title>Talkpal kedvezm\u00e9ny tan\u00e1roknak - Talkpal<\/title>\n<meta name=\"description\" content=\"Szabad\u00edts meg exkluz\u00edv 79%-os tan\u00e1ri kedvezm\u00e9nyt a Talkpal Premium-on, \u00e9s tanulj nyelveket gyorsabban szem\u00e9lyre szabott AI \u00f3r\u00e1kkal.\" \/>\n<meta name=\"robots\" content=\"index, follow, max-snippet:-1, max-image-preview:large, max-video-preview:-1\" \/>\n<link rel=\"canonical\" href=\"https:\/\/talkpal.ai\/hu\/talkpal-kedvezmeny-tanaroknak\/\" \/>\n<meta property=\"og:locale\" content=\"hu_HU\" \/>\n<meta property=\"og:type\" content=\"article\" \/>\n<meta property=\"og:title\" content=\"Talkpal kedvezm\u00e9ny tan\u00e1roknak\" \/>\n<meta property=\"og:url\" content=\"https:\/\/talkpal.ai\/hu\/talkpal-kedvezmeny-tanaroknak\/\" \/>\n<meta property=\"og:site_name\" content=\"Talkpal\" \/>\n<meta property=\"article:publisher\" content=\"https:\/\/www.facebook.com\/profile.php?id=100090733639311\" \/>\n<meta property=\"article:modified_time\" content=\"2026-01-22T14:59:49+00:00\" \/>\n<meta property=\"og:image\" content=\"https:\/\/talkpal.ai\/wp-content\/uploads\/2025\/02\/Progress-tab-16_9.png\" \/>\n\t<meta property=\"og:image:width\" content=\"2880\" \/>\n\t<meta property=\"og:image:height\" content=\"1620\" \/>\n\t<meta property=\"og:image:type\" content=\"image\/png\" \/>\n<meta name=\"twitter:card\" content=\"summary_large_image\" \/>\n<meta name=\"twitter:site\" content=\"@talkpalai\" \/>\n<script type=\"application\/ld+json\" class=\"yoast-schema-graph\">{\"@context\":\"https:\/\/schema.org\",\"@graph\":[{\"@type\":\"WebPage\",\"@id\":\"https:\/\/talkpal.ai\/hu\/talkpal-kedvezmeny-tanaroknak\/\",\"url\":\"https:\/\/talkpal.ai\/hu\/talkpal-kedvezmeny-tanaroknak\/\",\"name\":\"Talkpal kedvezm\u00e9ny tan\u00e1roknak - Talkpal\",\"isPartOf\":{\"@id\":\"https:\/\/talkpal.ai\/hu\/#website\"},\"datePublished\":\"2025-10-22T19:55:16+00:00\",\"dateModified\":\"2026-01-22T14:59:49+00:00\",\"description\":\"Szabad\u00edts meg exkluz\u00edv 79%-os tan\u00e1ri kedvezm\u00e9nyt a Talkpal Premium-on, \u00e9s tanulj nyelveket gyorsabban szem\u00e9lyre szabott AI \u00f3r\u00e1kkal.\",\"breadcrumb\":{\"@id\":\"https:\/\/talkpal.ai\/hu\/talkpal-kedvezmeny-tanaroknak\/#breadcrumb\"},\"inLanguage\":\"hu\",\"potentialAction\":[{\"@type\":\"ReadAction\",\"target\":[\"https:\/\/talkpal.ai\/hu\/talkpal-kedvezmeny-tanaroknak\/\"]}]},{\"@type\":\"BreadcrumbList\",\"@id\":\"https:\/\/talkpal.ai\/hu\/talkpal-kedvezmeny-tanaroknak\/#breadcrumb\",\"itemListElement\":[{\"@type\":\"ListItem\",\"position\":1,\"name\":\"Homepage\",\"item\":\"https:\/\/talkpal.ai\/hu\/\"},{\"@type\":\"ListItem\",\"position\":2,\"name\":\"Talkpal kedvezm\u00e9ny tan\u00e1roknak\"}]},{\"@type\":\"WebSite\",\"@id\":\"https:\/\/talkpal.ai\/hu\/#website\",\"url\":\"https:\/\/talkpal.ai\/hu\/\",\"name\":\"Talkpal\",\"description\":\"AI Language Learning\",\"publisher\":{\"@id\":\"https:\/\/talkpal.ai\/hu\/#organization\"},\"alternateName\":\"Talkpal AI\",\"potentialAction\":[{\"@type\":\"SearchAction\",\"target\":{\"@type\":\"EntryPoint\",\"urlTemplate\":\"https:\/\/talkpal.ai\/hu\/?s={search_term_string}\"},\"query-input\":{\"@type\":\"PropertyValueSpecification\",\"valueRequired\":true,\"valueName\":\"search_term_string\"}}],\"inLanguage\":\"hu\"},{\"@type\":\"Organization\",\"@id\":\"https:\/\/talkpal.ai\/hu\/#organization\",\"name\":\"Talkpal, Inc.\",\"alternateName\":\"Talkpal AI\",\"url\":\"https:\/\/talkpal.ai\/hu\/\",\"logo\":{\"@type\":\"ImageObject\",\"inLanguage\":\"hu\",\"@id\":\"https:\/\/talkpal.ai\/hu\/#\/schema\/logo\/image\/\",\"url\":\"https:\/\/talkpal.ai\/wp-content\/uploads\/2024\/03\/Talkpal-Logo-Icon.png\",\"contentUrl\":\"https:\/\/talkpal.ai\/wp-content\/uploads\/2024\/03\/Talkpal-Logo-Icon.png\",\"width\":2880,\"height\":2880,\"caption\":\"Talkpal, Inc.\"},\"image\":{\"@id\":\"https:\/\/talkpal.ai\/hu\/#\/schema\/logo\/image\/\"},\"sameAs\":[\"https:\/\/www.facebook.com\/profile.php?id=100090733639311\",\"https:\/\/x.com\/talkpalai\",\"https:\/\/www.linkedin.com\/company\/talkpal\/\",\"https:\/\/www.youtube.com\/@TalkPal\/\",\"https:\/\/www.tiktok.com\/@talkpal\",\"https:\/\/www.instagram.com\/talkpal_ai\/\",\"https:\/\/www.crunchbase.com\/organization\/talkpal-9cde\",\"https:\/\/www.g2.com\/products\/talkpal-for-business\/\",\"https:\/\/www.trustpilot.com\/review\/talkpal.ai\",\"https:\/\/www.capterra.com\/p\/10006800\/TalkPal\/\"],\"description\":\"Talkpal is a language learning web and mobile education app, powered by the latest AI technologies, that provides engaging experiences to its customers in many different languages to help them improve their language skills. Users can chat about unlimited amount of topics with the app and use other modes to practice their language learning.\",\"email\":\"support@talkpal.ai\",\"legalName\":\"Talkpal, Inc.\",\"foundingDate\":\"2023-04-03\",\"duns\":\"118989042\",\"numberOfEmployees\":{\"@type\":\"QuantitativeValue\",\"minValue\":\"11\",\"maxValue\":\"50\"},\"publishingPrinciples\":\"https:\/\/talkpal.ai\/publishing-principles\/\",\"actionableFeedbackPolicy\":\"https:\/\/talkpal.ai\/actionable-feedback-policy\/\",\"correctionsPolicy\":\"https:\/\/talkpal.ai\/corrections-policy\/\",\"ethicsPolicy\":\"https:\/\/talkpal.ai\/ethics-policy\/\",\"diversityPolicy\":\"https:\/\/talkpal.ai\/diversity-policy\/\",\"diversityStaffingReport\":\"https:\/\/talkpal.ai\/diversity-policy\/\"}]}<\/script>\n<!-- \/ Yoast SEO Premium plugin. -->","yoast_head_json":{"title":"Talkpal kedvezm\u00e9ny tan\u00e1roknak - Talkpal","description":"Szabad\u00edts meg exkluz\u00edv 79%-os tan\u00e1ri kedvezm\u00e9nyt a Talkpal Premium-on, \u00e9s tanulj nyelveket gyorsabban szem\u00e9lyre szabott AI \u00f3r\u00e1kkal.","robots":{"index":"index","follow":"follow","max-snippet":"max-snippet:-1","max-image-preview":"max-image-preview:large","max-video-preview":"max-video-preview:-1"},"canonical":"https:\/\/talkpal.ai\/hu\/talkpal-kedvezmeny-tanaroknak\/","og_locale":"hu_HU","og_type":"article","og_title":"Talkpal kedvezm\u00e9ny tan\u00e1roknak","og_url":"https:\/\/talkpal.ai\/hu\/talkpal-kedvezmeny-tanaroknak\/","og_site_name":"Talkpal","article_publisher":"https:\/\/www.facebook.com\/profile.php?id=100090733639311","article_modified_time":"2026-01-22T14:59:49+00:00","og_image":[{"width":2880,"height":1620,"url":"https:\/\/talkpal.ai\/wp-content\/uploads\/2025\/02\/Progress-tab-16_9.png","type":"image\/png"}],"twitter_card":"summary_large_image","twitter_site":"@talkpalai","schema":{"@context":"https:\/\/schema.org","@graph":[{"@type":"WebPage","@id":"https:\/\/talkpal.ai\/hu\/talkpal-kedvezmeny-tanaroknak\/","url":"https:\/\/talkpal.ai\/hu\/talkpal-kedvezmeny-tanaroknak\/","name":"Talkpal kedvezm\u00e9ny tan\u00e1roknak - Talkpal","isPartOf":{"@id":"https:\/\/talkpal.ai\/hu\/#website"},"datePublished":"2025-10-22T19:55:16+00:00","dateModified":"2026-01-22T14:59:49+00:00","description":"Szabad\u00edts meg exkluz\u00edv 79%-os tan\u00e1ri kedvezm\u00e9nyt a Talkpal Premium-on, \u00e9s tanulj nyelveket gyorsabban szem\u00e9lyre szabott AI \u00f3r\u00e1kkal.","breadcrumb":{"@id":"https:\/\/talkpal.ai\/hu\/talkpal-kedvezmeny-tanaroknak\/#breadcrumb"},"inLanguage":"hu","potentialAction":[{"@type":"ReadAction","target":["https:\/\/talkpal.ai\/hu\/talkpal-kedvezmeny-tanaroknak\/"]}]},{"@type":"BreadcrumbList","@id":"https:\/\/talkpal.ai\/hu\/talkpal-kedvezmeny-tanaroknak\/#breadcrumb","itemListElement":[{"@type":"ListItem","position":1,"name":"Homepage","item":"https:\/\/talkpal.ai\/hu\/"},{"@type":"ListItem","position":2,"name":"Talkpal kedvezm\u00e9ny tan\u00e1roknak"}]},{"@type":"WebSite","@id":"https:\/\/talkpal.ai\/hu\/#website","url":"https:\/\/talkpal.ai\/hu\/","name":"Talkpal","description":"AI Language Learning","publisher":{"@id":"https:\/\/talkpal.ai\/hu\/#organization"},"alternateName":"Talkpal AI","potentialAction":[{"@type":"SearchAction","target":{"@type":"EntryPoint","urlTemplate":"https:\/\/talkpal.ai\/hu\/?s={search_term_string}"},"query-input":{"@type":"PropertyValueSpecification","valueRequired":true,"valueName":"search_term_string"}}],"inLanguage":"hu"},{"@type":"Organization","@id":"https:\/\/talkpal.ai\/hu\/#organization","name":"Talkpal, Inc.","alternateName":"Talkpal AI","url":"https:\/\/talkpal.ai\/hu\/","logo":{"@type":"ImageObject","inLanguage":"hu","@id":"https:\/\/talkpal.ai\/hu\/#\/schema\/logo\/image\/","url":"https:\/\/talkpal.ai\/wp-content\/uploads\/2024\/03\/Talkpal-Logo-Icon.png","contentUrl":"https:\/\/talkpal.ai\/wp-content\/uploads\/2024\/03\/Talkpal-Logo-Icon.png","width":2880,"height":2880,"caption":"Talkpal, Inc."},"image":{"@id":"https:\/\/talkpal.ai\/hu\/#\/schema\/logo\/image\/"},"sameAs":["https:\/\/www.facebook.com\/profile.php?id=100090733639311","https:\/\/x.com\/talkpalai","https:\/\/www.linkedin.com\/company\/talkpal\/","https:\/\/www.youtube.com\/@TalkPal\/","https:\/\/www.tiktok.com\/@talkpal","https:\/\/www.instagram.com\/talkpal_ai\/","https:\/\/www.crunchbase.com\/organization\/talkpal-9cde","https:\/\/www.g2.com\/products\/talkpal-for-business\/","https:\/\/www.trustpilot.com\/review\/talkpal.ai","https:\/\/www.capterra.com\/p\/10006800\/TalkPal\/"],"description":"Talkpal is a language learning web and mobile education app, powered by the latest AI technologies, that provides engaging experiences to its customers in many different languages to help them improve their language skills. Users can chat about unlimited amount of topics with the app and use other modes to practice their language learning.","email":"support@talkpal.ai","legalName":"Talkpal, Inc.","foundingDate":"2023-04-03","duns":"118989042","numberOfEmployees":{"@type":"QuantitativeValue","minValue":"11","maxValue":"50"},"publishingPrinciples":"https:\/\/talkpal.ai\/publishing-principles\/","actionableFeedbackPolicy":"https:\/\/talkpal.ai\/actionable-feedback-policy\/","correctionsPolicy":"https:\/\/talkpal.ai\/corrections-policy\/","ethicsPolicy":"https:\/\/talkpal.ai\/ethics-policy\/","diversityPolicy":"https:\/\/talkpal.ai\/diversity-policy\/","diversityStaffingReport":"https:\/\/talkpal.ai\/diversity-policy\/"}]}},"_links":{"self":[{"href":"https:\/\/talkpal.ai\/hu\/wp-json\/wp\/v2\/pages\/1462111","targetHints":{"allow":["GET"]}}],"collection":[{"href":"https:\/\/talkpal.ai\/hu\/wp-json\/wp\/v2\/pages"}],"about":[{"href":"https:\/\/talkpal.ai\/hu\/wp-json\/wp\/v2\/types\/page"}],"author":[{"embeddable":true,"href":"https:\/\/talkpal.ai\/hu\/wp-json\/wp\/v2\/users\/20"}],"replies":[{"embeddable":true,"href":"https:\/\/talkpal.ai\/hu\/wp-json\/wp\/v2\/comments?post=1462111"}],"version-history":[{"count":0,"href":"https:\/\/talkpal.ai\/hu\/wp-json\/wp\/v2\/pages\/1462111\/revisions"}],"wp:attachment":[{"href":"https:\/\/talkpal.ai\/hu\/wp-json\/wp\/v2\/media?parent=1462111"}],"curies":[{"name":"wp","href":"https:\/\/api.w.org\/{rel}","templated":true}]}}