{"id":146167,"date":"2023-05-14T14:10:42","date_gmt":"2023-05-14T14:10:42","guid":{"rendered":"http:\/\/talkpal.ai\/litvan-nyelvtan\/"},"modified":"2025-12-12T10:44:10","modified_gmt":"2025-12-12T10:44:10","slug":"litvan-nyelvtan","status":"publish","type":"page","link":"https:\/\/talkpal.ai\/hu\/litvan-nyelvtan\/","title":{"rendered":"Litv\u00e1n nyelvtan"},"content":{"rendered":"\r\n\r\n\r\n<section class=\"languageChallengeSection\">\r\n    <div class=\"languageInfoWrapper\">\r\n        \r\n        <h1>Litv\u00e1n nyelvtan<\/h1>\r\n        <p>Induljon el a <a href=\"https:\/\/talkpal.ai\/learn-lithuanian\/\">litv\u00e1n<\/a> nyelvtanba, \u00e9s fedezze fel Eur\u00f3pa egyik legr\u00e9gebbi \u00e9s legizgalmasabb nyelv\u00e9t. Tanuljon meg alapvet\u0151 szab\u00e1lyokat \u00e9s mint\u00e1kat az er\u0151s nyelvi alapok megteremt\u00e9s\u00e9hez. Mer\u00fclj\u00f6n el most, \u00e9s kezdje el a litv\u00e1n nyelv elsaj\u00e1t\u00edt\u00e1s\u00e1t m\u00e9g ma!<\/p>\r\n\r\n                            <a class=\"getStartedHidden\" href=\"https:\/\/app.talkpal.ai\/hu\/signup?lng=\">Kezdj\u00fck<\/a>\r\n        \r\n    <\/div>\r\n\r\n    <figure>\r\n    <img decoding=\"async\" width=\"768\" height=\"768\" src=\"https:\/\/talkpal.ai\/wp-content\/uploads\/2023\/06\/lithuenian-768x768.png\" class=\"languageImage no-lazy\" alt=\"Language learning for boosting creativity\" fetchpriority=\"high\" sizes=\"(max-width: 768px) 150px, 768px\" srcset=\"https:\/\/talkpal.ai\/wp-content\/uploads\/2023\/06\/lithuenian-768x768.png 768w, https:\/\/talkpal.ai\/wp-content\/uploads\/2023\/06\/lithuenian-300x300.png 300w\" \/>\r\n    \r\n\r\n    <\/figure>\r\n\r\n            <a class=\"getStartedVisible\" href=\"https:\/\/app.talkpal.ai\/hu\/signup?lng=\">Kezdj\u00fck<\/a>\r\n    \r\n<\/section>\r\n<section class=\"promotionalBanner\">\r\n    <p class=\"promotionalText\">A nyelvtanul\u00e1s leghat\u00e9konyabb m\u00f3dja<\/p>\r\n    <a class=\"promotionalLink\" href=\"https:\/\/app.talkpal.ai\/hu\/signup?lng=\">Pr\u00f3b\u00e1lja ki a Talkpal ingyen<\/a>\r\n<\/section>\n<div class=\"wp-block-group pageContainerStyle\"><div class=\"wp-block-group__inner-container is-layout-constrained wp-block-group-is-layout-constrained\">\n<h2 class=\"wp-block-heading\" id=\"h-lithuanian-grammar-a-fascinating-journey-through-language\">Litv\u00e1n nyelvtan: leny\u0171g\u00f6z\u0151 utaz\u00e1s a nyelven kereszt\u00fcl<\/h2>\n\n\n\n<p>Gondolt m\u00e1r valaha arra, hogy litv\u00e1nul tanuljon, vagy egyszer\u0171en csak felkeltette az \u00e9rdekl\u0151d\u00e9s\u00e9t az egyedi nyelvtana? Nos, akkor most egy \u00e9lvezetben lesz r\u00e9szed! A <a href=\"https:\/\/talkpal.ai\/lithuanian-grammar\/\">litv\u00e1n nyelvtan<\/a> els\u0151re k\u00fcl\u00f6n\u00f6snek t\u0171nhet, de f\u00e9lre\u00e9rt\u00e9s ne ess\u00e9k, kiv\u00e1l\u00f3 nyelvi logik\u00e1t mutat. Ebben a cikkben felt\u00e1rjuk a <a href=\"https:\/\/talkpal.ai\/lithuanian-grammar\/\">litv\u00e1n nyelvtan<\/a> k\u00fcl\u00f6nb\u00f6z\u0151 aspektusait, felhatalmazva \u00d6nt arra, hogy \u00e9rt\u00e9kelje var\u00e1zs\u00e1t.<\/p>\n\n\n\n<p>El\u0151sz\u00f6r is, egy r\u00f6vid h\u00e1tt\u00e9r: a litv\u00e1n egy balti nyelv, amelyet els\u0151sorban Litv\u00e1ni\u00e1ban besz\u00e9lnek, de a szomsz\u00e9dos orsz\u00e1gokban is el\u0151fordul. Mint az egyik legr\u00e9gebbi \u00e9l\u0151 indoeur\u00f3pai nyelv, archaikus von\u00e1sokat \u0151riz meg, betekint\u00e9st ny\u00fajtva a nyelvcsal\u00e1don bel\u00fcli m\u00e1s nyelvek fejl\u0151d\u00e9s\u00e9be. Ez a t\u00f6rt\u00e9nelmi jelent\u0151s\u00e9g teszi a litv\u00e1nt k\u00fcl\u00f6n\u00f6sen mag\u00e1val ragad\u00f3v\u00e1 a nyelv szerelmeseinek.<\/p>\n\n\n\n<p>N\u00e9zz\u00fck most a litv\u00e1n <a href=\"https:\/\/talkpal.ai\/grammar\/\">nyelvtan<\/a> n\u00e9h\u00e1ny kulcsfontoss\u00e1g\u00fa aspektus\u00e1t.<\/p>\n\n\n\n<h3 class=\"wp-block-heading\" id=\"h-1-nouns-cases-and-declensions\">1. F\u0151nevek, esetek \u00e9s ragoz\u00e1sok<\/h3>\n\n\n\n<p>A litv\u00e1n nyelvtan egyik legszembet\u0171n\u0151bb jellemz\u0151je a bonyolult esetrendszer. A f\u0151nevek k\u00fcl\u00f6nb\u00f6z\u0151 form\u00e1kat \u00f6ltenek att\u00f3l f\u00fcgg\u0151en, hogy milyen szerepet t\u00f6ltenek be a mondatban, \u00e9s hogy t\u00fckr\u00f6zik-e a cselekv\u00e9s t\u00e1rgy\u00e1t, t\u00e1rgy\u00e1t vagy c\u00edmzettj\u00e9t. A litv\u00e1n nyelvnek h\u00e9t esete <a href=\"https:\/\/talkpal.ai\/locations\/language-courses-in-van\/\">van<\/a>: alanyeset, birtokos eset, dat\u00edvusz, t\u00e1rgyeset, instrument\u00e1lis, helyhat\u00e1roz\u00f3 \u00e9s megsz\u00f3l\u00edt\u00f3.<\/p>\n\n\n\n<p>Vegy\u00fck p\u00e9ld\u00e1nak a &#8222;vaikas&#8221; (gyermek) f\u0151nevet. A mondatban bet\u00f6lt\u00f6tt szerepe alapj\u00e1n \u00e1talakulhat &#8222;vaiko&#8221;-v\u00e1, &#8222;vaikui&#8221;-v\u00e1, &#8222;vaik\u0105&#8221;-v\u00e1 \u00e9s \u00edgy tov\u00e1bb. Ezen k\u00edv\u00fcl a v\u00e9gz\u0151d\u00e9seket a f\u0151n\u00e9v neme (h\u00edm vagy n\u0151nem\u0171) is befoly\u00e1solja, \u00e9s tov\u00e1bbi deklin\u00e1ci\u00f3kra oszlik, <a href=\"https:\/\/talkpal.ai\/locations\/language-courses-in-ami\/\">ami<\/a> m\u00e9g sokoldal\u00fabb\u00e1 teszi a nyelvet.<\/p>\n\n\n\n<h3 class=\"wp-block-heading\" id=\"h-2-verb-conjugation-and-tenses\">2. Igeragoz\u00e1s \u00e9s igeid\u0151k<\/h3>\n\n\n\n<p>A litv\u00e1n ig\u00e9k megv\u00e1ltoztatj\u00e1k v\u00e9g\u00fcket az alany szem\u00e9ly\u00e9t\u0151l \u00e9s sz\u00e1m\u00e1t\u00f3l (egyes vagy t\u00f6bbes sz\u00e1m) f\u00fcgg\u0151en. P\u00e9ld\u00e1ul az &#8222;eiti&#8221; (menni) ig\u00e9b\u0151l lehet &#8222;einu&#8221; (megyek), &#8222;einate&#8221; (te -t\u00f6bbes sz\u00e1mban- m\u00e9sz), &#8222;eina&#8221; (mennek), \u00e9s m\u00e1s form\u00e1k mellett.<\/p>\n\n\n\n<p>A litv\u00e1n nyelvnek n\u00e9gy f\u0151 igeideje van: jelen, m\u00falt, m\u00falt iterat\u00edv \u00e9s j\u00f6v\u0151. \u00c9rdekes m\u00f3don a nyelv aspektusjelz\u0151ket is tartalmaz: perfekt\u00edv \u00e9s t\u00f6k\u00e9letlen. Ezek a jel\u00f6l\u0151k tov\u00e1bbi inform\u00e1ci\u00f3t ny\u00fajtanak arr\u00f3l, hogy egy m\u0171velet befejez\u0151d\u00f6tt vagy folyamatban van-e. P\u00e9ld\u00e1ul &#8222;ne\u0161ti&#8221; (hordozni &#8211; imperfekt\u00edvusz) kontra &#8222;nat&#8221; (hordoztam &#8211; perfekt\u00edvusz).<\/p>\n\n\n\n<h3 class=\"wp-block-heading\" id=\"h-3-sentence-structure-and-word-order\">3. Mondatszerkezet \u00e9s sz\u00f3rend<\/h3>\n\n\n\n<p>B\u00e1r a litv\u00e1n nyelv \u00e1ltal\u00e1ban az SVO (alany-ige-t\u00e1rgy) sz\u00f3rend k\u00f6veti, esetrendszere jelent\u0151s rugalmass\u00e1got tesz lehet\u0151v\u00e9. Az angollal ellent\u00e9tben, ahol a sz\u00f3rend \u00e1ltal\u00e1ban meghat\u00e1rozza a mondat jelent\u00e9s\u00e9t, a litv\u00e1nban a szavak \u00e1thelyez\u00e9se nem v\u00e1ltoztatja meg a jelent\u00e9st. P\u00e9ld\u00e1ul a &#8222;kat\u0117 valgo \u017euv\u012f&#8221; (a macska megeszi a halat) lehet &#8222;\u017euv\u012f valgo kat\u0117&#8221; is an\u00e9lk\u00fcl, hogy a jelent\u00e9se elveszne vagy megv\u00e1ltozna.<\/p>\n\n\n\n<p>Ez a rugalmass\u00e1g lehet\u0151v\u00e9 teszi, hogy j\u00e1tsszon a mondatszerkezettel, hangs\u00falyozzon bizonyos elemeket, vagy \u00e1rnyalatokat gener\u00e1ljon, ahogy egyre j\u00e1rtasabb\u00e1 v\u00e1lik a nyelvben.<\/p>\n\n\n\n<h3 class=\"wp-block-heading\" id=\"h-4-adjectives-adverbs-and-agreement-rules\">4. Mell\u00e9knevek, hat\u00e1roz\u00f3szavak \u00e9s meg\u00e1llapod\u00e1si szab\u00e1lyok<\/h3>\n\n\n\n<p>Sok nyelvhez hasonl\u00f3an a litv\u00e1n mell\u00e9knevek \u00e9s hat\u00e1roz\u00f3szavak is f\u0151neveket \u00e9s ig\u00e9ket \u00edrnak le, de konkr\u00e9t meg\u00e1llapod\u00e1si szab\u00e1lyokat is k\u00f6vetnek. K\u00fcl\u00f6n\u00f6sen a mell\u00e9kneveknek meg kell egyezni\u00fck az \u00e1ltaluk m\u00f3dos\u00edtott f\u0151n\u00e9vvel az eset, a nem \u00e9s a sz\u00e1m tekintet\u00e9ben. Amint meg\u00e9rted a f\u0151n\u00e9vi eseteket \u00e9s az igeragoz\u00e1sokat, ezek a szab\u00e1lyok term\u00e9szetesebbek lesznek.<\/p>\n\n\n\n<p>Sz\u00f3val, k\u00e9szen \u00e1llsz arra, hogy belemer\u00fclj a litv\u00e1n nyelvtanba? Kitart\u00e1ssal, odaad\u00e1ssal \u00e9s megfelel\u0151 er\u0151forr\u00e1sokkal a litv\u00e1n nyelv tanul\u00e1sa &#8211; gazdag t\u00f6rt\u00e9nelemben \u00e9s kultur\u00e1lis \u00f6r\u00f6ks\u00e9gben &#8211; rendk\u00edv\u00fcl kifizet\u0151d\u0151 \u00e9lm\u00e9ny. L\u00e9p\u00e9sr\u0151l l\u00e9p\u00e9sre kezelje a nyelvet, gyakoroljon k\u00f6vetkezetesen, \u00e9s maradjon nyitott arra, hogy tanuljon a hib\u00e1ib\u00f3l. S\u0117km\u0117s! (Sok szerencs\u00e9t!)<\/p>\n<\/div><\/div>\n\r\n<section class=\"learnNavigationSection\">\r\n            \r\n        <a href=\"https:\/\/talkpal.ai\/hu\/tanulj-litvanul\/\">\r\n            <div class=\"learnNavigationWrapper\">\r\n                <div class=\"learnNavigationContent\">\r\n                    <img decoding=\"async\" src=\"https:\/\/talkpal.ai\/wp-content\/uploads\/2024\/08\/Lithuanian.jpg\" alt=\"Lithuanian Flag\">\r\n                    <div>\r\n                        <h4>A litv\u00e1n nyelvtanul\u00e1sr\u00f3l<\/h4>\r\n                        <p>Tudjon meg mindent a litv\u00e1n nyelvtanr\u00f3l.<\/p>\r\n                    <\/div>\r\n                <\/div>\r\n            <\/div>\r\n        <\/a>\r\n\r\n        \r\n        <a href=\"https:\/\/talkpal.ai\/hu\/litvan-nyelvtani-gyakorlatok\/\">\r\n            <div class=\"learnNavigationWrapper\">\r\n                <div class=\"learnNavigationContent\">\r\n                    <img decoding=\"async\" src=\"https:\/\/talkpal.ai\/wp-content\/uploads\/2024\/08\/Lithuanian.jpg\" alt=\"Lithuanian Flag\">\r\n                    <div>\r\n                        <h4>Litv\u00e1n nyelvtani gyakorlat<\/h4>\r\n                        <p>Gyakorolja a litv\u00e1n nyelvtant.<\/p>\r\n                    <\/div>\r\n                <\/div>\r\n            <\/div>\r\n        <\/a>\r\n\r\n        \r\n        <a href=\"https:\/\/talkpal.ai\/vocabulary_language\/lithuanian\/\">\r\n            <div class=\"learnNavigationWrapper\">\r\n                <div class=\"learnNavigationContent\">\r\n                    <img decoding=\"async\" src=\"https:\/\/talkpal.ai\/wp-content\/uploads\/2024\/08\/Lithuanian.jpg\" alt=\"Lithuanian Flag\">\r\n                    <div>\r\n                        <h4>Litv\u00e1n sz\u00f3kincs<\/h4>\r\n                        <p>B\u0151v\u00edtse litv\u00e1n sz\u00f3kincs\u00e9t.<\/p>\r\n                    <\/div>\r\n                <\/div>\r\n            <\/div>\r\n        <\/a>\r\n\r\n            <\/section>","protected":false},"excerpt":{"rendered":"<p>Litv\u00e1n nyelvtan: leny\u0171g\u00f6z\u0151 utaz\u00e1s a nyelven kereszt\u00fcl Gondolt m\u00e1r valaha arra, hogy litv\u00e1nul tanuljon, vagy egyszer\u0171en csak felkeltette az \u00e9rdekl\u0151d\u00e9s\u00e9t az egyedi nyelvtana? Nos, akkor most egy \u00e9lvezetben lesz r\u00e9szed! A litv\u00e1n nyelvtan els\u0151re k\u00fcl\u00f6n\u00f6snek t\u0171nhet, de f\u00e9lre\u00e9rt\u00e9s ne ess\u00e9k, kiv\u00e1l\u00f3 nyelvi logik\u00e1t mutat. Ebben a cikkben felt\u00e1rjuk a litv\u00e1n nyelvtan k\u00fcl\u00f6nb\u00f6z\u0151 aspektusait, felhatalmazva \u00d6nt [&hellip;]<\/p>\n","protected":false},"author":1,"featured_media":114875,"parent":0,"menu_order":0,"comment_status":"closed","ping_status":"closed","template":"LearningContentPage.php","meta":{"_acf_changed":false,"footnotes":""},"class_list":["post-146167","page","type-page","status-publish","has-post-thumbnail","hentry"],"acf":[],"yoast_head":"<!-- This site is optimized with the Yoast SEO Premium plugin v27.2 (Yoast SEO v27.2) - https:\/\/yoast.com\/product\/yoast-seo-premium-wordpress\/ -->\n<title>Litv\u00e1n nyelvtan - Talkpal<\/title>\n<meta name=\"description\" content=\"Fedezze fel, hogy a litv\u00e1n nyelvtan hogyan t\u00fckr\u00f6zi a t\u00f6rt\u00e9nelmi gazdags\u00e1got \u00e9s logik\u00e1t, \u00edgy t\u00f6k\u00e9letes tanulm\u00e1ny a nyelvek szerelmeseinek.\" \/>\n<meta name=\"robots\" content=\"index, follow, max-snippet:-1, max-image-preview:large, max-video-preview:-1\" \/>\n<link rel=\"canonical\" href=\"https:\/\/talkpal.ai\/hu\/litvan-nyelvtan\/\" \/>\n<meta property=\"og:locale\" content=\"hu_HU\" \/>\n<meta property=\"og:type\" content=\"article\" \/>\n<meta property=\"og:title\" content=\"Litv\u00e1n nyelvtan\" \/>\n<meta property=\"og:description\" content=\"Litv\u00e1n nyelvtan: leny\u0171g\u00f6z\u0151 utaz\u00e1s a nyelven kereszt\u00fcl Gondolt m\u00e1r valaha arra, hogy litv\u00e1nul tanuljon, vagy egyszer\u0171en csak felkeltette az \u00e9rdekl\u0151d\u00e9s\u00e9t az\" \/>\n<meta property=\"og:url\" content=\"https:\/\/talkpal.ai\/hu\/litvan-nyelvtan\/\" \/>\n<meta property=\"og:site_name\" content=\"Talkpal\" \/>\n<meta property=\"article:publisher\" content=\"https:\/\/www.facebook.com\/profile.php?id=100090733639311\" \/>\n<meta property=\"article:modified_time\" content=\"2025-12-12T10:44:10+00:00\" \/>\n<meta property=\"og:image\" content=\"https:\/\/talkpal.ai\/wp-content\/uploads\/2023\/05\/Lithuanian.png\" \/>\n\t<meta property=\"og:image:width\" content=\"512\" \/>\n\t<meta property=\"og:image:height\" content=\"512\" \/>\n\t<meta property=\"og:image:type\" content=\"image\/png\" \/>\n<meta name=\"twitter:card\" content=\"summary_large_image\" \/>\n<meta name=\"twitter:site\" content=\"@talkpalai\" \/>\n<meta name=\"twitter:label1\" content=\"Becs\u00fclt olvas\u00e1si id\u0151\" \/>\n\t<meta name=\"twitter:data1\" content=\"4 perc\" \/>\n<script type=\"application\/ld+json\" class=\"yoast-schema-graph\">{\"@context\":\"https:\/\/schema.org\",\"@graph\":[{\"@type\":\"WebPage\",\"@id\":\"https:\/\/talkpal.ai\/hu\/litvan-nyelvtan\/\",\"url\":\"https:\/\/talkpal.ai\/hu\/litvan-nyelvtan\/\",\"name\":\"Litv\u00e1n nyelvtan - Talkpal\",\"isPartOf\":{\"@id\":\"https:\/\/talkpal.ai\/hu\/#website\"},\"primaryImageOfPage\":{\"@id\":\"https:\/\/talkpal.ai\/hu\/litvan-nyelvtan\/#primaryimage\"},\"image\":{\"@id\":\"https:\/\/talkpal.ai\/hu\/litvan-nyelvtan\/#primaryimage\"},\"thumbnailUrl\":\"https:\/\/talkpal.ai\/wp-content\/uploads\/2023\/05\/Lithuanian.png\",\"datePublished\":\"2023-05-14T14:10:42+00:00\",\"dateModified\":\"2025-12-12T10:44:10+00:00\",\"description\":\"Fedezze fel, hogy a litv\u00e1n nyelvtan hogyan t\u00fckr\u00f6zi a t\u00f6rt\u00e9nelmi gazdags\u00e1got \u00e9s logik\u00e1t, \u00edgy t\u00f6k\u00e9letes tanulm\u00e1ny a nyelvek szerelmeseinek.\",\"breadcrumb\":{\"@id\":\"https:\/\/talkpal.ai\/hu\/litvan-nyelvtan\/#breadcrumb\"},\"inLanguage\":\"hu\",\"potentialAction\":[{\"@type\":\"ReadAction\",\"target\":[\"https:\/\/talkpal.ai\/hu\/litvan-nyelvtan\/\"]}]},{\"@type\":\"ImageObject\",\"inLanguage\":\"hu\",\"@id\":\"https:\/\/talkpal.ai\/hu\/litvan-nyelvtan\/#primaryimage\",\"url\":\"https:\/\/talkpal.ai\/wp-content\/uploads\/2023\/05\/Lithuanian.png\",\"contentUrl\":\"https:\/\/talkpal.ai\/wp-content\/uploads\/2023\/05\/Lithuanian.png\",\"width\":512,\"height\":512},{\"@type\":\"BreadcrumbList\",\"@id\":\"https:\/\/talkpal.ai\/hu\/litvan-nyelvtan\/#breadcrumb\",\"itemListElement\":[{\"@type\":\"ListItem\",\"position\":1,\"name\":\"Homepage\",\"item\":\"https:\/\/talkpal.ai\/hu\/\"},{\"@type\":\"ListItem\",\"position\":2,\"name\":\"Litv\u00e1n nyelvtan\"}]},{\"@type\":\"WebSite\",\"@id\":\"https:\/\/talkpal.ai\/hu\/#website\",\"url\":\"https:\/\/talkpal.ai\/hu\/\",\"name\":\"Talkpal\",\"description\":\"AI Language Learning\",\"publisher\":{\"@id\":\"https:\/\/talkpal.ai\/hu\/#organization\"},\"alternateName\":\"Talkpal AI\",\"potentialAction\":[{\"@type\":\"SearchAction\",\"target\":{\"@type\":\"EntryPoint\",\"urlTemplate\":\"https:\/\/talkpal.ai\/hu\/?s={search_term_string}\"},\"query-input\":{\"@type\":\"PropertyValueSpecification\",\"valueRequired\":true,\"valueName\":\"search_term_string\"}}],\"inLanguage\":\"hu\"},{\"@type\":\"Organization\",\"@id\":\"https:\/\/talkpal.ai\/hu\/#organization\",\"name\":\"Talkpal, Inc.\",\"alternateName\":\"Talkpal AI\",\"url\":\"https:\/\/talkpal.ai\/hu\/\",\"logo\":{\"@type\":\"ImageObject\",\"inLanguage\":\"hu\",\"@id\":\"https:\/\/talkpal.ai\/hu\/#\/schema\/logo\/image\/\",\"url\":\"https:\/\/talkpal.ai\/wp-content\/uploads\/2024\/03\/Talkpal-Logo-Icon.png\",\"contentUrl\":\"https:\/\/talkpal.ai\/wp-content\/uploads\/2024\/03\/Talkpal-Logo-Icon.png\",\"width\":2880,\"height\":2880,\"caption\":\"Talkpal, Inc.\"},\"image\":{\"@id\":\"https:\/\/talkpal.ai\/hu\/#\/schema\/logo\/image\/\"},\"sameAs\":[\"https:\/\/www.facebook.com\/profile.php?id=100090733639311\",\"https:\/\/x.com\/talkpalai\",\"https:\/\/www.linkedin.com\/company\/talkpal\/\",\"https:\/\/www.youtube.com\/@TalkPal\/\",\"https:\/\/www.tiktok.com\/@talkpal\",\"https:\/\/www.instagram.com\/talkpal_ai\/\",\"https:\/\/www.crunchbase.com\/organization\/talkpal-9cde\",\"https:\/\/www.g2.com\/products\/talkpal-for-business\/\",\"https:\/\/www.trustpilot.com\/review\/talkpal.ai\",\"https:\/\/www.capterra.com\/p\/10006800\/TalkPal\/\"],\"description\":\"Talkpal is a language learning web and mobile education app, powered by the latest AI technologies, that provides engaging experiences to its customers in many different languages to help them improve their language skills. Users can chat about unlimited amount of topics with the app and use other modes to practice their language learning.\",\"email\":\"support@talkpal.ai\",\"legalName\":\"Talkpal, Inc.\",\"foundingDate\":\"2023-04-03\",\"duns\":\"118989042\",\"numberOfEmployees\":{\"@type\":\"QuantitativeValue\",\"minValue\":\"11\",\"maxValue\":\"50\"},\"publishingPrinciples\":\"https:\/\/talkpal.ai\/publishing-principles\/\",\"actionableFeedbackPolicy\":\"https:\/\/talkpal.ai\/actionable-feedback-policy\/\",\"correctionsPolicy\":\"https:\/\/talkpal.ai\/corrections-policy\/\",\"ethicsPolicy\":\"https:\/\/talkpal.ai\/ethics-policy\/\",\"diversityPolicy\":\"https:\/\/talkpal.ai\/diversity-policy\/\",\"diversityStaffingReport\":\"https:\/\/talkpal.ai\/diversity-policy\/\"}]}<\/script>\n<!-- \/ Yoast SEO Premium plugin. -->","yoast_head_json":{"title":"Litv\u00e1n nyelvtan - Talkpal","description":"Fedezze fel, hogy a litv\u00e1n nyelvtan hogyan t\u00fckr\u00f6zi a t\u00f6rt\u00e9nelmi gazdags\u00e1got \u00e9s logik\u00e1t, \u00edgy t\u00f6k\u00e9letes tanulm\u00e1ny a nyelvek szerelmeseinek.","robots":{"index":"index","follow":"follow","max-snippet":"max-snippet:-1","max-image-preview":"max-image-preview:large","max-video-preview":"max-video-preview:-1"},"canonical":"https:\/\/talkpal.ai\/hu\/litvan-nyelvtan\/","og_locale":"hu_HU","og_type":"article","og_title":"Litv\u00e1n nyelvtan","og_description":"Litv\u00e1n nyelvtan: leny\u0171g\u00f6z\u0151 utaz\u00e1s a nyelven kereszt\u00fcl Gondolt m\u00e1r valaha arra, hogy litv\u00e1nul tanuljon, vagy egyszer\u0171en csak felkeltette az \u00e9rdekl\u0151d\u00e9s\u00e9t az","og_url":"https:\/\/talkpal.ai\/hu\/litvan-nyelvtan\/","og_site_name":"Talkpal","article_publisher":"https:\/\/www.facebook.com\/profile.php?id=100090733639311","article_modified_time":"2025-12-12T10:44:10+00:00","og_image":[{"width":512,"height":512,"url":"https:\/\/talkpal.ai\/wp-content\/uploads\/2023\/05\/Lithuanian.png","type":"image\/png"}],"twitter_card":"summary_large_image","twitter_site":"@talkpalai","twitter_misc":{"Becs\u00fclt olvas\u00e1si id\u0151":"4 perc"},"schema":{"@context":"https:\/\/schema.org","@graph":[{"@type":"WebPage","@id":"https:\/\/talkpal.ai\/hu\/litvan-nyelvtan\/","url":"https:\/\/talkpal.ai\/hu\/litvan-nyelvtan\/","name":"Litv\u00e1n nyelvtan - Talkpal","isPartOf":{"@id":"https:\/\/talkpal.ai\/hu\/#website"},"primaryImageOfPage":{"@id":"https:\/\/talkpal.ai\/hu\/litvan-nyelvtan\/#primaryimage"},"image":{"@id":"https:\/\/talkpal.ai\/hu\/litvan-nyelvtan\/#primaryimage"},"thumbnailUrl":"https:\/\/talkpal.ai\/wp-content\/uploads\/2023\/05\/Lithuanian.png","datePublished":"2023-05-14T14:10:42+00:00","dateModified":"2025-12-12T10:44:10+00:00","description":"Fedezze fel, hogy a litv\u00e1n nyelvtan hogyan t\u00fckr\u00f6zi a t\u00f6rt\u00e9nelmi gazdags\u00e1got \u00e9s logik\u00e1t, \u00edgy t\u00f6k\u00e9letes tanulm\u00e1ny a nyelvek szerelmeseinek.","breadcrumb":{"@id":"https:\/\/talkpal.ai\/hu\/litvan-nyelvtan\/#breadcrumb"},"inLanguage":"hu","potentialAction":[{"@type":"ReadAction","target":["https:\/\/talkpal.ai\/hu\/litvan-nyelvtan\/"]}]},{"@type":"ImageObject","inLanguage":"hu","@id":"https:\/\/talkpal.ai\/hu\/litvan-nyelvtan\/#primaryimage","url":"https:\/\/talkpal.ai\/wp-content\/uploads\/2023\/05\/Lithuanian.png","contentUrl":"https:\/\/talkpal.ai\/wp-content\/uploads\/2023\/05\/Lithuanian.png","width":512,"height":512},{"@type":"BreadcrumbList","@id":"https:\/\/talkpal.ai\/hu\/litvan-nyelvtan\/#breadcrumb","itemListElement":[{"@type":"ListItem","position":1,"name":"Homepage","item":"https:\/\/talkpal.ai\/hu\/"},{"@type":"ListItem","position":2,"name":"Litv\u00e1n nyelvtan"}]},{"@type":"WebSite","@id":"https:\/\/talkpal.ai\/hu\/#website","url":"https:\/\/talkpal.ai\/hu\/","name":"Talkpal","description":"AI Language Learning","publisher":{"@id":"https:\/\/talkpal.ai\/hu\/#organization"},"alternateName":"Talkpal AI","potentialAction":[{"@type":"SearchAction","target":{"@type":"EntryPoint","urlTemplate":"https:\/\/talkpal.ai\/hu\/?s={search_term_string}"},"query-input":{"@type":"PropertyValueSpecification","valueRequired":true,"valueName":"search_term_string"}}],"inLanguage":"hu"},{"@type":"Organization","@id":"https:\/\/talkpal.ai\/hu\/#organization","name":"Talkpal, Inc.","alternateName":"Talkpal AI","url":"https:\/\/talkpal.ai\/hu\/","logo":{"@type":"ImageObject","inLanguage":"hu","@id":"https:\/\/talkpal.ai\/hu\/#\/schema\/logo\/image\/","url":"https:\/\/talkpal.ai\/wp-content\/uploads\/2024\/03\/Talkpal-Logo-Icon.png","contentUrl":"https:\/\/talkpal.ai\/wp-content\/uploads\/2024\/03\/Talkpal-Logo-Icon.png","width":2880,"height":2880,"caption":"Talkpal, Inc."},"image":{"@id":"https:\/\/talkpal.ai\/hu\/#\/schema\/logo\/image\/"},"sameAs":["https:\/\/www.facebook.com\/profile.php?id=100090733639311","https:\/\/x.com\/talkpalai","https:\/\/www.linkedin.com\/company\/talkpal\/","https:\/\/www.youtube.com\/@TalkPal\/","https:\/\/www.tiktok.com\/@talkpal","https:\/\/www.instagram.com\/talkpal_ai\/","https:\/\/www.crunchbase.com\/organization\/talkpal-9cde","https:\/\/www.g2.com\/products\/talkpal-for-business\/","https:\/\/www.trustpilot.com\/review\/talkpal.ai","https:\/\/www.capterra.com\/p\/10006800\/TalkPal\/"],"description":"Talkpal is a language learning web and mobile education app, powered by the latest AI technologies, that provides engaging experiences to its customers in many different languages to help them improve their language skills. Users can chat about unlimited amount of topics with the app and use other modes to practice their language learning.","email":"support@talkpal.ai","legalName":"Talkpal, Inc.","foundingDate":"2023-04-03","duns":"118989042","numberOfEmployees":{"@type":"QuantitativeValue","minValue":"11","maxValue":"50"},"publishingPrinciples":"https:\/\/talkpal.ai\/publishing-principles\/","actionableFeedbackPolicy":"https:\/\/talkpal.ai\/actionable-feedback-policy\/","correctionsPolicy":"https:\/\/talkpal.ai\/corrections-policy\/","ethicsPolicy":"https:\/\/talkpal.ai\/ethics-policy\/","diversityPolicy":"https:\/\/talkpal.ai\/diversity-policy\/","diversityStaffingReport":"https:\/\/talkpal.ai\/diversity-policy\/"}]}},"_links":{"self":[{"href":"https:\/\/talkpal.ai\/hu\/wp-json\/wp\/v2\/pages\/146167","targetHints":{"allow":["GET"]}}],"collection":[{"href":"https:\/\/talkpal.ai\/hu\/wp-json\/wp\/v2\/pages"}],"about":[{"href":"https:\/\/talkpal.ai\/hu\/wp-json\/wp\/v2\/types\/page"}],"author":[{"embeddable":true,"href":"https:\/\/talkpal.ai\/hu\/wp-json\/wp\/v2\/users\/1"}],"replies":[{"embeddable":true,"href":"https:\/\/talkpal.ai\/hu\/wp-json\/wp\/v2\/comments?post=146167"}],"version-history":[{"count":0,"href":"https:\/\/talkpal.ai\/hu\/wp-json\/wp\/v2\/pages\/146167\/revisions"}],"wp:featuredmedia":[{"embeddable":true,"href":"https:\/\/talkpal.ai\/hu\/wp-json\/wp\/v2\/media\/114875"}],"wp:attachment":[{"href":"https:\/\/talkpal.ai\/hu\/wp-json\/wp\/v2\/media?parent=146167"}],"curies":[{"name":"wp","href":"https:\/\/api.w.org\/{rel}","templated":true}]}}