{"id":145961,"date":"2023-05-14T14:10:24","date_gmt":"2023-05-14T14:10:24","guid":{"rendered":"http:\/\/talkpal.ai\/lett-nyelvtan\/"},"modified":"2025-12-17T17:12:28","modified_gmt":"2025-12-17T17:12:28","slug":"lett-nyelvtan","status":"publish","type":"page","link":"https:\/\/talkpal.ai\/hu\/lett-nyelvtan\/","title":{"rendered":"Lett nyelvtan"},"content":{"rendered":"\r\n\r\n\r\n<section class=\"languageChallengeSection\">\r\n    <div class=\"languageInfoWrapper\">\r\n        \r\n        <h1>Lett nyelvtan<\/h1>\r\n        <p>Fedezze fel a <a href=\"https:\/\/talkpal.ai\/latvian-grammar\/\">lett nyelvtan<\/a> egyed\u00fcl\u00e1ll\u00f3 vil\u00e1g\u00e1t, \u00e9s fedezze fel a balti r\u00e9gi\u00f3 egyik leg\u00e9l\u00e9nkebb nyelv\u00e9nek sz\u00e9ps\u00e9g\u00e9t. Ha meg\u00e9rti a szerkezet\u00e9t \u00e9s szab\u00e1lyait, n\u00f6velheti \u00f6nbizalm\u00e1t \u00e9s kommunik\u00e1ci\u00f3s k\u00e9szs\u00e9geit. Kezdje el a <a href=\"https:\/\/talkpal.ai\/learn-latvian\/\">lett<\/a> <a href=\"https:\/\/talkpal.ai\/grammar\/\">nyelvtan<\/a> tanul\u00e1s\u00e1t m\u00e9g ma, \u00e9s tegye meg az els\u0151 l\u00e9p\u00e9st a nyelvtud\u00e1s fel\u00e9!\n\n<\/p>\r\n\r\n                            <a class=\"getStartedHidden\" href=\"https:\/\/app.talkpal.ai\/hu\/signup?lng=\">Kezdj\u00fck<\/a>\r\n        \r\n    <\/div>\r\n\r\n    <figure>\r\n    <img decoding=\"async\" width=\"768\" height=\"768\" src=\"https:\/\/talkpal.ai\/wp-content\/uploads\/2023\/06\/latvian-768x768.png\" class=\"languageImage no-lazy\" alt=\"Language learning to access more cultures\" fetchpriority=\"high\" sizes=\"(max-width: 768px) 150px, 768px\" srcset=\"https:\/\/talkpal.ai\/wp-content\/uploads\/2023\/06\/latvian-768x768.png 768w, https:\/\/talkpal.ai\/wp-content\/uploads\/2023\/06\/latvian-300x300.png 300w\" \/>\r\n    \r\n\r\n    <\/figure>\r\n\r\n            <a class=\"getStartedVisible\" href=\"https:\/\/app.talkpal.ai\/hu\/signup?lng=\">Kezdj\u00fck<\/a>\r\n    \r\n<\/section>\r\n<section class=\"promotionalBanner\">\r\n    <p class=\"promotionalText\">A nyelvtanul\u00e1s leghat\u00e9konyabb m\u00f3dja<\/p>\r\n    <a class=\"promotionalLink\" href=\"https:\/\/app.talkpal.ai\/hu\/signup?lng=\">Pr\u00f3b\u00e1lja ki a Talkpal ingyen<\/a>\r\n<\/section>\n<div class=\"wp-block-group pageContainerStyle\"><div class=\"wp-block-group__inner-container is-layout-constrained wp-block-group-is-layout-constrained\">\n<h2 class=\"wp-block-heading\" id=\"h-the-ultimate-guide-to-latvian-grammar-navigating-the-intricacies-of-a-unique-language\">A lett nyelvtan v\u00e9gs\u0151 \u00fatmutat\u00f3ja: navig\u00e1l\u00e1s egy egyedi nyelv bonyolults\u00e1g\u00e1ban<\/h2>\n\n\n\n<p>A lett nyelvtan, mint maga a nyelv, gazdag \u00e9s leny\u0171g\u00f6z\u0151 nyelvi elemeket mutat be. Balti nyelvk\u00e9nt a lett nyelv soksz\u00edn\u0171 tulajdons\u00e1gaival elb\u0171v\u00f6li a tanul\u00f3kat, \u00e9s m\u00e9g a leggyakorlottabb besz\u00e9l\u0151ket is kih\u00edv\u00e1sok el\u00e9 \u00e1ll\u00edtja. Ebben az \u00fatmutat\u00f3ban felt\u00e1rjuk a lett nyelvtan legfontosabb alapelveit, megmagyar\u00e1zzuk a nyelvtan bonyolults\u00e1g\u00e1t, \u00e9s t\u00e1mogatjuk \u00d6nt azon az \u00faton, amelyen foly\u00e9konyan besz\u00e9lheti ezt a leny\u0171g\u00f6z\u0151 nyelvet. Kezdj\u00fck el!<\/p>\n\n\n\n<h3 class=\"wp-block-heading\" id=\"h-the-nuts-and-bolts-latvian-sentence-structure\">Az any\u00e1k \u00e9s csavarok: lett mondatszerkezet<\/h3>\n\n\n\n<p>A lett nyelvtan l\u00e9nyeg\u00e9ben meglehet\u0151sen egyszer\u0171. A nyelv \u00e1ltal\u00e1ban a Subject-Verb-Object (SVO) mondatszerkezetet k\u00f6veti, hasonl\u00f3an az angolhoz \u00e9s sok m\u00e1s nyelvhez. P\u00e9ld\u00e1ul az &#8222;eszem egy alm\u00e1t&#8221; mondat ford\u00edt\u00e1sa &#8222;Es \u0113du \u0101bolu&#8221; (Es \u0113du \u0101bolu). Egyszer\u0171, igaz? Ahogy azonban egyre m\u00e9lyebbre \u00e1sunk, a lett nyelvtan n\u00e9h\u00e1ny \u00e9rdekes \u00e9s jellegzetes von\u00e1s\u00e1val tal\u00e1lkozhat.<\/p>\n\n\n\n<h3 class=\"wp-block-heading\" id=\"h-meet-the-family-latvian-nouns-and-their-cases\">Ismerje meg a csal\u00e1dot: lett f\u0151nevek \u00e9s eseteik<\/h3>\n\n\n\n<p>A lett nyelvtan egyik legzavarba ejt\u0151bb jellemz\u0151je az angolul besz\u00e9l\u0151k sz\u00e1m\u00e1ra a nyelvtani esetek fogalma. A lett nyelvben h\u00e9t eset <a href=\"https:\/\/talkpal.ai\/locations\/language-courses-in-van\/\">van<\/a>: alanyeset, birtokos eset, dat\u00edvusz, t\u00e1rgyeset, helyhat\u00e1roz\u00f3, instrument\u00e1lis \u00e9s megsz\u00f3l\u00edt\u00f3. <a href=\"https:\/\/talkpal.ai\/locations\/language-courses-in-minden\/\">Minden<\/a> esetnek megvan a maga funkci\u00f3ja, \u00e9s hat\u00e1ssal van a f\u0151nevek, mell\u00e9knevek, n\u00e9vm\u00e1sok \u00e9s n\u00e9ha m\u00e9g az ig\u00e9k form\u00e1j\u00e1ra is.<\/p>\n\n\n\n<p>Vegy\u00fck p\u00e9ld\u00e1ul az &#8222;\u0101bols&#8221; (\u0101bols) sz\u00f3t, amely &#8222;alm\u00e1t&#8221; jelent:<\/p>\n\n\n\n<p><strong>&#8211; Nominat\u00edv eset (alanyok eset\u00e9ben haszn\u00e1latos): \u0101bols<\/strong><\/p>\n\n\n\n<p><strong>&#8211; Genitivus (birtokl\u00e1s eset\u00e9n haszn\u00e1latos): \u0101bola<\/strong><\/p>\n\n\n\n<p><strong>&#8211; Dat\u00edv eset (k\u00f6zvetett t\u00e1rgyakra haszn\u00e1latos): \u0101bolam<\/strong><\/p>\n\n\n\n<p><strong>&#8211; Akkusat\u00edv eset (k\u00f6zvetlen t\u00e1rgyak eset\u00e9ben haszn\u00e1latos): \u0101bolu<\/strong><\/p>\n\n\n\n<p><strong>&#8211; Helyhat\u00e1roz\u00f3i eset (helymeghat\u00e1roz\u00e1sra haszn\u00e1latos): \u0101bol\u0101<\/strong><\/p>\n\n\n\n<p><strong>&#8211; Eszk\u00f6z\u00f6s eset (a cselekv\u00e9s v\u00e9grehajt\u00e1s\u00e1nak eszk\u00f6z\u00e9re haszn\u00e1lj\u00e1k): \u0101bolu\/-iem<\/strong><\/p>\n\n\n\n<p><strong>&#8211; Vocative case (valakinek vagy valaminek a megsz\u00f3l\u00edt\u00e1s\u00e1ra haszn\u00e1latos): \u0101bol<\/strong><\/p>\n\n\n\n<p>Fontos, hogy megismerkedj ezekkel az esetekkel, mivel dr\u00e1maian megv\u00e1ltoztathatj\u00e1k a mondatok jelent\u00e9s\u00e9t.<\/p>\n\n\n\n<h3 class=\"wp-block-heading\" id=\"h-playing-with-numbers-latvian-plurals-and-genders\">J\u00e1t\u00e9k a sz\u00e1mokkal: lett t\u00f6bbes sz\u00e1m \u00e9s nem<\/h3>\n\n\n\n<p>A lett t\u00f6bbes sz\u00e1m k\u00e9pz\u00e9sekor fontos szem el\u0151tt tartani a f\u0151n\u00e9v nem\u00e9t. A lett nyelvben a f\u0151neveknek k\u00e9t neme van &#8211; h\u00edmnem\u0171 \u00e9s n\u0151ies. A nem befoly\u00e1solja a f\u0151nevek, mell\u00e9knevek, sz\u00e1mok \u00e9s bizonyos igeform\u00e1k v\u00e9g\u00e9t.<\/p>\n\n\n\n<p>\u00c1ltal\u00e1ban a h\u00edmnem\u0171 f\u0151nevek t\u00f6bbes sz\u00e1m\u00fa nominat\u00edv esetben -i-re v\u00e9gz\u0151dnek, m\u00edg a n\u0151nem\u0171 f\u0151nevek -as-ra v\u00e9gz\u0151dnek. P\u00e9ld\u00e1ul a &#8222;zirgs&#8221; (zirgs, h\u00edmnem\u0171 f\u0151n\u00e9v, jelent\u00e9se &#8222;l\u00f3&#8221;) &#8222;zirgi&#8221; (zirgi, lovak), \u00e9s a &#8222;sieviete&#8221; (sieviete, n\u0151nem\u0171 f\u0151n\u00e9v, jelent\u00e9se &#8222;n\u0151&#8221;) &#8222;sievietes&#8221; (sievietes, n\u0151k) lesz.<\/p>\n\n\n\n<p>Term\u00e9szetesen vannak kiv\u00e9telek, ez\u00e9rt fontos, hogy megtanuljuk a f\u0151neveket nem\u00fckkel egy\u00fctt, \u00e9s tiszt\u00e1ban legy\u00fcnk a szab\u00e1lytalan t\u00f6bbes sz\u00e1mokkal.<\/p>\n\n\n\n<h3 class=\"wp-block-heading\" id=\"h-the-art-of-conjugation-latvian-verbs\">A ragoz\u00e1s m\u0171v\u00e9szete: lett ig\u00e9k<\/h3>\n\n\n\n<p>A lett ig\u00e9k kezdetben ijeszt\u0151nek t\u0171nhetnek sz\u00e1mos igeidej\u00fck, hangulatuk \u00e9s ragoz\u00e1suk miatt. Ezek meg\u00e9rt\u00e9s\u00e9nek kulcsa azonban a k\u00f6z\u00f6s mint\u00e1k felismer\u00e9se \u00e9s a rendszeres gyakorl\u00e1s.<\/p>\n\n\n\n<p>A lett nyelvben az ig\u00e9k h\u00e1rom csoportra oszlanak a f\u0151n\u00e9vi v\u00e9gz\u0151d\u00e9s\u00fck alapj\u00e1n: -t, -ties \u00e9s -ties\/-t. Minden csoportnak meghat\u00e1rozott konjug\u00e1ci\u00f3s szab\u00e1lyai vannak. Vegy\u00fck p\u00e9ld\u00e1nak a &#8222;las\u012bt&#8221; (las\u012bt, &#8222;olvasni&#8221;) ig\u00e9t:<\/p>\n\n\n\n<p><strong>Jelen id\u0151: Es lasu (Es lasu, &#8222;olvastam&#8221;).<\/strong><\/p>\n\n\n\n<p><strong>M\u00falt id\u0151: Es las\u012bju (Es las\u012bju, &#8222;olvastam&#8221;).<\/strong><\/p>\n\n\n\n<p><strong>J\u00f6v\u0151beli id\u0151: Es las\u012b\u0161u (Es las\u012b\u0161u, &#8222;olvasni fogok&#8221;)<\/strong><\/p>\n\n\n\n<p>Mint l\u00e1that\u00f3, a v\u00e9gz\u0151d\u00e9sek a fesz\u00fclts\u00e9g szerint v\u00e1ltoznak. \u00c9s ez m\u00e9g csak a felsz\u00edn\u00e9t sem karcolja a lett igek\u00f6t\u0151nek! Ne hagyja azonban, hogy ez elriassza. Gyakorl\u00e1ssal \u00e9s t\u00fcrelemmel elkezded felismerni a mint\u00e1kat, \u00e9s legy\u0151z\u00f6d ezt a kih\u00edv\u00e1st.<\/p>\n\n\n\n<h3 class=\"wp-block-heading\" id=\"h-the-finishing-touches-latvian-adjectives-adverbs-and-more\">Az utols\u00f3 sim\u00edt\u00e1sok: lett mell\u00e9knevek, hat\u00e1roz\u00f3szavak \u00e9s egyebek<\/h3>\n\n\n\n<p>Ami a lett mell\u00e9kneveket \u00e9s hat\u00e1roz\u00f3szavakat illeti, kritikus szerepet j\u00e1tszanak a besz\u00e9d m\u00e9lys\u00e9g\u00e9nek \u00e9s \u00f6sszetetts\u00e9g\u00e9nek n\u00f6vel\u00e9s\u00e9ben. A mell\u00e9kneveknek meg kell egyezni\u00fck az \u00e1ltaluk m\u00f3dos\u00edtott f\u0151nevekkel a nem \u00e9s az eset szempontj\u00e1b\u00f3l, a v\u00e9gz\u0151d\u00e9sek ennek megfelel\u0151en v\u00e1ltoznak.<\/p>\n\n\n\n<p>P\u00e9ld\u00e1ul a &#8222;gar\u0161\u012bgs&#8221; (gar\u0161\u012bgs) jelent\u00e9se &#8222;finom&#8221;, \u00e9s el\u0151fordulhat, hogy &#8222;gar\u0161\u012bgs \u0101bols&#8221; (gar\u0161\u012bgs \u0101bols, &#8222;finom alma&#8221;) vagy &#8222;gar\u0161\u012bga zupa&#8221; (gar\u0161\u012bga zupa, &#8222;finom leves&#8221;), k\u00fcl\u00f6nb\u00f6z\u0151 v\u00e9gz\u0151d\u00e9ssel a h\u00edm- \u00e9s n\u0151nem\u0171 f\u0151nevek eset\u00e9ben.<\/p>\n\n\n\n<p>Az adverbek \u00e1ltal\u00e1ban hasonl\u00f3 mint\u00e1kat k\u00f6vetnek, gyakran mell\u00e9knevekb\u0151l sz\u00e1rmaznak. A lett nyelvben a hat\u00e1roz\u00f3szavak t\u00f6bbs\u00e9ge -i-re v\u00e9gz\u0151dik, ami ugyanaz a forma, mint a mell\u00e9knevek h\u00edmnem\u0171 egyes sz\u00e1m\u00fa t\u00e1rgyesete.<\/p>\n\n\n\n<p>\u00d6sszefoglalva, a lett nyelvtan bonyolults\u00e1ga \u00e9s saj\u00e1toss\u00e1gai, b\u00e1r kih\u00edv\u00e1st jelentenek, a nyelvnek megragad\u00f3 sz\u00e9ps\u00e9get \u00e9s karaktert adnak. A kitart\u00e1s, a k\u00edv\u00e1ncsis\u00e1g \u00e9s a gyakorlati alkalmaz\u00e1s kombin\u00e1ci\u00f3j\u00e1val hamarosan k\u00f6nnyed\u00e9n \u00e9s magabiztosan eligazodik a lett nyelvtanban. Boldog tanul\u00e1st!<\/p>\n<\/div><\/div>\n\r\n<section class=\"learnNavigationSection\">\r\n            \r\n        <a href=\"https:\/\/talkpal.ai\/hu\/tanulj-lettul\/\">\r\n            <div class=\"learnNavigationWrapper\">\r\n                <div class=\"learnNavigationContent\">\r\n                    <img decoding=\"async\" src=\"https:\/\/talkpal.ai\/wp-content\/uploads\/2024\/08\/Latvian.jpg\" alt=\"Latvian Flag\">\r\n                    <div>\r\n                        <h4>A lett nyelvtanul\u00e1sr\u00f3l<\/h4>\r\n                        <p>Tudjon meg mindent a lett nyelvtanr\u00f3l.<\/p>\r\n                    <\/div>\r\n                <\/div>\r\n            <\/div>\r\n        <\/a>\r\n\r\n        \r\n        <a href=\"https:\/\/talkpal.ai\/hu\/lett-nyelvtani-gyakorlatok\/\">\r\n            <div class=\"learnNavigationWrapper\">\r\n                <div class=\"learnNavigationContent\">\r\n                    <img decoding=\"async\" src=\"https:\/\/talkpal.ai\/wp-content\/uploads\/2024\/08\/Latvian.jpg\" alt=\"Latvian Flag\">\r\n                    <div>\r\n                        <h4>Lett nyelvtani gyakorlat<\/h4>\r\n                        <p>Gyakorolja a lett nyelvtant.<\/p>\r\n                    <\/div>\r\n                <\/div>\r\n            <\/div>\r\n        <\/a>\r\n\r\n        \r\n        <a href=\"https:\/\/talkpal.ai\/vocabulary_language\/latvian\/\">\r\n            <div class=\"learnNavigationWrapper\">\r\n                <div class=\"learnNavigationContent\">\r\n                    <img decoding=\"async\" src=\"https:\/\/talkpal.ai\/wp-content\/uploads\/2024\/08\/Latvian.jpg\" alt=\"Latvian Flag\">\r\n                    <div>\r\n                        <h4>Lett sz\u00f3kincs<\/h4>\r\n                        <p>B\u0151v\u00edtse lett sz\u00f3kincs\u00e9t.<\/p>\r\n                    <\/div>\r\n                <\/div>\r\n            <\/div>\r\n        <\/a>\r\n\r\n            <\/section>","protected":false},"excerpt":{"rendered":"<p>A lett nyelvtan v\u00e9gs\u0151 \u00fatmutat\u00f3ja: navig\u00e1l\u00e1s egy egyedi nyelv bonyolults\u00e1g\u00e1ban A lett nyelvtan, mint maga a nyelv, gazdag \u00e9s leny\u0171g\u00f6z\u0151 nyelvi elemeket mutat be. Balti nyelvk\u00e9nt a lett nyelv soksz\u00edn\u0171 tulajdons\u00e1gaival elb\u0171v\u00f6li a tanul\u00f3kat, \u00e9s m\u00e9g a leggyakorlottabb besz\u00e9l\u0151ket is kih\u00edv\u00e1sok el\u00e9 \u00e1ll\u00edtja. Ebben az \u00fatmutat\u00f3ban felt\u00e1rjuk a lett nyelvtan legfontosabb alapelveit, megmagyar\u00e1zzuk a nyelvtan [&hellip;]<\/p>\n","protected":false},"author":1,"featured_media":114722,"parent":0,"menu_order":0,"comment_status":"closed","ping_status":"closed","template":"LearningContentPage.php","meta":{"_acf_changed":false,"footnotes":""},"class_list":["post-145961","page","type-page","status-publish","has-post-thumbnail","hentry"],"acf":[],"yoast_head":"<!-- This site is optimized with the Yoast SEO Premium plugin v27.2 (Yoast SEO v27.2) - https:\/\/yoast.com\/product\/yoast-seo-premium-wordpress\/ -->\n<title>Lett nyelvtan - Talkpal<\/title>\n<meta name=\"description\" content=\"Magabiztosan saj\u00e1t\u00edtsa el a lett nyelvtant - tanulja meg a szab\u00e1lyokat, gyakorolja a nyelvhaszn\u00e1latot \u00e9s n\u00f6velje a nyelvi pontoss\u00e1got k\u00f6nnyed\u00e9n a k\u00f6vetkez\u0151kkel Talkpalszem\u00e9lyre szabott mesters\u00e9ges intelligencia \u00fatmutat\u00e1s\u00e1val.\" \/>\n<meta name=\"robots\" content=\"index, follow, max-snippet:-1, max-image-preview:large, max-video-preview:-1\" \/>\n<link rel=\"canonical\" href=\"https:\/\/talkpal.ai\/hu\/lett-nyelvtan\/\" \/>\n<meta property=\"og:locale\" content=\"hu_HU\" \/>\n<meta property=\"og:type\" content=\"article\" \/>\n<meta property=\"og:title\" content=\"Lett nyelvtan\" \/>\n<meta property=\"og:description\" content=\"A lett nyelvtan v\u00e9gs\u0151 \u00fatmutat\u00f3ja: navig\u00e1l\u00e1s egy egyedi nyelv bonyolults\u00e1g\u00e1ban A lett nyelvtan, mint maga a nyelv, gazdag \u00e9s leny\u0171g\u00f6z\u0151 nyelvi elemeket\" \/>\n<meta property=\"og:url\" content=\"https:\/\/talkpal.ai\/hu\/lett-nyelvtan\/\" \/>\n<meta property=\"og:site_name\" content=\"Talkpal\" \/>\n<meta property=\"article:publisher\" content=\"https:\/\/www.facebook.com\/profile.php?id=100090733639311\" \/>\n<meta property=\"article:modified_time\" content=\"2025-12-17T17:12:28+00:00\" \/>\n<meta property=\"og:image\" content=\"https:\/\/talkpal.ai\/wp-content\/uploads\/2023\/05\/latvia.png\" \/>\n\t<meta property=\"og:image:width\" content=\"512\" \/>\n\t<meta property=\"og:image:height\" content=\"512\" \/>\n\t<meta property=\"og:image:type\" content=\"image\/png\" \/>\n<meta name=\"twitter:card\" content=\"summary_large_image\" \/>\n<meta name=\"twitter:site\" content=\"@talkpalai\" \/>\n<meta name=\"twitter:label1\" content=\"Becs\u00fclt olvas\u00e1si id\u0151\" \/>\n\t<meta name=\"twitter:data1\" content=\"5 perc\" \/>\n<script type=\"application\/ld+json\" class=\"yoast-schema-graph\">{\"@context\":\"https:\/\/schema.org\",\"@graph\":[{\"@type\":\"WebPage\",\"@id\":\"https:\/\/talkpal.ai\/hu\/lett-nyelvtan\/\",\"url\":\"https:\/\/talkpal.ai\/hu\/lett-nyelvtan\/\",\"name\":\"Lett nyelvtan - Talkpal\",\"isPartOf\":{\"@id\":\"https:\/\/talkpal.ai\/hu\/#website\"},\"primaryImageOfPage\":{\"@id\":\"https:\/\/talkpal.ai\/hu\/lett-nyelvtan\/#primaryimage\"},\"image\":{\"@id\":\"https:\/\/talkpal.ai\/hu\/lett-nyelvtan\/#primaryimage\"},\"thumbnailUrl\":\"https:\/\/talkpal.ai\/wp-content\/uploads\/2023\/05\/latvia.png\",\"datePublished\":\"2023-05-14T14:10:24+00:00\",\"dateModified\":\"2025-12-17T17:12:28+00:00\",\"description\":\"Magabiztosan saj\u00e1t\u00edtsa el a lett nyelvtant - tanulja meg a szab\u00e1lyokat, gyakorolja a nyelvhaszn\u00e1latot \u00e9s n\u00f6velje a nyelvi pontoss\u00e1got k\u00f6nnyed\u00e9n a k\u00f6vetkez\u0151kkel Talkpalszem\u00e9lyre szabott mesters\u00e9ges intelligencia \u00fatmutat\u00e1s\u00e1val.\",\"breadcrumb\":{\"@id\":\"https:\/\/talkpal.ai\/hu\/lett-nyelvtan\/#breadcrumb\"},\"inLanguage\":\"hu\",\"potentialAction\":[{\"@type\":\"ReadAction\",\"target\":[\"https:\/\/talkpal.ai\/hu\/lett-nyelvtan\/\"]}]},{\"@type\":\"ImageObject\",\"inLanguage\":\"hu\",\"@id\":\"https:\/\/talkpal.ai\/hu\/lett-nyelvtan\/#primaryimage\",\"url\":\"https:\/\/talkpal.ai\/wp-content\/uploads\/2023\/05\/latvia.png\",\"contentUrl\":\"https:\/\/talkpal.ai\/wp-content\/uploads\/2023\/05\/latvia.png\",\"width\":512,\"height\":512},{\"@type\":\"BreadcrumbList\",\"@id\":\"https:\/\/talkpal.ai\/hu\/lett-nyelvtan\/#breadcrumb\",\"itemListElement\":[{\"@type\":\"ListItem\",\"position\":1,\"name\":\"Homepage\",\"item\":\"https:\/\/talkpal.ai\/hu\/\"},{\"@type\":\"ListItem\",\"position\":2,\"name\":\"Lett nyelvtan\"}]},{\"@type\":\"WebSite\",\"@id\":\"https:\/\/talkpal.ai\/hu\/#website\",\"url\":\"https:\/\/talkpal.ai\/hu\/\",\"name\":\"Talkpal\",\"description\":\"AI Language Learning\",\"publisher\":{\"@id\":\"https:\/\/talkpal.ai\/hu\/#organization\"},\"alternateName\":\"Talkpal AI\",\"potentialAction\":[{\"@type\":\"SearchAction\",\"target\":{\"@type\":\"EntryPoint\",\"urlTemplate\":\"https:\/\/talkpal.ai\/hu\/?s={search_term_string}\"},\"query-input\":{\"@type\":\"PropertyValueSpecification\",\"valueRequired\":true,\"valueName\":\"search_term_string\"}}],\"inLanguage\":\"hu\"},{\"@type\":\"Organization\",\"@id\":\"https:\/\/talkpal.ai\/hu\/#organization\",\"name\":\"Talkpal, Inc.\",\"alternateName\":\"Talkpal AI\",\"url\":\"https:\/\/talkpal.ai\/hu\/\",\"logo\":{\"@type\":\"ImageObject\",\"inLanguage\":\"hu\",\"@id\":\"https:\/\/talkpal.ai\/hu\/#\/schema\/logo\/image\/\",\"url\":\"https:\/\/talkpal.ai\/wp-content\/uploads\/2024\/03\/Talkpal-Logo-Icon.png\",\"contentUrl\":\"https:\/\/talkpal.ai\/wp-content\/uploads\/2024\/03\/Talkpal-Logo-Icon.png\",\"width\":2880,\"height\":2880,\"caption\":\"Talkpal, Inc.\"},\"image\":{\"@id\":\"https:\/\/talkpal.ai\/hu\/#\/schema\/logo\/image\/\"},\"sameAs\":[\"https:\/\/www.facebook.com\/profile.php?id=100090733639311\",\"https:\/\/x.com\/talkpalai\",\"https:\/\/www.linkedin.com\/company\/talkpal\/\",\"https:\/\/www.youtube.com\/@TalkPal\/\",\"https:\/\/www.tiktok.com\/@talkpal\",\"https:\/\/www.instagram.com\/talkpal_ai\/\",\"https:\/\/www.crunchbase.com\/organization\/talkpal-9cde\",\"https:\/\/www.g2.com\/products\/talkpal-for-business\/\",\"https:\/\/www.trustpilot.com\/review\/talkpal.ai\",\"https:\/\/www.capterra.com\/p\/10006800\/TalkPal\/\"],\"description\":\"Talkpal is a language learning web and mobile education app, powered by the latest AI technologies, that provides engaging experiences to its customers in many different languages to help them improve their language skills. Users can chat about unlimited amount of topics with the app and use other modes to practice their language learning.\",\"email\":\"support@talkpal.ai\",\"legalName\":\"Talkpal, Inc.\",\"foundingDate\":\"2023-04-03\",\"duns\":\"118989042\",\"numberOfEmployees\":{\"@type\":\"QuantitativeValue\",\"minValue\":\"11\",\"maxValue\":\"50\"},\"publishingPrinciples\":\"https:\/\/talkpal.ai\/publishing-principles\/\",\"actionableFeedbackPolicy\":\"https:\/\/talkpal.ai\/actionable-feedback-policy\/\",\"correctionsPolicy\":\"https:\/\/talkpal.ai\/corrections-policy\/\",\"ethicsPolicy\":\"https:\/\/talkpal.ai\/ethics-policy\/\",\"diversityPolicy\":\"https:\/\/talkpal.ai\/diversity-policy\/\",\"diversityStaffingReport\":\"https:\/\/talkpal.ai\/diversity-policy\/\"}]}<\/script>\n<!-- \/ Yoast SEO Premium plugin. -->","yoast_head_json":{"title":"Lett nyelvtan - Talkpal","description":"Magabiztosan saj\u00e1t\u00edtsa el a lett nyelvtant - tanulja meg a szab\u00e1lyokat, gyakorolja a nyelvhaszn\u00e1latot \u00e9s n\u00f6velje a nyelvi pontoss\u00e1got k\u00f6nnyed\u00e9n a k\u00f6vetkez\u0151kkel Talkpalszem\u00e9lyre szabott mesters\u00e9ges intelligencia \u00fatmutat\u00e1s\u00e1val.","robots":{"index":"index","follow":"follow","max-snippet":"max-snippet:-1","max-image-preview":"max-image-preview:large","max-video-preview":"max-video-preview:-1"},"canonical":"https:\/\/talkpal.ai\/hu\/lett-nyelvtan\/","og_locale":"hu_HU","og_type":"article","og_title":"Lett nyelvtan","og_description":"A lett nyelvtan v\u00e9gs\u0151 \u00fatmutat\u00f3ja: navig\u00e1l\u00e1s egy egyedi nyelv bonyolults\u00e1g\u00e1ban A lett nyelvtan, mint maga a nyelv, gazdag \u00e9s leny\u0171g\u00f6z\u0151 nyelvi elemeket","og_url":"https:\/\/talkpal.ai\/hu\/lett-nyelvtan\/","og_site_name":"Talkpal","article_publisher":"https:\/\/www.facebook.com\/profile.php?id=100090733639311","article_modified_time":"2025-12-17T17:12:28+00:00","og_image":[{"width":512,"height":512,"url":"https:\/\/talkpal.ai\/wp-content\/uploads\/2023\/05\/latvia.png","type":"image\/png"}],"twitter_card":"summary_large_image","twitter_site":"@talkpalai","twitter_misc":{"Becs\u00fclt olvas\u00e1si id\u0151":"5 perc"},"schema":{"@context":"https:\/\/schema.org","@graph":[{"@type":"WebPage","@id":"https:\/\/talkpal.ai\/hu\/lett-nyelvtan\/","url":"https:\/\/talkpal.ai\/hu\/lett-nyelvtan\/","name":"Lett nyelvtan - Talkpal","isPartOf":{"@id":"https:\/\/talkpal.ai\/hu\/#website"},"primaryImageOfPage":{"@id":"https:\/\/talkpal.ai\/hu\/lett-nyelvtan\/#primaryimage"},"image":{"@id":"https:\/\/talkpal.ai\/hu\/lett-nyelvtan\/#primaryimage"},"thumbnailUrl":"https:\/\/talkpal.ai\/wp-content\/uploads\/2023\/05\/latvia.png","datePublished":"2023-05-14T14:10:24+00:00","dateModified":"2025-12-17T17:12:28+00:00","description":"Magabiztosan saj\u00e1t\u00edtsa el a lett nyelvtant - tanulja meg a szab\u00e1lyokat, gyakorolja a nyelvhaszn\u00e1latot \u00e9s n\u00f6velje a nyelvi pontoss\u00e1got k\u00f6nnyed\u00e9n a k\u00f6vetkez\u0151kkel Talkpalszem\u00e9lyre szabott mesters\u00e9ges intelligencia \u00fatmutat\u00e1s\u00e1val.","breadcrumb":{"@id":"https:\/\/talkpal.ai\/hu\/lett-nyelvtan\/#breadcrumb"},"inLanguage":"hu","potentialAction":[{"@type":"ReadAction","target":["https:\/\/talkpal.ai\/hu\/lett-nyelvtan\/"]}]},{"@type":"ImageObject","inLanguage":"hu","@id":"https:\/\/talkpal.ai\/hu\/lett-nyelvtan\/#primaryimage","url":"https:\/\/talkpal.ai\/wp-content\/uploads\/2023\/05\/latvia.png","contentUrl":"https:\/\/talkpal.ai\/wp-content\/uploads\/2023\/05\/latvia.png","width":512,"height":512},{"@type":"BreadcrumbList","@id":"https:\/\/talkpal.ai\/hu\/lett-nyelvtan\/#breadcrumb","itemListElement":[{"@type":"ListItem","position":1,"name":"Homepage","item":"https:\/\/talkpal.ai\/hu\/"},{"@type":"ListItem","position":2,"name":"Lett nyelvtan"}]},{"@type":"WebSite","@id":"https:\/\/talkpal.ai\/hu\/#website","url":"https:\/\/talkpal.ai\/hu\/","name":"Talkpal","description":"AI Language Learning","publisher":{"@id":"https:\/\/talkpal.ai\/hu\/#organization"},"alternateName":"Talkpal AI","potentialAction":[{"@type":"SearchAction","target":{"@type":"EntryPoint","urlTemplate":"https:\/\/talkpal.ai\/hu\/?s={search_term_string}"},"query-input":{"@type":"PropertyValueSpecification","valueRequired":true,"valueName":"search_term_string"}}],"inLanguage":"hu"},{"@type":"Organization","@id":"https:\/\/talkpal.ai\/hu\/#organization","name":"Talkpal, Inc.","alternateName":"Talkpal AI","url":"https:\/\/talkpal.ai\/hu\/","logo":{"@type":"ImageObject","inLanguage":"hu","@id":"https:\/\/talkpal.ai\/hu\/#\/schema\/logo\/image\/","url":"https:\/\/talkpal.ai\/wp-content\/uploads\/2024\/03\/Talkpal-Logo-Icon.png","contentUrl":"https:\/\/talkpal.ai\/wp-content\/uploads\/2024\/03\/Talkpal-Logo-Icon.png","width":2880,"height":2880,"caption":"Talkpal, Inc."},"image":{"@id":"https:\/\/talkpal.ai\/hu\/#\/schema\/logo\/image\/"},"sameAs":["https:\/\/www.facebook.com\/profile.php?id=100090733639311","https:\/\/x.com\/talkpalai","https:\/\/www.linkedin.com\/company\/talkpal\/","https:\/\/www.youtube.com\/@TalkPal\/","https:\/\/www.tiktok.com\/@talkpal","https:\/\/www.instagram.com\/talkpal_ai\/","https:\/\/www.crunchbase.com\/organization\/talkpal-9cde","https:\/\/www.g2.com\/products\/talkpal-for-business\/","https:\/\/www.trustpilot.com\/review\/talkpal.ai","https:\/\/www.capterra.com\/p\/10006800\/TalkPal\/"],"description":"Talkpal is a language learning web and mobile education app, powered by the latest AI technologies, that provides engaging experiences to its customers in many different languages to help them improve their language skills. Users can chat about unlimited amount of topics with the app and use other modes to practice their language learning.","email":"support@talkpal.ai","legalName":"Talkpal, Inc.","foundingDate":"2023-04-03","duns":"118989042","numberOfEmployees":{"@type":"QuantitativeValue","minValue":"11","maxValue":"50"},"publishingPrinciples":"https:\/\/talkpal.ai\/publishing-principles\/","actionableFeedbackPolicy":"https:\/\/talkpal.ai\/actionable-feedback-policy\/","correctionsPolicy":"https:\/\/talkpal.ai\/corrections-policy\/","ethicsPolicy":"https:\/\/talkpal.ai\/ethics-policy\/","diversityPolicy":"https:\/\/talkpal.ai\/diversity-policy\/","diversityStaffingReport":"https:\/\/talkpal.ai\/diversity-policy\/"}]}},"_links":{"self":[{"href":"https:\/\/talkpal.ai\/hu\/wp-json\/wp\/v2\/pages\/145961","targetHints":{"allow":["GET"]}}],"collection":[{"href":"https:\/\/talkpal.ai\/hu\/wp-json\/wp\/v2\/pages"}],"about":[{"href":"https:\/\/talkpal.ai\/hu\/wp-json\/wp\/v2\/types\/page"}],"author":[{"embeddable":true,"href":"https:\/\/talkpal.ai\/hu\/wp-json\/wp\/v2\/users\/1"}],"replies":[{"embeddable":true,"href":"https:\/\/talkpal.ai\/hu\/wp-json\/wp\/v2\/comments?post=145961"}],"version-history":[{"count":0,"href":"https:\/\/talkpal.ai\/hu\/wp-json\/wp\/v2\/pages\/145961\/revisions"}],"wp:featuredmedia":[{"embeddable":true,"href":"https:\/\/talkpal.ai\/hu\/wp-json\/wp\/v2\/media\/114722"}],"wp:attachment":[{"href":"https:\/\/talkpal.ai\/hu\/wp-json\/wp\/v2\/media?parent=145961"}],"curies":[{"name":"wp","href":"https:\/\/api.w.org\/{rel}","templated":true}]}}