{"id":145498,"date":"2023-05-14T14:09:47","date_gmt":"2023-05-14T14:09:47","guid":{"rendered":"http:\/\/talkpal.ai\/kannada-nyelvtan\/"},"modified":"2025-12-11T16:23:21","modified_gmt":"2025-12-11T16:23:21","slug":"kannada-nyelvtan","status":"publish","type":"page","link":"https:\/\/talkpal.ai\/hu\/kannada-nyelvtan\/","title":{"rendered":"Kannada nyelvtan"},"content":{"rendered":"\r\n\r\n\r\n<section class=\"languageChallengeSection\">\r\n    <div class=\"languageInfoWrapper\">\r\n        \r\n        <h1>Kannada nyelvtan<\/h1>\r\n        <p>Izgatott vagy, hogy felfedezd Kannad\u00e1t? Mer\u00fclj\u00f6n el a <a href=\"https:\/\/talkpal.ai\/learn-kannada\/\">kannada<\/a> nyelvtanban, amely gazdag igek\u00f6t\u0151kkel, nemek szerinti f\u0151nevekkel \u00e9s egy logikus esetrendszerrel rendelkezik, amely \u00e9letre kelti a nyelvet. Kezdje el a tanul\u00e1st m\u00e9g ma &#8211; a <a href=\"https:\/\/talkpal.ai\/kannada-grammar\/\">kannada nyelvtan<\/a> elsaj\u00e1t\u00edt\u00e1sa megadja \u00d6nnek az eszk\u00f6z\u00f6ket, hogy m\u00e9lyen kapcsol\u00f3djon Karnataka vibr\u00e1l\u00f3 kult\u00far\u00e1j\u00e1hoz, \u00e9s magabiztosan kommunik\u00e1ljon D\u00e9l-India egyik legkifejez\u0151bb nyelv\u00e9n!<\/p>\r\n\r\n                            <a class=\"getStartedHidden\" href=\"https:\/\/app.talkpal.ai\/hu\/signup?lng=\">Kezdj\u00fck<\/a>\r\n        \r\n    <\/div>\r\n\r\n    <figure>\r\n    <img decoding=\"async\" width=\"768\" height=\"768\" src=\"https:\/\/talkpal.ai\/wp-content\/uploads\/2023\/06\/Kannada-768x768.png\" class=\"languageImage no-lazy\" alt=\"Language learning for increased mental flexibility\" fetchpriority=\"high\" sizes=\"(max-width: 768px) 150px, 768px\" srcset=\"https:\/\/talkpal.ai\/wp-content\/uploads\/2023\/06\/Kannada-768x768.png 768w, https:\/\/talkpal.ai\/wp-content\/uploads\/2023\/06\/Kannada-300x300.png 300w\" \/>\r\n    \r\n\r\n    <\/figure>\r\n\r\n            <a class=\"getStartedVisible\" href=\"https:\/\/app.talkpal.ai\/hu\/signup?lng=\">Kezdj\u00fck<\/a>\r\n    \r\n<\/section>\r\n<section class=\"promotionalBanner\">\r\n    <p class=\"promotionalText\">A nyelvtanul\u00e1s leghat\u00e9konyabb m\u00f3dja<\/p>\r\n    <a class=\"promotionalLink\" href=\"https:\/\/app.talkpal.ai\/hu\/signup?lng=\">Pr\u00f3b\u00e1lja ki a Talkpal ingyen<\/a>\r\n<\/section>\n<div class=\"wp-block-group pageContainerStyle\"><div class=\"wp-block-group__inner-container is-layout-constrained wp-block-group-is-layout-constrained\">\n<h2 class=\"wp-block-heading\" id=\"h-kannada-grammar-an-insight-into-the-richness-of-the-dravidian-language\">Kannada nyelvtan: betekint\u00e9s a dravida nyelv gazdags\u00e1g\u00e1ba<\/h2>\n\n\n\n<p>Elgondolkodt\u00e1l m\u00e1r India nyelvi soksz\u00edn\u0171s\u00e9g\u00e9n? Nyelvrajong\u00f3k\u00e9nt vagy k\u00edv\u00e1ncsi tanul\u00f3k\u00e9nt \u00e9rdemes lehet k\u00f6zelebbr\u0151l megvizsg\u00e1lni India egyik klasszikus nyelv\u00e9t &#8211; a kannad\u00e1t. A kannada egy dravida nyelv, amelyet t\u00falnyom\u00f3r\u00e9szt Karnataka d\u00e9li \u00e1llam\u00e1ban besz\u00e9lnek. K\u00f6r\u00fclbel\u00fcl 44 milli\u00f3 ember anyanyelve, \u00edgy az egyik legnagyobb indiai nyelv. Mer\u00fclj\u00fcnk el a <a href=\"https:\/\/talkpal.ai\/kannada-grammar\/\">kannada nyelvtan<\/a> leny\u0171g\u00f6z\u0151 vil\u00e1g\u00e1ban, \u00e9s tudjunk meg t\u00f6bbet err\u0151l a gy\u00f6ny\u00f6r\u0171 nyelvr\u0151l.<\/p>\n\n\n\n<h3 class=\"wp-block-heading\" id=\"h-the-linguistic-alphabet-kannada-script\">A nyelvi \u00e1b\u00e9c\u00e9: kannada \u00edr\u00e1s<\/h3>\n\n\n\n<p>A kannada \u00edr\u00e1s, m\u00e1s n\u00e9ven &#8222;\u0c95\u0ca8\u0ccd\u0ca8\u0ca1 \u0cb2\u0cbf\u0caa\u0cbf&#8221; (Kannada Lipi), egy abugida &#8211; egy sz\u00f3tag\u00edr\u00e1sos \u00edr\u00e1srendszer. <a href=\"https:\/\/talkpal.ai\/locations\/language-courses-in-minden\/\">Minden<\/a> bet\u0171 m\u00e1s-m\u00e1s m\u00e1ssalhangz\u00f3-mag\u00e1nhangz\u00f3 kombin\u00e1ci\u00f3t k\u00e9pvisel. A szkript 49 karakterb\u0151l \u00e1ll, k\u00f6zt\u00fck 34 m\u00e1ssalhangz\u00f3b\u00f3l \u00e9s 13 mag\u00e1nhangz\u00f3b\u00f3l. A vizu\u00e1lisan is <a href=\"https:\/\/talkpal.ai\/talkpal-christmas-discount\/\">j\u00f3l<\/a> elk\u00fcl\u00f6n\u00fcl\u0151 megjelen\u00e9s\u0171 kannada \u00edr\u00e1s csod\u00e1latosan egyedi m\u00f3don k\u00f6zvet\u00edti a nyelv hangjait \u00e9s jelent\u00e9seit.<\/p>\n\n\n\n<h3 class=\"wp-block-heading\" id=\"h-nouns-pronouns-and-cases-more-than-meets-the-eye\">F\u0151nevek, n\u00e9vm\u00e1sok \u00e9s esetek \u2013 t\u00f6bb, mint amilyennek l\u00e1tszik<\/h3>\n\n\n\n<p>A kannada f\u0151nevek ragoz\u00e1si rendszer\u00fck miatt egyediek \u2013 esetrendszert k\u00f6vetnek, hasonl\u00f3an a t\u00f6bbi dravida nyelvhez. A kannad\u00e1ban nyolc eset <a href=\"https:\/\/talkpal.ai\/locations\/language-courses-in-van\/\">van<\/a>, amelyek seg\u00edtenek meghat\u00e1rozni a f\u0151n\u00e9v \u00e9s a mondat t\u00f6bbi szava k\u00f6z\u00f6tti kapcsolatot: alanyeset, t\u00e1rgyeset, instrument\u00e1lis, dat\u00edv, ablat\u00edv, genit\u00edv, helyhat\u00e1roz\u00f3 \u00e9s megsz\u00f3l\u00edt\u00f3. A kannada f\u0151neveket nem (h\u00edmnem\u0171, n\u0151nem\u0171 \u00e9s ivartalan\u00edtott) \u00e9s sz\u00e1m (egyes sz\u00e1m, t\u00f6bbes sz\u00e1m \u00e9s kett\u0151s \u2013 ritka tulajdons\u00e1g az indiai nyelvek k\u00f6z\u00f6tt) szerint is oszt\u00e1lyozz\u00e1k.<\/p>\n\n\n\n<p>A kannada n\u00e9vm\u00e1sok is leny\u0171g\u00f6z\u0151ek. Megk\u00fcl\u00f6nb\u00f6ztetnek <a href=\"https:\/\/talkpal.ai\/locations\/language-courses-in-minden\/\">minden<\/a> szem\u00e9lyt (els\u0151, m\u00e1sodik \u00e9s harmadik), sz\u00e1mot (egyes sz\u00e1m, t\u00f6bbes sz\u00e1m \u00e9s kett\u0151s) \u00e9s nemet (f\u00e9rfias, n\u0151ies \u00e9s ivartalan\u00edtott). A kannada sz\u00e1mos tiszteletre m\u00e9lt\u00f3 megsz\u00f3l\u00edt\u00e1ssal rendelkezik, <a href=\"https:\/\/talkpal.ai\/locations\/language-courses-in-ami\/\">ami<\/a> a nyelv kultur\u00e1lis aspektusait mutatja a tisztelet \u00e9s az udvariass\u00e1g ter\u00e9n.<\/p>\n\n\n\n<h3 class=\"wp-block-heading\" id=\"h-venturing-into-verbs-tenses-aspects-and-moods\">Ig\u00e9kbe kalandoz\u00e1s: igeid\u0151k, szempontok \u00e9s hangulatok<\/h3>\n\n\n\n<p>A kannada ig\u00e9ket gazdag konjug\u00e1ci\u00f3s rendszer jellemzi. Az ig\u00e9ket igeid\u0151 (m\u00falt, jelen \u00e9s j\u00f6v\u0151), szempont (perfekt\u00edv vagy t\u00f6k\u00e9letlen) \u00e9s hangulat (indikat\u00edv, imperat\u00edv \u00e9s felt\u00e9teles) szerint ragozz\u00e1k. Tov\u00e1bbi bonyolults\u00e1got ad az okozati ig\u00e9k, valamint a passz\u00edv \u00e9s akt\u00edv hangok jelenl\u00e9te. A ragoz\u00e1s a szem\u00e9lyt\u0151l, a sz\u00e1mt\u00f3l \u00e9s a nemt\u0151l f\u00fcgg, \u00edgy a kannada igeform\u00e1k nagyon ragozottak \u00e9s bonyolultak.<\/p>\n\n\n\n<h3 class=\"wp-block-heading\" id=\"h-adjectives-adverbs-and-more\">Mell\u00e9knevek, hat\u00e1roz\u00f3szavak \u00e9s egyebek<\/h3>\n\n\n\n<p>A kannada mell\u00e9knevek \u00e9s sz\u00e1mok megegyeznek az \u00e1ltaluk m\u00f3dos\u00edtott f\u0151nevekkel nem, sz\u00e1m \u00e9s eset szempontj\u00e1b\u00f3l. A mell\u00e9knevek ugyan\u00fagy ragozhat\u00f3k, mint a f\u0151nevek, \u00e9s ak\u00e1r hat\u00e1roz\u00f3sz\u00f3k kialak\u00edt\u00e1s\u00e1ra is kombin\u00e1lhat\u00f3k. A nyelv k\u00fcl\u00f6nb\u00f6z\u0151 k\u00f6t\u0151szavakat, r\u00e9szecsk\u00e9ket \u00e9s prepoz\u00edci\u00f3kat is haszn\u00e1l, hogy a mondatokat \u00e9s azok \u00f6sszetev\u0151it koherens \u00e9s kifejez\u0151 eg\u00e9szbe hozza.<\/p>\n\n\n\n<h3 class=\"wp-block-heading\" id=\"h-embracing-the-beauty-of-kannada-grammar\">A kannada nyelvtan sz\u00e9ps\u00e9g\u00e9nek elfogad\u00e1sa<\/h3>\n\n\n\n<p>A kannada <a href=\"https:\/\/talkpal.ai\/grammar\/\">nyelvtan<\/a> vil\u00e1ga ugyanolyan leny\u0171g\u00f6z\u0151, mint amennyire \u00f6sszetett. A bonyolult esetrendszer, az egyedi \u00edr\u00e1s \u00e9s az er\u0151sen ragozott igeform\u00e1k adj\u00e1k a kannada var\u00e1zs\u00e1t \u00e9s gazdags\u00e1g\u00e1t. Ennek a gy\u00f6ny\u00f6r\u0171 nyelvnek a birodalm\u00e1ba val\u00f3 behatol\u00e1ssal m\u00e9lyebben meg\u00e9rti India nyelvi \u00e9s kultur\u00e1lis soksz\u00edn\u0171s\u00e9g\u00e9t.<\/p>\n\n\n\n<p>Sz\u00f3val, mi\u00e9rt nem fedezi fel tov\u00e1bb Kannada sz\u00e9ps\u00e9g\u00e9t? Szenved\u00e9llyel \u00e9s k\u00edv\u00e1ncsis\u00e1ggal hamarosan azon kaphatja mag\u00e1t, hogy \u00e9lvezi a csod\u00e1latos irodalmat, mozit \u00e9s zen\u00e9t ezen a fens\u00e9ges nyelven. Boldog tanul\u00e1st!<\/p>\n<\/div><\/div>\n\r\n<section class=\"learnNavigationSection\">\r\n            \r\n        <a href=\"https:\/\/talkpal.ai\/hu\/tanulj-kannadat\/\">\r\n            <div class=\"learnNavigationWrapper\">\r\n                <div class=\"learnNavigationContent\">\r\n                    <img decoding=\"async\" src=\"https:\/\/talkpal.ai\/wp-content\/uploads\/2024\/08\/Kannada.jpg\" alt=\"Indian Simplified Flag\">\r\n                    <div>\r\n                        <h4>A kannada tanul\u00e1sr\u00f3l<\/h4>\r\n                        <p>Tudjon meg mindent a kannada nyelvtanr\u00f3l.<\/p>\r\n                    <\/div>\r\n                <\/div>\r\n            <\/div>\r\n        <\/a>\r\n\r\n        \r\n        <a href=\"https:\/\/talkpal.ai\/hu\/kannada-nyelvtani-gyakorlatok\/\">\r\n            <div class=\"learnNavigationWrapper\">\r\n                <div class=\"learnNavigationContent\">\r\n                    <img decoding=\"async\" src=\"https:\/\/talkpal.ai\/wp-content\/uploads\/2024\/08\/Kannada.jpg\" alt=\"Indian Simplified Flag\">\r\n                    <div>\r\n                        <h4>Kannada nyelvtani gyakorlat<\/h4>\r\n                        <p>Gyakorolja a kannada nyelvtant.<\/p>\r\n                    <\/div>\r\n                <\/div>\r\n            <\/div>\r\n        <\/a>\r\n\r\n        \r\n        <a href=\"https:\/\/talkpal.ai\/vocabulary_language\/kannada\/\">\r\n            <div class=\"learnNavigationWrapper\">\r\n                <div class=\"learnNavigationContent\">\r\n                    <img decoding=\"async\" src=\"https:\/\/talkpal.ai\/wp-content\/uploads\/2024\/08\/Kannada.jpg\" alt=\"Indian Simplified Flag\">\r\n                    <div>\r\n                        <h4>Kannada sz\u00f3kincs<\/h4>\r\n                        <p>B\u0151v\u00edtse kannada sz\u00f3kincs\u00e9t.<\/p>\r\n                    <\/div>\r\n                <\/div>\r\n            <\/div>\r\n        <\/a>\r\n\r\n            <\/section>","protected":false},"excerpt":{"rendered":"<p>Kannada nyelvtan: betekint\u00e9s a dravida nyelv gazdags\u00e1g\u00e1ba Elgondolkodt\u00e1l m\u00e1r India nyelvi soksz\u00edn\u0171s\u00e9g\u00e9n? Nyelvrajong\u00f3k\u00e9nt vagy k\u00edv\u00e1ncsi tanul\u00f3k\u00e9nt \u00e9rdemes lehet k\u00f6zelebbr\u0151l megvizsg\u00e1lni India egyik klasszikus nyelv\u00e9t &#8211; a kannad\u00e1t. A kannada egy dravida nyelv, amelyet t\u00falnyom\u00f3r\u00e9szt Karnataka d\u00e9li \u00e1llam\u00e1ban besz\u00e9lnek. K\u00f6r\u00fclbel\u00fcl 44 milli\u00f3 ember anyanyelve, \u00edgy az egyik legnagyobb indiai nyelv. Mer\u00fclj\u00fcnk el a kannada nyelvtan leny\u0171g\u00f6z\u0151 [&hellip;]<\/p>\n","protected":false},"author":1,"featured_media":113703,"parent":0,"menu_order":0,"comment_status":"closed","ping_status":"closed","template":"LearningContentPage.php","meta":{"_acf_changed":false,"footnotes":""},"class_list":["post-145498","page","type-page","status-publish","has-post-thumbnail","hentry"],"acf":[],"yoast_head":"<!-- This site is optimized with the Yoast SEO Premium plugin v27.2 (Yoast SEO v27.2) - https:\/\/yoast.com\/product\/yoast-seo-premium-wordpress\/ -->\n<title>Kannada nyelvtan - Talkpal<\/title>\n<meta name=\"description\" content=\"Magabiztos kannada nyelvtan tanul\u00e1s - a legfontosabb szab\u00e1lyok meg\u00e9rt\u00e9se, a mondatszerkeszt\u00e9s csiszol\u00e1sa \u00e9s a foly\u00e9kony besz\u00e9dk\u00e9szs\u00e9g n\u00f6vel\u00e9se.\" \/>\n<meta name=\"robots\" content=\"index, follow, max-snippet:-1, max-image-preview:large, max-video-preview:-1\" \/>\n<link rel=\"canonical\" href=\"https:\/\/talkpal.ai\/hu\/kannada-nyelvtan\/\" \/>\n<meta property=\"og:locale\" content=\"hu_HU\" \/>\n<meta property=\"og:type\" content=\"article\" \/>\n<meta property=\"og:title\" content=\"Kannada nyelvtan\" \/>\n<meta property=\"og:description\" content=\"Kannada nyelvtan: betekint\u00e9s a dravida nyelv gazdags\u00e1g\u00e1ba Elgondolkodt\u00e1l m\u00e1r India nyelvi soksz\u00edn\u0171s\u00e9g\u00e9n? Nyelvrajong\u00f3k\u00e9nt vagy k\u00edv\u00e1ncsi tanul\u00f3k\u00e9nt \u00e9rdemes\" \/>\n<meta property=\"og:url\" content=\"https:\/\/talkpal.ai\/hu\/kannada-nyelvtan\/\" \/>\n<meta property=\"og:site_name\" content=\"Talkpal\" \/>\n<meta property=\"article:publisher\" content=\"https:\/\/www.facebook.com\/profile.php?id=100090733639311\" \/>\n<meta property=\"article:modified_time\" content=\"2025-12-11T16:23:21+00:00\" \/>\n<meta property=\"og:image\" content=\"https:\/\/talkpal.ai\/wp-content\/uploads\/2023\/05\/Kannada-india.png\" \/>\n\t<meta property=\"og:image:width\" content=\"512\" \/>\n\t<meta property=\"og:image:height\" content=\"512\" \/>\n\t<meta property=\"og:image:type\" content=\"image\/png\" \/>\n<meta name=\"twitter:card\" content=\"summary_large_image\" \/>\n<meta name=\"twitter:site\" content=\"@talkpalai\" \/>\n<meta name=\"twitter:label1\" content=\"Becs\u00fclt olvas\u00e1si id\u0151\" \/>\n\t<meta name=\"twitter:data1\" content=\"3 perc\" \/>\n<script type=\"application\/ld+json\" class=\"yoast-schema-graph\">{\"@context\":\"https:\/\/schema.org\",\"@graph\":[{\"@type\":\"WebPage\",\"@id\":\"https:\/\/talkpal.ai\/hu\/kannada-nyelvtan\/\",\"url\":\"https:\/\/talkpal.ai\/hu\/kannada-nyelvtan\/\",\"name\":\"Kannada nyelvtan - Talkpal\",\"isPartOf\":{\"@id\":\"https:\/\/talkpal.ai\/hu\/#website\"},\"primaryImageOfPage\":{\"@id\":\"https:\/\/talkpal.ai\/hu\/kannada-nyelvtan\/#primaryimage\"},\"image\":{\"@id\":\"https:\/\/talkpal.ai\/hu\/kannada-nyelvtan\/#primaryimage\"},\"thumbnailUrl\":\"https:\/\/talkpal.ai\/wp-content\/uploads\/2023\/05\/Kannada-india.png\",\"datePublished\":\"2023-05-14T14:09:47+00:00\",\"dateModified\":\"2025-12-11T16:23:21+00:00\",\"description\":\"Magabiztos kannada nyelvtan tanul\u00e1s - a legfontosabb szab\u00e1lyok meg\u00e9rt\u00e9se, a mondatszerkeszt\u00e9s csiszol\u00e1sa \u00e9s a foly\u00e9kony besz\u00e9dk\u00e9szs\u00e9g n\u00f6vel\u00e9se.\",\"breadcrumb\":{\"@id\":\"https:\/\/talkpal.ai\/hu\/kannada-nyelvtan\/#breadcrumb\"},\"inLanguage\":\"hu\",\"potentialAction\":[{\"@type\":\"ReadAction\",\"target\":[\"https:\/\/talkpal.ai\/hu\/kannada-nyelvtan\/\"]}]},{\"@type\":\"ImageObject\",\"inLanguage\":\"hu\",\"@id\":\"https:\/\/talkpal.ai\/hu\/kannada-nyelvtan\/#primaryimage\",\"url\":\"https:\/\/talkpal.ai\/wp-content\/uploads\/2023\/05\/Kannada-india.png\",\"contentUrl\":\"https:\/\/talkpal.ai\/wp-content\/uploads\/2023\/05\/Kannada-india.png\",\"width\":512,\"height\":512},{\"@type\":\"BreadcrumbList\",\"@id\":\"https:\/\/talkpal.ai\/hu\/kannada-nyelvtan\/#breadcrumb\",\"itemListElement\":[{\"@type\":\"ListItem\",\"position\":1,\"name\":\"Homepage\",\"item\":\"https:\/\/talkpal.ai\/hu\/\"},{\"@type\":\"ListItem\",\"position\":2,\"name\":\"Kannada nyelvtan\"}]},{\"@type\":\"WebSite\",\"@id\":\"https:\/\/talkpal.ai\/hu\/#website\",\"url\":\"https:\/\/talkpal.ai\/hu\/\",\"name\":\"Talkpal\",\"description\":\"AI Language Learning\",\"publisher\":{\"@id\":\"https:\/\/talkpal.ai\/hu\/#organization\"},\"alternateName\":\"Talkpal AI\",\"potentialAction\":[{\"@type\":\"SearchAction\",\"target\":{\"@type\":\"EntryPoint\",\"urlTemplate\":\"https:\/\/talkpal.ai\/hu\/?s={search_term_string}\"},\"query-input\":{\"@type\":\"PropertyValueSpecification\",\"valueRequired\":true,\"valueName\":\"search_term_string\"}}],\"inLanguage\":\"hu\"},{\"@type\":\"Organization\",\"@id\":\"https:\/\/talkpal.ai\/hu\/#organization\",\"name\":\"Talkpal, Inc.\",\"alternateName\":\"Talkpal AI\",\"url\":\"https:\/\/talkpal.ai\/hu\/\",\"logo\":{\"@type\":\"ImageObject\",\"inLanguage\":\"hu\",\"@id\":\"https:\/\/talkpal.ai\/hu\/#\/schema\/logo\/image\/\",\"url\":\"https:\/\/talkpal.ai\/wp-content\/uploads\/2024\/03\/Talkpal-Logo-Icon.png\",\"contentUrl\":\"https:\/\/talkpal.ai\/wp-content\/uploads\/2024\/03\/Talkpal-Logo-Icon.png\",\"width\":2880,\"height\":2880,\"caption\":\"Talkpal, Inc.\"},\"image\":{\"@id\":\"https:\/\/talkpal.ai\/hu\/#\/schema\/logo\/image\/\"},\"sameAs\":[\"https:\/\/www.facebook.com\/profile.php?id=100090733639311\",\"https:\/\/x.com\/talkpalai\",\"https:\/\/www.linkedin.com\/company\/talkpal\/\",\"https:\/\/www.youtube.com\/@TalkPal\/\",\"https:\/\/www.tiktok.com\/@talkpal\",\"https:\/\/www.instagram.com\/talkpal_ai\/\",\"https:\/\/www.crunchbase.com\/organization\/talkpal-9cde\",\"https:\/\/www.g2.com\/products\/talkpal-for-business\/\",\"https:\/\/www.trustpilot.com\/review\/talkpal.ai\",\"https:\/\/www.capterra.com\/p\/10006800\/TalkPal\/\"],\"description\":\"Talkpal is a language learning web and mobile education app, powered by the latest AI technologies, that provides engaging experiences to its customers in many different languages to help them improve their language skills. Users can chat about unlimited amount of topics with the app and use other modes to practice their language learning.\",\"email\":\"support@talkpal.ai\",\"legalName\":\"Talkpal, Inc.\",\"foundingDate\":\"2023-04-03\",\"duns\":\"118989042\",\"numberOfEmployees\":{\"@type\":\"QuantitativeValue\",\"minValue\":\"11\",\"maxValue\":\"50\"},\"publishingPrinciples\":\"https:\/\/talkpal.ai\/publishing-principles\/\",\"actionableFeedbackPolicy\":\"https:\/\/talkpal.ai\/actionable-feedback-policy\/\",\"correctionsPolicy\":\"https:\/\/talkpal.ai\/corrections-policy\/\",\"ethicsPolicy\":\"https:\/\/talkpal.ai\/ethics-policy\/\",\"diversityPolicy\":\"https:\/\/talkpal.ai\/diversity-policy\/\",\"diversityStaffingReport\":\"https:\/\/talkpal.ai\/diversity-policy\/\"}]}<\/script>\n<!-- \/ Yoast SEO Premium plugin. -->","yoast_head_json":{"title":"Kannada nyelvtan - Talkpal","description":"Magabiztos kannada nyelvtan tanul\u00e1s - a legfontosabb szab\u00e1lyok meg\u00e9rt\u00e9se, a mondatszerkeszt\u00e9s csiszol\u00e1sa \u00e9s a foly\u00e9kony besz\u00e9dk\u00e9szs\u00e9g n\u00f6vel\u00e9se.","robots":{"index":"index","follow":"follow","max-snippet":"max-snippet:-1","max-image-preview":"max-image-preview:large","max-video-preview":"max-video-preview:-1"},"canonical":"https:\/\/talkpal.ai\/hu\/kannada-nyelvtan\/","og_locale":"hu_HU","og_type":"article","og_title":"Kannada nyelvtan","og_description":"Kannada nyelvtan: betekint\u00e9s a dravida nyelv gazdags\u00e1g\u00e1ba Elgondolkodt\u00e1l m\u00e1r India nyelvi soksz\u00edn\u0171s\u00e9g\u00e9n? Nyelvrajong\u00f3k\u00e9nt vagy k\u00edv\u00e1ncsi tanul\u00f3k\u00e9nt \u00e9rdemes","og_url":"https:\/\/talkpal.ai\/hu\/kannada-nyelvtan\/","og_site_name":"Talkpal","article_publisher":"https:\/\/www.facebook.com\/profile.php?id=100090733639311","article_modified_time":"2025-12-11T16:23:21+00:00","og_image":[{"width":512,"height":512,"url":"https:\/\/talkpal.ai\/wp-content\/uploads\/2023\/05\/Kannada-india.png","type":"image\/png"}],"twitter_card":"summary_large_image","twitter_site":"@talkpalai","twitter_misc":{"Becs\u00fclt olvas\u00e1si id\u0151":"3 perc"},"schema":{"@context":"https:\/\/schema.org","@graph":[{"@type":"WebPage","@id":"https:\/\/talkpal.ai\/hu\/kannada-nyelvtan\/","url":"https:\/\/talkpal.ai\/hu\/kannada-nyelvtan\/","name":"Kannada nyelvtan - Talkpal","isPartOf":{"@id":"https:\/\/talkpal.ai\/hu\/#website"},"primaryImageOfPage":{"@id":"https:\/\/talkpal.ai\/hu\/kannada-nyelvtan\/#primaryimage"},"image":{"@id":"https:\/\/talkpal.ai\/hu\/kannada-nyelvtan\/#primaryimage"},"thumbnailUrl":"https:\/\/talkpal.ai\/wp-content\/uploads\/2023\/05\/Kannada-india.png","datePublished":"2023-05-14T14:09:47+00:00","dateModified":"2025-12-11T16:23:21+00:00","description":"Magabiztos kannada nyelvtan tanul\u00e1s - a legfontosabb szab\u00e1lyok meg\u00e9rt\u00e9se, a mondatszerkeszt\u00e9s csiszol\u00e1sa \u00e9s a foly\u00e9kony besz\u00e9dk\u00e9szs\u00e9g n\u00f6vel\u00e9se.","breadcrumb":{"@id":"https:\/\/talkpal.ai\/hu\/kannada-nyelvtan\/#breadcrumb"},"inLanguage":"hu","potentialAction":[{"@type":"ReadAction","target":["https:\/\/talkpal.ai\/hu\/kannada-nyelvtan\/"]}]},{"@type":"ImageObject","inLanguage":"hu","@id":"https:\/\/talkpal.ai\/hu\/kannada-nyelvtan\/#primaryimage","url":"https:\/\/talkpal.ai\/wp-content\/uploads\/2023\/05\/Kannada-india.png","contentUrl":"https:\/\/talkpal.ai\/wp-content\/uploads\/2023\/05\/Kannada-india.png","width":512,"height":512},{"@type":"BreadcrumbList","@id":"https:\/\/talkpal.ai\/hu\/kannada-nyelvtan\/#breadcrumb","itemListElement":[{"@type":"ListItem","position":1,"name":"Homepage","item":"https:\/\/talkpal.ai\/hu\/"},{"@type":"ListItem","position":2,"name":"Kannada nyelvtan"}]},{"@type":"WebSite","@id":"https:\/\/talkpal.ai\/hu\/#website","url":"https:\/\/talkpal.ai\/hu\/","name":"Talkpal","description":"AI Language Learning","publisher":{"@id":"https:\/\/talkpal.ai\/hu\/#organization"},"alternateName":"Talkpal AI","potentialAction":[{"@type":"SearchAction","target":{"@type":"EntryPoint","urlTemplate":"https:\/\/talkpal.ai\/hu\/?s={search_term_string}"},"query-input":{"@type":"PropertyValueSpecification","valueRequired":true,"valueName":"search_term_string"}}],"inLanguage":"hu"},{"@type":"Organization","@id":"https:\/\/talkpal.ai\/hu\/#organization","name":"Talkpal, Inc.","alternateName":"Talkpal AI","url":"https:\/\/talkpal.ai\/hu\/","logo":{"@type":"ImageObject","inLanguage":"hu","@id":"https:\/\/talkpal.ai\/hu\/#\/schema\/logo\/image\/","url":"https:\/\/talkpal.ai\/wp-content\/uploads\/2024\/03\/Talkpal-Logo-Icon.png","contentUrl":"https:\/\/talkpal.ai\/wp-content\/uploads\/2024\/03\/Talkpal-Logo-Icon.png","width":2880,"height":2880,"caption":"Talkpal, Inc."},"image":{"@id":"https:\/\/talkpal.ai\/hu\/#\/schema\/logo\/image\/"},"sameAs":["https:\/\/www.facebook.com\/profile.php?id=100090733639311","https:\/\/x.com\/talkpalai","https:\/\/www.linkedin.com\/company\/talkpal\/","https:\/\/www.youtube.com\/@TalkPal\/","https:\/\/www.tiktok.com\/@talkpal","https:\/\/www.instagram.com\/talkpal_ai\/","https:\/\/www.crunchbase.com\/organization\/talkpal-9cde","https:\/\/www.g2.com\/products\/talkpal-for-business\/","https:\/\/www.trustpilot.com\/review\/talkpal.ai","https:\/\/www.capterra.com\/p\/10006800\/TalkPal\/"],"description":"Talkpal is a language learning web and mobile education app, powered by the latest AI technologies, that provides engaging experiences to its customers in many different languages to help them improve their language skills. Users can chat about unlimited amount of topics with the app and use other modes to practice their language learning.","email":"support@talkpal.ai","legalName":"Talkpal, Inc.","foundingDate":"2023-04-03","duns":"118989042","numberOfEmployees":{"@type":"QuantitativeValue","minValue":"11","maxValue":"50"},"publishingPrinciples":"https:\/\/talkpal.ai\/publishing-principles\/","actionableFeedbackPolicy":"https:\/\/talkpal.ai\/actionable-feedback-policy\/","correctionsPolicy":"https:\/\/talkpal.ai\/corrections-policy\/","ethicsPolicy":"https:\/\/talkpal.ai\/ethics-policy\/","diversityPolicy":"https:\/\/talkpal.ai\/diversity-policy\/","diversityStaffingReport":"https:\/\/talkpal.ai\/diversity-policy\/"}]}},"_links":{"self":[{"href":"https:\/\/talkpal.ai\/hu\/wp-json\/wp\/v2\/pages\/145498","targetHints":{"allow":["GET"]}}],"collection":[{"href":"https:\/\/talkpal.ai\/hu\/wp-json\/wp\/v2\/pages"}],"about":[{"href":"https:\/\/talkpal.ai\/hu\/wp-json\/wp\/v2\/types\/page"}],"author":[{"embeddable":true,"href":"https:\/\/talkpal.ai\/hu\/wp-json\/wp\/v2\/users\/1"}],"replies":[{"embeddable":true,"href":"https:\/\/talkpal.ai\/hu\/wp-json\/wp\/v2\/comments?post=145498"}],"version-history":[{"count":0,"href":"https:\/\/talkpal.ai\/hu\/wp-json\/wp\/v2\/pages\/145498\/revisions"}],"wp:featuredmedia":[{"embeddable":true,"href":"https:\/\/talkpal.ai\/hu\/wp-json\/wp\/v2\/media\/113703"}],"wp:attachment":[{"href":"https:\/\/talkpal.ai\/hu\/wp-json\/wp\/v2\/media?parent=145498"}],"curies":[{"name":"wp","href":"https:\/\/api.w.org\/{rel}","templated":true}]}}