{"id":145163,"date":"2023-05-14T14:09:29","date_gmt":"2023-05-14T14:09:29","guid":{"rendered":"http:\/\/talkpal.ai\/indonez-nyelvtan\/"},"modified":"2025-12-13T15:43:15","modified_gmt":"2025-12-13T15:43:15","slug":"indonez-nyelvtan","status":"publish","type":"page","link":"https:\/\/talkpal.ai\/hu\/indonez-nyelvtan\/","title":{"rendered":"Indon\u00e9z nyelvtan"},"content":{"rendered":"\r\n\r\n\r\n<section class=\"languageChallengeSection\">\r\n    <div class=\"languageInfoWrapper\">\r\n        \r\n        <h1>Indon\u00e9z nyelvtan<\/h1>\r\n        <p>\u00c9rdekli az <a href=\"https:\/\/talkpal.ai\/learn-indonesian\/\">indon\u00e9z<\/a> nyelv elsaj\u00e1t\u00edt\u00e1sa? Egyszer\u0171 nyelvtan\u00e1val &#8211; nincsenek igek\u00f6t\u0151k, nincsenek f\u0151n\u00e9vi nemek \u00e9s egyszer\u0171 mondatszerkezet &#8211; az indon\u00e9z nyelv az egyik legjobban tanulhat\u00f3 nyelv. Kezdje el az utaz\u00e1st m\u00e9g ma, \u00e9s n\u00e9zze meg, hogy az <a href=\"https:\/\/talkpal.ai\/indonesian-grammar\/\">indon\u00e9z nyelvtan<\/a> meg\u00e9rt\u00e9se gyorsan megnyitja a kommunik\u00e1ci\u00f3 \u00e9s a kultur\u00e1lis \u00e9lm\u00e9nyek vil\u00e1g\u00e1t!<\/p>\r\n\r\n                            <a class=\"getStartedHidden\" href=\"https:\/\/app.talkpal.ai\/hu\/signup?lng=\">Kezdj\u00fck<\/a>\r\n        \r\n    <\/div>\r\n\r\n    <figure>\r\n    <img decoding=\"async\" width=\"768\" height=\"768\" src=\"https:\/\/talkpal.ai\/wp-content\/uploads\/2023\/06\/indonesia-768x768.png\" class=\"languageImage no-lazy\" alt=\"Language learning for personal achievement\" fetchpriority=\"high\" sizes=\"(max-width: 768px) 150px, 768px\" srcset=\"https:\/\/talkpal.ai\/wp-content\/uploads\/2023\/06\/indonesia-768x768.png 768w, https:\/\/talkpal.ai\/wp-content\/uploads\/2023\/06\/indonesia-300x300.png 300w\" \/>\r\n    \r\n\r\n    <\/figure>\r\n\r\n            <a class=\"getStartedVisible\" href=\"https:\/\/app.talkpal.ai\/hu\/signup?lng=\">Kezdj\u00fck<\/a>\r\n    \r\n<\/section>\r\n<section class=\"promotionalBanner\">\r\n    <p class=\"promotionalText\"><\/p>\r\n    <a class=\"promotionalLink\" href=\"https:\/\/app.talkpal.ai\/hu\/signup?lng=\"><\/a>\r\n<\/section>\n<div class=\"wp-block-group pageContainerStyle\"><div class=\"wp-block-group__inner-container is-layout-constrained wp-block-group-is-layout-constrained\">\n<h2 class=\"wp-block-heading\" id=\"h-the-wonders-of-indonesian-grammar-a-guide-for-language-learners\">Az indon\u00e9z nyelvtan csod\u00e1i: \u00fatmutat\u00f3 nyelvtanul\u00f3knak<\/h2>\n\n\n\n<p><a href=\"https:\/\/talkpal.ai\/indonesian-grammar\/\">Indon\u00e9z nyelvtan<\/a> &#8211; egyszer\u0171, m\u00e9gis eleg\u00e1ns, bar\u00e1ts\u00e1gos, m\u00e9gis mag\u00e1val ragad\u00f3, hozz\u00e1f\u00e9rhet\u0151, m\u00e9gis mag\u00e1val ragad\u00f3. Ahogy elindul az indon\u00e9z nyelv megtanul\u00e1sa fel\u00e9, biztos lehet benne, hogy a <a href=\"https:\/\/talkpal.ai\/grammar\/\">nyelvtan<\/a> befogad\u00e1sa \u00e9lvezetes \u00e9lm\u00e9ny lesz. Ezzel a cikkel arra t\u00f6reksz\u00fcnk, hogy meg\u00e9rts\u00fck az indon\u00e9z nyelvtan legfontosabb szempontjait, \u00e9s seg\u00edts\u00fcnk megragadni ennek a d\u00e9lkelet-\u00e1zsiai nyelvnek a sz\u00e9ps\u00e9g\u00e9t.<\/p>\n\n\n\n<p>Mer\u00fclj\u00fcnk el az indon\u00e9z nyelvtan alapvet\u0151 elemeiben, magyar\u00e1zatokkal \u00e9s p\u00e9ld\u00e1kkal, amelyek a szab\u00e1lyokat \u00e9s fogalmakat elragad\u00f3an \u00e9rthet\u0151v\u00e9 teszik. Teh\u00e1t d\u0151lj\u00f6n h\u00e1tra, laz\u00edtson, \u00e9s engedje meg, hogy felt\u00e1rjuk az indon\u00e9z nyelvtan leny\u0171g\u00f6z\u0151 titkait.<\/p>\n\n\n\n<h3 class=\"wp-block-heading\" id=\"h-1-nouns-no-genders-no-plurals-no-stress\">1. F\u0151nevek: nincs nem, nincs t\u00f6bbes sz\u00e1m, nincs stressz!<\/h3>\n\n\n\n<p>Az indon\u00e9z nyelvtan egyik leg\u00fcd\u00edt\u0151bb aspektusa a f\u0151n\u00e9vrendszer egyszer\u0171s\u00e9ge. Az indon\u00e9z f\u0151neveknek nincs nemi vagy t\u00f6bbes sz\u00e1m\u00fa alakja. Ez azt jelenti, hogy ak\u00e1r egy k\u00f6ly\u00f6kkuty\u00e1ra, ak\u00e1r egy csoport feln\u0151tt kuty\u00e1ra utalsz, azt mondod, hogy &#8222;anjing&#8221; (kutya).<\/p>\n\n\n\n<p>A t\u00f6bbes sz\u00e1m\u00fa alak megad\u00e1s\u00e1hoz vagy megism\u00e9telheti a f\u0151nevet (pl. &#8222;anak-anak&#8221; a &#8222;gyerekek&#8221; eset\u00e9ben), vagy haszn\u00e1lhat egy mennyis\u00e9gi kifejez\u00e9st, p\u00e9ld\u00e1ul &#8222;banyak&#8221; (sok) vagy &#8222;beberapa&#8221; (n\u00e9h\u00e1ny). <a href=\"https:\/\/talkpal.ai\/culture\/how-do-you-use-the-demonstrative-pronouns-ez-and-az\/\">Ez az<\/a>! H\u00e1t nem egy friss leveg\u0151v\u00e9tel ez m\u00e1s nyelvekhez k\u00e9pest?<\/p>\n\n\n\n<h3 class=\"wp-block-heading\" id=\"h-2-pronouns-staying-humble-and-respectful\">2. N\u00e9vm\u00e1sok: al\u00e1zatos \u00e9s tiszteletteljes maradni<\/h3>\n\n\n\n<p>Az indon\u00e9z nyelvtan k\u00fcl\u00f6nb\u00f6z\u0151 n\u00e9vm\u00e1sokat haszn\u00e1l a formalit\u00e1sok k\u00fcl\u00f6nb\u00f6z\u0151 szintjei alapj\u00e1n. A megfelel\u0151 n\u00e9vm\u00e1s haszn\u00e1lata, amikor valakihez sz\u00f3l, elengedhetetlen a tisztelet \u00e9s az al\u00e1zat kimutat\u00e1s\u00e1hoz. P\u00e9ld\u00e1ul az &#8222;aku&#8221; (\u00e9n\/mi) alkalmi \u00e9s bizalmas, a &#8222;saya&#8221; udvarias \u00e9s semleges, a &#8222;saya&#8221; pedig hivatalos \u00e9s szer\u00e9ny. Hasonl\u00f3k\u00e9ppen a &#8222;kamu&#8221; (te) inform\u00e1lis, az &#8222;Anda&#8221; udvarias, a &#8222;Bapak\/Ibu&#8221; (Uram\/H\u00f6lgyem) pedig csak nagyon hivatalos helyzetekben haszn\u00e1latos.<\/p>\n\n\n\n<p>Ne feledje, hogy \u00faj vagy bizonytalan helyzetekben mindig \u00e9rdemes az udvariass\u00e1g oldal\u00e1ra \u00e1llni.<\/p>\n\n\n\n<h3 class=\"wp-block-heading\" id=\"h-3-verbs-no-conjugations-but-prefixes-and-suffixes-galore\">3. Ig\u00e9k: Nincs ragoz\u00e1s, de el\u0151tagok \u00e9s ut\u00f3tagok b\u0151ven!<\/h3>\n\n\n\n<p>Az indon\u00e9z ig\u00e9k v\u00e1ltozatlanok maradnak, f\u00fcggetlen\u00fcl az igeid\u0151t\u0151l, a hangulatt\u00f3l vagy a t\u00e9m\u00e1t\u00f3l, \u00edgy sokkal egyszer\u0171bbek, mint sok m\u00e1s nyelv ig\u00e9i. Azonban el kell saj\u00e1t\u00edtanod az el\u0151tagok \u00e9s ut\u00f3tagok haszn\u00e1lat\u00e1t az ige jelent\u00e9s\u00e9nek m\u00f3dos\u00edt\u00e1s\u00e1hoz.<\/p>\n\n\n\n<p>N\u00e9h\u00e1ny gyakori el\u0151tag: &#8222;me-&#8221; (akt\u00edv ig\u00e9k), &#8222;di-&#8221; (passz\u00edv ig\u00e9k) \u00e9s &#8222;ber-&#8221; (<a href=\"https:\/\/talkpal.ai\/hu\/grammar\/stativ-igek-az-angol-nyelvtanban\/\">stat\u00edv ig\u00e9k<\/a>). A gyakori ut\u00f3tagok k\u00f6z\u00e9 tartozik a &#8222;-kan&#8221; (kauzat\u00edv ig\u00e9k) \u00e9s a &#8222;-i&#8221; (tranzit\u00edv ig\u00e9k). P\u00e9ld\u00e1ul a &#8222;makan&#8221; jelent\u00e9se &#8222;enni&#8221;, a &#8222;memakan&#8221; jelent\u00e9se &#8222;fogyasztani&#8221;, a &#8222;dimakan&#8221; pedig &#8222;megenni&#8221;.<\/p>\n\n\n\n<h3 class=\"wp-block-heading\" id=\"h-4-word-order-subject-verb-object-simplicity\">4. Sz\u00f3rend : alany-ige-t\u00e1rgy egyszer\u0171s\u00e9g!<\/h3>\n\n\n\n<p>Az indon\u00e9z nyelvtan az angolhoz hasonl\u00f3, egyszer\u0171 Subject-Verb-Object (SVO) sz\u00f3rend szerint m\u0171k\u00f6dik. Ez sokkal k\u00f6nnyebb\u00e9 teszi a mondat\u00e9p\u00edt\u00e9st \u00e9s a meg\u00e9rt\u00e9st az angolul besz\u00e9l\u0151k sz\u00e1m\u00e1ra. P\u00e9ld\u00e1ul a &#8222;Saya memakan pisang&#8221; k\u00f6zvetlen\u00fcl azt jelenti, hogy &#8222;\u00c9n (alany) eszem (ige) ban\u00e1nt (t\u00e1rgy)&#8221;.<\/p>\n\n\n\n<h3 class=\"wp-block-heading\" id=\"h-5-immerse-yourself-in-indonesian-practice-makes-perfect\">5. Mer\u00fclj\u00f6n el indon\u00e9z\u00fcl: a gyakorlat teszi a mestert<\/h3>\n\n\n\n<p>Az indon\u00e9z nyelvtan sz\u00e9ps\u00e9ge egyszer\u0171s\u00e9g\u00e9ben \u00e9s hozz\u00e1f\u00e9rhet\u0151s\u00e9g\u00e9ben rejlik. Az olvas\u00e1s, \u00edr\u00e1s, hallgat\u00e1s \u00e9s besz\u00e9d rendszeres gyakorl\u00e1sa seg\u00edt elsaj\u00e1t\u00edtani a nyelvet \u00e9s annak nyelvtan\u00e1t. Fogadja el a kih\u00edv\u00e1sokat, gy\u0151zze le a bonyolults\u00e1gokat, \u00e9s szabad\u00edtsa fel az indon\u00e9z nyelv val\u00f3di var\u00e1zs\u00e1t.<\/p>\n\n\n\n<p>Sz\u00f3val, k\u00e9szen \u00e1llsz arra, hogy belemer\u00fclj az indon\u00e9z nyelvtan csod\u00e1iba? Bizalommal \u00e9s k\u00edv\u00e1ncsis\u00e1ggal, elk\u00f6telezetts\u00e9ggel \u00e9s izgalommal k\u00f6zel\u00edtse meg, hamarosan \u00e9kessz\u00f3l\u00f3 indon\u00e9z besz\u00e9l\u0151v\u00e9 v\u00e1lhat. Selamat belajar! (Boldog tanul\u00e1st!)<\/p>\n<\/div><\/div>\n\r\n<section class=\"learnNavigationSection\">\r\n            \r\n        <a href=\"https:\/\/talkpal.ai\/hu\/tanulj-indonezul\/\">\r\n            <div class=\"learnNavigationWrapper\">\r\n                <div class=\"learnNavigationContent\">\r\n                    <img decoding=\"async\" src=\"https:\/\/talkpal.ai\/wp-content\/uploads\/2024\/08\/Indonesian.jpg\" alt=\"Indonesian Flag\">\r\n                    <div>\r\n                        <h4>Az indon\u00e9z tanul\u00e1sr\u00f3l<\/h4>\r\n                        <p>Tudjon meg mindent az indon\u00e9z nyelvtanr\u00f3l.<\/p>\r\n                    <\/div>\r\n                <\/div>\r\n            <\/div>\r\n        <\/a>\r\n\r\n        \r\n        <a href=\"https:\/\/talkpal.ai\/hu\/indonez-nyelvtani-gyakorlatok\/\">\r\n            <div class=\"learnNavigationWrapper\">\r\n                <div class=\"learnNavigationContent\">\r\n                    <img decoding=\"async\" src=\"https:\/\/talkpal.ai\/wp-content\/uploads\/2024\/08\/Indonesian.jpg\" alt=\"Indonesian Flag\">\r\n                    <div>\r\n                        <h4>Indon\u00e9z nyelvtani gyakorlat<\/h4>\r\n                        <p>Gyakorolja az indon\u00e9z nyelvtant.<\/p>\r\n                    <\/div>\r\n                <\/div>\r\n            <\/div>\r\n        <\/a>\r\n\r\n        \r\n        <a href=\"https:\/\/talkpal.ai\/vocabulary_language\/indonesian\/\">\r\n            <div class=\"learnNavigationWrapper\">\r\n                <div class=\"learnNavigationContent\">\r\n                    <img decoding=\"async\" src=\"https:\/\/talkpal.ai\/wp-content\/uploads\/2024\/08\/Indonesian.jpg\" alt=\"Indonesian Flag\">\r\n                    <div>\r\n                        <h4>Indon\u00e9z sz\u00f3kincs<\/h4>\r\n                        <p>B\u0151v\u00edtse indon\u00e9z sz\u00f3kincs\u00e9t.<\/p>\r\n                    <\/div>\r\n                <\/div>\r\n            <\/div>\r\n        <\/a>\r\n\r\n            <\/section>","protected":false},"excerpt":{"rendered":"<p>Az indon\u00e9z nyelvtan csod\u00e1i: \u00fatmutat\u00f3 nyelvtanul\u00f3knak Indon\u00e9z nyelvtan &#8211; egyszer\u0171, m\u00e9gis eleg\u00e1ns, bar\u00e1ts\u00e1gos, m\u00e9gis mag\u00e1val ragad\u00f3, hozz\u00e1f\u00e9rhet\u0151, m\u00e9gis mag\u00e1val ragad\u00f3. Ahogy elindul az indon\u00e9z nyelv megtanul\u00e1sa fel\u00e9, biztos lehet benne, hogy a nyelvtan befogad\u00e1sa \u00e9lvezetes \u00e9lm\u00e9ny lesz. Ezzel a cikkel arra t\u00f6reksz\u00fcnk, hogy meg\u00e9rts\u00fck az indon\u00e9z nyelvtan legfontosabb szempontjait, \u00e9s seg\u00edts\u00fcnk megragadni ennek a d\u00e9lkelet-\u00e1zsiai [&hellip;]<\/p>\n","protected":false},"author":1,"featured_media":113942,"parent":0,"menu_order":0,"comment_status":"closed","ping_status":"closed","template":"LearningContentPage.php","meta":{"_acf_changed":false,"footnotes":""},"class_list":["post-145163","page","type-page","status-publish","has-post-thumbnail","hentry"],"acf":[],"yoast_head":"<!-- This site is optimized with the Yoast SEO Premium plugin v27.2 (Yoast SEO v27.2) - https:\/\/yoast.com\/product\/yoast-seo-premium-wordpress\/ -->\n<title>Indon\u00e9z nyelvtan - Talkpal<\/title>\n<meta name=\"description\" content=\"Az indon\u00e9z nyelvtant k\u00f6nnyed\u00e9n elsaj\u00e1t\u00edthatja a Talkpal mesters\u00e9ges intelligenci\u00e1val rendelkez\u0151 nyelvtanul\u00e1si alkalmaz\u00e1ssal. Kommunik\u00e1ljon magabiztosan a Talkpalmesters\u00e9ges intelligencia \u00e1ltal vez\u00e9relt \u00fatmutat\u00e1ssal.\" \/>\n<meta name=\"robots\" content=\"index, follow, max-snippet:-1, max-image-preview:large, max-video-preview:-1\" \/>\n<link rel=\"canonical\" href=\"https:\/\/talkpal.ai\/hu\/indonez-nyelvtan\/\" \/>\n<meta property=\"og:locale\" content=\"hu_HU\" \/>\n<meta property=\"og:type\" content=\"article\" \/>\n<meta property=\"og:title\" content=\"Indon\u00e9z nyelvtan\" \/>\n<meta property=\"og:description\" content=\"Az indon\u00e9z nyelvtan csod\u00e1i: \u00fatmutat\u00f3 nyelvtanul\u00f3knak Indon\u00e9z nyelvtan - egyszer\u0171, m\u00e9gis eleg\u00e1ns, bar\u00e1ts\u00e1gos, m\u00e9gis mag\u00e1val ragad\u00f3, hozz\u00e1f\u00e9rhet\u0151, m\u00e9gis\" \/>\n<meta property=\"og:url\" content=\"https:\/\/talkpal.ai\/hu\/indonez-nyelvtan\/\" \/>\n<meta property=\"og:site_name\" content=\"Talkpal\" \/>\n<meta property=\"article:publisher\" content=\"https:\/\/www.facebook.com\/profile.php?id=100090733639311\" \/>\n<meta property=\"article:modified_time\" content=\"2025-12-13T15:43:15+00:00\" \/>\n<meta property=\"og:image\" content=\"https:\/\/talkpal.ai\/wp-content\/uploads\/2023\/05\/indonesia.png\" \/>\n\t<meta property=\"og:image:width\" content=\"512\" \/>\n\t<meta property=\"og:image:height\" content=\"512\" \/>\n\t<meta property=\"og:image:type\" content=\"image\/png\" \/>\n<meta name=\"twitter:card\" content=\"summary_large_image\" \/>\n<meta name=\"twitter:site\" content=\"@talkpalai\" \/>\n<meta name=\"twitter:label1\" content=\"Becs\u00fclt olvas\u00e1si id\u0151\" \/>\n\t<meta name=\"twitter:data1\" content=\"3 perc\" \/>\n<script type=\"application\/ld+json\" class=\"yoast-schema-graph\">{\"@context\":\"https:\/\/schema.org\",\"@graph\":[{\"@type\":\"WebPage\",\"@id\":\"https:\/\/talkpal.ai\/hu\/indonez-nyelvtan\/\",\"url\":\"https:\/\/talkpal.ai\/hu\/indonez-nyelvtan\/\",\"name\":\"Indon\u00e9z nyelvtan - Talkpal\",\"isPartOf\":{\"@id\":\"https:\/\/talkpal.ai\/hu\/#website\"},\"primaryImageOfPage\":{\"@id\":\"https:\/\/talkpal.ai\/hu\/indonez-nyelvtan\/#primaryimage\"},\"image\":{\"@id\":\"https:\/\/talkpal.ai\/hu\/indonez-nyelvtan\/#primaryimage\"},\"thumbnailUrl\":\"https:\/\/talkpal.ai\/wp-content\/uploads\/2023\/05\/indonesia.png\",\"datePublished\":\"2023-05-14T14:09:29+00:00\",\"dateModified\":\"2025-12-13T15:43:15+00:00\",\"description\":\"Az indon\u00e9z nyelvtant k\u00f6nnyed\u00e9n elsaj\u00e1t\u00edthatja a Talkpal mesters\u00e9ges intelligenci\u00e1val rendelkez\u0151 nyelvtanul\u00e1si alkalmaz\u00e1ssal. Kommunik\u00e1ljon magabiztosan a Talkpalmesters\u00e9ges intelligencia \u00e1ltal vez\u00e9relt \u00fatmutat\u00e1ssal.\",\"breadcrumb\":{\"@id\":\"https:\/\/talkpal.ai\/hu\/indonez-nyelvtan\/#breadcrumb\"},\"inLanguage\":\"hu\",\"potentialAction\":[{\"@type\":\"ReadAction\",\"target\":[\"https:\/\/talkpal.ai\/hu\/indonez-nyelvtan\/\"]}]},{\"@type\":\"ImageObject\",\"inLanguage\":\"hu\",\"@id\":\"https:\/\/talkpal.ai\/hu\/indonez-nyelvtan\/#primaryimage\",\"url\":\"https:\/\/talkpal.ai\/wp-content\/uploads\/2023\/05\/indonesia.png\",\"contentUrl\":\"https:\/\/talkpal.ai\/wp-content\/uploads\/2023\/05\/indonesia.png\",\"width\":512,\"height\":512},{\"@type\":\"BreadcrumbList\",\"@id\":\"https:\/\/talkpal.ai\/hu\/indonez-nyelvtan\/#breadcrumb\",\"itemListElement\":[{\"@type\":\"ListItem\",\"position\":1,\"name\":\"Homepage\",\"item\":\"https:\/\/talkpal.ai\/hu\/\"},{\"@type\":\"ListItem\",\"position\":2,\"name\":\"Indon\u00e9z nyelvtan\"}]},{\"@type\":\"WebSite\",\"@id\":\"https:\/\/talkpal.ai\/hu\/#website\",\"url\":\"https:\/\/talkpal.ai\/hu\/\",\"name\":\"Talkpal\",\"description\":\"AI Language Learning\",\"publisher\":{\"@id\":\"https:\/\/talkpal.ai\/hu\/#organization\"},\"alternateName\":\"Talkpal AI\",\"potentialAction\":[{\"@type\":\"SearchAction\",\"target\":{\"@type\":\"EntryPoint\",\"urlTemplate\":\"https:\/\/talkpal.ai\/hu\/?s={search_term_string}\"},\"query-input\":{\"@type\":\"PropertyValueSpecification\",\"valueRequired\":true,\"valueName\":\"search_term_string\"}}],\"inLanguage\":\"hu\"},{\"@type\":\"Organization\",\"@id\":\"https:\/\/talkpal.ai\/hu\/#organization\",\"name\":\"Talkpal, Inc.\",\"alternateName\":\"Talkpal AI\",\"url\":\"https:\/\/talkpal.ai\/hu\/\",\"logo\":{\"@type\":\"ImageObject\",\"inLanguage\":\"hu\",\"@id\":\"https:\/\/talkpal.ai\/hu\/#\/schema\/logo\/image\/\",\"url\":\"https:\/\/talkpal.ai\/wp-content\/uploads\/2024\/03\/Talkpal-Logo-Icon.png\",\"contentUrl\":\"https:\/\/talkpal.ai\/wp-content\/uploads\/2024\/03\/Talkpal-Logo-Icon.png\",\"width\":2880,\"height\":2880,\"caption\":\"Talkpal, Inc.\"},\"image\":{\"@id\":\"https:\/\/talkpal.ai\/hu\/#\/schema\/logo\/image\/\"},\"sameAs\":[\"https:\/\/www.facebook.com\/profile.php?id=100090733639311\",\"https:\/\/x.com\/talkpalai\",\"https:\/\/www.linkedin.com\/company\/talkpal\/\",\"https:\/\/www.youtube.com\/@TalkPal\/\",\"https:\/\/www.tiktok.com\/@talkpal\",\"https:\/\/www.instagram.com\/talkpal_ai\/\",\"https:\/\/www.crunchbase.com\/organization\/talkpal-9cde\",\"https:\/\/www.g2.com\/products\/talkpal-for-business\/\",\"https:\/\/www.trustpilot.com\/review\/talkpal.ai\",\"https:\/\/www.capterra.com\/p\/10006800\/TalkPal\/\"],\"description\":\"Talkpal is a language learning web and mobile education app, powered by the latest AI technologies, that provides engaging experiences to its customers in many different languages to help them improve their language skills. Users can chat about unlimited amount of topics with the app and use other modes to practice their language learning.\",\"email\":\"support@talkpal.ai\",\"legalName\":\"Talkpal, Inc.\",\"foundingDate\":\"2023-04-03\",\"duns\":\"118989042\",\"numberOfEmployees\":{\"@type\":\"QuantitativeValue\",\"minValue\":\"11\",\"maxValue\":\"50\"},\"publishingPrinciples\":\"https:\/\/talkpal.ai\/publishing-principles\/\",\"actionableFeedbackPolicy\":\"https:\/\/talkpal.ai\/actionable-feedback-policy\/\",\"correctionsPolicy\":\"https:\/\/talkpal.ai\/corrections-policy\/\",\"ethicsPolicy\":\"https:\/\/talkpal.ai\/ethics-policy\/\",\"diversityPolicy\":\"https:\/\/talkpal.ai\/diversity-policy\/\",\"diversityStaffingReport\":\"https:\/\/talkpal.ai\/diversity-policy\/\"}]}<\/script>\n<!-- \/ Yoast SEO Premium plugin. -->","yoast_head_json":{"title":"Indon\u00e9z nyelvtan - Talkpal","description":"Az indon\u00e9z nyelvtant k\u00f6nnyed\u00e9n elsaj\u00e1t\u00edthatja a Talkpal mesters\u00e9ges intelligenci\u00e1val rendelkez\u0151 nyelvtanul\u00e1si alkalmaz\u00e1ssal. Kommunik\u00e1ljon magabiztosan a Talkpalmesters\u00e9ges intelligencia \u00e1ltal vez\u00e9relt \u00fatmutat\u00e1ssal.","robots":{"index":"index","follow":"follow","max-snippet":"max-snippet:-1","max-image-preview":"max-image-preview:large","max-video-preview":"max-video-preview:-1"},"canonical":"https:\/\/talkpal.ai\/hu\/indonez-nyelvtan\/","og_locale":"hu_HU","og_type":"article","og_title":"Indon\u00e9z nyelvtan","og_description":"Az indon\u00e9z nyelvtan csod\u00e1i: \u00fatmutat\u00f3 nyelvtanul\u00f3knak Indon\u00e9z nyelvtan - egyszer\u0171, m\u00e9gis eleg\u00e1ns, bar\u00e1ts\u00e1gos, m\u00e9gis mag\u00e1val ragad\u00f3, hozz\u00e1f\u00e9rhet\u0151, m\u00e9gis","og_url":"https:\/\/talkpal.ai\/hu\/indonez-nyelvtan\/","og_site_name":"Talkpal","article_publisher":"https:\/\/www.facebook.com\/profile.php?id=100090733639311","article_modified_time":"2025-12-13T15:43:15+00:00","og_image":[{"width":512,"height":512,"url":"https:\/\/talkpal.ai\/wp-content\/uploads\/2023\/05\/indonesia.png","type":"image\/png"}],"twitter_card":"summary_large_image","twitter_site":"@talkpalai","twitter_misc":{"Becs\u00fclt olvas\u00e1si id\u0151":"3 perc"},"schema":{"@context":"https:\/\/schema.org","@graph":[{"@type":"WebPage","@id":"https:\/\/talkpal.ai\/hu\/indonez-nyelvtan\/","url":"https:\/\/talkpal.ai\/hu\/indonez-nyelvtan\/","name":"Indon\u00e9z nyelvtan - Talkpal","isPartOf":{"@id":"https:\/\/talkpal.ai\/hu\/#website"},"primaryImageOfPage":{"@id":"https:\/\/talkpal.ai\/hu\/indonez-nyelvtan\/#primaryimage"},"image":{"@id":"https:\/\/talkpal.ai\/hu\/indonez-nyelvtan\/#primaryimage"},"thumbnailUrl":"https:\/\/talkpal.ai\/wp-content\/uploads\/2023\/05\/indonesia.png","datePublished":"2023-05-14T14:09:29+00:00","dateModified":"2025-12-13T15:43:15+00:00","description":"Az indon\u00e9z nyelvtant k\u00f6nnyed\u00e9n elsaj\u00e1t\u00edthatja a Talkpal mesters\u00e9ges intelligenci\u00e1val rendelkez\u0151 nyelvtanul\u00e1si alkalmaz\u00e1ssal. Kommunik\u00e1ljon magabiztosan a Talkpalmesters\u00e9ges intelligencia \u00e1ltal vez\u00e9relt \u00fatmutat\u00e1ssal.","breadcrumb":{"@id":"https:\/\/talkpal.ai\/hu\/indonez-nyelvtan\/#breadcrumb"},"inLanguage":"hu","potentialAction":[{"@type":"ReadAction","target":["https:\/\/talkpal.ai\/hu\/indonez-nyelvtan\/"]}]},{"@type":"ImageObject","inLanguage":"hu","@id":"https:\/\/talkpal.ai\/hu\/indonez-nyelvtan\/#primaryimage","url":"https:\/\/talkpal.ai\/wp-content\/uploads\/2023\/05\/indonesia.png","contentUrl":"https:\/\/talkpal.ai\/wp-content\/uploads\/2023\/05\/indonesia.png","width":512,"height":512},{"@type":"BreadcrumbList","@id":"https:\/\/talkpal.ai\/hu\/indonez-nyelvtan\/#breadcrumb","itemListElement":[{"@type":"ListItem","position":1,"name":"Homepage","item":"https:\/\/talkpal.ai\/hu\/"},{"@type":"ListItem","position":2,"name":"Indon\u00e9z nyelvtan"}]},{"@type":"WebSite","@id":"https:\/\/talkpal.ai\/hu\/#website","url":"https:\/\/talkpal.ai\/hu\/","name":"Talkpal","description":"AI Language Learning","publisher":{"@id":"https:\/\/talkpal.ai\/hu\/#organization"},"alternateName":"Talkpal AI","potentialAction":[{"@type":"SearchAction","target":{"@type":"EntryPoint","urlTemplate":"https:\/\/talkpal.ai\/hu\/?s={search_term_string}"},"query-input":{"@type":"PropertyValueSpecification","valueRequired":true,"valueName":"search_term_string"}}],"inLanguage":"hu"},{"@type":"Organization","@id":"https:\/\/talkpal.ai\/hu\/#organization","name":"Talkpal, Inc.","alternateName":"Talkpal AI","url":"https:\/\/talkpal.ai\/hu\/","logo":{"@type":"ImageObject","inLanguage":"hu","@id":"https:\/\/talkpal.ai\/hu\/#\/schema\/logo\/image\/","url":"https:\/\/talkpal.ai\/wp-content\/uploads\/2024\/03\/Talkpal-Logo-Icon.png","contentUrl":"https:\/\/talkpal.ai\/wp-content\/uploads\/2024\/03\/Talkpal-Logo-Icon.png","width":2880,"height":2880,"caption":"Talkpal, Inc."},"image":{"@id":"https:\/\/talkpal.ai\/hu\/#\/schema\/logo\/image\/"},"sameAs":["https:\/\/www.facebook.com\/profile.php?id=100090733639311","https:\/\/x.com\/talkpalai","https:\/\/www.linkedin.com\/company\/talkpal\/","https:\/\/www.youtube.com\/@TalkPal\/","https:\/\/www.tiktok.com\/@talkpal","https:\/\/www.instagram.com\/talkpal_ai\/","https:\/\/www.crunchbase.com\/organization\/talkpal-9cde","https:\/\/www.g2.com\/products\/talkpal-for-business\/","https:\/\/www.trustpilot.com\/review\/talkpal.ai","https:\/\/www.capterra.com\/p\/10006800\/TalkPal\/"],"description":"Talkpal is a language learning web and mobile education app, powered by the latest AI technologies, that provides engaging experiences to its customers in many different languages to help them improve their language skills. Users can chat about unlimited amount of topics with the app and use other modes to practice their language learning.","email":"support@talkpal.ai","legalName":"Talkpal, Inc.","foundingDate":"2023-04-03","duns":"118989042","numberOfEmployees":{"@type":"QuantitativeValue","minValue":"11","maxValue":"50"},"publishingPrinciples":"https:\/\/talkpal.ai\/publishing-principles\/","actionableFeedbackPolicy":"https:\/\/talkpal.ai\/actionable-feedback-policy\/","correctionsPolicy":"https:\/\/talkpal.ai\/corrections-policy\/","ethicsPolicy":"https:\/\/talkpal.ai\/ethics-policy\/","diversityPolicy":"https:\/\/talkpal.ai\/diversity-policy\/","diversityStaffingReport":"https:\/\/talkpal.ai\/diversity-policy\/"}]}},"_links":{"self":[{"href":"https:\/\/talkpal.ai\/hu\/wp-json\/wp\/v2\/pages\/145163","targetHints":{"allow":["GET"]}}],"collection":[{"href":"https:\/\/talkpal.ai\/hu\/wp-json\/wp\/v2\/pages"}],"about":[{"href":"https:\/\/talkpal.ai\/hu\/wp-json\/wp\/v2\/types\/page"}],"author":[{"embeddable":true,"href":"https:\/\/talkpal.ai\/hu\/wp-json\/wp\/v2\/users\/1"}],"replies":[{"embeddable":true,"href":"https:\/\/talkpal.ai\/hu\/wp-json\/wp\/v2\/comments?post=145163"}],"version-history":[{"count":0,"href":"https:\/\/talkpal.ai\/hu\/wp-json\/wp\/v2\/pages\/145163\/revisions"}],"wp:featuredmedia":[{"embeddable":true,"href":"https:\/\/talkpal.ai\/hu\/wp-json\/wp\/v2\/media\/113942"}],"wp:attachment":[{"href":"https:\/\/talkpal.ai\/hu\/wp-json\/wp\/v2\/media?parent=145163"}],"curies":[{"name":"wp","href":"https:\/\/api.w.org\/{rel}","templated":true}]}}