{"id":144863,"date":"2023-05-14T14:09:11","date_gmt":"2023-05-14T14:09:11","guid":{"rendered":"http:\/\/talkpal.ai\/izlandi-nyelvtan\/"},"modified":"2025-12-12T10:51:34","modified_gmt":"2025-12-12T10:51:34","slug":"izlandi-nyelvtan","status":"publish","type":"page","link":"https:\/\/talkpal.ai\/hu\/izlandi-nyelvtan\/","title":{"rendered":"Izlandi nyelvtan"},"content":{"rendered":"\r\n\r\n\r\n<section class=\"languageChallengeSection\">\r\n    <div class=\"languageInfoWrapper\">\r\n        \r\n        <h1>Izlandi nyelvtan<\/h1>\r\n        <p>Fedezze fel az <a href=\"https:\/\/talkpal.ai\/learn-icelandic\/\">izlandi<\/a> nyelv leny\u0171g\u00f6z\u0151 szerkezet\u00e9t az alapvet\u0151 nyelvtani szab\u00e1lyok elsaj\u00e1t\u00edt\u00e1s\u00e1val. Az <a href=\"https:\/\/talkpal.ai\/icelandic-grammar\/\">izlandi nyelvtan<\/a> elsaj\u00e1t\u00edt\u00e1sa seg\u00edt a hat\u00e9kony kommunik\u00e1ci\u00f3ban, \u00e9s m\u00e9lyebb kapcsolatba ker\u00fclhet Izland egyed\u00fcl\u00e1ll\u00f3 kult\u00far\u00e1j\u00e1val \u00e9s t\u00f6rt\u00e9nelm\u00e9vel. Kezdje el az izlandi <a href=\"https:\/\/talkpal.ai\/grammar\/\">nyelvtan<\/a> tanul\u00e1s\u00e1t m\u00e9g ma, \u00e9s tegye meg az els\u0151 l\u00e9p\u00e9st a foly\u00e9kony nyelvtud\u00e1s fel\u00e9!<\/p>\r\n\r\n                            <a class=\"getStartedHidden\" href=\"https:\/\/app.talkpal.ai\/hu\/signup?lng=\">Kezdj\u00fck<\/a>\r\n        \r\n    <\/div>\r\n\r\n    <figure>\r\n    <img decoding=\"async\" width=\"768\" height=\"768\" src=\"https:\/\/talkpal.ai\/wp-content\/uploads\/2023\/06\/Icelandic-768x768.png\" class=\"languageImage no-lazy\" alt=\"Language learning for better job opportunities\" fetchpriority=\"high\" sizes=\"(max-width: 768px) 150px, 768px\" srcset=\"https:\/\/talkpal.ai\/wp-content\/uploads\/2023\/06\/Icelandic-768x768.png 768w, https:\/\/talkpal.ai\/wp-content\/uploads\/2023\/06\/Icelandic-300x300.png 300w\" \/>\r\n    \r\n\r\n    <\/figure>\r\n\r\n            <a class=\"getStartedVisible\" href=\"https:\/\/app.talkpal.ai\/hu\/signup?lng=\">Kezdj\u00fck<\/a>\r\n    \r\n<\/section>\r\n<section class=\"promotionalBanner\">\r\n    <p class=\"promotionalText\">A nyelvtanul\u00e1s leghat\u00e9konyabb m\u00f3dja<\/p>\r\n    <a class=\"promotionalLink\" href=\"https:\/\/app.talkpal.ai\/hu\/signup?lng=\">Pr\u00f3b\u00e1lja ki a Talkpal ingyen<\/a>\r\n<\/section>\n<div class=\"wp-block-group pageContainerStyle\"><div class=\"wp-block-group__inner-container is-layout-constrained wp-block-group-is-layout-constrained\">\n<h2 class=\"wp-block-heading\" id=\"h-the-magic-of-icelandic-grammar-unlocking-the-secrets-of-the-viking-tongue\">Az izlandi nyelvtan var\u00e1zsa: a viking nyelv titkainak felt\u00e1r\u00e1sa<\/h2>\n\n\n\n<h3 class=\"wp-block-heading\" id=\"h-introduction-icelandic-the-land-of-fire-and-ice\">Bevezet\u00e9s: izlandi, a t\u0171z \u00e9s a j\u00e9g f\u00f6ldje<\/h3>\n\n\n\n<p>Az izlandi nyelv, amelyet Izland leny\u0171g\u00f6z\u0151 szigetorsz\u00e1g\u00e1nak n\u00e9pe besz\u00e9l, h\u00edres gazdag t\u00f6rt\u00e9nelm\u00e9r\u0151l, mag\u00e1val ragad\u00f3 k\u00f6lt\u0151i hagyom\u00e1nyair\u00f3l \u00e9s kiv\u00e9teles alkalmazkod\u00e1si \u00e9s fejl\u0151d\u00e9si k\u00e9pess\u00e9g\u00e9r\u0151l az id\u0151kkel. Az \u00f3\u00e9szaki lesz\u00e1rmazott izlandi nyelv k\u00fcl\u00f6nleges b\u00e1jjal rendelkezik, amely elb\u0171v\u00f6li a nyelv szerelmeseit \u00e9s a t\u00f6rekv\u0151 poliglottokat. Teh\u00e1t csatolj\u00e1tok be a biztons\u00e1gi \u00f6veteket, emberek! Az izlandi nyelvtan gy\u00f6ny\u00f6r\u0171, \u00f6sszetett vil\u00e1g\u00e1ba mer\u00fcl\u00fcnk el, megfejtve rejt\u00e9lyeit \u00e9s felfedezve rejtett kincseit.<\/p>\n\n\n\n<h3 class=\"wp-block-heading\" id=\"h-1-runic-scripts-to-latin-alphabet-a-story-of-transformation\">1. R\u00fana\u00edr\u00e1s latin \u00e1b\u00e9c\u00e9hez: az \u00e1talakul\u00e1s t\u00f6rt\u00e9nete<\/h3>\n\n\n\n<p>Az izlandi \u00e1b\u00e9c\u00e9 \u00f6nmag\u00e1ban is kaland, amely 32 karakterb\u0151l \u00e1ll, amelyek k\u00fcl\u00f6nb\u00f6z\u0151 t\u00f6rt\u00e9nelmi gy\u00f6kerekb\u0151l sz\u00e1rmaznak. B\u00e1r az \u00e1b\u00e9c\u00e9 els\u0151sorban a latin bet\u0171s \u00edr\u00e1sm\u00f3don alapul, az \u00e1b\u00e9c\u00e9 meg\u0151riz n\u00e9h\u00e1ny jellegzetes karaktert \u0151si \u00e9szaki el\u0151deinek rov\u00e1s\u00edr\u00e1s\u00e1b\u00f3l. Ezeknek a karaktereknek az elsaj\u00e1t\u00edt\u00e1sa az els\u0151 akad\u00e1ly a nyelvtanul\u00e1sban, de gyakorl\u00e1ssal pillanatok alatt mesterr\u00e9 v\u00e1lhatsz!<\/p>\n\n\n\n<h3 class=\"wp-block-heading\" id=\"h-2-noun-mastery-getting-to-the-roots-of-icelandic-grammar\">2. F\u0151n\u00e9vi mesters\u00e9g: Az izlandi nyelvtan gy\u00f6kereihez vezet\u0151 \u00fat<\/h3>\n\n\n\n<p>Az izlandi nyelvtan egyik alapvet\u0151 jellemz\u0151je a f\u0151nevek nem, sz\u00e1m \u00e9s eset szerinti ragoz\u00e1sa. Az izlandi f\u0151nevek lehetnek n\u0151nem\u0171ek, h\u00edmnem\u0171ek vagy ivartalan\u00edtottak, \u00e9s <a href=\"https:\/\/talkpal.ai\/locations\/language-courses-in-minden\/\">minden<\/a> nemhez egyedi ragoz\u00e1si szab\u00e1lyok tartoznak. B\u00e1r ez nyelvi hull\u00e1mvas\u00fatnak t\u0171nhet, ezeknek a bonyolults\u00e1goknak a meg\u00e9rt\u00e9se elengedhetetlen a nyelv eg\u00e9sz\u00e9nek meg\u00e9rt\u00e9s\u00e9hez. A megszerzett tud\u00e1s a lehet\u0151s\u00e9gek vil\u00e1g\u00e1t nyitja meg a finom \u00e9s \u00f6sszetett jelent\u00e9sek kifejez\u00e9s\u00e9re &#8211; az izlandi nyelvtan igazi dics\u0151s\u00e9g\u00e9t!<\/p>\n\n\n\n<h3 class=\"wp-block-heading\" id=\"h-3-the-mighty-verb-icelandic-s-unsung-hero\">3. A hatalmas ige: az izlandi nyelv meg nem \u00e9nekelt h\u0151se<\/h3>\n\n\n\n<p>A f\u0151nevekhez hasonl\u00f3an az izlandi ig\u00e9k is sz\u00e9lesk\u00f6r\u0171 \u00e1talakul\u00e1son mennek kereszt\u00fcl az igeid\u0151, a hangnem, valamint az alany szem\u00e9lye \u00e9s sz\u00e1ma f\u00fcggv\u00e9ny\u00e9ben. Ez a bonyolult rendszer els\u0151re ijeszt\u0151 lehet, de tarts velem! Ahogy megtanulod a szab\u00e1lyos mint\u00e1kat \u00e9s a szab\u00e1lytalan furcsas\u00e1gokat, l\u00e1tni fogod, milyen eleg\u00e1ns \u00e9s sokoldal\u00fa lehet az izlandi igeid\u0151k ragoz\u00e1sa. Az izlandi ig\u00e9k megh\u00f3d\u00edt\u00e1sa felszabad\u00edtja a gondolatok, \u00e9rz\u00e9sek \u00e9s cselekedetek pontos \u00e9s kreat\u00edv kifejez\u00e9s\u00e9nek erej\u00e9t.<\/p>\n\n\n\n<h3 class=\"wp-block-heading\" id=\"h-4-word-order-icelandic-s-flexible-backbone\">4. Sz\u00f3rend: Az izlandi nyelv rugalmas gerince<\/h3>\n\n\n\n<p>Az izlandi nyelvtan egyes elemeinek merevs\u00e9g\u00e9vel ellent\u00e9tben a nyelv rugalmass\u00e1got k\u00edn\u00e1l a sz\u00f3rendben. Ez azt jelenti, hogy az alanyt, az ig\u00e9t \u00e9s a t\u00e1rgyat k\u00fcl\u00f6nb\u00f6z\u0151 elrendez\u00e9sekbe helyezheted, am\u00edg a nem, a sz\u00e1m, az esetek \u00e9s a t\u00f6bbi nemben val\u00f3 megegyez\u00e9st fenntartod &#8211; szabadj\u00e1ra engeded a benned rejl\u0151 m\u0171v\u00e9szt! A mondatok ilyen j\u00e1t\u00e9kos m\u00f3don t\u00f6rt\u00e9n\u0151 adapt\u00e1l\u00e1sa seg\u00edthet a hangs\u00faly, az \u00e1rnyalatok \u00e9s a t\u00e1rsalg\u00e1si hangnem kialak\u00edt\u00e1s\u00e1ban, vonz\u00f3bb\u00e1 \u00e9s \u00e9lvezetesebb\u00e9 t\u00e9ve besz\u00e9d\u00e9t.<\/p>\n\n\n\n<h3 class=\"wp-block-heading\" id=\"h-5-embrace-the-culture-discover-the-pulse-of-the-icelandic-language\">5. Fogadja el a kult\u00far\u00e1t: fedezze fel az izlandi nyelv pulzus\u00e1t<\/h3>\n\n\n\n<p>Az izlandi nyelv nem v\u00e1laszthat\u00f3 el kultur\u00e1lis gy\u00f6kereit\u0151l, a sag\u00e1khoz, az Edd\u00e1khoz, valamint a nemzet egyed\u00fcl\u00e1ll\u00f3 t\u00f6rt\u00e9nelm\u00e9hez \u00e9s vil\u00e1gn\u00e9zet\u00e9hez val\u00f3 er\u0151s k\u00f6t\u0151d\u00e9s\u00e9vel. Ahhoz, hogy val\u00f3ban elmer\u00fclj\u00f6n a nyelvben, teljes sz\u00edvvel fogadja el annak kontextus\u00e1t. Mer\u00fclj\u00f6n el folkl\u00f3rj\u00e1ban, falja fel irodalmi kincseit, \u00e9s l\u00e9pjen kapcsolatba anyanyelvi besz\u00e9l\u0151kkel. Ez a megk\u00f6zel\u00edt\u00e9s kulcsfontoss\u00e1g\u00fa mind a nyelvtud\u00e1s, mind az izlandi n\u00e9ppel \u00e9s gazdag kultur\u00e1lis \u00f6r\u00f6ks\u00e9g\u00fckkel val\u00f3 m\u00e9lyebb <a href=\"https:\/\/talkpal.ai\/contact\/\">kapcsolat<\/a> el\u00e9r\u00e9s\u00e9hez.<\/p>\n\n\n\n<h3 class=\"wp-block-heading\" id=\"h-conclusion-an-icelandic-grammar-journey-worth-taking\">K\u00f6vetkeztet\u00e9s: Egy izlandi nyelvtani utaz\u00e1s, amelyet \u00e9rdemes megtenni<\/h3>\n\n\n\n<p>B\u00e1r az izlandi nyelvtan f\u00e9lelmetes kih\u00edv\u00e1snak t\u0171nhet, a jutalmak b\u0151s\u00e9gesek azok sz\u00e1m\u00e1ra, akik belev\u00e1gnak. Kitart\u00e1ssal, a kult\u00fara ir\u00e1nti \u00e9l\u00e9nk \u00e9rdekl\u0151d\u00e9ssel \u00e9s egy nagy adag k\u00edv\u00e1ncsis\u00e1ggal az izlandi nyelv bonyolults\u00e1ga mag\u00e1val ragadja majd. Teh\u00e1t csatlakozzon hozz\u00e1nk ebben a kalandban, \u00e9s fedezze fel az izlandi nyelvtan var\u00e1zs\u00e1t, egyszerre egy izgalmas l\u00e9p\u00e9ssel.<\/p>\n<\/div><\/div>\n\r\n<section class=\"learnNavigationSection\">\r\n            \r\n        <a href=\"https:\/\/talkpal.ai\/hu\/tanulj-izlandiul\/\">\r\n            <div class=\"learnNavigationWrapper\">\r\n                <div class=\"learnNavigationContent\">\r\n                    <img decoding=\"async\" src=\"https:\/\/talkpal.ai\/wp-content\/uploads\/2024\/08\/Icelandic.jpg\" alt=\"Iceland Flag\">\r\n                    <div>\r\n                        <h4>Az izlandi tanul\u00e1sr\u00f3l<\/h4>\r\n                        <p>Tudjon meg mindent az izlandi nyelvtanr\u00f3l.<\/p>\r\n                    <\/div>\r\n                <\/div>\r\n            <\/div>\r\n        <\/a>\r\n\r\n        \r\n        <a href=\"https:\/\/talkpal.ai\/hu\/izlandi-nyelvtani-gyakorlatok\/\">\r\n            <div class=\"learnNavigationWrapper\">\r\n                <div class=\"learnNavigationContent\">\r\n                    <img decoding=\"async\" src=\"https:\/\/talkpal.ai\/wp-content\/uploads\/2024\/08\/Icelandic.jpg\" alt=\"Iceland Flag\">\r\n                    <div>\r\n                        <h4>Izlandi nyelvtani gyakorlat<\/h4>\r\n                        <p>Gyakorolja az izlandi nyelvtant.<\/p>\r\n                    <\/div>\r\n                <\/div>\r\n            <\/div>\r\n        <\/a>\r\n\r\n        \r\n        <a href=\"https:\/\/talkpal.ai\/vocabulary_language\/icelandic\/\">\r\n            <div class=\"learnNavigationWrapper\">\r\n                <div class=\"learnNavigationContent\">\r\n                    <img decoding=\"async\" src=\"https:\/\/talkpal.ai\/wp-content\/uploads\/2024\/08\/Icelandic.jpg\" alt=\"Iceland Flag\">\r\n                    <div>\r\n                        <h4>Izlandi sz\u00f3kincs<\/h4>\r\n                        <p>B\u0151v\u00edtse izlandi sz\u00f3kincs\u00e9t.<\/p>\r\n                    <\/div>\r\n                <\/div>\r\n            <\/div>\r\n        <\/a>\r\n\r\n            <\/section>","protected":false},"excerpt":{"rendered":"<p>Az izlandi nyelvtan var\u00e1zsa: a viking nyelv titkainak felt\u00e1r\u00e1sa Bevezet\u00e9s: izlandi, a t\u0171z \u00e9s a j\u00e9g f\u00f6ldje Az izlandi nyelv, amelyet Izland leny\u0171g\u00f6z\u0151 szigetorsz\u00e1g\u00e1nak n\u00e9pe besz\u00e9l, h\u00edres gazdag t\u00f6rt\u00e9nelm\u00e9r\u0151l, mag\u00e1val ragad\u00f3 k\u00f6lt\u0151i hagyom\u00e1nyair\u00f3l \u00e9s kiv\u00e9teles alkalmazkod\u00e1si \u00e9s fejl\u0151d\u00e9si k\u00e9pess\u00e9g\u00e9r\u0151l az id\u0151kkel. Az \u00f3\u00e9szaki lesz\u00e1rmazott izlandi nyelv k\u00fcl\u00f6nleges b\u00e1jjal rendelkezik, amely elb\u0171v\u00f6li a nyelv szerelmeseit \u00e9s [&hellip;]<\/p>\n","protected":false},"author":1,"featured_media":113426,"parent":0,"menu_order":0,"comment_status":"closed","ping_status":"closed","template":"LearningContentPage.php","meta":{"_acf_changed":false,"footnotes":""},"class_list":["post-144863","page","type-page","status-publish","has-post-thumbnail","hentry"],"acf":[],"yoast_head":"<!-- This site is optimized with the Yoast SEO Premium plugin v27.2 (Yoast SEO v27.2) - https:\/\/yoast.com\/product\/yoast-seo-premium-wordpress\/ -->\n<title>Izlandi nyelvtan - Talkpal<\/title>\n<meta name=\"description\" content=\"Tanulja meg az izlandi nyelvtant vil\u00e1gosan - \u00e9rtse meg a legfontosabb nyelvtani szab\u00e1lyokat, alkosson helyes mondatokat, \u00e9s n\u00f6velje \u00f6nbizalm\u00e1t gyorsan a k\u00f6vetkez\u0151kkel Talkpalmesters\u00e9ges intelligencia leck\u00e9ivel.\" \/>\n<meta name=\"robots\" content=\"index, follow, max-snippet:-1, max-image-preview:large, max-video-preview:-1\" \/>\n<link rel=\"canonical\" href=\"https:\/\/talkpal.ai\/hu\/izlandi-nyelvtan\/\" \/>\n<meta property=\"og:locale\" content=\"hu_HU\" \/>\n<meta property=\"og:type\" content=\"article\" \/>\n<meta property=\"og:title\" content=\"Izlandi nyelvtan\" \/>\n<meta property=\"og:description\" content=\"Az izlandi nyelvtan var\u00e1zsa: a viking nyelv titkainak felt\u00e1r\u00e1sa Bevezet\u00e9s: izlandi, a t\u0171z \u00e9s a j\u00e9g f\u00f6ldje Az izlandi nyelv, amelyet Izland leny\u0171g\u00f6z\u0151\" \/>\n<meta property=\"og:url\" content=\"https:\/\/talkpal.ai\/hu\/izlandi-nyelvtan\/\" \/>\n<meta property=\"og:site_name\" content=\"Talkpal\" \/>\n<meta property=\"article:publisher\" content=\"https:\/\/www.facebook.com\/profile.php?id=100090733639311\" \/>\n<meta property=\"article:modified_time\" content=\"2025-12-12T10:51:34+00:00\" \/>\n<meta property=\"og:image\" content=\"https:\/\/talkpal.ai\/wp-content\/uploads\/2023\/05\/iceland.png\" \/>\n\t<meta property=\"og:image:width\" content=\"512\" \/>\n\t<meta property=\"og:image:height\" content=\"512\" \/>\n\t<meta property=\"og:image:type\" content=\"image\/png\" \/>\n<meta name=\"twitter:card\" content=\"summary_large_image\" \/>\n<meta name=\"twitter:site\" content=\"@talkpalai\" \/>\n<meta name=\"twitter:label1\" content=\"Becs\u00fclt olvas\u00e1si id\u0151\" \/>\n\t<meta name=\"twitter:data1\" content=\"4 perc\" \/>\n<script type=\"application\/ld+json\" class=\"yoast-schema-graph\">{\"@context\":\"https:\/\/schema.org\",\"@graph\":[{\"@type\":\"WebPage\",\"@id\":\"https:\/\/talkpal.ai\/hu\/izlandi-nyelvtan\/\",\"url\":\"https:\/\/talkpal.ai\/hu\/izlandi-nyelvtan\/\",\"name\":\"Izlandi nyelvtan - Talkpal\",\"isPartOf\":{\"@id\":\"https:\/\/talkpal.ai\/hu\/#website\"},\"primaryImageOfPage\":{\"@id\":\"https:\/\/talkpal.ai\/hu\/izlandi-nyelvtan\/#primaryimage\"},\"image\":{\"@id\":\"https:\/\/talkpal.ai\/hu\/izlandi-nyelvtan\/#primaryimage\"},\"thumbnailUrl\":\"https:\/\/talkpal.ai\/wp-content\/uploads\/2023\/05\/iceland.png\",\"datePublished\":\"2023-05-14T14:09:11+00:00\",\"dateModified\":\"2025-12-12T10:51:34+00:00\",\"description\":\"Tanulja meg az izlandi nyelvtant vil\u00e1gosan - \u00e9rtse meg a legfontosabb nyelvtani szab\u00e1lyokat, alkosson helyes mondatokat, \u00e9s n\u00f6velje \u00f6nbizalm\u00e1t gyorsan a k\u00f6vetkez\u0151kkel Talkpalmesters\u00e9ges intelligencia leck\u00e9ivel.\",\"breadcrumb\":{\"@id\":\"https:\/\/talkpal.ai\/hu\/izlandi-nyelvtan\/#breadcrumb\"},\"inLanguage\":\"hu\",\"potentialAction\":[{\"@type\":\"ReadAction\",\"target\":[\"https:\/\/talkpal.ai\/hu\/izlandi-nyelvtan\/\"]}]},{\"@type\":\"ImageObject\",\"inLanguage\":\"hu\",\"@id\":\"https:\/\/talkpal.ai\/hu\/izlandi-nyelvtan\/#primaryimage\",\"url\":\"https:\/\/talkpal.ai\/wp-content\/uploads\/2023\/05\/iceland.png\",\"contentUrl\":\"https:\/\/talkpal.ai\/wp-content\/uploads\/2023\/05\/iceland.png\",\"width\":512,\"height\":512},{\"@type\":\"BreadcrumbList\",\"@id\":\"https:\/\/talkpal.ai\/hu\/izlandi-nyelvtan\/#breadcrumb\",\"itemListElement\":[{\"@type\":\"ListItem\",\"position\":1,\"name\":\"Homepage\",\"item\":\"https:\/\/talkpal.ai\/hu\/\"},{\"@type\":\"ListItem\",\"position\":2,\"name\":\"Izlandi nyelvtan\"}]},{\"@type\":\"WebSite\",\"@id\":\"https:\/\/talkpal.ai\/hu\/#website\",\"url\":\"https:\/\/talkpal.ai\/hu\/\",\"name\":\"Talkpal\",\"description\":\"AI Language Learning\",\"publisher\":{\"@id\":\"https:\/\/talkpal.ai\/hu\/#organization\"},\"alternateName\":\"Talkpal AI\",\"potentialAction\":[{\"@type\":\"SearchAction\",\"target\":{\"@type\":\"EntryPoint\",\"urlTemplate\":\"https:\/\/talkpal.ai\/hu\/?s={search_term_string}\"},\"query-input\":{\"@type\":\"PropertyValueSpecification\",\"valueRequired\":true,\"valueName\":\"search_term_string\"}}],\"inLanguage\":\"hu\"},{\"@type\":\"Organization\",\"@id\":\"https:\/\/talkpal.ai\/hu\/#organization\",\"name\":\"Talkpal, Inc.\",\"alternateName\":\"Talkpal AI\",\"url\":\"https:\/\/talkpal.ai\/hu\/\",\"logo\":{\"@type\":\"ImageObject\",\"inLanguage\":\"hu\",\"@id\":\"https:\/\/talkpal.ai\/hu\/#\/schema\/logo\/image\/\",\"url\":\"https:\/\/talkpal.ai\/wp-content\/uploads\/2024\/03\/Talkpal-Logo-Icon.png\",\"contentUrl\":\"https:\/\/talkpal.ai\/wp-content\/uploads\/2024\/03\/Talkpal-Logo-Icon.png\",\"width\":2880,\"height\":2880,\"caption\":\"Talkpal, Inc.\"},\"image\":{\"@id\":\"https:\/\/talkpal.ai\/hu\/#\/schema\/logo\/image\/\"},\"sameAs\":[\"https:\/\/www.facebook.com\/profile.php?id=100090733639311\",\"https:\/\/x.com\/talkpalai\",\"https:\/\/www.linkedin.com\/company\/talkpal\/\",\"https:\/\/www.youtube.com\/@TalkPal\/\",\"https:\/\/www.tiktok.com\/@talkpal\",\"https:\/\/www.instagram.com\/talkpal_ai\/\",\"https:\/\/www.crunchbase.com\/organization\/talkpal-9cde\",\"https:\/\/www.g2.com\/products\/talkpal-for-business\/\",\"https:\/\/www.trustpilot.com\/review\/talkpal.ai\",\"https:\/\/www.capterra.com\/p\/10006800\/TalkPal\/\"],\"description\":\"Talkpal is a language learning web and mobile education app, powered by the latest AI technologies, that provides engaging experiences to its customers in many different languages to help them improve their language skills. Users can chat about unlimited amount of topics with the app and use other modes to practice their language learning.\",\"email\":\"support@talkpal.ai\",\"legalName\":\"Talkpal, Inc.\",\"foundingDate\":\"2023-04-03\",\"duns\":\"118989042\",\"numberOfEmployees\":{\"@type\":\"QuantitativeValue\",\"minValue\":\"11\",\"maxValue\":\"50\"},\"publishingPrinciples\":\"https:\/\/talkpal.ai\/publishing-principles\/\",\"actionableFeedbackPolicy\":\"https:\/\/talkpal.ai\/actionable-feedback-policy\/\",\"correctionsPolicy\":\"https:\/\/talkpal.ai\/corrections-policy\/\",\"ethicsPolicy\":\"https:\/\/talkpal.ai\/ethics-policy\/\",\"diversityPolicy\":\"https:\/\/talkpal.ai\/diversity-policy\/\",\"diversityStaffingReport\":\"https:\/\/talkpal.ai\/diversity-policy\/\"}]}<\/script>\n<!-- \/ Yoast SEO Premium plugin. -->","yoast_head_json":{"title":"Izlandi nyelvtan - Talkpal","description":"Tanulja meg az izlandi nyelvtant vil\u00e1gosan - \u00e9rtse meg a legfontosabb nyelvtani szab\u00e1lyokat, alkosson helyes mondatokat, \u00e9s n\u00f6velje \u00f6nbizalm\u00e1t gyorsan a k\u00f6vetkez\u0151kkel Talkpalmesters\u00e9ges intelligencia leck\u00e9ivel.","robots":{"index":"index","follow":"follow","max-snippet":"max-snippet:-1","max-image-preview":"max-image-preview:large","max-video-preview":"max-video-preview:-1"},"canonical":"https:\/\/talkpal.ai\/hu\/izlandi-nyelvtan\/","og_locale":"hu_HU","og_type":"article","og_title":"Izlandi nyelvtan","og_description":"Az izlandi nyelvtan var\u00e1zsa: a viking nyelv titkainak felt\u00e1r\u00e1sa Bevezet\u00e9s: izlandi, a t\u0171z \u00e9s a j\u00e9g f\u00f6ldje Az izlandi nyelv, amelyet Izland leny\u0171g\u00f6z\u0151","og_url":"https:\/\/talkpal.ai\/hu\/izlandi-nyelvtan\/","og_site_name":"Talkpal","article_publisher":"https:\/\/www.facebook.com\/profile.php?id=100090733639311","article_modified_time":"2025-12-12T10:51:34+00:00","og_image":[{"width":512,"height":512,"url":"https:\/\/talkpal.ai\/wp-content\/uploads\/2023\/05\/iceland.png","type":"image\/png"}],"twitter_card":"summary_large_image","twitter_site":"@talkpalai","twitter_misc":{"Becs\u00fclt olvas\u00e1si id\u0151":"4 perc"},"schema":{"@context":"https:\/\/schema.org","@graph":[{"@type":"WebPage","@id":"https:\/\/talkpal.ai\/hu\/izlandi-nyelvtan\/","url":"https:\/\/talkpal.ai\/hu\/izlandi-nyelvtan\/","name":"Izlandi nyelvtan - Talkpal","isPartOf":{"@id":"https:\/\/talkpal.ai\/hu\/#website"},"primaryImageOfPage":{"@id":"https:\/\/talkpal.ai\/hu\/izlandi-nyelvtan\/#primaryimage"},"image":{"@id":"https:\/\/talkpal.ai\/hu\/izlandi-nyelvtan\/#primaryimage"},"thumbnailUrl":"https:\/\/talkpal.ai\/wp-content\/uploads\/2023\/05\/iceland.png","datePublished":"2023-05-14T14:09:11+00:00","dateModified":"2025-12-12T10:51:34+00:00","description":"Tanulja meg az izlandi nyelvtant vil\u00e1gosan - \u00e9rtse meg a legfontosabb nyelvtani szab\u00e1lyokat, alkosson helyes mondatokat, \u00e9s n\u00f6velje \u00f6nbizalm\u00e1t gyorsan a k\u00f6vetkez\u0151kkel Talkpalmesters\u00e9ges intelligencia leck\u00e9ivel.","breadcrumb":{"@id":"https:\/\/talkpal.ai\/hu\/izlandi-nyelvtan\/#breadcrumb"},"inLanguage":"hu","potentialAction":[{"@type":"ReadAction","target":["https:\/\/talkpal.ai\/hu\/izlandi-nyelvtan\/"]}]},{"@type":"ImageObject","inLanguage":"hu","@id":"https:\/\/talkpal.ai\/hu\/izlandi-nyelvtan\/#primaryimage","url":"https:\/\/talkpal.ai\/wp-content\/uploads\/2023\/05\/iceland.png","contentUrl":"https:\/\/talkpal.ai\/wp-content\/uploads\/2023\/05\/iceland.png","width":512,"height":512},{"@type":"BreadcrumbList","@id":"https:\/\/talkpal.ai\/hu\/izlandi-nyelvtan\/#breadcrumb","itemListElement":[{"@type":"ListItem","position":1,"name":"Homepage","item":"https:\/\/talkpal.ai\/hu\/"},{"@type":"ListItem","position":2,"name":"Izlandi nyelvtan"}]},{"@type":"WebSite","@id":"https:\/\/talkpal.ai\/hu\/#website","url":"https:\/\/talkpal.ai\/hu\/","name":"Talkpal","description":"AI Language Learning","publisher":{"@id":"https:\/\/talkpal.ai\/hu\/#organization"},"alternateName":"Talkpal AI","potentialAction":[{"@type":"SearchAction","target":{"@type":"EntryPoint","urlTemplate":"https:\/\/talkpal.ai\/hu\/?s={search_term_string}"},"query-input":{"@type":"PropertyValueSpecification","valueRequired":true,"valueName":"search_term_string"}}],"inLanguage":"hu"},{"@type":"Organization","@id":"https:\/\/talkpal.ai\/hu\/#organization","name":"Talkpal, Inc.","alternateName":"Talkpal AI","url":"https:\/\/talkpal.ai\/hu\/","logo":{"@type":"ImageObject","inLanguage":"hu","@id":"https:\/\/talkpal.ai\/hu\/#\/schema\/logo\/image\/","url":"https:\/\/talkpal.ai\/wp-content\/uploads\/2024\/03\/Talkpal-Logo-Icon.png","contentUrl":"https:\/\/talkpal.ai\/wp-content\/uploads\/2024\/03\/Talkpal-Logo-Icon.png","width":2880,"height":2880,"caption":"Talkpal, Inc."},"image":{"@id":"https:\/\/talkpal.ai\/hu\/#\/schema\/logo\/image\/"},"sameAs":["https:\/\/www.facebook.com\/profile.php?id=100090733639311","https:\/\/x.com\/talkpalai","https:\/\/www.linkedin.com\/company\/talkpal\/","https:\/\/www.youtube.com\/@TalkPal\/","https:\/\/www.tiktok.com\/@talkpal","https:\/\/www.instagram.com\/talkpal_ai\/","https:\/\/www.crunchbase.com\/organization\/talkpal-9cde","https:\/\/www.g2.com\/products\/talkpal-for-business\/","https:\/\/www.trustpilot.com\/review\/talkpal.ai","https:\/\/www.capterra.com\/p\/10006800\/TalkPal\/"],"description":"Talkpal is a language learning web and mobile education app, powered by the latest AI technologies, that provides engaging experiences to its customers in many different languages to help them improve their language skills. Users can chat about unlimited amount of topics with the app and use other modes to practice their language learning.","email":"support@talkpal.ai","legalName":"Talkpal, Inc.","foundingDate":"2023-04-03","duns":"118989042","numberOfEmployees":{"@type":"QuantitativeValue","minValue":"11","maxValue":"50"},"publishingPrinciples":"https:\/\/talkpal.ai\/publishing-principles\/","actionableFeedbackPolicy":"https:\/\/talkpal.ai\/actionable-feedback-policy\/","correctionsPolicy":"https:\/\/talkpal.ai\/corrections-policy\/","ethicsPolicy":"https:\/\/talkpal.ai\/ethics-policy\/","diversityPolicy":"https:\/\/talkpal.ai\/diversity-policy\/","diversityStaffingReport":"https:\/\/talkpal.ai\/diversity-policy\/"}]}},"_links":{"self":[{"href":"https:\/\/talkpal.ai\/hu\/wp-json\/wp\/v2\/pages\/144863","targetHints":{"allow":["GET"]}}],"collection":[{"href":"https:\/\/talkpal.ai\/hu\/wp-json\/wp\/v2\/pages"}],"about":[{"href":"https:\/\/talkpal.ai\/hu\/wp-json\/wp\/v2\/types\/page"}],"author":[{"embeddable":true,"href":"https:\/\/talkpal.ai\/hu\/wp-json\/wp\/v2\/users\/1"}],"replies":[{"embeddable":true,"href":"https:\/\/talkpal.ai\/hu\/wp-json\/wp\/v2\/comments?post=144863"}],"version-history":[{"count":0,"href":"https:\/\/talkpal.ai\/hu\/wp-json\/wp\/v2\/pages\/144863\/revisions"}],"wp:featuredmedia":[{"embeddable":true,"href":"https:\/\/talkpal.ai\/hu\/wp-json\/wp\/v2\/media\/113426"}],"wp:attachment":[{"href":"https:\/\/talkpal.ai\/hu\/wp-json\/wp\/v2\/media?parent=144863"}],"curies":[{"name":"wp","href":"https:\/\/api.w.org\/{rel}","templated":true}]}}