{"id":144214,"date":"2023-05-14T14:04:48","date_gmt":"2023-05-14T14:04:48","guid":{"rendered":"http:\/\/talkpal.ai\/heber-nyelvtan\/"},"modified":"2025-12-13T15:39:12","modified_gmt":"2025-12-13T15:39:12","slug":"heber-nyelvtan","status":"publish","type":"page","link":"https:\/\/talkpal.ai\/hu\/heber-nyelvtan\/","title":{"rendered":"H\u00e9ber nyelvtan"},"content":{"rendered":"\r\n\r\n\r\n<section class=\"languageChallengeSection\">\r\n    <div class=\"languageInfoWrapper\">\r\n        \r\n        <h1>H\u00e9ber nyelvtan<\/h1>\r\n        <p>Tanuljon <a href=\"https:\/\/talkpal.ai\/learn-hebrew\/\">h\u00e9ber<\/a> nyelvtant, \u00e9s fedezze fel egy olyan nyelv titkait, amelynek m\u00e9ly t\u00f6rt\u00e9nelmi gy\u00f6kerei vannak \u00e9s modern jelent\u0151s\u00e9ggel b\u00edr. Fogadd el a kih\u00edv\u00e1st \u00e9s kapcsol\u00f3dj egy vibr\u00e1l\u00f3 kult\u00far\u00e1hoz a <a href=\"https:\/\/talkpal.ai\/hebrew-grammar\/\">h\u00e9ber nyelvtan<\/a> sz\u00e9ps\u00e9g\u00e9n kereszt\u00fcl!<\/p>\r\n\r\n                            <a class=\"getStartedHidden\" href=\"https:\/\/app.talkpal.ai\/hu\/signup?lng=\">Kezdj\u00fck<\/a>\r\n        \r\n    <\/div>\r\n\r\n    <figure>\r\n    <img decoding=\"async\" width=\"768\" height=\"768\" src=\"https:\/\/talkpal.ai\/wp-content\/uploads\/2023\/06\/hebrew-768x768.png\" class=\"languageImage no-lazy\" alt=\"Language learning for proficient communication\" fetchpriority=\"high\" sizes=\"(max-width: 768px) 150px, 768px\" srcset=\"https:\/\/talkpal.ai\/wp-content\/uploads\/2023\/06\/hebrew-768x768.png 768w, https:\/\/talkpal.ai\/wp-content\/uploads\/2023\/06\/hebrew-300x300.png 300w\" \/>\r\n    \r\n\r\n    <\/figure>\r\n\r\n            <a class=\"getStartedVisible\" href=\"https:\/\/app.talkpal.ai\/hu\/signup?lng=\">Kezdj\u00fck<\/a>\r\n    \r\n<\/section>\r\n<section class=\"promotionalBanner\">\r\n    <p class=\"promotionalText\">A nyelvtanul\u00e1s leghat\u00e9konyabb m\u00f3dja<\/p>\r\n    <a class=\"promotionalLink\" href=\"https:\/\/app.talkpal.ai\/hu\/signup?lng=\">Pr\u00f3b\u00e1lja ki a Talkpal ingyen<\/a>\r\n<\/section>\n<div class=\"wp-block-group pageContainerStyle\"><div class=\"wp-block-group__inner-container is-layout-constrained wp-block-group-is-layout-constrained\">\n<h2 class=\"wp-block-heading\" id=\"h-mastering-hebrew-grammar-your-ultimate-guide\">A h\u00e9ber nyelvtan elsaj\u00e1t\u00edt\u00e1sa: a v\u00e9gs\u0151 \u00fatmutat\u00f3<\/h2>\n\n\n\n<p>Shalom, <a href=\"https:\/\/talkpal.ai\/talkpal-discount-for-language-enthusiasts\/\">nyelvrajong\u00f3k<\/a>! K\u00e9szen \u00e1llsz arra, hogy belemer\u00fclj a h\u00e9ber <a href=\"https:\/\/talkpal.ai\/grammar\/\">nyelvtan<\/a> leny\u0171g\u00f6z\u0151 vil\u00e1g\u00e1ba? A legjobb helyre j\u00f6tt\u00e9l. Ez a k\u00f6nnyen \u00e9rthet\u0151 inform\u00e1ci\u00f3kkal \u00e9s t\u00e1rsalg\u00e1si hangv\u00e9tellel teli cikk v\u00e9gigvezeti \u00d6nt a h\u00e9ber nyelvtan hipnotikus birodalm\u00e1n. Hamarosan k\u00e9pes leszel mondatokat alkotni \u00e9s \u00e9rtelmes besz\u00e9lget\u00e9seket folytatni anyanyelvi besz\u00e9l\u0151kkel. Teh\u00e1t, kezdj\u00fck el az utat a h\u00e9ber nyelvtan elsaj\u00e1t\u00edt\u00e1sa fel\u00e9!<\/p>\n\n\n\n<p><strong>De el\u0151sz\u00f6r is, mi\u00e9rt h\u00e9ber nyelvtan?<\/strong><\/p>\n\n\n\n<p>Ha h\u00e9ber\u00fcl tanulsz, a nyelvtani alapismeretek elengedhetetlenek ahhoz, hogy foly\u00e9konyan besz\u00e9lj, olvass \u00e9s \u00edrj. M\u00edg a h\u00e9ber nyelvtan kezdetben bonyolultnak t\u0171nhet, megk\u00f6zel\u00edthet\u0151bb\u00e9 v\u00e1lik, ha kisebb, kezelhet\u0151bb darabokra bontj\u00e1k. Induljunk h\u00e1t el ezen az izgalmas utaz\u00e1son!<\/p>\n\n\n\n<h3 class=\"wp-block-heading\" id=\"h-1-nouns-gender-and-number\">1. F\u0151nevek, nem \u00e9s sz\u00e1m<\/h3>\n\n\n\n<p>A h\u00e9ber f\u0151neveknek k\u00e9t nem\u00fck <a href=\"https:\/\/talkpal.ai\/locations\/language-courses-in-van\/\">van<\/a> \u2013 h\u00edmnem\u0171 \u00e9s n\u0151nem\u0171 \u2013, \u00e9s lehetnek egyes vagy t\u00f6bbes sz\u00e1mban. A f\u0151n\u00e9v nem\u00e9nek meghat\u00e1roz\u00e1sa a megfelel\u0151 mondatszerkeszt\u00e9s alapja, mivel ez befoly\u00e1solja a t\u00f6bbi besz\u00e9dr\u00e9szt, p\u00e9ld\u00e1ul az ig\u00e9ket \u00e9s a mell\u00e9kneveket.  <\/p>\n\n\n\n<p>\u00c1ltal\u00e1nos szab\u00e1ly: ha egy f\u0151n\u00e9v &#8222;\u05d4&#8221;-ra (hey) vagy &#8222;\u05ea&#8221;-ra (tav) v\u00e9gz\u0151dik, akkor \u00e1ltal\u00e1ban n\u0151nem\u0171. Vannak azonban kiv\u00e9telek, ez\u00e9rt kulcsfontoss\u00e1g\u00fa a f\u0151nevek nem\u00e9nek memoriz\u00e1l\u00e1sa a sz\u00f3kincs tanul\u00e1sa k\u00f6zben.<\/p>\n\n\n\n<p>Ezenk\u00edv\u00fcl a h\u00e9ber f\u0151nevek sz\u00e1mt\u00f3l f\u00fcgg\u0151en k\u00fcl\u00f6nb\u00f6z\u0151 form\u00e1kat \u00f6ltenek. A h\u00edmnem\u0171 f\u0151nevek t\u00f6bbes sz\u00e1ma \u00e1ltal\u00e1ban &#8222;\u05d9\u05dd&#8221; (yim), m\u00edg a n\u0151nem\u0171 f\u0151nevek t\u00f6bbes sz\u00e1ma &#8222;\u05d5\u05ea&#8221; (ot).<\/p>\n\n\n\n<h3 class=\"wp-block-heading\" id=\"h-2-adjectives-agreement-and-definite-articles\">2. Mell\u00e9knevek, meg\u00e1llapod\u00e1s \u00e9s hat\u00e1rozott n\u00e9vel\u0151k<\/h3>\n\n\n\n<p>A h\u00e9ber mell\u00e9kneveknek nem\u00fckben \u00e9s sz\u00e1mukban meg kell egyezni\u00fck az \u00e1ltaluk m\u00f3dos\u00edtott f\u0151n\u00e9vvel. Ahhoz, hogy egy mell\u00e9kn\u00e9v n\u0151nem\u0171v\u00e9 v\u00e1ljon, adjunk hozz\u00e1 egy &#8222;\u05d4&#8221; (hey) bet\u0171t a v\u00e9g\u00e9re, ha m\u00e9g nem szerepel benne. A mell\u00e9knevek t\u00f6bbes sz\u00e1m\u00fav\u00e1 t\u00e9tel\u00e9hez k\u00f6vesse ugyanazt az elvet, mint a f\u0151nevek eset\u00e9ben: a h\u00edmnem\u0171ek eset\u00e9ben tegye hozz\u00e1 a &#8222;\u05d9\u05dd&#8221;, a n\u0151nem\u0171ek eset\u00e9ben pedig a &#8222;\u05d5\u05ea&#8221; sz\u00f3t.<\/p>\n\n\n\n<p>A &#8222;a&#8221; hat\u00e1rozott n\u00e9vel\u0151 a h\u00e9berben &#8222;\u05d4&#8221; (hey), \u00e9s a f\u0151n\u00e9v vagy mell\u00e9kn\u00e9v el\u00e9 ker\u00fcl. P\u00e9ld\u00e1ul &#8222;\u05d4\u05e1\u05e4\u05e8&#8221; (haSefer &#8211; a k\u00f6nyv) vagy &#8222;\u05d4\u05db\u05d3\u05d5\u05e8 \u05d4\u05d2\u05d3\u05d5\u05dc&#8221; (hakadur hagadol &#8211; a nagy labda).<\/p>\n\n\n\n<h3 class=\"wp-block-heading\" id=\"h-3-verbs-tense-and-conjugation\">3. Ig\u00e9k, igeid\u0151 \u00e9s ragoz\u00e1s<\/h3>\n\n\n\n<p>A h\u00e9ber ig\u00e9k d\u00f6nt\u0151 szerepet j\u00e1tszanak a nyelvtanban, \u00e9s h\u00e9t ragoz\u00e1si csoportra, \u00fagynevezett &#8222;binyanim&#8221;-ra oszlanak. <a href=\"https:\/\/talkpal.ai\/locations\/language-courses-in-minden\/\">Minden<\/a> egyes binyan befoly\u00e1solja az ige jelent\u00e9s\u00e9t \u00e9s szerep\u00e9t a mondatban.<\/p>\n\n\n\n<p>Gyors \u00e1ttekint\u00e9sk\u00e9nt besz\u00e9lj\u00fcnk a szab\u00e1lyos ig\u00e9k jelen idej\u00e9r\u0151l:<\/p>\n\n\n\n<p><strong>&#8211; \u05d0\u05e0\u05d9 \u05e7\u05d5\u05e8\u05d0\/\u05ea (ani kore\/et &#8211; olvasom, maszk.\/fem.)<\/strong><\/p>\n\n\n\n<p><strong>&#8211; \u05d0\u05ea\/\u05d4 \u05e7\u05d5\u05e8\u05d0\/\u05ea (ata\/at kore\/et &#8211; olvasod, maszk.\/fem.)<\/strong><\/p>\n\n\n\n<p><strong>&#8211; \u05d4\u05d5\u05d0\/\u05d4\u05d9\u05d0 \u05e7\u05d5\u05e8\u05d0\/\u05ea (hu\/hi kore\/et &#8211; olvassa)<\/strong><\/p>\n\n\n\n<p>Ne feledje, ez csak a kezdet! Sok m\u00e1s igeid\u0151, szab\u00e1lytalan ige \u00e9s binyan bonyolults\u00e1g jelenik meg, ahogy haladsz.<\/p>\n\n\n\n<h3 class=\"wp-block-heading\" id=\"h-4-pronouns-prepositions-and-more\">4. N\u00e9vm\u00e1sok, el\u00f6lj\u00e1r\u00f3szavak \u00e9s \u00edgy tov\u00e1bb!<\/h3>\n\n\n\n<p>A h\u00e9ber nyelvtan m\u00e1s \u00f6sszetev\u0151ket is tartalmaz, mint p\u00e9ld\u00e1ul n\u00e9vm\u00e1sok (\u05d0\u05e0\u05d9, \u05d0\u05ea\u05d4, \u05d4\u05d5\u05d0, \u05d4\u05d9\u05d0 stb.), prepoz\u00edci\u00f3k (\u05d1, \u05dc, \u05de, \u05e2\u05dc stb.) \u00e9s idiomatikus kifejez\u00e9sek. Az egyes elemek kezel\u00e9se l\u00e9tfontoss\u00e1g\u00fa a h\u00e9ber nyelv \u00e1tfog\u00f3 foly\u00e9kony elsaj\u00e1t\u00edt\u00e1s\u00e1hoz, ez\u00e9rt l\u00e9p\u00e9sr\u0151l l\u00e9p\u00e9sre haladjon el\u0151re.<\/p>\n\n\n\n<p>\u00d6sszefoglalva, a h\u00e9ber nyelvtan elsaj\u00e1t\u00edt\u00e1s\u00e1hoz nincs r\u00f6vid\u00edtett \u00fat. Kitart\u00e1st, gyakorl\u00e1st \u00e9s t\u00fcrelmet ig\u00e9nyel. Azonban ha egyszer meg\u00e9rti a nyelv bonyolults\u00e1g\u00e1t, \u00e9lvezni fogja a h\u00e9ber nyelv\u0171 t\u00e1rsalg\u00e1s \u00e1rnyalatait, felfedezi a gazdag kult\u00far\u00e1t \u00e9s t\u00f6rt\u00e9nelmet, \u00e9s elm\u00e9ly\u00edti a nyelv ir\u00e1nti megbecs\u00fcl\u00e9s\u00e9t. \u05d1\u05d4\u05e6\u05dc\u05d7\u05d4 (behatzlacha &#8211; sok szerencs\u00e9t)!<\/p>\n<\/div><\/div>\n\r\n<section class=\"learnNavigationSection\">\r\n            \r\n        <a href=\"https:\/\/talkpal.ai\/hu\/tanulj-heberul\/\">\r\n            <div class=\"learnNavigationWrapper\">\r\n                <div class=\"learnNavigationContent\">\r\n                    <img decoding=\"async\" src=\"https:\/\/talkpal.ai\/wp-content\/uploads\/2024\/08\/Hebrew.jpg\" alt=\"Israel Flag\">\r\n                    <div>\r\n                        <h4>A h\u00e9ber nyelvtanul\u00e1sr\u00f3l<\/h4>\r\n                        <p>Tudjon meg mindent a h\u00e9ber nyelvtanr\u00f3l.<\/p>\r\n                    <\/div>\r\n                <\/div>\r\n            <\/div>\r\n        <\/a>\r\n\r\n        \r\n        <a href=\"https:\/\/talkpal.ai\/hu\/heber-nyelvtani-gyakorlatok\/\">\r\n            <div class=\"learnNavigationWrapper\">\r\n                <div class=\"learnNavigationContent\">\r\n                    <img decoding=\"async\" src=\"https:\/\/talkpal.ai\/wp-content\/uploads\/2024\/08\/Hebrew.jpg\" alt=\"Israel Flag\">\r\n                    <div>\r\n                        <h4>H\u00e9ber nyelvtani gyakorlat<\/h4>\r\n                        <p>Gyakorold a h\u00e9ber nyelvtant.<\/p>\r\n                    <\/div>\r\n                <\/div>\r\n            <\/div>\r\n        <\/a>\r\n\r\n        \r\n        <a href=\"https:\/\/talkpal.ai\/vocabulary_language\/hebrew\/\">\r\n            <div class=\"learnNavigationWrapper\">\r\n                <div class=\"learnNavigationContent\">\r\n                    <img decoding=\"async\" src=\"https:\/\/talkpal.ai\/wp-content\/uploads\/2024\/08\/Hebrew.jpg\" alt=\"Israel Flag\">\r\n                    <div>\r\n                        <h4>H\u00e9ber sz\u00f3kincs<\/h4>\r\n                        <p>B\u0151v\u00edtse h\u00e9ber sz\u00f3kincs\u00e9t.<\/p>\r\n                    <\/div>\r\n                <\/div>\r\n            <\/div>\r\n        <\/a>\r\n\r\n            <\/section>","protected":false},"excerpt":{"rendered":"<p>A h\u00e9ber nyelvtan elsaj\u00e1t\u00edt\u00e1sa: a v\u00e9gs\u0151 \u00fatmutat\u00f3 Shalom, nyelvrajong\u00f3k! K\u00e9szen \u00e1llsz arra, hogy belemer\u00fclj a h\u00e9ber nyelvtan leny\u0171g\u00f6z\u0151 vil\u00e1g\u00e1ba? A legjobb helyre j\u00f6tt\u00e9l. Ez a k\u00f6nnyen \u00e9rthet\u0151 inform\u00e1ci\u00f3kkal \u00e9s t\u00e1rsalg\u00e1si hangv\u00e9tellel teli cikk v\u00e9gigvezeti \u00d6nt a h\u00e9ber nyelvtan hipnotikus birodalm\u00e1n. Hamarosan k\u00e9pes leszel mondatokat alkotni \u00e9s \u00e9rtelmes besz\u00e9lget\u00e9seket folytatni anyanyelvi besz\u00e9l\u0151kkel. Teh\u00e1t, kezdj\u00fck el az [&hellip;]<\/p>\n","protected":false},"author":1,"featured_media":112914,"parent":0,"menu_order":0,"comment_status":"closed","ping_status":"closed","template":"LearningContentPage.php","meta":{"_acf_changed":false,"footnotes":""},"class_list":["post-144214","page","type-page","status-publish","has-post-thumbnail","hentry"],"acf":[],"yoast_head":"<!-- This site is optimized with the Yoast SEO Premium plugin v27.2 (Yoast SEO v27.2) - https:\/\/yoast.com\/product\/yoast-seo-premium-wordpress\/ -->\n<title>H\u00e9ber nyelvtan - Talkpal<\/title>\n<meta name=\"description\" content=\"Fejlessze magabiztosan a h\u00e9ber nyelvtant - tanulja meg a legfontosabb szab\u00e1lyokat, alkosson helyes mondatokat, \u00e9s kommunik\u00e1ljon vil\u00e1gosan a k\u00f6vetkez\u0151 nyelvtannal Talkpalk\u00f6nny\u0171 mesters\u00e9ges intelligencia leck\u00e9ivel.\" \/>\n<meta name=\"robots\" content=\"index, follow, max-snippet:-1, max-image-preview:large, max-video-preview:-1\" \/>\n<link rel=\"canonical\" href=\"https:\/\/talkpal.ai\/hu\/heber-nyelvtan\/\" \/>\n<meta property=\"og:locale\" content=\"hu_HU\" \/>\n<meta property=\"og:type\" content=\"article\" \/>\n<meta property=\"og:title\" content=\"H\u00e9ber nyelvtan\" \/>\n<meta property=\"og:description\" content=\"A h\u00e9ber nyelvtan elsaj\u00e1t\u00edt\u00e1sa: a v\u00e9gs\u0151 \u00fatmutat\u00f3 Shalom, nyelvrajong\u00f3k! K\u00e9szen \u00e1llsz arra, hogy belemer\u00fclj a h\u00e9ber nyelvtan leny\u0171g\u00f6z\u0151 vil\u00e1g\u00e1ba? A legjobb\" \/>\n<meta property=\"og:url\" content=\"https:\/\/talkpal.ai\/hu\/heber-nyelvtan\/\" \/>\n<meta property=\"og:site_name\" content=\"Talkpal\" \/>\n<meta property=\"article:publisher\" content=\"https:\/\/www.facebook.com\/profile.php?id=100090733639311\" \/>\n<meta property=\"article:modified_time\" content=\"2025-12-13T15:39:12+00:00\" \/>\n<meta property=\"og:image\" content=\"https:\/\/talkpal.ai\/wp-content\/uploads\/2023\/05\/israel.png\" \/>\n\t<meta property=\"og:image:width\" content=\"512\" \/>\n\t<meta property=\"og:image:height\" content=\"512\" \/>\n\t<meta property=\"og:image:type\" content=\"image\/png\" \/>\n<meta name=\"twitter:card\" content=\"summary_large_image\" \/>\n<meta name=\"twitter:site\" content=\"@talkpalai\" \/>\n<meta name=\"twitter:label1\" content=\"Becs\u00fclt olvas\u00e1si id\u0151\" \/>\n\t<meta name=\"twitter:data1\" content=\"3 perc\" \/>\n<script type=\"application\/ld+json\" class=\"yoast-schema-graph\">{\"@context\":\"https:\/\/schema.org\",\"@graph\":[{\"@type\":\"WebPage\",\"@id\":\"https:\/\/talkpal.ai\/hu\/heber-nyelvtan\/\",\"url\":\"https:\/\/talkpal.ai\/hu\/heber-nyelvtan\/\",\"name\":\"H\u00e9ber nyelvtan - Talkpal\",\"isPartOf\":{\"@id\":\"https:\/\/talkpal.ai\/hu\/#website\"},\"primaryImageOfPage\":{\"@id\":\"https:\/\/talkpal.ai\/hu\/heber-nyelvtan\/#primaryimage\"},\"image\":{\"@id\":\"https:\/\/talkpal.ai\/hu\/heber-nyelvtan\/#primaryimage\"},\"thumbnailUrl\":\"https:\/\/talkpal.ai\/wp-content\/uploads\/2023\/05\/israel.png\",\"datePublished\":\"2023-05-14T14:04:48+00:00\",\"dateModified\":\"2025-12-13T15:39:12+00:00\",\"description\":\"Fejlessze magabiztosan a h\u00e9ber nyelvtant - tanulja meg a legfontosabb szab\u00e1lyokat, alkosson helyes mondatokat, \u00e9s kommunik\u00e1ljon vil\u00e1gosan a k\u00f6vetkez\u0151 nyelvtannal Talkpalk\u00f6nny\u0171 mesters\u00e9ges intelligencia leck\u00e9ivel.\",\"breadcrumb\":{\"@id\":\"https:\/\/talkpal.ai\/hu\/heber-nyelvtan\/#breadcrumb\"},\"inLanguage\":\"hu\",\"potentialAction\":[{\"@type\":\"ReadAction\",\"target\":[\"https:\/\/talkpal.ai\/hu\/heber-nyelvtan\/\"]}]},{\"@type\":\"ImageObject\",\"inLanguage\":\"hu\",\"@id\":\"https:\/\/talkpal.ai\/hu\/heber-nyelvtan\/#primaryimage\",\"url\":\"https:\/\/talkpal.ai\/wp-content\/uploads\/2023\/05\/israel.png\",\"contentUrl\":\"https:\/\/talkpal.ai\/wp-content\/uploads\/2023\/05\/israel.png\",\"width\":512,\"height\":512},{\"@type\":\"BreadcrumbList\",\"@id\":\"https:\/\/talkpal.ai\/hu\/heber-nyelvtan\/#breadcrumb\",\"itemListElement\":[{\"@type\":\"ListItem\",\"position\":1,\"name\":\"Homepage\",\"item\":\"https:\/\/talkpal.ai\/hu\/\"},{\"@type\":\"ListItem\",\"position\":2,\"name\":\"H\u00e9ber nyelvtan\"}]},{\"@type\":\"WebSite\",\"@id\":\"https:\/\/talkpal.ai\/hu\/#website\",\"url\":\"https:\/\/talkpal.ai\/hu\/\",\"name\":\"Talkpal\",\"description\":\"AI Language Learning\",\"publisher\":{\"@id\":\"https:\/\/talkpal.ai\/hu\/#organization\"},\"alternateName\":\"Talkpal AI\",\"potentialAction\":[{\"@type\":\"SearchAction\",\"target\":{\"@type\":\"EntryPoint\",\"urlTemplate\":\"https:\/\/talkpal.ai\/hu\/?s={search_term_string}\"},\"query-input\":{\"@type\":\"PropertyValueSpecification\",\"valueRequired\":true,\"valueName\":\"search_term_string\"}}],\"inLanguage\":\"hu\"},{\"@type\":\"Organization\",\"@id\":\"https:\/\/talkpal.ai\/hu\/#organization\",\"name\":\"Talkpal, Inc.\",\"alternateName\":\"Talkpal AI\",\"url\":\"https:\/\/talkpal.ai\/hu\/\",\"logo\":{\"@type\":\"ImageObject\",\"inLanguage\":\"hu\",\"@id\":\"https:\/\/talkpal.ai\/hu\/#\/schema\/logo\/image\/\",\"url\":\"https:\/\/talkpal.ai\/wp-content\/uploads\/2024\/03\/Talkpal-Logo-Icon.png\",\"contentUrl\":\"https:\/\/talkpal.ai\/wp-content\/uploads\/2024\/03\/Talkpal-Logo-Icon.png\",\"width\":2880,\"height\":2880,\"caption\":\"Talkpal, Inc.\"},\"image\":{\"@id\":\"https:\/\/talkpal.ai\/hu\/#\/schema\/logo\/image\/\"},\"sameAs\":[\"https:\/\/www.facebook.com\/profile.php?id=100090733639311\",\"https:\/\/x.com\/talkpalai\",\"https:\/\/www.linkedin.com\/company\/talkpal\/\",\"https:\/\/www.youtube.com\/@TalkPal\/\",\"https:\/\/www.tiktok.com\/@talkpal\",\"https:\/\/www.instagram.com\/talkpal_ai\/\",\"https:\/\/www.crunchbase.com\/organization\/talkpal-9cde\",\"https:\/\/www.g2.com\/products\/talkpal-for-business\/\",\"https:\/\/www.trustpilot.com\/review\/talkpal.ai\",\"https:\/\/www.capterra.com\/p\/10006800\/TalkPal\/\"],\"description\":\"Talkpal is a language learning web and mobile education app, powered by the latest AI technologies, that provides engaging experiences to its customers in many different languages to help them improve their language skills. Users can chat about unlimited amount of topics with the app and use other modes to practice their language learning.\",\"email\":\"support@talkpal.ai\",\"legalName\":\"Talkpal, Inc.\",\"foundingDate\":\"2023-04-03\",\"duns\":\"118989042\",\"numberOfEmployees\":{\"@type\":\"QuantitativeValue\",\"minValue\":\"11\",\"maxValue\":\"50\"},\"publishingPrinciples\":\"https:\/\/talkpal.ai\/publishing-principles\/\",\"actionableFeedbackPolicy\":\"https:\/\/talkpal.ai\/actionable-feedback-policy\/\",\"correctionsPolicy\":\"https:\/\/talkpal.ai\/corrections-policy\/\",\"ethicsPolicy\":\"https:\/\/talkpal.ai\/ethics-policy\/\",\"diversityPolicy\":\"https:\/\/talkpal.ai\/diversity-policy\/\",\"diversityStaffingReport\":\"https:\/\/talkpal.ai\/diversity-policy\/\"}]}<\/script>\n<!-- \/ Yoast SEO Premium plugin. -->","yoast_head_json":{"title":"H\u00e9ber nyelvtan - Talkpal","description":"Fejlessze magabiztosan a h\u00e9ber nyelvtant - tanulja meg a legfontosabb szab\u00e1lyokat, alkosson helyes mondatokat, \u00e9s kommunik\u00e1ljon vil\u00e1gosan a k\u00f6vetkez\u0151 nyelvtannal Talkpalk\u00f6nny\u0171 mesters\u00e9ges intelligencia leck\u00e9ivel.","robots":{"index":"index","follow":"follow","max-snippet":"max-snippet:-1","max-image-preview":"max-image-preview:large","max-video-preview":"max-video-preview:-1"},"canonical":"https:\/\/talkpal.ai\/hu\/heber-nyelvtan\/","og_locale":"hu_HU","og_type":"article","og_title":"H\u00e9ber nyelvtan","og_description":"A h\u00e9ber nyelvtan elsaj\u00e1t\u00edt\u00e1sa: a v\u00e9gs\u0151 \u00fatmutat\u00f3 Shalom, nyelvrajong\u00f3k! K\u00e9szen \u00e1llsz arra, hogy belemer\u00fclj a h\u00e9ber nyelvtan leny\u0171g\u00f6z\u0151 vil\u00e1g\u00e1ba? A legjobb","og_url":"https:\/\/talkpal.ai\/hu\/heber-nyelvtan\/","og_site_name":"Talkpal","article_publisher":"https:\/\/www.facebook.com\/profile.php?id=100090733639311","article_modified_time":"2025-12-13T15:39:12+00:00","og_image":[{"width":512,"height":512,"url":"https:\/\/talkpal.ai\/wp-content\/uploads\/2023\/05\/israel.png","type":"image\/png"}],"twitter_card":"summary_large_image","twitter_site":"@talkpalai","twitter_misc":{"Becs\u00fclt olvas\u00e1si id\u0151":"3 perc"},"schema":{"@context":"https:\/\/schema.org","@graph":[{"@type":"WebPage","@id":"https:\/\/talkpal.ai\/hu\/heber-nyelvtan\/","url":"https:\/\/talkpal.ai\/hu\/heber-nyelvtan\/","name":"H\u00e9ber nyelvtan - Talkpal","isPartOf":{"@id":"https:\/\/talkpal.ai\/hu\/#website"},"primaryImageOfPage":{"@id":"https:\/\/talkpal.ai\/hu\/heber-nyelvtan\/#primaryimage"},"image":{"@id":"https:\/\/talkpal.ai\/hu\/heber-nyelvtan\/#primaryimage"},"thumbnailUrl":"https:\/\/talkpal.ai\/wp-content\/uploads\/2023\/05\/israel.png","datePublished":"2023-05-14T14:04:48+00:00","dateModified":"2025-12-13T15:39:12+00:00","description":"Fejlessze magabiztosan a h\u00e9ber nyelvtant - tanulja meg a legfontosabb szab\u00e1lyokat, alkosson helyes mondatokat, \u00e9s kommunik\u00e1ljon vil\u00e1gosan a k\u00f6vetkez\u0151 nyelvtannal Talkpalk\u00f6nny\u0171 mesters\u00e9ges intelligencia leck\u00e9ivel.","breadcrumb":{"@id":"https:\/\/talkpal.ai\/hu\/heber-nyelvtan\/#breadcrumb"},"inLanguage":"hu","potentialAction":[{"@type":"ReadAction","target":["https:\/\/talkpal.ai\/hu\/heber-nyelvtan\/"]}]},{"@type":"ImageObject","inLanguage":"hu","@id":"https:\/\/talkpal.ai\/hu\/heber-nyelvtan\/#primaryimage","url":"https:\/\/talkpal.ai\/wp-content\/uploads\/2023\/05\/israel.png","contentUrl":"https:\/\/talkpal.ai\/wp-content\/uploads\/2023\/05\/israel.png","width":512,"height":512},{"@type":"BreadcrumbList","@id":"https:\/\/talkpal.ai\/hu\/heber-nyelvtan\/#breadcrumb","itemListElement":[{"@type":"ListItem","position":1,"name":"Homepage","item":"https:\/\/talkpal.ai\/hu\/"},{"@type":"ListItem","position":2,"name":"H\u00e9ber nyelvtan"}]},{"@type":"WebSite","@id":"https:\/\/talkpal.ai\/hu\/#website","url":"https:\/\/talkpal.ai\/hu\/","name":"Talkpal","description":"AI Language Learning","publisher":{"@id":"https:\/\/talkpal.ai\/hu\/#organization"},"alternateName":"Talkpal AI","potentialAction":[{"@type":"SearchAction","target":{"@type":"EntryPoint","urlTemplate":"https:\/\/talkpal.ai\/hu\/?s={search_term_string}"},"query-input":{"@type":"PropertyValueSpecification","valueRequired":true,"valueName":"search_term_string"}}],"inLanguage":"hu"},{"@type":"Organization","@id":"https:\/\/talkpal.ai\/hu\/#organization","name":"Talkpal, Inc.","alternateName":"Talkpal AI","url":"https:\/\/talkpal.ai\/hu\/","logo":{"@type":"ImageObject","inLanguage":"hu","@id":"https:\/\/talkpal.ai\/hu\/#\/schema\/logo\/image\/","url":"https:\/\/talkpal.ai\/wp-content\/uploads\/2024\/03\/Talkpal-Logo-Icon.png","contentUrl":"https:\/\/talkpal.ai\/wp-content\/uploads\/2024\/03\/Talkpal-Logo-Icon.png","width":2880,"height":2880,"caption":"Talkpal, Inc."},"image":{"@id":"https:\/\/talkpal.ai\/hu\/#\/schema\/logo\/image\/"},"sameAs":["https:\/\/www.facebook.com\/profile.php?id=100090733639311","https:\/\/x.com\/talkpalai","https:\/\/www.linkedin.com\/company\/talkpal\/","https:\/\/www.youtube.com\/@TalkPal\/","https:\/\/www.tiktok.com\/@talkpal","https:\/\/www.instagram.com\/talkpal_ai\/","https:\/\/www.crunchbase.com\/organization\/talkpal-9cde","https:\/\/www.g2.com\/products\/talkpal-for-business\/","https:\/\/www.trustpilot.com\/review\/talkpal.ai","https:\/\/www.capterra.com\/p\/10006800\/TalkPal\/"],"description":"Talkpal is a language learning web and mobile education app, powered by the latest AI technologies, that provides engaging experiences to its customers in many different languages to help them improve their language skills. Users can chat about unlimited amount of topics with the app and use other modes to practice their language learning.","email":"support@talkpal.ai","legalName":"Talkpal, Inc.","foundingDate":"2023-04-03","duns":"118989042","numberOfEmployees":{"@type":"QuantitativeValue","minValue":"11","maxValue":"50"},"publishingPrinciples":"https:\/\/talkpal.ai\/publishing-principles\/","actionableFeedbackPolicy":"https:\/\/talkpal.ai\/actionable-feedback-policy\/","correctionsPolicy":"https:\/\/talkpal.ai\/corrections-policy\/","ethicsPolicy":"https:\/\/talkpal.ai\/ethics-policy\/","diversityPolicy":"https:\/\/talkpal.ai\/diversity-policy\/","diversityStaffingReport":"https:\/\/talkpal.ai\/diversity-policy\/"}]}},"_links":{"self":[{"href":"https:\/\/talkpal.ai\/hu\/wp-json\/wp\/v2\/pages\/144214","targetHints":{"allow":["GET"]}}],"collection":[{"href":"https:\/\/talkpal.ai\/hu\/wp-json\/wp\/v2\/pages"}],"about":[{"href":"https:\/\/talkpal.ai\/hu\/wp-json\/wp\/v2\/types\/page"}],"author":[{"embeddable":true,"href":"https:\/\/talkpal.ai\/hu\/wp-json\/wp\/v2\/users\/1"}],"replies":[{"embeddable":true,"href":"https:\/\/talkpal.ai\/hu\/wp-json\/wp\/v2\/comments?post=144214"}],"version-history":[{"count":0,"href":"https:\/\/talkpal.ai\/hu\/wp-json\/wp\/v2\/pages\/144214\/revisions"}],"wp:featuredmedia":[{"embeddable":true,"href":"https:\/\/talkpal.ai\/hu\/wp-json\/wp\/v2\/media\/112914"}],"wp:attachment":[{"href":"https:\/\/talkpal.ai\/hu\/wp-json\/wp\/v2\/media?parent=144214"}],"curies":[{"name":"wp","href":"https:\/\/api.w.org\/{rel}","templated":true}]}}