{"id":143916,"date":"2023-05-14T14:03:43","date_gmt":"2023-05-14T14:03:43","guid":{"rendered":"http:\/\/talkpal.ai\/galiciai-nyelvtan\/"},"modified":"2025-12-13T15:30:34","modified_gmt":"2025-12-13T15:30:34","slug":"galiciai-nyelvtan","status":"publish","type":"page","link":"https:\/\/talkpal.ai\/hu\/galiciai-nyelvtan\/","title":{"rendered":"Gal\u00edciai nyelvtan"},"content":{"rendered":"\r\n\r\n\r\n<section class=\"languageChallengeSection\">\r\n    <div class=\"languageInfoWrapper\">\r\n        \r\n        <h1>Gal\u00edciai nyelvtan<\/h1>\r\n        <p>Fedezze fel a <a href=\"https:\/\/talkpal.ai\/learn-galician\/\">gal\u00edciai<\/a> nyelv var\u00e1zs\u00e1t az alapvet\u0151 nyelvtani szab\u00e1lyok elsaj\u00e1t\u00edt\u00e1s\u00e1val. A <a href=\"https:\/\/talkpal.ai\/galician-grammar\/\">gal\u00edciai nyelvtan<\/a> meg\u00e9rt\u00e9se megnyitja az ajt\u00f3kat az \u00e9rtelmes kommunik\u00e1ci\u00f3 \u00e9s Gal\u00edcia vibr\u00e1l\u00f3 kult\u00far\u00e1j\u00e1nak m\u00e9lyebb megbecs\u00fcl\u00e9se el\u0151tt. Kezdje el a <a href=\"https:\/\/talkpal.ai\/galician-grammar\/\">gal\u00edciai nyelvtan<\/a> tanul\u00e1s\u00e1t m\u00e9g ma, \u00e9s tegye meg az els\u0151 l\u00e9p\u00e9st a foly\u00e9kony nyelvtud\u00e1s fel\u00e9!<\/p>\r\n\r\n                            <a class=\"getStartedHidden\" href=\"https:\/\/app.talkpal.ai\/hu\/signup?lng=\">Kezdj\u00fck<\/a>\r\n        \r\n    <\/div>\r\n\r\n    <figure>\r\n    <img decoding=\"async\" width=\"768\" height=\"768\" src=\"https:\/\/talkpal.ai\/wp-content\/uploads\/2023\/06\/galician-768x768.png\" class=\"languageImage no-lazy\" alt=\"Language immersion powerful learning method\" fetchpriority=\"high\" sizes=\"(max-width: 768px) 150px, 768px\" srcset=\"https:\/\/talkpal.ai\/wp-content\/uploads\/2023\/06\/galician-768x768.png 768w, https:\/\/talkpal.ai\/wp-content\/uploads\/2023\/06\/galician-300x300.png 300w\" \/>\r\n    \r\n\r\n    <\/figure>\r\n\r\n            <a class=\"getStartedVisible\" href=\"https:\/\/app.talkpal.ai\/hu\/signup?lng=\">Kezdj\u00fck<\/a>\r\n    \r\n<\/section>\r\n<section class=\"promotionalBanner\">\r\n    <p class=\"promotionalText\">A nyelvtanul\u00e1s leghat\u00e9konyabb m\u00f3dja<\/p>\r\n    <a class=\"promotionalLink\" href=\"https:\/\/app.talkpal.ai\/hu\/signup?lng=\">Pr\u00f3b\u00e1lja ki a Talkpal ingyen<\/a>\r\n<\/section>\n<div class=\"wp-block-group pageContainerStyle\"><div class=\"wp-block-group__inner-container is-layout-constrained wp-block-group-is-layout-constrained\">\n<h2 class=\"wp-block-heading\" id=\"h-galician-grammar-unlocking-the-beauty-of-a-romance-language\">Gal\u00edciai nyelvtan: Az \u00fajlatin nyelv sz\u00e9ps\u00e9g\u00e9nek felszabad\u00edt\u00e1sa<\/h2>\n\n\n\n<p>A gal\u00edciai, egy \u00fajlatin nyelv, amelyet t\u00f6bb mint k\u00e9tmilli\u00f3 ember besz\u00e9l \u00c9szaknyugat-Spanyolorsz\u00e1gban, egyed\u00fcl\u00e1ll\u00f3 \u00e9s mag\u00e1val ragad\u00f3 nyelvj\u00e1r\u00e1s, amely hasonl\u00f3s\u00e1got mutat a portug\u00e1lnal. Jellegzetes fonol\u00f3gi\u00e1val, leny\u0171g\u00f6z\u0151 t\u00f6rt\u00e9nelemmel \u00e9s \u00e9l\u00e9nk k\u00f6lt\u0151i hagyom\u00e1nyokkal rendelkezik. Ahhoz, hogy elsaj\u00e1t\u00edtsuk ezt a var\u00e1zslatos nyelvet, elengedhetetlen, hogy meg\u00e9rts\u00fck a nyelvtan\u00e1t. Ebben a cikkben a gal\u00edciai <a href=\"https:\/\/talkpal.ai\/grammar\/\">nyelvtan<\/a> alapvet\u0151 aspektusait vizsg\u00e1ljuk meg, \u00e9s tippeket adunk, amelyek seg\u00edts\u00e9g\u00e9vel kit\u0171nhetsz ezen a nyelvi utaz\u00e1son.<\/p>\n\n\n\n<h3 class=\"wp-block-heading\" id=\"h-key-components-of-galician-grammar\">A gal\u00edciai nyelvtan legfontosabb \u00f6sszetev\u0151i:<\/h3>\n\n\n\n<p>A gal\u00edciai nyelvtan, mint m\u00e1s \u00fajlatin nyelvek, k\u00fcl\u00f6nb\u00f6z\u0151 szab\u00e1lyokb\u00f3l \u00e9s strukt\u00far\u00e1kb\u00f3l \u00e1ll, amelyek meghat\u00e1rozz\u00e1k annak megfelel\u0151 haszn\u00e1lat\u00e1t. \u00cdme a gal\u00edciai nyelvtan n\u00e9h\u00e1ny alapvet\u0151 szempontja, amelyet ismernie kell:<\/p>\n\n\n\n<p><strong>1. F\u0151nevek:<\/strong> A gal\u00edciai f\u0151neveknek k\u00e9t nyelvtani nem\u00fck <a href=\"https:\/\/talkpal.ai\/locations\/language-courses-in-van\/\">van<\/a> (h\u00edmnem\u0171 \u00e9s n\u0151nem\u0171), \u00e9s sz\u00e1mragoz\u00e1s\u00faak (egyes \u00e9s t\u00f6bbes sz\u00e1m). A f\u0151n\u00e9v neme befoly\u00e1solja a k\u00eds\u00e9r\u0151 cikkek, mell\u00e9knevek \u00e9s n\u00e9vm\u00e1sok form\u00e1j\u00e1t.<\/p>\n\n\n\n<p><strong>2. Cikkek: A<\/strong> gal\u00edciai nyelvben hat\u00e1rozott n\u00e9vel\u0151k (o, os, a, as) \u00e9s hat\u00e1rozatlan n\u00e9vel\u0151k (un, uns, unha, unhas) vannak. A hat\u00e1rozott n\u00e9vel\u0151k meghat\u00e1rozott t\u00e1rgyakra vagy szem\u00e9lyekre val\u00f3 hivatkoz\u00e1sra, m\u00edg a hat\u00e1rozatlan n\u00e9vel\u0151k \u00e1ltal\u00e1nos vagy nem specifikus hivatkoz\u00e1sokra szolg\u00e1lnak.<\/p>\n\n\n\n<p><strong>3. Mell\u00e9knevek \u00e9s hat\u00e1roz\u00f3sz\u00f3k:<\/strong> A gal\u00edciai mell\u00e9knevek \u00e1ltal\u00e1ban nem\u00fckben \u00e9s sz\u00e1mukban megegyeznek az \u00e1ltaluk m\u00f3dos\u00edtott f\u0151nevekkel. A hat\u00e1roz\u00f3sz\u00f3k viszont v\u00e1ltozatlanok, \u00e9s nem v\u00e1ltoznak a f\u0151n\u00e9v nem\u00e9t\u0151l vagy sz\u00e1m\u00e1t\u00f3l f\u00fcgg\u0151en.<\/p>\n\n\n\n<p><strong>4. Ig\u00e9k:<\/strong> A gal\u00edciai ig\u00e9k h\u00e1rom szab\u00e1lyos mint\u00e1ban (ar, er, ir) \u00e9s k\u00fcl\u00f6nb\u00f6z\u0151 szab\u00e1lytalan mint\u00e1kban ragoz\u00f3dnak. Az ig\u00e9ket fesz\u00fclts\u00e9g (jelen, m\u00falt, j\u00f6v\u0151 stb.), Hangulat (indikat\u00edv, szubjekt\u00edv, imperat\u00edv), szempont (perfekt\u00edv, t\u00f6k\u00e9letlen) \u00e9s hang (akt\u00edv, passz\u00edv) szerint ragozz\u00e1k. A n\u00e9vm\u00e1sokat gyakran kihagyj\u00e1k az igeragoz\u00e1sban, mivel az igeforma \u00e1ltal\u00e1ban az alanyt jelzi.<\/p>\n\n\n\n<p><strong>5. Mondatszerkezet:<\/strong> A gal\u00edciai \u00e1ltal\u00e1ban Subject-Verb-Object (SVO) vagy Ige-Subject-Object (VSO) sz\u00f3rend haszn\u00e1latos, a hangs\u00falyt\u00f3l \u00e9s a kontextust\u00f3l f\u00fcgg\u0151en. Ez a sz\u00f3rend azonban rugalmas.<\/p>\n\n\n\n<h3 class=\"wp-block-heading\" id=\"h-tips-for-learning-galician-grammar\">Tippek a gal\u00edciai nyelvtan tanul\u00e1s\u00e1hoz:<\/h3>\n\n\n\n<p>Ahhoz, hogy kit\u0171nj\u00f6n a gal\u00edciai nyelvtan tanul\u00e1si \u00fatj\u00e1n, fontolja meg ezeket a hasznos strat\u00e9gi\u00e1kat:<\/p>\n\n\n\n<p><strong>1. Rendszeres gyakorl\u00e1s:<\/strong> A k\u00f6vetkezetess\u00e9g kulcsfontoss\u00e1g\u00fa. <a href=\"https:\/\/talkpal.ai\/locations\/language-courses-in-minden\/\">Minden<\/a> nap vagy h\u00e9ten sz\u00e1njon meghat\u00e1rozott id\u0151pontokat a <a href=\"https:\/\/talkpal.ai\/hu\/ir-nyelvtani-gyakorlatok\/\">nyelvtani gyakorlatok<\/a>, az olvas\u00e1s \u00e9s az \u00edr\u00e1s gal\u00edciai nyelv\u00e9nek gyakorl\u00e1s\u00e1ra.<\/p>\n\n\n\n<p><strong>2. Haszn\u00e1ljon nat\u00edv forr\u00e1sokat:<\/strong> Mer\u00fclj\u00f6n el hiteles gal\u00edciai anyagokban, p\u00e9ld\u00e1ul irodalomban, \u00fajs\u00e1gcikkekben \u00e9s filmekben. Ez nemcsak seg\u00edt a gal\u00edciai nyelvtan kontextus\u00e1ban l\u00e1tni, hanem jav\u00edtja olvas\u00e1si \u00e9s hallgat\u00e1si k\u00e9szs\u00e9geit is.<\/p>\n\n\n\n<p>3. Ismerje meg a f\u0151nevek nemeit \u00e9s cikkeit: Ismerkedjen meg a gal\u00edciai <strong>f\u0151nevek nemeivel \u00e9s<\/strong> a cikkek megfelel\u0151 haszn\u00e1lat\u00e1val. Ez elengedhetetlen a pontos \u00e9s koherens mondatok kialak\u00edt\u00e1s\u00e1hoz.<\/p>\n\n\n\n<p><strong>4. L\u00e9pjen kapcsolatba anyanyelvi besz\u00e9l\u0151kkel: L\u00e9pjen kapcsolatba<\/strong> a gal\u00edciai anyanyelv\u0171ekkel nyelvi csereprogramokon, k\u00f6z\u00f6ss\u00e9gi m\u00e9di\u00e1n vagy online f\u00f3rumokon kereszt\u00fcl. Ez lehet\u0151s\u00e9get ny\u00fajt a nyelvtan gyakorl\u00e1s\u00e1ra a val\u00f3s besz\u00e9lget\u00e9sekben, \u00e9s \u00e9rt\u00e9kes visszajelz\u00e9seket kap.<\/p>\n\n\n\n<p><strong>5. T\u00fcrelem \u00e9s kitart\u00e1s:<\/strong> Egy \u00faj nyelv tanul\u00e1sa id\u0151t, elsz\u00e1nts\u00e1got \u00e9s t\u00fcrelmet ig\u00e9nyel. Fogadd el a kih\u00edv\u00e1sokat, \u00e9s \u00fcnnepeld meg a fejl\u0151d\u00e9sedet az \u00fat sor\u00e1n.<\/p>\n\n\n\n<h2 class=\"wp-block-heading\" id=\"h-conclusion\">K\u00f6vetkeztet\u00e9s:<\/h2>\n\n\n\n<p>A gal\u00edciai nyelvtan egyed\u00fcl\u00e1ll\u00f3 jellemz\u0151ivel \u00e9s az \u00fajlatin nyelvcsal\u00e1ddal val\u00f3 kapcsolat\u00e1val rendelkezik a kulcsot ennek a mag\u00e1val ragad\u00f3 nyelvj\u00e1r\u00e1snak az elsaj\u00e1t\u00edt\u00e1s\u00e1hoz. Ha meg\u00e9rti a legfontosabb \u00f6sszetev\u0151it, \u00e9s k\u00f6veti a tanul\u00e1si strat\u00e9gi\u00e1inkat, j\u00f3 \u00faton halad a nyelvtud\u00e1s fel\u00e9. Induljon h\u00e1t el erre az izgalmas utaz\u00e1sra, \u00e9s t\u00e1rja fel a gal\u00edciai nyelv csod\u00e1it!<\/p>\n<\/div><\/div>\n\r\n<section class=\"learnNavigationSection\">\r\n            \r\n        <a href=\"https:\/\/talkpal.ai\/hu\/tanulj-galiciai-nyelven\/\">\r\n            <div class=\"learnNavigationWrapper\">\r\n                <div class=\"learnNavigationContent\">\r\n                    <img decoding=\"async\" src=\"https:\/\/talkpal.ai\/wp-content\/uploads\/2024\/08\/Galician.jpg\" alt=\"Galicia Flag\">\r\n                    <div>\r\n                        <h4>A gal\u00edciai tanul\u00e1sr\u00f3l<\/h4>\r\n                        <p>Tudjon meg mindent a gal\u00edciai nyelvtanr\u00f3l.<\/p>\r\n                    <\/div>\r\n                <\/div>\r\n            <\/div>\r\n        <\/a>\r\n\r\n        \r\n        <a href=\"https:\/\/talkpal.ai\/hu\/galiciai-nyelvtani-gyakorlatok\/\">\r\n            <div class=\"learnNavigationWrapper\">\r\n                <div class=\"learnNavigationContent\">\r\n                    <img decoding=\"async\" src=\"https:\/\/talkpal.ai\/wp-content\/uploads\/2024\/08\/Galician.jpg\" alt=\"Galicia Flag\">\r\n                    <div>\r\n                        <h4>Gal\u00edciai nyelvtani gyakorlat<\/h4>\r\n                        <p>Gyakorold a gal\u00edciai nyelvtant.<\/p>\r\n                    <\/div>\r\n                <\/div>\r\n            <\/div>\r\n        <\/a>\r\n\r\n        \r\n        <a href=\"https:\/\/talkpal.ai\/vocabulary_language\/galician\/\">\r\n            <div class=\"learnNavigationWrapper\">\r\n                <div class=\"learnNavigationContent\">\r\n                    <img decoding=\"async\" src=\"https:\/\/talkpal.ai\/wp-content\/uploads\/2024\/08\/Galician.jpg\" alt=\"Galicia Flag\">\r\n                    <div>\r\n                        <h4>Gal\u00edciai sz\u00f3kincs<\/h4>\r\n                        <p>B\u0151v\u00edtse gal\u00edciai sz\u00f3kincs\u00e9t.<\/p>\r\n                    <\/div>\r\n                <\/div>\r\n            <\/div>\r\n        <\/a>\r\n\r\n            <\/section>","protected":false},"excerpt":{"rendered":"<p>Gal\u00edciai nyelvtan: Az \u00fajlatin nyelv sz\u00e9ps\u00e9g\u00e9nek felszabad\u00edt\u00e1sa A gal\u00edciai, egy \u00fajlatin nyelv, amelyet t\u00f6bb mint k\u00e9tmilli\u00f3 ember besz\u00e9l \u00c9szaknyugat-Spanyolorsz\u00e1gban, egyed\u00fcl\u00e1ll\u00f3 \u00e9s mag\u00e1val ragad\u00f3 nyelvj\u00e1r\u00e1s, amely hasonl\u00f3s\u00e1got mutat a portug\u00e1lnal. Jellegzetes fonol\u00f3gi\u00e1val, leny\u0171g\u00f6z\u0151 t\u00f6rt\u00e9nelemmel \u00e9s \u00e9l\u00e9nk k\u00f6lt\u0151i hagyom\u00e1nyokkal rendelkezik. Ahhoz, hogy elsaj\u00e1t\u00edtsuk ezt a var\u00e1zslatos nyelvet, elengedhetetlen, hogy meg\u00e9rts\u00fck a nyelvtan\u00e1t. Ebben a cikkben a gal\u00edciai [&hellip;]<\/p>\n","protected":false},"author":1,"featured_media":111942,"parent":0,"menu_order":0,"comment_status":"closed","ping_status":"closed","template":"LearningContentPage.php","meta":{"_acf_changed":false,"footnotes":""},"class_list":["post-143916","page","type-page","status-publish","has-post-thumbnail","hentry"],"acf":[],"yoast_head":"<!-- This site is optimized with the Yoast SEO Premium plugin v27.2 (Yoast SEO v27.2) - https:\/\/yoast.com\/product\/yoast-seo-premium-wordpress\/ -->\n<title>Gal\u00edciai nyelvtan - Talkpal<\/title>\n<meta name=\"description\" content=\"A gal\u00edciai nyelvtan egyszer\u0171 elsaj\u00e1t\u00edt\u00e1sa - tanulja meg a szab\u00e1lyokat, \u00e9p\u00edtsen helyes mondatokat, \u00e9s kommunik\u00e1ljon vil\u00e1gosan.\" \/>\n<meta name=\"robots\" content=\"index, follow, max-snippet:-1, max-image-preview:large, max-video-preview:-1\" \/>\n<link rel=\"canonical\" href=\"https:\/\/talkpal.ai\/hu\/galiciai-nyelvtan\/\" \/>\n<meta property=\"og:locale\" content=\"hu_HU\" \/>\n<meta property=\"og:type\" content=\"article\" \/>\n<meta property=\"og:title\" content=\"Gal\u00edciai nyelvtan\" \/>\n<meta property=\"og:description\" content=\"Gal\u00edciai nyelvtan: Az \u00fajlatin nyelv sz\u00e9ps\u00e9g\u00e9nek felszabad\u00edt\u00e1sa A gal\u00edciai, egy \u00fajlatin nyelv, amelyet t\u00f6bb mint k\u00e9tmilli\u00f3 ember besz\u00e9l\" \/>\n<meta property=\"og:url\" content=\"https:\/\/talkpal.ai\/hu\/galiciai-nyelvtan\/\" \/>\n<meta property=\"og:site_name\" content=\"Talkpal\" \/>\n<meta property=\"article:publisher\" content=\"https:\/\/www.facebook.com\/profile.php?id=100090733639311\" \/>\n<meta property=\"article:modified_time\" content=\"2025-12-13T15:30:34+00:00\" \/>\n<meta property=\"og:image\" content=\"https:\/\/talkpal.ai\/wp-content\/uploads\/2023\/05\/Galician-spain.png\" \/>\n\t<meta property=\"og:image:width\" content=\"512\" \/>\n\t<meta property=\"og:image:height\" content=\"512\" \/>\n\t<meta property=\"og:image:type\" content=\"image\/png\" \/>\n<meta name=\"twitter:card\" content=\"summary_large_image\" \/>\n<meta name=\"twitter:site\" content=\"@talkpalai\" \/>\n<meta name=\"twitter:label1\" content=\"Becs\u00fclt olvas\u00e1si id\u0151\" \/>\n\t<meta name=\"twitter:data1\" content=\"4 perc\" \/>\n<script type=\"application\/ld+json\" class=\"yoast-schema-graph\">{\"@context\":\"https:\/\/schema.org\",\"@graph\":[{\"@type\":\"WebPage\",\"@id\":\"https:\/\/talkpal.ai\/hu\/galiciai-nyelvtan\/\",\"url\":\"https:\/\/talkpal.ai\/hu\/galiciai-nyelvtan\/\",\"name\":\"Gal\u00edciai nyelvtan - Talkpal\",\"isPartOf\":{\"@id\":\"https:\/\/talkpal.ai\/hu\/#website\"},\"primaryImageOfPage\":{\"@id\":\"https:\/\/talkpal.ai\/hu\/galiciai-nyelvtan\/#primaryimage\"},\"image\":{\"@id\":\"https:\/\/talkpal.ai\/hu\/galiciai-nyelvtan\/#primaryimage\"},\"thumbnailUrl\":\"https:\/\/talkpal.ai\/wp-content\/uploads\/2023\/05\/Galician-spain.png\",\"datePublished\":\"2023-05-14T14:03:43+00:00\",\"dateModified\":\"2025-12-13T15:30:34+00:00\",\"description\":\"A gal\u00edciai nyelvtan egyszer\u0171 elsaj\u00e1t\u00edt\u00e1sa - tanulja meg a szab\u00e1lyokat, \u00e9p\u00edtsen helyes mondatokat, \u00e9s kommunik\u00e1ljon vil\u00e1gosan.\",\"breadcrumb\":{\"@id\":\"https:\/\/talkpal.ai\/hu\/galiciai-nyelvtan\/#breadcrumb\"},\"inLanguage\":\"hu\",\"potentialAction\":[{\"@type\":\"ReadAction\",\"target\":[\"https:\/\/talkpal.ai\/hu\/galiciai-nyelvtan\/\"]}]},{\"@type\":\"ImageObject\",\"inLanguage\":\"hu\",\"@id\":\"https:\/\/talkpal.ai\/hu\/galiciai-nyelvtan\/#primaryimage\",\"url\":\"https:\/\/talkpal.ai\/wp-content\/uploads\/2023\/05\/Galician-spain.png\",\"contentUrl\":\"https:\/\/talkpal.ai\/wp-content\/uploads\/2023\/05\/Galician-spain.png\",\"width\":512,\"height\":512},{\"@type\":\"BreadcrumbList\",\"@id\":\"https:\/\/talkpal.ai\/hu\/galiciai-nyelvtan\/#breadcrumb\",\"itemListElement\":[{\"@type\":\"ListItem\",\"position\":1,\"name\":\"Homepage\",\"item\":\"https:\/\/talkpal.ai\/hu\/\"},{\"@type\":\"ListItem\",\"position\":2,\"name\":\"Gal\u00edciai nyelvtan\"}]},{\"@type\":\"WebSite\",\"@id\":\"https:\/\/talkpal.ai\/hu\/#website\",\"url\":\"https:\/\/talkpal.ai\/hu\/\",\"name\":\"Talkpal\",\"description\":\"AI Language Learning\",\"publisher\":{\"@id\":\"https:\/\/talkpal.ai\/hu\/#organization\"},\"alternateName\":\"Talkpal AI\",\"potentialAction\":[{\"@type\":\"SearchAction\",\"target\":{\"@type\":\"EntryPoint\",\"urlTemplate\":\"https:\/\/talkpal.ai\/hu\/?s={search_term_string}\"},\"query-input\":{\"@type\":\"PropertyValueSpecification\",\"valueRequired\":true,\"valueName\":\"search_term_string\"}}],\"inLanguage\":\"hu\"},{\"@type\":\"Organization\",\"@id\":\"https:\/\/talkpal.ai\/hu\/#organization\",\"name\":\"Talkpal, Inc.\",\"alternateName\":\"Talkpal AI\",\"url\":\"https:\/\/talkpal.ai\/hu\/\",\"logo\":{\"@type\":\"ImageObject\",\"inLanguage\":\"hu\",\"@id\":\"https:\/\/talkpal.ai\/hu\/#\/schema\/logo\/image\/\",\"url\":\"https:\/\/talkpal.ai\/wp-content\/uploads\/2024\/03\/Talkpal-Logo-Icon.png\",\"contentUrl\":\"https:\/\/talkpal.ai\/wp-content\/uploads\/2024\/03\/Talkpal-Logo-Icon.png\",\"width\":2880,\"height\":2880,\"caption\":\"Talkpal, Inc.\"},\"image\":{\"@id\":\"https:\/\/talkpal.ai\/hu\/#\/schema\/logo\/image\/\"},\"sameAs\":[\"https:\/\/www.facebook.com\/profile.php?id=100090733639311\",\"https:\/\/x.com\/talkpalai\",\"https:\/\/www.linkedin.com\/company\/talkpal\/\",\"https:\/\/www.youtube.com\/@TalkPal\/\",\"https:\/\/www.tiktok.com\/@talkpal\",\"https:\/\/www.instagram.com\/talkpal_ai\/\",\"https:\/\/www.crunchbase.com\/organization\/talkpal-9cde\",\"https:\/\/www.g2.com\/products\/talkpal-for-business\/\",\"https:\/\/www.trustpilot.com\/review\/talkpal.ai\",\"https:\/\/www.capterra.com\/p\/10006800\/TalkPal\/\"],\"description\":\"Talkpal is a language learning web and mobile education app, powered by the latest AI technologies, that provides engaging experiences to its customers in many different languages to help them improve their language skills. Users can chat about unlimited amount of topics with the app and use other modes to practice their language learning.\",\"email\":\"support@talkpal.ai\",\"legalName\":\"Talkpal, Inc.\",\"foundingDate\":\"2023-04-03\",\"duns\":\"118989042\",\"numberOfEmployees\":{\"@type\":\"QuantitativeValue\",\"minValue\":\"11\",\"maxValue\":\"50\"},\"publishingPrinciples\":\"https:\/\/talkpal.ai\/publishing-principles\/\",\"actionableFeedbackPolicy\":\"https:\/\/talkpal.ai\/actionable-feedback-policy\/\",\"correctionsPolicy\":\"https:\/\/talkpal.ai\/corrections-policy\/\",\"ethicsPolicy\":\"https:\/\/talkpal.ai\/ethics-policy\/\",\"diversityPolicy\":\"https:\/\/talkpal.ai\/diversity-policy\/\",\"diversityStaffingReport\":\"https:\/\/talkpal.ai\/diversity-policy\/\"}]}<\/script>\n<!-- \/ Yoast SEO Premium plugin. -->","yoast_head_json":{"title":"Gal\u00edciai nyelvtan - Talkpal","description":"A gal\u00edciai nyelvtan egyszer\u0171 elsaj\u00e1t\u00edt\u00e1sa - tanulja meg a szab\u00e1lyokat, \u00e9p\u00edtsen helyes mondatokat, \u00e9s kommunik\u00e1ljon vil\u00e1gosan.","robots":{"index":"index","follow":"follow","max-snippet":"max-snippet:-1","max-image-preview":"max-image-preview:large","max-video-preview":"max-video-preview:-1"},"canonical":"https:\/\/talkpal.ai\/hu\/galiciai-nyelvtan\/","og_locale":"hu_HU","og_type":"article","og_title":"Gal\u00edciai nyelvtan","og_description":"Gal\u00edciai nyelvtan: Az \u00fajlatin nyelv sz\u00e9ps\u00e9g\u00e9nek felszabad\u00edt\u00e1sa A gal\u00edciai, egy \u00fajlatin nyelv, amelyet t\u00f6bb mint k\u00e9tmilli\u00f3 ember besz\u00e9l","og_url":"https:\/\/talkpal.ai\/hu\/galiciai-nyelvtan\/","og_site_name":"Talkpal","article_publisher":"https:\/\/www.facebook.com\/profile.php?id=100090733639311","article_modified_time":"2025-12-13T15:30:34+00:00","og_image":[{"width":512,"height":512,"url":"https:\/\/talkpal.ai\/wp-content\/uploads\/2023\/05\/Galician-spain.png","type":"image\/png"}],"twitter_card":"summary_large_image","twitter_site":"@talkpalai","twitter_misc":{"Becs\u00fclt olvas\u00e1si id\u0151":"4 perc"},"schema":{"@context":"https:\/\/schema.org","@graph":[{"@type":"WebPage","@id":"https:\/\/talkpal.ai\/hu\/galiciai-nyelvtan\/","url":"https:\/\/talkpal.ai\/hu\/galiciai-nyelvtan\/","name":"Gal\u00edciai nyelvtan - Talkpal","isPartOf":{"@id":"https:\/\/talkpal.ai\/hu\/#website"},"primaryImageOfPage":{"@id":"https:\/\/talkpal.ai\/hu\/galiciai-nyelvtan\/#primaryimage"},"image":{"@id":"https:\/\/talkpal.ai\/hu\/galiciai-nyelvtan\/#primaryimage"},"thumbnailUrl":"https:\/\/talkpal.ai\/wp-content\/uploads\/2023\/05\/Galician-spain.png","datePublished":"2023-05-14T14:03:43+00:00","dateModified":"2025-12-13T15:30:34+00:00","description":"A gal\u00edciai nyelvtan egyszer\u0171 elsaj\u00e1t\u00edt\u00e1sa - tanulja meg a szab\u00e1lyokat, \u00e9p\u00edtsen helyes mondatokat, \u00e9s kommunik\u00e1ljon vil\u00e1gosan.","breadcrumb":{"@id":"https:\/\/talkpal.ai\/hu\/galiciai-nyelvtan\/#breadcrumb"},"inLanguage":"hu","potentialAction":[{"@type":"ReadAction","target":["https:\/\/talkpal.ai\/hu\/galiciai-nyelvtan\/"]}]},{"@type":"ImageObject","inLanguage":"hu","@id":"https:\/\/talkpal.ai\/hu\/galiciai-nyelvtan\/#primaryimage","url":"https:\/\/talkpal.ai\/wp-content\/uploads\/2023\/05\/Galician-spain.png","contentUrl":"https:\/\/talkpal.ai\/wp-content\/uploads\/2023\/05\/Galician-spain.png","width":512,"height":512},{"@type":"BreadcrumbList","@id":"https:\/\/talkpal.ai\/hu\/galiciai-nyelvtan\/#breadcrumb","itemListElement":[{"@type":"ListItem","position":1,"name":"Homepage","item":"https:\/\/talkpal.ai\/hu\/"},{"@type":"ListItem","position":2,"name":"Gal\u00edciai nyelvtan"}]},{"@type":"WebSite","@id":"https:\/\/talkpal.ai\/hu\/#website","url":"https:\/\/talkpal.ai\/hu\/","name":"Talkpal","description":"AI Language Learning","publisher":{"@id":"https:\/\/talkpal.ai\/hu\/#organization"},"alternateName":"Talkpal AI","potentialAction":[{"@type":"SearchAction","target":{"@type":"EntryPoint","urlTemplate":"https:\/\/talkpal.ai\/hu\/?s={search_term_string}"},"query-input":{"@type":"PropertyValueSpecification","valueRequired":true,"valueName":"search_term_string"}}],"inLanguage":"hu"},{"@type":"Organization","@id":"https:\/\/talkpal.ai\/hu\/#organization","name":"Talkpal, Inc.","alternateName":"Talkpal AI","url":"https:\/\/talkpal.ai\/hu\/","logo":{"@type":"ImageObject","inLanguage":"hu","@id":"https:\/\/talkpal.ai\/hu\/#\/schema\/logo\/image\/","url":"https:\/\/talkpal.ai\/wp-content\/uploads\/2024\/03\/Talkpal-Logo-Icon.png","contentUrl":"https:\/\/talkpal.ai\/wp-content\/uploads\/2024\/03\/Talkpal-Logo-Icon.png","width":2880,"height":2880,"caption":"Talkpal, Inc."},"image":{"@id":"https:\/\/talkpal.ai\/hu\/#\/schema\/logo\/image\/"},"sameAs":["https:\/\/www.facebook.com\/profile.php?id=100090733639311","https:\/\/x.com\/talkpalai","https:\/\/www.linkedin.com\/company\/talkpal\/","https:\/\/www.youtube.com\/@TalkPal\/","https:\/\/www.tiktok.com\/@talkpal","https:\/\/www.instagram.com\/talkpal_ai\/","https:\/\/www.crunchbase.com\/organization\/talkpal-9cde","https:\/\/www.g2.com\/products\/talkpal-for-business\/","https:\/\/www.trustpilot.com\/review\/talkpal.ai","https:\/\/www.capterra.com\/p\/10006800\/TalkPal\/"],"description":"Talkpal is a language learning web and mobile education app, powered by the latest AI technologies, that provides engaging experiences to its customers in many different languages to help them improve their language skills. Users can chat about unlimited amount of topics with the app and use other modes to practice their language learning.","email":"support@talkpal.ai","legalName":"Talkpal, Inc.","foundingDate":"2023-04-03","duns":"118989042","numberOfEmployees":{"@type":"QuantitativeValue","minValue":"11","maxValue":"50"},"publishingPrinciples":"https:\/\/talkpal.ai\/publishing-principles\/","actionableFeedbackPolicy":"https:\/\/talkpal.ai\/actionable-feedback-policy\/","correctionsPolicy":"https:\/\/talkpal.ai\/corrections-policy\/","ethicsPolicy":"https:\/\/talkpal.ai\/ethics-policy\/","diversityPolicy":"https:\/\/talkpal.ai\/diversity-policy\/","diversityStaffingReport":"https:\/\/talkpal.ai\/diversity-policy\/"}]}},"_links":{"self":[{"href":"https:\/\/talkpal.ai\/hu\/wp-json\/wp\/v2\/pages\/143916","targetHints":{"allow":["GET"]}}],"collection":[{"href":"https:\/\/talkpal.ai\/hu\/wp-json\/wp\/v2\/pages"}],"about":[{"href":"https:\/\/talkpal.ai\/hu\/wp-json\/wp\/v2\/types\/page"}],"author":[{"embeddable":true,"href":"https:\/\/talkpal.ai\/hu\/wp-json\/wp\/v2\/users\/1"}],"replies":[{"embeddable":true,"href":"https:\/\/talkpal.ai\/hu\/wp-json\/wp\/v2\/comments?post=143916"}],"version-history":[{"count":0,"href":"https:\/\/talkpal.ai\/hu\/wp-json\/wp\/v2\/pages\/143916\/revisions"}],"wp:featuredmedia":[{"embeddable":true,"href":"https:\/\/talkpal.ai\/hu\/wp-json\/wp\/v2\/media\/111942"}],"wp:attachment":[{"href":"https:\/\/talkpal.ai\/hu\/wp-json\/wp\/v2\/media?parent=143916"}],"curies":[{"name":"wp","href":"https:\/\/api.w.org\/{rel}","templated":true}]}}