{"id":143572,"date":"2023-05-14T14:03:23","date_gmt":"2023-05-14T14:03:23","guid":{"rendered":"http:\/\/talkpal.ai\/dan-nyelvtan\/"},"modified":"2025-12-13T15:27:18","modified_gmt":"2025-12-13T15:27:18","slug":"dan-nyelvtan","status":"publish","type":"page","link":"https:\/\/talkpal.ai\/hu\/dan-nyelvtan\/","title":{"rendered":"D\u00e1n nyelvtan"},"content":{"rendered":"\r\n\r\n\r\n<section class=\"languageChallengeSection\">\r\n    <div class=\"languageInfoWrapper\">\r\n        \r\n        <h1>D\u00e1n nyelvtan<\/h1>\r\n        <p>Ismerje meg a <a href=\"https:\/\/talkpal.ai\/danish-grammar\/\">d\u00e1n nyelvtan<\/a> alapjait, \u00e9s kezdjen el magabiztosan kommunik\u00e1lni ezen a b\u00e1jos skandin\u00e1v nyelven. Az alapvet\u0151 szab\u00e1lyok \u00e9s strukt\u00far\u00e1k elsaj\u00e1t\u00edt\u00e1s\u00e1val elsaj\u00e1t\u00edthatod a d\u00e1nul besz\u00e9l\u0151kkel val\u00f3 kapcsolatteremt\u00e9shez sz\u00fcks\u00e9ges k\u00e9szs\u00e9geket, \u00e9s els\u0151 k\u00e9zb\u0151l megtapasztalhatod gazdag kult\u00far\u00e1jukat. Kezdje el a <a href=\"https:\/\/talkpal.ai\/learn-danish\/\">d\u00e1n<\/a> <a href=\"https:\/\/talkpal.ai\/grammar\/\">nyelvtan<\/a> tanul\u00e1s\u00e1t m\u00e9g ma, \u00e9s tegye meg az els\u0151 l\u00e9p\u00e9st a foly\u00e9kony nyelvtud\u00e1s fel\u00e9!\n\n<\/p>\r\n\r\n                            <a class=\"getStartedHidden\" href=\"https:\/\/app.talkpal.ai\/hu\/signup?lng=\">Kezdj\u00fck<\/a>\r\n        \r\n    <\/div>\r\n\r\n    <figure>\r\n    <img decoding=\"async\" width=\"768\" height=\"768\" src=\"https:\/\/talkpal.ai\/wp-content\/uploads\/2023\/06\/danish-768x768.png\" class=\"languageImage no-lazy\" alt=\"Language learning for career enhancement\" fetchpriority=\"high\" sizes=\"(max-width: 768px) 150px, 768px\" srcset=\"https:\/\/talkpal.ai\/wp-content\/uploads\/2023\/06\/danish-768x768.png 768w, https:\/\/talkpal.ai\/wp-content\/uploads\/2023\/06\/danish-300x300.png 300w\" \/>\r\n    \r\n\r\n    <\/figure>\r\n\r\n            <a class=\"getStartedVisible\" href=\"https:\/\/app.talkpal.ai\/hu\/signup?lng=\">Kezdj\u00fck<\/a>\r\n    \r\n<\/section>\r\n<section class=\"promotionalBanner\">\r\n    <p class=\"promotionalText\">A nyelvtanul\u00e1s leghat\u00e9konyabb m\u00f3dja<\/p>\r\n    <a class=\"promotionalLink\" href=\"https:\/\/app.talkpal.ai\/hu\/signup?lng=\">Pr\u00f3b\u00e1lja ki a Talkpal ingyen<\/a>\r\n<\/section>\n<div class=\"wp-block-group pageContainerStyle\"><div class=\"wp-block-group__inner-container is-layout-constrained wp-block-group-is-layout-constrained\">\n<h2 class=\"wp-block-heading\" id=\"h-delving-into-the-depths-of-danish-grammar-unraveling-its-idiosyncrasies-and-charm\">Mer\u00fclj\u00f6n el a d\u00e1n nyelvtan m\u00e9lys\u00e9geiben: saj\u00e1toss\u00e1gainak \u00e9s var\u00e1zs\u00e1nak felt\u00e1r\u00e1sa<\/h2>\n\n\n\n<p>Eml\u00e9kszel arra az id\u0151re, amikor az <a href=\"https:\/\/talkpal.ai\/hu\/grammar\/cikkek-angol-nyelvtan\/\">angol nyelvtan<\/a> tanul\u00e1sa felfel\u00e9 ir\u00e1nyul\u00f3 csat\u00e1nak t\u0171nt a szab\u00e1lyok, kiv\u00e9telek \u00e9s bonyolult terminol\u00f3gia sokas\u00e1g\u00e1val? Ha most a d\u00e1n nyelv elsaj\u00e1t\u00edt\u00e1s\u00e1t t\u0171zte ki c\u00e9lul, k\u00e9sz\u00fclj\u00f6n fel egy \u00fajabb izgalmas utaz\u00e1sra a d\u00e1n nyelvtan bonyolults\u00e1g\u00e1n \u00e9s \u00f6r\u00f6mein kereszt\u00fcl.<\/p>\n\n\n\n<p>A d\u00e1n, egy \u00e9szaki germ\u00e1n nyelv, hasonl\u00f3s\u00e1got mutat olyan nyelvekkel, mint a <a href=\"https:\/\/talkpal.ai\/learn-norwegian\/\">norv\u00e9g<\/a> \u00e9s a <a href=\"https:\/\/talkpal.ai\/learn-swedish\/\">sv\u00e9d<\/a>. Azonban megvannak a maga egyedi jellemz\u0151i, amelyek miatt \u00e9rdemes m\u00e9lyrehat\u00f3an felfedezni. Kezdj\u00fck a d\u00e1n nyelvtan csod\u00e1inak kibogoz\u00e1s\u00e1val, szab\u00e1lyr\u00f3l szab\u00e1lyra.<\/p>\n\n\n\n<p><strong>A d\u00e1n nyelvtan felt\u0171n\u0151 jellemz\u0151je<\/strong> az egyszer\u0171s\u00e9g, amikor a sz\u00f3rendr\u0151l <a href=\"https:\/\/talkpal.ai\/locations\/language-courses-in-van\/\">van<\/a> sz\u00f3. A d\u00e1n nyelv az alany-ige-objektum (SVO) szerkezetet k\u00f6veti, ak\u00e1rcsak az angol, \u00edgy viszonylag k\u00f6nnyen \u00e9rthet\u0151 az angolul besz\u00e9l\u0151k sz\u00e1m\u00e1ra. Van azonban egy csavar &#8211; a V2-es sz\u00f3rend haszn\u00e1lata a f\u0151mondatokban, ami azt jelenti, hogy az ig\u00e9nek mindig a m\u00e1sodik elemnek kell lennie. Ez a szab\u00e1ly egy kis egyedis\u00e9get ad a d\u00e1n nyelvnek.<\/p>\n\n\n\n<p>A d\u00e1n nyelvtan m\u00e1sik kedves aspektusa a <strong>k\u00e9tnem\u0171 rendszer<\/strong>. M\u00edg egyes nyelvek, mint p\u00e9ld\u00e1ul a francia vagy a spanyol, k\u00fcl\u00f6n nemekb\u0151l \u00e1llnak a h\u00edmnem\u0171 \u00e9s a n\u0151nem\u0171 sz\u00e1m\u00e1ra, a d\u00e1n ezt k\u00e9t f\u0151 nem haszn\u00e1lat\u00e1val egyszer\u0171s\u00edti: k\u00f6z\u00f6s \u00e9s ivartalan\u00edtott. A d\u00e1n nyelvben a legt\u00f6bb f\u0151n\u00e9v a &#8222;k\u00f6z\u00f6s&#8221; kateg\u00f3ri\u00e1ba tartozik, \u00edgy a mell\u00e9knevekkel \u00e9s cikkekkel val\u00f3 nemi egyeztet\u00e9s viszonylag k\u00f6nnyen \u00e9rthet\u0151.<\/p>\n\n\n\n<p>Mer\u00fclj\u00f6n el az <strong>igeragoz\u00e1s<\/strong> birodalm\u00e1ban, \u00e9s r\u00e1j\u00f6n, hogy a d\u00e1n egyszer\u0171s\u00e9g tekintet\u00e9ben fel\u00fclm\u00falja a t\u00f6bbi nyelvet. A d\u00e1n ig\u00e9k nem v\u00e1ltoznak a t\u00e9ma szerint, \u00edgy szell\u0151 a k\u00fcl\u00f6nb\u00f6z\u0151 form\u00e1k memoriz\u00e1l\u00e1sa \u00e9s meg\u00e9rt\u00e9se. A szab\u00e1lyos ig\u00e9k kisz\u00e1m\u00edthat\u00f3 mint\u00e1kat k\u00f6vetnek, \u00e9s m\u00e9g a rendhagy\u00f3 ig\u00e9k is kev\u00e9s kih\u00edv\u00e1st jelentenek, mivel szab\u00e1lytalans\u00e1gaik nagyon finomak.<\/p>\n\n\n\n<p>A d\u00e1n nyelvtan egyed\u00fcl\u00e1ll\u00f3 tulajdons\u00e1got k\u00edn\u00e1l <strong>a hat\u00e1rozatlanok, cikkek \u00e9s szeml\u00e9ltet\u0151 elemek haszn\u00e1lat\u00e1val<\/strong>. A hat\u00e1rozatlan n\u00e9vel\u0151 az angolban az &#8222;a&#8221; vagy &#8222;an&#8221; sz\u00f3val egyen\u00e9rt\u00e9k\u0171, a d\u00e1nban pedig &#8222;en&#8221; lehet az \u00e1ltal\u00e1nos nem\u0171ekn\u00e9l, vagy &#8222;et&#8221; az \u00fajnem\u0171 f\u0151nevekn\u00e9l. A hat\u00e1rozott n\u00e9vel\u0151 az angol &#8222;the&#8221; sz\u00f3hoz hasonl\u00f3an a f\u0151n\u00e9v v\u00e9g\u00e9hez kapcsol\u00f3dik, \u00e9s egy sz\u00f3v\u00e1 olvad \u00f6ssze. A konkr\u00e9t f\u0151neveket jelz\u0151 demonstrat\u00edv elemek a f\u0151n\u00e9v nem\u00e9nek megfelel\u0151en is v\u00e1ltoznak, hozz\u00e1adva a specifikuss\u00e1g \u00e9s a var\u00e1zs szintj\u00e9t.<\/p>\n\n\n\n<p>Ne feledkezz\u00fcnk meg a <strong>d\u00e1n kiejt\u00e9s<\/strong> sz\u00e9ps\u00e9g\u00e9r\u0151l sem, amihez a jellegzetes mag\u00e1nhangz\u00f3k \u00e9s a l\u00e1gy\u00edtott m\u00e1ssalhangz\u00f3k ismerete sz\u00fcks\u00e9ges. A st\u00f8d (glott\u00e1lis meg\u00e1ll\u00f3) haszn\u00e1lata m\u00e9g jobban megk\u00fcl\u00f6nb\u00f6zteti a t\u00f6bbi germ\u00e1n nyelvt\u0151l, egyedi hangz\u00e1st \u00e9s vonzer\u0151t k\u00f6lcs\u00f6n\u00f6zve a d\u00e1nnak.<\/p>\n\n\n\n<p>A d\u00e1n nyelvtanban val\u00f3 elm\u00e9ly\u00fcl\u00e9ssel nemcsak egy \u00faj nyelvet tanulhatsz meg, hanem sz\u00e9lesk\u00f6r\u0171en gazdag\u00edthatod kultur\u00e1lis ismereteidet \u00e9s meg\u00e9rtheted D\u00e1ni\u00e1t \u00e9s az ott \u00e9l\u0151 embereket. B\u00e1r id\u0151nk\u00e9nt kih\u00edv\u00e1st jelent, a d\u00e1n nyelvtan egyed\u00fcl\u00e1ll\u00f3 tanul\u00e1si \u00e9lm\u00e9nyt k\u00edn\u00e1l, amely sz\u00e1mtalan var\u00e1zsa \u00e9s saj\u00e1toss\u00e1ga el\u0151tt nyitja meg az ajt\u00f3t, amelyek ellen\u00e1llhatatlan nyelvv\u00e9 teszik a felfedez\u00e9shez. Teh\u00e1t ragadja meg nyelvk\u00f6nyveit, \u00e9s v\u00e1gjon bele egy d\u00e1n nyelvtani kalandba, amely azt \u00edg\u00e9ri, hogy minden sarkon mag\u00e1val ragad \u00e9s inspir\u00e1l!<\/p>\n<\/div><\/div>\n\r\n<section class=\"learnNavigationSection\">\r\n            \r\n        <a href=\"https:\/\/talkpal.ai\/hu\/tanulj-danul\/\">\r\n            <div class=\"learnNavigationWrapper\">\r\n                <div class=\"learnNavigationContent\">\r\n                    <img decoding=\"async\" src=\"https:\/\/talkpal.ai\/wp-content\/uploads\/2024\/08\/Danish.jpg\" alt=\"Danish Flag\">\r\n                    <div>\r\n                        <h4>A d\u00e1n tanul\u00e1sr\u00f3l<\/h4>\r\n                        <p>Tudjon meg mindent a d\u00e1n nyelvtanr\u00f3l.<\/p>\r\n                    <\/div>\r\n                <\/div>\r\n            <\/div>\r\n        <\/a>\r\n\r\n        \r\n        <a href=\"https:\/\/talkpal.ai\/hu\/dan-nyelvtani-gyakorlatok\/\">\r\n            <div class=\"learnNavigationWrapper\">\r\n                <div class=\"learnNavigationContent\">\r\n                    <img decoding=\"async\" src=\"https:\/\/talkpal.ai\/wp-content\/uploads\/2024\/08\/Danish.jpg\" alt=\"Danish Flag\">\r\n                    <div>\r\n                        <h4>D\u00e1n nyelvtani gyakorlat<\/h4>\r\n                        <p>Gyakorolja a d\u00e1n nyelvtant.<\/p>\r\n                    <\/div>\r\n                <\/div>\r\n            <\/div>\r\n        <\/a>\r\n\r\n        \r\n        <a href=\"https:\/\/talkpal.ai\/vocabulary_language\/danish\/\">\r\n            <div class=\"learnNavigationWrapper\">\r\n                <div class=\"learnNavigationContent\">\r\n                    <img decoding=\"async\" src=\"https:\/\/talkpal.ai\/wp-content\/uploads\/2024\/08\/Danish.jpg\" alt=\"Danish Flag\">\r\n                    <div>\r\n                        <h4>D\u00e1n sz\u00f3kincs<\/h4>\r\n                        <p>B\u0151v\u00edtse d\u00e1n sz\u00f3kincs\u00e9t.<\/p>\r\n                    <\/div>\r\n                <\/div>\r\n            <\/div>\r\n        <\/a>\r\n\r\n            <\/section>","protected":false},"excerpt":{"rendered":"<p>Mer\u00fclj\u00f6n el a d\u00e1n nyelvtan m\u00e9lys\u00e9geiben: saj\u00e1toss\u00e1gainak \u00e9s var\u00e1zs\u00e1nak felt\u00e1r\u00e1sa Eml\u00e9kszel arra az id\u0151re, amikor az angol nyelvtan tanul\u00e1sa felfel\u00e9 ir\u00e1nyul\u00f3 csat\u00e1nak t\u0171nt a szab\u00e1lyok, kiv\u00e9telek \u00e9s bonyolult terminol\u00f3gia sokas\u00e1g\u00e1val? Ha most a d\u00e1n nyelv elsaj\u00e1t\u00edt\u00e1s\u00e1t t\u0171zte ki c\u00e9lul, k\u00e9sz\u00fclj\u00f6n fel egy \u00fajabb izgalmas utaz\u00e1sra a d\u00e1n nyelvtan bonyolults\u00e1g\u00e1n \u00e9s \u00f6r\u00f6mein kereszt\u00fcl. A d\u00e1n, egy [&hellip;]<\/p>\n","protected":false},"author":1,"featured_media":110914,"parent":0,"menu_order":0,"comment_status":"closed","ping_status":"closed","template":"LearningContentPage.php","meta":{"_acf_changed":false,"footnotes":""},"class_list":["post-143572","page","type-page","status-publish","has-post-thumbnail","hentry"],"acf":[],"yoast_head":"<!-- This site is optimized with the Yoast SEO Premium plugin v27.2 (Yoast SEO v27.2) - https:\/\/yoast.com\/product\/yoast-seo-premium-wordpress\/ -->\n<title>D\u00e1n nyelvtan - Talkpal<\/title>\n<meta name=\"description\" content=\"Fedezze fel a d\u00e1n nyelvtan fort\u00e9lyait, \u00e9s fedezze fel annak egyedi szab\u00e1lyait \u00e9s jellemz\u0151it. Tanuljon meg k\u00f6nnyed\u00e9n eligazodni a nyelvben.\" \/>\n<meta name=\"robots\" content=\"index, follow, max-snippet:-1, max-image-preview:large, max-video-preview:-1\" \/>\n<link rel=\"canonical\" href=\"https:\/\/talkpal.ai\/hu\/dan-nyelvtan\/\" \/>\n<meta property=\"og:locale\" content=\"hu_HU\" \/>\n<meta property=\"og:type\" content=\"article\" \/>\n<meta property=\"og:title\" content=\"D\u00e1n nyelvtan\" \/>\n<meta property=\"og:description\" content=\"Mer\u00fclj\u00f6n el a d\u00e1n nyelvtan m\u00e9lys\u00e9geiben: saj\u00e1toss\u00e1gainak \u00e9s var\u00e1zs\u00e1nak felt\u00e1r\u00e1sa Eml\u00e9kszel arra az id\u0151re, amikor az angol nyelvtan tanul\u00e1sa felfel\u00e9\" \/>\n<meta property=\"og:url\" content=\"https:\/\/talkpal.ai\/hu\/dan-nyelvtan\/\" \/>\n<meta property=\"og:site_name\" content=\"Talkpal\" \/>\n<meta property=\"article:publisher\" content=\"https:\/\/www.facebook.com\/profile.php?id=100090733639311\" \/>\n<meta property=\"article:modified_time\" content=\"2025-12-13T15:27:18+00:00\" \/>\n<meta property=\"og:image\" content=\"https:\/\/talkpal.ai\/wp-content\/uploads\/2023\/05\/denmark.png\" \/>\n\t<meta property=\"og:image:width\" content=\"512\" \/>\n\t<meta property=\"og:image:height\" content=\"512\" \/>\n\t<meta property=\"og:image:type\" content=\"image\/png\" \/>\n<meta name=\"twitter:card\" content=\"summary_large_image\" \/>\n<meta name=\"twitter:site\" content=\"@talkpalai\" \/>\n<meta name=\"twitter:label1\" content=\"Becs\u00fclt olvas\u00e1si id\u0151\" \/>\n\t<meta name=\"twitter:data1\" content=\"4 perc\" \/>\n<script type=\"application\/ld+json\" class=\"yoast-schema-graph\">{\"@context\":\"https:\/\/schema.org\",\"@graph\":[{\"@type\":\"WebPage\",\"@id\":\"https:\/\/talkpal.ai\/hu\/dan-nyelvtan\/\",\"url\":\"https:\/\/talkpal.ai\/hu\/dan-nyelvtan\/\",\"name\":\"D\u00e1n nyelvtan - Talkpal\",\"isPartOf\":{\"@id\":\"https:\/\/talkpal.ai\/hu\/#website\"},\"primaryImageOfPage\":{\"@id\":\"https:\/\/talkpal.ai\/hu\/dan-nyelvtan\/#primaryimage\"},\"image\":{\"@id\":\"https:\/\/talkpal.ai\/hu\/dan-nyelvtan\/#primaryimage\"},\"thumbnailUrl\":\"https:\/\/talkpal.ai\/wp-content\/uploads\/2023\/05\/denmark.png\",\"datePublished\":\"2023-05-14T14:03:23+00:00\",\"dateModified\":\"2025-12-13T15:27:18+00:00\",\"description\":\"Fedezze fel a d\u00e1n nyelvtan fort\u00e9lyait, \u00e9s fedezze fel annak egyedi szab\u00e1lyait \u00e9s jellemz\u0151it. Tanuljon meg k\u00f6nnyed\u00e9n eligazodni a nyelvben.\",\"breadcrumb\":{\"@id\":\"https:\/\/talkpal.ai\/hu\/dan-nyelvtan\/#breadcrumb\"},\"inLanguage\":\"hu\",\"potentialAction\":[{\"@type\":\"ReadAction\",\"target\":[\"https:\/\/talkpal.ai\/hu\/dan-nyelvtan\/\"]}]},{\"@type\":\"ImageObject\",\"inLanguage\":\"hu\",\"@id\":\"https:\/\/talkpal.ai\/hu\/dan-nyelvtan\/#primaryimage\",\"url\":\"https:\/\/talkpal.ai\/wp-content\/uploads\/2023\/05\/denmark.png\",\"contentUrl\":\"https:\/\/talkpal.ai\/wp-content\/uploads\/2023\/05\/denmark.png\",\"width\":512,\"height\":512},{\"@type\":\"BreadcrumbList\",\"@id\":\"https:\/\/talkpal.ai\/hu\/dan-nyelvtan\/#breadcrumb\",\"itemListElement\":[{\"@type\":\"ListItem\",\"position\":1,\"name\":\"Homepage\",\"item\":\"https:\/\/talkpal.ai\/hu\/\"},{\"@type\":\"ListItem\",\"position\":2,\"name\":\"D\u00e1n nyelvtan\"}]},{\"@type\":\"WebSite\",\"@id\":\"https:\/\/talkpal.ai\/hu\/#website\",\"url\":\"https:\/\/talkpal.ai\/hu\/\",\"name\":\"Talkpal\",\"description\":\"AI Language Learning\",\"publisher\":{\"@id\":\"https:\/\/talkpal.ai\/hu\/#organization\"},\"alternateName\":\"Talkpal AI\",\"potentialAction\":[{\"@type\":\"SearchAction\",\"target\":{\"@type\":\"EntryPoint\",\"urlTemplate\":\"https:\/\/talkpal.ai\/hu\/?s={search_term_string}\"},\"query-input\":{\"@type\":\"PropertyValueSpecification\",\"valueRequired\":true,\"valueName\":\"search_term_string\"}}],\"inLanguage\":\"hu\"},{\"@type\":\"Organization\",\"@id\":\"https:\/\/talkpal.ai\/hu\/#organization\",\"name\":\"Talkpal, Inc.\",\"alternateName\":\"Talkpal AI\",\"url\":\"https:\/\/talkpal.ai\/hu\/\",\"logo\":{\"@type\":\"ImageObject\",\"inLanguage\":\"hu\",\"@id\":\"https:\/\/talkpal.ai\/hu\/#\/schema\/logo\/image\/\",\"url\":\"https:\/\/talkpal.ai\/wp-content\/uploads\/2024\/03\/Talkpal-Logo-Icon.png\",\"contentUrl\":\"https:\/\/talkpal.ai\/wp-content\/uploads\/2024\/03\/Talkpal-Logo-Icon.png\",\"width\":2880,\"height\":2880,\"caption\":\"Talkpal, Inc.\"},\"image\":{\"@id\":\"https:\/\/talkpal.ai\/hu\/#\/schema\/logo\/image\/\"},\"sameAs\":[\"https:\/\/www.facebook.com\/profile.php?id=100090733639311\",\"https:\/\/x.com\/talkpalai\",\"https:\/\/www.linkedin.com\/company\/talkpal\/\",\"https:\/\/www.youtube.com\/@TalkPal\/\",\"https:\/\/www.tiktok.com\/@talkpal\",\"https:\/\/www.instagram.com\/talkpal_ai\/\",\"https:\/\/www.crunchbase.com\/organization\/talkpal-9cde\",\"https:\/\/www.g2.com\/products\/talkpal-for-business\/\",\"https:\/\/www.trustpilot.com\/review\/talkpal.ai\",\"https:\/\/www.capterra.com\/p\/10006800\/TalkPal\/\"],\"description\":\"Talkpal is a language learning web and mobile education app, powered by the latest AI technologies, that provides engaging experiences to its customers in many different languages to help them improve their language skills. Users can chat about unlimited amount of topics with the app and use other modes to practice their language learning.\",\"email\":\"support@talkpal.ai\",\"legalName\":\"Talkpal, Inc.\",\"foundingDate\":\"2023-04-03\",\"duns\":\"118989042\",\"numberOfEmployees\":{\"@type\":\"QuantitativeValue\",\"minValue\":\"11\",\"maxValue\":\"50\"},\"publishingPrinciples\":\"https:\/\/talkpal.ai\/publishing-principles\/\",\"actionableFeedbackPolicy\":\"https:\/\/talkpal.ai\/actionable-feedback-policy\/\",\"correctionsPolicy\":\"https:\/\/talkpal.ai\/corrections-policy\/\",\"ethicsPolicy\":\"https:\/\/talkpal.ai\/ethics-policy\/\",\"diversityPolicy\":\"https:\/\/talkpal.ai\/diversity-policy\/\",\"diversityStaffingReport\":\"https:\/\/talkpal.ai\/diversity-policy\/\"}]}<\/script>\n<!-- \/ Yoast SEO Premium plugin. -->","yoast_head_json":{"title":"D\u00e1n nyelvtan - Talkpal","description":"Fedezze fel a d\u00e1n nyelvtan fort\u00e9lyait, \u00e9s fedezze fel annak egyedi szab\u00e1lyait \u00e9s jellemz\u0151it. Tanuljon meg k\u00f6nnyed\u00e9n eligazodni a nyelvben.","robots":{"index":"index","follow":"follow","max-snippet":"max-snippet:-1","max-image-preview":"max-image-preview:large","max-video-preview":"max-video-preview:-1"},"canonical":"https:\/\/talkpal.ai\/hu\/dan-nyelvtan\/","og_locale":"hu_HU","og_type":"article","og_title":"D\u00e1n nyelvtan","og_description":"Mer\u00fclj\u00f6n el a d\u00e1n nyelvtan m\u00e9lys\u00e9geiben: saj\u00e1toss\u00e1gainak \u00e9s var\u00e1zs\u00e1nak felt\u00e1r\u00e1sa Eml\u00e9kszel arra az id\u0151re, amikor az angol nyelvtan tanul\u00e1sa felfel\u00e9","og_url":"https:\/\/talkpal.ai\/hu\/dan-nyelvtan\/","og_site_name":"Talkpal","article_publisher":"https:\/\/www.facebook.com\/profile.php?id=100090733639311","article_modified_time":"2025-12-13T15:27:18+00:00","og_image":[{"width":512,"height":512,"url":"https:\/\/talkpal.ai\/wp-content\/uploads\/2023\/05\/denmark.png","type":"image\/png"}],"twitter_card":"summary_large_image","twitter_site":"@talkpalai","twitter_misc":{"Becs\u00fclt olvas\u00e1si id\u0151":"4 perc"},"schema":{"@context":"https:\/\/schema.org","@graph":[{"@type":"WebPage","@id":"https:\/\/talkpal.ai\/hu\/dan-nyelvtan\/","url":"https:\/\/talkpal.ai\/hu\/dan-nyelvtan\/","name":"D\u00e1n nyelvtan - Talkpal","isPartOf":{"@id":"https:\/\/talkpal.ai\/hu\/#website"},"primaryImageOfPage":{"@id":"https:\/\/talkpal.ai\/hu\/dan-nyelvtan\/#primaryimage"},"image":{"@id":"https:\/\/talkpal.ai\/hu\/dan-nyelvtan\/#primaryimage"},"thumbnailUrl":"https:\/\/talkpal.ai\/wp-content\/uploads\/2023\/05\/denmark.png","datePublished":"2023-05-14T14:03:23+00:00","dateModified":"2025-12-13T15:27:18+00:00","description":"Fedezze fel a d\u00e1n nyelvtan fort\u00e9lyait, \u00e9s fedezze fel annak egyedi szab\u00e1lyait \u00e9s jellemz\u0151it. Tanuljon meg k\u00f6nnyed\u00e9n eligazodni a nyelvben.","breadcrumb":{"@id":"https:\/\/talkpal.ai\/hu\/dan-nyelvtan\/#breadcrumb"},"inLanguage":"hu","potentialAction":[{"@type":"ReadAction","target":["https:\/\/talkpal.ai\/hu\/dan-nyelvtan\/"]}]},{"@type":"ImageObject","inLanguage":"hu","@id":"https:\/\/talkpal.ai\/hu\/dan-nyelvtan\/#primaryimage","url":"https:\/\/talkpal.ai\/wp-content\/uploads\/2023\/05\/denmark.png","contentUrl":"https:\/\/talkpal.ai\/wp-content\/uploads\/2023\/05\/denmark.png","width":512,"height":512},{"@type":"BreadcrumbList","@id":"https:\/\/talkpal.ai\/hu\/dan-nyelvtan\/#breadcrumb","itemListElement":[{"@type":"ListItem","position":1,"name":"Homepage","item":"https:\/\/talkpal.ai\/hu\/"},{"@type":"ListItem","position":2,"name":"D\u00e1n nyelvtan"}]},{"@type":"WebSite","@id":"https:\/\/talkpal.ai\/hu\/#website","url":"https:\/\/talkpal.ai\/hu\/","name":"Talkpal","description":"AI Language Learning","publisher":{"@id":"https:\/\/talkpal.ai\/hu\/#organization"},"alternateName":"Talkpal AI","potentialAction":[{"@type":"SearchAction","target":{"@type":"EntryPoint","urlTemplate":"https:\/\/talkpal.ai\/hu\/?s={search_term_string}"},"query-input":{"@type":"PropertyValueSpecification","valueRequired":true,"valueName":"search_term_string"}}],"inLanguage":"hu"},{"@type":"Organization","@id":"https:\/\/talkpal.ai\/hu\/#organization","name":"Talkpal, Inc.","alternateName":"Talkpal AI","url":"https:\/\/talkpal.ai\/hu\/","logo":{"@type":"ImageObject","inLanguage":"hu","@id":"https:\/\/talkpal.ai\/hu\/#\/schema\/logo\/image\/","url":"https:\/\/talkpal.ai\/wp-content\/uploads\/2024\/03\/Talkpal-Logo-Icon.png","contentUrl":"https:\/\/talkpal.ai\/wp-content\/uploads\/2024\/03\/Talkpal-Logo-Icon.png","width":2880,"height":2880,"caption":"Talkpal, Inc."},"image":{"@id":"https:\/\/talkpal.ai\/hu\/#\/schema\/logo\/image\/"},"sameAs":["https:\/\/www.facebook.com\/profile.php?id=100090733639311","https:\/\/x.com\/talkpalai","https:\/\/www.linkedin.com\/company\/talkpal\/","https:\/\/www.youtube.com\/@TalkPal\/","https:\/\/www.tiktok.com\/@talkpal","https:\/\/www.instagram.com\/talkpal_ai\/","https:\/\/www.crunchbase.com\/organization\/talkpal-9cde","https:\/\/www.g2.com\/products\/talkpal-for-business\/","https:\/\/www.trustpilot.com\/review\/talkpal.ai","https:\/\/www.capterra.com\/p\/10006800\/TalkPal\/"],"description":"Talkpal is a language learning web and mobile education app, powered by the latest AI technologies, that provides engaging experiences to its customers in many different languages to help them improve their language skills. Users can chat about unlimited amount of topics with the app and use other modes to practice their language learning.","email":"support@talkpal.ai","legalName":"Talkpal, Inc.","foundingDate":"2023-04-03","duns":"118989042","numberOfEmployees":{"@type":"QuantitativeValue","minValue":"11","maxValue":"50"},"publishingPrinciples":"https:\/\/talkpal.ai\/publishing-principles\/","actionableFeedbackPolicy":"https:\/\/talkpal.ai\/actionable-feedback-policy\/","correctionsPolicy":"https:\/\/talkpal.ai\/corrections-policy\/","ethicsPolicy":"https:\/\/talkpal.ai\/ethics-policy\/","diversityPolicy":"https:\/\/talkpal.ai\/diversity-policy\/","diversityStaffingReport":"https:\/\/talkpal.ai\/diversity-policy\/"}]}},"_links":{"self":[{"href":"https:\/\/talkpal.ai\/hu\/wp-json\/wp\/v2\/pages\/143572","targetHints":{"allow":["GET"]}}],"collection":[{"href":"https:\/\/talkpal.ai\/hu\/wp-json\/wp\/v2\/pages"}],"about":[{"href":"https:\/\/talkpal.ai\/hu\/wp-json\/wp\/v2\/types\/page"}],"author":[{"embeddable":true,"href":"https:\/\/talkpal.ai\/hu\/wp-json\/wp\/v2\/users\/1"}],"replies":[{"embeddable":true,"href":"https:\/\/talkpal.ai\/hu\/wp-json\/wp\/v2\/comments?post=143572"}],"version-history":[{"count":0,"href":"https:\/\/talkpal.ai\/hu\/wp-json\/wp\/v2\/pages\/143572\/revisions"}],"wp:featuredmedia":[{"embeddable":true,"href":"https:\/\/talkpal.ai\/hu\/wp-json\/wp\/v2\/media\/110914"}],"wp:attachment":[{"href":"https:\/\/talkpal.ai\/hu\/wp-json\/wp\/v2\/media?parent=143572"}],"curies":[{"name":"wp","href":"https:\/\/api.w.org\/{rel}","templated":true}]}}