{"id":143251,"date":"2023-05-14T14:03:07","date_gmt":"2023-05-14T14:03:07","guid":{"rendered":"http:\/\/talkpal.ai\/cseh-nyelvtan\/"},"modified":"2025-12-13T15:23:30","modified_gmt":"2025-12-13T15:23:30","slug":"cseh-nyelvtan","status":"publish","type":"page","link":"https:\/\/talkpal.ai\/hu\/cseh-nyelvtan\/","title":{"rendered":"Cseh nyelvtan"},"content":{"rendered":"\r\n\r\n\r\n<section class=\"languageChallengeSection\">\r\n    <div class=\"languageInfoWrapper\">\r\n        \r\n        <h1>Cseh nyelvtan<\/h1>\r\n        <p>Fedezze fel a <a href=\"https:\/\/talkpal.ai\/czech-grammar\/\">cseh nyelvtan<\/a> fort\u00e9lyait, \u00e9s nyissa meg az ajt\u00f3t e k\u00f6z\u00e9p-eur\u00f3pai nyelv meg\u00e9rt\u00e9s\u00e9hez. Az alapvet\u0151 szab\u00e1lyok \u00e9s mint\u00e1k elsaj\u00e1t\u00edt\u00e1s\u00e1val hat\u00e9konyabban kommunik\u00e1lhat, \u00e9s m\u00e9lyebb betekint\u00e9st nyerhet a <a href=\"https:\/\/talkpal.ai\/learn-czech\/\">cseh<\/a> kult\u00far\u00e1ba. Kezdje el a cseh <a href=\"https:\/\/talkpal.ai\/grammar\/\">nyelvtan<\/a> tanul\u00e1s\u00e1t m\u00e9g ma, \u00e9s tegye meg az els\u0151 l\u00e9p\u00e9st a foly\u00e9kony nyelvtud\u00e1s fel\u00e9!<\/p>\r\n\r\n                            <a class=\"getStartedHidden\" href=\"https:\/\/app.talkpal.ai\/hu\/signup?lng=\">Kezdj\u00fck<\/a>\r\n        \r\n    <\/div>\r\n\r\n    <figure>\r\n    <img decoding=\"async\" width=\"768\" height=\"768\" src=\"https:\/\/talkpal.ai\/wp-content\/uploads\/2023\/06\/Czech-768x768.png\" class=\"languageImage no-lazy\" alt=\"Language learning for intellectual development\" fetchpriority=\"high\" sizes=\"(max-width: 768px) 150px, 768px\" srcset=\"https:\/\/talkpal.ai\/wp-content\/uploads\/2023\/06\/Czech-768x768.png 768w, https:\/\/talkpal.ai\/wp-content\/uploads\/2023\/06\/Czech-300x300.png 300w\" \/>\r\n    \r\n\r\n    <\/figure>\r\n\r\n            <a class=\"getStartedVisible\" href=\"https:\/\/app.talkpal.ai\/hu\/signup?lng=\">Kezdj\u00fck<\/a>\r\n    \r\n<\/section>\r\n<section class=\"promotionalBanner\">\r\n    <p class=\"promotionalText\">A nyelvtanul\u00e1s leghat\u00e9konyabb m\u00f3dja<\/p>\r\n    <a class=\"promotionalLink\" href=\"https:\/\/app.talkpal.ai\/hu\/signup?lng=\">Pr\u00f3b\u00e1lja ki a Talkpal ingyen<\/a>\r\n<\/section>\n<div class=\"wp-block-group pageContainerStyle\"><div class=\"wp-block-group__inner-container is-layout-constrained wp-block-group-is-layout-constrained\">\n<h2 class=\"wp-block-heading\" id=\"h-czech-grammar-making-sense-of-the-czech-language-s-unique-structure\">Cseh nyelvtan: A cseh nyelv egyed\u00fcl\u00e1ll\u00f3 szerkezet\u00e9nek meg\u00e9rt\u00e9se<\/h2>\n\n\n\n<p>Ha valaha is pr\u00f3b\u00e1lt\u00e1l cseh\u00fcl tanulni &#8211; vagy ak\u00e1r csak \u00e1tfutott\u00e1l egy cseh nyelv\u0171 cikket vagy k\u00f6nyvet -, val\u00f3sz\u00edn\u0171leg \u00e9szrevetted, hogy a nyelvtan nagy kih\u00edv\u00e1st jelenthet. A sz\u00e9les k\u00f6rben az egyik leg\u00f6sszetettebb nyelvi rendszernek tartott <a href=\"https:\/\/talkpal.ai\/czech-grammar\/\">cseh nyelvtan<\/a> sok k\u00fclf\u00f6ldi di\u00e1kot zavarba ejtett. De ne hagyd, hogy ez megf\u00e9leml\u00edtsen! A cseh nyelvtan saj\u00e1toss\u00e1gai teszik leny\u0171g\u00f6z\u0151v\u00e9 \u00e9s egyediv\u00e9. Ebben a cikkben a cseh nyelvtan n\u00e9h\u00e1ny kulcsfontoss\u00e1g\u00fa elem\u00e9t t\u00e1rjuk el\u00e9d, \u00e9s seg\u00edt\u00fcnk neked m\u00e9lyebben meg\u00e9rteni ezt a gy\u00f6ny\u00f6r\u0171 nyelvet.<\/p>\n\n\n\n<h3 class=\"wp-block-heading\" id=\"h-1-nouns-declensions-and-cases-galore\">1. F\u0151nevek \u2013 ragoz\u00e1sok \u00e9s esetek b\u0151ven!<\/h3>\n\n\n\n<p>Az egyik els\u0151 dolog, amit a cseh nyelvtannal kapcsolatban \u00e9szre fog venni, a f\u0151n\u00e9vi deklin\u00e1ci\u00f3. A ragoz\u00e1s hasonl\u00f3 nyelvtani jellemz\u0151kkel rendelkez\u0151 f\u0151nevek csoportja, a cseh pedig legfeljebb 14 k\u00fcl\u00f6nb\u00f6z\u0151 deklenzi\u00f3. Ez milyen v\u00e1ltozatoss\u00e1g? <a href=\"https:\/\/talkpal.ai\/locations\/language-courses-in-minden\/\">Minden<\/a> deklenzi\u00f3nak <a href=\"https:\/\/talkpal.ai\/locations\/language-courses-in-van\/\">van<\/a> egy saj\u00e1tos mint\u00e1ja az egyes \u00e9s t\u00f6bbes sz\u00e1m\u00fa f\u0151n\u00e9vi form\u00e1k \u00e1br\u00e1zol\u00e1s\u00e1ra.<\/p>\n\n\n\n<p>A cseh f\u0151neveknek h\u00e9t k\u00fcl\u00f6nb\u00f6z\u0151 esete is van: alanyeset, birtokos eset, dat\u00edvusz, t\u00e1rgyeset, megsz\u00f3l\u00edt\u00f3, helyhat\u00e1roz\u00f3 \u00e9s instrument\u00e1lis. B\u00e1r egy ilyen sz\u00e1m ijeszt\u0151nek t\u0171nhet, m\u00e9gis fontos, hogy megismerj\u00fck ezeket az eseteket, mert kulcsfontoss\u00e1g\u00faak a jelent\u00e9s k\u00f6zvet\u00edt\u00e9s\u00e9ben. A cseh nyelvben p\u00e9ld\u00e1ul a sz\u00f3rend nem olyan kritikus, mint az angolban &#8211; a szavak k\u00f6z\u00f6tti kapcsolatokat az esetek jelzik.<\/p>\n\n\n\n<h3 class=\"wp-block-heading\" id=\"h-2-adjectives-agreeing-with-nouns\">2. Mell\u00e9knevek \u2013 Megegyez\u00e9s a f\u0151nevekkel<\/h3>\n\n\n\n<p>A cseh mell\u00e9kneveknek k\u00fcl\u00f6nleges k\u00f6teless\u00e9g\u00fck van: meg kell egyezni\u00fck az \u00e1ltaluk m\u00f3dos\u00edtott f\u0151nevekkel nemben, sz\u00e1mban \u00e9s esetben. Gondolj r\u00e1 \u00fagy, mint egy dinamikus du\u00f3ra, a nyelvtani tang\u00f3ra, ahol az egyik fele kecsesen alkalmazkodik, hogy kieg\u00e9sz\u00edtse a m\u00e1sikat. Ez a meg\u00e1llapod\u00e1s seg\u00edt harm\u00f3ni\u00e1t teremteni a mondatokban \u00e9s n\u00f6veli az egy\u00e9rtelm\u0171s\u00e9get.<\/p>\n\n\n\n<p>P\u00e9ld\u00e1ul a &#8222;sz\u00e9p&#8221; sz\u00f3 cseh\u00fcl &#8222;kr\u00e1sn\u00fd&#8221;. Ha egy sz\u00e9p h\u00e1zat (d\u016fm) \u00edrunk le, <a href=\"https:\/\/talkpal.ai\/locations\/language-courses-in-ami\/\">ami<\/a> h\u00edmnem\u0171, akkor a &#8222;kr\u00e1sn\u00fd d\u016fm&#8221; sz\u00f3t haszn\u00e1ljuk. A sz\u00e9p l\u00e1ny (d\u00edvka), amely n\u0151nem\u0171, &#8222;kr\u00e1sn\u00e1 d\u00edvka&#8221; lesz. A sz\u00e9p napra (den), ami a neutrum, azt mondjuk, hogy &#8222;kr\u00e1sn\u00fd den&#8221;. N\u00e9zze meg, hogyan t\u00e1ncol a mell\u00e9kn\u00e9v a f\u0151n\u00e9vvel egy\u00fctt?<\/p>\n\n\n\n<h3 class=\"wp-block-heading\" id=\"h-3-verbs-the-art-of-conjugation\">3. Ig\u00e9k \u2013 A ragoz\u00e1s m\u0171v\u00e9szete<\/h3>\n\n\n\n<p>A cseh nyelvben a ragoz\u00e1s m\u0171v\u00e9szete \u2013 vagyis az igealakok igeid\u0151, hangulat \u00e9s szem\u00e9ly alapj\u00e1n t\u00f6rt\u00e9n\u0151 megv\u00e1ltoztat\u00e1sa \u2013 \u00f6n\u00e1ll\u00f3 \u00e9letre kel. A cseh ig\u00e9k k\u00e9t kateg\u00f3ri\u00e1ba sorolhat\u00f3k: perfekt\u00edv \u00e9s t\u00f6k\u00e9letlen. A perfekt\u00edv ig\u00e9k azt jelzik, hogy egy cselekv\u00e9s befejez\u0151d\u00f6tt, m\u00edg a t\u00f6k\u00e9letlen ig\u00e9k folyamatos vagy szok\u00e1sos cselekv\u00e9seket sugallnak.  <\/p>\n\n\n\n<p>A cseh nyelvtannak van n\u00e9h\u00e1ny izgalmas furcsas\u00e1ga, amikor az ig\u00e9kr\u0151l van sz\u00f3. P\u00e9ld\u00e1ul a j\u00f6v\u0151 id\u0151 csak t\u00f6k\u00e9letlen ig\u00e9kn\u00e9l k\u00e9pz\u0151dik rendszeresen. A perfekt\u00edv ig\u00e9k eset\u00e9ben \u00f6sszeolvad a jelen id\u0151vel! Tov\u00e1bb\u00e1, ahelyett, hogy konkr\u00e9t passz\u00edv hangja lenne, a cseh passz\u00edv szerkezeteket haszn\u00e1l seg\u00e9dig\u00e9k haszn\u00e1lat\u00e1val. Ne feledkezz\u00fcnk meg a cseh reflex\u00edv ig\u00e9kr\u0151l sem, ahol a cselekv\u00e9sek visszahatnak az alanyra, ami egy \u00fajabb \u00e1rnyalattal gazdag\u00edtja ezt az \u00e9rdekes nyelvet.<\/p>\n\n\n\n<h3 class=\"wp-block-heading\" id=\"h-4-pronouns-the-mirror-of-linguistic-diversity\">4. N\u00e9vm\u00e1sok: a nyelvi sokf\u00e9les\u00e9g t\u00fckre<\/h3>\n\n\n\n<p>A cseh nyelvtanban a n\u00e9vm\u00e1sok &#8211; szem\u00e9lyes, birtokos, mutat\u00f3, k\u00e9rd\u0151 \u00e9s relat\u00edv n\u00e9vm\u00e1sokr\u00f3l van sz\u00f3 &#8211; ugyanolyan soksz\u00edn\u0171ek, mint a t\u00f6bbi besz\u00e9dr\u00e9sz. Nekik is meg kell egyezni\u00fck nem\u00fckben, sz\u00e1mukban \u00e9s eset\u00fckben azokkal a f\u0151nevekkel, amelyeket helyettes\u00edtenek vagy hivatkoznak.<\/p>\n\n\n\n<p>P\u00e9ld\u00e1ul, ha egy k\u00f6nyvr\u0151l besz\u00e9lsz, amit szeretsz, azt mondod: &#8222;M\u00e1m r\u00e1d tu knihu&#8221; (Szeretem azt a k\u00f6nyvet). Itt a &#8222;tu&#8221; a &#8222;hogy&#8221; mutat\u00f3 n\u00e9vm\u00e1s n\u0151nem\u0171 alakja, amely megegyezik a &#8222;kniha&#8221;-val (k\u00f6nyv), amely szint\u00e9n n\u0151nem\u0171.<\/p>\n\n\n\n<h3 class=\"wp-block-heading\" id=\"h-5-embracing-the-challenge\">5. A kih\u00edv\u00e1s elfogad\u00e1sa<\/h3>\n\n\n\n<p>A cseh nyelvtan lehet, hogy zavarba ejt\u0151 \u00e9s ijeszt\u0151, de ez az, ami ezt a leny\u0171g\u00f6z\u0151 nyelvet kiemeli. Ne riadj vissza a kih\u00edv\u00e1st\u00f3l! Ne feledje, nem arr\u00f3l van sz\u00f3, hogy mindent egyszerre kell elsaj\u00e1t\u00edtania, hanem arr\u00f3l, hogy l\u00e9p\u00e9sr\u0151l l\u00e9p\u00e9sre haladjon. Sz\u00e1njon id\u0151t a cseh nyelvtan egyed\u00fcl\u00e1ll\u00f3 rendszer\u00e9nek meg\u00e9rt\u00e9s\u00e9re, \u00e9s m\u00e1ris j\u00f3 \u00faton halad afel\u00e9, hogy elsaj\u00e1t\u00edtsa ezt a gy\u00f6ny\u00f6r\u0171, \u00f6sszetett nyelvet. \u00c9s ahogy megismeri a cseh nyelvtan \u00e1ltal k\u00edn\u00e1lt kellemes \u00e1rnyalatokat, k\u00e9ts\u00e9gtelen\u00fcl felfedezi majd a nyelv bonyolults\u00e1g\u00e1nak \u00fajfajta megbecs\u00fcl\u00e9s\u00e9t. Boldog tanul\u00e1st!<\/p>\n<\/div><\/div>\n\r\n<section class=\"learnNavigationSection\">\r\n            \r\n        <a href=\"https:\/\/talkpal.ai\/hu\/tanulj-csehul\/\">\r\n            <div class=\"learnNavigationWrapper\">\r\n                <div class=\"learnNavigationContent\">\r\n                    <img decoding=\"async\" src=\"https:\/\/talkpal.ai\/wp-content\/uploads\/2024\/08\/Czech.jpg\" alt=\"Czech Flag\">\r\n                    <div>\r\n                        <h4>A cseh tanul\u00e1sr\u00f3l<\/h4>\r\n                        <p>Tudjon meg mindent a cseh nyelvtanr\u00f3l.<\/p>\r\n                    <\/div>\r\n                <\/div>\r\n            <\/div>\r\n        <\/a>\r\n\r\n        \r\n        <a href=\"https:\/\/talkpal.ai\/hu\/cseh-nyelvtani-gyakorlatok\/\">\r\n            <div class=\"learnNavigationWrapper\">\r\n                <div class=\"learnNavigationContent\">\r\n                    <img decoding=\"async\" src=\"https:\/\/talkpal.ai\/wp-content\/uploads\/2024\/08\/Czech.jpg\" alt=\"Czech Flag\">\r\n                    <div>\r\n                        <h4>Cseh nyelvtani gyakorlat<\/h4>\r\n                        <p>Gyakorolja a cseh nyelvtant.<\/p>\r\n                    <\/div>\r\n                <\/div>\r\n            <\/div>\r\n        <\/a>\r\n\r\n        \r\n        <a href=\"https:\/\/talkpal.ai\/vocabulary_language\/czech\/\">\r\n            <div class=\"learnNavigationWrapper\">\r\n                <div class=\"learnNavigationContent\">\r\n                    <img decoding=\"async\" src=\"https:\/\/talkpal.ai\/wp-content\/uploads\/2024\/08\/Czech.jpg\" alt=\"Czech Flag\">\r\n                    <div>\r\n                        <h4>Cseh sz\u00f3kincs<\/h4>\r\n                        <p>B\u0151v\u00edtse cseh sz\u00f3kincs\u00e9t.<\/p>\r\n                    <\/div>\r\n                <\/div>\r\n            <\/div>\r\n        <\/a>\r\n\r\n            <\/section>","protected":false},"excerpt":{"rendered":"<p>Cseh nyelvtan: A cseh nyelv egyed\u00fcl\u00e1ll\u00f3 szerkezet\u00e9nek meg\u00e9rt\u00e9se Ha valaha is pr\u00f3b\u00e1lt\u00e1l cseh\u00fcl tanulni &#8211; vagy ak\u00e1r csak \u00e1tfutott\u00e1l egy cseh nyelv\u0171 cikket vagy k\u00f6nyvet -, val\u00f3sz\u00edn\u0171leg \u00e9szrevetted, hogy a nyelvtan nagy kih\u00edv\u00e1st jelenthet. A sz\u00e9les k\u00f6rben az egyik leg\u00f6sszetettebb nyelvi rendszernek tartott cseh nyelvtan sok k\u00fclf\u00f6ldi di\u00e1kot zavarba ejtett. De ne hagyd, hogy ez [&hellip;]<\/p>\n","protected":false},"author":1,"featured_media":111739,"parent":0,"menu_order":0,"comment_status":"closed","ping_status":"closed","template":"LearningContentPage.php","meta":{"_acf_changed":false,"footnotes":""},"class_list":["post-143251","page","type-page","status-publish","has-post-thumbnail","hentry"],"acf":[],"yoast_head":"<!-- This site is optimized with the Yoast SEO Premium plugin v27.2 (Yoast SEO v27.2) - https:\/\/yoast.com\/product\/yoast-seo-premium-wordpress\/ -->\n<title>Cseh nyelvtan - Talkpal<\/title>\n<meta name=\"description\" content=\"Fejtse meg a cseh nyelvtan titkait. Ismerje meg a nyelv egyed\u00fcl\u00e1ll\u00f3 \u00f6sszetetts\u00e9g\u00e9t \u00e9s azt, hogyan saj\u00e1t\u00edthatja el hat\u00e9konyan a f\u0151n\u00e9vi deklin\u00e1ci\u00f3kat.\" \/>\n<meta name=\"robots\" content=\"index, follow, max-snippet:-1, max-image-preview:large, max-video-preview:-1\" \/>\n<link rel=\"canonical\" href=\"https:\/\/talkpal.ai\/hu\/cseh-nyelvtan\/\" \/>\n<meta property=\"og:locale\" content=\"hu_HU\" \/>\n<meta property=\"og:type\" content=\"article\" \/>\n<meta property=\"og:title\" content=\"Cseh nyelvtan\" \/>\n<meta property=\"og:description\" content=\"Cseh nyelvtan: A cseh nyelv egyed\u00fcl\u00e1ll\u00f3 szerkezet\u00e9nek meg\u00e9rt\u00e9se Ha valaha is pr\u00f3b\u00e1lt\u00e1l cseh\u00fcl tanulni - vagy ak\u00e1r csak \u00e1tfutott\u00e1l egy cseh nyelv\u0171 cikket\" \/>\n<meta property=\"og:url\" content=\"https:\/\/talkpal.ai\/hu\/cseh-nyelvtan\/\" \/>\n<meta property=\"og:site_name\" content=\"Talkpal\" \/>\n<meta property=\"article:publisher\" content=\"https:\/\/www.facebook.com\/profile.php?id=100090733639311\" \/>\n<meta property=\"article:modified_time\" content=\"2025-12-13T15:23:30+00:00\" \/>\n<meta property=\"og:image\" content=\"https:\/\/talkpal.ai\/wp-content\/uploads\/2023\/05\/czech-republic.png\" \/>\n\t<meta property=\"og:image:width\" content=\"512\" \/>\n\t<meta property=\"og:image:height\" content=\"512\" \/>\n\t<meta property=\"og:image:type\" content=\"image\/png\" \/>\n<meta name=\"twitter:card\" content=\"summary_large_image\" \/>\n<meta name=\"twitter:site\" content=\"@talkpalai\" \/>\n<meta name=\"twitter:label1\" content=\"Becs\u00fclt olvas\u00e1si id\u0151\" \/>\n\t<meta name=\"twitter:data1\" content=\"4 perc\" \/>\n<script type=\"application\/ld+json\" class=\"yoast-schema-graph\">{\"@context\":\"https:\/\/schema.org\",\"@graph\":[{\"@type\":\"WebPage\",\"@id\":\"https:\/\/talkpal.ai\/hu\/cseh-nyelvtan\/\",\"url\":\"https:\/\/talkpal.ai\/hu\/cseh-nyelvtan\/\",\"name\":\"Cseh nyelvtan - Talkpal\",\"isPartOf\":{\"@id\":\"https:\/\/talkpal.ai\/hu\/#website\"},\"primaryImageOfPage\":{\"@id\":\"https:\/\/talkpal.ai\/hu\/cseh-nyelvtan\/#primaryimage\"},\"image\":{\"@id\":\"https:\/\/talkpal.ai\/hu\/cseh-nyelvtan\/#primaryimage\"},\"thumbnailUrl\":\"https:\/\/talkpal.ai\/wp-content\/uploads\/2023\/05\/czech-republic.png\",\"datePublished\":\"2023-05-14T14:03:07+00:00\",\"dateModified\":\"2025-12-13T15:23:30+00:00\",\"description\":\"Fejtse meg a cseh nyelvtan titkait. Ismerje meg a nyelv egyed\u00fcl\u00e1ll\u00f3 \u00f6sszetetts\u00e9g\u00e9t \u00e9s azt, hogyan saj\u00e1t\u00edthatja el hat\u00e9konyan a f\u0151n\u00e9vi deklin\u00e1ci\u00f3kat.\",\"breadcrumb\":{\"@id\":\"https:\/\/talkpal.ai\/hu\/cseh-nyelvtan\/#breadcrumb\"},\"inLanguage\":\"hu\",\"potentialAction\":[{\"@type\":\"ReadAction\",\"target\":[\"https:\/\/talkpal.ai\/hu\/cseh-nyelvtan\/\"]}]},{\"@type\":\"ImageObject\",\"inLanguage\":\"hu\",\"@id\":\"https:\/\/talkpal.ai\/hu\/cseh-nyelvtan\/#primaryimage\",\"url\":\"https:\/\/talkpal.ai\/wp-content\/uploads\/2023\/05\/czech-republic.png\",\"contentUrl\":\"https:\/\/talkpal.ai\/wp-content\/uploads\/2023\/05\/czech-republic.png\",\"width\":512,\"height\":512},{\"@type\":\"BreadcrumbList\",\"@id\":\"https:\/\/talkpal.ai\/hu\/cseh-nyelvtan\/#breadcrumb\",\"itemListElement\":[{\"@type\":\"ListItem\",\"position\":1,\"name\":\"Homepage\",\"item\":\"https:\/\/talkpal.ai\/hu\/\"},{\"@type\":\"ListItem\",\"position\":2,\"name\":\"Cseh nyelvtan\"}]},{\"@type\":\"WebSite\",\"@id\":\"https:\/\/talkpal.ai\/hu\/#website\",\"url\":\"https:\/\/talkpal.ai\/hu\/\",\"name\":\"Talkpal\",\"description\":\"AI Language Learning\",\"publisher\":{\"@id\":\"https:\/\/talkpal.ai\/hu\/#organization\"},\"alternateName\":\"Talkpal AI\",\"potentialAction\":[{\"@type\":\"SearchAction\",\"target\":{\"@type\":\"EntryPoint\",\"urlTemplate\":\"https:\/\/talkpal.ai\/hu\/?s={search_term_string}\"},\"query-input\":{\"@type\":\"PropertyValueSpecification\",\"valueRequired\":true,\"valueName\":\"search_term_string\"}}],\"inLanguage\":\"hu\"},{\"@type\":\"Organization\",\"@id\":\"https:\/\/talkpal.ai\/hu\/#organization\",\"name\":\"Talkpal, Inc.\",\"alternateName\":\"Talkpal AI\",\"url\":\"https:\/\/talkpal.ai\/hu\/\",\"logo\":{\"@type\":\"ImageObject\",\"inLanguage\":\"hu\",\"@id\":\"https:\/\/talkpal.ai\/hu\/#\/schema\/logo\/image\/\",\"url\":\"https:\/\/talkpal.ai\/wp-content\/uploads\/2024\/03\/Talkpal-Logo-Icon.png\",\"contentUrl\":\"https:\/\/talkpal.ai\/wp-content\/uploads\/2024\/03\/Talkpal-Logo-Icon.png\",\"width\":2880,\"height\":2880,\"caption\":\"Talkpal, Inc.\"},\"image\":{\"@id\":\"https:\/\/talkpal.ai\/hu\/#\/schema\/logo\/image\/\"},\"sameAs\":[\"https:\/\/www.facebook.com\/profile.php?id=100090733639311\",\"https:\/\/x.com\/talkpalai\",\"https:\/\/www.linkedin.com\/company\/talkpal\/\",\"https:\/\/www.youtube.com\/@TalkPal\/\",\"https:\/\/www.tiktok.com\/@talkpal\",\"https:\/\/www.instagram.com\/talkpal_ai\/\",\"https:\/\/www.crunchbase.com\/organization\/talkpal-9cde\",\"https:\/\/www.g2.com\/products\/talkpal-for-business\/\",\"https:\/\/www.trustpilot.com\/review\/talkpal.ai\",\"https:\/\/www.capterra.com\/p\/10006800\/TalkPal\/\"],\"description\":\"Talkpal is a language learning web and mobile education app, powered by the latest AI technologies, that provides engaging experiences to its customers in many different languages to help them improve their language skills. Users can chat about unlimited amount of topics with the app and use other modes to practice their language learning.\",\"email\":\"support@talkpal.ai\",\"legalName\":\"Talkpal, Inc.\",\"foundingDate\":\"2023-04-03\",\"duns\":\"118989042\",\"numberOfEmployees\":{\"@type\":\"QuantitativeValue\",\"minValue\":\"11\",\"maxValue\":\"50\"},\"publishingPrinciples\":\"https:\/\/talkpal.ai\/publishing-principles\/\",\"actionableFeedbackPolicy\":\"https:\/\/talkpal.ai\/actionable-feedback-policy\/\",\"correctionsPolicy\":\"https:\/\/talkpal.ai\/corrections-policy\/\",\"ethicsPolicy\":\"https:\/\/talkpal.ai\/ethics-policy\/\",\"diversityPolicy\":\"https:\/\/talkpal.ai\/diversity-policy\/\",\"diversityStaffingReport\":\"https:\/\/talkpal.ai\/diversity-policy\/\"}]}<\/script>\n<!-- \/ Yoast SEO Premium plugin. -->","yoast_head_json":{"title":"Cseh nyelvtan - Talkpal","description":"Fejtse meg a cseh nyelvtan titkait. Ismerje meg a nyelv egyed\u00fcl\u00e1ll\u00f3 \u00f6sszetetts\u00e9g\u00e9t \u00e9s azt, hogyan saj\u00e1t\u00edthatja el hat\u00e9konyan a f\u0151n\u00e9vi deklin\u00e1ci\u00f3kat.","robots":{"index":"index","follow":"follow","max-snippet":"max-snippet:-1","max-image-preview":"max-image-preview:large","max-video-preview":"max-video-preview:-1"},"canonical":"https:\/\/talkpal.ai\/hu\/cseh-nyelvtan\/","og_locale":"hu_HU","og_type":"article","og_title":"Cseh nyelvtan","og_description":"Cseh nyelvtan: A cseh nyelv egyed\u00fcl\u00e1ll\u00f3 szerkezet\u00e9nek meg\u00e9rt\u00e9se Ha valaha is pr\u00f3b\u00e1lt\u00e1l cseh\u00fcl tanulni - vagy ak\u00e1r csak \u00e1tfutott\u00e1l egy cseh nyelv\u0171 cikket","og_url":"https:\/\/talkpal.ai\/hu\/cseh-nyelvtan\/","og_site_name":"Talkpal","article_publisher":"https:\/\/www.facebook.com\/profile.php?id=100090733639311","article_modified_time":"2025-12-13T15:23:30+00:00","og_image":[{"width":512,"height":512,"url":"https:\/\/talkpal.ai\/wp-content\/uploads\/2023\/05\/czech-republic.png","type":"image\/png"}],"twitter_card":"summary_large_image","twitter_site":"@talkpalai","twitter_misc":{"Becs\u00fclt olvas\u00e1si id\u0151":"4 perc"},"schema":{"@context":"https:\/\/schema.org","@graph":[{"@type":"WebPage","@id":"https:\/\/talkpal.ai\/hu\/cseh-nyelvtan\/","url":"https:\/\/talkpal.ai\/hu\/cseh-nyelvtan\/","name":"Cseh nyelvtan - Talkpal","isPartOf":{"@id":"https:\/\/talkpal.ai\/hu\/#website"},"primaryImageOfPage":{"@id":"https:\/\/talkpal.ai\/hu\/cseh-nyelvtan\/#primaryimage"},"image":{"@id":"https:\/\/talkpal.ai\/hu\/cseh-nyelvtan\/#primaryimage"},"thumbnailUrl":"https:\/\/talkpal.ai\/wp-content\/uploads\/2023\/05\/czech-republic.png","datePublished":"2023-05-14T14:03:07+00:00","dateModified":"2025-12-13T15:23:30+00:00","description":"Fejtse meg a cseh nyelvtan titkait. Ismerje meg a nyelv egyed\u00fcl\u00e1ll\u00f3 \u00f6sszetetts\u00e9g\u00e9t \u00e9s azt, hogyan saj\u00e1t\u00edthatja el hat\u00e9konyan a f\u0151n\u00e9vi deklin\u00e1ci\u00f3kat.","breadcrumb":{"@id":"https:\/\/talkpal.ai\/hu\/cseh-nyelvtan\/#breadcrumb"},"inLanguage":"hu","potentialAction":[{"@type":"ReadAction","target":["https:\/\/talkpal.ai\/hu\/cseh-nyelvtan\/"]}]},{"@type":"ImageObject","inLanguage":"hu","@id":"https:\/\/talkpal.ai\/hu\/cseh-nyelvtan\/#primaryimage","url":"https:\/\/talkpal.ai\/wp-content\/uploads\/2023\/05\/czech-republic.png","contentUrl":"https:\/\/talkpal.ai\/wp-content\/uploads\/2023\/05\/czech-republic.png","width":512,"height":512},{"@type":"BreadcrumbList","@id":"https:\/\/talkpal.ai\/hu\/cseh-nyelvtan\/#breadcrumb","itemListElement":[{"@type":"ListItem","position":1,"name":"Homepage","item":"https:\/\/talkpal.ai\/hu\/"},{"@type":"ListItem","position":2,"name":"Cseh nyelvtan"}]},{"@type":"WebSite","@id":"https:\/\/talkpal.ai\/hu\/#website","url":"https:\/\/talkpal.ai\/hu\/","name":"Talkpal","description":"AI Language Learning","publisher":{"@id":"https:\/\/talkpal.ai\/hu\/#organization"},"alternateName":"Talkpal AI","potentialAction":[{"@type":"SearchAction","target":{"@type":"EntryPoint","urlTemplate":"https:\/\/talkpal.ai\/hu\/?s={search_term_string}"},"query-input":{"@type":"PropertyValueSpecification","valueRequired":true,"valueName":"search_term_string"}}],"inLanguage":"hu"},{"@type":"Organization","@id":"https:\/\/talkpal.ai\/hu\/#organization","name":"Talkpal, Inc.","alternateName":"Talkpal AI","url":"https:\/\/talkpal.ai\/hu\/","logo":{"@type":"ImageObject","inLanguage":"hu","@id":"https:\/\/talkpal.ai\/hu\/#\/schema\/logo\/image\/","url":"https:\/\/talkpal.ai\/wp-content\/uploads\/2024\/03\/Talkpal-Logo-Icon.png","contentUrl":"https:\/\/talkpal.ai\/wp-content\/uploads\/2024\/03\/Talkpal-Logo-Icon.png","width":2880,"height":2880,"caption":"Talkpal, Inc."},"image":{"@id":"https:\/\/talkpal.ai\/hu\/#\/schema\/logo\/image\/"},"sameAs":["https:\/\/www.facebook.com\/profile.php?id=100090733639311","https:\/\/x.com\/talkpalai","https:\/\/www.linkedin.com\/company\/talkpal\/","https:\/\/www.youtube.com\/@TalkPal\/","https:\/\/www.tiktok.com\/@talkpal","https:\/\/www.instagram.com\/talkpal_ai\/","https:\/\/www.crunchbase.com\/organization\/talkpal-9cde","https:\/\/www.g2.com\/products\/talkpal-for-business\/","https:\/\/www.trustpilot.com\/review\/talkpal.ai","https:\/\/www.capterra.com\/p\/10006800\/TalkPal\/"],"description":"Talkpal is a language learning web and mobile education app, powered by the latest AI technologies, that provides engaging experiences to its customers in many different languages to help them improve their language skills. Users can chat about unlimited amount of topics with the app and use other modes to practice their language learning.","email":"support@talkpal.ai","legalName":"Talkpal, Inc.","foundingDate":"2023-04-03","duns":"118989042","numberOfEmployees":{"@type":"QuantitativeValue","minValue":"11","maxValue":"50"},"publishingPrinciples":"https:\/\/talkpal.ai\/publishing-principles\/","actionableFeedbackPolicy":"https:\/\/talkpal.ai\/actionable-feedback-policy\/","correctionsPolicy":"https:\/\/talkpal.ai\/corrections-policy\/","ethicsPolicy":"https:\/\/talkpal.ai\/ethics-policy\/","diversityPolicy":"https:\/\/talkpal.ai\/diversity-policy\/","diversityStaffingReport":"https:\/\/talkpal.ai\/diversity-policy\/"}]}},"_links":{"self":[{"href":"https:\/\/talkpal.ai\/hu\/wp-json\/wp\/v2\/pages\/143251","targetHints":{"allow":["GET"]}}],"collection":[{"href":"https:\/\/talkpal.ai\/hu\/wp-json\/wp\/v2\/pages"}],"about":[{"href":"https:\/\/talkpal.ai\/hu\/wp-json\/wp\/v2\/types\/page"}],"author":[{"embeddable":true,"href":"https:\/\/talkpal.ai\/hu\/wp-json\/wp\/v2\/users\/1"}],"replies":[{"embeddable":true,"href":"https:\/\/talkpal.ai\/hu\/wp-json\/wp\/v2\/comments?post=143251"}],"version-history":[{"count":0,"href":"https:\/\/talkpal.ai\/hu\/wp-json\/wp\/v2\/pages\/143251\/revisions"}],"wp:featuredmedia":[{"embeddable":true,"href":"https:\/\/talkpal.ai\/hu\/wp-json\/wp\/v2\/media\/111739"}],"wp:attachment":[{"href":"https:\/\/talkpal.ai\/hu\/wp-json\/wp\/v2\/media?parent=143251"}],"curies":[{"name":"wp","href":"https:\/\/api.w.org\/{rel}","templated":true}]}}