{"id":142956,"date":"2023-05-14T14:02:30","date_gmt":"2023-05-14T14:02:30","guid":{"rendered":"http:\/\/talkpal.ai\/gorog-nyelvtan\/"},"modified":"2025-12-13T15:13:37","modified_gmt":"2025-12-13T15:13:37","slug":"gorog-nyelvtan","status":"publish","type":"page","link":"https:\/\/talkpal.ai\/hu\/gorog-nyelvtan\/","title":{"rendered":"G\u00f6r\u00f6g nyelvtan"},"content":{"rendered":"\r\n\r\n\r\n<section class=\"languageChallengeSection\">\r\n    <div class=\"languageInfoWrapper\">\r\n        \r\n        <h1>G\u00f6r\u00f6g nyelvtan<\/h1>\r\n        <p>Tanuljon <a href=\"https:\/\/talkpal.ai\/learn-greek\/\">g\u00f6r\u00f6g<\/a> nyelvtant, \u00e9s l\u00e9pjen be az emberis\u00e9g egyik legr\u00e9gebbi \u00e9s legnagyobb hat\u00e1s\u00fa nyelv\u00e9nek vil\u00e1g\u00e1ba. A g\u00f6r\u00f6g nyelv megismertet az egyed\u00fcl\u00e1ll\u00f3 \u00e1b\u00e9c\u00e9vel, a kifejez\u0151 igek\u00f6t\u0151kkel \u00e9s a f\u0151n\u00e9vi esetek rendszer\u00e9vel, amelyek alak\u00edtj\u00e1k a jelent\u00e9st. A felfedez\u00e9s sor\u00e1n felfedezheti sz\u00e1mos <a href=\"https:\/\/talkpal.ai\/locations\/language-courses-in-angol\/\">angol<\/a> sz\u00f3 gy\u00f6ker\u00e9t, \u00e9s kapcsolatba ker\u00fclhet egy gazdag kultur\u00e1lis \u00f6r\u00f6ks\u00e9ggel. Mer\u00fclj\u00f6n el \u00e9s \u00e9lvezze a <a href=\"https:\/\/talkpal.ai\/greek-grammar\/\">g\u00f6r\u00f6g nyelvtan<\/a> tanul\u00e1s\u00e1nak kifizet\u0151d\u0151 kih\u00edv\u00e1s\u00e1t!<\/p>\r\n\r\n                            <a class=\"getStartedHidden\" href=\"https:\/\/app.talkpal.ai\/hu\/signup?lng=\">Kezdj\u00fck<\/a>\r\n        \r\n    <\/div>\r\n\r\n    <figure>\r\n    <img decoding=\"async\" width=\"768\" height=\"768\" src=\"https:\/\/talkpal.ai\/wp-content\/uploads\/2023\/06\/greek-768x768.png\" class=\"languageImage no-lazy\" alt=\"Language learning to boost personal capability\" fetchpriority=\"high\" sizes=\"(max-width: 768px) 150px, 768px\" srcset=\"https:\/\/talkpal.ai\/wp-content\/uploads\/2023\/06\/greek-768x768.png 768w, https:\/\/talkpal.ai\/wp-content\/uploads\/2023\/06\/greek-300x300.png 300w\" \/>\r\n    \r\n\r\n    <\/figure>\r\n\r\n            <a class=\"getStartedVisible\" href=\"https:\/\/app.talkpal.ai\/hu\/signup?lng=\">Kezdj\u00fck<\/a>\r\n    \r\n<\/section>\r\n<section class=\"promotionalBanner\">\r\n    <p class=\"promotionalText\">A nyelvtanul\u00e1s leghat\u00e9konyabb m\u00f3dja<\/p>\r\n    <a class=\"promotionalLink\" href=\"https:\/\/app.talkpal.ai\/hu\/signup?lng=\">Pr\u00f3b\u00e1lja ki a Talkpal ingyen<\/a>\r\n<\/section>\n<div class=\"wp-block-group pageContainerStyle\"><div class=\"wp-block-group__inner-container is-layout-constrained wp-block-group-is-layout-constrained\">\n<h2 class=\"wp-block-heading\" id=\"h-demystifying-greek-grammar-a-comprehensive-guide\">A g\u00f6r\u00f6g nyelvtan demisztifik\u00e1l\u00e1sa: \u00e1tfog\u00f3 \u00fatmutat\u00f3<\/h2>\n\n\n\n<p>A g\u00f6r\u00f6g, egy eleg\u00e1ns \u00e9s \u0151si nyelv, k\u00fcl\u00f6nleges helyet foglal el a nyelvt\u00f6rt\u00e9netben, \u00e9s ma is befoly\u00e1sos. A g\u00f6r\u00f6g <a href=\"https:\/\/talkpal.ai\/grammar\/\">nyelvtan<\/a> er\u0151s alapjaival rengeteg kultur\u00e1lis \u00e9s t\u00f6rt\u00e9nelmi er\u0151forr\u00e1shoz f\u00e9rhet hozz\u00e1, mik\u00f6zben \u00fajabb jelent\u00e9sr\u00e9teget nyit meg az angol sz\u00f3kincsben. A k\u00f6zhiedelemmel ellent\u00e9tben a g\u00f6r\u00f6g nyelvtan nem olyan megf\u00e9leml\u00edt\u0151, mint amilyennek kezdetben t\u0171nhet. Ebben a cikkben seg\u00edt\u00fcnk eligazodni a g\u00f6r\u00f6g nyelvtan alapvet\u0151 elemei k\u00f6z\u00f6tt, hogy magabiztosan \u00e9s lelkesen k\u00f6zel\u00edthesse meg ezt a nyelvet.<\/p>\n\n\n\n<h3 class=\"wp-block-heading\" id=\"h-1-understanding-greek-nouns-cases-and-articles\">1. A g\u00f6r\u00f6g f\u0151nevek, esetek \u00e9s cikkek meg\u00e9rt\u00e9se<\/h3>\n\n\n\n<p>A g\u00f6r\u00f6g f\u0151neveket h\u00e1rom nembe sorolj\u00e1k: f\u00e9rfias, n\u0151ies \u00e9s ivartalan\u00edtott. <a href=\"https:\/\/talkpal.ai\/locations\/language-courses-in-minden\/\">Minden<\/a> f\u0151n\u00e9v a h\u00e1rom deklin\u00e1ci\u00f3 egyik\u00e9hez tartozik, amelyek a f\u0151n\u00e9v neme, sz\u00e1ma (egyes vagy t\u00f6bbes sz\u00e1m) \u00e9s esete alapj\u00e1n hat\u00e1rozz\u00e1k meg a f\u0151n\u00e9v v\u00e9gz\u0151d\u00e9s\u00e9t. A g\u00f6r\u00f6g nyelvben \u00f6t eset <a href=\"https:\/\/talkpal.ai\/locations\/language-courses-in-van\/\">van<\/a>: n\u00e9vel\u0151, birtokos eset, dat\u00edvusz, t\u00e1rgyeset \u00e9s megsz\u00f3l\u00edt\u00f3.<\/p>\n\n\n\n<p>A g\u00f6r\u00f6g nyelvtan l\u00e9nyeges aspektusa a cikk k\u00f6r\u00fcl forog. Az angol &#8222;the&#8221; sz\u00f3hoz hasonl\u00f3an a g\u00f6r\u00f6g hat\u00e1rozott n\u00e9vel\u0151 is kulcsfontoss\u00e1g\u00fa a g\u00f6r\u00f6g sz\u00f6vegek meg\u00e9rt\u00e9s\u00e9hez. A g\u00f6r\u00f6g cikknek meg kell egyeznie a f\u0151n\u00e9vvel nemben, sz\u00e1mban \u00e9s esetben. A g\u00f6r\u00f6gben is van hat\u00e1rozatlan n\u00e9vel\u0151, amely \u00fagy m\u0171k\u00f6dik, mint az angolban az &#8222;a&#8221; vagy &#8222;an&#8221;.<\/p>\n\n\n\n<h3 class=\"wp-block-heading\" id=\"h-2-tackling-greek-verbs-conjugation-and-moods\">2. A g\u00f6r\u00f6g ig\u00e9k kezel\u00e9se: ragoz\u00e1s \u00e9s hangulatok<\/h3>\n\n\n\n<p>A g\u00f6r\u00f6g ig\u00e9ket fesz\u00fclts\u00e9g\u00fck, hangjuk, hangulatuk, szem\u00e9ly\u00fck \u00e9s sz\u00e1muk jellemzi. A g\u00f6r\u00f6g nyelv\u0171 ig\u00e9k fesz\u00fclts\u00e9g\u00fck szerint konjug\u00e1l\u00f3dnak, ami azt jelzi, hogy mikor t\u00f6rt\u00e9nik egy cselekv\u00e9s. A g\u00f6r\u00f6g ig\u00e9knek h\u00e9t f\u0151 r\u00e9sze van, amelyek mindegyike egy igeid\u0151nek felel meg:<\/p>\n\n\n\n<p><strong>&#8211; Jelen<\/strong><\/p>\n\n\n\n<p><strong>&#8211; J\u00f6v\u0151<\/strong><\/p>\n\n\n\n<p><strong>&#8211; Aorist (egyszer\u0171 m\u00falt)<\/strong><\/p>\n\n\n\n<p><strong>&#8211; T\u00f6k\u00e9letes<\/strong><\/p>\n\n\n\n<p><strong>&#8211; J\u00f6v\u0151 t\u00f6k\u00e9letes<\/strong><\/p>\n\n\n\n<p><strong>&#8211; Pluperfect<\/strong><\/p>\n\n\n\n<p><strong>&#8211; Aorist passz\u00edv<\/strong><\/p>\n\n\n\n<p>Ezenk\u00edv\u00fcl a g\u00f6r\u00f6g ig\u00e9knek k\u00fcl\u00f6nb\u00f6z\u0151 hangulataik vannak, amelyek kifejezik a besz\u00e9l\u0151nek a cselekv\u00e9shez val\u00f3 hozz\u00e1\u00e1ll\u00e1s\u00e1t. Ezek a hangulatok imperat\u00edvuszok, indikat\u00edvak \u00e9s szubjekt\u00edvek.<\/p>\n\n\n\n<h3 class=\"wp-block-heading\" id=\"h-3-crafting-expressive-sentences-with-greek-adjectives-and-adverbs\">3. Kifejez\u0151 mondatok k\u00e9sz\u00edt\u00e9se g\u00f6r\u00f6g mell\u00e9knevekkel \u00e9s hat\u00e1roz\u00f3sz\u00f3kkal<\/h3>\n\n\n\n<p>A g\u00f6r\u00f6g mell\u00e9knevek sz\u00ednt \u00e9s le\u00edr\u00e1st adnak a mondatoknak. A f\u0151nevekhez hasonl\u00f3an a g\u00f6r\u00f6g mell\u00e9kneveknek is meg kell egyezni\u00fck nem\u00fckben, sz\u00e1mukban \u00e9s eset\u00fckben az \u00e1ltaluk le\u00edrt f\u0151n\u00e9vvel. Tov\u00e1bb\u00e1 a mell\u00e9knevek a h\u00e1rom ragoz\u00e1s egyik\u00e9hez tartoznak, amely meghat\u00e1rozza a v\u00e9gz\u0151d\u00e9s\u00fcket.<\/p>\n\n\n\n<p>A g\u00f6r\u00f6g hat\u00e1roz\u00f3szavak m\u00f3dos\u00edtj\u00e1k az ig\u00e9ket, mell\u00e9kneveket vagy m\u00e1s hat\u00e1roz\u00f3szavakat. Kifejezik, hogyan, mikor, hol vagy milyen m\u00e9rt\u00e9kben hajtanak v\u00e9gre egy cselekv\u00e9st. A mell\u00e9knevekkel ellent\u00e9tben az adverbeknek nem kell megegyezni\u00fck a f\u0151nevekkel nemben, sz\u00e1mban vagy esetben. Sok esetben az adverbeket \u00fagy alak\u00edtj\u00e1k ki, hogy konkr\u00e9t v\u00e9gz\u0151d\u00e9seket adnak a mell\u00e9kn\u00e9vi gy\u00f6kerekhez.<\/p>\n\n\n\n<h3 class=\"wp-block-heading\" id=\"h-4-exploring-greek-pronouns-and-greek-sentence-structure\">4. A g\u00f6r\u00f6g n\u00e9vm\u00e1sok \u00e9s a g\u00f6r\u00f6g mondatszerkezet felt\u00e1r\u00e1sa<\/h3>\n\n\n\n<p>A n\u00e9vm\u00e1sok jelent\u0151s szerepet j\u00e1tszanak a g\u00f6r\u00f6g nyelvtanban, mivel helyettes\u00edtik a f\u0151neveket, \u00e9s meg kell egyezni\u00fck az \u00e1ltaluk k\u00e9pviselt f\u0151n\u00e9vvel nemben, sz\u00e1mban \u00e9s esetben. Vannak szem\u00e9lyes, reflex\u00edv, demonstrat\u00edv, relat\u00edv, k\u00e9rd\u0151 \u00e9s hat\u00e1rozatlan n\u00e9vm\u00e1sok a g\u00f6r\u00f6gben.<\/p>\n\n\n\n<p>A g\u00f6r\u00f6g mondatszerkezet els\u0151sorban az alany-ige-t\u00e1rgy (SVO) sorrendet k\u00f6veti. Er\u0151sen ragozott jellege miatt azonban a g\u00f6r\u00f6g nyelv nagyobb rugalmass\u00e1got k\u00edn\u00e1l a sz\u00f3rendben, ami lehet\u0151v\u00e9 teszi a hangs\u00falyokat \u00e9s a k\u00f6lt\u0151i kifejez\u00e9st. Ez a rugalmass\u00e1g els\u0151re kih\u00edv\u00e1snak t\u0171nhet, de a nyelv \u00e1rnyalatainak megismer\u00e9s\u00e9vel egyre k\u00f6nnyebben megk\u00f6zel\u00edthet\u0151v\u00e9 v\u00e1lik.<\/p>\n\n\n\n<h3 class=\"wp-block-heading\" id=\"h-conclusion\">K\u00f6vetkeztet\u00e9s<\/h3>\n\n\n\n<p>Amikor elindulsz a g\u00f6r\u00f6g nyelvtan elsaj\u00e1t\u00edt\u00e1s\u00e1nak \u00fatj\u00e1n, ne feledd, hogy a gyakorl\u00e1s \u00e9s a kitart\u00e1s elengedhetetlen a sikerhez. Sz\u00e1njon id\u0151t a g\u00f6r\u00f6g f\u0151nevek, ig\u00e9k, mell\u00e9knevek, hat\u00e1roz\u00f3szavak \u00e9s mondatszerkezet \u00f6sszetetts\u00e9g\u00e9nek felt\u00e1r\u00e1s\u00e1ra. Ahogy m\u00e9lyebbre \u00e1sol ebben a leny\u0171g\u00f6z\u0151 nyelvben, r\u00e1j\u00f6ssz, hogy a g\u00f6r\u00f6g nyelvtan egyre ismer\u0151sebb\u00e9 \u00e9s kev\u00e9sb\u00e9 megf\u00e9leml\u00edt\u0151v\u00e9 v\u00e1lik. Sok szerencs\u00e9t, \u00e9s \u03ba\u03b1\u03bb\u03ae \u03b5\u03c0\u03b9\u03c4\u03c5\u03c7\u03af\u03b1!<\/p>\n<\/div><\/div>\n\r\n<section class=\"learnNavigationSection\">\r\n            \r\n        <a href=\"https:\/\/talkpal.ai\/hu\/tanulj-gorogul\/\">\r\n            <div class=\"learnNavigationWrapper\">\r\n                <div class=\"learnNavigationContent\">\r\n                    <img decoding=\"async\" src=\"https:\/\/talkpal.ai\/wp-content\/uploads\/2024\/08\/Greek.jpg\" alt=\"Greek Flag\">\r\n                    <div>\r\n                        <h4>A g\u00f6r\u00f6g nyelvtanul\u00e1sr\u00f3l<\/h4>\r\n                        <p>Tudjon meg mindent a g\u00f6r\u00f6g nyelvtanr\u00f3l.<\/p>\r\n                    <\/div>\r\n                <\/div>\r\n            <\/div>\r\n        <\/a>\r\n\r\n        \r\n        <a href=\"https:\/\/talkpal.ai\/hu\/gorog-nyelvtani-gyakorlatok\/\">\r\n            <div class=\"learnNavigationWrapper\">\r\n                <div class=\"learnNavigationContent\">\r\n                    <img decoding=\"async\" src=\"https:\/\/talkpal.ai\/wp-content\/uploads\/2024\/08\/Greek.jpg\" alt=\"Greek Flag\">\r\n                    <div>\r\n                        <h4>G\u00f6r\u00f6g nyelvtani gyakorlat<\/h4>\r\n                        <p>Gyakorolja a g\u00f6r\u00f6g nyelvtant.<\/p>\r\n                    <\/div>\r\n                <\/div>\r\n            <\/div>\r\n        <\/a>\r\n\r\n        \r\n        <a href=\"https:\/\/talkpal.ai\/vocabulary_language\/greek\/\">\r\n            <div class=\"learnNavigationWrapper\">\r\n                <div class=\"learnNavigationContent\">\r\n                    <img decoding=\"async\" src=\"https:\/\/talkpal.ai\/wp-content\/uploads\/2024\/08\/Greek.jpg\" alt=\"Greek Flag\">\r\n                    <div>\r\n                        <h4>G\u00f6r\u00f6g sz\u00f3kincs<\/h4>\r\n                        <p>B\u0151v\u00edtse g\u00f6r\u00f6g sz\u00f3kincs\u00e9t.<\/p>\r\n                    <\/div>\r\n                <\/div>\r\n            <\/div>\r\n        <\/a>\r\n\r\n            <\/section>","protected":false},"excerpt":{"rendered":"<p>A g\u00f6r\u00f6g nyelvtan demisztifik\u00e1l\u00e1sa: \u00e1tfog\u00f3 \u00fatmutat\u00f3 A g\u00f6r\u00f6g, egy eleg\u00e1ns \u00e9s \u0151si nyelv, k\u00fcl\u00f6nleges helyet foglal el a nyelvt\u00f6rt\u00e9netben, \u00e9s ma is befoly\u00e1sos. A g\u00f6r\u00f6g nyelvtan er\u0151s alapjaival rengeteg kultur\u00e1lis \u00e9s t\u00f6rt\u00e9nelmi er\u0151forr\u00e1shoz f\u00e9rhet hozz\u00e1, mik\u00f6zben \u00fajabb jelent\u00e9sr\u00e9teget nyit meg az angol sz\u00f3kincsben. A k\u00f6zhiedelemmel ellent\u00e9tben a g\u00f6r\u00f6g nyelvtan nem olyan megf\u00e9leml\u00edt\u0151, mint amilyennek kezdetben [&hellip;]<\/p>\n","protected":false},"author":1,"featured_media":112672,"parent":0,"menu_order":0,"comment_status":"closed","ping_status":"closed","template":"LearningContentPage.php","meta":{"_acf_changed":false,"footnotes":""},"class_list":["post-142956","page","type-page","status-publish","has-post-thumbnail","hentry"],"acf":[],"yoast_head":"<!-- This site is optimized with the Yoast SEO Premium plugin v27.2 (Yoast SEO v27.2) - https:\/\/yoast.com\/product\/yoast-seo-premium-wordpress\/ -->\n<title>G\u00f6r\u00f6g nyelvtan - Talkpal<\/title>\n<meta name=\"description\" content=\"Magabiztosan saj\u00e1t\u00edtsa el a g\u00f6r\u00f6g nyelvtant - tanulja meg a fontos szab\u00e1lyokat, gyakorolja a mondatalkot\u00e1st, \u00e9s er\u0151s\u00edtse meg gyorsan a k\u00e9szs\u00e9geit a k\u00f6vetkez\u0151kkel Talkpal AI.\" \/>\n<meta name=\"robots\" content=\"index, follow, max-snippet:-1, max-image-preview:large, max-video-preview:-1\" \/>\n<link rel=\"canonical\" href=\"https:\/\/talkpal.ai\/hu\/gorog-nyelvtan\/\" \/>\n<meta property=\"og:locale\" content=\"hu_HU\" \/>\n<meta property=\"og:type\" content=\"article\" \/>\n<meta property=\"og:title\" content=\"G\u00f6r\u00f6g nyelvtan\" \/>\n<meta property=\"og:description\" content=\"A g\u00f6r\u00f6g nyelvtan demisztifik\u00e1l\u00e1sa: \u00e1tfog\u00f3 \u00fatmutat\u00f3 A g\u00f6r\u00f6g, egy eleg\u00e1ns \u00e9s \u0151si nyelv, k\u00fcl\u00f6nleges helyet foglal el a nyelvt\u00f6rt\u00e9netben, \u00e9s ma is befoly\u00e1sos.\" \/>\n<meta property=\"og:url\" content=\"https:\/\/talkpal.ai\/hu\/gorog-nyelvtan\/\" \/>\n<meta property=\"og:site_name\" content=\"Talkpal\" \/>\n<meta property=\"article:publisher\" content=\"https:\/\/www.facebook.com\/profile.php?id=100090733639311\" \/>\n<meta property=\"article:modified_time\" content=\"2025-12-13T15:13:37+00:00\" \/>\n<meta property=\"og:image\" content=\"https:\/\/talkpal.ai\/wp-content\/uploads\/2023\/05\/greece.png\" \/>\n\t<meta property=\"og:image:width\" content=\"512\" \/>\n\t<meta property=\"og:image:height\" content=\"512\" \/>\n\t<meta property=\"og:image:type\" content=\"image\/png\" \/>\n<meta name=\"twitter:card\" content=\"summary_large_image\" \/>\n<meta name=\"twitter:site\" content=\"@talkpalai\" \/>\n<meta name=\"twitter:label1\" content=\"Becs\u00fclt olvas\u00e1si id\u0151\" \/>\n\t<meta name=\"twitter:data1\" content=\"4 perc\" \/>\n<script type=\"application\/ld+json\" class=\"yoast-schema-graph\">{\"@context\":\"https:\/\/schema.org\",\"@graph\":[{\"@type\":\"WebPage\",\"@id\":\"https:\/\/talkpal.ai\/hu\/gorog-nyelvtan\/\",\"url\":\"https:\/\/talkpal.ai\/hu\/gorog-nyelvtan\/\",\"name\":\"G\u00f6r\u00f6g nyelvtan - Talkpal\",\"isPartOf\":{\"@id\":\"https:\/\/talkpal.ai\/hu\/#website\"},\"primaryImageOfPage\":{\"@id\":\"https:\/\/talkpal.ai\/hu\/gorog-nyelvtan\/#primaryimage\"},\"image\":{\"@id\":\"https:\/\/talkpal.ai\/hu\/gorog-nyelvtan\/#primaryimage\"},\"thumbnailUrl\":\"https:\/\/talkpal.ai\/wp-content\/uploads\/2023\/05\/greece.png\",\"datePublished\":\"2023-05-14T14:02:30+00:00\",\"dateModified\":\"2025-12-13T15:13:37+00:00\",\"description\":\"Magabiztosan saj\u00e1t\u00edtsa el a g\u00f6r\u00f6g nyelvtant - tanulja meg a fontos szab\u00e1lyokat, gyakorolja a mondatalkot\u00e1st, \u00e9s er\u0151s\u00edtse meg gyorsan a k\u00e9szs\u00e9geit a k\u00f6vetkez\u0151kkel Talkpal AI.\",\"breadcrumb\":{\"@id\":\"https:\/\/talkpal.ai\/hu\/gorog-nyelvtan\/#breadcrumb\"},\"inLanguage\":\"hu\",\"potentialAction\":[{\"@type\":\"ReadAction\",\"target\":[\"https:\/\/talkpal.ai\/hu\/gorog-nyelvtan\/\"]}]},{\"@type\":\"ImageObject\",\"inLanguage\":\"hu\",\"@id\":\"https:\/\/talkpal.ai\/hu\/gorog-nyelvtan\/#primaryimage\",\"url\":\"https:\/\/talkpal.ai\/wp-content\/uploads\/2023\/05\/greece.png\",\"contentUrl\":\"https:\/\/talkpal.ai\/wp-content\/uploads\/2023\/05\/greece.png\",\"width\":512,\"height\":512},{\"@type\":\"BreadcrumbList\",\"@id\":\"https:\/\/talkpal.ai\/hu\/gorog-nyelvtan\/#breadcrumb\",\"itemListElement\":[{\"@type\":\"ListItem\",\"position\":1,\"name\":\"Homepage\",\"item\":\"https:\/\/talkpal.ai\/hu\/\"},{\"@type\":\"ListItem\",\"position\":2,\"name\":\"G\u00f6r\u00f6g nyelvtan\"}]},{\"@type\":\"WebSite\",\"@id\":\"https:\/\/talkpal.ai\/hu\/#website\",\"url\":\"https:\/\/talkpal.ai\/hu\/\",\"name\":\"Talkpal\",\"description\":\"AI Language Learning\",\"publisher\":{\"@id\":\"https:\/\/talkpal.ai\/hu\/#organization\"},\"alternateName\":\"Talkpal AI\",\"potentialAction\":[{\"@type\":\"SearchAction\",\"target\":{\"@type\":\"EntryPoint\",\"urlTemplate\":\"https:\/\/talkpal.ai\/hu\/?s={search_term_string}\"},\"query-input\":{\"@type\":\"PropertyValueSpecification\",\"valueRequired\":true,\"valueName\":\"search_term_string\"}}],\"inLanguage\":\"hu\"},{\"@type\":\"Organization\",\"@id\":\"https:\/\/talkpal.ai\/hu\/#organization\",\"name\":\"Talkpal, Inc.\",\"alternateName\":\"Talkpal AI\",\"url\":\"https:\/\/talkpal.ai\/hu\/\",\"logo\":{\"@type\":\"ImageObject\",\"inLanguage\":\"hu\",\"@id\":\"https:\/\/talkpal.ai\/hu\/#\/schema\/logo\/image\/\",\"url\":\"https:\/\/talkpal.ai\/wp-content\/uploads\/2024\/03\/Talkpal-Logo-Icon.png\",\"contentUrl\":\"https:\/\/talkpal.ai\/wp-content\/uploads\/2024\/03\/Talkpal-Logo-Icon.png\",\"width\":2880,\"height\":2880,\"caption\":\"Talkpal, Inc.\"},\"image\":{\"@id\":\"https:\/\/talkpal.ai\/hu\/#\/schema\/logo\/image\/\"},\"sameAs\":[\"https:\/\/www.facebook.com\/profile.php?id=100090733639311\",\"https:\/\/x.com\/talkpalai\",\"https:\/\/www.linkedin.com\/company\/talkpal\/\",\"https:\/\/www.youtube.com\/@TalkPal\/\",\"https:\/\/www.tiktok.com\/@talkpal\",\"https:\/\/www.instagram.com\/talkpal_ai\/\",\"https:\/\/www.crunchbase.com\/organization\/talkpal-9cde\",\"https:\/\/www.g2.com\/products\/talkpal-for-business\/\",\"https:\/\/www.trustpilot.com\/review\/talkpal.ai\",\"https:\/\/www.capterra.com\/p\/10006800\/TalkPal\/\"],\"description\":\"Talkpal is a language learning web and mobile education app, powered by the latest AI technologies, that provides engaging experiences to its customers in many different languages to help them improve their language skills. Users can chat about unlimited amount of topics with the app and use other modes to practice their language learning.\",\"email\":\"support@talkpal.ai\",\"legalName\":\"Talkpal, Inc.\",\"foundingDate\":\"2023-04-03\",\"duns\":\"118989042\",\"numberOfEmployees\":{\"@type\":\"QuantitativeValue\",\"minValue\":\"11\",\"maxValue\":\"50\"},\"publishingPrinciples\":\"https:\/\/talkpal.ai\/publishing-principles\/\",\"actionableFeedbackPolicy\":\"https:\/\/talkpal.ai\/actionable-feedback-policy\/\",\"correctionsPolicy\":\"https:\/\/talkpal.ai\/corrections-policy\/\",\"ethicsPolicy\":\"https:\/\/talkpal.ai\/ethics-policy\/\",\"diversityPolicy\":\"https:\/\/talkpal.ai\/diversity-policy\/\",\"diversityStaffingReport\":\"https:\/\/talkpal.ai\/diversity-policy\/\"}]}<\/script>\n<!-- \/ Yoast SEO Premium plugin. -->","yoast_head_json":{"title":"G\u00f6r\u00f6g nyelvtan - Talkpal","description":"Magabiztosan saj\u00e1t\u00edtsa el a g\u00f6r\u00f6g nyelvtant - tanulja meg a fontos szab\u00e1lyokat, gyakorolja a mondatalkot\u00e1st, \u00e9s er\u0151s\u00edtse meg gyorsan a k\u00e9szs\u00e9geit a k\u00f6vetkez\u0151kkel Talkpal AI.","robots":{"index":"index","follow":"follow","max-snippet":"max-snippet:-1","max-image-preview":"max-image-preview:large","max-video-preview":"max-video-preview:-1"},"canonical":"https:\/\/talkpal.ai\/hu\/gorog-nyelvtan\/","og_locale":"hu_HU","og_type":"article","og_title":"G\u00f6r\u00f6g nyelvtan","og_description":"A g\u00f6r\u00f6g nyelvtan demisztifik\u00e1l\u00e1sa: \u00e1tfog\u00f3 \u00fatmutat\u00f3 A g\u00f6r\u00f6g, egy eleg\u00e1ns \u00e9s \u0151si nyelv, k\u00fcl\u00f6nleges helyet foglal el a nyelvt\u00f6rt\u00e9netben, \u00e9s ma is befoly\u00e1sos.","og_url":"https:\/\/talkpal.ai\/hu\/gorog-nyelvtan\/","og_site_name":"Talkpal","article_publisher":"https:\/\/www.facebook.com\/profile.php?id=100090733639311","article_modified_time":"2025-12-13T15:13:37+00:00","og_image":[{"width":512,"height":512,"url":"https:\/\/talkpal.ai\/wp-content\/uploads\/2023\/05\/greece.png","type":"image\/png"}],"twitter_card":"summary_large_image","twitter_site":"@talkpalai","twitter_misc":{"Becs\u00fclt olvas\u00e1si id\u0151":"4 perc"},"schema":{"@context":"https:\/\/schema.org","@graph":[{"@type":"WebPage","@id":"https:\/\/talkpal.ai\/hu\/gorog-nyelvtan\/","url":"https:\/\/talkpal.ai\/hu\/gorog-nyelvtan\/","name":"G\u00f6r\u00f6g nyelvtan - Talkpal","isPartOf":{"@id":"https:\/\/talkpal.ai\/hu\/#website"},"primaryImageOfPage":{"@id":"https:\/\/talkpal.ai\/hu\/gorog-nyelvtan\/#primaryimage"},"image":{"@id":"https:\/\/talkpal.ai\/hu\/gorog-nyelvtan\/#primaryimage"},"thumbnailUrl":"https:\/\/talkpal.ai\/wp-content\/uploads\/2023\/05\/greece.png","datePublished":"2023-05-14T14:02:30+00:00","dateModified":"2025-12-13T15:13:37+00:00","description":"Magabiztosan saj\u00e1t\u00edtsa el a g\u00f6r\u00f6g nyelvtant - tanulja meg a fontos szab\u00e1lyokat, gyakorolja a mondatalkot\u00e1st, \u00e9s er\u0151s\u00edtse meg gyorsan a k\u00e9szs\u00e9geit a k\u00f6vetkez\u0151kkel Talkpal AI.","breadcrumb":{"@id":"https:\/\/talkpal.ai\/hu\/gorog-nyelvtan\/#breadcrumb"},"inLanguage":"hu","potentialAction":[{"@type":"ReadAction","target":["https:\/\/talkpal.ai\/hu\/gorog-nyelvtan\/"]}]},{"@type":"ImageObject","inLanguage":"hu","@id":"https:\/\/talkpal.ai\/hu\/gorog-nyelvtan\/#primaryimage","url":"https:\/\/talkpal.ai\/wp-content\/uploads\/2023\/05\/greece.png","contentUrl":"https:\/\/talkpal.ai\/wp-content\/uploads\/2023\/05\/greece.png","width":512,"height":512},{"@type":"BreadcrumbList","@id":"https:\/\/talkpal.ai\/hu\/gorog-nyelvtan\/#breadcrumb","itemListElement":[{"@type":"ListItem","position":1,"name":"Homepage","item":"https:\/\/talkpal.ai\/hu\/"},{"@type":"ListItem","position":2,"name":"G\u00f6r\u00f6g nyelvtan"}]},{"@type":"WebSite","@id":"https:\/\/talkpal.ai\/hu\/#website","url":"https:\/\/talkpal.ai\/hu\/","name":"Talkpal","description":"AI Language Learning","publisher":{"@id":"https:\/\/talkpal.ai\/hu\/#organization"},"alternateName":"Talkpal AI","potentialAction":[{"@type":"SearchAction","target":{"@type":"EntryPoint","urlTemplate":"https:\/\/talkpal.ai\/hu\/?s={search_term_string}"},"query-input":{"@type":"PropertyValueSpecification","valueRequired":true,"valueName":"search_term_string"}}],"inLanguage":"hu"},{"@type":"Organization","@id":"https:\/\/talkpal.ai\/hu\/#organization","name":"Talkpal, Inc.","alternateName":"Talkpal AI","url":"https:\/\/talkpal.ai\/hu\/","logo":{"@type":"ImageObject","inLanguage":"hu","@id":"https:\/\/talkpal.ai\/hu\/#\/schema\/logo\/image\/","url":"https:\/\/talkpal.ai\/wp-content\/uploads\/2024\/03\/Talkpal-Logo-Icon.png","contentUrl":"https:\/\/talkpal.ai\/wp-content\/uploads\/2024\/03\/Talkpal-Logo-Icon.png","width":2880,"height":2880,"caption":"Talkpal, Inc."},"image":{"@id":"https:\/\/talkpal.ai\/hu\/#\/schema\/logo\/image\/"},"sameAs":["https:\/\/www.facebook.com\/profile.php?id=100090733639311","https:\/\/x.com\/talkpalai","https:\/\/www.linkedin.com\/company\/talkpal\/","https:\/\/www.youtube.com\/@TalkPal\/","https:\/\/www.tiktok.com\/@talkpal","https:\/\/www.instagram.com\/talkpal_ai\/","https:\/\/www.crunchbase.com\/organization\/talkpal-9cde","https:\/\/www.g2.com\/products\/talkpal-for-business\/","https:\/\/www.trustpilot.com\/review\/talkpal.ai","https:\/\/www.capterra.com\/p\/10006800\/TalkPal\/"],"description":"Talkpal is a language learning web and mobile education app, powered by the latest AI technologies, that provides engaging experiences to its customers in many different languages to help them improve their language skills. Users can chat about unlimited amount of topics with the app and use other modes to practice their language learning.","email":"support@talkpal.ai","legalName":"Talkpal, Inc.","foundingDate":"2023-04-03","duns":"118989042","numberOfEmployees":{"@type":"QuantitativeValue","minValue":"11","maxValue":"50"},"publishingPrinciples":"https:\/\/talkpal.ai\/publishing-principles\/","actionableFeedbackPolicy":"https:\/\/talkpal.ai\/actionable-feedback-policy\/","correctionsPolicy":"https:\/\/talkpal.ai\/corrections-policy\/","ethicsPolicy":"https:\/\/talkpal.ai\/ethics-policy\/","diversityPolicy":"https:\/\/talkpal.ai\/diversity-policy\/","diversityStaffingReport":"https:\/\/talkpal.ai\/diversity-policy\/"}]}},"_links":{"self":[{"href":"https:\/\/talkpal.ai\/hu\/wp-json\/wp\/v2\/pages\/142956","targetHints":{"allow":["GET"]}}],"collection":[{"href":"https:\/\/talkpal.ai\/hu\/wp-json\/wp\/v2\/pages"}],"about":[{"href":"https:\/\/talkpal.ai\/hu\/wp-json\/wp\/v2\/types\/page"}],"author":[{"embeddable":true,"href":"https:\/\/talkpal.ai\/hu\/wp-json\/wp\/v2\/users\/1"}],"replies":[{"embeddable":true,"href":"https:\/\/talkpal.ai\/hu\/wp-json\/wp\/v2\/comments?post=142956"}],"version-history":[{"count":0,"href":"https:\/\/talkpal.ai\/hu\/wp-json\/wp\/v2\/pages\/142956\/revisions"}],"wp:featuredmedia":[{"embeddable":true,"href":"https:\/\/talkpal.ai\/hu\/wp-json\/wp\/v2\/media\/112672"}],"wp:attachment":[{"href":"https:\/\/talkpal.ai\/hu\/wp-json\/wp\/v2\/media?parent=142956"}],"curies":[{"name":"wp","href":"https:\/\/api.w.org\/{rel}","templated":true}]}}