{"id":142617,"date":"2023-05-14T14:01:53","date_gmt":"2023-05-14T14:01:53","guid":{"rendered":"http:\/\/talkpal.ai\/eszt-nyelvtan\/"},"modified":"2025-12-13T15:31:16","modified_gmt":"2025-12-13T15:31:16","slug":"eszt-nyelvtan","status":"publish","type":"page","link":"https:\/\/talkpal.ai\/hu\/eszt-nyelvtan\/","title":{"rendered":"\u00c9szt nyelvtan"},"content":{"rendered":"\r\n\r\n\r\n<section class=\"languageChallengeSection\">\r\n    <div class=\"languageInfoWrapper\">\r\n        \r\n        <h1>\u00c9szt nyelvtan<\/h1>\r\n        <p>\u00c9szt\u00fcl szeretne tanulni? L\u00e9pjen be az <a href=\"https:\/\/talkpal.ai\/estonian-grammar\/\">\u00e9szt nyelvtan<\/a> vil\u00e1g\u00e1ba, ahol az agglutin\u00e1ci\u00f3, a mag\u00e1nhangz\u00f3-harm\u00f3nia \u00e9s a f\u0151n\u00e9vi esetek sz\u00e9les sk\u00e1l\u00e1ja igaz\u00e1n k\u00fcl\u00f6nleges nyelvi \u00e9lm\u00e9nyt ny\u00fajt. Kezdje el a felfedez\u00e9st m\u00e9g ma &#8211; az <a href=\"https:\/\/talkpal.ai\/learn-estonian\/\">\u00e9szt<\/a> <a href=\"https:\/\/talkpal.ai\/grammar\/\">nyelvtan<\/a> elsaj\u00e1t\u00edt\u00e1sa nem csak a nyelvtud\u00e1s\u00e1t n\u00f6veli, hanem \u00c9sztorsz\u00e1g gazdag kult\u00far\u00e1j\u00e1val \u00e9s t\u00f6rt\u00e9nelm\u00e9vel is \u00f6sszekapcsolja \u00d6nt!<\/p>\r\n\r\n                            <a class=\"getStartedHidden\" href=\"https:\/\/app.talkpal.ai\/hu\/signup?lng=\">Kezdj\u00fck<\/a>\r\n        \r\n    <\/div>\r\n\r\n    <figure>\r\n    <img decoding=\"async\" width=\"768\" height=\"768\" src=\"https:\/\/talkpal.ai\/wp-content\/uploads\/2023\/06\/Estonian-768x768.png\" class=\"languageImage no-lazy\" alt=\"Secret tricks of language learning\" fetchpriority=\"high\" sizes=\"(max-width: 768px) 150px, 768px\" srcset=\"https:\/\/talkpal.ai\/wp-content\/uploads\/2023\/06\/Estonian-768x768.png 768w, https:\/\/talkpal.ai\/wp-content\/uploads\/2023\/06\/Estonian-300x300.png 300w\" \/>\r\n    \r\n\r\n    <\/figure>\r\n\r\n            <a class=\"getStartedVisible\" href=\"https:\/\/app.talkpal.ai\/hu\/signup?lng=\">Kezdj\u00fck<\/a>\r\n    \r\n<\/section>\r\n<section class=\"promotionalBanner\">\r\n    <p class=\"promotionalText\">A nyelvtanul\u00e1s leghat\u00e9konyabb m\u00f3dja<\/p>\r\n    <a class=\"promotionalLink\" href=\"https:\/\/app.talkpal.ai\/hu\/signup?lng=\">Pr\u00f3b\u00e1lja ki a Talkpal ingyen<\/a>\r\n<\/section>\n<div class=\"wp-block-group pageContainerStyle\"><div class=\"wp-block-group__inner-container is-layout-constrained wp-block-group-is-layout-constrained\">\n<h2 class=\"wp-block-heading\" id=\"h-estonian-grammar-the-gateway-to-a-unique-language-journey\">\u00c9szt nyelvtan: egy egyed\u00fcl\u00e1ll\u00f3 nyelvi utaz\u00e1s kapuja<\/h2>\n\n\n\n<p>\u00dcdv\u00f6z\u00f6lj\u00fck az \u00e9szt nyelv leny\u0171g\u00f6z\u0151 vil\u00e1g\u00e1ban! T\u00f6bb mint egymilli\u00f3 anyanyelvi besz\u00e9l\u0151j\u00e9vel az \u00e9szt nyelv egyed\u00fcl\u00e1ll\u00f3 lehet\u0151s\u00e9get k\u00edn\u00e1l nyelvi l\u00e1t\u00f3k\u00f6r\u00e9nek b\u0151v\u00edt\u00e9s\u00e9re \u00e9s \u00e9l\u00e9nk kult\u00fara felfedez\u00e9s\u00e9re. B\u00e1r az <a href=\"https:\/\/talkpal.ai\/estonian-grammar\/\">\u00e9szt nyelvtan<\/a> bonyolults\u00e1ga els\u0151 pillant\u00e1sra ijeszt\u0151nek t\u0171nhet, ez a bar\u00e1ts\u00e1gos kezd\u0151 \u00fatmutat\u00f3 egyszer\u0171 \u00e9s mag\u00e1val ragad\u00f3 m\u00f3don ismerteti az \u00e9szt nyelvtan alapjait.<\/p>\n\n\n\n<h3 class=\"wp-block-heading\" id=\"h-1-embracing-the-estonian-alphabet\">1. Az \u00e9szt \u00e1b\u00e9c\u00e9 \u00e1tv\u00e9tele<\/h3>\n\n\n\n<p>Az \u00e9szt nyelv elsaj\u00e1t\u00edt\u00e1s\u00e1hoz vezet\u0151 \u00fat az \u00e1b\u00e9c\u00e9vel kezd\u0151dik. Az \u00e9szt nyelv a latin bet\u0171s \u00edr\u00e1st haszn\u00e1lja, amelyet kilenc speci\u00e1lis karakter eg\u00e9sz\u00edt ki: \u00c4, \u00d6, \u00dc, \u00d5, \u0160, \u017d \u00e9s kisbet\u0171s megfelel\u0151ik. Ezeknek a karaktereknek a megismer\u00e9se er\u0151s alapot teremt az \u00e9szt tanul\u00e1si tapasztalathoz.<\/p>\n\n\n\n<h3 class=\"wp-block-heading\" id=\"h-2-getting-a-grip-on-estonian-nouns\">2. Az \u00e9szt f\u0151nevek megragad\u00e1sa<\/h3>\n\n\n\n<p>Sok eur\u00f3pai nyelvt\u0151l elt\u00e9r\u0151en az \u00e9szt nem tesz k\u00fcl\u00f6nbs\u00e9get f\u00e9rfi \u00e9s n\u0151i nemek k\u00f6z\u00f6tt. A f\u0151neveket ehelyett egyes vagy t\u00f6bbes sz\u00e1mban oszt\u00e1lyozz\u00e1k, \u00e9s <a href=\"https:\/\/talkpal.ai\/locations\/language-courses-in-minden\/\">minden<\/a> f\u0151n\u00e9vnek 14 esete <a href=\"https:\/\/talkpal.ai\/locations\/language-courses-in-van\/\">van<\/a>. B\u00e1r ez tal\u00e1n nyomaszt\u00f3nak t\u0171nhet, fontos meg\u00e9rteni, hogy a f\u0151nevek morfol\u00f3giai szerkezete meglehet\u0151sen szab\u00e1lyos, <a href=\"https:\/\/talkpal.ai\/locations\/language-courses-in-ami\/\">ami<\/a> megk\u00f6nny\u00edti a tanul\u00e1st. El\u0151sz\u00f6r \u00f6sszpontos\u00edtson a leggyakoribb esetek elsaj\u00e1t\u00edt\u00e1s\u00e1ra: n\u00e9vleges, genit\u00edv \u00e9s partit\u00edv.<\/p>\n\n\n\n<h3 class=\"wp-block-heading\" id=\"h-3-conquering-estonian-verb-conjugation\">3. Az \u00e9szt igeragoz\u00e1s megh\u00f3d\u00edt\u00e1sa<\/h3>\n\n\n\n<p>Az \u00e9szt ig\u00e9k ragoz\u00e1sa igeid\u0151, szem\u00e9ly \u00e9s sz\u00e1m alapj\u00e1n t\u00f6rt\u00e9nik. Csak h\u00e1rom id\u0151 van: jelen, m\u00falt (a m\u00faltbeli r\u00e9sztvev\u0151 \u00e1ltal k\u00f3dolva) \u00e9s j\u00f6v\u0151 (az ige jelen fesz\u00fclts\u00e9g\u0171 form\u00e1ja fejezi ki, egy j\u00f6v\u0151beli seg\u00e9deszk\u00f6zzel kombin\u00e1lva).<\/p>\n\n\n\n<p>Itt vannak p\u00e9ld\u00e1ul a &#8222;lugema&#8221; (olvasni) ige ragoz\u00e1sai:<\/p>\n\n\n\n<p><strong>&#8211; Jelen vannak: Ma loen (olvasok)<\/strong><\/p>\n\n\n\n<p><strong>&#8211; M\u00falt: Ma lugesin (olvastam\/olvastam)<\/strong><\/p>\n\n\n\n<p><strong>&#8211; J\u00f6v\u0151: Ma loen raamatuid (K\u00f6nyveket fogok olvasni)<\/strong><\/p>\n\n\n\n<h3 class=\"wp-block-heading\" id=\"h-4-unraveling-the-mystery-of-estonian-pronouns\">4. Az \u00e9szt n\u00e9vm\u00e1sok rejt\u00e9ly\u00e9nek megfejt\u00e9se<\/h3>\n\n\n\n<p>Az \u00e9szt n\u00e9vm\u00e1sok a f\u0151nevek helyettes\u00edt\u00e9s\u00e9re szolg\u00e1lnak, \u00e9s sim\u00e1bb\u00e1 \u00e9s dinamikusabb\u00e1 teszik a besz\u00e9det. \u00d6sszpontos\u00edtson a szem\u00e9lyes \u00e9s birtokos n\u00e9vm\u00e1sok megtanul\u00e1s\u00e1ra:<\/p>\n\n\n\n<p><strong>&#8211; Szem\u00e9lyes n\u00e9vm\u00e1sok: mina (\u00e9n), sina (te, inform\u00e1lis), tema (\u0151), meie (mi), teie (ti, t\u00f6bbes sz\u00e1m\/form\u00e1lis), nemad (\u0151k).<\/strong><\/p>\n\n\n\n<p><strong>&#8211; Tulajdonosi n\u00e9vm\u00e1sok: minu (az eny\u00e9m), sinu (a ti\u00e9d, inform\u00e1lis), tema (az \u00f6v\u00e9), mi (a mi\u00e9nk), teie (a ti\u00e9d, t\u00f6bbes sz\u00e1m\/form\u00e1lis), nende (az \u00f6v\u00e9k).<\/strong><\/p>\n\n\n\n<h3 class=\"wp-block-heading\" id=\"h-5-no-articles-no-problem\">5. Nincs cikk, nincs probl\u00e9ma!<\/h3>\n\n\n\n<p>Az \u00e9szt nyelv nem haszn\u00e1l hat\u00e1rozott vagy hat\u00e1rozatlan n\u00e9vel\u0151t, \u00edgy megk\u00f6nnyebb\u00fclten fell\u00e9legezhet. P\u00e9ld\u00e1ul:<\/p>\n\n\n\n<p><strong>&#8211; Koer &#8211; &#8222;kutya&#8221; vagy &#8222;egy kutya&#8221;.<\/strong><\/p>\n\n\n\n<p><strong>&#8211; Maja &#8211; &#8222;h\u00e1z&#8221; vagy &#8222;egy h\u00e1z&#8221;.<\/strong><\/p>\n\n\n\n<p>Az \u00e9szt nyelvtan elsaj\u00e1t\u00edt\u00e1sa izgalmas \u00e9s gazdag\u00edt\u00f3 folyamat, amely gazdag kultur\u00e1lis \u00e9lm\u00e9nyhez vezet. Ne feledje, hogy a gyakorl\u00e1s kulcsfontoss\u00e1g\u00fa, ez\u00e9rt mer\u00fclj\u00f6n el az \u00e9szt nyelvtanban, vegye fel a kapcsolatot az anyanyelvi besz\u00e9l\u0151kkel, \u00e9s \u00e9p\u00edtsen er\u0151s alapot a nyelvi utaz\u00e1shoz. Edu! (Sok szerencs\u00e9t!)<\/p>\n<\/div><\/div>\n\r\n<section class=\"learnNavigationSection\">\r\n            \r\n        <a href=\"https:\/\/talkpal.ai\/hu\/tanulj-esztul\/\">\r\n            <div class=\"learnNavigationWrapper\">\r\n                <div class=\"learnNavigationContent\">\r\n                    <img decoding=\"async\" src=\"https:\/\/talkpal.ai\/wp-content\/uploads\/2024\/08\/Estonian.jpg\" alt=\"Estonian Flag\">\r\n                    <div>\r\n                        <h4>Az \u00e9szt tanul\u00e1sr\u00f3l<\/h4>\r\n                        <p>Tudjon meg mindent az \u00e9szt nyelvtanr\u00f3l.<\/p>\r\n                    <\/div>\r\n                <\/div>\r\n            <\/div>\r\n        <\/a>\r\n\r\n        \r\n        <a href=\"https:\/\/talkpal.ai\/hu\/eszt-nyelvtani-gyakorlatok\/\">\r\n            <div class=\"learnNavigationWrapper\">\r\n                <div class=\"learnNavigationContent\">\r\n                    <img decoding=\"async\" src=\"https:\/\/talkpal.ai\/wp-content\/uploads\/2024\/08\/Estonian.jpg\" alt=\"Estonian Flag\">\r\n                    <div>\r\n                        <h4>\u00c9szt nyelvtani gyakorlat<\/h4>\r\n                        <p>Gyakorolja az \u00e9szt nyelvtant.<\/p>\r\n                    <\/div>\r\n                <\/div>\r\n            <\/div>\r\n        <\/a>\r\n\r\n        \r\n        <a href=\"https:\/\/talkpal.ai\/vocabulary_language\/estonian\/\">\r\n            <div class=\"learnNavigationWrapper\">\r\n                <div class=\"learnNavigationContent\">\r\n                    <img decoding=\"async\" src=\"https:\/\/talkpal.ai\/wp-content\/uploads\/2024\/08\/Estonian.jpg\" alt=\"Estonian Flag\">\r\n                    <div>\r\n                        <h4>\u00c9szt sz\u00f3kincs<\/h4>\r\n                        <p>B\u0151v\u00edtse \u00e9szt sz\u00f3kincs\u00e9t.<\/p>\r\n                    <\/div>\r\n                <\/div>\r\n            <\/div>\r\n        <\/a>\r\n\r\n            <\/section>","protected":false},"excerpt":{"rendered":"<p>\u00c9szt nyelvtan: egy egyed\u00fcl\u00e1ll\u00f3 nyelvi utaz\u00e1s kapuja \u00dcdv\u00f6z\u00f6lj\u00fck az \u00e9szt nyelv leny\u0171g\u00f6z\u0151 vil\u00e1g\u00e1ban! T\u00f6bb mint egymilli\u00f3 anyanyelvi besz\u00e9l\u0151j\u00e9vel az \u00e9szt nyelv egyed\u00fcl\u00e1ll\u00f3 lehet\u0151s\u00e9get k\u00edn\u00e1l nyelvi l\u00e1t\u00f3k\u00f6r\u00e9nek b\u0151v\u00edt\u00e9s\u00e9re \u00e9s \u00e9l\u00e9nk kult\u00fara felfedez\u00e9s\u00e9re. B\u00e1r az \u00e9szt nyelvtan bonyolults\u00e1ga els\u0151 pillant\u00e1sra ijeszt\u0151nek t\u0171nhet, ez a bar\u00e1ts\u00e1gos kezd\u0151 \u00fatmutat\u00f3 egyszer\u0171 \u00e9s mag\u00e1val ragad\u00f3 m\u00f3don ismerteti az \u00e9szt nyelvtan alapjait. [&hellip;]<\/p>\n","protected":false},"author":1,"featured_media":112428,"parent":0,"menu_order":0,"comment_status":"closed","ping_status":"closed","template":"LearningContentPage.php","meta":{"_acf_changed":false,"footnotes":""},"class_list":["post-142617","page","type-page","status-publish","has-post-thumbnail","hentry"],"acf":[],"yoast_head":"<!-- This site is optimized with the Yoast SEO Premium plugin v27.2 (Yoast SEO v27.2) - https:\/\/yoast.com\/product\/yoast-seo-premium-wordpress\/ -->\n<title>\u00c9szt nyelvtan - Talkpal<\/title>\n<meta name=\"description\" content=\"Fedezze fel az \u00e9szt nyelvtan alapvet\u0151 fogalmait, bele\u00e9rtve az eseteket, ig\u00e9ket, mondatszerkezetet, kiejt\u00e9st \u00e9s tippeket.\" \/>\n<meta name=\"robots\" content=\"index, follow, max-snippet:-1, max-image-preview:large, max-video-preview:-1\" \/>\n<link rel=\"canonical\" href=\"https:\/\/talkpal.ai\/hu\/eszt-nyelvtan\/\" \/>\n<meta property=\"og:locale\" content=\"hu_HU\" \/>\n<meta property=\"og:type\" content=\"article\" \/>\n<meta property=\"og:title\" content=\"\u00c9szt nyelvtan\" \/>\n<meta property=\"og:description\" content=\"\u00c9szt nyelvtan: egy egyed\u00fcl\u00e1ll\u00f3 nyelvi utaz\u00e1s kapuja \u00dcdv\u00f6z\u00f6lj\u00fck az \u00e9szt nyelv leny\u0171g\u00f6z\u0151 vil\u00e1g\u00e1ban! T\u00f6bb mint egymilli\u00f3 anyanyelvi besz\u00e9l\u0151j\u00e9vel az \u00e9szt\" \/>\n<meta property=\"og:url\" content=\"https:\/\/talkpal.ai\/hu\/eszt-nyelvtan\/\" \/>\n<meta property=\"og:site_name\" content=\"Talkpal\" \/>\n<meta property=\"article:publisher\" content=\"https:\/\/www.facebook.com\/profile.php?id=100090733639311\" \/>\n<meta property=\"article:modified_time\" content=\"2025-12-13T15:31:16+00:00\" \/>\n<meta property=\"og:image\" content=\"https:\/\/talkpal.ai\/wp-content\/uploads\/2023\/05\/estonia.png\" \/>\n\t<meta property=\"og:image:width\" content=\"512\" \/>\n\t<meta property=\"og:image:height\" content=\"512\" \/>\n\t<meta property=\"og:image:type\" content=\"image\/png\" \/>\n<meta name=\"twitter:card\" content=\"summary_large_image\" \/>\n<meta name=\"twitter:site\" content=\"@talkpalai\" \/>\n<meta name=\"twitter:label1\" content=\"Becs\u00fclt olvas\u00e1si id\u0151\" \/>\n\t<meta name=\"twitter:data1\" content=\"3 perc\" \/>\n<script type=\"application\/ld+json\" class=\"yoast-schema-graph\">{\"@context\":\"https:\/\/schema.org\",\"@graph\":[{\"@type\":\"WebPage\",\"@id\":\"https:\/\/talkpal.ai\/hu\/eszt-nyelvtan\/\",\"url\":\"https:\/\/talkpal.ai\/hu\/eszt-nyelvtan\/\",\"name\":\"\u00c9szt nyelvtan - Talkpal\",\"isPartOf\":{\"@id\":\"https:\/\/talkpal.ai\/hu\/#website\"},\"primaryImageOfPage\":{\"@id\":\"https:\/\/talkpal.ai\/hu\/eszt-nyelvtan\/#primaryimage\"},\"image\":{\"@id\":\"https:\/\/talkpal.ai\/hu\/eszt-nyelvtan\/#primaryimage\"},\"thumbnailUrl\":\"https:\/\/talkpal.ai\/wp-content\/uploads\/2023\/05\/estonia.png\",\"datePublished\":\"2023-05-14T14:01:53+00:00\",\"dateModified\":\"2025-12-13T15:31:16+00:00\",\"description\":\"Fedezze fel az \u00e9szt nyelvtan alapvet\u0151 fogalmait, bele\u00e9rtve az eseteket, ig\u00e9ket, mondatszerkezetet, kiejt\u00e9st \u00e9s tippeket.\",\"breadcrumb\":{\"@id\":\"https:\/\/talkpal.ai\/hu\/eszt-nyelvtan\/#breadcrumb\"},\"inLanguage\":\"hu\",\"potentialAction\":[{\"@type\":\"ReadAction\",\"target\":[\"https:\/\/talkpal.ai\/hu\/eszt-nyelvtan\/\"]}]},{\"@type\":\"ImageObject\",\"inLanguage\":\"hu\",\"@id\":\"https:\/\/talkpal.ai\/hu\/eszt-nyelvtan\/#primaryimage\",\"url\":\"https:\/\/talkpal.ai\/wp-content\/uploads\/2023\/05\/estonia.png\",\"contentUrl\":\"https:\/\/talkpal.ai\/wp-content\/uploads\/2023\/05\/estonia.png\",\"width\":512,\"height\":512},{\"@type\":\"BreadcrumbList\",\"@id\":\"https:\/\/talkpal.ai\/hu\/eszt-nyelvtan\/#breadcrumb\",\"itemListElement\":[{\"@type\":\"ListItem\",\"position\":1,\"name\":\"Homepage\",\"item\":\"https:\/\/talkpal.ai\/hu\/\"},{\"@type\":\"ListItem\",\"position\":2,\"name\":\"\u00c9szt nyelvtan\"}]},{\"@type\":\"WebSite\",\"@id\":\"https:\/\/talkpal.ai\/hu\/#website\",\"url\":\"https:\/\/talkpal.ai\/hu\/\",\"name\":\"Talkpal\",\"description\":\"AI Language Learning\",\"publisher\":{\"@id\":\"https:\/\/talkpal.ai\/hu\/#organization\"},\"alternateName\":\"Talkpal AI\",\"potentialAction\":[{\"@type\":\"SearchAction\",\"target\":{\"@type\":\"EntryPoint\",\"urlTemplate\":\"https:\/\/talkpal.ai\/hu\/?s={search_term_string}\"},\"query-input\":{\"@type\":\"PropertyValueSpecification\",\"valueRequired\":true,\"valueName\":\"search_term_string\"}}],\"inLanguage\":\"hu\"},{\"@type\":\"Organization\",\"@id\":\"https:\/\/talkpal.ai\/hu\/#organization\",\"name\":\"Talkpal, Inc.\",\"alternateName\":\"Talkpal AI\",\"url\":\"https:\/\/talkpal.ai\/hu\/\",\"logo\":{\"@type\":\"ImageObject\",\"inLanguage\":\"hu\",\"@id\":\"https:\/\/talkpal.ai\/hu\/#\/schema\/logo\/image\/\",\"url\":\"https:\/\/talkpal.ai\/wp-content\/uploads\/2024\/03\/Talkpal-Logo-Icon.png\",\"contentUrl\":\"https:\/\/talkpal.ai\/wp-content\/uploads\/2024\/03\/Talkpal-Logo-Icon.png\",\"width\":2880,\"height\":2880,\"caption\":\"Talkpal, Inc.\"},\"image\":{\"@id\":\"https:\/\/talkpal.ai\/hu\/#\/schema\/logo\/image\/\"},\"sameAs\":[\"https:\/\/www.facebook.com\/profile.php?id=100090733639311\",\"https:\/\/x.com\/talkpalai\",\"https:\/\/www.linkedin.com\/company\/talkpal\/\",\"https:\/\/www.youtube.com\/@TalkPal\/\",\"https:\/\/www.tiktok.com\/@talkpal\",\"https:\/\/www.instagram.com\/talkpal_ai\/\",\"https:\/\/www.crunchbase.com\/organization\/talkpal-9cde\",\"https:\/\/www.g2.com\/products\/talkpal-for-business\/\",\"https:\/\/www.trustpilot.com\/review\/talkpal.ai\",\"https:\/\/www.capterra.com\/p\/10006800\/TalkPal\/\"],\"description\":\"Talkpal is a language learning web and mobile education app, powered by the latest AI technologies, that provides engaging experiences to its customers in many different languages to help them improve their language skills. Users can chat about unlimited amount of topics with the app and use other modes to practice their language learning.\",\"email\":\"support@talkpal.ai\",\"legalName\":\"Talkpal, Inc.\",\"foundingDate\":\"2023-04-03\",\"duns\":\"118989042\",\"numberOfEmployees\":{\"@type\":\"QuantitativeValue\",\"minValue\":\"11\",\"maxValue\":\"50\"},\"publishingPrinciples\":\"https:\/\/talkpal.ai\/publishing-principles\/\",\"actionableFeedbackPolicy\":\"https:\/\/talkpal.ai\/actionable-feedback-policy\/\",\"correctionsPolicy\":\"https:\/\/talkpal.ai\/corrections-policy\/\",\"ethicsPolicy\":\"https:\/\/talkpal.ai\/ethics-policy\/\",\"diversityPolicy\":\"https:\/\/talkpal.ai\/diversity-policy\/\",\"diversityStaffingReport\":\"https:\/\/talkpal.ai\/diversity-policy\/\"}]}<\/script>\n<!-- \/ Yoast SEO Premium plugin. -->","yoast_head_json":{"title":"\u00c9szt nyelvtan - Talkpal","description":"Fedezze fel az \u00e9szt nyelvtan alapvet\u0151 fogalmait, bele\u00e9rtve az eseteket, ig\u00e9ket, mondatszerkezetet, kiejt\u00e9st \u00e9s tippeket.","robots":{"index":"index","follow":"follow","max-snippet":"max-snippet:-1","max-image-preview":"max-image-preview:large","max-video-preview":"max-video-preview:-1"},"canonical":"https:\/\/talkpal.ai\/hu\/eszt-nyelvtan\/","og_locale":"hu_HU","og_type":"article","og_title":"\u00c9szt nyelvtan","og_description":"\u00c9szt nyelvtan: egy egyed\u00fcl\u00e1ll\u00f3 nyelvi utaz\u00e1s kapuja \u00dcdv\u00f6z\u00f6lj\u00fck az \u00e9szt nyelv leny\u0171g\u00f6z\u0151 vil\u00e1g\u00e1ban! T\u00f6bb mint egymilli\u00f3 anyanyelvi besz\u00e9l\u0151j\u00e9vel az \u00e9szt","og_url":"https:\/\/talkpal.ai\/hu\/eszt-nyelvtan\/","og_site_name":"Talkpal","article_publisher":"https:\/\/www.facebook.com\/profile.php?id=100090733639311","article_modified_time":"2025-12-13T15:31:16+00:00","og_image":[{"width":512,"height":512,"url":"https:\/\/talkpal.ai\/wp-content\/uploads\/2023\/05\/estonia.png","type":"image\/png"}],"twitter_card":"summary_large_image","twitter_site":"@talkpalai","twitter_misc":{"Becs\u00fclt olvas\u00e1si id\u0151":"3 perc"},"schema":{"@context":"https:\/\/schema.org","@graph":[{"@type":"WebPage","@id":"https:\/\/talkpal.ai\/hu\/eszt-nyelvtan\/","url":"https:\/\/talkpal.ai\/hu\/eszt-nyelvtan\/","name":"\u00c9szt nyelvtan - Talkpal","isPartOf":{"@id":"https:\/\/talkpal.ai\/hu\/#website"},"primaryImageOfPage":{"@id":"https:\/\/talkpal.ai\/hu\/eszt-nyelvtan\/#primaryimage"},"image":{"@id":"https:\/\/talkpal.ai\/hu\/eszt-nyelvtan\/#primaryimage"},"thumbnailUrl":"https:\/\/talkpal.ai\/wp-content\/uploads\/2023\/05\/estonia.png","datePublished":"2023-05-14T14:01:53+00:00","dateModified":"2025-12-13T15:31:16+00:00","description":"Fedezze fel az \u00e9szt nyelvtan alapvet\u0151 fogalmait, bele\u00e9rtve az eseteket, ig\u00e9ket, mondatszerkezetet, kiejt\u00e9st \u00e9s tippeket.","breadcrumb":{"@id":"https:\/\/talkpal.ai\/hu\/eszt-nyelvtan\/#breadcrumb"},"inLanguage":"hu","potentialAction":[{"@type":"ReadAction","target":["https:\/\/talkpal.ai\/hu\/eszt-nyelvtan\/"]}]},{"@type":"ImageObject","inLanguage":"hu","@id":"https:\/\/talkpal.ai\/hu\/eszt-nyelvtan\/#primaryimage","url":"https:\/\/talkpal.ai\/wp-content\/uploads\/2023\/05\/estonia.png","contentUrl":"https:\/\/talkpal.ai\/wp-content\/uploads\/2023\/05\/estonia.png","width":512,"height":512},{"@type":"BreadcrumbList","@id":"https:\/\/talkpal.ai\/hu\/eszt-nyelvtan\/#breadcrumb","itemListElement":[{"@type":"ListItem","position":1,"name":"Homepage","item":"https:\/\/talkpal.ai\/hu\/"},{"@type":"ListItem","position":2,"name":"\u00c9szt nyelvtan"}]},{"@type":"WebSite","@id":"https:\/\/talkpal.ai\/hu\/#website","url":"https:\/\/talkpal.ai\/hu\/","name":"Talkpal","description":"AI Language Learning","publisher":{"@id":"https:\/\/talkpal.ai\/hu\/#organization"},"alternateName":"Talkpal AI","potentialAction":[{"@type":"SearchAction","target":{"@type":"EntryPoint","urlTemplate":"https:\/\/talkpal.ai\/hu\/?s={search_term_string}"},"query-input":{"@type":"PropertyValueSpecification","valueRequired":true,"valueName":"search_term_string"}}],"inLanguage":"hu"},{"@type":"Organization","@id":"https:\/\/talkpal.ai\/hu\/#organization","name":"Talkpal, Inc.","alternateName":"Talkpal AI","url":"https:\/\/talkpal.ai\/hu\/","logo":{"@type":"ImageObject","inLanguage":"hu","@id":"https:\/\/talkpal.ai\/hu\/#\/schema\/logo\/image\/","url":"https:\/\/talkpal.ai\/wp-content\/uploads\/2024\/03\/Talkpal-Logo-Icon.png","contentUrl":"https:\/\/talkpal.ai\/wp-content\/uploads\/2024\/03\/Talkpal-Logo-Icon.png","width":2880,"height":2880,"caption":"Talkpal, Inc."},"image":{"@id":"https:\/\/talkpal.ai\/hu\/#\/schema\/logo\/image\/"},"sameAs":["https:\/\/www.facebook.com\/profile.php?id=100090733639311","https:\/\/x.com\/talkpalai","https:\/\/www.linkedin.com\/company\/talkpal\/","https:\/\/www.youtube.com\/@TalkPal\/","https:\/\/www.tiktok.com\/@talkpal","https:\/\/www.instagram.com\/talkpal_ai\/","https:\/\/www.crunchbase.com\/organization\/talkpal-9cde","https:\/\/www.g2.com\/products\/talkpal-for-business\/","https:\/\/www.trustpilot.com\/review\/talkpal.ai","https:\/\/www.capterra.com\/p\/10006800\/TalkPal\/"],"description":"Talkpal is a language learning web and mobile education app, powered by the latest AI technologies, that provides engaging experiences to its customers in many different languages to help them improve their language skills. Users can chat about unlimited amount of topics with the app and use other modes to practice their language learning.","email":"support@talkpal.ai","legalName":"Talkpal, Inc.","foundingDate":"2023-04-03","duns":"118989042","numberOfEmployees":{"@type":"QuantitativeValue","minValue":"11","maxValue":"50"},"publishingPrinciples":"https:\/\/talkpal.ai\/publishing-principles\/","actionableFeedbackPolicy":"https:\/\/talkpal.ai\/actionable-feedback-policy\/","correctionsPolicy":"https:\/\/talkpal.ai\/corrections-policy\/","ethicsPolicy":"https:\/\/talkpal.ai\/ethics-policy\/","diversityPolicy":"https:\/\/talkpal.ai\/diversity-policy\/","diversityStaffingReport":"https:\/\/talkpal.ai\/diversity-policy\/"}]}},"_links":{"self":[{"href":"https:\/\/talkpal.ai\/hu\/wp-json\/wp\/v2\/pages\/142617","targetHints":{"allow":["GET"]}}],"collection":[{"href":"https:\/\/talkpal.ai\/hu\/wp-json\/wp\/v2\/pages"}],"about":[{"href":"https:\/\/talkpal.ai\/hu\/wp-json\/wp\/v2\/types\/page"}],"author":[{"embeddable":true,"href":"https:\/\/talkpal.ai\/hu\/wp-json\/wp\/v2\/users\/1"}],"replies":[{"embeddable":true,"href":"https:\/\/talkpal.ai\/hu\/wp-json\/wp\/v2\/comments?post=142617"}],"version-history":[{"count":0,"href":"https:\/\/talkpal.ai\/hu\/wp-json\/wp\/v2\/pages\/142617\/revisions"}],"wp:featuredmedia":[{"embeddable":true,"href":"https:\/\/talkpal.ai\/hu\/wp-json\/wp\/v2\/media\/112428"}],"wp:attachment":[{"href":"https:\/\/talkpal.ai\/hu\/wp-json\/wp\/v2\/media?parent=142617"}],"curies":[{"name":"wp","href":"https:\/\/api.w.org\/{rel}","templated":true}]}}