{"id":142313,"date":"2023-05-14T14:01:16","date_gmt":"2023-05-14T14:01:16","guid":{"rendered":"http:\/\/talkpal.ai\/horvat-nyelvtan\/"},"modified":"2025-12-11T16:41:17","modified_gmt":"2025-12-11T16:41:17","slug":"horvat-nyelvtan","status":"publish","type":"page","link":"https:\/\/talkpal.ai\/hu\/horvat-nyelvtan\/","title":{"rendered":"Horv\u00e1t nyelvtan"},"content":{"rendered":"\r\n\r\n\r\n<section class=\"languageChallengeSection\">\r\n    <div class=\"languageInfoWrapper\">\r\n        \r\n        <h1>Horv\u00e1t nyelvtan<\/h1>\r\n        <p>Fedezze fel a <a href=\"https:\/\/talkpal.ai\/learn-croatian\/\">horv\u00e1t<\/a> nyelv leny\u0171g\u00f6z\u0151 szerkezet\u00e9t az alapvet\u0151 nyelvtani szab\u00e1lyok elsaj\u00e1t\u00edt\u00e1s\u00e1val. A <a href=\"https:\/\/talkpal.ai\/croatian-grammar\/\">horv\u00e1t nyelvtan<\/a> elsaj\u00e1t\u00edt\u00e1sa \u00faj kommunik\u00e1ci\u00f3s lehet\u0151s\u00e9geket nyit meg, \u00e9s seg\u00edt jobban megismerni az orsz\u00e1g kult\u00far\u00e1j\u00e1t \u00e9s \u00f6r\u00f6ks\u00e9g\u00e9t. Kezdje el a <a href=\"https:\/\/talkpal.ai\/croatian-grammar\/\">horv\u00e1t nyelvtan<\/a> tanul\u00e1s\u00e1t m\u00e9g ma, \u00e9s tegye meg az els\u0151 l\u00e9p\u00e9st a foly\u00e9kony nyelvtud\u00e1s fel\u00e9!<\/p>\r\n\r\n                            <a class=\"getStartedHidden\" href=\"https:\/\/app.talkpal.ai\/hu\/signup?lng=\">Kezdj\u00fck<\/a>\r\n        \r\n    <\/div>\r\n\r\n    <figure>\r\n    <img decoding=\"async\" width=\"768\" height=\"768\" src=\"https:\/\/talkpal.ai\/wp-content\/uploads\/2023\/06\/croatian-768x768.png\" class=\"languageImage no-lazy\" alt=\"Language learning for successful interaction\" fetchpriority=\"high\" sizes=\"(max-width: 768px) 150px, 768px\" srcset=\"https:\/\/talkpal.ai\/wp-content\/uploads\/2023\/06\/croatian-768x768.png 768w, https:\/\/talkpal.ai\/wp-content\/uploads\/2023\/06\/croatian-300x300.png 300w\" \/>\r\n    \r\n\r\n    <\/figure>\r\n\r\n            <a class=\"getStartedVisible\" href=\"https:\/\/app.talkpal.ai\/hu\/signup?lng=\">Kezdj\u00fck<\/a>\r\n    \r\n<\/section>\r\n<section class=\"promotionalBanner\">\r\n    <p class=\"promotionalText\">A nyelvtanul\u00e1s leghat\u00e9konyabb m\u00f3dja<\/p>\r\n    <a class=\"promotionalLink\" href=\"https:\/\/app.talkpal.ai\/hu\/signup?lng=\">Pr\u00f3b\u00e1lja ki a Talkpal ingyen<\/a>\r\n<\/section>\n<div class=\"wp-block-group pageContainerStyle\"><div class=\"wp-block-group__inner-container is-layout-constrained wp-block-group-is-layout-constrained\">\n<h2 class=\"wp-block-heading\" id=\"h-a-journey-through-croatian-grammar-unraveling-the-complexities-made-easy\">Utaz\u00e1s a horv\u00e1t nyelvtanban: a bonyolults\u00e1g megfejt\u00e9se egyszer\u0171en<\/h2>\n\n\n\n<p>Horv\u00e1t <a href=\"https:\/\/talkpal.ai\/grammar\/\">nyelvtan<\/a>: cs\u00e1b\u00edt\u00f3 \u00e9s megf\u00e9leml\u00edt\u0151, egyszer\u0171 \u00e9s bonyolult, titokzatos \u00e9s leny\u0171g\u00f6z\u0151. Amikor elindul a horv\u00e1t nyelv tanul\u00e1s\u00e1nak \u00fatj\u00e1n, \u00fagy \u00e9rezheti, hogy t\u00falterhel a nyelvtani bonyolults\u00e1g meg\u00e9rt\u00e9s\u00e9nek gondolata. De ne f\u00e9lj, rettenthetetlen nyelv\u00e9sz, mert az\u00e9rt vagyunk itt, hogy vezess\u00fcnk t\u00e9ged az \u00fat <a href=\"https:\/\/talkpal.ai\/locations\/language-courses-in-minden\/\">minden<\/a> l\u00e9p\u00e9s\u00e9n\u00e9l!<\/p>\n\n\n\n<p>Ebben a cikkben alapvet\u0151 ismereteket ny\u00fajtunk a horv\u00e1t nyelvtani fogalmakr\u00f3l, \u00e9s tippeket \u00e9s tr\u00fckk\u00f6ket adunk ennek a gy\u00f6ny\u00f6r\u0171 szl\u00e1v nyelvnek az elsaj\u00e1t\u00edt\u00e1s\u00e1hoz. Csak d\u0151lj\u00f6n h\u00e1tra, laz\u00edtson, \u00e9s egyszer\u0171s\u00edts\u00fck le ezt a l\u00e1tsz\u00f3lag bonyolult \u00fcgyet!<\/p>\n\n\n\n<h3 class=\"wp-block-heading\" id=\"h-1-heavenly-nouns-declining-in-style\">1. Mennyei f\u0151nevek: st\u00edlusosan cs\u00f6kken<\/h3>\n\n\n\n<p>Ha ismeri az olyan nyelveket, mint a latin vagy a <a href=\"https:\/\/talkpal.ai\/learn-german\/\">n\u00e9met<\/a>, akkor a f\u0151n\u00e9vi deklin\u00e1ci\u00f3 fogalma nem lesz \u00fajdons\u00e1g az \u00d6n sz\u00e1m\u00e1ra. A horv\u00e1t nyelvtan a ragoz\u00e1s alapj\u00e1ra \u00e9p\u00fcl, \u00f6sszesen h\u00e9t esettel. Igen, <a href=\"https:\/\/talkpal.ai\/talkpal-christmas-discount\/\">j\u00f3l<\/a> hallottad! A horv\u00e1t nyelvben minden f\u0151n\u00e9vnek legfeljebb h\u00e9t k\u00fcl\u00f6nb\u00f6z\u0151 alakja lehet, att\u00f3l f\u00fcgg\u0151en, hogy milyen szerepet t\u00f6lt be a mondatban. De mi\u00e9rt a felhajt\u00e1s, k\u00e9rdezed? Nos, cs\u00f6kkenti a prepoz\u00edci\u00f3k sz\u00fcks\u00e9gess\u00e9g\u00e9t, pontosabb\u00e1 t\u00e9ve a nyelvet.  <\/p>\n\n\n\n<p>\u00cdme egy gyors \u00f6sszefoglal\u00f3 az esetekr\u0151l:<\/p>\n\n\n\n<p><strong>&#8211; Nominat\u00edvus:<\/strong> Nominat\u00edv: A mondat <a href=\"https:\/\/talkpal.ai\/locations\/language-courses-in-alanya\/\">alanya<\/a>.<\/p>\n\n\n\n<p><strong>&#8211; Genitiv:<\/strong> Birtokl\u00e1st vagy sz\u00e1rmaz\u00e1st jelez<\/p>\n\n\n\n<p><strong>&#8211; Dativus:<\/strong> Dative: A k\u00f6zvetett t\u00e1rgy vagy rendeltet\u00e9si hely.<\/p>\n\n\n\n<p><strong>&#8211; Akkusat\u00edv:<\/strong> A k\u00f6zvetlen t\u00e1rgy vagy c\u00e9l<\/p>\n\n\n\n<p><strong>&#8211; Vocative:<\/strong> Vocative: Valakinek a megsz\u00f3l\u00edt\u00e1s\u00e1ra vagy h\u00edv\u00e1s\u00e1ra haszn\u00e1latos.<\/p>\n\n\n\n<p><strong>&#8211; Locative:<\/strong> A helysz\u00ednt jelzi<\/p>\n\n\n\n<p><strong>&#8211; Hangszeres:<\/strong> eszk\u00f6z, m\u00f3d vagy k\u00eds\u00e9ret.<\/p>\n\n\n\n<p>Most, miel\u0151tt p\u00e1nikba esn\u00e9l, ne feledd, hogy a gyakorlat teszi a mestert. A nyelv rendszeres megismer\u00e9se \u00e9s haszn\u00e1lata seg\u00edt fokozatosan elsaj\u00e1t\u00edtani ezeket a ragoz\u00e1sokat, \u00e9s horv\u00e1t nyelvtani whiz-v\u00e9 v\u00e1lni!<\/p>\n\n\n\n<h3 class=\"wp-block-heading\" id=\"h-2-adorable-adjectives-agreements-galore\">2. Im\u00e1dnival\u00f3 mell\u00e9knevek: meg\u00e1llapod\u00e1sok b\u0151ven<\/h3>\n\n\n\n<p>A horv\u00e1t nyelvtan vil\u00e1g\u00e1ban a mell\u00e9knevek szeretnek kellemesek lenni. Az \u00e1ltaluk m\u00f3dos\u00edtott f\u0151n\u00e9v neme, sz\u00e1ma \u00e9s esete szerint v\u00e1ltoznak. Ez azt jelenti, hogy a mell\u00e9kn\u00e9v alakj\u00e1t att\u00f3l f\u00fcgg\u0151en kell m\u00f3dos\u00edtania, hogy a f\u0151n\u00e9v h\u00edm-, n\u0151- vagy \u00fajnem\u0171, valamint hogy egyes vagy t\u00f6bbes sz\u00e1mban \u00e1ll.<\/p>\n\n\n\n<p>Nehezen ismeri el az egyet\u00e9rt\u00e9st? \u00cdme egy kis tipp: koncentr\u00e1lj a mell\u00e9knevek gy\u00f6k\u00e9nek megtanul\u00e1s\u00e1ra, \u00e9s a t\u00f6bbi a hely\u00e9re ker\u00fcl. P\u00e9ld\u00e1ul a &#8222;sz\u00e9p&#8221; mell\u00e9kn\u00e9v gy\u00f6kszava a &#8222;lijep-&#8222;, \u00e9s k\u00fcl\u00f6nb\u00f6z\u0151 v\u00e9gz\u0151d\u00e9sek haszn\u00e1lat\u00e1val olyan form\u00e1kat hozhat l\u00e9tre, mint a &#8222;lijepa&#8221; (n\u0151nem\u0171, nominativus) vagy a &#8222;lijepim&#8221; (h\u00edm\/nemes, instrument\u00e1lis).<\/p>\n\n\n\n<h3 class=\"wp-block-heading\" id=\"h-3-vibrant-verbs-conjugating-to-perfection\">3. \u00c9l\u00e9nk ig\u00e9k: t\u00f6k\u00e9letesre ragoz\u00e1s<\/h3>\n\n\n\n<p>Kezdesz itt mint\u00e1t l\u00e1tni? Csak\u00fagy, mint a f\u0151nevek \u00e9s mell\u00e9knevek, a horv\u00e1t ig\u00e9k is tele vannak vari\u00e1ci\u00f3kkal. Ebben a nyelvben az ig\u00e9k fesz\u00fclts\u00e9g, hangulat, szempont, szem\u00e9ly \u00e9s sz\u00e1m alapj\u00e1n konjug\u00e1ci\u00f3n mennek kereszt\u00fcl.<\/p>\n\n\n\n<p>A horv\u00e1t nyelvben h\u00e1rom f\u0151 igeid\u0151 van: m\u00falt, jelen \u00e9s j\u00f6v\u0151. M\u00edg a jelen id\u0151 viszonylag k\u00f6nnyen megragadhat\u00f3nak t\u0171nhet, a m\u00falt \u00e9s a j\u00f6v\u0151 id\u0151 bonyolult lehet. De ne agg\u00f3dj! A gyakorl\u00e1s \u00e9s a nyelvnek val\u00f3 kitetts\u00e9g seg\u00edt pillanatok alatt lek\u00fczdeni ezeket az akad\u00e1lyokat.<\/p>\n\n\n\n<h3 class=\"wp-block-heading\" id=\"h-4-prepositions-cases-dynamic-duo\">4. Prepoz\u00edci\u00f3k + esetek = dinamikus du\u00f3!<\/h3>\n\n\n\n<p>A horv\u00e1t el\u00f6lj\u00e1r\u00f3szavak kiss\u00e9 tr\u00fckk\u00f6sek lehetnek, mivel szorosan kapcsol\u00f3dnak a f\u0151n\u00e9vi esetekhez. P\u00e9ld\u00e1ul az &#8222;u&#8221; (in, into) prepoz\u00edci\u00f3t az akkuzat\u00edv esetben haszn\u00e1ljuk, ha mozg\u00e1st vagy ir\u00e1nyt jel\u00f6l, de ha helyet \u00e1br\u00e1zol, akkor a locativus esetet haszn\u00e1ljuk.<\/p>\n\n\n\n<p>A f\u00e9lre\u00e9rt\u00e9sek elker\u00fcl\u00e9se \u00e9rdek\u00e9ben t\u00e1rs\u00edtson egy prepoz\u00edci\u00f3t a sz\u00fcks\u00e9ges esethez. P\u00e9ld\u00e1ul eml\u00e9kezz\u00fcnk az &#8222;u + helyhat\u00e1roz\u00f3 = in&#8221; \u00e9s az &#8222;u + akkusativus = into&#8221; szavakra.<\/p>\n\n\n\n<h3 class=\"wp-block-heading\" id=\"h-5-tame-the-complexities-practice-makes-perfect\">5. Szel\u00edd\u00edtse meg a bonyolults\u00e1got: a gyakorlat teszi a mestert<\/h3>\n\n\n\n<p>Els\u0151 pillant\u00e1sra a horv\u00e1t nyelvtan labirintusnak t\u0171nhet, de ne feledje, hogy a gyakorlat a siker titkos \u00f6sszetev\u0151je. Mer\u00fclj\u00f6n el a nyelvben olvas\u00e1s, \u00edr\u00e1s, hallgat\u00e1s \u00e9s besz\u00e9lget\u00e9s r\u00e9v\u00e9n. V\u00e1ltoztassa a kih\u00edv\u00e1sokat gy\u0151zelemm\u00e9 az\u00e1ltal, hogy lehet\u0151v\u00e9 teszi az agy sz\u00e1m\u00e1ra, hogy elnyelje \u00e9s alkalmazkodjon az \u00faj nyelvi k\u00f6rnyezethez.<\/p>\n\n\n\n<p>Most, hogy m\u00e1r megm\u00e1rt\u00f3zott a horv\u00e1t nyelvtan var\u00e1zslatos viz\u00e9ben, k\u00e9szen \u00e1ll arra, hogy m\u00e9lyebbre mer\u00fclj\u00f6n? Fogadja el a bonyolults\u00e1got, \u00e9lvezze az \u00e1rnyalatokat, \u00e9s ne feledje, hogy kitart\u00e1ssal \u00e9s szenved\u00e9llyel felt\u00e1rhatja a horv\u00e1t nyelv igazi sz\u00e9ps\u00e9g\u00e9t. Sretno! (Sok szerencs\u00e9t!)<\/p>\n<\/div><\/div>\n\r\n<section class=\"learnNavigationSection\">\r\n            \r\n        <a href=\"https:\/\/talkpal.ai\/hu\/tanulj-horvatul\/\">\r\n            <div class=\"learnNavigationWrapper\">\r\n                <div class=\"learnNavigationContent\">\r\n                    <img decoding=\"async\" src=\"https:\/\/talkpal.ai\/wp-content\/uploads\/2024\/08\/Croatian.jpg\" alt=\"Croatian Flag\">\r\n                    <div>\r\n                        <h4>A horv\u00e1t nyelvtanul\u00e1sr\u00f3l<\/h4>\r\n                        <p>Tudjon meg mindent a horv\u00e1t nyelvtanr\u00f3l.<\/p>\r\n                    <\/div>\r\n                <\/div>\r\n            <\/div>\r\n        <\/a>\r\n\r\n        \r\n        <a href=\"https:\/\/talkpal.ai\/hu\/horvat-nyelvtani-gyakorlatok\/\">\r\n            <div class=\"learnNavigationWrapper\">\r\n                <div class=\"learnNavigationContent\">\r\n                    <img decoding=\"async\" src=\"https:\/\/talkpal.ai\/wp-content\/uploads\/2024\/08\/Croatian.jpg\" alt=\"Croatian Flag\">\r\n                    <div>\r\n                        <h4>Horv\u00e1t nyelvtani gyakorlat<\/h4>\r\n                        <p>Gyakorolja a horv\u00e1t nyelvtant.<\/p>\r\n                    <\/div>\r\n                <\/div>\r\n            <\/div>\r\n        <\/a>\r\n\r\n        \r\n        <a href=\"https:\/\/talkpal.ai\/vocabulary_language\/croatian\/\">\r\n            <div class=\"learnNavigationWrapper\">\r\n                <div class=\"learnNavigationContent\">\r\n                    <img decoding=\"async\" src=\"https:\/\/talkpal.ai\/wp-content\/uploads\/2024\/08\/Croatian.jpg\" alt=\"Croatian Flag\">\r\n                    <div>\r\n                        <h4>Horv\u00e1t sz\u00f3kincs<\/h4>\r\n                        <p>B\u0151v\u00edtse horv\u00e1t sz\u00f3kincs\u00e9t.<\/p>\r\n                    <\/div>\r\n                <\/div>\r\n            <\/div>\r\n        <\/a>\r\n\r\n            <\/section>","protected":false},"excerpt":{"rendered":"<p>Utaz\u00e1s a horv\u00e1t nyelvtanban: a bonyolults\u00e1g megfejt\u00e9se egyszer\u0171en Horv\u00e1t nyelvtan: cs\u00e1b\u00edt\u00f3 \u00e9s megf\u00e9leml\u00edt\u0151, egyszer\u0171 \u00e9s bonyolult, titokzatos \u00e9s leny\u0171g\u00f6z\u0151. Amikor elindul a horv\u00e1t nyelv tanul\u00e1s\u00e1nak \u00fatj\u00e1n, \u00fagy \u00e9rezheti, hogy t\u00falterhel a nyelvtani bonyolults\u00e1g meg\u00e9rt\u00e9s\u00e9nek gondolata. De ne f\u00e9lj, rettenthetetlen nyelv\u00e9sz, mert az\u00e9rt vagyunk itt, hogy vezess\u00fcnk t\u00e9ged az \u00fat minden l\u00e9p\u00e9s\u00e9n\u00e9l! Ebben a cikkben alapvet\u0151 [&hellip;]<\/p>\n","protected":false},"author":1,"featured_media":110166,"parent":0,"menu_order":0,"comment_status":"closed","ping_status":"closed","template":"LearningContentPage.php","meta":{"_acf_changed":false,"footnotes":""},"class_list":["post-142313","page","type-page","status-publish","has-post-thumbnail","hentry"],"acf":[],"yoast_head":"<!-- This site is optimized with the Yoast SEO Premium plugin v27.2 (Yoast SEO v27.2) - https:\/\/yoast.com\/product\/yoast-seo-premium-wordpress\/ -->\n<title>Horv\u00e1t nyelvtan - Talkpal<\/title>\n<meta name=\"description\" content=\"Fedezze fel a horv\u00e1t nyelvtant, \u00e9s fejlessze a nyelvtud\u00e1s\u00e1t alapvet\u0151 tippekkel \u00e9s forr\u00e1sokkal.\" \/>\n<meta name=\"robots\" content=\"index, follow, max-snippet:-1, max-image-preview:large, max-video-preview:-1\" \/>\n<link rel=\"canonical\" href=\"https:\/\/talkpal.ai\/hu\/horvat-nyelvtan\/\" \/>\n<meta property=\"og:locale\" content=\"hu_HU\" \/>\n<meta property=\"og:type\" content=\"article\" \/>\n<meta property=\"og:title\" content=\"Horv\u00e1t nyelvtan\" \/>\n<meta property=\"og:description\" content=\"Utaz\u00e1s a horv\u00e1t nyelvtanban: a bonyolults\u00e1g megfejt\u00e9se egyszer\u0171en Horv\u00e1t nyelvtan: cs\u00e1b\u00edt\u00f3 \u00e9s megf\u00e9leml\u00edt\u0151, egyszer\u0171 \u00e9s bonyolult, titokzatos \u00e9s\" \/>\n<meta property=\"og:url\" content=\"https:\/\/talkpal.ai\/hu\/horvat-nyelvtan\/\" \/>\n<meta property=\"og:site_name\" content=\"Talkpal\" \/>\n<meta property=\"article:publisher\" content=\"https:\/\/www.facebook.com\/profile.php?id=100090733639311\" \/>\n<meta property=\"article:modified_time\" content=\"2025-12-11T16:41:17+00:00\" \/>\n<meta property=\"og:image\" content=\"https:\/\/talkpal.ai\/wp-content\/uploads\/2023\/05\/croatia.png\" \/>\n\t<meta property=\"og:image:width\" content=\"512\" \/>\n\t<meta property=\"og:image:height\" content=\"512\" \/>\n\t<meta property=\"og:image:type\" content=\"image\/png\" \/>\n<meta name=\"twitter:card\" content=\"summary_large_image\" \/>\n<meta name=\"twitter:site\" content=\"@talkpalai\" \/>\n<meta name=\"twitter:label1\" content=\"Becs\u00fclt olvas\u00e1si id\u0151\" \/>\n\t<meta name=\"twitter:data1\" content=\"4 perc\" \/>\n<script type=\"application\/ld+json\" class=\"yoast-schema-graph\">{\"@context\":\"https:\/\/schema.org\",\"@graph\":[{\"@type\":\"WebPage\",\"@id\":\"https:\/\/talkpal.ai\/hu\/horvat-nyelvtan\/\",\"url\":\"https:\/\/talkpal.ai\/hu\/horvat-nyelvtan\/\",\"name\":\"Horv\u00e1t nyelvtan - Talkpal\",\"isPartOf\":{\"@id\":\"https:\/\/talkpal.ai\/hu\/#website\"},\"primaryImageOfPage\":{\"@id\":\"https:\/\/talkpal.ai\/hu\/horvat-nyelvtan\/#primaryimage\"},\"image\":{\"@id\":\"https:\/\/talkpal.ai\/hu\/horvat-nyelvtan\/#primaryimage\"},\"thumbnailUrl\":\"https:\/\/talkpal.ai\/wp-content\/uploads\/2023\/05\/croatia.png\",\"datePublished\":\"2023-05-14T14:01:16+00:00\",\"dateModified\":\"2025-12-11T16:41:17+00:00\",\"description\":\"Fedezze fel a horv\u00e1t nyelvtant, \u00e9s fejlessze a nyelvtud\u00e1s\u00e1t alapvet\u0151 tippekkel \u00e9s forr\u00e1sokkal.\",\"breadcrumb\":{\"@id\":\"https:\/\/talkpal.ai\/hu\/horvat-nyelvtan\/#breadcrumb\"},\"inLanguage\":\"hu\",\"potentialAction\":[{\"@type\":\"ReadAction\",\"target\":[\"https:\/\/talkpal.ai\/hu\/horvat-nyelvtan\/\"]}]},{\"@type\":\"ImageObject\",\"inLanguage\":\"hu\",\"@id\":\"https:\/\/talkpal.ai\/hu\/horvat-nyelvtan\/#primaryimage\",\"url\":\"https:\/\/talkpal.ai\/wp-content\/uploads\/2023\/05\/croatia.png\",\"contentUrl\":\"https:\/\/talkpal.ai\/wp-content\/uploads\/2023\/05\/croatia.png\",\"width\":512,\"height\":512},{\"@type\":\"BreadcrumbList\",\"@id\":\"https:\/\/talkpal.ai\/hu\/horvat-nyelvtan\/#breadcrumb\",\"itemListElement\":[{\"@type\":\"ListItem\",\"position\":1,\"name\":\"Homepage\",\"item\":\"https:\/\/talkpal.ai\/hu\/\"},{\"@type\":\"ListItem\",\"position\":2,\"name\":\"Horv\u00e1t nyelvtan\"}]},{\"@type\":\"WebSite\",\"@id\":\"https:\/\/talkpal.ai\/hu\/#website\",\"url\":\"https:\/\/talkpal.ai\/hu\/\",\"name\":\"Talkpal\",\"description\":\"AI Language Learning\",\"publisher\":{\"@id\":\"https:\/\/talkpal.ai\/hu\/#organization\"},\"alternateName\":\"Talkpal AI\",\"potentialAction\":[{\"@type\":\"SearchAction\",\"target\":{\"@type\":\"EntryPoint\",\"urlTemplate\":\"https:\/\/talkpal.ai\/hu\/?s={search_term_string}\"},\"query-input\":{\"@type\":\"PropertyValueSpecification\",\"valueRequired\":true,\"valueName\":\"search_term_string\"}}],\"inLanguage\":\"hu\"},{\"@type\":\"Organization\",\"@id\":\"https:\/\/talkpal.ai\/hu\/#organization\",\"name\":\"Talkpal, Inc.\",\"alternateName\":\"Talkpal AI\",\"url\":\"https:\/\/talkpal.ai\/hu\/\",\"logo\":{\"@type\":\"ImageObject\",\"inLanguage\":\"hu\",\"@id\":\"https:\/\/talkpal.ai\/hu\/#\/schema\/logo\/image\/\",\"url\":\"https:\/\/talkpal.ai\/wp-content\/uploads\/2024\/03\/Talkpal-Logo-Icon.png\",\"contentUrl\":\"https:\/\/talkpal.ai\/wp-content\/uploads\/2024\/03\/Talkpal-Logo-Icon.png\",\"width\":2880,\"height\":2880,\"caption\":\"Talkpal, Inc.\"},\"image\":{\"@id\":\"https:\/\/talkpal.ai\/hu\/#\/schema\/logo\/image\/\"},\"sameAs\":[\"https:\/\/www.facebook.com\/profile.php?id=100090733639311\",\"https:\/\/x.com\/talkpalai\",\"https:\/\/www.linkedin.com\/company\/talkpal\/\",\"https:\/\/www.youtube.com\/@TalkPal\/\",\"https:\/\/www.tiktok.com\/@talkpal\",\"https:\/\/www.instagram.com\/talkpal_ai\/\",\"https:\/\/www.crunchbase.com\/organization\/talkpal-9cde\",\"https:\/\/www.g2.com\/products\/talkpal-for-business\/\",\"https:\/\/www.trustpilot.com\/review\/talkpal.ai\",\"https:\/\/www.capterra.com\/p\/10006800\/TalkPal\/\"],\"description\":\"Talkpal is a language learning web and mobile education app, powered by the latest AI technologies, that provides engaging experiences to its customers in many different languages to help them improve their language skills. Users can chat about unlimited amount of topics with the app and use other modes to practice their language learning.\",\"email\":\"support@talkpal.ai\",\"legalName\":\"Talkpal, Inc.\",\"foundingDate\":\"2023-04-03\",\"duns\":\"118989042\",\"numberOfEmployees\":{\"@type\":\"QuantitativeValue\",\"minValue\":\"11\",\"maxValue\":\"50\"},\"publishingPrinciples\":\"https:\/\/talkpal.ai\/publishing-principles\/\",\"actionableFeedbackPolicy\":\"https:\/\/talkpal.ai\/actionable-feedback-policy\/\",\"correctionsPolicy\":\"https:\/\/talkpal.ai\/corrections-policy\/\",\"ethicsPolicy\":\"https:\/\/talkpal.ai\/ethics-policy\/\",\"diversityPolicy\":\"https:\/\/talkpal.ai\/diversity-policy\/\",\"diversityStaffingReport\":\"https:\/\/talkpal.ai\/diversity-policy\/\"}]}<\/script>\n<!-- \/ Yoast SEO Premium plugin. -->","yoast_head_json":{"title":"Horv\u00e1t nyelvtan - Talkpal","description":"Fedezze fel a horv\u00e1t nyelvtant, \u00e9s fejlessze a nyelvtud\u00e1s\u00e1t alapvet\u0151 tippekkel \u00e9s forr\u00e1sokkal.","robots":{"index":"index","follow":"follow","max-snippet":"max-snippet:-1","max-image-preview":"max-image-preview:large","max-video-preview":"max-video-preview:-1"},"canonical":"https:\/\/talkpal.ai\/hu\/horvat-nyelvtan\/","og_locale":"hu_HU","og_type":"article","og_title":"Horv\u00e1t nyelvtan","og_description":"Utaz\u00e1s a horv\u00e1t nyelvtanban: a bonyolults\u00e1g megfejt\u00e9se egyszer\u0171en Horv\u00e1t nyelvtan: cs\u00e1b\u00edt\u00f3 \u00e9s megf\u00e9leml\u00edt\u0151, egyszer\u0171 \u00e9s bonyolult, titokzatos \u00e9s","og_url":"https:\/\/talkpal.ai\/hu\/horvat-nyelvtan\/","og_site_name":"Talkpal","article_publisher":"https:\/\/www.facebook.com\/profile.php?id=100090733639311","article_modified_time":"2025-12-11T16:41:17+00:00","og_image":[{"width":512,"height":512,"url":"https:\/\/talkpal.ai\/wp-content\/uploads\/2023\/05\/croatia.png","type":"image\/png"}],"twitter_card":"summary_large_image","twitter_site":"@talkpalai","twitter_misc":{"Becs\u00fclt olvas\u00e1si id\u0151":"4 perc"},"schema":{"@context":"https:\/\/schema.org","@graph":[{"@type":"WebPage","@id":"https:\/\/talkpal.ai\/hu\/horvat-nyelvtan\/","url":"https:\/\/talkpal.ai\/hu\/horvat-nyelvtan\/","name":"Horv\u00e1t nyelvtan - Talkpal","isPartOf":{"@id":"https:\/\/talkpal.ai\/hu\/#website"},"primaryImageOfPage":{"@id":"https:\/\/talkpal.ai\/hu\/horvat-nyelvtan\/#primaryimage"},"image":{"@id":"https:\/\/talkpal.ai\/hu\/horvat-nyelvtan\/#primaryimage"},"thumbnailUrl":"https:\/\/talkpal.ai\/wp-content\/uploads\/2023\/05\/croatia.png","datePublished":"2023-05-14T14:01:16+00:00","dateModified":"2025-12-11T16:41:17+00:00","description":"Fedezze fel a horv\u00e1t nyelvtant, \u00e9s fejlessze a nyelvtud\u00e1s\u00e1t alapvet\u0151 tippekkel \u00e9s forr\u00e1sokkal.","breadcrumb":{"@id":"https:\/\/talkpal.ai\/hu\/horvat-nyelvtan\/#breadcrumb"},"inLanguage":"hu","potentialAction":[{"@type":"ReadAction","target":["https:\/\/talkpal.ai\/hu\/horvat-nyelvtan\/"]}]},{"@type":"ImageObject","inLanguage":"hu","@id":"https:\/\/talkpal.ai\/hu\/horvat-nyelvtan\/#primaryimage","url":"https:\/\/talkpal.ai\/wp-content\/uploads\/2023\/05\/croatia.png","contentUrl":"https:\/\/talkpal.ai\/wp-content\/uploads\/2023\/05\/croatia.png","width":512,"height":512},{"@type":"BreadcrumbList","@id":"https:\/\/talkpal.ai\/hu\/horvat-nyelvtan\/#breadcrumb","itemListElement":[{"@type":"ListItem","position":1,"name":"Homepage","item":"https:\/\/talkpal.ai\/hu\/"},{"@type":"ListItem","position":2,"name":"Horv\u00e1t nyelvtan"}]},{"@type":"WebSite","@id":"https:\/\/talkpal.ai\/hu\/#website","url":"https:\/\/talkpal.ai\/hu\/","name":"Talkpal","description":"AI Language Learning","publisher":{"@id":"https:\/\/talkpal.ai\/hu\/#organization"},"alternateName":"Talkpal AI","potentialAction":[{"@type":"SearchAction","target":{"@type":"EntryPoint","urlTemplate":"https:\/\/talkpal.ai\/hu\/?s={search_term_string}"},"query-input":{"@type":"PropertyValueSpecification","valueRequired":true,"valueName":"search_term_string"}}],"inLanguage":"hu"},{"@type":"Organization","@id":"https:\/\/talkpal.ai\/hu\/#organization","name":"Talkpal, Inc.","alternateName":"Talkpal AI","url":"https:\/\/talkpal.ai\/hu\/","logo":{"@type":"ImageObject","inLanguage":"hu","@id":"https:\/\/talkpal.ai\/hu\/#\/schema\/logo\/image\/","url":"https:\/\/talkpal.ai\/wp-content\/uploads\/2024\/03\/Talkpal-Logo-Icon.png","contentUrl":"https:\/\/talkpal.ai\/wp-content\/uploads\/2024\/03\/Talkpal-Logo-Icon.png","width":2880,"height":2880,"caption":"Talkpal, Inc."},"image":{"@id":"https:\/\/talkpal.ai\/hu\/#\/schema\/logo\/image\/"},"sameAs":["https:\/\/www.facebook.com\/profile.php?id=100090733639311","https:\/\/x.com\/talkpalai","https:\/\/www.linkedin.com\/company\/talkpal\/","https:\/\/www.youtube.com\/@TalkPal\/","https:\/\/www.tiktok.com\/@talkpal","https:\/\/www.instagram.com\/talkpal_ai\/","https:\/\/www.crunchbase.com\/organization\/talkpal-9cde","https:\/\/www.g2.com\/products\/talkpal-for-business\/","https:\/\/www.trustpilot.com\/review\/talkpal.ai","https:\/\/www.capterra.com\/p\/10006800\/TalkPal\/"],"description":"Talkpal is a language learning web and mobile education app, powered by the latest AI technologies, that provides engaging experiences to its customers in many different languages to help them improve their language skills. Users can chat about unlimited amount of topics with the app and use other modes to practice their language learning.","email":"support@talkpal.ai","legalName":"Talkpal, Inc.","foundingDate":"2023-04-03","duns":"118989042","numberOfEmployees":{"@type":"QuantitativeValue","minValue":"11","maxValue":"50"},"publishingPrinciples":"https:\/\/talkpal.ai\/publishing-principles\/","actionableFeedbackPolicy":"https:\/\/talkpal.ai\/actionable-feedback-policy\/","correctionsPolicy":"https:\/\/talkpal.ai\/corrections-policy\/","ethicsPolicy":"https:\/\/talkpal.ai\/ethics-policy\/","diversityPolicy":"https:\/\/talkpal.ai\/diversity-policy\/","diversityStaffingReport":"https:\/\/talkpal.ai\/diversity-policy\/"}]}},"_links":{"self":[{"href":"https:\/\/talkpal.ai\/hu\/wp-json\/wp\/v2\/pages\/142313","targetHints":{"allow":["GET"]}}],"collection":[{"href":"https:\/\/talkpal.ai\/hu\/wp-json\/wp\/v2\/pages"}],"about":[{"href":"https:\/\/talkpal.ai\/hu\/wp-json\/wp\/v2\/types\/page"}],"author":[{"embeddable":true,"href":"https:\/\/talkpal.ai\/hu\/wp-json\/wp\/v2\/users\/1"}],"replies":[{"embeddable":true,"href":"https:\/\/talkpal.ai\/hu\/wp-json\/wp\/v2\/comments?post=142313"}],"version-history":[{"count":0,"href":"https:\/\/talkpal.ai\/hu\/wp-json\/wp\/v2\/pages\/142313\/revisions"}],"wp:featuredmedia":[{"embeddable":true,"href":"https:\/\/talkpal.ai\/hu\/wp-json\/wp\/v2\/media\/110166"}],"wp:attachment":[{"href":"https:\/\/talkpal.ai\/hu\/wp-json\/wp\/v2\/media?parent=142313"}],"curies":[{"name":"wp","href":"https:\/\/api.w.org\/{rel}","templated":true}]}}