{"id":142032,"date":"2023-05-14T14:00:56","date_gmt":"2023-05-14T14:00:56","guid":{"rendered":"http:\/\/talkpal.ai\/katalan-nyelvtan\/"},"modified":"2025-05-22T18:36:18","modified_gmt":"2025-05-22T18:36:18","slug":"katalan-nyelvtan","status":"publish","type":"page","link":"https:\/\/talkpal.ai\/hu\/katalan-nyelvtan\/","title":{"rendered":"Katal\u00e1n nyelvtan"},"content":{"rendered":"\r\n\r\n\r\n<section class=\"languageChallengeSection\">\r\n    <div class=\"languageInfoWrapper\">\r\n        \r\n        <h1>Katal\u00e1n nyelvtan<\/h1>\r\n        <p>Mer\u00fclj\u00f6n el a <a href=\"https:\/\/talkpal.ai\/catalan-grammar\/\">katal\u00e1n nyelvtan<\/a> vil\u00e1g\u00e1ban, \u00e9s fedezze fel ennek a vibr\u00e1l\u00f3 <a href=\"https:\/\/talkpal.ai\/learn-romanian\/\">rom\u00e1n<\/a> nyelvnek az egyedi szerkezet\u00e9t. Az alapok elsaj\u00e1t\u00edt\u00e1sa seg\u00edt abban, hogy hat\u00e9konyabban kommunik\u00e1ljon, \u00e9s m\u00e9lyebb szinten kapcsol\u00f3djon a <a href=\"https:\/\/talkpal.ai\/learn-catalan\/\">katal\u00e1n<\/a> kult\u00far\u00e1hoz. Kezdje el a <a href=\"https:\/\/talkpal.ai\/catalan-grammar\/\">katal\u00e1n nyelvtan<\/a> tanul\u00e1s\u00e1t m\u00e9g ma, \u00e9s tegye meg az els\u0151 l\u00e9p\u00e9st a foly\u00e9kony nyelvtud\u00e1s fel\u00e9!\n\n<\/p>\r\n\r\n                            <a class=\"getStartedHidden\" href=\"https:\/\/app.talkpal.ai\/hu\/signup?lng=\">Kezdj\u00fck<\/a>\r\n        \r\n    <\/div>\r\n\r\n    <figure>\r\n    <img decoding=\"async\" width=\"768\" height=\"768\" src=\"https:\/\/talkpal.ai\/wp-content\/uploads\/2023\/06\/catalan-768x768.png\" class=\"languageImage no-lazy\" alt=\"Language learning techniques for fast learning\" fetchpriority=\"high\" sizes=\"(max-width: 768px) 150px, 768px\" srcset=\"https:\/\/talkpal.ai\/wp-content\/uploads\/2023\/06\/catalan-768x768.png 768w, https:\/\/talkpal.ai\/wp-content\/uploads\/2023\/06\/catalan-300x300.png 300w\" \/>\r\n    \r\n\r\n    <\/figure>\r\n\r\n            <a class=\"getStartedVisible\" href=\"https:\/\/app.talkpal.ai\/hu\/signup?lng=\">Kezdj\u00fck<\/a>\r\n    \r\n<\/section>\r\n<section class=\"promotionalBanner\">\r\n    <p class=\"promotionalText\">A nyelvtanul\u00e1s leghat\u00e9konyabb m\u00f3dja<\/p>\r\n    <a class=\"promotionalLink\" href=\"https:\/\/app.talkpal.ai\/hu\/signup?lng=\">Pr\u00f3b\u00e1lja ki a Talkpal ingyen<\/a>\r\n<\/section>\n<div class=\"wp-block-group pageContainerStyle\"><div class=\"wp-block-group__inner-container is-layout-constrained wp-block-group-is-layout-constrained\">\n<h2 class=\"wp-block-heading\" id=\"h-catalan-grammar-a-quick-guide-for-language-enthusiasts\">Katal\u00e1n nyelvtan: Gyors \u00fatmutat\u00f3 a nyelv szerelmeseinek<\/h2>\n\n\n\n<p>Tervezi, hogy katal\u00e1nul tanul, vagy csak k\u00edv\u00e1ncsi erre a gy\u00f6ny\u00f6r\u0171 \u00fajlatin nyelvre? Ne keressen tov\u00e1bb! Az\u00e9rt vagyunk itt, hogy elvissz\u00fck \u00d6nt egy gyors k\u00f6r\u00fatra a katal\u00e1n nyelvtanba, \u00e9s felv\u00e9rtezz\u00fck az alapokkal. Mer\u00fclj\u00fcnk el ebben a b\u00e1jos nyelvben, \u00e9s fedezz\u00fck fel, hogyan m\u0171k\u00f6dik nyelvtani szinten.<\/p>\n\n\n\n<p>A katal\u00e1n, amelyet k\u00f6r\u00fclbel\u00fcl 10 milli\u00f3 ember besz\u00e9l, els\u0151sorban Katal\u00f3ni\u00e1ban, Valenci\u00e1ban \u00e9s a Bale\u00e1r-szigeteken, egyed\u00fcl\u00e1ll\u00f3 kever\u00e9ke a latin, a <a href=\"https:\/\/talkpal.ai\/learn-spanish\/\">spanyol<\/a> \u00e9s a <a href=\"https:\/\/talkpal.ai\/learn-french\/\">francia<\/a> hat\u00e1soknak. Csak\u00fagy, mint te \u00e9s \u00e9n, a nyelvek tov\u00e1bb gazdag\u00edtj\u00e1k magukat az\u00e1ltal, hogy id\u0151vel k\u00fcl\u00f6nb\u00f6z\u0151 \u00e1rnyalatokat k\u00f6lcs\u00f6n\u00f6znek egym\u00e1st\u00f3l. Milyen izgalmas!<\/p>\n\n\n\n<p><strong>Most pedig ismerkedj\u00fcnk meg a katal\u00e1n nyelvtan n\u00e9h\u00e1ny alapvet\u0151 aspektus\u00e1val:<\/strong><\/p>\n\n\n\n<h3 class=\"wp-block-heading\" id=\"h-1-nouns-and-gender\">1. F\u0151nevek \u00e9s nem:<\/h3>\n\n\n\n<p>\u00c9nekeld velem egy\u00fctt &#8211; &#8222;Minden f\u0151n\u00e9vnek megvan az ereje! A t\u00f6bbi rom\u00e1n nyelvhez hasonl\u00f3an a katal\u00e1n f\u0151nevek is h\u00edmnem\u0171ek vagy n\u0151nem\u0171ek, \u00e9s ez a &#8222;nem&#8221; befoly\u00e1solja, hogyan haszn\u00e1lj\u00e1k \u0151ket a cikkekkel \u00e9s mell\u00e9knevekkel. De ne agg\u00f3dj! A legt\u00f6bbsz\u00f6r az &#8222;-a&#8221;-ra v\u00e9gz\u0151d\u0151 f\u0151nevek n\u0151nem\u0171ek, m\u00edg az &#8222;-o&#8221;-ra (vagy m\u00e1s m\u00e1ssalhangz\u00f3ra) v\u00e9gz\u0151d\u0151 f\u0151nevek h\u00edmnem\u0171ek. Ne feledje azonban a kiv\u00e9teleket &#8211; szeretnek r\u00e1d lopakodni!<\/p>\n\n\n\n<h3 class=\"wp-block-heading\" id=\"h-2-articles\">2. Cikkek:<\/h3>\n\n\n\n<p>Az \u00e9let unalmas lenne cikkek n\u00e9lk\u00fcl, nem igaz? A katal\u00e1n nyelvben vannak hat\u00e1rozott n\u00e9vel\u0151 cikkek, amelyekkel konkr\u00e9t dolgokra vagy szem\u00e9lyekre utalhatunk (p\u00e9ld\u00e1ul \u201ea kutya\u201d vagy \u201ea k\u00f6nyv\u201d), \u00e9s hat\u00e1rozatlan n\u00e9vel\u0151 cikkek, amelyekkel \u00e1ltal\u00e1nos utal\u00e1sokat tehet\u00fcnk (p\u00e9ld\u00e1ul \u201eegy kutya\u201d vagy \u201eegy k\u00f6nyv\u201d).  <\/p>\n\n\n\n<p>A katal\u00e1n nyelvben a hat\u00e1rozott n\u00e9vel\u0151 a h\u00edmnem\u0171 egyes sz\u00e1m\u00fa f\u0151nevek eset\u00e9ben &#8222;el&#8221;, a n\u0151nem\u0171 egyes sz\u00e1m\u00fa f\u0151nevek eset\u00e9ben &#8222;la&#8221;, a h\u00edmnem\u0171 t\u00f6bbes sz\u00e1m\u00fa f\u0151nevek eset\u00e9ben &#8222;els&#8221;, a n\u0151nem\u0171 t\u00f6bbes sz\u00e1m\u00fa f\u0151nevek eset\u00e9ben &#8222;les&#8221;. A hat\u00e1rozatlan n\u00e9vel\u0151 cikkek viszont &#8222;un&#8221; a h\u00edmnem\u0171 egyes sz\u00e1m\u00fa f\u0151nevekn\u00e9l \u00e9s &#8222;una&#8221; a n\u0151nem\u0171 egyes sz\u00e1m\u00fa f\u0151nevekn\u00e9l. T\u00f6bbes sz\u00e1mban nincsenek konkr\u00e9t hat\u00e1rozatlan cikkek. K\u00f6nny\u0171-k\u00f6nny\u0171, igaz?<\/p>\n\n\n\n<h3 class=\"wp-block-heading\" id=\"h-3-adjectives\">3. Mell\u00e9knevek:<\/h3>\n\n\n\n<p>A mell\u00e9knevek a f\u0151nevek le\u00edr\u00e1s\u00e1val \u00edzt adnak a mondatoknak, \u00e9s katal\u00e1nul nemben \u00e9s sz\u00e1mban megegyeznek az \u00e1ltaluk m\u00f3dos\u00edtott f\u0151nevekkel. A legt\u00f6bb esetben az &#8222;-o&#8221; v\u00e9g\u0171 mell\u00e9knevek h\u00edmnem\u0171ek, az &#8222;-a&#8221; v\u00e9g\u0171ek pedig n\u0151nem\u0171ek. A t\u00f6bbes sz\u00e1m k\u00e9pz\u00e9s\u00e9hez az &#8222;-o&#8221;-t &#8222;-os&#8221;-ra (h\u00edmnem\u0171) \u00e9s az &#8222;-a&#8221;-t &#8222;-es&#8221;-re (n\u0151nem\u0171) kell cser\u00e9lni. Ne feledje, hogy egyes mell\u00e9knevek mindk\u00e9t nem sz\u00e1m\u00e1ra egyedi form\u00e1j\u00faak, \u00e9s csak a t\u00f6bbes sz\u00e1m\u00fa jel\u00f6l\u0151 v\u00e1ltozik. Sz\u00f3rakoztat\u00f3an hangzik, igaz?<\/p>\n\n\n\n<h3 class=\"wp-block-heading\" id=\"h-4-verbs-and-conjugation\">4. Ig\u00e9k \u00e9s ragoz\u00e1s:<\/h3>\n\n\n\n<p><a href=\"https:\/\/talkpal.ai\/locations\/language-courses-in-minden\/\">Minden<\/a> nyelv sz\u00edve! A katal\u00e1n ig\u00e9k h\u00e1rom csoportba sorolhat\u00f3k a v\u00e9gz\u0151d\u00e9s\u00fck alapj\u00e1n: &#8222;-ar&#8221;, &#8222;-er&#8221; \u00e9s &#8222;-ir&#8221;. Minden csoportnak megvan a maga saj\u00e1tos ragoz\u00e1si mint\u00e1ja a k\u00fcl\u00f6nb\u00f6z\u0151 igeid\u0151kh\u00f6z, hangulatokhoz \u00e9s n\u00e9vm\u00e1sokhoz \u2013 csak\u00fagy, mint a k\u00fcl\u00f6nb\u00f6z\u0151 ritmusokra t\u00e1ncol\u00f3k. A katal\u00e1nban is vannak seg\u00e9dig\u00e9k (mint p\u00e9ld\u00e1ul a &#8216;van&#8217; \u00e9s a &#8216;van&#8217;), amelyek m\u00e1s ig\u00e9kkel kombin\u00e1lva \u00f6sszetett id\u0151m\u00e9rt\u00e9keket \u00e9s passz\u00edv hangot alkotnak. Teh\u00e1t vegye fel t\u00e1nccip\u0151j\u00e9t, \u00e9s kezdje el felfedezni a katal\u00e1n ig\u00e9k \u00e9l\u00e9nk vil\u00e1g\u00e1t.<\/p>\n\n\n\n<h3 class=\"wp-block-heading\" id=\"h-5-word-order\">5. Sz\u00f3rend<\/h3>\n\n\n\n<p>Helyezz\u00fck ezeket a szavakat a megfelel\u0151 sorrendbe! A katal\u00e1n \u00e1ltal\u00e1ban alany-ige-objektum (SVO) sz\u00f3rend k\u00f6vetkezik, ak\u00e1rcsak az angol. A sz\u00f3rend rugalmass\u00e1ga azonban hangs\u00falyos vagy stilisztikai c\u00e9lokra megengedett. A mell\u00e9knevek \u00e1ltal\u00e1ban az \u00e1ltaluk le\u00edrt f\u0151n\u00e9v ut\u00e1n k\u00f6vetkeznek, de el\u0151fordulhat, hogy a f\u0151n\u00e9v el\u0151tt l\u00e1tja \u0151ket, hogy hangs\u00falyozza fontoss\u00e1gukat. Ne feledje, hogy a gyakorlat t\u00f6k\u00e9letes, amikor a katal\u00e1n sz\u00f3rend elsaj\u00e1t\u00edt\u00e1s\u00e1r\u00f3l van sz\u00f3.<\/p>\n\n\n\n<h3 class=\"wp-block-heading\" id=\"h-6-pronouns-and-prepositions\">6. N\u00e9vm\u00e1sok \u00e9s el\u00f6lj\u00e1r\u00f3szavak:<\/h3>\n\n\n\n<p>V\u00e9g\u00fcl, de nem utols\u00f3sorban! A katal\u00e1n nyelvnek vannak alany n\u00e9vm\u00e1sai (\u00e9n, te, \u0151, \u0151 stb.) \u00e9s t\u00e1rgy n\u00e9vm\u00e1sok (\u00e9n, te, \u0151, \u0151 stb.), amelyek a mondaton bel\u00fcli funkci\u00f3jukt\u00f3l f\u00fcgg\u0151en k\u00fcl\u00f6nb\u00f6z\u0151 v\u00e1ltoz\u00e1sokon mehetnek kereszt\u00fcl. Ezenk\u00edv\u00fcl a katal\u00e1n prepoz\u00edci\u00f3k (p\u00e9ld\u00e1ul &#8222;a&#8221;, &#8222;de&#8221;, &#8222;en&#8221;, &#8222;amb&#8221;) seg\u00edtenek a szavak \u00e9s kifejez\u00e9sek \u00f6sszekapcsol\u00e1s\u00e1ban \u00e9s a k\u00f6zt\u00fck l\u00e9v\u0151 kapcsolatok kimutat\u00e1s\u00e1ban.<\/p>\n\n\n\n<p>H\u00fa! Most m\u00e1r a katal\u00e1n nyelvtan alapjait is elsaj\u00e1t\u00edthatod. Folytasd a felfedez\u00e9st, tegy\u00e9l fel k\u00e9rd\u00e9seket, \u00e9s gyakorold ezt a kedves nyelvet. Ne feledje, hogy egy \u00faj nyelv tanul\u00e1sa olyan, mintha egy izgalmas utaz\u00e1sra indulna. Lesznek hull\u00e1mv\u00f6lgyeid, de a jutalom meg\u00e9ri az er\u0151fesz\u00edt\u00e9st. Bon viatge!<\/p>\n<\/div><\/div>\n\r\n<section class=\"learnNavigationSection\">\r\n            \r\n        <a href=\"https:\/\/talkpal.ai\/hu\/tanuljon-katalan-nyelven\/\">\r\n            <div class=\"learnNavigationWrapper\">\r\n                <div class=\"learnNavigationContent\">\r\n                    <img decoding=\"async\" src=\"https:\/\/talkpal.ai\/wp-content\/uploads\/2024\/08\/Catalan.jpg\" alt=\"Catalan Flag\">\r\n                    <div>\r\n                        <h4>A katal\u00e1n tanul\u00e1sr\u00f3l<\/h4>\r\n                        <p>Tudjon meg mindent a katal\u00e1n nyelvtanr\u00f3l.<\/p>\r\n                    <\/div>\r\n                <\/div>\r\n            <\/div>\r\n        <\/a>\r\n\r\n        \r\n        <a href=\"https:\/\/talkpal.ai\/hu\/katalan-nyelvtani-gyakorlatok\/\">\r\n            <div class=\"learnNavigationWrapper\">\r\n                <div class=\"learnNavigationContent\">\r\n                    <img decoding=\"async\" src=\"https:\/\/talkpal.ai\/wp-content\/uploads\/2024\/08\/Catalan.jpg\" alt=\"Catalan Flag\">\r\n                    <div>\r\n                        <h4>Katal\u00e1n nyelvtani gyakorlat<\/h4>\r\n                        <p>Gyakorolja a katal\u00e1n nyelvtant.<\/p>\r\n                    <\/div>\r\n                <\/div>\r\n            <\/div>\r\n        <\/a>\r\n\r\n        \r\n        <a href=\"https:\/\/talkpal.ai\/vocabulary_language\/catalan\/\">\r\n            <div class=\"learnNavigationWrapper\">\r\n                <div class=\"learnNavigationContent\">\r\n                    <img decoding=\"async\" src=\"https:\/\/talkpal.ai\/wp-content\/uploads\/2024\/08\/Catalan.jpg\" alt=\"Catalan Flag\">\r\n                    <div>\r\n                        <h4>Katal\u00e1n sz\u00f3kincs<\/h4>\r\n                        <p>B\u0151v\u00edtse katal\u00e1n sz\u00f3kincs\u00e9t.<\/p>\r\n                    <\/div>\r\n                <\/div>\r\n            <\/div>\r\n        <\/a>\r\n\r\n            <\/section>","protected":false},"excerpt":{"rendered":"<p>Katal\u00e1n nyelvtan: Gyors \u00fatmutat\u00f3 a nyelv szerelmeseinek Tervezi, hogy katal\u00e1nul tanul, vagy csak k\u00edv\u00e1ncsi erre a gy\u00f6ny\u00f6r\u0171 \u00fajlatin nyelvre? Ne keressen tov\u00e1bb! Az\u00e9rt vagyunk itt, hogy elvissz\u00fck \u00d6nt egy gyors k\u00f6r\u00fatra a katal\u00e1n nyelvtanba, \u00e9s felv\u00e9rtezz\u00fck az alapokkal. Mer\u00fclj\u00fcnk el ebben a b\u00e1jos nyelvben, \u00e9s fedezz\u00fck fel, hogyan m\u0171k\u00f6dik nyelvtani szinten. A katal\u00e1n, amelyet k\u00f6r\u00fclbel\u00fcl [&hellip;]<\/p>\n","protected":false},"author":1,"featured_media":142041,"parent":0,"menu_order":0,"comment_status":"closed","ping_status":"closed","template":"LearningContentPage.php","meta":{"_acf_changed":false,"footnotes":""},"class_list":["post-142032","page","type-page","status-publish","has-post-thumbnail","hentry"],"acf":[],"yoast_head":"<!-- This site is optimized with the Yoast SEO Premium plugin v27.2 (Yoast SEO v27.2) - https:\/\/yoast.com\/product\/yoast-seo-premium-wordpress\/ -->\n<title>Katal\u00e1n nyelvtan - Talkpal<\/title>\n<meta name=\"description\" content=\"Fedezze fel a katal\u00e1n nyelvtan alapjait, \u00e9s kezdje el az utaz\u00e1st ebbe a gy\u00f6ny\u00f6r\u0171 rom\u00e1n nyelvbe m\u00e9g ma!\" \/>\n<meta name=\"robots\" content=\"index, follow, max-snippet:-1, max-image-preview:large, max-video-preview:-1\" \/>\n<link rel=\"canonical\" href=\"https:\/\/talkpal.ai\/hu\/katalan-nyelvtan\/\" \/>\n<meta property=\"og:locale\" content=\"hu_HU\" \/>\n<meta property=\"og:type\" content=\"article\" \/>\n<meta property=\"og:title\" content=\"Katal\u00e1n nyelvtan\" \/>\n<meta property=\"og:description\" content=\"Katal\u00e1n nyelvtan: Gyors \u00fatmutat\u00f3 a nyelv szerelmeseinek Tervezi, hogy katal\u00e1nul tanul, vagy csak k\u00edv\u00e1ncsi erre a gy\u00f6ny\u00f6r\u0171 \u00fajlatin nyelvre? Ne keressen\" \/>\n<meta property=\"og:url\" content=\"https:\/\/talkpal.ai\/hu\/katalan-nyelvtan\/\" \/>\n<meta property=\"og:site_name\" content=\"Talkpal\" \/>\n<meta property=\"article:publisher\" content=\"https:\/\/www.facebook.com\/profile.php?id=100090733639311\" \/>\n<meta property=\"article:modified_time\" content=\"2025-05-22T18:36:18+00:00\" \/>\n<meta property=\"og:image\" content=\"https:\/\/talkpal.ai\/wp-content\/uploads\/2023\/08\/Catalan.png\" \/>\n\t<meta property=\"og:image:width\" content=\"479\" \/>\n\t<meta property=\"og:image:height\" content=\"479\" \/>\n\t<meta property=\"og:image:type\" content=\"image\/png\" \/>\n<meta name=\"twitter:card\" content=\"summary_large_image\" \/>\n<meta name=\"twitter:site\" content=\"@talkpalai\" \/>\n<meta name=\"twitter:label1\" content=\"Becs\u00fclt olvas\u00e1si id\u0151\" \/>\n\t<meta name=\"twitter:data1\" content=\"4 perc\" \/>\n<script type=\"application\/ld+json\" class=\"yoast-schema-graph\">{\"@context\":\"https:\/\/schema.org\",\"@graph\":[{\"@type\":\"WebPage\",\"@id\":\"https:\/\/talkpal.ai\/hu\/katalan-nyelvtan\/\",\"url\":\"https:\/\/talkpal.ai\/hu\/katalan-nyelvtan\/\",\"name\":\"Katal\u00e1n nyelvtan - Talkpal\",\"isPartOf\":{\"@id\":\"https:\/\/talkpal.ai\/hu\/#website\"},\"primaryImageOfPage\":{\"@id\":\"https:\/\/talkpal.ai\/hu\/katalan-nyelvtan\/#primaryimage\"},\"image\":{\"@id\":\"https:\/\/talkpal.ai\/hu\/katalan-nyelvtan\/#primaryimage\"},\"thumbnailUrl\":\"https:\/\/talkpal.ai\/wp-content\/uploads\/2023\/08\/Catalan.png\",\"datePublished\":\"2023-05-14T14:00:56+00:00\",\"dateModified\":\"2025-05-22T18:36:18+00:00\",\"description\":\"Fedezze fel a katal\u00e1n nyelvtan alapjait, \u00e9s kezdje el az utaz\u00e1st ebbe a gy\u00f6ny\u00f6r\u0171 rom\u00e1n nyelvbe m\u00e9g ma!\",\"breadcrumb\":{\"@id\":\"https:\/\/talkpal.ai\/hu\/katalan-nyelvtan\/#breadcrumb\"},\"inLanguage\":\"hu\",\"potentialAction\":[{\"@type\":\"ReadAction\",\"target\":[\"https:\/\/talkpal.ai\/hu\/katalan-nyelvtan\/\"]}]},{\"@type\":\"ImageObject\",\"inLanguage\":\"hu\",\"@id\":\"https:\/\/talkpal.ai\/hu\/katalan-nyelvtan\/#primaryimage\",\"url\":\"https:\/\/talkpal.ai\/wp-content\/uploads\/2023\/08\/Catalan.png\",\"contentUrl\":\"https:\/\/talkpal.ai\/wp-content\/uploads\/2023\/08\/Catalan.png\",\"width\":479,\"height\":479},{\"@type\":\"BreadcrumbList\",\"@id\":\"https:\/\/talkpal.ai\/hu\/katalan-nyelvtan\/#breadcrumb\",\"itemListElement\":[{\"@type\":\"ListItem\",\"position\":1,\"name\":\"Homepage\",\"item\":\"https:\/\/talkpal.ai\/hu\/\"},{\"@type\":\"ListItem\",\"position\":2,\"name\":\"Katal\u00e1n nyelvtan\"}]},{\"@type\":\"WebSite\",\"@id\":\"https:\/\/talkpal.ai\/hu\/#website\",\"url\":\"https:\/\/talkpal.ai\/hu\/\",\"name\":\"Talkpal\",\"description\":\"AI Language Learning\",\"publisher\":{\"@id\":\"https:\/\/talkpal.ai\/hu\/#organization\"},\"alternateName\":\"Talkpal AI\",\"potentialAction\":[{\"@type\":\"SearchAction\",\"target\":{\"@type\":\"EntryPoint\",\"urlTemplate\":\"https:\/\/talkpal.ai\/hu\/?s={search_term_string}\"},\"query-input\":{\"@type\":\"PropertyValueSpecification\",\"valueRequired\":true,\"valueName\":\"search_term_string\"}}],\"inLanguage\":\"hu\"},{\"@type\":\"Organization\",\"@id\":\"https:\/\/talkpal.ai\/hu\/#organization\",\"name\":\"Talkpal, Inc.\",\"alternateName\":\"Talkpal AI\",\"url\":\"https:\/\/talkpal.ai\/hu\/\",\"logo\":{\"@type\":\"ImageObject\",\"inLanguage\":\"hu\",\"@id\":\"https:\/\/talkpal.ai\/hu\/#\/schema\/logo\/image\/\",\"url\":\"https:\/\/talkpal.ai\/wp-content\/uploads\/2024\/03\/Talkpal-Logo-Icon.png\",\"contentUrl\":\"https:\/\/talkpal.ai\/wp-content\/uploads\/2024\/03\/Talkpal-Logo-Icon.png\",\"width\":2880,\"height\":2880,\"caption\":\"Talkpal, Inc.\"},\"image\":{\"@id\":\"https:\/\/talkpal.ai\/hu\/#\/schema\/logo\/image\/\"},\"sameAs\":[\"https:\/\/www.facebook.com\/profile.php?id=100090733639311\",\"https:\/\/x.com\/talkpalai\",\"https:\/\/www.linkedin.com\/company\/talkpal\/\",\"https:\/\/www.youtube.com\/@TalkPal\/\",\"https:\/\/www.tiktok.com\/@talkpal\",\"https:\/\/www.instagram.com\/talkpal_ai\/\",\"https:\/\/www.crunchbase.com\/organization\/talkpal-9cde\",\"https:\/\/www.g2.com\/products\/talkpal-for-business\/\",\"https:\/\/www.trustpilot.com\/review\/talkpal.ai\",\"https:\/\/www.capterra.com\/p\/10006800\/TalkPal\/\"],\"description\":\"Talkpal is a language learning web and mobile education app, powered by the latest AI technologies, that provides engaging experiences to its customers in many different languages to help them improve their language skills. Users can chat about unlimited amount of topics with the app and use other modes to practice their language learning.\",\"email\":\"support@talkpal.ai\",\"legalName\":\"Talkpal, Inc.\",\"foundingDate\":\"2023-04-03\",\"duns\":\"118989042\",\"numberOfEmployees\":{\"@type\":\"QuantitativeValue\",\"minValue\":\"11\",\"maxValue\":\"50\"},\"publishingPrinciples\":\"https:\/\/talkpal.ai\/publishing-principles\/\",\"actionableFeedbackPolicy\":\"https:\/\/talkpal.ai\/actionable-feedback-policy\/\",\"correctionsPolicy\":\"https:\/\/talkpal.ai\/corrections-policy\/\",\"ethicsPolicy\":\"https:\/\/talkpal.ai\/ethics-policy\/\",\"diversityPolicy\":\"https:\/\/talkpal.ai\/diversity-policy\/\",\"diversityStaffingReport\":\"https:\/\/talkpal.ai\/diversity-policy\/\"}]}<\/script>\n<!-- \/ Yoast SEO Premium plugin. -->","yoast_head_json":{"title":"Katal\u00e1n nyelvtan - Talkpal","description":"Fedezze fel a katal\u00e1n nyelvtan alapjait, \u00e9s kezdje el az utaz\u00e1st ebbe a gy\u00f6ny\u00f6r\u0171 rom\u00e1n nyelvbe m\u00e9g ma!","robots":{"index":"index","follow":"follow","max-snippet":"max-snippet:-1","max-image-preview":"max-image-preview:large","max-video-preview":"max-video-preview:-1"},"canonical":"https:\/\/talkpal.ai\/hu\/katalan-nyelvtan\/","og_locale":"hu_HU","og_type":"article","og_title":"Katal\u00e1n nyelvtan","og_description":"Katal\u00e1n nyelvtan: Gyors \u00fatmutat\u00f3 a nyelv szerelmeseinek Tervezi, hogy katal\u00e1nul tanul, vagy csak k\u00edv\u00e1ncsi erre a gy\u00f6ny\u00f6r\u0171 \u00fajlatin nyelvre? Ne keressen","og_url":"https:\/\/talkpal.ai\/hu\/katalan-nyelvtan\/","og_site_name":"Talkpal","article_publisher":"https:\/\/www.facebook.com\/profile.php?id=100090733639311","article_modified_time":"2025-05-22T18:36:18+00:00","og_image":[{"width":479,"height":479,"url":"https:\/\/talkpal.ai\/wp-content\/uploads\/2023\/08\/Catalan.png","type":"image\/png"}],"twitter_card":"summary_large_image","twitter_site":"@talkpalai","twitter_misc":{"Becs\u00fclt olvas\u00e1si id\u0151":"4 perc"},"schema":{"@context":"https:\/\/schema.org","@graph":[{"@type":"WebPage","@id":"https:\/\/talkpal.ai\/hu\/katalan-nyelvtan\/","url":"https:\/\/talkpal.ai\/hu\/katalan-nyelvtan\/","name":"Katal\u00e1n nyelvtan - Talkpal","isPartOf":{"@id":"https:\/\/talkpal.ai\/hu\/#website"},"primaryImageOfPage":{"@id":"https:\/\/talkpal.ai\/hu\/katalan-nyelvtan\/#primaryimage"},"image":{"@id":"https:\/\/talkpal.ai\/hu\/katalan-nyelvtan\/#primaryimage"},"thumbnailUrl":"https:\/\/talkpal.ai\/wp-content\/uploads\/2023\/08\/Catalan.png","datePublished":"2023-05-14T14:00:56+00:00","dateModified":"2025-05-22T18:36:18+00:00","description":"Fedezze fel a katal\u00e1n nyelvtan alapjait, \u00e9s kezdje el az utaz\u00e1st ebbe a gy\u00f6ny\u00f6r\u0171 rom\u00e1n nyelvbe m\u00e9g ma!","breadcrumb":{"@id":"https:\/\/talkpal.ai\/hu\/katalan-nyelvtan\/#breadcrumb"},"inLanguage":"hu","potentialAction":[{"@type":"ReadAction","target":["https:\/\/talkpal.ai\/hu\/katalan-nyelvtan\/"]}]},{"@type":"ImageObject","inLanguage":"hu","@id":"https:\/\/talkpal.ai\/hu\/katalan-nyelvtan\/#primaryimage","url":"https:\/\/talkpal.ai\/wp-content\/uploads\/2023\/08\/Catalan.png","contentUrl":"https:\/\/talkpal.ai\/wp-content\/uploads\/2023\/08\/Catalan.png","width":479,"height":479},{"@type":"BreadcrumbList","@id":"https:\/\/talkpal.ai\/hu\/katalan-nyelvtan\/#breadcrumb","itemListElement":[{"@type":"ListItem","position":1,"name":"Homepage","item":"https:\/\/talkpal.ai\/hu\/"},{"@type":"ListItem","position":2,"name":"Katal\u00e1n nyelvtan"}]},{"@type":"WebSite","@id":"https:\/\/talkpal.ai\/hu\/#website","url":"https:\/\/talkpal.ai\/hu\/","name":"Talkpal","description":"AI Language Learning","publisher":{"@id":"https:\/\/talkpal.ai\/hu\/#organization"},"alternateName":"Talkpal AI","potentialAction":[{"@type":"SearchAction","target":{"@type":"EntryPoint","urlTemplate":"https:\/\/talkpal.ai\/hu\/?s={search_term_string}"},"query-input":{"@type":"PropertyValueSpecification","valueRequired":true,"valueName":"search_term_string"}}],"inLanguage":"hu"},{"@type":"Organization","@id":"https:\/\/talkpal.ai\/hu\/#organization","name":"Talkpal, Inc.","alternateName":"Talkpal AI","url":"https:\/\/talkpal.ai\/hu\/","logo":{"@type":"ImageObject","inLanguage":"hu","@id":"https:\/\/talkpal.ai\/hu\/#\/schema\/logo\/image\/","url":"https:\/\/talkpal.ai\/wp-content\/uploads\/2024\/03\/Talkpal-Logo-Icon.png","contentUrl":"https:\/\/talkpal.ai\/wp-content\/uploads\/2024\/03\/Talkpal-Logo-Icon.png","width":2880,"height":2880,"caption":"Talkpal, Inc."},"image":{"@id":"https:\/\/talkpal.ai\/hu\/#\/schema\/logo\/image\/"},"sameAs":["https:\/\/www.facebook.com\/profile.php?id=100090733639311","https:\/\/x.com\/talkpalai","https:\/\/www.linkedin.com\/company\/talkpal\/","https:\/\/www.youtube.com\/@TalkPal\/","https:\/\/www.tiktok.com\/@talkpal","https:\/\/www.instagram.com\/talkpal_ai\/","https:\/\/www.crunchbase.com\/organization\/talkpal-9cde","https:\/\/www.g2.com\/products\/talkpal-for-business\/","https:\/\/www.trustpilot.com\/review\/talkpal.ai","https:\/\/www.capterra.com\/p\/10006800\/TalkPal\/"],"description":"Talkpal is a language learning web and mobile education app, powered by the latest AI technologies, that provides engaging experiences to its customers in many different languages to help them improve their language skills. Users can chat about unlimited amount of topics with the app and use other modes to practice their language learning.","email":"support@talkpal.ai","legalName":"Talkpal, Inc.","foundingDate":"2023-04-03","duns":"118989042","numberOfEmployees":{"@type":"QuantitativeValue","minValue":"11","maxValue":"50"},"publishingPrinciples":"https:\/\/talkpal.ai\/publishing-principles\/","actionableFeedbackPolicy":"https:\/\/talkpal.ai\/actionable-feedback-policy\/","correctionsPolicy":"https:\/\/talkpal.ai\/corrections-policy\/","ethicsPolicy":"https:\/\/talkpal.ai\/ethics-policy\/","diversityPolicy":"https:\/\/talkpal.ai\/diversity-policy\/","diversityStaffingReport":"https:\/\/talkpal.ai\/diversity-policy\/"}]}},"_links":{"self":[{"href":"https:\/\/talkpal.ai\/hu\/wp-json\/wp\/v2\/pages\/142032","targetHints":{"allow":["GET"]}}],"collection":[{"href":"https:\/\/talkpal.ai\/hu\/wp-json\/wp\/v2\/pages"}],"about":[{"href":"https:\/\/talkpal.ai\/hu\/wp-json\/wp\/v2\/types\/page"}],"author":[{"embeddable":true,"href":"https:\/\/talkpal.ai\/hu\/wp-json\/wp\/v2\/users\/1"}],"replies":[{"embeddable":true,"href":"https:\/\/talkpal.ai\/hu\/wp-json\/wp\/v2\/comments?post=142032"}],"version-history":[{"count":0,"href":"https:\/\/talkpal.ai\/hu\/wp-json\/wp\/v2\/pages\/142032\/revisions"}],"wp:featuredmedia":[{"embeddable":true,"href":"https:\/\/talkpal.ai\/hu\/wp-json\/wp\/v2\/media\/142041"}],"wp:attachment":[{"href":"https:\/\/talkpal.ai\/hu\/wp-json\/wp\/v2\/media?parent=142032"}],"curies":[{"name":"wp","href":"https:\/\/api.w.org\/{rel}","templated":true}]}}