{"id":141631,"date":"2023-05-14T14:00:39","date_gmt":"2023-05-14T14:00:39","guid":{"rendered":"http:\/\/talkpal.ai\/bolgar-nyelvtan\/"},"modified":"2025-05-22T14:36:24","modified_gmt":"2025-05-22T14:36:24","slug":"bolgar-nyelvtan","status":"publish","type":"page","link":"https:\/\/talkpal.ai\/hu\/bolgar-nyelvtan\/","title":{"rendered":"Bolg\u00e1r nyelvtan"},"content":{"rendered":"\r\n\r\n\r\n<section class=\"languageChallengeSection\">\r\n    <div class=\"languageInfoWrapper\">\r\n        \r\n        <h1>Bolg\u00e1r nyelvtan<\/h1>\r\n        <p>Fedezze fel a <a href=\"https:\/\/talkpal.ai\/bulgarian-grammar\/\">bolg\u00e1r nyelvtan<\/a> egyed\u00fcl\u00e1ll\u00f3 jellemz\u0151it, \u00e9s szerezzen eszk\u00f6z\u00f6ket ahhoz, hogy magabiztosan kommunik\u00e1lhasson ezen a vibr\u00e1l\u00f3 szl\u00e1v nyelven. Az alapvet\u0151 szab\u00e1lyok meg\u00e9rt\u00e9s\u00e9vel jav\u00edthatja az anyanyelvi besz\u00e9l\u0151kkel val\u00f3 kapcsolattart\u00e1s k\u00e9pess\u00e9g\u00e9t, \u00e9s m\u00e9lyebben elmer\u00fclhet Bulg\u00e1ria gazdag \u00f6r\u00f6ks\u00e9g\u00e9ben. Kezdje el a <a href=\"https:\/\/talkpal.ai\/learn-bulgarian\/\">bolg\u00e1r<\/a> nyelvtani utaz\u00e1st m\u00e9g ma, \u00e9s tegye meg az els\u0151 l\u00e9p\u00e9st a nyelv elsaj\u00e1t\u00edt\u00e1sa fel\u00e9!<\/p>\r\n\r\n                            <a class=\"getStartedHidden\" href=\"https:\/\/app.talkpal.ai\/hu\/signup?lng=\">Kezdj\u00fck<\/a>\r\n        \r\n    <\/div>\r\n\r\n    <figure>\r\n    <img decoding=\"async\" width=\"768\" height=\"768\" src=\"https:\/\/talkpal.ai\/wp-content\/uploads\/2023\/06\/bulgarian-768x768.png\" class=\"languageImage no-lazy\" alt=\"Language learning for deeper cultural understanding\" fetchpriority=\"high\" sizes=\"(max-width: 768px) 150px, 768px\" srcset=\"https:\/\/talkpal.ai\/wp-content\/uploads\/2023\/06\/bulgarian-768x768.png 768w, https:\/\/talkpal.ai\/wp-content\/uploads\/2023\/06\/bulgarian-300x300.png 300w\" \/>\r\n    \r\n\r\n    <\/figure>\r\n\r\n            <a class=\"getStartedVisible\" href=\"https:\/\/app.talkpal.ai\/hu\/signup?lng=\">Kezdj\u00fck<\/a>\r\n    \r\n<\/section>\r\n<section class=\"promotionalBanner\">\r\n    <p class=\"promotionalText\">A nyelvtanul\u00e1s leghat\u00e9konyabb m\u00f3dja<\/p>\r\n    <a class=\"promotionalLink\" href=\"https:\/\/app.talkpal.ai\/hu\/signup?lng=\">Pr\u00f3b\u00e1lja ki a Talkpal ingyen<\/a>\r\n<\/section>\n<div class=\"wp-block-group pageContainerStyle\"><div class=\"wp-block-group__inner-container is-layout-constrained wp-block-group-is-layout-constrained\">\n<h2 class=\"wp-block-heading\" id=\"h-the-ultimate-guide-to-bulgarian-grammar-navigating-the-intricacies-of-a-rich-language\">A bolg\u00e1r nyelvtan v\u00e9gs\u0151 \u00fatmutat\u00f3ja: navig\u00e1l\u00e1s egy gazdag nyelv bonyolults\u00e1g\u00e1ban<\/h2>\n\n\n\n<p>A bolg\u00e1r <a href=\"https:\/\/talkpal.ai\/grammar\/\">nyelvtan<\/a>, ak\u00e1rcsak maga a nyelv, az egyszer\u0171s\u00e9g, a komplexit\u00e1s \u00e9s a gazdag kult\u00fart\u00f6rt\u00e9net leny\u0171g\u00f6z\u0151 kever\u00e9ke. Az egyik legr\u00e9gebbi szl\u00e1v nyelvk\u00e9nt a bolg\u00e1r nyelvi izgalmakat k\u00edn\u00e1l a tanul\u00f3knak, \u00e9s kih\u00edv\u00e1st jelent m\u00e9g a leggyakorlottabb besz\u00e9l\u0151k sz\u00e1m\u00e1ra is. Ebben az \u00fatmutat\u00f3ban felt\u00e1rjuk a bolg\u00e1r nyelvtan legfontosabb alapelveit, megmagyar\u00e1zzuk a nyelvtan bonyolults\u00e1g\u00e1t, \u00e9s seg\u00edt\u00fcnk \u00d6nnek elsaj\u00e1t\u00edtani ezt a gy\u00f6ny\u00f6r\u0171 nyelvet. Mer\u00fclj\u00fcnk el!<\/p>\n\n\n\n<h2 class=\"wp-block-heading\" id=\"h-the-nuts-and-bolts-bulgarian-sentence-structure\">Az any\u00e1k \u00e9s csavarok: bolg\u00e1r mondatszerkezet<\/h2>\n\n\n\n<p>A bolg\u00e1r nyelvtan l\u00e9nyeg\u00e9ben meglehet\u0151sen egyszer\u0171. A nyelv az SVO (Subject-Verb-Object) mondatszerkezetet k\u00f6veti, hasonl\u00f3an az angolhoz \u00e9s sok m\u00e1s nyelvhez. P\u00e9ld\u00e1ul az &#8222;\u00c9n eszem egy alm\u00e1t&#8221; mondat ford\u00edt\u00e1sa &#8222;\u0410\u0437 \u044f\u043c \u044f\u0431\u044a\u043b\u043a\u0430&#8221; (Az yam yabalka). Egyszer\u0171, igaz? Ha azonban m\u00e9lyebbre \u00e1sunk, felfedezhetj\u00fck, hogy a bolg\u00e1r nyelvtan tele <a href=\"https:\/\/talkpal.ai\/locations\/language-courses-in-van\/\">van<\/a> meglepet\u00e9sekkel \u00e9s egyedi jellemz\u0151kkel.<\/p>\n\n\n\n<h3 class=\"wp-block-heading\" id=\"h-meet-the-family-bulgarian-nouns-and-their-genders\">Ismerje meg a csal\u00e1dot: bolg\u00e1r f\u0151nevek \u00e9s nemeik<\/h3>\n\n\n\n<p>A bolg\u00e1r nyelvtan egyik legzavarba ejt\u0151bb aspektusa az angolul besz\u00e9l\u0151k sz\u00e1m\u00e1ra a nyelvtani nem fogalma. A bolg\u00e1r nyelvben <a href=\"https:\/\/talkpal.ai\/locations\/language-courses-in-minden\/\">minden<\/a> f\u0151n\u00e9v a h\u00e1rom nem &#8211; h\u00edmnem\u0171, n\u0151nem\u0171 \u00e9s nemtelen &#8211; egyik\u00e9hez tartozik. A f\u0151nevek nem\u00e9nek felismer\u00e9se alapvet\u0151 fontoss\u00e1g\u00fa, mivel ez befoly\u00e1solja a mell\u00e9knevek \u00e9s n\u00e9vm\u00e1sok alakj\u00e1t, valamint a k\u00f6vetkez\u0151 ig\u00e9k ragoz\u00e1s\u00e1t.<\/p>\n\n\n\n<p>Sz\u00f3val, hogyan hat\u00e1rozza meg a f\u0151n\u00e9v nem\u00e9t? \u00c1ltal\u00e1ban minden a befejez\u00e9sr\u0151l sz\u00f3l:<\/p>\n\n\n\n<p><strong>&#8211; A h\u00edmnem\u0171 f\u0151nevek \u00e1ltal\u00e1ban m\u00e1ssalhangz\u00f3ra v\u00e9gz\u0151dnek.<\/strong><\/p>\n\n\n\n<p><strong>&#8211; A n\u0151nem\u0171 f\u0151nevek \u00e1ltal\u00e1ban -\u0430 (-a) vagy -\u044f (-ya) v\u00e9gz\u0151d\u00e9s\u0171ek.<\/strong><\/p>\n\n\n\n<p><strong>&#8211; A neutr\u00e1lis f\u0151nevek gyakran -\u043e (-o) vagy -\u0435 (-\u0435) v\u00e9gz\u0151d\u00e9s\u0171ek.<\/strong><\/p>\n\n\n\n<p>P\u00e9ld\u00e1ul az &#8222;\u043c\u044a\u0436&#8221; (mazh) f\u00e9rfit jelent \u00e9s h\u00edmnem\u0171, a &#8222;\u0436\u0435\u043d\u0430&#8221; (zhena) n\u0151t jelent \u00e9s n\u0151nem\u0171, a &#8222;\u0434\u0435\u0442\u0435&#8221; (dete) pedig gyermeket jelent \u00e9s n\u0151nem\u0171.<\/p>\n\n\n\n<p>Term\u00e9szetesen vannak kiv\u00e9telek, ez\u00e9rt fontos, hogy a f\u0151neveket nem\u00fckkel egy\u00fctt tanuljuk meg.<\/p>\n\n\n\n<h3 class=\"wp-block-heading\" id=\"h-playing-with-numbers-bulgarian-plurals\">J\u00e1t\u00e9k a sz\u00e1mokkal: bolg\u00e1r t\u00f6bbes sz\u00e1m<\/h3>\n\n\n\n<p>Ha m\u00e1r elsaj\u00e1t\u00edtotta a bolg\u00e1r f\u0151nevek nem\u00e9t, itt az ideje, hogy foglalkozzon a t\u00f6bbes sz\u00e1mmal. \u00c1ltal\u00e1ban a t\u00f6bbes sz\u00e1mot a f\u0151n\u00e9v nem\u00e9nek megfelel\u0151 v\u00e9gz\u0151d\u00e9sek hozz\u00e1ad\u00e1s\u00e1val k\u00e9pezz\u00fck:<\/p>\n\n\n\n<p><strong>&#8211; A h\u00edmnem\u0171 f\u0151nevek az utols\u00f3 m\u00e1ssalhangz\u00f3t -\u0438-re (-i) v\u00e1ltoztatj\u00e1k, vagy -\u043e\u0432\u0435 (-ove) toldal\u00e9kkal eg\u00e9sz\u00edtik ki.<\/strong><\/p>\n\n\n\n<p><strong>&#8211; A n\u0151nem\u0171 f\u0151nevek az -\u0430 vagy -\u044f sz\u00f3t -\u0438 vagy -\u0435-vel helyettes\u00edtik.<\/strong><\/p>\n\n\n\n<p><strong>&#8211; A neutr\u00e1lis f\u0151nevek a -\u043e vagy -\u0435 sz\u00f3t -\u0430-val helyettes\u00edtik.<\/strong><\/p>\n\n\n\n<p>P\u00e9ld\u00e1ul a &#8222;\u0443\u0447\u0435\u043d\u0438\u043a&#8221; (uchenik, h\u00edmnem\u0171) &#8222;\u0443\u0447\u0435\u043d\u0438\u0446\u0438&#8221; (uchenici, <a href=\"https:\/\/talkpal.ai\/talkpal-discount-for-students\/\">di\u00e1kok<\/a>) \u00e9s a &#8222;\u043a\u043d\u0438\u0433\u0430&#8221; (kniga, n\u0151nem\u0171) &#8222;\u043a\u043d\u0438\u0433\u0438&#8221; (knigi, k\u00f6nyvek) lesz.<\/p>\n\n\n\n<p>Ez a szab\u00e1ly kiv\u00e9teleket tartalmaz, ez\u00e9rt figyeljen a szab\u00e1lytalan t\u00f6bbes sz\u00e1mokra, \u00e9s ennek megfelel\u0151en b\u0151v\u00edtse sz\u00f3kincs\u00e9t.<\/p>\n\n\n\n<h3 class=\"wp-block-heading\" id=\"h-the-art-of-conjugation-bulgarian-verbs\">A ragoz\u00e1s m\u0171v\u00e9szete: bolg\u00e1r ig\u00e9k<\/h3>\n\n\n\n<p>A bolg\u00e1r ig\u00e9k megf\u00e9leml\u00edt\u0151ek lehetnek az igeid\u0151k, hangulatok \u00e9s ragoz\u00e1sok puszta sz\u00e1ma miatt. A felt\u00f6r\u00e9s kulcsa azonban a mint\u00e1k felismer\u00e9se \u00e9s a rendszeres gyakorl\u00e1s.<\/p>\n\n\n\n<p>A bolg\u00e1r nyelvben az ig\u00e9k h\u00e1rom csoportra oszlanak a v\u00e9gtelen v\u00e9g\u00fck alapj\u00e1n: -\u0430 (-a), -\u0435 (-\u0435) vagy -\u0438 (-i). Minden csoportnak megvannak a saj\u00e1t konjug\u00e1ci\u00f3s szab\u00e1lyai. Vegy\u00fck p\u00e9ld\u00e1ul a &#8222;\u043f\u0438\u0448\u0430&#8221; (pisha, &#8222;\u00edrni&#8221;) ig\u00e9t:<\/p>\n\n\n\n<p><strong>Jelen id\u0151: (Az pisha, &#8222;\u00edrok&#8221;)<\/strong><\/p>\n\n\n\n<p><strong>M\u00falt id\u0151: (Az pisah, &#8222;\u00edrtam&#8221;)<\/strong><\/p>\n\n\n\n<p><strong>J\u00f6v\u0151beli id\u0151: (Az shte pisha, &#8222;\u00edrni fogok&#8221;)<\/strong><\/p>\n\n\n\n<p>Mint l\u00e1that\u00f3, a v\u00e9gz\u0151d\u00e9sek a fesz\u00fclts\u00e9g szerint v\u00e1ltoznak. \u00c9s ez m\u00e9g csak a bolg\u00e1r igeid\u0151k felsz\u00edn\u00e9t sem karcolja! Ne hagyja azonban, hogy ez elhatalmasodjon mag\u00e1n. Gyakorl\u00e1ssal \u00e9s t\u00fcrelemmel elkezded felismerni a mint\u00e1kat, \u00e9s legy\u0151z\u00f6d ezt a kih\u00edv\u00e1st.<\/p>\n\n\n\n<h3 class=\"wp-block-heading\" id=\"h-the-finishing-touches-bulgarian-adjectives-adverbs-and-more\">Az utols\u00f3 sim\u00edt\u00e1sok: bolg\u00e1r mell\u00e9knevek, hat\u00e1roz\u00f3szavak \u00e9s egyebek<\/h3>\n\n\n\n<p>Amikor bolg\u00e1r mell\u00e9knevekr\u0151l \u00e9s hat\u00e1roz\u00f3sz\u00f3kr\u00f3l van sz\u00f3, d\u00f6nt\u0151 szerepet j\u00e1tszanak a besz\u00e9d m\u00e9lys\u00e9g\u00e9nek \u00e9s \u00f6sszetetts\u00e9g\u00e9nek n\u00f6vel\u00e9s\u00e9ben. A mell\u00e9kneveknek meg kell egyezni\u00fck az \u00e1ltaluk m\u00f3dos\u00edtott f\u0151n\u00e9vvel a nemek tekintet\u00e9ben, \u00e9s \u00e1ltal\u00e1ban 3 form\u00e1t tal\u00e1lunk &#8211; h\u00edmnem\u0171, n\u0151nem\u0171 \u00e9s nemtelen.<\/p>\n\n\n\n<p>P\u00e9ld\u00e1ul a &#8222;\u0434\u043e\u0431\u044a\u0440&#8221; (dobur) &#8222;j\u00f3t&#8221; jelent, \u00e9s a k\u00f6vetkez\u0151 form\u00e1ban jelenik meg: &#8222;\u0434\u043e\u0431\u044a\u0440 \u043c\u044a\u0436&#8221; (dobur mazh, &#8222;j\u00f3 ember&#8221;), &#8222;\u0434\u043e\u0431\u0440\u0430 \u0436\u0435\u043d\u0430&#8221; (dobra zhena, &#8222;j\u00f3 n\u0151&#8221;) \u00e9s &#8222;\u0434\u043e\u0431\u0440\u043e \u0434\u0435\u0442\u0435&#8221; (dobro dete, &#8222;j\u00f3 gyermek&#8221;). Az adverbek hasonl\u00f3 mint\u00e1kat k\u00f6vetnek, gyakran mell\u00e9knevekb\u0151l sz\u00e1rmaznak.<\/p>\n\n\n\n<p>\u00d6sszefoglalva, a bolg\u00e1r nyelvtan bonyolults\u00e1ga \u00e9s furcsas\u00e1gai, b\u00e1r \u00f6sszetettek, m\u00e9gis megragad\u00f3 sz\u00e9ps\u00e9get \u00e9s karaktert k\u00f6lcs\u00f6n\u00f6znek a nyelvnek. A kitart\u00e1s, a k\u00edv\u00e1ncsis\u00e1g \u00e9s a gyakorlati alkalmaz\u00e1s kombin\u00e1ci\u00f3j\u00e1val hamarosan k\u00f6nnyed\u00e9n \u00e9s magabiztosan fogsz eligazodni a bolg\u00e1r nyelvtanban. Boldog tanul\u00e1st!<\/p>\n<\/div><\/div>\n\r\n<section class=\"learnNavigationSection\">\r\n            \r\n        <a href=\"https:\/\/talkpal.ai\/hu\/tanulj-bolgarul\/\">\r\n            <div class=\"learnNavigationWrapper\">\r\n                <div class=\"learnNavigationContent\">\r\n                    <img decoding=\"async\" src=\"https:\/\/talkpal.ai\/wp-content\/uploads\/2024\/08\/Bulgarian.jpg\" alt=\"Bulgarian Flag\">\r\n                    <div>\r\n                        <h4>A bolg\u00e1r nyelvtanul\u00e1sr\u00f3l<\/h4>\r\n                        <p>Tudjon meg mindent a bolg\u00e1r nyelvtanr\u00f3l.<\/p>\r\n                    <\/div>\r\n                <\/div>\r\n            <\/div>\r\n        <\/a>\r\n\r\n        \r\n        <a href=\"https:\/\/talkpal.ai\/hu\/bolgar-nyelvtani-gyakorlatok\/\">\r\n            <div class=\"learnNavigationWrapper\">\r\n                <div class=\"learnNavigationContent\">\r\n                    <img decoding=\"async\" src=\"https:\/\/talkpal.ai\/wp-content\/uploads\/2024\/08\/Bulgarian.jpg\" alt=\"Bulgarian Flag\">\r\n                    <div>\r\n                        <h4>Bolg\u00e1r nyelvtani gyakorlat<\/h4>\r\n                        <p>Gyakorolja a bolg\u00e1r nyelvtant.<\/p>\r\n                    <\/div>\r\n                <\/div>\r\n            <\/div>\r\n        <\/a>\r\n\r\n        \r\n        <a href=\"https:\/\/talkpal.ai\/vocabulary_language\/bulgarian\/\">\r\n            <div class=\"learnNavigationWrapper\">\r\n                <div class=\"learnNavigationContent\">\r\n                    <img decoding=\"async\" src=\"https:\/\/talkpal.ai\/wp-content\/uploads\/2024\/08\/Bulgarian.jpg\" alt=\"Bulgarian Flag\">\r\n                    <div>\r\n                        <h4>Bolg\u00e1r sz\u00f3kincs<\/h4>\r\n                        <p>B\u0151v\u00edtse bolg\u00e1r sz\u00f3kincs\u00e9t.<\/p>\r\n                    <\/div>\r\n                <\/div>\r\n            <\/div>\r\n        <\/a>\r\n\r\n            <\/section>","protected":false},"excerpt":{"rendered":"<p>A bolg\u00e1r nyelvtan v\u00e9gs\u0151 \u00fatmutat\u00f3ja: navig\u00e1l\u00e1s egy gazdag nyelv bonyolults\u00e1g\u00e1ban A bolg\u00e1r nyelvtan, ak\u00e1rcsak maga a nyelv, az egyszer\u0171s\u00e9g, a komplexit\u00e1s \u00e9s a gazdag kult\u00fart\u00f6rt\u00e9net leny\u0171g\u00f6z\u0151 kever\u00e9ke. Az egyik legr\u00e9gebbi szl\u00e1v nyelvk\u00e9nt a bolg\u00e1r nyelvi izgalmakat k\u00edn\u00e1l a tanul\u00f3knak, \u00e9s kih\u00edv\u00e1st jelent m\u00e9g a leggyakorlottabb besz\u00e9l\u0151k sz\u00e1m\u00e1ra is. Ebben az \u00fatmutat\u00f3ban felt\u00e1rjuk a bolg\u00e1r nyelvtan [&hellip;]<\/p>\n","protected":false},"author":1,"featured_media":111186,"parent":0,"menu_order":0,"comment_status":"closed","ping_status":"closed","template":"LearningContentPage.php","meta":{"_acf_changed":false,"footnotes":""},"class_list":["post-141631","page","type-page","status-publish","has-post-thumbnail","hentry"],"acf":[],"yoast_head":"<!-- This site is optimized with the Yoast SEO Premium plugin v27.2 (Yoast SEO v27.2) - https:\/\/yoast.com\/product\/yoast-seo-premium-wordpress\/ -->\n<title>Bolg\u00e1r nyelvtan - Talkpal<\/title>\n<meta name=\"description\" content=\"Fedezze fel a bolg\u00e1r nyelvtan alapjait a jobb nyelvi meg\u00e9rt\u00e9s \u00e9s kommunik\u00e1ci\u00f3s k\u00e9szs\u00e9gek \u00e9rdek\u00e9ben.\" \/>\n<meta name=\"robots\" content=\"index, follow, max-snippet:-1, max-image-preview:large, max-video-preview:-1\" \/>\n<link rel=\"canonical\" href=\"https:\/\/talkpal.ai\/hu\/bolgar-nyelvtan\/\" \/>\n<meta property=\"og:locale\" content=\"hu_HU\" \/>\n<meta property=\"og:type\" content=\"article\" \/>\n<meta property=\"og:title\" content=\"Bolg\u00e1r nyelvtan\" \/>\n<meta property=\"og:description\" content=\"A bolg\u00e1r nyelvtan v\u00e9gs\u0151 \u00fatmutat\u00f3ja: navig\u00e1l\u00e1s egy gazdag nyelv bonyolults\u00e1g\u00e1ban A bolg\u00e1r nyelvtan, ak\u00e1rcsak maga a nyelv, az egyszer\u0171s\u00e9g, a komplexit\u00e1s \u00e9s\" \/>\n<meta property=\"og:url\" content=\"https:\/\/talkpal.ai\/hu\/bolgar-nyelvtan\/\" \/>\n<meta property=\"og:site_name\" content=\"Talkpal\" \/>\n<meta property=\"article:publisher\" content=\"https:\/\/www.facebook.com\/profile.php?id=100090733639311\" \/>\n<meta property=\"article:modified_time\" content=\"2025-05-22T14:36:24+00:00\" \/>\n<meta property=\"og:image\" content=\"https:\/\/talkpal.ai\/wp-content\/uploads\/2023\/05\/bulgaria.png\" \/>\n\t<meta property=\"og:image:width\" content=\"512\" \/>\n\t<meta property=\"og:image:height\" content=\"512\" \/>\n\t<meta property=\"og:image:type\" content=\"image\/png\" \/>\n<meta name=\"twitter:card\" content=\"summary_large_image\" \/>\n<meta name=\"twitter:site\" content=\"@talkpalai\" \/>\n<meta name=\"twitter:label1\" content=\"Becs\u00fclt olvas\u00e1si id\u0151\" \/>\n\t<meta name=\"twitter:data1\" content=\"5 perc\" \/>\n<script type=\"application\/ld+json\" class=\"yoast-schema-graph\">{\"@context\":\"https:\/\/schema.org\",\"@graph\":[{\"@type\":\"WebPage\",\"@id\":\"https:\/\/talkpal.ai\/hu\/bolgar-nyelvtan\/\",\"url\":\"https:\/\/talkpal.ai\/hu\/bolgar-nyelvtan\/\",\"name\":\"Bolg\u00e1r nyelvtan - Talkpal\",\"isPartOf\":{\"@id\":\"https:\/\/talkpal.ai\/hu\/#website\"},\"primaryImageOfPage\":{\"@id\":\"https:\/\/talkpal.ai\/hu\/bolgar-nyelvtan\/#primaryimage\"},\"image\":{\"@id\":\"https:\/\/talkpal.ai\/hu\/bolgar-nyelvtan\/#primaryimage\"},\"thumbnailUrl\":\"https:\/\/talkpal.ai\/wp-content\/uploads\/2023\/05\/bulgaria.png\",\"datePublished\":\"2023-05-14T14:00:39+00:00\",\"dateModified\":\"2025-05-22T14:36:24+00:00\",\"description\":\"Fedezze fel a bolg\u00e1r nyelvtan alapjait a jobb nyelvi meg\u00e9rt\u00e9s \u00e9s kommunik\u00e1ci\u00f3s k\u00e9szs\u00e9gek \u00e9rdek\u00e9ben.\",\"breadcrumb\":{\"@id\":\"https:\/\/talkpal.ai\/hu\/bolgar-nyelvtan\/#breadcrumb\"},\"inLanguage\":\"hu\",\"potentialAction\":[{\"@type\":\"ReadAction\",\"target\":[\"https:\/\/talkpal.ai\/hu\/bolgar-nyelvtan\/\"]}]},{\"@type\":\"ImageObject\",\"inLanguage\":\"hu\",\"@id\":\"https:\/\/talkpal.ai\/hu\/bolgar-nyelvtan\/#primaryimage\",\"url\":\"https:\/\/talkpal.ai\/wp-content\/uploads\/2023\/05\/bulgaria.png\",\"contentUrl\":\"https:\/\/talkpal.ai\/wp-content\/uploads\/2023\/05\/bulgaria.png\",\"width\":512,\"height\":512},{\"@type\":\"BreadcrumbList\",\"@id\":\"https:\/\/talkpal.ai\/hu\/bolgar-nyelvtan\/#breadcrumb\",\"itemListElement\":[{\"@type\":\"ListItem\",\"position\":1,\"name\":\"Homepage\",\"item\":\"https:\/\/talkpal.ai\/hu\/\"},{\"@type\":\"ListItem\",\"position\":2,\"name\":\"Bolg\u00e1r nyelvtan\"}]},{\"@type\":\"WebSite\",\"@id\":\"https:\/\/talkpal.ai\/hu\/#website\",\"url\":\"https:\/\/talkpal.ai\/hu\/\",\"name\":\"Talkpal\",\"description\":\"AI Language Learning\",\"publisher\":{\"@id\":\"https:\/\/talkpal.ai\/hu\/#organization\"},\"alternateName\":\"Talkpal AI\",\"potentialAction\":[{\"@type\":\"SearchAction\",\"target\":{\"@type\":\"EntryPoint\",\"urlTemplate\":\"https:\/\/talkpal.ai\/hu\/?s={search_term_string}\"},\"query-input\":{\"@type\":\"PropertyValueSpecification\",\"valueRequired\":true,\"valueName\":\"search_term_string\"}}],\"inLanguage\":\"hu\"},{\"@type\":\"Organization\",\"@id\":\"https:\/\/talkpal.ai\/hu\/#organization\",\"name\":\"Talkpal, Inc.\",\"alternateName\":\"Talkpal AI\",\"url\":\"https:\/\/talkpal.ai\/hu\/\",\"logo\":{\"@type\":\"ImageObject\",\"inLanguage\":\"hu\",\"@id\":\"https:\/\/talkpal.ai\/hu\/#\/schema\/logo\/image\/\",\"url\":\"https:\/\/talkpal.ai\/wp-content\/uploads\/2024\/03\/Talkpal-Logo-Icon.png\",\"contentUrl\":\"https:\/\/talkpal.ai\/wp-content\/uploads\/2024\/03\/Talkpal-Logo-Icon.png\",\"width\":2880,\"height\":2880,\"caption\":\"Talkpal, Inc.\"},\"image\":{\"@id\":\"https:\/\/talkpal.ai\/hu\/#\/schema\/logo\/image\/\"},\"sameAs\":[\"https:\/\/www.facebook.com\/profile.php?id=100090733639311\",\"https:\/\/x.com\/talkpalai\",\"https:\/\/www.linkedin.com\/company\/talkpal\/\",\"https:\/\/www.youtube.com\/@TalkPal\/\",\"https:\/\/www.tiktok.com\/@talkpal\",\"https:\/\/www.instagram.com\/talkpal_ai\/\",\"https:\/\/www.crunchbase.com\/organization\/talkpal-9cde\",\"https:\/\/www.g2.com\/products\/talkpal-for-business\/\",\"https:\/\/www.trustpilot.com\/review\/talkpal.ai\",\"https:\/\/www.capterra.com\/p\/10006800\/TalkPal\/\"],\"description\":\"Talkpal is a language learning web and mobile education app, powered by the latest AI technologies, that provides engaging experiences to its customers in many different languages to help them improve their language skills. Users can chat about unlimited amount of topics with the app and use other modes to practice their language learning.\",\"email\":\"support@talkpal.ai\",\"legalName\":\"Talkpal, Inc.\",\"foundingDate\":\"2023-04-03\",\"duns\":\"118989042\",\"numberOfEmployees\":{\"@type\":\"QuantitativeValue\",\"minValue\":\"11\",\"maxValue\":\"50\"},\"publishingPrinciples\":\"https:\/\/talkpal.ai\/publishing-principles\/\",\"actionableFeedbackPolicy\":\"https:\/\/talkpal.ai\/actionable-feedback-policy\/\",\"correctionsPolicy\":\"https:\/\/talkpal.ai\/corrections-policy\/\",\"ethicsPolicy\":\"https:\/\/talkpal.ai\/ethics-policy\/\",\"diversityPolicy\":\"https:\/\/talkpal.ai\/diversity-policy\/\",\"diversityStaffingReport\":\"https:\/\/talkpal.ai\/diversity-policy\/\"}]}<\/script>\n<!-- \/ Yoast SEO Premium plugin. -->","yoast_head_json":{"title":"Bolg\u00e1r nyelvtan - Talkpal","description":"Fedezze fel a bolg\u00e1r nyelvtan alapjait a jobb nyelvi meg\u00e9rt\u00e9s \u00e9s kommunik\u00e1ci\u00f3s k\u00e9szs\u00e9gek \u00e9rdek\u00e9ben.","robots":{"index":"index","follow":"follow","max-snippet":"max-snippet:-1","max-image-preview":"max-image-preview:large","max-video-preview":"max-video-preview:-1"},"canonical":"https:\/\/talkpal.ai\/hu\/bolgar-nyelvtan\/","og_locale":"hu_HU","og_type":"article","og_title":"Bolg\u00e1r nyelvtan","og_description":"A bolg\u00e1r nyelvtan v\u00e9gs\u0151 \u00fatmutat\u00f3ja: navig\u00e1l\u00e1s egy gazdag nyelv bonyolults\u00e1g\u00e1ban A bolg\u00e1r nyelvtan, ak\u00e1rcsak maga a nyelv, az egyszer\u0171s\u00e9g, a komplexit\u00e1s \u00e9s","og_url":"https:\/\/talkpal.ai\/hu\/bolgar-nyelvtan\/","og_site_name":"Talkpal","article_publisher":"https:\/\/www.facebook.com\/profile.php?id=100090733639311","article_modified_time":"2025-05-22T14:36:24+00:00","og_image":[{"width":512,"height":512,"url":"https:\/\/talkpal.ai\/wp-content\/uploads\/2023\/05\/bulgaria.png","type":"image\/png"}],"twitter_card":"summary_large_image","twitter_site":"@talkpalai","twitter_misc":{"Becs\u00fclt olvas\u00e1si id\u0151":"5 perc"},"schema":{"@context":"https:\/\/schema.org","@graph":[{"@type":"WebPage","@id":"https:\/\/talkpal.ai\/hu\/bolgar-nyelvtan\/","url":"https:\/\/talkpal.ai\/hu\/bolgar-nyelvtan\/","name":"Bolg\u00e1r nyelvtan - Talkpal","isPartOf":{"@id":"https:\/\/talkpal.ai\/hu\/#website"},"primaryImageOfPage":{"@id":"https:\/\/talkpal.ai\/hu\/bolgar-nyelvtan\/#primaryimage"},"image":{"@id":"https:\/\/talkpal.ai\/hu\/bolgar-nyelvtan\/#primaryimage"},"thumbnailUrl":"https:\/\/talkpal.ai\/wp-content\/uploads\/2023\/05\/bulgaria.png","datePublished":"2023-05-14T14:00:39+00:00","dateModified":"2025-05-22T14:36:24+00:00","description":"Fedezze fel a bolg\u00e1r nyelvtan alapjait a jobb nyelvi meg\u00e9rt\u00e9s \u00e9s kommunik\u00e1ci\u00f3s k\u00e9szs\u00e9gek \u00e9rdek\u00e9ben.","breadcrumb":{"@id":"https:\/\/talkpal.ai\/hu\/bolgar-nyelvtan\/#breadcrumb"},"inLanguage":"hu","potentialAction":[{"@type":"ReadAction","target":["https:\/\/talkpal.ai\/hu\/bolgar-nyelvtan\/"]}]},{"@type":"ImageObject","inLanguage":"hu","@id":"https:\/\/talkpal.ai\/hu\/bolgar-nyelvtan\/#primaryimage","url":"https:\/\/talkpal.ai\/wp-content\/uploads\/2023\/05\/bulgaria.png","contentUrl":"https:\/\/talkpal.ai\/wp-content\/uploads\/2023\/05\/bulgaria.png","width":512,"height":512},{"@type":"BreadcrumbList","@id":"https:\/\/talkpal.ai\/hu\/bolgar-nyelvtan\/#breadcrumb","itemListElement":[{"@type":"ListItem","position":1,"name":"Homepage","item":"https:\/\/talkpal.ai\/hu\/"},{"@type":"ListItem","position":2,"name":"Bolg\u00e1r nyelvtan"}]},{"@type":"WebSite","@id":"https:\/\/talkpal.ai\/hu\/#website","url":"https:\/\/talkpal.ai\/hu\/","name":"Talkpal","description":"AI Language Learning","publisher":{"@id":"https:\/\/talkpal.ai\/hu\/#organization"},"alternateName":"Talkpal AI","potentialAction":[{"@type":"SearchAction","target":{"@type":"EntryPoint","urlTemplate":"https:\/\/talkpal.ai\/hu\/?s={search_term_string}"},"query-input":{"@type":"PropertyValueSpecification","valueRequired":true,"valueName":"search_term_string"}}],"inLanguage":"hu"},{"@type":"Organization","@id":"https:\/\/talkpal.ai\/hu\/#organization","name":"Talkpal, Inc.","alternateName":"Talkpal AI","url":"https:\/\/talkpal.ai\/hu\/","logo":{"@type":"ImageObject","inLanguage":"hu","@id":"https:\/\/talkpal.ai\/hu\/#\/schema\/logo\/image\/","url":"https:\/\/talkpal.ai\/wp-content\/uploads\/2024\/03\/Talkpal-Logo-Icon.png","contentUrl":"https:\/\/talkpal.ai\/wp-content\/uploads\/2024\/03\/Talkpal-Logo-Icon.png","width":2880,"height":2880,"caption":"Talkpal, Inc."},"image":{"@id":"https:\/\/talkpal.ai\/hu\/#\/schema\/logo\/image\/"},"sameAs":["https:\/\/www.facebook.com\/profile.php?id=100090733639311","https:\/\/x.com\/talkpalai","https:\/\/www.linkedin.com\/company\/talkpal\/","https:\/\/www.youtube.com\/@TalkPal\/","https:\/\/www.tiktok.com\/@talkpal","https:\/\/www.instagram.com\/talkpal_ai\/","https:\/\/www.crunchbase.com\/organization\/talkpal-9cde","https:\/\/www.g2.com\/products\/talkpal-for-business\/","https:\/\/www.trustpilot.com\/review\/talkpal.ai","https:\/\/www.capterra.com\/p\/10006800\/TalkPal\/"],"description":"Talkpal is a language learning web and mobile education app, powered by the latest AI technologies, that provides engaging experiences to its customers in many different languages to help them improve their language skills. Users can chat about unlimited amount of topics with the app and use other modes to practice their language learning.","email":"support@talkpal.ai","legalName":"Talkpal, Inc.","foundingDate":"2023-04-03","duns":"118989042","numberOfEmployees":{"@type":"QuantitativeValue","minValue":"11","maxValue":"50"},"publishingPrinciples":"https:\/\/talkpal.ai\/publishing-principles\/","actionableFeedbackPolicy":"https:\/\/talkpal.ai\/actionable-feedback-policy\/","correctionsPolicy":"https:\/\/talkpal.ai\/corrections-policy\/","ethicsPolicy":"https:\/\/talkpal.ai\/ethics-policy\/","diversityPolicy":"https:\/\/talkpal.ai\/diversity-policy\/","diversityStaffingReport":"https:\/\/talkpal.ai\/diversity-policy\/"}]}},"_links":{"self":[{"href":"https:\/\/talkpal.ai\/hu\/wp-json\/wp\/v2\/pages\/141631","targetHints":{"allow":["GET"]}}],"collection":[{"href":"https:\/\/talkpal.ai\/hu\/wp-json\/wp\/v2\/pages"}],"about":[{"href":"https:\/\/talkpal.ai\/hu\/wp-json\/wp\/v2\/types\/page"}],"author":[{"embeddable":true,"href":"https:\/\/talkpal.ai\/hu\/wp-json\/wp\/v2\/users\/1"}],"replies":[{"embeddable":true,"href":"https:\/\/talkpal.ai\/hu\/wp-json\/wp\/v2\/comments?post=141631"}],"version-history":[{"count":0,"href":"https:\/\/talkpal.ai\/hu\/wp-json\/wp\/v2\/pages\/141631\/revisions"}],"wp:featuredmedia":[{"embeddable":true,"href":"https:\/\/talkpal.ai\/hu\/wp-json\/wp\/v2\/media\/111186"}],"wp:attachment":[{"href":"https:\/\/talkpal.ai\/hu\/wp-json\/wp\/v2\/media?parent=141631"}],"curies":[{"name":"wp","href":"https:\/\/api.w.org\/{rel}","templated":true}]}}