{"id":141305,"date":"2023-05-14T14:00:03","date_gmt":"2023-05-14T14:00:03","guid":{"rendered":"http:\/\/talkpal.ai\/bosnyak-nyelvtan\/"},"modified":"2025-05-22T14:41:11","modified_gmt":"2025-05-22T14:41:11","slug":"bosnyak-nyelvtan","status":"publish","type":"page","link":"https:\/\/talkpal.ai\/hu\/bosnyak-nyelvtan\/","title":{"rendered":"Bosny\u00e1k nyelvtan"},"content":{"rendered":"\r\n\r\n\r\n<section class=\"languageChallengeSection\">\r\n    <div class=\"languageInfoWrapper\">\r\n        \r\n        <h1>Bosny\u00e1k nyelvtan<\/h1>\r\n        <p>Nyissa meg a <a href=\"https:\/\/talkpal.ai\/learn-bosnian\/\">bosny\u00e1k<\/a> nyelv gazdag \u00e9s kifejez\u0151 vil\u00e1g\u00e1t a nyelvtani alapismeretek elsaj\u00e1t\u00edt\u00e1s\u00e1val. A <a href=\"https:\/\/talkpal.ai\/bosnian-grammar\/\">bosny\u00e1k nyelvtan<\/a> biztos ismerete seg\u00edt magabiztosan kommunik\u00e1lni \u00e9s m\u00e9lyebben megbecs\u00fclni a kult\u00far\u00e1t. Kezdje el a bosny\u00e1k <a href=\"https:\/\/talkpal.ai\/grammar\/\">nyelvtan<\/a> tanul\u00e1s\u00e1t m\u00e9g ma, \u00e9s tegye meg az els\u0151 l\u00e9p\u00e9st a foly\u00e9kony nyelvtud\u00e1s fel\u00e9!<\/p>\r\n\r\n                            <a class=\"getStartedHidden\" href=\"https:\/\/app.talkpal.ai\/hu\/signup?lng=\">Kezdj\u00fck<\/a>\r\n        \r\n    <\/div>\r\n\r\n    <figure>\r\n    <img decoding=\"async\" width=\"768\" height=\"768\" src=\"https:\/\/talkpal.ai\/wp-content\/uploads\/2023\/06\/bosinian-768x768.png\" class=\"languageImage no-lazy\" alt=\"Language learning for increasing employability\" fetchpriority=\"high\" sizes=\"(max-width: 768px) 150px, 768px\" srcset=\"https:\/\/talkpal.ai\/wp-content\/uploads\/2023\/06\/bosinian-768x768.png 768w, https:\/\/talkpal.ai\/wp-content\/uploads\/2023\/06\/bosinian-300x300.png 300w\" \/>\r\n    \r\n\r\n    <\/figure>\r\n\r\n            <a class=\"getStartedVisible\" href=\"https:\/\/app.talkpal.ai\/hu\/signup?lng=\">Kezdj\u00fck<\/a>\r\n    \r\n<\/section>\r\n<section class=\"promotionalBanner\">\r\n    <p class=\"promotionalText\">A nyelvtanul\u00e1s leghat\u00e9konyabb m\u00f3dja<\/p>\r\n    <a class=\"promotionalLink\" href=\"https:\/\/app.talkpal.ai\/hu\/signup?lng=\">Pr\u00f3b\u00e1lja ki a Talkpal ingyen<\/a>\r\n<\/section>\n<div class=\"wp-block-group pageContainerStyle\"><div class=\"wp-block-group__inner-container is-layout-constrained wp-block-group-is-layout-constrained\">\n<h2 class=\"wp-block-heading\" id=\"h-bosnian-grammar-a-guide-to-understanding-its-unique-features\">Bosny\u00e1k nyelvtan: \u00datmutat\u00f3 egyedi tulajdons\u00e1gainak meg\u00e9rt\u00e9s\u00e9hez<\/h2>\n\n\n\n<p>Bosny\u00e1kul tanulsz, \u00e9s zavarba ejt\u0151nek tal\u00e1lod a nyelvtan nyelvtan\u00e1t? Ne f\u00e9ljetek! Ebben a cikkben elmer\u00fcl\u00fcnk a <a href=\"https:\/\/talkpal.ai\/bosnian-grammar\/\">bosny\u00e1k nyelvtan<\/a> rejtelmeiben, \u00e9s seg\u00edt\u00fcnk meg\u00e9rteni annak egyedi jellemz\u0151it, mik\u00f6zben mindezt egyszer\u0171en \u00e9s \u00e9rdekesen fogalmazzuk meg. K\u00e9szen \u00e1llsz arra, hogy elindulj ezen az izgalmas nyelvi utaz\u00e1son? Kezdj\u00fck el!<\/p>\n\n\n\n<h3 class=\"wp-block-heading\" id=\"h-the-fundamentals-nouns-and-pronouns\">Az alapok: f\u0151nevek \u00e9s n\u00e9vm\u00e1sok<\/h3>\n\n\n\n<p>El\u0151sz\u00f6r is, fontos tudni, hogy a bosny\u00e1k nyelvnek, a t\u00f6bbi szl\u00e1v nyelvhez hasonl\u00f3an, h\u00e1rom nyelvtani neme <a href=\"https:\/\/talkpal.ai\/locations\/language-courses-in-van\/\">van<\/a>: h\u00edmnem\u0171, n\u0151nem\u0171 \u00e9s nemtelen. Hogyan lehet megmondani, hogy melyik nemhez tartozik egy f\u0151n\u00e9v? Ez k\u00f6nny\u0171! <a href=\"https:\/\/talkpal.ai\/locations\/language-courses-in-minden\/\">Minden<\/a> a befejez\u00e9sr\u0151l sz\u00f3l. \u00cdme egy gyors \u00fatmutat\u00f3:<\/p>\n\n\n\n<p><strong>&#8211; A h\u00edmnem\u0171 f\u0151nevek \u00e1ltal\u00e1ban m\u00e1ssalhangz\u00f3ra v\u00e9gz\u0151dnek,<\/strong><\/p>\n\n\n\n<p><strong>&#8211; A n\u0151nem\u0171 f\u0151nevek \u00e1ltal\u00e1ban -a-ra v\u00e9gz\u0151dnek,<\/strong><\/p>\n\n\n\n<p><strong>&#8211; A neutr\u00e1lis f\u0151nevek leggyakrabban -o vagy -e v\u00e9gz\u0151d\u00e9s\u0171ek.<\/strong><\/p>\n\n\n\n<p>Ne feledje, hogy ezek \u00e1ltal\u00e1nos szab\u00e1lyok, \u00e9s lehetnek kiv\u00e9telek. Most besz\u00e9lj\u00fcnk a n\u00e9vm\u00e1sokr\u00f3l. A szem\u00e9lyes n\u00e9vm\u00e1sok a bosny\u00e1k nyelvben a f\u0151n\u00e9v nem\u00e9t\u0151l, sz\u00e1m\u00e1t\u00f3l (egyes vagy t\u00f6bbes sz\u00e1m) \u00e9s eset\u00e9t\u0151l f\u00fcgg\u0151en v\u00e1ltoznak (az esetekr\u0151l k\u00e9s\u0151bb). A bosny\u00e1k nyelvben h\u00e9t szem\u00e9lyes n\u00e9vm\u00e1s van: ja (I), ti (te, egyes sz\u00e1m\/inform\u00e1lis), on (he), ona (she), <a href=\"https:\/\/talkpal.ai\/locations\/language-courses-in-ono\/\">ono<\/a> (it), mi (mi) \u00e9s vi (te, t\u00f6bbes sz\u00e1m\/form\u00e1lis). Ne feledje, hogy a bosny\u00e1k nyelv inform\u00e1lis \u00e9s form\u00e1lis m\u00f3don is megsz\u00f3l\u00edtja az embereket &#8211; ez\u00e9rt \u00fcgyeljen arra, hogy a megfelel\u0151 n\u00e9vm\u00e1st haszn\u00e1lja, amikor valakivel besz\u00e9l!<\/p>\n\n\n\n<h3 class=\"wp-block-heading\" id=\"h-next-up-verb-conjugation\">K\u00f6vetkez\u0151: Igeragoz\u00e1s<\/h3>\n\n\n\n<p>Az ig\u00e9k <a href=\"https:\/\/talkpal.ai\/languages\/\">minden nyelv<\/a> gerinc\u00e9t k\u00e9pezik, \u00e9s a bosny\u00e1k sem k\u00fcl\u00f6nb\u00f6zik egym\u00e1st\u00f3l. A bosny\u00e1k ig\u00e9knek k\u00e9t f\u0151 ragoz\u00e1si mint\u00e1juk van: az egyik a -ti (els\u0151 ragoz\u00e1s) v\u00e9g\u0171 ig\u00e9kre, a m\u00e1sik pedig a -\u0107i (m\u00e1sodik ragoz\u00e1s) v\u00e9g\u0171 ig\u00e9kre. Mindk\u00e9t esetben az ige v\u00e9gz\u0151d\u00e9sek az alany nem\u00e9t\u0151l, sz\u00e1m\u00e1t\u00f3l \u00e9s idej\u00e9t\u0151l f\u00fcgg\u0151en v\u00e1ltoznak.<\/p>\n\n\n\n<p>Ha m\u00e1r az igeid\u0151kn\u00e9l tartunk, a bosny\u00e1knak h\u00e1rom egyszer\u0171 igeideje van: jelen, m\u00falt \u00e9s j\u00f6v\u0151. A jelenlegi fesz\u00fclts\u00e9get \u00fagy alak\u00edtj\u00e1k ki, hogy konkr\u00e9t v\u00e9geket adnak az iget\u00f6rzsh\u00f6z. A m\u00falt id\u0151 viszont a &#8222;biti&#8221; (lenni) seg\u00e9dige &#8222;bio&#8221; f\u0151n\u00e9vi igen\u00e9vvel \u00e9s m\u00falt idej\u0171 mell\u00e9kn\u00e9vvel k\u00e9pz\u0151dik. V\u00e9g\u00fcl a j\u00f6v\u0151 id\u0151 a &#8222;htjeti&#8221; (lesz) seg\u00e9dige \u00e9s a f\u0151ige f\u0151n\u00e9vi igen\u00e9v\u00e9nek kombin\u00e1l\u00e1s\u00e1val j\u00f6n l\u00e9tre.<\/p>\n\n\n\n<h3 class=\"wp-block-heading\" id=\"h-the-magic-of-cases\">Az esetek var\u00e1zsa<\/h3>\n\n\n\n<p>A bosny\u00e1k nyelvtan esetrendszert alkalmaz, ami azt jelenti, hogy a f\u0151nevek, n\u00e9vm\u00e1sok, mell\u00e9knevek \u00e9s n\u00e9ha m\u00e9g az ig\u00e9k is megv\u00e1ltoztatj\u00e1k alakjukat a mondatban bet\u00f6lt\u00f6tt funkci\u00f3juk szerint. A bosny\u00e1k nyelvben h\u00e9t eset van: n\u00e9vel\u0151, birtokos eset, dat\u00edvusz, t\u00e1rgyeset, megsz\u00f3l\u00edt\u00f3, instrument\u00e1lis \u00e9s helyhat\u00e1roz\u00f3.<\/p>\n\n\n\n<p>Ne hagyja, hogy ezek a kifejez\u00e9sek megf\u00e9leml\u00edts\u00e9k! Ez csak gyakorl\u00e1s k\u00e9rd\u00e9se. Minden eset egy adott c\u00e9lt szolg\u00e1l, \u00e9s konkr\u00e9t k\u00e9rd\u00e9sekre ad v\u00e1laszt:<\/p>\n\n\n\n<p><strong>1. N\u00e9vleges:<\/strong> A mondat t\u00e1rgya. Ki vagy mi v\u00e9gzi az akci\u00f3t?<\/p>\n\n\n\n<p><strong>2. Birtokos szem\u00e9ly:<\/strong> Birtokl\u00e1st, eredetet vagy valaminek egy r\u00e9sz\u00e9t jelzi. Kinek vagy minek?<\/p>\n\n\n\n<p><strong>3. Dat\u00edvusz:<\/strong> A k\u00f6zvetett t\u00e1rgy \u2013 kinek vagy kinek adnak vagy tesznek valamit?<\/p>\n\n\n\n<p><strong>4. T\u00e1rgyeset:<\/strong> A k\u00f6zvetlen t\u00e1rgy \u2013 ki vagy mi kapja a cselekm\u00e9nyt?<\/p>\n\n\n\n<p><strong>5. Megsz\u00f3l\u00edt\u00f3:<\/strong> K\u00f6zvetlen\u00fcl sz\u00f3l\u00edt meg valakit vagy valamit &#8211; H\u00e9, te!<\/p>\n\n\n\n<p><strong>6. Instrument\u00e1lis:<\/strong> A cselekv\u00e9s eszk\u00f6z\u00e9t vagy m\u00f3dszer\u00e9t k\u00e9pviseli \u2013 mivel vagy ki \u00e1ltal?<\/p>\n\n\n\n<p><strong>7. Lokat\u00edv:<\/strong> Megmutatja valaminek a hely\u00e9t vagy helyzet\u00e9t \u2013 hol vagy miben?<\/p>\n\n\n\n<h3 class=\"wp-block-heading\" id=\"h-loving-the-adjectives\">A mell\u00e9knevek szeretete<\/h3>\n\n\n\n<p>A bosny\u00e1k mell\u00e9knevek megegyeznek azzal a f\u0151n\u00e9vvel, amelyet nem, sz\u00e1m \u00e9s eset szempontj\u00e1b\u00f3l m\u00f3dos\u00edtanak. Ez azt jelenti, hogy a mell\u00e9knevek, csak\u00fagy, mint a f\u0151nevek \u00e9s n\u00e9vm\u00e1sok, k\u00fcl\u00f6nb\u00f6z\u0151 form\u00e1j\u00faak att\u00f3l f\u00fcgg\u0151en, hogy milyen f\u0151nevet \u00edrnak le.<\/p>\n\n\n\n<p>Ha p\u00e9ld\u00e1ul azt akarjuk mondani, hogy &#8222;nagy h\u00e1z&#8221; bosny\u00e1kul (ami n\u0151nem\u0171 f\u0151n\u00e9v), akkor azt mondjuk, hogy &#8222;velika ku\u0107a&#8221;. Ha azonban egy &#8222;nagy aut\u00f3r\u00f3l&#8221; (h\u00edmnem\u0171 f\u0151n\u00e9v) besz\u00e9l\u00fcnk, akkor &#8222;veliki auto&#8221;.<\/p>\n\n\n\n<h3 class=\"wp-block-heading\" id=\"h-final-thoughts\">Z\u00e1r\u00f3 gondolatok<\/h3>\n\n\n\n<p>A bosny\u00e1k nyelvtan nem\u00e9vel, eseteivel \u00e9s igeragoz\u00e1s\u00e1val kezdetben bonyolultnak t\u0171nhet, de ne feledje: a gyakorlat teszi a mestert! Az eg\u00e9sz a rendszer meg\u00e9rt\u00e9s\u00e9r\u0151l \u00e9s val\u00f3s \u00e9lethelyzetekben val\u00f3 haszn\u00e1lat\u00e1r\u00f3l sz\u00f3l. L\u00e9gy t\u00fcrelmes, gyakorolj tov\u00e1bb, \u00e9s hamarosan elsaj\u00e1t\u00edthatod Bosznia gy\u00f6ny\u00f6r\u0171 nyelv\u00e9t. Sretno! (Sok szerencs\u00e9t!)<\/p>\n<\/div><\/div>\n\r\n<section class=\"learnNavigationSection\">\r\n            \r\n        <a href=\"https:\/\/talkpal.ai\/hu\/tanulj-bosnyak-nyelven\/\">\r\n            <div class=\"learnNavigationWrapper\">\r\n                <div class=\"learnNavigationContent\">\r\n                    <img decoding=\"async\" src=\"https:\/\/talkpal.ai\/wp-content\/uploads\/2024\/08\/Bosnian.jpg\" alt=\"Bosnian Flag\">\r\n                    <div>\r\n                        <h4>A bosny\u00e1k tanul\u00e1sr\u00f3l<\/h4>\r\n                        <p>Tudjon meg mindent a bosny\u00e1k nyelvtanr\u00f3l.<\/p>\r\n                    <\/div>\r\n                <\/div>\r\n            <\/div>\r\n        <\/a>\r\n\r\n        \r\n        <a href=\"https:\/\/talkpal.ai\/hu\/bosnyak-nyelvtani-gyakorlatok\/\">\r\n            <div class=\"learnNavigationWrapper\">\r\n                <div class=\"learnNavigationContent\">\r\n                    <img decoding=\"async\" src=\"https:\/\/talkpal.ai\/wp-content\/uploads\/2024\/08\/Bosnian.jpg\" alt=\"Bosnian Flag\">\r\n                    <div>\r\n                        <h4>Bosny\u00e1k nyelvtani gyakorlat<\/h4>\r\n                        <p>Gyakorolja a bosny\u00e1k nyelvtant.<\/p>\r\n                    <\/div>\r\n                <\/div>\r\n            <\/div>\r\n        <\/a>\r\n\r\n        \r\n        <a href=\"https:\/\/talkpal.ai\/vocabulary_language\/bosnian\/\">\r\n            <div class=\"learnNavigationWrapper\">\r\n                <div class=\"learnNavigationContent\">\r\n                    <img decoding=\"async\" src=\"https:\/\/talkpal.ai\/wp-content\/uploads\/2024\/08\/Bosnian.jpg\" alt=\"Bosnian Flag\">\r\n                    <div>\r\n                        <h4>Bosny\u00e1k sz\u00f3kincs<\/h4>\r\n                        <p>B\u0151v\u00edtse bosny\u00e1k sz\u00f3kincs\u00e9t.<\/p>\r\n                    <\/div>\r\n                <\/div>\r\n            <\/div>\r\n        <\/a>\r\n\r\n            <\/section>","protected":false},"excerpt":{"rendered":"<p>Bosny\u00e1k nyelvtan: \u00datmutat\u00f3 egyedi tulajdons\u00e1gainak meg\u00e9rt\u00e9s\u00e9hez Bosny\u00e1kul tanulsz, \u00e9s zavarba ejt\u0151nek tal\u00e1lod a nyelvtan nyelvtan\u00e1t? Ne f\u00e9ljetek! Ebben a cikkben elmer\u00fcl\u00fcnk a bosny\u00e1k nyelvtan rejtelmeiben, \u00e9s seg\u00edt\u00fcnk meg\u00e9rteni annak egyedi jellemz\u0151it, mik\u00f6zben mindezt egyszer\u0171en \u00e9s \u00e9rdekesen fogalmazzuk meg. K\u00e9szen \u00e1llsz arra, hogy elindulj ezen az izgalmas nyelvi utaz\u00e1son? Kezdj\u00fck el! Az alapok: f\u0151nevek \u00e9s n\u00e9vm\u00e1sok [&hellip;]<\/p>\n","protected":false},"author":1,"featured_media":111405,"parent":0,"menu_order":0,"comment_status":"closed","ping_status":"closed","template":"LearningContentPage.php","meta":{"_acf_changed":false,"footnotes":""},"class_list":["post-141305","page","type-page","status-publish","has-post-thumbnail","hentry"],"acf":[],"yoast_head":"<!-- This site is optimized with the Yoast SEO Premium plugin v27.2 (Yoast SEO v27.2) - https:\/\/yoast.com\/product\/yoast-seo-premium-wordpress\/ -->\n<title>Bosny\u00e1k nyelvtan - Talkpal<\/title>\n<meta name=\"description\" content=\"A bosny\u00e1k nyelvtan k\u00f6nnyed\u00e9n elsaj\u00e1t\u00edthat\u00f3 a Talkpal, a mesters\u00e9ges intelligencia \u00e1ltal vez\u00e9relt nyelvtan\u00e1rral. Fedezze fel a k\u00f6nny\u0171 magyar\u00e1zatokat, gyakorlati tippeket \u00e9s interakt\u00edv gyakorlatokat!\" \/>\n<meta name=\"robots\" content=\"index, follow, max-snippet:-1, max-image-preview:large, max-video-preview:-1\" \/>\n<link rel=\"canonical\" href=\"https:\/\/talkpal.ai\/hu\/bosnyak-nyelvtan\/\" \/>\n<meta property=\"og:locale\" content=\"hu_HU\" \/>\n<meta property=\"og:type\" content=\"article\" \/>\n<meta property=\"og:title\" content=\"Bosny\u00e1k nyelvtan\" \/>\n<meta property=\"og:description\" content=\"Bosny\u00e1k nyelvtan: \u00datmutat\u00f3 egyedi tulajdons\u00e1gainak meg\u00e9rt\u00e9s\u00e9hez Bosny\u00e1kul tanulsz, \u00e9s zavarba ejt\u0151nek tal\u00e1lod a nyelvtan nyelvtan\u00e1t? Ne f\u00e9ljetek! Ebben a\" \/>\n<meta property=\"og:url\" content=\"https:\/\/talkpal.ai\/hu\/bosnyak-nyelvtan\/\" \/>\n<meta property=\"og:site_name\" content=\"Talkpal\" \/>\n<meta property=\"article:publisher\" content=\"https:\/\/www.facebook.com\/profile.php?id=100090733639311\" \/>\n<meta property=\"article:modified_time\" content=\"2025-05-22T14:41:11+00:00\" \/>\n<meta property=\"og:image\" content=\"https:\/\/talkpal.ai\/wp-content\/uploads\/2023\/05\/bosnia-and-herzegovina.png\" \/>\n\t<meta property=\"og:image:width\" content=\"512\" \/>\n\t<meta property=\"og:image:height\" content=\"512\" \/>\n\t<meta property=\"og:image:type\" content=\"image\/png\" \/>\n<meta name=\"twitter:card\" content=\"summary_large_image\" \/>\n<meta name=\"twitter:site\" content=\"@talkpalai\" \/>\n<meta name=\"twitter:label1\" content=\"Becs\u00fclt olvas\u00e1si id\u0151\" \/>\n\t<meta name=\"twitter:data1\" content=\"4 perc\" \/>\n<script type=\"application\/ld+json\" class=\"yoast-schema-graph\">{\"@context\":\"https:\/\/schema.org\",\"@graph\":[{\"@type\":\"WebPage\",\"@id\":\"https:\/\/talkpal.ai\/hu\/bosnyak-nyelvtan\/\",\"url\":\"https:\/\/talkpal.ai\/hu\/bosnyak-nyelvtan\/\",\"name\":\"Bosny\u00e1k nyelvtan - Talkpal\",\"isPartOf\":{\"@id\":\"https:\/\/talkpal.ai\/hu\/#website\"},\"primaryImageOfPage\":{\"@id\":\"https:\/\/talkpal.ai\/hu\/bosnyak-nyelvtan\/#primaryimage\"},\"image\":{\"@id\":\"https:\/\/talkpal.ai\/hu\/bosnyak-nyelvtan\/#primaryimage\"},\"thumbnailUrl\":\"https:\/\/talkpal.ai\/wp-content\/uploads\/2023\/05\/bosnia-and-herzegovina.png\",\"datePublished\":\"2023-05-14T14:00:03+00:00\",\"dateModified\":\"2025-05-22T14:41:11+00:00\",\"description\":\"A bosny\u00e1k nyelvtan k\u00f6nnyed\u00e9n elsaj\u00e1t\u00edthat\u00f3 a Talkpal, a mesters\u00e9ges intelligencia \u00e1ltal vez\u00e9relt nyelvtan\u00e1rral. Fedezze fel a k\u00f6nny\u0171 magyar\u00e1zatokat, gyakorlati tippeket \u00e9s interakt\u00edv gyakorlatokat!\",\"breadcrumb\":{\"@id\":\"https:\/\/talkpal.ai\/hu\/bosnyak-nyelvtan\/#breadcrumb\"},\"inLanguage\":\"hu\",\"potentialAction\":[{\"@type\":\"ReadAction\",\"target\":[\"https:\/\/talkpal.ai\/hu\/bosnyak-nyelvtan\/\"]}]},{\"@type\":\"ImageObject\",\"inLanguage\":\"hu\",\"@id\":\"https:\/\/talkpal.ai\/hu\/bosnyak-nyelvtan\/#primaryimage\",\"url\":\"https:\/\/talkpal.ai\/wp-content\/uploads\/2023\/05\/bosnia-and-herzegovina.png\",\"contentUrl\":\"https:\/\/talkpal.ai\/wp-content\/uploads\/2023\/05\/bosnia-and-herzegovina.png\",\"width\":512,\"height\":512},{\"@type\":\"BreadcrumbList\",\"@id\":\"https:\/\/talkpal.ai\/hu\/bosnyak-nyelvtan\/#breadcrumb\",\"itemListElement\":[{\"@type\":\"ListItem\",\"position\":1,\"name\":\"Homepage\",\"item\":\"https:\/\/talkpal.ai\/hu\/\"},{\"@type\":\"ListItem\",\"position\":2,\"name\":\"Bosny\u00e1k nyelvtan\"}]},{\"@type\":\"WebSite\",\"@id\":\"https:\/\/talkpal.ai\/hu\/#website\",\"url\":\"https:\/\/talkpal.ai\/hu\/\",\"name\":\"Talkpal\",\"description\":\"AI Language Learning\",\"publisher\":{\"@id\":\"https:\/\/talkpal.ai\/hu\/#organization\"},\"alternateName\":\"Talkpal AI\",\"potentialAction\":[{\"@type\":\"SearchAction\",\"target\":{\"@type\":\"EntryPoint\",\"urlTemplate\":\"https:\/\/talkpal.ai\/hu\/?s={search_term_string}\"},\"query-input\":{\"@type\":\"PropertyValueSpecification\",\"valueRequired\":true,\"valueName\":\"search_term_string\"}}],\"inLanguage\":\"hu\"},{\"@type\":\"Organization\",\"@id\":\"https:\/\/talkpal.ai\/hu\/#organization\",\"name\":\"Talkpal, Inc.\",\"alternateName\":\"Talkpal AI\",\"url\":\"https:\/\/talkpal.ai\/hu\/\",\"logo\":{\"@type\":\"ImageObject\",\"inLanguage\":\"hu\",\"@id\":\"https:\/\/talkpal.ai\/hu\/#\/schema\/logo\/image\/\",\"url\":\"https:\/\/talkpal.ai\/wp-content\/uploads\/2024\/03\/Talkpal-Logo-Icon.png\",\"contentUrl\":\"https:\/\/talkpal.ai\/wp-content\/uploads\/2024\/03\/Talkpal-Logo-Icon.png\",\"width\":2880,\"height\":2880,\"caption\":\"Talkpal, Inc.\"},\"image\":{\"@id\":\"https:\/\/talkpal.ai\/hu\/#\/schema\/logo\/image\/\"},\"sameAs\":[\"https:\/\/www.facebook.com\/profile.php?id=100090733639311\",\"https:\/\/x.com\/talkpalai\",\"https:\/\/www.linkedin.com\/company\/talkpal\/\",\"https:\/\/www.youtube.com\/@TalkPal\/\",\"https:\/\/www.tiktok.com\/@talkpal\",\"https:\/\/www.instagram.com\/talkpal_ai\/\",\"https:\/\/www.crunchbase.com\/organization\/talkpal-9cde\",\"https:\/\/www.g2.com\/products\/talkpal-for-business\/\",\"https:\/\/www.trustpilot.com\/review\/talkpal.ai\",\"https:\/\/www.capterra.com\/p\/10006800\/TalkPal\/\"],\"description\":\"Talkpal is a language learning web and mobile education app, powered by the latest AI technologies, that provides engaging experiences to its customers in many different languages to help them improve their language skills. Users can chat about unlimited amount of topics with the app and use other modes to practice their language learning.\",\"email\":\"support@talkpal.ai\",\"legalName\":\"Talkpal, Inc.\",\"foundingDate\":\"2023-04-03\",\"duns\":\"118989042\",\"numberOfEmployees\":{\"@type\":\"QuantitativeValue\",\"minValue\":\"11\",\"maxValue\":\"50\"},\"publishingPrinciples\":\"https:\/\/talkpal.ai\/publishing-principles\/\",\"actionableFeedbackPolicy\":\"https:\/\/talkpal.ai\/actionable-feedback-policy\/\",\"correctionsPolicy\":\"https:\/\/talkpal.ai\/corrections-policy\/\",\"ethicsPolicy\":\"https:\/\/talkpal.ai\/ethics-policy\/\",\"diversityPolicy\":\"https:\/\/talkpal.ai\/diversity-policy\/\",\"diversityStaffingReport\":\"https:\/\/talkpal.ai\/diversity-policy\/\"}]}<\/script>\n<!-- \/ Yoast SEO Premium plugin. -->","yoast_head_json":{"title":"Bosny\u00e1k nyelvtan - Talkpal","description":"A bosny\u00e1k nyelvtan k\u00f6nnyed\u00e9n elsaj\u00e1t\u00edthat\u00f3 a Talkpal, a mesters\u00e9ges intelligencia \u00e1ltal vez\u00e9relt nyelvtan\u00e1rral. Fedezze fel a k\u00f6nny\u0171 magyar\u00e1zatokat, gyakorlati tippeket \u00e9s interakt\u00edv gyakorlatokat!","robots":{"index":"index","follow":"follow","max-snippet":"max-snippet:-1","max-image-preview":"max-image-preview:large","max-video-preview":"max-video-preview:-1"},"canonical":"https:\/\/talkpal.ai\/hu\/bosnyak-nyelvtan\/","og_locale":"hu_HU","og_type":"article","og_title":"Bosny\u00e1k nyelvtan","og_description":"Bosny\u00e1k nyelvtan: \u00datmutat\u00f3 egyedi tulajdons\u00e1gainak meg\u00e9rt\u00e9s\u00e9hez Bosny\u00e1kul tanulsz, \u00e9s zavarba ejt\u0151nek tal\u00e1lod a nyelvtan nyelvtan\u00e1t? Ne f\u00e9ljetek! Ebben a","og_url":"https:\/\/talkpal.ai\/hu\/bosnyak-nyelvtan\/","og_site_name":"Talkpal","article_publisher":"https:\/\/www.facebook.com\/profile.php?id=100090733639311","article_modified_time":"2025-05-22T14:41:11+00:00","og_image":[{"width":512,"height":512,"url":"https:\/\/talkpal.ai\/wp-content\/uploads\/2023\/05\/bosnia-and-herzegovina.png","type":"image\/png"}],"twitter_card":"summary_large_image","twitter_site":"@talkpalai","twitter_misc":{"Becs\u00fclt olvas\u00e1si id\u0151":"4 perc"},"schema":{"@context":"https:\/\/schema.org","@graph":[{"@type":"WebPage","@id":"https:\/\/talkpal.ai\/hu\/bosnyak-nyelvtan\/","url":"https:\/\/talkpal.ai\/hu\/bosnyak-nyelvtan\/","name":"Bosny\u00e1k nyelvtan - Talkpal","isPartOf":{"@id":"https:\/\/talkpal.ai\/hu\/#website"},"primaryImageOfPage":{"@id":"https:\/\/talkpal.ai\/hu\/bosnyak-nyelvtan\/#primaryimage"},"image":{"@id":"https:\/\/talkpal.ai\/hu\/bosnyak-nyelvtan\/#primaryimage"},"thumbnailUrl":"https:\/\/talkpal.ai\/wp-content\/uploads\/2023\/05\/bosnia-and-herzegovina.png","datePublished":"2023-05-14T14:00:03+00:00","dateModified":"2025-05-22T14:41:11+00:00","description":"A bosny\u00e1k nyelvtan k\u00f6nnyed\u00e9n elsaj\u00e1t\u00edthat\u00f3 a Talkpal, a mesters\u00e9ges intelligencia \u00e1ltal vez\u00e9relt nyelvtan\u00e1rral. Fedezze fel a k\u00f6nny\u0171 magyar\u00e1zatokat, gyakorlati tippeket \u00e9s interakt\u00edv gyakorlatokat!","breadcrumb":{"@id":"https:\/\/talkpal.ai\/hu\/bosnyak-nyelvtan\/#breadcrumb"},"inLanguage":"hu","potentialAction":[{"@type":"ReadAction","target":["https:\/\/talkpal.ai\/hu\/bosnyak-nyelvtan\/"]}]},{"@type":"ImageObject","inLanguage":"hu","@id":"https:\/\/talkpal.ai\/hu\/bosnyak-nyelvtan\/#primaryimage","url":"https:\/\/talkpal.ai\/wp-content\/uploads\/2023\/05\/bosnia-and-herzegovina.png","contentUrl":"https:\/\/talkpal.ai\/wp-content\/uploads\/2023\/05\/bosnia-and-herzegovina.png","width":512,"height":512},{"@type":"BreadcrumbList","@id":"https:\/\/talkpal.ai\/hu\/bosnyak-nyelvtan\/#breadcrumb","itemListElement":[{"@type":"ListItem","position":1,"name":"Homepage","item":"https:\/\/talkpal.ai\/hu\/"},{"@type":"ListItem","position":2,"name":"Bosny\u00e1k nyelvtan"}]},{"@type":"WebSite","@id":"https:\/\/talkpal.ai\/hu\/#website","url":"https:\/\/talkpal.ai\/hu\/","name":"Talkpal","description":"AI Language Learning","publisher":{"@id":"https:\/\/talkpal.ai\/hu\/#organization"},"alternateName":"Talkpal AI","potentialAction":[{"@type":"SearchAction","target":{"@type":"EntryPoint","urlTemplate":"https:\/\/talkpal.ai\/hu\/?s={search_term_string}"},"query-input":{"@type":"PropertyValueSpecification","valueRequired":true,"valueName":"search_term_string"}}],"inLanguage":"hu"},{"@type":"Organization","@id":"https:\/\/talkpal.ai\/hu\/#organization","name":"Talkpal, Inc.","alternateName":"Talkpal AI","url":"https:\/\/talkpal.ai\/hu\/","logo":{"@type":"ImageObject","inLanguage":"hu","@id":"https:\/\/talkpal.ai\/hu\/#\/schema\/logo\/image\/","url":"https:\/\/talkpal.ai\/wp-content\/uploads\/2024\/03\/Talkpal-Logo-Icon.png","contentUrl":"https:\/\/talkpal.ai\/wp-content\/uploads\/2024\/03\/Talkpal-Logo-Icon.png","width":2880,"height":2880,"caption":"Talkpal, Inc."},"image":{"@id":"https:\/\/talkpal.ai\/hu\/#\/schema\/logo\/image\/"},"sameAs":["https:\/\/www.facebook.com\/profile.php?id=100090733639311","https:\/\/x.com\/talkpalai","https:\/\/www.linkedin.com\/company\/talkpal\/","https:\/\/www.youtube.com\/@TalkPal\/","https:\/\/www.tiktok.com\/@talkpal","https:\/\/www.instagram.com\/talkpal_ai\/","https:\/\/www.crunchbase.com\/organization\/talkpal-9cde","https:\/\/www.g2.com\/products\/talkpal-for-business\/","https:\/\/www.trustpilot.com\/review\/talkpal.ai","https:\/\/www.capterra.com\/p\/10006800\/TalkPal\/"],"description":"Talkpal is a language learning web and mobile education app, powered by the latest AI technologies, that provides engaging experiences to its customers in many different languages to help them improve their language skills. Users can chat about unlimited amount of topics with the app and use other modes to practice their language learning.","email":"support@talkpal.ai","legalName":"Talkpal, Inc.","foundingDate":"2023-04-03","duns":"118989042","numberOfEmployees":{"@type":"QuantitativeValue","minValue":"11","maxValue":"50"},"publishingPrinciples":"https:\/\/talkpal.ai\/publishing-principles\/","actionableFeedbackPolicy":"https:\/\/talkpal.ai\/actionable-feedback-policy\/","correctionsPolicy":"https:\/\/talkpal.ai\/corrections-policy\/","ethicsPolicy":"https:\/\/talkpal.ai\/ethics-policy\/","diversityPolicy":"https:\/\/talkpal.ai\/diversity-policy\/","diversityStaffingReport":"https:\/\/talkpal.ai\/diversity-policy\/"}]}},"_links":{"self":[{"href":"https:\/\/talkpal.ai\/hu\/wp-json\/wp\/v2\/pages\/141305","targetHints":{"allow":["GET"]}}],"collection":[{"href":"https:\/\/talkpal.ai\/hu\/wp-json\/wp\/v2\/pages"}],"about":[{"href":"https:\/\/talkpal.ai\/hu\/wp-json\/wp\/v2\/types\/page"}],"author":[{"embeddable":true,"href":"https:\/\/talkpal.ai\/hu\/wp-json\/wp\/v2\/users\/1"}],"replies":[{"embeddable":true,"href":"https:\/\/talkpal.ai\/hu\/wp-json\/wp\/v2\/comments?post=141305"}],"version-history":[{"count":0,"href":"https:\/\/talkpal.ai\/hu\/wp-json\/wp\/v2\/pages\/141305\/revisions"}],"wp:featuredmedia":[{"embeddable":true,"href":"https:\/\/talkpal.ai\/hu\/wp-json\/wp\/v2\/media\/111405"}],"wp:attachment":[{"href":"https:\/\/talkpal.ai\/hu\/wp-json\/wp\/v2\/media?parent=141305"}],"curies":[{"name":"wp","href":"https:\/\/api.w.org\/{rel}","templated":true}]}}