{"id":141043,"date":"2023-05-14T13:59:42","date_gmt":"2023-05-14T13:59:42","guid":{"rendered":"http:\/\/talkpal.ai\/feherorosz-nyelvtan\/"},"modified":"2025-05-22T13:49:38","modified_gmt":"2025-05-22T13:49:38","slug":"feherorosz-nyelvtan","status":"publish","type":"page","link":"https:\/\/talkpal.ai\/hu\/feherorosz-nyelvtan\/","title":{"rendered":"Feh\u00e9rorosz nyelvtan"},"content":{"rendered":"\r\n\r\n\r\n<section class=\"languageChallengeSection\">\r\n    <div class=\"languageInfoWrapper\">\r\n        \r\n        <h1>Feh\u00e9rorosz nyelvtan<\/h1>\r\n        <p>Fedezze fel a <a href=\"https:\/\/talkpal.ai\/learn-belarusian\/\">feh\u00e9rorosz<\/a> nyelv sz\u00e9ps\u00e9g\u00e9t \u00e9s gazdags\u00e1g\u00e1t az alapvet\u0151 nyelvtani szab\u00e1lyok elsaj\u00e1t\u00edt\u00e1s\u00e1val. A feh\u00e9rorosz <a href=\"https:\/\/talkpal.ai\/grammar\/\">nyelvtan<\/a> megalapozott ismerete seg\u00edt magabiztosan kommunik\u00e1lni \u00e9s a feh\u00e9rorosz kult\u00far\u00e1hoz kapcsol\u00f3dni. Mer\u00fclj\u00f6n el most, \u00e9s kezdje el a feh\u00e9rorosz nyelv elsaj\u00e1t\u00edt\u00e1s\u00e1t m\u00e9g ma!<\/p>\r\n\r\n                            <a class=\"getStartedHidden\" href=\"https:\/\/app.talkpal.ai\/hu\/signup?lng=\">Kezdj\u00fck<\/a>\r\n        \r\n    <\/div>\r\n\r\n    <figure>\r\n    <img decoding=\"async\" width=\"768\" height=\"768\" src=\"https:\/\/talkpal.ai\/wp-content\/uploads\/2023\/06\/belarusian-768x768.png\" class=\"languageImage no-lazy\" alt=\"Language learning for academic excellence\" fetchpriority=\"high\" sizes=\"(max-width: 768px) 150px, 768px\" srcset=\"https:\/\/talkpal.ai\/wp-content\/uploads\/2023\/06\/belarusian-768x768.png 768w, https:\/\/talkpal.ai\/wp-content\/uploads\/2023\/06\/belarusian-300x300.png 300w\" \/>\r\n    \r\n\r\n    <\/figure>\r\n\r\n            <a class=\"getStartedVisible\" href=\"https:\/\/app.talkpal.ai\/hu\/signup?lng=\">Kezdj\u00fck<\/a>\r\n    \r\n<\/section>\r\n<section class=\"promotionalBanner\">\r\n    <p class=\"promotionalText\">A nyelvtanul\u00e1s leghat\u00e9konyabb m\u00f3dja<\/p>\r\n    <a class=\"promotionalLink\" href=\"https:\/\/app.talkpal.ai\/hu\/signup?lng=\">Pr\u00f3b\u00e1lja ki a Talkpal ingyen<\/a>\r\n<\/section>\n<div class=\"wp-block-group pageContainerStyle\"><div class=\"wp-block-group__inner-container is-layout-constrained wp-block-group-is-layout-constrained\">\n<h2 class=\"wp-block-heading\" id=\"h-belarusian-grammar-a-closer-look-at-the-slavic-language-s-intricacies\">Belorusz nyelvtan: A szl\u00e1v nyelv bonyolults\u00e1g\u00e1nak k\u00f6zelebbi vizsg\u00e1lata<\/h2>\n\n\n\n<p>\u00d6n egy t\u00f6rekv\u0151 poliglott, aki leny\u0171g\u00f6zi a szl\u00e1v nyelveket? Vagy tal\u00e1n csak k\u00edv\u00e1ncsi ennek az \u00e9rdekes r\u00e9gi\u00f3nak a nyelvtani bonyodalmaira? Ha igen, csatold be! Ebben a cikkben a <a href=\"https:\/\/talkpal.ai\/belarusian-grammar\/\">feh\u00e9rorosz nyelvtan<\/a> csod\u00e1latos vil\u00e1g\u00e1t fedezz\u00fck fel, amely a szl\u00e1v nyelvcsal\u00e1d egy kev\u00e9sb\u00e9 ismert, m\u00e9gis leny\u0171g\u00f6z\u0151 tagja.<\/p>\n\n\n\n<p>Mer\u00fclj\u00fcnk el, rendben?<\/p>\n\n\n\n<h3 class=\"wp-block-heading\" id=\"h-first-things-first-what-is-belarusian\">El\u0151sz\u00f6r is: Mi a feh\u00e9rorosz?<\/h3>\n\n\n\n<p>A feh\u00e9rorosz Feh\u00e9roroszorsz\u00e1g hivatalos nyelve, egy tengerparttal nem rendelkez\u0151 orsz\u00e1g, amely Kelet-Eur\u00f3p\u00e1ban tal\u00e1lhat\u00f3 Oroszorsz\u00e1g, Ukrajna, Lengyelorsz\u00e1g, Litv\u00e1nia \u00e9s Lettorsz\u00e1g k\u00f6z\u00f6tt. K\u00f6r\u00fclbel\u00fcl 7,9 milli\u00f3 besz\u00e9l\u0151j\u00e9vel a feh\u00e9rorosz nyelv elb\u0171v\u00f6l\u0151 var\u00e1zst hordoz a nyelv\u00e9szek \u00e9s a <a href=\"https:\/\/talkpal.ai\/talkpal-discount-for-language-enthusiasts\/\">nyelvrajong\u00f3k<\/a> sz\u00e1m\u00e1ra egyar\u00e1nt. Szl\u00e1v nyelvk\u00e9nt a feh\u00e9rorosz sok hasonl\u00f3s\u00e1got mutat az <a href=\"https:\/\/talkpal.ai\/learn-russian\/\">orosz<\/a>, <a href=\"https:\/\/talkpal.ai\/learn-ukrainian\/\">ukr\u00e1n<\/a> \u00e9s <a href=\"https:\/\/talkpal.ai\/learn-polish\/\">lengyel<\/a> nyelvvel; Ugyanakkor mag\u00e1ban foglalja saj\u00e1t egyedi jellemz\u0151it is, amelyek megk\u00fcl\u00f6nb\u00f6ztetik testv\u00e9reit\u0151l.<\/p>\n\n\n\n<h3 class=\"wp-block-heading\" id=\"h-the-building-blocks-nouns-pronouns-and-cases\">Az \u00e9p\u00edt\u0151elemek: f\u0151nevek, n\u00e9vm\u00e1sok \u00e9s esetek<\/h3>\n\n\n\n<p>A t\u00f6bbi szl\u00e1v nyelvhez hasonl\u00f3an a feh\u00e9rorosz nyelvtan a szavak inflexi\u00f3ja k\u00f6r\u00fcl forog. Ez azt jelenti, hogy a szavak v\u00e9gz\u0151d\u00e9sei a mondatban l\u00e9v\u0151 nyelvtani funkci\u00f3juknak megfelel\u0151en v\u00e1ltoznak. Ez a f\u0151nevek, n\u00e9vm\u00e1sok \u00e9s mell\u00e9knevek eset\u00e9ben a legnyilv\u00e1nval\u00f3bb, amikor k\u00fcl\u00f6nb\u00f6z\u0151 esetekben haszn\u00e1lj\u00e1k \u0151ket. Feh\u00e9roroszorsz\u00e1gnak hat esete <a href=\"https:\/\/talkpal.ai\/locations\/language-courses-in-van\/\">van<\/a>, amelyek a k\u00f6vetkez\u0151k:<\/p>\n\n\n\n<p><strong>1. Nominat\u00edv &#8211; a mondat alany\u00e1t jel\u00f6li.<\/strong><\/p>\n\n\n\n<p><strong>2. Genitivus &#8211; a birtokl\u00e1st vagy a tagad\u00e1s t\u00e1rgy\u00e1t mutatja.<\/strong><\/p>\n\n\n\n<p><strong>3. Dative &#8211; a mondat k\u00f6zvetett t\u00e1rgy\u00e1t jel\u00f6li.<\/strong><\/p>\n\n\n\n<p><strong>4. Accusative &#8211; a mondat k\u00f6zvetlen t\u00e1rgy\u00e1t jel\u00f6li.<\/strong><\/p>\n\n\n\n<p><strong>5. Instrument\u00e1lis &#8211; azt az eszk\u00f6zt vagy m\u00f3dszert fejezi ki, amellyel egy cselekv\u00e9s v\u00e9grehajt\u00e1sra ker\u00fcl.<\/strong><\/p>\n\n\n\n<p><strong>6. Prepozicion\u00e1lis vagy lokat\u00edv &#8211; a helyet vagy a prepoz\u00edci\u00f3k t\u00e1rgy\u00e1t jel\u00f6li.<\/strong><\/p>\n\n\n\n<p>Az eseteken k\u00edv\u00fcl a feh\u00e9rorosz f\u0151neveknek h\u00e1rom neme is van (f\u00e9rfias, n\u0151ies \u00e9s ivartalan\u00edtott) \u00e9s k\u00e9t sz\u00e1m (egyes \u00e9s t\u00f6bbes sz\u00e1m). Minden nem- \u00e9s sz\u00e1mkombin\u00e1ci\u00f3nak minden esetben k\u00fcl\u00f6n v\u00e9gz\u0151d\u00e9se van, ez\u00e9rt d\u00f6nt\u0151 fontoss\u00e1g\u00fa ezek memoriz\u00e1l\u00e1sa a nyelvtanilag helyes mondatok megalkot\u00e1s\u00e1hoz.<\/p>\n\n\n\n<h3 class=\"wp-block-heading\" id=\"h-let-s-talk-verbs-tenses-aspects-and-moods\">Besz\u00e9lj\u00fcnk az ig\u00e9kr\u0151l: Igeid\u0151k, aspektusok \u00e9s hangnemek<\/h3>\n\n\n\n<p>A feh\u00e9rorosz ig\u00e9k csod\u00e1latosan \u00f6sszetettek, tele vannak \u00e1rnyalatokkal \u00e9s bonyolults\u00e1ggal. H\u00e1rom igeidej\u00fck van (m\u00falt, jelen \u00e9s j\u00f6v\u0151), k\u00e9t aspektusuk (perfekt\u00edv \u00e9s t\u00f6k\u00e9letlen), valamint h\u00e1rom hangulatuk (indikat\u00edv, imperat\u00edv \u00e9s felt\u00e9teles). Ami a feh\u00e9rorosz ig\u00e9ket megk\u00fcl\u00f6nb\u00f6zteti a t\u00f6bbi szl\u00e1v nyelvt\u0151l, az a sz\u00e9les k\u00f6r\u0171 haszn\u00e1latuk.<\/p>\n\n\n\n<p>Az aspektus arra utal, hogy egy cselekv\u00e9st befejezettnek (perfekt\u00edv) vagy folyamatban l\u00e9v\u0151nek (t\u00f6k\u00e9letlen) tekint\u00fcnk-e. Sok ige p\u00e1rban van, amelyek jelzik a k\u00fcl\u00f6nb\u00f6z\u0151 szempontokat, gyakran egyedi el\u0151tag vagy ut\u00f3tag haszn\u00e1lat\u00e1val. A szempontok elsaj\u00e1t\u00edt\u00e1sa elengedhetetlen a feh\u00e9rorosz nyelv finoms\u00e1gainak meg\u00e9rt\u00e9s\u00e9hez.<\/p>\n\n\n\n<h3 class=\"wp-block-heading\" id=\"h-adjectives-adverbs-and-other-delights\">Mell\u00e9knevek, hat\u00e1roz\u00f3szavak \u00e9s egy\u00e9b \u00e9lvezetek<\/h3>\n\n\n\n<p>A feh\u00e9rorosz mell\u00e9knevek megegyeznek az \u00e1ltaluk m\u00f3dos\u00edtott f\u0151nevekkel nem, sz\u00e1m \u00e9s eset szempontj\u00e1b\u00f3l. \u00d6sszehasonl\u00edt\u00f3 \u00e9s fels\u0151bbrend\u0171 form\u00e1ik is vannak, hogy kifejezz\u00e9k a k\u00fcl\u00f6nb\u00f6z\u0151 fok\u00fa min\u0151s\u00e9geket. Ezenk\u00edv\u00fcl sz\u00e1mos hat\u00e1roz\u00f3sz\u00f3 mell\u00e9knevekb\u0151l sz\u00e1rmazik, egyszer\u0171en a &#8222;-\u0430&#8221; ut\u00f3tag hozz\u00e1ad\u00e1s\u00e1val a h\u00edmnem\u0171 \u00e9s a &#8222;-\u044b&#8221; ut\u00f3tag hozz\u00e1ad\u00e1s\u00e1val a n\u0151nem\u0171ekhez.<\/p>\n\n\n\n<p>A feh\u00e9rorosz nyelv leny\u0171g\u00f6z\u0151 k\u00f6t\u0151szavakat, el\u00f6lj\u00e1r\u00f3szavakat, sz\u00e1mokat \u00e9s r\u00e9szecsk\u00e9ket is tartalmaz, amelyek seg\u00edtenek bonyolult \u00e9s kifejez\u0151 mondatok l\u00e9trehoz\u00e1s\u00e1ban. Kell\u0151 gyakorl\u00e1ssal hamarosan \u00fagy fogod tudni szavaidat \u00f6sszesz\u0151ni, mint egy igazi feh\u00e9rorosz sz\u00f3kov\u00e1cs.<\/p>\n\n\n\n<h3 class=\"wp-block-heading\" id=\"h-in-closing-the-magic-of-belarusian-grammar\">Z\u00e1r\u00e1sk\u00e9nt: A feh\u00e9rorosz nyelvtan var\u00e1zsa<\/h3>\n\n\n\n<p>Els\u0151 pillant\u00e1sra a feh\u00e9rorosz nyelvtan ijeszt\u0151nek t\u0171nhet. Ha azonban m\u00e9lyebben elmer\u00fcl az esetek, aspektusok \u00e9s egy\u00e9b nyelvi furcsas\u00e1gok gazdag sz\u00f6vev\u00e9ny\u00e9ben, egy m\u00e9lys\u00e9gekben, \u00e1rnyalatokban \u00e9s kifejez\u0151k\u00e9szs\u00e9gben gazdag nyelvet fedezhet fel. A feh\u00e9rorosz nyelvtan kih\u00edv\u00e1s\u00e1nak elfogad\u00e1sa nemcsak a szl\u00e1v csal\u00e1d eg\u00e9sz\u00e9nek jobb meg\u00e9rt\u00e9s\u00e9t biztos\u00edtja, hanem hozz\u00e1f\u00e9r\u00e9st biztos\u00edt egy gy\u00f6ny\u00f6r\u0171 \u00e9s \u00e9l\u00e9nk kult\u00far\u00e1hoz is, amely felfedez\u00e9sre v\u00e1r.<\/p>\n\n\n\n<p>Most, a feh\u00e9rorosz nyelvtan \u00fajonnan felfedezett meg\u00e9rt\u00e9s\u00e9vel felfegyverkezve, mi\u00e9rt nem mer\u00fcl m\u00e9lyebben ebbe a leny\u0171g\u00f6z\u0151 nyelvbe? Ki tudja &#8211; tal\u00e1n egy nap \u00d6n is azon kapja mag\u00e1t, hogy Minszk utc\u00e1in s\u00e9t\u00e1lgat, \u00e9s k\u00f6nnyed\u00e9n elbesz\u00e9lget a helyiekkel az anyanyelv\u00fck\u00f6n. Boldog tanul\u00e1st!<\/p>\n<\/div><\/div>\n\r\n<section class=\"learnNavigationSection\">\r\n            \r\n        <a href=\"https:\/\/talkpal.ai\/hu\/tanulj-feheroroszul\/\">\r\n            <div class=\"learnNavigationWrapper\">\r\n                <div class=\"learnNavigationContent\">\r\n                    <img decoding=\"async\" src=\"https:\/\/talkpal.ai\/wp-content\/uploads\/2024\/08\/Belarusian.jpg\" alt=\"Belarusian Flag\">\r\n                    <div>\r\n                        <h4>A feh\u00e9rorosz tanul\u00e1sr\u00f3l<\/h4>\r\n                        <p>Tudjon meg mindent a feh\u00e9rorosz nyelvtanr\u00f3l.<\/p>\r\n                    <\/div>\r\n                <\/div>\r\n            <\/div>\r\n        <\/a>\r\n\r\n        \r\n        <a href=\"https:\/\/talkpal.ai\/hu\/feherorosz-nyelvtani-gyakorlatok\/\">\r\n            <div class=\"learnNavigationWrapper\">\r\n                <div class=\"learnNavigationContent\">\r\n                    <img decoding=\"async\" src=\"https:\/\/talkpal.ai\/wp-content\/uploads\/2024\/08\/Belarusian.jpg\" alt=\"Belarusian Flag\">\r\n                    <div>\r\n                        <h4>Feh\u00e9rorosz nyelvtani gyakorlat<\/h4>\r\n                        <p>Gyakorolja a feh\u00e9rorosz nyelvtant.<\/p>\r\n                    <\/div>\r\n                <\/div>\r\n            <\/div>\r\n        <\/a>\r\n\r\n        \r\n        <a href=\"https:\/\/talkpal.ai\/vocabulary_language\/belarusian\/\">\r\n            <div class=\"learnNavigationWrapper\">\r\n                <div class=\"learnNavigationContent\">\r\n                    <img decoding=\"async\" src=\"https:\/\/talkpal.ai\/wp-content\/uploads\/2024\/08\/Belarusian.jpg\" alt=\"Belarusian Flag\">\r\n                    <div>\r\n                        <h4>Feh\u00e9rorosz sz\u00f3kincs<\/h4>\r\n                        <p>B\u0151v\u00edtse belorusz sz\u00f3kincs\u00e9t.<\/p>\r\n                    <\/div>\r\n                <\/div>\r\n            <\/div>\r\n        <\/a>\r\n\r\n            <\/section>","protected":false},"excerpt":{"rendered":"<p>Belorusz nyelvtan: A szl\u00e1v nyelv bonyolults\u00e1g\u00e1nak k\u00f6zelebbi vizsg\u00e1lata \u00d6n egy t\u00f6rekv\u0151 poliglott, aki leny\u0171g\u00f6zi a szl\u00e1v nyelveket? Vagy tal\u00e1n csak k\u00edv\u00e1ncsi ennek az \u00e9rdekes r\u00e9gi\u00f3nak a nyelvtani bonyodalmaira? Ha igen, csatold be! Ebben a cikkben a feh\u00e9rorosz nyelvtan csod\u00e1latos vil\u00e1g\u00e1t fedezz\u00fck fel, amely a szl\u00e1v nyelvcsal\u00e1d egy kev\u00e9sb\u00e9 ismert, m\u00e9gis leny\u0171g\u00f6z\u0151 tagja. Mer\u00fclj\u00fcnk el, rendben? [&hellip;]<\/p>\n","protected":false},"author":1,"featured_media":110553,"parent":0,"menu_order":0,"comment_status":"closed","ping_status":"closed","template":"LearningContentPage.php","meta":{"_acf_changed":false,"footnotes":""},"class_list":["post-141043","page","type-page","status-publish","has-post-thumbnail","hentry"],"acf":[],"yoast_head":"<!-- This site is optimized with the Yoast SEO Premium plugin v27.2 (Yoast SEO v27.2) - https:\/\/yoast.com\/product\/yoast-seo-premium-wordpress\/ -->\n<title>Feh\u00e9rorosz nyelvtan - Talkpal<\/title>\n<meta name=\"description\" content=\"A feh\u00e9rorosz nyelvtan elsaj\u00e1t\u00edt\u00e1sa k\u00f6nnyed\u00e9n a Talkpal, a mesters\u00e9ges intelligencia \u00e1ltal vez\u00e9relt nyelvtan\u00e1rral. Vil\u00e1gos magyar\u00e1zatokat, hasznos tippeket \u00e9s interakt\u00edv gyakorlatokat kapsz!\" \/>\n<meta name=\"robots\" content=\"index, follow, max-snippet:-1, max-image-preview:large, max-video-preview:-1\" \/>\n<link rel=\"canonical\" href=\"https:\/\/talkpal.ai\/hu\/feherorosz-nyelvtan\/\" \/>\n<meta property=\"og:locale\" content=\"hu_HU\" \/>\n<meta property=\"og:type\" content=\"article\" \/>\n<meta property=\"og:title\" content=\"Feh\u00e9rorosz nyelvtan\" \/>\n<meta property=\"og:description\" content=\"Belorusz nyelvtan: A szl\u00e1v nyelv bonyolults\u00e1g\u00e1nak k\u00f6zelebbi vizsg\u00e1lata \u00d6n egy t\u00f6rekv\u0151 poliglott, aki leny\u0171g\u00f6zi a szl\u00e1v nyelveket? Vagy tal\u00e1n csak k\u00edv\u00e1ncsi\" \/>\n<meta property=\"og:url\" content=\"https:\/\/talkpal.ai\/hu\/feherorosz-nyelvtan\/\" \/>\n<meta property=\"og:site_name\" content=\"Talkpal\" \/>\n<meta property=\"article:publisher\" content=\"https:\/\/www.facebook.com\/profile.php?id=100090733639311\" \/>\n<meta property=\"article:modified_time\" content=\"2025-05-22T13:49:38+00:00\" \/>\n<meta property=\"og:image\" content=\"https:\/\/talkpal.ai\/wp-content\/uploads\/2023\/05\/belarus.png\" \/>\n\t<meta property=\"og:image:width\" content=\"512\" \/>\n\t<meta property=\"og:image:height\" content=\"512\" \/>\n\t<meta property=\"og:image:type\" content=\"image\/png\" \/>\n<meta name=\"twitter:card\" content=\"summary_large_image\" \/>\n<meta name=\"twitter:site\" content=\"@talkpalai\" \/>\n<meta name=\"twitter:label1\" content=\"Becs\u00fclt olvas\u00e1si id\u0151\" \/>\n\t<meta name=\"twitter:data1\" content=\"4 perc\" \/>\n<script type=\"application\/ld+json\" class=\"yoast-schema-graph\">{\"@context\":\"https:\/\/schema.org\",\"@graph\":[{\"@type\":\"WebPage\",\"@id\":\"https:\/\/talkpal.ai\/hu\/feherorosz-nyelvtan\/\",\"url\":\"https:\/\/talkpal.ai\/hu\/feherorosz-nyelvtan\/\",\"name\":\"Feh\u00e9rorosz nyelvtan - Talkpal\",\"isPartOf\":{\"@id\":\"https:\/\/talkpal.ai\/hu\/#website\"},\"primaryImageOfPage\":{\"@id\":\"https:\/\/talkpal.ai\/hu\/feherorosz-nyelvtan\/#primaryimage\"},\"image\":{\"@id\":\"https:\/\/talkpal.ai\/hu\/feherorosz-nyelvtan\/#primaryimage\"},\"thumbnailUrl\":\"https:\/\/talkpal.ai\/wp-content\/uploads\/2023\/05\/belarus.png\",\"datePublished\":\"2023-05-14T13:59:42+00:00\",\"dateModified\":\"2025-05-22T13:49:38+00:00\",\"description\":\"A feh\u00e9rorosz nyelvtan elsaj\u00e1t\u00edt\u00e1sa k\u00f6nnyed\u00e9n a Talkpal, a mesters\u00e9ges intelligencia \u00e1ltal vez\u00e9relt nyelvtan\u00e1rral. Vil\u00e1gos magyar\u00e1zatokat, hasznos tippeket \u00e9s interakt\u00edv gyakorlatokat kapsz!\",\"breadcrumb\":{\"@id\":\"https:\/\/talkpal.ai\/hu\/feherorosz-nyelvtan\/#breadcrumb\"},\"inLanguage\":\"hu\",\"potentialAction\":[{\"@type\":\"ReadAction\",\"target\":[\"https:\/\/talkpal.ai\/hu\/feherorosz-nyelvtan\/\"]}]},{\"@type\":\"ImageObject\",\"inLanguage\":\"hu\",\"@id\":\"https:\/\/talkpal.ai\/hu\/feherorosz-nyelvtan\/#primaryimage\",\"url\":\"https:\/\/talkpal.ai\/wp-content\/uploads\/2023\/05\/belarus.png\",\"contentUrl\":\"https:\/\/talkpal.ai\/wp-content\/uploads\/2023\/05\/belarus.png\",\"width\":512,\"height\":512},{\"@type\":\"BreadcrumbList\",\"@id\":\"https:\/\/talkpal.ai\/hu\/feherorosz-nyelvtan\/#breadcrumb\",\"itemListElement\":[{\"@type\":\"ListItem\",\"position\":1,\"name\":\"Homepage\",\"item\":\"https:\/\/talkpal.ai\/hu\/\"},{\"@type\":\"ListItem\",\"position\":2,\"name\":\"Feh\u00e9rorosz nyelvtan\"}]},{\"@type\":\"WebSite\",\"@id\":\"https:\/\/talkpal.ai\/hu\/#website\",\"url\":\"https:\/\/talkpal.ai\/hu\/\",\"name\":\"Talkpal\",\"description\":\"AI Language Learning\",\"publisher\":{\"@id\":\"https:\/\/talkpal.ai\/hu\/#organization\"},\"alternateName\":\"Talkpal AI\",\"potentialAction\":[{\"@type\":\"SearchAction\",\"target\":{\"@type\":\"EntryPoint\",\"urlTemplate\":\"https:\/\/talkpal.ai\/hu\/?s={search_term_string}\"},\"query-input\":{\"@type\":\"PropertyValueSpecification\",\"valueRequired\":true,\"valueName\":\"search_term_string\"}}],\"inLanguage\":\"hu\"},{\"@type\":\"Organization\",\"@id\":\"https:\/\/talkpal.ai\/hu\/#organization\",\"name\":\"Talkpal, Inc.\",\"alternateName\":\"Talkpal AI\",\"url\":\"https:\/\/talkpal.ai\/hu\/\",\"logo\":{\"@type\":\"ImageObject\",\"inLanguage\":\"hu\",\"@id\":\"https:\/\/talkpal.ai\/hu\/#\/schema\/logo\/image\/\",\"url\":\"https:\/\/talkpal.ai\/wp-content\/uploads\/2024\/03\/Talkpal-Logo-Icon.png\",\"contentUrl\":\"https:\/\/talkpal.ai\/wp-content\/uploads\/2024\/03\/Talkpal-Logo-Icon.png\",\"width\":2880,\"height\":2880,\"caption\":\"Talkpal, Inc.\"},\"image\":{\"@id\":\"https:\/\/talkpal.ai\/hu\/#\/schema\/logo\/image\/\"},\"sameAs\":[\"https:\/\/www.facebook.com\/profile.php?id=100090733639311\",\"https:\/\/x.com\/talkpalai\",\"https:\/\/www.linkedin.com\/company\/talkpal\/\",\"https:\/\/www.youtube.com\/@TalkPal\/\",\"https:\/\/www.tiktok.com\/@talkpal\",\"https:\/\/www.instagram.com\/talkpal_ai\/\",\"https:\/\/www.crunchbase.com\/organization\/talkpal-9cde\",\"https:\/\/www.g2.com\/products\/talkpal-for-business\/\",\"https:\/\/www.trustpilot.com\/review\/talkpal.ai\",\"https:\/\/www.capterra.com\/p\/10006800\/TalkPal\/\"],\"description\":\"Talkpal is a language learning web and mobile education app, powered by the latest AI technologies, that provides engaging experiences to its customers in many different languages to help them improve their language skills. Users can chat about unlimited amount of topics with the app and use other modes to practice their language learning.\",\"email\":\"support@talkpal.ai\",\"legalName\":\"Talkpal, Inc.\",\"foundingDate\":\"2023-04-03\",\"duns\":\"118989042\",\"numberOfEmployees\":{\"@type\":\"QuantitativeValue\",\"minValue\":\"11\",\"maxValue\":\"50\"},\"publishingPrinciples\":\"https:\/\/talkpal.ai\/publishing-principles\/\",\"actionableFeedbackPolicy\":\"https:\/\/talkpal.ai\/actionable-feedback-policy\/\",\"correctionsPolicy\":\"https:\/\/talkpal.ai\/corrections-policy\/\",\"ethicsPolicy\":\"https:\/\/talkpal.ai\/ethics-policy\/\",\"diversityPolicy\":\"https:\/\/talkpal.ai\/diversity-policy\/\",\"diversityStaffingReport\":\"https:\/\/talkpal.ai\/diversity-policy\/\"}]}<\/script>\n<!-- \/ Yoast SEO Premium plugin. -->","yoast_head_json":{"title":"Feh\u00e9rorosz nyelvtan - Talkpal","description":"A feh\u00e9rorosz nyelvtan elsaj\u00e1t\u00edt\u00e1sa k\u00f6nnyed\u00e9n a Talkpal, a mesters\u00e9ges intelligencia \u00e1ltal vez\u00e9relt nyelvtan\u00e1rral. Vil\u00e1gos magyar\u00e1zatokat, hasznos tippeket \u00e9s interakt\u00edv gyakorlatokat kapsz!","robots":{"index":"index","follow":"follow","max-snippet":"max-snippet:-1","max-image-preview":"max-image-preview:large","max-video-preview":"max-video-preview:-1"},"canonical":"https:\/\/talkpal.ai\/hu\/feherorosz-nyelvtan\/","og_locale":"hu_HU","og_type":"article","og_title":"Feh\u00e9rorosz nyelvtan","og_description":"Belorusz nyelvtan: A szl\u00e1v nyelv bonyolults\u00e1g\u00e1nak k\u00f6zelebbi vizsg\u00e1lata \u00d6n egy t\u00f6rekv\u0151 poliglott, aki leny\u0171g\u00f6zi a szl\u00e1v nyelveket? Vagy tal\u00e1n csak k\u00edv\u00e1ncsi","og_url":"https:\/\/talkpal.ai\/hu\/feherorosz-nyelvtan\/","og_site_name":"Talkpal","article_publisher":"https:\/\/www.facebook.com\/profile.php?id=100090733639311","article_modified_time":"2025-05-22T13:49:38+00:00","og_image":[{"width":512,"height":512,"url":"https:\/\/talkpal.ai\/wp-content\/uploads\/2023\/05\/belarus.png","type":"image\/png"}],"twitter_card":"summary_large_image","twitter_site":"@talkpalai","twitter_misc":{"Becs\u00fclt olvas\u00e1si id\u0151":"4 perc"},"schema":{"@context":"https:\/\/schema.org","@graph":[{"@type":"WebPage","@id":"https:\/\/talkpal.ai\/hu\/feherorosz-nyelvtan\/","url":"https:\/\/talkpal.ai\/hu\/feherorosz-nyelvtan\/","name":"Feh\u00e9rorosz nyelvtan - Talkpal","isPartOf":{"@id":"https:\/\/talkpal.ai\/hu\/#website"},"primaryImageOfPage":{"@id":"https:\/\/talkpal.ai\/hu\/feherorosz-nyelvtan\/#primaryimage"},"image":{"@id":"https:\/\/talkpal.ai\/hu\/feherorosz-nyelvtan\/#primaryimage"},"thumbnailUrl":"https:\/\/talkpal.ai\/wp-content\/uploads\/2023\/05\/belarus.png","datePublished":"2023-05-14T13:59:42+00:00","dateModified":"2025-05-22T13:49:38+00:00","description":"A feh\u00e9rorosz nyelvtan elsaj\u00e1t\u00edt\u00e1sa k\u00f6nnyed\u00e9n a Talkpal, a mesters\u00e9ges intelligencia \u00e1ltal vez\u00e9relt nyelvtan\u00e1rral. Vil\u00e1gos magyar\u00e1zatokat, hasznos tippeket \u00e9s interakt\u00edv gyakorlatokat kapsz!","breadcrumb":{"@id":"https:\/\/talkpal.ai\/hu\/feherorosz-nyelvtan\/#breadcrumb"},"inLanguage":"hu","potentialAction":[{"@type":"ReadAction","target":["https:\/\/talkpal.ai\/hu\/feherorosz-nyelvtan\/"]}]},{"@type":"ImageObject","inLanguage":"hu","@id":"https:\/\/talkpal.ai\/hu\/feherorosz-nyelvtan\/#primaryimage","url":"https:\/\/talkpal.ai\/wp-content\/uploads\/2023\/05\/belarus.png","contentUrl":"https:\/\/talkpal.ai\/wp-content\/uploads\/2023\/05\/belarus.png","width":512,"height":512},{"@type":"BreadcrumbList","@id":"https:\/\/talkpal.ai\/hu\/feherorosz-nyelvtan\/#breadcrumb","itemListElement":[{"@type":"ListItem","position":1,"name":"Homepage","item":"https:\/\/talkpal.ai\/hu\/"},{"@type":"ListItem","position":2,"name":"Feh\u00e9rorosz nyelvtan"}]},{"@type":"WebSite","@id":"https:\/\/talkpal.ai\/hu\/#website","url":"https:\/\/talkpal.ai\/hu\/","name":"Talkpal","description":"AI Language Learning","publisher":{"@id":"https:\/\/talkpal.ai\/hu\/#organization"},"alternateName":"Talkpal AI","potentialAction":[{"@type":"SearchAction","target":{"@type":"EntryPoint","urlTemplate":"https:\/\/talkpal.ai\/hu\/?s={search_term_string}"},"query-input":{"@type":"PropertyValueSpecification","valueRequired":true,"valueName":"search_term_string"}}],"inLanguage":"hu"},{"@type":"Organization","@id":"https:\/\/talkpal.ai\/hu\/#organization","name":"Talkpal, Inc.","alternateName":"Talkpal AI","url":"https:\/\/talkpal.ai\/hu\/","logo":{"@type":"ImageObject","inLanguage":"hu","@id":"https:\/\/talkpal.ai\/hu\/#\/schema\/logo\/image\/","url":"https:\/\/talkpal.ai\/wp-content\/uploads\/2024\/03\/Talkpal-Logo-Icon.png","contentUrl":"https:\/\/talkpal.ai\/wp-content\/uploads\/2024\/03\/Talkpal-Logo-Icon.png","width":2880,"height":2880,"caption":"Talkpal, Inc."},"image":{"@id":"https:\/\/talkpal.ai\/hu\/#\/schema\/logo\/image\/"},"sameAs":["https:\/\/www.facebook.com\/profile.php?id=100090733639311","https:\/\/x.com\/talkpalai","https:\/\/www.linkedin.com\/company\/talkpal\/","https:\/\/www.youtube.com\/@TalkPal\/","https:\/\/www.tiktok.com\/@talkpal","https:\/\/www.instagram.com\/talkpal_ai\/","https:\/\/www.crunchbase.com\/organization\/talkpal-9cde","https:\/\/www.g2.com\/products\/talkpal-for-business\/","https:\/\/www.trustpilot.com\/review\/talkpal.ai","https:\/\/www.capterra.com\/p\/10006800\/TalkPal\/"],"description":"Talkpal is a language learning web and mobile education app, powered by the latest AI technologies, that provides engaging experiences to its customers in many different languages to help them improve their language skills. Users can chat about unlimited amount of topics with the app and use other modes to practice their language learning.","email":"support@talkpal.ai","legalName":"Talkpal, Inc.","foundingDate":"2023-04-03","duns":"118989042","numberOfEmployees":{"@type":"QuantitativeValue","minValue":"11","maxValue":"50"},"publishingPrinciples":"https:\/\/talkpal.ai\/publishing-principles\/","actionableFeedbackPolicy":"https:\/\/talkpal.ai\/actionable-feedback-policy\/","correctionsPolicy":"https:\/\/talkpal.ai\/corrections-policy\/","ethicsPolicy":"https:\/\/talkpal.ai\/ethics-policy\/","diversityPolicy":"https:\/\/talkpal.ai\/diversity-policy\/","diversityStaffingReport":"https:\/\/talkpal.ai\/diversity-policy\/"}]}},"_links":{"self":[{"href":"https:\/\/talkpal.ai\/hu\/wp-json\/wp\/v2\/pages\/141043","targetHints":{"allow":["GET"]}}],"collection":[{"href":"https:\/\/talkpal.ai\/hu\/wp-json\/wp\/v2\/pages"}],"about":[{"href":"https:\/\/talkpal.ai\/hu\/wp-json\/wp\/v2\/types\/page"}],"author":[{"embeddable":true,"href":"https:\/\/talkpal.ai\/hu\/wp-json\/wp\/v2\/users\/1"}],"replies":[{"embeddable":true,"href":"https:\/\/talkpal.ai\/hu\/wp-json\/wp\/v2\/comments?post=141043"}],"version-history":[{"count":0,"href":"https:\/\/talkpal.ai\/hu\/wp-json\/wp\/v2\/pages\/141043\/revisions"}],"wp:featuredmedia":[{"embeddable":true,"href":"https:\/\/talkpal.ai\/hu\/wp-json\/wp\/v2\/media\/110553"}],"wp:attachment":[{"href":"https:\/\/talkpal.ai\/hu\/wp-json\/wp\/v2\/media?parent=141043"}],"curies":[{"name":"wp","href":"https:\/\/api.w.org\/{rel}","templated":true}]}}