{"id":140739,"date":"2023-05-14T13:59:24","date_gmt":"2023-05-14T13:59:24","guid":{"rendered":"http:\/\/talkpal.ai\/afrikaans-nyelvtan\/"},"modified":"2025-05-22T19:04:37","modified_gmt":"2025-05-22T19:04:37","slug":"afrikaans-nyelvtan","status":"publish","type":"page","link":"https:\/\/talkpal.ai\/hu\/afrikaans-nyelvtan\/","title":{"rendered":"Afrikaans nyelvtan"},"content":{"rendered":"\r\n\r\n\r\n<section class=\"languageChallengeSection\">\r\n    <div class=\"languageInfoWrapper\">\r\n        \r\n        <h1>Afrikaans nyelvtan<\/h1>\r\n        <p>Fedezze fel az <a href=\"https:\/\/talkpal.ai\/learn-afrikaans\/\">afrikaans<\/a> egyszer\u0171 sz\u00e9ps\u00e9g\u00e9t az alapvet\u0151 nyelvtani szab\u00e1lyok elsaj\u00e1t\u00edt\u00e1s\u00e1val. Az <a href=\"https:\/\/talkpal.ai\/es\/gramatica-afrikaans\/\">afrikaans nyelvtan<\/a> elsaj\u00e1t\u00edt\u00e1sa k\u00e9pess\u00e9 teszi \u00d6nt a hat\u00e9kony kommunik\u00e1ci\u00f3ra \u00e9s a besz\u00e9l\u0151k gazdag kult\u00far\u00e1j\u00e1nak \u00e9lvezet\u00e9re. Kezdje el az afrikaans nyelvtani utaz\u00e1st m\u00e9g ma, \u00e9s tegye meg az els\u0151 l\u00e9p\u00e9st a foly\u00e9kony nyelvtud\u00e1s fel\u00e9!<\/p>\r\n\r\n                            <a class=\"getStartedHidden\" href=\"https:\/\/app.talkpal.ai\/hu\/signup?lng=\">Kezdj\u00fck<\/a>\r\n        \r\n    <\/div>\r\n\r\n    <figure>\r\n    <img decoding=\"async\" width=\"768\" height=\"768\" src=\"https:\/\/talkpal.ai\/wp-content\/uploads\/2023\/06\/TalkPal-Afrikaans-768x768.png\" class=\"languageImage no-lazy\" alt=\"Language learning for global awareness\" fetchpriority=\"high\" sizes=\"(max-width: 768px) 150px, 768px\" srcset=\"https:\/\/talkpal.ai\/wp-content\/uploads\/2023\/06\/TalkPal-Afrikaans-768x768.png 768w, https:\/\/talkpal.ai\/wp-content\/uploads\/2023\/06\/TalkPal-Afrikaans-300x300.png 300w\" \/>\r\n    \r\n\r\n    <\/figure>\r\n\r\n            <a class=\"getStartedVisible\" href=\"https:\/\/app.talkpal.ai\/hu\/signup?lng=\">Kezdj\u00fck<\/a>\r\n    \r\n<\/section>\r\n<section class=\"promotionalBanner\">\r\n    <p class=\"promotionalText\">A nyelvtanul\u00e1s leghat\u00e9konyabb m\u00f3dja<\/p>\r\n    <a class=\"promotionalLink\" href=\"https:\/\/app.talkpal.ai\/hu\/signup?lng=\">Pr\u00f3b\u00e1lja ki a Talkpal ingyen<\/a>\r\n<\/section>\n<div class=\"wp-block-group pageContainerStyle\"><div class=\"wp-block-group__inner-container is-layout-constrained wp-block-group-is-layout-constrained\">\n<h2 class=\"wp-block-heading\" id=\"h-mastering-afrikaans-grammar-your-ultimate-guide\">Az afrikaans nyelvtan elsaj\u00e1t\u00edt\u00e1sa: A v\u00e9gs\u0151 \u00fatmutat\u00f3<\/h2>\n\n\n\n<p><strong>Goeie dag<\/strong>, <a href=\"https:\/\/talkpal.ai\/talkpal-discount-for-language-enthusiasts\/\">nyelvrajong\u00f3k<\/a>! K\u00e9szen \u00e1llsz arra, hogy belev\u00e1gj egy utaz\u00e1sba az afrikaans <a href=\"https:\/\/talkpal.ai\/grammar\/\">nyelvtan<\/a> vil\u00e1g\u00e1ba? A legjobb helyre j\u00f6tt\u00e9l. Ez a k\u00f6nnyen \u00e9rthet\u0151 inform\u00e1ci\u00f3kkal \u00e9s t\u00e1rsalg\u00e1si hangv\u00e9tellel teli cikk v\u00e9gigvezeti \u00d6nt az afrikaans nyelvtan leny\u0171g\u00f6z\u0151 birodalm\u00e1n. Hamarosan k\u00e9pes leszel mondatokat alkotni \u00e9s \u00e9rtelmes besz\u00e9lget\u00e9seket folytatni anyanyelvi besz\u00e9l\u0151kkel. Sz\u00f3val, kezdj\u00fck el!<\/p>\n\n\n\n<p><strong>De el\u0151sz\u00f6r is, mi\u00e9rt afrikaans nyelvtan?<\/strong><\/p>\n\n\n\n<p>Ha afrikaans nyelvet tanulsz, a nyelvtani alapismeretek elengedhetetlenek ahhoz, hogy foly\u00e9konyan besz\u00e9lj, olvass \u00e9s \u00edrj. B\u00e1r az afrikaans nyelvtan els\u0151re bonyolultnak t\u0171nhet, viszonylag egyszer\u0171, ha kisebb, k\u00f6nnyebben kezelhet\u0151 r\u00e9szekre bontjuk. Kezdj\u00fck teh\u00e1t az utat az afrikaans nyelvtan elsaj\u00e1t\u00edt\u00e1sa fel\u00e9!<\/p>\n\n\n\n<h3 class=\"wp-block-heading\" id=\"h-1-nouns-gender-and-articles\">1. F\u0151nevek, nemek \u00e9s cikkek<\/h3>\n\n\n\n<p>Sok m\u00e1s nyelvt\u0151l elt\u00e9r\u0151en az afrikaans f\u0151neveknek nincs neme, \u00edgy egyszer\u0171bb megtanulni. A &#8222;die&#8221; (a) hat\u00e1rozott n\u00e9vel\u0151 <a href=\"https:\/\/talkpal.ai\/locations\/language-courses-in-minden\/\">minden<\/a> f\u0151n\u00e9vre haszn\u00e1latos, m\u00edg a &#8222;&#8216;n&#8221; vagy &#8222;een&#8221; (a\/an) hat\u00e1rozatlan n\u00e9vel\u0151 cikkek szint\u00e9n nemsemlegesek.  <\/p>\n\n\n\n<p>P\u00e9ld\u00e1ul:<\/p>\n\n\n\n<p>&#8211; die hond (a kutya)<\/p>\n\n\n\n<p>&#8211; &#8216;n hond (egy kutya)<\/p>\n\n\n\n<h3 class=\"wp-block-heading\" id=\"h-2-adjectives\">2. Mell\u00e9knevek<\/h3>\n\n\n\n<p>Az afrikaans nyelvben a mell\u00e9knevek \u00e1ltal\u00e1ban megel\u0151zik az \u00e1ltaluk m\u00f3dos\u00edtott f\u0151nevet, \u00e9s sz\u00e1mban megegyeznek a f\u0151n\u00e9vvel. A mell\u00e9kneveknek nincs nemi meg\u00e1llapod\u00e1sa. P\u00e9ld\u00e1ul:<\/p>\n\n\n\n<p>&#8211; &#8216;n groot huis (egy nagy h\u00e1z)<\/p>\n\n\n\n<p>&#8211; twee groot huise (k\u00e9t nagy h\u00e1z)<\/p>\n\n\n\n<p>Egyes mell\u00e9knevek t\u00f6bbes sz\u00e1m\u00fa f\u0151n\u00e9v le\u00edr\u00e1sakor tov\u00e1bbi &#8222;-e&#8221; toldal\u00e9kot ig\u00e9nyelnek:<\/p>\n\n\n\n<p>&#8211; &#8216;n ou man (\u00f6regember)<\/p>\n\n\n\n<p>&#8211; twee ou manne (k\u00e9t \u00f6regember)<\/p>\n\n\n\n<h3 class=\"wp-block-heading\" id=\"h-3-verbs-and-tense\">3. Ig\u00e9k \u00e9s fesz\u00fclts\u00e9g<\/h3>\n\n\n\n<p>Az afrikaans ig\u00e9k viszonylag k\u00f6nnyen megtanulhat\u00f3k, mivel nem a mondat t\u00e1rgya alapj\u00e1n ragozz\u00e1k \u0151ket. Ezenk\u00edv\u00fcl az afrikaans kevesebb igeid\u0151t tartalmaz, mint sok m\u00e1s nyelv. Hogy \u00edzel\u00edt\u0151t adjunk az afrikaans ig\u00e9kb\u0151l, besz\u00e9lj\u00fcnk a jelen idej\u0171 szab\u00e1lyos ig\u00e9kr\u0151l:<\/p>\n\n\n\n<p>&#8211; Ek <a href=\"https:\/\/talkpal.ai\/locations\/language-courses-in-leer\/\">leer<\/a> (tanulok)<\/p>\n\n\n\n<p>&#8211; Jy\/u leer (tanulsz, inform\u00e1lis\/form\u00e1lis)<\/p>\n\n\n\n<p>&#8211; Hy\/sy\/dit leer (tanul)<\/p>\n\n\n\n<p>&#8211; Ons\/julle leer (mindannyian tanulunk)<\/p>\n\n\n\n<p>&#8211; Hulle leer (tanulnak)<\/p>\n\n\n\n<p>Ne feledje, ez csak a j\u00e9ghegy cs\u00facsa! Ahogy haladsz el\u0151re a tanulm\u00e1nyaidban, k\u00fcl\u00f6nf\u00e9le m\u00e1s igeid\u0151kkel \u00e9s n\u00e9h\u00e1ny szab\u00e1lytalan ig\u00e9vel fogsz tal\u00e1lkozni.<\/p>\n\n\n\n<h3 class=\"wp-block-heading\" id=\"h-4-pronouns-prepositions-and-more\">4. N\u00e9vm\u00e1sok, el\u00f6lj\u00e1r\u00f3szavak \u00e9s \u00edgy tov\u00e1bb!<\/h3>\n\n\n\n<p>Az afrikaans nyelvtan m\u00e1s \u00f6sszetev\u0151ket is mag\u00e1ban foglal, p\u00e9ld\u00e1ul n\u00e9vm\u00e1sokat (ek, jy, hy, sy stb.), El\u00f6lj\u00e1r\u00f3szavakat (in, op, met stb.) \u00e9s idiomatikus kifejez\u00e9seket. Ahogy tanulja a nyelvet, el kell saj\u00e1t\u00edtania minden egyes elemet, hogy teljes m\u00e9rt\u00e9kben foly\u00e9konyan besz\u00e9lhessen.<\/p>\n\n\n\n<p>\u00d6sszefoglalva, az afrikaans nyelvtan elsaj\u00e1t\u00edt\u00e1sa kitart\u00e1st, gyakorlatot \u00e9s t\u00fcrelmet ig\u00e9nyel. De ha egyszer m\u00e1r elsaj\u00e1t\u00edtotta a nyelv bonyolults\u00e1g\u00e1t, akkor j\u00f3 \u00faton haladhat az anyanyelvi besz\u00e9l\u0151kkel val\u00f3 t\u00e1rsalg\u00e1s fel\u00e9, megtapasztalhatja az afrikaans nyelv\u0171 vil\u00e1g gazdag kult\u00far\u00e1j\u00e1t \u00e9s t\u00f6rt\u00e9nelm\u00e9t, \u00e9s elm\u00e9ly\u00edtheti a nyelv ir\u00e1nti szeretet\u00e9t. Sterkte (sok szerencs\u00e9t)!<\/p>\n<\/div><\/div>\n\r\n<section class=\"learnNavigationSection\">\r\n            \r\n        <a href=\"https:\/\/talkpal.ai\/hu\/tanulj-afrikaans-nyelvet\/\">\r\n            <div class=\"learnNavigationWrapper\">\r\n                <div class=\"learnNavigationContent\">\r\n                    <img decoding=\"async\" src=\"https:\/\/talkpal.ai\/wp-content\/uploads\/2024\/08\/Afrikaans.jpg\" alt=\"South Africa Flag\">\r\n                    <div>\r\n                        <h4>Az afrikaans tanul\u00e1sr\u00f3l<\/h4>\r\n                        <p>Tudjon meg mindent az afrikaans nyelvtanr\u00f3l.<\/p>\r\n                    <\/div>\r\n                <\/div>\r\n            <\/div>\r\n        <\/a>\r\n\r\n        \r\n        <a href=\"https:\/\/talkpal.ai\/hu\/afrikaans-nyelvtani-gyakorlatok\/\">\r\n            <div class=\"learnNavigationWrapper\">\r\n                <div class=\"learnNavigationContent\">\r\n                    <img decoding=\"async\" src=\"https:\/\/talkpal.ai\/wp-content\/uploads\/2024\/08\/Afrikaans.jpg\" alt=\"South Africa Flag\">\r\n                    <div>\r\n                        <h4>Afrikaans nyelvtani gyakorlat<\/h4>\r\n                        <p>Gyakorolja az afrikaans nyelvtant.<\/p>\r\n                    <\/div>\r\n                <\/div>\r\n            <\/div>\r\n        <\/a>\r\n\r\n        \r\n        <a href=\"https:\/\/talkpal.ai\/vocabulary_language\/afrikaans\/\">\r\n            <div class=\"learnNavigationWrapper\">\r\n                <div class=\"learnNavigationContent\">\r\n                    <img decoding=\"async\" src=\"https:\/\/talkpal.ai\/wp-content\/uploads\/2024\/08\/Afrikaans.jpg\" alt=\"South Africa Flag\">\r\n                    <div>\r\n                        <h4>Afrikaans sz\u00f3kincs<\/h4>\r\n                        <p>B\u0151v\u00edtse afrikaans sz\u00f3kincs\u00e9t.<\/p>\r\n                    <\/div>\r\n                <\/div>\r\n            <\/div>\r\n        <\/a>\r\n\r\n            <\/section>","protected":false},"excerpt":{"rendered":"<p>Az afrikaans nyelvtan elsaj\u00e1t\u00edt\u00e1sa: A v\u00e9gs\u0151 \u00fatmutat\u00f3 Goeie dag, nyelvrajong\u00f3k! K\u00e9szen \u00e1llsz arra, hogy belev\u00e1gj egy utaz\u00e1sba az afrikaans nyelvtan vil\u00e1g\u00e1ba? A legjobb helyre j\u00f6tt\u00e9l. Ez a k\u00f6nnyen \u00e9rthet\u0151 inform\u00e1ci\u00f3kkal \u00e9s t\u00e1rsalg\u00e1si hangv\u00e9tellel teli cikk v\u00e9gigvezeti \u00d6nt az afrikaans nyelvtan leny\u0171g\u00f6z\u0151 birodalm\u00e1n. Hamarosan k\u00e9pes leszel mondatokat alkotni \u00e9s \u00e9rtelmes besz\u00e9lget\u00e9seket folytatni anyanyelvi besz\u00e9l\u0151kkel. Sz\u00f3val, kezdj\u00fck [&hellip;]<\/p>\n","protected":false},"author":1,"featured_media":108912,"parent":0,"menu_order":0,"comment_status":"closed","ping_status":"closed","template":"LearningContentPage.php","meta":{"_acf_changed":false,"footnotes":""},"class_list":["post-140739","page","type-page","status-publish","has-post-thumbnail","hentry"],"acf":[],"yoast_head":"<!-- This site is optimized with the Yoast SEO Premium plugin v27.2 (Yoast SEO v27.2) - https:\/\/yoast.com\/product\/yoast-seo-premium-wordpress\/ -->\n<title>Afrikaans nyelvtan - Talkpal<\/title>\n<meta name=\"description\" content=\"Fedezze fel az afrikaans nyelvtant a kezd\u0151 nyelvtanul\u00f3knak sz\u00f3l\u00f3 \u00fatmutat\u00f3val. Saj\u00e1t\u00edtsa el a mondatszerkeszt\u00e9st, \u00e9s er\u0151s\u00edtse t\u00e1rsalg\u00e1si k\u00e9szs\u00e9geit.\" \/>\n<meta name=\"robots\" content=\"index, follow, max-snippet:-1, max-image-preview:large, max-video-preview:-1\" \/>\n<link rel=\"canonical\" href=\"https:\/\/talkpal.ai\/hu\/afrikaans-nyelvtan\/\" \/>\n<meta property=\"og:locale\" content=\"hu_HU\" \/>\n<meta property=\"og:type\" content=\"article\" \/>\n<meta property=\"og:title\" content=\"Afrikaans nyelvtan\" \/>\n<meta property=\"og:description\" content=\"Az afrikaans nyelvtan elsaj\u00e1t\u00edt\u00e1sa: A v\u00e9gs\u0151 \u00fatmutat\u00f3 Goeie dag, nyelvrajong\u00f3k! K\u00e9szen \u00e1llsz arra, hogy belev\u00e1gj egy utaz\u00e1sba az afrikaans nyelvtan\" \/>\n<meta property=\"og:url\" content=\"https:\/\/talkpal.ai\/hu\/afrikaans-nyelvtan\/\" \/>\n<meta property=\"og:site_name\" content=\"Talkpal\" \/>\n<meta property=\"article:publisher\" content=\"https:\/\/www.facebook.com\/profile.php?id=100090733639311\" \/>\n<meta property=\"article:modified_time\" content=\"2025-05-22T19:04:37+00:00\" \/>\n<meta property=\"og:image\" content=\"https:\/\/talkpal.ai\/wp-content\/uploads\/2023\/05\/south-africa.png\" \/>\n\t<meta property=\"og:image:width\" content=\"512\" \/>\n\t<meta property=\"og:image:height\" content=\"512\" \/>\n\t<meta property=\"og:image:type\" content=\"image\/png\" \/>\n<meta name=\"twitter:card\" content=\"summary_large_image\" \/>\n<meta name=\"twitter:site\" content=\"@talkpalai\" \/>\n<meta name=\"twitter:label1\" content=\"Becs\u00fclt olvas\u00e1si id\u0151\" \/>\n\t<meta name=\"twitter:data1\" content=\"3 perc\" \/>\n<script type=\"application\/ld+json\" class=\"yoast-schema-graph\">{\"@context\":\"https:\/\/schema.org\",\"@graph\":[{\"@type\":\"WebPage\",\"@id\":\"https:\/\/talkpal.ai\/hu\/afrikaans-nyelvtan\/\",\"url\":\"https:\/\/talkpal.ai\/hu\/afrikaans-nyelvtan\/\",\"name\":\"Afrikaans nyelvtan - Talkpal\",\"isPartOf\":{\"@id\":\"https:\/\/talkpal.ai\/hu\/#website\"},\"primaryImageOfPage\":{\"@id\":\"https:\/\/talkpal.ai\/hu\/afrikaans-nyelvtan\/#primaryimage\"},\"image\":{\"@id\":\"https:\/\/talkpal.ai\/hu\/afrikaans-nyelvtan\/#primaryimage\"},\"thumbnailUrl\":\"https:\/\/talkpal.ai\/wp-content\/uploads\/2023\/05\/south-africa.png\",\"datePublished\":\"2023-05-14T13:59:24+00:00\",\"dateModified\":\"2025-05-22T19:04:37+00:00\",\"description\":\"Fedezze fel az afrikaans nyelvtant a kezd\u0151 nyelvtanul\u00f3knak sz\u00f3l\u00f3 \u00fatmutat\u00f3val. Saj\u00e1t\u00edtsa el a mondatszerkeszt\u00e9st, \u00e9s er\u0151s\u00edtse t\u00e1rsalg\u00e1si k\u00e9szs\u00e9geit.\",\"breadcrumb\":{\"@id\":\"https:\/\/talkpal.ai\/hu\/afrikaans-nyelvtan\/#breadcrumb\"},\"inLanguage\":\"hu\",\"potentialAction\":[{\"@type\":\"ReadAction\",\"target\":[\"https:\/\/talkpal.ai\/hu\/afrikaans-nyelvtan\/\"]}]},{\"@type\":\"ImageObject\",\"inLanguage\":\"hu\",\"@id\":\"https:\/\/talkpal.ai\/hu\/afrikaans-nyelvtan\/#primaryimage\",\"url\":\"https:\/\/talkpal.ai\/wp-content\/uploads\/2023\/05\/south-africa.png\",\"contentUrl\":\"https:\/\/talkpal.ai\/wp-content\/uploads\/2023\/05\/south-africa.png\",\"width\":512,\"height\":512},{\"@type\":\"BreadcrumbList\",\"@id\":\"https:\/\/talkpal.ai\/hu\/afrikaans-nyelvtan\/#breadcrumb\",\"itemListElement\":[{\"@type\":\"ListItem\",\"position\":1,\"name\":\"Homepage\",\"item\":\"https:\/\/talkpal.ai\/hu\/\"},{\"@type\":\"ListItem\",\"position\":2,\"name\":\"Afrikaans nyelvtan\"}]},{\"@type\":\"WebSite\",\"@id\":\"https:\/\/talkpal.ai\/hu\/#website\",\"url\":\"https:\/\/talkpal.ai\/hu\/\",\"name\":\"Talkpal\",\"description\":\"AI Language Learning\",\"publisher\":{\"@id\":\"https:\/\/talkpal.ai\/hu\/#organization\"},\"alternateName\":\"Talkpal AI\",\"potentialAction\":[{\"@type\":\"SearchAction\",\"target\":{\"@type\":\"EntryPoint\",\"urlTemplate\":\"https:\/\/talkpal.ai\/hu\/?s={search_term_string}\"},\"query-input\":{\"@type\":\"PropertyValueSpecification\",\"valueRequired\":true,\"valueName\":\"search_term_string\"}}],\"inLanguage\":\"hu\"},{\"@type\":\"Organization\",\"@id\":\"https:\/\/talkpal.ai\/hu\/#organization\",\"name\":\"Talkpal, Inc.\",\"alternateName\":\"Talkpal AI\",\"url\":\"https:\/\/talkpal.ai\/hu\/\",\"logo\":{\"@type\":\"ImageObject\",\"inLanguage\":\"hu\",\"@id\":\"https:\/\/talkpal.ai\/hu\/#\/schema\/logo\/image\/\",\"url\":\"https:\/\/talkpal.ai\/wp-content\/uploads\/2024\/03\/Talkpal-Logo-Icon.png\",\"contentUrl\":\"https:\/\/talkpal.ai\/wp-content\/uploads\/2024\/03\/Talkpal-Logo-Icon.png\",\"width\":2880,\"height\":2880,\"caption\":\"Talkpal, Inc.\"},\"image\":{\"@id\":\"https:\/\/talkpal.ai\/hu\/#\/schema\/logo\/image\/\"},\"sameAs\":[\"https:\/\/www.facebook.com\/profile.php?id=100090733639311\",\"https:\/\/x.com\/talkpalai\",\"https:\/\/www.linkedin.com\/company\/talkpal\/\",\"https:\/\/www.youtube.com\/@TalkPal\/\",\"https:\/\/www.tiktok.com\/@talkpal\",\"https:\/\/www.instagram.com\/talkpal_ai\/\",\"https:\/\/www.crunchbase.com\/organization\/talkpal-9cde\",\"https:\/\/www.g2.com\/products\/talkpal-for-business\/\",\"https:\/\/www.trustpilot.com\/review\/talkpal.ai\",\"https:\/\/www.capterra.com\/p\/10006800\/TalkPal\/\"],\"description\":\"Talkpal is a language learning web and mobile education app, powered by the latest AI technologies, that provides engaging experiences to its customers in many different languages to help them improve their language skills. Users can chat about unlimited amount of topics with the app and use other modes to practice their language learning.\",\"email\":\"support@talkpal.ai\",\"legalName\":\"Talkpal, Inc.\",\"foundingDate\":\"2023-04-03\",\"duns\":\"118989042\",\"numberOfEmployees\":{\"@type\":\"QuantitativeValue\",\"minValue\":\"11\",\"maxValue\":\"50\"},\"publishingPrinciples\":\"https:\/\/talkpal.ai\/publishing-principles\/\",\"actionableFeedbackPolicy\":\"https:\/\/talkpal.ai\/actionable-feedback-policy\/\",\"correctionsPolicy\":\"https:\/\/talkpal.ai\/corrections-policy\/\",\"ethicsPolicy\":\"https:\/\/talkpal.ai\/ethics-policy\/\",\"diversityPolicy\":\"https:\/\/talkpal.ai\/diversity-policy\/\",\"diversityStaffingReport\":\"https:\/\/talkpal.ai\/diversity-policy\/\"}]}<\/script>\n<!-- \/ Yoast SEO Premium plugin. -->","yoast_head_json":{"title":"Afrikaans nyelvtan - Talkpal","description":"Fedezze fel az afrikaans nyelvtant a kezd\u0151 nyelvtanul\u00f3knak sz\u00f3l\u00f3 \u00fatmutat\u00f3val. Saj\u00e1t\u00edtsa el a mondatszerkeszt\u00e9st, \u00e9s er\u0151s\u00edtse t\u00e1rsalg\u00e1si k\u00e9szs\u00e9geit.","robots":{"index":"index","follow":"follow","max-snippet":"max-snippet:-1","max-image-preview":"max-image-preview:large","max-video-preview":"max-video-preview:-1"},"canonical":"https:\/\/talkpal.ai\/hu\/afrikaans-nyelvtan\/","og_locale":"hu_HU","og_type":"article","og_title":"Afrikaans nyelvtan","og_description":"Az afrikaans nyelvtan elsaj\u00e1t\u00edt\u00e1sa: A v\u00e9gs\u0151 \u00fatmutat\u00f3 Goeie dag, nyelvrajong\u00f3k! K\u00e9szen \u00e1llsz arra, hogy belev\u00e1gj egy utaz\u00e1sba az afrikaans nyelvtan","og_url":"https:\/\/talkpal.ai\/hu\/afrikaans-nyelvtan\/","og_site_name":"Talkpal","article_publisher":"https:\/\/www.facebook.com\/profile.php?id=100090733639311","article_modified_time":"2025-05-22T19:04:37+00:00","og_image":[{"width":512,"height":512,"url":"https:\/\/talkpal.ai\/wp-content\/uploads\/2023\/05\/south-africa.png","type":"image\/png"}],"twitter_card":"summary_large_image","twitter_site":"@talkpalai","twitter_misc":{"Becs\u00fclt olvas\u00e1si id\u0151":"3 perc"},"schema":{"@context":"https:\/\/schema.org","@graph":[{"@type":"WebPage","@id":"https:\/\/talkpal.ai\/hu\/afrikaans-nyelvtan\/","url":"https:\/\/talkpal.ai\/hu\/afrikaans-nyelvtan\/","name":"Afrikaans nyelvtan - Talkpal","isPartOf":{"@id":"https:\/\/talkpal.ai\/hu\/#website"},"primaryImageOfPage":{"@id":"https:\/\/talkpal.ai\/hu\/afrikaans-nyelvtan\/#primaryimage"},"image":{"@id":"https:\/\/talkpal.ai\/hu\/afrikaans-nyelvtan\/#primaryimage"},"thumbnailUrl":"https:\/\/talkpal.ai\/wp-content\/uploads\/2023\/05\/south-africa.png","datePublished":"2023-05-14T13:59:24+00:00","dateModified":"2025-05-22T19:04:37+00:00","description":"Fedezze fel az afrikaans nyelvtant a kezd\u0151 nyelvtanul\u00f3knak sz\u00f3l\u00f3 \u00fatmutat\u00f3val. Saj\u00e1t\u00edtsa el a mondatszerkeszt\u00e9st, \u00e9s er\u0151s\u00edtse t\u00e1rsalg\u00e1si k\u00e9szs\u00e9geit.","breadcrumb":{"@id":"https:\/\/talkpal.ai\/hu\/afrikaans-nyelvtan\/#breadcrumb"},"inLanguage":"hu","potentialAction":[{"@type":"ReadAction","target":["https:\/\/talkpal.ai\/hu\/afrikaans-nyelvtan\/"]}]},{"@type":"ImageObject","inLanguage":"hu","@id":"https:\/\/talkpal.ai\/hu\/afrikaans-nyelvtan\/#primaryimage","url":"https:\/\/talkpal.ai\/wp-content\/uploads\/2023\/05\/south-africa.png","contentUrl":"https:\/\/talkpal.ai\/wp-content\/uploads\/2023\/05\/south-africa.png","width":512,"height":512},{"@type":"BreadcrumbList","@id":"https:\/\/talkpal.ai\/hu\/afrikaans-nyelvtan\/#breadcrumb","itemListElement":[{"@type":"ListItem","position":1,"name":"Homepage","item":"https:\/\/talkpal.ai\/hu\/"},{"@type":"ListItem","position":2,"name":"Afrikaans nyelvtan"}]},{"@type":"WebSite","@id":"https:\/\/talkpal.ai\/hu\/#website","url":"https:\/\/talkpal.ai\/hu\/","name":"Talkpal","description":"AI Language Learning","publisher":{"@id":"https:\/\/talkpal.ai\/hu\/#organization"},"alternateName":"Talkpal AI","potentialAction":[{"@type":"SearchAction","target":{"@type":"EntryPoint","urlTemplate":"https:\/\/talkpal.ai\/hu\/?s={search_term_string}"},"query-input":{"@type":"PropertyValueSpecification","valueRequired":true,"valueName":"search_term_string"}}],"inLanguage":"hu"},{"@type":"Organization","@id":"https:\/\/talkpal.ai\/hu\/#organization","name":"Talkpal, Inc.","alternateName":"Talkpal AI","url":"https:\/\/talkpal.ai\/hu\/","logo":{"@type":"ImageObject","inLanguage":"hu","@id":"https:\/\/talkpal.ai\/hu\/#\/schema\/logo\/image\/","url":"https:\/\/talkpal.ai\/wp-content\/uploads\/2024\/03\/Talkpal-Logo-Icon.png","contentUrl":"https:\/\/talkpal.ai\/wp-content\/uploads\/2024\/03\/Talkpal-Logo-Icon.png","width":2880,"height":2880,"caption":"Talkpal, Inc."},"image":{"@id":"https:\/\/talkpal.ai\/hu\/#\/schema\/logo\/image\/"},"sameAs":["https:\/\/www.facebook.com\/profile.php?id=100090733639311","https:\/\/x.com\/talkpalai","https:\/\/www.linkedin.com\/company\/talkpal\/","https:\/\/www.youtube.com\/@TalkPal\/","https:\/\/www.tiktok.com\/@talkpal","https:\/\/www.instagram.com\/talkpal_ai\/","https:\/\/www.crunchbase.com\/organization\/talkpal-9cde","https:\/\/www.g2.com\/products\/talkpal-for-business\/","https:\/\/www.trustpilot.com\/review\/talkpal.ai","https:\/\/www.capterra.com\/p\/10006800\/TalkPal\/"],"description":"Talkpal is a language learning web and mobile education app, powered by the latest AI technologies, that provides engaging experiences to its customers in many different languages to help them improve their language skills. Users can chat about unlimited amount of topics with the app and use other modes to practice their language learning.","email":"support@talkpal.ai","legalName":"Talkpal, Inc.","foundingDate":"2023-04-03","duns":"118989042","numberOfEmployees":{"@type":"QuantitativeValue","minValue":"11","maxValue":"50"},"publishingPrinciples":"https:\/\/talkpal.ai\/publishing-principles\/","actionableFeedbackPolicy":"https:\/\/talkpal.ai\/actionable-feedback-policy\/","correctionsPolicy":"https:\/\/talkpal.ai\/corrections-policy\/","ethicsPolicy":"https:\/\/talkpal.ai\/ethics-policy\/","diversityPolicy":"https:\/\/talkpal.ai\/diversity-policy\/","diversityStaffingReport":"https:\/\/talkpal.ai\/diversity-policy\/"}]}},"_links":{"self":[{"href":"https:\/\/talkpal.ai\/hu\/wp-json\/wp\/v2\/pages\/140739","targetHints":{"allow":["GET"]}}],"collection":[{"href":"https:\/\/talkpal.ai\/hu\/wp-json\/wp\/v2\/pages"}],"about":[{"href":"https:\/\/talkpal.ai\/hu\/wp-json\/wp\/v2\/types\/page"}],"author":[{"embeddable":true,"href":"https:\/\/talkpal.ai\/hu\/wp-json\/wp\/v2\/users\/1"}],"replies":[{"embeddable":true,"href":"https:\/\/talkpal.ai\/hu\/wp-json\/wp\/v2\/comments?post=140739"}],"version-history":[{"count":0,"href":"https:\/\/talkpal.ai\/hu\/wp-json\/wp\/v2\/pages\/140739\/revisions"}],"wp:featuredmedia":[{"embeddable":true,"href":"https:\/\/talkpal.ai\/hu\/wp-json\/wp\/v2\/media\/108912"}],"wp:attachment":[{"href":"https:\/\/talkpal.ai\/hu\/wp-json\/wp\/v2\/media?parent=140739"}],"curies":[{"name":"wp","href":"https:\/\/api.w.org\/{rel}","templated":true}]}}