{"id":140392,"date":"2023-05-14T13:54:14","date_gmt":"2023-05-14T13:54:14","guid":{"rendered":"http:\/\/talkpal.ai\/ormeny-nyelvtan\/"},"modified":"2025-05-21T10:55:26","modified_gmt":"2025-05-21T10:55:26","slug":"ormeny-nyelvtan","status":"publish","type":"page","link":"https:\/\/talkpal.ai\/hu\/ormeny-nyelvtan\/","title":{"rendered":"\u00d6rm\u00e9ny nyelvtan"},"content":{"rendered":"\r\n\r\n\r\n<section class=\"languageChallengeSection\">\r\n    <div class=\"languageInfoWrapper\">\r\n        \r\n        <h1>\u00d6rm\u00e9ny nyelvtan<\/h1>\r\n        <p>K\u00e9szen \u00e1llsz egy \u00faj nyelv felfedez\u00e9s\u00e9re? Az <a href=\"https:\/\/talkpal.ai\/armenian-grammar\/\">\u00f6rm\u00e9ny nyelvtan<\/a> az \u00d6n kapuja a leny\u0171g\u00f6z\u0151 mint\u00e1k \u00e9s egyedi hagyom\u00e1nyok vil\u00e1g\u00e1ba! Az <a href=\"https:\/\/talkpal.ai\/learn-armenian\/\">\u00f6rm\u00e9ny<\/a> <a href=\"https:\/\/talkpal.ai\/grammar\/\">nyelvtan<\/a> elsaj\u00e1t\u00edt\u00e1s\u00e1val nemcsak egy nyelvet saj\u00e1t\u00edthatsz el, hanem \u00d6rm\u00e9nyorsz\u00e1g m\u00e9ly kultur\u00e1lis \u00f6r\u00f6ks\u00e9g\u00e9hez is kapcsol\u00f3dhatsz. Mer\u00fclj\u00fcnk el egy\u00fctt, \u00e9s \u00e9lvezz\u00fck az \u00f6rm\u00e9ny nyelv\u0171 utaz\u00e1st!<\/p>\r\n\r\n                            <a class=\"getStartedHidden\" href=\"https:\/\/app.talkpal.ai\/hu\/signup?lng=\">Kezdj\u00fck<\/a>\r\n        \r\n    <\/div>\r\n\r\n    <figure>\r\n    <img decoding=\"async\" width=\"768\" height=\"768\" src=\"https:\/\/talkpal.ai\/wp-content\/uploads\/2023\/06\/armenian-768x768.png\" class=\"languageImage no-lazy\" alt=\"Language learning for higher cognition\" fetchpriority=\"high\" sizes=\"(max-width: 768px) 150px, 768px\" srcset=\"https:\/\/talkpal.ai\/wp-content\/uploads\/2023\/06\/armenian-768x768.png 768w, https:\/\/talkpal.ai\/wp-content\/uploads\/2023\/06\/armenian-300x300.png 300w\" \/>\r\n    \r\n\r\n    <\/figure>\r\n\r\n            <a class=\"getStartedVisible\" href=\"https:\/\/app.talkpal.ai\/hu\/signup?lng=\">Kezdj\u00fck<\/a>\r\n    \r\n<\/section>\r\n<section class=\"promotionalBanner\">\r\n    <p class=\"promotionalText\">A nyelvtanul\u00e1s leghat\u00e9konyabb m\u00f3dja<\/p>\r\n    <a class=\"promotionalLink\" href=\"https:\/\/app.talkpal.ai\/hu\/signup?lng=\">Pr\u00f3b\u00e1lja ki a Talkpal ingyen<\/a>\r\n<\/section>\n<div class=\"wp-block-group pageContainerStyle\"><div class=\"wp-block-group__inner-container is-layout-constrained wp-block-group-is-layout-constrained\">\n<h2 class=\"wp-block-heading\" id=\"h-discovering-the-richness-of-armenian-grammar\">Az \u00f6rm\u00e9ny nyelvtan gazdags\u00e1g\u00e1nak felfedez\u00e9se<\/h2>\n\n\n\n<p>Az \u00f6rm\u00e9ny, egy egyed\u00fcl\u00e1ll\u00f3 \u00e9s leny\u0171g\u00f6z\u0151 nyelv, k\u00fcl\u00f6n helyet foglal el az indoeur\u00f3pai csal\u00e1dban. Az \u00f6rm\u00e9ny nyelvtanul\u00e1s nemcsak gazdag\u00edtja nyelvi reperto\u00e1rj\u00e1t, hanem lehet\u0151v\u00e9 teszi, hogy belemer\u00fclj\u00f6n \u00d6rm\u00e9nyorsz\u00e1g gazdag t\u00f6rt\u00e9nelm\u00e9be \u00e9s kult\u00far\u00e1j\u00e1ba. B\u00e1r az \u00f6rm\u00e9ny nyelvtan els\u0151 pillant\u00e1sra ijeszt\u0151nek t\u0171nhet, alapvet\u0151 \u00f6sszetev\u0151ire bontva leegyszer\u0171s\u00edti a folyamatot. Ebben a cikkben bemutatjuk az \u00f6rm\u00e9ny nyelvtan mag\u00e1val ragad\u00f3 vil\u00e1g\u00e1t, \u00e9s tippeket adunk, hogyan saj\u00e1t\u00edthatod el a nyelvtan fort\u00e9lyait.<\/p>\n\n\n\n<h3 class=\"wp-block-heading\" id=\"h-1-the-armenian-alphabet\">1. Az \u00f6rm\u00e9ny \u00e1b\u00e9c\u00e9<\/h3>\n\n\n\n<p>Az \u00f6rm\u00e9ny k\u00fcl\u00f6n \u00e1b\u00e9c\u00e9 39 bet\u0171b\u0151l \u00e1ll, amelyek mindegyike egy adott fon\u00e9m\u00e1t vagy fon\u00e9m\u00e1k kombin\u00e1ci\u00f3j\u00e1t k\u00e9pviseli. Az \u00f6rm\u00e9ny nyelvtan elsaj\u00e1t\u00edt\u00e1s\u00e1hoz elengedhetetlen, hogy az \u00f6rm\u00e9ny sz\u00f6vegek olvas\u00e1s\u00e1nak \u00e9s \u00edr\u00e1s\u00e1nak gyakorl\u00e1s\u00e1val megismerkedjen ezzel az egyed\u00fcl\u00e1ll\u00f3 \u00edr\u00e1srendszerrel.<\/p>\n\n\n\n<h3 class=\"wp-block-heading\" id=\"h-2-nouns-gender-and-cases\">2. F\u0151nevek: nem \u00e9s esetek<\/h3>\n\n\n\n<p>Az \u00f6rm\u00e9ny f\u0151neveknek nincs nyelvtani neme, mint sok m\u00e1s nyelvnek. Sz\u00e1mos eset\u00fck <a href=\"https:\/\/talkpal.ai\/locations\/language-courses-in-van\/\">van<\/a>, k\u00f6zt\u00fck nominat\u00edv, t\u00e1rgyeseti, dat\u00edvusz, genit\u00edv, instrument\u00e1lis, ablat\u00edv \u00e9s helyhat\u00e1roz\u00f3. Az ilyen esetek kialak\u00edt\u00e1s\u00e1ra vonatkoz\u00f3 szab\u00e1lyok megismer\u00e9se lehet\u0151v\u00e9 teszi, hogy jobban meg\u00e9rtse \u00e9s struktur\u00e1lja az \u00f6rm\u00e9ny mondatokat.<\/p>\n\n\n\n<h3 class=\"wp-block-heading\" id=\"h-3-verbs-conjugation-and-tense\">3. Ig\u00e9k: ragoz\u00e1s \u00e9s fesz\u00fclts\u00e9g<\/h3>\n\n\n\n<p>Az \u00f6rm\u00e9ny ig\u00e9ket fesz\u00fclts\u00e9g\u00fck, hangulatuk \u00e9s aspektusuk szerint ragozz\u00e1k. Az \u00f6rm\u00e9nyben h\u00e9t alapid\u0151 van: jelen, t\u00f6k\u00e9letlen, t\u00f6k\u00e9letes, aorista, j\u00f6v\u0151, pluperfect \u00e9s j\u00f6v\u0151 t\u00f6k\u00e9letes. A szab\u00e1lyos ig\u00e9k meghat\u00e1rozott ragoz\u00e1si mint\u00e1kat k\u00f6vetnek, \u00edgy viszonylag k\u00f6nnyen megtanulhat\u00f3k, ha meg\u00e9rted a szab\u00e1lyokat.<\/p>\n\n\n\n<h3 class=\"wp-block-heading\" id=\"h-4-adjectives-agreement-and-placement\">4. Mell\u00e9knevek: meg\u00e1llapod\u00e1s \u00e9s elhelyez\u00e9s<\/h3>\n\n\n\n<p>Az \u00f6rm\u00e9ny nyelvtanban a mell\u00e9knevek \u00e1ltal\u00e1ban az \u00e1ltaluk m\u00f3dos\u00edtott f\u0151n\u00e9v el\u0151tt \u00e1llnak, \u00e9s nem kell megegyezni\u00fck a f\u0151n\u00e9v eset\u00e9ben. A mell\u00e9kneveket azonban el lehet utas\u00edtani, ha \u00e9rdemben (f\u0151n\u00e9vk\u00e9nt) haszn\u00e1lj\u00e1k \u0151ket, vagy bizonyos demonstrat\u00edv \u00e9s birtokos n\u00e9vm\u00e1sok el\u0151zik meg \u0151ket.<\/p>\n\n\n\n<p><strong>P\u00e9ld\u00e1k:<\/strong><\/p>\n\n\n\n<p>&#8211; \u057d\u0578\u0582\u0580\u0562 \u057f\u0561\u0573\u0561\u0580 (surb tachar) &#8211; szent templom<\/p>\n\n\n\n<p>&#8211; \u0561\u0575\u057d \u0574\u0565\u056e \u057f\u0578\u0582\u0576 (ays <a href=\"https:\/\/talkpal.ai\/locations\/language-courses-in-metz\/\">metz<\/a> tun) &#8211; ez a nagy h\u00e1z<\/p>\n\n\n\n<h3 class=\"wp-block-heading\" id=\"h-5-evidentiality-in-verbs\">5. Bizony\u00edt\u00e1s az ig\u00e9kben<\/h3>\n\n\n\n<p>Az \u00f6rm\u00e9ny nyelvtan egyik egyed\u00fcl\u00e1ll\u00f3 aspektusa a bizony\u00edt\u00f3 ig\u00e9k haszn\u00e1lata. Ez a funkci\u00f3 megmutatja a besz\u00e9l\u0151 tud\u00e1s\u00e1nak forr\u00e1s\u00e1t (szem\u00e9lyes tapasztalat, hallom\u00e1s vagy k\u00f6vetkeztet\u00e9s) a mondatban szerepl\u0151 cselekv\u00e9ssel kapcsolatban. Ezeknek az \u00e1rnyalatoknak a figyelembev\u00e9tele seg\u00edthet kontextust \u00e9s egy\u00e9rtelm\u0171s\u00e9get biztos\u00edtani a besz\u00e9lget\u00e9sben.<\/p>\n\n\n\n<h3 class=\"wp-block-heading\" id=\"h-6-engaging-with-the-language\">6. A nyelv haszn\u00e1lata<\/h3>\n\n\n\n<p>Az \u00f6rm\u00e9ny nyelvtan meg\u00e9rt\u00e9s\u00e9nek \u00e9s internaliz\u00e1l\u00e1s\u00e1nak leghat\u00e9konyabb m\u00f3dja a nyelvvel val\u00f3 rendszeres interakci\u00f3. Az \u00f6rm\u00e9ny irodalom olvas\u00e1s\u00e1val, filmek vagy telev\u00edzi\u00f3s sorozatok n\u00e9z\u00e9s\u00e9vel \u00e9s az anyanyelvi besz\u00e9l\u0151kkel val\u00f3 akt\u00edv kommunik\u00e1ci\u00f3val meger\u0151s\u00edti a nyelvtan meg\u00e9rt\u00e9s\u00e9t \u00e9s egyidej\u0171leg b\u0151v\u00edti sz\u00f3kincs\u00e9t.<\/p>\n\n\n\n<h3 class=\"wp-block-heading\" id=\"h-conclusion\">K\u00f6vetkeztet\u00e9s<\/h3>\n\n\n\n<p>B\u00e1r az \u00f6rm\u00e9ny nyelvtan bonyolultnak t\u0171nhet, l\u00e9p\u00e9sr\u0151l l\u00e9p\u00e9sre megk\u00f6zel\u00edtve \u00e9s k\u00f6vetkezetesen gyakorolva seg\u00edt abban, hogy j\u00e1rtass\u00e1 v\u00e1ljon ezen a gy\u00f6ny\u00f6r\u0171 nyelven. Fogadd el a kih\u00edv\u00e1st, amikor belev\u00e1gsz az \u00f6rm\u00e9ny nyelvi kalandba, \u00e9s hamarosan egyre magabiztosabban fogsz eligazodni a nyelvtan \u00e1rnyalataiban. Boldog tanul\u00e1st, \u00e9s \u00e9lvezze az \u00f6rm\u00e9ny nyelvtan gazdags\u00e1g\u00e1nak felfedez\u00e9s\u00e9t!<\/p>\n<\/div><\/div>\n\r\n<section class=\"learnNavigationSection\">\r\n            \r\n        <a href=\"https:\/\/talkpal.ai\/hu\/tanulj-ormenyul\/\">\r\n            <div class=\"learnNavigationWrapper\">\r\n                <div class=\"learnNavigationContent\">\r\n                    <img decoding=\"async\" src=\"https:\/\/talkpal.ai\/wp-content\/uploads\/2024\/08\/Armenian.jpg\" alt=\"Armenian Flag\">\r\n                    <div>\r\n                        <h4>Az \u00f6rm\u00e9ny tanul\u00e1sr\u00f3l<\/h4>\r\n                        <p>Tudjon meg mindent az \u00f6rm\u00e9ny nyelvtanr\u00f3l.<\/p>\r\n                    <\/div>\r\n                <\/div>\r\n            <\/div>\r\n        <\/a>\r\n\r\n        \r\n        <a href=\"https:\/\/talkpal.ai\/hu\/ormeny-nyelvtani-gyakorlatok\/\">\r\n            <div class=\"learnNavigationWrapper\">\r\n                <div class=\"learnNavigationContent\">\r\n                    <img decoding=\"async\" src=\"https:\/\/talkpal.ai\/wp-content\/uploads\/2024\/08\/Armenian.jpg\" alt=\"Armenian Flag\">\r\n                    <div>\r\n                        <h4>\u00d6rm\u00e9ny nyelvtani gyakorlat<\/h4>\r\n                        <p>Gyakorolja az \u00f6rm\u00e9ny nyelvtant.<\/p>\r\n                    <\/div>\r\n                <\/div>\r\n            <\/div>\r\n        <\/a>\r\n\r\n        \r\n        <a href=\"https:\/\/talkpal.ai\/vocabulary_language\/armenian\/\">\r\n            <div class=\"learnNavigationWrapper\">\r\n                <div class=\"learnNavigationContent\">\r\n                    <img decoding=\"async\" src=\"https:\/\/talkpal.ai\/wp-content\/uploads\/2024\/08\/Armenian.jpg\" alt=\"Armenian Flag\">\r\n                    <div>\r\n                        <h4>\u00d6rm\u00e9ny sz\u00f3kincs<\/h4>\r\n                        <p>B\u0151v\u00edtse \u00f6rm\u00e9ny sz\u00f3kincs\u00e9t.<\/p>\r\n                    <\/div>\r\n                <\/div>\r\n            <\/div>\r\n        <\/a>\r\n\r\n            <\/section>","protected":false},"excerpt":{"rendered":"<p>Az \u00f6rm\u00e9ny nyelvtan gazdags\u00e1g\u00e1nak felfedez\u00e9se Az \u00f6rm\u00e9ny, egy egyed\u00fcl\u00e1ll\u00f3 \u00e9s leny\u0171g\u00f6z\u0151 nyelv, k\u00fcl\u00f6n helyet foglal el az indoeur\u00f3pai csal\u00e1dban. Az \u00f6rm\u00e9ny nyelvtanul\u00e1s nemcsak gazdag\u00edtja nyelvi reperto\u00e1rj\u00e1t, hanem lehet\u0151v\u00e9 teszi, hogy belemer\u00fclj\u00f6n \u00d6rm\u00e9nyorsz\u00e1g gazdag t\u00f6rt\u00e9nelm\u00e9be \u00e9s kult\u00far\u00e1j\u00e1ba. B\u00e1r az \u00f6rm\u00e9ny nyelvtan els\u0151 pillant\u00e1sra ijeszt\u0151nek t\u0171nhet, alapvet\u0151 \u00f6sszetev\u0151ire bontva leegyszer\u0171s\u00edti a folyamatot. Ebben a cikkben bemutatjuk az [&hellip;]<\/p>\n","protected":false},"author":1,"featured_media":109110,"parent":0,"menu_order":0,"comment_status":"closed","ping_status":"closed","template":"LearningContentPage.php","meta":{"_acf_changed":false,"footnotes":""},"class_list":["post-140392","page","type-page","status-publish","has-post-thumbnail","hentry"],"acf":[],"yoast_head":"<!-- This site is optimized with the Yoast SEO Premium plugin v27.2 (Yoast SEO v27.2) - https:\/\/yoast.com\/product\/yoast-seo-premium-wordpress\/ -->\n<title>\u00d6rm\u00e9ny nyelvtan - Talkpal<\/title>\n<meta name=\"description\" content=\"Fejtse meg az \u00f6rm\u00e9ny nyelvtan titkait, \u00e9s fedezze fel \u00d6rm\u00e9nyorsz\u00e1g gazdag kult\u00far\u00e1j\u00e1t, mik\u00f6zben elsaj\u00e1t\u00edtja ezt a leny\u0171g\u00f6z\u0151 nyelvet.\" \/>\n<meta name=\"robots\" content=\"index, follow, max-snippet:-1, max-image-preview:large, max-video-preview:-1\" \/>\n<link rel=\"canonical\" href=\"https:\/\/talkpal.ai\/hu\/ormeny-nyelvtan\/\" \/>\n<meta property=\"og:locale\" content=\"hu_HU\" \/>\n<meta property=\"og:type\" content=\"article\" \/>\n<meta property=\"og:title\" content=\"\u00d6rm\u00e9ny nyelvtan\" \/>\n<meta property=\"og:description\" content=\"Az \u00f6rm\u00e9ny nyelvtan gazdags\u00e1g\u00e1nak felfedez\u00e9se Az \u00f6rm\u00e9ny, egy egyed\u00fcl\u00e1ll\u00f3 \u00e9s leny\u0171g\u00f6z\u0151 nyelv, k\u00fcl\u00f6n helyet foglal el az indoeur\u00f3pai csal\u00e1dban. Az \u00f6rm\u00e9ny\" \/>\n<meta property=\"og:url\" content=\"https:\/\/talkpal.ai\/hu\/ormeny-nyelvtan\/\" \/>\n<meta property=\"og:site_name\" content=\"Talkpal\" \/>\n<meta property=\"article:publisher\" content=\"https:\/\/www.facebook.com\/profile.php?id=100090733639311\" \/>\n<meta property=\"article:modified_time\" content=\"2025-05-21T10:55:26+00:00\" \/>\n<meta property=\"og:image\" content=\"https:\/\/talkpal.ai\/wp-content\/uploads\/2023\/05\/armenia.png\" \/>\n\t<meta property=\"og:image:width\" content=\"512\" \/>\n\t<meta property=\"og:image:height\" content=\"512\" \/>\n\t<meta property=\"og:image:type\" content=\"image\/png\" \/>\n<meta name=\"twitter:card\" content=\"summary_large_image\" \/>\n<meta name=\"twitter:site\" content=\"@talkpalai\" \/>\n<meta name=\"twitter:label1\" content=\"Becs\u00fclt olvas\u00e1si id\u0151\" \/>\n\t<meta name=\"twitter:data1\" content=\"3 perc\" \/>\n<script type=\"application\/ld+json\" class=\"yoast-schema-graph\">{\"@context\":\"https:\/\/schema.org\",\"@graph\":[{\"@type\":\"WebPage\",\"@id\":\"https:\/\/talkpal.ai\/hu\/ormeny-nyelvtan\/\",\"url\":\"https:\/\/talkpal.ai\/hu\/ormeny-nyelvtan\/\",\"name\":\"\u00d6rm\u00e9ny nyelvtan - Talkpal\",\"isPartOf\":{\"@id\":\"https:\/\/talkpal.ai\/hu\/#website\"},\"primaryImageOfPage\":{\"@id\":\"https:\/\/talkpal.ai\/hu\/ormeny-nyelvtan\/#primaryimage\"},\"image\":{\"@id\":\"https:\/\/talkpal.ai\/hu\/ormeny-nyelvtan\/#primaryimage\"},\"thumbnailUrl\":\"https:\/\/talkpal.ai\/wp-content\/uploads\/2023\/05\/armenia.png\",\"datePublished\":\"2023-05-14T13:54:14+00:00\",\"dateModified\":\"2025-05-21T10:55:26+00:00\",\"description\":\"Fejtse meg az \u00f6rm\u00e9ny nyelvtan titkait, \u00e9s fedezze fel \u00d6rm\u00e9nyorsz\u00e1g gazdag kult\u00far\u00e1j\u00e1t, mik\u00f6zben elsaj\u00e1t\u00edtja ezt a leny\u0171g\u00f6z\u0151 nyelvet.\",\"breadcrumb\":{\"@id\":\"https:\/\/talkpal.ai\/hu\/ormeny-nyelvtan\/#breadcrumb\"},\"inLanguage\":\"hu\",\"potentialAction\":[{\"@type\":\"ReadAction\",\"target\":[\"https:\/\/talkpal.ai\/hu\/ormeny-nyelvtan\/\"]}]},{\"@type\":\"ImageObject\",\"inLanguage\":\"hu\",\"@id\":\"https:\/\/talkpal.ai\/hu\/ormeny-nyelvtan\/#primaryimage\",\"url\":\"https:\/\/talkpal.ai\/wp-content\/uploads\/2023\/05\/armenia.png\",\"contentUrl\":\"https:\/\/talkpal.ai\/wp-content\/uploads\/2023\/05\/armenia.png\",\"width\":512,\"height\":512},{\"@type\":\"BreadcrumbList\",\"@id\":\"https:\/\/talkpal.ai\/hu\/ormeny-nyelvtan\/#breadcrumb\",\"itemListElement\":[{\"@type\":\"ListItem\",\"position\":1,\"name\":\"Homepage\",\"item\":\"https:\/\/talkpal.ai\/hu\/\"},{\"@type\":\"ListItem\",\"position\":2,\"name\":\"\u00d6rm\u00e9ny nyelvtan\"}]},{\"@type\":\"WebSite\",\"@id\":\"https:\/\/talkpal.ai\/hu\/#website\",\"url\":\"https:\/\/talkpal.ai\/hu\/\",\"name\":\"Talkpal\",\"description\":\"AI Language Learning\",\"publisher\":{\"@id\":\"https:\/\/talkpal.ai\/hu\/#organization\"},\"alternateName\":\"Talkpal AI\",\"potentialAction\":[{\"@type\":\"SearchAction\",\"target\":{\"@type\":\"EntryPoint\",\"urlTemplate\":\"https:\/\/talkpal.ai\/hu\/?s={search_term_string}\"},\"query-input\":{\"@type\":\"PropertyValueSpecification\",\"valueRequired\":true,\"valueName\":\"search_term_string\"}}],\"inLanguage\":\"hu\"},{\"@type\":\"Organization\",\"@id\":\"https:\/\/talkpal.ai\/hu\/#organization\",\"name\":\"Talkpal, Inc.\",\"alternateName\":\"Talkpal AI\",\"url\":\"https:\/\/talkpal.ai\/hu\/\",\"logo\":{\"@type\":\"ImageObject\",\"inLanguage\":\"hu\",\"@id\":\"https:\/\/talkpal.ai\/hu\/#\/schema\/logo\/image\/\",\"url\":\"https:\/\/talkpal.ai\/wp-content\/uploads\/2024\/03\/Talkpal-Logo-Icon.png\",\"contentUrl\":\"https:\/\/talkpal.ai\/wp-content\/uploads\/2024\/03\/Talkpal-Logo-Icon.png\",\"width\":2880,\"height\":2880,\"caption\":\"Talkpal, Inc.\"},\"image\":{\"@id\":\"https:\/\/talkpal.ai\/hu\/#\/schema\/logo\/image\/\"},\"sameAs\":[\"https:\/\/www.facebook.com\/profile.php?id=100090733639311\",\"https:\/\/x.com\/talkpalai\",\"https:\/\/www.linkedin.com\/company\/talkpal\/\",\"https:\/\/www.youtube.com\/@TalkPal\/\",\"https:\/\/www.tiktok.com\/@talkpal\",\"https:\/\/www.instagram.com\/talkpal_ai\/\",\"https:\/\/www.crunchbase.com\/organization\/talkpal-9cde\",\"https:\/\/www.g2.com\/products\/talkpal-for-business\/\",\"https:\/\/www.trustpilot.com\/review\/talkpal.ai\",\"https:\/\/www.capterra.com\/p\/10006800\/TalkPal\/\"],\"description\":\"Talkpal is a language learning web and mobile education app, powered by the latest AI technologies, that provides engaging experiences to its customers in many different languages to help them improve their language skills. Users can chat about unlimited amount of topics with the app and use other modes to practice their language learning.\",\"email\":\"support@talkpal.ai\",\"legalName\":\"Talkpal, Inc.\",\"foundingDate\":\"2023-04-03\",\"duns\":\"118989042\",\"numberOfEmployees\":{\"@type\":\"QuantitativeValue\",\"minValue\":\"11\",\"maxValue\":\"50\"},\"publishingPrinciples\":\"https:\/\/talkpal.ai\/publishing-principles\/\",\"actionableFeedbackPolicy\":\"https:\/\/talkpal.ai\/actionable-feedback-policy\/\",\"correctionsPolicy\":\"https:\/\/talkpal.ai\/corrections-policy\/\",\"ethicsPolicy\":\"https:\/\/talkpal.ai\/ethics-policy\/\",\"diversityPolicy\":\"https:\/\/talkpal.ai\/diversity-policy\/\",\"diversityStaffingReport\":\"https:\/\/talkpal.ai\/diversity-policy\/\"}]}<\/script>\n<!-- \/ Yoast SEO Premium plugin. -->","yoast_head_json":{"title":"\u00d6rm\u00e9ny nyelvtan - Talkpal","description":"Fejtse meg az \u00f6rm\u00e9ny nyelvtan titkait, \u00e9s fedezze fel \u00d6rm\u00e9nyorsz\u00e1g gazdag kult\u00far\u00e1j\u00e1t, mik\u00f6zben elsaj\u00e1t\u00edtja ezt a leny\u0171g\u00f6z\u0151 nyelvet.","robots":{"index":"index","follow":"follow","max-snippet":"max-snippet:-1","max-image-preview":"max-image-preview:large","max-video-preview":"max-video-preview:-1"},"canonical":"https:\/\/talkpal.ai\/hu\/ormeny-nyelvtan\/","og_locale":"hu_HU","og_type":"article","og_title":"\u00d6rm\u00e9ny nyelvtan","og_description":"Az \u00f6rm\u00e9ny nyelvtan gazdags\u00e1g\u00e1nak felfedez\u00e9se Az \u00f6rm\u00e9ny, egy egyed\u00fcl\u00e1ll\u00f3 \u00e9s leny\u0171g\u00f6z\u0151 nyelv, k\u00fcl\u00f6n helyet foglal el az indoeur\u00f3pai csal\u00e1dban. Az \u00f6rm\u00e9ny","og_url":"https:\/\/talkpal.ai\/hu\/ormeny-nyelvtan\/","og_site_name":"Talkpal","article_publisher":"https:\/\/www.facebook.com\/profile.php?id=100090733639311","article_modified_time":"2025-05-21T10:55:26+00:00","og_image":[{"width":512,"height":512,"url":"https:\/\/talkpal.ai\/wp-content\/uploads\/2023\/05\/armenia.png","type":"image\/png"}],"twitter_card":"summary_large_image","twitter_site":"@talkpalai","twitter_misc":{"Becs\u00fclt olvas\u00e1si id\u0151":"3 perc"},"schema":{"@context":"https:\/\/schema.org","@graph":[{"@type":"WebPage","@id":"https:\/\/talkpal.ai\/hu\/ormeny-nyelvtan\/","url":"https:\/\/talkpal.ai\/hu\/ormeny-nyelvtan\/","name":"\u00d6rm\u00e9ny nyelvtan - Talkpal","isPartOf":{"@id":"https:\/\/talkpal.ai\/hu\/#website"},"primaryImageOfPage":{"@id":"https:\/\/talkpal.ai\/hu\/ormeny-nyelvtan\/#primaryimage"},"image":{"@id":"https:\/\/talkpal.ai\/hu\/ormeny-nyelvtan\/#primaryimage"},"thumbnailUrl":"https:\/\/talkpal.ai\/wp-content\/uploads\/2023\/05\/armenia.png","datePublished":"2023-05-14T13:54:14+00:00","dateModified":"2025-05-21T10:55:26+00:00","description":"Fejtse meg az \u00f6rm\u00e9ny nyelvtan titkait, \u00e9s fedezze fel \u00d6rm\u00e9nyorsz\u00e1g gazdag kult\u00far\u00e1j\u00e1t, mik\u00f6zben elsaj\u00e1t\u00edtja ezt a leny\u0171g\u00f6z\u0151 nyelvet.","breadcrumb":{"@id":"https:\/\/talkpal.ai\/hu\/ormeny-nyelvtan\/#breadcrumb"},"inLanguage":"hu","potentialAction":[{"@type":"ReadAction","target":["https:\/\/talkpal.ai\/hu\/ormeny-nyelvtan\/"]}]},{"@type":"ImageObject","inLanguage":"hu","@id":"https:\/\/talkpal.ai\/hu\/ormeny-nyelvtan\/#primaryimage","url":"https:\/\/talkpal.ai\/wp-content\/uploads\/2023\/05\/armenia.png","contentUrl":"https:\/\/talkpal.ai\/wp-content\/uploads\/2023\/05\/armenia.png","width":512,"height":512},{"@type":"BreadcrumbList","@id":"https:\/\/talkpal.ai\/hu\/ormeny-nyelvtan\/#breadcrumb","itemListElement":[{"@type":"ListItem","position":1,"name":"Homepage","item":"https:\/\/talkpal.ai\/hu\/"},{"@type":"ListItem","position":2,"name":"\u00d6rm\u00e9ny nyelvtan"}]},{"@type":"WebSite","@id":"https:\/\/talkpal.ai\/hu\/#website","url":"https:\/\/talkpal.ai\/hu\/","name":"Talkpal","description":"AI Language Learning","publisher":{"@id":"https:\/\/talkpal.ai\/hu\/#organization"},"alternateName":"Talkpal AI","potentialAction":[{"@type":"SearchAction","target":{"@type":"EntryPoint","urlTemplate":"https:\/\/talkpal.ai\/hu\/?s={search_term_string}"},"query-input":{"@type":"PropertyValueSpecification","valueRequired":true,"valueName":"search_term_string"}}],"inLanguage":"hu"},{"@type":"Organization","@id":"https:\/\/talkpal.ai\/hu\/#organization","name":"Talkpal, Inc.","alternateName":"Talkpal AI","url":"https:\/\/talkpal.ai\/hu\/","logo":{"@type":"ImageObject","inLanguage":"hu","@id":"https:\/\/talkpal.ai\/hu\/#\/schema\/logo\/image\/","url":"https:\/\/talkpal.ai\/wp-content\/uploads\/2024\/03\/Talkpal-Logo-Icon.png","contentUrl":"https:\/\/talkpal.ai\/wp-content\/uploads\/2024\/03\/Talkpal-Logo-Icon.png","width":2880,"height":2880,"caption":"Talkpal, Inc."},"image":{"@id":"https:\/\/talkpal.ai\/hu\/#\/schema\/logo\/image\/"},"sameAs":["https:\/\/www.facebook.com\/profile.php?id=100090733639311","https:\/\/x.com\/talkpalai","https:\/\/www.linkedin.com\/company\/talkpal\/","https:\/\/www.youtube.com\/@TalkPal\/","https:\/\/www.tiktok.com\/@talkpal","https:\/\/www.instagram.com\/talkpal_ai\/","https:\/\/www.crunchbase.com\/organization\/talkpal-9cde","https:\/\/www.g2.com\/products\/talkpal-for-business\/","https:\/\/www.trustpilot.com\/review\/talkpal.ai","https:\/\/www.capterra.com\/p\/10006800\/TalkPal\/"],"description":"Talkpal is a language learning web and mobile education app, powered by the latest AI technologies, that provides engaging experiences to its customers in many different languages to help them improve their language skills. Users can chat about unlimited amount of topics with the app and use other modes to practice their language learning.","email":"support@talkpal.ai","legalName":"Talkpal, Inc.","foundingDate":"2023-04-03","duns":"118989042","numberOfEmployees":{"@type":"QuantitativeValue","minValue":"11","maxValue":"50"},"publishingPrinciples":"https:\/\/talkpal.ai\/publishing-principles\/","actionableFeedbackPolicy":"https:\/\/talkpal.ai\/actionable-feedback-policy\/","correctionsPolicy":"https:\/\/talkpal.ai\/corrections-policy\/","ethicsPolicy":"https:\/\/talkpal.ai\/ethics-policy\/","diversityPolicy":"https:\/\/talkpal.ai\/diversity-policy\/","diversityStaffingReport":"https:\/\/talkpal.ai\/diversity-policy\/"}]}},"_links":{"self":[{"href":"https:\/\/talkpal.ai\/hu\/wp-json\/wp\/v2\/pages\/140392","targetHints":{"allow":["GET"]}}],"collection":[{"href":"https:\/\/talkpal.ai\/hu\/wp-json\/wp\/v2\/pages"}],"about":[{"href":"https:\/\/talkpal.ai\/hu\/wp-json\/wp\/v2\/types\/page"}],"author":[{"embeddable":true,"href":"https:\/\/talkpal.ai\/hu\/wp-json\/wp\/v2\/users\/1"}],"replies":[{"embeddable":true,"href":"https:\/\/talkpal.ai\/hu\/wp-json\/wp\/v2\/comments?post=140392"}],"version-history":[{"count":0,"href":"https:\/\/talkpal.ai\/hu\/wp-json\/wp\/v2\/pages\/140392\/revisions"}],"wp:featuredmedia":[{"embeddable":true,"href":"https:\/\/talkpal.ai\/hu\/wp-json\/wp\/v2\/media\/109110"}],"wp:attachment":[{"href":"https:\/\/talkpal.ai\/hu\/wp-json\/wp\/v2\/media?parent=140392"}],"curies":[{"name":"wp","href":"https:\/\/api.w.org\/{rel}","templated":true}]}}