{"id":140094,"date":"2023-05-14T13:53:48","date_gmt":"2023-05-14T13:53:48","guid":{"rendered":"http:\/\/talkpal.ai\/azerbajdzsani-nyelvtan\/"},"modified":"2025-05-22T08:24:19","modified_gmt":"2025-05-22T08:24:19","slug":"azerbajdzsani-nyelvtan","status":"publish","type":"page","link":"https:\/\/talkpal.ai\/hu\/azerbajdzsani-nyelvtan\/","title":{"rendered":"Azerbajdzs\u00e1ni nyelvtan"},"content":{"rendered":"\r\n\r\n\r\n<section class=\"languageChallengeSection\">\r\n    <div class=\"languageInfoWrapper\">\r\n        \r\n        <h1>Azerbajdzs\u00e1ni nyelvtan<\/h1>\r\n        <p>K\u00e9szen \u00e1llsz arra, hogy megismerd az <a href=\"https:\/\/talkpal.ai\/learn-azerbaijani\/\">azerbajdzs\u00e1ni<\/a> nyelv sz\u00e9ps\u00e9g\u00e9t? Mer\u00fclj\u00f6n el az azerbajdzs\u00e1ni nyelvtanban, \u00e9s fedezze fel annak egyed\u00fcl\u00e1ll\u00f3 szerkezet\u00e9t a mag\u00e1nhangz\u00f3-harm\u00f3ni\u00e1t\u00f3l a kifejez\u0151 igealakokig. Kezdje el a tanul\u00e1st m\u00e9g ma, \u00e9s tapasztalja meg, hogy a <a href=\"https:\/\/talkpal.ai\/grammar\/\">nyelvtan<\/a> elsaj\u00e1t\u00edt\u00e1sa val\u00f3ban megnyitja az utat a foly\u00e9kony t\u00e1rsalg\u00e1shoz \u00e9s az azerbajdzs\u00e1ni kult\u00fara m\u00e9lyebb meg\u00e9rt\u00e9s\u00e9hez!<\/p>\r\n\r\n                            <a class=\"getStartedHidden\" href=\"https:\/\/app.talkpal.ai\/hu\/signup?lng=\">Kezdj\u00fck<\/a>\r\n        \r\n    <\/div>\r\n\r\n    <figure>\r\n    <img decoding=\"async\" width=\"768\" height=\"768\" src=\"https:\/\/talkpal.ai\/wp-content\/uploads\/2023\/06\/azerbaijani-768x768.png\" class=\"languageImage no-lazy\" alt=\"Language learning for enhanced cognitive skills\" fetchpriority=\"high\" sizes=\"(max-width: 768px) 150px, 768px\" srcset=\"https:\/\/talkpal.ai\/wp-content\/uploads\/2023\/06\/azerbaijani-768x768.png 768w, https:\/\/talkpal.ai\/wp-content\/uploads\/2023\/06\/azerbaijani-300x300.png 300w\" \/>\r\n    \r\n\r\n    <\/figure>\r\n\r\n            <a class=\"getStartedVisible\" href=\"https:\/\/app.talkpal.ai\/hu\/signup?lng=\">Kezdj\u00fck<\/a>\r\n    \r\n<\/section>\r\n<section class=\"promotionalBanner\">\r\n    <p class=\"promotionalText\">A nyelvtanul\u00e1s leghat\u00e9konyabb m\u00f3dja<\/p>\r\n    <a class=\"promotionalLink\" href=\"https:\/\/app.talkpal.ai\/hu\/signup?lng=\">Pr\u00f3b\u00e1lja ki a Talkpal ingyen<\/a>\r\n<\/section>\n<div class=\"wp-block-group pageContainerStyle\"><div class=\"wp-block-group__inner-container is-layout-constrained wp-block-group-is-layout-constrained\">\n<h2 class=\"wp-block-heading\" id=\"h-a-comprehensive-guide-to-azerbaijani-grammar\">\u00c1tfog\u00f3 \u00fatmutat\u00f3 az azerbajdzs\u00e1ni nyelvtanhoz<\/h2>\n\n\n\n<p>Gondolt\u00e1l m\u00e1r arra, hogy azerbajdzs\u00e1ni nyelvet tanulj? Azerbajdzs\u00e1n hivatalos nyelvek\u00e9nt \u00e9s a kauk\u00e1zusi r\u00e9gi\u00f3ban t\u00f6bb milli\u00f3 ember \u00e1ltal besz\u00e9lt azeri egyed\u00fcl\u00e1ll\u00f3 \u00e9s leny\u0171g\u00f6z\u0151 nyelv. Gazdag t\u00f6rt\u00e9nelm\u00e9vel, soksz\u00edn\u0171 kult\u00far\u00e1j\u00e1val \u00e9s a <a href=\"https:\/\/talkpal.ai\/learn-turkish\/\">t\u00f6r\u00f6k<\/a>, <a href=\"https:\/\/talkpal.ai\/learn-russian\/\">orosz<\/a> \u00e9s <a href=\"https:\/\/talkpal.ai\/learn-persian\/\">perzsa<\/a> nyelvek hat\u00e1sainak kever\u00e9k\u00e9vel az azerbajdzs\u00e1ni egyed\u00fcl\u00e1ll\u00f3 nyelvi \u00e9lm\u00e9nyt ny\u00fajt. De ne f\u00e9lj, bar\u00e1tom! Ebben a cikkben felt\u00e1rjuk az azerbajdzs\u00e1ni nyelvtan csod\u00e1it, el\u00e9rhet\u0151v\u00e9 \u00e9s merem mondani, \u00e9lvezetess\u00e9 t\u00e9ve azt az olyan <a href=\"https:\/\/talkpal.ai\/talkpal-discount-for-language-enthusiasts\/\">nyelvrajong\u00f3k<\/a> sz\u00e1m\u00e1ra, mint te.<\/p>\n\n\n\n<p><strong>Kezdj\u00fck el, rendben?<\/strong><\/p>\n\n\n\n<h3 class=\"wp-block-heading\" id=\"h-1-the-azerbaijani-alphabet-a-fusion-of-beauty-and-simplicity\">1. Az azerbajdzs\u00e1ni \u00e1b\u00e9c\u00e9: a sz\u00e9ps\u00e9g \u00e9s az egyszer\u0171s\u00e9g f\u00fazi\u00f3ja<\/h3>\n\n\n\n<p>Az azerbajdzs\u00e1ni \u00e1b\u00e9c\u00e9 a latin \u00edr\u00e1son alapul, amely 32 bet\u0171b\u0151l \u00e1ll. Ne agg\u00f3dj, nem kell rejt\u00e9lyes karaktereket megfejtened, mivel nagyon hasonl\u00edt az <a href=\"https:\/\/talkpal.ai\/locations\/language-courses-in-angol\/\">angol<\/a> \u00e1b\u00e9c\u00e9re. N\u00e9h\u00e1ny bet\u0171 azonban egyedi \u00e9kezetekkel \u00e9s diakritikus jelekkel rendelkezik, amelyek konkr\u00e9t azerbajdzs\u00e1ni hangokat k\u00e9pviselnek. Mi a legfontosabb tanuls\u00e1g? Az \u00e1b\u00e9c\u00e9 elsaj\u00e1t\u00edt\u00e1sa az els\u0151 kicsi, de elengedhetetlen l\u00e9p\u00e9s a nyelv tanul\u00e1s\u00e1ban.<\/p>\n\n\n\n<h3 class=\"wp-block-heading\" id=\"h-2-word-order-simple-as-s-o-v\">2. Sz\u00f3rend : Egyszer\u0171, mint S-O-V!<\/h3>\n\n\n\n<p>Az angolt\u00f3l elt\u00e9r\u0151en, amely alany-ige-objektum (SVO) sz\u00f3rend k\u00f6vetkezik, az azerbajdzs\u00e1ni SOV nyelv. Ez azt jelenti, hogy \u00e1ltal\u00e1ban a mondat elej\u00e9n tal\u00e1lja meg az alanyt, amelyet a t\u00e1rgy k\u00f6vet, \u00e9s az ig\u00e9vel v\u00e9gz\u0151dik. Ez els\u0151re tal\u00e1n kicsit furcs\u00e1nak t\u0171nhet, de higgye el, hamar belej\u00f6n a dologba! Angolul p\u00e9ld\u00e1ul azt mondjuk, hogy &#8222;I love Azerbaijan&#8221;. Azerbajdzs\u00e1ni nyelven a mondat \u00edgy hangzana: &#8222;M\u0259n Az\u0259rbaycan\u0131 sevir\u0259m&#8221; (sz\u00f3 szerint: &#8222;Azerbajdzs\u00e1n szeretem&#8221;). Szelet torta, igaz?<\/p>\n\n\n\n<h3 class=\"wp-block-heading\" id=\"h-3-noun-cases-a-colorful-display-of-linguistic-variety\">3. F\u0151n\u00e9vi esetek: a nyelvi v\u00e1ltozatoss\u00e1g sz\u00ednes megjelen\u00edt\u00e9se<\/h3>\n\n\n\n<p>Az azerbajdzs\u00e1ni nyelvtan egyik legszembet\u0171n\u0151bb jellemz\u0151je a f\u0151n\u00e9vi esetek. A nyelv hat k\u00fcl\u00f6nb\u00f6z\u0151 esettel b\u00fcszk\u00e9lkedhet, amelyek mindegyike meghat\u00e1rozott funkci\u00f3t t\u00f6lt be. Ezek a k\u00f6vetkez\u0151k: n\u00e9vel\u0151, birtokos, dat\u00edvusz, t\u00e1rgyeset, helyhat\u00e1roz\u00f3 \u00e9s ablat\u00edvusz. Nos, ez ijeszt\u0151en hangozhat, de ne f\u00e9lj! Csak\u00fagy, mint egy k\u00e9p k\u00fcl\u00f6nb\u00f6z\u0151 sz\u00ednekkel t\u00f6rt\u00e9n\u0151 fest\u00e9se, ezek az esetek m\u00e9lys\u00e9get \u00e9s jelent\u00e9st adnak a mondatoknak. P\u00e9ld\u00e1ul a &#8222;kitab&#8221; (k\u00f6nyv) \u00e1talakulhat &#8222;kitab\u0131n&#8221;-n\u00e9 (a k\u00f6nyvb\u0151l), hogy birtokl\u00e1st k\u00f6zvet\u00edtsen. Ahogy fokozatosan megismerkedsz ezekkel az esetekkel, elkezded majd \u00e9rt\u00e9kelni a nyelvben bet\u00f6lt\u00f6tt jelent\u0151s\u00e9g\u00fcket.<\/p>\n\n\n\n<h3 class=\"wp-block-heading\" id=\"h-4-verb-conjugation-express-yourself-with-ease\">4. Igeragoz\u00e1s: Fejezd ki magad k\u00f6nnyed\u00e9n<\/h3>\n\n\n\n<p>Az azerbajdzs\u00e1ni ig\u00e9k gazdagok \u00e9s kifejez\u0151ek, lehet\u0151v\u00e9 t\u00e9ve a cselekv\u00e9sek, \u00e9rzelmek, sz\u00e1nd\u00e9kok \u00e9s egyebek sz\u00e9les sk\u00e1l\u00e1j\u00e1nak k\u00f6zvet\u00edt\u00e9s\u00e9t. Az azerbajdzs\u00e1ni igeragoz\u00e1s elsaj\u00e1t\u00edt\u00e1s\u00e1nak kulcsa az infinit\u00edv forma (az ige alapvet\u0151, nem ragozott form\u00e1ja) \u00e9s a fesz\u00fclts\u00e9get, szem\u00e9lyt \u00e9s sz\u00e1mot jelz\u0151 k\u00fcl\u00f6nf\u00e9le ut\u00f3tagok meg\u00e9rt\u00e9s\u00e9ben rejlik. P\u00e9ld\u00e1ul a &#8222;g\u00f6rm\u0259k&#8221; (l\u00e1tni) f\u0151n\u00e9vi igen\u00e9vb\u0151l a k\u00f6t\u0151m\u00f3d var\u00e1zslata r\u00e9v\u00e9n &#8222;g\u00f6r\u00fcr\u0259m&#8221; (l\u00e1tom) vagy &#8222;g\u00f6rd\u00fcm&#8221; (l\u00e1ttam) lehet. Gyakorl\u00e1s teszi a mestert, \u00fagyhogy folytasd, \u00e9s pillanatok alatt igek\u00f6t\u0151-zseni leszel!<\/p>\n\n\n\n<h3 class=\"wp-block-heading\" id=\"h-5-it-s-all-about-the-context-dig-deep-into-the-azerbaijani-mindset\">5. Minden a kontextusr\u00f3l sz\u00f3l: \u00c1ss m\u00e9lyre az azerbajdzs\u00e1ni gondolkod\u00e1sm\u00f3dban!<\/h3>\n\n\n\n<p>Amikor elkezdi \u00f6sszerakni a mondatokat \u00e9s elmer\u00fcl az azerbajdzs\u00e1ni nyelvben, mindig tartsa szem el\u0151tt, hogy a kontextus d\u00f6nt\u0151 fontoss\u00e1g\u00fa. Az azerbajdzs\u00e1ni kult\u00fara, t\u00f6rt\u00e9nelem \u00e9s vil\u00e1gn\u00e9zet nagy szerepet j\u00e1tszik a nyelv alak\u00edt\u00e1s\u00e1ban. Ez\u00e9rt, ahogy mondani szokt\u00e1k, &#8222;ha R\u00f3m\u00e1ban vagy, tedd, amit a r\u00f3maiak tesznek&#8221;. Mer\u00fclj\u00f6n el az azerbajdzs\u00e1ni gondolkod\u00e1sm\u00f3dban, hogy val\u00f3di \u00e9rtelmet szerezzen a nyelvr\u0151l. L\u00e9pjen kapcsolatba az anyanyelvi besz\u00e9l\u0151kkel, fedezze fel a helyi irodalmat, \u00e9s fogadja el a nyelv saj\u00e1toss\u00e1gait. Hidd el, nemcsak a nyelvtud\u00e1sodat fejlesztheted, hanem felejthetetlen \u00e9lm\u00e9nyekkel \u00e9s eml\u00e9kekkel is gazdagodhatsz.<\/p>\n\n\n\n<p>\u00d6sszefoglalva, az azerbajdzs\u00e1ni nyelvtan els\u0151re kih\u00edv\u00e1snak t\u0171nhet, de elk\u00f6telezetts\u00e9ggel, gyakorl\u00e1ssal \u00e9s a kult\u00fara ir\u00e1nti lelkes \u00e9rdekl\u0151d\u00e9ssel pillanatok alatt profi nyelvtud\u00f3v\u00e1 v\u00e1lhatsz! Sz\u00f3val, mi\u00e9rt v\u00e1rjon? Ugorjon fejest \u00e9s v\u00e1gjon bele ebbe az izgalmas nyelvi kalandba, amely \u00e1mulatba ejti az azerbajdzs\u00e1ni nyelv sz\u00e9ps\u00e9g\u00e9t \u00e9s m\u00e9lys\u00e9g\u00e9t.<\/p>\n<\/div><\/div>\n\r\n<section class=\"learnNavigationSection\">\r\n            \r\n        <a href=\"https:\/\/talkpal.ai\/hu\/tanulj-azerbajdzsani-nyelven\/\">\r\n            <div class=\"learnNavigationWrapper\">\r\n                <div class=\"learnNavigationContent\">\r\n                    <img decoding=\"async\" src=\"https:\/\/talkpal.ai\/wp-content\/uploads\/2024\/08\/Azerbaijani.jpg\" alt=\"Azerbaijani Flag\">\r\n                    <div>\r\n                        <h4>Az azerbajdzs\u00e1ni tanul\u00e1sr\u00f3l<\/h4>\r\n                        <p>Tudjon meg mindent az azerbajdzs\u00e1ni nyelvtanr\u00f3l.<\/p>\r\n                    <\/div>\r\n                <\/div>\r\n            <\/div>\r\n        <\/a>\r\n\r\n        \r\n        <a href=\"https:\/\/talkpal.ai\/hu\/azerbajdzsani-nyelvtani-gyakorlatok\/\">\r\n            <div class=\"learnNavigationWrapper\">\r\n                <div class=\"learnNavigationContent\">\r\n                    <img decoding=\"async\" src=\"https:\/\/talkpal.ai\/wp-content\/uploads\/2024\/08\/Azerbaijani.jpg\" alt=\"Azerbaijani Flag\">\r\n                    <div>\r\n                        <h4>Azerbajdzs\u00e1ni nyelvtani gyakorlat<\/h4>\r\n                        <p>Gyakorolja az azerbajdzs\u00e1ni nyelvtant.<\/p>\r\n                    <\/div>\r\n                <\/div>\r\n            <\/div>\r\n        <\/a>\r\n\r\n        \r\n        <a href=\"https:\/\/talkpal.ai\/vocabulary_language\/azerbaijani\/\">\r\n            <div class=\"learnNavigationWrapper\">\r\n                <div class=\"learnNavigationContent\">\r\n                    <img decoding=\"async\" src=\"https:\/\/talkpal.ai\/wp-content\/uploads\/2024\/08\/Azerbaijani.jpg\" alt=\"Azerbaijani Flag\">\r\n                    <div>\r\n                        <h4>Azerbajdzs\u00e1ni sz\u00f3kincs<\/h4>\r\n                        <p>B\u0151v\u00edtse az azerbajdzs\u00e1ni sz\u00f3kincs\u00e9t.<\/p>\r\n                    <\/div>\r\n                <\/div>\r\n            <\/div>\r\n        <\/a>\r\n\r\n            <\/section>","protected":false},"excerpt":{"rendered":"<p>\u00c1tfog\u00f3 \u00fatmutat\u00f3 az azerbajdzs\u00e1ni nyelvtanhoz Gondolt\u00e1l m\u00e1r arra, hogy azerbajdzs\u00e1ni nyelvet tanulj? Azerbajdzs\u00e1n hivatalos nyelvek\u00e9nt \u00e9s a kauk\u00e1zusi r\u00e9gi\u00f3ban t\u00f6bb milli\u00f3 ember \u00e1ltal besz\u00e9lt azeri egyed\u00fcl\u00e1ll\u00f3 \u00e9s leny\u0171g\u00f6z\u0151 nyelv. Gazdag t\u00f6rt\u00e9nelm\u00e9vel, soksz\u00edn\u0171 kult\u00far\u00e1j\u00e1val \u00e9s a t\u00f6r\u00f6k, orosz \u00e9s perzsa nyelvek hat\u00e1sainak kever\u00e9k\u00e9vel az azerbajdzs\u00e1ni egyed\u00fcl\u00e1ll\u00f3 nyelvi \u00e9lm\u00e9nyt ny\u00fajt. De ne f\u00e9lj, bar\u00e1tom! Ebben a cikkben [&hellip;]<\/p>\n","protected":false},"author":1,"featured_media":109395,"parent":0,"menu_order":0,"comment_status":"closed","ping_status":"closed","template":"LearningContentPage.php","meta":{"_acf_changed":false,"footnotes":""},"class_list":["post-140094","page","type-page","status-publish","has-post-thumbnail","hentry"],"acf":[],"yoast_head":"<!-- This site is optimized with the Yoast SEO Premium plugin v27.2 (Yoast SEO v27.2) - https:\/\/yoast.com\/product\/yoast-seo-premium-wordpress\/ -->\n<title>Azerbajdzs\u00e1ni nyelvtan - Talkpal<\/title>\n<meta name=\"description\" content=\"Az azerbajdzs\u00e1ni nyelvtan elsaj\u00e1t\u00edt\u00e1sa k\u00f6nnyed\u00e9n a Talkpal, a mesters\u00e9ges intelligencia \u00e1ltal vez\u00e9relt oktat\u00f3val. Fedezze fel a k\u00f6nny\u0171 magyar\u00e1zatokat, interakt\u00edv gyakorlatokat \u00e9s gyakorlati tippeket.\" \/>\n<meta name=\"robots\" content=\"index, follow, max-snippet:-1, max-image-preview:large, max-video-preview:-1\" \/>\n<link rel=\"canonical\" href=\"https:\/\/talkpal.ai\/hu\/azerbajdzsani-nyelvtan\/\" \/>\n<meta property=\"og:locale\" content=\"hu_HU\" \/>\n<meta property=\"og:type\" content=\"article\" \/>\n<meta property=\"og:title\" content=\"Azerbajdzs\u00e1ni nyelvtan\" \/>\n<meta property=\"og:description\" content=\"\u00c1tfog\u00f3 \u00fatmutat\u00f3 az azerbajdzs\u00e1ni nyelvtanhoz Gondolt\u00e1l m\u00e1r arra, hogy azerbajdzs\u00e1ni nyelvet tanulj? Azerbajdzs\u00e1n hivatalos nyelvek\u00e9nt \u00e9s a kauk\u00e1zusi\" \/>\n<meta property=\"og:url\" content=\"https:\/\/talkpal.ai\/hu\/azerbajdzsani-nyelvtan\/\" \/>\n<meta property=\"og:site_name\" content=\"Talkpal\" \/>\n<meta property=\"article:publisher\" content=\"https:\/\/www.facebook.com\/profile.php?id=100090733639311\" \/>\n<meta property=\"article:modified_time\" content=\"2025-05-22T08:24:19+00:00\" \/>\n<meta property=\"og:image\" content=\"https:\/\/talkpal.ai\/wp-content\/uploads\/2023\/05\/azerbaijan.png\" \/>\n\t<meta property=\"og:image:width\" content=\"512\" \/>\n\t<meta property=\"og:image:height\" content=\"512\" \/>\n\t<meta property=\"og:image:type\" content=\"image\/png\" \/>\n<meta name=\"twitter:card\" content=\"summary_large_image\" \/>\n<meta name=\"twitter:site\" content=\"@talkpalai\" \/>\n<meta name=\"twitter:label1\" content=\"Becs\u00fclt olvas\u00e1si id\u0151\" \/>\n\t<meta name=\"twitter:data1\" content=\"4 perc\" \/>\n<script type=\"application\/ld+json\" class=\"yoast-schema-graph\">{\"@context\":\"https:\/\/schema.org\",\"@graph\":[{\"@type\":\"WebPage\",\"@id\":\"https:\/\/talkpal.ai\/hu\/azerbajdzsani-nyelvtan\/\",\"url\":\"https:\/\/talkpal.ai\/hu\/azerbajdzsani-nyelvtan\/\",\"name\":\"Azerbajdzs\u00e1ni nyelvtan - Talkpal\",\"isPartOf\":{\"@id\":\"https:\/\/talkpal.ai\/hu\/#website\"},\"primaryImageOfPage\":{\"@id\":\"https:\/\/talkpal.ai\/hu\/azerbajdzsani-nyelvtan\/#primaryimage\"},\"image\":{\"@id\":\"https:\/\/talkpal.ai\/hu\/azerbajdzsani-nyelvtan\/#primaryimage\"},\"thumbnailUrl\":\"https:\/\/talkpal.ai\/wp-content\/uploads\/2023\/05\/azerbaijan.png\",\"datePublished\":\"2023-05-14T13:53:48+00:00\",\"dateModified\":\"2025-05-22T08:24:19+00:00\",\"description\":\"Az azerbajdzs\u00e1ni nyelvtan elsaj\u00e1t\u00edt\u00e1sa k\u00f6nnyed\u00e9n a Talkpal, a mesters\u00e9ges intelligencia \u00e1ltal vez\u00e9relt oktat\u00f3val. Fedezze fel a k\u00f6nny\u0171 magyar\u00e1zatokat, interakt\u00edv gyakorlatokat \u00e9s gyakorlati tippeket.\",\"breadcrumb\":{\"@id\":\"https:\/\/talkpal.ai\/hu\/azerbajdzsani-nyelvtan\/#breadcrumb\"},\"inLanguage\":\"hu\",\"potentialAction\":[{\"@type\":\"ReadAction\",\"target\":[\"https:\/\/talkpal.ai\/hu\/azerbajdzsani-nyelvtan\/\"]}]},{\"@type\":\"ImageObject\",\"inLanguage\":\"hu\",\"@id\":\"https:\/\/talkpal.ai\/hu\/azerbajdzsani-nyelvtan\/#primaryimage\",\"url\":\"https:\/\/talkpal.ai\/wp-content\/uploads\/2023\/05\/azerbaijan.png\",\"contentUrl\":\"https:\/\/talkpal.ai\/wp-content\/uploads\/2023\/05\/azerbaijan.png\",\"width\":512,\"height\":512},{\"@type\":\"BreadcrumbList\",\"@id\":\"https:\/\/talkpal.ai\/hu\/azerbajdzsani-nyelvtan\/#breadcrumb\",\"itemListElement\":[{\"@type\":\"ListItem\",\"position\":1,\"name\":\"Homepage\",\"item\":\"https:\/\/talkpal.ai\/hu\/\"},{\"@type\":\"ListItem\",\"position\":2,\"name\":\"Azerbajdzs\u00e1ni nyelvtan\"}]},{\"@type\":\"WebSite\",\"@id\":\"https:\/\/talkpal.ai\/hu\/#website\",\"url\":\"https:\/\/talkpal.ai\/hu\/\",\"name\":\"Talkpal\",\"description\":\"AI Language Learning\",\"publisher\":{\"@id\":\"https:\/\/talkpal.ai\/hu\/#organization\"},\"alternateName\":\"Talkpal AI\",\"potentialAction\":[{\"@type\":\"SearchAction\",\"target\":{\"@type\":\"EntryPoint\",\"urlTemplate\":\"https:\/\/talkpal.ai\/hu\/?s={search_term_string}\"},\"query-input\":{\"@type\":\"PropertyValueSpecification\",\"valueRequired\":true,\"valueName\":\"search_term_string\"}}],\"inLanguage\":\"hu\"},{\"@type\":\"Organization\",\"@id\":\"https:\/\/talkpal.ai\/hu\/#organization\",\"name\":\"Talkpal, Inc.\",\"alternateName\":\"Talkpal AI\",\"url\":\"https:\/\/talkpal.ai\/hu\/\",\"logo\":{\"@type\":\"ImageObject\",\"inLanguage\":\"hu\",\"@id\":\"https:\/\/talkpal.ai\/hu\/#\/schema\/logo\/image\/\",\"url\":\"https:\/\/talkpal.ai\/wp-content\/uploads\/2024\/03\/Talkpal-Logo-Icon.png\",\"contentUrl\":\"https:\/\/talkpal.ai\/wp-content\/uploads\/2024\/03\/Talkpal-Logo-Icon.png\",\"width\":2880,\"height\":2880,\"caption\":\"Talkpal, Inc.\"},\"image\":{\"@id\":\"https:\/\/talkpal.ai\/hu\/#\/schema\/logo\/image\/\"},\"sameAs\":[\"https:\/\/www.facebook.com\/profile.php?id=100090733639311\",\"https:\/\/x.com\/talkpalai\",\"https:\/\/www.linkedin.com\/company\/talkpal\/\",\"https:\/\/www.youtube.com\/@TalkPal\/\",\"https:\/\/www.tiktok.com\/@talkpal\",\"https:\/\/www.instagram.com\/talkpal_ai\/\",\"https:\/\/www.crunchbase.com\/organization\/talkpal-9cde\",\"https:\/\/www.g2.com\/products\/talkpal-for-business\/\",\"https:\/\/www.trustpilot.com\/review\/talkpal.ai\",\"https:\/\/www.capterra.com\/p\/10006800\/TalkPal\/\"],\"description\":\"Talkpal is a language learning web and mobile education app, powered by the latest AI technologies, that provides engaging experiences to its customers in many different languages to help them improve their language skills. Users can chat about unlimited amount of topics with the app and use other modes to practice their language learning.\",\"email\":\"support@talkpal.ai\",\"legalName\":\"Talkpal, Inc.\",\"foundingDate\":\"2023-04-03\",\"duns\":\"118989042\",\"numberOfEmployees\":{\"@type\":\"QuantitativeValue\",\"minValue\":\"11\",\"maxValue\":\"50\"},\"publishingPrinciples\":\"https:\/\/talkpal.ai\/publishing-principles\/\",\"actionableFeedbackPolicy\":\"https:\/\/talkpal.ai\/actionable-feedback-policy\/\",\"correctionsPolicy\":\"https:\/\/talkpal.ai\/corrections-policy\/\",\"ethicsPolicy\":\"https:\/\/talkpal.ai\/ethics-policy\/\",\"diversityPolicy\":\"https:\/\/talkpal.ai\/diversity-policy\/\",\"diversityStaffingReport\":\"https:\/\/talkpal.ai\/diversity-policy\/\"}]}<\/script>\n<!-- \/ Yoast SEO Premium plugin. -->","yoast_head_json":{"title":"Azerbajdzs\u00e1ni nyelvtan - Talkpal","description":"Az azerbajdzs\u00e1ni nyelvtan elsaj\u00e1t\u00edt\u00e1sa k\u00f6nnyed\u00e9n a Talkpal, a mesters\u00e9ges intelligencia \u00e1ltal vez\u00e9relt oktat\u00f3val. Fedezze fel a k\u00f6nny\u0171 magyar\u00e1zatokat, interakt\u00edv gyakorlatokat \u00e9s gyakorlati tippeket.","robots":{"index":"index","follow":"follow","max-snippet":"max-snippet:-1","max-image-preview":"max-image-preview:large","max-video-preview":"max-video-preview:-1"},"canonical":"https:\/\/talkpal.ai\/hu\/azerbajdzsani-nyelvtan\/","og_locale":"hu_HU","og_type":"article","og_title":"Azerbajdzs\u00e1ni nyelvtan","og_description":"\u00c1tfog\u00f3 \u00fatmutat\u00f3 az azerbajdzs\u00e1ni nyelvtanhoz Gondolt\u00e1l m\u00e1r arra, hogy azerbajdzs\u00e1ni nyelvet tanulj? Azerbajdzs\u00e1n hivatalos nyelvek\u00e9nt \u00e9s a kauk\u00e1zusi","og_url":"https:\/\/talkpal.ai\/hu\/azerbajdzsani-nyelvtan\/","og_site_name":"Talkpal","article_publisher":"https:\/\/www.facebook.com\/profile.php?id=100090733639311","article_modified_time":"2025-05-22T08:24:19+00:00","og_image":[{"width":512,"height":512,"url":"https:\/\/talkpal.ai\/wp-content\/uploads\/2023\/05\/azerbaijan.png","type":"image\/png"}],"twitter_card":"summary_large_image","twitter_site":"@talkpalai","twitter_misc":{"Becs\u00fclt olvas\u00e1si id\u0151":"4 perc"},"schema":{"@context":"https:\/\/schema.org","@graph":[{"@type":"WebPage","@id":"https:\/\/talkpal.ai\/hu\/azerbajdzsani-nyelvtan\/","url":"https:\/\/talkpal.ai\/hu\/azerbajdzsani-nyelvtan\/","name":"Azerbajdzs\u00e1ni nyelvtan - Talkpal","isPartOf":{"@id":"https:\/\/talkpal.ai\/hu\/#website"},"primaryImageOfPage":{"@id":"https:\/\/talkpal.ai\/hu\/azerbajdzsani-nyelvtan\/#primaryimage"},"image":{"@id":"https:\/\/talkpal.ai\/hu\/azerbajdzsani-nyelvtan\/#primaryimage"},"thumbnailUrl":"https:\/\/talkpal.ai\/wp-content\/uploads\/2023\/05\/azerbaijan.png","datePublished":"2023-05-14T13:53:48+00:00","dateModified":"2025-05-22T08:24:19+00:00","description":"Az azerbajdzs\u00e1ni nyelvtan elsaj\u00e1t\u00edt\u00e1sa k\u00f6nnyed\u00e9n a Talkpal, a mesters\u00e9ges intelligencia \u00e1ltal vez\u00e9relt oktat\u00f3val. Fedezze fel a k\u00f6nny\u0171 magyar\u00e1zatokat, interakt\u00edv gyakorlatokat \u00e9s gyakorlati tippeket.","breadcrumb":{"@id":"https:\/\/talkpal.ai\/hu\/azerbajdzsani-nyelvtan\/#breadcrumb"},"inLanguage":"hu","potentialAction":[{"@type":"ReadAction","target":["https:\/\/talkpal.ai\/hu\/azerbajdzsani-nyelvtan\/"]}]},{"@type":"ImageObject","inLanguage":"hu","@id":"https:\/\/talkpal.ai\/hu\/azerbajdzsani-nyelvtan\/#primaryimage","url":"https:\/\/talkpal.ai\/wp-content\/uploads\/2023\/05\/azerbaijan.png","contentUrl":"https:\/\/talkpal.ai\/wp-content\/uploads\/2023\/05\/azerbaijan.png","width":512,"height":512},{"@type":"BreadcrumbList","@id":"https:\/\/talkpal.ai\/hu\/azerbajdzsani-nyelvtan\/#breadcrumb","itemListElement":[{"@type":"ListItem","position":1,"name":"Homepage","item":"https:\/\/talkpal.ai\/hu\/"},{"@type":"ListItem","position":2,"name":"Azerbajdzs\u00e1ni nyelvtan"}]},{"@type":"WebSite","@id":"https:\/\/talkpal.ai\/hu\/#website","url":"https:\/\/talkpal.ai\/hu\/","name":"Talkpal","description":"AI Language Learning","publisher":{"@id":"https:\/\/talkpal.ai\/hu\/#organization"},"alternateName":"Talkpal AI","potentialAction":[{"@type":"SearchAction","target":{"@type":"EntryPoint","urlTemplate":"https:\/\/talkpal.ai\/hu\/?s={search_term_string}"},"query-input":{"@type":"PropertyValueSpecification","valueRequired":true,"valueName":"search_term_string"}}],"inLanguage":"hu"},{"@type":"Organization","@id":"https:\/\/talkpal.ai\/hu\/#organization","name":"Talkpal, Inc.","alternateName":"Talkpal AI","url":"https:\/\/talkpal.ai\/hu\/","logo":{"@type":"ImageObject","inLanguage":"hu","@id":"https:\/\/talkpal.ai\/hu\/#\/schema\/logo\/image\/","url":"https:\/\/talkpal.ai\/wp-content\/uploads\/2024\/03\/Talkpal-Logo-Icon.png","contentUrl":"https:\/\/talkpal.ai\/wp-content\/uploads\/2024\/03\/Talkpal-Logo-Icon.png","width":2880,"height":2880,"caption":"Talkpal, Inc."},"image":{"@id":"https:\/\/talkpal.ai\/hu\/#\/schema\/logo\/image\/"},"sameAs":["https:\/\/www.facebook.com\/profile.php?id=100090733639311","https:\/\/x.com\/talkpalai","https:\/\/www.linkedin.com\/company\/talkpal\/","https:\/\/www.youtube.com\/@TalkPal\/","https:\/\/www.tiktok.com\/@talkpal","https:\/\/www.instagram.com\/talkpal_ai\/","https:\/\/www.crunchbase.com\/organization\/talkpal-9cde","https:\/\/www.g2.com\/products\/talkpal-for-business\/","https:\/\/www.trustpilot.com\/review\/talkpal.ai","https:\/\/www.capterra.com\/p\/10006800\/TalkPal\/"],"description":"Talkpal is a language learning web and mobile education app, powered by the latest AI technologies, that provides engaging experiences to its customers in many different languages to help them improve their language skills. Users can chat about unlimited amount of topics with the app and use other modes to practice their language learning.","email":"support@talkpal.ai","legalName":"Talkpal, Inc.","foundingDate":"2023-04-03","duns":"118989042","numberOfEmployees":{"@type":"QuantitativeValue","minValue":"11","maxValue":"50"},"publishingPrinciples":"https:\/\/talkpal.ai\/publishing-principles\/","actionableFeedbackPolicy":"https:\/\/talkpal.ai\/actionable-feedback-policy\/","correctionsPolicy":"https:\/\/talkpal.ai\/corrections-policy\/","ethicsPolicy":"https:\/\/talkpal.ai\/ethics-policy\/","diversityPolicy":"https:\/\/talkpal.ai\/diversity-policy\/","diversityStaffingReport":"https:\/\/talkpal.ai\/diversity-policy\/"}]}},"_links":{"self":[{"href":"https:\/\/talkpal.ai\/hu\/wp-json\/wp\/v2\/pages\/140094","targetHints":{"allow":["GET"]}}],"collection":[{"href":"https:\/\/talkpal.ai\/hu\/wp-json\/wp\/v2\/pages"}],"about":[{"href":"https:\/\/talkpal.ai\/hu\/wp-json\/wp\/v2\/types\/page"}],"author":[{"embeddable":true,"href":"https:\/\/talkpal.ai\/hu\/wp-json\/wp\/v2\/users\/1"}],"replies":[{"embeddable":true,"href":"https:\/\/talkpal.ai\/hu\/wp-json\/wp\/v2\/comments?post=140094"}],"version-history":[{"count":0,"href":"https:\/\/talkpal.ai\/hu\/wp-json\/wp\/v2\/pages\/140094\/revisions"}],"wp:featuredmedia":[{"embeddable":true,"href":"https:\/\/talkpal.ai\/hu\/wp-json\/wp\/v2\/media\/109395"}],"wp:attachment":[{"href":"https:\/\/talkpal.ai\/hu\/wp-json\/wp\/v2\/media?parent=140094"}],"curies":[{"name":"wp","href":"https:\/\/api.w.org\/{rel}","templated":true}]}}