{"id":139825,"date":"2023-05-14T13:52:49","date_gmt":"2023-05-14T13:52:49","guid":{"rendered":"http:\/\/talkpal.ai\/orosz-nyelvtan\/"},"modified":"2025-12-13T15:17:26","modified_gmt":"2025-12-13T15:17:26","slug":"orosz-nyelvtan","status":"publish","type":"page","link":"https:\/\/talkpal.ai\/hu\/orosz-nyelvtan\/","title":{"rendered":"Orosz nyelvtan"},"content":{"rendered":"\r\n\r\n\r\n<section class=\"languageChallengeSection\">\r\n    <div class=\"languageInfoWrapper\">\r\n        \r\n        <h1>Orosz nyelvtan<\/h1>\r\n        <p>Kezdje el az <a href=\"https:\/\/talkpal.ai\/learn-russian\/\">orosz<\/a> nyelvvel val\u00f3 kalandoz\u00e1s\u00e1t, \u00e9s nyissa meg az ajt\u00f3kat egy gazdag kult\u00fara \u00e9s t\u00f6rt\u00e9nelem fel\u00e9. Az <a href=\"https:\/\/talkpal.ai\/russian-grammar\/\">orosz nyelvtan<\/a> \u00e9s sz\u00f3kincs elsaj\u00e1t\u00edt\u00e1sa jav\u00edtja az utaz\u00e1si, karrier- \u00e9s kommunik\u00e1ci\u00f3s lehet\u0151s\u00e9geket. Kezdjen el oroszul tanulni m\u00e9g ma, \u00e9s tegye meg az els\u0151 l\u00e9p\u00e9st a foly\u00e9kony nyelvtud\u00e1s fel\u00e9!\n\n<\/p>\r\n\r\n                            <a class=\"getStartedHidden\" href=\"https:\/\/app.talkpal.ai\/hu\/signup?lng=\">Kezdj\u00fck<\/a>\r\n        \r\n    <\/div>\r\n\r\n    <figure>\r\n    <img decoding=\"async\" width=\"768\" height=\"768\" src=\"https:\/\/talkpal.ai\/wp-content\/uploads\/2023\/06\/russian-768x768.png\" class=\"languageImage no-lazy\" alt=\"Language learning for multicultural understanding\" fetchpriority=\"high\" sizes=\"(max-width: 768px) 150px, 768px\" srcset=\"https:\/\/talkpal.ai\/wp-content\/uploads\/2023\/06\/russian-768x768.png 768w, https:\/\/talkpal.ai\/wp-content\/uploads\/2023\/06\/russian-300x300.png 300w\" \/>\r\n    \r\n\r\n    <\/figure>\r\n\r\n            <a class=\"getStartedVisible\" href=\"https:\/\/app.talkpal.ai\/hu\/signup?lng=\">Kezdj\u00fck<\/a>\r\n    \r\n<\/section>\r\n<section class=\"promotionalBanner\">\r\n    <p class=\"promotionalText\">A nyelvtanul\u00e1s leghat\u00e9konyabb m\u00f3dja<\/p>\r\n    <a class=\"promotionalLink\" href=\"https:\/\/app.talkpal.ai\/hu\/signup?lng=\">Pr\u00f3b\u00e1lja ki a Talkpal ingyen<\/a>\r\n<\/section>\n<div class=\"wp-block-group pageContainerStyle\"><div class=\"wp-block-group__inner-container is-layout-constrained wp-block-group-is-layout-constrained\">\n<h1 class=\"wp-block-heading\" id=\"h-russian-grammar-unlock-the-secrets-to-mastering-russian\">Orosz nyelvtan: Nyissa ki az orosz nyelv elsaj\u00e1t\u00edt\u00e1s\u00e1nak titkait<\/h1>\n\n\n\n<p>Gratul\u00e1lunk, hogy megtette a mer\u00e9sz l\u00e9p\u00e9st az orosz nyelv tanul\u00e1sa fel\u00e9! A vil\u00e1gszerte t\u00f6bb mint 258 milli\u00f3 besz\u00e9l\u0151vel rendelkez\u0151 orosz egy leny\u0171g\u00f6z\u0151 \u00e9s kifizet\u0151d\u0151 nyelv, amely betekint\u00e9st ny\u00fajt a gazdag kult\u00far\u00e1ba \u00e9s t\u00f6rt\u00e9nelembe. <a href=\"https:\/\/talkpal.ai\/locations\/language-courses-in-ami\/\">Ami<\/a> az orosz nyelvtant illeti, megf\u00e9leml\u00edt\u0151nek t\u0171nhet, de ne f\u00e9lj! Ez a bar\u00e1ts\u00e1gos, kezd\u0151knek sz\u00f3l\u00f3 k\u00e9zik\u00f6nyv az <a href=\"https:\/\/talkpal.ai\/russian-grammar\/\">orosz nyelvtan<\/a> alapjait ismerteti egyszer\u0171en \u00e9s mag\u00e1val ragad\u00f3an.<\/p>\n\n\n\n<h3 class=\"wp-block-heading\" id=\"h-1-the-russian-alphabet-your-starting-point\">1. Az orosz \u00e1b\u00e9c\u00e9: a kiindul\u00f3pont<\/h3>\n\n\n\n<p>Az orosz <a href=\"https:\/\/talkpal.ai\/grammar\/\">nyelvtan<\/a> navig\u00e1l\u00e1s\u00e1nak kulcsa a cirill \u00e1b\u00e9c\u00e9 elsaj\u00e1t\u00edt\u00e1sa. 33 bet\u0171vel, 10 mag\u00e1nhangz\u00f3val \u00e9s 21 m\u00e1ssalhangz\u00f3val k\u00e9pezi az olvas\u00e1s, \u00edr\u00e1s \u00e9s a nyelv meg\u00e9rt\u00e9s\u00e9nek alapj\u00e1t. Az \u00e1b\u00e9c\u00e9 megismer\u00e9se szil\u00e1rd alapot teremt az orosz nyelvtani k\u00e9szs\u00e9gek fel\u00e9p\u00edt\u00e9s\u00e9hez.<\/p>\n\n\n\n<h3 class=\"wp-block-heading\" id=\"h-2-nouns-and-cases-the-core-of-russian-grammar\">2. F\u0151nevek \u00e9s esetek: az orosz nyelvtan magja<\/h3>\n\n\n\n<p>Az orosz nyelvtan hangs\u00falyozza az esetek haszn\u00e1lat\u00e1t a jelent\u00e9s \u00e9s a kontextus k\u00f6zvet\u00edt\u00e9s\u00e9re. Hat esetben \u2013 n\u00e9vel\u0151, birtokos, dat\u00edvusz, t\u00e1rgyeset, instrument\u00e1lis \u00e9s prepoz\u00edci\u00f3s \u2013 az orosz f\u0151nevek megv\u00e1ltoztatj\u00e1k v\u00e9gz\u0151d\u00e9s\u00fcket, hogy megmutass\u00e1k funkci\u00f3jukat egy mondatban. Ez\u00e9rt a sz\u00f3rend kev\u00e9sb\u00e9 kritikus, mint az angolban. P\u00e9ld\u00e1ul:<\/p>\n\n\n\n<p><a href=\"https:\/\/talkpal.ai\/locations\/language-courses-in-angol\/\">Angol<\/a>: Adok egy k\u00f6nyvet egy bar\u00e1tomnak.<\/p>\n\n\n\n<p>Orosz: \u042f \u0434\u0430\u044e \u0434\u0440\u0443\u0433\u0443 \u043a\u043d\u0438\u0433\u0443 (Ya dayu drugu knigu)<\/p>\n\n\n\n<p>Itt a &#8222;\u0434\u0440\u0443\u0433\u0443&#8221; (egy bar\u00e1tnak) \u00e9s a &#8222;\u043a\u043d\u0438\u0433\u0443&#8221; (k\u00f6nyv) dativusban, illetve akkusativusban \u00e1ll.<\/p>\n\n\n\n<h3 class=\"wp-block-heading\" id=\"h-3-mastering-gender-and-plurals\">3. A nemek \u00e9s a t\u00f6bbes sz\u00e1m elsaj\u00e1t\u00edt\u00e1sa<\/h3>\n\n\n\n<p>Az orosz nyelvtanban a f\u0151neveket h\u00e1rom nem egyik\u00e9hez rendelik: f\u00e9rfias, n\u0151ies vagy ivartalan\u00edtott. A f\u0151n\u00e9v v\u00e9ge \u00e1ltal\u00e1ban a nem\u00e9t jelzi:<\/p>\n\n\n\n<p>&#8211; F\u00e9rfias: m\u00e1ssalhangz\u00f3ra vagy &#8222;-\u0439&#8221;-re v\u00e9gz\u0151dik.<\/p>\n\n\n\n<p>&#8211; N\u0151nem\u0171: &#8222;-\u0430&#8221; vagy &#8222;-\u044f&#8221; v\u00e9gz\u0151d\u00e9s\u0171.<\/p>\n\n\n\n<p>&#8211; Neutrum: &#8222;-\u043e&#8221; vagy &#8222;-\u0435&#8221; v\u00e9gz\u0151d\u00e9s\u0171.<\/p>\n\n\n\n<p>A t\u00f6bbes sz\u00e1m kialak\u00edt\u00e1s\u00e1hoz a f\u0151nevek v\u00e9gz\u0151d\u00e9se a nem\u00fck \u00e9s az eset alapj\u00e1n v\u00e1ltozik.<\/p>\n\n\n\n<h3 class=\"wp-block-heading\" id=\"h-4-conquer-verb-conjugation\">4. H\u00f3d\u00edtsa meg az igeragoz\u00e1st<\/h3>\n\n\n\n<p>Mint sok nyelv, az orosz ig\u00e9k megv\u00e1ltoztatj\u00e1k a form\u00e1t (konjug\u00e1ci\u00f3t) a fesz\u00fclts\u00e9g, a szem\u00e9ly \u00e9s a sz\u00e1m alapj\u00e1n. Az orosz ig\u00e9k k\u00e9t szempontb\u00f3l is vannak: perfekt\u00edv \u00e9s t\u00f6k\u00e9letlen. A perfekt\u00edv aspektus befejezett cselekv\u00e9st jelez, m\u00edg a t\u00f6k\u00e9letlen aspektus folyamatos vagy szok\u00e1sos cselekedetekre utal.<\/p>\n\n\n\n<p>El\u0151sz\u00f6r \u00f6sszpontos\u00edtson az imperfect\u00edv ig\u00e9k jelen idej\u0171 konjug\u00e1ci\u00f3j\u00e1nak meg\u00e9rt\u00e9s\u00e9re \u00e9s a m\u00falt fesz\u00fclts\u00e9gre mindk\u00e9t szempontb\u00f3l. P\u00e9ld\u00e1ul:<\/p>\n\n\n\n<p>Jelen id\u0151 (Imperfekt\u00edv): \u042f \u0447\u0438\u0442\u0430\u044e (Ya chitayu) &#8211; &#8222;olvasok&#8221; vagy &#8222;olvasok&#8221;.<\/p>\n\n\n\n<p>M\u00falt id\u0151 (Imperfekt\u00edv): \u042f \u0447\u0438\u0442\u0430\u043b (Ya chital) &#8211; &#8222;Olvastam&#8221;<\/p>\n\n\n\n<p>M\u00falt id\u0151 (Perfekt\u00edv): (Ya prochital) &#8211; &#8222;Elolvastam&#8221; vagy &#8222;Elolvastam (\u00e9s befejeztem)&#8221;.<\/p>\n\n\n\n<h3 class=\"wp-block-heading\" id=\"h-5-embrace-russian-pronouns\">5. \u00d6lelje \u00e1t az orosz n\u00e9vm\u00e1sokat<\/h3>\n\n\n\n<p>Az orosz nyelvtan n\u00e9vm\u00e1sai helyettes\u00edtik a f\u0151neveket, \u00e9s d\u00f6nt\u0151 fontoss\u00e1g\u00faak a foly\u00e9kony besz\u00e9d szempontj\u00e1b\u00f3l. Mer\u00fclj\u00f6n el a szem\u00e9lyes \u00e9s birtokos n\u00e9vm\u00e1sok tanul\u00e1s\u00e1ban, p\u00e9ld\u00e1ul:<\/p>\n\n\n\n<p>Szem\u00e9lyes n\u00e9vm\u00e1sok: \u044f (I), \u0442\u044b (te, inform\u00e1lis), \u043e\u043d\/\u043e\u043d\u0430\/\u043e\u043d\u043e (\u0151\/\u0151\/az), \u0432\u044b (te, form\u00e1lis vagy t\u00f6bbes sz\u00e1m), \u043c\u044b (mi), \u043e\u043d\u0438 (\u0151k)<\/p>\n\n\n\n<p>Birtokos n\u00e9vm\u00e1sok: \u043c\u043e\u0439\/\u043c\u043e\u044f\/\u043c\u043e\u0451 (\u00e9n), \u0442\u0432\u043e\u0439\/\u0442\u0432\u043e\u044f\/\u0442\u0432\u043e\u0451 (ur, inform\u00e1lis), \u0435\u0433\u043e\/\u0435\u0451\/\u0438\u0445 (\u0151\/\u0151), \u0432\u0430\u0448\/\u0432\u0430\u0448\u0430\/\u0432\u0430\u0448\u0435 (ur, form\u00e1lis vagy t\u00f6bbes sz\u00e1m), \u043d\u0430\u0448\/\u043d\u0430\u0448\u0430\/\u043d\u0430\u0448\u0435 (mi\u00e9nk)<\/p>\n\n\n\n<p>Ne feledje, hogy az orosz n\u00e9vm\u00e1soknak meg kell egyezni\u00fck az \u00e1ltaluk helyettes\u00edtett f\u0151n\u00e9v nem\u00e9vel \u00e9s eset\u00e9vel.<\/p>\n\n\n\n<p>Gratul\u00e1lok! Megtetted az els\u0151 l\u00e9p\u00e9seket az orosz nyelvtan fort\u00e9lyainak elsaj\u00e1t\u00edt\u00e1sa fel\u00e9. Ne feledje, hogy a gyakorl\u00e1s kulcsfontoss\u00e1g\u00fa, ez\u00e9rt m\u00e9lyebben \u00e1ssa el mag\u00e1t a nyelvben, vegye fel a kapcsolatot az anyanyelvi besz\u00e9l\u0151kkel, \u00e9s er\u0151s\u00edtse meg tanul\u00e1si alapjait. \u0423\u0434\u0430\u0447\u0438! (Sok szerencs\u00e9t!)<\/p>\n<\/div><\/div>\n\r\n<section class=\"learnNavigationSection\">\r\n            \r\n        <a href=\"https:\/\/talkpal.ai\/hu\/tanulj-oroszul\/\">\r\n            <div class=\"learnNavigationWrapper\">\r\n                <div class=\"learnNavigationContent\">\r\n                    <img decoding=\"async\" src=\"https:\/\/talkpal.ai\/wp-content\/uploads\/2024\/08\/Russian.jpg\" alt=\"Russian Flag\">\r\n                    <div>\r\n                        <h4>Az orosz nyelvtanul\u00e1sr\u00f3l<\/h4>\r\n                        <p>Tudjon meg mindent az orosz nyelvtanr\u00f3l.<\/p>\r\n                    <\/div>\r\n                <\/div>\r\n            <\/div>\r\n        <\/a>\r\n\r\n        \r\n        <a href=\"https:\/\/talkpal.ai\/hu\/orosz-nyelvtani-gyakorlatok\/\">\r\n            <div class=\"learnNavigationWrapper\">\r\n                <div class=\"learnNavigationContent\">\r\n                    <img decoding=\"async\" src=\"https:\/\/talkpal.ai\/wp-content\/uploads\/2024\/08\/Russian.jpg\" alt=\"Russian Flag\">\r\n                    <div>\r\n                        <h4>Orosz nyelvtani gyakorlat<\/h4>\r\n                        <p>Gyakorolja az orosz nyelvtant.<\/p>\r\n                    <\/div>\r\n                <\/div>\r\n            <\/div>\r\n        <\/a>\r\n\r\n        \r\n        <a href=\"https:\/\/talkpal.ai\/vocabulary_language\/russian\/\">\r\n            <div class=\"learnNavigationWrapper\">\r\n                <div class=\"learnNavigationContent\">\r\n                    <img decoding=\"async\" src=\"https:\/\/talkpal.ai\/wp-content\/uploads\/2024\/08\/Russian.jpg\" alt=\"Russian Flag\">\r\n                    <div>\r\n                        <h4>Orosz sz\u00f3kincs<\/h4>\r\n                        <p>B\u0151v\u00edtse orosz sz\u00f3kincs\u00e9t.<\/p>\r\n                    <\/div>\r\n                <\/div>\r\n            <\/div>\r\n        <\/a>\r\n\r\n            <\/section>","protected":false},"excerpt":{"rendered":"<p>Orosz nyelvtan: Nyissa ki az orosz nyelv elsaj\u00e1t\u00edt\u00e1s\u00e1nak titkait Gratul\u00e1lunk, hogy megtette a mer\u00e9sz l\u00e9p\u00e9st az orosz nyelv tanul\u00e1sa fel\u00e9! A vil\u00e1gszerte t\u00f6bb mint 258 milli\u00f3 besz\u00e9l\u0151vel rendelkez\u0151 orosz egy leny\u0171g\u00f6z\u0151 \u00e9s kifizet\u0151d\u0151 nyelv, amely betekint\u00e9st ny\u00fajt a gazdag kult\u00far\u00e1ba \u00e9s t\u00f6rt\u00e9nelembe. Ami az orosz nyelvtant illeti, megf\u00e9leml\u00edt\u0151nek t\u0171nhet, de ne f\u00e9lj! Ez a bar\u00e1ts\u00e1gos, [&hellip;]<\/p>\n","protected":false},"author":1,"featured_media":108039,"parent":0,"menu_order":0,"comment_status":"closed","ping_status":"closed","template":"LearningContentPage.php","meta":{"_acf_changed":false,"footnotes":""},"class_list":["post-139825","page","type-page","status-publish","has-post-thumbnail","hentry"],"acf":[],"yoast_head":"<!-- This site is optimized with the Yoast SEO Premium plugin v27.2 (Yoast SEO v27.2) - https:\/\/yoast.com\/product\/yoast-seo-premium-wordpress\/ -->\n<title>Orosz nyelvtan - Talkpal<\/title>\n<meta name=\"description\" content=\"Nyissa meg az orosz nyelvtan vil\u00e1g\u00e1t a kezd\u0151 nyelvtani \u00fatmutat\u00f3val. Saj\u00e1t\u00edtsa el a cirill \u00e1b\u00e9c\u00e9t \u00e9s fejlessze nyelvtud\u00e1s\u00e1t.\" \/>\n<meta name=\"robots\" content=\"index, follow, max-snippet:-1, max-image-preview:large, max-video-preview:-1\" \/>\n<link rel=\"canonical\" href=\"https:\/\/talkpal.ai\/hu\/orosz-nyelvtan\/\" \/>\n<meta property=\"og:locale\" content=\"hu_HU\" \/>\n<meta property=\"og:type\" content=\"article\" \/>\n<meta property=\"og:title\" content=\"Orosz nyelvtan\" \/>\n<meta property=\"og:description\" content=\"Orosz nyelvtan: Nyissa ki az orosz nyelv elsaj\u00e1t\u00edt\u00e1s\u00e1nak titkait Gratul\u00e1lunk, hogy megtette a mer\u00e9sz l\u00e9p\u00e9st az orosz nyelv tanul\u00e1sa fel\u00e9! A vil\u00e1gszerte\" \/>\n<meta property=\"og:url\" content=\"https:\/\/talkpal.ai\/hu\/orosz-nyelvtan\/\" \/>\n<meta property=\"og:site_name\" content=\"Talkpal\" \/>\n<meta property=\"article:publisher\" content=\"https:\/\/www.facebook.com\/profile.php?id=100090733639311\" \/>\n<meta property=\"article:modified_time\" content=\"2025-12-13T15:17:26+00:00\" \/>\n<meta property=\"og:image\" content=\"https:\/\/talkpal.ai\/wp-content\/uploads\/2023\/04\/rusia.png\" \/>\n\t<meta property=\"og:image:width\" content=\"512\" \/>\n\t<meta property=\"og:image:height\" content=\"512\" \/>\n\t<meta property=\"og:image:type\" content=\"image\/png\" \/>\n<meta name=\"twitter:card\" content=\"summary_large_image\" \/>\n<meta name=\"twitter:site\" content=\"@talkpalai\" \/>\n<meta name=\"twitter:label1\" content=\"Becs\u00fclt olvas\u00e1si id\u0151\" \/>\n\t<meta name=\"twitter:data1\" content=\"3 perc\" \/>\n<script type=\"application\/ld+json\" class=\"yoast-schema-graph\">{\"@context\":\"https:\/\/schema.org\",\"@graph\":[{\"@type\":\"WebPage\",\"@id\":\"https:\/\/talkpal.ai\/hu\/orosz-nyelvtan\/\",\"url\":\"https:\/\/talkpal.ai\/hu\/orosz-nyelvtan\/\",\"name\":\"Orosz nyelvtan - Talkpal\",\"isPartOf\":{\"@id\":\"https:\/\/talkpal.ai\/hu\/#website\"},\"primaryImageOfPage\":{\"@id\":\"https:\/\/talkpal.ai\/hu\/orosz-nyelvtan\/#primaryimage\"},\"image\":{\"@id\":\"https:\/\/talkpal.ai\/hu\/orosz-nyelvtan\/#primaryimage\"},\"thumbnailUrl\":\"https:\/\/talkpal.ai\/wp-content\/uploads\/2023\/04\/rusia.png\",\"datePublished\":\"2023-05-14T13:52:49+00:00\",\"dateModified\":\"2025-12-13T15:17:26+00:00\",\"description\":\"Nyissa meg az orosz nyelvtan vil\u00e1g\u00e1t a kezd\u0151 nyelvtani \u00fatmutat\u00f3val. Saj\u00e1t\u00edtsa el a cirill \u00e1b\u00e9c\u00e9t \u00e9s fejlessze nyelvtud\u00e1s\u00e1t.\",\"breadcrumb\":{\"@id\":\"https:\/\/talkpal.ai\/hu\/orosz-nyelvtan\/#breadcrumb\"},\"inLanguage\":\"hu\",\"potentialAction\":[{\"@type\":\"ReadAction\",\"target\":[\"https:\/\/talkpal.ai\/hu\/orosz-nyelvtan\/\"]}]},{\"@type\":\"ImageObject\",\"inLanguage\":\"hu\",\"@id\":\"https:\/\/talkpal.ai\/hu\/orosz-nyelvtan\/#primaryimage\",\"url\":\"https:\/\/talkpal.ai\/wp-content\/uploads\/2023\/04\/rusia.png\",\"contentUrl\":\"https:\/\/talkpal.ai\/wp-content\/uploads\/2023\/04\/rusia.png\",\"width\":512,\"height\":512},{\"@type\":\"BreadcrumbList\",\"@id\":\"https:\/\/talkpal.ai\/hu\/orosz-nyelvtan\/#breadcrumb\",\"itemListElement\":[{\"@type\":\"ListItem\",\"position\":1,\"name\":\"Homepage\",\"item\":\"https:\/\/talkpal.ai\/hu\/\"},{\"@type\":\"ListItem\",\"position\":2,\"name\":\"Orosz nyelvtan\"}]},{\"@type\":\"WebSite\",\"@id\":\"https:\/\/talkpal.ai\/hu\/#website\",\"url\":\"https:\/\/talkpal.ai\/hu\/\",\"name\":\"Talkpal\",\"description\":\"AI Language Learning\",\"publisher\":{\"@id\":\"https:\/\/talkpal.ai\/hu\/#organization\"},\"alternateName\":\"Talkpal AI\",\"potentialAction\":[{\"@type\":\"SearchAction\",\"target\":{\"@type\":\"EntryPoint\",\"urlTemplate\":\"https:\/\/talkpal.ai\/hu\/?s={search_term_string}\"},\"query-input\":{\"@type\":\"PropertyValueSpecification\",\"valueRequired\":true,\"valueName\":\"search_term_string\"}}],\"inLanguage\":\"hu\"},{\"@type\":\"Organization\",\"@id\":\"https:\/\/talkpal.ai\/hu\/#organization\",\"name\":\"Talkpal, Inc.\",\"alternateName\":\"Talkpal AI\",\"url\":\"https:\/\/talkpal.ai\/hu\/\",\"logo\":{\"@type\":\"ImageObject\",\"inLanguage\":\"hu\",\"@id\":\"https:\/\/talkpal.ai\/hu\/#\/schema\/logo\/image\/\",\"url\":\"https:\/\/talkpal.ai\/wp-content\/uploads\/2024\/03\/Talkpal-Logo-Icon.png\",\"contentUrl\":\"https:\/\/talkpal.ai\/wp-content\/uploads\/2024\/03\/Talkpal-Logo-Icon.png\",\"width\":2880,\"height\":2880,\"caption\":\"Talkpal, Inc.\"},\"image\":{\"@id\":\"https:\/\/talkpal.ai\/hu\/#\/schema\/logo\/image\/\"},\"sameAs\":[\"https:\/\/www.facebook.com\/profile.php?id=100090733639311\",\"https:\/\/x.com\/talkpalai\",\"https:\/\/www.linkedin.com\/company\/talkpal\/\",\"https:\/\/www.youtube.com\/@TalkPal\/\",\"https:\/\/www.tiktok.com\/@talkpal\",\"https:\/\/www.instagram.com\/talkpal_ai\/\",\"https:\/\/www.crunchbase.com\/organization\/talkpal-9cde\",\"https:\/\/www.g2.com\/products\/talkpal-for-business\/\",\"https:\/\/www.trustpilot.com\/review\/talkpal.ai\",\"https:\/\/www.capterra.com\/p\/10006800\/TalkPal\/\"],\"description\":\"Talkpal is a language learning web and mobile education app, powered by the latest AI technologies, that provides engaging experiences to its customers in many different languages to help them improve their language skills. Users can chat about unlimited amount of topics with the app and use other modes to practice their language learning.\",\"email\":\"support@talkpal.ai\",\"legalName\":\"Talkpal, Inc.\",\"foundingDate\":\"2023-04-03\",\"duns\":\"118989042\",\"numberOfEmployees\":{\"@type\":\"QuantitativeValue\",\"minValue\":\"11\",\"maxValue\":\"50\"},\"publishingPrinciples\":\"https:\/\/talkpal.ai\/publishing-principles\/\",\"actionableFeedbackPolicy\":\"https:\/\/talkpal.ai\/actionable-feedback-policy\/\",\"correctionsPolicy\":\"https:\/\/talkpal.ai\/corrections-policy\/\",\"ethicsPolicy\":\"https:\/\/talkpal.ai\/ethics-policy\/\",\"diversityPolicy\":\"https:\/\/talkpal.ai\/diversity-policy\/\",\"diversityStaffingReport\":\"https:\/\/talkpal.ai\/diversity-policy\/\"}]}<\/script>\n<!-- \/ Yoast SEO Premium plugin. -->","yoast_head_json":{"title":"Orosz nyelvtan - Talkpal","description":"Nyissa meg az orosz nyelvtan vil\u00e1g\u00e1t a kezd\u0151 nyelvtani \u00fatmutat\u00f3val. Saj\u00e1t\u00edtsa el a cirill \u00e1b\u00e9c\u00e9t \u00e9s fejlessze nyelvtud\u00e1s\u00e1t.","robots":{"index":"index","follow":"follow","max-snippet":"max-snippet:-1","max-image-preview":"max-image-preview:large","max-video-preview":"max-video-preview:-1"},"canonical":"https:\/\/talkpal.ai\/hu\/orosz-nyelvtan\/","og_locale":"hu_HU","og_type":"article","og_title":"Orosz nyelvtan","og_description":"Orosz nyelvtan: Nyissa ki az orosz nyelv elsaj\u00e1t\u00edt\u00e1s\u00e1nak titkait Gratul\u00e1lunk, hogy megtette a mer\u00e9sz l\u00e9p\u00e9st az orosz nyelv tanul\u00e1sa fel\u00e9! A vil\u00e1gszerte","og_url":"https:\/\/talkpal.ai\/hu\/orosz-nyelvtan\/","og_site_name":"Talkpal","article_publisher":"https:\/\/www.facebook.com\/profile.php?id=100090733639311","article_modified_time":"2025-12-13T15:17:26+00:00","og_image":[{"width":512,"height":512,"url":"https:\/\/talkpal.ai\/wp-content\/uploads\/2023\/04\/rusia.png","type":"image\/png"}],"twitter_card":"summary_large_image","twitter_site":"@talkpalai","twitter_misc":{"Becs\u00fclt olvas\u00e1si id\u0151":"3 perc"},"schema":{"@context":"https:\/\/schema.org","@graph":[{"@type":"WebPage","@id":"https:\/\/talkpal.ai\/hu\/orosz-nyelvtan\/","url":"https:\/\/talkpal.ai\/hu\/orosz-nyelvtan\/","name":"Orosz nyelvtan - Talkpal","isPartOf":{"@id":"https:\/\/talkpal.ai\/hu\/#website"},"primaryImageOfPage":{"@id":"https:\/\/talkpal.ai\/hu\/orosz-nyelvtan\/#primaryimage"},"image":{"@id":"https:\/\/talkpal.ai\/hu\/orosz-nyelvtan\/#primaryimage"},"thumbnailUrl":"https:\/\/talkpal.ai\/wp-content\/uploads\/2023\/04\/rusia.png","datePublished":"2023-05-14T13:52:49+00:00","dateModified":"2025-12-13T15:17:26+00:00","description":"Nyissa meg az orosz nyelvtan vil\u00e1g\u00e1t a kezd\u0151 nyelvtani \u00fatmutat\u00f3val. Saj\u00e1t\u00edtsa el a cirill \u00e1b\u00e9c\u00e9t \u00e9s fejlessze nyelvtud\u00e1s\u00e1t.","breadcrumb":{"@id":"https:\/\/talkpal.ai\/hu\/orosz-nyelvtan\/#breadcrumb"},"inLanguage":"hu","potentialAction":[{"@type":"ReadAction","target":["https:\/\/talkpal.ai\/hu\/orosz-nyelvtan\/"]}]},{"@type":"ImageObject","inLanguage":"hu","@id":"https:\/\/talkpal.ai\/hu\/orosz-nyelvtan\/#primaryimage","url":"https:\/\/talkpal.ai\/wp-content\/uploads\/2023\/04\/rusia.png","contentUrl":"https:\/\/talkpal.ai\/wp-content\/uploads\/2023\/04\/rusia.png","width":512,"height":512},{"@type":"BreadcrumbList","@id":"https:\/\/talkpal.ai\/hu\/orosz-nyelvtan\/#breadcrumb","itemListElement":[{"@type":"ListItem","position":1,"name":"Homepage","item":"https:\/\/talkpal.ai\/hu\/"},{"@type":"ListItem","position":2,"name":"Orosz nyelvtan"}]},{"@type":"WebSite","@id":"https:\/\/talkpal.ai\/hu\/#website","url":"https:\/\/talkpal.ai\/hu\/","name":"Talkpal","description":"AI Language Learning","publisher":{"@id":"https:\/\/talkpal.ai\/hu\/#organization"},"alternateName":"Talkpal AI","potentialAction":[{"@type":"SearchAction","target":{"@type":"EntryPoint","urlTemplate":"https:\/\/talkpal.ai\/hu\/?s={search_term_string}"},"query-input":{"@type":"PropertyValueSpecification","valueRequired":true,"valueName":"search_term_string"}}],"inLanguage":"hu"},{"@type":"Organization","@id":"https:\/\/talkpal.ai\/hu\/#organization","name":"Talkpal, Inc.","alternateName":"Talkpal AI","url":"https:\/\/talkpal.ai\/hu\/","logo":{"@type":"ImageObject","inLanguage":"hu","@id":"https:\/\/talkpal.ai\/hu\/#\/schema\/logo\/image\/","url":"https:\/\/talkpal.ai\/wp-content\/uploads\/2024\/03\/Talkpal-Logo-Icon.png","contentUrl":"https:\/\/talkpal.ai\/wp-content\/uploads\/2024\/03\/Talkpal-Logo-Icon.png","width":2880,"height":2880,"caption":"Talkpal, Inc."},"image":{"@id":"https:\/\/talkpal.ai\/hu\/#\/schema\/logo\/image\/"},"sameAs":["https:\/\/www.facebook.com\/profile.php?id=100090733639311","https:\/\/x.com\/talkpalai","https:\/\/www.linkedin.com\/company\/talkpal\/","https:\/\/www.youtube.com\/@TalkPal\/","https:\/\/www.tiktok.com\/@talkpal","https:\/\/www.instagram.com\/talkpal_ai\/","https:\/\/www.crunchbase.com\/organization\/talkpal-9cde","https:\/\/www.g2.com\/products\/talkpal-for-business\/","https:\/\/www.trustpilot.com\/review\/talkpal.ai","https:\/\/www.capterra.com\/p\/10006800\/TalkPal\/"],"description":"Talkpal is a language learning web and mobile education app, powered by the latest AI technologies, that provides engaging experiences to its customers in many different languages to help them improve their language skills. Users can chat about unlimited amount of topics with the app and use other modes to practice their language learning.","email":"support@talkpal.ai","legalName":"Talkpal, Inc.","foundingDate":"2023-04-03","duns":"118989042","numberOfEmployees":{"@type":"QuantitativeValue","minValue":"11","maxValue":"50"},"publishingPrinciples":"https:\/\/talkpal.ai\/publishing-principles\/","actionableFeedbackPolicy":"https:\/\/talkpal.ai\/actionable-feedback-policy\/","correctionsPolicy":"https:\/\/talkpal.ai\/corrections-policy\/","ethicsPolicy":"https:\/\/talkpal.ai\/ethics-policy\/","diversityPolicy":"https:\/\/talkpal.ai\/diversity-policy\/","diversityStaffingReport":"https:\/\/talkpal.ai\/diversity-policy\/"}]}},"_links":{"self":[{"href":"https:\/\/talkpal.ai\/hu\/wp-json\/wp\/v2\/pages\/139825","targetHints":{"allow":["GET"]}}],"collection":[{"href":"https:\/\/talkpal.ai\/hu\/wp-json\/wp\/v2\/pages"}],"about":[{"href":"https:\/\/talkpal.ai\/hu\/wp-json\/wp\/v2\/types\/page"}],"author":[{"embeddable":true,"href":"https:\/\/talkpal.ai\/hu\/wp-json\/wp\/v2\/users\/1"}],"replies":[{"embeddable":true,"href":"https:\/\/talkpal.ai\/hu\/wp-json\/wp\/v2\/comments?post=139825"}],"version-history":[{"count":0,"href":"https:\/\/talkpal.ai\/hu\/wp-json\/wp\/v2\/pages\/139825\/revisions"}],"wp:featuredmedia":[{"embeddable":true,"href":"https:\/\/talkpal.ai\/hu\/wp-json\/wp\/v2\/media\/108039"}],"wp:attachment":[{"href":"https:\/\/talkpal.ai\/hu\/wp-json\/wp\/v2\/media?parent=139825"}],"curies":[{"name":"wp","href":"https:\/\/api.w.org\/{rel}","templated":true}]}}