{"id":135785,"date":"2023-06-16T10:51:16","date_gmt":"2023-06-16T10:51:16","guid":{"rendered":"http:\/\/talkpal.ai\/ukran-nyelvtani-gyakorlatok\/"},"modified":"2025-12-17T16:22:03","modified_gmt":"2025-12-17T16:22:03","slug":"ukran-nyelvtani-gyakorlatok","status":"publish","type":"page","link":"https:\/\/talkpal.ai\/hu\/ukran-nyelvtani-gyakorlatok\/","title":{"rendered":"Ukr\u00e1n nyelvtani gyakorlatok"},"content":{"rendered":"\r\n\r\n\r\n<section class=\"languageChallengeSection\">\r\n    <div class=\"languageInfoWrapper\">\r\n        \r\n        <h1>Ukr\u00e1n nyelvtani gyakorlatok<\/h1>\r\n        <p>Szeretn\u00e9 a k\u00f6vetkez\u0151 szintre emelni <a href=\"https:\/\/talkpal.ai\/learn-ukrainian\/\">ukr\u00e1n<\/a> nyelvtud\u00e1s\u00e1t? A nyelvtani gyakorlatok gyakorl\u00e1sa kulcsfontoss\u00e1g\u00fa a mondatszerkezet, az igealakok \u00e9s az <a href=\"https:\/\/talkpal.ai\/learn-ukrainian\/\">ukr\u00e1n<\/a> nyelv egyedi mint\u00e1inak elsaj\u00e1t\u00edt\u00e1s\u00e1hoz. Kezdjen el dolgozni az ukr\u00e1n nyelvtanon m\u00e9g ma, \u00e9s n\u00e9zze, ahogy \u00f6nbizalma \u00e9s foly\u00e9kony nyelvtud\u00e1sa minden egyes gyakorlattal n\u0151!<\/p>\r\n\r\n                            <a class=\"getStartedHidden\" href=\"https:\/\/app.talkpal.ai\/hu\/signup?lng=\">Kezdj\u00fck<\/a>\r\n        \r\n    <\/div>\r\n\r\n    <figure>\r\n    <img decoding=\"async\" width=\"768\" height=\"768\" src=\"https:\/\/talkpal.ai\/wp-content\/uploads\/2023\/06\/Ukrainian-768x768.png\" class=\"languageImage no-lazy\" alt=\"Language learning - Your doorway to the world\" fetchpriority=\"high\" sizes=\"(max-width: 768px) 150px, 768px\" srcset=\"https:\/\/talkpal.ai\/wp-content\/uploads\/2023\/06\/Ukrainian-768x768.png 768w, https:\/\/talkpal.ai\/wp-content\/uploads\/2023\/06\/Ukrainian-300x300.png 300w\" \/>\r\n    \r\n\r\n    <\/figure>\r\n\r\n            <a class=\"getStartedVisible\" href=\"https:\/\/app.talkpal.ai\/hu\/signup?lng=\">Kezdj\u00fck<\/a>\r\n    \r\n<\/section>\r\n\r\n\r\n<!-- <section class=\"grammarSection\">\r\n    <div class=\"grammarLinks\">\r\n            <\/div>\r\n<\/section> -->\r\n\r\n\r\n\r\n\r\n<section class=\"promotionalBanner\">\r\n    <p class=\"promotionalText\">A nyelvtanul\u00e1s leghat\u00e9konyabb m\u00f3dja<\/p>\r\n    <a class=\"promotionalLink\" href=\"https:\/\/app.talkpal.ai\/hu\/signup?lng=\">Pr\u00f3b\u00e1lja ki a Talkpal ingyen<\/a>\r\n<\/section>\n<div class=\"wp-block-group pageContainerStyle\"><div class=\"wp-block-group__inner-container is-layout-constrained wp-block-group-is-layout-constrained\">\n<h2 class=\"wp-block-heading\" id=\"h-ukrainian-grammar-topics\">Ukr\u00e1n nyelvtani t\u00e9m\u00e1k<\/h2>\n\n\n\n<p>Egy \u00faj nyelv tanul\u00e1sa izgalmas, m\u00e9gis kih\u00edv\u00e1st jelent\u0151 v\u00e1llalkoz\u00e1s lehet, \u00e9s ez al\u00f3l az ukr\u00e1n nyelv sem kiv\u00e9tel. Az ukr\u00e1n, egy keleti szl\u00e1v nyelv, Ukrajna hivatalos nyelve, gazdag t\u00f6rt\u00e9nelemmel \u00e9s v\u00e1ltozatos nyelvtani szerkezettel b\u00fcszk\u00e9lkedhet. Ahogy elindul az ukr\u00e1n nyelvtud\u00e1s megszerz\u00e9s\u00e9nek \u00fatj\u00e1n, sz\u00e1mos kulcsfontoss\u00e1g\u00fa nyelvtani t\u00e9m\u00e1t kell elsaj\u00e1t\u00edtania, bele\u00e9rtve az igeid\u0151t, az ig\u00e9ket, a f\u0151neveket, a cikkeket, a n\u00e9vm\u00e1sokat, a mell\u00e9kneveket, a hat\u00e1roz\u00f3szavakat, az el\u00f6lj\u00e1r\u00f3szavakat \u00e9s a mondatszerkezetet. Ezeknek a nyelvtani szab\u00e1lyoknak a meg\u00e9rt\u00e9se \u00e9s helyes alkalmaz\u00e1sa jelent\u0151sen jav\u00edtja a nyelv foly\u00e9konys\u00e1g\u00e1t. Mer\u00fclj\u00fcnk el teh\u00e1t az egyes t\u00e9mak\u00f6r\u00f6kben, \u00e9s vizsg\u00e1ljuk meg, hogy milyen sorrendben kell megtanulnod \u0151ket.<\/p>\n\n\n\n<h3 class=\"wp-block-heading\" id=\"h-1-nouns\">1. F\u0151nevek:<\/h3>\n\n\n\n<p>Kezdje az ukr\u00e1n f\u0151nevek tanul\u00e1s\u00e1val, mivel ezek a nyelv alapjai. Ismerkedjen meg nem\u00fckkel (f\u00e9rfias, n\u0151ies \u00e9s ivartalan\u00edtott) \u00e9s t\u00f6bbes sz\u00e1m\u00fa alakjukkal. A f\u0151n\u00e9vragoz\u00e1sok (esetek) meg\u00e9rt\u00e9se elengedhetetlen a megfelel\u0151 mondatk\u00e9pz\u00e9shez.<\/p>\n\n\n\n<h3 class=\"wp-block-heading\" id=\"h-2-pronouns\">2. N\u00e9vm\u00e1sok:<\/h3>\n\n\n\n<p>Ezut\u00e1n tanulja meg a n\u00e9vm\u00e1sokat &#8211; olyan szavakat, amelyek helyettes\u00edtik a f\u0151neveket egy mondatban. Ezek nemi \u00e9s esetbeli megk\u00fcl\u00f6nb\u00f6ztet\u00e9ssel is rendelkeznek, ez\u00e9rt fontos, hogy megtanuljuk a megfelel\u0151 form\u00e1kat a f\u0151n\u00e9vt\u0151l f\u00fcgg\u0151en, amelyet helyettes\u00edtenek.<\/p>\n\n\n\n<h3 class=\"wp-block-heading\" id=\"h-3-verbs\">3. Ig\u00e9k:<\/h3>\n\n\n\n<p>Az ig\u00e9k a mondat cselekv\u0151 szavai. Az ukr\u00e1n nyelvben az ig\u00e9k k\u00fcl\u00f6nb\u00f6z\u0151 form\u00e1j\u00faak a fesz\u00fclts\u00e9g, a hangulat \u00e9s a szempont alapj\u00e1n. Kezdje azzal, hogy megtanulja az ig\u00e9k jelenlegi fesz\u00fclts\u00e9g\u0171 indikat\u00edv form\u00e1it, amelyek seg\u00edtenek meg\u00e9rteni az alapvet\u0151 mondatszerkezetet.<\/p>\n\n\n\n<h3 class=\"wp-block-heading\" id=\"h-4-tenses-indicative\">4. Igeid\u0151k jelz\u00e9s\u00e9rt\u00e9k\u0171ek:<\/h3>\n\n\n\n<p>Ha m\u00e1r <a href=\"https:\/\/talkpal.ai\/talkpal-christmas-discount\/\">j\u00f3l<\/a> ismered a jelen idej\u0171 ig\u00e9ket, l\u00e9pj tov\u00e1bb a m\u00falt \u00e9s j\u00f6v\u0151 idej\u0171 ig\u00e9k megtanul\u00e1s\u00e1hoz a jelz\u0151s id\u0151ben. Ez lehet\u0151v\u00e9 teszi, hogy kommunik\u00e1ljon a m\u00e1r bek\u00f6vetkezett vagy a j\u00f6v\u0151ben bek\u00f6vetkez\u0151 esem\u00e9nyekr\u0151l.<\/p>\n\n\n\n<h3 class=\"wp-block-heading\" id=\"h-5-tenses-subjunctive\">5. Igeid\u0151k k\u00f6t\u0151sz\u00f3:<\/h3>\n\n\n\n<p>Miut\u00e1n elsaj\u00e1t\u00edtotta az indikat\u00edv hangulatot, fedezze fel a szubjekt\u00edv hangulatot, amely hipotetikus helyzeteket, k\u00edv\u00e1ns\u00e1gokat vagy javaslatokat fejez ki. A szubjekt\u00edv hangulat els\u0151sorban az ukr\u00e1n m\u00falt \u00e9s j\u00f6v\u0151 id\u0151ben fordul el\u0151.<\/p>\n\n\n\n<h3 class=\"wp-block-heading\" id=\"h-6-tense-comparison\">6. Fesz\u00fclt \u00f6sszehasonl\u00edt\u00e1s:<\/h3>\n\n\n\n<p>Tanulja meg, hogyan hasonl\u00edtsa \u00f6ssze az ukr\u00e1n igeid\u0151t, hogy kifejezze a k\u00fcl\u00f6nb\u00f6z\u0151 fok\u00fa bizonyoss\u00e1got vagy lehet\u0151s\u00e9get. Ez seg\u00edt meg\u00e9rteni \u00e9s \u00f6sszetettebb mondatokat l\u00e9trehozni.<\/p>\n\n\n\n<h3 class=\"wp-block-heading\" id=\"h-7-adjectives\">7. Mell\u00e9knevek:<\/h3>\n\n\n\n<p>A mell\u00e9knevek a f\u0151nevek tulajdons\u00e1gait \u00edrj\u00e1k le. Nemben, sz\u00e1mban \u00e9s esetben megegyeznek az \u00e1ltaluk m\u00f3dos\u00edtott f\u0151n\u00e9vvel. A mell\u00e9knevek megtanul\u00e1sa seg\u00edt r\u00e9szletesebben hozz\u00e1adni a mondatokat.<\/p>\n\n\n\n<h3 class=\"wp-block-heading\" id=\"h-8-adverbs\">8. Hat\u00e1roz\u00f3sz\u00f3k:<\/h3>\n\n\n\n<p>A hat\u00e1roz\u00f3szavak egy cselekv\u00e9s m\u00f3dj\u00e1t, hely\u00e9t vagy idej\u00e9t \u00edrj\u00e1k le. Nem cs\u00f6kkennek, mint a mell\u00e9knevek, de d\u00f6nt\u0151 szerepet j\u00e1tszanak abban, hogy mondataidat informat\u00edvabb\u00e1 \u00e9s mag\u00e1val ragad\u00f3bb\u00e1 tegy\u00e9k.<\/p>\n\n\n\n<h3 class=\"wp-block-heading\" id=\"h-9-prepositions\">9. El\u00f6lj\u00e1r\u00f3szavak:<\/h3>\n\n\n\n<p>Az el\u00f6lj\u00e1r\u00f3szavak a mondatban l\u00e9v\u0151 szavak k\u00f6z\u00f6tti kapcsolatot mutatj\u00e1k (pl. hely, ir\u00e1ny vagy id\u0151). Tanulja meg, hogyan kell helyesen haszn\u00e1lni az el\u00f6lj\u00e1r\u00f3szavakat, hogy elker\u00fclje a zavart \u00e9s k\u00f6zvet\u00edtse a k\u00edv\u00e1nt jelent\u00e9st.<\/p>\n\n\n\n<h3 class=\"wp-block-heading\" id=\"h-10-sentence-structure\">10. Mondatszerkezet:<\/h3>\n\n\n\n<p>V\u00e9g\u00fcl ismerkedjen meg az ukr\u00e1n mondatszerkezettel. Ez mag\u00e1ban foglalja az alany-ige-objektum (SVO) sz\u00f3rend meg\u00e9rt\u00e9s\u00e9t, valamint az esetek \u00e9s m\u00e1s nyelvtani elemek haszn\u00e1lat\u00e1t vil\u00e1gos, koherens mondatok kialak\u00edt\u00e1s\u00e1hoz.<\/p>\n\n\n\n<h3 class=\"wp-block-heading\" id=\"h-11-articles\">11. Cikkek:<\/h3>\n\n\n\n<p>Az ukr\u00e1n nyelvben nincsenek olyan cikkek, mint az angolban a &#8222;the&#8221; vagy az &#8222;a&#8221;, de fontos meg\u00e9rteni, hogy a nyelvben hogyan k\u00f6zvet\u00edtik a meghat\u00e1rozotts\u00e1got \u00e9s a meghat\u00e1rozatlans\u00e1got, \u00e1ltal\u00e1ban a mutat\u00f3 n\u00e9vm\u00e1sok vagy a kontextus haszn\u00e1lata r\u00e9v\u00e9n.<\/p>\n\n\n\n<p>Ezeknek a nyelvtani t\u00e9m\u00e1knak a javasolt sorrendben t\u00f6rt\u00e9n\u0151 megtanul\u00e1s\u00e1val fokozatosan er\u0151s alapot \u00e9p\u00edt az ukr\u00e1n nyelvben, \u00e9s halad a nyelv foly\u00e9konys\u00e1ga fel\u00e9.<\/p>\n<\/div><\/div>\n\r\n<section class=\"learnNavigationSection\">\r\n            \r\n        <a href=\"https:\/\/talkpal.ai\/hu\/tanulj-ukranul\/\">\r\n            <div class=\"learnNavigationWrapper\">\r\n                <div class=\"learnNavigationContent\">\r\n                    <img decoding=\"async\" src=\"https:\/\/talkpal.ai\/wp-content\/uploads\/2024\/08\/Ukrainian.jpg\" alt=\"Ukrainian Flag\">\r\n                    <div>\r\n                        <h4>Az ukr\u00e1n tanul\u00e1sr\u00f3l<\/h4>\r\n                        <p>Tudjon meg mindent az ukr\u00e1n nyelvtanr\u00f3l.<\/p>\r\n                    <\/div>\r\n                <\/div>\r\n            <\/div>\r\n        <\/a>\r\n\r\n        \r\n        <a href=\"https:\/\/talkpal.ai\/hu\/ukran-nyelvtan\/\">\r\n            <div class=\"learnNavigationWrapper\">\r\n                <div class=\"learnNavigationContent\">\r\n                    <img decoding=\"async\" src=\"https:\/\/talkpal.ai\/wp-content\/uploads\/2024\/08\/Ukrainian.jpg\" alt=\"Ukrainian Flag\">\r\n                    <div>\r\n                        <h4>Ukr\u00e1n nyelvtani \u00f3r\u00e1k<\/h4>\r\n                        <p>Gyakorolja az ukr\u00e1n nyelvtant.<\/p>\r\n                    <\/div>\r\n                <\/div>\r\n            <\/div>\r\n        <\/a>\r\n\r\n        \r\n        <a href=\"https:\/\/talkpal.ai\/vocabulary_language\/ukrainian\/\">\r\n            <div class=\"learnNavigationWrapper\">\r\n                <div class=\"learnNavigationContent\">\r\n                    <img decoding=\"async\" src=\"https:\/\/talkpal.ai\/wp-content\/uploads\/2024\/08\/Ukrainian.jpg\" alt=\"Ukrainian Flag\">\r\n                    <div>\r\n                        <h4>Ukr\u00e1n sz\u00f3kincs<\/h4>\r\n                        <p>B\u0151v\u00edtse ukr\u00e1n sz\u00f3kincs\u00e9t.<\/p>\r\n                    <\/div>\r\n                <\/div>\r\n            <\/div>\r\n        <\/a>\r\n\r\n            <\/section>","protected":false},"excerpt":{"rendered":"<p>Ukr\u00e1n nyelvtani t\u00e9m\u00e1k Egy \u00faj nyelv tanul\u00e1sa izgalmas, m\u00e9gis kih\u00edv\u00e1st jelent\u0151 v\u00e1llalkoz\u00e1s lehet, \u00e9s ez al\u00f3l az ukr\u00e1n nyelv sem kiv\u00e9tel. Az ukr\u00e1n, egy keleti szl\u00e1v nyelv, Ukrajna hivatalos nyelve, gazdag t\u00f6rt\u00e9nelemmel \u00e9s v\u00e1ltozatos nyelvtani szerkezettel b\u00fcszk\u00e9lkedhet. Ahogy elindul az ukr\u00e1n nyelvtud\u00e1s megszerz\u00e9s\u00e9nek \u00fatj\u00e1n, sz\u00e1mos kulcsfontoss\u00e1g\u00fa nyelvtani t\u00e9m\u00e1t kell elsaj\u00e1t\u00edtania, bele\u00e9rtve az igeid\u0151t, az ig\u00e9ket, [&hellip;]<\/p>\n","protected":false},"author":6,"featured_media":108601,"parent":0,"menu_order":0,"comment_status":"closed","ping_status":"closed","template":"LearningContentPage.php","meta":{"_acf_changed":false,"footnotes":""},"class_list":["post-135785","page","type-page","status-publish","has-post-thumbnail","hentry"],"acf":[],"yoast_head":"<!-- This site is optimized with the Yoast SEO Premium plugin v27.2 (Yoast SEO v27.2) - https:\/\/yoast.com\/product\/yoast-seo-premium-wordpress\/ -->\n<title>Ukr\u00e1n nyelvtani gyakorlatok - Talkpal<\/title>\n<meta name=\"description\" content=\"Fejlessze ukr\u00e1n nyelvtani ismereteit a nyelvtani gyakorlatok seg\u00edts\u00e9g\u00e9vel, amelyek a foly\u00e9kony nyelvtan elsaj\u00e1t\u00edt\u00e1s\u00e1hoz sz\u00fcks\u00e9ges alapvet\u0151 nyelvtani t\u00e9mak\u00f6r\u00f6kkel foglalkoznak.\" \/>\n<meta name=\"robots\" content=\"index, follow, max-snippet:-1, max-image-preview:large, max-video-preview:-1\" \/>\n<link rel=\"canonical\" href=\"https:\/\/talkpal.ai\/hu\/ukran-nyelvtani-gyakorlatok\/\" \/>\n<meta property=\"og:locale\" content=\"hu_HU\" \/>\n<meta property=\"og:type\" content=\"article\" \/>\n<meta property=\"og:title\" content=\"Ukr\u00e1n nyelvtani gyakorlatok\" \/>\n<meta property=\"og:description\" content=\"Ukr\u00e1n nyelvtani t\u00e9m\u00e1k Egy \u00faj nyelv tanul\u00e1sa izgalmas, m\u00e9gis kih\u00edv\u00e1st jelent\u0151 v\u00e1llalkoz\u00e1s lehet, \u00e9s ez al\u00f3l az ukr\u00e1n nyelv sem kiv\u00e9tel. Az ukr\u00e1n, egy\" \/>\n<meta property=\"og:url\" content=\"https:\/\/talkpal.ai\/hu\/ukran-nyelvtani-gyakorlatok\/\" \/>\n<meta property=\"og:site_name\" content=\"Talkpal\" \/>\n<meta property=\"article:publisher\" content=\"https:\/\/www.facebook.com\/profile.php?id=100090733639311\" \/>\n<meta property=\"article:modified_time\" content=\"2025-12-17T16:22:03+00:00\" \/>\n<meta property=\"og:image\" content=\"https:\/\/talkpal.ai\/wp-content\/uploads\/2023\/04\/ukraine.png\" \/>\n\t<meta property=\"og:image:width\" content=\"512\" \/>\n\t<meta property=\"og:image:height\" content=\"512\" \/>\n\t<meta property=\"og:image:type\" content=\"image\/png\" \/>\n<meta name=\"twitter:card\" content=\"summary_large_image\" \/>\n<meta name=\"twitter:site\" content=\"@talkpalai\" \/>\n<meta name=\"twitter:label1\" content=\"Becs\u00fclt olvas\u00e1si id\u0151\" \/>\n\t<meta name=\"twitter:data1\" content=\"4 perc\" \/>\n<script type=\"application\/ld+json\" class=\"yoast-schema-graph\">{\"@context\":\"https:\/\/schema.org\",\"@graph\":[{\"@type\":\"WebPage\",\"@id\":\"https:\/\/talkpal.ai\/hu\/ukran-nyelvtani-gyakorlatok\/\",\"url\":\"https:\/\/talkpal.ai\/hu\/ukran-nyelvtani-gyakorlatok\/\",\"name\":\"Ukr\u00e1n nyelvtani gyakorlatok - Talkpal\",\"isPartOf\":{\"@id\":\"https:\/\/talkpal.ai\/hu\/#website\"},\"primaryImageOfPage\":{\"@id\":\"https:\/\/talkpal.ai\/hu\/ukran-nyelvtani-gyakorlatok\/#primaryimage\"},\"image\":{\"@id\":\"https:\/\/talkpal.ai\/hu\/ukran-nyelvtani-gyakorlatok\/#primaryimage\"},\"thumbnailUrl\":\"https:\/\/talkpal.ai\/wp-content\/uploads\/2023\/04\/ukraine.png\",\"datePublished\":\"2023-06-16T10:51:16+00:00\",\"dateModified\":\"2025-12-17T16:22:03+00:00\",\"description\":\"Fejlessze ukr\u00e1n nyelvtani ismereteit a nyelvtani gyakorlatok seg\u00edts\u00e9g\u00e9vel, amelyek a foly\u00e9kony nyelvtan elsaj\u00e1t\u00edt\u00e1s\u00e1hoz sz\u00fcks\u00e9ges alapvet\u0151 nyelvtani t\u00e9mak\u00f6r\u00f6kkel foglalkoznak.\",\"breadcrumb\":{\"@id\":\"https:\/\/talkpal.ai\/hu\/ukran-nyelvtani-gyakorlatok\/#breadcrumb\"},\"inLanguage\":\"hu\",\"potentialAction\":[{\"@type\":\"ReadAction\",\"target\":[\"https:\/\/talkpal.ai\/hu\/ukran-nyelvtani-gyakorlatok\/\"]}]},{\"@type\":\"ImageObject\",\"inLanguage\":\"hu\",\"@id\":\"https:\/\/talkpal.ai\/hu\/ukran-nyelvtani-gyakorlatok\/#primaryimage\",\"url\":\"https:\/\/talkpal.ai\/wp-content\/uploads\/2023\/04\/ukraine.png\",\"contentUrl\":\"https:\/\/talkpal.ai\/wp-content\/uploads\/2023\/04\/ukraine.png\",\"width\":512,\"height\":512,\"caption\":\"TalkPal Ukrainian Flag\"},{\"@type\":\"BreadcrumbList\",\"@id\":\"https:\/\/talkpal.ai\/hu\/ukran-nyelvtani-gyakorlatok\/#breadcrumb\",\"itemListElement\":[{\"@type\":\"ListItem\",\"position\":1,\"name\":\"Homepage\",\"item\":\"https:\/\/talkpal.ai\/hu\/\"},{\"@type\":\"ListItem\",\"position\":2,\"name\":\"Ukr\u00e1n nyelvtani gyakorlatok\"}]},{\"@type\":\"WebSite\",\"@id\":\"https:\/\/talkpal.ai\/hu\/#website\",\"url\":\"https:\/\/talkpal.ai\/hu\/\",\"name\":\"Talkpal\",\"description\":\"AI Language Learning\",\"publisher\":{\"@id\":\"https:\/\/talkpal.ai\/hu\/#organization\"},\"alternateName\":\"Talkpal AI\",\"potentialAction\":[{\"@type\":\"SearchAction\",\"target\":{\"@type\":\"EntryPoint\",\"urlTemplate\":\"https:\/\/talkpal.ai\/hu\/?s={search_term_string}\"},\"query-input\":{\"@type\":\"PropertyValueSpecification\",\"valueRequired\":true,\"valueName\":\"search_term_string\"}}],\"inLanguage\":\"hu\"},{\"@type\":\"Organization\",\"@id\":\"https:\/\/talkpal.ai\/hu\/#organization\",\"name\":\"Talkpal, Inc.\",\"alternateName\":\"Talkpal AI\",\"url\":\"https:\/\/talkpal.ai\/hu\/\",\"logo\":{\"@type\":\"ImageObject\",\"inLanguage\":\"hu\",\"@id\":\"https:\/\/talkpal.ai\/hu\/#\/schema\/logo\/image\/\",\"url\":\"https:\/\/talkpal.ai\/wp-content\/uploads\/2024\/03\/Talkpal-Logo-Icon.png\",\"contentUrl\":\"https:\/\/talkpal.ai\/wp-content\/uploads\/2024\/03\/Talkpal-Logo-Icon.png\",\"width\":2880,\"height\":2880,\"caption\":\"Talkpal, Inc.\"},\"image\":{\"@id\":\"https:\/\/talkpal.ai\/hu\/#\/schema\/logo\/image\/\"},\"sameAs\":[\"https:\/\/www.facebook.com\/profile.php?id=100090733639311\",\"https:\/\/x.com\/talkpalai\",\"https:\/\/www.linkedin.com\/company\/talkpal\/\",\"https:\/\/www.youtube.com\/@TalkPal\/\",\"https:\/\/www.tiktok.com\/@talkpal\",\"https:\/\/www.instagram.com\/talkpal_ai\/\",\"https:\/\/www.crunchbase.com\/organization\/talkpal-9cde\",\"https:\/\/www.g2.com\/products\/talkpal-for-business\/\",\"https:\/\/www.trustpilot.com\/review\/talkpal.ai\",\"https:\/\/www.capterra.com\/p\/10006800\/TalkPal\/\"],\"description\":\"Talkpal is a language learning web and mobile education app, powered by the latest AI technologies, that provides engaging experiences to its customers in many different languages to help them improve their language skills. Users can chat about unlimited amount of topics with the app and use other modes to practice their language learning.\",\"email\":\"support@talkpal.ai\",\"legalName\":\"Talkpal, Inc.\",\"foundingDate\":\"2023-04-03\",\"duns\":\"118989042\",\"numberOfEmployees\":{\"@type\":\"QuantitativeValue\",\"minValue\":\"11\",\"maxValue\":\"50\"},\"publishingPrinciples\":\"https:\/\/talkpal.ai\/publishing-principles\/\",\"actionableFeedbackPolicy\":\"https:\/\/talkpal.ai\/actionable-feedback-policy\/\",\"correctionsPolicy\":\"https:\/\/talkpal.ai\/corrections-policy\/\",\"ethicsPolicy\":\"https:\/\/talkpal.ai\/ethics-policy\/\",\"diversityPolicy\":\"https:\/\/talkpal.ai\/diversity-policy\/\",\"diversityStaffingReport\":\"https:\/\/talkpal.ai\/diversity-policy\/\"}]}<\/script>\n<!-- \/ Yoast SEO Premium plugin. -->","yoast_head_json":{"title":"Ukr\u00e1n nyelvtani gyakorlatok - Talkpal","description":"Fejlessze ukr\u00e1n nyelvtani ismereteit a nyelvtani gyakorlatok seg\u00edts\u00e9g\u00e9vel, amelyek a foly\u00e9kony nyelvtan elsaj\u00e1t\u00edt\u00e1s\u00e1hoz sz\u00fcks\u00e9ges alapvet\u0151 nyelvtani t\u00e9mak\u00f6r\u00f6kkel foglalkoznak.","robots":{"index":"index","follow":"follow","max-snippet":"max-snippet:-1","max-image-preview":"max-image-preview:large","max-video-preview":"max-video-preview:-1"},"canonical":"https:\/\/talkpal.ai\/hu\/ukran-nyelvtani-gyakorlatok\/","og_locale":"hu_HU","og_type":"article","og_title":"Ukr\u00e1n nyelvtani gyakorlatok","og_description":"Ukr\u00e1n nyelvtani t\u00e9m\u00e1k Egy \u00faj nyelv tanul\u00e1sa izgalmas, m\u00e9gis kih\u00edv\u00e1st jelent\u0151 v\u00e1llalkoz\u00e1s lehet, \u00e9s ez al\u00f3l az ukr\u00e1n nyelv sem kiv\u00e9tel. Az ukr\u00e1n, egy","og_url":"https:\/\/talkpal.ai\/hu\/ukran-nyelvtani-gyakorlatok\/","og_site_name":"Talkpal","article_publisher":"https:\/\/www.facebook.com\/profile.php?id=100090733639311","article_modified_time":"2025-12-17T16:22:03+00:00","og_image":[{"width":512,"height":512,"url":"https:\/\/talkpal.ai\/wp-content\/uploads\/2023\/04\/ukraine.png","type":"image\/png"}],"twitter_card":"summary_large_image","twitter_site":"@talkpalai","twitter_misc":{"Becs\u00fclt olvas\u00e1si id\u0151":"4 perc"},"schema":{"@context":"https:\/\/schema.org","@graph":[{"@type":"WebPage","@id":"https:\/\/talkpal.ai\/hu\/ukran-nyelvtani-gyakorlatok\/","url":"https:\/\/talkpal.ai\/hu\/ukran-nyelvtani-gyakorlatok\/","name":"Ukr\u00e1n nyelvtani gyakorlatok - Talkpal","isPartOf":{"@id":"https:\/\/talkpal.ai\/hu\/#website"},"primaryImageOfPage":{"@id":"https:\/\/talkpal.ai\/hu\/ukran-nyelvtani-gyakorlatok\/#primaryimage"},"image":{"@id":"https:\/\/talkpal.ai\/hu\/ukran-nyelvtani-gyakorlatok\/#primaryimage"},"thumbnailUrl":"https:\/\/talkpal.ai\/wp-content\/uploads\/2023\/04\/ukraine.png","datePublished":"2023-06-16T10:51:16+00:00","dateModified":"2025-12-17T16:22:03+00:00","description":"Fejlessze ukr\u00e1n nyelvtani ismereteit a nyelvtani gyakorlatok seg\u00edts\u00e9g\u00e9vel, amelyek a foly\u00e9kony nyelvtan elsaj\u00e1t\u00edt\u00e1s\u00e1hoz sz\u00fcks\u00e9ges alapvet\u0151 nyelvtani t\u00e9mak\u00f6r\u00f6kkel foglalkoznak.","breadcrumb":{"@id":"https:\/\/talkpal.ai\/hu\/ukran-nyelvtani-gyakorlatok\/#breadcrumb"},"inLanguage":"hu","potentialAction":[{"@type":"ReadAction","target":["https:\/\/talkpal.ai\/hu\/ukran-nyelvtani-gyakorlatok\/"]}]},{"@type":"ImageObject","inLanguage":"hu","@id":"https:\/\/talkpal.ai\/hu\/ukran-nyelvtani-gyakorlatok\/#primaryimage","url":"https:\/\/talkpal.ai\/wp-content\/uploads\/2023\/04\/ukraine.png","contentUrl":"https:\/\/talkpal.ai\/wp-content\/uploads\/2023\/04\/ukraine.png","width":512,"height":512,"caption":"TalkPal Ukrainian Flag"},{"@type":"BreadcrumbList","@id":"https:\/\/talkpal.ai\/hu\/ukran-nyelvtani-gyakorlatok\/#breadcrumb","itemListElement":[{"@type":"ListItem","position":1,"name":"Homepage","item":"https:\/\/talkpal.ai\/hu\/"},{"@type":"ListItem","position":2,"name":"Ukr\u00e1n nyelvtani gyakorlatok"}]},{"@type":"WebSite","@id":"https:\/\/talkpal.ai\/hu\/#website","url":"https:\/\/talkpal.ai\/hu\/","name":"Talkpal","description":"AI Language Learning","publisher":{"@id":"https:\/\/talkpal.ai\/hu\/#organization"},"alternateName":"Talkpal AI","potentialAction":[{"@type":"SearchAction","target":{"@type":"EntryPoint","urlTemplate":"https:\/\/talkpal.ai\/hu\/?s={search_term_string}"},"query-input":{"@type":"PropertyValueSpecification","valueRequired":true,"valueName":"search_term_string"}}],"inLanguage":"hu"},{"@type":"Organization","@id":"https:\/\/talkpal.ai\/hu\/#organization","name":"Talkpal, Inc.","alternateName":"Talkpal AI","url":"https:\/\/talkpal.ai\/hu\/","logo":{"@type":"ImageObject","inLanguage":"hu","@id":"https:\/\/talkpal.ai\/hu\/#\/schema\/logo\/image\/","url":"https:\/\/talkpal.ai\/wp-content\/uploads\/2024\/03\/Talkpal-Logo-Icon.png","contentUrl":"https:\/\/talkpal.ai\/wp-content\/uploads\/2024\/03\/Talkpal-Logo-Icon.png","width":2880,"height":2880,"caption":"Talkpal, Inc."},"image":{"@id":"https:\/\/talkpal.ai\/hu\/#\/schema\/logo\/image\/"},"sameAs":["https:\/\/www.facebook.com\/profile.php?id=100090733639311","https:\/\/x.com\/talkpalai","https:\/\/www.linkedin.com\/company\/talkpal\/","https:\/\/www.youtube.com\/@TalkPal\/","https:\/\/www.tiktok.com\/@talkpal","https:\/\/www.instagram.com\/talkpal_ai\/","https:\/\/www.crunchbase.com\/organization\/talkpal-9cde","https:\/\/www.g2.com\/products\/talkpal-for-business\/","https:\/\/www.trustpilot.com\/review\/talkpal.ai","https:\/\/www.capterra.com\/p\/10006800\/TalkPal\/"],"description":"Talkpal is a language learning web and mobile education app, powered by the latest AI technologies, that provides engaging experiences to its customers in many different languages to help them improve their language skills. Users can chat about unlimited amount of topics with the app and use other modes to practice their language learning.","email":"support@talkpal.ai","legalName":"Talkpal, Inc.","foundingDate":"2023-04-03","duns":"118989042","numberOfEmployees":{"@type":"QuantitativeValue","minValue":"11","maxValue":"50"},"publishingPrinciples":"https:\/\/talkpal.ai\/publishing-principles\/","actionableFeedbackPolicy":"https:\/\/talkpal.ai\/actionable-feedback-policy\/","correctionsPolicy":"https:\/\/talkpal.ai\/corrections-policy\/","ethicsPolicy":"https:\/\/talkpal.ai\/ethics-policy\/","diversityPolicy":"https:\/\/talkpal.ai\/diversity-policy\/","diversityStaffingReport":"https:\/\/talkpal.ai\/diversity-policy\/"}]}},"_links":{"self":[{"href":"https:\/\/talkpal.ai\/hu\/wp-json\/wp\/v2\/pages\/135785","targetHints":{"allow":["GET"]}}],"collection":[{"href":"https:\/\/talkpal.ai\/hu\/wp-json\/wp\/v2\/pages"}],"about":[{"href":"https:\/\/talkpal.ai\/hu\/wp-json\/wp\/v2\/types\/page"}],"author":[{"embeddable":true,"href":"https:\/\/talkpal.ai\/hu\/wp-json\/wp\/v2\/users\/6"}],"replies":[{"embeddable":true,"href":"https:\/\/talkpal.ai\/hu\/wp-json\/wp\/v2\/comments?post=135785"}],"version-history":[{"count":0,"href":"https:\/\/talkpal.ai\/hu\/wp-json\/wp\/v2\/pages\/135785\/revisions"}],"wp:featuredmedia":[{"embeddable":true,"href":"https:\/\/talkpal.ai\/hu\/wp-json\/wp\/v2\/media\/108601"}],"wp:attachment":[{"href":"https:\/\/talkpal.ai\/hu\/wp-json\/wp\/v2\/media?parent=135785"}],"curies":[{"name":"wp","href":"https:\/\/api.w.org\/{rel}","templated":true}]}}