{"id":135446,"date":"2023-06-16T10:42:00","date_gmt":"2023-06-16T10:42:00","guid":{"rendered":"http:\/\/talkpal.ai\/portugal-nyelvtani-gyakorlatok\/"},"modified":"2025-12-17T16:19:50","modified_gmt":"2025-12-17T16:19:50","slug":"portugal-nyelvtani-gyakorlatok","status":"publish","type":"page","link":"https:\/\/talkpal.ai\/hu\/portugal-nyelvtani-gyakorlatok\/","title":{"rendered":"Portug\u00e1l nyelvtani gyakorlatok"},"content":{"rendered":"\r\n\r\n\r\n<section class=\"languageChallengeSection\">\r\n    <div class=\"languageInfoWrapper\">\r\n        \r\n        <h1>Portug\u00e1l nyelvtani gyakorlatok<\/h1>\r\n        <p>Szeretn\u00e9 meger\u0151s\u00edteni <a href=\"https:\/\/talkpal.ai\/learn-portuguese\/\">portug\u00e1l<\/a> nyelvtud\u00e1s\u00e1t? Ugorjon bele a nyelvtani gyakorlatokba, hogy elsaj\u00e1t\u00edtsa a mondatszerkezetet, az igek\u00f6t\u0151ket \u00e9s a <a href=\"https:\/\/talkpal.ai\/learn-portuguese\/\">portug\u00e1l<\/a> nyelv egyedi mint\u00e1it. Kezdje el gyakorolni a portug\u00e1l nyelvtant most, \u00e9s l\u00e1ssa, hogy \u00f6nbizalma \u00e9s foly\u00e9kony nyelvtud\u00e1sa minden egyes gyakorlattal n\u0151!<\/p>\r\n\r\n                            <a class=\"getStartedHidden\" href=\"https:\/\/app.talkpal.ai\/hu\/signup?lng=\">Kezdj\u00fck<\/a>\r\n        \r\n    <\/div>\r\n\r\n    <figure>\r\n    <img decoding=\"async\" width=\"768\" height=\"768\" src=\"https:\/\/talkpal.ai\/wp-content\/uploads\/2023\/06\/portuguese-768x768.png\" class=\"languageImage no-lazy\" alt=\"Language learning for broader world view\" fetchpriority=\"high\" sizes=\"(max-width: 768px) 150px, 768px\" srcset=\"https:\/\/talkpal.ai\/wp-content\/uploads\/2023\/06\/portuguese-768x768.png 768w, https:\/\/talkpal.ai\/wp-content\/uploads\/2023\/06\/portuguese-300x300.png 300w\" \/>\r\n    \r\n\r\n    <\/figure>\r\n\r\n            <a class=\"getStartedVisible\" href=\"https:\/\/app.talkpal.ai\/hu\/signup?lng=\">Kezdj\u00fck<\/a>\r\n    \r\n<\/section>\r\n\r\n\r\n<!-- <section class=\"grammarSection\">\r\n    <div class=\"grammarLinks\">\r\n            <\/div>\r\n<\/section> -->\r\n\r\n\r\n\r\n\r\n<section class=\"promotionalBanner\">\r\n    <p class=\"promotionalText\">A nyelvtanul\u00e1s leghat\u00e9konyabb m\u00f3dja<\/p>\r\n    <a class=\"promotionalLink\" href=\"https:\/\/app.talkpal.ai\/hu\/signup?lng=\">Pr\u00f3b\u00e1lja ki a Talkpal ingyen<\/a>\r\n<\/section>\n<div class=\"wp-block-group pageContainerStyle\"><div class=\"wp-block-group__inner-container is-layout-constrained wp-block-group-is-layout-constrained\">\n<h2 class=\"wp-block-heading\" id=\"h-portuguese-grammar-topics\">Portug\u00e1l nyelvtani t\u00e9m\u00e1k<\/h2>\n\n\n\n<p>Egy \u00faj nyelv tanul\u00e1sa izgalmas \u00e9s kifizet\u0151d\u0151 \u00e9lm\u00e9ny lehet, \u00e9s ez al\u00f3l a portug\u00e1l sem kiv\u00e9tel. A vil\u00e1g hatodik leggyakrabban besz\u00e9lt nyelvek\u00e9nt sz\u00e1mos lehet\u0151s\u00e9get k\u00edn\u00e1l a szem\u00e9lyes \u00e9s szakmai fejl\u0151d\u00e9sre. A nyelvi bonyolults\u00e1g \u00e9s <a href=\"https:\/\/talkpal.ai\/grammar\/\">nyelvtan<\/a> meg\u00e9rt\u00e9se \u00e9s elsaj\u00e1t\u00edt\u00e1sa gazdag kultur\u00e1lis tapasztalatokhoz vezethet olyan orsz\u00e1gokban, mint Portug\u00e1lia, Braz\u00edlia \u00e9s k\u00fcl\u00f6nb\u00f6z\u0151 afrikai nemzetek. A portug\u00e1l vil\u00e1gba val\u00f3 utaz\u00e1s megk\u00f6nny\u00edt\u00e9se \u00e9rdek\u00e9ben <a href=\"https:\/\/talkpal.ai\/culture\/how-do-you-use-the-demonstrative-pronouns-ez-and-az\/\">ez az<\/a> \u00fatmutat\u00f3 felv\u00e1zolja a k\u00f6vetend\u0151 nyelvtani t\u00e9m\u00e1k sorrendj\u00e9t, biztos\u00edtva, hogy er\u0151s alapot \u00e9p\u00edtsen \u00e9s k\u00e9nyelmes \u00fctemben haladjon.<\/p>\n\n\n\n<h3 class=\"wp-block-heading\" id=\"h-1-articles\">1. Cikkek:<\/h3>\n\n\n\n<p>Kezdje a hat\u00e1rozott \u00e9s hat\u00e1rozatlan n\u00e9vel\u0151k megtanul\u00e1s\u00e1val, amelyek a nyelv alapvet\u0151 \u00e9p\u00edt\u0151k\u00f6vei. Ezek keretet biztos\u00edtanak a mondatokban szerepl\u0151 f\u0151nevek nem\u00e9nek \u00e9s sz\u00e1m\u00e1nak meg\u00e9rt\u00e9s\u00e9hez.<\/p>\n\n\n\n<h3 class=\"wp-block-heading\" id=\"h-2-nouns\">2. F\u0151nevek:<\/h3>\n\n\n\n<p>Ismerje meg a portug\u00e1l f\u0151neveket, bele\u00e9rtve nem\u00fcket (f\u00e9rfias vagy n\u0151ies) \u00e9s sz\u00e1mukat (egyes vagy t\u00f6bbes sz\u00e1m). Ez a tud\u00e1s d\u00f6nt\u0151 fontoss\u00e1g\u00fa lesz a koherens mondatok \u00e9s meg\u00e1llapod\u00e1sok kialak\u00edt\u00e1s\u00e1hoz m\u00e1s elemekkel, p\u00e9ld\u00e1ul mell\u00e9knevekkel.<\/p>\n\n\n\n<h3 class=\"wp-block-heading\" id=\"h-3-adjectives\">3. Mell\u00e9knevek:<\/h3>\n\n\n\n<p>Ismerje meg, hogyan kell le\u00edrni a f\u0151neveket mell\u00e9knevekkel, amelyeknek meg kell egyezni\u00fck a f\u0151n\u00e9vvel a nemben \u00e9s a sz\u00e1mban. Ez n\u00f6veli az \u00f6tletek kifejez\u00e9s\u00e9nek k\u00e9pess\u00e9g\u00e9t \u00e9s a t\u00e1rgyak vagy emberek le\u00edr\u00e1s\u00e1t portug\u00e1lul.<\/p>\n\n\n\n<h3 class=\"wp-block-heading\" id=\"h-4-pronouns\">4. N\u00e9vm\u00e1sok:<\/h3>\n\n\n\n<p>Mer\u00fclj\u00f6n el a n\u00e9vm\u00e1sok vil\u00e1g\u00e1ban, bele\u00e9rtve a szem\u00e9lyes, birtokos, demonstrat\u00edv \u00e9s relat\u00edv n\u00e9vm\u00e1sokat. Ezek helyettes\u00edtik a f\u0151neveket a mondatokban, \u00e9s seg\u00edtenek elker\u00fclni a felesleges ism\u00e9tl\u00e9st.<\/p>\n\n\n\n<h3 class=\"wp-block-heading\" id=\"h-5-verbs\">5. Ig\u00e9k:<\/h3>\n\n\n\n<p>Ismerje meg a <a href=\"https:\/\/talkpal.ai\/hu\/gyakorold-a-portugal-beszedet\/\">portug\u00e1l nyelv<\/a> k\u00fcl\u00f6nb\u00f6z\u0151 igeragoz\u00e1sait, amelyek elengedhetetlenek a cselekv\u00e9sek, esem\u00e9nyek \u00e9s \u00e1llapotok kifejez\u00e9s\u00e9hez. Kezdje a rendszeres ig\u00e9kkel, majd l\u00e9pjen tov\u00e1bb a szab\u00e1lytalan ig\u00e9kre \u00e9s azok k\u00fcl\u00f6nb\u00f6z\u0151 ragoz\u00e1saira.<\/p>\n\n\n\n<h3 class=\"wp-block-heading\" id=\"h-6-tenses-indicative\">6. Igeid\u0151k jelz\u00e9s\u00e9rt\u00e9k\u0171ek:<\/h3>\n\n\n\n<p>Ismerje meg az indikat\u00edv hangulatot, amelyet t\u00e9nyek vagy bizonyoss\u00e1g kifejez\u00e9s\u00e9re haszn\u00e1lnak. Ez mag\u00e1ban foglalja a k\u00fcl\u00f6nb\u00f6z\u0151 id\u0151k, p\u00e9ld\u00e1ul a jelen, a m\u00falt \u00e9s a j\u00f6v\u0151 meg\u00e9rt\u00e9s\u00e9t, valamint a k\u00fcl\u00f6nb\u00f6z\u0151 t\u00edpus\u00fa ig\u00e9k ragoz\u00e1s\u00e1t.<\/p>\n\n\n\n<h3 class=\"wp-block-heading\" id=\"h-7-tenses-subjunctive\">7. Igeid\u0151k k\u00f6t\u0151sz\u00f3:<\/h3>\n\n\n\n<p>Mer\u00fclj\u00f6n el a szubjekt\u00edv hangulatban, amely k\u00e9ts\u00e9get, lehet\u0151s\u00e9get vagy bizonytalans\u00e1got k\u00f6zvet\u00edt. Ez mag\u00e1ban foglalja a jelen, a m\u00falt \u00e9s a j\u00f6v\u0151 k\u00f6t\u0151idej\u00e9nek \u00e9s a megfelel\u0151 ragoz\u00e1s\u00e1nak megtanul\u00e1s\u00e1t.<\/p>\n\n\n\n<h3 class=\"wp-block-heading\" id=\"h-8-tense-comparison\">8. Fesz\u00fclt \u00f6sszehasonl\u00edt\u00e1s:<\/h3>\n\n\n\n<p>Tanulm\u00e1nyozza, hogyan lehet \u00f6sszehasonl\u00edtani \u00e9s szembe\u00e1ll\u00edtani a k\u00fcl\u00f6nb\u00f6z\u0151 id\u0151ket mind az indikat\u00edv, mind a szubjekt\u00edv hangulatokban. Ez seg\u00edt kiv\u00e1lasztani a megfelel\u0151 fesz\u00fclts\u00e9get k\u00fcl\u00f6nb\u00f6z\u0151 kontextusokhoz \u00e9s helyzetekhez.<\/p>\n\n\n\n<h3 class=\"wp-block-heading\" id=\"h-9-adverbs\">9. Hat\u00e1roz\u00f3sz\u00f3k:<\/h3>\n\n\n\n<p>Ismerje meg a hat\u00e1roz\u00f3szavakat, amelyek m\u00f3dos\u00edtj\u00e1k az ig\u00e9ket, mell\u00e9kneveket vagy m\u00e1s hat\u00e1roz\u00f3szavakat, \u00e9s tov\u00e1bbi inform\u00e1ci\u00f3kat ny\u00fajtanak a m\u0171velet m\u00f3dj\u00e1r\u00f3l, hely\u00e9r\u0151l vagy idej\u00e9r\u0151l.<\/p>\n\n\n\n<h3 class=\"wp-block-heading\" id=\"h-10-prepositions\">10. El\u00f6lj\u00e1r\u00f3szavak:<\/h3>\n\n\n\n<p>Ismerje meg a prepoz\u00edci\u00f3k haszn\u00e1lat\u00e1t, amelyek kapcsolatot teremtenek a mondatban szerepl\u0151 szavak k\u00f6z\u00f6tt, mint p\u00e9ld\u00e1ul a hely, az ir\u00e1ny, az id\u0151 vagy a c\u00e9l.<\/p>\n\n\n\n<h3 class=\"wp-block-heading\" id=\"h-11-sentence-structure\">11. Mondatszerkezet:<\/h3>\n\n\n\n<p>V\u00e9g\u00fcl \u00e9rtse meg a portug\u00e1l nyelv alapvet\u0151 mondatszerkezet\u00e9t, bele\u00e9rtve a sz\u00f3rendet, a tagad\u00e1st \u00e9s a k\u00e9rd\u00e9sek kialak\u00edt\u00e1s\u00e1t. Ez lehet\u0151v\u00e9 teszi, hogy \u00e9rtelmes \u00e9s nyelvtanilag helyes mondatokat hozzon l\u00e9tre, lehet\u0151v\u00e9 t\u00e9ve a hat\u00e9kony kommunik\u00e1ci\u00f3t portug\u00e1l nyelven.<\/p>\n<\/div><\/div>\n\r\n<section class=\"learnNavigationSection\">\r\n            \r\n        <a href=\"https:\/\/talkpal.ai\/hu\/tanulj-portugalul\/\">\r\n            <div class=\"learnNavigationWrapper\">\r\n                <div class=\"learnNavigationContent\">\r\n                    <img decoding=\"async\" src=\"https:\/\/talkpal.ai\/wp-content\/uploads\/2024\/08\/Portuguese.jpg\" alt=\"Portuguese Flag\">\r\n                    <div>\r\n                        <h4>A portug\u00e1l tanul\u00e1sr\u00f3l<\/h4>\r\n                        <p>Tudjon meg mindent a portug\u00e1l nyelvtanr\u00f3l.<\/p>\r\n                    <\/div>\r\n                <\/div>\r\n            <\/div>\r\n        <\/a>\r\n\r\n        \r\n        <a href=\"https:\/\/talkpal.ai\/hu\/portugal-nyelvtan\/\">\r\n            <div class=\"learnNavigationWrapper\">\r\n                <div class=\"learnNavigationContent\">\r\n                    <img decoding=\"async\" src=\"https:\/\/talkpal.ai\/wp-content\/uploads\/2024\/08\/Portuguese.jpg\" alt=\"Portuguese Flag\">\r\n                    <div>\r\n                        <h4>Portug\u00e1l nyelvtan \u00f3r\u00e1k<\/h4>\r\n                        <p>Gyakorolja a portug\u00e1l nyelvtant.<\/p>\r\n                    <\/div>\r\n                <\/div>\r\n            <\/div>\r\n        <\/a>\r\n\r\n        \r\n        <a href=\"https:\/\/talkpal.ai\/vocabulary_language\/portuguese\/\">\r\n            <div class=\"learnNavigationWrapper\">\r\n                <div class=\"learnNavigationContent\">\r\n                    <img decoding=\"async\" src=\"https:\/\/talkpal.ai\/wp-content\/uploads\/2024\/08\/Portuguese.jpg\" alt=\"Portuguese Flag\">\r\n                    <div>\r\n                        <h4>Portug\u00e1l sz\u00f3kincs<\/h4>\r\n                        <p>B\u0151v\u00edtse portug\u00e1l sz\u00f3kincs\u00e9t.<\/p>\r\n                    <\/div>\r\n                <\/div>\r\n            <\/div>\r\n        <\/a>\r\n\r\n            <\/section>","protected":false},"excerpt":{"rendered":"<p>Portug\u00e1l nyelvtani t\u00e9m\u00e1k Egy \u00faj nyelv tanul\u00e1sa izgalmas \u00e9s kifizet\u0151d\u0151 \u00e9lm\u00e9ny lehet, \u00e9s ez al\u00f3l a portug\u00e1l sem kiv\u00e9tel. A vil\u00e1g hatodik leggyakrabban besz\u00e9lt nyelvek\u00e9nt sz\u00e1mos lehet\u0151s\u00e9get k\u00edn\u00e1l a szem\u00e9lyes \u00e9s szakmai fejl\u0151d\u00e9sre. A nyelvi bonyolults\u00e1g \u00e9s nyelvtan meg\u00e9rt\u00e9se \u00e9s elsaj\u00e1t\u00edt\u00e1sa gazdag kultur\u00e1lis tapasztalatokhoz vezethet olyan orsz\u00e1gokban, mint Portug\u00e1lia, Braz\u00edlia \u00e9s k\u00fcl\u00f6nb\u00f6z\u0151 afrikai nemzetek. A [&hellip;]<\/p>\n","protected":false},"author":6,"featured_media":107805,"parent":0,"menu_order":0,"comment_status":"closed","ping_status":"closed","template":"LearningContentPage.php","meta":{"_acf_changed":false,"footnotes":""},"class_list":["post-135446","page","type-page","status-publish","has-post-thumbnail","hentry"],"acf":[],"yoast_head":"<!-- This site is optimized with the Yoast SEO Premium plugin v27.2 (Yoast SEO v27.2) - https:\/\/yoast.com\/product\/yoast-seo-premium-wordpress\/ -->\n<title>Portug\u00e1l nyelvtani gyakorlatok - Talkpal<\/title>\n<meta name=\"description\" content=\"Er\u0151s\u00edtse portug\u00e1l nyelvtani ismereteit minden szintre tervezett interakt\u00edv gyakorlatokkal.\" \/>\n<meta name=\"robots\" content=\"index, follow, max-snippet:-1, max-image-preview:large, max-video-preview:-1\" \/>\n<link rel=\"canonical\" href=\"https:\/\/talkpal.ai\/hu\/portugal-nyelvtani-gyakorlatok\/\" \/>\n<meta property=\"og:locale\" content=\"hu_HU\" \/>\n<meta property=\"og:type\" content=\"article\" \/>\n<meta property=\"og:title\" content=\"Portug\u00e1l nyelvtani gyakorlatok\" \/>\n<meta property=\"og:description\" content=\"Portug\u00e1l nyelvtani t\u00e9m\u00e1k Egy \u00faj nyelv tanul\u00e1sa izgalmas \u00e9s kifizet\u0151d\u0151 \u00e9lm\u00e9ny lehet, \u00e9s ez al\u00f3l a portug\u00e1l sem kiv\u00e9tel. A vil\u00e1g hatodik leggyakrabban\" \/>\n<meta property=\"og:url\" content=\"https:\/\/talkpal.ai\/hu\/portugal-nyelvtani-gyakorlatok\/\" \/>\n<meta property=\"og:site_name\" content=\"Talkpal\" \/>\n<meta property=\"article:publisher\" content=\"https:\/\/www.facebook.com\/profile.php?id=100090733639311\" \/>\n<meta property=\"article:modified_time\" content=\"2025-12-17T16:19:50+00:00\" \/>\n<meta property=\"og:image\" content=\"https:\/\/talkpal.ai\/wp-content\/uploads\/2023\/04\/portugal.png\" \/>\n\t<meta property=\"og:image:width\" content=\"512\" \/>\n\t<meta property=\"og:image:height\" content=\"512\" \/>\n\t<meta property=\"og:image:type\" content=\"image\/png\" \/>\n<meta name=\"twitter:card\" content=\"summary_large_image\" \/>\n<meta name=\"twitter:site\" content=\"@talkpalai\" \/>\n<meta name=\"twitter:label1\" content=\"Becs\u00fclt olvas\u00e1si id\u0151\" \/>\n\t<meta name=\"twitter:data1\" content=\"3 perc\" \/>\n<script type=\"application\/ld+json\" class=\"yoast-schema-graph\">{\"@context\":\"https:\/\/schema.org\",\"@graph\":[{\"@type\":\"WebPage\",\"@id\":\"https:\/\/talkpal.ai\/hu\/portugal-nyelvtani-gyakorlatok\/\",\"url\":\"https:\/\/talkpal.ai\/hu\/portugal-nyelvtani-gyakorlatok\/\",\"name\":\"Portug\u00e1l nyelvtani gyakorlatok - Talkpal\",\"isPartOf\":{\"@id\":\"https:\/\/talkpal.ai\/hu\/#website\"},\"primaryImageOfPage\":{\"@id\":\"https:\/\/talkpal.ai\/hu\/portugal-nyelvtani-gyakorlatok\/#primaryimage\"},\"image\":{\"@id\":\"https:\/\/talkpal.ai\/hu\/portugal-nyelvtani-gyakorlatok\/#primaryimage\"},\"thumbnailUrl\":\"https:\/\/talkpal.ai\/wp-content\/uploads\/2023\/04\/portugal.png\",\"datePublished\":\"2023-06-16T10:42:00+00:00\",\"dateModified\":\"2025-12-17T16:19:50+00:00\",\"description\":\"Er\u0151s\u00edtse portug\u00e1l nyelvtani ismereteit minden szintre tervezett interakt\u00edv gyakorlatokkal.\",\"breadcrumb\":{\"@id\":\"https:\/\/talkpal.ai\/hu\/portugal-nyelvtani-gyakorlatok\/#breadcrumb\"},\"inLanguage\":\"hu\",\"potentialAction\":[{\"@type\":\"ReadAction\",\"target\":[\"https:\/\/talkpal.ai\/hu\/portugal-nyelvtani-gyakorlatok\/\"]}]},{\"@type\":\"ImageObject\",\"inLanguage\":\"hu\",\"@id\":\"https:\/\/talkpal.ai\/hu\/portugal-nyelvtani-gyakorlatok\/#primaryimage\",\"url\":\"https:\/\/talkpal.ai\/wp-content\/uploads\/2023\/04\/portugal.png\",\"contentUrl\":\"https:\/\/talkpal.ai\/wp-content\/uploads\/2023\/04\/portugal.png\",\"width\":512,\"height\":512},{\"@type\":\"BreadcrumbList\",\"@id\":\"https:\/\/talkpal.ai\/hu\/portugal-nyelvtani-gyakorlatok\/#breadcrumb\",\"itemListElement\":[{\"@type\":\"ListItem\",\"position\":1,\"name\":\"Homepage\",\"item\":\"https:\/\/talkpal.ai\/hu\/\"},{\"@type\":\"ListItem\",\"position\":2,\"name\":\"Portug\u00e1l nyelvtani gyakorlatok\"}]},{\"@type\":\"WebSite\",\"@id\":\"https:\/\/talkpal.ai\/hu\/#website\",\"url\":\"https:\/\/talkpal.ai\/hu\/\",\"name\":\"Talkpal\",\"description\":\"AI Language Learning\",\"publisher\":{\"@id\":\"https:\/\/talkpal.ai\/hu\/#organization\"},\"alternateName\":\"Talkpal AI\",\"potentialAction\":[{\"@type\":\"SearchAction\",\"target\":{\"@type\":\"EntryPoint\",\"urlTemplate\":\"https:\/\/talkpal.ai\/hu\/?s={search_term_string}\"},\"query-input\":{\"@type\":\"PropertyValueSpecification\",\"valueRequired\":true,\"valueName\":\"search_term_string\"}}],\"inLanguage\":\"hu\"},{\"@type\":\"Organization\",\"@id\":\"https:\/\/talkpal.ai\/hu\/#organization\",\"name\":\"Talkpal, Inc.\",\"alternateName\":\"Talkpal AI\",\"url\":\"https:\/\/talkpal.ai\/hu\/\",\"logo\":{\"@type\":\"ImageObject\",\"inLanguage\":\"hu\",\"@id\":\"https:\/\/talkpal.ai\/hu\/#\/schema\/logo\/image\/\",\"url\":\"https:\/\/talkpal.ai\/wp-content\/uploads\/2024\/03\/Talkpal-Logo-Icon.png\",\"contentUrl\":\"https:\/\/talkpal.ai\/wp-content\/uploads\/2024\/03\/Talkpal-Logo-Icon.png\",\"width\":2880,\"height\":2880,\"caption\":\"Talkpal, Inc.\"},\"image\":{\"@id\":\"https:\/\/talkpal.ai\/hu\/#\/schema\/logo\/image\/\"},\"sameAs\":[\"https:\/\/www.facebook.com\/profile.php?id=100090733639311\",\"https:\/\/x.com\/talkpalai\",\"https:\/\/www.linkedin.com\/company\/talkpal\/\",\"https:\/\/www.youtube.com\/@TalkPal\/\",\"https:\/\/www.tiktok.com\/@talkpal\",\"https:\/\/www.instagram.com\/talkpal_ai\/\",\"https:\/\/www.crunchbase.com\/organization\/talkpal-9cde\",\"https:\/\/www.g2.com\/products\/talkpal-for-business\/\",\"https:\/\/www.trustpilot.com\/review\/talkpal.ai\",\"https:\/\/www.capterra.com\/p\/10006800\/TalkPal\/\"],\"description\":\"Talkpal is a language learning web and mobile education app, powered by the latest AI technologies, that provides engaging experiences to its customers in many different languages to help them improve their language skills. Users can chat about unlimited amount of topics with the app and use other modes to practice their language learning.\",\"email\":\"support@talkpal.ai\",\"legalName\":\"Talkpal, Inc.\",\"foundingDate\":\"2023-04-03\",\"duns\":\"118989042\",\"numberOfEmployees\":{\"@type\":\"QuantitativeValue\",\"minValue\":\"11\",\"maxValue\":\"50\"},\"publishingPrinciples\":\"https:\/\/talkpal.ai\/publishing-principles\/\",\"actionableFeedbackPolicy\":\"https:\/\/talkpal.ai\/actionable-feedback-policy\/\",\"correctionsPolicy\":\"https:\/\/talkpal.ai\/corrections-policy\/\",\"ethicsPolicy\":\"https:\/\/talkpal.ai\/ethics-policy\/\",\"diversityPolicy\":\"https:\/\/talkpal.ai\/diversity-policy\/\",\"diversityStaffingReport\":\"https:\/\/talkpal.ai\/diversity-policy\/\"}]}<\/script>\n<!-- \/ Yoast SEO Premium plugin. -->","yoast_head_json":{"title":"Portug\u00e1l nyelvtani gyakorlatok - Talkpal","description":"Er\u0151s\u00edtse portug\u00e1l nyelvtani ismereteit minden szintre tervezett interakt\u00edv gyakorlatokkal.","robots":{"index":"index","follow":"follow","max-snippet":"max-snippet:-1","max-image-preview":"max-image-preview:large","max-video-preview":"max-video-preview:-1"},"canonical":"https:\/\/talkpal.ai\/hu\/portugal-nyelvtani-gyakorlatok\/","og_locale":"hu_HU","og_type":"article","og_title":"Portug\u00e1l nyelvtani gyakorlatok","og_description":"Portug\u00e1l nyelvtani t\u00e9m\u00e1k Egy \u00faj nyelv tanul\u00e1sa izgalmas \u00e9s kifizet\u0151d\u0151 \u00e9lm\u00e9ny lehet, \u00e9s ez al\u00f3l a portug\u00e1l sem kiv\u00e9tel. A vil\u00e1g hatodik leggyakrabban","og_url":"https:\/\/talkpal.ai\/hu\/portugal-nyelvtani-gyakorlatok\/","og_site_name":"Talkpal","article_publisher":"https:\/\/www.facebook.com\/profile.php?id=100090733639311","article_modified_time":"2025-12-17T16:19:50+00:00","og_image":[{"width":512,"height":512,"url":"https:\/\/talkpal.ai\/wp-content\/uploads\/2023\/04\/portugal.png","type":"image\/png"}],"twitter_card":"summary_large_image","twitter_site":"@talkpalai","twitter_misc":{"Becs\u00fclt olvas\u00e1si id\u0151":"3 perc"},"schema":{"@context":"https:\/\/schema.org","@graph":[{"@type":"WebPage","@id":"https:\/\/talkpal.ai\/hu\/portugal-nyelvtani-gyakorlatok\/","url":"https:\/\/talkpal.ai\/hu\/portugal-nyelvtani-gyakorlatok\/","name":"Portug\u00e1l nyelvtani gyakorlatok - Talkpal","isPartOf":{"@id":"https:\/\/talkpal.ai\/hu\/#website"},"primaryImageOfPage":{"@id":"https:\/\/talkpal.ai\/hu\/portugal-nyelvtani-gyakorlatok\/#primaryimage"},"image":{"@id":"https:\/\/talkpal.ai\/hu\/portugal-nyelvtani-gyakorlatok\/#primaryimage"},"thumbnailUrl":"https:\/\/talkpal.ai\/wp-content\/uploads\/2023\/04\/portugal.png","datePublished":"2023-06-16T10:42:00+00:00","dateModified":"2025-12-17T16:19:50+00:00","description":"Er\u0151s\u00edtse portug\u00e1l nyelvtani ismereteit minden szintre tervezett interakt\u00edv gyakorlatokkal.","breadcrumb":{"@id":"https:\/\/talkpal.ai\/hu\/portugal-nyelvtani-gyakorlatok\/#breadcrumb"},"inLanguage":"hu","potentialAction":[{"@type":"ReadAction","target":["https:\/\/talkpal.ai\/hu\/portugal-nyelvtani-gyakorlatok\/"]}]},{"@type":"ImageObject","inLanguage":"hu","@id":"https:\/\/talkpal.ai\/hu\/portugal-nyelvtani-gyakorlatok\/#primaryimage","url":"https:\/\/talkpal.ai\/wp-content\/uploads\/2023\/04\/portugal.png","contentUrl":"https:\/\/talkpal.ai\/wp-content\/uploads\/2023\/04\/portugal.png","width":512,"height":512},{"@type":"BreadcrumbList","@id":"https:\/\/talkpal.ai\/hu\/portugal-nyelvtani-gyakorlatok\/#breadcrumb","itemListElement":[{"@type":"ListItem","position":1,"name":"Homepage","item":"https:\/\/talkpal.ai\/hu\/"},{"@type":"ListItem","position":2,"name":"Portug\u00e1l nyelvtani gyakorlatok"}]},{"@type":"WebSite","@id":"https:\/\/talkpal.ai\/hu\/#website","url":"https:\/\/talkpal.ai\/hu\/","name":"Talkpal","description":"AI Language Learning","publisher":{"@id":"https:\/\/talkpal.ai\/hu\/#organization"},"alternateName":"Talkpal AI","potentialAction":[{"@type":"SearchAction","target":{"@type":"EntryPoint","urlTemplate":"https:\/\/talkpal.ai\/hu\/?s={search_term_string}"},"query-input":{"@type":"PropertyValueSpecification","valueRequired":true,"valueName":"search_term_string"}}],"inLanguage":"hu"},{"@type":"Organization","@id":"https:\/\/talkpal.ai\/hu\/#organization","name":"Talkpal, Inc.","alternateName":"Talkpal AI","url":"https:\/\/talkpal.ai\/hu\/","logo":{"@type":"ImageObject","inLanguage":"hu","@id":"https:\/\/talkpal.ai\/hu\/#\/schema\/logo\/image\/","url":"https:\/\/talkpal.ai\/wp-content\/uploads\/2024\/03\/Talkpal-Logo-Icon.png","contentUrl":"https:\/\/talkpal.ai\/wp-content\/uploads\/2024\/03\/Talkpal-Logo-Icon.png","width":2880,"height":2880,"caption":"Talkpal, Inc."},"image":{"@id":"https:\/\/talkpal.ai\/hu\/#\/schema\/logo\/image\/"},"sameAs":["https:\/\/www.facebook.com\/profile.php?id=100090733639311","https:\/\/x.com\/talkpalai","https:\/\/www.linkedin.com\/company\/talkpal\/","https:\/\/www.youtube.com\/@TalkPal\/","https:\/\/www.tiktok.com\/@talkpal","https:\/\/www.instagram.com\/talkpal_ai\/","https:\/\/www.crunchbase.com\/organization\/talkpal-9cde","https:\/\/www.g2.com\/products\/talkpal-for-business\/","https:\/\/www.trustpilot.com\/review\/talkpal.ai","https:\/\/www.capterra.com\/p\/10006800\/TalkPal\/"],"description":"Talkpal is a language learning web and mobile education app, powered by the latest AI technologies, that provides engaging experiences to its customers in many different languages to help them improve their language skills. Users can chat about unlimited amount of topics with the app and use other modes to practice their language learning.","email":"support@talkpal.ai","legalName":"Talkpal, Inc.","foundingDate":"2023-04-03","duns":"118989042","numberOfEmployees":{"@type":"QuantitativeValue","minValue":"11","maxValue":"50"},"publishingPrinciples":"https:\/\/talkpal.ai\/publishing-principles\/","actionableFeedbackPolicy":"https:\/\/talkpal.ai\/actionable-feedback-policy\/","correctionsPolicy":"https:\/\/talkpal.ai\/corrections-policy\/","ethicsPolicy":"https:\/\/talkpal.ai\/ethics-policy\/","diversityPolicy":"https:\/\/talkpal.ai\/diversity-policy\/","diversityStaffingReport":"https:\/\/talkpal.ai\/diversity-policy\/"}]}},"_links":{"self":[{"href":"https:\/\/talkpal.ai\/hu\/wp-json\/wp\/v2\/pages\/135446","targetHints":{"allow":["GET"]}}],"collection":[{"href":"https:\/\/talkpal.ai\/hu\/wp-json\/wp\/v2\/pages"}],"about":[{"href":"https:\/\/talkpal.ai\/hu\/wp-json\/wp\/v2\/types\/page"}],"author":[{"embeddable":true,"href":"https:\/\/talkpal.ai\/hu\/wp-json\/wp\/v2\/users\/6"}],"replies":[{"embeddable":true,"href":"https:\/\/talkpal.ai\/hu\/wp-json\/wp\/v2\/comments?post=135446"}],"version-history":[{"count":0,"href":"https:\/\/talkpal.ai\/hu\/wp-json\/wp\/v2\/pages\/135446\/revisions"}],"wp:featuredmedia":[{"embeddable":true,"href":"https:\/\/talkpal.ai\/hu\/wp-json\/wp\/v2\/media\/107805"}],"wp:attachment":[{"href":"https:\/\/talkpal.ai\/hu\/wp-json\/wp\/v2\/media?parent=135446"}],"curies":[{"name":"wp","href":"https:\/\/api.w.org\/{rel}","templated":true}]}}