{"id":135087,"date":"2023-06-16T10:27:33","date_gmt":"2023-06-16T10:27:33","guid":{"rendered":"http:\/\/talkpal.ai\/koreai-nyelvtani-gyakorlatok\/"},"modified":"2025-12-17T16:57:59","modified_gmt":"2025-12-17T16:57:59","slug":"koreai-nyelvtani-gyakorlatok","status":"publish","type":"page","link":"https:\/\/talkpal.ai\/hu\/koreai-nyelvtani-gyakorlatok\/","title":{"rendered":"Koreai nyelvtani gyakorlatok"},"content":{"rendered":"\r\n\r\n\r\n<section class=\"languageChallengeSection\">\r\n    <div class=\"languageInfoWrapper\">\r\n        \r\n        <h1>Koreai nyelvtani gyakorlatok<\/h1>\r\n        <p>Szeretn\u00e9 meger\u0151s\u00edteni <a href=\"https:\/\/talkpal.ai\/learn-korean\/\">koreai<\/a> nyelvtud\u00e1s\u00e1t? A nyelvtani gyakorlatokra val\u00f3 \u00f6sszpontos\u00edt\u00e1s remek m\u00f3dja a mondatszerkezet, az igek\u00f6t\u0151k \u00e9s a mindennapi kifejez\u00e9sek elsaj\u00e1t\u00edt\u00e1s\u00e1nak. Mer\u00fclj\u00f6n el \u00e9s gyakorolja rendszeresen a <a href=\"https:\/\/talkpal.ai\/learn-korean\/\">koreai<\/a> nyelvtant &#8211; minden egyes gyakorlat k\u00f6zelebb visz a term\u00e9szetes, magabiztos kommunik\u00e1ci\u00f3hoz. Kezdje el m\u00e9g ma, \u00e9s n\u00e9zze, ahogy koreai nyelvtud\u00e1sa l\u00e9p\u00e9sr\u0151l l\u00e9p\u00e9sre fejl\u0151dik!<\/p>\r\n\r\n                            <a class=\"getStartedHidden\" href=\"https:\/\/app.talkpal.ai\/hu\/signup?lng=\">Kezdj\u00fck<\/a>\r\n        \r\n    <\/div>\r\n\r\n    <figure>\r\n    <img decoding=\"async\" width=\"768\" height=\"768\" src=\"https:\/\/talkpal.ai\/wp-content\/uploads\/2023\/06\/korean-768x768.png\" class=\"languageImage no-lazy\" alt=\"Line-by-line learning for language acquisition\" fetchpriority=\"high\" sizes=\"(max-width: 768px) 150px, 768px\" srcset=\"https:\/\/talkpal.ai\/wp-content\/uploads\/2023\/06\/korean-768x768.png 768w, https:\/\/talkpal.ai\/wp-content\/uploads\/2023\/06\/korean-300x300.png 300w\" \/>\r\n    \r\n\r\n    <\/figure>\r\n\r\n            <a class=\"getStartedVisible\" href=\"https:\/\/app.talkpal.ai\/hu\/signup?lng=\">Kezdj\u00fck<\/a>\r\n    \r\n<\/section>\r\n\r\n\r\n<!-- <section class=\"grammarSection\">\r\n    <div class=\"grammarLinks\">\r\n            <\/div>\r\n<\/section> -->\r\n\r\n\r\n\r\n\r\n<section class=\"promotionalBanner\">\r\n    <p class=\"promotionalText\">A nyelvtanul\u00e1s leghat\u00e9konyabb m\u00f3dja<\/p>\r\n    <a class=\"promotionalLink\" href=\"https:\/\/app.talkpal.ai\/hu\/signup?lng=\">Pr\u00f3b\u00e1lja ki a Talkpal ingyen<\/a>\r\n<\/section>\n<div class=\"wp-block-group pageContainerStyle\"><div class=\"wp-block-group__inner-container is-layout-constrained wp-block-group-is-layout-constrained\">\n<h2 class=\"wp-block-heading\" id=\"h-korean-grammar-topics\">Koreai nyelvtani t\u00e9m\u00e1k<\/h2>\n\n\n\n<p>A koreai nyelv tanul\u00e1sa izgalmas \u00e9s kifizet\u0151d\u0151 \u00e9lm\u00e9ny lehet, mivel \u00faj kultur\u00e1lis \u00e9s szakmai lehet\u0151s\u00e9geket nyit meg. A koreai nyelv gazdag t\u00f6rt\u00e9nelemmel rendelkezik, \u00e9s vil\u00e1gszerte t\u00f6bb milli\u00f3 ember besz\u00e9l. B\u00e1rmely nyelv tanul\u00e1s\u00e1nak egyik legfontosabb szempontja a <a href=\"https:\/\/talkpal.ai\/grammar\/\">nyelvtan<\/a> meg\u00e9rt\u00e9se. A koreai nyelv eset\u00e9ben a nyelvtan meglehet\u0151sen k\u00fcl\u00f6nb\u00f6zik sok nyugati nyelvt\u0151l, de a helyes megk\u00f6zel\u00edt\u00e9ssel szisztematikusan megragadhat\u00f3. Ebben a cikkben k\u00fcl\u00f6nf\u00e9le koreai nyelvtani t\u00e9m\u00e1kat fogunk megvizsg\u00e1lni, bele\u00e9rtve az igeid\u0151t, ig\u00e9ket, f\u0151neveket, cikkeket, n\u00e9vm\u00e1sokat, mell\u00e9kneveket, hat\u00e1roz\u00f3szavakat, el\u00f6lj\u00e1r\u00f3szavakat \u00e9s mondatszerkezetet. Ezeknek a fogalmaknak a meg\u00e9rt\u00e9s\u00e9vel \u00e9s elsaj\u00e1t\u00edt\u00e1s\u00e1val j\u00f3 \u00faton halad a koreai nyelvtud\u00e1s fel\u00e9.<\/p>\n\n\n\n<h3 class=\"wp-block-heading\" id=\"h-1-nouns\">1. F\u0151nevek:<\/h3>\n\n\n\n<p>A koreai nyelvben a f\u0151nevek a mondatok alapvet\u0151 \u00e9p\u00edt\u0151k\u00f6vei. Embereket, helyeket, dolgokat vagy \u00f6tleteket k\u00e9pviselnek. A koreai f\u0151neveknek nincs nemi vagy sz\u00e1mbeli megk\u00fcl\u00f6nb\u00f6ztet\u00e9s\u00fck, \u00edgy viszonylag egyszer\u0171 megtanulni. A k\u00f6z\u00f6s koreai f\u0151nevek megismer\u00e9se seg\u00edt egy er\u0151s sz\u00f3kincs alap kialak\u00edt\u00e1s\u00e1ban.<\/p>\n\n\n\n<h3 class=\"wp-block-heading\" id=\"h-2-verbs\">2. Ig\u00e9k:<\/h3>\n\n\n\n<p>A koreai ig\u00e9k kritikusak a cselekv\u00e9sek \u00e9s l\u00e9t\u00e1llapotok k\u00f6zvet\u00edt\u00e9s\u00e9ben. \u00c1ltal\u00e1ban a mondat v\u00e9g\u00e9n j\u00f6nnek, \u00e9s a fesz\u00fclts\u00e9g \u00e9s az udvariass\u00e1g szintj\u00e9t\u0151l f\u00fcgg\u0151en k\u00fcl\u00f6nb\u00f6z\u0151 form\u00e1j\u00faak. A k\u00fcl\u00f6nb\u00f6z\u0151 igealakok ragoz\u00e1si szab\u00e1lyainak meg\u00e9rt\u00e9se elengedhetetlen a hat\u00e9kony koreai kommunik\u00e1ci\u00f3hoz.<\/p>\n\n\n\n<h3 class=\"wp-block-heading\" id=\"h-3-adjectives\">3. Mell\u00e9knevek:<\/h3>\n\n\n\n<p>A koreai nyelvben a mell\u00e9kneveket a f\u0151nevek le\u00edr\u00e1s\u00e1ra haszn\u00e1lj\u00e1k, \u00e9s hasonl\u00f3 konjug\u00e1ci\u00f3s szab\u00e1lyokkal rendelkeznek, mint az ig\u00e9k. F\u0151n\u00e9v el\u0151tt vagy ut\u00e1n haszn\u00e1lhat\u00f3k, \u00e9s form\u00e1juk a fesz\u00fclts\u00e9g \u00e9s az udvariass\u00e1g szintj\u00e9t\u0151l f\u00fcgg\u0151en v\u00e1ltozhat. A gyakori mell\u00e9knevek \u00e9s haszn\u00e1latuk megtanul\u00e1sa jav\u00edtja le\u00edr\u00f3 k\u00e9pess\u00e9geit koreai nyelven.<\/p>\n\n\n\n<h3 class=\"wp-block-heading\" id=\"h-4-adverbs\">4. Hat\u00e1roz\u00f3sz\u00f3k:<\/h3>\n\n\n\n<p>A koreai nyelv\u0171 hat\u00e1roz\u00f3szavak tov\u00e1bbi inform\u00e1ci\u00f3t ny\u00fajtanak az ig\u00e9kr\u0151l, mell\u00e9knevekr\u0151l \u00e9s m\u00e1s hat\u00e1roz\u00f3sz\u00f3kr\u00f3l. \u00c1ltal\u00e1ban az \u00e1ltaluk m\u00f3dos\u00edtott sz\u00f3 el\u0151tt \u00e1llnak, \u00e9s nincsenek konkr\u00e9t ragoz\u00e1si szab\u00e1lyaik. A hat\u00e1roz\u00f3szavak be\u00e9p\u00edt\u00e9se a koreai mondatokba m\u00e9lys\u00e9get \u00e9s \u00e1rnyalatot adhat a kifejez\u00e9snek.<\/p>\n\n\n\n<h3 class=\"wp-block-heading\" id=\"h-5-pronouns\">5. N\u00e9vm\u00e1sok:<\/h3>\n\n\n\n<p>A koreai n\u00e9vm\u00e1sok seg\u00edtenek elker\u00fclni a redundanci\u00e1t \u00e9s t\u00f6m\u00f6rebb\u00e9 teszik a mondatokat. Ezek helyettes\u00edtik a m\u00e1r eml\u00edtett vagy kontextusban meg\u00e9rtett f\u0151neveket. A koreai n\u00e9vm\u00e1soknak az alany t\u00e1rsadalmi st\u00e1tusza \u00e9s neme szerint k\u00fcl\u00f6nb\u00f6z\u0151 form\u00e1i vannak, ez\u00e9rt a nyelv egyik fontos aspektusa, amelyet el kell saj\u00e1t\u00edtani.<\/p>\n\n\n\n<h3 class=\"wp-block-heading\" id=\"h-6-prepositions\">6. El\u00f6lj\u00e1r\u00f3szavak:<\/h3>\n\n\n\n<p>A koreai nyelvben az el\u00f6lj\u00e1r\u00f3szavakat a mondatban szerepl\u0151 f\u0151nevek k\u00f6z\u00f6tti kapcsolatok kifejez\u00e9s\u00e9re haszn\u00e1lj\u00e1k, p\u00e9ld\u00e1ul a helyet, az ir\u00e1nyt vagy a birtokl\u00e1st. Az angolt\u00f3l elt\u00e9r\u0151en a koreai prepoz\u00edci\u00f3k \u00e1ltal\u00e1ban az \u00e1ltaluk m\u00f3dos\u00edtott f\u0151n\u00e9v ut\u00e1n j\u00f6nnek, \u00e9s egyetlen egys\u00e9get alkotnak, amelyet posztpoz\u00edci\u00f3s kifejez\u00e9snek neveznek. Ezeknek a r\u00e9szecsk\u00e9knek a helyes haszn\u00e1lat\u00e1nak meg\u00e9rt\u00e9se elengedhetetlen a koherens koreai mondatok fel\u00e9p\u00edt\u00e9s\u00e9hez.<\/p>\n\n\n\n<h3 class=\"wp-block-heading\" id=\"h-7-sentence-structure\">7. Mondatszerkezet:<\/h3>\n\n\n\n<p>A koreai mondat alapvet\u0151 szerkezete az alany-objektum-ige (SOV). Ez azt jelenti, hogy az ige \u00e1ltal\u00e1ban az utols\u00f3 a mondatban, <a href=\"https:\/\/talkpal.ai\/locations\/language-courses-in-ami\/\">ami<\/a> jelent\u0151s v\u00e1ltoz\u00e1s lehet az angolul besz\u00e9l\u0151k sz\u00e1m\u00e1ra. A megfelel\u0151 sz\u00f3rend \u00e9s mondatszerkezet megtanul\u00e1sa lehet\u0151v\u00e9 teszi, hogy hat\u00e9konyabban kommunik\u00e1ljon koreaiul.<\/p>\n\n\n\n<h3 class=\"wp-block-heading\" id=\"h-8-tenses-indicative-and-subjunctive\">8. Indikat\u00edv \u00e9s szubjekt\u00edv id\u0151k:<\/h3>\n\n\n\n<p>A koreai nyelvnek k\u00fcl\u00f6nb\u00f6z\u0151 igealakjai vannak a m\u00falt, a jelen \u00e9s a j\u00f6v\u0151beli cselekv\u00e9sek vagy \u00e1llapotok kifejez\u00e9s\u00e9re. Az indikat\u00edv hangulatot t\u00e9ny\u00e1ll\u00edt\u00e1sokhoz haszn\u00e1lj\u00e1k, m\u00edg a szubjekt\u00edv hangulat bizonytalans\u00e1got, lehet\u0151s\u00e9get vagy hipotetikus helyzeteket k\u00f6zvet\u00edt. Ezeknek az igealakoknak a felismer\u00e9se \u00e9s helyes haszn\u00e1lata elengedhetetlen a koreai nyelv\u0171 tiszta kommunik\u00e1ci\u00f3hoz.<\/p>\n\n\n\n<h3 class=\"wp-block-heading\" id=\"h-9-tense-comparison\">9. Fesz\u00fclt \u00f6sszehasonl\u00edt\u00e1s:<\/h3>\n\n\n\n<p>Az esem\u00e9nyek k\u00fcl\u00f6nb\u00f6z\u0151 id\u0151keretekben t\u00f6rt\u00e9n\u0151 \u00f6sszehasonl\u00edt\u00e1s\u00e1hoz meg kell \u00e9rteni a koreai igeragoz\u00e1s \u00e1rnyalatait. Ha megtanulja, hogyan hasonl\u00edtsa \u00f6ssze a m\u00faltbeli, jelenlegi \u00e9s j\u00f6v\u0151beli esem\u00e9nyeket a megfelel\u0151 igeform\u00e1k haszn\u00e1lat\u00e1val, \u00f6sszetett gondolatokat \u00e9s kapcsolatokat k\u00f6zvet\u00edthet koreaiul.<\/p>\n\n\n\n<h3 class=\"wp-block-heading\" id=\"h-10-articles\">10. Cikkek:<\/h3>\n\n\n\n<p>Az angolt\u00f3l elt\u00e9r\u0151en a koreai nyelvnek nincs hat\u00e1rozott vagy hat\u00e1rozatlan cikke. Ehelyett a nyelv a kontextusra \u00e9s bizonyos r\u00e9szecsk\u00e9k haszn\u00e1lat\u00e1ra t\u00e1maszkodik a f\u0151n\u00e9v hat\u00e1rozotts\u00e1g\u00e1nak vagy hat\u00e1rozatlans\u00e1g\u00e1nak k\u00f6zvet\u00edt\u00e9s\u00e9re. Ezeknek a r\u00e9szecsk\u00e9knek az elsaj\u00e1t\u00edt\u00e1sa lehet\u0151v\u00e9 teszi, hogy pontosabban fejezze ki mag\u00e1t koreaiul.<\/p>\n<\/div><\/div>\n\r\n<section class=\"learnNavigationSection\">\r\n            \r\n        <a href=\"https:\/\/talkpal.ai\/hu\/tanuljon-koreaiul\/\">\r\n            <div class=\"learnNavigationWrapper\">\r\n                <div class=\"learnNavigationContent\">\r\n                    <img decoding=\"async\" src=\"https:\/\/talkpal.ai\/wp-content\/uploads\/2024\/08\/Korean.jpg\" alt=\"Korean Flag\">\r\n                    <div>\r\n                        <h4>A koreai tanul\u00e1sr\u00f3l<\/h4>\r\n                        <p>Tudjon meg mindent a koreai nyelvtanr\u00f3l.<\/p>\r\n                    <\/div>\r\n                <\/div>\r\n            <\/div>\r\n        <\/a>\r\n\r\n        \r\n        <a href=\"https:\/\/talkpal.ai\/hu\/koreai-nyelvtan\/\">\r\n            <div class=\"learnNavigationWrapper\">\r\n                <div class=\"learnNavigationContent\">\r\n                    <img decoding=\"async\" src=\"https:\/\/talkpal.ai\/wp-content\/uploads\/2024\/08\/Korean.jpg\" alt=\"Korean Flag\">\r\n                    <div>\r\n                        <h4>Koreai nyelvtan leck\u00e9k<\/h4>\r\n                        <p>Gyakorolja a koreai nyelvtant.<\/p>\r\n                    <\/div>\r\n                <\/div>\r\n            <\/div>\r\n        <\/a>\r\n\r\n        \r\n        <a href=\"https:\/\/talkpal.ai\/vocabulary_language\/korean\/\">\r\n            <div class=\"learnNavigationWrapper\">\r\n                <div class=\"learnNavigationContent\">\r\n                    <img decoding=\"async\" src=\"https:\/\/talkpal.ai\/wp-content\/uploads\/2024\/08\/Korean.jpg\" alt=\"Korean Flag\">\r\n                    <div>\r\n                        <h4>Koreai sz\u00f3kincs<\/h4>\r\n                        <p>B\u0151v\u00edtse koreai sz\u00f3kincs\u00e9t.<\/p>\r\n                    <\/div>\r\n                <\/div>\r\n            <\/div>\r\n        <\/a>\r\n\r\n            <\/section>","protected":false},"excerpt":{"rendered":"<p>Koreai nyelvtani t\u00e9m\u00e1k A koreai nyelv tanul\u00e1sa izgalmas \u00e9s kifizet\u0151d\u0151 \u00e9lm\u00e9ny lehet, mivel \u00faj kultur\u00e1lis \u00e9s szakmai lehet\u0151s\u00e9geket nyit meg. A koreai nyelv gazdag t\u00f6rt\u00e9nelemmel rendelkezik, \u00e9s vil\u00e1gszerte t\u00f6bb milli\u00f3 ember besz\u00e9l. B\u00e1rmely nyelv tanul\u00e1s\u00e1nak egyik legfontosabb szempontja a nyelvtan meg\u00e9rt\u00e9se. A koreai nyelv eset\u00e9ben a nyelvtan meglehet\u0151sen k\u00fcl\u00f6nb\u00f6zik sok nyugati nyelvt\u0151l, de a helyes [&hellip;]<\/p>\n","protected":false},"author":6,"featured_media":107570,"parent":0,"menu_order":0,"comment_status":"closed","ping_status":"closed","template":"LearningContentPage.php","meta":{"_acf_changed":false,"footnotes":""},"class_list":["post-135087","page","type-page","status-publish","has-post-thumbnail","hentry"],"acf":[],"yoast_head":"<!-- This site is optimized with the Yoast SEO Premium plugin v27.2 (Yoast SEO v27.2) - https:\/\/yoast.com\/product\/yoast-seo-premium-wordpress\/ -->\n<title>Koreai nyelvtani gyakorlatok - Talkpal<\/title>\n<meta name=\"description\" content=\"Jav\u00edtsa k\u00f6nnyen a koreai nyelvtant - gyakoroljon interakt\u00edv gyakorlatokkal, saj\u00e1t\u00edtsa el a nyelvi mint\u00e1kat, \u00e9s \u00e9p\u00edtse az \u00f6nbizalmat\" \/>\n<meta name=\"robots\" content=\"index, follow, max-snippet:-1, max-image-preview:large, max-video-preview:-1\" \/>\n<link rel=\"canonical\" href=\"https:\/\/talkpal.ai\/hu\/koreai-nyelvtani-gyakorlatok\/\" \/>\n<meta property=\"og:locale\" content=\"hu_HU\" \/>\n<meta property=\"og:type\" content=\"article\" \/>\n<meta property=\"og:title\" content=\"Koreai nyelvtani gyakorlatok\" \/>\n<meta property=\"og:description\" content=\"Koreai nyelvtani t\u00e9m\u00e1k A koreai nyelv tanul\u00e1sa izgalmas \u00e9s kifizet\u0151d\u0151 \u00e9lm\u00e9ny lehet, mivel \u00faj kultur\u00e1lis \u00e9s szakmai lehet\u0151s\u00e9geket nyit meg. A koreai nyelv\" \/>\n<meta property=\"og:url\" content=\"https:\/\/talkpal.ai\/hu\/koreai-nyelvtani-gyakorlatok\/\" \/>\n<meta property=\"og:site_name\" content=\"Talkpal\" \/>\n<meta property=\"article:publisher\" content=\"https:\/\/www.facebook.com\/profile.php?id=100090733639311\" \/>\n<meta property=\"article:modified_time\" content=\"2025-12-17T16:57:59+00:00\" \/>\n<meta property=\"og:image\" content=\"https:\/\/talkpal.ai\/wp-content\/uploads\/2023\/04\/south-korea.png\" \/>\n\t<meta property=\"og:image:width\" content=\"512\" \/>\n\t<meta property=\"og:image:height\" content=\"512\" \/>\n\t<meta property=\"og:image:type\" content=\"image\/png\" \/>\n<meta name=\"twitter:card\" content=\"summary_large_image\" \/>\n<meta name=\"twitter:site\" content=\"@talkpalai\" \/>\n<meta name=\"twitter:label1\" content=\"Becs\u00fclt olvas\u00e1si id\u0151\" \/>\n\t<meta name=\"twitter:data1\" content=\"4 perc\" \/>\n<script type=\"application\/ld+json\" class=\"yoast-schema-graph\">{\"@context\":\"https:\/\/schema.org\",\"@graph\":[{\"@type\":\"WebPage\",\"@id\":\"https:\/\/talkpal.ai\/hu\/koreai-nyelvtani-gyakorlatok\/\",\"url\":\"https:\/\/talkpal.ai\/hu\/koreai-nyelvtani-gyakorlatok\/\",\"name\":\"Koreai nyelvtani gyakorlatok - Talkpal\",\"isPartOf\":{\"@id\":\"https:\/\/talkpal.ai\/hu\/#website\"},\"primaryImageOfPage\":{\"@id\":\"https:\/\/talkpal.ai\/hu\/koreai-nyelvtani-gyakorlatok\/#primaryimage\"},\"image\":{\"@id\":\"https:\/\/talkpal.ai\/hu\/koreai-nyelvtani-gyakorlatok\/#primaryimage\"},\"thumbnailUrl\":\"https:\/\/talkpal.ai\/wp-content\/uploads\/2023\/04\/south-korea.png\",\"datePublished\":\"2023-06-16T10:27:33+00:00\",\"dateModified\":\"2025-12-17T16:57:59+00:00\",\"description\":\"Jav\u00edtsa k\u00f6nnyen a koreai nyelvtant - gyakoroljon interakt\u00edv gyakorlatokkal, saj\u00e1t\u00edtsa el a nyelvi mint\u00e1kat, \u00e9s \u00e9p\u00edtse az \u00f6nbizalmat\",\"breadcrumb\":{\"@id\":\"https:\/\/talkpal.ai\/hu\/koreai-nyelvtani-gyakorlatok\/#breadcrumb\"},\"inLanguage\":\"hu\",\"potentialAction\":[{\"@type\":\"ReadAction\",\"target\":[\"https:\/\/talkpal.ai\/hu\/koreai-nyelvtani-gyakorlatok\/\"]}]},{\"@type\":\"ImageObject\",\"inLanguage\":\"hu\",\"@id\":\"https:\/\/talkpal.ai\/hu\/koreai-nyelvtani-gyakorlatok\/#primaryimage\",\"url\":\"https:\/\/talkpal.ai\/wp-content\/uploads\/2023\/04\/south-korea.png\",\"contentUrl\":\"https:\/\/talkpal.ai\/wp-content\/uploads\/2023\/04\/south-korea.png\",\"width\":512,\"height\":512},{\"@type\":\"BreadcrumbList\",\"@id\":\"https:\/\/talkpal.ai\/hu\/koreai-nyelvtani-gyakorlatok\/#breadcrumb\",\"itemListElement\":[{\"@type\":\"ListItem\",\"position\":1,\"name\":\"Homepage\",\"item\":\"https:\/\/talkpal.ai\/hu\/\"},{\"@type\":\"ListItem\",\"position\":2,\"name\":\"Koreai nyelvtani gyakorlatok\"}]},{\"@type\":\"WebSite\",\"@id\":\"https:\/\/talkpal.ai\/hu\/#website\",\"url\":\"https:\/\/talkpal.ai\/hu\/\",\"name\":\"Talkpal\",\"description\":\"AI Language Learning\",\"publisher\":{\"@id\":\"https:\/\/talkpal.ai\/hu\/#organization\"},\"alternateName\":\"Talkpal AI\",\"potentialAction\":[{\"@type\":\"SearchAction\",\"target\":{\"@type\":\"EntryPoint\",\"urlTemplate\":\"https:\/\/talkpal.ai\/hu\/?s={search_term_string}\"},\"query-input\":{\"@type\":\"PropertyValueSpecification\",\"valueRequired\":true,\"valueName\":\"search_term_string\"}}],\"inLanguage\":\"hu\"},{\"@type\":\"Organization\",\"@id\":\"https:\/\/talkpal.ai\/hu\/#organization\",\"name\":\"Talkpal, Inc.\",\"alternateName\":\"Talkpal AI\",\"url\":\"https:\/\/talkpal.ai\/hu\/\",\"logo\":{\"@type\":\"ImageObject\",\"inLanguage\":\"hu\",\"@id\":\"https:\/\/talkpal.ai\/hu\/#\/schema\/logo\/image\/\",\"url\":\"https:\/\/talkpal.ai\/wp-content\/uploads\/2024\/03\/Talkpal-Logo-Icon.png\",\"contentUrl\":\"https:\/\/talkpal.ai\/wp-content\/uploads\/2024\/03\/Talkpal-Logo-Icon.png\",\"width\":2880,\"height\":2880,\"caption\":\"Talkpal, Inc.\"},\"image\":{\"@id\":\"https:\/\/talkpal.ai\/hu\/#\/schema\/logo\/image\/\"},\"sameAs\":[\"https:\/\/www.facebook.com\/profile.php?id=100090733639311\",\"https:\/\/x.com\/talkpalai\",\"https:\/\/www.linkedin.com\/company\/talkpal\/\",\"https:\/\/www.youtube.com\/@TalkPal\/\",\"https:\/\/www.tiktok.com\/@talkpal\",\"https:\/\/www.instagram.com\/talkpal_ai\/\",\"https:\/\/www.crunchbase.com\/organization\/talkpal-9cde\",\"https:\/\/www.g2.com\/products\/talkpal-for-business\/\",\"https:\/\/www.trustpilot.com\/review\/talkpal.ai\",\"https:\/\/www.capterra.com\/p\/10006800\/TalkPal\/\"],\"description\":\"Talkpal is a language learning web and mobile education app, powered by the latest AI technologies, that provides engaging experiences to its customers in many different languages to help them improve their language skills. Users can chat about unlimited amount of topics with the app and use other modes to practice their language learning.\",\"email\":\"support@talkpal.ai\",\"legalName\":\"Talkpal, Inc.\",\"foundingDate\":\"2023-04-03\",\"duns\":\"118989042\",\"numberOfEmployees\":{\"@type\":\"QuantitativeValue\",\"minValue\":\"11\",\"maxValue\":\"50\"},\"publishingPrinciples\":\"https:\/\/talkpal.ai\/publishing-principles\/\",\"actionableFeedbackPolicy\":\"https:\/\/talkpal.ai\/actionable-feedback-policy\/\",\"correctionsPolicy\":\"https:\/\/talkpal.ai\/corrections-policy\/\",\"ethicsPolicy\":\"https:\/\/talkpal.ai\/ethics-policy\/\",\"diversityPolicy\":\"https:\/\/talkpal.ai\/diversity-policy\/\",\"diversityStaffingReport\":\"https:\/\/talkpal.ai\/diversity-policy\/\"}]}<\/script>\n<!-- \/ Yoast SEO Premium plugin. -->","yoast_head_json":{"title":"Koreai nyelvtani gyakorlatok - Talkpal","description":"Jav\u00edtsa k\u00f6nnyen a koreai nyelvtant - gyakoroljon interakt\u00edv gyakorlatokkal, saj\u00e1t\u00edtsa el a nyelvi mint\u00e1kat, \u00e9s \u00e9p\u00edtse az \u00f6nbizalmat","robots":{"index":"index","follow":"follow","max-snippet":"max-snippet:-1","max-image-preview":"max-image-preview:large","max-video-preview":"max-video-preview:-1"},"canonical":"https:\/\/talkpal.ai\/hu\/koreai-nyelvtani-gyakorlatok\/","og_locale":"hu_HU","og_type":"article","og_title":"Koreai nyelvtani gyakorlatok","og_description":"Koreai nyelvtani t\u00e9m\u00e1k A koreai nyelv tanul\u00e1sa izgalmas \u00e9s kifizet\u0151d\u0151 \u00e9lm\u00e9ny lehet, mivel \u00faj kultur\u00e1lis \u00e9s szakmai lehet\u0151s\u00e9geket nyit meg. A koreai nyelv","og_url":"https:\/\/talkpal.ai\/hu\/koreai-nyelvtani-gyakorlatok\/","og_site_name":"Talkpal","article_publisher":"https:\/\/www.facebook.com\/profile.php?id=100090733639311","article_modified_time":"2025-12-17T16:57:59+00:00","og_image":[{"width":512,"height":512,"url":"https:\/\/talkpal.ai\/wp-content\/uploads\/2023\/04\/south-korea.png","type":"image\/png"}],"twitter_card":"summary_large_image","twitter_site":"@talkpalai","twitter_misc":{"Becs\u00fclt olvas\u00e1si id\u0151":"4 perc"},"schema":{"@context":"https:\/\/schema.org","@graph":[{"@type":"WebPage","@id":"https:\/\/talkpal.ai\/hu\/koreai-nyelvtani-gyakorlatok\/","url":"https:\/\/talkpal.ai\/hu\/koreai-nyelvtani-gyakorlatok\/","name":"Koreai nyelvtani gyakorlatok - Talkpal","isPartOf":{"@id":"https:\/\/talkpal.ai\/hu\/#website"},"primaryImageOfPage":{"@id":"https:\/\/talkpal.ai\/hu\/koreai-nyelvtani-gyakorlatok\/#primaryimage"},"image":{"@id":"https:\/\/talkpal.ai\/hu\/koreai-nyelvtani-gyakorlatok\/#primaryimage"},"thumbnailUrl":"https:\/\/talkpal.ai\/wp-content\/uploads\/2023\/04\/south-korea.png","datePublished":"2023-06-16T10:27:33+00:00","dateModified":"2025-12-17T16:57:59+00:00","description":"Jav\u00edtsa k\u00f6nnyen a koreai nyelvtant - gyakoroljon interakt\u00edv gyakorlatokkal, saj\u00e1t\u00edtsa el a nyelvi mint\u00e1kat, \u00e9s \u00e9p\u00edtse az \u00f6nbizalmat","breadcrumb":{"@id":"https:\/\/talkpal.ai\/hu\/koreai-nyelvtani-gyakorlatok\/#breadcrumb"},"inLanguage":"hu","potentialAction":[{"@type":"ReadAction","target":["https:\/\/talkpal.ai\/hu\/koreai-nyelvtani-gyakorlatok\/"]}]},{"@type":"ImageObject","inLanguage":"hu","@id":"https:\/\/talkpal.ai\/hu\/koreai-nyelvtani-gyakorlatok\/#primaryimage","url":"https:\/\/talkpal.ai\/wp-content\/uploads\/2023\/04\/south-korea.png","contentUrl":"https:\/\/talkpal.ai\/wp-content\/uploads\/2023\/04\/south-korea.png","width":512,"height":512},{"@type":"BreadcrumbList","@id":"https:\/\/talkpal.ai\/hu\/koreai-nyelvtani-gyakorlatok\/#breadcrumb","itemListElement":[{"@type":"ListItem","position":1,"name":"Homepage","item":"https:\/\/talkpal.ai\/hu\/"},{"@type":"ListItem","position":2,"name":"Koreai nyelvtani gyakorlatok"}]},{"@type":"WebSite","@id":"https:\/\/talkpal.ai\/hu\/#website","url":"https:\/\/talkpal.ai\/hu\/","name":"Talkpal","description":"AI Language Learning","publisher":{"@id":"https:\/\/talkpal.ai\/hu\/#organization"},"alternateName":"Talkpal AI","potentialAction":[{"@type":"SearchAction","target":{"@type":"EntryPoint","urlTemplate":"https:\/\/talkpal.ai\/hu\/?s={search_term_string}"},"query-input":{"@type":"PropertyValueSpecification","valueRequired":true,"valueName":"search_term_string"}}],"inLanguage":"hu"},{"@type":"Organization","@id":"https:\/\/talkpal.ai\/hu\/#organization","name":"Talkpal, Inc.","alternateName":"Talkpal AI","url":"https:\/\/talkpal.ai\/hu\/","logo":{"@type":"ImageObject","inLanguage":"hu","@id":"https:\/\/talkpal.ai\/hu\/#\/schema\/logo\/image\/","url":"https:\/\/talkpal.ai\/wp-content\/uploads\/2024\/03\/Talkpal-Logo-Icon.png","contentUrl":"https:\/\/talkpal.ai\/wp-content\/uploads\/2024\/03\/Talkpal-Logo-Icon.png","width":2880,"height":2880,"caption":"Talkpal, Inc."},"image":{"@id":"https:\/\/talkpal.ai\/hu\/#\/schema\/logo\/image\/"},"sameAs":["https:\/\/www.facebook.com\/profile.php?id=100090733639311","https:\/\/x.com\/talkpalai","https:\/\/www.linkedin.com\/company\/talkpal\/","https:\/\/www.youtube.com\/@TalkPal\/","https:\/\/www.tiktok.com\/@talkpal","https:\/\/www.instagram.com\/talkpal_ai\/","https:\/\/www.crunchbase.com\/organization\/talkpal-9cde","https:\/\/www.g2.com\/products\/talkpal-for-business\/","https:\/\/www.trustpilot.com\/review\/talkpal.ai","https:\/\/www.capterra.com\/p\/10006800\/TalkPal\/"],"description":"Talkpal is a language learning web and mobile education app, powered by the latest AI technologies, that provides engaging experiences to its customers in many different languages to help them improve their language skills. Users can chat about unlimited amount of topics with the app and use other modes to practice their language learning.","email":"support@talkpal.ai","legalName":"Talkpal, Inc.","foundingDate":"2023-04-03","duns":"118989042","numberOfEmployees":{"@type":"QuantitativeValue","minValue":"11","maxValue":"50"},"publishingPrinciples":"https:\/\/talkpal.ai\/publishing-principles\/","actionableFeedbackPolicy":"https:\/\/talkpal.ai\/actionable-feedback-policy\/","correctionsPolicy":"https:\/\/talkpal.ai\/corrections-policy\/","ethicsPolicy":"https:\/\/talkpal.ai\/ethics-policy\/","diversityPolicy":"https:\/\/talkpal.ai\/diversity-policy\/","diversityStaffingReport":"https:\/\/talkpal.ai\/diversity-policy\/"}]}},"_links":{"self":[{"href":"https:\/\/talkpal.ai\/hu\/wp-json\/wp\/v2\/pages\/135087","targetHints":{"allow":["GET"]}}],"collection":[{"href":"https:\/\/talkpal.ai\/hu\/wp-json\/wp\/v2\/pages"}],"about":[{"href":"https:\/\/talkpal.ai\/hu\/wp-json\/wp\/v2\/types\/page"}],"author":[{"embeddable":true,"href":"https:\/\/talkpal.ai\/hu\/wp-json\/wp\/v2\/users\/6"}],"replies":[{"embeddable":true,"href":"https:\/\/talkpal.ai\/hu\/wp-json\/wp\/v2\/comments?post=135087"}],"version-history":[{"count":0,"href":"https:\/\/talkpal.ai\/hu\/wp-json\/wp\/v2\/pages\/135087\/revisions"}],"wp:featuredmedia":[{"embeddable":true,"href":"https:\/\/talkpal.ai\/hu\/wp-json\/wp\/v2\/media\/107570"}],"wp:attachment":[{"href":"https:\/\/talkpal.ai\/hu\/wp-json\/wp\/v2\/media?parent=135087"}],"curies":[{"name":"wp","href":"https:\/\/api.w.org\/{rel}","templated":true}]}}