{"id":134728,"date":"2023-06-16T10:21:59","date_gmt":"2023-06-16T10:21:59","guid":{"rendered":"http:\/\/talkpal.ai\/japan-nyelvtani-gyakorlatok\/"},"modified":"2025-12-17T16:56:39","modified_gmt":"2025-12-17T16:56:39","slug":"japan-nyelvtani-gyakorlatok","status":"publish","type":"page","link":"https:\/\/talkpal.ai\/hu\/japan-nyelvtani-gyakorlatok\/","title":{"rendered":"Jap\u00e1n nyelvtani gyakorlatok"},"content":{"rendered":"\r\n\r\n\r\n<section class=\"languageChallengeSection\">\r\n    <div class=\"languageInfoWrapper\">\r\n        \r\n        <h1>Jap\u00e1n nyelvtani gyakorlatok<\/h1>\r\n        <p>K\u00e9szen \u00e1llsz arra, hogy a <a href=\"https:\/\/talkpal.ai\/learn-japanese\/\">jap\u00e1n<\/a> nyelvtud\u00e1sodat a k\u00f6vetkez\u0151 szintre emeld? A nyelvtani gyakorlatok gyakorl\u00e1sa fantasztikus m\u00f3dja annak, hogy meg\u00e9rts\u00fck a mondatszerkezeteket, helyesen haszn\u00e1ljuk a r\u00e9szecsk\u00e9ket, \u00e9s jobban otthon \u00e9rezz\u00fck magunkat a nyelvben. Ugorj bele, pr\u00f3b\u00e1lj ki \u00faj nyelvtani pontokat, \u00e9s n\u00e9zd meg, hogy minden egyes gyakorlat k\u00f6zelebb visz a foly\u00e9kony nyelvtud\u00e1shoz &#8211; kezdd el gyakorolni a <a href=\"https:\/\/talkpal.ai\/learn-japanese\/\">jap\u00e1n<\/a> nyelvtant m\u00e9g ma!<\/p>\r\n\r\n                            <a class=\"getStartedHidden\" href=\"https:\/\/app.talkpal.ai\/hu\/signup?lng=\">Kezdj\u00fck<\/a>\r\n        \r\n    <\/div>\r\n\r\n    <figure>\r\n    <img decoding=\"async\" width=\"768\" height=\"768\" src=\"https:\/\/talkpal.ai\/wp-content\/uploads\/2023\/06\/japanese-768x768.png\" class=\"languageImage no-lazy\" alt=\"Language learning for world travelers\" fetchpriority=\"high\" sizes=\"(max-width: 768px) 150px, 768px\" srcset=\"https:\/\/talkpal.ai\/wp-content\/uploads\/2023\/06\/japanese-768x768.png 768w, https:\/\/talkpal.ai\/wp-content\/uploads\/2023\/06\/japanese-300x300.png 300w\" \/>\r\n    \r\n\r\n    <\/figure>\r\n\r\n            <a class=\"getStartedVisible\" href=\"https:\/\/app.talkpal.ai\/hu\/signup?lng=\">Kezdj\u00fck<\/a>\r\n    \r\n<\/section>\r\n\r\n\r\n<!-- <section class=\"grammarSection\">\r\n    <div class=\"grammarLinks\">\r\n            <\/div>\r\n<\/section> -->\r\n\r\n\r\n\r\n\r\n<section class=\"promotionalBanner\">\r\n    <p class=\"promotionalText\">A nyelvtanul\u00e1s leghat\u00e9konyabb m\u00f3dja<\/p>\r\n    <a class=\"promotionalLink\" href=\"https:\/\/app.talkpal.ai\/hu\/signup?lng=\">Pr\u00f3b\u00e1lja ki a Talkpal ingyen<\/a>\r\n<\/section>\n<div class=\"wp-block-group pageContainerStyle\"><div class=\"wp-block-group__inner-container is-layout-constrained wp-block-group-is-layout-constrained\">\n<h2 class=\"wp-block-heading\" id=\"h-japanese-grammar-topics\">Jap\u00e1n nyelvtani t\u00e9m\u00e1k<\/h2>\n\n\n\n<p>A jap\u00e1n nyelvtanul\u00e1s izgalmas \u00e9s kifizet\u0151d\u0151 \u00e9lm\u00e9ny lehet, mivel a kult\u00fara, a kommunik\u00e1ci\u00f3 \u00e9s a szem\u00e9lyes fejl\u0151d\u00e9s teljesen \u00faj vil\u00e1g\u00e1t nyitja meg. A jap\u00e1n nyelv egyedi szerkezettel \u00e9s nyelvtani rendszerrel rendelkezik, amely els\u0151re ijeszt\u0151nek t\u0171nhet, de k\u00f6vetkezetes gyakorl\u00e1ssal \u00e9s <a href=\"https:\/\/talkpal.ai\/talkpal-christmas-discount\/\">j\u00f3l<\/a> szervezett tanul\u00e1si tervvel elsaj\u00e1t\u00edthat\u00f3. Annak \u00e9rdek\u00e9ben, hogy megk\u00f6nny\u00edts\u00fck utaz\u00e1s\u00e1t a jap\u00e1n vil\u00e1gba, az alapvet\u0151 nyelvtani t\u00e9m\u00e1kat olyan sorrendben csoportos\u00edtottuk, amely seg\u00edt er\u0151s alapot \u00e9p\u00edteni \u00e9s z\u00f6kken\u0151mentesen haladni. Ezekre a nyelvtani elemekre \u00f6sszpontos\u00edtva j\u00f3 \u00faton halad a jap\u00e1n nyelvtud\u00e1s el\u00e9r\u00e9se fel\u00e9.<\/p>\n\n\n\n<h3 class=\"wp-block-heading\" id=\"h-1-particles\">1. R\u00e9szecsk\u00e9k:<\/h3>\n\n\n\n<p>A r\u00e9szecsk\u00e9k elengedhetetlenek a jap\u00e1n nyelvben, mivel jelzik a mondatban l\u00e9v\u0151 szavak k\u00f6z\u00f6tti kapcsolatot. \u00dagy m\u0171k\u00f6dnek, mint m\u00e1s nyelveken az el\u00f6lj\u00e1r\u00f3szavak \u00e9s a posztpoz\u00edci\u00f3k. Az olyan r\u00e9szecsk\u00e9k tanul\u00e1sa, mint a \u306f (wa), \u304c (ga), \u3092 (wo), \u306b (ni), \u3067 (de) \u00e9s \u3068 (to), seg\u00edt az alapvet\u0151 mondatok kialak\u00edt\u00e1s\u00e1ban \u00e9s az egyes szavak funkci\u00f3j\u00e1nak meg\u00e9rt\u00e9s\u00e9ben.<\/p>\n\n\n\n<h3 class=\"wp-block-heading\" id=\"h-2-nouns\">2. F\u0151nevek:<\/h3>\n\n\n\n<p>A k\u00f6z\u00f6s f\u0151nevek megismer\u00e9se lehet\u0151v\u00e9 teszi, hogy elkezdje \u00e9p\u00edteni sz\u00f3kincs\u00e9t. A jap\u00e1n f\u0151neveknek nincs neme, sz\u00e1ma vagy cikke, <a href=\"https:\/\/talkpal.ai\/locations\/language-courses-in-ami\/\">ami<\/a> leegyszer\u0171s\u00edti a tanul\u00e1si folyamatot.<\/p>\n\n\n\n<h3 class=\"wp-block-heading\" id=\"h-3-pronouns\">3. N\u00e9vm\u00e1sok:<\/h3>\n\n\n\n<p>A jap\u00e1n n\u00e9vm\u00e1sok emberekre \u00e9s dolgokra utalnak. N\u00e9h\u00e1ny gyakori n\u00e9vm\u00e1s: \u79c1 (watashi &#8211; \u00e9n), \u3042\u306a\u305f (anata &#8211; te), \u5f7c (kare &#8211; \u0151), \u5f7c\u5973 (kanojo &#8211; \u0151) \u00e9s \u305d\u308c (sore &#8211; az).<\/p>\n\n\n\n<h3 class=\"wp-block-heading\" id=\"h-4-verb-conjugation\">4. Igeragoz\u00e1s:<\/h3>\n\n\n\n<p>A jap\u00e1n ig\u00e9k k\u00fcl\u00f6nb\u00f6z\u0151 konjug\u00e1ci\u00f3kkal rendelkeznek az id\u0151, az udvariass\u00e1g \u00e9s m\u00e1s t\u00e9nyez\u0151k alapj\u00e1n. Az alapvet\u0151 igeform\u00e1k, p\u00e9ld\u00e1ul a sz\u00f3t\u00e1rforma, a -masu forma \u00e9s a -te forma megtanul\u00e1sa seg\u00edt kifejezni a k\u00fcl\u00f6nb\u00f6z\u0151 cselekv\u00e9seket \u00e9s \u00e1llapotokat.<\/p>\n\n\n\n<h3 class=\"wp-block-heading\" id=\"h-5-tenses\">5. Igeid\u0151k:<\/h3>\n\n\n\n<p>A jap\u00e1nban vannak m\u00falt \u00e9s nem m\u00falt id\u0151k, az ut\u00f3bbit a jelen \u00e9s a j\u00f6v\u0151beli cselekv\u00e9sekre haszn\u00e1lj\u00e1k. Az ig\u00e9k konjug\u00e1l\u00e1s\u00e1nak meg\u00e9rt\u00e9se ezekben az id\u0151kben seg\u00edt az id\u0151 pontos kifejez\u00e9s\u00e9ben.<\/p>\n\n\n\n<h3 class=\"wp-block-heading\" id=\"h-6-adjectives\">6. Mell\u00e9knevek:<\/h3>\n\n\n\n<p>A jap\u00e1n mell\u00e9knevek k\u00e9t csoportra oszthat\u00f3k: i-mell\u00e9knevek \u00e9s na-mell\u00e9knevek. A ragoz\u00e1si szab\u00e1lyok megtanul\u00e1sa \u00e9s mondatokban val\u00f3 haszn\u00e1lata seg\u00edt le\u00edrni t\u00e1rgyakat, embereket \u00e9s helyzeteket.<\/p>\n\n\n\n<h3 class=\"wp-block-heading\" id=\"h-7-adverbs\">7. Hat\u00e1roz\u00f3sz\u00f3k:<\/h3>\n\n\n\n<p>A hat\u00e1roz\u00f3szavak m\u00f3dos\u00edtj\u00e1k az ig\u00e9ket, mell\u00e9kneveket \u00e9s m\u00e1s hat\u00e1roz\u00f3szavakat, \u00e1rnyalva a mondatokat. Gyakori jap\u00e1n hat\u00e1roz\u00f3sz\u00f3k a \u901f\u304f (hayaku &#8211; gyorsan), \u3086\u3063\u304f\u308a (yukkuri &#8211; lassan) \u00e9s \u3068\u3066\u3082 (totemo &#8211; nagyon).<\/p>\n\n\n\n<h3 class=\"wp-block-heading\" id=\"h-8-prepositions\">8. El\u00f6lj\u00e1r\u00f3szavak:<\/h3>\n\n\n\n<p>B\u00e1r a jap\u00e1n nyelvben nincsenek ugyanolyan prepoz\u00edci\u00f3k, mint az angolban, n\u00e9h\u00e1ny r\u00e9szecske hasonl\u00f3an m\u0171k\u00f6dik. Ezeknek a r\u00e9szecsk\u00e9knek \u00e9s felhaszn\u00e1l\u00e1suknak a megismer\u00e9se seg\u00edt kifejezni a t\u00e9rbeli \u00e9s id\u0151beli kapcsolatokat.<\/p>\n\n\n\n<h3 class=\"wp-block-heading\" id=\"h-9-conjunctions\">9. K\u00f6t\u0151szavak:<\/h3>\n\n\n\n<p>A k\u00f6t\u0151szavak szavak, kifejez\u00e9sek \u00e9s mell\u00e9kmondatok \u00f6sszekapcsol\u00e1s\u00e1ra szolg\u00e1lnak. A gyakori jap\u00e1n k\u00f6t\u0151szavak k\u00f6z\u00e9 tartozik a \u305d\u3057\u3066 (soshite &#8211; \u00e9s), \u3057\u304b\u3057 (shikashi &#8211; azonban) \u00e9s \u3060\u304b\u3089 (dakara &#8211; ez\u00e9rt).<\/p>\n\n\n\n<h3 class=\"wp-block-heading\" id=\"h-10-sentence-structure\">10. Mondatszerkezet:<\/h3>\n\n\n\n<p>A jap\u00e1n nyelv az alany-t\u00e1rgy-ige (SOV) mondatszerkezetet k\u00f6veti. Ennek a szerkezetnek \u00e9s m\u00e1s mondatmint\u00e1knak a meg\u00e9rt\u00e9se seg\u00edt pontos \u00e9s \u00f6sszetett mondatok l\u00e9trehoz\u00e1s\u00e1ban.<\/p>\n\n\n\n<h3 class=\"wp-block-heading\" id=\"h-11-honorifics\">11. Kit\u00fcntet\u00e9sek:<\/h3>\n\n\n\n<p>A jap\u00e1nok \u00f6sszetett kit\u00fcntet\u00e9si rendszerrel rendelkeznek, amelyek udvariass\u00e1got \u00e9s tiszteletet fejeznek ki. A tiszteletbeli besz\u00e9d alapjainak megtanul\u00e1sa, mint p\u00e9ld\u00e1ul a \u3067\u3059 (desu) \u00e9s \u307e\u3059 (masu) haszn\u00e1lata, seg\u00edt eligazodni a t\u00e1rsadalmi helyzetekben.<\/p>\n\n\n\n<h3 class=\"wp-block-heading\" id=\"h-12-expressions\">12. Kifejez\u00e9sek:<\/h3>\n\n\n\n<p>A gyakori jap\u00e1n kifejez\u00e9sek \u00e9s idi\u00f3m\u00e1k megismer\u00e9se seg\u00edt abban, hogy term\u00e9szetesebben \u00e9s foly\u00e9konyabban besz\u00e9ljen a besz\u00e9lget\u00e9sben.<\/p>\n\n\n\n<h3 class=\"wp-block-heading\" id=\"h-13-numbers\">13. Sz\u00e1mok:<\/h3>\n\n\n\n<p>A jap\u00e1n egyedi sz\u00e1mrendszerrel rendelkezik, k\u00fcl\u00f6nb\u00f6z\u0151 sz\u00e1ml\u00e1l\u00f3kkal a k\u00fcl\u00f6nb\u00f6z\u0151 objektumokhoz. A sz\u00e1mok sz\u00e1ml\u00e1l\u00e1s\u00e1nak \u00e9s haszn\u00e1lat\u00e1nak megtanul\u00e1sa a kontextusban elengedhetetlen a mindennapi kommunik\u00e1ci\u00f3hoz.<\/p>\n\n\n\n<h3 class=\"wp-block-heading\" id=\"h-14-verbs\">14. Ig\u00e9k:<\/h3>\n\n\n\n<p>V\u00e9g\u00fcl az ig\u00e9k sz\u00f3kincs\u00e9nek b\u0151v\u00edt\u00e9se lehet\u0151v\u00e9 teszi, hogy sokf\u00e9le cselekv\u00e9st \u00e9s \u00e1llapotot fejezzen ki, lehet\u0151v\u00e9 t\u00e9ve a hat\u00e9konyabb kommunik\u00e1ci\u00f3t jap\u00e1nul.<\/p>\n<\/div><\/div>\n\r\n<section class=\"learnNavigationSection\">\r\n            \r\n        <a href=\"https:\/\/talkpal.ai\/hu\/tanulj-japanul\/\">\r\n            <div class=\"learnNavigationWrapper\">\r\n                <div class=\"learnNavigationContent\">\r\n                    <img decoding=\"async\" src=\"https:\/\/talkpal.ai\/wp-content\/uploads\/2024\/08\/Japanese.jpg\" alt=\"Japanese Flag\">\r\n                    <div>\r\n                        <h4>A jap\u00e1n tanul\u00e1sr\u00f3l<\/h4>\r\n                        <p>Tudjon meg mindent a jap\u00e1n nyelvtanr\u00f3l.<\/p>\r\n                    <\/div>\r\n                <\/div>\r\n            <\/div>\r\n        <\/a>\r\n\r\n        \r\n        <a href=\"https:\/\/talkpal.ai\/hu\/japan-nyelvtan\/\">\r\n            <div class=\"learnNavigationWrapper\">\r\n                <div class=\"learnNavigationContent\">\r\n                    <img decoding=\"async\" src=\"https:\/\/talkpal.ai\/wp-content\/uploads\/2024\/08\/Japanese.jpg\" alt=\"Japanese Flag\">\r\n                    <div>\r\n                        <h4>Jap\u00e1n nyelvtan leck\u00e9k<\/h4>\r\n                        <p>Gyakorolja a jap\u00e1n nyelvtant.<\/p>\r\n                    <\/div>\r\n                <\/div>\r\n            <\/div>\r\n        <\/a>\r\n\r\n        \r\n        <a href=\"https:\/\/talkpal.ai\/vocabulary_language\/japanese\/\">\r\n            <div class=\"learnNavigationWrapper\">\r\n                <div class=\"learnNavigationContent\">\r\n                    <img decoding=\"async\" src=\"https:\/\/talkpal.ai\/wp-content\/uploads\/2024\/08\/Japanese.jpg\" alt=\"Japanese Flag\">\r\n                    <div>\r\n                        <h4>Jap\u00e1n sz\u00f3kincs<\/h4>\r\n                        <p>B\u0151v\u00edtse jap\u00e1n sz\u00f3kincs\u00e9t.<\/p>\r\n                    <\/div>\r\n                <\/div>\r\n            <\/div>\r\n        <\/a>\r\n\r\n            <\/section>","protected":false},"excerpt":{"rendered":"<p>Jap\u00e1n nyelvtani t\u00e9m\u00e1k A jap\u00e1n nyelvtanul\u00e1s izgalmas \u00e9s kifizet\u0151d\u0151 \u00e9lm\u00e9ny lehet, mivel a kult\u00fara, a kommunik\u00e1ci\u00f3 \u00e9s a szem\u00e9lyes fejl\u0151d\u00e9s teljesen \u00faj vil\u00e1g\u00e1t nyitja meg. A jap\u00e1n nyelv egyedi szerkezettel \u00e9s nyelvtani rendszerrel rendelkezik, amely els\u0151re ijeszt\u0151nek t\u0171nhet, de k\u00f6vetkezetes gyakorl\u00e1ssal \u00e9s j\u00f3l szervezett tanul\u00e1si tervvel elsaj\u00e1t\u00edthat\u00f3. Annak \u00e9rdek\u00e9ben, hogy megk\u00f6nny\u00edts\u00fck utaz\u00e1s\u00e1t a jap\u00e1n vil\u00e1gba, [&hellip;]<\/p>\n","protected":false},"author":6,"featured_media":107258,"parent":0,"menu_order":0,"comment_status":"closed","ping_status":"closed","template":"LearningContentPage.php","meta":{"_acf_changed":false,"footnotes":""},"class_list":["post-134728","page","type-page","status-publish","has-post-thumbnail","hentry"],"acf":[],"yoast_head":"<!-- This site is optimized with the Yoast SEO Premium plugin v27.2 (Yoast SEO v27.2) - https:\/\/yoast.com\/product\/yoast-seo-premium-wordpress\/ -->\n<title>Jap\u00e1n nyelvtani gyakorlatok - Talkpal<\/title>\n<meta name=\"description\" content=\"Fejleszd a jap\u00e1n nyelvtani k\u00e9szs\u00e9geidet - saj\u00e1t\u00edtsd el a mondatszerkezeteket, gyakorold az interakt\u00edv tev\u00e9kenys\u00e9geket \u00e9s fokozd a foly\u00e9kony besz\u00e9dk\u00e9szs\u00e9gedet.\" \/>\n<meta name=\"robots\" content=\"index, follow, max-snippet:-1, max-image-preview:large, max-video-preview:-1\" \/>\n<link rel=\"canonical\" href=\"https:\/\/talkpal.ai\/hu\/japan-nyelvtani-gyakorlatok\/\" \/>\n<meta property=\"og:locale\" content=\"hu_HU\" \/>\n<meta property=\"og:type\" content=\"article\" \/>\n<meta property=\"og:title\" content=\"Jap\u00e1n nyelvtani gyakorlatok\" \/>\n<meta property=\"og:description\" content=\"Jap\u00e1n nyelvtani t\u00e9m\u00e1k A jap\u00e1n nyelvtanul\u00e1s izgalmas \u00e9s kifizet\u0151d\u0151 \u00e9lm\u00e9ny lehet, mivel a kult\u00fara, a kommunik\u00e1ci\u00f3 \u00e9s a szem\u00e9lyes fejl\u0151d\u00e9s teljesen \u00faj\" \/>\n<meta property=\"og:url\" content=\"https:\/\/talkpal.ai\/hu\/japan-nyelvtani-gyakorlatok\/\" \/>\n<meta property=\"og:site_name\" content=\"Talkpal\" \/>\n<meta property=\"article:publisher\" content=\"https:\/\/www.facebook.com\/profile.php?id=100090733639311\" \/>\n<meta property=\"article:modified_time\" content=\"2025-12-17T16:56:39+00:00\" \/>\n<meta property=\"og:image\" content=\"https:\/\/talkpal.ai\/wp-content\/uploads\/2023\/04\/japan.png\" \/>\n\t<meta property=\"og:image:width\" content=\"512\" \/>\n\t<meta property=\"og:image:height\" content=\"512\" \/>\n\t<meta property=\"og:image:type\" content=\"image\/png\" \/>\n<meta name=\"twitter:card\" content=\"summary_large_image\" \/>\n<meta name=\"twitter:site\" content=\"@talkpalai\" \/>\n<meta name=\"twitter:label1\" content=\"Becs\u00fclt olvas\u00e1si id\u0151\" \/>\n\t<meta name=\"twitter:data1\" content=\"4 perc\" \/>\n<script type=\"application\/ld+json\" class=\"yoast-schema-graph\">{\"@context\":\"https:\/\/schema.org\",\"@graph\":[{\"@type\":\"WebPage\",\"@id\":\"https:\/\/talkpal.ai\/hu\/japan-nyelvtani-gyakorlatok\/\",\"url\":\"https:\/\/talkpal.ai\/hu\/japan-nyelvtani-gyakorlatok\/\",\"name\":\"Jap\u00e1n nyelvtani gyakorlatok - Talkpal\",\"isPartOf\":{\"@id\":\"https:\/\/talkpal.ai\/hu\/#website\"},\"primaryImageOfPage\":{\"@id\":\"https:\/\/talkpal.ai\/hu\/japan-nyelvtani-gyakorlatok\/#primaryimage\"},\"image\":{\"@id\":\"https:\/\/talkpal.ai\/hu\/japan-nyelvtani-gyakorlatok\/#primaryimage\"},\"thumbnailUrl\":\"https:\/\/talkpal.ai\/wp-content\/uploads\/2023\/04\/japan.png\",\"datePublished\":\"2023-06-16T10:21:59+00:00\",\"dateModified\":\"2025-12-17T16:56:39+00:00\",\"description\":\"Fejleszd a jap\u00e1n nyelvtani k\u00e9szs\u00e9geidet - saj\u00e1t\u00edtsd el a mondatszerkezeteket, gyakorold az interakt\u00edv tev\u00e9kenys\u00e9geket \u00e9s fokozd a foly\u00e9kony besz\u00e9dk\u00e9szs\u00e9gedet.\",\"breadcrumb\":{\"@id\":\"https:\/\/talkpal.ai\/hu\/japan-nyelvtani-gyakorlatok\/#breadcrumb\"},\"inLanguage\":\"hu\",\"potentialAction\":[{\"@type\":\"ReadAction\",\"target\":[\"https:\/\/talkpal.ai\/hu\/japan-nyelvtani-gyakorlatok\/\"]}]},{\"@type\":\"ImageObject\",\"inLanguage\":\"hu\",\"@id\":\"https:\/\/talkpal.ai\/hu\/japan-nyelvtani-gyakorlatok\/#primaryimage\",\"url\":\"https:\/\/talkpal.ai\/wp-content\/uploads\/2023\/04\/japan.png\",\"contentUrl\":\"https:\/\/talkpal.ai\/wp-content\/uploads\/2023\/04\/japan.png\",\"width\":512,\"height\":512},{\"@type\":\"BreadcrumbList\",\"@id\":\"https:\/\/talkpal.ai\/hu\/japan-nyelvtani-gyakorlatok\/#breadcrumb\",\"itemListElement\":[{\"@type\":\"ListItem\",\"position\":1,\"name\":\"Homepage\",\"item\":\"https:\/\/talkpal.ai\/hu\/\"},{\"@type\":\"ListItem\",\"position\":2,\"name\":\"Jap\u00e1n nyelvtani gyakorlatok\"}]},{\"@type\":\"WebSite\",\"@id\":\"https:\/\/talkpal.ai\/hu\/#website\",\"url\":\"https:\/\/talkpal.ai\/hu\/\",\"name\":\"Talkpal\",\"description\":\"AI Language Learning\",\"publisher\":{\"@id\":\"https:\/\/talkpal.ai\/hu\/#organization\"},\"alternateName\":\"Talkpal AI\",\"potentialAction\":[{\"@type\":\"SearchAction\",\"target\":{\"@type\":\"EntryPoint\",\"urlTemplate\":\"https:\/\/talkpal.ai\/hu\/?s={search_term_string}\"},\"query-input\":{\"@type\":\"PropertyValueSpecification\",\"valueRequired\":true,\"valueName\":\"search_term_string\"}}],\"inLanguage\":\"hu\"},{\"@type\":\"Organization\",\"@id\":\"https:\/\/talkpal.ai\/hu\/#organization\",\"name\":\"Talkpal, Inc.\",\"alternateName\":\"Talkpal AI\",\"url\":\"https:\/\/talkpal.ai\/hu\/\",\"logo\":{\"@type\":\"ImageObject\",\"inLanguage\":\"hu\",\"@id\":\"https:\/\/talkpal.ai\/hu\/#\/schema\/logo\/image\/\",\"url\":\"https:\/\/talkpal.ai\/wp-content\/uploads\/2024\/03\/Talkpal-Logo-Icon.png\",\"contentUrl\":\"https:\/\/talkpal.ai\/wp-content\/uploads\/2024\/03\/Talkpal-Logo-Icon.png\",\"width\":2880,\"height\":2880,\"caption\":\"Talkpal, Inc.\"},\"image\":{\"@id\":\"https:\/\/talkpal.ai\/hu\/#\/schema\/logo\/image\/\"},\"sameAs\":[\"https:\/\/www.facebook.com\/profile.php?id=100090733639311\",\"https:\/\/x.com\/talkpalai\",\"https:\/\/www.linkedin.com\/company\/talkpal\/\",\"https:\/\/www.youtube.com\/@TalkPal\/\",\"https:\/\/www.tiktok.com\/@talkpal\",\"https:\/\/www.instagram.com\/talkpal_ai\/\",\"https:\/\/www.crunchbase.com\/organization\/talkpal-9cde\",\"https:\/\/www.g2.com\/products\/talkpal-for-business\/\",\"https:\/\/www.trustpilot.com\/review\/talkpal.ai\",\"https:\/\/www.capterra.com\/p\/10006800\/TalkPal\/\"],\"description\":\"Talkpal is a language learning web and mobile education app, powered by the latest AI technologies, that provides engaging experiences to its customers in many different languages to help them improve their language skills. Users can chat about unlimited amount of topics with the app and use other modes to practice their language learning.\",\"email\":\"support@talkpal.ai\",\"legalName\":\"Talkpal, Inc.\",\"foundingDate\":\"2023-04-03\",\"duns\":\"118989042\",\"numberOfEmployees\":{\"@type\":\"QuantitativeValue\",\"minValue\":\"11\",\"maxValue\":\"50\"},\"publishingPrinciples\":\"https:\/\/talkpal.ai\/publishing-principles\/\",\"actionableFeedbackPolicy\":\"https:\/\/talkpal.ai\/actionable-feedback-policy\/\",\"correctionsPolicy\":\"https:\/\/talkpal.ai\/corrections-policy\/\",\"ethicsPolicy\":\"https:\/\/talkpal.ai\/ethics-policy\/\",\"diversityPolicy\":\"https:\/\/talkpal.ai\/diversity-policy\/\",\"diversityStaffingReport\":\"https:\/\/talkpal.ai\/diversity-policy\/\"}]}<\/script>\n<!-- \/ Yoast SEO Premium plugin. -->","yoast_head_json":{"title":"Jap\u00e1n nyelvtani gyakorlatok - Talkpal","description":"Fejleszd a jap\u00e1n nyelvtani k\u00e9szs\u00e9geidet - saj\u00e1t\u00edtsd el a mondatszerkezeteket, gyakorold az interakt\u00edv tev\u00e9kenys\u00e9geket \u00e9s fokozd a foly\u00e9kony besz\u00e9dk\u00e9szs\u00e9gedet.","robots":{"index":"index","follow":"follow","max-snippet":"max-snippet:-1","max-image-preview":"max-image-preview:large","max-video-preview":"max-video-preview:-1"},"canonical":"https:\/\/talkpal.ai\/hu\/japan-nyelvtani-gyakorlatok\/","og_locale":"hu_HU","og_type":"article","og_title":"Jap\u00e1n nyelvtani gyakorlatok","og_description":"Jap\u00e1n nyelvtani t\u00e9m\u00e1k A jap\u00e1n nyelvtanul\u00e1s izgalmas \u00e9s kifizet\u0151d\u0151 \u00e9lm\u00e9ny lehet, mivel a kult\u00fara, a kommunik\u00e1ci\u00f3 \u00e9s a szem\u00e9lyes fejl\u0151d\u00e9s teljesen \u00faj","og_url":"https:\/\/talkpal.ai\/hu\/japan-nyelvtani-gyakorlatok\/","og_site_name":"Talkpal","article_publisher":"https:\/\/www.facebook.com\/profile.php?id=100090733639311","article_modified_time":"2025-12-17T16:56:39+00:00","og_image":[{"width":512,"height":512,"url":"https:\/\/talkpal.ai\/wp-content\/uploads\/2023\/04\/japan.png","type":"image\/png"}],"twitter_card":"summary_large_image","twitter_site":"@talkpalai","twitter_misc":{"Becs\u00fclt olvas\u00e1si id\u0151":"4 perc"},"schema":{"@context":"https:\/\/schema.org","@graph":[{"@type":"WebPage","@id":"https:\/\/talkpal.ai\/hu\/japan-nyelvtani-gyakorlatok\/","url":"https:\/\/talkpal.ai\/hu\/japan-nyelvtani-gyakorlatok\/","name":"Jap\u00e1n nyelvtani gyakorlatok - Talkpal","isPartOf":{"@id":"https:\/\/talkpal.ai\/hu\/#website"},"primaryImageOfPage":{"@id":"https:\/\/talkpal.ai\/hu\/japan-nyelvtani-gyakorlatok\/#primaryimage"},"image":{"@id":"https:\/\/talkpal.ai\/hu\/japan-nyelvtani-gyakorlatok\/#primaryimage"},"thumbnailUrl":"https:\/\/talkpal.ai\/wp-content\/uploads\/2023\/04\/japan.png","datePublished":"2023-06-16T10:21:59+00:00","dateModified":"2025-12-17T16:56:39+00:00","description":"Fejleszd a jap\u00e1n nyelvtani k\u00e9szs\u00e9geidet - saj\u00e1t\u00edtsd el a mondatszerkezeteket, gyakorold az interakt\u00edv tev\u00e9kenys\u00e9geket \u00e9s fokozd a foly\u00e9kony besz\u00e9dk\u00e9szs\u00e9gedet.","breadcrumb":{"@id":"https:\/\/talkpal.ai\/hu\/japan-nyelvtani-gyakorlatok\/#breadcrumb"},"inLanguage":"hu","potentialAction":[{"@type":"ReadAction","target":["https:\/\/talkpal.ai\/hu\/japan-nyelvtani-gyakorlatok\/"]}]},{"@type":"ImageObject","inLanguage":"hu","@id":"https:\/\/talkpal.ai\/hu\/japan-nyelvtani-gyakorlatok\/#primaryimage","url":"https:\/\/talkpal.ai\/wp-content\/uploads\/2023\/04\/japan.png","contentUrl":"https:\/\/talkpal.ai\/wp-content\/uploads\/2023\/04\/japan.png","width":512,"height":512},{"@type":"BreadcrumbList","@id":"https:\/\/talkpal.ai\/hu\/japan-nyelvtani-gyakorlatok\/#breadcrumb","itemListElement":[{"@type":"ListItem","position":1,"name":"Homepage","item":"https:\/\/talkpal.ai\/hu\/"},{"@type":"ListItem","position":2,"name":"Jap\u00e1n nyelvtani gyakorlatok"}]},{"@type":"WebSite","@id":"https:\/\/talkpal.ai\/hu\/#website","url":"https:\/\/talkpal.ai\/hu\/","name":"Talkpal","description":"AI Language Learning","publisher":{"@id":"https:\/\/talkpal.ai\/hu\/#organization"},"alternateName":"Talkpal AI","potentialAction":[{"@type":"SearchAction","target":{"@type":"EntryPoint","urlTemplate":"https:\/\/talkpal.ai\/hu\/?s={search_term_string}"},"query-input":{"@type":"PropertyValueSpecification","valueRequired":true,"valueName":"search_term_string"}}],"inLanguage":"hu"},{"@type":"Organization","@id":"https:\/\/talkpal.ai\/hu\/#organization","name":"Talkpal, Inc.","alternateName":"Talkpal AI","url":"https:\/\/talkpal.ai\/hu\/","logo":{"@type":"ImageObject","inLanguage":"hu","@id":"https:\/\/talkpal.ai\/hu\/#\/schema\/logo\/image\/","url":"https:\/\/talkpal.ai\/wp-content\/uploads\/2024\/03\/Talkpal-Logo-Icon.png","contentUrl":"https:\/\/talkpal.ai\/wp-content\/uploads\/2024\/03\/Talkpal-Logo-Icon.png","width":2880,"height":2880,"caption":"Talkpal, Inc."},"image":{"@id":"https:\/\/talkpal.ai\/hu\/#\/schema\/logo\/image\/"},"sameAs":["https:\/\/www.facebook.com\/profile.php?id=100090733639311","https:\/\/x.com\/talkpalai","https:\/\/www.linkedin.com\/company\/talkpal\/","https:\/\/www.youtube.com\/@TalkPal\/","https:\/\/www.tiktok.com\/@talkpal","https:\/\/www.instagram.com\/talkpal_ai\/","https:\/\/www.crunchbase.com\/organization\/talkpal-9cde","https:\/\/www.g2.com\/products\/talkpal-for-business\/","https:\/\/www.trustpilot.com\/review\/talkpal.ai","https:\/\/www.capterra.com\/p\/10006800\/TalkPal\/"],"description":"Talkpal is a language learning web and mobile education app, powered by the latest AI technologies, that provides engaging experiences to its customers in many different languages to help them improve their language skills. Users can chat about unlimited amount of topics with the app and use other modes to practice their language learning.","email":"support@talkpal.ai","legalName":"Talkpal, Inc.","foundingDate":"2023-04-03","duns":"118989042","numberOfEmployees":{"@type":"QuantitativeValue","minValue":"11","maxValue":"50"},"publishingPrinciples":"https:\/\/talkpal.ai\/publishing-principles\/","actionableFeedbackPolicy":"https:\/\/talkpal.ai\/actionable-feedback-policy\/","correctionsPolicy":"https:\/\/talkpal.ai\/corrections-policy\/","ethicsPolicy":"https:\/\/talkpal.ai\/ethics-policy\/","diversityPolicy":"https:\/\/talkpal.ai\/diversity-policy\/","diversityStaffingReport":"https:\/\/talkpal.ai\/diversity-policy\/"}]}},"_links":{"self":[{"href":"https:\/\/talkpal.ai\/hu\/wp-json\/wp\/v2\/pages\/134728","targetHints":{"allow":["GET"]}}],"collection":[{"href":"https:\/\/talkpal.ai\/hu\/wp-json\/wp\/v2\/pages"}],"about":[{"href":"https:\/\/talkpal.ai\/hu\/wp-json\/wp\/v2\/types\/page"}],"author":[{"embeddable":true,"href":"https:\/\/talkpal.ai\/hu\/wp-json\/wp\/v2\/users\/6"}],"replies":[{"embeddable":true,"href":"https:\/\/talkpal.ai\/hu\/wp-json\/wp\/v2\/comments?post=134728"}],"version-history":[{"count":0,"href":"https:\/\/talkpal.ai\/hu\/wp-json\/wp\/v2\/pages\/134728\/revisions"}],"wp:featuredmedia":[{"embeddable":true,"href":"https:\/\/talkpal.ai\/hu\/wp-json\/wp\/v2\/media\/107258"}],"wp:attachment":[{"href":"https:\/\/talkpal.ai\/hu\/wp-json\/wp\/v2\/media?parent=134728"}],"curies":[{"name":"wp","href":"https:\/\/api.w.org\/{rel}","templated":true}]}}