{"id":134332,"date":"2023-06-16T10:15:21","date_gmt":"2023-06-16T10:15:21","guid":{"rendered":"http:\/\/talkpal.ai\/hindi-nyelvtani-gyakorlatok\/"},"modified":"2025-12-17T16:18:20","modified_gmt":"2025-12-17T16:18:20","slug":"hindi-nyelvtani-gyakorlatok","status":"publish","type":"page","link":"https:\/\/talkpal.ai\/hu\/hindi-nyelvtani-gyakorlatok\/","title":{"rendered":"Hindi nyelvtani gyakorlatok"},"content":{"rendered":"\r\n\r\n\r\n<section class=\"languageChallengeSection\">\r\n    <div class=\"languageInfoWrapper\">\r\n        \r\n        <h1>Hindi nyelvtani gyakorlatok<\/h1>\r\n        <p>Szeretne magabiztosabban besz\u00e9lni hindi\u00fcl? A nyelvtani gyakorlatok gyakorl\u00e1sa remek m\u00f3dja a mondatszerkezet, az igealakok \u00e9s a <a href=\"https:\/\/talkpal.ai\/learn-hindi\/\">hindi<\/a> nyelv egyedi mint\u00e1inak elsaj\u00e1t\u00edt\u00e1s\u00e1nak. Kezdj el dolgozni a <a href=\"https:\/\/talkpal.ai\/learn-hindi\/\">hindi<\/a> nyelvtanon m\u00e9g ma, \u00e9s l\u00e1sd, hogy a meg\u00e9rt\u00e9sed \u00e9s a foly\u00e9kony besz\u00e9dk\u00e9szs\u00e9ged minden egyes gyakorlattal n\u0151!\n\n<\/p>\r\n\r\n                            <a class=\"getStartedHidden\" href=\"https:\/\/app.talkpal.ai\/hu\/signup?lng=\">Kezdj\u00fck<\/a>\r\n        \r\n    <\/div>\r\n\r\n    <figure>\r\n    <img decoding=\"async\" width=\"768\" height=\"768\" src=\"https:\/\/talkpal.ai\/wp-content\/uploads\/2023\/06\/hindi-768x768.png\" class=\"languageImage no-lazy\" alt=\"Language learning for mental agility\" fetchpriority=\"high\" sizes=\"(max-width: 768px) 150px, 768px\" srcset=\"https:\/\/talkpal.ai\/wp-content\/uploads\/2023\/06\/hindi-768x768.png 768w, https:\/\/talkpal.ai\/wp-content\/uploads\/2023\/06\/hindi-300x300.png 300w\" \/>\r\n    \r\n\r\n    <\/figure>\r\n\r\n            <a class=\"getStartedVisible\" href=\"https:\/\/app.talkpal.ai\/hu\/signup?lng=\">Kezdj\u00fck<\/a>\r\n    \r\n<\/section>\r\n\r\n\r\n<!-- <section class=\"grammarSection\">\r\n    <div class=\"grammarLinks\">\r\n            <\/div>\r\n<\/section> -->\r\n\r\n\r\n\r\n\r\n<section class=\"promotionalBanner\">\r\n    <p class=\"promotionalText\">A nyelvtanul\u00e1s leghat\u00e9konyabb m\u00f3dja<\/p>\r\n    <a class=\"promotionalLink\" href=\"https:\/\/app.talkpal.ai\/hu\/signup?lng=\">Pr\u00f3b\u00e1lja ki a Talkpal ingyen<\/a>\r\n<\/section>\n<div class=\"wp-block-group pageContainerStyle\"><div class=\"wp-block-group__inner-container is-layout-constrained wp-block-group-is-layout-constrained\">\n<h2 class=\"wp-block-heading\" id=\"h-hindi-grammar-topics\">Hindi nyelvtani t\u00e9m\u00e1k<\/h2>\n\n\n\n<p>Egy \u00faj nyelv tanul\u00e1sa izgalmas, m\u00e9gis kih\u00edv\u00e1st jelent\u0151 \u00e9lm\u00e9ny lehet, k\u00fcl\u00f6n\u00f6sen, ha a <a href=\"https:\/\/talkpal.ai\/grammar\/\">nyelvtan<\/a> meg\u00e9rt\u00e9s\u00e9r\u0151l \u00e9s elsaj\u00e1t\u00edt\u00e1s\u00e1r\u00f3l <a href=\"https:\/\/talkpal.ai\/locations\/language-courses-in-van\/\">van<\/a> sz\u00f3. A hindi, mint a vil\u00e1g egyik legsz\u00e9lesebb k\u00f6rben besz\u00e9lt nyelve, egyed\u00fcl\u00e1ll\u00f3 \u00e9s gazdag nyelvi \u00e9lm\u00e9nyt k\u00edn\u00e1l. Ahogy elindul a hindi nyelv tanul\u00e1s\u00e1nak \u00fatj\u00e1n, elengedhetetlen, hogy meg\u00e9rtse azokat az alapvet\u0151 nyelvtani t\u00e9m\u00e1kat, amelyek er\u0151s alapot teremtenek nyelvi k\u00e9szs\u00e9geihez. <a href=\"https:\/\/talkpal.ai\/culture\/how-do-you-use-the-demonstrative-pronouns-ez-and-az\/\">Ez az<\/a> \u00fatmutat\u00f3 bemutatja a legfontosabb hindi nyelvtani t\u00e9m\u00e1kat, amelyek olyan sorrendben vannak csoportos\u00edtva, amely megk\u00f6nny\u00edti a tanul\u00e1si folyamatot.<\/p>\n\n\n\n<h3 class=\"wp-block-heading\" id=\"h-1-nouns\">1. F\u0151nevek:<\/h3>\n\n\n\n<p>Kezdje hindi tanul\u00e1si \u00fatj\u00e1t f\u0151nevekkel, mivel ezek <a href=\"https:\/\/talkpal.ai\/languages\/\">minden nyelv<\/a> \u00e9p\u00edt\u0151k\u00f6vei. A hindi nyelvben a f\u0151neveket k\u00e9t nembe sorolj\u00e1k (h\u00edmnem\u0171 \u00e9s n\u0151ies), \u00e9s lehetnek egyes vagy t\u00f6bbes sz\u00e1mban. A hindi f\u0151nevek alapjainak meg\u00e9rt\u00e9se seg\u00edt az egyszer\u0171 mondatok \u00e9s kifejez\u00e9sek kialak\u00edt\u00e1s\u00e1ban.<\/p>\n\n\n\n<h3 class=\"wp-block-heading\" id=\"h-2-pronouns\">2. N\u00e9vm\u00e1sok:<\/h3>\n\n\n\n<p>A n\u00e9vm\u00e1sok helyettes\u00edtik a f\u0151neveket egy mondatban, \u00e9s seg\u00edtenek elker\u00fclni az ism\u00e9tl\u00e9st. A hindi n\u00e9vm\u00e1sok h\u00e1rom kateg\u00f3ri\u00e1ba sorolhat\u00f3k &#8211; szem\u00e9lyes, demonstrat\u00edv \u00e9s k\u00e9rd\u0151. Ismerkedjen meg a n\u00e9vm\u00e1sok k\u00fcl\u00f6nb\u00f6z\u0151 form\u00e1ival, hogy jav\u00edtsa kommunik\u00e1ci\u00f3s k\u00e9szs\u00e9geit.<\/p>\n\n\n\n<h3 class=\"wp-block-heading\" id=\"h-3-adjectives\">3. Mell\u00e9knevek:<\/h3>\n\n\n\n<p>A mell\u00e9knevek a f\u0151nevek \u00e9s n\u00e9vm\u00e1sok tulajdons\u00e1gait \u00edrj\u00e1k le. A hindi nyelvben a mell\u00e9knevek megegyeznek a nemben \u00e9s sz\u00e1mban le\u00edrt f\u0151n\u00e9vvel. A mell\u00e9knevek tanul\u00e1sa lehet\u0151v\u00e9 teszi, hogy \u00e9l\u00e9nkebben fejezze ki gondolatait \u00e9s v\u00e9lem\u00e9ny\u00e9t.<\/p>\n\n\n\n<h3 class=\"wp-block-heading\" id=\"h-4-verbs\">4. Ig\u00e9k:<\/h3>\n\n\n\n<p>Az ig\u00e9k cselekv\u00e9seket vagy l\u00e9t\u00e1llapotokat jel\u00f6lnek. A hindi ig\u00e9knek h\u00e1rom f\u0151 igeidej\u00fck van \u2013 m\u00falt, jelen \u00e9s j\u00f6v\u0151 \u2013, \u00e9s lehetnek jelz\u0151ek vagy mell\u00e9kesek. A hindi ig\u00e9k \u00e9s azok konjug\u00e1ci\u00f3inak szil\u00e1rd meg\u00e9rt\u00e9se lehet\u0151v\u00e9 teszi, hogy pontosan kifejezze a cselekv\u00e9seket \u00e9s esem\u00e9nyeket.<\/p>\n\n\n\n<h3 class=\"wp-block-heading\" id=\"h-5-tenses-indicative\">5. Igeid\u0151k jelz\u00e9s\u00e9rt\u00e9k\u0171ek:<\/h3>\n\n\n\n<p>A hindi nyelv\u0171 indikat\u00edv igeid\u0151k t\u00e9nyeket vagy bizonyoss\u00e1got fejeznek ki, \u00e9s mindennapi besz\u00e9lget\u00e9sekben haszn\u00e1latosak. Ismerje meg a m\u00falt, jelen \u00e9s j\u00f6v\u0151 indikat\u00edv igeid\u0151k szab\u00e1lyait \u00e9s ragoz\u00e1sait, hogy vil\u00e1gosan \u00e9s hat\u00e9konyan kommunik\u00e1ljon.<\/p>\n\n\n\n<h3 class=\"wp-block-heading\" id=\"h-6-tenses-subjunctive\">6. Igeid\u0151k k\u00f6t\u0151sz\u00f3:<\/h3>\n\n\n\n<p>A hindi nyelvben a k\u00f6t\u0151m\u00f3d olyan cselekv\u00e9seket vagy esem\u00e9nyeket jel\u00f6l, amelyek bizonytalanok, hipotetikusak vagy ellent\u00e9tesek a t\u00e9nyekkel. A szubjekt\u00edv hangulat elsaj\u00e1t\u00edt\u00e1sa lehet\u0151v\u00e9 teszi, hogy kifejezze k\u00e9ts\u00e9geit, lehet\u0151s\u00e9geit \u00e9s k\u00edv\u00e1ns\u00e1gait.<\/p>\n\n\n\n<h3 class=\"wp-block-heading\" id=\"h-7-tense-comparison\">7. Fesz\u00fclt \u00f6sszehasonl\u00edt\u00e1s:<\/h3>\n\n\n\n<p>A hindi k\u00fcl\u00f6nb\u00f6z\u0151 id\u0151k \u00f6sszehasonl\u00edt\u00e1sa seg\u00edt meg\u00e9rteni a cselekv\u00e9sek \u00e9s az esem\u00e9nyek k\u00f6z\u00f6tti kapcsolatokat az id\u0151ben. Gyakorolja a mondatok kialak\u00edt\u00e1s\u00e1t k\u00fcl\u00f6nb\u00f6z\u0151 igeid\u0151k haszn\u00e1lat\u00e1val, hogy \u00e1tfog\u00f3 meg\u00e9rt\u00e9st alak\u00edtson ki az id\u0151beli kapcsolatokr\u00f3l.<\/p>\n\n\n\n<h3 class=\"wp-block-heading\" id=\"h-8-adverbs\">8. Hat\u00e1roz\u00f3sz\u00f3k:<\/h3>\n\n\n\n<p>A hat\u00e1roz\u00f3szavak m\u00f3dos\u00edtj\u00e1k az ig\u00e9ket, mell\u00e9kneveket vagy m\u00e1s hat\u00e1roz\u00f3szavakat, \u00e9s tov\u00e1bbi inform\u00e1ci\u00f3kat ny\u00fajtanak a m\u0171veletekr\u0151l vagy min\u0151s\u00e9gekr\u0151l. Ismerje meg a gyakori hindi hat\u00e1roz\u00f3szavakat \u00e9s azok mondatokban val\u00f3 elhelyez\u00e9s\u00e9t, hogy jav\u00edtsa le\u00edr\u00f3 k\u00e9pess\u00e9geit.<\/p>\n\n\n\n<h3 class=\"wp-block-heading\" id=\"h-9-prepositions\">9. El\u00f6lj\u00e1r\u00f3szavak:<\/h3>\n\n\n\n<p>A hindi el\u00f6lj\u00e1r\u00f3szavak \u00f6sszekapcsolj\u00e1k a f\u0151neveket, n\u00e9vm\u00e1sokat vagy kifejez\u00e9seket a mondat m\u00e1s szavaival. Olyan kapcsolatokat jeleznek, mint a hely, az id\u0151 \u00e9s az ir\u00e1ny. Ismerkedjen meg a hindi el\u00f6lj\u00e1r\u00f3szavakkal \u00e9s azok haszn\u00e1lat\u00e1val \u00f6sszetettebb mondatok l\u00e9trehoz\u00e1s\u00e1hoz.<\/p>\n\n\n\n<h3 class=\"wp-block-heading\" id=\"h-10-articles\">10. Cikkek:<\/h3>\n\n\n\n<p>A hindi nyelvnek nincsenek olyan cikkei, mint az <a href=\"https:\/\/talkpal.ai\/locations\/language-courses-in-angol\/\">angol<\/a> (the, a, an), de hasonl\u00f3 jelent\u00e9seket k\u00f6zvet\u00edt. A hindi nyelv\u0171 posztpoz\u00edci\u00f3k haszn\u00e1lat\u00e1nak meg\u00e9rt\u00e9se seg\u00edt helyesen k\u00f6zvet\u00edteni a mondatok hat\u00e1rozotts\u00e1g\u00e1t \u00e9s hat\u00e1rozatlans\u00e1g\u00e1t.<\/p>\n\n\n\n<h3 class=\"wp-block-heading\" id=\"h-11-sentence-structure\">11. Mondatszerkezet:<\/h3>\n\n\n\n<p>V\u00e9g\u00fcl tanulja meg az alapvet\u0151 mondatszerkezetet hindi nyelven, amely egy t\u00e1rgy-objektum-ige (SOV) mint\u00e1t k\u00f6vet. A hindi mondatszerkezet meg\u00e9rt\u00e9se lehet\u0151v\u00e9 teszi, hogy hat\u00e9konyan \u00e9s vil\u00e1gosan kommunik\u00e1ljon.<\/p>\n\n\n\n<p>A hindi nyelvtani t\u00e9m\u00e1k ezen sorrendj\u00e9nek k\u00f6vet\u00e9s\u00e9vel <a href=\"https:\/\/talkpal.ai\/talkpal-christmas-discount\/\">j\u00f3l<\/a> felk\u00e9sz\u00fclt lesz hindi nyelven meg\u00e9rteni, besz\u00e9lni \u00e9s \u00edrni, lehet\u0151v\u00e9 t\u00e9ve, hogy teljes m\u00e9rt\u00e9kben elmer\u00fclj\u00f6n a hindi nyelv\u0171 r\u00e9gi\u00f3k gazdag kult\u00far\u00e1j\u00e1ban \u00e9s hagyom\u00e1nyaiban.<\/p>\n<\/div><\/div>\n\r\n<section class=\"learnNavigationSection\">\r\n            \r\n        <a href=\"https:\/\/talkpal.ai\/hu\/tanulj-hindi-nyelven\/\">\r\n            <div class=\"learnNavigationWrapper\">\r\n                <div class=\"learnNavigationContent\">\r\n                    <img decoding=\"async\" src=\"https:\/\/talkpal.ai\/wp-content\/uploads\/2024\/08\/Hindi.jpg\" alt=\"Indian Flag\">\r\n                    <div>\r\n                        <h4>A hindi tanul\u00e1sr\u00f3l<\/h4>\r\n                        <p>Tudjon meg mindent a hindi nyelvtanr\u00f3l.<\/p>\r\n                    <\/div>\r\n                <\/div>\r\n            <\/div>\r\n        <\/a>\r\n\r\n        \r\n        <a href=\"https:\/\/talkpal.ai\/hu\/hindi-nyelvtan\/\">\r\n            <div class=\"learnNavigationWrapper\">\r\n                <div class=\"learnNavigationContent\">\r\n                    <img decoding=\"async\" src=\"https:\/\/talkpal.ai\/wp-content\/uploads\/2024\/08\/Hindi.jpg\" alt=\"Indian Flag\">\r\n                    <div>\r\n                        <h4>Hindi nyelvtani \u00f3r\u00e1k<\/h4>\r\n                        <p>Gyakorolja a hindi nyelvtant.<\/p>\r\n                    <\/div>\r\n                <\/div>\r\n            <\/div>\r\n        <\/a>\r\n\r\n        \r\n        <a href=\"https:\/\/talkpal.ai\/vocabulary_language\/hindi\/\">\r\n            <div class=\"learnNavigationWrapper\">\r\n                <div class=\"learnNavigationContent\">\r\n                    <img decoding=\"async\" src=\"https:\/\/talkpal.ai\/wp-content\/uploads\/2024\/08\/Hindi.jpg\" alt=\"Indian Flag\">\r\n                    <div>\r\n                        <h4>Hindi sz\u00f3kincs<\/h4>\r\n                        <p>B\u0151v\u00edtse hindi sz\u00f3kincs\u00e9t.<\/p>\r\n                    <\/div>\r\n                <\/div>\r\n            <\/div>\r\n        <\/a>\r\n\r\n            <\/section>","protected":false},"excerpt":{"rendered":"<p>Hindi nyelvtani t\u00e9m\u00e1k Egy \u00faj nyelv tanul\u00e1sa izgalmas, m\u00e9gis kih\u00edv\u00e1st jelent\u0151 \u00e9lm\u00e9ny lehet, k\u00fcl\u00f6n\u00f6sen, ha a nyelvtan meg\u00e9rt\u00e9s\u00e9r\u0151l \u00e9s elsaj\u00e1t\u00edt\u00e1s\u00e1r\u00f3l van sz\u00f3. A hindi, mint a vil\u00e1g egyik legsz\u00e9lesebb k\u00f6rben besz\u00e9lt nyelve, egyed\u00fcl\u00e1ll\u00f3 \u00e9s gazdag nyelvi \u00e9lm\u00e9nyt k\u00edn\u00e1l. Ahogy elindul a hindi nyelv tanul\u00e1s\u00e1nak \u00fatj\u00e1n, elengedhetetlen, hogy meg\u00e9rtse azokat az alapvet\u0151 nyelvtani t\u00e9m\u00e1kat, amelyek er\u0151s [&hellip;]<\/p>\n","protected":false},"author":6,"featured_media":188211,"parent":0,"menu_order":0,"comment_status":"closed","ping_status":"closed","template":"LearningContentPage.php","meta":{"_acf_changed":false,"footnotes":""},"class_list":["post-134332","page","type-page","status-publish","has-post-thumbnail","hentry"],"acf":[],"yoast_head":"<!-- This site is optimized with the Yoast SEO Premium plugin v27.2 (Yoast SEO v27.2) - https:\/\/yoast.com\/product\/yoast-seo-premium-wordpress\/ -->\n<title>Hindi nyelvtani gyakorlatok - Talkpal<\/title>\n<meta name=\"description\" content=\"Gyakorolja a hindi nyelvtant k\u00f6nnyed\u00e9n - pr\u00f3b\u00e1lja ki az interakt\u00edv gyakorlatokat, hogy fejlessze k\u00e9szs\u00e9geit \u00e9s gyorsabban tanuljon a Talkpal AI.\" \/>\n<meta name=\"robots\" content=\"index, follow, max-snippet:-1, max-image-preview:large, max-video-preview:-1\" \/>\n<link rel=\"canonical\" href=\"https:\/\/talkpal.ai\/hu\/hindi-nyelvtani-gyakorlatok\/\" \/>\n<meta property=\"og:locale\" content=\"hu_HU\" \/>\n<meta property=\"og:type\" content=\"article\" \/>\n<meta property=\"og:title\" content=\"Hindi nyelvtani gyakorlatok\" \/>\n<meta property=\"og:description\" content=\"Hindi nyelvtani t\u00e9m\u00e1k Egy \u00faj nyelv tanul\u00e1sa izgalmas, m\u00e9gis kih\u00edv\u00e1st jelent\u0151 \u00e9lm\u00e9ny lehet, k\u00fcl\u00f6n\u00f6sen, ha a nyelvtan meg\u00e9rt\u00e9s\u00e9r\u0151l \u00e9s elsaj\u00e1t\u00edt\u00e1s\u00e1r\u00f3l van\" \/>\n<meta property=\"og:url\" content=\"https:\/\/talkpal.ai\/hu\/hindi-nyelvtani-gyakorlatok\/\" \/>\n<meta property=\"og:site_name\" content=\"Talkpal\" \/>\n<meta property=\"article:publisher\" content=\"https:\/\/www.facebook.com\/profile.php?id=100090733639311\" \/>\n<meta property=\"article:modified_time\" content=\"2025-12-17T16:18:20+00:00\" \/>\n<meta property=\"og:image\" content=\"https:\/\/talkpal.ai\/wp-content\/uploads\/2024\/02\/india.png\" \/>\n\t<meta property=\"og:image:width\" content=\"517\" \/>\n\t<meta property=\"og:image:height\" content=\"517\" \/>\n\t<meta property=\"og:image:type\" content=\"image\/png\" \/>\n<meta name=\"twitter:card\" content=\"summary_large_image\" \/>\n<meta name=\"twitter:site\" content=\"@talkpalai\" \/>\n<meta name=\"twitter:label1\" content=\"Becs\u00fclt olvas\u00e1si id\u0151\" \/>\n\t<meta name=\"twitter:data1\" content=\"4 perc\" \/>\n<script type=\"application\/ld+json\" class=\"yoast-schema-graph\">{\"@context\":\"https:\/\/schema.org\",\"@graph\":[{\"@type\":\"WebPage\",\"@id\":\"https:\/\/talkpal.ai\/hu\/hindi-nyelvtani-gyakorlatok\/\",\"url\":\"https:\/\/talkpal.ai\/hu\/hindi-nyelvtani-gyakorlatok\/\",\"name\":\"Hindi nyelvtani gyakorlatok - Talkpal\",\"isPartOf\":{\"@id\":\"https:\/\/talkpal.ai\/hu\/#website\"},\"primaryImageOfPage\":{\"@id\":\"https:\/\/talkpal.ai\/hu\/hindi-nyelvtani-gyakorlatok\/#primaryimage\"},\"image\":{\"@id\":\"https:\/\/talkpal.ai\/hu\/hindi-nyelvtani-gyakorlatok\/#primaryimage\"},\"thumbnailUrl\":\"https:\/\/talkpal.ai\/wp-content\/uploads\/2024\/02\/india.png\",\"datePublished\":\"2023-06-16T10:15:21+00:00\",\"dateModified\":\"2025-12-17T16:18:20+00:00\",\"description\":\"Gyakorolja a hindi nyelvtant k\u00f6nnyed\u00e9n - pr\u00f3b\u00e1lja ki az interakt\u00edv gyakorlatokat, hogy fejlessze k\u00e9szs\u00e9geit \u00e9s gyorsabban tanuljon a Talkpal AI.\",\"breadcrumb\":{\"@id\":\"https:\/\/talkpal.ai\/hu\/hindi-nyelvtani-gyakorlatok\/#breadcrumb\"},\"inLanguage\":\"hu\",\"potentialAction\":[{\"@type\":\"ReadAction\",\"target\":[\"https:\/\/talkpal.ai\/hu\/hindi-nyelvtani-gyakorlatok\/\"]}]},{\"@type\":\"ImageObject\",\"inLanguage\":\"hu\",\"@id\":\"https:\/\/talkpal.ai\/hu\/hindi-nyelvtani-gyakorlatok\/#primaryimage\",\"url\":\"https:\/\/talkpal.ai\/wp-content\/uploads\/2024\/02\/india.png\",\"contentUrl\":\"https:\/\/talkpal.ai\/wp-content\/uploads\/2024\/02\/india.png\",\"width\":517,\"height\":517,\"caption\":\"TalkPal Indian Flag\"},{\"@type\":\"BreadcrumbList\",\"@id\":\"https:\/\/talkpal.ai\/hu\/hindi-nyelvtani-gyakorlatok\/#breadcrumb\",\"itemListElement\":[{\"@type\":\"ListItem\",\"position\":1,\"name\":\"Homepage\",\"item\":\"https:\/\/talkpal.ai\/hu\/\"},{\"@type\":\"ListItem\",\"position\":2,\"name\":\"Hindi nyelvtani gyakorlatok\"}]},{\"@type\":\"WebSite\",\"@id\":\"https:\/\/talkpal.ai\/hu\/#website\",\"url\":\"https:\/\/talkpal.ai\/hu\/\",\"name\":\"Talkpal\",\"description\":\"AI Language Learning\",\"publisher\":{\"@id\":\"https:\/\/talkpal.ai\/hu\/#organization\"},\"alternateName\":\"Talkpal AI\",\"potentialAction\":[{\"@type\":\"SearchAction\",\"target\":{\"@type\":\"EntryPoint\",\"urlTemplate\":\"https:\/\/talkpal.ai\/hu\/?s={search_term_string}\"},\"query-input\":{\"@type\":\"PropertyValueSpecification\",\"valueRequired\":true,\"valueName\":\"search_term_string\"}}],\"inLanguage\":\"hu\"},{\"@type\":\"Organization\",\"@id\":\"https:\/\/talkpal.ai\/hu\/#organization\",\"name\":\"Talkpal, Inc.\",\"alternateName\":\"Talkpal AI\",\"url\":\"https:\/\/talkpal.ai\/hu\/\",\"logo\":{\"@type\":\"ImageObject\",\"inLanguage\":\"hu\",\"@id\":\"https:\/\/talkpal.ai\/hu\/#\/schema\/logo\/image\/\",\"url\":\"https:\/\/talkpal.ai\/wp-content\/uploads\/2024\/03\/Talkpal-Logo-Icon.png\",\"contentUrl\":\"https:\/\/talkpal.ai\/wp-content\/uploads\/2024\/03\/Talkpal-Logo-Icon.png\",\"width\":2880,\"height\":2880,\"caption\":\"Talkpal, Inc.\"},\"image\":{\"@id\":\"https:\/\/talkpal.ai\/hu\/#\/schema\/logo\/image\/\"},\"sameAs\":[\"https:\/\/www.facebook.com\/profile.php?id=100090733639311\",\"https:\/\/x.com\/talkpalai\",\"https:\/\/www.linkedin.com\/company\/talkpal\/\",\"https:\/\/www.youtube.com\/@TalkPal\/\",\"https:\/\/www.tiktok.com\/@talkpal\",\"https:\/\/www.instagram.com\/talkpal_ai\/\",\"https:\/\/www.crunchbase.com\/organization\/talkpal-9cde\",\"https:\/\/www.g2.com\/products\/talkpal-for-business\/\",\"https:\/\/www.trustpilot.com\/review\/talkpal.ai\",\"https:\/\/www.capterra.com\/p\/10006800\/TalkPal\/\"],\"description\":\"Talkpal is a language learning web and mobile education app, powered by the latest AI technologies, that provides engaging experiences to its customers in many different languages to help them improve their language skills. Users can chat about unlimited amount of topics with the app and use other modes to practice their language learning.\",\"email\":\"support@talkpal.ai\",\"legalName\":\"Talkpal, Inc.\",\"foundingDate\":\"2023-04-03\",\"duns\":\"118989042\",\"numberOfEmployees\":{\"@type\":\"QuantitativeValue\",\"minValue\":\"11\",\"maxValue\":\"50\"},\"publishingPrinciples\":\"https:\/\/talkpal.ai\/publishing-principles\/\",\"actionableFeedbackPolicy\":\"https:\/\/talkpal.ai\/actionable-feedback-policy\/\",\"correctionsPolicy\":\"https:\/\/talkpal.ai\/corrections-policy\/\",\"ethicsPolicy\":\"https:\/\/talkpal.ai\/ethics-policy\/\",\"diversityPolicy\":\"https:\/\/talkpal.ai\/diversity-policy\/\",\"diversityStaffingReport\":\"https:\/\/talkpal.ai\/diversity-policy\/\"}]}<\/script>\n<!-- \/ Yoast SEO Premium plugin. -->","yoast_head_json":{"title":"Hindi nyelvtani gyakorlatok - Talkpal","description":"Gyakorolja a hindi nyelvtant k\u00f6nnyed\u00e9n - pr\u00f3b\u00e1lja ki az interakt\u00edv gyakorlatokat, hogy fejlessze k\u00e9szs\u00e9geit \u00e9s gyorsabban tanuljon a Talkpal AI.","robots":{"index":"index","follow":"follow","max-snippet":"max-snippet:-1","max-image-preview":"max-image-preview:large","max-video-preview":"max-video-preview:-1"},"canonical":"https:\/\/talkpal.ai\/hu\/hindi-nyelvtani-gyakorlatok\/","og_locale":"hu_HU","og_type":"article","og_title":"Hindi nyelvtani gyakorlatok","og_description":"Hindi nyelvtani t\u00e9m\u00e1k Egy \u00faj nyelv tanul\u00e1sa izgalmas, m\u00e9gis kih\u00edv\u00e1st jelent\u0151 \u00e9lm\u00e9ny lehet, k\u00fcl\u00f6n\u00f6sen, ha a nyelvtan meg\u00e9rt\u00e9s\u00e9r\u0151l \u00e9s elsaj\u00e1t\u00edt\u00e1s\u00e1r\u00f3l van","og_url":"https:\/\/talkpal.ai\/hu\/hindi-nyelvtani-gyakorlatok\/","og_site_name":"Talkpal","article_publisher":"https:\/\/www.facebook.com\/profile.php?id=100090733639311","article_modified_time":"2025-12-17T16:18:20+00:00","og_image":[{"width":517,"height":517,"url":"https:\/\/talkpal.ai\/wp-content\/uploads\/2024\/02\/india.png","type":"image\/png"}],"twitter_card":"summary_large_image","twitter_site":"@talkpalai","twitter_misc":{"Becs\u00fclt olvas\u00e1si id\u0151":"4 perc"},"schema":{"@context":"https:\/\/schema.org","@graph":[{"@type":"WebPage","@id":"https:\/\/talkpal.ai\/hu\/hindi-nyelvtani-gyakorlatok\/","url":"https:\/\/talkpal.ai\/hu\/hindi-nyelvtani-gyakorlatok\/","name":"Hindi nyelvtani gyakorlatok - Talkpal","isPartOf":{"@id":"https:\/\/talkpal.ai\/hu\/#website"},"primaryImageOfPage":{"@id":"https:\/\/talkpal.ai\/hu\/hindi-nyelvtani-gyakorlatok\/#primaryimage"},"image":{"@id":"https:\/\/talkpal.ai\/hu\/hindi-nyelvtani-gyakorlatok\/#primaryimage"},"thumbnailUrl":"https:\/\/talkpal.ai\/wp-content\/uploads\/2024\/02\/india.png","datePublished":"2023-06-16T10:15:21+00:00","dateModified":"2025-12-17T16:18:20+00:00","description":"Gyakorolja a hindi nyelvtant k\u00f6nnyed\u00e9n - pr\u00f3b\u00e1lja ki az interakt\u00edv gyakorlatokat, hogy fejlessze k\u00e9szs\u00e9geit \u00e9s gyorsabban tanuljon a Talkpal AI.","breadcrumb":{"@id":"https:\/\/talkpal.ai\/hu\/hindi-nyelvtani-gyakorlatok\/#breadcrumb"},"inLanguage":"hu","potentialAction":[{"@type":"ReadAction","target":["https:\/\/talkpal.ai\/hu\/hindi-nyelvtani-gyakorlatok\/"]}]},{"@type":"ImageObject","inLanguage":"hu","@id":"https:\/\/talkpal.ai\/hu\/hindi-nyelvtani-gyakorlatok\/#primaryimage","url":"https:\/\/talkpal.ai\/wp-content\/uploads\/2024\/02\/india.png","contentUrl":"https:\/\/talkpal.ai\/wp-content\/uploads\/2024\/02\/india.png","width":517,"height":517,"caption":"TalkPal Indian Flag"},{"@type":"BreadcrumbList","@id":"https:\/\/talkpal.ai\/hu\/hindi-nyelvtani-gyakorlatok\/#breadcrumb","itemListElement":[{"@type":"ListItem","position":1,"name":"Homepage","item":"https:\/\/talkpal.ai\/hu\/"},{"@type":"ListItem","position":2,"name":"Hindi nyelvtani gyakorlatok"}]},{"@type":"WebSite","@id":"https:\/\/talkpal.ai\/hu\/#website","url":"https:\/\/talkpal.ai\/hu\/","name":"Talkpal","description":"AI Language Learning","publisher":{"@id":"https:\/\/talkpal.ai\/hu\/#organization"},"alternateName":"Talkpal AI","potentialAction":[{"@type":"SearchAction","target":{"@type":"EntryPoint","urlTemplate":"https:\/\/talkpal.ai\/hu\/?s={search_term_string}"},"query-input":{"@type":"PropertyValueSpecification","valueRequired":true,"valueName":"search_term_string"}}],"inLanguage":"hu"},{"@type":"Organization","@id":"https:\/\/talkpal.ai\/hu\/#organization","name":"Talkpal, Inc.","alternateName":"Talkpal AI","url":"https:\/\/talkpal.ai\/hu\/","logo":{"@type":"ImageObject","inLanguage":"hu","@id":"https:\/\/talkpal.ai\/hu\/#\/schema\/logo\/image\/","url":"https:\/\/talkpal.ai\/wp-content\/uploads\/2024\/03\/Talkpal-Logo-Icon.png","contentUrl":"https:\/\/talkpal.ai\/wp-content\/uploads\/2024\/03\/Talkpal-Logo-Icon.png","width":2880,"height":2880,"caption":"Talkpal, Inc."},"image":{"@id":"https:\/\/talkpal.ai\/hu\/#\/schema\/logo\/image\/"},"sameAs":["https:\/\/www.facebook.com\/profile.php?id=100090733639311","https:\/\/x.com\/talkpalai","https:\/\/www.linkedin.com\/company\/talkpal\/","https:\/\/www.youtube.com\/@TalkPal\/","https:\/\/www.tiktok.com\/@talkpal","https:\/\/www.instagram.com\/talkpal_ai\/","https:\/\/www.crunchbase.com\/organization\/talkpal-9cde","https:\/\/www.g2.com\/products\/talkpal-for-business\/","https:\/\/www.trustpilot.com\/review\/talkpal.ai","https:\/\/www.capterra.com\/p\/10006800\/TalkPal\/"],"description":"Talkpal is a language learning web and mobile education app, powered by the latest AI technologies, that provides engaging experiences to its customers in many different languages to help them improve their language skills. Users can chat about unlimited amount of topics with the app and use other modes to practice their language learning.","email":"support@talkpal.ai","legalName":"Talkpal, Inc.","foundingDate":"2023-04-03","duns":"118989042","numberOfEmployees":{"@type":"QuantitativeValue","minValue":"11","maxValue":"50"},"publishingPrinciples":"https:\/\/talkpal.ai\/publishing-principles\/","actionableFeedbackPolicy":"https:\/\/talkpal.ai\/actionable-feedback-policy\/","correctionsPolicy":"https:\/\/talkpal.ai\/corrections-policy\/","ethicsPolicy":"https:\/\/talkpal.ai\/ethics-policy\/","diversityPolicy":"https:\/\/talkpal.ai\/diversity-policy\/","diversityStaffingReport":"https:\/\/talkpal.ai\/diversity-policy\/"}]}},"_links":{"self":[{"href":"https:\/\/talkpal.ai\/hu\/wp-json\/wp\/v2\/pages\/134332","targetHints":{"allow":["GET"]}}],"collection":[{"href":"https:\/\/talkpal.ai\/hu\/wp-json\/wp\/v2\/pages"}],"about":[{"href":"https:\/\/talkpal.ai\/hu\/wp-json\/wp\/v2\/types\/page"}],"author":[{"embeddable":true,"href":"https:\/\/talkpal.ai\/hu\/wp-json\/wp\/v2\/users\/6"}],"replies":[{"embeddable":true,"href":"https:\/\/talkpal.ai\/hu\/wp-json\/wp\/v2\/comments?post=134332"}],"version-history":[{"count":0,"href":"https:\/\/talkpal.ai\/hu\/wp-json\/wp\/v2\/pages\/134332\/revisions"}],"wp:featuredmedia":[{"embeddable":true,"href":"https:\/\/talkpal.ai\/hu\/wp-json\/wp\/v2\/media\/188211"}],"wp:attachment":[{"href":"https:\/\/talkpal.ai\/hu\/wp-json\/wp\/v2\/media?parent=134332"}],"curies":[{"name":"wp","href":"https:\/\/api.w.org\/{rel}","templated":true}]}}