{"id":133943,"date":"2023-06-16T10:07:13","date_gmt":"2023-06-16T10:07:13","guid":{"rendered":"http:\/\/talkpal.ai\/finn-nyelvtani-gyakorlatok\/"},"modified":"2025-12-17T15:32:45","modified_gmt":"2025-12-17T15:32:45","slug":"finn-nyelvtani-gyakorlatok","status":"publish","type":"page","link":"https:\/\/talkpal.ai\/hu\/finn-nyelvtani-gyakorlatok\/","title":{"rendered":"Finn nyelvtani gyakorlatok"},"content":{"rendered":"\r\n\r\n\r\n<section class=\"languageChallengeSection\">\r\n    <div class=\"languageInfoWrapper\">\r\n        \r\n        <h1>Finn nyelvtani gyakorlatok<\/h1>\r\n        <p>K\u00e9szen \u00e1llsz a <a href=\"https:\/\/talkpal.ai\/learn-finnish\/\">finn<\/a> nyelv egyedi szerkezet\u00e9nek megismer\u00e9s\u00e9re? A nyelvtani gyakorlatok gyakorl\u00e1sa remek m\u00f3dja annak, hogy megismerkedj\u00fcnk a sz\u00f3v\u00e9gz\u0151d\u00e9sekkel, esetekkel \u00e9s mondatmint\u00e1kkal, amelyek a <a href=\"https:\/\/talkpal.ai\/learn-finnish\/\">finn<\/a> nyelvet k\u00fcl\u00f6nlegess\u00e9 teszik. Mer\u00fclj\u00f6n el a finn nyelvtanban m\u00e9g ma, \u00e9s l\u00e1ssa, hogy k\u00e9szs\u00e9gei \u00e9s \u00f6nbizalma minden egyes gyakorlattal n\u0151!<\/p>\r\n\r\n                            <a class=\"getStartedHidden\" href=\"https:\/\/app.talkpal.ai\/hu\/signup?lng=\">Kezdj\u00fck<\/a>\r\n        \r\n    <\/div>\r\n\r\n    <figure>\r\n    <img decoding=\"async\" width=\"768\" height=\"768\" src=\"https:\/\/talkpal.ai\/wp-content\/uploads\/2023\/06\/Finnish-768x768.png\" class=\"languageImage no-lazy\" alt=\"Develop your language aptitude learning\" fetchpriority=\"high\" sizes=\"(max-width: 768px) 150px, 768px\" srcset=\"https:\/\/talkpal.ai\/wp-content\/uploads\/2023\/06\/Finnish-768x768.png 768w, https:\/\/talkpal.ai\/wp-content\/uploads\/2023\/06\/Finnish-300x300.png 300w\" \/>\r\n    \r\n\r\n    <\/figure>\r\n\r\n            <a class=\"getStartedVisible\" href=\"https:\/\/app.talkpal.ai\/hu\/signup?lng=\">Kezdj\u00fck<\/a>\r\n    \r\n<\/section>\r\n\r\n\r\n<!-- <section class=\"grammarSection\">\r\n    <div class=\"grammarLinks\">\r\n            <\/div>\r\n<\/section> -->\r\n\r\n\r\n\r\n\r\n<section class=\"promotionalBanner\">\r\n    <p class=\"promotionalText\">A nyelvtanul\u00e1s leghat\u00e9konyabb m\u00f3dja<\/p>\r\n    <a class=\"promotionalLink\" href=\"https:\/\/app.talkpal.ai\/hu\/signup?lng=\">Pr\u00f3b\u00e1lja ki a Talkpal ingyen<\/a>\r\n<\/section>\n<div class=\"wp-block-group pageContainerStyle\"><div class=\"wp-block-group__inner-container is-layout-constrained wp-block-group-is-layout-constrained\">\n<h2 class=\"wp-block-heading\" id=\"h-finnish-grammar-topics\">Finn nyelvtani t\u00e9m\u00e1k<\/h2>\n\n\n\n<p>A finn nyelv tanul\u00e1sa kifizet\u0151d\u0151 \u00e9lm\u00e9ny lehet a <a href=\"https:\/\/talkpal.ai\/talkpal-discount-for-language-enthusiasts\/\">nyelvrajong\u00f3k<\/a> sz\u00e1m\u00e1ra, mivel ez egy egyed\u00fcl\u00e1ll\u00f3 \u00e9s leny\u0171g\u00f6z\u0151 nyelv, gazdag kult\u00fart\u00f6rt\u00e9nettel. A <a href=\"https:\/\/talkpal.ai\/finnish-grammar\/\">finn nyelvtan<\/a> els\u0151re kih\u00edv\u00e1snak t\u0171nhet, de szisztematikus megk\u00f6zel\u00edt\u00e9ssel \u00e9s az alapvet\u0151 t\u00e9m\u00e1kra \u00f6sszpontos\u00edtva folyamatosan fejl\u0151dhet, \u00e9s v\u00e9g\u00fcl foly\u00e9konyan besz\u00e9lheti ezt a gy\u00f6ny\u00f6r\u0171 nyelvet. Ebben az \u00fatmutat\u00f3ban a finn nyelvtani t\u00e9m\u00e1kat olyan sorrendben t\u00e1rgyaljuk, amely seg\u00edt hat\u00e9konyan megtanulni a nyelvet, bele\u00e9rtve az igeid\u0151t, az ig\u00e9ket, a f\u0151neveket, a cikkeket, a mell\u00e9kneveket, a hat\u00e1roz\u00f3szavakat, a posztpoz\u00edci\u00f3kat \u00e9s a mondatszerkezetet.<\/p>\n\n\n\n<h3 class=\"wp-block-heading\" id=\"h-1-nouns\">1. F\u0151nevek:<\/h3>\n\n\n\n<p>Kezdje a finn f\u0151nevek megtanul\u00e1s\u00e1val, mivel ezek k\u00e9pezik a mondat\u00e9p\u00edt\u00e9s alapj\u00e1t. A finn f\u0151neveknek 15 eset\u00fck <a href=\"https:\/\/talkpal.ai\/locations\/language-courses-in-van\/\">van<\/a>, <a href=\"https:\/\/talkpal.ai\/locations\/language-courses-in-ami\/\">ami<\/a> elengedhetetlen a nyelv szerkezet\u00e9nek meg\u00e9rt\u00e9s\u00e9hez. Ismerje meg a k\u00fcl\u00f6nb\u00f6z\u0151 f\u0151n\u00e9vi eseteket \u00e9s szerep\u00fcket egy mondatban.<\/p>\n\n\n\n<h3 class=\"wp-block-heading\" id=\"h-2-articles\">2. Cikkek:<\/h3>\n\n\n\n<p>A finn nyelvben nincsenek olyan cikkek, mint az angolban a &#8222;the&#8221; vagy az &#8222;a&#8221;, ami megk\u00f6nny\u00edti a tanul\u00f3k dolg\u00e1t. Ehelyett a f\u0151n\u00e9v jelent\u00e9s\u00e9t a kontextus \u00e9s az esetv\u00e9gz\u0151d\u00e9sek hat\u00e1rozz\u00e1k meg.<\/p>\n\n\n\n<h3 class=\"wp-block-heading\" id=\"h-3-adjectives\">3. Mell\u00e9knevek:<\/h3>\n\n\n\n<p>A mell\u00e9knevek f\u0151neveket \u00edrnak le, \u00e9s egyet\u00e9rtenek vel\u00fck az esetben \u00e9s a sz\u00e1mban. Tanulja meg, hogyan alak\u00edtson ki \u00e9s haszn\u00e1ljon mell\u00e9kneveket, hogy mondatai le\u00edr\u00f3bbak \u00e9s kifejez\u0151bbek legyenek.<\/p>\n\n\n\n<h3 class=\"wp-block-heading\" id=\"h-4-verbs\">4. Ig\u00e9k:<\/h3>\n\n\n\n<p>A finn ig\u00e9k kulcsfontoss\u00e1g\u00faak a cselekv\u00e9sek \u00e9s \u00e1llapotok kifejez\u00e9s\u00e9hez. Ismerkedjen meg az alapvet\u0151 igeragoz\u00e1si mint\u00e1kkal \u00e9s a leggyakoribb rendhagy\u00f3 ig\u00e9kkel.<\/p>\n\n\n\n<h3 class=\"wp-block-heading\" id=\"h-5-tenses-indicative\">5. Igeid\u0151k jelz\u00e9s\u00e9rt\u00e9k\u0171ek:<\/h3>\n\n\n\n<p>Ismerje meg az indikat\u00edv hangulatot, amelyet nyilatkozatok, t\u00e9nyek \u00e9s v\u00e9lem\u00e9nyek kifejez\u00e9s\u00e9re haszn\u00e1lnak. A finn nyelvnek n\u00e9gy f\u0151 igeideje van az indikat\u00edv hangulatban: jelen, m\u00falt (t\u00f6k\u00e9letlen), t\u00f6k\u00e9letes \u00e9s plut\u00f6k\u00e9letes. Tanulja meg, hogyan kell helyesen form\u00e1zni \u00e9s haszn\u00e1lni ezeket az id\u0151ket.<\/p>\n\n\n\n<h3 class=\"wp-block-heading\" id=\"h-6-tenses-potential\">6. Igeid\u0151k potenci\u00e1lja:<\/h3>\n\n\n\n<p>A potenci\u00e1lis hangulatot a lehet\u0151s\u00e9g, a val\u00f3sz\u00edn\u0171s\u00e9g vagy a k\u00e9ts\u00e9g kifejez\u00e9s\u00e9re haszn\u00e1lj\u00e1k. K\u00e9t ideje van: jelen potenci\u00e1l \u00e9s m\u00faltbeli potenci\u00e1l. Tanulja meg, hogyan alak\u00edtsa ki \u00e9s haszn\u00e1lja ezeket az igeideket, hogy \u00e1rnyaltabb\u00e1 tegye mondatait.<\/p>\n\n\n\n<h3 class=\"wp-block-heading\" id=\"h-7-tenses-imperative\">7. Igeid\u0151k imperat\u00edvusz:<\/h3>\n\n\n\n<p>Az imperat\u00edv hangulatot parancsok ad\u00e1s\u00e1ra \u00e9s k\u00e9r\u00e9sek beny\u00fajt\u00e1s\u00e1ra haszn\u00e1lj\u00e1k. Tanulja meg, hogyan kell finn\u00fcl megfogalmazni az imperat\u00edvuszt, \u00e9s hogyan kell megfelel\u0151en haszn\u00e1lni k\u00fcl\u00f6nb\u00f6z\u0151 helyzetekben.<\/p>\n\n\n\n<h3 class=\"wp-block-heading\" id=\"h-8-tense-comparison\">8. Fesz\u00fclt \u00f6sszehasonl\u00edt\u00e1s:<\/h3>\n\n\n\n<p>Tudja meg, hogyan lehet \u00f6sszehasonl\u00edtani a k\u00fcl\u00f6nb\u00f6z\u0151 id\u0151ket \u00e9s hangulatokat finn\u00fcl. Ez a k\u00e9szs\u00e9g lehet\u0151v\u00e9 teszi, hogy \u00f6sszetett \u00f6tleteket \u00e9s kapcsolatokat fejezzen ki az esem\u00e9nyek k\u00f6z\u00f6tt.<\/p>\n\n\n\n<h3 class=\"wp-block-heading\" id=\"h-9-adverbs\">9. Hat\u00e1roz\u00f3sz\u00f3k:<\/h3>\n\n\n\n<p>A hat\u00e1roz\u00f3szavak m\u00f3dos\u00edtj\u00e1k az ig\u00e9ket, mell\u00e9kneveket vagy m\u00e1s hat\u00e1roz\u00f3szavakat, tov\u00e1bbi inform\u00e1ci\u00f3kat ny\u00fajtva a cselekv\u00e9sekr\u0151l vagy min\u0151s\u00e9gekr\u0151l. Ismerje meg a hat\u00e1roz\u00f3szavak k\u00fcl\u00f6nb\u00f6z\u0151 t\u00edpusait \u00e9s azt, hogyan haszn\u00e1lhatja \u0151ket hat\u00e9konyan mondataiban.<\/p>\n\n\n\n<h3 class=\"wp-block-heading\" id=\"h-10-postpositions\">10. Beoszt\u00e1sok:<\/h3>\n\n\n\n<p>A finn nyelv prepoz\u00edci\u00f3k helyett posztpoz\u00edci\u00f3kat haszn\u00e1l a szavak k\u00f6z\u00f6tti kapcsolatok jelz\u00e9s\u00e9re. Ismerje meg a leggyakoribb bejegyz\u00e9seket \u00e9s azok m\u0171k\u00f6d\u00e9s\u00e9t egy mondatban.<\/p>\n\n\n\n<h3 class=\"wp-block-heading\" id=\"h-11-sentence-structure\">11. Mondatszerkezet:<\/h3>\n\n\n\n<p>V\u00e9g\u00fcl tanulm\u00e1nyozza a finn nyelv alapvet\u0151 mondatszerkezet\u00e9t, amely az alany-ige-objektum (SVO) mint\u00e1t k\u00f6veti. Tanulja meg, hogyan hozhat l\u00e9tre egyszer\u0171 \u00e9s \u00f6sszetett mondatokat a megtanult nyelvtani t\u00e9m\u00e1k felhaszn\u00e1l\u00e1s\u00e1val, \u00e9s gyakorolja azok kombin\u00e1l\u00e1s\u00e1t, hogy pontosan \u00e9s foly\u00e9konyan fejezze ki gondolatait.<\/p>\n<\/div><\/div>\n\r\n<section class=\"learnNavigationSection\">\r\n            \r\n        <a href=\"https:\/\/talkpal.ai\/hu\/tanulj-finnul\/\">\r\n            <div class=\"learnNavigationWrapper\">\r\n                <div class=\"learnNavigationContent\">\r\n                    <img decoding=\"async\" src=\"https:\/\/talkpal.ai\/wp-content\/uploads\/2024\/08\/Finnish.jpg\" alt=\"Finnish Flag\">\r\n                    <div>\r\n                        <h4>A finn nyelvtanul\u00e1sr\u00f3l<\/h4>\r\n                        <p>Tudjon meg mindent a finn nyelvtanr\u00f3l.<\/p>\r\n                    <\/div>\r\n                <\/div>\r\n            <\/div>\r\n        <\/a>\r\n\r\n        \r\n        <a href=\"https:\/\/talkpal.ai\/hu\/finn-nyelvtan\/\">\r\n            <div class=\"learnNavigationWrapper\">\r\n                <div class=\"learnNavigationContent\">\r\n                    <img decoding=\"async\" src=\"https:\/\/talkpal.ai\/wp-content\/uploads\/2024\/08\/Finnish.jpg\" alt=\"Finnish Flag\">\r\n                    <div>\r\n                        <h4>Finn nyelvtani leck\u00e9k<\/h4>\r\n                        <p>Gyakorolja a finn nyelvtant.<\/p>\r\n                    <\/div>\r\n                <\/div>\r\n            <\/div>\r\n        <\/a>\r\n\r\n        \r\n        <a href=\"https:\/\/talkpal.ai\/vocabulary_language\/finnish\/\">\r\n            <div class=\"learnNavigationWrapper\">\r\n                <div class=\"learnNavigationContent\">\r\n                    <img decoding=\"async\" src=\"https:\/\/talkpal.ai\/wp-content\/uploads\/2024\/08\/Finnish.jpg\" alt=\"Finnish Flag\">\r\n                    <div>\r\n                        <h4>Finn sz\u00f3kincs<\/h4>\r\n                        <p>B\u0151v\u00edtse finn sz\u00f3kincs\u00e9t.<\/p>\r\n                    <\/div>\r\n                <\/div>\r\n            <\/div>\r\n        <\/a>\r\n\r\n            <\/section>\n<p><\/p>\n","protected":false},"excerpt":{"rendered":"<p>Finn nyelvtani t\u00e9m\u00e1k A finn nyelv tanul\u00e1sa kifizet\u0151d\u0151 \u00e9lm\u00e9ny lehet a nyelvrajong\u00f3k sz\u00e1m\u00e1ra, mivel ez egy egyed\u00fcl\u00e1ll\u00f3 \u00e9s leny\u0171g\u00f6z\u0151 nyelv, gazdag kult\u00fart\u00f6rt\u00e9nettel. A finn nyelvtan els\u0151re kih\u00edv\u00e1snak t\u0171nhet, de szisztematikus megk\u00f6zel\u00edt\u00e9ssel \u00e9s az alapvet\u0151 t\u00e9m\u00e1kra \u00f6sszpontos\u00edtva folyamatosan fejl\u0151dhet, \u00e9s v\u00e9g\u00fcl foly\u00e9konyan besz\u00e9lheti ezt a gy\u00f6ny\u00f6r\u0171 nyelvet. Ebben az \u00fatmutat\u00f3ban a finn nyelvtani t\u00e9m\u00e1kat olyan sorrendben [&hellip;]<\/p>\n","protected":false},"author":6,"featured_media":106648,"parent":0,"menu_order":0,"comment_status":"closed","ping_status":"closed","template":"LearningContentPage.php","meta":{"_acf_changed":false,"footnotes":""},"class_list":["post-133943","page","type-page","status-publish","has-post-thumbnail","hentry"],"acf":[],"yoast_head":"<!-- This site is optimized with the Yoast SEO Premium plugin v27.2 (Yoast SEO v27.2) - https:\/\/yoast.com\/product\/yoast-seo-premium-wordpress\/ -->\n<title>Finn nyelvtani gyakorlatok - Talkpal<\/title>\n<meta name=\"description\" content=\"Gyakorolja \u00e9s fejlessze finn nyelvtani ismereteit ezekkel az interakt\u00edv \u00e9s hat\u00e9kony gyakorlatokkal. Minden tanul\u00e1si szintre alkalmas.\" \/>\n<meta name=\"robots\" content=\"index, follow, max-snippet:-1, max-image-preview:large, max-video-preview:-1\" \/>\n<link rel=\"canonical\" href=\"https:\/\/talkpal.ai\/hu\/finn-nyelvtani-gyakorlatok\/\" \/>\n<meta property=\"og:locale\" content=\"hu_HU\" \/>\n<meta property=\"og:type\" content=\"article\" \/>\n<meta property=\"og:title\" content=\"Finn nyelvtani gyakorlatok\" \/>\n<meta property=\"og:description\" content=\"Finn nyelvtani t\u00e9m\u00e1k A finn nyelv tanul\u00e1sa kifizet\u0151d\u0151 \u00e9lm\u00e9ny lehet a nyelvrajong\u00f3k sz\u00e1m\u00e1ra, mivel ez egy egyed\u00fcl\u00e1ll\u00f3 \u00e9s leny\u0171g\u00f6z\u0151 nyelv, gazdag\" \/>\n<meta property=\"og:url\" content=\"https:\/\/talkpal.ai\/hu\/finn-nyelvtani-gyakorlatok\/\" \/>\n<meta property=\"og:site_name\" content=\"Talkpal\" \/>\n<meta property=\"article:publisher\" content=\"https:\/\/www.facebook.com\/profile.php?id=100090733639311\" \/>\n<meta property=\"article:modified_time\" content=\"2025-12-17T15:32:45+00:00\" \/>\n<meta property=\"og:image\" content=\"https:\/\/talkpal.ai\/wp-content\/uploads\/2023\/04\/finland.png\" \/>\n\t<meta property=\"og:image:width\" content=\"512\" \/>\n\t<meta property=\"og:image:height\" content=\"512\" \/>\n\t<meta property=\"og:image:type\" content=\"image\/png\" \/>\n<meta name=\"twitter:card\" content=\"summary_large_image\" \/>\n<meta name=\"twitter:site\" content=\"@talkpalai\" \/>\n<meta name=\"twitter:label1\" content=\"Becs\u00fclt olvas\u00e1si id\u0151\" \/>\n\t<meta name=\"twitter:data1\" content=\"3 perc\" \/>\n<script type=\"application\/ld+json\" class=\"yoast-schema-graph\">{\"@context\":\"https:\/\/schema.org\",\"@graph\":[{\"@type\":\"WebPage\",\"@id\":\"https:\/\/talkpal.ai\/hu\/finn-nyelvtani-gyakorlatok\/\",\"url\":\"https:\/\/talkpal.ai\/hu\/finn-nyelvtani-gyakorlatok\/\",\"name\":\"Finn nyelvtani gyakorlatok - Talkpal\",\"isPartOf\":{\"@id\":\"https:\/\/talkpal.ai\/hu\/#website\"},\"primaryImageOfPage\":{\"@id\":\"https:\/\/talkpal.ai\/hu\/finn-nyelvtani-gyakorlatok\/#primaryimage\"},\"image\":{\"@id\":\"https:\/\/talkpal.ai\/hu\/finn-nyelvtani-gyakorlatok\/#primaryimage\"},\"thumbnailUrl\":\"https:\/\/talkpal.ai\/wp-content\/uploads\/2023\/04\/finland.png\",\"datePublished\":\"2023-06-16T10:07:13+00:00\",\"dateModified\":\"2025-12-17T15:32:45+00:00\",\"description\":\"Gyakorolja \u00e9s fejlessze finn nyelvtani ismereteit ezekkel az interakt\u00edv \u00e9s hat\u00e9kony gyakorlatokkal. Minden tanul\u00e1si szintre alkalmas.\",\"breadcrumb\":{\"@id\":\"https:\/\/talkpal.ai\/hu\/finn-nyelvtani-gyakorlatok\/#breadcrumb\"},\"inLanguage\":\"hu\",\"potentialAction\":[{\"@type\":\"ReadAction\",\"target\":[\"https:\/\/talkpal.ai\/hu\/finn-nyelvtani-gyakorlatok\/\"]}]},{\"@type\":\"ImageObject\",\"inLanguage\":\"hu\",\"@id\":\"https:\/\/talkpal.ai\/hu\/finn-nyelvtani-gyakorlatok\/#primaryimage\",\"url\":\"https:\/\/talkpal.ai\/wp-content\/uploads\/2023\/04\/finland.png\",\"contentUrl\":\"https:\/\/talkpal.ai\/wp-content\/uploads\/2023\/04\/finland.png\",\"width\":512,\"height\":512,\"caption\":\"TalkPal finland Flag\"},{\"@type\":\"BreadcrumbList\",\"@id\":\"https:\/\/talkpal.ai\/hu\/finn-nyelvtani-gyakorlatok\/#breadcrumb\",\"itemListElement\":[{\"@type\":\"ListItem\",\"position\":1,\"name\":\"Homepage\",\"item\":\"https:\/\/talkpal.ai\/hu\/\"},{\"@type\":\"ListItem\",\"position\":2,\"name\":\"Finn nyelvtani gyakorlatok\"}]},{\"@type\":\"WebSite\",\"@id\":\"https:\/\/talkpal.ai\/hu\/#website\",\"url\":\"https:\/\/talkpal.ai\/hu\/\",\"name\":\"Talkpal\",\"description\":\"AI Language Learning\",\"publisher\":{\"@id\":\"https:\/\/talkpal.ai\/hu\/#organization\"},\"alternateName\":\"Talkpal AI\",\"potentialAction\":[{\"@type\":\"SearchAction\",\"target\":{\"@type\":\"EntryPoint\",\"urlTemplate\":\"https:\/\/talkpal.ai\/hu\/?s={search_term_string}\"},\"query-input\":{\"@type\":\"PropertyValueSpecification\",\"valueRequired\":true,\"valueName\":\"search_term_string\"}}],\"inLanguage\":\"hu\"},{\"@type\":\"Organization\",\"@id\":\"https:\/\/talkpal.ai\/hu\/#organization\",\"name\":\"Talkpal, Inc.\",\"alternateName\":\"Talkpal AI\",\"url\":\"https:\/\/talkpal.ai\/hu\/\",\"logo\":{\"@type\":\"ImageObject\",\"inLanguage\":\"hu\",\"@id\":\"https:\/\/talkpal.ai\/hu\/#\/schema\/logo\/image\/\",\"url\":\"https:\/\/talkpal.ai\/wp-content\/uploads\/2024\/03\/Talkpal-Logo-Icon.png\",\"contentUrl\":\"https:\/\/talkpal.ai\/wp-content\/uploads\/2024\/03\/Talkpal-Logo-Icon.png\",\"width\":2880,\"height\":2880,\"caption\":\"Talkpal, Inc.\"},\"image\":{\"@id\":\"https:\/\/talkpal.ai\/hu\/#\/schema\/logo\/image\/\"},\"sameAs\":[\"https:\/\/www.facebook.com\/profile.php?id=100090733639311\",\"https:\/\/x.com\/talkpalai\",\"https:\/\/www.linkedin.com\/company\/talkpal\/\",\"https:\/\/www.youtube.com\/@TalkPal\/\",\"https:\/\/www.tiktok.com\/@talkpal\",\"https:\/\/www.instagram.com\/talkpal_ai\/\",\"https:\/\/www.crunchbase.com\/organization\/talkpal-9cde\",\"https:\/\/www.g2.com\/products\/talkpal-for-business\/\",\"https:\/\/www.trustpilot.com\/review\/talkpal.ai\",\"https:\/\/www.capterra.com\/p\/10006800\/TalkPal\/\"],\"description\":\"Talkpal is a language learning web and mobile education app, powered by the latest AI technologies, that provides engaging experiences to its customers in many different languages to help them improve their language skills. Users can chat about unlimited amount of topics with the app and use other modes to practice their language learning.\",\"email\":\"support@talkpal.ai\",\"legalName\":\"Talkpal, Inc.\",\"foundingDate\":\"2023-04-03\",\"duns\":\"118989042\",\"numberOfEmployees\":{\"@type\":\"QuantitativeValue\",\"minValue\":\"11\",\"maxValue\":\"50\"},\"publishingPrinciples\":\"https:\/\/talkpal.ai\/publishing-principles\/\",\"actionableFeedbackPolicy\":\"https:\/\/talkpal.ai\/actionable-feedback-policy\/\",\"correctionsPolicy\":\"https:\/\/talkpal.ai\/corrections-policy\/\",\"ethicsPolicy\":\"https:\/\/talkpal.ai\/ethics-policy\/\",\"diversityPolicy\":\"https:\/\/talkpal.ai\/diversity-policy\/\",\"diversityStaffingReport\":\"https:\/\/talkpal.ai\/diversity-policy\/\"}]}<\/script>\n<!-- \/ Yoast SEO Premium plugin. -->","yoast_head_json":{"title":"Finn nyelvtani gyakorlatok - Talkpal","description":"Gyakorolja \u00e9s fejlessze finn nyelvtani ismereteit ezekkel az interakt\u00edv \u00e9s hat\u00e9kony gyakorlatokkal. Minden tanul\u00e1si szintre alkalmas.","robots":{"index":"index","follow":"follow","max-snippet":"max-snippet:-1","max-image-preview":"max-image-preview:large","max-video-preview":"max-video-preview:-1"},"canonical":"https:\/\/talkpal.ai\/hu\/finn-nyelvtani-gyakorlatok\/","og_locale":"hu_HU","og_type":"article","og_title":"Finn nyelvtani gyakorlatok","og_description":"Finn nyelvtani t\u00e9m\u00e1k A finn nyelv tanul\u00e1sa kifizet\u0151d\u0151 \u00e9lm\u00e9ny lehet a nyelvrajong\u00f3k sz\u00e1m\u00e1ra, mivel ez egy egyed\u00fcl\u00e1ll\u00f3 \u00e9s leny\u0171g\u00f6z\u0151 nyelv, gazdag","og_url":"https:\/\/talkpal.ai\/hu\/finn-nyelvtani-gyakorlatok\/","og_site_name":"Talkpal","article_publisher":"https:\/\/www.facebook.com\/profile.php?id=100090733639311","article_modified_time":"2025-12-17T15:32:45+00:00","og_image":[{"width":512,"height":512,"url":"https:\/\/talkpal.ai\/wp-content\/uploads\/2023\/04\/finland.png","type":"image\/png"}],"twitter_card":"summary_large_image","twitter_site":"@talkpalai","twitter_misc":{"Becs\u00fclt olvas\u00e1si id\u0151":"3 perc"},"schema":{"@context":"https:\/\/schema.org","@graph":[{"@type":"WebPage","@id":"https:\/\/talkpal.ai\/hu\/finn-nyelvtani-gyakorlatok\/","url":"https:\/\/talkpal.ai\/hu\/finn-nyelvtani-gyakorlatok\/","name":"Finn nyelvtani gyakorlatok - Talkpal","isPartOf":{"@id":"https:\/\/talkpal.ai\/hu\/#website"},"primaryImageOfPage":{"@id":"https:\/\/talkpal.ai\/hu\/finn-nyelvtani-gyakorlatok\/#primaryimage"},"image":{"@id":"https:\/\/talkpal.ai\/hu\/finn-nyelvtani-gyakorlatok\/#primaryimage"},"thumbnailUrl":"https:\/\/talkpal.ai\/wp-content\/uploads\/2023\/04\/finland.png","datePublished":"2023-06-16T10:07:13+00:00","dateModified":"2025-12-17T15:32:45+00:00","description":"Gyakorolja \u00e9s fejlessze finn nyelvtani ismereteit ezekkel az interakt\u00edv \u00e9s hat\u00e9kony gyakorlatokkal. Minden tanul\u00e1si szintre alkalmas.","breadcrumb":{"@id":"https:\/\/talkpal.ai\/hu\/finn-nyelvtani-gyakorlatok\/#breadcrumb"},"inLanguage":"hu","potentialAction":[{"@type":"ReadAction","target":["https:\/\/talkpal.ai\/hu\/finn-nyelvtani-gyakorlatok\/"]}]},{"@type":"ImageObject","inLanguage":"hu","@id":"https:\/\/talkpal.ai\/hu\/finn-nyelvtani-gyakorlatok\/#primaryimage","url":"https:\/\/talkpal.ai\/wp-content\/uploads\/2023\/04\/finland.png","contentUrl":"https:\/\/talkpal.ai\/wp-content\/uploads\/2023\/04\/finland.png","width":512,"height":512,"caption":"TalkPal finland Flag"},{"@type":"BreadcrumbList","@id":"https:\/\/talkpal.ai\/hu\/finn-nyelvtani-gyakorlatok\/#breadcrumb","itemListElement":[{"@type":"ListItem","position":1,"name":"Homepage","item":"https:\/\/talkpal.ai\/hu\/"},{"@type":"ListItem","position":2,"name":"Finn nyelvtani gyakorlatok"}]},{"@type":"WebSite","@id":"https:\/\/talkpal.ai\/hu\/#website","url":"https:\/\/talkpal.ai\/hu\/","name":"Talkpal","description":"AI Language Learning","publisher":{"@id":"https:\/\/talkpal.ai\/hu\/#organization"},"alternateName":"Talkpal AI","potentialAction":[{"@type":"SearchAction","target":{"@type":"EntryPoint","urlTemplate":"https:\/\/talkpal.ai\/hu\/?s={search_term_string}"},"query-input":{"@type":"PropertyValueSpecification","valueRequired":true,"valueName":"search_term_string"}}],"inLanguage":"hu"},{"@type":"Organization","@id":"https:\/\/talkpal.ai\/hu\/#organization","name":"Talkpal, Inc.","alternateName":"Talkpal AI","url":"https:\/\/talkpal.ai\/hu\/","logo":{"@type":"ImageObject","inLanguage":"hu","@id":"https:\/\/talkpal.ai\/hu\/#\/schema\/logo\/image\/","url":"https:\/\/talkpal.ai\/wp-content\/uploads\/2024\/03\/Talkpal-Logo-Icon.png","contentUrl":"https:\/\/talkpal.ai\/wp-content\/uploads\/2024\/03\/Talkpal-Logo-Icon.png","width":2880,"height":2880,"caption":"Talkpal, Inc."},"image":{"@id":"https:\/\/talkpal.ai\/hu\/#\/schema\/logo\/image\/"},"sameAs":["https:\/\/www.facebook.com\/profile.php?id=100090733639311","https:\/\/x.com\/talkpalai","https:\/\/www.linkedin.com\/company\/talkpal\/","https:\/\/www.youtube.com\/@TalkPal\/","https:\/\/www.tiktok.com\/@talkpal","https:\/\/www.instagram.com\/talkpal_ai\/","https:\/\/www.crunchbase.com\/organization\/talkpal-9cde","https:\/\/www.g2.com\/products\/talkpal-for-business\/","https:\/\/www.trustpilot.com\/review\/talkpal.ai","https:\/\/www.capterra.com\/p\/10006800\/TalkPal\/"],"description":"Talkpal is a language learning web and mobile education app, powered by the latest AI technologies, that provides engaging experiences to its customers in many different languages to help them improve their language skills. Users can chat about unlimited amount of topics with the app and use other modes to practice their language learning.","email":"support@talkpal.ai","legalName":"Talkpal, Inc.","foundingDate":"2023-04-03","duns":"118989042","numberOfEmployees":{"@type":"QuantitativeValue","minValue":"11","maxValue":"50"},"publishingPrinciples":"https:\/\/talkpal.ai\/publishing-principles\/","actionableFeedbackPolicy":"https:\/\/talkpal.ai\/actionable-feedback-policy\/","correctionsPolicy":"https:\/\/talkpal.ai\/corrections-policy\/","ethicsPolicy":"https:\/\/talkpal.ai\/ethics-policy\/","diversityPolicy":"https:\/\/talkpal.ai\/diversity-policy\/","diversityStaffingReport":"https:\/\/talkpal.ai\/diversity-policy\/"}]}},"_links":{"self":[{"href":"https:\/\/talkpal.ai\/hu\/wp-json\/wp\/v2\/pages\/133943","targetHints":{"allow":["GET"]}}],"collection":[{"href":"https:\/\/talkpal.ai\/hu\/wp-json\/wp\/v2\/pages"}],"about":[{"href":"https:\/\/talkpal.ai\/hu\/wp-json\/wp\/v2\/types\/page"}],"author":[{"embeddable":true,"href":"https:\/\/talkpal.ai\/hu\/wp-json\/wp\/v2\/users\/6"}],"replies":[{"embeddable":true,"href":"https:\/\/talkpal.ai\/hu\/wp-json\/wp\/v2\/comments?post=133943"}],"version-history":[{"count":0,"href":"https:\/\/talkpal.ai\/hu\/wp-json\/wp\/v2\/pages\/133943\/revisions"}],"wp:featuredmedia":[{"embeddable":true,"href":"https:\/\/talkpal.ai\/hu\/wp-json\/wp\/v2\/media\/106648"}],"wp:attachment":[{"href":"https:\/\/talkpal.ai\/hu\/wp-json\/wp\/v2\/media?parent=133943"}],"curies":[{"name":"wp","href":"https:\/\/api.w.org\/{rel}","templated":true}]}}