{"id":133640,"date":"2023-06-16T10:01:38","date_gmt":"2023-06-16T10:01:38","guid":{"rendered":"http:\/\/talkpal.ai\/sved-nyelvtani-gyakorlatok\/"},"modified":"2025-12-17T15:30:27","modified_gmt":"2025-12-17T15:30:27","slug":"sved-nyelvtani-gyakorlatok","status":"publish","type":"page","link":"https:\/\/talkpal.ai\/hu\/sved-nyelvtani-gyakorlatok\/","title":{"rendered":"Sv\u00e9d nyelvtani gyakorlatok"},"content":{"rendered":"\r\n\r\n\r\n<section class=\"languageChallengeSection\">\r\n    <div class=\"languageInfoWrapper\">\r\n        \r\n        <h1>Sv\u00e9d nyelvtani gyakorlatok<\/h1>\r\n        <p>K\u00e9szen \u00e1llsz a <a href=\"https:\/\/talkpal.ai\/learn-swedish\/\">sv\u00e9d<\/a> nyelvtud\u00e1sod fejleszt\u00e9s\u00e9re? A nyelvtani gyakorlatok gyakorl\u00e1sa nagyszer\u0171 m\u00f3dja a mondatszerkezet, az igealakok \u00e9s a <a href=\"https:\/\/talkpal.ai\/learn-swedish\/\">sv\u00e9d<\/a> nyelv egyedi mint\u00e1inak elsaj\u00e1t\u00edt\u00e1s\u00e1nak. Kezdj el dolgozni a sv\u00e9d nyelvtanon m\u00e9g ma, \u00e9s figyeld, ahogy a k\u00e9szs\u00e9geid \u00e9s az \u00f6nbizalmad minden egyes gyakorlattal n\u0151!\n\n<\/p>\r\n\r\n                            <a class=\"getStartedHidden\" href=\"https:\/\/app.talkpal.ai\/hu\/signup?lng=\">Kezdj\u00fck<\/a>\r\n        \r\n    <\/div>\r\n\r\n    <figure>\r\n    <img decoding=\"async\" width=\"768\" height=\"768\" src=\"https:\/\/talkpal.ai\/wp-content\/uploads\/2023\/06\/swedish-768x768.png\" class=\"languageImage no-lazy\" alt=\"Language learning for improved concentration\" fetchpriority=\"high\" sizes=\"(max-width: 768px) 150px, 768px\" srcset=\"https:\/\/talkpal.ai\/wp-content\/uploads\/2023\/06\/swedish-768x768.png 768w, https:\/\/talkpal.ai\/wp-content\/uploads\/2023\/06\/swedish-300x300.png 300w\" \/>\r\n    \r\n\r\n    <\/figure>\r\n\r\n            <a class=\"getStartedVisible\" href=\"https:\/\/app.talkpal.ai\/hu\/signup?lng=\">Kezdj\u00fck<\/a>\r\n    \r\n<\/section>\r\n\r\n\r\n<!-- <section class=\"grammarSection\">\r\n    <div class=\"grammarLinks\">\r\n            <\/div>\r\n<\/section> -->\r\n\r\n\r\n\r\n\r\n<section class=\"promotionalBanner\">\r\n    <p class=\"promotionalText\">A nyelvtanul\u00e1s leghat\u00e9konyabb m\u00f3dja<\/p>\r\n    <a class=\"promotionalLink\" href=\"https:\/\/app.talkpal.ai\/hu\/signup?lng=\">Pr\u00f3b\u00e1lja ki a Talkpal ingyen<\/a>\r\n<\/section>\n<div class=\"wp-block-group pageContainerStyle\"><div class=\"wp-block-group__inner-container is-layout-constrained wp-block-group-is-layout-constrained\">\n<h2 class=\"wp-block-heading\" id=\"h-swedish-grammar-topics\">Sv\u00e9d nyelvtani t\u00e9m\u00e1k<\/h2>\n\n\n\n<p>A sv\u00e9d nyelv, Sv\u00e9dorsz\u00e1g hivatalos nyelve \u00e9s Finnorsz\u00e1g egyik hivatalos nyelve kifizet\u0151d\u0151 \u00e9lm\u00e9ny lehet. Nemcsak gazdag kult\u00far\u00e1nak \u00e9s t\u00f6rt\u00e9nelemnek teszi ki \u00d6nt, hanem megk\u00f6nny\u00edti a kommunik\u00e1ci\u00f3t t\u00f6bb mint 10 milli\u00f3 anyanyelvi besz\u00e9l\u0151vel. A hat\u00e9kony sv\u00e9d nyelvtanul\u00e1shoz fontos, hogy meg\u00e9rtse a k\u00fcl\u00f6nb\u00f6z\u0151 nyelvtani t\u00e9mak\u00f6r\u00f6ket \u00e9s azok egym\u00e1shoz val\u00f3 viszony\u00e1t. <a href=\"https:\/\/talkpal.ai\/culture\/how-do-you-use-the-demonstrative-pronouns-ez-and-az\/\">Ez az<\/a> \u00fatmutat\u00f3 \u00e1ttekint\u00e9st ny\u00fajt a legfontosabb sv\u00e9d nyelvtani t\u00e9m\u00e1kr\u00f3l, olyan sorrendbe rendezve, amely seg\u00edt fokozatosan \u00e9s hat\u00e9konyan fejleszteni nyelvi k\u00e9szs\u00e9geit.<\/p>\n\n\n\n<h3 class=\"wp-block-heading\" id=\"h-1-nouns\">1. F\u0151nevek:<\/h3>\n\n\n\n<p>Kezdje sv\u00e9d nyelvi utaz\u00e1s\u00e1t azzal, hogy megismerkedik a f\u0151nevekkel, mivel ezek <a href=\"https:\/\/talkpal.ai\/languages\/\">minden nyelv<\/a> \u00e9p\u00edt\u0151k\u00f6vei. A sv\u00e9d nyelvben a f\u0151neveknek k\u00e9t neme <a href=\"https:\/\/talkpal.ai\/locations\/language-courses-in-van\/\">van<\/a> (k\u00f6z\u00f6ns\u00e9ges \u00e9s ivartalan\u00edtott), amelyek befoly\u00e1solj\u00e1k a vel\u00fck haszn\u00e1lt cikkeket \u00e9s mell\u00e9kneveket. Egyes \u00e9s t\u00f6bbes sz\u00e1m\u00fa alakja, valamint hat\u00e1rozott \u00e9s hat\u00e1rozatlan alakja is van.<\/p>\n\n\n\n<h3 class=\"wp-block-heading\" id=\"h-2-articles\">2. Cikkek:<\/h3>\n\n\n\n<p>Miut\u00e1n meg\u00e9rtette a f\u0151neveket, l\u00e9pjen tov\u00e1bb azokra a cikkekre, amelyek elengedhetetlenek a f\u0151n\u00e9v nem\u00e9nek \u00e9s sz\u00e1m\u00e1nak meghat\u00e1roz\u00e1s\u00e1hoz. A sv\u00e9d nyelvnek hat\u00e1rozott \u00e9s hat\u00e1rozatlan cikkei vannak, amelyek megegyeznek az \u00e1ltaluk m\u00f3dos\u00edtott f\u0151n\u00e9v nem\u00e9vel \u00e9s sz\u00e1m\u00e1val.<\/p>\n\n\n\n<h3 class=\"wp-block-heading\" id=\"h-3-adjectives\">3. Mell\u00e9knevek:<\/h3>\n\n\n\n<p>A mell\u00e9kneveket a f\u0151nevek le\u00edr\u00e1s\u00e1ra haszn\u00e1lj\u00e1k, \u00e9s nem\u00fckben, sz\u00e1mukban \u00e9s hat\u00e1rozotts\u00e1gukban megegyeznek az \u00e1ltaluk m\u00f3dos\u00edtott f\u0151n\u00e9vvel. A mell\u00e9knevek tanul\u00e1sa seg\u00edt kifejezni az \u00f6sszetettebb \u00f6tleteket \u00e9s le\u00edr\u00e1sokat sv\u00e9d\u00fcl.<\/p>\n\n\n\n<h3 class=\"wp-block-heading\" id=\"h-4-pronouns\">4. N\u00e9vm\u00e1sok:<\/h3>\n\n\n\n<p>A n\u00e9vm\u00e1sok helyettes\u00edtik a f\u0151neveket a mondatokban, \u00e9s elengedhetetlenek ahhoz, hogy besz\u00e9de foly\u00e9konyabb \u00e9s term\u00e9szetesebb legyen. A sv\u00e9d nyelvnek szem\u00e9lyes, birtokos, reflex\u00edv \u00e9s relat\u00edv n\u00e9vm\u00e1sai vannak, mindegyiknek megvannak a saj\u00e1t szab\u00e1lyai az egyet\u00e9rt\u00e9sre \u00e9s a haszn\u00e1latra.<\/p>\n\n\n\n<h3 class=\"wp-block-heading\" id=\"h-5-verbs\">5. Ig\u00e9k:<\/h3>\n\n\n\n<p>Az ig\u00e9k cselekv\u00e9seket, esem\u00e9nyeket vagy l\u00e9t\u00e1llapotokat fejeznek ki, \u00e9s minden nyelv kulcsfontoss\u00e1g\u00fa r\u00e9sz\u00e9t k\u00e9pezik. A sv\u00e9d nyelvben az ig\u00e9ket fesz\u00fclts\u00e9g \u00e9s hangulat szerint ragozz\u00e1k. Kezdje azzal, hogy megtanulja a jelenlegi fesz\u00fclts\u00e9get, <a href=\"https:\/\/talkpal.ai\/locations\/language-courses-in-ami\/\">ami<\/a> a leggyakoribb \u00e9s leghasznosabb forma.<\/p>\n\n\n\n<h3 class=\"wp-block-heading\" id=\"h-6-tenses-indicative\">6. Igeid\u0151k jelz\u00e9s\u00e9rt\u00e9k\u0171ek:<\/h3>\n\n\n\n<p>Tov\u00e1bbl\u00e9pve a jelen fesz\u00fclts\u00e9gb\u0151l, tanulja meg a m\u00falt \u00e9s a j\u00f6v\u0151 idej\u00e9t az indikat\u00edv hangulatban. Ezek lehet\u0151v\u00e9 teszik, hogy besz\u00e9ljen a megt\u00f6rt\u00e9nt vagy megt\u00f6rt\u00e9nt esem\u00e9nyekr\u0151l \u00e9s cselekedetekr\u0151l, b\u0151v\u00edtve a sv\u00e9d nyelv\u0171 kommunik\u00e1ci\u00f3s k\u00e9pess\u00e9g\u00e9t.<\/p>\n\n\n\n<h3 class=\"wp-block-heading\" id=\"h-7-tenses-subjunctive\">7. Igeid\u0151k k\u00f6t\u0151sz\u00f3:<\/h3>\n\n\n\n<p>B\u00e1r kev\u00e9sb\u00e9 gyakori, mint az indikat\u00edv, a szubjekt\u00edv hangulatot hipotetikus vagy bizonytalan esem\u00e9nyek kifejez\u00e9s\u00e9re haszn\u00e1lj\u00e1k. Az ig\u00e9k k\u00f6t\u0151m\u00f3dj\u00e1nak megtanul\u00e1sa n\u00f6veli az \u00e1rnyaltabb \u00f6tletek kifejez\u00e9s\u00e9nek k\u00e9pess\u00e9g\u00e9t.<\/p>\n\n\n\n<h3 class=\"wp-block-heading\" id=\"h-8-tense-comparison\">8. Fesz\u00fclt \u00f6sszehasonl\u00edt\u00e1s:<\/h3>\n\n\n\n<p>A k\u00fcl\u00f6nb\u00f6z\u0151 id\u0151k \u00f6sszehasonl\u00edt\u00e1s\u00e1nak meg\u00e9rt\u00e9se lehet\u0151v\u00e9 teszi, hogy \u00f6sszetettebb \u00f6tleteket fejezzen ki az id\u0151r\u0151l \u00e9s az esem\u00e9nyekr\u0151l. Ez mag\u00e1ban foglalja annak ismeret\u00e9t, hogyan kell egy\u00fctt haszn\u00e1lni a m\u00falt \u00e9s a j\u00f6v\u0151 id\u0151t, valamint meg\u00e9rteni, hogy a k\u00fcl\u00f6nb\u00f6z\u0151 id\u0151k hogyan hatnak egym\u00e1sra \u00f6sszetett mondatokban.<\/p>\n\n\n\n<h3 class=\"wp-block-heading\" id=\"h-9-adverbs\">9. Hat\u00e1roz\u00f3sz\u00f3k:<\/h3>\n\n\n\n<p>A hat\u00e1roz\u00f3szavak m\u00f3dos\u00edtj\u00e1k az ig\u00e9ket, mell\u00e9kneveket vagy m\u00e1s hat\u00e1roz\u00f3szavakat, tov\u00e1bbi inform\u00e1ci\u00f3kat ny\u00fajtva a cselekv\u00e9sekr\u0151l vagy min\u0151s\u00e9gekr\u0151l. A sv\u00e9d hat\u00e1roz\u00f3szavak tanul\u00e1sa seg\u00edt pontosabban \u00e9s hat\u00e9konyabban kifejezni az \u00f6tleteket.<\/p>\n\n\n\n<h3 class=\"wp-block-heading\" id=\"h-10-prepositions\">10. El\u00f6lj\u00e1r\u00f3szavak:<\/h3>\n\n\n\n<p>Az el\u00f6lj\u00e1r\u00f3szavak \u00f6sszekapcsolj\u00e1k a f\u0151neveket, n\u00e9vm\u00e1sokat \u00e9s kifejez\u00e9seket a mondat m\u00e1s szavaival, \u00e9s olyan kapcsolatokat fejeznek ki, mint a hely, az ir\u00e1ny \u00e9s az id\u0151. Az el\u00f6lj\u00e1r\u00f3szavak elsaj\u00e1t\u00edt\u00e1sa alapvet\u0151 fontoss\u00e1g\u00fa a vil\u00e1gos \u00e9s \u00e9rtelmes mondatok sv\u00e9d nyelv\u0171 fel\u00e9p\u00edt\u00e9s\u00e9hez.<\/p>\n\n\n\n<h3 class=\"wp-block-heading\" id=\"h-11-sentence-structure\">11. Mondatszerkezet:<\/h3>\n\n\n\n<p>V\u00e9g\u00fcl, a sv\u00e9d mondatszerkezet alapvet\u0151 szab\u00e1lyainak meg\u00e9rt\u00e9se \u00f6sszehozza az \u00f6sszes kor\u00e1bbi nyelvtani t\u00e9m\u00e1t, lehet\u0151v\u00e9 t\u00e9ve <a href=\"https:\/\/talkpal.ai\/talkpal-christmas-discount\/\">j\u00f3l<\/a> form\u00e1zott mondatok l\u00e9trehoz\u00e1s\u00e1t, valamint pontos \u00e9s hat\u00e9kony kifejez\u00e9s\u00e9t a nyelven.<\/p>\n<\/div><\/div>\n\r\n<section class=\"learnNavigationSection\">\r\n            \r\n        <a href=\"https:\/\/talkpal.ai\/hu\/tanulj-svedul\/\">\r\n            <div class=\"learnNavigationWrapper\">\r\n                <div class=\"learnNavigationContent\">\r\n                    <img decoding=\"async\" src=\"https:\/\/talkpal.ai\/wp-content\/uploads\/2024\/08\/Swedish.jpg\" alt=\"Swedish Flag\">\r\n                    <div>\r\n                        <h4>A sv\u00e9d tanul\u00e1sr\u00f3l<\/h4>\r\n                        <p>Tudjon meg mindent a sv\u00e9d nyelvtanr\u00f3l.<\/p>\r\n                    <\/div>\r\n                <\/div>\r\n            <\/div>\r\n        <\/a>\r\n\r\n        \r\n        <a href=\"https:\/\/talkpal.ai\/hu\/sved-nyelvtan\/\">\r\n            <div class=\"learnNavigationWrapper\">\r\n                <div class=\"learnNavigationContent\">\r\n                    <img decoding=\"async\" src=\"https:\/\/talkpal.ai\/wp-content\/uploads\/2024\/08\/Swedish.jpg\" alt=\"Swedish Flag\">\r\n                    <div>\r\n                        <h4>Sv\u00e9d nyelvtani gyakorlat<\/h4>\r\n                        <p>Gyakorolja a sv\u00e9d nyelvtant.<\/p>\r\n                    <\/div>\r\n                <\/div>\r\n            <\/div>\r\n        <\/a>\r\n\r\n        \r\n        <a href=\"https:\/\/talkpal.ai\/vocabulary_language\/swedish\/\">\r\n            <div class=\"learnNavigationWrapper\">\r\n                <div class=\"learnNavigationContent\">\r\n                    <img decoding=\"async\" src=\"https:\/\/talkpal.ai\/wp-content\/uploads\/2024\/08\/Swedish.jpg\" alt=\"Swedish Flag\">\r\n                    <div>\r\n                        <h4>Sv\u00e9d sz\u00f3kincs<\/h4>\r\n                        <p>B\u0151v\u00edtse sv\u00e9d sz\u00f3kincs\u00e9t.<\/p>\r\n                    <\/div>\r\n                <\/div>\r\n            <\/div>\r\n        <\/a>\r\n\r\n            <\/section>","protected":false},"excerpt":{"rendered":"<p>Sv\u00e9d nyelvtani t\u00e9m\u00e1k A sv\u00e9d nyelv, Sv\u00e9dorsz\u00e1g hivatalos nyelve \u00e9s Finnorsz\u00e1g egyik hivatalos nyelve kifizet\u0151d\u0151 \u00e9lm\u00e9ny lehet. Nemcsak gazdag kult\u00far\u00e1nak \u00e9s t\u00f6rt\u00e9nelemnek teszi ki \u00d6nt, hanem megk\u00f6nny\u00edti a kommunik\u00e1ci\u00f3t t\u00f6bb mint 10 milli\u00f3 anyanyelvi besz\u00e9l\u0151vel. A hat\u00e9kony sv\u00e9d nyelvtanul\u00e1shoz fontos, hogy meg\u00e9rtse a k\u00fcl\u00f6nb\u00f6z\u0151 nyelvtani t\u00e9mak\u00f6r\u00f6ket \u00e9s azok egym\u00e1shoz val\u00f3 viszony\u00e1t. Ez az \u00fatmutat\u00f3 \u00e1ttekint\u00e9st [&hellip;]<\/p>\n","protected":false},"author":6,"featured_media":108319,"parent":0,"menu_order":0,"comment_status":"closed","ping_status":"closed","template":"LearningContentPage.php","meta":{"_acf_changed":false,"footnotes":""},"class_list":["post-133640","page","type-page","status-publish","has-post-thumbnail","hentry"],"acf":[],"yoast_head":"<!-- This site is optimized with the Yoast SEO Premium plugin v27.2 (Yoast SEO v27.2) - https:\/\/yoast.com\/product\/yoast-seo-premium-wordpress\/ -->\n<title>Sv\u00e9d nyelvtani gyakorlatok - Talkpal<\/title>\n<meta name=\"description\" content=\"Fejleszd nyelvtud\u00e1sodat a sv\u00e9d nyelvtani gyakorlatok seg\u00edts\u00e9g\u00e9vel, amelyek minden tanul\u00e1si szint sz\u00e1m\u00e1ra k\u00e9sz\u00fcltek.\" \/>\n<meta name=\"robots\" content=\"index, follow, max-snippet:-1, max-image-preview:large, max-video-preview:-1\" \/>\n<link rel=\"canonical\" href=\"https:\/\/talkpal.ai\/hu\/sved-nyelvtani-gyakorlatok\/\" \/>\n<meta property=\"og:locale\" content=\"hu_HU\" \/>\n<meta property=\"og:type\" content=\"article\" \/>\n<meta property=\"og:title\" content=\"Sv\u00e9d nyelvtani gyakorlatok\" \/>\n<meta property=\"og:description\" content=\"Sv\u00e9d nyelvtani t\u00e9m\u00e1k A sv\u00e9d nyelv, Sv\u00e9dorsz\u00e1g hivatalos nyelve \u00e9s Finnorsz\u00e1g egyik hivatalos nyelve kifizet\u0151d\u0151 \u00e9lm\u00e9ny lehet. Nemcsak gazdag kult\u00far\u00e1nak \u00e9s\" \/>\n<meta property=\"og:url\" content=\"https:\/\/talkpal.ai\/hu\/sved-nyelvtani-gyakorlatok\/\" \/>\n<meta property=\"og:site_name\" content=\"Talkpal\" \/>\n<meta property=\"article:publisher\" content=\"https:\/\/www.facebook.com\/profile.php?id=100090733639311\" \/>\n<meta property=\"article:modified_time\" content=\"2025-12-17T15:30:27+00:00\" \/>\n<meta property=\"og:image\" content=\"https:\/\/talkpal.ai\/wp-content\/uploads\/2023\/04\/sweden.png\" \/>\n\t<meta property=\"og:image:width\" content=\"512\" \/>\n\t<meta property=\"og:image:height\" content=\"512\" \/>\n\t<meta property=\"og:image:type\" content=\"image\/png\" \/>\n<meta name=\"twitter:card\" content=\"summary_large_image\" \/>\n<meta name=\"twitter:site\" content=\"@talkpalai\" \/>\n<meta name=\"twitter:label1\" content=\"Becs\u00fclt olvas\u00e1si id\u0151\" \/>\n\t<meta name=\"twitter:data1\" content=\"4 perc\" \/>\n<script type=\"application\/ld+json\" class=\"yoast-schema-graph\">{\"@context\":\"https:\/\/schema.org\",\"@graph\":[{\"@type\":\"WebPage\",\"@id\":\"https:\/\/talkpal.ai\/hu\/sved-nyelvtani-gyakorlatok\/\",\"url\":\"https:\/\/talkpal.ai\/hu\/sved-nyelvtani-gyakorlatok\/\",\"name\":\"Sv\u00e9d nyelvtani gyakorlatok - Talkpal\",\"isPartOf\":{\"@id\":\"https:\/\/talkpal.ai\/hu\/#website\"},\"primaryImageOfPage\":{\"@id\":\"https:\/\/talkpal.ai\/hu\/sved-nyelvtani-gyakorlatok\/#primaryimage\"},\"image\":{\"@id\":\"https:\/\/talkpal.ai\/hu\/sved-nyelvtani-gyakorlatok\/#primaryimage\"},\"thumbnailUrl\":\"https:\/\/talkpal.ai\/wp-content\/uploads\/2023\/04\/sweden.png\",\"datePublished\":\"2023-06-16T10:01:38+00:00\",\"dateModified\":\"2025-12-17T15:30:27+00:00\",\"description\":\"Fejleszd nyelvtud\u00e1sodat a sv\u00e9d nyelvtani gyakorlatok seg\u00edts\u00e9g\u00e9vel, amelyek minden tanul\u00e1si szint sz\u00e1m\u00e1ra k\u00e9sz\u00fcltek.\",\"breadcrumb\":{\"@id\":\"https:\/\/talkpal.ai\/hu\/sved-nyelvtani-gyakorlatok\/#breadcrumb\"},\"inLanguage\":\"hu\",\"potentialAction\":[{\"@type\":\"ReadAction\",\"target\":[\"https:\/\/talkpal.ai\/hu\/sved-nyelvtani-gyakorlatok\/\"]}]},{\"@type\":\"ImageObject\",\"inLanguage\":\"hu\",\"@id\":\"https:\/\/talkpal.ai\/hu\/sved-nyelvtani-gyakorlatok\/#primaryimage\",\"url\":\"https:\/\/talkpal.ai\/wp-content\/uploads\/2023\/04\/sweden.png\",\"contentUrl\":\"https:\/\/talkpal.ai\/wp-content\/uploads\/2023\/04\/sweden.png\",\"width\":512,\"height\":512},{\"@type\":\"BreadcrumbList\",\"@id\":\"https:\/\/talkpal.ai\/hu\/sved-nyelvtani-gyakorlatok\/#breadcrumb\",\"itemListElement\":[{\"@type\":\"ListItem\",\"position\":1,\"name\":\"Homepage\",\"item\":\"https:\/\/talkpal.ai\/hu\/\"},{\"@type\":\"ListItem\",\"position\":2,\"name\":\"Sv\u00e9d nyelvtani gyakorlatok\"}]},{\"@type\":\"WebSite\",\"@id\":\"https:\/\/talkpal.ai\/hu\/#website\",\"url\":\"https:\/\/talkpal.ai\/hu\/\",\"name\":\"Talkpal\",\"description\":\"AI Language Learning\",\"publisher\":{\"@id\":\"https:\/\/talkpal.ai\/hu\/#organization\"},\"alternateName\":\"Talkpal AI\",\"potentialAction\":[{\"@type\":\"SearchAction\",\"target\":{\"@type\":\"EntryPoint\",\"urlTemplate\":\"https:\/\/talkpal.ai\/hu\/?s={search_term_string}\"},\"query-input\":{\"@type\":\"PropertyValueSpecification\",\"valueRequired\":true,\"valueName\":\"search_term_string\"}}],\"inLanguage\":\"hu\"},{\"@type\":\"Organization\",\"@id\":\"https:\/\/talkpal.ai\/hu\/#organization\",\"name\":\"Talkpal, Inc.\",\"alternateName\":\"Talkpal AI\",\"url\":\"https:\/\/talkpal.ai\/hu\/\",\"logo\":{\"@type\":\"ImageObject\",\"inLanguage\":\"hu\",\"@id\":\"https:\/\/talkpal.ai\/hu\/#\/schema\/logo\/image\/\",\"url\":\"https:\/\/talkpal.ai\/wp-content\/uploads\/2024\/03\/Talkpal-Logo-Icon.png\",\"contentUrl\":\"https:\/\/talkpal.ai\/wp-content\/uploads\/2024\/03\/Talkpal-Logo-Icon.png\",\"width\":2880,\"height\":2880,\"caption\":\"Talkpal, Inc.\"},\"image\":{\"@id\":\"https:\/\/talkpal.ai\/hu\/#\/schema\/logo\/image\/\"},\"sameAs\":[\"https:\/\/www.facebook.com\/profile.php?id=100090733639311\",\"https:\/\/x.com\/talkpalai\",\"https:\/\/www.linkedin.com\/company\/talkpal\/\",\"https:\/\/www.youtube.com\/@TalkPal\/\",\"https:\/\/www.tiktok.com\/@talkpal\",\"https:\/\/www.instagram.com\/talkpal_ai\/\",\"https:\/\/www.crunchbase.com\/organization\/talkpal-9cde\",\"https:\/\/www.g2.com\/products\/talkpal-for-business\/\",\"https:\/\/www.trustpilot.com\/review\/talkpal.ai\",\"https:\/\/www.capterra.com\/p\/10006800\/TalkPal\/\"],\"description\":\"Talkpal is a language learning web and mobile education app, powered by the latest AI technologies, that provides engaging experiences to its customers in many different languages to help them improve their language skills. Users can chat about unlimited amount of topics with the app and use other modes to practice their language learning.\",\"email\":\"support@talkpal.ai\",\"legalName\":\"Talkpal, Inc.\",\"foundingDate\":\"2023-04-03\",\"duns\":\"118989042\",\"numberOfEmployees\":{\"@type\":\"QuantitativeValue\",\"minValue\":\"11\",\"maxValue\":\"50\"},\"publishingPrinciples\":\"https:\/\/talkpal.ai\/publishing-principles\/\",\"actionableFeedbackPolicy\":\"https:\/\/talkpal.ai\/actionable-feedback-policy\/\",\"correctionsPolicy\":\"https:\/\/talkpal.ai\/corrections-policy\/\",\"ethicsPolicy\":\"https:\/\/talkpal.ai\/ethics-policy\/\",\"diversityPolicy\":\"https:\/\/talkpal.ai\/diversity-policy\/\",\"diversityStaffingReport\":\"https:\/\/talkpal.ai\/diversity-policy\/\"}]}<\/script>\n<!-- \/ Yoast SEO Premium plugin. -->","yoast_head_json":{"title":"Sv\u00e9d nyelvtani gyakorlatok - Talkpal","description":"Fejleszd nyelvtud\u00e1sodat a sv\u00e9d nyelvtani gyakorlatok seg\u00edts\u00e9g\u00e9vel, amelyek minden tanul\u00e1si szint sz\u00e1m\u00e1ra k\u00e9sz\u00fcltek.","robots":{"index":"index","follow":"follow","max-snippet":"max-snippet:-1","max-image-preview":"max-image-preview:large","max-video-preview":"max-video-preview:-1"},"canonical":"https:\/\/talkpal.ai\/hu\/sved-nyelvtani-gyakorlatok\/","og_locale":"hu_HU","og_type":"article","og_title":"Sv\u00e9d nyelvtani gyakorlatok","og_description":"Sv\u00e9d nyelvtani t\u00e9m\u00e1k A sv\u00e9d nyelv, Sv\u00e9dorsz\u00e1g hivatalos nyelve \u00e9s Finnorsz\u00e1g egyik hivatalos nyelve kifizet\u0151d\u0151 \u00e9lm\u00e9ny lehet. Nemcsak gazdag kult\u00far\u00e1nak \u00e9s","og_url":"https:\/\/talkpal.ai\/hu\/sved-nyelvtani-gyakorlatok\/","og_site_name":"Talkpal","article_publisher":"https:\/\/www.facebook.com\/profile.php?id=100090733639311","article_modified_time":"2025-12-17T15:30:27+00:00","og_image":[{"width":512,"height":512,"url":"https:\/\/talkpal.ai\/wp-content\/uploads\/2023\/04\/sweden.png","type":"image\/png"}],"twitter_card":"summary_large_image","twitter_site":"@talkpalai","twitter_misc":{"Becs\u00fclt olvas\u00e1si id\u0151":"4 perc"},"schema":{"@context":"https:\/\/schema.org","@graph":[{"@type":"WebPage","@id":"https:\/\/talkpal.ai\/hu\/sved-nyelvtani-gyakorlatok\/","url":"https:\/\/talkpal.ai\/hu\/sved-nyelvtani-gyakorlatok\/","name":"Sv\u00e9d nyelvtani gyakorlatok - Talkpal","isPartOf":{"@id":"https:\/\/talkpal.ai\/hu\/#website"},"primaryImageOfPage":{"@id":"https:\/\/talkpal.ai\/hu\/sved-nyelvtani-gyakorlatok\/#primaryimage"},"image":{"@id":"https:\/\/talkpal.ai\/hu\/sved-nyelvtani-gyakorlatok\/#primaryimage"},"thumbnailUrl":"https:\/\/talkpal.ai\/wp-content\/uploads\/2023\/04\/sweden.png","datePublished":"2023-06-16T10:01:38+00:00","dateModified":"2025-12-17T15:30:27+00:00","description":"Fejleszd nyelvtud\u00e1sodat a sv\u00e9d nyelvtani gyakorlatok seg\u00edts\u00e9g\u00e9vel, amelyek minden tanul\u00e1si szint sz\u00e1m\u00e1ra k\u00e9sz\u00fcltek.","breadcrumb":{"@id":"https:\/\/talkpal.ai\/hu\/sved-nyelvtani-gyakorlatok\/#breadcrumb"},"inLanguage":"hu","potentialAction":[{"@type":"ReadAction","target":["https:\/\/talkpal.ai\/hu\/sved-nyelvtani-gyakorlatok\/"]}]},{"@type":"ImageObject","inLanguage":"hu","@id":"https:\/\/talkpal.ai\/hu\/sved-nyelvtani-gyakorlatok\/#primaryimage","url":"https:\/\/talkpal.ai\/wp-content\/uploads\/2023\/04\/sweden.png","contentUrl":"https:\/\/talkpal.ai\/wp-content\/uploads\/2023\/04\/sweden.png","width":512,"height":512},{"@type":"BreadcrumbList","@id":"https:\/\/talkpal.ai\/hu\/sved-nyelvtani-gyakorlatok\/#breadcrumb","itemListElement":[{"@type":"ListItem","position":1,"name":"Homepage","item":"https:\/\/talkpal.ai\/hu\/"},{"@type":"ListItem","position":2,"name":"Sv\u00e9d nyelvtani gyakorlatok"}]},{"@type":"WebSite","@id":"https:\/\/talkpal.ai\/hu\/#website","url":"https:\/\/talkpal.ai\/hu\/","name":"Talkpal","description":"AI Language Learning","publisher":{"@id":"https:\/\/talkpal.ai\/hu\/#organization"},"alternateName":"Talkpal AI","potentialAction":[{"@type":"SearchAction","target":{"@type":"EntryPoint","urlTemplate":"https:\/\/talkpal.ai\/hu\/?s={search_term_string}"},"query-input":{"@type":"PropertyValueSpecification","valueRequired":true,"valueName":"search_term_string"}}],"inLanguage":"hu"},{"@type":"Organization","@id":"https:\/\/talkpal.ai\/hu\/#organization","name":"Talkpal, Inc.","alternateName":"Talkpal AI","url":"https:\/\/talkpal.ai\/hu\/","logo":{"@type":"ImageObject","inLanguage":"hu","@id":"https:\/\/talkpal.ai\/hu\/#\/schema\/logo\/image\/","url":"https:\/\/talkpal.ai\/wp-content\/uploads\/2024\/03\/Talkpal-Logo-Icon.png","contentUrl":"https:\/\/talkpal.ai\/wp-content\/uploads\/2024\/03\/Talkpal-Logo-Icon.png","width":2880,"height":2880,"caption":"Talkpal, Inc."},"image":{"@id":"https:\/\/talkpal.ai\/hu\/#\/schema\/logo\/image\/"},"sameAs":["https:\/\/www.facebook.com\/profile.php?id=100090733639311","https:\/\/x.com\/talkpalai","https:\/\/www.linkedin.com\/company\/talkpal\/","https:\/\/www.youtube.com\/@TalkPal\/","https:\/\/www.tiktok.com\/@talkpal","https:\/\/www.instagram.com\/talkpal_ai\/","https:\/\/www.crunchbase.com\/organization\/talkpal-9cde","https:\/\/www.g2.com\/products\/talkpal-for-business\/","https:\/\/www.trustpilot.com\/review\/talkpal.ai","https:\/\/www.capterra.com\/p\/10006800\/TalkPal\/"],"description":"Talkpal is a language learning web and mobile education app, powered by the latest AI technologies, that provides engaging experiences to its customers in many different languages to help them improve their language skills. Users can chat about unlimited amount of topics with the app and use other modes to practice their language learning.","email":"support@talkpal.ai","legalName":"Talkpal, Inc.","foundingDate":"2023-04-03","duns":"118989042","numberOfEmployees":{"@type":"QuantitativeValue","minValue":"11","maxValue":"50"},"publishingPrinciples":"https:\/\/talkpal.ai\/publishing-principles\/","actionableFeedbackPolicy":"https:\/\/talkpal.ai\/actionable-feedback-policy\/","correctionsPolicy":"https:\/\/talkpal.ai\/corrections-policy\/","ethicsPolicy":"https:\/\/talkpal.ai\/ethics-policy\/","diversityPolicy":"https:\/\/talkpal.ai\/diversity-policy\/","diversityStaffingReport":"https:\/\/talkpal.ai\/diversity-policy\/"}]}},"_links":{"self":[{"href":"https:\/\/talkpal.ai\/hu\/wp-json\/wp\/v2\/pages\/133640","targetHints":{"allow":["GET"]}}],"collection":[{"href":"https:\/\/talkpal.ai\/hu\/wp-json\/wp\/v2\/pages"}],"about":[{"href":"https:\/\/talkpal.ai\/hu\/wp-json\/wp\/v2\/types\/page"}],"author":[{"embeddable":true,"href":"https:\/\/talkpal.ai\/hu\/wp-json\/wp\/v2\/users\/6"}],"replies":[{"embeddable":true,"href":"https:\/\/talkpal.ai\/hu\/wp-json\/wp\/v2\/comments?post=133640"}],"version-history":[{"count":0,"href":"https:\/\/talkpal.ai\/hu\/wp-json\/wp\/v2\/pages\/133640\/revisions"}],"wp:featuredmedia":[{"embeddable":true,"href":"https:\/\/talkpal.ai\/hu\/wp-json\/wp\/v2\/media\/108319"}],"wp:attachment":[{"href":"https:\/\/talkpal.ai\/hu\/wp-json\/wp\/v2\/media?parent=133640"}],"curies":[{"name":"wp","href":"https:\/\/api.w.org\/{rel}","templated":true}]}}