{"id":133144,"date":"2023-06-16T09:41:10","date_gmt":"2023-06-16T09:41:10","guid":{"rendered":"http:\/\/talkpal.ai\/holland-nyelvtani-gyakorlatok\/"},"modified":"2025-12-17T15:28:16","modified_gmt":"2025-12-17T15:28:16","slug":"holland-nyelvtani-gyakorlatok","status":"publish","type":"page","link":"https:\/\/talkpal.ai\/hu\/holland-nyelvtani-gyakorlatok\/","title":{"rendered":"Holland nyelvtani gyakorlatok"},"content":{"rendered":"\r\n\r\n\r\n<section class=\"languageChallengeSection\">\r\n    <div class=\"languageInfoWrapper\">\r\n        \r\n        <h1>Holland nyelvtani gyakorlatok<\/h1>\r\n        <p>Szeretne magabiztosabban besz\u00e9lni hollandul? A nyelvtani gyakorlatok gyakorl\u00e1sa remek m\u00f3dja a mondatszerkezet, az igek\u00f6t\u0151k \u00e9s a <a href=\"https:\/\/talkpal.ai\/locations\/learn-french-in-holland\/\">holland<\/a> nyelv egyedi mint\u00e1inak elsaj\u00e1t\u00edt\u00e1s\u00e1nak. Kezdjen el dolgozni a <a href=\"https:\/\/talkpal.ai\/locations\/learn-french-in-holland\/\">holland<\/a> nyelvtanon m\u00e9g ma, \u00e9s figyelje, ahogy k\u00e9szs\u00e9gei \u00e9s foly\u00e9kony nyelvtud\u00e1sa <a href=\"https:\/\/talkpal.ai\/locations\/language-courses-in-minden\/\">minden<\/a> egyes gyakorlattal n\u00f6vekszik!\n\n<\/p>\r\n\r\n                            <a class=\"getStartedHidden\" href=\"https:\/\/app.talkpal.ai\/hu\/signup?lng=\">Kezdj\u00fck<\/a>\r\n        \r\n    <\/div>\r\n\r\n    <figure>\r\n    <img decoding=\"async\" width=\"768\" height=\"768\" src=\"https:\/\/talkpal.ai\/wp-content\/uploads\/2023\/06\/Dutch-768x768.png\" class=\"languageImage no-lazy\" alt=\"Developing skills through language learning\" fetchpriority=\"high\" sizes=\"(max-width: 768px) 150px, 768px\" srcset=\"https:\/\/talkpal.ai\/wp-content\/uploads\/2023\/06\/Dutch-768x768.png 768w, https:\/\/talkpal.ai\/wp-content\/uploads\/2023\/06\/Dutch-300x300.png 300w\" \/>\r\n    \r\n\r\n    <\/figure>\r\n\r\n            <a class=\"getStartedVisible\" href=\"https:\/\/app.talkpal.ai\/hu\/signup?lng=\">Kezdj\u00fck<\/a>\r\n    \r\n<\/section>\r\n\r\n\r\n<!-- <section class=\"grammarSection\">\r\n    <div class=\"grammarLinks\">\r\n            <\/div>\r\n<\/section> -->\r\n\r\n\r\n\r\n\r\n<section class=\"promotionalBanner\">\r\n    <p class=\"promotionalText\">A nyelvtanul\u00e1s leghat\u00e9konyabb m\u00f3dja<\/p>\r\n    <a class=\"promotionalLink\" href=\"https:\/\/app.talkpal.ai\/hu\/signup?lng=\">Pr\u00f3b\u00e1lja ki a Talkpal ingyen<\/a>\r\n<\/section>\n<div class=\"wp-block-group pageContainerStyle\"><div class=\"wp-block-group__inner-container is-layout-constrained wp-block-group-is-layout-constrained\">\n<h2 class=\"wp-block-heading\" id=\"h-dutch-grammar-topics\">Holland nyelvtani t\u00e9m\u00e1k<\/h2>\n\n\n\n<p>A <a href=\"https:\/\/talkpal.ai\/hu\/gyors-es-hatekony-holland-nyelvtanulas-minden-szinten\/\">holland nyelvtanul\u00e1s<\/a> izgalmas \u00e9s kifizet\u0151d\u0151 \u00e9lm\u00e9ny lehet, mivel megnyitja az ajt\u00f3t a gazdag kult\u00far\u00e1hoz, t\u00f6rt\u00e9nelemhez, valamint a szem\u00e9lyes \u00e9s szakmai fejl\u0151d\u00e9s lehet\u0151s\u00e9geihez. A holland nyelv, b\u00e1r szorosan kapcsol\u00f3dik az angolhoz \u00e9s a n\u00e9methez, saj\u00e1t egyedi nyelvtani szab\u00e1lyokkal \u00e9s szerkezettel rendelkezik, <a href=\"https:\/\/talkpal.ai\/locations\/language-courses-in-ami\/\">ami<\/a> els\u0151re kih\u00edv\u00e1st jelenthet. Az elk\u00f6telezetts\u00e9ggel \u00e9s a helyes megk\u00f6zel\u00edt\u00e9ssel azonban elsaj\u00e1t\u00edthatja a holland nyelvet \u00e9s foly\u00e9konyan kommunik\u00e1lhat az anyanyelvi besz\u00e9l\u0151kkel. Ebben az \u00fatmutat\u00f3ban n\u00e9h\u00e1ny alapvet\u0151 holland nyelvtani t\u00e9m\u00e1t fogunk megvizsg\u00e1lni, amelyek olyan sorrendben vannak csoportos\u00edtva, amely seg\u00edt szisztematikusan \u00e9s hat\u00e9konyan megtanulni a nyelvet.<\/p>\n\n\n\n<h3 class=\"wp-block-heading\" id=\"h-1-nouns-and-articles\">1. F\u0151nevek \u00e9s cikkek:<\/h3>\n\n\n\n<p>Kezdje azzal, hogy megismerkedik a holland f\u0151nevekkel \u00e9s nemi besorol\u00e1sukkal (k\u00f6z\u00f6s \u00e9s ivartalan\u00edtott). Ismerje meg az \u0151ket k\u00eds\u00e9r\u0151 hat\u00e1rozott \u00e9s hat\u00e1rozatlan cikkeket, valamint a t\u00f6bbes sz\u00e1m\u00fa form\u00e1kat \u00e9s a kicsiny\u00edt\u0151 v\u00e9gz\u0151d\u00e9seket.<\/p>\n\n\n\n<h3 class=\"wp-block-heading\" id=\"h-2-adjectives\">2. Mell\u00e9knevek:<\/h3>\n\n\n\n<p>Ezut\u00e1n tanulm\u00e1nyozza a f\u0151nevekkel val\u00f3 mell\u00e9kn\u00e9vi meg\u00e1llapod\u00e1s szab\u00e1lyait a nem, a sz\u00e1m \u00e9s a hat\u00e1rozott cikkek jelenl\u00e9te szempontj\u00e1b\u00f3l. Ismerje meg, hogyan ragozz\u00e1k a mell\u00e9kneveket ezen t\u00e9nyez\u0151k alapj\u00e1n, \u00e9s hogyan kell \u00f6sszehasonl\u00edt\u00f3 \u00e9s fels\u0151bbrend\u0171 form\u00e1kat haszn\u00e1lni.<\/p>\n\n\n\n<h3 class=\"wp-block-heading\" id=\"h-3-pronouns\">3. N\u00e9vm\u00e1sok:<\/h3>\n\n\n\n<p>Mer\u00fclj\u00f6n el a holland n\u00e9vm\u00e1sok vil\u00e1g\u00e1ban, bele\u00e9rtve a szem\u00e9lyes, birtokos, demonstrat\u00edv, reflex\u00edv \u00e9s relat\u00edv n\u00e9vm\u00e1sokat. Tudja meg, hogyan helyettes\u00edtik a f\u0151neveket, \u00e9s hogyan \u00e9rtenek egyet vel\u00fck a nem \u00e9s a sz\u00e1m tekintet\u00e9ben.<\/p>\n\n\n\n<h3 class=\"wp-block-heading\" id=\"h-4-verbs\">4. Ig\u00e9k:<\/h3>\n\n\n\n<p>Most \u00f6sszpontos\u00edtson a holland ig\u00e9kre \u00e9s azok ragoz\u00e1si mint\u00e1ira a jelen, a m\u00falt \u00e9s a j\u00f6v\u0151 id\u0151ben. Ismerje meg az er\u0151s, gyenge \u00e9s szab\u00e1lytalan ig\u00e9k k\u00f6z\u00f6tti k\u00fcl\u00f6nbs\u00e9get, \u00e9s ismerkedjen meg a t\u00f6k\u00e9letes \u00e9s pluperfect id\u0151k kialak\u00edt\u00e1s\u00e1nak szab\u00e1lyaival.<\/p>\n\n\n\n<h3 class=\"wp-block-heading\" id=\"h-5-tenses-indicative\">5. Igeid\u0151k jelz\u00e9s\u00e9rt\u00e9k\u0171ek:<\/h3>\n\n\n\n<p>Tanulm\u00e1nyozza a holland nyelv\u0171 indikat\u00edv hangulatot, amelyet a t\u00e9nyek \u00e9s val\u00f3sz\u00edn\u0171s\u00e9gek kifejez\u00e9s\u00e9re haszn\u00e1lnak. Ismerje meg, hogyan kell konjug\u00e1lni az ig\u00e9ket a jelenben, a m\u00faltban \u00e9s a j\u00f6v\u0151ben ebben a hangulatban, valamint a felt\u00e9teles \u00e9s imperat\u00edv form\u00e1kat.<\/p>\n\n\n\n<h3 class=\"wp-block-heading\" id=\"h-6-tenses-subjunctive\">6. Igeid\u0151k k\u00f6t\u0151sz\u00f3:<\/h3>\n\n\n\n<p>B\u00e1r a modern hollandban kev\u00e9sb\u00e9 gyakori, a szubjekt\u00edv hangulat elengedhetetlen a r\u00e9gebbi sz\u00f6vegek \u00e9s a form\u00e1lis nyelv meg\u00e9rt\u00e9s\u00e9hez. Ismerje meg, hogyan alak\u00edtsa ki a szubjekt\u00edv hangulatot hollandul, \u00e9s mikor kell haszn\u00e1lni.<\/p>\n\n\n\n<h3 class=\"wp-block-heading\" id=\"h-7-tense-comparison\">7. Fesz\u00fclt \u00f6sszehasonl\u00edt\u00e1s:<\/h3>\n\n\n\n<p>A k\u00fcl\u00f6nb\u00f6z\u0151 id\u0151k elsaj\u00e1t\u00edt\u00e1sa ut\u00e1n \u00f6sszpontos\u00edtson a k\u00f6zt\u00fck l\u00e9v\u0151 k\u00fcl\u00f6nbs\u00e9gek \u00e9s hasonl\u00f3s\u00e1gok meg\u00e9rt\u00e9s\u00e9re. Tanulja meg, hogyan kell helyesen haszn\u00e1lni az egyes igeid\u0151t a kontextusban, \u00e9s hogyan hatnak egym\u00e1sra.<\/p>\n\n\n\n<h3 class=\"wp-block-heading\" id=\"h-8-adverbs\">8. Hat\u00e1roz\u00f3sz\u00f3k:<\/h3>\n\n\n\n<p>Tanulm\u00e1nyozza a holland hat\u00e1roz\u00f3szavakat \u00e9s azok k\u00fcl\u00f6nb\u00f6z\u0151 funkci\u00f3it mondatokban. Ismerje meg, hogyan hozhat l\u00e9tre hat\u00e1roz\u00f3szavakat mell\u00e9knevekb\u0151l, \u00e9s hogyan haszn\u00e1lhatja \u0151ket ig\u00e9k, mell\u00e9knevek \u00e9s m\u00e1s hat\u00e1roz\u00f3szavak m\u00f3dos\u00edt\u00e1s\u00e1ra.<\/p>\n\n\n\n<h3 class=\"wp-block-heading\" id=\"h-9-prepositions\">9. El\u00f6lj\u00e1r\u00f3szavak:<\/h3>\n\n\n\n<p>Fejlessze a holland el\u00f6lj\u00e1r\u00f3szavak \u00e9s azok f\u0151nevekkel, n\u00e9vm\u00e1sokkal \u00e9s ig\u00e9kkel val\u00f3 haszn\u00e1lat\u00e1nak alapos meg\u00e9rt\u00e9s\u00e9t. Ismerje meg, hogyan fejezik ki a kapcsolatokat id\u0151ben, t\u00e9rben \u00e9s m\u00e1s kontextusokban.<\/p>\n\n\n\n<h3 class=\"wp-block-heading\" id=\"h-10-sentence-structure\">10. Mondatszerkezet:<\/h3>\n\n\n\n<p>V\u00e9g\u00fcl hozza \u00f6ssze mindezt a holland mondatszerkezet \u00e9s sz\u00f3rend tanulm\u00e1nyoz\u00e1s\u00e1val. Ismerje meg az egyszer\u0171 \u00e9s \u00f6sszetett mondatok l\u00e9trehoz\u00e1s\u00e1nak szab\u00e1lyait, bele\u00e9rtve a deklarat\u00edv, lek\u00e9rdez\u0151, imperat\u00edv \u00e9s felki\u00e1lt\u00f3 mondatokat.<\/p>\n\n\n\n<p>Ha k\u00f6veti ezt a nyelvtani t\u00e9m\u00e1k sorrendj\u00e9t, \u00e9s id\u0151t ford\u00edt a gyakorl\u00e1sra \u00e9s a fel\u00fclvizsg\u00e1latra, akkor j\u00f3 \u00faton halad a holland nyelv elsaj\u00e1t\u00edt\u00e1s\u00e1hoz. Ne feledje, hogy a k\u00f6vetkezetess\u00e9g \u00e9s a t\u00fcrelem kulcsfontoss\u00e1g\u00fa minden \u00faj nyelv tanul\u00e1s\u00e1ban. Sok szerencs\u00e9t, \u00e9s \u00e9lvezze az utaz\u00e1st!<\/p>\n<\/div><\/div>\n\r\n<section class=\"learnNavigationSection\">\r\n            \r\n        <a href=\"https:\/\/talkpal.ai\/hu\/tanulj-hollandul\/\">\r\n            <div class=\"learnNavigationWrapper\">\r\n                <div class=\"learnNavigationContent\">\r\n                    <img decoding=\"async\" src=\"https:\/\/talkpal.ai\/wp-content\/uploads\/2024\/08\/Dutch.jpg\" alt=\"Netherlands Flag\">\r\n                    <div>\r\n                        <h4>A holland tanul\u00e1sr\u00f3l<\/h4>\r\n                        <p>Tudjon meg mindent a holland nyelvtanr\u00f3l.<\/p>\r\n                    <\/div>\r\n                <\/div>\r\n            <\/div>\r\n        <\/a>\r\n\r\n        \r\n        <a href=\"https:\/\/talkpal.ai\/hu\/holland-nyelvtan\/\">\r\n            <div class=\"learnNavigationWrapper\">\r\n                <div class=\"learnNavigationContent\">\r\n                    <img decoding=\"async\" src=\"https:\/\/talkpal.ai\/wp-content\/uploads\/2024\/08\/Dutch.jpg\" alt=\"Netherlands Flag\">\r\n                    <div>\r\n                        <h4>Holland nyelvtani leck\u00e9k<\/h4>\r\n                        <p>Gyakorolja a holland nyelvtant.<\/p>\r\n                    <\/div>\r\n                <\/div>\r\n            <\/div>\r\n        <\/a>\r\n\r\n        \r\n        <a href=\"https:\/\/talkpal.ai\/vocabulary_language\/dutch\/\">\r\n            <div class=\"learnNavigationWrapper\">\r\n                <div class=\"learnNavigationContent\">\r\n                    <img decoding=\"async\" src=\"https:\/\/talkpal.ai\/wp-content\/uploads\/2024\/08\/Dutch.jpg\" alt=\"Netherlands Flag\">\r\n                    <div>\r\n                        <h4>Holland sz\u00f3kincs<\/h4>\r\n                        <p>B\u0151v\u00edtse holland sz\u00f3kincs\u00e9t.<\/p>\r\n                    <\/div>\r\n                <\/div>\r\n            <\/div>\r\n        <\/a>\r\n\r\n            <\/section>","protected":false},"excerpt":{"rendered":"<p>Holland nyelvtani t\u00e9m\u00e1k A holland nyelvtanul\u00e1s izgalmas \u00e9s kifizet\u0151d\u0151 \u00e9lm\u00e9ny lehet, mivel megnyitja az ajt\u00f3t a gazdag kult\u00far\u00e1hoz, t\u00f6rt\u00e9nelemhez, valamint a szem\u00e9lyes \u00e9s szakmai fejl\u0151d\u00e9s lehet\u0151s\u00e9geihez. A holland nyelv, b\u00e1r szorosan kapcsol\u00f3dik az angolhoz \u00e9s a n\u00e9methez, saj\u00e1t egyedi nyelvtani szab\u00e1lyokkal \u00e9s szerkezettel rendelkezik, ami els\u0151re kih\u00edv\u00e1st jelenthet. Az elk\u00f6telezetts\u00e9ggel \u00e9s a helyes megk\u00f6zel\u00edt\u00e9ssel azonban [&hellip;]<\/p>\n","protected":false},"author":6,"featured_media":106344,"parent":0,"menu_order":0,"comment_status":"closed","ping_status":"closed","template":"LearningContentPage.php","meta":{"_acf_changed":false,"footnotes":""},"class_list":["post-133144","page","type-page","status-publish","has-post-thumbnail","hentry"],"acf":[],"yoast_head":"<!-- This site is optimized with the Yoast SEO Premium plugin v27.2 (Yoast SEO v27.2) - https:\/\/yoast.com\/product\/yoast-seo-premium-wordpress\/ -->\n<title>Holland nyelvtani gyakorlatok - Talkpal<\/title>\n<meta name=\"description\" content=\"N\u00f6velje nyelvtud\u00e1s\u00e1t az interakt\u00edv holland nyelvtani gyakorlatokkal a k\u00f6vetkez\u0151 honlapr\u00f3l Talkpal, a mesters\u00e9ges intelligencia \u00e1ltal vez\u00e9relt nyelvtan\u00e1rral.\" \/>\n<meta name=\"robots\" content=\"index, follow, max-snippet:-1, max-image-preview:large, max-video-preview:-1\" \/>\n<link rel=\"canonical\" href=\"https:\/\/talkpal.ai\/hu\/holland-nyelvtani-gyakorlatok\/\" \/>\n<meta property=\"og:locale\" content=\"hu_HU\" \/>\n<meta property=\"og:type\" content=\"article\" \/>\n<meta property=\"og:title\" content=\"Holland nyelvtani gyakorlatok\" \/>\n<meta property=\"og:description\" content=\"Holland nyelvtani t\u00e9m\u00e1k A holland nyelvtanul\u00e1s izgalmas \u00e9s kifizet\u0151d\u0151 \u00e9lm\u00e9ny lehet, mivel megnyitja az ajt\u00f3t a gazdag kult\u00far\u00e1hoz, t\u00f6rt\u00e9nelemhez, valamint\" \/>\n<meta property=\"og:url\" content=\"https:\/\/talkpal.ai\/hu\/holland-nyelvtani-gyakorlatok\/\" \/>\n<meta property=\"og:site_name\" content=\"Talkpal\" \/>\n<meta property=\"article:publisher\" content=\"https:\/\/www.facebook.com\/profile.php?id=100090733639311\" \/>\n<meta property=\"article:modified_time\" content=\"2025-12-17T15:28:16+00:00\" \/>\n<meta property=\"og:image\" content=\"https:\/\/talkpal.ai\/wp-content\/uploads\/2023\/04\/netherlands-dutch.png\" \/>\n\t<meta property=\"og:image:width\" content=\"512\" \/>\n\t<meta property=\"og:image:height\" content=\"512\" \/>\n\t<meta property=\"og:image:type\" content=\"image\/png\" \/>\n<meta name=\"twitter:card\" content=\"summary_large_image\" \/>\n<meta name=\"twitter:site\" content=\"@talkpalai\" \/>\n<meta name=\"twitter:label1\" content=\"Becs\u00fclt olvas\u00e1si id\u0151\" \/>\n\t<meta name=\"twitter:data1\" content=\"4 perc\" \/>\n<script type=\"application\/ld+json\" class=\"yoast-schema-graph\">{\"@context\":\"https:\/\/schema.org\",\"@graph\":[{\"@type\":\"WebPage\",\"@id\":\"https:\/\/talkpal.ai\/hu\/holland-nyelvtani-gyakorlatok\/\",\"url\":\"https:\/\/talkpal.ai\/hu\/holland-nyelvtani-gyakorlatok\/\",\"name\":\"Holland nyelvtani gyakorlatok - Talkpal\",\"isPartOf\":{\"@id\":\"https:\/\/talkpal.ai\/hu\/#website\"},\"primaryImageOfPage\":{\"@id\":\"https:\/\/talkpal.ai\/hu\/holland-nyelvtani-gyakorlatok\/#primaryimage\"},\"image\":{\"@id\":\"https:\/\/talkpal.ai\/hu\/holland-nyelvtani-gyakorlatok\/#primaryimage\"},\"thumbnailUrl\":\"https:\/\/talkpal.ai\/wp-content\/uploads\/2023\/04\/netherlands-dutch.png\",\"datePublished\":\"2023-06-16T09:41:10+00:00\",\"dateModified\":\"2025-12-17T15:28:16+00:00\",\"description\":\"N\u00f6velje nyelvtud\u00e1s\u00e1t az interakt\u00edv holland nyelvtani gyakorlatokkal a k\u00f6vetkez\u0151 honlapr\u00f3l Talkpal, a mesters\u00e9ges intelligencia \u00e1ltal vez\u00e9relt nyelvtan\u00e1rral.\",\"breadcrumb\":{\"@id\":\"https:\/\/talkpal.ai\/hu\/holland-nyelvtani-gyakorlatok\/#breadcrumb\"},\"inLanguage\":\"hu\",\"potentialAction\":[{\"@type\":\"ReadAction\",\"target\":[\"https:\/\/talkpal.ai\/hu\/holland-nyelvtani-gyakorlatok\/\"]}]},{\"@type\":\"ImageObject\",\"inLanguage\":\"hu\",\"@id\":\"https:\/\/talkpal.ai\/hu\/holland-nyelvtani-gyakorlatok\/#primaryimage\",\"url\":\"https:\/\/talkpal.ai\/wp-content\/uploads\/2023\/04\/netherlands-dutch.png\",\"contentUrl\":\"https:\/\/talkpal.ai\/wp-content\/uploads\/2023\/04\/netherlands-dutch.png\",\"width\":512,\"height\":512},{\"@type\":\"BreadcrumbList\",\"@id\":\"https:\/\/talkpal.ai\/hu\/holland-nyelvtani-gyakorlatok\/#breadcrumb\",\"itemListElement\":[{\"@type\":\"ListItem\",\"position\":1,\"name\":\"Homepage\",\"item\":\"https:\/\/talkpal.ai\/hu\/\"},{\"@type\":\"ListItem\",\"position\":2,\"name\":\"Holland nyelvtani gyakorlatok\"}]},{\"@type\":\"WebSite\",\"@id\":\"https:\/\/talkpal.ai\/hu\/#website\",\"url\":\"https:\/\/talkpal.ai\/hu\/\",\"name\":\"Talkpal\",\"description\":\"AI Language Learning\",\"publisher\":{\"@id\":\"https:\/\/talkpal.ai\/hu\/#organization\"},\"alternateName\":\"Talkpal AI\",\"potentialAction\":[{\"@type\":\"SearchAction\",\"target\":{\"@type\":\"EntryPoint\",\"urlTemplate\":\"https:\/\/talkpal.ai\/hu\/?s={search_term_string}\"},\"query-input\":{\"@type\":\"PropertyValueSpecification\",\"valueRequired\":true,\"valueName\":\"search_term_string\"}}],\"inLanguage\":\"hu\"},{\"@type\":\"Organization\",\"@id\":\"https:\/\/talkpal.ai\/hu\/#organization\",\"name\":\"Talkpal, Inc.\",\"alternateName\":\"Talkpal AI\",\"url\":\"https:\/\/talkpal.ai\/hu\/\",\"logo\":{\"@type\":\"ImageObject\",\"inLanguage\":\"hu\",\"@id\":\"https:\/\/talkpal.ai\/hu\/#\/schema\/logo\/image\/\",\"url\":\"https:\/\/talkpal.ai\/wp-content\/uploads\/2024\/03\/Talkpal-Logo-Icon.png\",\"contentUrl\":\"https:\/\/talkpal.ai\/wp-content\/uploads\/2024\/03\/Talkpal-Logo-Icon.png\",\"width\":2880,\"height\":2880,\"caption\":\"Talkpal, Inc.\"},\"image\":{\"@id\":\"https:\/\/talkpal.ai\/hu\/#\/schema\/logo\/image\/\"},\"sameAs\":[\"https:\/\/www.facebook.com\/profile.php?id=100090733639311\",\"https:\/\/x.com\/talkpalai\",\"https:\/\/www.linkedin.com\/company\/talkpal\/\",\"https:\/\/www.youtube.com\/@TalkPal\/\",\"https:\/\/www.tiktok.com\/@talkpal\",\"https:\/\/www.instagram.com\/talkpal_ai\/\",\"https:\/\/www.crunchbase.com\/organization\/talkpal-9cde\",\"https:\/\/www.g2.com\/products\/talkpal-for-business\/\",\"https:\/\/www.trustpilot.com\/review\/talkpal.ai\",\"https:\/\/www.capterra.com\/p\/10006800\/TalkPal\/\"],\"description\":\"Talkpal is a language learning web and mobile education app, powered by the latest AI technologies, that provides engaging experiences to its customers in many different languages to help them improve their language skills. Users can chat about unlimited amount of topics with the app and use other modes to practice their language learning.\",\"email\":\"support@talkpal.ai\",\"legalName\":\"Talkpal, Inc.\",\"foundingDate\":\"2023-04-03\",\"duns\":\"118989042\",\"numberOfEmployees\":{\"@type\":\"QuantitativeValue\",\"minValue\":\"11\",\"maxValue\":\"50\"},\"publishingPrinciples\":\"https:\/\/talkpal.ai\/publishing-principles\/\",\"actionableFeedbackPolicy\":\"https:\/\/talkpal.ai\/actionable-feedback-policy\/\",\"correctionsPolicy\":\"https:\/\/talkpal.ai\/corrections-policy\/\",\"ethicsPolicy\":\"https:\/\/talkpal.ai\/ethics-policy\/\",\"diversityPolicy\":\"https:\/\/talkpal.ai\/diversity-policy\/\",\"diversityStaffingReport\":\"https:\/\/talkpal.ai\/diversity-policy\/\"}]}<\/script>\n<!-- \/ Yoast SEO Premium plugin. -->","yoast_head_json":{"title":"Holland nyelvtani gyakorlatok - Talkpal","description":"N\u00f6velje nyelvtud\u00e1s\u00e1t az interakt\u00edv holland nyelvtani gyakorlatokkal a k\u00f6vetkez\u0151 honlapr\u00f3l Talkpal, a mesters\u00e9ges intelligencia \u00e1ltal vez\u00e9relt nyelvtan\u00e1rral.","robots":{"index":"index","follow":"follow","max-snippet":"max-snippet:-1","max-image-preview":"max-image-preview:large","max-video-preview":"max-video-preview:-1"},"canonical":"https:\/\/talkpal.ai\/hu\/holland-nyelvtani-gyakorlatok\/","og_locale":"hu_HU","og_type":"article","og_title":"Holland nyelvtani gyakorlatok","og_description":"Holland nyelvtani t\u00e9m\u00e1k A holland nyelvtanul\u00e1s izgalmas \u00e9s kifizet\u0151d\u0151 \u00e9lm\u00e9ny lehet, mivel megnyitja az ajt\u00f3t a gazdag kult\u00far\u00e1hoz, t\u00f6rt\u00e9nelemhez, valamint","og_url":"https:\/\/talkpal.ai\/hu\/holland-nyelvtani-gyakorlatok\/","og_site_name":"Talkpal","article_publisher":"https:\/\/www.facebook.com\/profile.php?id=100090733639311","article_modified_time":"2025-12-17T15:28:16+00:00","og_image":[{"width":512,"height":512,"url":"https:\/\/talkpal.ai\/wp-content\/uploads\/2023\/04\/netherlands-dutch.png","type":"image\/png"}],"twitter_card":"summary_large_image","twitter_site":"@talkpalai","twitter_misc":{"Becs\u00fclt olvas\u00e1si id\u0151":"4 perc"},"schema":{"@context":"https:\/\/schema.org","@graph":[{"@type":"WebPage","@id":"https:\/\/talkpal.ai\/hu\/holland-nyelvtani-gyakorlatok\/","url":"https:\/\/talkpal.ai\/hu\/holland-nyelvtani-gyakorlatok\/","name":"Holland nyelvtani gyakorlatok - Talkpal","isPartOf":{"@id":"https:\/\/talkpal.ai\/hu\/#website"},"primaryImageOfPage":{"@id":"https:\/\/talkpal.ai\/hu\/holland-nyelvtani-gyakorlatok\/#primaryimage"},"image":{"@id":"https:\/\/talkpal.ai\/hu\/holland-nyelvtani-gyakorlatok\/#primaryimage"},"thumbnailUrl":"https:\/\/talkpal.ai\/wp-content\/uploads\/2023\/04\/netherlands-dutch.png","datePublished":"2023-06-16T09:41:10+00:00","dateModified":"2025-12-17T15:28:16+00:00","description":"N\u00f6velje nyelvtud\u00e1s\u00e1t az interakt\u00edv holland nyelvtani gyakorlatokkal a k\u00f6vetkez\u0151 honlapr\u00f3l Talkpal, a mesters\u00e9ges intelligencia \u00e1ltal vez\u00e9relt nyelvtan\u00e1rral.","breadcrumb":{"@id":"https:\/\/talkpal.ai\/hu\/holland-nyelvtani-gyakorlatok\/#breadcrumb"},"inLanguage":"hu","potentialAction":[{"@type":"ReadAction","target":["https:\/\/talkpal.ai\/hu\/holland-nyelvtani-gyakorlatok\/"]}]},{"@type":"ImageObject","inLanguage":"hu","@id":"https:\/\/talkpal.ai\/hu\/holland-nyelvtani-gyakorlatok\/#primaryimage","url":"https:\/\/talkpal.ai\/wp-content\/uploads\/2023\/04\/netherlands-dutch.png","contentUrl":"https:\/\/talkpal.ai\/wp-content\/uploads\/2023\/04\/netherlands-dutch.png","width":512,"height":512},{"@type":"BreadcrumbList","@id":"https:\/\/talkpal.ai\/hu\/holland-nyelvtani-gyakorlatok\/#breadcrumb","itemListElement":[{"@type":"ListItem","position":1,"name":"Homepage","item":"https:\/\/talkpal.ai\/hu\/"},{"@type":"ListItem","position":2,"name":"Holland nyelvtani gyakorlatok"}]},{"@type":"WebSite","@id":"https:\/\/talkpal.ai\/hu\/#website","url":"https:\/\/talkpal.ai\/hu\/","name":"Talkpal","description":"AI Language Learning","publisher":{"@id":"https:\/\/talkpal.ai\/hu\/#organization"},"alternateName":"Talkpal AI","potentialAction":[{"@type":"SearchAction","target":{"@type":"EntryPoint","urlTemplate":"https:\/\/talkpal.ai\/hu\/?s={search_term_string}"},"query-input":{"@type":"PropertyValueSpecification","valueRequired":true,"valueName":"search_term_string"}}],"inLanguage":"hu"},{"@type":"Organization","@id":"https:\/\/talkpal.ai\/hu\/#organization","name":"Talkpal, Inc.","alternateName":"Talkpal AI","url":"https:\/\/talkpal.ai\/hu\/","logo":{"@type":"ImageObject","inLanguage":"hu","@id":"https:\/\/talkpal.ai\/hu\/#\/schema\/logo\/image\/","url":"https:\/\/talkpal.ai\/wp-content\/uploads\/2024\/03\/Talkpal-Logo-Icon.png","contentUrl":"https:\/\/talkpal.ai\/wp-content\/uploads\/2024\/03\/Talkpal-Logo-Icon.png","width":2880,"height":2880,"caption":"Talkpal, Inc."},"image":{"@id":"https:\/\/talkpal.ai\/hu\/#\/schema\/logo\/image\/"},"sameAs":["https:\/\/www.facebook.com\/profile.php?id=100090733639311","https:\/\/x.com\/talkpalai","https:\/\/www.linkedin.com\/company\/talkpal\/","https:\/\/www.youtube.com\/@TalkPal\/","https:\/\/www.tiktok.com\/@talkpal","https:\/\/www.instagram.com\/talkpal_ai\/","https:\/\/www.crunchbase.com\/organization\/talkpal-9cde","https:\/\/www.g2.com\/products\/talkpal-for-business\/","https:\/\/www.trustpilot.com\/review\/talkpal.ai","https:\/\/www.capterra.com\/p\/10006800\/TalkPal\/"],"description":"Talkpal is a language learning web and mobile education app, powered by the latest AI technologies, that provides engaging experiences to its customers in many different languages to help them improve their language skills. Users can chat about unlimited amount of topics with the app and use other modes to practice their language learning.","email":"support@talkpal.ai","legalName":"Talkpal, Inc.","foundingDate":"2023-04-03","duns":"118989042","numberOfEmployees":{"@type":"QuantitativeValue","minValue":"11","maxValue":"50"},"publishingPrinciples":"https:\/\/talkpal.ai\/publishing-principles\/","actionableFeedbackPolicy":"https:\/\/talkpal.ai\/actionable-feedback-policy\/","correctionsPolicy":"https:\/\/talkpal.ai\/corrections-policy\/","ethicsPolicy":"https:\/\/talkpal.ai\/ethics-policy\/","diversityPolicy":"https:\/\/talkpal.ai\/diversity-policy\/","diversityStaffingReport":"https:\/\/talkpal.ai\/diversity-policy\/"}]}},"_links":{"self":[{"href":"https:\/\/talkpal.ai\/hu\/wp-json\/wp\/v2\/pages\/133144","targetHints":{"allow":["GET"]}}],"collection":[{"href":"https:\/\/talkpal.ai\/hu\/wp-json\/wp\/v2\/pages"}],"about":[{"href":"https:\/\/talkpal.ai\/hu\/wp-json\/wp\/v2\/types\/page"}],"author":[{"embeddable":true,"href":"https:\/\/talkpal.ai\/hu\/wp-json\/wp\/v2\/users\/6"}],"replies":[{"embeddable":true,"href":"https:\/\/talkpal.ai\/hu\/wp-json\/wp\/v2\/comments?post=133144"}],"version-history":[{"count":0,"href":"https:\/\/talkpal.ai\/hu\/wp-json\/wp\/v2\/pages\/133144\/revisions"}],"wp:featuredmedia":[{"embeddable":true,"href":"https:\/\/talkpal.ai\/hu\/wp-json\/wp\/v2\/media\/106344"}],"wp:attachment":[{"href":"https:\/\/talkpal.ai\/hu\/wp-json\/wp\/v2\/media?parent=133144"}],"curies":[{"name":"wp","href":"https:\/\/api.w.org\/{rel}","templated":true}]}}