{"id":132857,"date":"2023-06-16T09:39:29","date_gmt":"2023-06-16T09:39:29","guid":{"rendered":"http:\/\/talkpal.ai\/kinai-nyelvtani-gyakorlatok\/"},"modified":"2025-05-22T21:25:13","modified_gmt":"2025-05-22T21:25:13","slug":"kinai-nyelvtani-gyakorlatok","status":"publish","type":"page","link":"https:\/\/talkpal.ai\/hu\/kinai-nyelvtani-gyakorlatok\/","title":{"rendered":"K\u00ednai nyelvtani gyakorlatok"},"content":{"rendered":"\r\n\r\n\r\n<section class=\"languageChallengeSection\">\r\n    <div class=\"languageInfoWrapper\">\r\n        \r\n        <h1>K\u00ednai nyelvtani gyakorlatok<\/h1>\r\n        <p>Szeretn\u00e9 fejleszteni <a href=\"https:\/\/talkpal.ai\/learn-chinese\/\">k\u00ednai<\/a> nyelvtud\u00e1s\u00e1t? A nyelvtani gyakorlatokra val\u00f3 \u00f6sszpontos\u00edt\u00e1s seg\u00edt meg\u00e9rteni a mondatszerkezetet, elsaj\u00e1t\u00edtani az alapvet\u0151 mint\u00e1kat, \u00e9s magabiztosabb\u00e1 tenni a mindennapi besz\u00e9lget\u00e9seket. Kezdje el gyakorolni a <a href=\"https:\/\/talkpal.ai\/learn-chinese\/\">k\u00ednai<\/a> nyelvtant m\u00e9g ma, \u00e9s tegyen folyamatos l\u00e9p\u00e9seket a foly\u00e9kony nyelvtud\u00e1s fel\u00e9 minden egyes gyakorlattal!<\/p>\r\n\r\n                            <a class=\"getStartedHidden\" href=\"https:\/\/app.talkpal.ai\/hu\/signup?lng=\">Kezdj\u00fck<\/a>\r\n        \r\n    <\/div>\r\n\r\n    <figure>\r\n    <img decoding=\"async\" width=\"768\" height=\"768\" src=\"https:\/\/talkpal.ai\/wp-content\/uploads\/2023\/06\/chinese-768x768.png\" class=\"languageImage no-lazy\" alt=\"Language learning for flexible communication\" fetchpriority=\"high\" sizes=\"(max-width: 768px) 150px, 768px\" srcset=\"https:\/\/talkpal.ai\/wp-content\/uploads\/2023\/06\/chinese-768x768.png 768w, https:\/\/talkpal.ai\/wp-content\/uploads\/2023\/06\/chinese-300x300.png 300w\" \/>\r\n    \r\n\r\n    <\/figure>\r\n\r\n            <a class=\"getStartedVisible\" href=\"https:\/\/app.talkpal.ai\/hu\/signup?lng=\">Kezdj\u00fck<\/a>\r\n    \r\n<\/section>\r\n\r\n\r\n<!-- <section class=\"grammarSection\">\r\n    <div class=\"grammarLinks\">\r\n            <\/div>\r\n<\/section> -->\r\n\r\n\r\n\r\n\r\n<section class=\"promotionalBanner\">\r\n    <p class=\"promotionalText\">A nyelvtanul\u00e1s leghat\u00e9konyabb m\u00f3dja<\/p>\r\n    <a class=\"promotionalLink\" href=\"https:\/\/app.talkpal.ai\/hu\/signup?lng=\">Pr\u00f3b\u00e1lja ki a Talkpal ingyen<\/a>\r\n<\/section>\n<div class=\"wp-block-group pageContainerStyle\"><div class=\"wp-block-group__inner-container is-layout-constrained wp-block-group-is-layout-constrained\">\n<h2 class=\"wp-block-heading\" id=\"h-chinese-grammar-topics\">K\u00ednai nyelvtani t\u00e9m\u00e1k<\/h2>\n\n\n\n<p>A <a href=\"https:\/\/talkpal.ai\/chinese-grammar\/\">k\u00ednai nyelvtan<\/a> els\u0151re ijeszt\u0151nek t\u0171nhet, de elengedhetetlen a nyelv elsaj\u00e1t\u00edt\u00e1s\u00e1hoz. Egyedi karakterrendszer\u00e9vel \u00e9s ton\u00e1lis term\u00e9szet\u00e9vel a k\u00ednai nyelvtan m\u00e1s szab\u00e1lyrendszert k\u00f6vet, mint az olyan nyelvek, mint az <a href=\"https:\/\/talkpal.ai\/locations\/language-courses-in-angol\/\">angol<\/a>. Ezeknek a szab\u00e1lyoknak a megfelel\u0151 sorrendben t\u00f6rt\u00e9n\u0151 elsaj\u00e1t\u00edt\u00e1sa seg\u00edt hat\u00e9konyabban haladni a nyelvtanul\u00e1sban. A k\u00f6vetkez\u0151 t\u00e9mak\u00f6r\u00f6ket t\u00e1rgyaljuk az aj\u00e1nlott tanul\u00e1si sorrendben: igeid\u0151k, ig\u00e9k, f\u0151nevek, cikkek, n\u00e9vm\u00e1sok, mell\u00e9knevek, hat\u00e1roz\u00f3sz\u00f3k, el\u00f6lj\u00e1r\u00f3szavak \u00e9s mondatszerkezet. <a href=\"https:\/\/talkpal.ai\/culture\/how-do-you-use-the-demonstrative-pronouns-ez-and-az\/\">Ez az<\/a> \u00fatmutat\u00f3 r\u00f6vid magyar\u00e1zattal szolg\u00e1l az egyes t\u00e9m\u00e1kr\u00f3l, hogy jobban meg\u00e9rtse azok funkci\u00f3it k\u00ednai nyelven.<\/p>\n\n\n\n<h3 class=\"wp-block-heading\" id=\"h-1-tenses\">1. Igeid\u0151k:<\/h3>\n\n\n\n<p>Az angolt\u00f3l elt\u00e9r\u0151en a k\u00ednai nyelvnek nincs \u00f6sszetett igeragoz\u00e1sa az id\u0151 jelz\u00e9s\u00e9re. Ehelyett id\u0151szavakat vagy r\u00e9szecsk\u00e9ket haszn\u00e1l annak jelz\u00e9s\u00e9re, hogy mikor t\u00f6rt\u00e9nik egy cselekv\u00e9s. A m\u00faltbeli, jelenbeli vagy j\u00f6v\u0151beli cselekv\u00e9sek kifejez\u00e9s\u00e9re el\u0151sz\u00f6r is meg kell ismerkednie az olyan gyakori id\u0151szavakkal, mint a &#8222;tegnap&#8221;, &#8222;ma&#8221; \u00e9s &#8222;holnap&#8221;.<\/p>\n\n\n\n<h3 class=\"wp-block-heading\" id=\"h-2-verbs\">2. Ig\u00e9k:<\/h3>\n\n\n\n<p>Miut\u00e1n meg\u00e9rtette az igeid\u0151t, elengedhetetlen az alapvet\u0151 ig\u00e9k megtanul\u00e1sa k\u00ednaiul. Az ig\u00e9k kulcsfontoss\u00e1g\u00faak, mivel cselekv\u00e9seket \u00e9s \u00e1llapotokat fejeznek ki, \u00e9s gyakran v\u00e1ltozatlanok maradnak k\u00fcl\u00f6nb\u00f6z\u0151 id\u0151kben. \u00d6sszpontos\u00edtson a leggyakoribb ig\u00e9k megtanul\u00e1s\u00e1ra \u00e9s azok megfelel\u0151 haszn\u00e1lat\u00e1ra.<\/p>\n\n\n\n<h3 class=\"wp-block-heading\" id=\"h-3-nouns\">3. F\u0151nevek:<\/h3>\n\n\n\n<p>A f\u0151nevek a nyelv \u00e9p\u00edt\u0151k\u00f6vei, amelyek embereket, helyeket, dolgokat vagy \u00f6tleteket k\u00e9pviselnek. A k\u00ednai nyelvben a f\u0151nevek \u00e1ltal\u00e1ban egyszer\u0171ek, \u00e9s elkezdheti a leggyakoribb \u00e9s leghasznosabbak megtanul\u00e1s\u00e1val a sz\u00f3kincs b\u0151v\u00edt\u00e9s\u00e9hez.<\/p>\n\n\n\n<h3 class=\"wp-block-heading\" id=\"h-4-articles\">4. Cikkek:<\/h3>\n\n\n\n<p>A k\u00ednai nyelvben nincsenek olyan cikkek, mint az angolban az &#8222;a&#8221; vagy &#8222;the&#8221;. Vannak azonban olyan m\u00e9r\u00e9si szavak, amelyek a f\u0151neveket k\u00eds\u00e9rik a mennyis\u00e9g jelz\u00e9s\u00e9re. Ezek a m\u00e9r\u0151szavak elengedhetetlenek bizonyos t\u00e9telek \u00f6sszeg\u00e9nek vagy sz\u00e1m\u00e1nak megvitat\u00e1sakor.<\/p>\n\n\n\n<h3 class=\"wp-block-heading\" id=\"h-5-pronouns\">5. N\u00e9vm\u00e1sok:<\/h3>\n\n\n\n<p>A n\u00e9vm\u00e1sokat a f\u0151nevek helyettes\u00edt\u00e9s\u00e9re haszn\u00e1lj\u00e1k egy mondatban, \u00e9s elengedhetetlenek az ism\u00e9tl\u00e9s elker\u00fcl\u00e9s\u00e9hez. A k\u00ednai nyelvben a n\u00e9vm\u00e1sok a mondaton bel\u00fcli funkci\u00f3juk alapj\u00e1n v\u00e1ltoznak, p\u00e9ld\u00e1ul alany, t\u00e1rgy vagy birtokos. Tanulja meg a k\u00fcl\u00f6nb\u00f6z\u0151 n\u00e9vm\u00e1sokat \u00e9s azok megfelel\u0151 haszn\u00e1lat\u00e1t a mondatszerkezet jav\u00edt\u00e1sa \u00e9rdek\u00e9ben.<\/p>\n\n\n\n<h3 class=\"wp-block-heading\" id=\"h-6-adjectives\">6. Mell\u00e9knevek:<\/h3>\n\n\n\n<p>A mell\u00e9kneveket a f\u0151nevek le\u00edr\u00e1s\u00e1ra vagy m\u00f3dos\u00edt\u00e1s\u00e1ra haszn\u00e1lj\u00e1k, \u00e9s jelent\u0151s szerepet j\u00e1tszanak abban, hogy mondatai kifejez\u0151bbek \u00e9s vonz\u00f3bbak legyenek. Ismerje meg a leggyakoribb mell\u00e9kneveket \u00e9s azok elhelyez\u00e9s\u00e9t a f\u0151n\u00e9vhez viszony\u00edtva egy mondaton bel\u00fcl.<\/p>\n\n\n\n<h3 class=\"wp-block-heading\" id=\"h-7-adverbs\">7. Hat\u00e1roz\u00f3sz\u00f3k:<\/h3>\n\n\n\n<p>A hat\u00e1roz\u00f3szavak elengedhetetlenek az ig\u00e9kkel, mell\u00e9knevekkel vagy m\u00e1s hat\u00e1roz\u00f3sz\u00f3kkal kapcsolatos tov\u00e1bbi inform\u00e1ci\u00f3k biztos\u00edt\u00e1s\u00e1hoz. Le\u00edrhatj\u00e1k, hogyan, mikor vagy hol t\u00f6rt\u00e9nik egy m\u0171velet. Ismerkedjen meg a gyakori hat\u00e1roz\u00f3sz\u00f3kkal \u00e9s azok haszn\u00e1lat\u00e1val a le\u00edr\u00f3 k\u00e9pess\u00e9gek jav\u00edt\u00e1sa \u00e9rdek\u00e9ben.<\/p>\n\n\n\n<h3 class=\"wp-block-heading\" id=\"h-8-prepositions\">8. El\u00f6lj\u00e1r\u00f3szavak:<\/h3>\n\n\n\n<p>A prepoz\u00edci\u00f3kat a f\u0151nevek vagy n\u00e9vm\u00e1sok k\u00f6z\u00f6tti <a href=\"https:\/\/talkpal.ai\/contact\/\">kapcsolat<\/a> jelz\u00e9s\u00e9re haszn\u00e1lj\u00e1k egy mondaton bel\u00fcl. Gyakran fejeznek ki t\u00e9rbeli vagy id\u0151beli kapcsolatokat, p\u00e9ld\u00e1ul &#8222;in&#8221;, &#8222;on&#8221; vagy &#8222;at&#8221;. A leggyakoribb el\u00f6lj\u00e1r\u00f3szavak megtanul\u00e1sa \u00e9s helyes haszn\u00e1lata nagyban jav\u00edtja a mondatszerkezetet.<\/p>\n\n\n\n<h3 class=\"wp-block-heading\" id=\"h-9-sentence-structure\">9. Mondatszerkezet:<\/h3>\n\n\n\n<p>V\u00e9g\u00fcl a k\u00ednai mondatszerkezet meg\u00e9rt\u00e9se a kulcs a koherens \u00e9s nyelvtanilag helyes mondatok kialak\u00edt\u00e1s\u00e1hoz. A k\u00ednai nyelv az angolhoz hasonl\u00f3 alany-ige-objektum (SVO) szerkezetet k\u00f6vet. Vannak azonban k\u00fcl\u00f6nbs\u00e9gek a sz\u00f3rend \u00e9s a k\u00fcl\u00f6nb\u00f6z\u0151 nyelvtani elemek elhelyez\u00e9se k\u00f6z\u00f6tt. Ismerje meg az alapvet\u0151 mondatmint\u00e1kat, \u00e9s gyakorolja a mondatok fel\u00e9p\u00edt\u00e9s\u00e9t a megtanult elemekkel, p\u00e9ld\u00e1ul igeid\u0151kkel, ig\u00e9kkel, f\u0151nevekkel, n\u00e9vm\u00e1sokkal, mell\u00e9knevekkel, hat\u00e1roz\u00f3sz\u00f3kkal \u00e9s el\u00f6lj\u00e1r\u00f3szavakkal.<\/p>\n\n\n\n<p>Ezt a sorrendet k\u00f6vetve \u00e9s az egyes t\u00e9m\u00e1kra \u00f6sszpontos\u00edtva er\u0151s alapot fejleszt ki a k\u00ednai nyelvtanban, \u00e9s j\u00f3 \u00faton halad a nyelv foly\u00e9konys\u00e1ga fel\u00e9.<\/p>\n<\/div><\/div>\n\r\n<section class=\"learnNavigationSection\">\r\n            \r\n        <a href=\"https:\/\/talkpal.ai\/hu\/tanulj-kinaiul\/\">\r\n            <div class=\"learnNavigationWrapper\">\r\n                <div class=\"learnNavigationContent\">\r\n                    <img decoding=\"async\" src=\"https:\/\/talkpal.ai\/wp-content\/uploads\/2024\/08\/Chinese.jpg\" alt=\"Chinese Flag\u00a0\">\r\n                    <div>\r\n                        <h4>A k\u00ednai tanul\u00e1sr\u00f3l<\/h4>\r\n                        <p>Tudjon meg mindent a k\u00ednai nyelvtanr\u00f3l.<\/p>\r\n                    <\/div>\r\n                <\/div>\r\n            <\/div>\r\n        <\/a>\r\n\r\n        \r\n        <a href=\"https:\/\/talkpal.ai\/hu\/kinai-nyelvtan\/\">\r\n            <div class=\"learnNavigationWrapper\">\r\n                <div class=\"learnNavigationContent\">\r\n                    <img decoding=\"async\" src=\"https:\/\/talkpal.ai\/wp-content\/uploads\/2024\/08\/Chinese.jpg\" alt=\"Chinese Flag\u00a0\">\r\n                    <div>\r\n                        <h4>K\u00ednai nyelvtani leck\u00e9k<\/h4>\r\n                        <p>Gyakorolja a k\u00ednai nyelvtant.<\/p>\r\n                    <\/div>\r\n                <\/div>\r\n            <\/div>\r\n        <\/a>\r\n\r\n        \r\n        <a href=\"https:\/\/talkpal.ai\/vocabulary_language\/chinese\/\">\r\n            <div class=\"learnNavigationWrapper\">\r\n                <div class=\"learnNavigationContent\">\r\n                    <img decoding=\"async\" src=\"https:\/\/talkpal.ai\/wp-content\/uploads\/2024\/08\/Chinese.jpg\" alt=\"Chinese Flag\u00a0\">\r\n                    <div>\r\n                        <h4>K\u00ednai sz\u00f3kincs<\/h4>\r\n                        <p>B\u0151v\u00edtse k\u00ednai sz\u00f3kincs\u00e9t.<\/p>\r\n                    <\/div>\r\n                <\/div>\r\n            <\/div>\r\n        <\/a>\r\n\r\n            <\/section>","protected":false},"excerpt":{"rendered":"<p>K\u00ednai nyelvtani t\u00e9m\u00e1k A k\u00ednai nyelvtan els\u0151re ijeszt\u0151nek t\u0171nhet, de elengedhetetlen a nyelv elsaj\u00e1t\u00edt\u00e1s\u00e1hoz. Egyedi karakterrendszer\u00e9vel \u00e9s ton\u00e1lis term\u00e9szet\u00e9vel a k\u00ednai nyelvtan m\u00e1s szab\u00e1lyrendszert k\u00f6vet, mint az olyan nyelvek, mint az angol. Ezeknek a szab\u00e1lyoknak a megfelel\u0151 sorrendben t\u00f6rt\u00e9n\u0151 elsaj\u00e1t\u00edt\u00e1sa seg\u00edt hat\u00e9konyabban haladni a nyelvtanul\u00e1sban. A k\u00f6vetkez\u0151 t\u00e9mak\u00f6r\u00f6ket t\u00e1rgyaljuk az aj\u00e1nlott tanul\u00e1si sorrendben: igeid\u0151k, ig\u00e9k, [&hellip;]<\/p>\n","protected":false},"author":6,"featured_media":106051,"parent":0,"menu_order":0,"comment_status":"closed","ping_status":"closed","template":"LearningContentPage.php","meta":{"_acf_changed":false,"footnotes":""},"class_list":["post-132857","page","type-page","status-publish","has-post-thumbnail","hentry"],"acf":[],"yoast_head":"<!-- This site is optimized with the Yoast SEO Premium plugin v27.2 (Yoast SEO v27.2) - https:\/\/yoast.com\/product\/yoast-seo-premium-wordpress\/ -->\n<title>K\u00ednai nyelvtani gyakorlatok - Talkpal<\/title>\n<meta name=\"description\" content=\"Saj\u00e1t\u00edtsd el a k\u00ednai nyelvtant \u00e1tfog\u00f3 \u00fatmutat\u00f3nkkal, amely az igeid\u0151kre, ig\u00e9kre \u00e9s egy\u00e9b nyelvtani ismeretekre is kit\u00e9r, hogy fejleszthesd nyelvtud\u00e1sodat.\" \/>\n<meta name=\"robots\" content=\"index, follow, max-snippet:-1, max-image-preview:large, max-video-preview:-1\" \/>\n<link rel=\"canonical\" href=\"https:\/\/talkpal.ai\/hu\/kinai-nyelvtani-gyakorlatok\/\" \/>\n<meta property=\"og:locale\" content=\"hu_HU\" \/>\n<meta property=\"og:type\" content=\"article\" \/>\n<meta property=\"og:title\" content=\"K\u00ednai nyelvtani gyakorlatok\" \/>\n<meta property=\"og:description\" content=\"K\u00ednai nyelvtani t\u00e9m\u00e1k A k\u00ednai nyelvtan els\u0151re ijeszt\u0151nek t\u0171nhet, de elengedhetetlen a nyelv elsaj\u00e1t\u00edt\u00e1s\u00e1hoz. Egyedi karakterrendszer\u00e9vel \u00e9s ton\u00e1lis\" \/>\n<meta property=\"og:url\" content=\"https:\/\/talkpal.ai\/hu\/kinai-nyelvtani-gyakorlatok\/\" \/>\n<meta property=\"og:site_name\" content=\"Talkpal\" \/>\n<meta property=\"article:publisher\" content=\"https:\/\/www.facebook.com\/profile.php?id=100090733639311\" \/>\n<meta property=\"article:modified_time\" content=\"2025-05-22T21:25:13+00:00\" \/>\n<meta property=\"og:image\" content=\"https:\/\/talkpal.ai\/wp-content\/uploads\/2023\/04\/china.png\" \/>\n\t<meta property=\"og:image:width\" content=\"512\" \/>\n\t<meta property=\"og:image:height\" content=\"512\" \/>\n\t<meta property=\"og:image:type\" content=\"image\/png\" \/>\n<meta name=\"twitter:card\" content=\"summary_large_image\" \/>\n<meta name=\"twitter:site\" content=\"@talkpalai\" \/>\n<meta name=\"twitter:label1\" content=\"Becs\u00fclt olvas\u00e1si id\u0151\" \/>\n\t<meta name=\"twitter:data1\" content=\"4 perc\" \/>\n<script type=\"application\/ld+json\" class=\"yoast-schema-graph\">{\"@context\":\"https:\/\/schema.org\",\"@graph\":[{\"@type\":\"WebPage\",\"@id\":\"https:\/\/talkpal.ai\/hu\/kinai-nyelvtani-gyakorlatok\/\",\"url\":\"https:\/\/talkpal.ai\/hu\/kinai-nyelvtani-gyakorlatok\/\",\"name\":\"K\u00ednai nyelvtani gyakorlatok - Talkpal\",\"isPartOf\":{\"@id\":\"https:\/\/talkpal.ai\/hu\/#website\"},\"primaryImageOfPage\":{\"@id\":\"https:\/\/talkpal.ai\/hu\/kinai-nyelvtani-gyakorlatok\/#primaryimage\"},\"image\":{\"@id\":\"https:\/\/talkpal.ai\/hu\/kinai-nyelvtani-gyakorlatok\/#primaryimage\"},\"thumbnailUrl\":\"https:\/\/talkpal.ai\/wp-content\/uploads\/2023\/04\/china.png\",\"datePublished\":\"2023-06-16T09:39:29+00:00\",\"dateModified\":\"2025-05-22T21:25:13+00:00\",\"description\":\"Saj\u00e1t\u00edtsd el a k\u00ednai nyelvtant \u00e1tfog\u00f3 \u00fatmutat\u00f3nkkal, amely az igeid\u0151kre, ig\u00e9kre \u00e9s egy\u00e9b nyelvtani ismeretekre is kit\u00e9r, hogy fejleszthesd nyelvtud\u00e1sodat.\",\"breadcrumb\":{\"@id\":\"https:\/\/talkpal.ai\/hu\/kinai-nyelvtani-gyakorlatok\/#breadcrumb\"},\"inLanguage\":\"hu\",\"potentialAction\":[{\"@type\":\"ReadAction\",\"target\":[\"https:\/\/talkpal.ai\/hu\/kinai-nyelvtani-gyakorlatok\/\"]}]},{\"@type\":\"ImageObject\",\"inLanguage\":\"hu\",\"@id\":\"https:\/\/talkpal.ai\/hu\/kinai-nyelvtani-gyakorlatok\/#primaryimage\",\"url\":\"https:\/\/talkpal.ai\/wp-content\/uploads\/2023\/04\/china.png\",\"contentUrl\":\"https:\/\/talkpal.ai\/wp-content\/uploads\/2023\/04\/china.png\",\"width\":512,\"height\":512},{\"@type\":\"BreadcrumbList\",\"@id\":\"https:\/\/talkpal.ai\/hu\/kinai-nyelvtani-gyakorlatok\/#breadcrumb\",\"itemListElement\":[{\"@type\":\"ListItem\",\"position\":1,\"name\":\"Homepage\",\"item\":\"https:\/\/talkpal.ai\/hu\/\"},{\"@type\":\"ListItem\",\"position\":2,\"name\":\"K\u00ednai nyelvtani gyakorlatok\"}]},{\"@type\":\"WebSite\",\"@id\":\"https:\/\/talkpal.ai\/hu\/#website\",\"url\":\"https:\/\/talkpal.ai\/hu\/\",\"name\":\"Talkpal\",\"description\":\"AI Language Learning\",\"publisher\":{\"@id\":\"https:\/\/talkpal.ai\/hu\/#organization\"},\"alternateName\":\"Talkpal AI\",\"potentialAction\":[{\"@type\":\"SearchAction\",\"target\":{\"@type\":\"EntryPoint\",\"urlTemplate\":\"https:\/\/talkpal.ai\/hu\/?s={search_term_string}\"},\"query-input\":{\"@type\":\"PropertyValueSpecification\",\"valueRequired\":true,\"valueName\":\"search_term_string\"}}],\"inLanguage\":\"hu\"},{\"@type\":\"Organization\",\"@id\":\"https:\/\/talkpal.ai\/hu\/#organization\",\"name\":\"Talkpal, Inc.\",\"alternateName\":\"Talkpal AI\",\"url\":\"https:\/\/talkpal.ai\/hu\/\",\"logo\":{\"@type\":\"ImageObject\",\"inLanguage\":\"hu\",\"@id\":\"https:\/\/talkpal.ai\/hu\/#\/schema\/logo\/image\/\",\"url\":\"https:\/\/talkpal.ai\/wp-content\/uploads\/2024\/03\/Talkpal-Logo-Icon.png\",\"contentUrl\":\"https:\/\/talkpal.ai\/wp-content\/uploads\/2024\/03\/Talkpal-Logo-Icon.png\",\"width\":2880,\"height\":2880,\"caption\":\"Talkpal, Inc.\"},\"image\":{\"@id\":\"https:\/\/talkpal.ai\/hu\/#\/schema\/logo\/image\/\"},\"sameAs\":[\"https:\/\/www.facebook.com\/profile.php?id=100090733639311\",\"https:\/\/x.com\/talkpalai\",\"https:\/\/www.linkedin.com\/company\/talkpal\/\",\"https:\/\/www.youtube.com\/@TalkPal\/\",\"https:\/\/www.tiktok.com\/@talkpal\",\"https:\/\/www.instagram.com\/talkpal_ai\/\",\"https:\/\/www.crunchbase.com\/organization\/talkpal-9cde\",\"https:\/\/www.g2.com\/products\/talkpal-for-business\/\",\"https:\/\/www.trustpilot.com\/review\/talkpal.ai\",\"https:\/\/www.capterra.com\/p\/10006800\/TalkPal\/\"],\"description\":\"Talkpal is a language learning web and mobile education app, powered by the latest AI technologies, that provides engaging experiences to its customers in many different languages to help them improve their language skills. Users can chat about unlimited amount of topics with the app and use other modes to practice their language learning.\",\"email\":\"support@talkpal.ai\",\"legalName\":\"Talkpal, Inc.\",\"foundingDate\":\"2023-04-03\",\"duns\":\"118989042\",\"numberOfEmployees\":{\"@type\":\"QuantitativeValue\",\"minValue\":\"11\",\"maxValue\":\"50\"},\"publishingPrinciples\":\"https:\/\/talkpal.ai\/publishing-principles\/\",\"actionableFeedbackPolicy\":\"https:\/\/talkpal.ai\/actionable-feedback-policy\/\",\"correctionsPolicy\":\"https:\/\/talkpal.ai\/corrections-policy\/\",\"ethicsPolicy\":\"https:\/\/talkpal.ai\/ethics-policy\/\",\"diversityPolicy\":\"https:\/\/talkpal.ai\/diversity-policy\/\",\"diversityStaffingReport\":\"https:\/\/talkpal.ai\/diversity-policy\/\"}]}<\/script>\n<!-- \/ Yoast SEO Premium plugin. -->","yoast_head_json":{"title":"K\u00ednai nyelvtani gyakorlatok - Talkpal","description":"Saj\u00e1t\u00edtsd el a k\u00ednai nyelvtant \u00e1tfog\u00f3 \u00fatmutat\u00f3nkkal, amely az igeid\u0151kre, ig\u00e9kre \u00e9s egy\u00e9b nyelvtani ismeretekre is kit\u00e9r, hogy fejleszthesd nyelvtud\u00e1sodat.","robots":{"index":"index","follow":"follow","max-snippet":"max-snippet:-1","max-image-preview":"max-image-preview:large","max-video-preview":"max-video-preview:-1"},"canonical":"https:\/\/talkpal.ai\/hu\/kinai-nyelvtani-gyakorlatok\/","og_locale":"hu_HU","og_type":"article","og_title":"K\u00ednai nyelvtani gyakorlatok","og_description":"K\u00ednai nyelvtani t\u00e9m\u00e1k A k\u00ednai nyelvtan els\u0151re ijeszt\u0151nek t\u0171nhet, de elengedhetetlen a nyelv elsaj\u00e1t\u00edt\u00e1s\u00e1hoz. Egyedi karakterrendszer\u00e9vel \u00e9s ton\u00e1lis","og_url":"https:\/\/talkpal.ai\/hu\/kinai-nyelvtani-gyakorlatok\/","og_site_name":"Talkpal","article_publisher":"https:\/\/www.facebook.com\/profile.php?id=100090733639311","article_modified_time":"2025-05-22T21:25:13+00:00","og_image":[{"width":512,"height":512,"url":"https:\/\/talkpal.ai\/wp-content\/uploads\/2023\/04\/china.png","type":"image\/png"}],"twitter_card":"summary_large_image","twitter_site":"@talkpalai","twitter_misc":{"Becs\u00fclt olvas\u00e1si id\u0151":"4 perc"},"schema":{"@context":"https:\/\/schema.org","@graph":[{"@type":"WebPage","@id":"https:\/\/talkpal.ai\/hu\/kinai-nyelvtani-gyakorlatok\/","url":"https:\/\/talkpal.ai\/hu\/kinai-nyelvtani-gyakorlatok\/","name":"K\u00ednai nyelvtani gyakorlatok - Talkpal","isPartOf":{"@id":"https:\/\/talkpal.ai\/hu\/#website"},"primaryImageOfPage":{"@id":"https:\/\/talkpal.ai\/hu\/kinai-nyelvtani-gyakorlatok\/#primaryimage"},"image":{"@id":"https:\/\/talkpal.ai\/hu\/kinai-nyelvtani-gyakorlatok\/#primaryimage"},"thumbnailUrl":"https:\/\/talkpal.ai\/wp-content\/uploads\/2023\/04\/china.png","datePublished":"2023-06-16T09:39:29+00:00","dateModified":"2025-05-22T21:25:13+00:00","description":"Saj\u00e1t\u00edtsd el a k\u00ednai nyelvtant \u00e1tfog\u00f3 \u00fatmutat\u00f3nkkal, amely az igeid\u0151kre, ig\u00e9kre \u00e9s egy\u00e9b nyelvtani ismeretekre is kit\u00e9r, hogy fejleszthesd nyelvtud\u00e1sodat.","breadcrumb":{"@id":"https:\/\/talkpal.ai\/hu\/kinai-nyelvtani-gyakorlatok\/#breadcrumb"},"inLanguage":"hu","potentialAction":[{"@type":"ReadAction","target":["https:\/\/talkpal.ai\/hu\/kinai-nyelvtani-gyakorlatok\/"]}]},{"@type":"ImageObject","inLanguage":"hu","@id":"https:\/\/talkpal.ai\/hu\/kinai-nyelvtani-gyakorlatok\/#primaryimage","url":"https:\/\/talkpal.ai\/wp-content\/uploads\/2023\/04\/china.png","contentUrl":"https:\/\/talkpal.ai\/wp-content\/uploads\/2023\/04\/china.png","width":512,"height":512},{"@type":"BreadcrumbList","@id":"https:\/\/talkpal.ai\/hu\/kinai-nyelvtani-gyakorlatok\/#breadcrumb","itemListElement":[{"@type":"ListItem","position":1,"name":"Homepage","item":"https:\/\/talkpal.ai\/hu\/"},{"@type":"ListItem","position":2,"name":"K\u00ednai nyelvtani gyakorlatok"}]},{"@type":"WebSite","@id":"https:\/\/talkpal.ai\/hu\/#website","url":"https:\/\/talkpal.ai\/hu\/","name":"Talkpal","description":"AI Language Learning","publisher":{"@id":"https:\/\/talkpal.ai\/hu\/#organization"},"alternateName":"Talkpal AI","potentialAction":[{"@type":"SearchAction","target":{"@type":"EntryPoint","urlTemplate":"https:\/\/talkpal.ai\/hu\/?s={search_term_string}"},"query-input":{"@type":"PropertyValueSpecification","valueRequired":true,"valueName":"search_term_string"}}],"inLanguage":"hu"},{"@type":"Organization","@id":"https:\/\/talkpal.ai\/hu\/#organization","name":"Talkpal, Inc.","alternateName":"Talkpal AI","url":"https:\/\/talkpal.ai\/hu\/","logo":{"@type":"ImageObject","inLanguage":"hu","@id":"https:\/\/talkpal.ai\/hu\/#\/schema\/logo\/image\/","url":"https:\/\/talkpal.ai\/wp-content\/uploads\/2024\/03\/Talkpal-Logo-Icon.png","contentUrl":"https:\/\/talkpal.ai\/wp-content\/uploads\/2024\/03\/Talkpal-Logo-Icon.png","width":2880,"height":2880,"caption":"Talkpal, Inc."},"image":{"@id":"https:\/\/talkpal.ai\/hu\/#\/schema\/logo\/image\/"},"sameAs":["https:\/\/www.facebook.com\/profile.php?id=100090733639311","https:\/\/x.com\/talkpalai","https:\/\/www.linkedin.com\/company\/talkpal\/","https:\/\/www.youtube.com\/@TalkPal\/","https:\/\/www.tiktok.com\/@talkpal","https:\/\/www.instagram.com\/talkpal_ai\/","https:\/\/www.crunchbase.com\/organization\/talkpal-9cde","https:\/\/www.g2.com\/products\/talkpal-for-business\/","https:\/\/www.trustpilot.com\/review\/talkpal.ai","https:\/\/www.capterra.com\/p\/10006800\/TalkPal\/"],"description":"Talkpal is a language learning web and mobile education app, powered by the latest AI technologies, that provides engaging experiences to its customers in many different languages to help them improve their language skills. Users can chat about unlimited amount of topics with the app and use other modes to practice their language learning.","email":"support@talkpal.ai","legalName":"Talkpal, Inc.","foundingDate":"2023-04-03","duns":"118989042","numberOfEmployees":{"@type":"QuantitativeValue","minValue":"11","maxValue":"50"},"publishingPrinciples":"https:\/\/talkpal.ai\/publishing-principles\/","actionableFeedbackPolicy":"https:\/\/talkpal.ai\/actionable-feedback-policy\/","correctionsPolicy":"https:\/\/talkpal.ai\/corrections-policy\/","ethicsPolicy":"https:\/\/talkpal.ai\/ethics-policy\/","diversityPolicy":"https:\/\/talkpal.ai\/diversity-policy\/","diversityStaffingReport":"https:\/\/talkpal.ai\/diversity-policy\/"}]}},"_links":{"self":[{"href":"https:\/\/talkpal.ai\/hu\/wp-json\/wp\/v2\/pages\/132857","targetHints":{"allow":["GET"]}}],"collection":[{"href":"https:\/\/talkpal.ai\/hu\/wp-json\/wp\/v2\/pages"}],"about":[{"href":"https:\/\/talkpal.ai\/hu\/wp-json\/wp\/v2\/types\/page"}],"author":[{"embeddable":true,"href":"https:\/\/talkpal.ai\/hu\/wp-json\/wp\/v2\/users\/6"}],"replies":[{"embeddable":true,"href":"https:\/\/talkpal.ai\/hu\/wp-json\/wp\/v2\/comments?post=132857"}],"version-history":[{"count":0,"href":"https:\/\/talkpal.ai\/hu\/wp-json\/wp\/v2\/pages\/132857\/revisions"}],"wp:featuredmedia":[{"embeddable":true,"href":"https:\/\/talkpal.ai\/hu\/wp-json\/wp\/v2\/media\/106051"}],"wp:attachment":[{"href":"https:\/\/talkpal.ai\/hu\/wp-json\/wp\/v2\/media?parent=132857"}],"curies":[{"name":"wp","href":"https:\/\/api.w.org\/{rel}","templated":true}]}}