{"id":132511,"date":"2023-06-16T09:31:38","date_gmt":"2023-06-16T09:31:38","guid":{"rendered":"http:\/\/talkpal.ai\/arab-nyelvtani-gyakorlatok\/"},"modified":"2025-05-22T20:16:26","modified_gmt":"2025-05-22T20:16:26","slug":"arab-nyelvtani-gyakorlatok","status":"publish","type":"page","link":"https:\/\/talkpal.ai\/hu\/arab-nyelvtani-gyakorlatok\/","title":{"rendered":"Arab nyelvtani gyakorlatok"},"content":{"rendered":"\r\n\r\n\r\n<section class=\"languageChallengeSection\">\r\n    <div class=\"languageInfoWrapper\">\r\n        \r\n        <h1>Arab nyelvtani gyakorlatok<\/h1>\r\n        <p>K\u00e9szen \u00e1ll arra, hogy fejlessze arab nyelvtud\u00e1s\u00e1t? A nyelvtani gyakorlatok gyakorl\u00e1sa elengedhetetlen a mondatszerkezet, az igealakok \u00e9s az arab nyelv egyedi mint\u00e1inak elsaj\u00e1t\u00edt\u00e1s\u00e1hoz. Foglalkozzon ezekkel a gyakorlatokkal, hogy n\u00f6velje \u00f6nbizalm\u00e1t, b\u0151v\u00edtse sz\u00f3kincs\u00e9t, \u00e9s k\u00f6nnyebben fejezze ki mag\u00e1t arabul. Kezdj el gyakorolni m\u00e9g ma, \u00e9s figyeld, hogyan fejl\u0151dik a nyelvtud\u00e1sod!<\/p>\r\n\r\n                            <a class=\"getStartedHidden\" href=\"https:\/\/app.talkpal.ai\/hu\/signup?lng=\">Kezdj\u00fck<\/a>\r\n        \r\n    <\/div>\r\n\r\n    <figure>\r\n    <img decoding=\"async\" width=\"768\" height=\"768\" src=\"https:\/\/talkpal.ai\/wp-content\/uploads\/2023\/06\/arabic-768x768.png\" class=\"languageImage no-lazy\" alt=\"Language learning for linguistic diversity\" fetchpriority=\"high\" sizes=\"(max-width: 768px) 150px, 768px\" srcset=\"https:\/\/talkpal.ai\/wp-content\/uploads\/2023\/06\/arabic-768x768.png 768w, https:\/\/talkpal.ai\/wp-content\/uploads\/2023\/06\/arabic-300x300.png 300w\" \/>\r\n    \r\n\r\n    <\/figure>\r\n\r\n            <a class=\"getStartedVisible\" href=\"https:\/\/app.talkpal.ai\/hu\/signup?lng=\">Kezdj\u00fck<\/a>\r\n    \r\n<\/section>\r\n\r\n\r\n<!-- <section class=\"grammarSection\">\r\n    <div class=\"grammarLinks\">\r\n            <\/div>\r\n<\/section> -->\r\n\r\n\r\n\r\n\r\n<section class=\"promotionalBanner\">\r\n    <p class=\"promotionalText\">A nyelvtanul\u00e1s leghat\u00e9konyabb m\u00f3dja<\/p>\r\n    <a class=\"promotionalLink\" href=\"https:\/\/app.talkpal.ai\/hu\/signup?lng=\">Pr\u00f3b\u00e1lja ki a Talkpal ingyen<\/a>\r\n<\/section>\n<div class=\"wp-block-group pageContainerStyle\"><div class=\"wp-block-group__inner-container is-layout-constrained wp-block-group-is-layout-constrained\">\n<h2 class=\"wp-block-heading\" id=\"h-arabic-grammar-topics\">Arab nyelvtani t\u00e9m\u00e1k<\/h2>\n\n\n\n<p>Az arab nyelv gazdag t\u00f6rt\u00e9nelm\u00e9vel \u00e9s kultur\u00e1lis jelent\u0151s\u00e9g\u00e9vel leny\u0171g\u00f6z\u0151 \u00e9s kifizet\u0151d\u0151 t\u00f6rekv\u00e9s a nyelvtanul\u00f3k sz\u00e1m\u00e1ra. Az Egyes\u00fclt Nemzetek hat hivatalos nyelv\u00e9nek egyikek\u00e9nt, amelyet vil\u00e1gszerte t\u00f6bb mint 420 milli\u00f3 ember besz\u00e9l, az arab nyelv tanul\u00e1sa lehet\u0151s\u00e9get nyit a glob\u00e1lis kommunik\u00e1ci\u00f3ra \u00e9s meg\u00e9rt\u00e9sre. A nyelv elsaj\u00e1t\u00edt\u00e1sa azonban megk\u00f6veteli az egyedi nyelvtani szab\u00e1lyok \u00e9s strukt\u00far\u00e1k alapos meg\u00e9rt\u00e9s\u00e9t. Ebben a cikkben megvizsg\u00e1ljuk azokat az alapvet\u0151 arab nyelvtani t\u00e9m\u00e1kat, amelyek seg\u00edtenek er\u0151s alapot teremteni a nyelvben, az alapvet\u0151 igeid\u0151kt\u0151l \u00e9s igeragoz\u00e1sokt\u00f3l a bonyolultabb nomin\u00e1lis \u00e9s verb\u00e1lis mondatszerkezetekig.<\/p>\n\n\n\n<h3 class=\"wp-block-heading\" id=\"h-1-tenses-indicative\">1. Az igeid\u0151k jelz\u00e9s\u00e9rt\u00e9k\u0171ek:<\/h3>\n\n\n\n<p>Az indikat\u00edv fesz\u00fclts\u00e9get a jelenben, a m\u00faltban vagy a j\u00f6v\u0151ben tett cselekedetek vagy \u00e1llapotok kifejez\u00e9s\u00e9re haszn\u00e1lj\u00e1k. Az arab nyelvben az igeragoz\u00e1s az id\u0151 alapj\u00e1n v\u00e1ltozik. Kezdje azzal, hogy megtanulja a rendszeres ig\u00e9k alapvet\u0151 ragoz\u00e1s\u00e1t, \u00e9s ismerkedjen meg a jelen, a m\u00falt \u00e9s a j\u00f6v\u0151 id\u0151k k\u00fcl\u00f6nb\u00f6z\u0151 mint\u00e1ival.<\/p>\n\n\n\n<h3 class=\"wp-block-heading\" id=\"h-2-tenses-subjunctive\">2. Igeid\u0151k k\u00f6t\u0151sz\u00f3:<\/h3>\n\n\n\n<p>A szubjekt\u00edv fesz\u00fclts\u00e9get bizonytalans\u00e1g, k\u00e9ts\u00e9g vagy v\u00e1gy kifejez\u00e9s\u00e9re haszn\u00e1lj\u00e1k. Nagyon fontos, hogy megtanuljuk a konkr\u00e9t igek\u00f6t\u0151ket \u00e9s azt, hogy miben k\u00fcl\u00f6nb\u00f6znek a jelz\u0151s igeid\u0151t\u0151l. Ez seg\u00edt \u00e1rnyaltabb gondolatokat \u00e9s \u00e9rz\u00e9seket k\u00f6zvet\u00edteni a kommunik\u00e1ci\u00f3ban.<\/p>\n\n\n\n<h3 class=\"wp-block-heading\" id=\"h-3-tense-comparison\">3. Fesz\u00fclt \u00f6sszehasonl\u00edt\u00e1s:<\/h3>\n\n\n\n<p>Az indikat\u00edv \u00e9s szubjekt\u00edv id\u0151k k\u00f6z\u00f6tti k\u00fcl\u00f6nbs\u00e9gek meg\u00e9rt\u00e9se l\u00e9tfontoss\u00e1g\u00fa. \u00d6sszpontos\u00edtson arra, hogyan m\u00f3dosulnak az igeragoz\u00e1sok, \u00e9s milyen kontextusban haszn\u00e1lj\u00e1k az egyes igeid\u0151t.<\/p>\n\n\n\n<h3 class=\"wp-block-heading\" id=\"h-4-verbs\">4. Ig\u00e9k:<\/h3>\n\n\n\n<p>Az arab ig\u00e9ket gy\u00f6k\u00e9rbet\u0171ik \u00e9s mint\u00e1ik alapj\u00e1n k\u00fcl\u00f6nb\u00f6z\u0151 form\u00e1kba sorolj\u00e1k. Ismerje meg az ig\u00e9k t\u00edz alapvet\u0151 form\u00e1j\u00e1t \u00e9s azok ragoz\u00e1si szab\u00e1lyait, amelyek seg\u00edtenek felismerni \u00e9s helyesen haszn\u00e1lni az ig\u00e9ket k\u00fcl\u00f6nb\u00f6z\u0151 helyzetekben.<\/p>\n\n\n\n<h3 class=\"wp-block-heading\" id=\"h-5-nouns\">5. F\u0151nevek:<\/h3>\n\n\n\n<p>Az arab f\u0151nevek h\u00edmnem\u0171ek vagy n\u0151iesek, \u00e9s v\u00e9gz\u0151d\u00e9s\u00fck a mondatban bet\u00f6lt\u00f6tt nyelvtani szerep\u00fck alapj\u00e1n v\u00e1ltozik. Ismerje meg a k\u00fcl\u00f6nb\u00f6z\u0151 f\u0151n\u00e9vi mint\u00e1kat, \u00e9s azt, hogy hogyan befoly\u00e1solj\u00e1k \u0151ket az esetjel\u00f6l\u00e9sek \u00e9s m\u00e1s nyelvtani elemek.<\/p>\n\n\n\n<h3 class=\"wp-block-heading\" id=\"h-6-articles\">6. Cikkek:<\/h3>\n\n\n\n<p>Az arab nyelvnek hat\u00e1rozott \u00e9s hat\u00e1rozatlan cikkei vannak, amelyek d\u00f6nt\u0151 szerepet j\u00e1tszanak a f\u0151nevek azonos\u00edt\u00e1s\u00e1ban. Ismerje meg az &#8222;al-&#8221; hat\u00e1rozott n\u00e9vel\u0151 szab\u00e1lyait \u00e9s haszn\u00e1lat\u00e1t, valamint a hat\u00e1rozatlan n\u00e9vel\u0151 hi\u00e1ny\u00e1t az arab nyelvben.<\/p>\n\n\n\n<h3 class=\"wp-block-heading\" id=\"h-7-definite-and-indefinite-articles\">7. Hat\u00e1rozott \u00e9s hat\u00e1rozatlan cikkek:<\/h3>\n\n\n\n<p>Mint kor\u00e1bban eml\u00edtett\u00fck, elengedhetetlen a hat\u00e1rozott \u00e9s hat\u00e1rozatlan n\u00e9vel\u0151k arab haszn\u00e1lat\u00e1nak meg\u00e9rt\u00e9se. Gyakorolja \u0151ket k\u00fcl\u00f6nb\u00f6z\u0151 f\u0151nevekkel rendelkez\u0151 mondatokban, hogy meger\u0151s\u00edtse a fogalom meg\u00e9rt\u00e9s\u00e9t.<\/p>\n\n\n\n<h3 class=\"wp-block-heading\" id=\"h-8-pronouns\">8. N\u00e9vm\u00e1sok:<\/h3>\n\n\n\n<p>Az arab n\u00e9vm\u00e1sok szem\u00e9lyes, demonstrat\u00edv \u00e9s relat\u00edv n\u00e9vm\u00e1sokra vannak bontva. Ismerje meg form\u00e1jukat \u00e9s haszn\u00e1latukat, valamint az ig\u00e9khez, f\u0151nevekhez \u00e9s el\u00f6lj\u00e1r\u00f3szavakhoz val\u00f3 csatol\u00e1suk szab\u00e1lyait.<\/p>\n\n\n\n<h3 class=\"wp-block-heading\" id=\"h-9-adjectives\">9. Mell\u00e9knevek:<\/h3>\n\n\n\n<p>Az arab mell\u00e9knevek megegyeznek a nemben \u00e9s sz\u00e1mban m\u00f3dos\u00edtott f\u0151nevekkel. Ismerje meg a mell\u00e9kn\u00e9vi meg\u00e1llapod\u00e1s szab\u00e1lyait \u00e9s a mell\u00e9knevek alapvet\u0151 mint\u00e1it.<\/p>\n\n\n\n<h3 class=\"wp-block-heading\" id=\"h-10-adverbs\">10. Hat\u00e1roz\u00f3sz\u00f3k:<\/h3>\n\n\n\n<p>Ismerje meg a k\u00f6z\u00f6s arab adverbeket \u00e9s azok mondatokban val\u00f3 elhelyez\u00e9s\u00e9t. Az adverbumok funkci\u00f3j\u00e1nak meg\u00e9rt\u00e9se seg\u00edt r\u00e9szletesebb inform\u00e1ci\u00f3kat k\u00f6zvet\u00edteni a kommunik\u00e1ci\u00f3ban.<\/p>\n\n\n\n<h3 class=\"wp-block-heading\" id=\"h-11-prepositions\">11. El\u00f6lj\u00e1r\u00f3szavak:<\/h3>\n\n\n\n<p>Az arab el\u00f6lj\u00e1r\u00f3szavak elengedhetetlenek a szavak \u00e9s kifejez\u00e9sek \u00f6sszekapcsol\u00e1s\u00e1hoz \u00e9s a k\u00f6zt\u00fck l\u00e9v\u0151 kapcsolatok kifejez\u00e9s\u00e9hez. Ismerje meg a k\u00fcl\u00f6nb\u00f6z\u0151 el\u00f6lj\u00e1r\u00f3szavakat \u00e9s azok haszn\u00e1lat\u00e1t mondatokban.<\/p>\n\n\n\n<h3 class=\"wp-block-heading\" id=\"h-12-idaafa-genitive-construction\">12. Idaafa (genit\u00edv konstrukci\u00f3):<\/h3>\n\n\n\n<p>Az Idaafa konstrukci\u00f3t a birtokl\u00e1s vagy a f\u0151nevek k\u00f6z\u00f6tti kapcsolatok kifejez\u00e9s\u00e9re haszn\u00e1lj\u00e1k. Ismerje meg az Idaafa konstrukci\u00f3k kialak\u00edt\u00e1s\u00e1nak szab\u00e1lyait \u00e9s mint\u00e1it, amelyek az <a href=\"https:\/\/talkpal.ai\/arabic-grammar\/\">arab nyelvtan<\/a> szerves r\u00e9sz\u00e9t k\u00e9pezik.<\/p>\n\n\n\n<h3 class=\"wp-block-heading\" id=\"h-13-sentence-structure\">13. Mondatszerkezet:<\/h3>\n\n\n\n<p>Az arab mondatok lehetnek n\u00e9vlegesek vagy sz\u00f3beliek. Ismerje meg mindk\u00e9t t\u00edpus\u00fa mondat alapvet\u0151 szerkezet\u00e9t, \u00e9s gyakorolja a k\u00fcl\u00f6nb\u00f6z\u0151 \u00f6sszetev\u0151kkel rendelkez\u0151 mondatok kialak\u00edt\u00e1s\u00e1t.<\/p>\n\n\n\n<h3 class=\"wp-block-heading\" id=\"h-14-nominal-and-verbal-sentences\">14. N\u00e9v- \u00e9s sz\u00f3beli mondatok:<\/h3>\n\n\n\n<p>Mer\u00fclj\u00f6n el m\u00e9lyebben a nomin\u00e1lis \u00e9s verb\u00e1lis mondatok k\u00f6z\u00f6tti k\u00fcl\u00f6nbs\u00e9gekben, \u00e9s tanulja meg, hogyan kell hat\u00e9konyan haszn\u00e1lni \u0151ket k\u00fcl\u00f6nb\u00f6z\u0151 kontextusokban.<\/p>\n\n\n\n<h3 class=\"wp-block-heading\" id=\"h-15-subject-and-predicate-in-arabic\">15. Alany \u00e9s \u00e1ll\u00edtm\u00e1ny arabul:<\/h3>\n\n\n\n<p>Az alany \u00e9s a predik\u00e1tum szerep\u00e9nek meg\u00e9rt\u00e9se az arab mondatokban alapvet\u0151 fontoss\u00e1g\u00fa a hat\u00e9kony kommunik\u00e1ci\u00f3hoz. Ismerje meg a k\u00fcl\u00f6nb\u00f6z\u0151 mondatt\u00edpusokban l\u00e9v\u0151 alanyok \u00e9s predik\u00e1tumok azonos\u00edt\u00e1s\u00e1nak \u00e9s haszn\u00e1lat\u00e1nak szab\u00e1lyait.<\/p>\n<\/div><\/div>\n\r\n<section class=\"learnNavigationSection\">\r\n            \r\n        <a href=\"https:\/\/talkpal.ai\/hu\/tanulj-arabul\/\">\r\n            <div class=\"learnNavigationWrapper\">\r\n                <div class=\"learnNavigationContent\">\r\n                    <img decoding=\"async\" src=\"https:\/\/talkpal.ai\/wp-content\/uploads\/2024\/08\/Arabic.jpg\" alt=\"Arabic Flag\">\r\n                    <div>\r\n                        <h4>Az arab nyelvtanul\u00e1sr\u00f3l<\/h4>\r\n                        <p>Tudjon meg mindent az arab nyelvtanr\u00f3l.<\/p>\r\n                    <\/div>\r\n                <\/div>\r\n            <\/div>\r\n        <\/a>\r\n\r\n        \r\n        <a href=\"https:\/\/talkpal.ai\/hu\/arab-nyelvtan\/\">\r\n            <div class=\"learnNavigationWrapper\">\r\n                <div class=\"learnNavigationContent\">\r\n                    <img decoding=\"async\" src=\"https:\/\/talkpal.ai\/wp-content\/uploads\/2024\/08\/Arabic.jpg\" alt=\"Arabic Flag\">\r\n                    <div>\r\n                        <h4>Arab nyelvtani leck\u00e9k<\/h4>\r\n                        <p>Gyakorolja az arab nyelvtant.<\/p>\r\n                    <\/div>\r\n                <\/div>\r\n            <\/div>\r\n        <\/a>\r\n\r\n        \r\n        <a href=\"https:\/\/talkpal.ai\/vocabulary_language\/arabic\/\">\r\n            <div class=\"learnNavigationWrapper\">\r\n                <div class=\"learnNavigationContent\">\r\n                    <img decoding=\"async\" src=\"https:\/\/talkpal.ai\/wp-content\/uploads\/2024\/08\/Arabic.jpg\" alt=\"Arabic Flag\">\r\n                    <div>\r\n                        <h4>Arab sz\u00f3kincs<\/h4>\r\n                        <p>B\u0151v\u00edtse arab sz\u00f3kincs\u00e9t.<\/p>\r\n                    <\/div>\r\n                <\/div>\r\n            <\/div>\r\n        <\/a>\r\n\r\n            <\/section>","protected":false},"excerpt":{"rendered":"<p>Arab nyelvtani t\u00e9m\u00e1k Az arab nyelv gazdag t\u00f6rt\u00e9nelm\u00e9vel \u00e9s kultur\u00e1lis jelent\u0151s\u00e9g\u00e9vel leny\u0171g\u00f6z\u0151 \u00e9s kifizet\u0151d\u0151 t\u00f6rekv\u00e9s a nyelvtanul\u00f3k sz\u00e1m\u00e1ra. Az Egyes\u00fclt Nemzetek hat hivatalos nyelv\u00e9nek egyikek\u00e9nt, amelyet vil\u00e1gszerte t\u00f6bb mint 420 milli\u00f3 ember besz\u00e9l, az arab nyelv tanul\u00e1sa lehet\u0151s\u00e9get nyit a glob\u00e1lis kommunik\u00e1ci\u00f3ra \u00e9s meg\u00e9rt\u00e9sre. A nyelv elsaj\u00e1t\u00edt\u00e1sa azonban megk\u00f6veteli az egyedi nyelvtani szab\u00e1lyok \u00e9s strukt\u00far\u00e1k [&hellip;]<\/p>\n","protected":false},"author":6,"featured_media":105841,"parent":0,"menu_order":0,"comment_status":"closed","ping_status":"closed","template":"LearningContentPage.php","meta":{"_acf_changed":false,"footnotes":""},"class_list":["post-132511","page","type-page","status-publish","has-post-thumbnail","hentry"],"acf":[],"yoast_head":"<!-- This site is optimized with the Yoast SEO Premium plugin v27.2 (Yoast SEO v27.2) - https:\/\/yoast.com\/product\/yoast-seo-premium-wordpress\/ -->\n<title>Arab nyelvtani gyakorlatok - Talkpal<\/title>\n<meta name=\"description\" content=\"N\u00f6velje a nyelvtud\u00e1s\u00e1t arab nyelvtani gyakorlatokkal, amelyek a nyelv elsaj\u00e1t\u00edt\u00e1s\u00e1hoz sz\u00fcks\u00e9ges alapvet\u0151 szab\u00e1lyokat \u00e9s szerkezeteket tartalmazz\u00e1k.\" \/>\n<meta name=\"robots\" content=\"index, follow, max-snippet:-1, max-image-preview:large, max-video-preview:-1\" \/>\n<link rel=\"canonical\" href=\"https:\/\/talkpal.ai\/hu\/arab-nyelvtani-gyakorlatok\/\" \/>\n<meta property=\"og:locale\" content=\"hu_HU\" \/>\n<meta property=\"og:type\" content=\"article\" \/>\n<meta property=\"og:title\" content=\"Arab nyelvtani gyakorlatok\" \/>\n<meta property=\"og:description\" content=\"Arab nyelvtani t\u00e9m\u00e1k Az arab nyelv gazdag t\u00f6rt\u00e9nelm\u00e9vel \u00e9s kultur\u00e1lis jelent\u0151s\u00e9g\u00e9vel leny\u0171g\u00f6z\u0151 \u00e9s kifizet\u0151d\u0151 t\u00f6rekv\u00e9s a nyelvtanul\u00f3k sz\u00e1m\u00e1ra. Az Egyes\u00fclt\" \/>\n<meta property=\"og:url\" content=\"https:\/\/talkpal.ai\/hu\/arab-nyelvtani-gyakorlatok\/\" \/>\n<meta property=\"og:site_name\" content=\"Talkpal\" \/>\n<meta property=\"article:publisher\" content=\"https:\/\/www.facebook.com\/profile.php?id=100090733639311\" \/>\n<meta property=\"article:modified_time\" content=\"2025-05-22T20:16:26+00:00\" \/>\n<meta property=\"og:image\" content=\"https:\/\/talkpal.ai\/wp-content\/uploads\/2023\/04\/arabic-united-arab-emirates.png\" \/>\n\t<meta property=\"og:image:width\" content=\"512\" \/>\n\t<meta property=\"og:image:height\" content=\"512\" \/>\n\t<meta property=\"og:image:type\" content=\"image\/png\" \/>\n<meta name=\"twitter:card\" content=\"summary_large_image\" \/>\n<meta name=\"twitter:site\" content=\"@talkpalai\" \/>\n<meta name=\"twitter:label1\" content=\"Becs\u00fclt olvas\u00e1si id\u0151\" \/>\n\t<meta name=\"twitter:data1\" content=\"4 perc\" \/>\n<script type=\"application\/ld+json\" class=\"yoast-schema-graph\">{\"@context\":\"https:\/\/schema.org\",\"@graph\":[{\"@type\":\"WebPage\",\"@id\":\"https:\/\/talkpal.ai\/hu\/arab-nyelvtani-gyakorlatok\/\",\"url\":\"https:\/\/talkpal.ai\/hu\/arab-nyelvtani-gyakorlatok\/\",\"name\":\"Arab nyelvtani gyakorlatok - Talkpal\",\"isPartOf\":{\"@id\":\"https:\/\/talkpal.ai\/hu\/#website\"},\"primaryImageOfPage\":{\"@id\":\"https:\/\/talkpal.ai\/hu\/arab-nyelvtani-gyakorlatok\/#primaryimage\"},\"image\":{\"@id\":\"https:\/\/talkpal.ai\/hu\/arab-nyelvtani-gyakorlatok\/#primaryimage\"},\"thumbnailUrl\":\"https:\/\/talkpal.ai\/wp-content\/uploads\/2023\/04\/arabic-united-arab-emirates.png\",\"datePublished\":\"2023-06-16T09:31:38+00:00\",\"dateModified\":\"2025-05-22T20:16:26+00:00\",\"description\":\"N\u00f6velje a nyelvtud\u00e1s\u00e1t arab nyelvtani gyakorlatokkal, amelyek a nyelv elsaj\u00e1t\u00edt\u00e1s\u00e1hoz sz\u00fcks\u00e9ges alapvet\u0151 szab\u00e1lyokat \u00e9s szerkezeteket tartalmazz\u00e1k.\",\"breadcrumb\":{\"@id\":\"https:\/\/talkpal.ai\/hu\/arab-nyelvtani-gyakorlatok\/#breadcrumb\"},\"inLanguage\":\"hu\",\"potentialAction\":[{\"@type\":\"ReadAction\",\"target\":[\"https:\/\/talkpal.ai\/hu\/arab-nyelvtani-gyakorlatok\/\"]}]},{\"@type\":\"ImageObject\",\"inLanguage\":\"hu\",\"@id\":\"https:\/\/talkpal.ai\/hu\/arab-nyelvtani-gyakorlatok\/#primaryimage\",\"url\":\"https:\/\/talkpal.ai\/wp-content\/uploads\/2023\/04\/arabic-united-arab-emirates.png\",\"contentUrl\":\"https:\/\/talkpal.ai\/wp-content\/uploads\/2023\/04\/arabic-united-arab-emirates.png\",\"width\":512,\"height\":512},{\"@type\":\"BreadcrumbList\",\"@id\":\"https:\/\/talkpal.ai\/hu\/arab-nyelvtani-gyakorlatok\/#breadcrumb\",\"itemListElement\":[{\"@type\":\"ListItem\",\"position\":1,\"name\":\"Homepage\",\"item\":\"https:\/\/talkpal.ai\/hu\/\"},{\"@type\":\"ListItem\",\"position\":2,\"name\":\"Arab nyelvtani gyakorlatok\"}]},{\"@type\":\"WebSite\",\"@id\":\"https:\/\/talkpal.ai\/hu\/#website\",\"url\":\"https:\/\/talkpal.ai\/hu\/\",\"name\":\"Talkpal\",\"description\":\"AI Language Learning\",\"publisher\":{\"@id\":\"https:\/\/talkpal.ai\/hu\/#organization\"},\"alternateName\":\"Talkpal AI\",\"potentialAction\":[{\"@type\":\"SearchAction\",\"target\":{\"@type\":\"EntryPoint\",\"urlTemplate\":\"https:\/\/talkpal.ai\/hu\/?s={search_term_string}\"},\"query-input\":{\"@type\":\"PropertyValueSpecification\",\"valueRequired\":true,\"valueName\":\"search_term_string\"}}],\"inLanguage\":\"hu\"},{\"@type\":\"Organization\",\"@id\":\"https:\/\/talkpal.ai\/hu\/#organization\",\"name\":\"Talkpal, Inc.\",\"alternateName\":\"Talkpal AI\",\"url\":\"https:\/\/talkpal.ai\/hu\/\",\"logo\":{\"@type\":\"ImageObject\",\"inLanguage\":\"hu\",\"@id\":\"https:\/\/talkpal.ai\/hu\/#\/schema\/logo\/image\/\",\"url\":\"https:\/\/talkpal.ai\/wp-content\/uploads\/2024\/03\/Talkpal-Logo-Icon.png\",\"contentUrl\":\"https:\/\/talkpal.ai\/wp-content\/uploads\/2024\/03\/Talkpal-Logo-Icon.png\",\"width\":2880,\"height\":2880,\"caption\":\"Talkpal, Inc.\"},\"image\":{\"@id\":\"https:\/\/talkpal.ai\/hu\/#\/schema\/logo\/image\/\"},\"sameAs\":[\"https:\/\/www.facebook.com\/profile.php?id=100090733639311\",\"https:\/\/x.com\/talkpalai\",\"https:\/\/www.linkedin.com\/company\/talkpal\/\",\"https:\/\/www.youtube.com\/@TalkPal\/\",\"https:\/\/www.tiktok.com\/@talkpal\",\"https:\/\/www.instagram.com\/talkpal_ai\/\",\"https:\/\/www.crunchbase.com\/organization\/talkpal-9cde\",\"https:\/\/www.g2.com\/products\/talkpal-for-business\/\",\"https:\/\/www.trustpilot.com\/review\/talkpal.ai\",\"https:\/\/www.capterra.com\/p\/10006800\/TalkPal\/\"],\"description\":\"Talkpal is a language learning web and mobile education app, powered by the latest AI technologies, that provides engaging experiences to its customers in many different languages to help them improve their language skills. Users can chat about unlimited amount of topics with the app and use other modes to practice their language learning.\",\"email\":\"support@talkpal.ai\",\"legalName\":\"Talkpal, Inc.\",\"foundingDate\":\"2023-04-03\",\"duns\":\"118989042\",\"numberOfEmployees\":{\"@type\":\"QuantitativeValue\",\"minValue\":\"11\",\"maxValue\":\"50\"},\"publishingPrinciples\":\"https:\/\/talkpal.ai\/publishing-principles\/\",\"actionableFeedbackPolicy\":\"https:\/\/talkpal.ai\/actionable-feedback-policy\/\",\"correctionsPolicy\":\"https:\/\/talkpal.ai\/corrections-policy\/\",\"ethicsPolicy\":\"https:\/\/talkpal.ai\/ethics-policy\/\",\"diversityPolicy\":\"https:\/\/talkpal.ai\/diversity-policy\/\",\"diversityStaffingReport\":\"https:\/\/talkpal.ai\/diversity-policy\/\"}]}<\/script>\n<!-- \/ Yoast SEO Premium plugin. -->","yoast_head_json":{"title":"Arab nyelvtani gyakorlatok - Talkpal","description":"N\u00f6velje a nyelvtud\u00e1s\u00e1t arab nyelvtani gyakorlatokkal, amelyek a nyelv elsaj\u00e1t\u00edt\u00e1s\u00e1hoz sz\u00fcks\u00e9ges alapvet\u0151 szab\u00e1lyokat \u00e9s szerkezeteket tartalmazz\u00e1k.","robots":{"index":"index","follow":"follow","max-snippet":"max-snippet:-1","max-image-preview":"max-image-preview:large","max-video-preview":"max-video-preview:-1"},"canonical":"https:\/\/talkpal.ai\/hu\/arab-nyelvtani-gyakorlatok\/","og_locale":"hu_HU","og_type":"article","og_title":"Arab nyelvtani gyakorlatok","og_description":"Arab nyelvtani t\u00e9m\u00e1k Az arab nyelv gazdag t\u00f6rt\u00e9nelm\u00e9vel \u00e9s kultur\u00e1lis jelent\u0151s\u00e9g\u00e9vel leny\u0171g\u00f6z\u0151 \u00e9s kifizet\u0151d\u0151 t\u00f6rekv\u00e9s a nyelvtanul\u00f3k sz\u00e1m\u00e1ra. Az Egyes\u00fclt","og_url":"https:\/\/talkpal.ai\/hu\/arab-nyelvtani-gyakorlatok\/","og_site_name":"Talkpal","article_publisher":"https:\/\/www.facebook.com\/profile.php?id=100090733639311","article_modified_time":"2025-05-22T20:16:26+00:00","og_image":[{"width":512,"height":512,"url":"https:\/\/talkpal.ai\/wp-content\/uploads\/2023\/04\/arabic-united-arab-emirates.png","type":"image\/png"}],"twitter_card":"summary_large_image","twitter_site":"@talkpalai","twitter_misc":{"Becs\u00fclt olvas\u00e1si id\u0151":"4 perc"},"schema":{"@context":"https:\/\/schema.org","@graph":[{"@type":"WebPage","@id":"https:\/\/talkpal.ai\/hu\/arab-nyelvtani-gyakorlatok\/","url":"https:\/\/talkpal.ai\/hu\/arab-nyelvtani-gyakorlatok\/","name":"Arab nyelvtani gyakorlatok - Talkpal","isPartOf":{"@id":"https:\/\/talkpal.ai\/hu\/#website"},"primaryImageOfPage":{"@id":"https:\/\/talkpal.ai\/hu\/arab-nyelvtani-gyakorlatok\/#primaryimage"},"image":{"@id":"https:\/\/talkpal.ai\/hu\/arab-nyelvtani-gyakorlatok\/#primaryimage"},"thumbnailUrl":"https:\/\/talkpal.ai\/wp-content\/uploads\/2023\/04\/arabic-united-arab-emirates.png","datePublished":"2023-06-16T09:31:38+00:00","dateModified":"2025-05-22T20:16:26+00:00","description":"N\u00f6velje a nyelvtud\u00e1s\u00e1t arab nyelvtani gyakorlatokkal, amelyek a nyelv elsaj\u00e1t\u00edt\u00e1s\u00e1hoz sz\u00fcks\u00e9ges alapvet\u0151 szab\u00e1lyokat \u00e9s szerkezeteket tartalmazz\u00e1k.","breadcrumb":{"@id":"https:\/\/talkpal.ai\/hu\/arab-nyelvtani-gyakorlatok\/#breadcrumb"},"inLanguage":"hu","potentialAction":[{"@type":"ReadAction","target":["https:\/\/talkpal.ai\/hu\/arab-nyelvtani-gyakorlatok\/"]}]},{"@type":"ImageObject","inLanguage":"hu","@id":"https:\/\/talkpal.ai\/hu\/arab-nyelvtani-gyakorlatok\/#primaryimage","url":"https:\/\/talkpal.ai\/wp-content\/uploads\/2023\/04\/arabic-united-arab-emirates.png","contentUrl":"https:\/\/talkpal.ai\/wp-content\/uploads\/2023\/04\/arabic-united-arab-emirates.png","width":512,"height":512},{"@type":"BreadcrumbList","@id":"https:\/\/talkpal.ai\/hu\/arab-nyelvtani-gyakorlatok\/#breadcrumb","itemListElement":[{"@type":"ListItem","position":1,"name":"Homepage","item":"https:\/\/talkpal.ai\/hu\/"},{"@type":"ListItem","position":2,"name":"Arab nyelvtani gyakorlatok"}]},{"@type":"WebSite","@id":"https:\/\/talkpal.ai\/hu\/#website","url":"https:\/\/talkpal.ai\/hu\/","name":"Talkpal","description":"AI Language Learning","publisher":{"@id":"https:\/\/talkpal.ai\/hu\/#organization"},"alternateName":"Talkpal AI","potentialAction":[{"@type":"SearchAction","target":{"@type":"EntryPoint","urlTemplate":"https:\/\/talkpal.ai\/hu\/?s={search_term_string}"},"query-input":{"@type":"PropertyValueSpecification","valueRequired":true,"valueName":"search_term_string"}}],"inLanguage":"hu"},{"@type":"Organization","@id":"https:\/\/talkpal.ai\/hu\/#organization","name":"Talkpal, Inc.","alternateName":"Talkpal AI","url":"https:\/\/talkpal.ai\/hu\/","logo":{"@type":"ImageObject","inLanguage":"hu","@id":"https:\/\/talkpal.ai\/hu\/#\/schema\/logo\/image\/","url":"https:\/\/talkpal.ai\/wp-content\/uploads\/2024\/03\/Talkpal-Logo-Icon.png","contentUrl":"https:\/\/talkpal.ai\/wp-content\/uploads\/2024\/03\/Talkpal-Logo-Icon.png","width":2880,"height":2880,"caption":"Talkpal, Inc."},"image":{"@id":"https:\/\/talkpal.ai\/hu\/#\/schema\/logo\/image\/"},"sameAs":["https:\/\/www.facebook.com\/profile.php?id=100090733639311","https:\/\/x.com\/talkpalai","https:\/\/www.linkedin.com\/company\/talkpal\/","https:\/\/www.youtube.com\/@TalkPal\/","https:\/\/www.tiktok.com\/@talkpal","https:\/\/www.instagram.com\/talkpal_ai\/","https:\/\/www.crunchbase.com\/organization\/talkpal-9cde","https:\/\/www.g2.com\/products\/talkpal-for-business\/","https:\/\/www.trustpilot.com\/review\/talkpal.ai","https:\/\/www.capterra.com\/p\/10006800\/TalkPal\/"],"description":"Talkpal is a language learning web and mobile education app, powered by the latest AI technologies, that provides engaging experiences to its customers in many different languages to help them improve their language skills. Users can chat about unlimited amount of topics with the app and use other modes to practice their language learning.","email":"support@talkpal.ai","legalName":"Talkpal, Inc.","foundingDate":"2023-04-03","duns":"118989042","numberOfEmployees":{"@type":"QuantitativeValue","minValue":"11","maxValue":"50"},"publishingPrinciples":"https:\/\/talkpal.ai\/publishing-principles\/","actionableFeedbackPolicy":"https:\/\/talkpal.ai\/actionable-feedback-policy\/","correctionsPolicy":"https:\/\/talkpal.ai\/corrections-policy\/","ethicsPolicy":"https:\/\/talkpal.ai\/ethics-policy\/","diversityPolicy":"https:\/\/talkpal.ai\/diversity-policy\/","diversityStaffingReport":"https:\/\/talkpal.ai\/diversity-policy\/"}]}},"_links":{"self":[{"href":"https:\/\/talkpal.ai\/hu\/wp-json\/wp\/v2\/pages\/132511","targetHints":{"allow":["GET"]}}],"collection":[{"href":"https:\/\/talkpal.ai\/hu\/wp-json\/wp\/v2\/pages"}],"about":[{"href":"https:\/\/talkpal.ai\/hu\/wp-json\/wp\/v2\/types\/page"}],"author":[{"embeddable":true,"href":"https:\/\/talkpal.ai\/hu\/wp-json\/wp\/v2\/users\/6"}],"replies":[{"embeddable":true,"href":"https:\/\/talkpal.ai\/hu\/wp-json\/wp\/v2\/comments?post=132511"}],"version-history":[{"count":0,"href":"https:\/\/talkpal.ai\/hu\/wp-json\/wp\/v2\/pages\/132511\/revisions"}],"wp:featuredmedia":[{"embeddable":true,"href":"https:\/\/talkpal.ai\/hu\/wp-json\/wp\/v2\/media\/105841"}],"wp:attachment":[{"href":"https:\/\/talkpal.ai\/hu\/wp-json\/wp\/v2\/media?parent=132511"}],"curies":[{"name":"wp","href":"https:\/\/api.w.org\/{rel}","templated":true}]}}