{"id":132079,"date":"2023-06-16T09:14:18","date_gmt":"2023-06-16T09:14:18","guid":{"rendered":"http:\/\/talkpal.ai\/nemet-nyelvtani-gyakorlatok\/"},"modified":"2025-12-17T16:12:04","modified_gmt":"2025-12-17T16:12:04","slug":"nemet-nyelvtani-gyakorlatok","status":"publish","type":"page","link":"https:\/\/talkpal.ai\/hu\/nemet-nyelvtani-gyakorlatok\/","title":{"rendered":"N\u00e9met nyelvtani gyakorlatok"},"content":{"rendered":"\r\n\r\n\r\n<section class=\"languageChallengeSection\">\r\n    <div class=\"languageInfoWrapper\">\r\n        \r\n        <h1>N\u00e9met nyelvtani gyakorlatok<\/h1>\r\n        <p>K\u00e9szen \u00e1llsz a <a href=\"https:\/\/talkpal.ai\/learn-german\/\">n\u00e9met<\/a> nyelvtan meger\u0151s\u00edt\u00e9s\u00e9re? A nyelvtani gyakorlatok gyakorl\u00e1sa t\u00f6k\u00e9letes m\u00f3dja a <a href=\"https:\/\/talkpal.ai\/learn-german\/\">n\u00e9met<\/a> nyelv elsaj\u00e1t\u00edt\u00e1s\u00e1nak. Kezdj el dolgozni rajta m\u00e9g ma, \u00e9s l\u00e1sd, hogy az \u00f6nbizalmad \u00e9s a foly\u00e9kony besz\u00e9dk\u00e9szs\u00e9ged minden egyes gyakorlattal n\u0151!\n\n<\/p>\r\n\r\n                            <a class=\"getStartedHidden\" href=\"https:\/\/app.talkpal.ai\/hu\/signup?lng=\">Kezdj\u00fck<\/a>\r\n        \r\n    <\/div>\r\n\r\n    <figure>\r\n    <img decoding=\"async\" width=\"768\" height=\"768\" src=\"https:\/\/talkpal.ai\/wp-content\/uploads\/2023\/06\/german-768x768.png\" class=\"languageImage no-lazy\" alt=\"Language learning for global networking\" fetchpriority=\"high\" sizes=\"(max-width: 768px) 150px, 768px\" srcset=\"https:\/\/talkpal.ai\/wp-content\/uploads\/2023\/06\/german-768x768.png 768w, https:\/\/talkpal.ai\/wp-content\/uploads\/2023\/06\/german-300x300.png 300w\" \/>\r\n    \r\n\r\n    <\/figure>\r\n\r\n            <a class=\"getStartedVisible\" href=\"https:\/\/app.talkpal.ai\/hu\/signup?lng=\">Kezdj\u00fck<\/a>\r\n    \r\n<\/section>\r\n\r\n\r\n<!-- <section class=\"grammarSection\">\r\n    <div class=\"grammarLinks\">\r\n        <a href=\"https:\/\/talkpal.ai\/hu\/exercise_language\/eloljaroszok-nemet-nyelvtan\/\">El\u00f6lj\u00e1r\u00f3sz\u00f3k <\/a><a href=\"https:\/\/talkpal.ai\/hu\/exercise_language\/fonevek-es-szocikkek-nemet-nyelvtan\/\">F\u0151nevek \u00e9s sz\u00f3cikkek <\/a><a href=\"https:\/\/talkpal.ai\/hu\/exercise_language\/hatarozoszavak-nemet-nyelvtan\/\">Hat\u00e1roz\u00f3szavak <\/a><a href=\"https:\/\/talkpal.ai\/hu\/exercise_language\/igeidok-nemet-nyelvtan\/\">Igeid\u0151k <\/a><a href=\"https:\/\/talkpal.ai\/hu\/exercise_language\/igek-nemet-nyelvtan\/\">Ig\u00e9k <\/a><a href=\"https:\/\/talkpal.ai\/hu\/exercise_language\/melleknevek-nemet-nyelvtan\/\">Mell\u00e9knevek <\/a><a href=\"https:\/\/talkpal.ai\/hu\/exercise_language\/mondatszerkezet-nemet-nyelvtan\/\">Mondatszerkezet <\/a><a href=\"https:\/\/talkpal.ai\/hu\/exercise_language\/nevmasok-nemet-nyelvtan\/\">N\u00e9vm\u00e1sok <\/a><a href=\"https:\/\/talkpal.ai\/hu\/exercise_language\/ragozas-nemet-nyelvtan\/\">Ragoz\u00e1s <\/a>    <\/div>\r\n<\/section> -->\r\n\r\n\r\n\r\n\r\n        <section class=\"grammarSection\">\r\n            <div class=\"grammarLinks\">\r\n                <a href=\"https:\/\/talkpal.ai\/hu\/exercise_language\/eloljaroszok-nemet-nyelvtan\/\">El\u00f6lj\u00e1r\u00f3sz\u00f3k <\/a><a href=\"https:\/\/talkpal.ai\/hu\/exercise_language\/fonevek-es-szocikkek-nemet-nyelvtan\/\">F\u0151nevek \u00e9s sz\u00f3cikkek <\/a><a href=\"https:\/\/talkpal.ai\/hu\/exercise_language\/hatarozoszavak-nemet-nyelvtan\/\">Hat\u00e1roz\u00f3szavak <\/a><a href=\"https:\/\/talkpal.ai\/hu\/exercise_language\/igeidok-nemet-nyelvtan\/\">Igeid\u0151k <\/a><a href=\"https:\/\/talkpal.ai\/hu\/exercise_language\/igek-nemet-nyelvtan\/\">Ig\u00e9k <\/a><a href=\"https:\/\/talkpal.ai\/hu\/exercise_language\/melleknevek-nemet-nyelvtan\/\">Mell\u00e9knevek <\/a><a href=\"https:\/\/talkpal.ai\/hu\/exercise_language\/mondatszerkezet-nemet-nyelvtan\/\">Mondatszerkezet <\/a><a href=\"https:\/\/talkpal.ai\/hu\/exercise_language\/nevmasok-nemet-nyelvtan\/\">N\u00e9vm\u00e1sok <\/a><a href=\"https:\/\/talkpal.ai\/hu\/exercise_language\/ragozas-nemet-nyelvtan\/\">Ragoz\u00e1s <\/a>            <\/div>\r\n        <\/section>\r\n<section class=\"promotionalBanner\">\r\n    <p class=\"promotionalText\">A nyelvtanul\u00e1s leghat\u00e9konyabb m\u00f3dja<\/p>\r\n    <a class=\"promotionalLink\" href=\"https:\/\/app.talkpal.ai\/hu\/signup?lng=\">Pr\u00f3b\u00e1lja ki a Talkpal ingyen<\/a>\r\n<\/section>\n<div class=\"wp-block-group pageContainerStyle\"><div class=\"wp-block-group__inner-container is-layout-constrained wp-block-group-is-layout-constrained\">\n<h2 class=\"wp-block-heading\" id=\"h-german-grammar-topics\">N\u00e9met nyelvtani t\u00e9m\u00e1k<\/h2>\n\n\n\n<p>Egy \u00faj nyelv tanul\u00e1sa ijeszt\u0151 feladat lehet, de megfelel\u0151 megk\u00f6zel\u00edt\u00e9ssel izgalmas \u00e9s kifizet\u0151d\u0151 \u00e9lm\u00e9ny lehet. A n\u00e9met egy nagyon struktur\u00e1lt \u00e9s logikus nyelv, amely megk\u00f6nny\u00edti a tanul\u00e1st, ha tiszt\u00e1ban <a href=\"https:\/\/talkpal.ai\/locations\/language-courses-in-van\/\">van<\/a> a nyelvtani szab\u00e1lyaival. <a href=\"https:\/\/talkpal.ai\/culture\/how-do-you-use-the-demonstrative-pronouns-ez-and-az\/\">Ez az<\/a> \u00fatmutat\u00f3 seg\u00edt meg\u00e9rteni a <a href=\"https:\/\/talkpal.ai\/hu\/grammar\/passziv-a-nemet-nyelvtanban\/\">n\u00e9met nyelvtan<\/a> legfontosabb szempontjait, p\u00e9ld\u00e1ul az ig\u0151ket, ig\u00e9ket, f\u0151neveket \u00e9s cikkeket, n\u00e9vm\u00e1sokat, mell\u00e9kneveket, ragoz\u00e1st, hat\u00e1roz\u00f3szavakat, el\u00f6lj\u00e1r\u00f3szavakat \u00e9s mondatszerkezetet. Ezt a sorrendet k\u00f6vetve hat\u00e9konyan \u00e9s eredm\u00e9nyesen haladhat a <a href=\"https:\/\/talkpal.ai\/hu\/gyors-es-hatekony-nemet-tanulas-modszerek-mindenkinek\/\">n\u00e9met nyelvtanul\u00e1s<\/a> \u00fatj\u00e1n.<\/p>\n\n\n\n<h3 class=\"wp-block-heading\" id=\"h-1-nouns-and-articles\">1. F\u0151nevek \u00e9s cikkek:<\/h3>\n\n\n\n<p>Kezdje a n\u00e9met f\u0151nevek alapjainak \u00e9s k\u00eds\u00e9r\u0151 cikkeinek megtanul\u00e1s\u00e1val. A n\u00e9metnek h\u00e1rom neme (h\u00edmnem\u0171, n\u0151nem\u0171 \u00e9s ivartalan\u00edtott) \u00e9s n\u00e9gy esete (alanyeset, t\u00e1rgyeset, dat\u00edvusz \u00e9s genit\u00edvum) van. Ezeknek a szab\u00e1lyoknak a meg\u00e9rt\u00e9se seg\u00edt meghat\u00e1rozni az egyes f\u0151nevek megfelel\u0151 cikk\u00e9t, \u00e9s megalapozza n\u00e9met nyelvtani ismereteit.<\/p>\n\n\n\n<h3 class=\"wp-block-heading\" id=\"h-2-pronouns\">2. N\u00e9vm\u00e1sok:<\/h3>\n\n\n\n<p>A n\u00e9vm\u00e1sok helyettes\u00edtik a f\u0151neveket egy mondatban, \u00e9s nem\u00fckt\u0151l, sz\u00e1mukt\u00f3l \u00e9s eset\u00fckt\u0151l f\u00fcgg\u0151en k\u00fcl\u00f6nb\u00f6z\u0151 form\u00e1j\u00faak. Ismerkedjen meg a n\u00e9met n\u00e9vm\u00e1sokkal, p\u00e9ld\u00e1ul szem\u00e9lyes, birtokos, reflex\u00edv \u00e9s relat\u00edv n\u00e9vm\u00e1sokkal, hogy \u00f6sszetettebb mondatokat hozzon l\u00e9tre \u00e9s pontosabban fejezze ki gondolatait.<\/p>\n\n\n\n<h3 class=\"wp-block-heading\" id=\"h-3-verbs\">3. Ig\u00e9k:<\/h3>\n\n\n\n<p>Az ig\u00e9k d\u00f6nt\u0151 fontoss\u00e1g\u00faak a mondatok kialak\u00edt\u00e1s\u00e1ban, mivel cselekv\u00e9seket \u00e9s \u00e1llapotokat fejeznek ki. Ismerje meg a n\u00e9met ig\u00e9k k\u00fcl\u00f6nb\u00f6z\u0151 t\u00edpusait, p\u00e9ld\u00e1ul a szab\u00e1lyos, szab\u00e1lytalan, mod\u00e1lis \u00e9s reflex\u00edv ig\u00e9ket, valamint azok jelen, m\u00falt \u00e9s j\u00f6v\u0151 id\u0151ben t\u00f6rt\u00e9n\u0151 ragoz\u00e1s\u00e1t. Ez lehet\u0151v\u00e9 teszi, hogy hat\u00e9konyan kommunik\u00e1ljon k\u00fcl\u00f6nb\u00f6z\u0151 helyzetekben.<\/p>\n\n\n\n<h3 class=\"wp-block-heading\" id=\"h-4-tenses\">4. Igeid\u0151k:<\/h3>\n\n\n\n<p>Az igeid\u0151k azt az id\u0151pontot jelzik, amikor egy m\u0171velet bek\u00f6vetkezik. A n\u00e9metben hat igeid\u0151 van: jelen, <a href=\"https:\/\/talkpal.ai\/hu\/grammar\/egyszeru-mult-az-angol-nyelvtanban\/\">egyszer\u0171 m\u00falt<\/a>, jelen t\u00f6k\u00e9letes, m\u00falt t\u00f6k\u00e9letes, j\u00f6v\u0151 \u00e9s j\u00f6v\u0151 t\u00f6k\u00e9letes igeid\u0151. Ezeknek az igeid\u0151knek a szab\u00e1lyainak \u00e9s haszn\u00e1lat\u00e1nak meg\u00e9rt\u00e9se seg\u00edt vil\u00e1gosan \u00e9s pontosan kifejezni mag\u00e1t.<\/p>\n\n\n\n<h3 class=\"wp-block-heading\" id=\"h-5-adjectives\">5. Mell\u00e9knevek:<\/h3>\n\n\n\n<p>A mell\u00e9knevek a f\u0151nevek \u00e9s n\u00e9vm\u00e1sok tulajdons\u00e1gait \u00edrj\u00e1k le, \u00e9s nem\u00fckben, sz\u00e1mukban \u00e9s eset\u00fckben megegyeznek az \u00e1ltaluk m\u00f3dos\u00edtott f\u0151n\u00e9vvel. Ismerje meg a mell\u00e9kn\u00e9vragoz\u00e1s szab\u00e1lyait, valamint az \u00f6sszehasonl\u00edt\u00f3 \u00e9s fels\u0151bbrend\u0171 form\u00e1kat, hogy jav\u00edtsa le\u00edr\u00e1sait \u00e9s sz\u00ednesebb\u00e9 tegye besz\u00e9d\u00e9t.<\/p>\n\n\n\n<h3 class=\"wp-block-heading\" id=\"h-6-declension\">6. Ragoz\u00e1s:<\/h3>\n\n\n\n<p>A ragoz\u00e1s a f\u0151nevek, n\u00e9vm\u00e1sok \u00e9s mell\u00e9knevek megv\u00e1ltoztat\u00e1s\u00e1nak folyamata, hogy jelezz\u00e9k nyelvtani funkci\u00f3jukat egy mondatban. Ismerje meg a n\u00e9gy n\u00e9met esetet \u00e9s azt, hogy ezek hogyan befoly\u00e1solj\u00e1k a szavak v\u00e9gz\u0151d\u00e9s\u00e9t, <a href=\"https:\/\/talkpal.ai\/locations\/language-courses-in-ami\/\">ami<\/a> lehet\u0151v\u00e9 teszi a nyelvtanilag helyes mondatok fel\u00e9p\u00edt\u00e9s\u00e9t.<\/p>\n\n\n\n<h3 class=\"wp-block-heading\" id=\"h-7-adverbs\">7. Hat\u00e1roz\u00f3sz\u00f3k:<\/h3>\n\n\n\n<p>A hat\u00e1roz\u00f3szavak tov\u00e1bbi inform\u00e1ci\u00f3t ny\u00fajtanak az ig\u00e9kr\u0151l, mell\u00e9knevekr\u0151l \u00e9s m\u00e1s hat\u00e1roz\u00f3sz\u00f3kr\u00f3l. Ismerje meg a n\u00e9met hat\u00e1roz\u00f3szavak k\u00fcl\u00f6nb\u00f6z\u0151 t\u00edpusait, p\u00e9ld\u00e1ul azokat, amelyek id\u0151t, m\u00f3dot \u00e9s helyet jeleznek, \u00e9s hogyan lehet hat\u00e9konyan haszn\u00e1lni \u0151ket, hogy \u00e1rnyalatot \u00e9s pontoss\u00e1got adjon besz\u00e9d\u00e9nek.<\/p>\n\n\n\n<h3 class=\"wp-block-heading\" id=\"h-8-prepositions\">8. El\u00f6lj\u00e1r\u00f3szavak:<\/h3>\n\n\n\n<p>A prepoz\u00edci\u00f3kat a f\u0151nevek vagy n\u00e9vm\u00e1sok \u00e9s a mondat m\u00e1s elemei k\u00f6z\u00f6tti <a href=\"https:\/\/talkpal.ai\/contact\/\">kapcsolat<\/a> jelz\u00e9s\u00e9re haszn\u00e1lj\u00e1k. Tanulm\u00e1nyozza a k\u00fcl\u00f6nb\u00f6z\u0151 n\u00e9met el\u00f6lj\u00e1r\u00f3szavakat \u00e9s azok haszn\u00e1lat\u00e1t k\u00fcl\u00f6nb\u00f6z\u0151 esetekben, hogy jobban meg\u00e9rtse, hogyan \u00e9p\u00fclnek fel a mondatok.<\/p>\n\n\n\n<h3 class=\"wp-block-heading\" id=\"h-9-sentence-structure\">9. Mondatszerkezet:<\/h3>\n\n\n\n<p>V\u00e9g\u00fcl ismerkedjen meg a n\u00e9met mondatszerkezettel, bele\u00e9rtve a sz\u00f3rendet, az al\u00e1rendelt mell\u00e9kmondatokat \u00e9s a k\u00f6t\u0151szavakat. Ezeknek a szab\u00e1lyoknak a meg\u00e9rt\u00e9se seg\u00edt koherens \u00e9s j\u00f3l struktur\u00e1lt mondatok l\u00e9trehoz\u00e1s\u00e1ban, lehet\u0151v\u00e9 t\u00e9ve, hogy vil\u00e1gosan \u00e9s hat\u00e9konyan fejezze ki gondolatait n\u00e9met\u00fcl.<\/p>\n<\/div><\/div>\n\r\n<section class=\"learnNavigationSection\">\r\n            \r\n        <a href=\"https:\/\/talkpal.ai\/hu\/tanuljon-nemetul\/\">\r\n            <div class=\"learnNavigationWrapper\">\r\n                <div class=\"learnNavigationContent\">\r\n                    <img decoding=\"async\" src=\"https:\/\/talkpal.ai\/wp-content\/uploads\/2024\/08\/German.jpg\" alt=\"German Flag\">\r\n                    <div>\r\n                        <h4>A n\u00e9met nyelvtanul\u00e1sr\u00f3l<\/h4>\r\n                        <p>Tudjon meg mindent a n\u00e9met nyelvtanr\u00f3l.<\/p>\r\n                    <\/div>\r\n                <\/div>\r\n            <\/div>\r\n        <\/a>\r\n\r\n        \r\n        <a href=\"https:\/\/talkpal.ai\/hu\/nemet-nyelvtan\/\">\r\n            <div class=\"learnNavigationWrapper\">\r\n                <div class=\"learnNavigationContent\">\r\n                    <img decoding=\"async\" src=\"https:\/\/talkpal.ai\/wp-content\/uploads\/2024\/08\/German.jpg\" alt=\"German Flag\">\r\n                    <div>\r\n                        <h4>N\u00e9met nyelvtan \u00f3r\u00e1k<\/h4>\r\n                        <p>Gyakorolja a n\u00e9met nyelvtant.<\/p>\r\n                    <\/div>\r\n                <\/div>\r\n            <\/div>\r\n        <\/a>\r\n\r\n        \r\n        <a href=\"https:\/\/talkpal.ai\/vocabulary_language\/german\/\">\r\n            <div class=\"learnNavigationWrapper\">\r\n                <div class=\"learnNavigationContent\">\r\n                    <img decoding=\"async\" src=\"https:\/\/talkpal.ai\/wp-content\/uploads\/2024\/08\/German.jpg\" alt=\"German Flag\">\r\n                    <div>\r\n                        <h4>N\u00e9met sz\u00f3kincs<\/h4>\r\n                        <p>B\u0151v\u00edtse n\u00e9met sz\u00f3kincs\u00e9t.<\/p>\r\n                    <\/div>\r\n                <\/div>\r\n            <\/div>\r\n        <\/a>\r\n\r\n            <\/section>","protected":false},"excerpt":{"rendered":"<p>N\u00e9met nyelvtani t\u00e9m\u00e1k Egy \u00faj nyelv tanul\u00e1sa ijeszt\u0151 feladat lehet, de megfelel\u0151 megk\u00f6zel\u00edt\u00e9ssel izgalmas \u00e9s kifizet\u0151d\u0151 \u00e9lm\u00e9ny lehet. A n\u00e9met egy nagyon struktur\u00e1lt \u00e9s logikus nyelv, amely megk\u00f6nny\u00edti a tanul\u00e1st, ha tiszt\u00e1ban van a nyelvtani szab\u00e1lyaival. Ez az \u00fatmutat\u00f3 seg\u00edt meg\u00e9rteni a n\u00e9met nyelvtan legfontosabb szempontjait, p\u00e9ld\u00e1ul az ig\u0151ket, ig\u00e9ket, f\u0151neveket \u00e9s cikkeket, n\u00e9vm\u00e1sokat, mell\u00e9kneveket, [&hellip;]<\/p>\n","protected":false},"author":6,"featured_media":75567,"parent":0,"menu_order":0,"comment_status":"closed","ping_status":"closed","template":"LearningContentPage.php","meta":{"_acf_changed":false,"footnotes":""},"class_list":["post-132079","page","type-page","status-publish","has-post-thumbnail","hentry"],"acf":[],"yoast_head":"<!-- This site is optimized with the Yoast SEO Premium plugin v27.2 (Yoast SEO v27.2) - https:\/\/yoast.com\/product\/yoast-seo-premium-wordpress\/ -->\n<title>N\u00e9met nyelvtani gyakorlatok - Talkpal<\/title>\n<meta name=\"description\" content=\"Gyakorlati feladatokkal er\u0151s\u00edtse a n\u00e9met nyelvtant - javuljon gyorsan, gyakoroljon interakt\u00edvan, \u00e9s szerezzen magabiztos nyelvtud\u00e1st a k\u00f6vetkez\u0151 eszk\u00f6z\u00f6kkel Talkpal AI.\" \/>\n<meta name=\"robots\" content=\"index, follow, max-snippet:-1, max-image-preview:large, max-video-preview:-1\" \/>\n<link rel=\"canonical\" href=\"https:\/\/talkpal.ai\/hu\/nemet-nyelvtani-gyakorlatok\/\" \/>\n<meta property=\"og:locale\" content=\"hu_HU\" \/>\n<meta property=\"og:type\" content=\"article\" \/>\n<meta property=\"og:title\" content=\"N\u00e9met nyelvtani gyakorlatok\" \/>\n<meta property=\"og:description\" content=\"N\u00e9met nyelvtani t\u00e9m\u00e1k Egy \u00faj nyelv tanul\u00e1sa ijeszt\u0151 feladat lehet, de megfelel\u0151 megk\u00f6zel\u00edt\u00e9ssel izgalmas \u00e9s kifizet\u0151d\u0151 \u00e9lm\u00e9ny lehet. A n\u00e9met egy nagyon\" \/>\n<meta property=\"og:url\" content=\"https:\/\/talkpal.ai\/hu\/nemet-nyelvtani-gyakorlatok\/\" \/>\n<meta property=\"og:site_name\" content=\"Talkpal\" \/>\n<meta property=\"article:publisher\" content=\"https:\/\/www.facebook.com\/profile.php?id=100090733639311\" \/>\n<meta property=\"article:modified_time\" content=\"2025-12-17T16:12:04+00:00\" \/>\n<meta property=\"og:image\" content=\"https:\/\/talkpal.ai\/wp-content\/uploads\/2023\/03\/germany.png\" \/>\n\t<meta property=\"og:image:width\" content=\"512\" \/>\n\t<meta property=\"og:image:height\" content=\"512\" \/>\n\t<meta property=\"og:image:type\" content=\"image\/png\" \/>\n<meta name=\"twitter:card\" content=\"summary_large_image\" \/>\n<meta name=\"twitter:site\" content=\"@talkpalai\" \/>\n<meta name=\"twitter:label1\" content=\"Becs\u00fclt olvas\u00e1si id\u0151\" \/>\n\t<meta name=\"twitter:data1\" content=\"4 perc\" \/>\n<script type=\"application\/ld+json\" class=\"yoast-schema-graph\">{\"@context\":\"https:\/\/schema.org\",\"@graph\":[{\"@type\":\"WebPage\",\"@id\":\"https:\/\/talkpal.ai\/hu\/nemet-nyelvtani-gyakorlatok\/\",\"url\":\"https:\/\/talkpal.ai\/hu\/nemet-nyelvtani-gyakorlatok\/\",\"name\":\"N\u00e9met nyelvtani gyakorlatok - Talkpal\",\"isPartOf\":{\"@id\":\"https:\/\/talkpal.ai\/hu\/#website\"},\"primaryImageOfPage\":{\"@id\":\"https:\/\/talkpal.ai\/hu\/nemet-nyelvtani-gyakorlatok\/#primaryimage\"},\"image\":{\"@id\":\"https:\/\/talkpal.ai\/hu\/nemet-nyelvtani-gyakorlatok\/#primaryimage\"},\"thumbnailUrl\":\"https:\/\/talkpal.ai\/wp-content\/uploads\/2023\/03\/germany.png\",\"datePublished\":\"2023-06-16T09:14:18+00:00\",\"dateModified\":\"2025-12-17T16:12:04+00:00\",\"description\":\"Gyakorlati feladatokkal er\u0151s\u00edtse a n\u00e9met nyelvtant - javuljon gyorsan, gyakoroljon interakt\u00edvan, \u00e9s szerezzen magabiztos nyelvtud\u00e1st a k\u00f6vetkez\u0151 eszk\u00f6z\u00f6kkel Talkpal AI.\",\"breadcrumb\":{\"@id\":\"https:\/\/talkpal.ai\/hu\/nemet-nyelvtani-gyakorlatok\/#breadcrumb\"},\"inLanguage\":\"hu\",\"potentialAction\":[{\"@type\":\"ReadAction\",\"target\":[\"https:\/\/talkpal.ai\/hu\/nemet-nyelvtani-gyakorlatok\/\"]}]},{\"@type\":\"ImageObject\",\"inLanguage\":\"hu\",\"@id\":\"https:\/\/talkpal.ai\/hu\/nemet-nyelvtani-gyakorlatok\/#primaryimage\",\"url\":\"https:\/\/talkpal.ai\/wp-content\/uploads\/2023\/03\/germany.png\",\"contentUrl\":\"https:\/\/talkpal.ai\/wp-content\/uploads\/2023\/03\/germany.png\",\"width\":512,\"height\":512,\"caption\":\"TalkPal AI learn German\"},{\"@type\":\"BreadcrumbList\",\"@id\":\"https:\/\/talkpal.ai\/hu\/nemet-nyelvtani-gyakorlatok\/#breadcrumb\",\"itemListElement\":[{\"@type\":\"ListItem\",\"position\":1,\"name\":\"Homepage\",\"item\":\"https:\/\/talkpal.ai\/hu\/\"},{\"@type\":\"ListItem\",\"position\":2,\"name\":\"N\u00e9met nyelvtani gyakorlatok\"}]},{\"@type\":\"WebSite\",\"@id\":\"https:\/\/talkpal.ai\/hu\/#website\",\"url\":\"https:\/\/talkpal.ai\/hu\/\",\"name\":\"Talkpal\",\"description\":\"AI Language Learning\",\"publisher\":{\"@id\":\"https:\/\/talkpal.ai\/hu\/#organization\"},\"alternateName\":\"Talkpal AI\",\"potentialAction\":[{\"@type\":\"SearchAction\",\"target\":{\"@type\":\"EntryPoint\",\"urlTemplate\":\"https:\/\/talkpal.ai\/hu\/?s={search_term_string}\"},\"query-input\":{\"@type\":\"PropertyValueSpecification\",\"valueRequired\":true,\"valueName\":\"search_term_string\"}}],\"inLanguage\":\"hu\"},{\"@type\":\"Organization\",\"@id\":\"https:\/\/talkpal.ai\/hu\/#organization\",\"name\":\"Talkpal, Inc.\",\"alternateName\":\"Talkpal AI\",\"url\":\"https:\/\/talkpal.ai\/hu\/\",\"logo\":{\"@type\":\"ImageObject\",\"inLanguage\":\"hu\",\"@id\":\"https:\/\/talkpal.ai\/hu\/#\/schema\/logo\/image\/\",\"url\":\"https:\/\/talkpal.ai\/wp-content\/uploads\/2024\/03\/Talkpal-Logo-Icon.png\",\"contentUrl\":\"https:\/\/talkpal.ai\/wp-content\/uploads\/2024\/03\/Talkpal-Logo-Icon.png\",\"width\":2880,\"height\":2880,\"caption\":\"Talkpal, Inc.\"},\"image\":{\"@id\":\"https:\/\/talkpal.ai\/hu\/#\/schema\/logo\/image\/\"},\"sameAs\":[\"https:\/\/www.facebook.com\/profile.php?id=100090733639311\",\"https:\/\/x.com\/talkpalai\",\"https:\/\/www.linkedin.com\/company\/talkpal\/\",\"https:\/\/www.youtube.com\/@TalkPal\/\",\"https:\/\/www.tiktok.com\/@talkpal\",\"https:\/\/www.instagram.com\/talkpal_ai\/\",\"https:\/\/www.crunchbase.com\/organization\/talkpal-9cde\",\"https:\/\/www.g2.com\/products\/talkpal-for-business\/\",\"https:\/\/www.trustpilot.com\/review\/talkpal.ai\",\"https:\/\/www.capterra.com\/p\/10006800\/TalkPal\/\"],\"description\":\"Talkpal is a language learning web and mobile education app, powered by the latest AI technologies, that provides engaging experiences to its customers in many different languages to help them improve their language skills. Users can chat about unlimited amount of topics with the app and use other modes to practice their language learning.\",\"email\":\"support@talkpal.ai\",\"legalName\":\"Talkpal, Inc.\",\"foundingDate\":\"2023-04-03\",\"duns\":\"118989042\",\"numberOfEmployees\":{\"@type\":\"QuantitativeValue\",\"minValue\":\"11\",\"maxValue\":\"50\"},\"publishingPrinciples\":\"https:\/\/talkpal.ai\/publishing-principles\/\",\"actionableFeedbackPolicy\":\"https:\/\/talkpal.ai\/actionable-feedback-policy\/\",\"correctionsPolicy\":\"https:\/\/talkpal.ai\/corrections-policy\/\",\"ethicsPolicy\":\"https:\/\/talkpal.ai\/ethics-policy\/\",\"diversityPolicy\":\"https:\/\/talkpal.ai\/diversity-policy\/\",\"diversityStaffingReport\":\"https:\/\/talkpal.ai\/diversity-policy\/\"}]}<\/script>\n<!-- \/ Yoast SEO Premium plugin. -->","yoast_head_json":{"title":"N\u00e9met nyelvtani gyakorlatok - Talkpal","description":"Gyakorlati feladatokkal er\u0151s\u00edtse a n\u00e9met nyelvtant - javuljon gyorsan, gyakoroljon interakt\u00edvan, \u00e9s szerezzen magabiztos nyelvtud\u00e1st a k\u00f6vetkez\u0151 eszk\u00f6z\u00f6kkel Talkpal AI.","robots":{"index":"index","follow":"follow","max-snippet":"max-snippet:-1","max-image-preview":"max-image-preview:large","max-video-preview":"max-video-preview:-1"},"canonical":"https:\/\/talkpal.ai\/hu\/nemet-nyelvtani-gyakorlatok\/","og_locale":"hu_HU","og_type":"article","og_title":"N\u00e9met nyelvtani gyakorlatok","og_description":"N\u00e9met nyelvtani t\u00e9m\u00e1k Egy \u00faj nyelv tanul\u00e1sa ijeszt\u0151 feladat lehet, de megfelel\u0151 megk\u00f6zel\u00edt\u00e9ssel izgalmas \u00e9s kifizet\u0151d\u0151 \u00e9lm\u00e9ny lehet. A n\u00e9met egy nagyon","og_url":"https:\/\/talkpal.ai\/hu\/nemet-nyelvtani-gyakorlatok\/","og_site_name":"Talkpal","article_publisher":"https:\/\/www.facebook.com\/profile.php?id=100090733639311","article_modified_time":"2025-12-17T16:12:04+00:00","og_image":[{"width":512,"height":512,"url":"https:\/\/talkpal.ai\/wp-content\/uploads\/2023\/03\/germany.png","type":"image\/png"}],"twitter_card":"summary_large_image","twitter_site":"@talkpalai","twitter_misc":{"Becs\u00fclt olvas\u00e1si id\u0151":"4 perc"},"schema":{"@context":"https:\/\/schema.org","@graph":[{"@type":"WebPage","@id":"https:\/\/talkpal.ai\/hu\/nemet-nyelvtani-gyakorlatok\/","url":"https:\/\/talkpal.ai\/hu\/nemet-nyelvtani-gyakorlatok\/","name":"N\u00e9met nyelvtani gyakorlatok - Talkpal","isPartOf":{"@id":"https:\/\/talkpal.ai\/hu\/#website"},"primaryImageOfPage":{"@id":"https:\/\/talkpal.ai\/hu\/nemet-nyelvtani-gyakorlatok\/#primaryimage"},"image":{"@id":"https:\/\/talkpal.ai\/hu\/nemet-nyelvtani-gyakorlatok\/#primaryimage"},"thumbnailUrl":"https:\/\/talkpal.ai\/wp-content\/uploads\/2023\/03\/germany.png","datePublished":"2023-06-16T09:14:18+00:00","dateModified":"2025-12-17T16:12:04+00:00","description":"Gyakorlati feladatokkal er\u0151s\u00edtse a n\u00e9met nyelvtant - javuljon gyorsan, gyakoroljon interakt\u00edvan, \u00e9s szerezzen magabiztos nyelvtud\u00e1st a k\u00f6vetkez\u0151 eszk\u00f6z\u00f6kkel Talkpal AI.","breadcrumb":{"@id":"https:\/\/talkpal.ai\/hu\/nemet-nyelvtani-gyakorlatok\/#breadcrumb"},"inLanguage":"hu","potentialAction":[{"@type":"ReadAction","target":["https:\/\/talkpal.ai\/hu\/nemet-nyelvtani-gyakorlatok\/"]}]},{"@type":"ImageObject","inLanguage":"hu","@id":"https:\/\/talkpal.ai\/hu\/nemet-nyelvtani-gyakorlatok\/#primaryimage","url":"https:\/\/talkpal.ai\/wp-content\/uploads\/2023\/03\/germany.png","contentUrl":"https:\/\/talkpal.ai\/wp-content\/uploads\/2023\/03\/germany.png","width":512,"height":512,"caption":"TalkPal AI learn German"},{"@type":"BreadcrumbList","@id":"https:\/\/talkpal.ai\/hu\/nemet-nyelvtani-gyakorlatok\/#breadcrumb","itemListElement":[{"@type":"ListItem","position":1,"name":"Homepage","item":"https:\/\/talkpal.ai\/hu\/"},{"@type":"ListItem","position":2,"name":"N\u00e9met nyelvtani gyakorlatok"}]},{"@type":"WebSite","@id":"https:\/\/talkpal.ai\/hu\/#website","url":"https:\/\/talkpal.ai\/hu\/","name":"Talkpal","description":"AI Language Learning","publisher":{"@id":"https:\/\/talkpal.ai\/hu\/#organization"},"alternateName":"Talkpal AI","potentialAction":[{"@type":"SearchAction","target":{"@type":"EntryPoint","urlTemplate":"https:\/\/talkpal.ai\/hu\/?s={search_term_string}"},"query-input":{"@type":"PropertyValueSpecification","valueRequired":true,"valueName":"search_term_string"}}],"inLanguage":"hu"},{"@type":"Organization","@id":"https:\/\/talkpal.ai\/hu\/#organization","name":"Talkpal, Inc.","alternateName":"Talkpal AI","url":"https:\/\/talkpal.ai\/hu\/","logo":{"@type":"ImageObject","inLanguage":"hu","@id":"https:\/\/talkpal.ai\/hu\/#\/schema\/logo\/image\/","url":"https:\/\/talkpal.ai\/wp-content\/uploads\/2024\/03\/Talkpal-Logo-Icon.png","contentUrl":"https:\/\/talkpal.ai\/wp-content\/uploads\/2024\/03\/Talkpal-Logo-Icon.png","width":2880,"height":2880,"caption":"Talkpal, Inc."},"image":{"@id":"https:\/\/talkpal.ai\/hu\/#\/schema\/logo\/image\/"},"sameAs":["https:\/\/www.facebook.com\/profile.php?id=100090733639311","https:\/\/x.com\/talkpalai","https:\/\/www.linkedin.com\/company\/talkpal\/","https:\/\/www.youtube.com\/@TalkPal\/","https:\/\/www.tiktok.com\/@talkpal","https:\/\/www.instagram.com\/talkpal_ai\/","https:\/\/www.crunchbase.com\/organization\/talkpal-9cde","https:\/\/www.g2.com\/products\/talkpal-for-business\/","https:\/\/www.trustpilot.com\/review\/talkpal.ai","https:\/\/www.capterra.com\/p\/10006800\/TalkPal\/"],"description":"Talkpal is a language learning web and mobile education app, powered by the latest AI technologies, that provides engaging experiences to its customers in many different languages to help them improve their language skills. Users can chat about unlimited amount of topics with the app and use other modes to practice their language learning.","email":"support@talkpal.ai","legalName":"Talkpal, Inc.","foundingDate":"2023-04-03","duns":"118989042","numberOfEmployees":{"@type":"QuantitativeValue","minValue":"11","maxValue":"50"},"publishingPrinciples":"https:\/\/talkpal.ai\/publishing-principles\/","actionableFeedbackPolicy":"https:\/\/talkpal.ai\/actionable-feedback-policy\/","correctionsPolicy":"https:\/\/talkpal.ai\/corrections-policy\/","ethicsPolicy":"https:\/\/talkpal.ai\/ethics-policy\/","diversityPolicy":"https:\/\/talkpal.ai\/diversity-policy\/","diversityStaffingReport":"https:\/\/talkpal.ai\/diversity-policy\/"}]}},"_links":{"self":[{"href":"https:\/\/talkpal.ai\/hu\/wp-json\/wp\/v2\/pages\/132079","targetHints":{"allow":["GET"]}}],"collection":[{"href":"https:\/\/talkpal.ai\/hu\/wp-json\/wp\/v2\/pages"}],"about":[{"href":"https:\/\/talkpal.ai\/hu\/wp-json\/wp\/v2\/types\/page"}],"author":[{"embeddable":true,"href":"https:\/\/talkpal.ai\/hu\/wp-json\/wp\/v2\/users\/6"}],"replies":[{"embeddable":true,"href":"https:\/\/talkpal.ai\/hu\/wp-json\/wp\/v2\/comments?post=132079"}],"version-history":[{"count":0,"href":"https:\/\/talkpal.ai\/hu\/wp-json\/wp\/v2\/pages\/132079\/revisions"}],"wp:featuredmedia":[{"embeddable":true,"href":"https:\/\/talkpal.ai\/hu\/wp-json\/wp\/v2\/media\/75567"}],"wp:attachment":[{"href":"https:\/\/talkpal.ai\/hu\/wp-json\/wp\/v2\/media?parent=132079"}],"curies":[{"name":"wp","href":"https:\/\/api.w.org\/{rel}","templated":true}]}}