{"id":131810,"date":"2023-06-16T08:35:52","date_gmt":"2023-06-16T08:35:52","guid":{"rendered":"http:\/\/talkpal.ai\/francia-nyelvtani-gyakorlatok\/"},"modified":"2025-12-17T16:47:31","modified_gmt":"2025-12-17T16:47:31","slug":"francia-nyelvtani-gyakorlatok","status":"publish","type":"page","link":"https:\/\/talkpal.ai\/hu\/francia-nyelvtani-gyakorlatok\/","title":{"rendered":"Francia nyelvtani gyakorlatok"},"content":{"rendered":"\r\n\r\n\r\n<section class=\"languageChallengeSection\">\r\n    <div class=\"languageInfoWrapper\">\r\n        \r\n        <h1>Francia nyelvtani gyakorlatok<\/h1>\r\n        <p><a href=\"https:\/\/talkpal.ai\/learn-french\/\">Francia<\/a> nyelvet szeretne elsaj\u00e1t\u00edtani? A nyelvtani gyakorlatok gyakorl\u00e1sa fantasztikus m\u00f3dja a mondatszerkezet, az igek\u00f6t\u0151k \u00e9s a <a href=\"https:\/\/talkpal.ai\/learn-french\/\">francia<\/a> nyelv egyedi mint\u00e1inak meg\u00e9rt\u00e9s\u00e9nek. Kezdj el dolgozni a francia nyelvtanon m\u00e9g ma, \u00e9s figyeld, ahogy a magabiztoss\u00e1god \u00e9s a foly\u00e9kony besz\u00e9dk\u00e9szs\u00e9ged minden egyes gyakorlattal n\u0151!\n\n<\/p>\r\n\r\n                            <a class=\"getStartedHidden\" href=\"https:\/\/app.talkpal.ai\/hu\/signup?lng=\">Kezdj\u00fck<\/a>\r\n        \r\n    <\/div>\r\n\r\n    <figure>\r\n    <img decoding=\"async\" width=\"768\" height=\"768\" src=\"https:\/\/talkpal.ai\/wp-content\/uploads\/2023\/06\/french-768x768.png\" class=\"languageImage no-lazy\" alt=\"Language learning strategies for professionals\" fetchpriority=\"high\" sizes=\"(max-width: 768px) 150px, 768px\" srcset=\"https:\/\/talkpal.ai\/wp-content\/uploads\/2023\/06\/french-768x768.png 768w, https:\/\/talkpal.ai\/wp-content\/uploads\/2023\/06\/french-300x300.png 300w\" \/>\r\n    \r\n\r\n    <\/figure>\r\n\r\n            <a class=\"getStartedVisible\" href=\"https:\/\/app.talkpal.ai\/hu\/signup?lng=\">Kezdj\u00fck<\/a>\r\n    \r\n<\/section>\r\n\r\n\r\n<!-- <section class=\"grammarSection\">\r\n    <div class=\"grammarLinks\">\r\n        <a href=\"https:\/\/talkpal.ai\/hu\/exercise_language\/cikkek-francia-nyelvtan\/\">Cikkek <\/a><a href=\"https:\/\/talkpal.ai\/hu\/exercise_language\/eloljaroszok-francia-nyelvtan\/\">El\u00f6lj\u00e1r\u00f3sz\u00f3k <\/a><a href=\"https:\/\/talkpal.ai\/hu\/exercise_language\/fonevek-francia-nyelvtan\/\">F\u0151nevek <\/a><a href=\"https:\/\/talkpal.ai\/hu\/exercise_language\/hatarozoszavak-francia-nyelvtan\/\">Hat\u00e1roz\u00f3szavak <\/a><a href=\"https:\/\/talkpal.ai\/hu\/exercise_language\/igeidok-indikativ-francia-nyelvtan\/\">Igeid\u0151k \u2013 indikat\u00edv <\/a><a href=\"https:\/\/talkpal.ai\/hu\/exercise_language\/igek-francia-nyelvtan\/\">Ig\u00e9k <\/a><a href=\"https:\/\/talkpal.ai\/hu\/exercise_language\/melleknevek-francia-nyelvtan\/\">Mell\u00e9knevek <\/a><a href=\"https:\/\/talkpal.ai\/hu\/exercise_language\/mondatszerkezet-francia-nyelvtan\/\">Mondatszerkezet <\/a><a href=\"https:\/\/talkpal.ai\/hu\/exercise_language\/nevmasok-es-determinansok-francia-nyelvtan\/\">N\u00e9vm\u00e1sok \u00e9s determin\u00e1nsok <\/a>    <\/div>\r\n<\/section> -->\r\n\r\n\r\n\r\n\r\n        <section class=\"grammarSection\">\r\n            <div class=\"grammarLinks\">\r\n                <a href=\"https:\/\/talkpal.ai\/hu\/exercise_language\/cikkek-francia-nyelvtan\/\">Cikkek <\/a><a href=\"https:\/\/talkpal.ai\/hu\/exercise_language\/eloljaroszok-francia-nyelvtan\/\">El\u00f6lj\u00e1r\u00f3sz\u00f3k <\/a><a href=\"https:\/\/talkpal.ai\/hu\/exercise_language\/fonevek-francia-nyelvtan\/\">F\u0151nevek <\/a><a href=\"https:\/\/talkpal.ai\/hu\/exercise_language\/hatarozoszavak-francia-nyelvtan\/\">Hat\u00e1roz\u00f3szavak <\/a><a href=\"https:\/\/talkpal.ai\/hu\/exercise_language\/igeidok-indikativ-francia-nyelvtan\/\">Igeid\u0151k \u2013 indikat\u00edv <\/a><a href=\"https:\/\/talkpal.ai\/hu\/exercise_language\/igek-francia-nyelvtan\/\">Ig\u00e9k <\/a><a href=\"https:\/\/talkpal.ai\/hu\/exercise_language\/melleknevek-francia-nyelvtan\/\">Mell\u00e9knevek <\/a><a href=\"https:\/\/talkpal.ai\/hu\/exercise_language\/mondatszerkezet-francia-nyelvtan\/\">Mondatszerkezet <\/a><a href=\"https:\/\/talkpal.ai\/hu\/exercise_language\/nevmasok-es-determinansok-francia-nyelvtan\/\">N\u00e9vm\u00e1sok \u00e9s determin\u00e1nsok <\/a>            <\/div>\r\n        <\/section>\r\n<section class=\"promotionalBanner\">\r\n    <p class=\"promotionalText\">A nyelvtanul\u00e1s leghat\u00e9konyabb m\u00f3dja<\/p>\r\n    <a class=\"promotionalLink\" href=\"https:\/\/app.talkpal.ai\/hu\/signup?lng=\">Pr\u00f3b\u00e1lja ki a Talkpal ingyen<\/a>\r\n<\/section>\n<div class=\"wp-block-group pageContainerStyle\"><div class=\"wp-block-group__inner-container is-layout-constrained wp-block-group-is-layout-constrained\">\n<h2 class=\"wp-block-heading\" id=\"h-french-grammar-topics\">Francia nyelvtani t\u00e9m\u00e1k<\/h2>\n\n\n\n<p>A <a href=\"https:\/\/talkpal.ai\/hu\/francia-nyelvtanulas-mesterseges-intelligenciaval-forradalmi-megkozelites\/\">francia nyelvtanul\u00e1s<\/a> izgalmas \u00e9s kifizet\u0151d\u0151 \u00e9lm\u00e9ny lehet. A t\u00f6rt\u00e9nelemben \u00e9s kult\u00far\u00e1ban gazdag nyelvk\u00e9nt a francia egyed\u00fcl\u00e1ll\u00f3 perspekt\u00edv\u00e1t k\u00edn\u00e1l a vil\u00e1gr\u00f3l, \u00e9s alapvet\u0151 kommunik\u00e1ci\u00f3s eszk\u00f6z a k\u00fcl\u00f6nb\u00f6z\u0151 ter\u00fcleteken. A <a href=\"https:\/\/talkpal.ai\/hu\/tanuljon-franciaul\/\">francia nyelv<\/a> hat\u00e9kony tanul\u00e1s\u00e1hoz elengedhetetlen, hogy <a href=\"https:\/\/talkpal.ai\/talkpal-christmas-discount\/\">j\u00f3l<\/a> meg\u00e9rts\u00fck nyelvtan\u00e1t, amely <a href=\"https:\/\/talkpal.ai\/languages\/\">minden nyelv<\/a> alapja. A francia nyelvtani t\u00e9m\u00e1k k\u00f6vetkez\u0151 sorozata, bele\u00e9rtve a mell\u00e9kneveket, hat\u00e1roz\u00f3szavakat, cikkeket, f\u0151neveket, el\u00f6lj\u00e1r\u00f3szavakat, n\u00e9vm\u00e1sokat \u00e9s determin\u00e1nsokat, mondatszerkezetet, igeid\u0151t &#8211; indikat\u00edv \u00e9s ig\u00e9ket, seg\u00edt a nyelv elsaj\u00e1t\u00edt\u00e1s\u00e1hoz vezet\u0151 \u00faton.<\/p>\n\n\n\n<h3 class=\"wp-block-heading\" id=\"h-1-nouns\">1. F\u0151nevek:<\/h3>\n\n\n\n<p>A f\u0151nevek minden nyelv f\u0151 \u00e9p\u00edt\u0151k\u00f6vei, mivel embereket, helyeket, dolgokat vagy \u00f6tleteket k\u00e9pviselnek. Franci\u00e1ul a f\u0151neveknek nem\u00fck <a href=\"https:\/\/talkpal.ai\/locations\/language-courses-in-van\/\">van<\/a> (f\u00e9rfias vagy n\u0151ies), \u00e9s lehetnek egyes vagy t\u00f6bbes sz\u00e1mban. A f\u0151nevek nem\u00e9nek \u00e9s sz\u00e1m\u00e1nak meg\u00e9rt\u00e9se l\u00e9tfontoss\u00e1g\u00fa, mivel befoly\u00e1solja a mondat m\u00e1s szavainak form\u00e1it, p\u00e9ld\u00e1ul mell\u00e9kneveket, cikkeket \u00e9s n\u00e9vm\u00e1sokat.<\/p>\n\n\n\n<h3 class=\"wp-block-heading\" id=\"h-2-articles\">2. Cikkek:<\/h3>\n\n\n\n<p>A cikkek elengedhetetlenek a francia nyelvtanban, mivel inform\u00e1ci\u00f3t ny\u00fajtanak a f\u0151n\u00e9v nem\u00e9r\u0151l \u00e9s sz\u00e1m\u00e1r\u00f3l. H\u00e1romf\u00e9le cikk l\u00e9tezik franci\u00e1ul: hat\u00e1rozott (le, la, les), hat\u00e1rozatlan (un, une, des) \u00e9s partit\u00edv (du, de la, des). A megfelel\u0151 cikk haszn\u00e1lata seg\u00edt a mondat sz\u00e1nd\u00e9kolt jelent\u00e9s\u00e9nek k\u00f6zvet\u00edt\u00e9s\u00e9ben.<\/p>\n\n\n\n<h3 class=\"wp-block-heading\" id=\"h-3-adjectives\">3. Mell\u00e9knevek:<\/h3>\n\n\n\n<p>A mell\u00e9kneveket a f\u0151nevek le\u00edr\u00e1s\u00e1ra vagy m\u00f3dos\u00edt\u00e1s\u00e1ra haszn\u00e1lj\u00e1k. A franci\u00e1ban a mell\u00e9kneveknek meg kell egyezni\u00fck azzal a f\u0151n\u00e9vvel, amelyet nem\u00fckben \u00e9s sz\u00e1mukban m\u00f3dos\u00edtanak. Ezenk\u00edv\u00fcl a mell\u00e9knevek helyzete egy mondatban v\u00e1ltozhat, b\u00e1r a legt\u00f6bb mell\u00e9kn\u00e9v k\u00f6veti az \u00e1ltaluk le\u00edrt f\u0151nevet.<\/p>\n\n\n\n<h3 class=\"wp-block-heading\" id=\"h-4-pronouns-and-determiners\">4. N\u00e9vm\u00e1sok \u00e9s determin\u00e1nsok:<\/h3>\n\n\n\n<p>A n\u00e9vm\u00e1sok helyettes\u00edtik a f\u0151neveket az ism\u00e9tl\u00e9s elker\u00fcl\u00e9se \u00e9rdek\u00e9ben, m\u00edg a determin\u00e1nsok meghat\u00e1rozz\u00e1k vagy sz\u00e1mszer\u0171s\u00edtik a f\u0151neveket. Mind a n\u00e9vm\u00e1soknak, mind a meghat\u00e1roz\u00f3knak meg kell egyezni\u00fck azzal a f\u0151n\u00e9vvel, amelyet helyettes\u00edtenek vagy k\u00eds\u00e9rnek nemben \u00e9s sz\u00e1mban. A francia n\u00e9vm\u00e1sok k\u00f6z\u00e9 tartoznak az alany n\u00e9vm\u00e1sok (je, tu, il stb.), T\u00e1rgy n\u00e9vm\u00e1sok (me, te, lui stb.) \u00e9s reflex\u00edv n\u00e9vm\u00e1sok (me, te, se stb.). A determin\u00e1nsok k\u00f6z\u00e9 tartoznak a birtokos mell\u00e9knevek (mon, ma, mes stb.) \u00e9s a demonstrat\u00edv mell\u00e9knevek (ce, cette, ces stb.).<\/p>\n\n\n\n<h3 class=\"wp-block-heading\" id=\"h-5-verbs\">5. Ig\u00e9k:<\/h3>\n\n\n\n<p>Az ig\u00e9k cselekv\u00e9seket, \u00e1llapotokat vagy el\u0151fordul\u00e1sokat fejeznek ki. Franci\u00e1ul az ig\u00e9ket ragozz\u00e1k, hogy szem\u00e9lyesen \u00e9s sz\u00e1mban egyet\u00e9rtsenek az alanyral, \u00e9s k\u00fcl\u00f6nb\u00f6z\u0151 id\u0151ket \u00e9s hangulatokat fejezzenek ki. A szab\u00e1lyos ig\u00e9k kisz\u00e1m\u00edthat\u00f3 mint\u00e1t k\u00f6vetnek, m\u00edg a rendhagy\u00f3 ig\u00e9k memoriz\u00e1l\u00e1st ig\u00e9nyelnek.<\/p>\n\n\n\n<h3 class=\"wp-block-heading\" id=\"h-6-tenses-indicative\">6. Igeid\u0151k &#8211; jelz\u0151:<\/h3>\n\n\n\n<p>Az indikat\u00edv hangulatot t\u00e9nyek \u00e9s objekt\u00edv kijelent\u00e9sek kifejez\u00e9s\u00e9re haszn\u00e1lj\u00e1k. A francia indikat\u00edvumban nyolc igeid\u0151 van: jelen, j\u00f6v\u0151, t\u00f6k\u00e9letlen, <a href=\"https:\/\/talkpal.ai\/hu\/grammar\/egyszeru-mult-az-angol-nyelvtanban\/\">egyszer\u0171 m\u00falt<\/a>, pluperfect, j\u00f6v\u0151 t\u00f6k\u00e9letes, m\u00falt felt\u00e9teles \u00e9s m\u00falt t\u00f6k\u00e9letes. Ezeknek az igeid\u0151knek a meg\u00e9rt\u00e9se \u00e9s elsaj\u00e1t\u00edt\u00e1sa elengedhetetlen az id\u0151 \u00e9s a szekvencia francia nyelv\u0171 kifejez\u00e9s\u00e9hez.<\/p>\n\n\n\n<h3 class=\"wp-block-heading\" id=\"h-7-adverbs\">7. Hat\u00e1roz\u00f3sz\u00f3k:<\/h3>\n\n\n\n<p>A hat\u00e1roz\u00f3szavak m\u00f3dos\u00edtj\u00e1k az ig\u00e9ket, mell\u00e9kneveket vagy m\u00e1s hat\u00e1roz\u00f3szavakat, tov\u00e1bbi inform\u00e1ci\u00f3kat szolg\u00e1ltatva a m\u0171veletr\u0151l, \u00e1llapotr\u00f3l vagy min\u0151s\u00e9gr\u0151l. A franci\u00e1ban a legt\u00f6bb hat\u00e1roz\u00f3sz\u00f3 \u00fagy j\u00f6n l\u00e9tre, hogy a mell\u00e9kn\u00e9v n\u0151nem\u0171 form\u00e1j\u00e1hoz hozz\u00e1adjuk a -ment-et. A hat\u00e1roz\u00f3szavak \u00e1ltal\u00e1ban az \u00e1ltaluk m\u00f3dos\u00edtott ig\u00e9t k\u00f6vetik.<\/p>\n\n\n\n<h3 class=\"wp-block-heading\" id=\"h-8-prepositions\">8. El\u00f6lj\u00e1r\u00f3szavak:<\/h3>\n\n\n\n<p>Az el\u00f6lj\u00e1r\u00f3szavak szavakat vagy sz\u00f3csoportokat kapcsolnak \u00f6ssze, \u00e9s olyan kapcsolatokat jeleznek, mint a hely, az ir\u00e1ny, az id\u0151 vagy az ok. Gyakori francia el\u00f6lj\u00e1r\u00f3szavak k\u00f6z\u00e9 tartozik az \u00e0 (at, to), de (of, from), en (in, on) \u00e9s pour (for). A prepoz\u00edci\u00f3k megtanul\u00e1sa \u00e9s haszn\u00e1latuk elengedhetetlen a koherens mondatok fel\u00e9p\u00edt\u00e9s\u00e9hez.<\/p>\n\n\n\n<h3 class=\"wp-block-heading\" id=\"h-9-sentence-structure\">9. Mondatszerkezet:<\/h3>\n\n\n\n<p>A francia mondatok az angolhoz hasonl\u00f3 alany-ige-objektum (SVO) szerkezetet k\u00f6vetnek. A sz\u00f3rend azonban v\u00e1ltozhat a n\u00e9vm\u00e1sok haszn\u00e1lat\u00e1t\u00f3l, a tagad\u00e1st\u00f3l \u00e9s a hangs\u00falyt\u00f3l f\u00fcgg\u0151en. A mondatszerkezet meg\u00e9rt\u00e9se elengedhetetlen a vil\u00e1gos \u00e9s pontos francia nyelv\u0171 \u00e1ll\u00edt\u00e1sok \u00e9s k\u00e9rd\u00e9sek kialak\u00edt\u00e1s\u00e1hoz.<\/p>\n<\/div><\/div>\n\r\n<section class=\"learnNavigationSection\">\r\n            \r\n        <a href=\"https:\/\/talkpal.ai\/hu\/tanuljon-franciaul\/\">\r\n            <div class=\"learnNavigationWrapper\">\r\n                <div class=\"learnNavigationContent\">\r\n                    <img decoding=\"async\" src=\"https:\/\/talkpal.ai\/wp-content\/uploads\/2024\/08\/French.jpg\" alt=\"French Flag\">\r\n                    <div>\r\n                        <h4>A francia nyelvtanul\u00e1sr\u00f3l<\/h4>\r\n                        <p>Tudjon meg mindent a francia nyelvtanr\u00f3l.<\/p>\r\n                    <\/div>\r\n                <\/div>\r\n            <\/div>\r\n        <\/a>\r\n\r\n        \r\n        <a href=\"https:\/\/talkpal.ai\/hu\/francia-nyelvtan\/\">\r\n            <div class=\"learnNavigationWrapper\">\r\n                <div class=\"learnNavigationContent\">\r\n                    <img decoding=\"async\" src=\"https:\/\/talkpal.ai\/wp-content\/uploads\/2024\/08\/French.jpg\" alt=\"French Flag\">\r\n                    <div>\r\n                        <h4>Francia nyelvtan \u00f3r\u00e1k<\/h4>\r\n                        <p>Gyakorolja a francia nyelvtant.<\/p>\r\n                    <\/div>\r\n                <\/div>\r\n            <\/div>\r\n        <\/a>\r\n\r\n        \r\n        <a href=\"https:\/\/talkpal.ai\/vocabulary_language\/french\/\">\r\n            <div class=\"learnNavigationWrapper\">\r\n                <div class=\"learnNavigationContent\">\r\n                    <img decoding=\"async\" src=\"https:\/\/talkpal.ai\/wp-content\/uploads\/2024\/08\/French.jpg\" alt=\"French Flag\">\r\n                    <div>\r\n                        <h4>Francia sz\u00f3kincs<\/h4>\r\n                        <p>B\u0151v\u00edtse francia sz\u00f3kincs\u00e9t.<\/p>\r\n                    <\/div>\r\n                <\/div>\r\n            <\/div>\r\n        <\/a>\r\n\r\n            <\/section>","protected":false},"excerpt":{"rendered":"<p>Francia nyelvtani t\u00e9m\u00e1k A francia nyelvtanul\u00e1s izgalmas \u00e9s kifizet\u0151d\u0151 \u00e9lm\u00e9ny lehet. A t\u00f6rt\u00e9nelemben \u00e9s kult\u00far\u00e1ban gazdag nyelvk\u00e9nt a francia egyed\u00fcl\u00e1ll\u00f3 perspekt\u00edv\u00e1t k\u00edn\u00e1l a vil\u00e1gr\u00f3l, \u00e9s alapvet\u0151 kommunik\u00e1ci\u00f3s eszk\u00f6z a k\u00fcl\u00f6nb\u00f6z\u0151 ter\u00fcleteken. A francia nyelv hat\u00e9kony tanul\u00e1s\u00e1hoz elengedhetetlen, hogy j\u00f3l meg\u00e9rts\u00fck nyelvtan\u00e1t, amely minden nyelv alapja. A francia nyelvtani t\u00e9m\u00e1k k\u00f6vetkez\u0151 sorozata, bele\u00e9rtve a mell\u00e9kneveket, hat\u00e1roz\u00f3szavakat, [&hellip;]<\/p>\n","protected":false},"author":6,"featured_media":75881,"parent":0,"menu_order":0,"comment_status":"closed","ping_status":"closed","template":"LearningContentPage.php","meta":{"_acf_changed":false,"footnotes":""},"class_list":["post-131810","page","type-page","status-publish","has-post-thumbnail","hentry"],"acf":[],"yoast_head":"<!-- This site is optimized with the Yoast SEO Premium plugin v27.2 (Yoast SEO v27.2) - https:\/\/yoast.com\/product\/yoast-seo-premium-wordpress\/ -->\n<title>Francia nyelvtani gyakorlatok - Talkpal<\/title>\n<meta name=\"description\" content=\"Gyakorolja \u00e9s fejlessze francia nyelvtani ismereteit minden szintre tervezett interakt\u00edv gyakorlatokkal. N\u00f6velje nyelvtud\u00e1s\u00e1t!\" \/>\n<meta name=\"robots\" content=\"index, follow, max-snippet:-1, max-image-preview:large, max-video-preview:-1\" \/>\n<link rel=\"canonical\" href=\"https:\/\/talkpal.ai\/hu\/francia-nyelvtani-gyakorlatok\/\" \/>\n<meta property=\"og:locale\" content=\"hu_HU\" \/>\n<meta property=\"og:type\" content=\"article\" \/>\n<meta property=\"og:title\" content=\"Francia nyelvtani gyakorlatok\" \/>\n<meta property=\"og:description\" content=\"Francia nyelvtani t\u00e9m\u00e1k A francia nyelvtanul\u00e1s izgalmas \u00e9s kifizet\u0151d\u0151 \u00e9lm\u00e9ny lehet. A t\u00f6rt\u00e9nelemben \u00e9s kult\u00far\u00e1ban gazdag nyelvk\u00e9nt a francia egyed\u00fcl\u00e1ll\u00f3\" \/>\n<meta property=\"og:url\" content=\"https:\/\/talkpal.ai\/hu\/francia-nyelvtani-gyakorlatok\/\" \/>\n<meta property=\"og:site_name\" content=\"Talkpal\" \/>\n<meta property=\"article:publisher\" content=\"https:\/\/www.facebook.com\/profile.php?id=100090733639311\" \/>\n<meta property=\"article:modified_time\" content=\"2025-12-17T16:47:31+00:00\" \/>\n<meta property=\"og:image\" content=\"https:\/\/talkpal.ai\/wp-content\/uploads\/2023\/03\/france.png\" \/>\n\t<meta property=\"og:image:width\" content=\"512\" \/>\n\t<meta property=\"og:image:height\" content=\"512\" \/>\n\t<meta property=\"og:image:type\" content=\"image\/png\" \/>\n<meta name=\"twitter:card\" content=\"summary_large_image\" \/>\n<meta name=\"twitter:site\" content=\"@talkpalai\" \/>\n<meta name=\"twitter:label1\" content=\"Becs\u00fclt olvas\u00e1si id\u0151\" \/>\n\t<meta name=\"twitter:data1\" content=\"4 perc\" \/>\n<script type=\"application\/ld+json\" class=\"yoast-schema-graph\">{\"@context\":\"https:\/\/schema.org\",\"@graph\":[{\"@type\":\"WebPage\",\"@id\":\"https:\/\/talkpal.ai\/hu\/francia-nyelvtani-gyakorlatok\/\",\"url\":\"https:\/\/talkpal.ai\/hu\/francia-nyelvtani-gyakorlatok\/\",\"name\":\"Francia nyelvtani gyakorlatok - Talkpal\",\"isPartOf\":{\"@id\":\"https:\/\/talkpal.ai\/hu\/#website\"},\"primaryImageOfPage\":{\"@id\":\"https:\/\/talkpal.ai\/hu\/francia-nyelvtani-gyakorlatok\/#primaryimage\"},\"image\":{\"@id\":\"https:\/\/talkpal.ai\/hu\/francia-nyelvtani-gyakorlatok\/#primaryimage\"},\"thumbnailUrl\":\"https:\/\/talkpal.ai\/wp-content\/uploads\/2023\/03\/france.png\",\"datePublished\":\"2023-06-16T08:35:52+00:00\",\"dateModified\":\"2025-12-17T16:47:31+00:00\",\"description\":\"Gyakorolja \u00e9s fejlessze francia nyelvtani ismereteit minden szintre tervezett interakt\u00edv gyakorlatokkal. N\u00f6velje nyelvtud\u00e1s\u00e1t!\",\"breadcrumb\":{\"@id\":\"https:\/\/talkpal.ai\/hu\/francia-nyelvtani-gyakorlatok\/#breadcrumb\"},\"inLanguage\":\"hu\",\"potentialAction\":[{\"@type\":\"ReadAction\",\"target\":[\"https:\/\/talkpal.ai\/hu\/francia-nyelvtani-gyakorlatok\/\"]}]},{\"@type\":\"ImageObject\",\"inLanguage\":\"hu\",\"@id\":\"https:\/\/talkpal.ai\/hu\/francia-nyelvtani-gyakorlatok\/#primaryimage\",\"url\":\"https:\/\/talkpal.ai\/wp-content\/uploads\/2023\/03\/france.png\",\"contentUrl\":\"https:\/\/talkpal.ai\/wp-content\/uploads\/2023\/03\/france.png\",\"width\":512,\"height\":512,\"caption\":\"TalkPal AI learn French\"},{\"@type\":\"BreadcrumbList\",\"@id\":\"https:\/\/talkpal.ai\/hu\/francia-nyelvtani-gyakorlatok\/#breadcrumb\",\"itemListElement\":[{\"@type\":\"ListItem\",\"position\":1,\"name\":\"Homepage\",\"item\":\"https:\/\/talkpal.ai\/hu\/\"},{\"@type\":\"ListItem\",\"position\":2,\"name\":\"Francia nyelvtani gyakorlatok\"}]},{\"@type\":\"WebSite\",\"@id\":\"https:\/\/talkpal.ai\/hu\/#website\",\"url\":\"https:\/\/talkpal.ai\/hu\/\",\"name\":\"Talkpal\",\"description\":\"AI Language Learning\",\"publisher\":{\"@id\":\"https:\/\/talkpal.ai\/hu\/#organization\"},\"alternateName\":\"Talkpal AI\",\"potentialAction\":[{\"@type\":\"SearchAction\",\"target\":{\"@type\":\"EntryPoint\",\"urlTemplate\":\"https:\/\/talkpal.ai\/hu\/?s={search_term_string}\"},\"query-input\":{\"@type\":\"PropertyValueSpecification\",\"valueRequired\":true,\"valueName\":\"search_term_string\"}}],\"inLanguage\":\"hu\"},{\"@type\":\"Organization\",\"@id\":\"https:\/\/talkpal.ai\/hu\/#organization\",\"name\":\"Talkpal, Inc.\",\"alternateName\":\"Talkpal AI\",\"url\":\"https:\/\/talkpal.ai\/hu\/\",\"logo\":{\"@type\":\"ImageObject\",\"inLanguage\":\"hu\",\"@id\":\"https:\/\/talkpal.ai\/hu\/#\/schema\/logo\/image\/\",\"url\":\"https:\/\/talkpal.ai\/wp-content\/uploads\/2024\/03\/Talkpal-Logo-Icon.png\",\"contentUrl\":\"https:\/\/talkpal.ai\/wp-content\/uploads\/2024\/03\/Talkpal-Logo-Icon.png\",\"width\":2880,\"height\":2880,\"caption\":\"Talkpal, Inc.\"},\"image\":{\"@id\":\"https:\/\/talkpal.ai\/hu\/#\/schema\/logo\/image\/\"},\"sameAs\":[\"https:\/\/www.facebook.com\/profile.php?id=100090733639311\",\"https:\/\/x.com\/talkpalai\",\"https:\/\/www.linkedin.com\/company\/talkpal\/\",\"https:\/\/www.youtube.com\/@TalkPal\/\",\"https:\/\/www.tiktok.com\/@talkpal\",\"https:\/\/www.instagram.com\/talkpal_ai\/\",\"https:\/\/www.crunchbase.com\/organization\/talkpal-9cde\",\"https:\/\/www.g2.com\/products\/talkpal-for-business\/\",\"https:\/\/www.trustpilot.com\/review\/talkpal.ai\",\"https:\/\/www.capterra.com\/p\/10006800\/TalkPal\/\"],\"description\":\"Talkpal is a language learning web and mobile education app, powered by the latest AI technologies, that provides engaging experiences to its customers in many different languages to help them improve their language skills. Users can chat about unlimited amount of topics with the app and use other modes to practice their language learning.\",\"email\":\"support@talkpal.ai\",\"legalName\":\"Talkpal, Inc.\",\"foundingDate\":\"2023-04-03\",\"duns\":\"118989042\",\"numberOfEmployees\":{\"@type\":\"QuantitativeValue\",\"minValue\":\"11\",\"maxValue\":\"50\"},\"publishingPrinciples\":\"https:\/\/talkpal.ai\/publishing-principles\/\",\"actionableFeedbackPolicy\":\"https:\/\/talkpal.ai\/actionable-feedback-policy\/\",\"correctionsPolicy\":\"https:\/\/talkpal.ai\/corrections-policy\/\",\"ethicsPolicy\":\"https:\/\/talkpal.ai\/ethics-policy\/\",\"diversityPolicy\":\"https:\/\/talkpal.ai\/diversity-policy\/\",\"diversityStaffingReport\":\"https:\/\/talkpal.ai\/diversity-policy\/\"}]}<\/script>\n<!-- \/ Yoast SEO Premium plugin. -->","yoast_head_json":{"title":"Francia nyelvtani gyakorlatok - Talkpal","description":"Gyakorolja \u00e9s fejlessze francia nyelvtani ismereteit minden szintre tervezett interakt\u00edv gyakorlatokkal. N\u00f6velje nyelvtud\u00e1s\u00e1t!","robots":{"index":"index","follow":"follow","max-snippet":"max-snippet:-1","max-image-preview":"max-image-preview:large","max-video-preview":"max-video-preview:-1"},"canonical":"https:\/\/talkpal.ai\/hu\/francia-nyelvtani-gyakorlatok\/","og_locale":"hu_HU","og_type":"article","og_title":"Francia nyelvtani gyakorlatok","og_description":"Francia nyelvtani t\u00e9m\u00e1k A francia nyelvtanul\u00e1s izgalmas \u00e9s kifizet\u0151d\u0151 \u00e9lm\u00e9ny lehet. A t\u00f6rt\u00e9nelemben \u00e9s kult\u00far\u00e1ban gazdag nyelvk\u00e9nt a francia egyed\u00fcl\u00e1ll\u00f3","og_url":"https:\/\/talkpal.ai\/hu\/francia-nyelvtani-gyakorlatok\/","og_site_name":"Talkpal","article_publisher":"https:\/\/www.facebook.com\/profile.php?id=100090733639311","article_modified_time":"2025-12-17T16:47:31+00:00","og_image":[{"width":512,"height":512,"url":"https:\/\/talkpal.ai\/wp-content\/uploads\/2023\/03\/france.png","type":"image\/png"}],"twitter_card":"summary_large_image","twitter_site":"@talkpalai","twitter_misc":{"Becs\u00fclt olvas\u00e1si id\u0151":"4 perc"},"schema":{"@context":"https:\/\/schema.org","@graph":[{"@type":"WebPage","@id":"https:\/\/talkpal.ai\/hu\/francia-nyelvtani-gyakorlatok\/","url":"https:\/\/talkpal.ai\/hu\/francia-nyelvtani-gyakorlatok\/","name":"Francia nyelvtani gyakorlatok - Talkpal","isPartOf":{"@id":"https:\/\/talkpal.ai\/hu\/#website"},"primaryImageOfPage":{"@id":"https:\/\/talkpal.ai\/hu\/francia-nyelvtani-gyakorlatok\/#primaryimage"},"image":{"@id":"https:\/\/talkpal.ai\/hu\/francia-nyelvtani-gyakorlatok\/#primaryimage"},"thumbnailUrl":"https:\/\/talkpal.ai\/wp-content\/uploads\/2023\/03\/france.png","datePublished":"2023-06-16T08:35:52+00:00","dateModified":"2025-12-17T16:47:31+00:00","description":"Gyakorolja \u00e9s fejlessze francia nyelvtani ismereteit minden szintre tervezett interakt\u00edv gyakorlatokkal. N\u00f6velje nyelvtud\u00e1s\u00e1t!","breadcrumb":{"@id":"https:\/\/talkpal.ai\/hu\/francia-nyelvtani-gyakorlatok\/#breadcrumb"},"inLanguage":"hu","potentialAction":[{"@type":"ReadAction","target":["https:\/\/talkpal.ai\/hu\/francia-nyelvtani-gyakorlatok\/"]}]},{"@type":"ImageObject","inLanguage":"hu","@id":"https:\/\/talkpal.ai\/hu\/francia-nyelvtani-gyakorlatok\/#primaryimage","url":"https:\/\/talkpal.ai\/wp-content\/uploads\/2023\/03\/france.png","contentUrl":"https:\/\/talkpal.ai\/wp-content\/uploads\/2023\/03\/france.png","width":512,"height":512,"caption":"TalkPal AI learn French"},{"@type":"BreadcrumbList","@id":"https:\/\/talkpal.ai\/hu\/francia-nyelvtani-gyakorlatok\/#breadcrumb","itemListElement":[{"@type":"ListItem","position":1,"name":"Homepage","item":"https:\/\/talkpal.ai\/hu\/"},{"@type":"ListItem","position":2,"name":"Francia nyelvtani gyakorlatok"}]},{"@type":"WebSite","@id":"https:\/\/talkpal.ai\/hu\/#website","url":"https:\/\/talkpal.ai\/hu\/","name":"Talkpal","description":"AI Language Learning","publisher":{"@id":"https:\/\/talkpal.ai\/hu\/#organization"},"alternateName":"Talkpal AI","potentialAction":[{"@type":"SearchAction","target":{"@type":"EntryPoint","urlTemplate":"https:\/\/talkpal.ai\/hu\/?s={search_term_string}"},"query-input":{"@type":"PropertyValueSpecification","valueRequired":true,"valueName":"search_term_string"}}],"inLanguage":"hu"},{"@type":"Organization","@id":"https:\/\/talkpal.ai\/hu\/#organization","name":"Talkpal, Inc.","alternateName":"Talkpal AI","url":"https:\/\/talkpal.ai\/hu\/","logo":{"@type":"ImageObject","inLanguage":"hu","@id":"https:\/\/talkpal.ai\/hu\/#\/schema\/logo\/image\/","url":"https:\/\/talkpal.ai\/wp-content\/uploads\/2024\/03\/Talkpal-Logo-Icon.png","contentUrl":"https:\/\/talkpal.ai\/wp-content\/uploads\/2024\/03\/Talkpal-Logo-Icon.png","width":2880,"height":2880,"caption":"Talkpal, Inc."},"image":{"@id":"https:\/\/talkpal.ai\/hu\/#\/schema\/logo\/image\/"},"sameAs":["https:\/\/www.facebook.com\/profile.php?id=100090733639311","https:\/\/x.com\/talkpalai","https:\/\/www.linkedin.com\/company\/talkpal\/","https:\/\/www.youtube.com\/@TalkPal\/","https:\/\/www.tiktok.com\/@talkpal","https:\/\/www.instagram.com\/talkpal_ai\/","https:\/\/www.crunchbase.com\/organization\/talkpal-9cde","https:\/\/www.g2.com\/products\/talkpal-for-business\/","https:\/\/www.trustpilot.com\/review\/talkpal.ai","https:\/\/www.capterra.com\/p\/10006800\/TalkPal\/"],"description":"Talkpal is a language learning web and mobile education app, powered by the latest AI technologies, that provides engaging experiences to its customers in many different languages to help them improve their language skills. Users can chat about unlimited amount of topics with the app and use other modes to practice their language learning.","email":"support@talkpal.ai","legalName":"Talkpal, Inc.","foundingDate":"2023-04-03","duns":"118989042","numberOfEmployees":{"@type":"QuantitativeValue","minValue":"11","maxValue":"50"},"publishingPrinciples":"https:\/\/talkpal.ai\/publishing-principles\/","actionableFeedbackPolicy":"https:\/\/talkpal.ai\/actionable-feedback-policy\/","correctionsPolicy":"https:\/\/talkpal.ai\/corrections-policy\/","ethicsPolicy":"https:\/\/talkpal.ai\/ethics-policy\/","diversityPolicy":"https:\/\/talkpal.ai\/diversity-policy\/","diversityStaffingReport":"https:\/\/talkpal.ai\/diversity-policy\/"}]}},"_links":{"self":[{"href":"https:\/\/talkpal.ai\/hu\/wp-json\/wp\/v2\/pages\/131810","targetHints":{"allow":["GET"]}}],"collection":[{"href":"https:\/\/talkpal.ai\/hu\/wp-json\/wp\/v2\/pages"}],"about":[{"href":"https:\/\/talkpal.ai\/hu\/wp-json\/wp\/v2\/types\/page"}],"author":[{"embeddable":true,"href":"https:\/\/talkpal.ai\/hu\/wp-json\/wp\/v2\/users\/6"}],"replies":[{"embeddable":true,"href":"https:\/\/talkpal.ai\/hu\/wp-json\/wp\/v2\/comments?post=131810"}],"version-history":[{"count":0,"href":"https:\/\/talkpal.ai\/hu\/wp-json\/wp\/v2\/pages\/131810\/revisions"}],"wp:featuredmedia":[{"embeddable":true,"href":"https:\/\/talkpal.ai\/hu\/wp-json\/wp\/v2\/media\/75881"}],"wp:attachment":[{"href":"https:\/\/talkpal.ai\/hu\/wp-json\/wp\/v2\/media?parent=131810"}],"curies":[{"name":"wp","href":"https:\/\/api.w.org\/{rel}","templated":true}]}}