{"id":131542,"date":"2023-06-15T07:00:21","date_gmt":"2023-06-15T07:00:21","guid":{"rendered":"http:\/\/talkpal.ai\/spanyol-nyelvtani-gyakorlatok\/"},"modified":"2025-12-17T16:37:44","modified_gmt":"2025-12-17T16:37:44","slug":"spanyol-nyelvtani-gyakorlatok","status":"publish","type":"page","link":"https:\/\/talkpal.ai\/hu\/spanyol-nyelvtani-gyakorlatok\/","title":{"rendered":"Spanyol nyelvtani gyakorlatok"},"content":{"rendered":"\r\n\r\n\r\n<section class=\"languageChallengeSection\">\r\n    <div class=\"languageInfoWrapper\">\r\n        \r\n        <h1>Spanyol nyelvtani gyakorlatok<\/h1>\r\n        <p>K\u00e9szen \u00e1llsz a <a href=\"https:\/\/talkpal.ai\/learn-spanish\/\">spanyol<\/a> nyelvtanul\u00e1s fejleszt\u00e9s\u00e9re? A nyelvtani gyakorlatok gyakorl\u00e1sa nagyszer\u0171 m\u00f3dja a mondatszerkezet, az igek\u00f6t\u0151k \u00e9s a <a href=\"https:\/\/talkpal.ai\/learn-spanish\/\">spanyol<\/a> nyelv egyedi mint\u00e1inak elsaj\u00e1t\u00edt\u00e1s\u00e1nak. Kezdj el dolgozni a spanyol nyelvtanon m\u00e9g ma, \u00e9s l\u00e1sd, hogy a magabiztoss\u00e1god \u00e9s a foly\u00e9kony nyelvtud\u00e1sod <a href=\"https:\/\/talkpal.ai\/locations\/language-courses-in-minden\/\">minden<\/a> egyes gyakorlattal n\u0151!\n\n<\/p>\r\n\r\n                            <a class=\"getStartedHidden\" href=\"https:\/\/app.talkpal.ai\/hu\/signup?lng=\">Kezdj\u00fck<\/a>\r\n        \r\n    <\/div>\r\n\r\n    <figure>\r\n    <img decoding=\"async\" width=\"768\" height=\"768\" src=\"https:\/\/talkpal.ai\/wp-content\/uploads\/2023\/06\/Spanish-768x768.png\" class=\"languageImage no-lazy\" alt=\"Practical application of language learning\" fetchpriority=\"high\" sizes=\"(max-width: 768px) 150px, 768px\" srcset=\"https:\/\/talkpal.ai\/wp-content\/uploads\/2023\/06\/Spanish-768x768.png 768w, https:\/\/talkpal.ai\/wp-content\/uploads\/2023\/06\/Spanish-300x300.png 300w\" \/>\r\n    \r\n\r\n    <\/figure>\r\n\r\n            <a class=\"getStartedVisible\" href=\"https:\/\/app.talkpal.ai\/hu\/signup?lng=\">Kezdj\u00fck<\/a>\r\n    \r\n<\/section>\r\n\r\n\r\n<!-- <section class=\"grammarSection\">\r\n    <div class=\"grammarLinks\">\r\n        <a href=\"https:\/\/talkpal.ai\/hu\/exercise_language\/cikkek-spanyol-nyelvtan\/\">Cikkek <\/a><a href=\"https:\/\/talkpal.ai\/hu\/exercise_language\/eloljaroszok-spanyol-nyelvtan\/\">El\u00f6lj\u00e1r\u00f3sz\u00f3k <\/a><a href=\"https:\/\/talkpal.ai\/hu\/exercise_language\/fonevek-spanyol-nyelvtan\/\">F\u0151nevek <\/a><a href=\"https:\/\/talkpal.ai\/hu\/exercise_language\/hatarozoszavak-spanyol-nyelvtan\/\">Hat\u00e1roz\u00f3szavak <\/a><a href=\"https:\/\/talkpal.ai\/hu\/exercise_language\/igeido-osszehasonlitas-spanyol-nyelvtan\/\">Igeid\u0151 \u00f6sszehasonl\u00edt\u00e1s <\/a><a href=\"https:\/\/talkpal.ai\/hu\/exercise_language\/igek-spanyol-nyelvtan\/\">Ig\u00e9k <\/a><a href=\"https:\/\/talkpal.ai\/hu\/exercise_language\/indikativ-igeidok-spanyol-nyelvtan\/\">Indikat\u00edv igeid\u0151k <\/a><a href=\"https:\/\/talkpal.ai\/hu\/exercise_language\/kotoszo-spanyol-nyelvtan\/\">K\u00f6t\u0151sz\u00f3 <\/a><a href=\"https:\/\/talkpal.ai\/hu\/exercise_language\/melleknevek-spanyol-nyelvtan\/\">Mell\u00e9knevek <\/a><a href=\"https:\/\/talkpal.ai\/hu\/exercise_language\/mondatszerkezet-spanyol-nyelvtan\/\">Mondatszerkezet <\/a><a href=\"https:\/\/talkpal.ai\/hu\/exercise_language\/nevmasok-spanyol-nyelvtan\/\">N\u00e9vm\u00e1sok <\/a>    <\/div>\r\n<\/section> -->\r\n\r\n\r\n\r\n\r\n        <section class=\"grammarSection\">\r\n            <div class=\"grammarLinks\">\r\n                <a href=\"https:\/\/talkpal.ai\/hu\/exercise_language\/cikkek-spanyol-nyelvtan\/\">Cikkek <\/a><a href=\"https:\/\/talkpal.ai\/hu\/exercise_language\/eloljaroszok-spanyol-nyelvtan\/\">El\u00f6lj\u00e1r\u00f3sz\u00f3k <\/a><a href=\"https:\/\/talkpal.ai\/hu\/exercise_language\/fonevek-spanyol-nyelvtan\/\">F\u0151nevek <\/a><a href=\"https:\/\/talkpal.ai\/hu\/exercise_language\/hatarozoszavak-spanyol-nyelvtan\/\">Hat\u00e1roz\u00f3szavak <\/a><a href=\"https:\/\/talkpal.ai\/hu\/exercise_language\/igeido-osszehasonlitas-spanyol-nyelvtan\/\">Igeid\u0151 \u00f6sszehasonl\u00edt\u00e1s <\/a><a href=\"https:\/\/talkpal.ai\/hu\/exercise_language\/igek-spanyol-nyelvtan\/\">Ig\u00e9k <\/a><a href=\"https:\/\/talkpal.ai\/hu\/exercise_language\/indikativ-igeidok-spanyol-nyelvtan\/\">Indikat\u00edv igeid\u0151k <\/a><a href=\"https:\/\/talkpal.ai\/hu\/exercise_language\/kotoszo-spanyol-nyelvtan\/\">K\u00f6t\u0151sz\u00f3 <\/a><a href=\"https:\/\/talkpal.ai\/hu\/exercise_language\/melleknevek-spanyol-nyelvtan\/\">Mell\u00e9knevek <\/a><a href=\"https:\/\/talkpal.ai\/hu\/exercise_language\/mondatszerkezet-spanyol-nyelvtan\/\">Mondatszerkezet <\/a><a href=\"https:\/\/talkpal.ai\/hu\/exercise_language\/nevmasok-spanyol-nyelvtan\/\">N\u00e9vm\u00e1sok <\/a>            <\/div>\r\n        <\/section>\r\n<section class=\"promotionalBanner\">\r\n    <p class=\"promotionalText\">A nyelvtanul\u00e1s leghat\u00e9konyabb m\u00f3dja<\/p>\r\n    <a class=\"promotionalLink\" href=\"https:\/\/app.talkpal.ai\/hu\/signup?lng=\">Pr\u00f3b\u00e1lja ki a Talkpal ingyen<\/a>\r\n<\/section>\n<div class=\"wp-block-group pageContainerStyle\"><div class=\"wp-block-group__inner-container is-layout-constrained wp-block-group-is-layout-constrained\">\n<h2 class=\"wp-block-heading\" id=\"h-spanish-grammar-topics\">Spanyol nyelvtani t\u00e9m\u00e1k<\/h2>\n\n\n\n<p>Egy \u00faj nyelv tanul\u00e1sa izgalmas \u00e9s kifizet\u0151d\u0151 v\u00e1llalkoz\u00e1s lehet, \u00e9s ez al\u00f3l a spanyol sem kiv\u00e9tel. A vil\u00e1g m\u00e1sodik leggyakrabban besz\u00e9lt nyelvek\u00e9nt \u00faj lehet\u0151s\u00e9geket nyithat meg az utaz\u00e1s, a munka \u00e9s a kultur\u00e1lis csere sz\u00e1m\u00e1ra. Ak\u00e1r teljesen kezd\u0151 vagy, ak\u00e1r megl\u00e9v\u0151 k\u00e9szs\u00e9geit szeretn\u00e9 fejleszteni, a <a href=\"https:\/\/talkpal.ai\/hu\/grammar\/spanyol-nyelvtan-bemutatasa\/\">spanyol nyelvtan<\/a> meg\u00e9rt\u00e9se \u00e9s elsaj\u00e1t\u00edt\u00e1sa elengedhetetlen. Az igeid\u0151kt\u0151l \u00e9s ig\u00e9kt\u0151l a mondatszerkezetig \u00e9s az el\u00f6lj\u00e1r\u00f3szavakig a nyelv minden aspektusa d\u00f6nt\u0151 szerepet j\u00e1tszik a hat\u00e9kony kommunik\u00e1ci\u00f3 k\u00e9pess\u00e9g\u00e9ben. Ebben az \u00fatmutat\u00f3ban fontos spanyol nyelvtani t\u00e9m\u00e1kat fogunk felt\u00e1rni, logikus sorrendben bemutatva \u0151ket, hogy seg\u00edts\u00fcnk k\u00f6nnyed\u00e9n megtanulni a nyelvet.<\/p>\n\n\n\n<h3 class=\"wp-block-heading\" id=\"h-1-nouns-and-articles\">1. F\u0151nevek \u00e9s cikkek:<\/h3>\n\n\n\n<p>Kezdje azzal, hogy megismerkedik a spanyol f\u0151nevekkel \u00e9s nem\u00fckkel, valamint a hat\u00e1rozott \u00e9s hat\u00e1rozatlan cikkekkel. Ezek az alapvet\u0151 \u00e9p\u00edt\u0151elemek seg\u00edtenek meg\u00e9rteni \u00e9s form\u00e1lni az egyszer\u0171 kifejez\u00e9seket \u00e9s mondatokat.<\/p>\n\n\n\n<h3 class=\"wp-block-heading\" id=\"h-2-adjectives\">2. Mell\u00e9knevek:<\/h3>\n\n\n\n<p>A mell\u00e9knevek elengedhetetlenek a f\u0151nevek le\u00edr\u00e1s\u00e1hoz, \u00e9s spanyolul meg kell egyezni\u00fck a nemben \u00e9s a sz\u00e1mban az \u00e1ltaluk m\u00f3dos\u00edtott f\u0151n\u00e9vvel. A mell\u00e9knevek elhelyez\u00e9s\u00e9re \u00e9s egyet\u00e9rt\u00e9s\u00e9re vonatkoz\u00f3 szab\u00e1lyok megtanul\u00e1sa nagyban n\u00f6veli a spanyol nyelv\u0171 kifejez\u00e9s k\u00e9pess\u00e9g\u00e9t.<\/p>\n\n\n\n<h3 class=\"wp-block-heading\" id=\"h-3-pronouns\">3. N\u00e9vm\u00e1sok:<\/h3>\n\n\n\n<p>A n\u00e9vm\u00e1sok helyettes\u00edtik a f\u0151neveket, \u00e9s l\u00e9tfontoss\u00e1g\u00faak a besz\u00e9lget\u00e9s g\u00f6rd\u00fcl\u00e9kenyebb\u00e9 \u00e9s term\u00e9szetesebb\u00e9 t\u00e9tel\u00e9hez. \u00d6sszpontos\u00edtson az alany n\u00e9vm\u00e1sokra, a k\u00f6zvetlen \u00e9s k\u00f6zvetett t\u00e1rgyi n\u00e9vm\u00e1sokra \u00e9s a reflex\u00edv n\u00e9vm\u00e1sokra, biztos\u00edtva, hogy meg\u00e9rtse haszn\u00e1latukat \u00e9s mondatokban val\u00f3 elhelyez\u00e9s\u00fcket.<\/p>\n\n\n\n<h3 class=\"wp-block-heading\" id=\"h-4-verbs\">4. Ig\u00e9k:<\/h3>\n\n\n\n<p>Az ig\u00e9k <a href=\"https:\/\/talkpal.ai\/languages\/\">minden nyelv<\/a> gerinc\u00e9t k\u00e9pezik, \u00e9s a spanyol sem k\u00fcl\u00f6nb\u00f6zik egym\u00e1st\u00f3l. Kezdj\u00fck a leggyakoribb rendszeres \u00e9s szab\u00e1lytalan ig\u00e9k megtanul\u00e1s\u00e1val, valamint azok konjug\u00e1ci\u00f3ival a jelenlegi fesz\u00fclt indikat\u00edv hangulatban.<\/p>\n\n\n\n<h3 class=\"wp-block-heading\" id=\"h-5-tenses-indicative\">5. Igeid\u0151k jelz\u00e9s\u00e9rt\u00e9k\u0171ek:<\/h3>\n\n\n\n<p>Miut\u00e1n meg\u00e9rtette az alapvet\u0151 igeragoz\u00e1st, b\u0151v\u00edtse ismereteit m\u00e1s indikat\u00edv igeid\u0151kre, p\u00e9ld\u00e1ul a preterit, t\u00f6k\u00e9letlen, j\u00f6v\u0151 \u00e9s felt\u00e9teles id\u0151kre. Ez lehet\u0151v\u00e9 teszi, hogy k\u00fcl\u00f6nb\u00f6z\u0151 id\u0151kereteken bel\u00fcl fejezzen ki m\u0171veleteket \u00e9s esem\u00e9nyeket.<\/p>\n\n\n\n<h3 class=\"wp-block-heading\" id=\"h-6-adverbs\">6. Hat\u00e1roz\u00f3sz\u00f3k:<\/h3>\n\n\n\n<p>A hat\u00e1roz\u00f3szavak tov\u00e1bbi inform\u00e1ci\u00f3t ny\u00fajtanak az ig\u00e9kr\u0151l, mell\u00e9knevekr\u0151l \u00e9s m\u00e1s hat\u00e1roz\u00f3sz\u00f3kr\u00f3l. Ismerje meg a k\u00fcl\u00f6nb\u00f6z\u0151 t\u00edpus\u00fa hat\u00e1roz\u00f3szavakat \u00e9s azok mondatokban val\u00f3 elhelyez\u00e9s\u00e9t, hogy r\u00e9szletesebb\u00e9 \u00e9s \u00e1rnyalatosabb\u00e1 tegye besz\u00e9d\u00e9t.<\/p>\n\n\n\n<h3 class=\"wp-block-heading\" id=\"h-7-prepositions\">7. El\u00f6lj\u00e1r\u00f3szavak:<\/h3>\n\n\n\n<p>Az el\u00f6lj\u00e1r\u00f3szavak elengedhetetlenek a szavak k\u00f6z\u00f6tti kapcsolatok, p\u00e9ld\u00e1ul a hely, az ir\u00e1ny vagy az id\u0151 kifejez\u00e9s\u00e9hez. Ismerje meg a leggyakoribb spanyol el\u00f6lj\u00e1r\u00f3szavakat \u00e9s azok haszn\u00e1lat\u00e1t k\u00fcl\u00f6nb\u00f6z\u0151 kontextusokban.<\/p>\n\n\n\n<h3 class=\"wp-block-heading\" id=\"h-8-tenses-subjunctive\">8. Igeid\u0151k k\u00f6t\u0151sz\u00f3:<\/h3>\n\n\n\n<p>A szubjekt\u00edv hangulatot k\u00e9ts\u00e9g, bizonytalans\u00e1g vagy hipotetikus helyzetek kifejez\u00e9s\u00e9re haszn\u00e1lj\u00e1k. Tanulm\u00e1nyozza a rendszeres \u00e9s szab\u00e1lytalan ig\u00e9k konjug\u00e1ci\u00f3s szab\u00e1lyait a jelen, a m\u00falt \u00e9s a j\u00f6v\u0151 szubjekt\u00edv idej\u00e9ben, hogy b\u0151v\u00edtse kifejez\u0151k\u00e9pess\u00e9g\u00e9t.<\/p>\n\n\n\n<h3 class=\"wp-block-heading\" id=\"h-9-tense-comparison\">9. Fesz\u00fclt \u00f6sszehasonl\u00edt\u00e1s:<\/h3>\n\n\n\n<p>A k\u00fcl\u00f6nb\u00f6z\u0151 id\u0151k \u00e9s hangulatok k\u00f6z\u00f6tti \u00e1rnyalatok meg\u00e9rt\u00e9se seg\u00edt kiv\u00e1lasztani a megfelel\u0151 form\u00e1t a k\u00edv\u00e1nt jelent\u00e9s k\u00f6zvet\u00edt\u00e9s\u00e9hez. Gyakorolja az indikat\u00edv \u00e9s szubjekt\u00edv id\u0151k, valamint a k\u00fcl\u00f6nb\u00f6z\u0151 m\u00falt id\u0151k \u00f6sszehasonl\u00edt\u00e1s\u00e1t \u00e9s szembe\u00e1ll\u00edt\u00e1s\u00e1t, hogy jobban elsaj\u00e1t\u00edtsa a nyelvet.<\/p>\n\n\n\n<h3 class=\"wp-block-heading\" id=\"h-10-sentence-structure\">10. Mondatszerkezet:<\/h3>\n\n\n\n<p>V\u00e9g\u00fcl fedezze fel a k\u00fcl\u00f6nb\u00f6z\u0151 mondatszerkezeteket, bele\u00e9rtve az egyszer\u0171, \u00f6sszetett \u00e9s \u00f6sszetett mondatokat. Tanulja meg, hogyan haszn\u00e1lhatja a koordin\u00e1l\u00f3 \u00e9s al\u00e1rendelt k\u00f6t\u0151szavakat, hogy \u00f6sszetettebb \u00f6tleteket hozzon l\u00e9tre, \u00e9s fejlessze k\u00e9pess\u00e9g\u00e9t a hat\u00e9kony spanyol nyelv\u0171 kommunik\u00e1ci\u00f3ra.<\/p>\n<\/div><\/div>\n\r\n<section class=\"learnNavigationSection\">\r\n            \r\n        <a href=\"https:\/\/talkpal.ai\/hu\/tanuljon-spanyolul\/\">\r\n            <div class=\"learnNavigationWrapper\">\r\n                <div class=\"learnNavigationContent\">\r\n                    <img decoding=\"async\" src=\"https:\/\/talkpal.ai\/wp-content\/uploads\/2024\/08\/Spanish.jpg\" alt=\"Spanish Flag\">\r\n                    <div>\r\n                        <h4>A spanyol tanul\u00e1sr\u00f3l<\/h4>\r\n                        <p>Tudjon meg mindent a spanyol nyelvtanr\u00f3l.<\/p>\r\n                    <\/div>\r\n                <\/div>\r\n            <\/div>\r\n        <\/a>\r\n\r\n        \r\n        <a href=\"https:\/\/talkpal.ai\/hu\/spanyol-nyelvtan\/\">\r\n            <div class=\"learnNavigationWrapper\">\r\n                <div class=\"learnNavigationContent\">\r\n                    <img decoding=\"async\" src=\"https:\/\/talkpal.ai\/wp-content\/uploads\/2024\/08\/Spanish.jpg\" alt=\"Spanish Flag\">\r\n                    <div>\r\n                        <h4>Spanyol nyelvtani \u00f3r\u00e1k<\/h4>\r\n                        <p>Gyakorolja a spanyol nyelvtant.<\/p>\r\n                    <\/div>\r\n                <\/div>\r\n            <\/div>\r\n        <\/a>\r\n\r\n        \r\n        <a href=\"https:\/\/talkpal.ai\/vocabulary_language\/spanish\/\">\r\n            <div class=\"learnNavigationWrapper\">\r\n                <div class=\"learnNavigationContent\">\r\n                    <img decoding=\"async\" src=\"https:\/\/talkpal.ai\/wp-content\/uploads\/2024\/08\/Spanish.jpg\" alt=\"Spanish Flag\">\r\n                    <div>\r\n                        <h4>Spanyol sz\u00f3kincs<\/h4>\r\n                        <p>B\u0151v\u00edtse spanyol sz\u00f3kincs\u00e9t.<\/p>\r\n                    <\/div>\r\n                <\/div>\r\n            <\/div>\r\n        <\/a>\r\n\r\n            <\/section>","protected":false},"excerpt":{"rendered":"<p>Spanyol nyelvtani t\u00e9m\u00e1k Egy \u00faj nyelv tanul\u00e1sa izgalmas \u00e9s kifizet\u0151d\u0151 v\u00e1llalkoz\u00e1s lehet, \u00e9s ez al\u00f3l a spanyol sem kiv\u00e9tel. A vil\u00e1g m\u00e1sodik leggyakrabban besz\u00e9lt nyelvek\u00e9nt \u00faj lehet\u0151s\u00e9geket nyithat meg az utaz\u00e1s, a munka \u00e9s a kultur\u00e1lis csere sz\u00e1m\u00e1ra. Ak\u00e1r teljesen kezd\u0151 vagy, ak\u00e1r megl\u00e9v\u0151 k\u00e9szs\u00e9geit szeretn\u00e9 fejleszteni, a spanyol nyelvtan meg\u00e9rt\u00e9se \u00e9s elsaj\u00e1t\u00edt\u00e1sa elengedhetetlen. Az [&hellip;]<\/p>\n","protected":false},"author":1,"featured_media":75343,"parent":0,"menu_order":0,"comment_status":"closed","ping_status":"closed","template":"LearningContentPage.php","meta":{"_acf_changed":false,"footnotes":""},"class_list":["post-131542","page","type-page","status-publish","has-post-thumbnail","hentry"],"acf":[],"yoast_head":"<!-- This site is optimized with the Yoast SEO Premium plugin v27.2 (Yoast SEO v27.2) - https:\/\/yoast.com\/product\/yoast-seo-premium-wordpress\/ -->\n<title>Spanyol nyelvtani gyakorlatok - Talkpal<\/title>\n<meta name=\"description\" content=\"Fejleszd a spanyol nyelvtanodat minden tud\u00e1sszintre tervezett interakt\u00edv gyakorlatokkal. Gyakorold az ig\u00e9ket, a mondatszerkezetet, a sz\u00f3kincset \u00e9s m\u00e9g sok m\u00e1st!\" \/>\n<meta name=\"robots\" content=\"index, follow, max-snippet:-1, max-image-preview:large, max-video-preview:-1\" \/>\n<link rel=\"canonical\" href=\"https:\/\/talkpal.ai\/hu\/spanyol-nyelvtani-gyakorlatok\/\" \/>\n<meta property=\"og:locale\" content=\"hu_HU\" \/>\n<meta property=\"og:type\" content=\"article\" \/>\n<meta property=\"og:title\" content=\"Spanyol nyelvtani gyakorlatok\" \/>\n<meta property=\"og:description\" content=\"Spanyol nyelvtani t\u00e9m\u00e1k Egy \u00faj nyelv tanul\u00e1sa izgalmas \u00e9s kifizet\u0151d\u0151 v\u00e1llalkoz\u00e1s lehet, \u00e9s ez al\u00f3l a spanyol sem kiv\u00e9tel. A vil\u00e1g m\u00e1sodik leggyakrabban\" \/>\n<meta property=\"og:url\" content=\"https:\/\/talkpal.ai\/hu\/spanyol-nyelvtani-gyakorlatok\/\" \/>\n<meta property=\"og:site_name\" content=\"Talkpal\" \/>\n<meta property=\"article:publisher\" content=\"https:\/\/www.facebook.com\/profile.php?id=100090733639311\" \/>\n<meta property=\"article:modified_time\" content=\"2025-12-17T16:37:44+00:00\" \/>\n<meta property=\"og:image\" content=\"https:\/\/talkpal.ai\/wp-content\/uploads\/2023\/03\/spain.png\" \/>\n\t<meta property=\"og:image:width\" content=\"512\" \/>\n\t<meta property=\"og:image:height\" content=\"512\" \/>\n\t<meta property=\"og:image:type\" content=\"image\/png\" \/>\n<meta name=\"twitter:card\" content=\"summary_large_image\" \/>\n<meta name=\"twitter:site\" content=\"@talkpalai\" \/>\n<meta name=\"twitter:label1\" content=\"Becs\u00fclt olvas\u00e1si id\u0151\" \/>\n\t<meta name=\"twitter:data1\" content=\"4 perc\" \/>\n<script type=\"application\/ld+json\" class=\"yoast-schema-graph\">{\"@context\":\"https:\/\/schema.org\",\"@graph\":[{\"@type\":\"WebPage\",\"@id\":\"https:\/\/talkpal.ai\/hu\/spanyol-nyelvtani-gyakorlatok\/\",\"url\":\"https:\/\/talkpal.ai\/hu\/spanyol-nyelvtani-gyakorlatok\/\",\"name\":\"Spanyol nyelvtani gyakorlatok - Talkpal\",\"isPartOf\":{\"@id\":\"https:\/\/talkpal.ai\/hu\/#website\"},\"primaryImageOfPage\":{\"@id\":\"https:\/\/talkpal.ai\/hu\/spanyol-nyelvtani-gyakorlatok\/#primaryimage\"},\"image\":{\"@id\":\"https:\/\/talkpal.ai\/hu\/spanyol-nyelvtani-gyakorlatok\/#primaryimage\"},\"thumbnailUrl\":\"https:\/\/talkpal.ai\/wp-content\/uploads\/2023\/03\/spain.png\",\"datePublished\":\"2023-06-15T07:00:21+00:00\",\"dateModified\":\"2025-12-17T16:37:44+00:00\",\"description\":\"Fejleszd a spanyol nyelvtanodat minden tud\u00e1sszintre tervezett interakt\u00edv gyakorlatokkal. Gyakorold az ig\u00e9ket, a mondatszerkezetet, a sz\u00f3kincset \u00e9s m\u00e9g sok m\u00e1st!\",\"breadcrumb\":{\"@id\":\"https:\/\/talkpal.ai\/hu\/spanyol-nyelvtani-gyakorlatok\/#breadcrumb\"},\"inLanguage\":\"hu\",\"potentialAction\":[{\"@type\":\"ReadAction\",\"target\":[\"https:\/\/talkpal.ai\/hu\/spanyol-nyelvtani-gyakorlatok\/\"]}]},{\"@type\":\"ImageObject\",\"inLanguage\":\"hu\",\"@id\":\"https:\/\/talkpal.ai\/hu\/spanyol-nyelvtani-gyakorlatok\/#primaryimage\",\"url\":\"https:\/\/talkpal.ai\/wp-content\/uploads\/2023\/03\/spain.png\",\"contentUrl\":\"https:\/\/talkpal.ai\/wp-content\/uploads\/2023\/03\/spain.png\",\"width\":512,\"height\":512,\"caption\":\"TalkPal AI learn Spanish\"},{\"@type\":\"BreadcrumbList\",\"@id\":\"https:\/\/talkpal.ai\/hu\/spanyol-nyelvtani-gyakorlatok\/#breadcrumb\",\"itemListElement\":[{\"@type\":\"ListItem\",\"position\":1,\"name\":\"Homepage\",\"item\":\"https:\/\/talkpal.ai\/hu\/\"},{\"@type\":\"ListItem\",\"position\":2,\"name\":\"Spanyol nyelvtani gyakorlatok\"}]},{\"@type\":\"WebSite\",\"@id\":\"https:\/\/talkpal.ai\/hu\/#website\",\"url\":\"https:\/\/talkpal.ai\/hu\/\",\"name\":\"Talkpal\",\"description\":\"AI Language Learning\",\"publisher\":{\"@id\":\"https:\/\/talkpal.ai\/hu\/#organization\"},\"alternateName\":\"Talkpal AI\",\"potentialAction\":[{\"@type\":\"SearchAction\",\"target\":{\"@type\":\"EntryPoint\",\"urlTemplate\":\"https:\/\/talkpal.ai\/hu\/?s={search_term_string}\"},\"query-input\":{\"@type\":\"PropertyValueSpecification\",\"valueRequired\":true,\"valueName\":\"search_term_string\"}}],\"inLanguage\":\"hu\"},{\"@type\":\"Organization\",\"@id\":\"https:\/\/talkpal.ai\/hu\/#organization\",\"name\":\"Talkpal, Inc.\",\"alternateName\":\"Talkpal AI\",\"url\":\"https:\/\/talkpal.ai\/hu\/\",\"logo\":{\"@type\":\"ImageObject\",\"inLanguage\":\"hu\",\"@id\":\"https:\/\/talkpal.ai\/hu\/#\/schema\/logo\/image\/\",\"url\":\"https:\/\/talkpal.ai\/wp-content\/uploads\/2024\/03\/Talkpal-Logo-Icon.png\",\"contentUrl\":\"https:\/\/talkpal.ai\/wp-content\/uploads\/2024\/03\/Talkpal-Logo-Icon.png\",\"width\":2880,\"height\":2880,\"caption\":\"Talkpal, Inc.\"},\"image\":{\"@id\":\"https:\/\/talkpal.ai\/hu\/#\/schema\/logo\/image\/\"},\"sameAs\":[\"https:\/\/www.facebook.com\/profile.php?id=100090733639311\",\"https:\/\/x.com\/talkpalai\",\"https:\/\/www.linkedin.com\/company\/talkpal\/\",\"https:\/\/www.youtube.com\/@TalkPal\/\",\"https:\/\/www.tiktok.com\/@talkpal\",\"https:\/\/www.instagram.com\/talkpal_ai\/\",\"https:\/\/www.crunchbase.com\/organization\/talkpal-9cde\",\"https:\/\/www.g2.com\/products\/talkpal-for-business\/\",\"https:\/\/www.trustpilot.com\/review\/talkpal.ai\",\"https:\/\/www.capterra.com\/p\/10006800\/TalkPal\/\"],\"description\":\"Talkpal is a language learning web and mobile education app, powered by the latest AI technologies, that provides engaging experiences to its customers in many different languages to help them improve their language skills. Users can chat about unlimited amount of topics with the app and use other modes to practice their language learning.\",\"email\":\"support@talkpal.ai\",\"legalName\":\"Talkpal, Inc.\",\"foundingDate\":\"2023-04-03\",\"duns\":\"118989042\",\"numberOfEmployees\":{\"@type\":\"QuantitativeValue\",\"minValue\":\"11\",\"maxValue\":\"50\"},\"publishingPrinciples\":\"https:\/\/talkpal.ai\/publishing-principles\/\",\"actionableFeedbackPolicy\":\"https:\/\/talkpal.ai\/actionable-feedback-policy\/\",\"correctionsPolicy\":\"https:\/\/talkpal.ai\/corrections-policy\/\",\"ethicsPolicy\":\"https:\/\/talkpal.ai\/ethics-policy\/\",\"diversityPolicy\":\"https:\/\/talkpal.ai\/diversity-policy\/\",\"diversityStaffingReport\":\"https:\/\/talkpal.ai\/diversity-policy\/\"}]}<\/script>\n<!-- \/ Yoast SEO Premium plugin. -->","yoast_head_json":{"title":"Spanyol nyelvtani gyakorlatok - Talkpal","description":"Fejleszd a spanyol nyelvtanodat minden tud\u00e1sszintre tervezett interakt\u00edv gyakorlatokkal. Gyakorold az ig\u00e9ket, a mondatszerkezetet, a sz\u00f3kincset \u00e9s m\u00e9g sok m\u00e1st!","robots":{"index":"index","follow":"follow","max-snippet":"max-snippet:-1","max-image-preview":"max-image-preview:large","max-video-preview":"max-video-preview:-1"},"canonical":"https:\/\/talkpal.ai\/hu\/spanyol-nyelvtani-gyakorlatok\/","og_locale":"hu_HU","og_type":"article","og_title":"Spanyol nyelvtani gyakorlatok","og_description":"Spanyol nyelvtani t\u00e9m\u00e1k Egy \u00faj nyelv tanul\u00e1sa izgalmas \u00e9s kifizet\u0151d\u0151 v\u00e1llalkoz\u00e1s lehet, \u00e9s ez al\u00f3l a spanyol sem kiv\u00e9tel. A vil\u00e1g m\u00e1sodik leggyakrabban","og_url":"https:\/\/talkpal.ai\/hu\/spanyol-nyelvtani-gyakorlatok\/","og_site_name":"Talkpal","article_publisher":"https:\/\/www.facebook.com\/profile.php?id=100090733639311","article_modified_time":"2025-12-17T16:37:44+00:00","og_image":[{"width":512,"height":512,"url":"https:\/\/talkpal.ai\/wp-content\/uploads\/2023\/03\/spain.png","type":"image\/png"}],"twitter_card":"summary_large_image","twitter_site":"@talkpalai","twitter_misc":{"Becs\u00fclt olvas\u00e1si id\u0151":"4 perc"},"schema":{"@context":"https:\/\/schema.org","@graph":[{"@type":"WebPage","@id":"https:\/\/talkpal.ai\/hu\/spanyol-nyelvtani-gyakorlatok\/","url":"https:\/\/talkpal.ai\/hu\/spanyol-nyelvtani-gyakorlatok\/","name":"Spanyol nyelvtani gyakorlatok - Talkpal","isPartOf":{"@id":"https:\/\/talkpal.ai\/hu\/#website"},"primaryImageOfPage":{"@id":"https:\/\/talkpal.ai\/hu\/spanyol-nyelvtani-gyakorlatok\/#primaryimage"},"image":{"@id":"https:\/\/talkpal.ai\/hu\/spanyol-nyelvtani-gyakorlatok\/#primaryimage"},"thumbnailUrl":"https:\/\/talkpal.ai\/wp-content\/uploads\/2023\/03\/spain.png","datePublished":"2023-06-15T07:00:21+00:00","dateModified":"2025-12-17T16:37:44+00:00","description":"Fejleszd a spanyol nyelvtanodat minden tud\u00e1sszintre tervezett interakt\u00edv gyakorlatokkal. Gyakorold az ig\u00e9ket, a mondatszerkezetet, a sz\u00f3kincset \u00e9s m\u00e9g sok m\u00e1st!","breadcrumb":{"@id":"https:\/\/talkpal.ai\/hu\/spanyol-nyelvtani-gyakorlatok\/#breadcrumb"},"inLanguage":"hu","potentialAction":[{"@type":"ReadAction","target":["https:\/\/talkpal.ai\/hu\/spanyol-nyelvtani-gyakorlatok\/"]}]},{"@type":"ImageObject","inLanguage":"hu","@id":"https:\/\/talkpal.ai\/hu\/spanyol-nyelvtani-gyakorlatok\/#primaryimage","url":"https:\/\/talkpal.ai\/wp-content\/uploads\/2023\/03\/spain.png","contentUrl":"https:\/\/talkpal.ai\/wp-content\/uploads\/2023\/03\/spain.png","width":512,"height":512,"caption":"TalkPal AI learn Spanish"},{"@type":"BreadcrumbList","@id":"https:\/\/talkpal.ai\/hu\/spanyol-nyelvtani-gyakorlatok\/#breadcrumb","itemListElement":[{"@type":"ListItem","position":1,"name":"Homepage","item":"https:\/\/talkpal.ai\/hu\/"},{"@type":"ListItem","position":2,"name":"Spanyol nyelvtani gyakorlatok"}]},{"@type":"WebSite","@id":"https:\/\/talkpal.ai\/hu\/#website","url":"https:\/\/talkpal.ai\/hu\/","name":"Talkpal","description":"AI Language Learning","publisher":{"@id":"https:\/\/talkpal.ai\/hu\/#organization"},"alternateName":"Talkpal AI","potentialAction":[{"@type":"SearchAction","target":{"@type":"EntryPoint","urlTemplate":"https:\/\/talkpal.ai\/hu\/?s={search_term_string}"},"query-input":{"@type":"PropertyValueSpecification","valueRequired":true,"valueName":"search_term_string"}}],"inLanguage":"hu"},{"@type":"Organization","@id":"https:\/\/talkpal.ai\/hu\/#organization","name":"Talkpal, Inc.","alternateName":"Talkpal AI","url":"https:\/\/talkpal.ai\/hu\/","logo":{"@type":"ImageObject","inLanguage":"hu","@id":"https:\/\/talkpal.ai\/hu\/#\/schema\/logo\/image\/","url":"https:\/\/talkpal.ai\/wp-content\/uploads\/2024\/03\/Talkpal-Logo-Icon.png","contentUrl":"https:\/\/talkpal.ai\/wp-content\/uploads\/2024\/03\/Talkpal-Logo-Icon.png","width":2880,"height":2880,"caption":"Talkpal, Inc."},"image":{"@id":"https:\/\/talkpal.ai\/hu\/#\/schema\/logo\/image\/"},"sameAs":["https:\/\/www.facebook.com\/profile.php?id=100090733639311","https:\/\/x.com\/talkpalai","https:\/\/www.linkedin.com\/company\/talkpal\/","https:\/\/www.youtube.com\/@TalkPal\/","https:\/\/www.tiktok.com\/@talkpal","https:\/\/www.instagram.com\/talkpal_ai\/","https:\/\/www.crunchbase.com\/organization\/talkpal-9cde","https:\/\/www.g2.com\/products\/talkpal-for-business\/","https:\/\/www.trustpilot.com\/review\/talkpal.ai","https:\/\/www.capterra.com\/p\/10006800\/TalkPal\/"],"description":"Talkpal is a language learning web and mobile education app, powered by the latest AI technologies, that provides engaging experiences to its customers in many different languages to help them improve their language skills. Users can chat about unlimited amount of topics with the app and use other modes to practice their language learning.","email":"support@talkpal.ai","legalName":"Talkpal, Inc.","foundingDate":"2023-04-03","duns":"118989042","numberOfEmployees":{"@type":"QuantitativeValue","minValue":"11","maxValue":"50"},"publishingPrinciples":"https:\/\/talkpal.ai\/publishing-principles\/","actionableFeedbackPolicy":"https:\/\/talkpal.ai\/actionable-feedback-policy\/","correctionsPolicy":"https:\/\/talkpal.ai\/corrections-policy\/","ethicsPolicy":"https:\/\/talkpal.ai\/ethics-policy\/","diversityPolicy":"https:\/\/talkpal.ai\/diversity-policy\/","diversityStaffingReport":"https:\/\/talkpal.ai\/diversity-policy\/"}]}},"_links":{"self":[{"href":"https:\/\/talkpal.ai\/hu\/wp-json\/wp\/v2\/pages\/131542","targetHints":{"allow":["GET"]}}],"collection":[{"href":"https:\/\/talkpal.ai\/hu\/wp-json\/wp\/v2\/pages"}],"about":[{"href":"https:\/\/talkpal.ai\/hu\/wp-json\/wp\/v2\/types\/page"}],"author":[{"embeddable":true,"href":"https:\/\/talkpal.ai\/hu\/wp-json\/wp\/v2\/users\/1"}],"replies":[{"embeddable":true,"href":"https:\/\/talkpal.ai\/hu\/wp-json\/wp\/v2\/comments?post=131542"}],"version-history":[{"count":0,"href":"https:\/\/talkpal.ai\/hu\/wp-json\/wp\/v2\/pages\/131542\/revisions"}],"wp:featuredmedia":[{"embeddable":true,"href":"https:\/\/talkpal.ai\/hu\/wp-json\/wp\/v2\/media\/75343"}],"wp:attachment":[{"href":"https:\/\/talkpal.ai\/hu\/wp-json\/wp\/v2\/media?parent=131542"}],"curies":[{"name":"wp","href":"https:\/\/api.w.org\/{rel}","templated":true}]}}