{"id":131105,"date":"2023-05-14T13:53:24","date_gmt":"2023-05-14T13:53:24","guid":{"rendered":"http:\/\/talkpal.ai\/ukran-nyelvtan\/"},"modified":"2025-12-11T16:37:33","modified_gmt":"2025-12-11T16:37:33","slug":"ukran-nyelvtan","status":"publish","type":"page","link":"https:\/\/talkpal.ai\/hu\/ukran-nyelvtan\/","title":{"rendered":"Ukr\u00e1n nyelvtan"},"content":{"rendered":"\r\n\r\n\r\n<section class=\"languageChallengeSection\">\r\n    <div class=\"languageInfoWrapper\">\r\n        \r\n        <h1>Ukr\u00e1n nyelvtan<\/h1>\r\n        <p>Fedezze fel az <a href=\"https:\/\/talkpal.ai\/learn-ukrainian\/\">ukr\u00e1n<\/a> nyelv szerkezet\u00e9t az alapvet\u0151 nyelvtani szab\u00e1lyok elsaj\u00e1t\u00edt\u00e1s\u00e1val. Az <a href=\"https:\/\/talkpal.ai\/ukrainian-grammar\/\">ukr\u00e1n nyelvtan<\/a> elsaj\u00e1t\u00edt\u00e1sa seg\u00edt magabiztosan kommunik\u00e1lni, \u00e9s m\u00e9lyebb kapcsolatba ker\u00fclni az ukr\u00e1n kult\u00far\u00e1val \u00e9s \u00f6r\u00f6ks\u00e9ggel. Kezdje el az ukr\u00e1n nyelvtani utaz\u00e1st m\u00e9g ma, \u00e9s tegye meg az els\u0151 l\u00e9p\u00e9st a foly\u00e9kony nyelvtud\u00e1s fel\u00e9!<\/p>\r\n\r\n                            <a class=\"getStartedHidden\" href=\"https:\/\/app.talkpal.ai\/hu\/signup?lng=\">Kezdj\u00fck<\/a>\r\n        \r\n    <\/div>\r\n\r\n    <figure>\r\n    <img decoding=\"async\" width=\"768\" height=\"768\" src=\"https:\/\/talkpal.ai\/wp-content\/uploads\/2023\/06\/Ukrainian-768x768.png\" class=\"languageImage no-lazy\" alt=\"Language learning - Your doorway to the world\" fetchpriority=\"high\" sizes=\"(max-width: 768px) 150px, 768px\" srcset=\"https:\/\/talkpal.ai\/wp-content\/uploads\/2023\/06\/Ukrainian-768x768.png 768w, https:\/\/talkpal.ai\/wp-content\/uploads\/2023\/06\/Ukrainian-300x300.png 300w\" \/>\r\n    \r\n\r\n    <\/figure>\r\n\r\n            <a class=\"getStartedVisible\" href=\"https:\/\/app.talkpal.ai\/hu\/signup?lng=\">Kezdj\u00fck<\/a>\r\n    \r\n<\/section>\r\n<section class=\"promotionalBanner\">\r\n    <p class=\"promotionalText\">A nyelvtanul\u00e1s leghat\u00e9konyabb m\u00f3dja<\/p>\r\n    <a class=\"promotionalLink\" href=\"https:\/\/app.talkpal.ai\/hu\/signup?lng=\">Pr\u00f3b\u00e1lja ki a Talkpal ingyen<\/a>\r\n<\/section>\n<div class=\"wp-block-group pageContainerStyle\"><div class=\"wp-block-group__inner-container is-layout-constrained wp-block-group-is-layout-constrained\">\n<h2 class=\"wp-block-heading\" id=\"h-a-comprehensive-guide-to-mastering-ukrainian-grammar\">\u00c1tfog\u00f3 \u00fatmutat\u00f3 az ukr\u00e1n nyelvtan elsaj\u00e1t\u00edt\u00e1s\u00e1hoz<\/h2>\n\n\n\n<p>Az ukr\u00e1n, egy gy\u00f6ny\u00f6r\u0171 \u00e9s dallamos nyelv, egyre nagyobb \u00e9rdekl\u0151d\u00e9st v\u00e1ltott ki a <a href=\"https:\/\/talkpal.ai\/talkpal-discount-for-language-enthusiasts\/\">nyelvrajong\u00f3k<\/a> k\u00f6r\u00e9ben vil\u00e1gszerte. Az ukr\u00e1n nyelvtanul\u00e1s hozz\u00e1f\u00e9r\u00e9st biztos\u00edt a gazdag kultur\u00e1lis \u00f6r\u00f6ks\u00e9ghez, \u00e9s lehet\u0151v\u00e9 teszi, hogy kommunik\u00e1ljon t\u00f6bb milli\u00f3 emberrel Ukrajn\u00e1ban \u00e9s a szomsz\u00e9dos orsz\u00e1gokban. B\u00e1r az ukr\u00e1n nyelvtanba val\u00f3 belemer\u00fcl\u00e9s eleinte ijeszt\u0151nek t\u0171nhet, ha er\u0151s alapja <a href=\"https:\/\/talkpal.ai\/locations\/language-courses-in-van\/\">van<\/a>, felfedezheti a nyelv \u00e1rnyalatait, \u00e9s teljes m\u00e9rt\u00e9kben \u00e9rt\u00e9kelheti sz\u00e9ps\u00e9g\u00e9t. Ez a cikk l\u00e9p\u00e9sr\u0151l l\u00e9p\u00e9sre v\u00e9gigvezeti \u00d6nt az ukr\u00e1n <a href=\"https:\/\/talkpal.ai\/grammar\/\">nyelvtan<\/a> alapvet\u0151 elemein, felk\u00e9sz\u00edtve \u00d6nt arra, hogy magabiztosan kezdje meg nyelvi utaz\u00e1s\u00e1t.<\/p>\n\n\n\n<h3 class=\"wp-block-heading\" id=\"h-1-mastering-ukrainian-nouns-and-cases\">1. Az ukr\u00e1n f\u0151nevek \u00e9s esetek elsaj\u00e1t\u00edt\u00e1sa<\/h3>\n\n\n\n<p>Az ukr\u00e1n nyelvtan k\u00f6zponti jellemz\u0151je az esetrendszer. A f\u0151nevek haszn\u00e1latakor ismernie kell a nem\u00fcket (f\u00e9rfias, n\u0151ies vagy ivartalan\u00edtott), \u00e9s tiszt\u00e1ban kell lennie azzal a kontextussal, amely sz\u00fcks\u00e9gess\u00e9 teheti a v\u00e9gz\u0151d\u00e9s\u00fck megv\u00e1ltoztat\u00e1s\u00e1t. Az ukr\u00e1n nyelvnek h\u00e9t esete van:<\/p>\n\n\n\n<p>&#8211; Nominat\u00edvus: a mondat <a href=\"https:\/\/talkpal.ai\/locations\/language-courses-in-alanya\/\">alanya<\/a><\/p>\n\n\n\n<p>&#8211; Genitivus: birtokl\u00e1s, mennyis\u00e9g \u00e9s tagad\u00e1s jel\u00f6l\u00e9se<\/p>\n\n\n\n<p>&#8211; Dative: k\u00f6zvetett t\u00e1rgy vagy c\u00e9l fel\u00e9 ir\u00e1nyul\u00f3 mozg\u00e1s<\/p>\n\n\n\n<p>&#8211; Accusative: k\u00f6zvetlen t\u00e1rgy vagy valamire ir\u00e1nyul\u00f3 mozg\u00e1s<\/p>\n\n\n\n<p>&#8211; Instrument\u00e1lis: a cselekv\u00e9s eszk\u00f6z\u00e9t vagy eszk\u00f6z\u00e9t jel\u00f6li.<\/p>\n\n\n\n<p>&#8211; Helyhat\u00e1roz\u00f3: a helysz\u00ednt jel\u00f6li<\/p>\n\n\n\n<p>&#8211; Vocative: valakinek a megsz\u00f3l\u00edt\u00e1s\u00e1ra vagy megsz\u00f3l\u00edt\u00e1s\u00e1ra haszn\u00e1latos.<\/p>\n\n\n\n<p>Figyelnie kell a f\u0151n\u00e9vi v\u00e9gz\u0151d\u00e9sekre \u00e9s a deklin\u00e1ci\u00f3ra, mivel ezek a haszn\u00e1lt eset, valamint a f\u0151n\u00e9v neme \u00e9s sz\u00e1ma szerint v\u00e1ltoznak.<\/p>\n\n\n\n<h3 class=\"wp-block-heading\" id=\"h-2-navigating-the-ukrainian-verb-system\">2. Navig\u00e1l\u00e1s az ukr\u00e1n igerendszerben<\/h3>\n\n\n\n<p>Az ukr\u00e1n ig\u00e9k a szem\u00e9ly, a sz\u00e1m, az id\u0151, a hangulat \u00e9s a hang alapj\u00e1n vannak ragozva. Az ukr\u00e1nban az ig\u00e9knek n\u00e9gy aspektusa van: perfekt\u00edv, t\u00f6k\u00e9letlen, iterat\u00edv \u00e9s kezdetleges:<\/p>\n\n\n\n<p>&#8211; Perfekt\u00edv: befejezett cselekv\u00e9seket jel\u00f6l<\/p>\n\n\n\n<p>&#8211; Imperfekt\u00edv: folyamatos, megszokott vagy ism\u00e9tl\u0151d\u0151 cselekv\u00e9seket <a href=\"https:\/\/talkpal.ai\/learn-irish\/\">\u00edr<\/a> le.<\/p>\n\n\n\n<p>&#8211; Iterat\u00edv: meghat\u00e1rozott id\u0151k\u00f6z\u00f6nk\u00e9nt ism\u00e9tl\u0151d\u0151 m\u0171veleteket k\u00f6zvet\u00edt.<\/p>\n\n\n\n<p>&#8211; Incept\u00edv: egy cselekv\u00e9s kezdet\u00e9t jelzi.<\/p>\n\n\n\n<p>Az ukr\u00e1n igerendszerben val\u00f3 navig\u00e1l\u00e1shoz meg kell ismerkednie a h\u00e1rom alapvet\u0151 igeragoz\u00e1ssal. A konjug\u00e1ci\u00f3s folyamat mag\u00e1ban foglalja az igegy\u00f6k\u00e9r v\u00e9geinek megv\u00e1ltoztat\u00e1s\u00e1t az id\u0151, a hangulat \u00e9s a t\u00e9ma szerint.<\/p>\n\n\n\n<h3 class=\"wp-block-heading\" id=\"h-3-perfecting-ukrainian-adjectives-and-pronouns\">3. Az ukr\u00e1n mell\u00e9knevek \u00e9s n\u00e9vm\u00e1sok t\u00f6k\u00e9letes\u00edt\u00e9se<\/h3>\n\n\n\n<p>Az ukr\u00e1n mell\u00e9kneveknek meg kell egyezni\u00fck az \u00e1ltaluk le\u00edrt f\u0151n\u00e9vvel, nemben, sz\u00e1mban \u00e9s esetben. Ez azt jelenti, hogy mell\u00e9kn\u00e9v haszn\u00e1latakor figyelni kell a v\u00e9g\u00e9re, mivel ezek megv\u00e1ltoznak, hogy igazodjanak a f\u0151n\u00e9vhez. Ezenk\u00edv\u00fcl az ukr\u00e1n mell\u00e9knevek lehetnek hossz\u00fa vagy r\u00f6vid form\u00e1k, amelyek mindegyike a kontextust\u00f3l f\u00fcgg.<\/p>\n\n\n\n<p>A n\u00e9vm\u00e1sokat f\u0151nevek helyett haszn\u00e1lj\u00e1k, \u00e9s meg kell egyezni\u00fck azzal a f\u0151n\u00e9vvel is, amelyet helyettes\u00edtenek, nemben, sz\u00e1mban \u00e9s kis- \u00e9s nagybet\u0171kben. Az ukr\u00e1n nyelvben a szem\u00e9lyes n\u00e9vm\u00e1sok a k\u00f6vetkez\u0151k: &#8222;\u044f&#8221; (\u00e9n), &#8222;\u0442\u0438&#8221; (te, egyes sz\u00e1mban), &#8222;\u0432\u0456\u043d\/\u0432\u043e\u043d\u0430\/\u0432\u043e\u043d\u043e&#8221; (\u0151\/az), &#8222;\u043c\u0438&#8221; (mi), &#8222;\u0432\u0438&#8221; (ti, t\u00f6bbes sz\u00e1mban vagy alakban) \u00e9s &#8222;\u0432\u043e\u043d\u0438&#8221; (\u0151k). Az ukr\u00e1nban is vannak birtokos, demonstrat\u00edv \u00e9s relat\u00edv n\u00e9vm\u00e1sok.<\/p>\n\n\n\n<h3 class=\"wp-block-heading\" id=\"h-4-putting-it-all-together-sentence-structure\">4. Mindent \u00f6sszerakni: mondatszerkezet<\/h3>\n\n\n\n<p>Az ukr\u00e1n az alany-ige-objektum (SVO) mondatszerkezetet k\u00f6veti, hasonl\u00f3an az angolhoz. Az angolt\u00f3l elt\u00e9r\u0151en azonban az ukr\u00e1n az esetrendszer\u00e9nek k\u00f6sz\u00f6nhet\u0151en rugalmasabb a sz\u00f3rend ter\u00e9n. Ez a rugalmass\u00e1g lehet\u0151v\u00e9 teszi a besz\u00e9l\u0151k sz\u00e1m\u00e1ra, hogy bizonyos szavakat vagy \u00f6tleteket hangs\u00falyozzanak az\u00e1ltal, hogy a mondaton bel\u00fcl k\u00fcl\u00f6nb\u00f6z\u0151 poz\u00edci\u00f3kba helyezik \u0151ket. B\u00e1r ennek a sokoldal\u00fas\u00e1gnak az elsaj\u00e1t\u00edt\u00e1sa id\u0151be telhet, lehet\u0151v\u00e9 teszi, hogy m\u0171v\u00e9szibb \u00e9s foly\u00e9konyabb m\u00f3don fejezze ki mag\u00e1t ukr\u00e1nul.<\/p>\n\n\n\n<h3 class=\"wp-block-heading\" id=\"h-conclusion\">K\u00f6vetkeztet\u00e9s<\/h3>\n\n\n\n<p>Amikor elindulsz az ukr\u00e1n nyelv \u00fatj\u00e1n, ne feledd, hogy a nyelvtan foly\u00e9kony elsaj\u00e1t\u00edt\u00e1sa gyakorl\u00e1st \u00e9s kitart\u00e1st ig\u00e9nyel. Fokozatosan ismerkedjen meg az ukr\u00e1n nyelvtan k\u00fcl\u00f6nb\u00f6z\u0151 aspektusaival, a f\u0151nevekt\u0151l \u00e9s esetekt\u0151l az ig\u00e9kig \u00e9s a mondatszerkezetig. \u00c9lvezze a tanul\u00e1si folyamatot, \u00e9s \u00e9lvezze az ukr\u00e1n nyelv sz\u00e9ps\u00e9g\u00e9t \u00e9s kifejez\u0151k\u00e9pess\u00e9g\u00e9t. \u0412\u0434\u0430\u0447\u0456! (Sok szerencs\u00e9t!)<\/p>\n<\/div><\/div>\n\r\n<section class=\"learnNavigationSection\">\r\n            \r\n        <a href=\"https:\/\/talkpal.ai\/hu\/tanulj-ukranul\/\">\r\n            <div class=\"learnNavigationWrapper\">\r\n                <div class=\"learnNavigationContent\">\r\n                    <img decoding=\"async\" src=\"https:\/\/talkpal.ai\/wp-content\/uploads\/2024\/08\/Ukrainian.jpg\" alt=\"Ukrainian Flag\">\r\n                    <div>\r\n                        <h4>Az ukr\u00e1n tanul\u00e1sr\u00f3l<\/h4>\r\n                        <p>Tudjon meg mindent az ukr\u00e1n nyelvtanr\u00f3l.<\/p>\r\n                    <\/div>\r\n                <\/div>\r\n            <\/div>\r\n        <\/a>\r\n\r\n        \r\n        <a href=\"https:\/\/talkpal.ai\/hu\/ukran-nyelvtani-gyakorlatok\/\">\r\n            <div class=\"learnNavigationWrapper\">\r\n                <div class=\"learnNavigationContent\">\r\n                    <img decoding=\"async\" src=\"https:\/\/talkpal.ai\/wp-content\/uploads\/2024\/08\/Ukrainian.jpg\" alt=\"Ukrainian Flag\">\r\n                    <div>\r\n                        <h4>Ukr\u00e1n nyelvtani gyakorlat<\/h4>\r\n                        <p>Gyakorolja az ukr\u00e1n nyelvtant.<\/p>\r\n                    <\/div>\r\n                <\/div>\r\n            <\/div>\r\n        <\/a>\r\n\r\n        \r\n        <a href=\"https:\/\/talkpal.ai\/vocabulary_language\/ukrainian\/\">\r\n            <div class=\"learnNavigationWrapper\">\r\n                <div class=\"learnNavigationContent\">\r\n                    <img decoding=\"async\" src=\"https:\/\/talkpal.ai\/wp-content\/uploads\/2024\/08\/Ukrainian.jpg\" alt=\"Ukrainian Flag\">\r\n                    <div>\r\n                        <h4>Ukr\u00e1n sz\u00f3kincs<\/h4>\r\n                        <p>B\u0151v\u00edtse ukr\u00e1n sz\u00f3kincs\u00e9t.<\/p>\r\n                    <\/div>\r\n                <\/div>\r\n            <\/div>\r\n        <\/a>\r\n\r\n            <\/section>","protected":false},"excerpt":{"rendered":"<p>\u00c1tfog\u00f3 \u00fatmutat\u00f3 az ukr\u00e1n nyelvtan elsaj\u00e1t\u00edt\u00e1s\u00e1hoz Az ukr\u00e1n, egy gy\u00f6ny\u00f6r\u0171 \u00e9s dallamos nyelv, egyre nagyobb \u00e9rdekl\u0151d\u00e9st v\u00e1ltott ki a nyelvrajong\u00f3k k\u00f6r\u00e9ben vil\u00e1gszerte. Az ukr\u00e1n nyelvtanul\u00e1s hozz\u00e1f\u00e9r\u00e9st biztos\u00edt a gazdag kultur\u00e1lis \u00f6r\u00f6ks\u00e9ghez, \u00e9s lehet\u0151v\u00e9 teszi, hogy kommunik\u00e1ljon t\u00f6bb milli\u00f3 emberrel Ukrajn\u00e1ban \u00e9s a szomsz\u00e9dos orsz\u00e1gokban. B\u00e1r az ukr\u00e1n nyelvtanba val\u00f3 belemer\u00fcl\u00e9s eleinte ijeszt\u0151nek t\u0171nhet, ha er\u0151s [&hellip;]<\/p>\n","protected":false},"author":1,"featured_media":108601,"parent":0,"menu_order":0,"comment_status":"closed","ping_status":"closed","template":"LearningContentPage.php","meta":{"_acf_changed":false,"footnotes":""},"class_list":["post-131105","page","type-page","status-publish","has-post-thumbnail","hentry"],"acf":[],"yoast_head":"<!-- This site is optimized with the Yoast SEO Premium plugin v27.2 (Yoast SEO v27.2) - https:\/\/yoast.com\/product\/yoast-seo-premium-wordpress\/ -->\n<title>Ukr\u00e1n nyelvtan - Talkpal<\/title>\n<meta name=\"description\" content=\"Fedezze fel az ukr\u00e1n nyelvtan sz\u00e9ps\u00e9g\u00e9t alapvet\u0151 tippekkel \u00e9s betekint\u00e9ssel, hogy jav\u00edtsa nyelvtanul\u00e1si \u00fatj\u00e1t.\" \/>\n<meta name=\"robots\" content=\"index, follow, max-snippet:-1, max-image-preview:large, max-video-preview:-1\" \/>\n<link rel=\"canonical\" href=\"https:\/\/talkpal.ai\/hu\/ukran-nyelvtan\/\" \/>\n<meta property=\"og:locale\" content=\"hu_HU\" \/>\n<meta property=\"og:type\" content=\"article\" \/>\n<meta property=\"og:title\" content=\"Ukr\u00e1n nyelvtan\" \/>\n<meta property=\"og:description\" content=\"\u00c1tfog\u00f3 \u00fatmutat\u00f3 az ukr\u00e1n nyelvtan elsaj\u00e1t\u00edt\u00e1s\u00e1hoz Az ukr\u00e1n, egy gy\u00f6ny\u00f6r\u0171 \u00e9s dallamos nyelv, egyre nagyobb \u00e9rdekl\u0151d\u00e9st v\u00e1ltott ki a nyelvrajong\u00f3k k\u00f6r\u00e9ben\" \/>\n<meta property=\"og:url\" content=\"https:\/\/talkpal.ai\/hu\/ukran-nyelvtan\/\" \/>\n<meta property=\"og:site_name\" content=\"Talkpal\" \/>\n<meta property=\"article:publisher\" content=\"https:\/\/www.facebook.com\/profile.php?id=100090733639311\" \/>\n<meta property=\"article:modified_time\" content=\"2025-12-11T16:37:33+00:00\" \/>\n<meta property=\"og:image\" content=\"https:\/\/talkpal.ai\/wp-content\/uploads\/2023\/04\/ukraine.png\" \/>\n\t<meta property=\"og:image:width\" content=\"512\" \/>\n\t<meta property=\"og:image:height\" content=\"512\" \/>\n\t<meta property=\"og:image:type\" content=\"image\/png\" \/>\n<meta name=\"twitter:card\" content=\"summary_large_image\" \/>\n<meta name=\"twitter:site\" content=\"@talkpalai\" \/>\n<meta name=\"twitter:label1\" content=\"Becs\u00fclt olvas\u00e1si id\u0151\" \/>\n\t<meta name=\"twitter:data1\" content=\"4 perc\" \/>\n<script type=\"application\/ld+json\" class=\"yoast-schema-graph\">{\"@context\":\"https:\/\/schema.org\",\"@graph\":[{\"@type\":\"WebPage\",\"@id\":\"https:\/\/talkpal.ai\/hu\/ukran-nyelvtan\/\",\"url\":\"https:\/\/talkpal.ai\/hu\/ukran-nyelvtan\/\",\"name\":\"Ukr\u00e1n nyelvtan - Talkpal\",\"isPartOf\":{\"@id\":\"https:\/\/talkpal.ai\/hu\/#website\"},\"primaryImageOfPage\":{\"@id\":\"https:\/\/talkpal.ai\/hu\/ukran-nyelvtan\/#primaryimage\"},\"image\":{\"@id\":\"https:\/\/talkpal.ai\/hu\/ukran-nyelvtan\/#primaryimage\"},\"thumbnailUrl\":\"https:\/\/talkpal.ai\/wp-content\/uploads\/2023\/04\/ukraine.png\",\"datePublished\":\"2023-05-14T13:53:24+00:00\",\"dateModified\":\"2025-12-11T16:37:33+00:00\",\"description\":\"Fedezze fel az ukr\u00e1n nyelvtan sz\u00e9ps\u00e9g\u00e9t alapvet\u0151 tippekkel \u00e9s betekint\u00e9ssel, hogy jav\u00edtsa nyelvtanul\u00e1si \u00fatj\u00e1t.\",\"breadcrumb\":{\"@id\":\"https:\/\/talkpal.ai\/hu\/ukran-nyelvtan\/#breadcrumb\"},\"inLanguage\":\"hu\",\"potentialAction\":[{\"@type\":\"ReadAction\",\"target\":[\"https:\/\/talkpal.ai\/hu\/ukran-nyelvtan\/\"]}]},{\"@type\":\"ImageObject\",\"inLanguage\":\"hu\",\"@id\":\"https:\/\/talkpal.ai\/hu\/ukran-nyelvtan\/#primaryimage\",\"url\":\"https:\/\/talkpal.ai\/wp-content\/uploads\/2023\/04\/ukraine.png\",\"contentUrl\":\"https:\/\/talkpal.ai\/wp-content\/uploads\/2023\/04\/ukraine.png\",\"width\":512,\"height\":512,\"caption\":\"TalkPal Ukrainian Flag\"},{\"@type\":\"BreadcrumbList\",\"@id\":\"https:\/\/talkpal.ai\/hu\/ukran-nyelvtan\/#breadcrumb\",\"itemListElement\":[{\"@type\":\"ListItem\",\"position\":1,\"name\":\"Homepage\",\"item\":\"https:\/\/talkpal.ai\/hu\/\"},{\"@type\":\"ListItem\",\"position\":2,\"name\":\"Ukr\u00e1n nyelvtan\"}]},{\"@type\":\"WebSite\",\"@id\":\"https:\/\/talkpal.ai\/hu\/#website\",\"url\":\"https:\/\/talkpal.ai\/hu\/\",\"name\":\"Talkpal\",\"description\":\"AI Language Learning\",\"publisher\":{\"@id\":\"https:\/\/talkpal.ai\/hu\/#organization\"},\"alternateName\":\"Talkpal AI\",\"potentialAction\":[{\"@type\":\"SearchAction\",\"target\":{\"@type\":\"EntryPoint\",\"urlTemplate\":\"https:\/\/talkpal.ai\/hu\/?s={search_term_string}\"},\"query-input\":{\"@type\":\"PropertyValueSpecification\",\"valueRequired\":true,\"valueName\":\"search_term_string\"}}],\"inLanguage\":\"hu\"},{\"@type\":\"Organization\",\"@id\":\"https:\/\/talkpal.ai\/hu\/#organization\",\"name\":\"Talkpal, Inc.\",\"alternateName\":\"Talkpal AI\",\"url\":\"https:\/\/talkpal.ai\/hu\/\",\"logo\":{\"@type\":\"ImageObject\",\"inLanguage\":\"hu\",\"@id\":\"https:\/\/talkpal.ai\/hu\/#\/schema\/logo\/image\/\",\"url\":\"https:\/\/talkpal.ai\/wp-content\/uploads\/2024\/03\/Talkpal-Logo-Icon.png\",\"contentUrl\":\"https:\/\/talkpal.ai\/wp-content\/uploads\/2024\/03\/Talkpal-Logo-Icon.png\",\"width\":2880,\"height\":2880,\"caption\":\"Talkpal, Inc.\"},\"image\":{\"@id\":\"https:\/\/talkpal.ai\/hu\/#\/schema\/logo\/image\/\"},\"sameAs\":[\"https:\/\/www.facebook.com\/profile.php?id=100090733639311\",\"https:\/\/x.com\/talkpalai\",\"https:\/\/www.linkedin.com\/company\/talkpal\/\",\"https:\/\/www.youtube.com\/@TalkPal\/\",\"https:\/\/www.tiktok.com\/@talkpal\",\"https:\/\/www.instagram.com\/talkpal_ai\/\",\"https:\/\/www.crunchbase.com\/organization\/talkpal-9cde\",\"https:\/\/www.g2.com\/products\/talkpal-for-business\/\",\"https:\/\/www.trustpilot.com\/review\/talkpal.ai\",\"https:\/\/www.capterra.com\/p\/10006800\/TalkPal\/\"],\"description\":\"Talkpal is a language learning web and mobile education app, powered by the latest AI technologies, that provides engaging experiences to its customers in many different languages to help them improve their language skills. Users can chat about unlimited amount of topics with the app and use other modes to practice their language learning.\",\"email\":\"support@talkpal.ai\",\"legalName\":\"Talkpal, Inc.\",\"foundingDate\":\"2023-04-03\",\"duns\":\"118989042\",\"numberOfEmployees\":{\"@type\":\"QuantitativeValue\",\"minValue\":\"11\",\"maxValue\":\"50\"},\"publishingPrinciples\":\"https:\/\/talkpal.ai\/publishing-principles\/\",\"actionableFeedbackPolicy\":\"https:\/\/talkpal.ai\/actionable-feedback-policy\/\",\"correctionsPolicy\":\"https:\/\/talkpal.ai\/corrections-policy\/\",\"ethicsPolicy\":\"https:\/\/talkpal.ai\/ethics-policy\/\",\"diversityPolicy\":\"https:\/\/talkpal.ai\/diversity-policy\/\",\"diversityStaffingReport\":\"https:\/\/talkpal.ai\/diversity-policy\/\"}]}<\/script>\n<!-- \/ Yoast SEO Premium plugin. -->","yoast_head_json":{"title":"Ukr\u00e1n nyelvtan - Talkpal","description":"Fedezze fel az ukr\u00e1n nyelvtan sz\u00e9ps\u00e9g\u00e9t alapvet\u0151 tippekkel \u00e9s betekint\u00e9ssel, hogy jav\u00edtsa nyelvtanul\u00e1si \u00fatj\u00e1t.","robots":{"index":"index","follow":"follow","max-snippet":"max-snippet:-1","max-image-preview":"max-image-preview:large","max-video-preview":"max-video-preview:-1"},"canonical":"https:\/\/talkpal.ai\/hu\/ukran-nyelvtan\/","og_locale":"hu_HU","og_type":"article","og_title":"Ukr\u00e1n nyelvtan","og_description":"\u00c1tfog\u00f3 \u00fatmutat\u00f3 az ukr\u00e1n nyelvtan elsaj\u00e1t\u00edt\u00e1s\u00e1hoz Az ukr\u00e1n, egy gy\u00f6ny\u00f6r\u0171 \u00e9s dallamos nyelv, egyre nagyobb \u00e9rdekl\u0151d\u00e9st v\u00e1ltott ki a nyelvrajong\u00f3k k\u00f6r\u00e9ben","og_url":"https:\/\/talkpal.ai\/hu\/ukran-nyelvtan\/","og_site_name":"Talkpal","article_publisher":"https:\/\/www.facebook.com\/profile.php?id=100090733639311","article_modified_time":"2025-12-11T16:37:33+00:00","og_image":[{"width":512,"height":512,"url":"https:\/\/talkpal.ai\/wp-content\/uploads\/2023\/04\/ukraine.png","type":"image\/png"}],"twitter_card":"summary_large_image","twitter_site":"@talkpalai","twitter_misc":{"Becs\u00fclt olvas\u00e1si id\u0151":"4 perc"},"schema":{"@context":"https:\/\/schema.org","@graph":[{"@type":"WebPage","@id":"https:\/\/talkpal.ai\/hu\/ukran-nyelvtan\/","url":"https:\/\/talkpal.ai\/hu\/ukran-nyelvtan\/","name":"Ukr\u00e1n nyelvtan - Talkpal","isPartOf":{"@id":"https:\/\/talkpal.ai\/hu\/#website"},"primaryImageOfPage":{"@id":"https:\/\/talkpal.ai\/hu\/ukran-nyelvtan\/#primaryimage"},"image":{"@id":"https:\/\/talkpal.ai\/hu\/ukran-nyelvtan\/#primaryimage"},"thumbnailUrl":"https:\/\/talkpal.ai\/wp-content\/uploads\/2023\/04\/ukraine.png","datePublished":"2023-05-14T13:53:24+00:00","dateModified":"2025-12-11T16:37:33+00:00","description":"Fedezze fel az ukr\u00e1n nyelvtan sz\u00e9ps\u00e9g\u00e9t alapvet\u0151 tippekkel \u00e9s betekint\u00e9ssel, hogy jav\u00edtsa nyelvtanul\u00e1si \u00fatj\u00e1t.","breadcrumb":{"@id":"https:\/\/talkpal.ai\/hu\/ukran-nyelvtan\/#breadcrumb"},"inLanguage":"hu","potentialAction":[{"@type":"ReadAction","target":["https:\/\/talkpal.ai\/hu\/ukran-nyelvtan\/"]}]},{"@type":"ImageObject","inLanguage":"hu","@id":"https:\/\/talkpal.ai\/hu\/ukran-nyelvtan\/#primaryimage","url":"https:\/\/talkpal.ai\/wp-content\/uploads\/2023\/04\/ukraine.png","contentUrl":"https:\/\/talkpal.ai\/wp-content\/uploads\/2023\/04\/ukraine.png","width":512,"height":512,"caption":"TalkPal Ukrainian Flag"},{"@type":"BreadcrumbList","@id":"https:\/\/talkpal.ai\/hu\/ukran-nyelvtan\/#breadcrumb","itemListElement":[{"@type":"ListItem","position":1,"name":"Homepage","item":"https:\/\/talkpal.ai\/hu\/"},{"@type":"ListItem","position":2,"name":"Ukr\u00e1n nyelvtan"}]},{"@type":"WebSite","@id":"https:\/\/talkpal.ai\/hu\/#website","url":"https:\/\/talkpal.ai\/hu\/","name":"Talkpal","description":"AI Language Learning","publisher":{"@id":"https:\/\/talkpal.ai\/hu\/#organization"},"alternateName":"Talkpal AI","potentialAction":[{"@type":"SearchAction","target":{"@type":"EntryPoint","urlTemplate":"https:\/\/talkpal.ai\/hu\/?s={search_term_string}"},"query-input":{"@type":"PropertyValueSpecification","valueRequired":true,"valueName":"search_term_string"}}],"inLanguage":"hu"},{"@type":"Organization","@id":"https:\/\/talkpal.ai\/hu\/#organization","name":"Talkpal, Inc.","alternateName":"Talkpal AI","url":"https:\/\/talkpal.ai\/hu\/","logo":{"@type":"ImageObject","inLanguage":"hu","@id":"https:\/\/talkpal.ai\/hu\/#\/schema\/logo\/image\/","url":"https:\/\/talkpal.ai\/wp-content\/uploads\/2024\/03\/Talkpal-Logo-Icon.png","contentUrl":"https:\/\/talkpal.ai\/wp-content\/uploads\/2024\/03\/Talkpal-Logo-Icon.png","width":2880,"height":2880,"caption":"Talkpal, Inc."},"image":{"@id":"https:\/\/talkpal.ai\/hu\/#\/schema\/logo\/image\/"},"sameAs":["https:\/\/www.facebook.com\/profile.php?id=100090733639311","https:\/\/x.com\/talkpalai","https:\/\/www.linkedin.com\/company\/talkpal\/","https:\/\/www.youtube.com\/@TalkPal\/","https:\/\/www.tiktok.com\/@talkpal","https:\/\/www.instagram.com\/talkpal_ai\/","https:\/\/www.crunchbase.com\/organization\/talkpal-9cde","https:\/\/www.g2.com\/products\/talkpal-for-business\/","https:\/\/www.trustpilot.com\/review\/talkpal.ai","https:\/\/www.capterra.com\/p\/10006800\/TalkPal\/"],"description":"Talkpal is a language learning web and mobile education app, powered by the latest AI technologies, that provides engaging experiences to its customers in many different languages to help them improve their language skills. Users can chat about unlimited amount of topics with the app and use other modes to practice their language learning.","email":"support@talkpal.ai","legalName":"Talkpal, Inc.","foundingDate":"2023-04-03","duns":"118989042","numberOfEmployees":{"@type":"QuantitativeValue","minValue":"11","maxValue":"50"},"publishingPrinciples":"https:\/\/talkpal.ai\/publishing-principles\/","actionableFeedbackPolicy":"https:\/\/talkpal.ai\/actionable-feedback-policy\/","correctionsPolicy":"https:\/\/talkpal.ai\/corrections-policy\/","ethicsPolicy":"https:\/\/talkpal.ai\/ethics-policy\/","diversityPolicy":"https:\/\/talkpal.ai\/diversity-policy\/","diversityStaffingReport":"https:\/\/talkpal.ai\/diversity-policy\/"}]}},"_links":{"self":[{"href":"https:\/\/talkpal.ai\/hu\/wp-json\/wp\/v2\/pages\/131105","targetHints":{"allow":["GET"]}}],"collection":[{"href":"https:\/\/talkpal.ai\/hu\/wp-json\/wp\/v2\/pages"}],"about":[{"href":"https:\/\/talkpal.ai\/hu\/wp-json\/wp\/v2\/types\/page"}],"author":[{"embeddable":true,"href":"https:\/\/talkpal.ai\/hu\/wp-json\/wp\/v2\/users\/1"}],"replies":[{"embeddable":true,"href":"https:\/\/talkpal.ai\/hu\/wp-json\/wp\/v2\/comments?post=131105"}],"version-history":[{"count":0,"href":"https:\/\/talkpal.ai\/hu\/wp-json\/wp\/v2\/pages\/131105\/revisions"}],"wp:featuredmedia":[{"embeddable":true,"href":"https:\/\/talkpal.ai\/hu\/wp-json\/wp\/v2\/media\/108601"}],"wp:attachment":[{"href":"https:\/\/talkpal.ai\/hu\/wp-json\/wp\/v2\/media?parent=131105"}],"curies":[{"name":"wp","href":"https:\/\/api.w.org\/{rel}","templated":true}]}}