{"id":130421,"date":"2023-05-14T13:52:27","date_gmt":"2023-05-14T13:52:27","guid":{"rendered":"http:\/\/talkpal.ai\/koreai-nyelvtan\/"},"modified":"2025-12-11T16:29:15","modified_gmt":"2025-12-11T16:29:15","slug":"koreai-nyelvtan","status":"publish","type":"page","link":"https:\/\/talkpal.ai\/hu\/koreai-nyelvtan\/","title":{"rendered":"Koreai nyelvtan"},"content":{"rendered":"\r\n\r\n\r\n<section class=\"languageChallengeSection\">\r\n    <div class=\"languageInfoWrapper\">\r\n        \r\n        <h1>Koreai nyelvtan<\/h1>\r\n        <p>Kezdje el elsaj\u00e1t\u00edtani a <a href=\"https:\/\/talkpal.ai\/learn-korean\/\">koreai<\/a> nyelvtant k\u00f6nnyen k\u00f6vethet\u0151 \u00fatmutat\u00f3kkal \u00e9s gyakorlati p\u00e9ld\u00e1kkal. Tanulja meg, hogyan kell mondatokat alkotni, r\u00e9szecsk\u00e9ket haszn\u00e1lni \u00e9s ig\u00e9ket ragozni, hogy pontosan kifejezhesse mag\u00e1t. Gyakorolja k\u00e9szs\u00e9geit interakt\u00edv gyakorlatokkal, amelyek c\u00e9lja, hogy n\u00f6velje \u00f6nbizalm\u00e1t. Tedd meg a k\u00f6vetkez\u0151 l\u00e9p\u00e9st koreai nyelvi utaz\u00e1sodon, \u00e9s fejleszd foly\u00e9konyan a nyelvtud\u00e1sodat m\u00e9g ma!<\/p>\r\n\r\n                            <a class=\"getStartedHidden\" href=\"https:\/\/app.talkpal.ai\/hu\/signup?lng=\">Kezdj\u00fck<\/a>\r\n        \r\n    <\/div>\r\n\r\n    <figure>\r\n    <img decoding=\"async\" width=\"768\" height=\"768\" src=\"https:\/\/talkpal.ai\/wp-content\/uploads\/2023\/06\/korean-768x768.png\" class=\"languageImage no-lazy\" alt=\"Line-by-line learning for language acquisition\" fetchpriority=\"high\" sizes=\"(max-width: 768px) 150px, 768px\" srcset=\"https:\/\/talkpal.ai\/wp-content\/uploads\/2023\/06\/korean-768x768.png 768w, https:\/\/talkpal.ai\/wp-content\/uploads\/2023\/06\/korean-300x300.png 300w\" \/>\r\n    \r\n\r\n    <\/figure>\r\n\r\n            <a class=\"getStartedVisible\" href=\"https:\/\/app.talkpal.ai\/hu\/signup?lng=\">Kezdj\u00fck<\/a>\r\n    \r\n<\/section>\r\n<section class=\"promotionalBanner\">\r\n    <p class=\"promotionalText\">A nyelvtanul\u00e1s leghat\u00e9konyabb m\u00f3dja<\/p>\r\n    <a class=\"promotionalLink\" href=\"https:\/\/app.talkpal.ai\/hu\/signup?lng=\">Pr\u00f3b\u00e1lja ki a Talkpal ingyen<\/a>\r\n<\/section>\n<div class=\"wp-block-group pageContainerStyle\"><div class=\"wp-block-group__inner-container is-layout-constrained wp-block-group-is-layout-constrained\">\n<h2 class=\"wp-block-heading\" id=\"h-demystifying-korean-grammar-a-beginner-s-guide\">A koreai nyelvtan demisztifik\u00e1l\u00e1sa: \u00fatmutat\u00f3 kezd\u0151knek<\/h2>\n\n\n\n<p>A koreai nyelv elsaj\u00e1t\u00edt\u00e1sa a lehet\u0151s\u00e9gek vil\u00e1g\u00e1t nyitja meg, legyen sz\u00f3 a koreai konyha felfedez\u00e9s\u00e9r\u0151l, a leg\u00fajabb K-dr\u00e1m\u00e1k megtekint\u00e9s\u00e9r\u0151l vagy a d\u00e9l-koreai innovat\u00edv v\u00e1llalatok egyik\u00e9n\u00e9l val\u00f3 munk\u00e1r\u00f3l. Nem anyanyelvi besz\u00e9l\u0151k\u00e9nt belemer\u00fcl ebbe a leny\u0171g\u00f6z\u0151 nyelvbe, az egyik legnagyobb kih\u00edv\u00e1st jelent\u0151 szempont lehet a <a href=\"https:\/\/talkpal.ai\/grammar\/\">nyelvtan<\/a> elsaj\u00e1t\u00edt\u00e1sa. A <a href=\"https:\/\/talkpal.ai\/korean-grammar\/\">koreai nyelvtan<\/a> els\u0151 pillant\u00e1sra bonyolultnak t\u0171nhet, de logik\u00e1ja \u00e9s k\u00f6vetkezetess\u00e9ge hozz\u00e1f\u00e9rhet\u0151bb, mint gondoln\u00e1. Ebben a cikkben a koreai nyelvtan legfontosabb jellemz\u0151it ismertetj\u00fck, \u00e9s \u00e9rt\u00e9kes inform\u00e1ci\u00f3kkal szolg\u00e1lunk, hogy a foly\u00e9kony nyelvtud\u00e1shoz vezet\u0151 \u00fat z\u00f6kken\u0151mentes \u00e9s \u00e9lvezetes legyen.<\/p>\n\n\n\n<h3 class=\"wp-block-heading\" id=\"h-1-word-nbsp-order-nbsp-get-in-the-flow\"><b>1. Sz\u00f3rend<\/b><b> \u2013 Sz\u00e1llj be a folyamatba!<\/b><\/h3>\n\n\n\n<p>Az els\u0151 dolog, amit tudnia kell a koreai nyelvtanr\u00f3l, az alapvet\u0151 sz\u00f3rend: <a href=\"https:\/\/talkpal.ai\/culture\/how-do-you-structure-a-sentence-using-subject-object-verb-order-in-uzbek\/\">Subject-Object-Verb<\/a> (SOV). Ez azt jelenti, hogy az ig\u00e9k a mondat v\u00e9g\u00e9n \u00e1llnak, ellent\u00e9tben az <a href=\"https:\/\/talkpal.ai\/locations\/language-courses-in-angol\/\">angol<\/a> Subject-Verb-Object (SVO) sorrenddel. Ez n\u00e9mi megszok\u00e1st ig\u00e9nyelhet, de a foly\u00e9konys\u00e1g kulcsa az, hogy megbar\u00e1tkozzunk ezzel az \u00faj strukt\u00far\u00e1val.<\/p>\n\n\n\n<p>Tipp: Gyakorold az egyszer\u0171 koreai mondatok kialak\u00edt\u00e1s\u00e1t az <a href=\"https:\/\/talkpal.ai\/english-phrases-and-daily-expressions\/\">angol kifejez\u00e9sek<\/a> ford\u00edt\u00e1s\u00e1val \u00e9s a szavak sorrendj\u00e9nek \u00e1trendez\u00e9s\u00e9vel. \u00d6sszpontos\u00edtson az SOV strukt\u00fara m\u00f6g\u00f6tti logika meg\u00e9rt\u00e9s\u00e9re, hogy k\u00e9nyelmesebb\u00e9 v\u00e1ljon vele.<\/p>\n\n\n\n<h3 class=\"wp-block-heading\" id=\"h-2-particles-attach-and-connect\">2. R\u00e9szecsk\u00e9k \u2013 Csatlakoztassa \u00e9s csatlakoztassa!<\/h3>\n\n\n\n<p>A koreai mondatok apr\u00f3 nyelvtani inform\u00e1ci\u00f3kat, \u00fagynevezett r\u00e9szecsk\u00e9ket haszn\u00e1lnak, hogy seg\u00edtsenek meghat\u00e1rozni egy sz\u00f3 funkci\u00f3j\u00e1t egy mondatban. P\u00e9ld\u00e1ul a \uc774\/\uac00 \u00e9s a \uc740\/\ub294 az alanyt, m\u00edg a \uc744\/\ub97c a t\u00e1rgyat jel\u00f6li. A r\u00e9szecsk\u00e9k a koreai nyelvtan alapvet\u0151 elemei, de haszn\u00e1latuk kezdetben els\u00f6pr\u0151nek t\u0171nhet.<\/p>\n\n\n\n<p>Tipp: Egyszerre csak egy r\u00e9szecsk\u00e9vel foglalkozzon, \u00e9s ismerkedjen meg a haszn\u00e1lat\u00e1val \u00e9s jelent\u00e9s\u00e9vel. K\u00e9sz\u00edtsen p\u00e9ldamondatok list\u00e1j\u00e1t az egyes r\u00e9szecsk\u00e9k felhaszn\u00e1l\u00e1s\u00e1val a referenciaanyag gy\u0171jtem\u00e9ny\u00e9nek l\u00e9trehoz\u00e1s\u00e1hoz.<\/p>\n\n\n\n<h3 class=\"wp-block-heading\" id=\"h-3-verb-conjugation-keep-it-simple\">3. Igeragoz\u00e1s \u2013 Legyen egyszer\u0171!<\/h3>\n\n\n\n<p>A koreai ig\u00e9k rendk\u00edv\u00fcl k\u00f6vetkezetesek, <a href=\"https:\/\/talkpal.ai\/locations\/language-courses-in-ami\/\">ami<\/a> megk\u00f6nny\u00edti a tanul\u00e1sukat, mint m\u00e1s nyelvek ig\u00e9i. Minden koreai ige alapform\u00e1ja \ub2e4 (da), \u00e9s a k\u00fcl\u00f6nb\u00f6z\u0151 id\u0151k vagy udvariass\u00e1gi szintek l\u00e9trehoz\u00e1s\u00e1hoz egyszer\u0171en k\u00fcl\u00f6nb\u00f6z\u0151 v\u00e9gz\u0151d\u00e9seket kell hozz\u00e1adni. A leggyakoribbak a -\uc694 (yo) az inform\u00e1lis udvariass\u00e1ghoz \u00e9s a -\uc2b5\ub2c8\ub2e4 (seumnida) a hivatalosabb helyzetekben.<\/p>\n\n\n\n<p>Tipp: Tanuljon meg n\u00e9h\u00e1ny alapvet\u0151 ig\u00e9t a k\u00fcl\u00f6nb\u00f6z\u0151 udvariass\u00e1gi szinteken, p\u00e9ld\u00e1ul \ud558\ub2e4 (tenni), \uba39\ub2e4 (enni), \uc790\ub2e4 (aludni) \u00e9s \uac00\ub2e4 (menni). Ezut\u00e1n kezdje el be\u00e9p\u00edteni \u0151ket mondatokba, hogy jobban megismerje \u00e9s k\u00e9nyelmesebb\u00e9 tegye a k\u00fcl\u00f6nb\u00f6z\u0151 ragoz\u00e1sok haszn\u00e1lat\u00e1t.<\/p>\n\n\n\n<h3 class=\"wp-block-heading\" id=\"h-4-adjectives-treat-them-like-verbs\">4. Mell\u00e9knevek \u2013 Kezeld \u0151ket ig\u00e9kk\u00e9nt!<\/h3>\n\n\n\n<p>A koreai nyelvtanban a mell\u00e9knevek az ig\u00e9khez hasonl\u00f3an m\u0171k\u00f6dnek, \u00e9s ugyanazzal a rendszerrel ragozz\u00e1k \u0151ket. Sok mell\u00e9kn\u00e9v ~\ud558\ub2e4 (-hada) v\u00e9gz\u0151d\u00e9ssel v\u00e9gz\u0151dik, \u00e9s ugyan\u00fagy ragozhat\u00f3, ahogyan az ig\u00e9ket is ragozn\u00e1d.<\/p>\n\n\n\n<p>Tipp: Gyakoroljuk az olyan gyakori mell\u00e9knevek ragoz\u00e1s\u00e1t, mint a \uc88b\ub2e4 (j\u00f3nak lenni), \uc608\uc058\ub2e4 (sz\u00e9pnek lenni), \ub192\ub2e4 (magasnak lenni), \ub0ae\ub2e4 (alacsonynak lenni) \u00e9s \ud06c\ub2e4 (nagynak lenni). A mondatokba val\u00f3 be\u00e9p\u00edt\u00e9s seg\u00edt megszil\u00e1rd\u00edtani a meg\u00e9rt\u00e9st.<\/p>\n\n\n\n<h3 class=\"wp-block-heading\" id=\"h-5-honorifics-show-your-respect\">5. Kit\u00fcntet\u00e9sek \u2013 Mutasd ki tiszteletedet!<\/h3>\n\n\n\n<p>A koreai kult\u00fara hangs\u00falyozza a v\u00e9nek \u00e9s a hatalmi poz\u00edci\u00f3kban l\u00e9v\u0151k ir\u00e1nti tiszteletet. Ez t\u00fckr\u00f6z\u0151dik a nyelv\u00e9ben a kit\u00fcntet\u00e9seken kereszt\u00fcl, amelyek a szavak \u00e9s nyelvtani strukt\u00far\u00e1k speci\u00e1lis form\u00e1i, amelyeket az udvariass\u00e1g kimutat\u00e1s\u00e1ra haszn\u00e1lnak. N\u00e9h\u00e1ny fontos p\u00e9lda: a -\uaed8\uc11c (-kkeseo) partikula haszn\u00e1lata a -\uc774\/\uac00 helyett, amikor tisztelettud\u00f3an sz\u00f3l\u00edtunk valakit, vagy a -\uc2dc (-si) igealak udvariass\u00e1gi jelz\u0151k\u00e9nt val\u00f3 csatol\u00e1sa az ig\u00e9khez.<\/p>\n\n\n\n<p>Tipp: Tanulja meg a tisztelettud\u00f3 kifejez\u00e9sek haszn\u00e1lat\u00e1nak alapjait, de ne agg\u00f3djon t\u00fals\u00e1gosan amiatt, hogy azonnal szak\u00e9rt\u0151v\u00e9 v\u00e1ljon. Angolul besz\u00e9l\u0151k\u00e9nt a koreaiak val\u00f3sz\u00edn\u0171leg meg\u00e9rtik, ha hib\u00e1zol, de a tiszteletteljes er\u0151fesz\u00edt\u00e9s megmutatkoz\u00e1s\u00e1t \u00e9rt\u00e9kelni fogj\u00e1k.<\/p>\n\n\n\n<h3 class=\"wp-block-heading\" id=\"h-conclusion\">K\u00f6vetkeztet\u00e9s:<\/h3>\n\n\n\n<p>A koreai nyelvtan els\u0151re kih\u00edv\u00e1snak t\u0171nhet, de ahogy egyre t\u00f6bb tapasztalatot szerez \u00e9s meg\u00e9rti, logikus \u00e9s k\u00f6vetkezetes keretet fog tal\u00e1lni. Az olyan kulcsfogalmakra \u00f6sszpontos\u00edtva, mint a sz\u00f3rend, a r\u00e9szecsk\u00e9k \u00e9s az igek\u00f6t\u0151k, hamarosan profi m\u00f3don fogsz mondatokat alkotni. Szeresse meg ezt a kifejez\u0151 nyelvet, \u00e9s n\u00e9zze meg, ahogy a koreai nyelvtan elsaj\u00e1t\u00edt\u00e1sa a lehet\u0151s\u00e9gek vil\u00e1g\u00e1ba vezet. \ud654\uc774\ud305 (hwaiting) &#8211; let<\/p>\n<\/div><\/div>\n\r\n<section class=\"learnNavigationSection\">\r\n            \r\n        <a href=\"https:\/\/talkpal.ai\/hu\/tanuljon-koreaiul\/\">\r\n            <div class=\"learnNavigationWrapper\">\r\n                <div class=\"learnNavigationContent\">\r\n                    <img decoding=\"async\" src=\"https:\/\/talkpal.ai\/wp-content\/uploads\/2024\/08\/Korean.jpg\" alt=\"Korean Flag\">\r\n                    <div>\r\n                        <h4>A koreai tanul\u00e1sr\u00f3l<\/h4>\r\n                        <p>Tudjon meg mindent a koreai nyelvtanr\u00f3l.<\/p>\r\n                    <\/div>\r\n                <\/div>\r\n            <\/div>\r\n        <\/a>\r\n\r\n        \r\n        <a href=\"https:\/\/talkpal.ai\/hu\/koreai-nyelvtani-gyakorlatok\/\">\r\n            <div class=\"learnNavigationWrapper\">\r\n                <div class=\"learnNavigationContent\">\r\n                    <img decoding=\"async\" src=\"https:\/\/talkpal.ai\/wp-content\/uploads\/2024\/08\/Korean.jpg\" alt=\"Korean Flag\">\r\n                    <div>\r\n                        <h4>Koreai nyelvtani gyakorlat<\/h4>\r\n                        <p>Gyakorolja a koreai nyelvtant.<\/p>\r\n                    <\/div>\r\n                <\/div>\r\n            <\/div>\r\n        <\/a>\r\n\r\n        \r\n        <a href=\"https:\/\/talkpal.ai\/vocabulary_language\/korean\/\">\r\n            <div class=\"learnNavigationWrapper\">\r\n                <div class=\"learnNavigationContent\">\r\n                    <img decoding=\"async\" src=\"https:\/\/talkpal.ai\/wp-content\/uploads\/2024\/08\/Korean.jpg\" alt=\"Korean Flag\">\r\n                    <div>\r\n                        <h4>Koreai sz\u00f3kincs<\/h4>\r\n                        <p>B\u0151v\u00edtse koreai sz\u00f3kincs\u00e9t.<\/p>\r\n                    <\/div>\r\n                <\/div>\r\n            <\/div>\r\n        <\/a>\r\n\r\n            <\/section>","protected":false},"excerpt":{"rendered":"<p>A koreai nyelvtan demisztifik\u00e1l\u00e1sa: \u00fatmutat\u00f3 kezd\u0151knek A koreai nyelv elsaj\u00e1t\u00edt\u00e1sa a lehet\u0151s\u00e9gek vil\u00e1g\u00e1t nyitja meg, legyen sz\u00f3 a koreai konyha felfedez\u00e9s\u00e9r\u0151l, a leg\u00fajabb K-dr\u00e1m\u00e1k megtekint\u00e9s\u00e9r\u0151l vagy a d\u00e9l-koreai innovat\u00edv v\u00e1llalatok egyik\u00e9n\u00e9l val\u00f3 munk\u00e1r\u00f3l. Nem anyanyelvi besz\u00e9l\u0151k\u00e9nt belemer\u00fcl ebbe a leny\u0171g\u00f6z\u0151 nyelvbe, az egyik legnagyobb kih\u00edv\u00e1st jelent\u0151 szempont lehet a nyelvtan elsaj\u00e1t\u00edt\u00e1sa. A koreai nyelvtan els\u0151 [&hellip;]<\/p>\n","protected":false},"author":1,"featured_media":107570,"parent":0,"menu_order":0,"comment_status":"closed","ping_status":"closed","template":"LearningContentPage.php","meta":{"_acf_changed":false,"footnotes":""},"class_list":["post-130421","page","type-page","status-publish","has-post-thumbnail","hentry"],"acf":[],"yoast_head":"<!-- This site is optimized with the Yoast SEO Premium plugin v27.2 (Yoast SEO v27.2) - https:\/\/yoast.com\/product\/yoast-seo-premium-wordpress\/ -->\n<title>Koreai nyelvtan - Talkpal<\/title>\n<meta name=\"description\" content=\"Magabiztosan saj\u00e1t\u00edtsa el a koreai nyelvtant - er\u0151s\u00edtse a mondatszerkezetet, tiszt\u00e1zza a szab\u00e1lyokat, \u00e9s k\u00f6nnyed\u00e9n jav\u00edtsa a foly\u00e9kony besz\u00e9dk\u00e9szs\u00e9get.\" \/>\n<meta name=\"robots\" content=\"index, follow, max-snippet:-1, max-image-preview:large, max-video-preview:-1\" \/>\n<link rel=\"canonical\" href=\"https:\/\/talkpal.ai\/hu\/koreai-nyelvtan\/\" \/>\n<meta property=\"og:locale\" content=\"hu_HU\" \/>\n<meta property=\"og:type\" content=\"article\" \/>\n<meta property=\"og:title\" content=\"Koreai nyelvtan\" \/>\n<meta property=\"og:description\" content=\"A koreai nyelvtan demisztifik\u00e1l\u00e1sa: \u00fatmutat\u00f3 kezd\u0151knek A koreai nyelv elsaj\u00e1t\u00edt\u00e1sa a lehet\u0151s\u00e9gek vil\u00e1g\u00e1t nyitja meg, legyen sz\u00f3 a koreai konyha\" \/>\n<meta property=\"og:url\" content=\"https:\/\/talkpal.ai\/hu\/koreai-nyelvtan\/\" \/>\n<meta property=\"og:site_name\" content=\"Talkpal\" \/>\n<meta property=\"article:publisher\" content=\"https:\/\/www.facebook.com\/profile.php?id=100090733639311\" \/>\n<meta property=\"article:modified_time\" content=\"2025-12-11T16:29:15+00:00\" \/>\n<meta property=\"og:image\" content=\"https:\/\/talkpal.ai\/wp-content\/uploads\/2023\/04\/south-korea.png\" \/>\n\t<meta property=\"og:image:width\" content=\"512\" \/>\n\t<meta property=\"og:image:height\" content=\"512\" \/>\n\t<meta property=\"og:image:type\" content=\"image\/png\" \/>\n<meta name=\"twitter:card\" content=\"summary_large_image\" \/>\n<meta name=\"twitter:site\" content=\"@talkpalai\" \/>\n<meta name=\"twitter:label1\" content=\"Becs\u00fclt olvas\u00e1si id\u0151\" \/>\n\t<meta name=\"twitter:data1\" content=\"4 perc\" \/>\n<script type=\"application\/ld+json\" class=\"yoast-schema-graph\">{\"@context\":\"https:\/\/schema.org\",\"@graph\":[{\"@type\":\"WebPage\",\"@id\":\"https:\/\/talkpal.ai\/hu\/koreai-nyelvtan\/\",\"url\":\"https:\/\/talkpal.ai\/hu\/koreai-nyelvtan\/\",\"name\":\"Koreai nyelvtan - Talkpal\",\"isPartOf\":{\"@id\":\"https:\/\/talkpal.ai\/hu\/#website\"},\"primaryImageOfPage\":{\"@id\":\"https:\/\/talkpal.ai\/hu\/koreai-nyelvtan\/#primaryimage\"},\"image\":{\"@id\":\"https:\/\/talkpal.ai\/hu\/koreai-nyelvtan\/#primaryimage\"},\"thumbnailUrl\":\"https:\/\/talkpal.ai\/wp-content\/uploads\/2023\/04\/south-korea.png\",\"datePublished\":\"2023-05-14T13:52:27+00:00\",\"dateModified\":\"2025-12-11T16:29:15+00:00\",\"description\":\"Magabiztosan saj\u00e1t\u00edtsa el a koreai nyelvtant - er\u0151s\u00edtse a mondatszerkezetet, tiszt\u00e1zza a szab\u00e1lyokat, \u00e9s k\u00f6nnyed\u00e9n jav\u00edtsa a foly\u00e9kony besz\u00e9dk\u00e9szs\u00e9get.\",\"breadcrumb\":{\"@id\":\"https:\/\/talkpal.ai\/hu\/koreai-nyelvtan\/#breadcrumb\"},\"inLanguage\":\"hu\",\"potentialAction\":[{\"@type\":\"ReadAction\",\"target\":[\"https:\/\/talkpal.ai\/hu\/koreai-nyelvtan\/\"]}]},{\"@type\":\"ImageObject\",\"inLanguage\":\"hu\",\"@id\":\"https:\/\/talkpal.ai\/hu\/koreai-nyelvtan\/#primaryimage\",\"url\":\"https:\/\/talkpal.ai\/wp-content\/uploads\/2023\/04\/south-korea.png\",\"contentUrl\":\"https:\/\/talkpal.ai\/wp-content\/uploads\/2023\/04\/south-korea.png\",\"width\":512,\"height\":512},{\"@type\":\"BreadcrumbList\",\"@id\":\"https:\/\/talkpal.ai\/hu\/koreai-nyelvtan\/#breadcrumb\",\"itemListElement\":[{\"@type\":\"ListItem\",\"position\":1,\"name\":\"Homepage\",\"item\":\"https:\/\/talkpal.ai\/hu\/\"},{\"@type\":\"ListItem\",\"position\":2,\"name\":\"Koreai nyelvtan\"}]},{\"@type\":\"WebSite\",\"@id\":\"https:\/\/talkpal.ai\/hu\/#website\",\"url\":\"https:\/\/talkpal.ai\/hu\/\",\"name\":\"Talkpal\",\"description\":\"AI Language Learning\",\"publisher\":{\"@id\":\"https:\/\/talkpal.ai\/hu\/#organization\"},\"alternateName\":\"Talkpal AI\",\"potentialAction\":[{\"@type\":\"SearchAction\",\"target\":{\"@type\":\"EntryPoint\",\"urlTemplate\":\"https:\/\/talkpal.ai\/hu\/?s={search_term_string}\"},\"query-input\":{\"@type\":\"PropertyValueSpecification\",\"valueRequired\":true,\"valueName\":\"search_term_string\"}}],\"inLanguage\":\"hu\"},{\"@type\":\"Organization\",\"@id\":\"https:\/\/talkpal.ai\/hu\/#organization\",\"name\":\"Talkpal, Inc.\",\"alternateName\":\"Talkpal AI\",\"url\":\"https:\/\/talkpal.ai\/hu\/\",\"logo\":{\"@type\":\"ImageObject\",\"inLanguage\":\"hu\",\"@id\":\"https:\/\/talkpal.ai\/hu\/#\/schema\/logo\/image\/\",\"url\":\"https:\/\/talkpal.ai\/wp-content\/uploads\/2024\/03\/Talkpal-Logo-Icon.png\",\"contentUrl\":\"https:\/\/talkpal.ai\/wp-content\/uploads\/2024\/03\/Talkpal-Logo-Icon.png\",\"width\":2880,\"height\":2880,\"caption\":\"Talkpal, Inc.\"},\"image\":{\"@id\":\"https:\/\/talkpal.ai\/hu\/#\/schema\/logo\/image\/\"},\"sameAs\":[\"https:\/\/www.facebook.com\/profile.php?id=100090733639311\",\"https:\/\/x.com\/talkpalai\",\"https:\/\/www.linkedin.com\/company\/talkpal\/\",\"https:\/\/www.youtube.com\/@TalkPal\/\",\"https:\/\/www.tiktok.com\/@talkpal\",\"https:\/\/www.instagram.com\/talkpal_ai\/\",\"https:\/\/www.crunchbase.com\/organization\/talkpal-9cde\",\"https:\/\/www.g2.com\/products\/talkpal-for-business\/\",\"https:\/\/www.trustpilot.com\/review\/talkpal.ai\",\"https:\/\/www.capterra.com\/p\/10006800\/TalkPal\/\"],\"description\":\"Talkpal is a language learning web and mobile education app, powered by the latest AI technologies, that provides engaging experiences to its customers in many different languages to help them improve their language skills. Users can chat about unlimited amount of topics with the app and use other modes to practice their language learning.\",\"email\":\"support@talkpal.ai\",\"legalName\":\"Talkpal, Inc.\",\"foundingDate\":\"2023-04-03\",\"duns\":\"118989042\",\"numberOfEmployees\":{\"@type\":\"QuantitativeValue\",\"minValue\":\"11\",\"maxValue\":\"50\"},\"publishingPrinciples\":\"https:\/\/talkpal.ai\/publishing-principles\/\",\"actionableFeedbackPolicy\":\"https:\/\/talkpal.ai\/actionable-feedback-policy\/\",\"correctionsPolicy\":\"https:\/\/talkpal.ai\/corrections-policy\/\",\"ethicsPolicy\":\"https:\/\/talkpal.ai\/ethics-policy\/\",\"diversityPolicy\":\"https:\/\/talkpal.ai\/diversity-policy\/\",\"diversityStaffingReport\":\"https:\/\/talkpal.ai\/diversity-policy\/\"}]}<\/script>\n<!-- \/ Yoast SEO Premium plugin. -->","yoast_head_json":{"title":"Koreai nyelvtan - Talkpal","description":"Magabiztosan saj\u00e1t\u00edtsa el a koreai nyelvtant - er\u0151s\u00edtse a mondatszerkezetet, tiszt\u00e1zza a szab\u00e1lyokat, \u00e9s k\u00f6nnyed\u00e9n jav\u00edtsa a foly\u00e9kony besz\u00e9dk\u00e9szs\u00e9get.","robots":{"index":"index","follow":"follow","max-snippet":"max-snippet:-1","max-image-preview":"max-image-preview:large","max-video-preview":"max-video-preview:-1"},"canonical":"https:\/\/talkpal.ai\/hu\/koreai-nyelvtan\/","og_locale":"hu_HU","og_type":"article","og_title":"Koreai nyelvtan","og_description":"A koreai nyelvtan demisztifik\u00e1l\u00e1sa: \u00fatmutat\u00f3 kezd\u0151knek A koreai nyelv elsaj\u00e1t\u00edt\u00e1sa a lehet\u0151s\u00e9gek vil\u00e1g\u00e1t nyitja meg, legyen sz\u00f3 a koreai konyha","og_url":"https:\/\/talkpal.ai\/hu\/koreai-nyelvtan\/","og_site_name":"Talkpal","article_publisher":"https:\/\/www.facebook.com\/profile.php?id=100090733639311","article_modified_time":"2025-12-11T16:29:15+00:00","og_image":[{"width":512,"height":512,"url":"https:\/\/talkpal.ai\/wp-content\/uploads\/2023\/04\/south-korea.png","type":"image\/png"}],"twitter_card":"summary_large_image","twitter_site":"@talkpalai","twitter_misc":{"Becs\u00fclt olvas\u00e1si id\u0151":"4 perc"},"schema":{"@context":"https:\/\/schema.org","@graph":[{"@type":"WebPage","@id":"https:\/\/talkpal.ai\/hu\/koreai-nyelvtan\/","url":"https:\/\/talkpal.ai\/hu\/koreai-nyelvtan\/","name":"Koreai nyelvtan - Talkpal","isPartOf":{"@id":"https:\/\/talkpal.ai\/hu\/#website"},"primaryImageOfPage":{"@id":"https:\/\/talkpal.ai\/hu\/koreai-nyelvtan\/#primaryimage"},"image":{"@id":"https:\/\/talkpal.ai\/hu\/koreai-nyelvtan\/#primaryimage"},"thumbnailUrl":"https:\/\/talkpal.ai\/wp-content\/uploads\/2023\/04\/south-korea.png","datePublished":"2023-05-14T13:52:27+00:00","dateModified":"2025-12-11T16:29:15+00:00","description":"Magabiztosan saj\u00e1t\u00edtsa el a koreai nyelvtant - er\u0151s\u00edtse a mondatszerkezetet, tiszt\u00e1zza a szab\u00e1lyokat, \u00e9s k\u00f6nnyed\u00e9n jav\u00edtsa a foly\u00e9kony besz\u00e9dk\u00e9szs\u00e9get.","breadcrumb":{"@id":"https:\/\/talkpal.ai\/hu\/koreai-nyelvtan\/#breadcrumb"},"inLanguage":"hu","potentialAction":[{"@type":"ReadAction","target":["https:\/\/talkpal.ai\/hu\/koreai-nyelvtan\/"]}]},{"@type":"ImageObject","inLanguage":"hu","@id":"https:\/\/talkpal.ai\/hu\/koreai-nyelvtan\/#primaryimage","url":"https:\/\/talkpal.ai\/wp-content\/uploads\/2023\/04\/south-korea.png","contentUrl":"https:\/\/talkpal.ai\/wp-content\/uploads\/2023\/04\/south-korea.png","width":512,"height":512},{"@type":"BreadcrumbList","@id":"https:\/\/talkpal.ai\/hu\/koreai-nyelvtan\/#breadcrumb","itemListElement":[{"@type":"ListItem","position":1,"name":"Homepage","item":"https:\/\/talkpal.ai\/hu\/"},{"@type":"ListItem","position":2,"name":"Koreai nyelvtan"}]},{"@type":"WebSite","@id":"https:\/\/talkpal.ai\/hu\/#website","url":"https:\/\/talkpal.ai\/hu\/","name":"Talkpal","description":"AI Language Learning","publisher":{"@id":"https:\/\/talkpal.ai\/hu\/#organization"},"alternateName":"Talkpal AI","potentialAction":[{"@type":"SearchAction","target":{"@type":"EntryPoint","urlTemplate":"https:\/\/talkpal.ai\/hu\/?s={search_term_string}"},"query-input":{"@type":"PropertyValueSpecification","valueRequired":true,"valueName":"search_term_string"}}],"inLanguage":"hu"},{"@type":"Organization","@id":"https:\/\/talkpal.ai\/hu\/#organization","name":"Talkpal, Inc.","alternateName":"Talkpal AI","url":"https:\/\/talkpal.ai\/hu\/","logo":{"@type":"ImageObject","inLanguage":"hu","@id":"https:\/\/talkpal.ai\/hu\/#\/schema\/logo\/image\/","url":"https:\/\/talkpal.ai\/wp-content\/uploads\/2024\/03\/Talkpal-Logo-Icon.png","contentUrl":"https:\/\/talkpal.ai\/wp-content\/uploads\/2024\/03\/Talkpal-Logo-Icon.png","width":2880,"height":2880,"caption":"Talkpal, Inc."},"image":{"@id":"https:\/\/talkpal.ai\/hu\/#\/schema\/logo\/image\/"},"sameAs":["https:\/\/www.facebook.com\/profile.php?id=100090733639311","https:\/\/x.com\/talkpalai","https:\/\/www.linkedin.com\/company\/talkpal\/","https:\/\/www.youtube.com\/@TalkPal\/","https:\/\/www.tiktok.com\/@talkpal","https:\/\/www.instagram.com\/talkpal_ai\/","https:\/\/www.crunchbase.com\/organization\/talkpal-9cde","https:\/\/www.g2.com\/products\/talkpal-for-business\/","https:\/\/www.trustpilot.com\/review\/talkpal.ai","https:\/\/www.capterra.com\/p\/10006800\/TalkPal\/"],"description":"Talkpal is a language learning web and mobile education app, powered by the latest AI technologies, that provides engaging experiences to its customers in many different languages to help them improve their language skills. Users can chat about unlimited amount of topics with the app and use other modes to practice their language learning.","email":"support@talkpal.ai","legalName":"Talkpal, Inc.","foundingDate":"2023-04-03","duns":"118989042","numberOfEmployees":{"@type":"QuantitativeValue","minValue":"11","maxValue":"50"},"publishingPrinciples":"https:\/\/talkpal.ai\/publishing-principles\/","actionableFeedbackPolicy":"https:\/\/talkpal.ai\/actionable-feedback-policy\/","correctionsPolicy":"https:\/\/talkpal.ai\/corrections-policy\/","ethicsPolicy":"https:\/\/talkpal.ai\/ethics-policy\/","diversityPolicy":"https:\/\/talkpal.ai\/diversity-policy\/","diversityStaffingReport":"https:\/\/talkpal.ai\/diversity-policy\/"}]}},"_links":{"self":[{"href":"https:\/\/talkpal.ai\/hu\/wp-json\/wp\/v2\/pages\/130421","targetHints":{"allow":["GET"]}}],"collection":[{"href":"https:\/\/talkpal.ai\/hu\/wp-json\/wp\/v2\/pages"}],"about":[{"href":"https:\/\/talkpal.ai\/hu\/wp-json\/wp\/v2\/types\/page"}],"author":[{"embeddable":true,"href":"https:\/\/talkpal.ai\/hu\/wp-json\/wp\/v2\/users\/1"}],"replies":[{"embeddable":true,"href":"https:\/\/talkpal.ai\/hu\/wp-json\/wp\/v2\/comments?post=130421"}],"version-history":[{"count":0,"href":"https:\/\/talkpal.ai\/hu\/wp-json\/wp\/v2\/pages\/130421\/revisions"}],"wp:featuredmedia":[{"embeddable":true,"href":"https:\/\/talkpal.ai\/hu\/wp-json\/wp\/v2\/media\/107570"}],"wp:attachment":[{"href":"https:\/\/talkpal.ai\/hu\/wp-json\/wp\/v2\/media?parent=130421"}],"curies":[{"name":"wp","href":"https:\/\/api.w.org\/{rel}","templated":true}]}}