{"id":130057,"date":"2023-05-14T13:51:46","date_gmt":"2023-05-14T13:51:46","guid":{"rendered":"http:\/\/talkpal.ai\/portugal-nyelvtan\/"},"modified":"2025-12-11T16:48:06","modified_gmt":"2025-12-11T16:48:06","slug":"portugal-nyelvtan","status":"publish","type":"page","link":"https:\/\/talkpal.ai\/hu\/portugal-nyelvtan\/","title":{"rendered":"Portug\u00e1l nyelvtan"},"content":{"rendered":"\r\n\r\n\r\n<section class=\"languageChallengeSection\">\r\n    <div class=\"languageInfoWrapper\">\r\n        \r\n        <h1>Portug\u00e1l nyelvtan<\/h1>\r\n        <p>Fedezze fel a <a href=\"https:\/\/talkpal.ai\/learn-portuguese\/\">portug\u00e1l<\/a> <a href=\"https:\/\/talkpal.ai\/grammar\/\">nyelvtan<\/a> alapjait, \u00e9s nyissa meg a lehet\u0151s\u00e9gek vil\u00e1g\u00e1t, hogy vil\u00e1gszerte t\u00f6bb milli\u00f3 besz\u00e9l\u0151vel l\u00e9pjen kapcsolatba. Ha elsaj\u00e1t\u00edtja a legfontosabb szab\u00e1lyokat \u00e9s szerkezeteket, k\u00e9szen \u00e1ll majd arra, hogy magabiztosan kommunik\u00e1ljon, \u00e9s teljes m\u00e9rt\u00e9kben \u00e9lvezze a portug\u00e1l kult\u00far\u00e1t. Kezdje el a <a href=\"https:\/\/talkpal.ai\/hu\/portugal-nyelvtan-egyszeruen-gyors-utmutato-kezdoknek-es-haladoknak\/\">portug\u00e1l nyelvtan<\/a> tanul\u00e1s\u00e1t m\u00e9g ma, \u00e9s tegye meg az els\u0151 l\u00e9p\u00e9st a foly\u00e9kony nyelvtud\u00e1s fel\u00e9!<\/p>\r\n\r\n                            <a class=\"getStartedHidden\" href=\"https:\/\/app.talkpal.ai\/hu\/signup?lng=\">Kezdj\u00fck<\/a>\r\n        \r\n    <\/div>\r\n\r\n    <figure>\r\n    <img decoding=\"async\" width=\"768\" height=\"768\" src=\"https:\/\/talkpal.ai\/wp-content\/uploads\/2023\/06\/portuguese-768x768.png\" class=\"languageImage no-lazy\" alt=\"Language learning for broader world view\" fetchpriority=\"high\" sizes=\"(max-width: 768px) 150px, 768px\" srcset=\"https:\/\/talkpal.ai\/wp-content\/uploads\/2023\/06\/portuguese-768x768.png 768w, https:\/\/talkpal.ai\/wp-content\/uploads\/2023\/06\/portuguese-300x300.png 300w\" \/>\r\n    \r\n\r\n    <\/figure>\r\n\r\n            <a class=\"getStartedVisible\" href=\"https:\/\/app.talkpal.ai\/hu\/signup?lng=\">Kezdj\u00fck<\/a>\r\n    \r\n<\/section>\r\n<section class=\"promotionalBanner\">\r\n    <p class=\"promotionalText\">A nyelvtanul\u00e1s leghat\u00e9konyabb m\u00f3dja<\/p>\r\n    <a class=\"promotionalLink\" href=\"https:\/\/app.talkpal.ai\/hu\/signup?lng=\">Pr\u00f3b\u00e1lja ki a Talkpal ingyen<\/a>\r\n<\/section>\n<div class=\"wp-block-group pageContainerStyle\"><div class=\"wp-block-group__inner-container is-layout-constrained wp-block-group-is-layout-constrained\">\n<h2 class=\"wp-block-heading\" id=\"h-a-beginner-s-guide-to-understanding-portuguese-grammar\">Kezd\u0151 portug\u00e1l nyelvtani \u00fatmutat\u00f3 a portug\u00e1l nyelvtan meg\u00e9rt\u00e9s\u00e9hez<\/h2>\n\n\n\n<p>Ak\u00e1r portug\u00e1l utat tervez, ak\u00e1r egyszer\u0171en csak egy \u00faj nyelv elsaj\u00e1t\u00edt\u00e1sa \u00e9rdekli, a <a href=\"https:\/\/talkpal.ai\/hu\/gyorsan-es-hatekonyan-portugalul-tanulni-kezdo-utmutato\/\">portug\u00e1l nyelvtanul\u00e1s<\/a> izgalmas \u00e9s kifizet\u0151d\u0151 \u00e9lm\u00e9ny lehet. A portug\u00e1l nyelvtanul\u00e1s egyik l\u00e9nyeges aspektusa, mint <a href=\"https:\/\/talkpal.ai\/locations\/language-courses-in-minden\/\">minden<\/a> m\u00e1s\u00e9, a nyelvtan meg\u00e9rt\u00e9se. Ez a cikk v\u00e9gigvezeti \u00d6nt a portug\u00e1l nyelvtan alapjain, alapvet\u0151 tippeket \u00e9s betekint\u00e9st ny\u00fajtva a k\u00f6nny\u0171 navig\u00e1l\u00e1shoz \u00e9s kommunik\u00e1ci\u00f3hoz. Teh\u00e1t, ha m\u00e1r r\u00e9g\u00f3ta v\u00e1rsz arra, hogy belevethesd magad a <a href=\"https:\/\/talkpal.ai\/hu\/gyakorold-a-portugal-beszedet\/\">portug\u00e1l nyelv<\/a> vil\u00e1g\u00e1ba, akkor v\u00e1gjunk bele!<\/p>\n\n\n\n<h3 class=\"wp-block-heading\" id=\"h-1-the-basics-nouns-pronouns-and-articles\">1. Az alapok: f\u0151nevek, n\u00e9vm\u00e1sok \u00e9s cikkek<\/h3>\n\n\n\n<p>Az angolhoz hasonl\u00f3an a portug\u00e1l nyelvtan is f\u0151nevek, n\u00e9vm\u00e1sok \u00e9s cikkek k\u00f6r\u00e9 \u00e9p\u00fcl. A portug\u00e1l f\u0151nevek lehetnek h\u00edmnem\u0171ek \u00e9s n\u0151nem\u0171ek, \u00e9s a megfelel\u0151 mondatalkot\u00e1s \u00e9rdek\u00e9ben fontos, hogy meg\u00e1llap\u00edtsuk a nemet. Az &#8222;o menino&#8221; p\u00e9ld\u00e1ul &#8222;a fi\u00fa&#8221;, m\u00edg az &#8222;a menina&#8221; &#8222;a l\u00e1ny&#8221;.<\/p>\n\n\n\n<p>A portug\u00e1l n\u00e9vm\u00e1sok, mint az angol, a f\u0151nevek helyettes\u00edt\u0151i. Nekik is van nem\u00fck. A szem\u00e9lyes n\u00e9vm\u00e1sok k\u00f6z\u00e9 tartozik az eu (I), voc\u00ea\/tu (te), ele\/ela (\u0151), n\u00f3s (mi) \u00e9s eles\/elas (\u0151k).<\/p>\n\n\n\n<p>A hat\u00e1rozott n\u00e9vel\u0151k (a) \u00e9s a hat\u00e1rozatlan n\u00e9vel\u0151k (a\/an) szint\u00e9n nemspecifikusak, \u00e9s elengedhetetlenek a megfelel\u0151 mondatszerkeszt\u00e9shez. A portug\u00e1l nyelvben a hat\u00e1rozott n\u00e9vel\u0151 az &#8222;o&#8221; (h\u00edmnem\u0171) \u00e9s az &#8222;a&#8221; (n\u0151nem\u0171), a hat\u00e1rozatlan n\u00e9vel\u0151 pedig az &#8222;um&#8221; (h\u00edmnem\u0171) \u00e9s az &#8222;uma&#8221; (n\u0151nem\u0171).<\/p>\n\n\n\n<h3 class=\"wp-block-heading\" id=\"h-2-adjectives-and-adverbs-add-spice-to-your-sentences\">2. Mell\u00e9knevek \u00e9s hat\u00e1roz\u00f3sz\u00f3k: F\u0171szer hozz\u00e1ad\u00e1sa a mondatokhoz<\/h3>\n\n\n\n<p>A mell\u00e9knevek olyan szavak, amelyek f\u0151neveket \u00edrnak le vagy m\u00f3dos\u00edtanak, \u00e9s a f\u0151nevekhez hasonl\u00f3an nem\u00fck is van. \u00c1ltal\u00e1ban az &#8222;o&#8221;-ra v\u00e9gz\u0151d\u0151 mell\u00e9knevek h\u00edmnem\u0171ek, m\u00edg az &#8222;a&#8221;-ra v\u00e9gz\u0151d\u0151k n\u0151nem\u0171ek. L\u00e9nyeges, hogy a mell\u00e9kn\u00e9v neme illeszkedjen az \u00e1ltala le\u00edrt f\u0151n\u00e9vhez. P\u00e9ld\u00e1ul a &#8222;homem alto&#8221; jelent\u00e9se &#8222;magas f\u00e9rfi&#8221;, m\u00edg a &#8222;mulher alta&#8221; jelent\u00e9se &#8222;magas n\u0151&#8221;.<\/p>\n\n\n\n<p>A hat\u00e1roz\u00f3szavak viszont m\u00f3dos\u00edtj\u00e1k az ig\u00e9ket, mell\u00e9kneveket vagy m\u00e1s hat\u00e1roz\u00f3szavakat. A portug\u00e1l nyelvben a hat\u00e1roz\u00f3sz\u00f3knak \u00e1ltal\u00e1ban nincsenek nemspecifikus alakjaik. N\u00e9h\u00e1ny gyakori hat\u00e1roz\u00f3sz\u00f3: &#8222;rapidamente&#8221; (gyorsan), &#8222;lentamente&#8221; (lassan) \u00e9s &#8222;sempre&#8221; (mindig).<\/p>\n\n\n\n<h3 class=\"wp-block-heading\" id=\"h-3-verbs-the-action-words\">3. Ig\u00e9k: a cselekv\u0151 szavak<\/h3>\n\n\n\n<p>A portug\u00e1l ig\u00e9ket h\u00e1rom ragoz\u00e1si csoportba sorolj\u00e1k (-ar, -er, -ir), \u00e9s alakjuk az id\u0151 \u00e9s a t\u00e1rgy f\u00fcggv\u00e9ny\u00e9ben v\u00e1ltozik. Ezeket a n\u00e9h\u00e1ny alapvet\u0151 id\u0151hat\u00e1roz\u00f3t kell ismernie:<\/p>\n\n\n\n<p>&#8211; Jelen id\u0151 (Presente): Most zajl\u00f3 cselekv\u00e9seket vagy megszokott cselekv\u00e9seket \u00edr le.<br\/>&#8211; M\u00falt id\u0151 (Pret\u00e9rito): A m\u00faltban t\u00f6rt\u00e9nt cselekm\u00e9nyeket \u00edrja le. K\u00e9t t\u00edpusa van: Pret\u00e9rito Perfeito (egyszer\u0171 m\u00falt) \u00e9s Pret\u00e9rito Imperfeito (m\u00falt folyamatos).<br\/>&#8211; J\u00f6v\u0151beli id\u0151 (Futuro): A j\u00f6v\u0151ben bek\u00f6vetkez\u0151 cselekv\u00e9seket \u00edrja le.<\/p>\n\n\n\n<p>Az igeragoz\u00e1s elsaj\u00e1t\u00edt\u00e1sa kih\u00edv\u00e1st jelenthet portug\u00e1lul, de a gyakorlat \u00e9s a k\u00f6vetkezetess\u00e9g seg\u00edt hat\u00e9konyabban meg\u00e9rteni.<\/p>\n\n\n\n<h3 class=\"wp-block-heading\" id=\"h-4-word-order-building-understandable-sentences\">4. Sz\u00f3rend : \u00e9rthet\u0151 mondatok \u00e9p\u00edt\u00e9se<\/h3>\n\n\n\n<p>A tipikus portug\u00e1l mondatszerkezet az alany-ige-objektum (SVO) sorrendet k\u00f6veti. P\u00e9ld\u00e1ul az &#8222;Eu amo pizza&#8221; (&#8222;Szeretem a pizz\u00e1t&#8221;) mondat ezt a mint\u00e1t k\u00f6veti. A portug\u00e1l nyelvtan azonban meglehet\u0151sen rugalmas lehet, \u00e9s a sz\u00f3rend elt\u00e9r\u00e9seivel tal\u00e1lkozhat, k\u00fcl\u00f6n\u00f6sen az irodalomban vagy az inform\u00e1lis besz\u00e9lget\u00e9sekben. A kontextus \u00e9s a j\u00f3zan \u00e9sz d\u00f6nt\u0151 fontoss\u00e1g\u00fa ezeknek a vari\u00e1ci\u00f3knak a meg\u00e9rt\u00e9s\u00e9ben.<\/p>\n\n\n\n<h3 class=\"wp-block-heading\" id=\"h-5-negation-and-interrogation-say-no-and-ask-questions\">5. Tagad\u00e1s \u00e9s kihallgat\u00e1s: mondj nemet \u00e9s tegy\u00e9l fel k\u00e9rd\u00e9seket<\/h3>\n\n\n\n<p>Portug\u00e1lul egy mondat tagad\u00e1s\u00e1hoz egyszer\u0171en csak a &#8222;n\u00e3o&#8221; sz\u00f3t kell az ige el\u00e9 tenni. P\u00e9ld\u00e1ul az &#8222;Eu n\u00e3o falo portugu\u00eas&#8221; azt jelenti: &#8222;Nem besz\u00e9lek portug\u00e1lul&#8221;.<\/p>\n\n\n\n<p>Ahhoz, hogy egy \u00e1ll\u00edt\u00e1st k\u00e9rd\u00e9ss\u00e9 alak\u00edtson portug\u00e1lul, vagy megv\u00e1ltoztathatja a sz\u00f3rendet, vagy haszn\u00e1lhat egy k\u00e9rd\u0151 sz\u00f3t (p\u00e9ld\u00e1ul &#8222;quem&#8221; a &#8222;ki&#8221;, &#8222;o que&#8221; a &#8222;mi&#8221;, vagy &#8222;onde&#8221; a &#8222;hol&#8221;). P\u00e9ld\u00e1ul a &#8222;Voc\u00ea fala ingl\u00eas?&#8221; azt jelenti: &#8222;Besz\u00e9lsz angolul?&#8221;.<\/p>\n\n\n\n<h3 class=\"wp-block-heading\" id=\"h-conclusion\">K\u00f6vetkeztet\u00e9s<\/h3>\n\n\n\n<p>A portug\u00e1l nyelvtan tanul\u00e1sa ijeszt\u0151nek t\u0171nhet, de ne cs\u00fcggedjen! Minden nyelvnek megvannak a maga bonyolults\u00e1gai, de k\u00f6vetkezetess\u00e9ggel, gyakorl\u00e1ssal \u00e9s egy kis t\u00fcrelemmel magabiztosan \u00e9s hat\u00e9konyan fogsz kommunik\u00e1lni. Ne feledje, hogy a nyelvtan tanul\u00e1sa csak egy r\u00e9sze a nyelvtanul\u00e1snak, \u00e9s gyakorolnia kell a portug\u00e1l hallgat\u00e1st, besz\u00e9det \u00e9s olvas\u00e1st is. Boa sorte! (Sok szerencs\u00e9t!)<\/p>\n<\/div><\/div>\n\r\n<section class=\"learnNavigationSection\">\r\n            \r\n        <a href=\"https:\/\/talkpal.ai\/hu\/tanulj-portugalul\/\">\r\n            <div class=\"learnNavigationWrapper\">\r\n                <div class=\"learnNavigationContent\">\r\n                    <img decoding=\"async\" src=\"https:\/\/talkpal.ai\/wp-content\/uploads\/2024\/08\/Portuguese.jpg\" alt=\"Portuguese Flag\">\r\n                    <div>\r\n                        <h4>A portug\u00e1l tanul\u00e1sr\u00f3l<\/h4>\r\n                        <p>Tudjon meg mindent a portug\u00e1l nyelvtanr\u00f3l.<\/p>\r\n                    <\/div>\r\n                <\/div>\r\n            <\/div>\r\n        <\/a>\r\n\r\n        \r\n        <a href=\"https:\/\/talkpal.ai\/hu\/portugal-nyelvtani-gyakorlatok\/\">\r\n            <div class=\"learnNavigationWrapper\">\r\n                <div class=\"learnNavigationContent\">\r\n                    <img decoding=\"async\" src=\"https:\/\/talkpal.ai\/wp-content\/uploads\/2024\/08\/Portuguese.jpg\" alt=\"Portuguese Flag\">\r\n                    <div>\r\n                        <h4>Portug\u00e1l nyelvtani gyakorlat<\/h4>\r\n                        <p>Gyakorolja a portug\u00e1l nyelvtant.<\/p>\r\n                    <\/div>\r\n                <\/div>\r\n            <\/div>\r\n        <\/a>\r\n\r\n        \r\n        <a href=\"https:\/\/talkpal.ai\/vocabulary_language\/portuguese\/\">\r\n            <div class=\"learnNavigationWrapper\">\r\n                <div class=\"learnNavigationContent\">\r\n                    <img decoding=\"async\" src=\"https:\/\/talkpal.ai\/wp-content\/uploads\/2024\/08\/Portuguese.jpg\" alt=\"Portuguese Flag\">\r\n                    <div>\r\n                        <h4>Portug\u00e1l sz\u00f3kincs<\/h4>\r\n                        <p>B\u0151v\u00edtse portug\u00e1l sz\u00f3kincs\u00e9t.<\/p>\r\n                    <\/div>\r\n                <\/div>\r\n            <\/div>\r\n        <\/a>\r\n\r\n            <\/section>","protected":false},"excerpt":{"rendered":"<p>Kezd\u0151 portug\u00e1l nyelvtani \u00fatmutat\u00f3 a portug\u00e1l nyelvtan meg\u00e9rt\u00e9s\u00e9hez Ak\u00e1r portug\u00e1l utat tervez, ak\u00e1r egyszer\u0171en csak egy \u00faj nyelv elsaj\u00e1t\u00edt\u00e1sa \u00e9rdekli, a portug\u00e1l nyelvtanul\u00e1s izgalmas \u00e9s kifizet\u0151d\u0151 \u00e9lm\u00e9ny lehet. A portug\u00e1l nyelvtanul\u00e1s egyik l\u00e9nyeges aspektusa, mint minden m\u00e1s\u00e9, a nyelvtan meg\u00e9rt\u00e9se. Ez a cikk v\u00e9gigvezeti \u00d6nt a portug\u00e1l nyelvtan alapjain, alapvet\u0151 tippeket \u00e9s betekint\u00e9st ny\u00fajtva a [&hellip;]<\/p>\n","protected":false},"author":1,"featured_media":107805,"parent":0,"menu_order":0,"comment_status":"closed","ping_status":"closed","template":"LearningContentPage.php","meta":{"_acf_changed":false,"footnotes":""},"class_list":["post-130057","page","type-page","status-publish","has-post-thumbnail","hentry"],"acf":[],"yoast_head":"<!-- This site is optimized with the Yoast SEO Premium plugin v27.2 (Yoast SEO v27.2) - https:\/\/yoast.com\/product\/yoast-seo-premium-wordpress\/ -->\n<title>Portug\u00e1l nyelvtan - Talkpal<\/title>\n<meta name=\"description\" content=\"Saj\u00e1t\u00edtsa el a portug\u00e1l nyelvtant minden tud\u00e1sszintre tervezett interakt\u00edv gyakorlatokkal. N\u00f6velje nyelvtud\u00e1s\u00e1t!\" \/>\n<meta name=\"robots\" content=\"index, follow, max-snippet:-1, max-image-preview:large, max-video-preview:-1\" \/>\n<link rel=\"canonical\" href=\"https:\/\/talkpal.ai\/hu\/portugal-nyelvtan\/\" \/>\n<meta property=\"og:locale\" content=\"hu_HU\" \/>\n<meta property=\"og:type\" content=\"article\" \/>\n<meta property=\"og:title\" content=\"Portug\u00e1l nyelvtan\" \/>\n<meta property=\"og:description\" content=\"Kezd\u0151 portug\u00e1l nyelvtani \u00fatmutat\u00f3 a portug\u00e1l nyelvtan meg\u00e9rt\u00e9s\u00e9hez Ak\u00e1r portug\u00e1l utat tervez, ak\u00e1r egyszer\u0171en csak egy \u00faj nyelv elsaj\u00e1t\u00edt\u00e1sa \u00e9rdekli, a\" \/>\n<meta property=\"og:url\" content=\"https:\/\/talkpal.ai\/hu\/portugal-nyelvtan\/\" \/>\n<meta property=\"og:site_name\" content=\"Talkpal\" \/>\n<meta property=\"article:publisher\" content=\"https:\/\/www.facebook.com\/profile.php?id=100090733639311\" \/>\n<meta property=\"article:modified_time\" content=\"2025-12-11T16:48:06+00:00\" \/>\n<meta property=\"og:image\" content=\"https:\/\/talkpal.ai\/wp-content\/uploads\/2023\/04\/portugal.png\" \/>\n\t<meta property=\"og:image:width\" content=\"512\" \/>\n\t<meta property=\"og:image:height\" content=\"512\" \/>\n\t<meta property=\"og:image:type\" content=\"image\/png\" \/>\n<meta name=\"twitter:card\" content=\"summary_large_image\" \/>\n<meta name=\"twitter:site\" content=\"@talkpalai\" \/>\n<meta name=\"twitter:label1\" content=\"Becs\u00fclt olvas\u00e1si id\u0151\" \/>\n\t<meta name=\"twitter:data1\" content=\"4 perc\" \/>\n<script type=\"application\/ld+json\" class=\"yoast-schema-graph\">{\"@context\":\"https:\/\/schema.org\",\"@graph\":[{\"@type\":\"WebPage\",\"@id\":\"https:\/\/talkpal.ai\/hu\/portugal-nyelvtan\/\",\"url\":\"https:\/\/talkpal.ai\/hu\/portugal-nyelvtan\/\",\"name\":\"Portug\u00e1l nyelvtan - Talkpal\",\"isPartOf\":{\"@id\":\"https:\/\/talkpal.ai\/hu\/#website\"},\"primaryImageOfPage\":{\"@id\":\"https:\/\/talkpal.ai\/hu\/portugal-nyelvtan\/#primaryimage\"},\"image\":{\"@id\":\"https:\/\/talkpal.ai\/hu\/portugal-nyelvtan\/#primaryimage\"},\"thumbnailUrl\":\"https:\/\/talkpal.ai\/wp-content\/uploads\/2023\/04\/portugal.png\",\"datePublished\":\"2023-05-14T13:51:46+00:00\",\"dateModified\":\"2025-12-11T16:48:06+00:00\",\"description\":\"Saj\u00e1t\u00edtsa el a portug\u00e1l nyelvtant minden tud\u00e1sszintre tervezett interakt\u00edv gyakorlatokkal. N\u00f6velje nyelvtud\u00e1s\u00e1t!\",\"breadcrumb\":{\"@id\":\"https:\/\/talkpal.ai\/hu\/portugal-nyelvtan\/#breadcrumb\"},\"inLanguage\":\"hu\",\"potentialAction\":[{\"@type\":\"ReadAction\",\"target\":[\"https:\/\/talkpal.ai\/hu\/portugal-nyelvtan\/\"]}]},{\"@type\":\"ImageObject\",\"inLanguage\":\"hu\",\"@id\":\"https:\/\/talkpal.ai\/hu\/portugal-nyelvtan\/#primaryimage\",\"url\":\"https:\/\/talkpal.ai\/wp-content\/uploads\/2023\/04\/portugal.png\",\"contentUrl\":\"https:\/\/talkpal.ai\/wp-content\/uploads\/2023\/04\/portugal.png\",\"width\":512,\"height\":512},{\"@type\":\"BreadcrumbList\",\"@id\":\"https:\/\/talkpal.ai\/hu\/portugal-nyelvtan\/#breadcrumb\",\"itemListElement\":[{\"@type\":\"ListItem\",\"position\":1,\"name\":\"Homepage\",\"item\":\"https:\/\/talkpal.ai\/hu\/\"},{\"@type\":\"ListItem\",\"position\":2,\"name\":\"Portug\u00e1l nyelvtan\"}]},{\"@type\":\"WebSite\",\"@id\":\"https:\/\/talkpal.ai\/hu\/#website\",\"url\":\"https:\/\/talkpal.ai\/hu\/\",\"name\":\"Talkpal\",\"description\":\"AI Language Learning\",\"publisher\":{\"@id\":\"https:\/\/talkpal.ai\/hu\/#organization\"},\"alternateName\":\"Talkpal AI\",\"potentialAction\":[{\"@type\":\"SearchAction\",\"target\":{\"@type\":\"EntryPoint\",\"urlTemplate\":\"https:\/\/talkpal.ai\/hu\/?s={search_term_string}\"},\"query-input\":{\"@type\":\"PropertyValueSpecification\",\"valueRequired\":true,\"valueName\":\"search_term_string\"}}],\"inLanguage\":\"hu\"},{\"@type\":\"Organization\",\"@id\":\"https:\/\/talkpal.ai\/hu\/#organization\",\"name\":\"Talkpal, Inc.\",\"alternateName\":\"Talkpal AI\",\"url\":\"https:\/\/talkpal.ai\/hu\/\",\"logo\":{\"@type\":\"ImageObject\",\"inLanguage\":\"hu\",\"@id\":\"https:\/\/talkpal.ai\/hu\/#\/schema\/logo\/image\/\",\"url\":\"https:\/\/talkpal.ai\/wp-content\/uploads\/2024\/03\/Talkpal-Logo-Icon.png\",\"contentUrl\":\"https:\/\/talkpal.ai\/wp-content\/uploads\/2024\/03\/Talkpal-Logo-Icon.png\",\"width\":2880,\"height\":2880,\"caption\":\"Talkpal, Inc.\"},\"image\":{\"@id\":\"https:\/\/talkpal.ai\/hu\/#\/schema\/logo\/image\/\"},\"sameAs\":[\"https:\/\/www.facebook.com\/profile.php?id=100090733639311\",\"https:\/\/x.com\/talkpalai\",\"https:\/\/www.linkedin.com\/company\/talkpal\/\",\"https:\/\/www.youtube.com\/@TalkPal\/\",\"https:\/\/www.tiktok.com\/@talkpal\",\"https:\/\/www.instagram.com\/talkpal_ai\/\",\"https:\/\/www.crunchbase.com\/organization\/talkpal-9cde\",\"https:\/\/www.g2.com\/products\/talkpal-for-business\/\",\"https:\/\/www.trustpilot.com\/review\/talkpal.ai\",\"https:\/\/www.capterra.com\/p\/10006800\/TalkPal\/\"],\"description\":\"Talkpal is a language learning web and mobile education app, powered by the latest AI technologies, that provides engaging experiences to its customers in many different languages to help them improve their language skills. Users can chat about unlimited amount of topics with the app and use other modes to practice their language learning.\",\"email\":\"support@talkpal.ai\",\"legalName\":\"Talkpal, Inc.\",\"foundingDate\":\"2023-04-03\",\"duns\":\"118989042\",\"numberOfEmployees\":{\"@type\":\"QuantitativeValue\",\"minValue\":\"11\",\"maxValue\":\"50\"},\"publishingPrinciples\":\"https:\/\/talkpal.ai\/publishing-principles\/\",\"actionableFeedbackPolicy\":\"https:\/\/talkpal.ai\/actionable-feedback-policy\/\",\"correctionsPolicy\":\"https:\/\/talkpal.ai\/corrections-policy\/\",\"ethicsPolicy\":\"https:\/\/talkpal.ai\/ethics-policy\/\",\"diversityPolicy\":\"https:\/\/talkpal.ai\/diversity-policy\/\",\"diversityStaffingReport\":\"https:\/\/talkpal.ai\/diversity-policy\/\"}]}<\/script>\n<!-- \/ Yoast SEO Premium plugin. -->","yoast_head_json":{"title":"Portug\u00e1l nyelvtan - Talkpal","description":"Saj\u00e1t\u00edtsa el a portug\u00e1l nyelvtant minden tud\u00e1sszintre tervezett interakt\u00edv gyakorlatokkal. N\u00f6velje nyelvtud\u00e1s\u00e1t!","robots":{"index":"index","follow":"follow","max-snippet":"max-snippet:-1","max-image-preview":"max-image-preview:large","max-video-preview":"max-video-preview:-1"},"canonical":"https:\/\/talkpal.ai\/hu\/portugal-nyelvtan\/","og_locale":"hu_HU","og_type":"article","og_title":"Portug\u00e1l nyelvtan","og_description":"Kezd\u0151 portug\u00e1l nyelvtani \u00fatmutat\u00f3 a portug\u00e1l nyelvtan meg\u00e9rt\u00e9s\u00e9hez Ak\u00e1r portug\u00e1l utat tervez, ak\u00e1r egyszer\u0171en csak egy \u00faj nyelv elsaj\u00e1t\u00edt\u00e1sa \u00e9rdekli, a","og_url":"https:\/\/talkpal.ai\/hu\/portugal-nyelvtan\/","og_site_name":"Talkpal","article_publisher":"https:\/\/www.facebook.com\/profile.php?id=100090733639311","article_modified_time":"2025-12-11T16:48:06+00:00","og_image":[{"width":512,"height":512,"url":"https:\/\/talkpal.ai\/wp-content\/uploads\/2023\/04\/portugal.png","type":"image\/png"}],"twitter_card":"summary_large_image","twitter_site":"@talkpalai","twitter_misc":{"Becs\u00fclt olvas\u00e1si id\u0151":"4 perc"},"schema":{"@context":"https:\/\/schema.org","@graph":[{"@type":"WebPage","@id":"https:\/\/talkpal.ai\/hu\/portugal-nyelvtan\/","url":"https:\/\/talkpal.ai\/hu\/portugal-nyelvtan\/","name":"Portug\u00e1l nyelvtan - Talkpal","isPartOf":{"@id":"https:\/\/talkpal.ai\/hu\/#website"},"primaryImageOfPage":{"@id":"https:\/\/talkpal.ai\/hu\/portugal-nyelvtan\/#primaryimage"},"image":{"@id":"https:\/\/talkpal.ai\/hu\/portugal-nyelvtan\/#primaryimage"},"thumbnailUrl":"https:\/\/talkpal.ai\/wp-content\/uploads\/2023\/04\/portugal.png","datePublished":"2023-05-14T13:51:46+00:00","dateModified":"2025-12-11T16:48:06+00:00","description":"Saj\u00e1t\u00edtsa el a portug\u00e1l nyelvtant minden tud\u00e1sszintre tervezett interakt\u00edv gyakorlatokkal. N\u00f6velje nyelvtud\u00e1s\u00e1t!","breadcrumb":{"@id":"https:\/\/talkpal.ai\/hu\/portugal-nyelvtan\/#breadcrumb"},"inLanguage":"hu","potentialAction":[{"@type":"ReadAction","target":["https:\/\/talkpal.ai\/hu\/portugal-nyelvtan\/"]}]},{"@type":"ImageObject","inLanguage":"hu","@id":"https:\/\/talkpal.ai\/hu\/portugal-nyelvtan\/#primaryimage","url":"https:\/\/talkpal.ai\/wp-content\/uploads\/2023\/04\/portugal.png","contentUrl":"https:\/\/talkpal.ai\/wp-content\/uploads\/2023\/04\/portugal.png","width":512,"height":512},{"@type":"BreadcrumbList","@id":"https:\/\/talkpal.ai\/hu\/portugal-nyelvtan\/#breadcrumb","itemListElement":[{"@type":"ListItem","position":1,"name":"Homepage","item":"https:\/\/talkpal.ai\/hu\/"},{"@type":"ListItem","position":2,"name":"Portug\u00e1l nyelvtan"}]},{"@type":"WebSite","@id":"https:\/\/talkpal.ai\/hu\/#website","url":"https:\/\/talkpal.ai\/hu\/","name":"Talkpal","description":"AI Language Learning","publisher":{"@id":"https:\/\/talkpal.ai\/hu\/#organization"},"alternateName":"Talkpal AI","potentialAction":[{"@type":"SearchAction","target":{"@type":"EntryPoint","urlTemplate":"https:\/\/talkpal.ai\/hu\/?s={search_term_string}"},"query-input":{"@type":"PropertyValueSpecification","valueRequired":true,"valueName":"search_term_string"}}],"inLanguage":"hu"},{"@type":"Organization","@id":"https:\/\/talkpal.ai\/hu\/#organization","name":"Talkpal, Inc.","alternateName":"Talkpal AI","url":"https:\/\/talkpal.ai\/hu\/","logo":{"@type":"ImageObject","inLanguage":"hu","@id":"https:\/\/talkpal.ai\/hu\/#\/schema\/logo\/image\/","url":"https:\/\/talkpal.ai\/wp-content\/uploads\/2024\/03\/Talkpal-Logo-Icon.png","contentUrl":"https:\/\/talkpal.ai\/wp-content\/uploads\/2024\/03\/Talkpal-Logo-Icon.png","width":2880,"height":2880,"caption":"Talkpal, Inc."},"image":{"@id":"https:\/\/talkpal.ai\/hu\/#\/schema\/logo\/image\/"},"sameAs":["https:\/\/www.facebook.com\/profile.php?id=100090733639311","https:\/\/x.com\/talkpalai","https:\/\/www.linkedin.com\/company\/talkpal\/","https:\/\/www.youtube.com\/@TalkPal\/","https:\/\/www.tiktok.com\/@talkpal","https:\/\/www.instagram.com\/talkpal_ai\/","https:\/\/www.crunchbase.com\/organization\/talkpal-9cde","https:\/\/www.g2.com\/products\/talkpal-for-business\/","https:\/\/www.trustpilot.com\/review\/talkpal.ai","https:\/\/www.capterra.com\/p\/10006800\/TalkPal\/"],"description":"Talkpal is a language learning web and mobile education app, powered by the latest AI technologies, that provides engaging experiences to its customers in many different languages to help them improve their language skills. Users can chat about unlimited amount of topics with the app and use other modes to practice their language learning.","email":"support@talkpal.ai","legalName":"Talkpal, Inc.","foundingDate":"2023-04-03","duns":"118989042","numberOfEmployees":{"@type":"QuantitativeValue","minValue":"11","maxValue":"50"},"publishingPrinciples":"https:\/\/talkpal.ai\/publishing-principles\/","actionableFeedbackPolicy":"https:\/\/talkpal.ai\/actionable-feedback-policy\/","correctionsPolicy":"https:\/\/talkpal.ai\/corrections-policy\/","ethicsPolicy":"https:\/\/talkpal.ai\/ethics-policy\/","diversityPolicy":"https:\/\/talkpal.ai\/diversity-policy\/","diversityStaffingReport":"https:\/\/talkpal.ai\/diversity-policy\/"}]}},"_links":{"self":[{"href":"https:\/\/talkpal.ai\/hu\/wp-json\/wp\/v2\/pages\/130057","targetHints":{"allow":["GET"]}}],"collection":[{"href":"https:\/\/talkpal.ai\/hu\/wp-json\/wp\/v2\/pages"}],"about":[{"href":"https:\/\/talkpal.ai\/hu\/wp-json\/wp\/v2\/types\/page"}],"author":[{"embeddable":true,"href":"https:\/\/talkpal.ai\/hu\/wp-json\/wp\/v2\/users\/1"}],"replies":[{"embeddable":true,"href":"https:\/\/talkpal.ai\/hu\/wp-json\/wp\/v2\/comments?post=130057"}],"version-history":[{"count":0,"href":"https:\/\/talkpal.ai\/hu\/wp-json\/wp\/v2\/pages\/130057\/revisions"}],"wp:featuredmedia":[{"embeddable":true,"href":"https:\/\/talkpal.ai\/hu\/wp-json\/wp\/v2\/media\/107805"}],"wp:attachment":[{"href":"https:\/\/talkpal.ai\/hu\/wp-json\/wp\/v2\/media?parent=130057"}],"curies":[{"name":"wp","href":"https:\/\/api.w.org\/{rel}","templated":true}]}}