{"id":129725,"date":"2023-05-14T13:51:09","date_gmt":"2023-05-14T13:51:09","guid":{"rendered":"http:\/\/talkpal.ai\/japan-nyelvtan\/"},"modified":"2025-12-11T16:44:22","modified_gmt":"2025-12-11T16:44:22","slug":"japan-nyelvtan","status":"publish","type":"page","link":"https:\/\/talkpal.ai\/hu\/japan-nyelvtan\/","title":{"rendered":"Jap\u00e1n nyelvtan"},"content":{"rendered":"\r\n\r\n\r\n<section class=\"languageChallengeSection\">\r\n    <div class=\"languageInfoWrapper\">\r\n        \r\n        <h1>Jap\u00e1n nyelvtan<\/h1>\r\n        <p>Jav\u00edtsa <a href=\"https:\/\/talkpal.ai\/learn-japanese\/\">jap\u00e1n<\/a> nyelvtud\u00e1s\u00e1t az\u00e1ltal, hogy vil\u00e1gos magyar\u00e1zatok \u00e9s p\u00e9ld\u00e1k seg\u00edts\u00e9g\u00e9vel elsaj\u00e1t\u00edtja az alapvet\u0151 nyelvtani pontokat. Indulj el a foly\u00e9kony nyelvtud\u00e1s fel\u00e9 vezet\u0151 \u00faton &#8211; mer\u00fclj el a jap\u00e1n nyelvtanban m\u00e9g ma!<\/p>\r\n\r\n                            <a class=\"getStartedHidden\" href=\"https:\/\/app.talkpal.ai\/hu\/signup?lng=\">Kezdj\u00fck<\/a>\r\n        \r\n    <\/div>\r\n\r\n    <figure>\r\n    <img decoding=\"async\" width=\"768\" height=\"768\" src=\"https:\/\/talkpal.ai\/wp-content\/uploads\/2023\/06\/japanese-768x768.png\" class=\"languageImage no-lazy\" alt=\"Language learning for world travelers\" fetchpriority=\"high\" sizes=\"(max-width: 768px) 150px, 768px\" srcset=\"https:\/\/talkpal.ai\/wp-content\/uploads\/2023\/06\/japanese-768x768.png 768w, https:\/\/talkpal.ai\/wp-content\/uploads\/2023\/06\/japanese-300x300.png 300w\" \/>\r\n    \r\n\r\n    <\/figure>\r\n\r\n            <a class=\"getStartedVisible\" href=\"https:\/\/app.talkpal.ai\/hu\/signup?lng=\">Kezdj\u00fck<\/a>\r\n    \r\n<\/section>\r\n<section class=\"promotionalBanner\">\r\n    <p class=\"promotionalText\">A nyelvtanul\u00e1s leghat\u00e9konyabb m\u00f3dja<\/p>\r\n    <a class=\"promotionalLink\" href=\"https:\/\/app.talkpal.ai\/hu\/signup?lng=\">Pr\u00f3b\u00e1lja ki a Talkpal ingyen<\/a>\r\n<\/section>\n<div class=\"wp-block-group pageContainerStyle\"><div class=\"wp-block-group__inner-container is-layout-constrained wp-block-group-is-layout-constrained\">\n<h2 class=\"wp-block-heading\" id=\"h-mastering-the-intricacies-of-japanese-grammar\">A jap\u00e1n nyelvtan bonyolults\u00e1g\u00e1nak elsaj\u00e1t\u00edt\u00e1sa<\/h2>\n\n\n\n<p>A <a href=\"https:\/\/talkpal.ai\/talkpal-discount-for-language-enthusiasts\/\">nyelvrajong\u00f3k<\/a> gyakran tal\u00e1lj\u00e1k a jap\u00e1nt leny\u0171g\u00f6z\u0151 \u00e9s kih\u00edv\u00e1st jelent\u0151 nyelvnek, nagyr\u00e9szt egyed\u00fcl\u00e1ll\u00f3 nyelvtani rendszere miatt. Ennek ellen\u00e9re a <a href=\"https:\/\/talkpal.ai\/japanese-grammar\/\">jap\u00e1n nyelvtan<\/a> meg\u00e9rt\u00e9se jelent\u0151sen jav\u00edthatja kommunik\u00e1ci\u00f3s k\u00e9szs\u00e9geit \u00e9s kultur\u00e1lis meg\u00e9rt\u00e9s\u00e9t. Ebben a cikkben a jap\u00e1n <a href=\"https:\/\/talkpal.ai\/grammar\/\">nyelvtan<\/a> sz\u00e1mos l\u00e9nyeges aspektus\u00e1t t\u00e1rgyaljuk, hogy seg\u00edts\u00fcnk a nyelvtanul\u00e1s \u00fatj\u00e1n. Sz\u00f3val, kapaszkodjon, \u00e9s mer\u00fclj\u00f6n el a jap\u00e1n nyelvtan mag\u00e1val ragad\u00f3 vil\u00e1g\u00e1ban.<\/p>\n\n\n\n<h3 class=\"wp-block-heading\" id=\"h-1-sentence-structure-sov\">1. Mondatszerkezet: SOV<\/h3>\n\n\n\n<p>Az <a href=\"https:\/\/talkpal.ai\/locations\/language-courses-in-angol\/\">angol<\/a> nyelvvel ellent\u00e9tben (alany &#8211; ige &#8211; t\u00e1rgy vagy SVO) a jap\u00e1n nyelv alany &#8211; t\u00e1rgy &#8211; ige (SOV) mondatszerkezetet k\u00f6vet. Ez azt jelenti, hogy az ige \u00e1ltal\u00e1ban az utols\u00f3 a mondatban. Ennek az egyed\u00fcl\u00e1ll\u00f3 sz\u00f3rendnek a megismer\u00e9se l\u00e9tfontoss\u00e1g\u00fa az \u00e9rthet\u0151 mondatok kialak\u00edt\u00e1s\u00e1hoz jap\u00e1nul.<\/p>\n\n\n\n<p>P\u00e9lda:  <\/p>\n\n\n\n<p>&#8211; \u308f\u305f\u3057\u306f\u308a\u3093\u3054\u3092\u305f\u3079\u307e\u3059\u3002 (Megeszek egy alm\u00e1t)<\/p>\n\n\n\n<p>&#8211; Watashi wa ringo o tabemasu. (lit. \u00c9n egy alm\u00e1t eszem)<\/p>\n\n\n\n<h3 class=\"wp-block-heading\" id=\"h-2-particles-the-sentence-connectors\">2. R\u00e9szecsk\u00e9k: a mondatcsatlakoz\u00f3k<\/h3>\n\n\n\n<p>A jap\u00e1n nyelvtanban a partikul\u00e1k d\u00f6nt\u0151 szerepet j\u00e1tszanak, mivel egy sz\u00f3 mondatbeli funkci\u00f3j\u00e1t jel\u00f6lik. N\u00e9h\u00e1ny gyakori r\u00e9szecske a \u306f (wa), \u3092 (o), \u304c (ga), \u3067 (de) \u00e9s \u306b (ni). Ha meg\u00e9rti, hogyan m\u0171k\u00f6dnek ezek a r\u00e9szecsk\u00e9k, a jap\u00e1n mondatok megfejt\u00e9se \u00e9s fel\u00e9p\u00edt\u00e9se sokkal k\u00f6nnyebben kezelhet\u0151v\u00e9 v\u00e1lik.<\/p>\n\n\n\n<h3 class=\"wp-block-heading\" id=\"h-3-verbs-an-introduction-to-conjugation\">3. Ig\u00e9k: bevezet\u00e9s a ragoz\u00e1sba<\/h3>\n\n\n\n<p>A jap\u00e1n ig\u00e9knek h\u00e1rom f\u0151 csoportja <a href=\"https:\/\/talkpal.ai\/locations\/language-courses-in-van\/\">van<\/a>, amelyeket az alapalak v\u00e9gz\u0151d\u00e9s\u00e9vel azonos\u00edtanak. Ezeket a csoportokat figyelembe veszik a fesz\u00fclts\u00e9g, az udvariass\u00e1g \u00e9s a hangulat ragoz\u00e1sakor. A j\u00f3 h\u00edr az, hogy a jap\u00e1n ig\u00e9k nem v\u00e1ltoznak a t\u00e9ma alapj\u00e1n, \u00edgy kev\u00e9sb\u00e9 \u00f6sszetettek, mint n\u00e9h\u00e1ny m\u00e1s nyelvben.<\/p>\n\n\n\n<p>&#8211; 1. csoport: U-alak\u00fa ig\u00e9k<\/p>\n\n\n\n<p>&#8211; 2. csoport: Ru-igealakok<\/p>\n\n\n\n<p>&#8211; 3. csoport: Szab\u00e1lytalan ig\u00e9k (csak k\u00e9t ige &#8211; \u3059\u308b (suru) \u00e9s \u6765\u308b (kuru))<\/p>\n\n\n\n<h3 class=\"wp-block-heading\" id=\"h-4-politeness-levels\">4. Udvariass\u00e1gi szintek<\/h3>\n\n\n\n<p>A jap\u00e1n egy udvariass\u00e1gban gazdag nyelv, \u00e9s a nyelv nyelvtana is ezt t\u00fckr\u00f6zi. H\u00e1rom els\u0151dleges udvariass\u00e1gi szint van: alkalmi, udvarias \u00e9s tiszteletteljes. Ezek felismer\u00e9se \u00e9s megfelel\u0151 haszn\u00e1lata elengedhetetlen a term\u00e9szetes \u00e9s tiszteletteljes kommunik\u00e1ci\u00f3hoz.<\/p>\n\n\n\n<p>&#8211; Alkalmi: egyszer\u0171 igealakok (pl. \u98df\u3079\u308b &#8211; taberu &#8211; enni)<\/p>\n\n\n\n<p>&#8211; Udvarias: \u307e\u3059 (masu) konjug\u00e1ci\u00f3 (pl. \u98df\u3079\u307e\u3059 &#8211; tabemasu &#8211; enni (udvariasan))<\/p>\n\n\n\n<p>&#8211; Tiszteletbeli: speci\u00e1lis ragoz\u00e1sok \u00e9s el\u0151tagok (pl. \u304a\u53ec\u3057\u4e0a\u304c\u308a\u306b\u306a\u308b &#8211; omeshiagari ni naru &#8211; enni (tiszteletbeli)).<\/p>\n\n\n\n<h3 class=\"wp-block-heading\" id=\"h-5-japanese-adjectives\">5. Jap\u00e1n mell\u00e9knevek<\/h3>\n\n\n\n<p>A jap\u00e1n mell\u00e9knevek k\u00e9tf\u00e9le t\u00edpus\u00faak: i-mell\u00e9knevek \u00e9s na-mell\u00e9knevek. Mindk\u00e9t t\u00edpus egyedi konjug\u00e1ci\u00f3s szab\u00e1lyokkal rendelkezik, \u00e9s m\u00e1sk\u00e9pp k\u00f6lcs\u00f6nhat\u00e1sba l\u00e9p a f\u0151nevekkel. E k\u00e9t t\u00edpus\u00fa mell\u00e9kn\u00e9v haszn\u00e1lat\u00e1nak elsaj\u00e1t\u00edt\u00e1sa kritikus fontoss\u00e1g\u00fa a jap\u00e1n nyelv\u0171 hat\u00e9kony kommunik\u00e1ci\u00f3 szempontj\u00e1b\u00f3l.<\/p>\n\n\n\n<h3 class=\"wp-block-heading\" id=\"h-6-engaging-with-the-language\">6. A nyelv haszn\u00e1lata<\/h3>\n\n\n\n<p>A jap\u00e1n nyelvtan tanul\u00e1s\u00e1nak egyik leghat\u00e9konyabb m\u00f3dja a nyelv k\u00f6vetkezetes haszn\u00e1lata. A jap\u00e1n filmek \u00e9s anim\u00e9k n\u00e9z\u00e9s\u00e9t\u0151l az anyanyelvi besz\u00e9l\u0151kkel folytatott besz\u00e9lget\u00e9scser\u00e9kig a nyelvben val\u00f3 elmer\u00fcl\u00e9s seg\u00edt megszil\u00e1rd\u00edtani a nyelvtani fogalmakat \u00e9s b\u0151v\u00edteni sz\u00f3kincs\u00e9t.<\/p>\n\n\n\n<h3 class=\"wp-block-heading\" id=\"h-conclusion\">K\u00f6vetkeztet\u00e9s<\/h3>\n\n\n\n<p>B\u00e1r a jap\u00e1n nyelvtan eleinte t\u00falterhel\u0151nek t\u0171nhet, de ha id\u0151t sz\u00e1nsz r\u00e1, k\u00f6nnyed\u00e9n eligazodhatsz a nyelv bonyolults\u00e1g\u00e1ban. A legfontosabb, hogy k\u00edv\u00e1ncsi maradjon \u00e9s rendszeresen gyakoroljon. Sok szerencs\u00e9t a jap\u00e1n nyelvtan elsaj\u00e1t\u00edt\u00e1s\u00e1hoz vezet\u0151 \u00faton, \u00e9s \u00e9lvezze a nyelvi kalandot!<\/p>\n<\/div><\/div>\n\r\n<section class=\"learnNavigationSection\">\r\n            \r\n        <a href=\"https:\/\/talkpal.ai\/hu\/tanulj-japanul\/\">\r\n            <div class=\"learnNavigationWrapper\">\r\n                <div class=\"learnNavigationContent\">\r\n                    <img decoding=\"async\" src=\"https:\/\/talkpal.ai\/wp-content\/uploads\/2024\/08\/Japanese.jpg\" alt=\"Japanese Flag\">\r\n                    <div>\r\n                        <h4>A jap\u00e1n tanul\u00e1sr\u00f3l<\/h4>\r\n                        <p>Tudjon meg mindent a jap\u00e1n nyelvtanr\u00f3l.<\/p>\r\n                    <\/div>\r\n                <\/div>\r\n            <\/div>\r\n        <\/a>\r\n\r\n        \r\n        <a href=\"https:\/\/talkpal.ai\/hu\/japan-nyelvtani-gyakorlatok\/\">\r\n            <div class=\"learnNavigationWrapper\">\r\n                <div class=\"learnNavigationContent\">\r\n                    <img decoding=\"async\" src=\"https:\/\/talkpal.ai\/wp-content\/uploads\/2024\/08\/Japanese.jpg\" alt=\"Japanese Flag\">\r\n                    <div>\r\n                        <h4>Jap\u00e1n nyelvtani gyakorlat<\/h4>\r\n                        <p>Gyakorolja a jap\u00e1n nyelvtant.<\/p>\r\n                    <\/div>\r\n                <\/div>\r\n            <\/div>\r\n        <\/a>\r\n\r\n        \r\n        <a href=\"https:\/\/talkpal.ai\/vocabulary_language\/japanese\/\">\r\n            <div class=\"learnNavigationWrapper\">\r\n                <div class=\"learnNavigationContent\">\r\n                    <img decoding=\"async\" src=\"https:\/\/talkpal.ai\/wp-content\/uploads\/2024\/08\/Japanese.jpg\" alt=\"Japanese Flag\">\r\n                    <div>\r\n                        <h4>Jap\u00e1n sz\u00f3kincs<\/h4>\r\n                        <p>B\u0151v\u00edtse jap\u00e1n sz\u00f3kincs\u00e9t.<\/p>\r\n                    <\/div>\r\n                <\/div>\r\n            <\/div>\r\n        <\/a>\r\n\r\n            <\/section>","protected":false},"excerpt":{"rendered":"<p>A jap\u00e1n nyelvtan bonyolults\u00e1g\u00e1nak elsaj\u00e1t\u00edt\u00e1sa A nyelvrajong\u00f3k gyakran tal\u00e1lj\u00e1k a jap\u00e1nt leny\u0171g\u00f6z\u0151 \u00e9s kih\u00edv\u00e1st jelent\u0151 nyelvnek, nagyr\u00e9szt egyed\u00fcl\u00e1ll\u00f3 nyelvtani rendszere miatt. Ennek ellen\u00e9re a jap\u00e1n nyelvtan meg\u00e9rt\u00e9se jelent\u0151sen jav\u00edthatja kommunik\u00e1ci\u00f3s k\u00e9szs\u00e9geit \u00e9s kultur\u00e1lis meg\u00e9rt\u00e9s\u00e9t. Ebben a cikkben a jap\u00e1n nyelvtan sz\u00e1mos l\u00e9nyeges aspektus\u00e1t t\u00e1rgyaljuk, hogy seg\u00edts\u00fcnk a nyelvtanul\u00e1s \u00fatj\u00e1n. Sz\u00f3val, kapaszkodjon, \u00e9s mer\u00fclj\u00f6n el a [&hellip;]<\/p>\n","protected":false},"author":1,"featured_media":107258,"parent":0,"menu_order":0,"comment_status":"closed","ping_status":"closed","template":"LearningContentPage.php","meta":{"_acf_changed":false,"footnotes":""},"class_list":["post-129725","page","type-page","status-publish","has-post-thumbnail","hentry"],"acf":[],"yoast_head":"<!-- This site is optimized with the Yoast SEO Premium plugin v27.2 (Yoast SEO v27.2) - https:\/\/yoast.com\/product\/yoast-seo-premium-wordpress\/ -->\n<title>Jap\u00e1n nyelvtan - Talkpal<\/title>\n<meta name=\"description\" content=\"Saj\u00e1t\u00edtsd el a jap\u00e1n nyelvtant a mesters\u00e9ges intelligencia nyelvtanul\u00e1si alkalmaz\u00e1sunkkal. N\u00f6velje nyelvtud\u00e1s\u00e1t k\u00f6nnyed\u00e9n a k\u00f6vetkez\u0151k r\u00e9v\u00e9n TalkpalAI t\u00e1mogat\u00e1s\u00e1val.\" \/>\n<meta name=\"robots\" content=\"index, follow, max-snippet:-1, max-image-preview:large, max-video-preview:-1\" \/>\n<link rel=\"canonical\" href=\"https:\/\/talkpal.ai\/hu\/japan-nyelvtan\/\" \/>\n<meta property=\"og:locale\" content=\"hu_HU\" \/>\n<meta property=\"og:type\" content=\"article\" \/>\n<meta property=\"og:title\" content=\"Jap\u00e1n nyelvtan\" \/>\n<meta property=\"og:description\" content=\"A jap\u00e1n nyelvtan bonyolults\u00e1g\u00e1nak elsaj\u00e1t\u00edt\u00e1sa A nyelvrajong\u00f3k gyakran tal\u00e1lj\u00e1k a jap\u00e1nt leny\u0171g\u00f6z\u0151 \u00e9s kih\u00edv\u00e1st jelent\u0151 nyelvnek, nagyr\u00e9szt egyed\u00fcl\u00e1ll\u00f3\" \/>\n<meta property=\"og:url\" content=\"https:\/\/talkpal.ai\/hu\/japan-nyelvtan\/\" \/>\n<meta property=\"og:site_name\" content=\"Talkpal\" \/>\n<meta property=\"article:publisher\" content=\"https:\/\/www.facebook.com\/profile.php?id=100090733639311\" \/>\n<meta property=\"article:modified_time\" content=\"2025-12-11T16:44:22+00:00\" \/>\n<meta property=\"og:image\" content=\"https:\/\/talkpal.ai\/wp-content\/uploads\/2023\/04\/japan.png\" \/>\n\t<meta property=\"og:image:width\" content=\"512\" \/>\n\t<meta property=\"og:image:height\" content=\"512\" \/>\n\t<meta property=\"og:image:type\" content=\"image\/png\" \/>\n<meta name=\"twitter:card\" content=\"summary_large_image\" \/>\n<meta name=\"twitter:site\" content=\"@talkpalai\" \/>\n<meta name=\"twitter:label1\" content=\"Becs\u00fclt olvas\u00e1si id\u0151\" \/>\n\t<meta name=\"twitter:data1\" content=\"3 perc\" \/>\n<script type=\"application\/ld+json\" class=\"yoast-schema-graph\">{\"@context\":\"https:\/\/schema.org\",\"@graph\":[{\"@type\":\"WebPage\",\"@id\":\"https:\/\/talkpal.ai\/hu\/japan-nyelvtan\/\",\"url\":\"https:\/\/talkpal.ai\/hu\/japan-nyelvtan\/\",\"name\":\"Jap\u00e1n nyelvtan - Talkpal\",\"isPartOf\":{\"@id\":\"https:\/\/talkpal.ai\/hu\/#website\"},\"primaryImageOfPage\":{\"@id\":\"https:\/\/talkpal.ai\/hu\/japan-nyelvtan\/#primaryimage\"},\"image\":{\"@id\":\"https:\/\/talkpal.ai\/hu\/japan-nyelvtan\/#primaryimage\"},\"thumbnailUrl\":\"https:\/\/talkpal.ai\/wp-content\/uploads\/2023\/04\/japan.png\",\"datePublished\":\"2023-05-14T13:51:09+00:00\",\"dateModified\":\"2025-12-11T16:44:22+00:00\",\"description\":\"Saj\u00e1t\u00edtsd el a jap\u00e1n nyelvtant a mesters\u00e9ges intelligencia nyelvtanul\u00e1si alkalmaz\u00e1sunkkal. N\u00f6velje nyelvtud\u00e1s\u00e1t k\u00f6nnyed\u00e9n a k\u00f6vetkez\u0151k r\u00e9v\u00e9n TalkpalAI t\u00e1mogat\u00e1s\u00e1val.\",\"breadcrumb\":{\"@id\":\"https:\/\/talkpal.ai\/hu\/japan-nyelvtan\/#breadcrumb\"},\"inLanguage\":\"hu\",\"potentialAction\":[{\"@type\":\"ReadAction\",\"target\":[\"https:\/\/talkpal.ai\/hu\/japan-nyelvtan\/\"]}]},{\"@type\":\"ImageObject\",\"inLanguage\":\"hu\",\"@id\":\"https:\/\/talkpal.ai\/hu\/japan-nyelvtan\/#primaryimage\",\"url\":\"https:\/\/talkpal.ai\/wp-content\/uploads\/2023\/04\/japan.png\",\"contentUrl\":\"https:\/\/talkpal.ai\/wp-content\/uploads\/2023\/04\/japan.png\",\"width\":512,\"height\":512},{\"@type\":\"BreadcrumbList\",\"@id\":\"https:\/\/talkpal.ai\/hu\/japan-nyelvtan\/#breadcrumb\",\"itemListElement\":[{\"@type\":\"ListItem\",\"position\":1,\"name\":\"Homepage\",\"item\":\"https:\/\/talkpal.ai\/hu\/\"},{\"@type\":\"ListItem\",\"position\":2,\"name\":\"Jap\u00e1n nyelvtan\"}]},{\"@type\":\"WebSite\",\"@id\":\"https:\/\/talkpal.ai\/hu\/#website\",\"url\":\"https:\/\/talkpal.ai\/hu\/\",\"name\":\"Talkpal\",\"description\":\"AI Language Learning\",\"publisher\":{\"@id\":\"https:\/\/talkpal.ai\/hu\/#organization\"},\"alternateName\":\"Talkpal AI\",\"potentialAction\":[{\"@type\":\"SearchAction\",\"target\":{\"@type\":\"EntryPoint\",\"urlTemplate\":\"https:\/\/talkpal.ai\/hu\/?s={search_term_string}\"},\"query-input\":{\"@type\":\"PropertyValueSpecification\",\"valueRequired\":true,\"valueName\":\"search_term_string\"}}],\"inLanguage\":\"hu\"},{\"@type\":\"Organization\",\"@id\":\"https:\/\/talkpal.ai\/hu\/#organization\",\"name\":\"Talkpal, Inc.\",\"alternateName\":\"Talkpal AI\",\"url\":\"https:\/\/talkpal.ai\/hu\/\",\"logo\":{\"@type\":\"ImageObject\",\"inLanguage\":\"hu\",\"@id\":\"https:\/\/talkpal.ai\/hu\/#\/schema\/logo\/image\/\",\"url\":\"https:\/\/talkpal.ai\/wp-content\/uploads\/2024\/03\/Talkpal-Logo-Icon.png\",\"contentUrl\":\"https:\/\/talkpal.ai\/wp-content\/uploads\/2024\/03\/Talkpal-Logo-Icon.png\",\"width\":2880,\"height\":2880,\"caption\":\"Talkpal, Inc.\"},\"image\":{\"@id\":\"https:\/\/talkpal.ai\/hu\/#\/schema\/logo\/image\/\"},\"sameAs\":[\"https:\/\/www.facebook.com\/profile.php?id=100090733639311\",\"https:\/\/x.com\/talkpalai\",\"https:\/\/www.linkedin.com\/company\/talkpal\/\",\"https:\/\/www.youtube.com\/@TalkPal\/\",\"https:\/\/www.tiktok.com\/@talkpal\",\"https:\/\/www.instagram.com\/talkpal_ai\/\",\"https:\/\/www.crunchbase.com\/organization\/talkpal-9cde\",\"https:\/\/www.g2.com\/products\/talkpal-for-business\/\",\"https:\/\/www.trustpilot.com\/review\/talkpal.ai\",\"https:\/\/www.capterra.com\/p\/10006800\/TalkPal\/\"],\"description\":\"Talkpal is a language learning web and mobile education app, powered by the latest AI technologies, that provides engaging experiences to its customers in many different languages to help them improve their language skills. Users can chat about unlimited amount of topics with the app and use other modes to practice their language learning.\",\"email\":\"support@talkpal.ai\",\"legalName\":\"Talkpal, Inc.\",\"foundingDate\":\"2023-04-03\",\"duns\":\"118989042\",\"numberOfEmployees\":{\"@type\":\"QuantitativeValue\",\"minValue\":\"11\",\"maxValue\":\"50\"},\"publishingPrinciples\":\"https:\/\/talkpal.ai\/publishing-principles\/\",\"actionableFeedbackPolicy\":\"https:\/\/talkpal.ai\/actionable-feedback-policy\/\",\"correctionsPolicy\":\"https:\/\/talkpal.ai\/corrections-policy\/\",\"ethicsPolicy\":\"https:\/\/talkpal.ai\/ethics-policy\/\",\"diversityPolicy\":\"https:\/\/talkpal.ai\/diversity-policy\/\",\"diversityStaffingReport\":\"https:\/\/talkpal.ai\/diversity-policy\/\"}]}<\/script>\n<!-- \/ Yoast SEO Premium plugin. -->","yoast_head_json":{"title":"Jap\u00e1n nyelvtan - Talkpal","description":"Saj\u00e1t\u00edtsd el a jap\u00e1n nyelvtant a mesters\u00e9ges intelligencia nyelvtanul\u00e1si alkalmaz\u00e1sunkkal. N\u00f6velje nyelvtud\u00e1s\u00e1t k\u00f6nnyed\u00e9n a k\u00f6vetkez\u0151k r\u00e9v\u00e9n TalkpalAI t\u00e1mogat\u00e1s\u00e1val.","robots":{"index":"index","follow":"follow","max-snippet":"max-snippet:-1","max-image-preview":"max-image-preview:large","max-video-preview":"max-video-preview:-1"},"canonical":"https:\/\/talkpal.ai\/hu\/japan-nyelvtan\/","og_locale":"hu_HU","og_type":"article","og_title":"Jap\u00e1n nyelvtan","og_description":"A jap\u00e1n nyelvtan bonyolults\u00e1g\u00e1nak elsaj\u00e1t\u00edt\u00e1sa A nyelvrajong\u00f3k gyakran tal\u00e1lj\u00e1k a jap\u00e1nt leny\u0171g\u00f6z\u0151 \u00e9s kih\u00edv\u00e1st jelent\u0151 nyelvnek, nagyr\u00e9szt egyed\u00fcl\u00e1ll\u00f3","og_url":"https:\/\/talkpal.ai\/hu\/japan-nyelvtan\/","og_site_name":"Talkpal","article_publisher":"https:\/\/www.facebook.com\/profile.php?id=100090733639311","article_modified_time":"2025-12-11T16:44:22+00:00","og_image":[{"width":512,"height":512,"url":"https:\/\/talkpal.ai\/wp-content\/uploads\/2023\/04\/japan.png","type":"image\/png"}],"twitter_card":"summary_large_image","twitter_site":"@talkpalai","twitter_misc":{"Becs\u00fclt olvas\u00e1si id\u0151":"3 perc"},"schema":{"@context":"https:\/\/schema.org","@graph":[{"@type":"WebPage","@id":"https:\/\/talkpal.ai\/hu\/japan-nyelvtan\/","url":"https:\/\/talkpal.ai\/hu\/japan-nyelvtan\/","name":"Jap\u00e1n nyelvtan - Talkpal","isPartOf":{"@id":"https:\/\/talkpal.ai\/hu\/#website"},"primaryImageOfPage":{"@id":"https:\/\/talkpal.ai\/hu\/japan-nyelvtan\/#primaryimage"},"image":{"@id":"https:\/\/talkpal.ai\/hu\/japan-nyelvtan\/#primaryimage"},"thumbnailUrl":"https:\/\/talkpal.ai\/wp-content\/uploads\/2023\/04\/japan.png","datePublished":"2023-05-14T13:51:09+00:00","dateModified":"2025-12-11T16:44:22+00:00","description":"Saj\u00e1t\u00edtsd el a jap\u00e1n nyelvtant a mesters\u00e9ges intelligencia nyelvtanul\u00e1si alkalmaz\u00e1sunkkal. N\u00f6velje nyelvtud\u00e1s\u00e1t k\u00f6nnyed\u00e9n a k\u00f6vetkez\u0151k r\u00e9v\u00e9n TalkpalAI t\u00e1mogat\u00e1s\u00e1val.","breadcrumb":{"@id":"https:\/\/talkpal.ai\/hu\/japan-nyelvtan\/#breadcrumb"},"inLanguage":"hu","potentialAction":[{"@type":"ReadAction","target":["https:\/\/talkpal.ai\/hu\/japan-nyelvtan\/"]}]},{"@type":"ImageObject","inLanguage":"hu","@id":"https:\/\/talkpal.ai\/hu\/japan-nyelvtan\/#primaryimage","url":"https:\/\/talkpal.ai\/wp-content\/uploads\/2023\/04\/japan.png","contentUrl":"https:\/\/talkpal.ai\/wp-content\/uploads\/2023\/04\/japan.png","width":512,"height":512},{"@type":"BreadcrumbList","@id":"https:\/\/talkpal.ai\/hu\/japan-nyelvtan\/#breadcrumb","itemListElement":[{"@type":"ListItem","position":1,"name":"Homepage","item":"https:\/\/talkpal.ai\/hu\/"},{"@type":"ListItem","position":2,"name":"Jap\u00e1n nyelvtan"}]},{"@type":"WebSite","@id":"https:\/\/talkpal.ai\/hu\/#website","url":"https:\/\/talkpal.ai\/hu\/","name":"Talkpal","description":"AI Language Learning","publisher":{"@id":"https:\/\/talkpal.ai\/hu\/#organization"},"alternateName":"Talkpal AI","potentialAction":[{"@type":"SearchAction","target":{"@type":"EntryPoint","urlTemplate":"https:\/\/talkpal.ai\/hu\/?s={search_term_string}"},"query-input":{"@type":"PropertyValueSpecification","valueRequired":true,"valueName":"search_term_string"}}],"inLanguage":"hu"},{"@type":"Organization","@id":"https:\/\/talkpal.ai\/hu\/#organization","name":"Talkpal, Inc.","alternateName":"Talkpal AI","url":"https:\/\/talkpal.ai\/hu\/","logo":{"@type":"ImageObject","inLanguage":"hu","@id":"https:\/\/talkpal.ai\/hu\/#\/schema\/logo\/image\/","url":"https:\/\/talkpal.ai\/wp-content\/uploads\/2024\/03\/Talkpal-Logo-Icon.png","contentUrl":"https:\/\/talkpal.ai\/wp-content\/uploads\/2024\/03\/Talkpal-Logo-Icon.png","width":2880,"height":2880,"caption":"Talkpal, Inc."},"image":{"@id":"https:\/\/talkpal.ai\/hu\/#\/schema\/logo\/image\/"},"sameAs":["https:\/\/www.facebook.com\/profile.php?id=100090733639311","https:\/\/x.com\/talkpalai","https:\/\/www.linkedin.com\/company\/talkpal\/","https:\/\/www.youtube.com\/@TalkPal\/","https:\/\/www.tiktok.com\/@talkpal","https:\/\/www.instagram.com\/talkpal_ai\/","https:\/\/www.crunchbase.com\/organization\/talkpal-9cde","https:\/\/www.g2.com\/products\/talkpal-for-business\/","https:\/\/www.trustpilot.com\/review\/talkpal.ai","https:\/\/www.capterra.com\/p\/10006800\/TalkPal\/"],"description":"Talkpal is a language learning web and mobile education app, powered by the latest AI technologies, that provides engaging experiences to its customers in many different languages to help them improve their language skills. Users can chat about unlimited amount of topics with the app and use other modes to practice their language learning.","email":"support@talkpal.ai","legalName":"Talkpal, Inc.","foundingDate":"2023-04-03","duns":"118989042","numberOfEmployees":{"@type":"QuantitativeValue","minValue":"11","maxValue":"50"},"publishingPrinciples":"https:\/\/talkpal.ai\/publishing-principles\/","actionableFeedbackPolicy":"https:\/\/talkpal.ai\/actionable-feedback-policy\/","correctionsPolicy":"https:\/\/talkpal.ai\/corrections-policy\/","ethicsPolicy":"https:\/\/talkpal.ai\/ethics-policy\/","diversityPolicy":"https:\/\/talkpal.ai\/diversity-policy\/","diversityStaffingReport":"https:\/\/talkpal.ai\/diversity-policy\/"}]}},"_links":{"self":[{"href":"https:\/\/talkpal.ai\/hu\/wp-json\/wp\/v2\/pages\/129725","targetHints":{"allow":["GET"]}}],"collection":[{"href":"https:\/\/talkpal.ai\/hu\/wp-json\/wp\/v2\/pages"}],"about":[{"href":"https:\/\/talkpal.ai\/hu\/wp-json\/wp\/v2\/types\/page"}],"author":[{"embeddable":true,"href":"https:\/\/talkpal.ai\/hu\/wp-json\/wp\/v2\/users\/1"}],"replies":[{"embeddable":true,"href":"https:\/\/talkpal.ai\/hu\/wp-json\/wp\/v2\/comments?post=129725"}],"version-history":[{"count":0,"href":"https:\/\/talkpal.ai\/hu\/wp-json\/wp\/v2\/pages\/129725\/revisions"}],"wp:featuredmedia":[{"embeddable":true,"href":"https:\/\/talkpal.ai\/hu\/wp-json\/wp\/v2\/media\/107258"}],"wp:attachment":[{"href":"https:\/\/talkpal.ai\/hu\/wp-json\/wp\/v2\/media?parent=129725"}],"curies":[{"name":"wp","href":"https:\/\/api.w.org\/{rel}","templated":true}]}}