{"id":129385,"date":"2023-05-14T13:50:44","date_gmt":"2023-05-14T13:50:44","guid":{"rendered":"http:\/\/talkpal.ai\/hindi-nyelvtan\/"},"modified":"2025-12-13T15:00:27","modified_gmt":"2025-12-13T15:00:27","slug":"hindi-nyelvtan","status":"publish","type":"page","link":"https:\/\/talkpal.ai\/hu\/hindi-nyelvtan\/","title":{"rendered":"Hindi nyelvtan"},"content":{"rendered":"\r\n\r\n\r\n<section class=\"languageChallengeSection\">\r\n    <div class=\"languageInfoWrapper\">\r\n        \r\n        <h1>Hindi nyelvtan<\/h1>\r\n        <p>K\u00e9szen \u00e1llsz a <a href=\"https:\/\/talkpal.ai\/learn-hindi\/\">hindi<\/a> nyelvtanul\u00e1sra? Mer\u00fclj\u00f6n el a hindi nyelvtanban, ahol a nemek szerinti f\u0151nevek, az alany-t\u00e1rgy-ige mondatszerkezet \u00e9s a kifejez\u0151 igek\u00f6t\u0151k \u00e9letre keltik a nyelvet. Kezdje el a hindi nyelvet m\u00e9g ma &#8211; a <a href=\"https:\/\/talkpal.ai\/grammar\/\">nyelvtan<\/a> elsaj\u00e1t\u00edt\u00e1sa k\u00e9pess\u00e9 teszi \u00d6nt arra, hogy magabiztosan kommunik\u00e1ljon \u00e9s kapcsol\u00f3djon India vibr\u00e1l\u00f3 kult\u00far\u00e1j\u00e1hoz \u00e9s hagyom\u00e1nyaihoz!<\/p>\r\n\r\n                            <a class=\"getStartedHidden\" href=\"https:\/\/app.talkpal.ai\/hu\/signup?lng=\">Kezdj\u00fck<\/a>\r\n        \r\n    <\/div>\r\n\r\n    <figure>\r\n    <img decoding=\"async\" width=\"768\" height=\"768\" src=\"https:\/\/talkpal.ai\/wp-content\/uploads\/2023\/06\/hindi-768x768.png\" class=\"languageImage no-lazy\" alt=\"Language learning for mental agility\" fetchpriority=\"high\" sizes=\"(max-width: 768px) 150px, 768px\" srcset=\"https:\/\/talkpal.ai\/wp-content\/uploads\/2023\/06\/hindi-768x768.png 768w, https:\/\/talkpal.ai\/wp-content\/uploads\/2023\/06\/hindi-300x300.png 300w\" \/>\r\n    \r\n\r\n    <\/figure>\r\n\r\n            <a class=\"getStartedVisible\" href=\"https:\/\/app.talkpal.ai\/hu\/signup?lng=\">Kezdj\u00fck<\/a>\r\n    \r\n<\/section>\r\n<section class=\"promotionalBanner\">\r\n    <p class=\"promotionalText\">A nyelvtanul\u00e1s leghat\u00e9konyabb m\u00f3dja<\/p>\r\n    <a class=\"promotionalLink\" href=\"https:\/\/app.talkpal.ai\/hu\/signup?lng=\">Pr\u00f3b\u00e1lja ki a Talkpal ingyen<\/a>\r\n<\/section>\n<div class=\"wp-block-group pageContainerStyle\"><div class=\"wp-block-group__inner-container is-layout-constrained wp-block-group-is-layout-constrained\">\n<h2 class=\"wp-block-heading\" id=\"h-mastering-hindi-grammar-your-ultimate-guide\">A hindi nyelvtan elsaj\u00e1t\u00edt\u00e1sa: A v\u00e9gs\u0151 \u00fatmutat\u00f3<\/h2>\n\n\n\n<p>Namaste, <a href=\"https:\/\/talkpal.ai\/talkpal-discount-for-language-enthusiasts\/\">nyelvrajong\u00f3k<\/a>! K\u00e9szen \u00e1llsz arra, hogy felfedezd a <a href=\"https:\/\/talkpal.ai\/hindi-grammar\/\">hindi nyelvtan<\/a> vil\u00e1g\u00e1t? A legjobb helyre j\u00f6tt\u00e9l. K\u00f6nnyen \u00e9rthet\u0151 inform\u00e1ci\u00f3kkal \u00e9s t\u00e1rsalg\u00e1si hangv\u00e9tellel ez a cikk v\u00e9gigvezeti \u00d6nt a hindi nyelvtan leny\u0171g\u00f6z\u0151 birodalm\u00e1n. Hamarosan k\u00e9pes leszel mondatokat alkotni \u00e9s \u00e9rtelmes besz\u00e9lget\u00e9seket folytatni anyanyelvi besz\u00e9l\u0151kkel. Sz\u00f3val, ugorjunk bele!<\/p>\n\n\n\n<p><strong>De el\u0151sz\u00f6r is, mi\u00e9rt hindi nyelvtan?<\/strong><\/p>\n\n\n\n<p>Ha hindi\u00fcl tanulsz, a nyelvtani alapismeretek elengedhetetlenek ahhoz, hogy foly\u00e9konyan besz\u00e9lj, olvass \u00e9s \u00edrj. M\u00edg a hindi nyelvtan kezdetben \u00f6sszetettnek t\u0171nhet, megk\u00f6zel\u00edthet\u0151bb\u00e9 v\u00e1lik, ha kisebb, kezelhet\u0151 szegmensekre bontj\u00e1k. Ez a cikk t\u00f6k\u00e9letes hely lesz a hindi nyelvtan elsaj\u00e1t\u00edt\u00e1s\u00e1hoz vezet\u0151 \u00fat megkezd\u00e9s\u00e9hez!<\/p>\n\n\n\n<h3 class=\"wp-block-heading\" id=\"h-1-nouns-gender-and-cases\">1. F\u0151nevek, nemek \u00e9s esetek<\/h3>\n\n\n\n<p>A hindi f\u0151nevek k\u00e9t nemben vannak: f\u00e9rfias \u00e9s n\u0151ies. Fontos a f\u0151nevek nem\u00e9nek azonos\u00edt\u00e1sa, mivel ez befoly\u00e1solja a t\u00f6bbi besz\u00e9dr\u00e9szt, p\u00e9ld\u00e1ul a mell\u00e9kneveket \u00e9s az ig\u00e9ket.  <\/p>\n\n\n\n<p>Egyszer\u0171 szab\u00e1ly: ha egy f\u0151n\u00e9v \u201e-aa\u201d-ra v\u00e9gz\u0151dik (\u201e\u0906\u201d), akkor \u00e1ltal\u00e1ban h\u00edmnem\u0171, m\u00edg a \u201e-ii\u201d-ra v\u00e9gz\u0151d\u0151 f\u0151n\u00e9v (\u201e\u0908\u201d) \u00e1ltal\u00e1ban n\u0151nem\u0171. De ne feledd &#8211; mint mindig, kiv\u00e9telek is l\u00e9teznek!  <\/p>\n\n\n\n<p>A hindi f\u0151nevek k\u00fcl\u00f6nb\u00f6z\u0151 form\u00e1kat \u00f6ltenek a mondatban bet\u00f6lt\u00f6tt szerep\u00fckt\u0151l f\u00fcgg\u0151en (t\u00e1rgy, t\u00e1rgy, birtokos stb.). Ezeket a form\u00e1kat eseteknek nevezik. A hindi els\u0151dleges esetei a k\u00f6zvetlen (\u201e\u0906\u092e \u0915\u094d\u0930\u092e\u201d), a ferde (\u201e\u0909\u092a \u0935\u093f\u0932\u094b\u092e\u201d) \u00e9s a vokat\u00edv (\u201e\u0938\u0902\u092c\u094b\u0927\u0928\u201d).<\/p>\n\n\n\n<h3 class=\"wp-block-heading\" id=\"h-2-pronouns-and-agreement\">2. N\u00e9vm\u00e1sok \u00e9s meg\u00e1llapod\u00e1s<\/h3>\n\n\n\n<p>A hindi n\u00e9vm\u00e1sok (\u00e9n, te, \u0151, \u0151 stb.) a nem \u00e9s a hierarchia szerint v\u00e1ltoznak. P\u00e9ld\u00e1ul: \u092e\u0948\u0902 (main &#8211; \u00e9n), \u0924\u0941\u092e (tum &#8211; te, inform\u00e1lis), \u0906\u092a (aap &#8211; te, form\u00e1lis), \u0935\u0939 (vah &#8211; \u0151\/\u0151), \u0939\u092e (hum &#8211; mi) \u00e9s \u0935\u0947 (ve &#8211; \u0151k).  <\/p>\n\n\n\n<p>A n\u00e9vm\u00e1sok haszn\u00e1latakor fontos, hogy tiszt\u00e1ban legy\u00fcnk a hierarchi\u00e1val. P\u00e9ld\u00e1ul, m\u00edg a \u201e\u0924\u0941\u092e\u201d megfelel\u0151 lehet bar\u00e1tok k\u00f6z\u00f6tt, a \u201e\u0906\u092a\u201d haszn\u00e1lata tiszteletet mutat, ha id\u0151sebbeket vagy idegeneket sz\u00f3l\u00edtasz meg.<\/p>\n\n\n\n<h3 class=\"wp-block-heading\" id=\"h-3-verbs-tense-and-conjugation\">3. Ig\u00e9k, igeid\u0151 \u00e9s ragoz\u00e1s<\/h3>\n\n\n\n<p>Az ig\u00e9k alkotj\u00e1k a hindi nyelvtan gerinc\u00e9t, \u00e9s meg\u00e9rt\u00e9s\u00fck l\u00e9tfontoss\u00e1g\u00fa a mondatok fel\u00e9p\u00edt\u00e9s\u00e9hez. A hindi ig\u00e9k nagyj\u00e1b\u00f3l tranzit\u00edv (\u201e\u0938\u0915\u0930\u094d\u092e\u0915\u201d) \u00e9s intranzit\u00edv (\u201e\u0905\u0915\u0930\u094d\u092e\u0915\u201d) kateg\u00f3ri\u00e1kba sorolhat\u00f3k, \u00e9s mindegyikre m\u00e1s-m\u00e1s konjug\u00e1ci\u00f3s szab\u00e1lyok vonatkoznak.  <\/p>\n\n\n\n<p>Hogy gyors \u00e1ttekint\u00e9st adjunk, besz\u00e9lj\u00fcnk a szab\u00e1lyos ig\u00e9k jelen idej\u0171 ragoz\u00e1s\u00e1r\u00f3l:<\/p>\n\n\n\n<p>&#8211; \u092e\u0948\u0902 \u092a\u0922\u093c\u0924\u093e \u0939\u0942\u0901 (main padhta hoon &#8211; olvasom, h\u00edmnem\u0171)<\/p>\n\n\n\n<p>&#8211; \u092e\u0948\u0902 \u092a\u0922\u093c\u0924\u0940 \u0939\u0942\u0901 (main padhti hoon &#8211; olvasom, n\u0151nem\u0171)<\/p>\n\n\n\n<p>&#8211; \u0924\u0941\u092e \u092a\u0922\u093c\u0924\u0947 \u0939\u094b (tum padhte ho &#8211; olvastad, inform\u00e1lis, h\u00edmnem\u0171)<\/p>\n\n\n\n<p>&#8211; \u0924\u0941\u092e \u092a\u0922\u093c\u0924\u0940 \u0939\u094b (tum padhti ho &#8211; olvastad, inform\u00e1lis, n\u0151nem\u0171)<\/p>\n\n\n\n<p>Ne feledje, ez csak a kezdet! Sok igeid\u0151t \u00e9s rendhagy\u00f3 ig\u00e9t kell elsaj\u00e1t\u00edtani, de <a href=\"https:\/\/talkpal.ai\/locations\/language-courses-in-minden\/\">minden<\/a> \u00faj l\u00e9p\u00e9s k\u00f6zelebb visz a foly\u00e9konys\u00e1ghoz.<\/p>\n\n\n\n<h3 class=\"wp-block-heading\" id=\"h-4-adjectives-adverbs-and-more\">4. Mell\u00e9knevek, hat\u00e1roz\u00f3szavak \u00e9s \u00edgy tov\u00e1bb!<\/h3>\n\n\n\n<p>A hindi nyelvtan m\u00e1s \u00f6sszetev\u0151ket is tartalmaz, p\u00e9ld\u00e1ul mell\u00e9kneveket (amelyeknek meg kell egyezni\u00fck a f\u0151nevekkel a nemben \u00e9s a sz\u00e1mban), hat\u00e1roz\u00f3szavakat, prepoz\u00edci\u00f3kat \u00e9s idiomatikus kifejez\u00e9seket. <a href=\"https:\/\/talkpal.ai\/locations\/language-courses-in-minden\/\">Minden<\/a> elem kulcsfontoss\u00e1g\u00fa ahhoz, hogy foly\u00e9konyan besz\u00e9lj hindi\u00fcl, ez\u00e9rt l\u00e9p\u00e9sr\u0151l l\u00e9p\u00e9sre kezeld \u0151ket.<\/p>\n\n\n\n<p>\u00d6sszefoglalva, a hindi nyelvtan elsaj\u00e1t\u00edt\u00e1s\u00e1hoz nincs r\u00f6vid\u00edtett \u00fat. Kitart\u00e1st, gyakorlatot \u00e9s t\u00fcrelmet ig\u00e9nyel. Ha azonban egyszer meg\u00e9rted, k\u00e9pes leszel \u00e9rt\u00e9kelni a hindi nyelv\u0171 t\u00e1rsalg\u00e1s \u00e1rnyalatait, felfedezni a gazdag kult\u00far\u00e1t \u00e9s t\u00f6rt\u00e9nelmet, \u00e9s elm\u00e9ly\u00edteni a nyelv ir\u00e1nti szeretetedet. \u0936\u0941\u092d\u0915\u093e\u092e\u0928\u093e\u090f\u0901 (shubhkaamnaayein &#8211; j\u00f3k\u00edv\u00e1ns\u00e1gok)!<\/p>\n<\/div><\/div>\n\r\n<section class=\"learnNavigationSection\">\r\n            \r\n        <a href=\"https:\/\/talkpal.ai\/hu\/tanulj-hindi-nyelven\/\">\r\n            <div class=\"learnNavigationWrapper\">\r\n                <div class=\"learnNavigationContent\">\r\n                    <img decoding=\"async\" src=\"https:\/\/talkpal.ai\/wp-content\/uploads\/2024\/08\/Hindi.jpg\" alt=\"Indian Flag\">\r\n                    <div>\r\n                        <h4>A hindi tanul\u00e1sr\u00f3l<\/h4>\r\n                        <p>Tudjon meg mindent a hindi nyelvtanr\u00f3l.<\/p>\r\n                    <\/div>\r\n                <\/div>\r\n            <\/div>\r\n        <\/a>\r\n\r\n        \r\n        <a href=\"https:\/\/talkpal.ai\/hu\/hindi-nyelvtani-gyakorlatok\/\">\r\n            <div class=\"learnNavigationWrapper\">\r\n                <div class=\"learnNavigationContent\">\r\n                    <img decoding=\"async\" src=\"https:\/\/talkpal.ai\/wp-content\/uploads\/2024\/08\/Hindi.jpg\" alt=\"Indian Flag\">\r\n                    <div>\r\n                        <h4>Hindi nyelvtani gyakorlat<\/h4>\r\n                        <p>Gyakorolja a hindi nyelvtant.<\/p>\r\n                    <\/div>\r\n                <\/div>\r\n            <\/div>\r\n        <\/a>\r\n\r\n        \r\n        <a href=\"https:\/\/talkpal.ai\/vocabulary_language\/hindi\/\">\r\n            <div class=\"learnNavigationWrapper\">\r\n                <div class=\"learnNavigationContent\">\r\n                    <img decoding=\"async\" src=\"https:\/\/talkpal.ai\/wp-content\/uploads\/2024\/08\/Hindi.jpg\" alt=\"Indian Flag\">\r\n                    <div>\r\n                        <h4>Hindi sz\u00f3kincs<\/h4>\r\n                        <p>B\u0151v\u00edtse hindi sz\u00f3kincs\u00e9t.<\/p>\r\n                    <\/div>\r\n                <\/div>\r\n            <\/div>\r\n        <\/a>\r\n\r\n            <\/section>","protected":false},"excerpt":{"rendered":"<p>A hindi nyelvtan elsaj\u00e1t\u00edt\u00e1sa: A v\u00e9gs\u0151 \u00fatmutat\u00f3 Namaste, nyelvrajong\u00f3k! K\u00e9szen \u00e1llsz arra, hogy felfedezd a hindi nyelvtan vil\u00e1g\u00e1t? A legjobb helyre j\u00f6tt\u00e9l. K\u00f6nnyen \u00e9rthet\u0151 inform\u00e1ci\u00f3kkal \u00e9s t\u00e1rsalg\u00e1si hangv\u00e9tellel ez a cikk v\u00e9gigvezeti \u00d6nt a hindi nyelvtan leny\u0171g\u00f6z\u0151 birodalm\u00e1n. Hamarosan k\u00e9pes leszel mondatokat alkotni \u00e9s \u00e9rtelmes besz\u00e9lget\u00e9seket folytatni anyanyelvi besz\u00e9l\u0151kkel. Sz\u00f3val, ugorjunk bele! De el\u0151sz\u00f6r is, [&hellip;]<\/p>\n","protected":false},"author":1,"featured_media":188211,"parent":0,"menu_order":0,"comment_status":"closed","ping_status":"closed","template":"LearningContentPage.php","meta":{"_acf_changed":false,"footnotes":""},"class_list":["post-129385","page","type-page","status-publish","has-post-thumbnail","hentry"],"acf":[],"yoast_head":"<!-- This site is optimized with the Yoast SEO Premium plugin v27.2 (Yoast SEO v27.2) - https:\/\/yoast.com\/product\/yoast-seo-premium-wordpress\/ -->\n<title>Hindi nyelvtan - Talkpal<\/title>\n<meta name=\"description\" content=\"Magabiztosan saj\u00e1t\u00edtsa el a hindi nyelvtant - tanulja meg az egy\u00e9rtelm\u0171 szab\u00e1lyokat, alkosson helyes mondatokat, \u00e9s besz\u00e9ljen jobban a k\u00f6nnyed \u00fatmutat\u00e1ssal a k\u00f6vetkez\u0151kt\u0151l Talkpal AI.\" \/>\n<meta name=\"robots\" content=\"index, follow, max-snippet:-1, max-image-preview:large, max-video-preview:-1\" \/>\n<link rel=\"canonical\" href=\"https:\/\/talkpal.ai\/hu\/hindi-nyelvtan\/\" \/>\n<meta property=\"og:locale\" content=\"hu_HU\" \/>\n<meta property=\"og:type\" content=\"article\" \/>\n<meta property=\"og:title\" content=\"Hindi nyelvtan\" \/>\n<meta property=\"og:description\" content=\"A hindi nyelvtan elsaj\u00e1t\u00edt\u00e1sa: A v\u00e9gs\u0151 \u00fatmutat\u00f3 Namaste, nyelvrajong\u00f3k! K\u00e9szen \u00e1llsz arra, hogy felfedezd a hindi nyelvtan vil\u00e1g\u00e1t? A legjobb helyre\" \/>\n<meta property=\"og:url\" content=\"https:\/\/talkpal.ai\/hu\/hindi-nyelvtan\/\" \/>\n<meta property=\"og:site_name\" content=\"Talkpal\" \/>\n<meta property=\"article:publisher\" content=\"https:\/\/www.facebook.com\/profile.php?id=100090733639311\" \/>\n<meta property=\"article:modified_time\" content=\"2025-12-13T15:00:27+00:00\" \/>\n<meta property=\"og:image\" content=\"https:\/\/talkpal.ai\/wp-content\/uploads\/2024\/02\/india.png\" \/>\n\t<meta property=\"og:image:width\" content=\"517\" \/>\n\t<meta property=\"og:image:height\" content=\"517\" \/>\n\t<meta property=\"og:image:type\" content=\"image\/png\" \/>\n<meta name=\"twitter:card\" content=\"summary_large_image\" \/>\n<meta name=\"twitter:site\" content=\"@talkpalai\" \/>\n<meta name=\"twitter:label1\" content=\"Becs\u00fclt olvas\u00e1si id\u0151\" \/>\n\t<meta name=\"twitter:data1\" content=\"3 perc\" \/>\n<script type=\"application\/ld+json\" class=\"yoast-schema-graph\">{\"@context\":\"https:\/\/schema.org\",\"@graph\":[{\"@type\":\"WebPage\",\"@id\":\"https:\/\/talkpal.ai\/hu\/hindi-nyelvtan\/\",\"url\":\"https:\/\/talkpal.ai\/hu\/hindi-nyelvtan\/\",\"name\":\"Hindi nyelvtan - Talkpal\",\"isPartOf\":{\"@id\":\"https:\/\/talkpal.ai\/hu\/#website\"},\"primaryImageOfPage\":{\"@id\":\"https:\/\/talkpal.ai\/hu\/hindi-nyelvtan\/#primaryimage\"},\"image\":{\"@id\":\"https:\/\/talkpal.ai\/hu\/hindi-nyelvtan\/#primaryimage\"},\"thumbnailUrl\":\"https:\/\/talkpal.ai\/wp-content\/uploads\/2024\/02\/india.png\",\"datePublished\":\"2023-05-14T13:50:44+00:00\",\"dateModified\":\"2025-12-13T15:00:27+00:00\",\"description\":\"Magabiztosan saj\u00e1t\u00edtsa el a hindi nyelvtant - tanulja meg az egy\u00e9rtelm\u0171 szab\u00e1lyokat, alkosson helyes mondatokat, \u00e9s besz\u00e9ljen jobban a k\u00f6nnyed \u00fatmutat\u00e1ssal a k\u00f6vetkez\u0151kt\u0151l Talkpal AI.\",\"breadcrumb\":{\"@id\":\"https:\/\/talkpal.ai\/hu\/hindi-nyelvtan\/#breadcrumb\"},\"inLanguage\":\"hu\",\"potentialAction\":[{\"@type\":\"ReadAction\",\"target\":[\"https:\/\/talkpal.ai\/hu\/hindi-nyelvtan\/\"]}]},{\"@type\":\"ImageObject\",\"inLanguage\":\"hu\",\"@id\":\"https:\/\/talkpal.ai\/hu\/hindi-nyelvtan\/#primaryimage\",\"url\":\"https:\/\/talkpal.ai\/wp-content\/uploads\/2024\/02\/india.png\",\"contentUrl\":\"https:\/\/talkpal.ai\/wp-content\/uploads\/2024\/02\/india.png\",\"width\":517,\"height\":517,\"caption\":\"TalkPal Indian Flag\"},{\"@type\":\"BreadcrumbList\",\"@id\":\"https:\/\/talkpal.ai\/hu\/hindi-nyelvtan\/#breadcrumb\",\"itemListElement\":[{\"@type\":\"ListItem\",\"position\":1,\"name\":\"Homepage\",\"item\":\"https:\/\/talkpal.ai\/hu\/\"},{\"@type\":\"ListItem\",\"position\":2,\"name\":\"Hindi nyelvtan\"}]},{\"@type\":\"WebSite\",\"@id\":\"https:\/\/talkpal.ai\/hu\/#website\",\"url\":\"https:\/\/talkpal.ai\/hu\/\",\"name\":\"Talkpal\",\"description\":\"AI Language Learning\",\"publisher\":{\"@id\":\"https:\/\/talkpal.ai\/hu\/#organization\"},\"alternateName\":\"Talkpal AI\",\"potentialAction\":[{\"@type\":\"SearchAction\",\"target\":{\"@type\":\"EntryPoint\",\"urlTemplate\":\"https:\/\/talkpal.ai\/hu\/?s={search_term_string}\"},\"query-input\":{\"@type\":\"PropertyValueSpecification\",\"valueRequired\":true,\"valueName\":\"search_term_string\"}}],\"inLanguage\":\"hu\"},{\"@type\":\"Organization\",\"@id\":\"https:\/\/talkpal.ai\/hu\/#organization\",\"name\":\"Talkpal, Inc.\",\"alternateName\":\"Talkpal AI\",\"url\":\"https:\/\/talkpal.ai\/hu\/\",\"logo\":{\"@type\":\"ImageObject\",\"inLanguage\":\"hu\",\"@id\":\"https:\/\/talkpal.ai\/hu\/#\/schema\/logo\/image\/\",\"url\":\"https:\/\/talkpal.ai\/wp-content\/uploads\/2024\/03\/Talkpal-Logo-Icon.png\",\"contentUrl\":\"https:\/\/talkpal.ai\/wp-content\/uploads\/2024\/03\/Talkpal-Logo-Icon.png\",\"width\":2880,\"height\":2880,\"caption\":\"Talkpal, Inc.\"},\"image\":{\"@id\":\"https:\/\/talkpal.ai\/hu\/#\/schema\/logo\/image\/\"},\"sameAs\":[\"https:\/\/www.facebook.com\/profile.php?id=100090733639311\",\"https:\/\/x.com\/talkpalai\",\"https:\/\/www.linkedin.com\/company\/talkpal\/\",\"https:\/\/www.youtube.com\/@TalkPal\/\",\"https:\/\/www.tiktok.com\/@talkpal\",\"https:\/\/www.instagram.com\/talkpal_ai\/\",\"https:\/\/www.crunchbase.com\/organization\/talkpal-9cde\",\"https:\/\/www.g2.com\/products\/talkpal-for-business\/\",\"https:\/\/www.trustpilot.com\/review\/talkpal.ai\",\"https:\/\/www.capterra.com\/p\/10006800\/TalkPal\/\"],\"description\":\"Talkpal is a language learning web and mobile education app, powered by the latest AI technologies, that provides engaging experiences to its customers in many different languages to help them improve their language skills. Users can chat about unlimited amount of topics with the app and use other modes to practice their language learning.\",\"email\":\"support@talkpal.ai\",\"legalName\":\"Talkpal, Inc.\",\"foundingDate\":\"2023-04-03\",\"duns\":\"118989042\",\"numberOfEmployees\":{\"@type\":\"QuantitativeValue\",\"minValue\":\"11\",\"maxValue\":\"50\"},\"publishingPrinciples\":\"https:\/\/talkpal.ai\/publishing-principles\/\",\"actionableFeedbackPolicy\":\"https:\/\/talkpal.ai\/actionable-feedback-policy\/\",\"correctionsPolicy\":\"https:\/\/talkpal.ai\/corrections-policy\/\",\"ethicsPolicy\":\"https:\/\/talkpal.ai\/ethics-policy\/\",\"diversityPolicy\":\"https:\/\/talkpal.ai\/diversity-policy\/\",\"diversityStaffingReport\":\"https:\/\/talkpal.ai\/diversity-policy\/\"}]}<\/script>\n<!-- \/ Yoast SEO Premium plugin. -->","yoast_head_json":{"title":"Hindi nyelvtan - Talkpal","description":"Magabiztosan saj\u00e1t\u00edtsa el a hindi nyelvtant - tanulja meg az egy\u00e9rtelm\u0171 szab\u00e1lyokat, alkosson helyes mondatokat, \u00e9s besz\u00e9ljen jobban a k\u00f6nnyed \u00fatmutat\u00e1ssal a k\u00f6vetkez\u0151kt\u0151l Talkpal AI.","robots":{"index":"index","follow":"follow","max-snippet":"max-snippet:-1","max-image-preview":"max-image-preview:large","max-video-preview":"max-video-preview:-1"},"canonical":"https:\/\/talkpal.ai\/hu\/hindi-nyelvtan\/","og_locale":"hu_HU","og_type":"article","og_title":"Hindi nyelvtan","og_description":"A hindi nyelvtan elsaj\u00e1t\u00edt\u00e1sa: A v\u00e9gs\u0151 \u00fatmutat\u00f3 Namaste, nyelvrajong\u00f3k! K\u00e9szen \u00e1llsz arra, hogy felfedezd a hindi nyelvtan vil\u00e1g\u00e1t? A legjobb helyre","og_url":"https:\/\/talkpal.ai\/hu\/hindi-nyelvtan\/","og_site_name":"Talkpal","article_publisher":"https:\/\/www.facebook.com\/profile.php?id=100090733639311","article_modified_time":"2025-12-13T15:00:27+00:00","og_image":[{"width":517,"height":517,"url":"https:\/\/talkpal.ai\/wp-content\/uploads\/2024\/02\/india.png","type":"image\/png"}],"twitter_card":"summary_large_image","twitter_site":"@talkpalai","twitter_misc":{"Becs\u00fclt olvas\u00e1si id\u0151":"3 perc"},"schema":{"@context":"https:\/\/schema.org","@graph":[{"@type":"WebPage","@id":"https:\/\/talkpal.ai\/hu\/hindi-nyelvtan\/","url":"https:\/\/talkpal.ai\/hu\/hindi-nyelvtan\/","name":"Hindi nyelvtan - Talkpal","isPartOf":{"@id":"https:\/\/talkpal.ai\/hu\/#website"},"primaryImageOfPage":{"@id":"https:\/\/talkpal.ai\/hu\/hindi-nyelvtan\/#primaryimage"},"image":{"@id":"https:\/\/talkpal.ai\/hu\/hindi-nyelvtan\/#primaryimage"},"thumbnailUrl":"https:\/\/talkpal.ai\/wp-content\/uploads\/2024\/02\/india.png","datePublished":"2023-05-14T13:50:44+00:00","dateModified":"2025-12-13T15:00:27+00:00","description":"Magabiztosan saj\u00e1t\u00edtsa el a hindi nyelvtant - tanulja meg az egy\u00e9rtelm\u0171 szab\u00e1lyokat, alkosson helyes mondatokat, \u00e9s besz\u00e9ljen jobban a k\u00f6nnyed \u00fatmutat\u00e1ssal a k\u00f6vetkez\u0151kt\u0151l Talkpal AI.","breadcrumb":{"@id":"https:\/\/talkpal.ai\/hu\/hindi-nyelvtan\/#breadcrumb"},"inLanguage":"hu","potentialAction":[{"@type":"ReadAction","target":["https:\/\/talkpal.ai\/hu\/hindi-nyelvtan\/"]}]},{"@type":"ImageObject","inLanguage":"hu","@id":"https:\/\/talkpal.ai\/hu\/hindi-nyelvtan\/#primaryimage","url":"https:\/\/talkpal.ai\/wp-content\/uploads\/2024\/02\/india.png","contentUrl":"https:\/\/talkpal.ai\/wp-content\/uploads\/2024\/02\/india.png","width":517,"height":517,"caption":"TalkPal Indian Flag"},{"@type":"BreadcrumbList","@id":"https:\/\/talkpal.ai\/hu\/hindi-nyelvtan\/#breadcrumb","itemListElement":[{"@type":"ListItem","position":1,"name":"Homepage","item":"https:\/\/talkpal.ai\/hu\/"},{"@type":"ListItem","position":2,"name":"Hindi nyelvtan"}]},{"@type":"WebSite","@id":"https:\/\/talkpal.ai\/hu\/#website","url":"https:\/\/talkpal.ai\/hu\/","name":"Talkpal","description":"AI Language Learning","publisher":{"@id":"https:\/\/talkpal.ai\/hu\/#organization"},"alternateName":"Talkpal AI","potentialAction":[{"@type":"SearchAction","target":{"@type":"EntryPoint","urlTemplate":"https:\/\/talkpal.ai\/hu\/?s={search_term_string}"},"query-input":{"@type":"PropertyValueSpecification","valueRequired":true,"valueName":"search_term_string"}}],"inLanguage":"hu"},{"@type":"Organization","@id":"https:\/\/talkpal.ai\/hu\/#organization","name":"Talkpal, Inc.","alternateName":"Talkpal AI","url":"https:\/\/talkpal.ai\/hu\/","logo":{"@type":"ImageObject","inLanguage":"hu","@id":"https:\/\/talkpal.ai\/hu\/#\/schema\/logo\/image\/","url":"https:\/\/talkpal.ai\/wp-content\/uploads\/2024\/03\/Talkpal-Logo-Icon.png","contentUrl":"https:\/\/talkpal.ai\/wp-content\/uploads\/2024\/03\/Talkpal-Logo-Icon.png","width":2880,"height":2880,"caption":"Talkpal, Inc."},"image":{"@id":"https:\/\/talkpal.ai\/hu\/#\/schema\/logo\/image\/"},"sameAs":["https:\/\/www.facebook.com\/profile.php?id=100090733639311","https:\/\/x.com\/talkpalai","https:\/\/www.linkedin.com\/company\/talkpal\/","https:\/\/www.youtube.com\/@TalkPal\/","https:\/\/www.tiktok.com\/@talkpal","https:\/\/www.instagram.com\/talkpal_ai\/","https:\/\/www.crunchbase.com\/organization\/talkpal-9cde","https:\/\/www.g2.com\/products\/talkpal-for-business\/","https:\/\/www.trustpilot.com\/review\/talkpal.ai","https:\/\/www.capterra.com\/p\/10006800\/TalkPal\/"],"description":"Talkpal is a language learning web and mobile education app, powered by the latest AI technologies, that provides engaging experiences to its customers in many different languages to help them improve their language skills. Users can chat about unlimited amount of topics with the app and use other modes to practice their language learning.","email":"support@talkpal.ai","legalName":"Talkpal, Inc.","foundingDate":"2023-04-03","duns":"118989042","numberOfEmployees":{"@type":"QuantitativeValue","minValue":"11","maxValue":"50"},"publishingPrinciples":"https:\/\/talkpal.ai\/publishing-principles\/","actionableFeedbackPolicy":"https:\/\/talkpal.ai\/actionable-feedback-policy\/","correctionsPolicy":"https:\/\/talkpal.ai\/corrections-policy\/","ethicsPolicy":"https:\/\/talkpal.ai\/ethics-policy\/","diversityPolicy":"https:\/\/talkpal.ai\/diversity-policy\/","diversityStaffingReport":"https:\/\/talkpal.ai\/diversity-policy\/"}]}},"_links":{"self":[{"href":"https:\/\/talkpal.ai\/hu\/wp-json\/wp\/v2\/pages\/129385","targetHints":{"allow":["GET"]}}],"collection":[{"href":"https:\/\/talkpal.ai\/hu\/wp-json\/wp\/v2\/pages"}],"about":[{"href":"https:\/\/talkpal.ai\/hu\/wp-json\/wp\/v2\/types\/page"}],"author":[{"embeddable":true,"href":"https:\/\/talkpal.ai\/hu\/wp-json\/wp\/v2\/users\/1"}],"replies":[{"embeddable":true,"href":"https:\/\/talkpal.ai\/hu\/wp-json\/wp\/v2\/comments?post=129385"}],"version-history":[{"count":0,"href":"https:\/\/talkpal.ai\/hu\/wp-json\/wp\/v2\/pages\/129385\/revisions"}],"wp:featuredmedia":[{"embeddable":true,"href":"https:\/\/talkpal.ai\/hu\/wp-json\/wp\/v2\/media\/188211"}],"wp:attachment":[{"href":"https:\/\/talkpal.ai\/hu\/wp-json\/wp\/v2\/media?parent=129385"}],"curies":[{"name":"wp","href":"https:\/\/api.w.org\/{rel}","templated":true}]}}