{"id":129052,"date":"2023-05-14T13:50:21","date_gmt":"2023-05-14T13:50:21","guid":{"rendered":"http:\/\/talkpal.ai\/finn-nyelvtan\/"},"modified":"2025-12-11T17:06:51","modified_gmt":"2025-12-11T17:06:51","slug":"finn-nyelvtan","status":"publish","type":"page","link":"https:\/\/talkpal.ai\/hu\/finn-nyelvtan\/","title":{"rendered":"Finn nyelvtan"},"content":{"rendered":"\r\n\r\n\r\n<section class=\"languageChallengeSection\">\r\n    <div class=\"languageInfoWrapper\">\r\n        \r\n        <h1>Finn nyelvtan<\/h1>\r\n        <p>K\u00e9szen \u00e1ll felfedezni a <a href=\"https:\/\/talkpal.ai\/learn-finnish\/\">finn<\/a> nyelv titkait? Mer\u00fclj\u00f6n el a finn nyelvtanban, amely logikus fel\u00e9p\u00edt\u00e9s\u00e9r\u0151l, mag\u00e1nhangz\u00f3-harm\u00f3ni\u00e1j\u00e1r\u00f3l \u00e9s az esetek leny\u0171g\u00f6z\u0151 sokas\u00e1g\u00e1r\u00f3l h\u00edres. Kezdje el a tanul\u00e1st m\u00e9g ma &#8211; a <a href=\"https:\/\/talkpal.ai\/finnish-grammar\/\">finn nyelvtan<\/a> elsaj\u00e1t\u00edt\u00e1sa magabiztosabb\u00e1 teszi a besz\u00e9det \u00e9s a kapcsolatteremt\u00e9st, mik\u00f6zben megnyitja az ajt\u00f3t Finnorsz\u00e1g gazdag kult\u00far\u00e1ja \u00e9s hagyom\u00e1nyai el\u0151tt!<\/p>\r\n\r\n                            <a class=\"getStartedHidden\" href=\"https:\/\/app.talkpal.ai\/hu\/signup?lng=\">Kezdj\u00fck<\/a>\r\n        \r\n    <\/div>\r\n\r\n    <figure>\r\n    <img decoding=\"async\" width=\"768\" height=\"768\" src=\"https:\/\/talkpal.ai\/wp-content\/uploads\/2023\/06\/Finnish-768x768.png\" class=\"languageImage no-lazy\" alt=\"Develop your language aptitude learning\" fetchpriority=\"high\" sizes=\"(max-width: 768px) 150px, 768px\" srcset=\"https:\/\/talkpal.ai\/wp-content\/uploads\/2023\/06\/Finnish-768x768.png 768w, https:\/\/talkpal.ai\/wp-content\/uploads\/2023\/06\/Finnish-300x300.png 300w\" \/>\r\n    \r\n\r\n    <\/figure>\r\n\r\n            <a class=\"getStartedVisible\" href=\"https:\/\/app.talkpal.ai\/hu\/signup?lng=\">Kezdj\u00fck<\/a>\r\n    \r\n<\/section>\r\n<section class=\"promotionalBanner\">\r\n    <p class=\"promotionalText\">A nyelvtanul\u00e1s leghat\u00e9konyabb m\u00f3dja<\/p>\r\n    <a class=\"promotionalLink\" href=\"https:\/\/app.talkpal.ai\/hu\/signup?lng=\">Pr\u00f3b\u00e1lja ki a Talkpal ingyen<\/a>\r\n<\/section>\n<div class=\"wp-block-group pageContainerStyle\"><div class=\"wp-block-group__inner-container is-layout-constrained wp-block-group-is-layout-constrained\">\n<h2 class=\"wp-block-heading\" id=\"h-finnish-grammar-a-guide-to-mastering-the-complexities-of-the-finnish-language\">Finn nyelvtan: \u00fatmutat\u00f3 a finn nyelv \u00f6sszetetts\u00e9g\u00e9nek elsaj\u00e1t\u00edt\u00e1s\u00e1hoz<\/h2>\n\n\n\n<p>A finn, egy egyed\u00fcl\u00e1ll\u00f3 \u00e9s leny\u0171g\u00f6z\u0151 nyelv, amelyet k\u00f6r\u00fclbel\u00fcl 5 milli\u00f3 ember besz\u00e9l, \u00f6sszetetts\u00e9g\u00e9r\u0151l \u00e9s jellegzetes nyelvtani rendszer\u00e9r\u0151l ismert. Els\u0151 pillant\u00e1sra a <a href=\"https:\/\/talkpal.ai\/finnish-grammar\/\">finn nyelvtan<\/a> szab\u00e1lyai \u00e9s strukt\u00far\u00e1i ijeszt\u0151nek t\u0171nhetnek, de ne f\u00e9lj! T\u00fcrelemmel, gyakorl\u00e1ssal \u00e9s \u00fatmutat\u00e1ssal felt\u00e1rhatja a finn <a href=\"https:\/\/talkpal.ai\/grammar\/\">nyelvtan<\/a> titkait, \u00e9s jav\u00edthatja nyelvi k\u00e9szs\u00e9geit. Ebben a cikkben \u00e1ttekint\u00e9st ny\u00fajtunk a finn nyelvtanr\u00f3l, \u00e9s megosztunk n\u00e9h\u00e1ny tippet, hogy a tanul\u00e1si \u00fatja z\u00f6kken\u0151mentesebb legyen.<\/p>\n\n\n\n<h3 class=\"wp-block-heading\" id=\"h-the-basics-of-finnish-grammar\">A finn nyelvtan alapjai:<\/h3>\n\n\n\n<p>A finn nyelvtant, amely meglehet\u0151sen k\u00fcl\u00f6nb\u00f6zik az <a href=\"https:\/\/talkpal.ai\/locations\/language-courses-in-angol\/\">angol<\/a> nyelvtant\u00f3l, gazdag esethaszn\u00e1lat, nyelvtani nem hi\u00e1nya \u00e9s egyedi igeragoz\u00e1si rendszer jellemzi. \u00cdme a finn nyelvtan n\u00e9h\u00e1ny alapvet\u0151 szempontja, amelyet ismernie kell:<\/p>\n\n\n\n<p><strong>1. F\u0151n\u00e9vi esetek:<\/strong> A finnnek 15 f\u0151n\u00e9vi esete <a href=\"https:\/\/talkpal.ai\/locations\/language-courses-in-van\/\">van<\/a>, <a href=\"https:\/\/talkpal.ai\/locations\/language-courses-in-ami\/\">ami<\/a> a f\u0151n\u00e9v \u00e9s a mondat m\u00e1s \u00f6sszetev\u0151i k\u00f6z\u00f6tti kapcsolatot jel\u00f6li. <a href=\"https:\/\/talkpal.ai\/locations\/language-courses-in-minden\/\">Minden<\/a> f\u0151n\u00e9vi esetnek van egy meghat\u00e1rozott v\u00e9ge, amely a f\u0151n\u00e9v sz\u00e1r\u00e1hoz kapcsol\u00f3dik. N\u00e9h\u00e1ny p\u00e9lda a f\u0151n\u00e9vi esetekre: nominat\u00edv, birtokos, t\u00e1rgyeset \u00e9s partit\u00edv.<\/p>\n\n\n\n<p><strong>2. Nincs nyelvtani nem: Sok nyelvvel<\/strong> ellent\u00e9tben a finn nem rendel nemet a f\u0151nevekhez. Ehelyett a nyelv egyetlen sz\u00f3t &#8211; h\u00e4n &#8211; haszn\u00e1l a &#8222;f\u00e9rfi&#8221; \u00e9s a &#8222;n\u0151&#8221; kifejez\u00e9sre. Ez a tulajdons\u00e1g leegyszer\u0171s\u00edti a finn nyelv tanul\u00e1s\u00e1t, \u00e9s kik\u00fcsz\u00f6b\u00f6li a nemek szerinti cikkek vagy n\u00e9vm\u00e1si form\u00e1k memoriz\u00e1l\u00e1s\u00e1nak sz\u00fcks\u00e9gess\u00e9g\u00e9t.<\/p>\n\n\n\n<p><strong>3. Igeragoz\u00e1s:<\/strong> A finn ig\u00e9k ragoz\u00e1sa fesz\u00fclts\u00e9g, hangulat \u00e9s hang alapj\u00e1n t\u00f6rt\u00e9nik. A finnben n\u00e9gy igeid\u0151 van: jelen, m\u00falt, t\u00f6k\u00e9letes \u00e9s pluperfect. Ezenk\u00edv\u00fcl a finn ig\u00e9knek \u00f6t hangulata van: indikat\u00edv, felt\u00e9teles, potenci\u00e1lis, imperat\u00edv \u00e9s esem\u00e9nyes.<\/p>\n\n\n\n<p><strong>4. Mag\u00e1nhangz\u00f3-harm\u00f3nia<\/strong> : A finnben a mag\u00e1nhangz\u00f3k h\u00e1rom csoportra oszthat\u00f3k: el\u00f6l (\u00e4, \u00f6, y), h\u00e1tul (a, o, u) \u00e9s semleges (i, e). A mag\u00e1nhangz\u00f3k harm\u00f3ni\u00e1ja miatt az els\u0151 \u00e9s h\u00e1ts\u00f3 mag\u00e1nhangz\u00f3k \u00e1ltal\u00e1ban nem jelenhetnek meg ugyanabban a sz\u00f3ban, kiv\u00e9ve az \u00f6sszetett szavakat \u00e9s n\u00e9h\u00e1ny j\u00f6vev\u00e9nysz\u00f3t.<\/p>\n\n\n\n<h3 class=\"wp-block-heading\" id=\"h-strategies-for-learning-finnish-grammar\">A finn nyelvtan tanul\u00e1s\u00e1nak strat\u00e9gi\u00e1i:<\/h3>\n\n\n\n<p>A finn nyelvtan meg\u00e9rt\u00e9se t\u00falterhel\u0151nek t\u0171nhet, de a megfelel\u0151 gondolkod\u00e1sm\u00f3ddal \u00e9s tanul\u00e1si strat\u00e9gi\u00e1kkal k\u00e9pes leszel elsaj\u00e1t\u00edtani a nyelvet. \u00cdme n\u00e9h\u00e1ny hasznos tipp a tanulm\u00e1ny ir\u00e1ny\u00edt\u00e1s\u00e1hoz:<\/p>\n\n\n\n<p><strong>1. Tegyen apr\u00f3 l\u00e9p\u00e9seket:<\/strong> Kezdje a finn nyelvtan alapjaival, p\u00e9ld\u00e1ul a f\u0151n\u00e9vi esetekkel \u00e9s az igeragoz\u00e1ssal. Az \u00f6sszetett szab\u00e1lyok kisebb, em\u00e9szthet\u0151 darabokra bont\u00e1s\u00e1val folyamatosan fejl\u0151dhetsz, \u00e9s er\u0151s alapokat \u00e9p\u00edthetsz.<\/p>\n\n\n\n<p><strong>2. Gyakoroljon rendszeresen:<\/strong> A k\u00f6vetkezetess\u00e9g kulcsfontoss\u00e1g\u00fa a nyelvtanul\u00e1s sor\u00e1n. Minden nap vagy hetente sz\u00e1njon id\u0151t a nyelvtan gyakorl\u00e1s\u00e1ra gyakorlatokon, finn nyelv\u0171 olvas\u00e1son \u00e9s \u00edr\u00e1son kereszt\u00fcl.<\/p>\n\n\n\n<p><strong>3. Haszn\u00e1ljon nat\u00edv forr\u00e1sokat:<\/strong> A finn nyelvtan kontextus\u00e1nak jobb meg\u00e9rt\u00e9se \u00e9rdek\u00e9ben mer\u00fclj\u00f6n el nat\u00edv anyagokban, p\u00e9ld\u00e1ul irodalomban, \u00fajs\u00e1gcikkekben \u00e9s podcastokban. Ez seg\u00edt a szab\u00e1lyok internaliz\u00e1l\u00e1s\u00e1ban, valamint a hallgat\u00e1si \u00e9s olvas\u00e1si k\u00e9szs\u00e9gek jav\u00edt\u00e1s\u00e1ban.<\/p>\n\n\n\n<p><strong>4. L\u00e9pjen kapcsolatba anyanyelvi besz\u00e9l\u0151kkel:<\/strong> A finn anyanyelv\u0171ekkel folytatott besz\u00e9lget\u00e9s kiv\u00e1l\u00f3 m\u00f3dja a nyelvtan gyakorl\u00e1s\u00e1nak \u00e9s \u00e9rt\u00e9kes visszajelz\u00e9sek fogad\u00e1s\u00e1nak. Fontolja meg a nyelvi cserecsoportokhoz vagy online f\u00f3rumokhoz val\u00f3 csatlakoz\u00e1st, ahol kapcsolatba l\u00e9phet finn\u00fcl besz\u00e9l\u0151 emberekkel.<\/p>\n\n\n\n<p><strong>5. Legyen t\u00fcrelmes \u00e9s kitart\u00f3:<\/strong> A finn nyelvtan elsaj\u00e1t\u00edt\u00e1sa kih\u00edv\u00e1sokkal teli utaz\u00e1s, de t\u00fcrelemmel \u00e9s elhivatotts\u00e1ggal meg fogod fejteni a nyelvtan fort\u00e9lyait, \u00e9s profi nyelvtud\u00f3v\u00e1 v\u00e1lsz.<\/p>\n\n\n\n<h3 class=\"wp-block-heading\" id=\"h-conclusion\">K\u00f6vetkeztet\u00e9s:<\/h3>\n\n\n\n<p>A finn nyelvtan vil\u00e1ga, b\u00e1r \u00f6sszetett, \u00e9rdekes, amelyet elsz\u00e1nts\u00e1ggal \u00e9s gyakorl\u00e1ssal meg lehet fejteni. Ha megismerkedik a finn nyelvtan alapelemeivel \u00e9s k\u00f6veti a tanul\u00e1si strat\u00e9gi\u00e1inkat, egyengetheti az utat a foly\u00e9kony nyelvtanul\u00e1s \u00e9s e leny\u0171g\u00f6z\u0151 nyelv m\u00e9lyebb megbecs\u00fcl\u00e9se fel\u00e9. Mer\u00fclj\u00f6n el teh\u00e1t pozit\u00edvan a finn nyelvtan rejtelmeiben, \u00e9s miel\u0151tt \u00e9szrevenn\u00e9, m\u00e1r magabiztosan fog navig\u00e1lni a finn nyelv nyelvtudom\u00e1nyi t\u00e1jakon!<\/p>\n<\/div><\/div>\n\r\n<section class=\"learnNavigationSection\">\r\n            \r\n        <a href=\"https:\/\/talkpal.ai\/hu\/tanulj-finnul\/\">\r\n            <div class=\"learnNavigationWrapper\">\r\n                <div class=\"learnNavigationContent\">\r\n                    <img decoding=\"async\" src=\"https:\/\/talkpal.ai\/wp-content\/uploads\/2024\/08\/Finnish.jpg\" alt=\"Finnish Flag\">\r\n                    <div>\r\n                        <h4>A finn nyelvtanul\u00e1sr\u00f3l<\/h4>\r\n                        <p>Tudjon meg mindent a finn nyelvtanr\u00f3l.<\/p>\r\n                    <\/div>\r\n                <\/div>\r\n            <\/div>\r\n        <\/a>\r\n\r\n        \r\n        <a href=\"https:\/\/talkpal.ai\/hu\/finn-nyelvtani-gyakorlatok\/\">\r\n            <div class=\"learnNavigationWrapper\">\r\n                <div class=\"learnNavigationContent\">\r\n                    <img decoding=\"async\" src=\"https:\/\/talkpal.ai\/wp-content\/uploads\/2024\/08\/Finnish.jpg\" alt=\"Finnish Flag\">\r\n                    <div>\r\n                        <h4>Finn nyelvtani gyakorlat<\/h4>\r\n                        <p>Gyakorolja a finn nyelvtant.<\/p>\r\n                    <\/div>\r\n                <\/div>\r\n            <\/div>\r\n        <\/a>\r\n\r\n        \r\n        <a href=\"https:\/\/talkpal.ai\/vocabulary_language\/finnish\/\">\r\n            <div class=\"learnNavigationWrapper\">\r\n                <div class=\"learnNavigationContent\">\r\n                    <img decoding=\"async\" src=\"https:\/\/talkpal.ai\/wp-content\/uploads\/2024\/08\/Finnish.jpg\" alt=\"Finnish Flag\">\r\n                    <div>\r\n                        <h4>Finn sz\u00f3kincs<\/h4>\r\n                        <p>B\u0151v\u00edtse finn sz\u00f3kincs\u00e9t.<\/p>\r\n                    <\/div>\r\n                <\/div>\r\n            <\/div>\r\n        <\/a>\r\n\r\n            <\/section>","protected":false},"excerpt":{"rendered":"<p>Finn nyelvtan: \u00fatmutat\u00f3 a finn nyelv \u00f6sszetetts\u00e9g\u00e9nek elsaj\u00e1t\u00edt\u00e1s\u00e1hoz A finn, egy egyed\u00fcl\u00e1ll\u00f3 \u00e9s leny\u0171g\u00f6z\u0151 nyelv, amelyet k\u00f6r\u00fclbel\u00fcl 5 milli\u00f3 ember besz\u00e9l, \u00f6sszetetts\u00e9g\u00e9r\u0151l \u00e9s jellegzetes nyelvtani rendszer\u00e9r\u0151l ismert. Els\u0151 pillant\u00e1sra a finn nyelvtan szab\u00e1lyai \u00e9s strukt\u00far\u00e1i ijeszt\u0151nek t\u0171nhetnek, de ne f\u00e9lj! T\u00fcrelemmel, gyakorl\u00e1ssal \u00e9s \u00fatmutat\u00e1ssal felt\u00e1rhatja a finn nyelvtan titkait, \u00e9s jav\u00edthatja nyelvi k\u00e9szs\u00e9geit. Ebben a [&hellip;]<\/p>\n","protected":false},"author":1,"featured_media":106648,"parent":0,"menu_order":0,"comment_status":"closed","ping_status":"closed","template":"LearningContentPage.php","meta":{"_acf_changed":false,"footnotes":""},"class_list":["post-129052","page","type-page","status-publish","has-post-thumbnail","hentry"],"acf":[],"yoast_head":"<!-- This site is optimized with the Yoast SEO Premium plugin v27.2 (Yoast SEO v27.2) - https:\/\/yoast.com\/product\/yoast-seo-premium-wordpress\/ -->\n<title>Finn nyelvtan - Talkpal<\/title>\n<meta name=\"description\" content=\"Ismerje meg a finn nyelvtan alapvet\u0151 aspektusait, bele\u00e9rtve az eseteket, az ig\u00e9ket, a mondatszerkezetet \u00e9s a kiejt\u00e9si tippeket a finn nyelv elsaj\u00e1t\u00edt\u00e1s\u00e1hoz.\" \/>\n<meta name=\"robots\" content=\"index, follow, max-snippet:-1, max-image-preview:large, max-video-preview:-1\" \/>\n<link rel=\"canonical\" href=\"https:\/\/talkpal.ai\/hu\/finn-nyelvtan\/\" \/>\n<meta property=\"og:locale\" content=\"hu_HU\" \/>\n<meta property=\"og:type\" content=\"article\" \/>\n<meta property=\"og:title\" content=\"Finn nyelvtan\" \/>\n<meta property=\"og:description\" content=\"Finn nyelvtan: \u00fatmutat\u00f3 a finn nyelv \u00f6sszetetts\u00e9g\u00e9nek elsaj\u00e1t\u00edt\u00e1s\u00e1hoz A finn, egy egyed\u00fcl\u00e1ll\u00f3 \u00e9s leny\u0171g\u00f6z\u0151 nyelv, amelyet k\u00f6r\u00fclbel\u00fcl 5 milli\u00f3 ember\" \/>\n<meta property=\"og:url\" content=\"https:\/\/talkpal.ai\/hu\/finn-nyelvtan\/\" \/>\n<meta property=\"og:site_name\" content=\"Talkpal\" \/>\n<meta property=\"article:publisher\" content=\"https:\/\/www.facebook.com\/profile.php?id=100090733639311\" \/>\n<meta property=\"article:modified_time\" content=\"2025-12-11T17:06:51+00:00\" \/>\n<meta property=\"og:image\" content=\"https:\/\/talkpal.ai\/wp-content\/uploads\/2023\/04\/finland.png\" \/>\n\t<meta property=\"og:image:width\" content=\"512\" \/>\n\t<meta property=\"og:image:height\" content=\"512\" \/>\n\t<meta property=\"og:image:type\" content=\"image\/png\" \/>\n<meta name=\"twitter:card\" content=\"summary_large_image\" \/>\n<meta name=\"twitter:site\" content=\"@talkpalai\" \/>\n<meta name=\"twitter:label1\" content=\"Becs\u00fclt olvas\u00e1si id\u0151\" \/>\n\t<meta name=\"twitter:data1\" content=\"4 perc\" \/>\n<script type=\"application\/ld+json\" class=\"yoast-schema-graph\">{\"@context\":\"https:\/\/schema.org\",\"@graph\":[{\"@type\":\"WebPage\",\"@id\":\"https:\/\/talkpal.ai\/hu\/finn-nyelvtan\/\",\"url\":\"https:\/\/talkpal.ai\/hu\/finn-nyelvtan\/\",\"name\":\"Finn nyelvtan - Talkpal\",\"isPartOf\":{\"@id\":\"https:\/\/talkpal.ai\/hu\/#website\"},\"primaryImageOfPage\":{\"@id\":\"https:\/\/talkpal.ai\/hu\/finn-nyelvtan\/#primaryimage\"},\"image\":{\"@id\":\"https:\/\/talkpal.ai\/hu\/finn-nyelvtan\/#primaryimage\"},\"thumbnailUrl\":\"https:\/\/talkpal.ai\/wp-content\/uploads\/2023\/04\/finland.png\",\"datePublished\":\"2023-05-14T13:50:21+00:00\",\"dateModified\":\"2025-12-11T17:06:51+00:00\",\"description\":\"Ismerje meg a finn nyelvtan alapvet\u0151 aspektusait, bele\u00e9rtve az eseteket, az ig\u00e9ket, a mondatszerkezetet \u00e9s a kiejt\u00e9si tippeket a finn nyelv elsaj\u00e1t\u00edt\u00e1s\u00e1hoz.\",\"breadcrumb\":{\"@id\":\"https:\/\/talkpal.ai\/hu\/finn-nyelvtan\/#breadcrumb\"},\"inLanguage\":\"hu\",\"potentialAction\":[{\"@type\":\"ReadAction\",\"target\":[\"https:\/\/talkpal.ai\/hu\/finn-nyelvtan\/\"]}]},{\"@type\":\"ImageObject\",\"inLanguage\":\"hu\",\"@id\":\"https:\/\/talkpal.ai\/hu\/finn-nyelvtan\/#primaryimage\",\"url\":\"https:\/\/talkpal.ai\/wp-content\/uploads\/2023\/04\/finland.png\",\"contentUrl\":\"https:\/\/talkpal.ai\/wp-content\/uploads\/2023\/04\/finland.png\",\"width\":512,\"height\":512,\"caption\":\"TalkPal finland Flag\"},{\"@type\":\"BreadcrumbList\",\"@id\":\"https:\/\/talkpal.ai\/hu\/finn-nyelvtan\/#breadcrumb\",\"itemListElement\":[{\"@type\":\"ListItem\",\"position\":1,\"name\":\"Homepage\",\"item\":\"https:\/\/talkpal.ai\/hu\/\"},{\"@type\":\"ListItem\",\"position\":2,\"name\":\"Finn nyelvtan\"}]},{\"@type\":\"WebSite\",\"@id\":\"https:\/\/talkpal.ai\/hu\/#website\",\"url\":\"https:\/\/talkpal.ai\/hu\/\",\"name\":\"Talkpal\",\"description\":\"AI Language Learning\",\"publisher\":{\"@id\":\"https:\/\/talkpal.ai\/hu\/#organization\"},\"alternateName\":\"Talkpal AI\",\"potentialAction\":[{\"@type\":\"SearchAction\",\"target\":{\"@type\":\"EntryPoint\",\"urlTemplate\":\"https:\/\/talkpal.ai\/hu\/?s={search_term_string}\"},\"query-input\":{\"@type\":\"PropertyValueSpecification\",\"valueRequired\":true,\"valueName\":\"search_term_string\"}}],\"inLanguage\":\"hu\"},{\"@type\":\"Organization\",\"@id\":\"https:\/\/talkpal.ai\/hu\/#organization\",\"name\":\"Talkpal, Inc.\",\"alternateName\":\"Talkpal AI\",\"url\":\"https:\/\/talkpal.ai\/hu\/\",\"logo\":{\"@type\":\"ImageObject\",\"inLanguage\":\"hu\",\"@id\":\"https:\/\/talkpal.ai\/hu\/#\/schema\/logo\/image\/\",\"url\":\"https:\/\/talkpal.ai\/wp-content\/uploads\/2024\/03\/Talkpal-Logo-Icon.png\",\"contentUrl\":\"https:\/\/talkpal.ai\/wp-content\/uploads\/2024\/03\/Talkpal-Logo-Icon.png\",\"width\":2880,\"height\":2880,\"caption\":\"Talkpal, Inc.\"},\"image\":{\"@id\":\"https:\/\/talkpal.ai\/hu\/#\/schema\/logo\/image\/\"},\"sameAs\":[\"https:\/\/www.facebook.com\/profile.php?id=100090733639311\",\"https:\/\/x.com\/talkpalai\",\"https:\/\/www.linkedin.com\/company\/talkpal\/\",\"https:\/\/www.youtube.com\/@TalkPal\/\",\"https:\/\/www.tiktok.com\/@talkpal\",\"https:\/\/www.instagram.com\/talkpal_ai\/\",\"https:\/\/www.crunchbase.com\/organization\/talkpal-9cde\",\"https:\/\/www.g2.com\/products\/talkpal-for-business\/\",\"https:\/\/www.trustpilot.com\/review\/talkpal.ai\",\"https:\/\/www.capterra.com\/p\/10006800\/TalkPal\/\"],\"description\":\"Talkpal is a language learning web and mobile education app, powered by the latest AI technologies, that provides engaging experiences to its customers in many different languages to help them improve their language skills. Users can chat about unlimited amount of topics with the app and use other modes to practice their language learning.\",\"email\":\"support@talkpal.ai\",\"legalName\":\"Talkpal, Inc.\",\"foundingDate\":\"2023-04-03\",\"duns\":\"118989042\",\"numberOfEmployees\":{\"@type\":\"QuantitativeValue\",\"minValue\":\"11\",\"maxValue\":\"50\"},\"publishingPrinciples\":\"https:\/\/talkpal.ai\/publishing-principles\/\",\"actionableFeedbackPolicy\":\"https:\/\/talkpal.ai\/actionable-feedback-policy\/\",\"correctionsPolicy\":\"https:\/\/talkpal.ai\/corrections-policy\/\",\"ethicsPolicy\":\"https:\/\/talkpal.ai\/ethics-policy\/\",\"diversityPolicy\":\"https:\/\/talkpal.ai\/diversity-policy\/\",\"diversityStaffingReport\":\"https:\/\/talkpal.ai\/diversity-policy\/\"}]}<\/script>\n<!-- \/ Yoast SEO Premium plugin. -->","yoast_head_json":{"title":"Finn nyelvtan - Talkpal","description":"Ismerje meg a finn nyelvtan alapvet\u0151 aspektusait, bele\u00e9rtve az eseteket, az ig\u00e9ket, a mondatszerkezetet \u00e9s a kiejt\u00e9si tippeket a finn nyelv elsaj\u00e1t\u00edt\u00e1s\u00e1hoz.","robots":{"index":"index","follow":"follow","max-snippet":"max-snippet:-1","max-image-preview":"max-image-preview:large","max-video-preview":"max-video-preview:-1"},"canonical":"https:\/\/talkpal.ai\/hu\/finn-nyelvtan\/","og_locale":"hu_HU","og_type":"article","og_title":"Finn nyelvtan","og_description":"Finn nyelvtan: \u00fatmutat\u00f3 a finn nyelv \u00f6sszetetts\u00e9g\u00e9nek elsaj\u00e1t\u00edt\u00e1s\u00e1hoz A finn, egy egyed\u00fcl\u00e1ll\u00f3 \u00e9s leny\u0171g\u00f6z\u0151 nyelv, amelyet k\u00f6r\u00fclbel\u00fcl 5 milli\u00f3 ember","og_url":"https:\/\/talkpal.ai\/hu\/finn-nyelvtan\/","og_site_name":"Talkpal","article_publisher":"https:\/\/www.facebook.com\/profile.php?id=100090733639311","article_modified_time":"2025-12-11T17:06:51+00:00","og_image":[{"width":512,"height":512,"url":"https:\/\/talkpal.ai\/wp-content\/uploads\/2023\/04\/finland.png","type":"image\/png"}],"twitter_card":"summary_large_image","twitter_site":"@talkpalai","twitter_misc":{"Becs\u00fclt olvas\u00e1si id\u0151":"4 perc"},"schema":{"@context":"https:\/\/schema.org","@graph":[{"@type":"WebPage","@id":"https:\/\/talkpal.ai\/hu\/finn-nyelvtan\/","url":"https:\/\/talkpal.ai\/hu\/finn-nyelvtan\/","name":"Finn nyelvtan - Talkpal","isPartOf":{"@id":"https:\/\/talkpal.ai\/hu\/#website"},"primaryImageOfPage":{"@id":"https:\/\/talkpal.ai\/hu\/finn-nyelvtan\/#primaryimage"},"image":{"@id":"https:\/\/talkpal.ai\/hu\/finn-nyelvtan\/#primaryimage"},"thumbnailUrl":"https:\/\/talkpal.ai\/wp-content\/uploads\/2023\/04\/finland.png","datePublished":"2023-05-14T13:50:21+00:00","dateModified":"2025-12-11T17:06:51+00:00","description":"Ismerje meg a finn nyelvtan alapvet\u0151 aspektusait, bele\u00e9rtve az eseteket, az ig\u00e9ket, a mondatszerkezetet \u00e9s a kiejt\u00e9si tippeket a finn nyelv elsaj\u00e1t\u00edt\u00e1s\u00e1hoz.","breadcrumb":{"@id":"https:\/\/talkpal.ai\/hu\/finn-nyelvtan\/#breadcrumb"},"inLanguage":"hu","potentialAction":[{"@type":"ReadAction","target":["https:\/\/talkpal.ai\/hu\/finn-nyelvtan\/"]}]},{"@type":"ImageObject","inLanguage":"hu","@id":"https:\/\/talkpal.ai\/hu\/finn-nyelvtan\/#primaryimage","url":"https:\/\/talkpal.ai\/wp-content\/uploads\/2023\/04\/finland.png","contentUrl":"https:\/\/talkpal.ai\/wp-content\/uploads\/2023\/04\/finland.png","width":512,"height":512,"caption":"TalkPal finland Flag"},{"@type":"BreadcrumbList","@id":"https:\/\/talkpal.ai\/hu\/finn-nyelvtan\/#breadcrumb","itemListElement":[{"@type":"ListItem","position":1,"name":"Homepage","item":"https:\/\/talkpal.ai\/hu\/"},{"@type":"ListItem","position":2,"name":"Finn nyelvtan"}]},{"@type":"WebSite","@id":"https:\/\/talkpal.ai\/hu\/#website","url":"https:\/\/talkpal.ai\/hu\/","name":"Talkpal","description":"AI Language Learning","publisher":{"@id":"https:\/\/talkpal.ai\/hu\/#organization"},"alternateName":"Talkpal AI","potentialAction":[{"@type":"SearchAction","target":{"@type":"EntryPoint","urlTemplate":"https:\/\/talkpal.ai\/hu\/?s={search_term_string}"},"query-input":{"@type":"PropertyValueSpecification","valueRequired":true,"valueName":"search_term_string"}}],"inLanguage":"hu"},{"@type":"Organization","@id":"https:\/\/talkpal.ai\/hu\/#organization","name":"Talkpal, Inc.","alternateName":"Talkpal AI","url":"https:\/\/talkpal.ai\/hu\/","logo":{"@type":"ImageObject","inLanguage":"hu","@id":"https:\/\/talkpal.ai\/hu\/#\/schema\/logo\/image\/","url":"https:\/\/talkpal.ai\/wp-content\/uploads\/2024\/03\/Talkpal-Logo-Icon.png","contentUrl":"https:\/\/talkpal.ai\/wp-content\/uploads\/2024\/03\/Talkpal-Logo-Icon.png","width":2880,"height":2880,"caption":"Talkpal, Inc."},"image":{"@id":"https:\/\/talkpal.ai\/hu\/#\/schema\/logo\/image\/"},"sameAs":["https:\/\/www.facebook.com\/profile.php?id=100090733639311","https:\/\/x.com\/talkpalai","https:\/\/www.linkedin.com\/company\/talkpal\/","https:\/\/www.youtube.com\/@TalkPal\/","https:\/\/www.tiktok.com\/@talkpal","https:\/\/www.instagram.com\/talkpal_ai\/","https:\/\/www.crunchbase.com\/organization\/talkpal-9cde","https:\/\/www.g2.com\/products\/talkpal-for-business\/","https:\/\/www.trustpilot.com\/review\/talkpal.ai","https:\/\/www.capterra.com\/p\/10006800\/TalkPal\/"],"description":"Talkpal is a language learning web and mobile education app, powered by the latest AI technologies, that provides engaging experiences to its customers in many different languages to help them improve their language skills. Users can chat about unlimited amount of topics with the app and use other modes to practice their language learning.","email":"support@talkpal.ai","legalName":"Talkpal, Inc.","foundingDate":"2023-04-03","duns":"118989042","numberOfEmployees":{"@type":"QuantitativeValue","minValue":"11","maxValue":"50"},"publishingPrinciples":"https:\/\/talkpal.ai\/publishing-principles\/","actionableFeedbackPolicy":"https:\/\/talkpal.ai\/actionable-feedback-policy\/","correctionsPolicy":"https:\/\/talkpal.ai\/corrections-policy\/","ethicsPolicy":"https:\/\/talkpal.ai\/ethics-policy\/","diversityPolicy":"https:\/\/talkpal.ai\/diversity-policy\/","diversityStaffingReport":"https:\/\/talkpal.ai\/diversity-policy\/"}]}},"_links":{"self":[{"href":"https:\/\/talkpal.ai\/hu\/wp-json\/wp\/v2\/pages\/129052","targetHints":{"allow":["GET"]}}],"collection":[{"href":"https:\/\/talkpal.ai\/hu\/wp-json\/wp\/v2\/pages"}],"about":[{"href":"https:\/\/talkpal.ai\/hu\/wp-json\/wp\/v2\/types\/page"}],"author":[{"embeddable":true,"href":"https:\/\/talkpal.ai\/hu\/wp-json\/wp\/v2\/users\/1"}],"replies":[{"embeddable":true,"href":"https:\/\/talkpal.ai\/hu\/wp-json\/wp\/v2\/comments?post=129052"}],"version-history":[{"count":0,"href":"https:\/\/talkpal.ai\/hu\/wp-json\/wp\/v2\/pages\/129052\/revisions"}],"wp:featuredmedia":[{"embeddable":true,"href":"https:\/\/talkpal.ai\/hu\/wp-json\/wp\/v2\/media\/106648"}],"wp:attachment":[{"href":"https:\/\/talkpal.ai\/hu\/wp-json\/wp\/v2\/media?parent=129052"}],"curies":[{"name":"wp","href":"https:\/\/api.w.org\/{rel}","templated":true}]}}