{"id":128710,"date":"2023-05-14T13:49:38","date_gmt":"2023-05-14T13:49:38","guid":{"rendered":"http:\/\/talkpal.ai\/holland-nyelvtan\/"},"modified":"2025-12-11T17:04:17","modified_gmt":"2025-12-11T17:04:17","slug":"holland-nyelvtan","status":"publish","type":"page","link":"https:\/\/talkpal.ai\/hu\/holland-nyelvtan\/","title":{"rendered":"Holland nyelvtan"},"content":{"rendered":"\r\n\r\n\r\n<section class=\"languageChallengeSection\">\r\n    <div class=\"languageInfoWrapper\">\r\n        \r\n        <h1>Holland nyelvtan<\/h1>\r\n        <p>Fedezze fel a <a href=\"https:\/\/talkpal.ai\/locations\/learn-french-in-holland\/\">holland<\/a> nyelv alapjait az alapvet\u0151 nyelvtani szab\u00e1lyok elsaj\u00e1t\u00edt\u00e1s\u00e1val. A <a href=\"https:\/\/talkpal.ai\/dutch-grammar\/\">holland nyelvtan<\/a> elsaj\u00e1t\u00edt\u00e1sa seg\u00edt a hat\u00e9kony kommunik\u00e1ci\u00f3ban \u00e9s a holland kult\u00fara m\u00e9lyebb megismer\u00e9s\u00e9ben. Kezdje el a <a href=\"https:\/\/talkpal.ai\/dutch-grammar\/\">holland nyelvtan<\/a> tanul\u00e1s\u00e1t m\u00e9g ma, \u00e9s tegye meg az els\u0151 l\u00e9p\u00e9st a foly\u00e9kony nyelvtud\u00e1s fel\u00e9!\n<\/p>\r\n\r\n                            <a class=\"getStartedHidden\" href=\"https:\/\/app.talkpal.ai\/hu\/signup?lng=\">Kezdj\u00fck<\/a>\r\n        \r\n    <\/div>\r\n\r\n    <figure>\r\n    <img decoding=\"async\" width=\"768\" height=\"768\" src=\"https:\/\/talkpal.ai\/wp-content\/uploads\/2023\/06\/Dutch-768x768.png\" class=\"languageImage no-lazy\" alt=\"Developing skills through language learning\" fetchpriority=\"high\" sizes=\"(max-width: 768px) 150px, 768px\" srcset=\"https:\/\/talkpal.ai\/wp-content\/uploads\/2023\/06\/Dutch-768x768.png 768w, https:\/\/talkpal.ai\/wp-content\/uploads\/2023\/06\/Dutch-300x300.png 300w\" \/>\r\n    \r\n\r\n    <\/figure>\r\n\r\n            <a class=\"getStartedVisible\" href=\"https:\/\/app.talkpal.ai\/hu\/signup?lng=\">Kezdj\u00fck<\/a>\r\n    \r\n<\/section>\r\n<section class=\"promotionalBanner\">\r\n    <p class=\"promotionalText\">A nyelvtanul\u00e1s leghat\u00e9konyabb m\u00f3dja<\/p>\r\n    <a class=\"promotionalLink\" href=\"https:\/\/app.talkpal.ai\/hu\/signup?lng=\">Pr\u00f3b\u00e1lja ki a Talkpal ingyen<\/a>\r\n<\/section>\n<div class=\"wp-block-group pageContainerStyle\"><div class=\"wp-block-group__inner-container is-layout-constrained wp-block-group-is-layout-constrained\">\n<h2 class=\"wp-block-heading\" id=\"h-dutch-grammar-master-the-mechanics-of-the-dutch-language\">Holland nyelvtan: Saj\u00e1t\u00edtsa el a holland nyelv mechanik\u00e1j\u00e1t<\/h2>\n\n\n\n<p>Ha belev\u00e1gt\u00e1l a holland nyelvtanul\u00e1sba, izgalmas utaz\u00e1s el\u00e9 n\u00e9zel! Vil\u00e1gszerte t\u00f6bb mint 23 milli\u00f3 besz\u00e9l\u0151j\u00e9vel a holland fantasztikus nyelv, amely meger\u0151s\u00edti nyelvi b\u00e1tors\u00e1g\u00e1t \u00e9s sz\u00e9les\u00edti l\u00e1t\u00f3k\u00f6r\u00e9t. Lehet, hogy hallott\u00e1l suttog\u00e1st a holland <a href=\"https:\/\/talkpal.ai\/grammar\/\">nyelvtan<\/a> bonyolults\u00e1g\u00e1r\u00f3l, de ne f\u00e9lj! Ez a cikk egy bar\u00e1ts\u00e1gos kezd\u0151 \u00fatmutat\u00f3, amely sz\u00f3rakoztat\u00f3 \u00e9s m\u00e9gis \u00e1tfog\u00f3 m\u00f3don ismerteti a holland nyelvtant.<\/p>\n\n\n\n<h3 class=\"wp-block-heading\" id=\"h-1-the-pillar-of-dutch-grammar-word-order\">1. A holland nyelvtan pill\u00e9re: a sz\u00f3rend<\/h3>\n\n\n\n<p>A holland nyelvtan nagym\u00e9rt\u00e9kben t\u00e1maszkodik a sz\u00f3rend f\u00fcggv\u00e9nye. \u00c1ltal\u00e1ban az <a href=\"https:\/\/talkpal.ai\/locations\/language-courses-in-angol\/\">angol<\/a> nyelvhez hasonl\u00f3 &#8222;alany-ige-t\u00e1rgy&#8221; szerkezetet k\u00f6vet. A hollandnak azonban <a href=\"https:\/\/talkpal.ai\/locations\/language-courses-in-van\/\">van<\/a> egy egyed\u00fcl\u00e1ll\u00f3 tulajdons\u00e1ga: az ige m\u00e1sodik (V2) sz\u00f3rendje. Az egyn\u00e9l t\u00f6bb ig\u00e9t tartalmaz\u00f3 mondatban a m\u00e1sodik ige a v\u00e9g\u00e9re ker\u00fcl. P\u00e9ld\u00e1ul:<\/p>\n\n\n\n<p><a href=\"https:\/\/talkpal.ai\/locations\/language-courses-in-angol\/\">Angol<\/a>: Ma dolgoznom kell.<\/p>\n\n\n\n<p>Holland: Ik moet vandaag werken. (Sz\u00f3 szerint: &#8222;Ma dolgoznom kell.&#8221;)<\/p>\n\n\n\n<p>A V2 sz\u00f3rend elsaj\u00e1t\u00edt\u00e1sa elengedhetetlen a holland nyelvtan tanul\u00e1sakor.<\/p>\n\n\n\n<h3 class=\"wp-block-heading\" id=\"h-2-get-to-know-your-articles\">2. Ismerje meg cikkeit<\/h3>\n\n\n\n<p>A hollandnak k\u00e9t hat\u00e1rozott n\u00e9vel\u0151je van (&#8222;de&#8221; \u00e9s &#8222;het&#8221;) \u00e9s egy hat\u00e1rozatlan n\u00e9vel\u0151je (&#8222;een&#8221;). A k\u00e9t hat\u00e1rozott n\u00e9vel\u0151 k\u00f6z\u00f6tti v\u00e1laszt\u00e1s bonyolult lehet, \u00e9s nincs hat\u00e1rozott szab\u00e1ly, amelyet k\u00f6vetni kell. Kezd\u0151k\u00e9nt a legjobb m\u00f3dja annak, hogy megtanulja \u0151ket a gyakorl\u00e1s \u00e9s a kontextus. P\u00e9ld\u00e1ul:<\/p>\n\n\n\n<p>De man &#8211; Az ember<\/p>\n\n\n\n<p>Het meisje &#8211; A l\u00e1ny<\/p>\n\n\n\n<p>Een hond &#8211; Egy kutya<\/p>\n\n\n\n<h3 class=\"wp-block-heading\" id=\"h-3-the-dance-of-dutch-conjugations\">3. A holland ragoz\u00e1sok t\u00e1nca<\/h3>\n\n\n\n<p>Az angolhoz hasonl\u00f3an a holland ig\u00e9k form\u00e1t v\u00e1ltanak, hogy fesz\u00fclts\u00e9get \u00e9s hangulatot k\u00f6zvet\u00edtsenek. A hollandban az igeragoz\u00e1snak h\u00e1rom f\u0151 csoportja van: gyenge ig\u00e9k, er\u0151s ig\u00e9k \u00e9s rendhagy\u00f3 ig\u00e9k.<\/p>\n\n\n\n<p>A gyenge ig\u00e9k meghat\u00e1rozott ragoz\u00e1si szab\u00e1lyokat k\u00f6vetnek, \u00edgy viszonylag k\u00f6nnyen megtanulhat\u00f3k.  <\/p>\n\n\n\n<p>P\u00e9lda (jelen id\u0151): Ik werk, jij werkt, hij\/zij\/u werkt, wij\/jullie\/zij werken<\/p>\n\n\n\n<p>Az er\u0151s ig\u00e9k mag\u00e1nhangz\u00f3-v\u00e1ltoz\u00e1sokkal j\u00e1rnak, ami gyakran arra k\u00e9szteti a tanul\u00f3kat, hogy egy\u00e9nileg memoriz\u00e1lj\u00e1k \u0151ket.<\/p>\n\n\n\n<p>P\u00e9lda (jelen id\u0151): Ik zing, jij zingt, hij\/zij\/u zingt, wij\/jullie\/zij zingen<\/p>\n\n\n\n<p>A szab\u00e1lytalan ig\u00e9k, ahogy a nev\u00fck is mutatja, nem k\u00f6vetnek semmilyen meghat\u00e1rozott ragoz\u00e1si s\u00e9m\u00e1t, \u00e9s \u00f6n\u00e1ll\u00f3an kell megtanulni \u0151ket.<\/p>\n\n\n\n<p>P\u00e9lda (jelen id\u0151): Ik ben, jij bent, hij\/zij\/u is, wij\/jullie\/zij zijn<\/p>\n\n\n\n<h3 class=\"wp-block-heading\" id=\"h-4-a-flair-for-pronouns\">4. A n\u00e9vm\u00e1sok ir\u00e1nti \u00e9rz\u00e9k<\/h3>\n\n\n\n<p>A holland nyelvtanban a n\u00e9vm\u00e1sok helyettes\u00edtik a f\u0151neveket, \u00e9s elengedhetetlenek a besz\u00e9d dinamikusabb\u00e1 \u00e9s foly\u00e9konyabb\u00e1 t\u00e9tel\u00e9hez. Vannak szem\u00e9lyes n\u00e9vm\u00e1sok, birtokos n\u00e9vm\u00e1sok, demonstrat\u00edv n\u00e9vm\u00e1sok \u00e9s reflex\u00edv n\u00e9vm\u00e1sok. Kezd\u0151k\u00e9nt d\u00f6nt\u0151 fontoss\u00e1g\u00fa a szem\u00e9lyes \u00e9s birtokos n\u00e9vm\u00e1sok meg\u00e9rt\u00e9se.<\/p>\n\n\n\n<p>Szem\u00e9lyes n\u00e9vm\u00e1sok: ik (I), jij\/je (te), hij\/zij\/ze (\u0151\/\u0151), wij\/we (mi), jullie (mindannyian), zij\/ze (\u0151k)<\/p>\n\n\n\n<p>Birtokos n\u00e9vm\u00e1sok: mijn (\u00e9n), jouw\/je (ur), zijn\/haar (\u0151), ons\/onze (mi\u00e9nk), jullie (ur), hun\/ty\u00fak (\u00f6v\u00e9k)<\/p>\n\n\n\n<h3 class=\"wp-block-heading\" id=\"h-5-cases-no-more-mostly\">5. Az esetek t\u00f6bb\u00e9 nem (t\u00f6bbnyire)<\/h3>\n\n\n\n<p>A n\u00e9mettel ellent\u00e9tben a holland m\u00e1r nem haszn\u00e1l esetrendszert a mindennapi \u00e9letben, n\u00e9mi enyh\u00fcl\u00e9st ny\u00fajtva a nyelvi akad\u00e1lyok al\u00f3l. Az egyetlen kiv\u00e9tel a \u201eki\u201d \u00e9s a \u201ekinek\u201d holland v\u00e1ltozatai (wie \u00e9s wie), valamint n\u00e9h\u00e1ny r\u00f6gz\u00edtett kifejez\u00e9s (mint p\u00e9ld\u00e1ul a te allen tijde, ami azt jelenti, hogy \u201emindenkor\u201d).  <\/p>\n\n\n\n<p>Gratul\u00e1lok! Megtette az els\u0151 l\u00e9p\u00e9seket a holland nyelvtan elsaj\u00e1t\u00edt\u00e1s\u00e1hoz. Ne feledje, hogy a gyakorlat a kulcs, ez\u00e9rt ne habozzon elm\u00e9ly\u00fclni, kommunik\u00e1ljon anyanyelvi besz\u00e9l\u0151kkel, \u00e9s \u00e9p\u00edtsen er\u0151s alapokat. Veel sikerek! (Sok szerencs\u00e9t!)<\/p>\n<\/div><\/div>\n\r\n<section class=\"learnNavigationSection\">\r\n            \r\n        <a href=\"https:\/\/talkpal.ai\/hu\/tanulj-hollandul\/\">\r\n            <div class=\"learnNavigationWrapper\">\r\n                <div class=\"learnNavigationContent\">\r\n                    <img decoding=\"async\" src=\"https:\/\/talkpal.ai\/wp-content\/uploads\/2024\/08\/Dutch.jpg\" alt=\"Netherlands Flag\">\r\n                    <div>\r\n                        <h4>A holland tanul\u00e1sr\u00f3l<\/h4>\r\n                        <p>Tudjon meg mindent a holland nyelvtanr\u00f3l.<\/p>\r\n                    <\/div>\r\n                <\/div>\r\n            <\/div>\r\n        <\/a>\r\n\r\n        \r\n        <a href=\"https:\/\/talkpal.ai\/hu\/holland-nyelvtani-gyakorlatok\/\">\r\n            <div class=\"learnNavigationWrapper\">\r\n                <div class=\"learnNavigationContent\">\r\n                    <img decoding=\"async\" src=\"https:\/\/talkpal.ai\/wp-content\/uploads\/2024\/08\/Dutch.jpg\" alt=\"Netherlands Flag\">\r\n                    <div>\r\n                        <h4>Holland nyelvtani gyakorlat<\/h4>\r\n                        <p>Gyakorolja a holland nyelvtant.<\/p>\r\n                    <\/div>\r\n                <\/div>\r\n            <\/div>\r\n        <\/a>\r\n\r\n        \r\n        <a href=\"https:\/\/talkpal.ai\/vocabulary_language\/dutch\/\">\r\n            <div class=\"learnNavigationWrapper\">\r\n                <div class=\"learnNavigationContent\">\r\n                    <img decoding=\"async\" src=\"https:\/\/talkpal.ai\/wp-content\/uploads\/2024\/08\/Dutch.jpg\" alt=\"Netherlands Flag\">\r\n                    <div>\r\n                        <h4>Holland sz\u00f3kincs<\/h4>\r\n                        <p>B\u0151v\u00edtse holland sz\u00f3kincs\u00e9t.<\/p>\r\n                    <\/div>\r\n                <\/div>\r\n            <\/div>\r\n        <\/a>\r\n\r\n            <\/section>","protected":false},"excerpt":{"rendered":"<p>Holland nyelvtan: Saj\u00e1t\u00edtsa el a holland nyelv mechanik\u00e1j\u00e1t Ha belev\u00e1gt\u00e1l a holland nyelvtanul\u00e1sba, izgalmas utaz\u00e1s el\u00e9 n\u00e9zel! Vil\u00e1gszerte t\u00f6bb mint 23 milli\u00f3 besz\u00e9l\u0151j\u00e9vel a holland fantasztikus nyelv, amely meger\u0151s\u00edti nyelvi b\u00e1tors\u00e1g\u00e1t \u00e9s sz\u00e9les\u00edti l\u00e1t\u00f3k\u00f6r\u00e9t. Lehet, hogy hallott\u00e1l suttog\u00e1st a holland nyelvtan bonyolults\u00e1g\u00e1r\u00f3l, de ne f\u00e9lj! Ez a cikk egy bar\u00e1ts\u00e1gos kezd\u0151 \u00fatmutat\u00f3, amely sz\u00f3rakoztat\u00f3 \u00e9s [&hellip;]<\/p>\n","protected":false},"author":1,"featured_media":106344,"parent":0,"menu_order":0,"comment_status":"closed","ping_status":"closed","template":"LearningContentPage.php","meta":{"_acf_changed":false,"footnotes":""},"class_list":["post-128710","page","type-page","status-publish","has-post-thumbnail","hentry"],"acf":[],"yoast_head":"<!-- This site is optimized with the Yoast SEO Premium plugin v27.2 (Yoast SEO v27.2) - https:\/\/yoast.com\/product\/yoast-seo-premium-wordpress\/ -->\n<title>Holland nyelvtan - Talkpal<\/title>\n<meta name=\"description\" content=\"Holland nyelvtan elsaj\u00e1t\u00edt\u00e1sa a Talkpal, a mesters\u00e9ges intelligencia \u00e1ltal vez\u00e9relt nyelvtan\u00e1rral. Vil\u00e1gos magyar\u00e1zatok, gyakorlati p\u00e9ld\u00e1k \u00e9s interakt\u00edv gyakorlatok!\" \/>\n<meta name=\"robots\" content=\"index, follow, max-snippet:-1, max-image-preview:large, max-video-preview:-1\" \/>\n<link rel=\"canonical\" href=\"https:\/\/talkpal.ai\/hu\/holland-nyelvtan\/\" \/>\n<meta property=\"og:locale\" content=\"hu_HU\" \/>\n<meta property=\"og:type\" content=\"article\" \/>\n<meta property=\"og:title\" content=\"Holland nyelvtan\" \/>\n<meta property=\"og:description\" content=\"Holland nyelvtan: Saj\u00e1t\u00edtsa el a holland nyelv mechanik\u00e1j\u00e1t Ha belev\u00e1gt\u00e1l a holland nyelvtanul\u00e1sba, izgalmas utaz\u00e1s el\u00e9 n\u00e9zel! Vil\u00e1gszerte t\u00f6bb mint 23\" \/>\n<meta property=\"og:url\" content=\"https:\/\/talkpal.ai\/hu\/holland-nyelvtan\/\" \/>\n<meta property=\"og:site_name\" content=\"Talkpal\" \/>\n<meta property=\"article:publisher\" content=\"https:\/\/www.facebook.com\/profile.php?id=100090733639311\" \/>\n<meta property=\"article:modified_time\" content=\"2025-12-11T17:04:17+00:00\" \/>\n<meta property=\"og:image\" content=\"https:\/\/talkpal.ai\/wp-content\/uploads\/2023\/04\/netherlands-dutch.png\" \/>\n\t<meta property=\"og:image:width\" content=\"512\" \/>\n\t<meta property=\"og:image:height\" content=\"512\" \/>\n\t<meta property=\"og:image:type\" content=\"image\/png\" \/>\n<meta name=\"twitter:card\" content=\"summary_large_image\" \/>\n<meta name=\"twitter:site\" content=\"@talkpalai\" \/>\n<meta name=\"twitter:label1\" content=\"Becs\u00fclt olvas\u00e1si id\u0151\" \/>\n\t<meta name=\"twitter:data1\" content=\"3 perc\" \/>\n<script type=\"application\/ld+json\" class=\"yoast-schema-graph\">{\"@context\":\"https:\/\/schema.org\",\"@graph\":[{\"@type\":\"WebPage\",\"@id\":\"https:\/\/talkpal.ai\/hu\/holland-nyelvtan\/\",\"url\":\"https:\/\/talkpal.ai\/hu\/holland-nyelvtan\/\",\"name\":\"Holland nyelvtan - Talkpal\",\"isPartOf\":{\"@id\":\"https:\/\/talkpal.ai\/hu\/#website\"},\"primaryImageOfPage\":{\"@id\":\"https:\/\/talkpal.ai\/hu\/holland-nyelvtan\/#primaryimage\"},\"image\":{\"@id\":\"https:\/\/talkpal.ai\/hu\/holland-nyelvtan\/#primaryimage\"},\"thumbnailUrl\":\"https:\/\/talkpal.ai\/wp-content\/uploads\/2023\/04\/netherlands-dutch.png\",\"datePublished\":\"2023-05-14T13:49:38+00:00\",\"dateModified\":\"2025-12-11T17:04:17+00:00\",\"description\":\"Holland nyelvtan elsaj\u00e1t\u00edt\u00e1sa a Talkpal, a mesters\u00e9ges intelligencia \u00e1ltal vez\u00e9relt nyelvtan\u00e1rral. Vil\u00e1gos magyar\u00e1zatok, gyakorlati p\u00e9ld\u00e1k \u00e9s interakt\u00edv gyakorlatok!\",\"breadcrumb\":{\"@id\":\"https:\/\/talkpal.ai\/hu\/holland-nyelvtan\/#breadcrumb\"},\"inLanguage\":\"hu\",\"potentialAction\":[{\"@type\":\"ReadAction\",\"target\":[\"https:\/\/talkpal.ai\/hu\/holland-nyelvtan\/\"]}]},{\"@type\":\"ImageObject\",\"inLanguage\":\"hu\",\"@id\":\"https:\/\/talkpal.ai\/hu\/holland-nyelvtan\/#primaryimage\",\"url\":\"https:\/\/talkpal.ai\/wp-content\/uploads\/2023\/04\/netherlands-dutch.png\",\"contentUrl\":\"https:\/\/talkpal.ai\/wp-content\/uploads\/2023\/04\/netherlands-dutch.png\",\"width\":512,\"height\":512},{\"@type\":\"BreadcrumbList\",\"@id\":\"https:\/\/talkpal.ai\/hu\/holland-nyelvtan\/#breadcrumb\",\"itemListElement\":[{\"@type\":\"ListItem\",\"position\":1,\"name\":\"Homepage\",\"item\":\"https:\/\/talkpal.ai\/hu\/\"},{\"@type\":\"ListItem\",\"position\":2,\"name\":\"Holland nyelvtan\"}]},{\"@type\":\"WebSite\",\"@id\":\"https:\/\/talkpal.ai\/hu\/#website\",\"url\":\"https:\/\/talkpal.ai\/hu\/\",\"name\":\"Talkpal\",\"description\":\"AI Language Learning\",\"publisher\":{\"@id\":\"https:\/\/talkpal.ai\/hu\/#organization\"},\"alternateName\":\"Talkpal AI\",\"potentialAction\":[{\"@type\":\"SearchAction\",\"target\":{\"@type\":\"EntryPoint\",\"urlTemplate\":\"https:\/\/talkpal.ai\/hu\/?s={search_term_string}\"},\"query-input\":{\"@type\":\"PropertyValueSpecification\",\"valueRequired\":true,\"valueName\":\"search_term_string\"}}],\"inLanguage\":\"hu\"},{\"@type\":\"Organization\",\"@id\":\"https:\/\/talkpal.ai\/hu\/#organization\",\"name\":\"Talkpal, Inc.\",\"alternateName\":\"Talkpal AI\",\"url\":\"https:\/\/talkpal.ai\/hu\/\",\"logo\":{\"@type\":\"ImageObject\",\"inLanguage\":\"hu\",\"@id\":\"https:\/\/talkpal.ai\/hu\/#\/schema\/logo\/image\/\",\"url\":\"https:\/\/talkpal.ai\/wp-content\/uploads\/2024\/03\/Talkpal-Logo-Icon.png\",\"contentUrl\":\"https:\/\/talkpal.ai\/wp-content\/uploads\/2024\/03\/Talkpal-Logo-Icon.png\",\"width\":2880,\"height\":2880,\"caption\":\"Talkpal, Inc.\"},\"image\":{\"@id\":\"https:\/\/talkpal.ai\/hu\/#\/schema\/logo\/image\/\"},\"sameAs\":[\"https:\/\/www.facebook.com\/profile.php?id=100090733639311\",\"https:\/\/x.com\/talkpalai\",\"https:\/\/www.linkedin.com\/company\/talkpal\/\",\"https:\/\/www.youtube.com\/@TalkPal\/\",\"https:\/\/www.tiktok.com\/@talkpal\",\"https:\/\/www.instagram.com\/talkpal_ai\/\",\"https:\/\/www.crunchbase.com\/organization\/talkpal-9cde\",\"https:\/\/www.g2.com\/products\/talkpal-for-business\/\",\"https:\/\/www.trustpilot.com\/review\/talkpal.ai\",\"https:\/\/www.capterra.com\/p\/10006800\/TalkPal\/\"],\"description\":\"Talkpal is a language learning web and mobile education app, powered by the latest AI technologies, that provides engaging experiences to its customers in many different languages to help them improve their language skills. Users can chat about unlimited amount of topics with the app and use other modes to practice their language learning.\",\"email\":\"support@talkpal.ai\",\"legalName\":\"Talkpal, Inc.\",\"foundingDate\":\"2023-04-03\",\"duns\":\"118989042\",\"numberOfEmployees\":{\"@type\":\"QuantitativeValue\",\"minValue\":\"11\",\"maxValue\":\"50\"},\"publishingPrinciples\":\"https:\/\/talkpal.ai\/publishing-principles\/\",\"actionableFeedbackPolicy\":\"https:\/\/talkpal.ai\/actionable-feedback-policy\/\",\"correctionsPolicy\":\"https:\/\/talkpal.ai\/corrections-policy\/\",\"ethicsPolicy\":\"https:\/\/talkpal.ai\/ethics-policy\/\",\"diversityPolicy\":\"https:\/\/talkpal.ai\/diversity-policy\/\",\"diversityStaffingReport\":\"https:\/\/talkpal.ai\/diversity-policy\/\"}]}<\/script>\n<!-- \/ Yoast SEO Premium plugin. -->","yoast_head_json":{"title":"Holland nyelvtan - Talkpal","description":"Holland nyelvtan elsaj\u00e1t\u00edt\u00e1sa a Talkpal, a mesters\u00e9ges intelligencia \u00e1ltal vez\u00e9relt nyelvtan\u00e1rral. Vil\u00e1gos magyar\u00e1zatok, gyakorlati p\u00e9ld\u00e1k \u00e9s interakt\u00edv gyakorlatok!","robots":{"index":"index","follow":"follow","max-snippet":"max-snippet:-1","max-image-preview":"max-image-preview:large","max-video-preview":"max-video-preview:-1"},"canonical":"https:\/\/talkpal.ai\/hu\/holland-nyelvtan\/","og_locale":"hu_HU","og_type":"article","og_title":"Holland nyelvtan","og_description":"Holland nyelvtan: Saj\u00e1t\u00edtsa el a holland nyelv mechanik\u00e1j\u00e1t Ha belev\u00e1gt\u00e1l a holland nyelvtanul\u00e1sba, izgalmas utaz\u00e1s el\u00e9 n\u00e9zel! Vil\u00e1gszerte t\u00f6bb mint 23","og_url":"https:\/\/talkpal.ai\/hu\/holland-nyelvtan\/","og_site_name":"Talkpal","article_publisher":"https:\/\/www.facebook.com\/profile.php?id=100090733639311","article_modified_time":"2025-12-11T17:04:17+00:00","og_image":[{"width":512,"height":512,"url":"https:\/\/talkpal.ai\/wp-content\/uploads\/2023\/04\/netherlands-dutch.png","type":"image\/png"}],"twitter_card":"summary_large_image","twitter_site":"@talkpalai","twitter_misc":{"Becs\u00fclt olvas\u00e1si id\u0151":"3 perc"},"schema":{"@context":"https:\/\/schema.org","@graph":[{"@type":"WebPage","@id":"https:\/\/talkpal.ai\/hu\/holland-nyelvtan\/","url":"https:\/\/talkpal.ai\/hu\/holland-nyelvtan\/","name":"Holland nyelvtan - Talkpal","isPartOf":{"@id":"https:\/\/talkpal.ai\/hu\/#website"},"primaryImageOfPage":{"@id":"https:\/\/talkpal.ai\/hu\/holland-nyelvtan\/#primaryimage"},"image":{"@id":"https:\/\/talkpal.ai\/hu\/holland-nyelvtan\/#primaryimage"},"thumbnailUrl":"https:\/\/talkpal.ai\/wp-content\/uploads\/2023\/04\/netherlands-dutch.png","datePublished":"2023-05-14T13:49:38+00:00","dateModified":"2025-12-11T17:04:17+00:00","description":"Holland nyelvtan elsaj\u00e1t\u00edt\u00e1sa a Talkpal, a mesters\u00e9ges intelligencia \u00e1ltal vez\u00e9relt nyelvtan\u00e1rral. Vil\u00e1gos magyar\u00e1zatok, gyakorlati p\u00e9ld\u00e1k \u00e9s interakt\u00edv gyakorlatok!","breadcrumb":{"@id":"https:\/\/talkpal.ai\/hu\/holland-nyelvtan\/#breadcrumb"},"inLanguage":"hu","potentialAction":[{"@type":"ReadAction","target":["https:\/\/talkpal.ai\/hu\/holland-nyelvtan\/"]}]},{"@type":"ImageObject","inLanguage":"hu","@id":"https:\/\/talkpal.ai\/hu\/holland-nyelvtan\/#primaryimage","url":"https:\/\/talkpal.ai\/wp-content\/uploads\/2023\/04\/netherlands-dutch.png","contentUrl":"https:\/\/talkpal.ai\/wp-content\/uploads\/2023\/04\/netherlands-dutch.png","width":512,"height":512},{"@type":"BreadcrumbList","@id":"https:\/\/talkpal.ai\/hu\/holland-nyelvtan\/#breadcrumb","itemListElement":[{"@type":"ListItem","position":1,"name":"Homepage","item":"https:\/\/talkpal.ai\/hu\/"},{"@type":"ListItem","position":2,"name":"Holland nyelvtan"}]},{"@type":"WebSite","@id":"https:\/\/talkpal.ai\/hu\/#website","url":"https:\/\/talkpal.ai\/hu\/","name":"Talkpal","description":"AI Language Learning","publisher":{"@id":"https:\/\/talkpal.ai\/hu\/#organization"},"alternateName":"Talkpal AI","potentialAction":[{"@type":"SearchAction","target":{"@type":"EntryPoint","urlTemplate":"https:\/\/talkpal.ai\/hu\/?s={search_term_string}"},"query-input":{"@type":"PropertyValueSpecification","valueRequired":true,"valueName":"search_term_string"}}],"inLanguage":"hu"},{"@type":"Organization","@id":"https:\/\/talkpal.ai\/hu\/#organization","name":"Talkpal, Inc.","alternateName":"Talkpal AI","url":"https:\/\/talkpal.ai\/hu\/","logo":{"@type":"ImageObject","inLanguage":"hu","@id":"https:\/\/talkpal.ai\/hu\/#\/schema\/logo\/image\/","url":"https:\/\/talkpal.ai\/wp-content\/uploads\/2024\/03\/Talkpal-Logo-Icon.png","contentUrl":"https:\/\/talkpal.ai\/wp-content\/uploads\/2024\/03\/Talkpal-Logo-Icon.png","width":2880,"height":2880,"caption":"Talkpal, Inc."},"image":{"@id":"https:\/\/talkpal.ai\/hu\/#\/schema\/logo\/image\/"},"sameAs":["https:\/\/www.facebook.com\/profile.php?id=100090733639311","https:\/\/x.com\/talkpalai","https:\/\/www.linkedin.com\/company\/talkpal\/","https:\/\/www.youtube.com\/@TalkPal\/","https:\/\/www.tiktok.com\/@talkpal","https:\/\/www.instagram.com\/talkpal_ai\/","https:\/\/www.crunchbase.com\/organization\/talkpal-9cde","https:\/\/www.g2.com\/products\/talkpal-for-business\/","https:\/\/www.trustpilot.com\/review\/talkpal.ai","https:\/\/www.capterra.com\/p\/10006800\/TalkPal\/"],"description":"Talkpal is a language learning web and mobile education app, powered by the latest AI technologies, that provides engaging experiences to its customers in many different languages to help them improve their language skills. Users can chat about unlimited amount of topics with the app and use other modes to practice their language learning.","email":"support@talkpal.ai","legalName":"Talkpal, Inc.","foundingDate":"2023-04-03","duns":"118989042","numberOfEmployees":{"@type":"QuantitativeValue","minValue":"11","maxValue":"50"},"publishingPrinciples":"https:\/\/talkpal.ai\/publishing-principles\/","actionableFeedbackPolicy":"https:\/\/talkpal.ai\/actionable-feedback-policy\/","correctionsPolicy":"https:\/\/talkpal.ai\/corrections-policy\/","ethicsPolicy":"https:\/\/talkpal.ai\/ethics-policy\/","diversityPolicy":"https:\/\/talkpal.ai\/diversity-policy\/","diversityStaffingReport":"https:\/\/talkpal.ai\/diversity-policy\/"}]}},"_links":{"self":[{"href":"https:\/\/talkpal.ai\/hu\/wp-json\/wp\/v2\/pages\/128710","targetHints":{"allow":["GET"]}}],"collection":[{"href":"https:\/\/talkpal.ai\/hu\/wp-json\/wp\/v2\/pages"}],"about":[{"href":"https:\/\/talkpal.ai\/hu\/wp-json\/wp\/v2\/types\/page"}],"author":[{"embeddable":true,"href":"https:\/\/talkpal.ai\/hu\/wp-json\/wp\/v2\/users\/1"}],"replies":[{"embeddable":true,"href":"https:\/\/talkpal.ai\/hu\/wp-json\/wp\/v2\/comments?post=128710"}],"version-history":[{"count":0,"href":"https:\/\/talkpal.ai\/hu\/wp-json\/wp\/v2\/pages\/128710\/revisions"}],"wp:featuredmedia":[{"embeddable":true,"href":"https:\/\/talkpal.ai\/hu\/wp-json\/wp\/v2\/media\/106344"}],"wp:attachment":[{"href":"https:\/\/talkpal.ai\/hu\/wp-json\/wp\/v2\/media?parent=128710"}],"curies":[{"name":"wp","href":"https:\/\/api.w.org\/{rel}","templated":true}]}}