{"id":128279,"date":"2023-05-14T13:48:36","date_gmt":"2023-05-14T13:48:36","guid":{"rendered":"http:\/\/talkpal.ai\/kinai-nyelvtan\/"},"modified":"2025-06-17T16:40:04","modified_gmt":"2025-06-17T16:40:04","slug":"kinai-nyelvtan","status":"publish","type":"page","link":"https:\/\/talkpal.ai\/hu\/kinai-nyelvtan\/","title":{"rendered":"K\u00ednai nyelvtan"},"content":{"rendered":"\r\n\r\n\r\n<section class=\"languageChallengeSection\">\r\n    <div class=\"languageInfoWrapper\">\r\n        \r\n        <h1>K\u00ednai nyelvtan<\/h1>\r\n        <p>Er\u0151s\u00edtse <a href=\"https:\/\/talkpal.ai\/learn-chinese\/\">k\u00ednai<\/a> nyelvtud\u00e1s\u00e1t a kulcsfontoss\u00e1g\u00fa nyelvtani strukt\u00far\u00e1k \u00e9s haszn\u00e1lati mint\u00e1k elsaj\u00e1t\u00edt\u00e1s\u00e1val. Kezdje el fejleszteni k\u00ednai nyelvtan\u00e1t m\u00e9g ma, \u00e9s kommunik\u00e1ljon magabiztosan!<\/p>\r\n\r\n                            <a class=\"getStartedHidden\" href=\"https:\/\/app.talkpal.ai\/hu\/signup?lng=\">Kezdj\u00fck<\/a>\r\n        \r\n    <\/div>\r\n\r\n    <figure>\r\n    <img decoding=\"async\" width=\"768\" height=\"768\" src=\"https:\/\/talkpal.ai\/wp-content\/uploads\/2023\/06\/chinese-768x768.png\" class=\"languageImage no-lazy\" alt=\"Language learning for flexible communication\" fetchpriority=\"high\" sizes=\"(max-width: 768px) 150px, 768px\" srcset=\"https:\/\/talkpal.ai\/wp-content\/uploads\/2023\/06\/chinese-768x768.png 768w, https:\/\/talkpal.ai\/wp-content\/uploads\/2023\/06\/chinese-300x300.png 300w\" \/>\r\n    \r\n\r\n    <\/figure>\r\n\r\n            <a class=\"getStartedVisible\" href=\"https:\/\/app.talkpal.ai\/hu\/signup?lng=\">Kezdj\u00fck<\/a>\r\n    \r\n<\/section>\r\n<section class=\"promotionalBanner\">\r\n    <p class=\"promotionalText\">A nyelvtanul\u00e1s leghat\u00e9konyabb m\u00f3dja<\/p>\r\n    <a class=\"promotionalLink\" href=\"https:\/\/app.talkpal.ai\/hu\/signup?lng=\">Pr\u00f3b\u00e1lja ki a Talkpal ingyen<\/a>\r\n<\/section>\n<div class=\"wp-block-group pageContainerStyle\"><div class=\"wp-block-group__inner-container is-layout-constrained wp-block-group-is-layout-constrained\">\n<h2 class=\"wp-block-heading\" id=\"h-chinese-grammar-the-key-to-mastering-mandarin\">K\u00ednai nyelvtan: A mandarin elsaj\u00e1t\u00edt\u00e1s\u00e1nak kulcsa<\/h2>\n\n\n\n<p>\u00d6n ambici\u00f3zus nyelvtanul\u00f3, aki a mandarin elsaj\u00e1t\u00edt\u00e1s\u00e1t t\u0171zte ki c\u00e9lul? Ha igen, gratul\u00e1lunk! A k\u00ednai nyelv kezel\u00e9se fantasztikus m\u00f3dja annak, hogy sz\u00e9les\u00edtse glob\u00e1lis gondolkod\u00e1sm\u00f3dj\u00e1t, kapcsolatba l\u00e9pjen a hangsz\u00f3r\u00f3k sz\u00e9les sk\u00e1l\u00e1j\u00e1val, \u00e9s intellektu\u00e1lisan kih\u00edv\u00e1st jelentsen mag\u00e1nak. Azonban 1,2 milli\u00e1rd anyanyelvi besz\u00e9l\u0151vel \u00e9s a nyugati nyelvekt\u0151l jelent\u0151sen elt\u00e9r\u0151 nyelvi rendszerrel a <a href=\"https:\/\/talkpal.ai\/chinese-grammar\/\">k\u00ednai nyelvtan<\/a> meglehet\u0151sen ijeszt\u0151nek t\u0171nhet. Ne f\u00e9ljetek! Olvasson tov\u00e1bb egy kezd\u0151-bar\u00e1t gyorstalpal\u00f3 tanfolyam\u00e9rt a k\u00ednai nyelvtanr\u00f3l, amely egyszerre lebilincsel\u0151 \u00e9s informat\u00edv.<\/p>\n\n\n\n<p><strong>El\u0151sz\u00f6r is: felejtsd el, amit az eur\u00f3pai nyelvekr\u0151l tudsz!<\/strong><\/p>\n\n\n\n<p>Az egyik f\u0151 ok, ami\u00e9rt a nyelvtanul\u00f3k megijednek a k\u00ednai nyelvtant\u00f3l, az, hogy az gy\u00f6keresen elt\u00e9r az olyan nyelvekben, mint az <a href=\"https:\/\/talkpal.ai\/locations\/language-courses-in-angol\/\">angol<\/a>, a <a href=\"https:\/\/talkpal.ai\/learn-spanish\/\">spanyol<\/a> vagy a <a href=\"https:\/\/talkpal.ai\/learn-french\/\">francia<\/a>, megszokott &#8222;alany-ige-t\u00e1rgy&#8221; szerkezet\u00e9t\u0151l. Vegy\u00fcnk egy m\u00e9ly l\u00e9legzetet, \u00e9s mer\u00fclj\u00fcnk el a nyelvi szab\u00e1lyok \u00e9s fogalmak vadonat\u00faj univerzum\u00e1ban!<\/p>\n\n\n\n<h3 class=\"wp-block-heading\" id=\"h-1-word-order-is-king\">1. A sz\u00f3rend a kir\u00e1ly<\/h3>\n\n\n\n<p>B\u00e1r a k\u00ednai nyelvtanban nincsenek igeid\u0151k, igeragoz\u00e1sok vagy t\u00f6bbes sz\u00e1mok, a megfelel\u0151 mondatszerkezet a legfontosabb. Teh\u00e1t hogyan \u00e9rhet\u0151 el a helyes sz\u00f3rend? A legt\u00f6bb esetben egyszer\u0171en k\u00f6vesse az &#8222;alany-ige-objektum&#8221; mint\u00e1t (hasonl\u00f3an az angolhoz). P\u00e9ld\u00e1ul:<\/p>\n\n\n\n<p>Magyarul: Szeretlek.<br\/>K\u00ednai: \u6211\u7231\u4f60\u3002 W\u01d2 \u00e0i n\u01d0.<\/p>\n\n\n\n<p>Vannak \u00f6sszetettebb strukt\u00far\u00e1k, de egy er\u0151s alap kifejleszt\u00e9se megk\u00f6nny\u00edti a meg\u00e9rt\u00e9s\u00fcket, amikor haladsz.<\/p>\n\n\n\n<h3 class=\"wp-block-heading\" id=\"h-2-particles-particles-everywhere\">2. R\u00e9szecsk\u00e9k, r\u00e9szecsk\u00e9k mindenhol!<\/h3>\n\n\n\n<p>A k\u00ednai nyelvtanban a r\u00e9szecsk\u00e9k kritikus szerepet j\u00e1tszanak a jelent\u00e9s k\u00f6zvet\u00edt\u00e9s\u00e9ben. Az egyik leggyakoribb r\u00e9szecske a &#8222;\u4e86 (le)&#8221;, amely egy befejezett cselekv\u00e9st jelez. P\u00e9ld\u00e1ul:<\/p>\n\n\n\n<p>\u6211\u5403\u4e86\u3002W\u01d2 ch\u012b le. &#8211; &#8222;Megettem.&#8221;<\/p>\n\n\n\n<p>Egy m\u00e1sik gyakori r\u00e9szecske a &#8222;\u5427 (ba)&#8221;, amely egy \u00e1ll\u00edt\u00e1st javaslatt\u00e1 vagy k\u00e9rd\u00e9ss\u00e9 v\u00e1ltoztat:<\/p>\n\n\n\n<p>\u8d70\u5427\uff01Z\u01d2u ba! &#8211; &#8222;Gyer\u00fcnk!&#8221;<\/p>\n\n\n\n<p>A k\u00fcl\u00f6nb\u00f6z\u0151 r\u00e9szecsk\u00e9k funkci\u00f3inak meg\u00e9rt\u00e9se kulcsfontoss\u00e1g\u00fa a <a href=\"https:\/\/talkpal.ai\/chinese-grammar\/\">k\u00ednai nyelvtan<\/a> \u00e1rnyalatainak elsaj\u00e1t\u00edt\u00e1s\u00e1hoz.<\/p>\n\n\n\n<h3 class=\"wp-block-heading\" id=\"h-3-measure-words-quality-not-quantity\">3. M\u00e9rje meg a szavakat: min\u0151s\u00e9g, nem mennyis\u00e9g<\/h3>\n\n\n\n<p>A k\u00ednai nyelvben a f\u0151neveknek nincs t\u00f6bbes sz\u00e1muk. Ehelyett m\u00e9rt\u00e9kszavakat (m\u00e1s n\u00e9ven oszt\u00e1lyoz\u00f3kat) haszn\u00e1lnak a mennyis\u00e9g kifejez\u00e9s\u00e9re. A m\u00e9r\u0151szavak hozz\u00e1ad\u00f3dnak a sz\u00e1m \u00e9s a f\u0151n\u00e9v k\u00f6z\u00e9. P\u00e9ld\u00e1ul:<\/p>\n\n\n\n<p>\u4e00\u672c\u4e66 &#8211; Y\u012b b\u011bn <a href=\"https:\/\/talkpal.ai\/locations\/language-courses-in-shu\/\">sh\u016b<\/a> &#8211; &#8222;egy k\u00f6nyv&#8221;<\/p>\n\n\n\n<p>Figyelj\u00fck meg a \u672c (b\u011bn) haszn\u00e1lat\u00e1t a k\u00f6nyvek m\u00e9r\u0151szavak\u00e9nt. A k\u00fcl\u00f6nb\u00f6z\u0151 f\u0151nevek k\u00fcl\u00f6nb\u00f6z\u0151 m\u00e9rt\u00e9kszavakat ig\u00e9nyelnek, \u00e9s b\u00e1r ez els\u0151re zavarba ejt\u0151nek t\u0171nhet, a gyakorl\u00e1ssal a m\u00e1sodik term\u00e9szet\u00e9v\u00e9 v\u00e1lik.<\/p>\n\n\n\n<h3 class=\"wp-block-heading\" id=\"h-4-the-magic-of-compound-words\">4. Az \u00f6sszetett szavak var\u00e1zsa<\/h3>\n\n\n\n<p>A k\u00ednai tele <a href=\"https:\/\/talkpal.ai\/locations\/language-courses-in-van\/\">van<\/a> \u00f6sszetett szavakkal, amelyeket k\u00e9t vagy t\u00f6bb karakter kombin\u00e1l\u00e1s\u00e1val alkotnak. Ez nemcsak egyszer\u0171s\u00edti a sz\u00f3kincs tanul\u00e1s\u00e1t, hanem \u00e9l\u00e9nk k\u00e9peket \u00e9s kontextust is lehet\u0151v\u00e9 tesz. P\u00e9ld\u00e1ul:<\/p>\n\n\n\n<p>\u706b\u8f66 &#8211; Hu\u01d2ch\u0113 &#8211; &#8222;vonat&#8221; (sz\u00f3 szerint: &#8222;t\u0171zolt\u00f3 j\u00e1rm\u0171&#8221;)<br\/>\u7535\u8bdd &#8211; Di\u00e0nhu\u00e0 &#8211; &#8222;telefon&#8221; (sz\u00f3 szerint: &#8222;elektromos besz\u00e9d&#8221;)<\/p>\n\n\n\n<p>Az egyes karakterek jelent\u00e9s\u00e9nek meg\u00e9rt\u00e9s\u00e9vel k\u00f6nnyen kik\u00f6vetkeztetheti az \u00f6sszetett szavak jelent\u00e9s\u00e9t, amelyekkel kor\u00e1bban m\u00e9g nem tal\u00e1lkozott.<\/p>\n\n\n\n<h3 class=\"wp-block-heading\" id=\"h-5-no-tenses-no-problem\">5. Nincs fesz\u00fclts\u00e9g? Nem gond!<\/h3>\n\n\n\n<p>A k\u00ednai nyelv egyik leg\u00fcd\u00edt\u0151bb aspektusa a k\u00fcl\u00f6nb\u00f6z\u0151 igeid\u0151k igeragoz\u00e1s\u00e1nak hi\u00e1nya. De hogyan fejezed ki az id\u0151t? Egyszer\u0171! Csak olyan szavakat adjon meg, amelyek jelzik az id\u0151keretet, p\u00e9ld\u00e1ul:<\/p>\n\n\n\n<p>\u6628\u5929 &#8211; Zu\u00f3ti\u0101n &#8211; &#8222;tegnap&#8221;<br\/>\u660e\u5929 &#8211; M\u00edngti\u0101n &#8211; &#8222;holnap&#8221;<\/p>\n\n\n\n<p><strong>P\u00e9ld\u00e1ul:<\/strong><\/p>\n\n\n\n<p>\u6211\u6628\u5929\u5403\u4e86\u996d\u3002W\u01d2 zu\u00f3ti\u0101n ch\u012b le f\u00e0n. &#8211; &#8222;Tegnap ettem \u00e9telt.&#8221;<br\/>\u6211\u660e\u5929\u5403\u996d\u3002W\u01d2 m\u00edngti\u0101n ch\u012b f\u00e0n. &#8211; &#8222;Holnap \u00e9telt fogok enni.&#8221;<\/p>\n\n\n\n<p>Gratul\u00e1lok! Megtette az els\u0151 l\u00e9p\u00e9seket a k\u00ednai <a href=\"https:\/\/talkpal.ai\/grammar\/\">nyelvtan<\/a> elsaj\u00e1t\u00edt\u00e1sa fel\u00e9. Ne feledje: a gyakorlat teszi a mestert. Ne f\u00e9ljen teh\u00e1t \u00faj nyelvtani szerkezetek felfedez\u00e9s\u00e9t\u0151l, az anyanyelvi besz\u00e9l\u0151kkel val\u00f3 t\u00e1rsalg\u00e1st\u00f3l \u00e9s az alapok meger\u0151s\u00edt\u00e9s\u00e9t\u0151l. A mandarin nyelv vil\u00e1ga v\u00e1r r\u00e1d &#8211; boldog tanul\u00e1st!<\/p>\n<\/div><\/div>\n\r\n<section class=\"learnNavigationSection\">\r\n            \r\n        <a href=\"https:\/\/talkpal.ai\/hu\/tanulj-kinaiul\/\">\r\n            <div class=\"learnNavigationWrapper\">\r\n                <div class=\"learnNavigationContent\">\r\n                    <img decoding=\"async\" src=\"https:\/\/talkpal.ai\/wp-content\/uploads\/2024\/08\/Chinese.jpg\" alt=\"Chinese Flag\u00a0\">\r\n                    <div>\r\n                        <h4>A k\u00ednai tanul\u00e1sr\u00f3l<\/h4>\r\n                        <p>Tudjon meg mindent a k\u00ednai nyelvtanr\u00f3l.<\/p>\r\n                    <\/div>\r\n                <\/div>\r\n            <\/div>\r\n        <\/a>\r\n\r\n        \r\n        <a href=\"https:\/\/talkpal.ai\/hu\/kinai-nyelvtani-gyakorlatok\/\">\r\n            <div class=\"learnNavigationWrapper\">\r\n                <div class=\"learnNavigationContent\">\r\n                    <img decoding=\"async\" src=\"https:\/\/talkpal.ai\/wp-content\/uploads\/2024\/08\/Chinese.jpg\" alt=\"Chinese Flag\u00a0\">\r\n                    <div>\r\n                        <h4>K\u00ednai nyelvtani gyakorlat<\/h4>\r\n                        <p>Gyakorolja a k\u00ednai nyelvtant.<\/p>\r\n                    <\/div>\r\n                <\/div>\r\n            <\/div>\r\n        <\/a>\r\n\r\n        \r\n        <a href=\"https:\/\/talkpal.ai\/vocabulary_language\/chinese\/\">\r\n            <div class=\"learnNavigationWrapper\">\r\n                <div class=\"learnNavigationContent\">\r\n                    <img decoding=\"async\" src=\"https:\/\/talkpal.ai\/wp-content\/uploads\/2024\/08\/Chinese.jpg\" alt=\"Chinese Flag\u00a0\">\r\n                    <div>\r\n                        <h4>K\u00ednai sz\u00f3kincs<\/h4>\r\n                        <p>B\u0151v\u00edtse k\u00ednai sz\u00f3kincs\u00e9t.<\/p>\r\n                    <\/div>\r\n                <\/div>\r\n            <\/div>\r\n        <\/a>\r\n\r\n            <\/section>","protected":false},"excerpt":{"rendered":"<p>K\u00ednai nyelvtan: A mandarin elsaj\u00e1t\u00edt\u00e1s\u00e1nak kulcsa \u00d6n ambici\u00f3zus nyelvtanul\u00f3, aki a mandarin elsaj\u00e1t\u00edt\u00e1s\u00e1t t\u0171zte ki c\u00e9lul? Ha igen, gratul\u00e1lunk! A k\u00ednai nyelv kezel\u00e9se fantasztikus m\u00f3dja annak, hogy sz\u00e9les\u00edtse glob\u00e1lis gondolkod\u00e1sm\u00f3dj\u00e1t, kapcsolatba l\u00e9pjen a hangsz\u00f3r\u00f3k sz\u00e9les sk\u00e1l\u00e1j\u00e1val, \u00e9s intellektu\u00e1lisan kih\u00edv\u00e1st jelentsen mag\u00e1nak. Azonban 1,2 milli\u00e1rd anyanyelvi besz\u00e9l\u0151vel \u00e9s a nyugati nyelvekt\u0151l jelent\u0151sen elt\u00e9r\u0151 nyelvi rendszerrel a [&hellip;]<\/p>\n","protected":false},"author":1,"featured_media":106051,"parent":0,"menu_order":0,"comment_status":"closed","ping_status":"closed","template":"LearningContentPage.php","meta":{"_acf_changed":false,"footnotes":""},"class_list":["post-128279","page","type-page","status-publish","has-post-thumbnail","hentry"],"acf":[],"yoast_head":"<!-- This site is optimized with the Yoast SEO Premium plugin v27.2 (Yoast SEO v27.2) - https:\/\/yoast.com\/product\/yoast-seo-premium-wordpress\/ -->\n<title>K\u00ednai nyelvtan - Talkpal<\/title>\n<meta name=\"description\" content=\"Fedezze fel a k\u00ednai nyelvtan titkait a k\u00ednai nyelv \u00e9s kult\u00fara jobb meg\u00e9rt\u00e9se \u00e9rdek\u00e9ben.\" \/>\n<meta name=\"robots\" content=\"index, follow, max-snippet:-1, max-image-preview:large, max-video-preview:-1\" \/>\n<link rel=\"canonical\" href=\"https:\/\/talkpal.ai\/hu\/kinai-nyelvtan\/\" \/>\n<meta property=\"og:locale\" content=\"hu_HU\" \/>\n<meta property=\"og:type\" content=\"article\" \/>\n<meta property=\"og:title\" content=\"K\u00ednai nyelvtan\" \/>\n<meta property=\"og:description\" content=\"K\u00ednai nyelvtan: A mandarin elsaj\u00e1t\u00edt\u00e1s\u00e1nak kulcsa \u00d6n ambici\u00f3zus nyelvtanul\u00f3, aki a mandarin elsaj\u00e1t\u00edt\u00e1s\u00e1t t\u0171zte ki c\u00e9lul? Ha igen, gratul\u00e1lunk! A k\u00ednai\" \/>\n<meta property=\"og:url\" content=\"https:\/\/talkpal.ai\/hu\/kinai-nyelvtan\/\" \/>\n<meta property=\"og:site_name\" content=\"Talkpal\" \/>\n<meta property=\"article:publisher\" content=\"https:\/\/www.facebook.com\/profile.php?id=100090733639311\" \/>\n<meta property=\"article:modified_time\" content=\"2025-06-17T16:40:04+00:00\" \/>\n<meta property=\"og:image\" content=\"https:\/\/talkpal.ai\/wp-content\/uploads\/2023\/04\/china.png\" \/>\n\t<meta property=\"og:image:width\" content=\"512\" \/>\n\t<meta property=\"og:image:height\" content=\"512\" \/>\n\t<meta property=\"og:image:type\" content=\"image\/png\" \/>\n<meta name=\"twitter:card\" content=\"summary_large_image\" \/>\n<meta name=\"twitter:site\" content=\"@talkpalai\" \/>\n<meta name=\"twitter:label1\" content=\"Becs\u00fclt olvas\u00e1si id\u0151\" \/>\n\t<meta name=\"twitter:data1\" content=\"4 perc\" \/>\n<script type=\"application\/ld+json\" class=\"yoast-schema-graph\">{\"@context\":\"https:\/\/schema.org\",\"@graph\":[{\"@type\":\"WebPage\",\"@id\":\"https:\/\/talkpal.ai\/hu\/kinai-nyelvtan\/\",\"url\":\"https:\/\/talkpal.ai\/hu\/kinai-nyelvtan\/\",\"name\":\"K\u00ednai nyelvtan - Talkpal\",\"isPartOf\":{\"@id\":\"https:\/\/talkpal.ai\/hu\/#website\"},\"primaryImageOfPage\":{\"@id\":\"https:\/\/talkpal.ai\/hu\/kinai-nyelvtan\/#primaryimage\"},\"image\":{\"@id\":\"https:\/\/talkpal.ai\/hu\/kinai-nyelvtan\/#primaryimage\"},\"thumbnailUrl\":\"https:\/\/talkpal.ai\/wp-content\/uploads\/2023\/04\/china.png\",\"datePublished\":\"2023-05-14T13:48:36+00:00\",\"dateModified\":\"2025-06-17T16:40:04+00:00\",\"description\":\"Fedezze fel a k\u00ednai nyelvtan titkait a k\u00ednai nyelv \u00e9s kult\u00fara jobb meg\u00e9rt\u00e9se \u00e9rdek\u00e9ben.\",\"breadcrumb\":{\"@id\":\"https:\/\/talkpal.ai\/hu\/kinai-nyelvtan\/#breadcrumb\"},\"inLanguage\":\"hu\",\"potentialAction\":[{\"@type\":\"ReadAction\",\"target\":[\"https:\/\/talkpal.ai\/hu\/kinai-nyelvtan\/\"]}]},{\"@type\":\"ImageObject\",\"inLanguage\":\"hu\",\"@id\":\"https:\/\/talkpal.ai\/hu\/kinai-nyelvtan\/#primaryimage\",\"url\":\"https:\/\/talkpal.ai\/wp-content\/uploads\/2023\/04\/china.png\",\"contentUrl\":\"https:\/\/talkpal.ai\/wp-content\/uploads\/2023\/04\/china.png\",\"width\":512,\"height\":512},{\"@type\":\"BreadcrumbList\",\"@id\":\"https:\/\/talkpal.ai\/hu\/kinai-nyelvtan\/#breadcrumb\",\"itemListElement\":[{\"@type\":\"ListItem\",\"position\":1,\"name\":\"Homepage\",\"item\":\"https:\/\/talkpal.ai\/hu\/\"},{\"@type\":\"ListItem\",\"position\":2,\"name\":\"K\u00ednai nyelvtan\"}]},{\"@type\":\"WebSite\",\"@id\":\"https:\/\/talkpal.ai\/hu\/#website\",\"url\":\"https:\/\/talkpal.ai\/hu\/\",\"name\":\"Talkpal\",\"description\":\"AI Language Learning\",\"publisher\":{\"@id\":\"https:\/\/talkpal.ai\/hu\/#organization\"},\"alternateName\":\"Talkpal AI\",\"potentialAction\":[{\"@type\":\"SearchAction\",\"target\":{\"@type\":\"EntryPoint\",\"urlTemplate\":\"https:\/\/talkpal.ai\/hu\/?s={search_term_string}\"},\"query-input\":{\"@type\":\"PropertyValueSpecification\",\"valueRequired\":true,\"valueName\":\"search_term_string\"}}],\"inLanguage\":\"hu\"},{\"@type\":\"Organization\",\"@id\":\"https:\/\/talkpal.ai\/hu\/#organization\",\"name\":\"Talkpal, Inc.\",\"alternateName\":\"Talkpal AI\",\"url\":\"https:\/\/talkpal.ai\/hu\/\",\"logo\":{\"@type\":\"ImageObject\",\"inLanguage\":\"hu\",\"@id\":\"https:\/\/talkpal.ai\/hu\/#\/schema\/logo\/image\/\",\"url\":\"https:\/\/talkpal.ai\/wp-content\/uploads\/2024\/03\/Talkpal-Logo-Icon.png\",\"contentUrl\":\"https:\/\/talkpal.ai\/wp-content\/uploads\/2024\/03\/Talkpal-Logo-Icon.png\",\"width\":2880,\"height\":2880,\"caption\":\"Talkpal, Inc.\"},\"image\":{\"@id\":\"https:\/\/talkpal.ai\/hu\/#\/schema\/logo\/image\/\"},\"sameAs\":[\"https:\/\/www.facebook.com\/profile.php?id=100090733639311\",\"https:\/\/x.com\/talkpalai\",\"https:\/\/www.linkedin.com\/company\/talkpal\/\",\"https:\/\/www.youtube.com\/@TalkPal\/\",\"https:\/\/www.tiktok.com\/@talkpal\",\"https:\/\/www.instagram.com\/talkpal_ai\/\",\"https:\/\/www.crunchbase.com\/organization\/talkpal-9cde\",\"https:\/\/www.g2.com\/products\/talkpal-for-business\/\",\"https:\/\/www.trustpilot.com\/review\/talkpal.ai\",\"https:\/\/www.capterra.com\/p\/10006800\/TalkPal\/\"],\"description\":\"Talkpal is a language learning web and mobile education app, powered by the latest AI technologies, that provides engaging experiences to its customers in many different languages to help them improve their language skills. Users can chat about unlimited amount of topics with the app and use other modes to practice their language learning.\",\"email\":\"support@talkpal.ai\",\"legalName\":\"Talkpal, Inc.\",\"foundingDate\":\"2023-04-03\",\"duns\":\"118989042\",\"numberOfEmployees\":{\"@type\":\"QuantitativeValue\",\"minValue\":\"11\",\"maxValue\":\"50\"},\"publishingPrinciples\":\"https:\/\/talkpal.ai\/publishing-principles\/\",\"actionableFeedbackPolicy\":\"https:\/\/talkpal.ai\/actionable-feedback-policy\/\",\"correctionsPolicy\":\"https:\/\/talkpal.ai\/corrections-policy\/\",\"ethicsPolicy\":\"https:\/\/talkpal.ai\/ethics-policy\/\",\"diversityPolicy\":\"https:\/\/talkpal.ai\/diversity-policy\/\",\"diversityStaffingReport\":\"https:\/\/talkpal.ai\/diversity-policy\/\"}]}<\/script>\n<!-- \/ Yoast SEO Premium plugin. -->","yoast_head_json":{"title":"K\u00ednai nyelvtan - Talkpal","description":"Fedezze fel a k\u00ednai nyelvtan titkait a k\u00ednai nyelv \u00e9s kult\u00fara jobb meg\u00e9rt\u00e9se \u00e9rdek\u00e9ben.","robots":{"index":"index","follow":"follow","max-snippet":"max-snippet:-1","max-image-preview":"max-image-preview:large","max-video-preview":"max-video-preview:-1"},"canonical":"https:\/\/talkpal.ai\/hu\/kinai-nyelvtan\/","og_locale":"hu_HU","og_type":"article","og_title":"K\u00ednai nyelvtan","og_description":"K\u00ednai nyelvtan: A mandarin elsaj\u00e1t\u00edt\u00e1s\u00e1nak kulcsa \u00d6n ambici\u00f3zus nyelvtanul\u00f3, aki a mandarin elsaj\u00e1t\u00edt\u00e1s\u00e1t t\u0171zte ki c\u00e9lul? Ha igen, gratul\u00e1lunk! A k\u00ednai","og_url":"https:\/\/talkpal.ai\/hu\/kinai-nyelvtan\/","og_site_name":"Talkpal","article_publisher":"https:\/\/www.facebook.com\/profile.php?id=100090733639311","article_modified_time":"2025-06-17T16:40:04+00:00","og_image":[{"width":512,"height":512,"url":"https:\/\/talkpal.ai\/wp-content\/uploads\/2023\/04\/china.png","type":"image\/png"}],"twitter_card":"summary_large_image","twitter_site":"@talkpalai","twitter_misc":{"Becs\u00fclt olvas\u00e1si id\u0151":"4 perc"},"schema":{"@context":"https:\/\/schema.org","@graph":[{"@type":"WebPage","@id":"https:\/\/talkpal.ai\/hu\/kinai-nyelvtan\/","url":"https:\/\/talkpal.ai\/hu\/kinai-nyelvtan\/","name":"K\u00ednai nyelvtan - Talkpal","isPartOf":{"@id":"https:\/\/talkpal.ai\/hu\/#website"},"primaryImageOfPage":{"@id":"https:\/\/talkpal.ai\/hu\/kinai-nyelvtan\/#primaryimage"},"image":{"@id":"https:\/\/talkpal.ai\/hu\/kinai-nyelvtan\/#primaryimage"},"thumbnailUrl":"https:\/\/talkpal.ai\/wp-content\/uploads\/2023\/04\/china.png","datePublished":"2023-05-14T13:48:36+00:00","dateModified":"2025-06-17T16:40:04+00:00","description":"Fedezze fel a k\u00ednai nyelvtan titkait a k\u00ednai nyelv \u00e9s kult\u00fara jobb meg\u00e9rt\u00e9se \u00e9rdek\u00e9ben.","breadcrumb":{"@id":"https:\/\/talkpal.ai\/hu\/kinai-nyelvtan\/#breadcrumb"},"inLanguage":"hu","potentialAction":[{"@type":"ReadAction","target":["https:\/\/talkpal.ai\/hu\/kinai-nyelvtan\/"]}]},{"@type":"ImageObject","inLanguage":"hu","@id":"https:\/\/talkpal.ai\/hu\/kinai-nyelvtan\/#primaryimage","url":"https:\/\/talkpal.ai\/wp-content\/uploads\/2023\/04\/china.png","contentUrl":"https:\/\/talkpal.ai\/wp-content\/uploads\/2023\/04\/china.png","width":512,"height":512},{"@type":"BreadcrumbList","@id":"https:\/\/talkpal.ai\/hu\/kinai-nyelvtan\/#breadcrumb","itemListElement":[{"@type":"ListItem","position":1,"name":"Homepage","item":"https:\/\/talkpal.ai\/hu\/"},{"@type":"ListItem","position":2,"name":"K\u00ednai nyelvtan"}]},{"@type":"WebSite","@id":"https:\/\/talkpal.ai\/hu\/#website","url":"https:\/\/talkpal.ai\/hu\/","name":"Talkpal","description":"AI Language Learning","publisher":{"@id":"https:\/\/talkpal.ai\/hu\/#organization"},"alternateName":"Talkpal AI","potentialAction":[{"@type":"SearchAction","target":{"@type":"EntryPoint","urlTemplate":"https:\/\/talkpal.ai\/hu\/?s={search_term_string}"},"query-input":{"@type":"PropertyValueSpecification","valueRequired":true,"valueName":"search_term_string"}}],"inLanguage":"hu"},{"@type":"Organization","@id":"https:\/\/talkpal.ai\/hu\/#organization","name":"Talkpal, Inc.","alternateName":"Talkpal AI","url":"https:\/\/talkpal.ai\/hu\/","logo":{"@type":"ImageObject","inLanguage":"hu","@id":"https:\/\/talkpal.ai\/hu\/#\/schema\/logo\/image\/","url":"https:\/\/talkpal.ai\/wp-content\/uploads\/2024\/03\/Talkpal-Logo-Icon.png","contentUrl":"https:\/\/talkpal.ai\/wp-content\/uploads\/2024\/03\/Talkpal-Logo-Icon.png","width":2880,"height":2880,"caption":"Talkpal, Inc."},"image":{"@id":"https:\/\/talkpal.ai\/hu\/#\/schema\/logo\/image\/"},"sameAs":["https:\/\/www.facebook.com\/profile.php?id=100090733639311","https:\/\/x.com\/talkpalai","https:\/\/www.linkedin.com\/company\/talkpal\/","https:\/\/www.youtube.com\/@TalkPal\/","https:\/\/www.tiktok.com\/@talkpal","https:\/\/www.instagram.com\/talkpal_ai\/","https:\/\/www.crunchbase.com\/organization\/talkpal-9cde","https:\/\/www.g2.com\/products\/talkpal-for-business\/","https:\/\/www.trustpilot.com\/review\/talkpal.ai","https:\/\/www.capterra.com\/p\/10006800\/TalkPal\/"],"description":"Talkpal is a language learning web and mobile education app, powered by the latest AI technologies, that provides engaging experiences to its customers in many different languages to help them improve their language skills. Users can chat about unlimited amount of topics with the app and use other modes to practice their language learning.","email":"support@talkpal.ai","legalName":"Talkpal, Inc.","foundingDate":"2023-04-03","duns":"118989042","numberOfEmployees":{"@type":"QuantitativeValue","minValue":"11","maxValue":"50"},"publishingPrinciples":"https:\/\/talkpal.ai\/publishing-principles\/","actionableFeedbackPolicy":"https:\/\/talkpal.ai\/actionable-feedback-policy\/","correctionsPolicy":"https:\/\/talkpal.ai\/corrections-policy\/","ethicsPolicy":"https:\/\/talkpal.ai\/ethics-policy\/","diversityPolicy":"https:\/\/talkpal.ai\/diversity-policy\/","diversityStaffingReport":"https:\/\/talkpal.ai\/diversity-policy\/"}]}},"_links":{"self":[{"href":"https:\/\/talkpal.ai\/hu\/wp-json\/wp\/v2\/pages\/128279","targetHints":{"allow":["GET"]}}],"collection":[{"href":"https:\/\/talkpal.ai\/hu\/wp-json\/wp\/v2\/pages"}],"about":[{"href":"https:\/\/talkpal.ai\/hu\/wp-json\/wp\/v2\/types\/page"}],"author":[{"embeddable":true,"href":"https:\/\/talkpal.ai\/hu\/wp-json\/wp\/v2\/users\/1"}],"replies":[{"embeddable":true,"href":"https:\/\/talkpal.ai\/hu\/wp-json\/wp\/v2\/comments?post=128279"}],"version-history":[{"count":0,"href":"https:\/\/talkpal.ai\/hu\/wp-json\/wp\/v2\/pages\/128279\/revisions"}],"wp:featuredmedia":[{"embeddable":true,"href":"https:\/\/talkpal.ai\/hu\/wp-json\/wp\/v2\/media\/106051"}],"wp:attachment":[{"href":"https:\/\/talkpal.ai\/hu\/wp-json\/wp\/v2\/media?parent=128279"}],"curies":[{"name":"wp","href":"https:\/\/api.w.org\/{rel}","templated":true}]}}