{"id":127870,"date":"2023-05-14T13:43:38","date_gmt":"2023-05-14T13:43:38","guid":{"rendered":"http:\/\/talkpal.ai\/arab-nyelvtan\/"},"modified":"2025-05-21T11:48:47","modified_gmt":"2025-05-21T11:48:47","slug":"arab-nyelvtan","status":"publish","type":"page","link":"https:\/\/talkpal.ai\/hu\/arab-nyelvtan\/","title":{"rendered":"Arab nyelvtan"},"content":{"rendered":"\r\n\r\n\r\n<section class=\"languageChallengeSection\">\r\n    <div class=\"languageInfoWrapper\">\r\n        \r\n        <h1>Arab nyelvtan<\/h1>\r\n        <p>Fejlessze arab nyelvtani ismereteit az alapvet\u0151 nyelvtani fogalmak \u00e9s a vil\u00e1gos, l\u00e9p\u00e9sr\u0151l l\u00e9p\u00e9sre t\u00f6rt\u00e9n\u0151 magyar\u00e1zatok seg\u00edts\u00e9g\u00e9vel. Kezdje el most elsaj\u00e1t\u00edtani az arab nyelvtant, \u00e9s kommunik\u00e1ljon nagyobb foly\u00e9konys\u00e1ggal \u00e9s magabiztoss\u00e1ggal!<\/p>\r\n\r\n                            <a class=\"getStartedHidden\" href=\"https:\/\/app.talkpal.ai\/hu\/signup?lng=\">Kezdj\u00fck<\/a>\r\n        \r\n    <\/div>\r\n\r\n    <figure>\r\n    <img decoding=\"async\" width=\"768\" height=\"768\" src=\"https:\/\/talkpal.ai\/wp-content\/uploads\/2023\/06\/arabic-768x768.png\" class=\"languageImage no-lazy\" alt=\"Language learning for linguistic diversity\" fetchpriority=\"high\" sizes=\"(max-width: 768px) 150px, 768px\" srcset=\"https:\/\/talkpal.ai\/wp-content\/uploads\/2023\/06\/arabic-768x768.png 768w, https:\/\/talkpal.ai\/wp-content\/uploads\/2023\/06\/arabic-300x300.png 300w\" \/>\r\n    \r\n\r\n    <\/figure>\r\n\r\n            <a class=\"getStartedVisible\" href=\"https:\/\/app.talkpal.ai\/hu\/signup?lng=\">Kezdj\u00fck<\/a>\r\n    \r\n<\/section>\r\n<section class=\"promotionalBanner\">\r\n    <p class=\"promotionalText\">A nyelvtanul\u00e1s leghat\u00e9konyabb m\u00f3dja<\/p>\r\n    <a class=\"promotionalLink\" href=\"https:\/\/app.talkpal.ai\/hu\/signup?lng=\">Pr\u00f3b\u00e1lja ki a Talkpal ingyen<\/a>\r\n<\/section>\n<div class=\"wp-block-group pageContainerStyle\"><div class=\"wp-block-group__inner-container is-layout-constrained wp-block-group-is-layout-constrained\">\n<h2 class=\"wp-block-heading\" id=\"h-the-intricacies-of-arabic-grammar-a-journey-through-its-roots-and-beauty\">Az arab nyelvtan bonyolults\u00e1ga: utaz\u00e1s gy\u00f6kerein \u00e9s sz\u00e9ps\u00e9g\u00e9n kereszt\u00fcl<\/h2>\n\n\n\n<p><strong>Eml\u00e9kszel, amikor el\u0151sz\u00f6r kezdt\u00e9l angol nyelvtant tanulni?<\/strong>  A l\u00e1tsz\u00f3lag v\u00e9gtelen szab\u00e1lyok, kiv\u00e9telek \u00e9s terminol\u00f3gi\u00e1k id\u0151nk\u00e9nt t\u00falterheltnek \u00e9rezhett\u00e9k magukat. Ha az arab nyelv elsaj\u00e1t\u00edt\u00e1s\u00e1n gondolkodsz, akkor biztos lehetsz benne, hogy az arab nyelvnek is egyedi \u00e9s bonyolult nyelvtani rendszere <a href=\"https:\/\/talkpal.ai\/locations\/language-courses-in-van\/\">van<\/a>. Tegy\u00fcnk teh\u00e1t egy r\u00f6vid, de tanuls\u00e1gos utaz\u00e1st az <a href=\"https:\/\/talkpal.ai\/arabic-grammar\/\">arab nyelvtan<\/a> gy\u00f6kerei \u00e9s sz\u00e9ps\u00e9gei k\u00f6z\u00f6tt.<\/p>\n\n\n\n<p>Kezdj\u00fck azzal, hogy meg\u00e1llap\u00edtunk n\u00e9h\u00e1ny <strong>alapvet\u0151 k\u00fcl\u00f6nbs\u00e9get az arab \u00e9s az angol nyelvtan k\u00f6z\u00f6tt<\/strong>. Az arabban a szavak h\u00e1rom kateg\u00f3ri\u00e1ba sorolhat\u00f3k: f\u0151nevek, ig\u00e9k \u00e9s r\u00e9szecsk\u00e9k. Az angolt\u00f3l elt\u00e9r\u0151en az arab szavak gy\u00f6k\u00e9rrendszert k\u00f6vetnek, <a href=\"https:\/\/talkpal.ai\/locations\/language-courses-in-ami\/\">ami<\/a> azt jelenti, hogy nyomon k\u00f6vetheti a sz\u00f3 alapvet\u0151 jelent\u00e9s\u00e9t a gy\u00f6k\u00e9r azonos\u00edt\u00e1s\u00e1val. Ez a gy\u00f6k\u00e9rrendszer kiv\u00e9teles m\u00e9lys\u00e9get \u00e9s gazdags\u00e1got biztos\u00edt az arabnak. Az arab <a href=\"https:\/\/talkpal.ai\/grammar\/\">nyelvtan<\/a> hihetetlen tulajdons\u00e1ga, hogy mint\u00e1kra t\u00e1maszkodik, ami gyakran lehet\u0151v\u00e9 teszi a besz\u00e9l\u0151k sz\u00e1m\u00e1ra, hogy bizonyos strukt\u00far\u00e1k k\u00f6vet\u00e9s\u00e9vel \u00faj szavakat hozzanak l\u00e9tre.<\/p>\n\n\n\n<p>Az <strong>arab nyelvtan<\/strong> egy m\u00e1sik fontos aspektusa, <strong>hogy nemek szerinti nyelv<\/strong>, ami azt jelenti, hogy a f\u0151neveknek \u00e9s mell\u00e9kneveknek nemspecifikus form\u00e1i vannak. Tudtad, hogy az arabnak m\u00e9g kett\u0151s alakja is van az egyes \u00e9s t\u00f6bbes sz\u00e1m\u00fa form\u00e1k mellett? Ez igaz! Az arab kett\u0151s forma p\u00e1rok, p\u00e9ld\u00e1ul szemek, kezek vagy sz\u00fcl\u0151k jel\u00f6l\u00e9s\u00e9re szolg\u00e1l. Ez hozz\u00e1ad egy extra specifikuss\u00e1gi r\u00e9teget, amely hi\u00e1nyzik az <a href=\"https:\/\/talkpal.ai\/locations\/language-courses-in-angol\/\">angol<\/a> nyelvb\u0151l.<\/p>\n\n\n\n<p>Most pedig besz\u00e9lj\u00fcnk az <strong>arab igek\u00f6t\u0151kr\u0151l<\/strong>, ami \u00f6nmag\u00e1ban egy teljesen \u00faj vil\u00e1g. Az arab ig\u00e9k gy\u00f6k\u00e9rrendszeren alapulnak, amelyek \u00e1ltal\u00e1ban h\u00e1rom f\u0151 konon\u00e1nsb\u00f3l \u00e1llnak. A gy\u00f6k\u00e9r meghat\u00e1rozza az ige alapvet\u0151 jelent\u00e9s\u00e9t, \u00e9s mag\u00e1nhangz\u00f3-mint\u00e1k hozz\u00e1ad\u00e1s\u00e1val az ige k\u00fcl\u00f6nb\u00f6z\u0151 form\u00e1it hozza l\u00e9tre, amelyek k\u00fcl\u00f6nb\u00f6z\u0151 jelent\u00e9seket \u00e9s igeid\u0151t fejeznek ki. P\u00e9ld\u00e1ul a mag\u00e1nhangz\u00f3k megv\u00e1ltoztat\u00e1sa egy gy\u00f6kben megv\u00e1ltoztathatja az igeid\u0151t a m\u00faltb\u00f3l a jelenbe, vagy egy akt\u00edv ig\u00e9t passz\u00edvv\u00e1 v\u00e1ltoztathat. El\u00e9g elk\u00e9peszt\u0151, igaz?<\/p>\n\n\n\n<p>Az arab nyelvtan m\u00e9g egy leny\u0171g\u00f6z\u0151 aspektusa, amelyr\u0151l besz\u00e9ln\u00fcnk kell, a <strong>hat\u00e1rozotts\u00e1g<\/strong>. Az angolban a &#8222;the&#8221; sz\u00f3t haszn\u00e1ljuk, hogy jelezz\u00fck, hogy egy f\u0151n\u00e9v hat\u00e1rozott. Az arab nyelvben ez a fogalom egy &#8222;Al-&#8221; nev\u0171 kis r\u00e9szecsk\u00e9n kereszt\u00fcl \u00e9p\u00fcl be a nyelvbe, amely a sz\u00f3 elej\u00e9re ker\u00fcl. Ha egy f\u0151n\u00e9v el\u0151tt az &#8222;Al-&#8221; sz\u00f3 \u00e1ll, akkor minden tov\u00e1bbi meghat\u00e1roz\u00f3 n\u00e9lk\u00fcl hat\u00e1rozott\u00e1 v\u00e1lik. Teh\u00e1t ahelyett, hogy azt mondan\u00e1nk arabul, hogy &#8222;a h\u00e1z nagy&#8221;, azt mondan\u00e1nk, hogy &#8222;Al-baytu kabir&#8221;, ahol az &#8222;Al-baytu&#8221; azt jelenti, hogy &#8222;a h\u00e1z&#8221;.<\/p>\n\n\n\n<p><strong>A t\u00e1rsalg\u00e1si<\/strong> arab dinamikusabb \u00e9s foly\u00e9konyabb, mint a form\u00e1lis arab, mint b\u00e1rmely m\u00e1s nyelv eset\u00e9ben. Az arab nyelvtan alapelveinek elsaj\u00e1t\u00edt\u00e1sa azonban tov\u00e1bbra is elengedhetetlen a nyelv val\u00f3di meg\u00e9rt\u00e9s\u00e9hez \u00e9s \u00e9rt\u00e9kel\u00e9s\u00e9hez. Miut\u00e1n megismerte a gy\u00f6k\u00e9rmint\u00e1kat, a nemi form\u00e1kat \u00e9s az igeragoz\u00e1sokat, sokkal k\u00f6nnyebb lesz felismerni \u00e9s megtanulni az \u00faj szavakat.<\/p>\n\n\n\n<p>Az <strong>arab nyelvtan elsaj\u00e1t\u00edt\u00e1sa<\/strong> els\u0151re ijeszt\u0151nek t\u0171nhet, de kitart\u00e1ssal \u00e9s elk\u00f6telezetts\u00e9ggel k\u00e9pes leszel \u00e9rt\u00e9kelni ennek a bonyolult nyelvnek a sz\u00e9ps\u00e9g\u00e9t. Csak\u00fagy, mint egy \u00f6sszetett rejtv\u00e9ny megold\u00e1sa vagy egy titkos\u00edtott k\u00f3d megfejt\u00e9se, a jutalom az arab nyelv rejt\u00e9lyeinek felt\u00e1r\u00e1s\u00e1ban \u00e9s gazdag kult\u00far\u00e1j\u00e1ban, t\u00f6rt\u00e9nelm\u00e9ben \u00e9s irodalm\u00e1ban val\u00f3 elmer\u00fcl\u00e9sben rejlik. Sz\u00f3val, mire v\u00e1rsz? Mer\u00fclj\u00f6n el az arab nyelvtan var\u00e1zslatos vil\u00e1g\u00e1ban, \u00e9s fedezze fel val\u00f3di l\u00e9nyeg\u00e9t.<\/p>\n<\/div><\/div>\n\r\n<section class=\"learnNavigationSection\">\r\n            \r\n        <a href=\"https:\/\/talkpal.ai\/hu\/tanulj-arabul\/\">\r\n            <div class=\"learnNavigationWrapper\">\r\n                <div class=\"learnNavigationContent\">\r\n                    <img decoding=\"async\" src=\"https:\/\/talkpal.ai\/wp-content\/uploads\/2024\/08\/Arabic.jpg\" alt=\"Arabic Flag\">\r\n                    <div>\r\n                        <h4>Az arab nyelvtanul\u00e1sr\u00f3l<\/h4>\r\n                        <p>Tudjon meg mindent az arab nyelvtanr\u00f3l.<\/p>\r\n                    <\/div>\r\n                <\/div>\r\n            <\/div>\r\n        <\/a>\r\n\r\n        \r\n        <a href=\"https:\/\/talkpal.ai\/hu\/arab-nyelvtani-gyakorlatok\/\">\r\n            <div class=\"learnNavigationWrapper\">\r\n                <div class=\"learnNavigationContent\">\r\n                    <img decoding=\"async\" src=\"https:\/\/talkpal.ai\/wp-content\/uploads\/2024\/08\/Arabic.jpg\" alt=\"Arabic Flag\">\r\n                    <div>\r\n                        <h4>Arab nyelvtani gyakorlat<\/h4>\r\n                        <p>Gyakorolja az arab nyelvtant.<\/p>\r\n                    <\/div>\r\n                <\/div>\r\n            <\/div>\r\n        <\/a>\r\n\r\n        \r\n        <a href=\"https:\/\/talkpal.ai\/vocabulary_language\/arabic\/\">\r\n            <div class=\"learnNavigationWrapper\">\r\n                <div class=\"learnNavigationContent\">\r\n                    <img decoding=\"async\" src=\"https:\/\/talkpal.ai\/wp-content\/uploads\/2024\/08\/Arabic.jpg\" alt=\"Arabic Flag\">\r\n                    <div>\r\n                        <h4>Arab sz\u00f3kincs<\/h4>\r\n                        <p>B\u0151v\u00edtse arab sz\u00f3kincs\u00e9t.<\/p>\r\n                    <\/div>\r\n                <\/div>\r\n            <\/div>\r\n        <\/a>\r\n\r\n            <\/section>","protected":false},"excerpt":{"rendered":"<p>Az arab nyelvtan bonyolults\u00e1ga: utaz\u00e1s gy\u00f6kerein \u00e9s sz\u00e9ps\u00e9g\u00e9n kereszt\u00fcl Eml\u00e9kszel, amikor el\u0151sz\u00f6r kezdt\u00e9l angol nyelvtant tanulni? A l\u00e1tsz\u00f3lag v\u00e9gtelen szab\u00e1lyok, kiv\u00e9telek \u00e9s terminol\u00f3gi\u00e1k id\u0151nk\u00e9nt t\u00falterheltnek \u00e9rezhett\u00e9k magukat. Ha az arab nyelv elsaj\u00e1t\u00edt\u00e1s\u00e1n gondolkodsz, akkor biztos lehetsz benne, hogy az arab nyelvnek is egyedi \u00e9s bonyolult nyelvtani rendszere van. Tegy\u00fcnk teh\u00e1t egy r\u00f6vid, de tanuls\u00e1gos utaz\u00e1st [&hellip;]<\/p>\n","protected":false},"author":1,"featured_media":105841,"parent":0,"menu_order":0,"comment_status":"closed","ping_status":"closed","template":"LearningContentPage.php","meta":{"_acf_changed":false,"footnotes":""},"class_list":["post-127870","page","type-page","status-publish","has-post-thumbnail","hentry"],"acf":[],"yoast_head":"<!-- This site is optimized with the Yoast SEO Premium plugin v27.2 (Yoast SEO v27.2) - https:\/\/yoast.com\/product\/yoast-seo-premium-wordpress\/ -->\n<title>Arab nyelvtan - Talkpal<\/title>\n<meta name=\"description\" content=\"Fedezze fel az arab nyelvtan bonyolults\u00e1g\u00e1t, \u00e9s fedezze fel az angol nyelvtanhoz k\u00e9pest egyed\u00fcl\u00e1ll\u00f3 szerkezet\u00e9t.\" \/>\n<meta name=\"robots\" content=\"index, follow, max-snippet:-1, max-image-preview:large, max-video-preview:-1\" \/>\n<link rel=\"canonical\" href=\"https:\/\/talkpal.ai\/hu\/arab-nyelvtan\/\" \/>\n<meta property=\"og:locale\" content=\"hu_HU\" \/>\n<meta property=\"og:type\" content=\"article\" \/>\n<meta property=\"og:title\" content=\"Arab nyelvtan\" \/>\n<meta property=\"og:description\" content=\"Az arab nyelvtan bonyolults\u00e1ga: utaz\u00e1s gy\u00f6kerein \u00e9s sz\u00e9ps\u00e9g\u00e9n kereszt\u00fcl Eml\u00e9kszel, amikor el\u0151sz\u00f6r kezdt\u00e9l angol nyelvtant tanulni? A l\u00e1tsz\u00f3lag v\u00e9gtelen\" \/>\n<meta property=\"og:url\" content=\"https:\/\/talkpal.ai\/hu\/arab-nyelvtan\/\" \/>\n<meta property=\"og:site_name\" content=\"Talkpal\" \/>\n<meta property=\"article:publisher\" content=\"https:\/\/www.facebook.com\/profile.php?id=100090733639311\" \/>\n<meta property=\"article:modified_time\" content=\"2025-05-21T11:48:47+00:00\" \/>\n<meta property=\"og:image\" content=\"https:\/\/talkpal.ai\/wp-content\/uploads\/2023\/04\/arabic-united-arab-emirates.png\" \/>\n\t<meta property=\"og:image:width\" content=\"512\" \/>\n\t<meta property=\"og:image:height\" content=\"512\" \/>\n\t<meta property=\"og:image:type\" content=\"image\/png\" \/>\n<meta name=\"twitter:card\" content=\"summary_large_image\" \/>\n<meta name=\"twitter:site\" content=\"@talkpalai\" \/>\n<meta name=\"twitter:label1\" content=\"Becs\u00fclt olvas\u00e1si id\u0151\" \/>\n\t<meta name=\"twitter:data1\" content=\"4 perc\" \/>\n<script type=\"application\/ld+json\" class=\"yoast-schema-graph\">{\"@context\":\"https:\/\/schema.org\",\"@graph\":[{\"@type\":\"WebPage\",\"@id\":\"https:\/\/talkpal.ai\/hu\/arab-nyelvtan\/\",\"url\":\"https:\/\/talkpal.ai\/hu\/arab-nyelvtan\/\",\"name\":\"Arab nyelvtan - Talkpal\",\"isPartOf\":{\"@id\":\"https:\/\/talkpal.ai\/hu\/#website\"},\"primaryImageOfPage\":{\"@id\":\"https:\/\/talkpal.ai\/hu\/arab-nyelvtan\/#primaryimage\"},\"image\":{\"@id\":\"https:\/\/talkpal.ai\/hu\/arab-nyelvtan\/#primaryimage\"},\"thumbnailUrl\":\"https:\/\/talkpal.ai\/wp-content\/uploads\/2023\/04\/arabic-united-arab-emirates.png\",\"datePublished\":\"2023-05-14T13:43:38+00:00\",\"dateModified\":\"2025-05-21T11:48:47+00:00\",\"description\":\"Fedezze fel az arab nyelvtan bonyolults\u00e1g\u00e1t, \u00e9s fedezze fel az angol nyelvtanhoz k\u00e9pest egyed\u00fcl\u00e1ll\u00f3 szerkezet\u00e9t.\",\"breadcrumb\":{\"@id\":\"https:\/\/talkpal.ai\/hu\/arab-nyelvtan\/#breadcrumb\"},\"inLanguage\":\"hu\",\"potentialAction\":[{\"@type\":\"ReadAction\",\"target\":[\"https:\/\/talkpal.ai\/hu\/arab-nyelvtan\/\"]}]},{\"@type\":\"ImageObject\",\"inLanguage\":\"hu\",\"@id\":\"https:\/\/talkpal.ai\/hu\/arab-nyelvtan\/#primaryimage\",\"url\":\"https:\/\/talkpal.ai\/wp-content\/uploads\/2023\/04\/arabic-united-arab-emirates.png\",\"contentUrl\":\"https:\/\/talkpal.ai\/wp-content\/uploads\/2023\/04\/arabic-united-arab-emirates.png\",\"width\":512,\"height\":512},{\"@type\":\"BreadcrumbList\",\"@id\":\"https:\/\/talkpal.ai\/hu\/arab-nyelvtan\/#breadcrumb\",\"itemListElement\":[{\"@type\":\"ListItem\",\"position\":1,\"name\":\"Homepage\",\"item\":\"https:\/\/talkpal.ai\/hu\/\"},{\"@type\":\"ListItem\",\"position\":2,\"name\":\"Arab nyelvtan\"}]},{\"@type\":\"WebSite\",\"@id\":\"https:\/\/talkpal.ai\/hu\/#website\",\"url\":\"https:\/\/talkpal.ai\/hu\/\",\"name\":\"Talkpal\",\"description\":\"AI Language Learning\",\"publisher\":{\"@id\":\"https:\/\/talkpal.ai\/hu\/#organization\"},\"alternateName\":\"Talkpal AI\",\"potentialAction\":[{\"@type\":\"SearchAction\",\"target\":{\"@type\":\"EntryPoint\",\"urlTemplate\":\"https:\/\/talkpal.ai\/hu\/?s={search_term_string}\"},\"query-input\":{\"@type\":\"PropertyValueSpecification\",\"valueRequired\":true,\"valueName\":\"search_term_string\"}}],\"inLanguage\":\"hu\"},{\"@type\":\"Organization\",\"@id\":\"https:\/\/talkpal.ai\/hu\/#organization\",\"name\":\"Talkpal, Inc.\",\"alternateName\":\"Talkpal AI\",\"url\":\"https:\/\/talkpal.ai\/hu\/\",\"logo\":{\"@type\":\"ImageObject\",\"inLanguage\":\"hu\",\"@id\":\"https:\/\/talkpal.ai\/hu\/#\/schema\/logo\/image\/\",\"url\":\"https:\/\/talkpal.ai\/wp-content\/uploads\/2024\/03\/Talkpal-Logo-Icon.png\",\"contentUrl\":\"https:\/\/talkpal.ai\/wp-content\/uploads\/2024\/03\/Talkpal-Logo-Icon.png\",\"width\":2880,\"height\":2880,\"caption\":\"Talkpal, Inc.\"},\"image\":{\"@id\":\"https:\/\/talkpal.ai\/hu\/#\/schema\/logo\/image\/\"},\"sameAs\":[\"https:\/\/www.facebook.com\/profile.php?id=100090733639311\",\"https:\/\/x.com\/talkpalai\",\"https:\/\/www.linkedin.com\/company\/talkpal\/\",\"https:\/\/www.youtube.com\/@TalkPal\/\",\"https:\/\/www.tiktok.com\/@talkpal\",\"https:\/\/www.instagram.com\/talkpal_ai\/\",\"https:\/\/www.crunchbase.com\/organization\/talkpal-9cde\",\"https:\/\/www.g2.com\/products\/talkpal-for-business\/\",\"https:\/\/www.trustpilot.com\/review\/talkpal.ai\",\"https:\/\/www.capterra.com\/p\/10006800\/TalkPal\/\"],\"description\":\"Talkpal is a language learning web and mobile education app, powered by the latest AI technologies, that provides engaging experiences to its customers in many different languages to help them improve their language skills. Users can chat about unlimited amount of topics with the app and use other modes to practice their language learning.\",\"email\":\"support@talkpal.ai\",\"legalName\":\"Talkpal, Inc.\",\"foundingDate\":\"2023-04-03\",\"duns\":\"118989042\",\"numberOfEmployees\":{\"@type\":\"QuantitativeValue\",\"minValue\":\"11\",\"maxValue\":\"50\"},\"publishingPrinciples\":\"https:\/\/talkpal.ai\/publishing-principles\/\",\"actionableFeedbackPolicy\":\"https:\/\/talkpal.ai\/actionable-feedback-policy\/\",\"correctionsPolicy\":\"https:\/\/talkpal.ai\/corrections-policy\/\",\"ethicsPolicy\":\"https:\/\/talkpal.ai\/ethics-policy\/\",\"diversityPolicy\":\"https:\/\/talkpal.ai\/diversity-policy\/\",\"diversityStaffingReport\":\"https:\/\/talkpal.ai\/diversity-policy\/\"}]}<\/script>\n<!-- \/ Yoast SEO Premium plugin. -->","yoast_head_json":{"title":"Arab nyelvtan - Talkpal","description":"Fedezze fel az arab nyelvtan bonyolults\u00e1g\u00e1t, \u00e9s fedezze fel az angol nyelvtanhoz k\u00e9pest egyed\u00fcl\u00e1ll\u00f3 szerkezet\u00e9t.","robots":{"index":"index","follow":"follow","max-snippet":"max-snippet:-1","max-image-preview":"max-image-preview:large","max-video-preview":"max-video-preview:-1"},"canonical":"https:\/\/talkpal.ai\/hu\/arab-nyelvtan\/","og_locale":"hu_HU","og_type":"article","og_title":"Arab nyelvtan","og_description":"Az arab nyelvtan bonyolults\u00e1ga: utaz\u00e1s gy\u00f6kerein \u00e9s sz\u00e9ps\u00e9g\u00e9n kereszt\u00fcl Eml\u00e9kszel, amikor el\u0151sz\u00f6r kezdt\u00e9l angol nyelvtant tanulni? A l\u00e1tsz\u00f3lag v\u00e9gtelen","og_url":"https:\/\/talkpal.ai\/hu\/arab-nyelvtan\/","og_site_name":"Talkpal","article_publisher":"https:\/\/www.facebook.com\/profile.php?id=100090733639311","article_modified_time":"2025-05-21T11:48:47+00:00","og_image":[{"width":512,"height":512,"url":"https:\/\/talkpal.ai\/wp-content\/uploads\/2023\/04\/arabic-united-arab-emirates.png","type":"image\/png"}],"twitter_card":"summary_large_image","twitter_site":"@talkpalai","twitter_misc":{"Becs\u00fclt olvas\u00e1si id\u0151":"4 perc"},"schema":{"@context":"https:\/\/schema.org","@graph":[{"@type":"WebPage","@id":"https:\/\/talkpal.ai\/hu\/arab-nyelvtan\/","url":"https:\/\/talkpal.ai\/hu\/arab-nyelvtan\/","name":"Arab nyelvtan - Talkpal","isPartOf":{"@id":"https:\/\/talkpal.ai\/hu\/#website"},"primaryImageOfPage":{"@id":"https:\/\/talkpal.ai\/hu\/arab-nyelvtan\/#primaryimage"},"image":{"@id":"https:\/\/talkpal.ai\/hu\/arab-nyelvtan\/#primaryimage"},"thumbnailUrl":"https:\/\/talkpal.ai\/wp-content\/uploads\/2023\/04\/arabic-united-arab-emirates.png","datePublished":"2023-05-14T13:43:38+00:00","dateModified":"2025-05-21T11:48:47+00:00","description":"Fedezze fel az arab nyelvtan bonyolults\u00e1g\u00e1t, \u00e9s fedezze fel az angol nyelvtanhoz k\u00e9pest egyed\u00fcl\u00e1ll\u00f3 szerkezet\u00e9t.","breadcrumb":{"@id":"https:\/\/talkpal.ai\/hu\/arab-nyelvtan\/#breadcrumb"},"inLanguage":"hu","potentialAction":[{"@type":"ReadAction","target":["https:\/\/talkpal.ai\/hu\/arab-nyelvtan\/"]}]},{"@type":"ImageObject","inLanguage":"hu","@id":"https:\/\/talkpal.ai\/hu\/arab-nyelvtan\/#primaryimage","url":"https:\/\/talkpal.ai\/wp-content\/uploads\/2023\/04\/arabic-united-arab-emirates.png","contentUrl":"https:\/\/talkpal.ai\/wp-content\/uploads\/2023\/04\/arabic-united-arab-emirates.png","width":512,"height":512},{"@type":"BreadcrumbList","@id":"https:\/\/talkpal.ai\/hu\/arab-nyelvtan\/#breadcrumb","itemListElement":[{"@type":"ListItem","position":1,"name":"Homepage","item":"https:\/\/talkpal.ai\/hu\/"},{"@type":"ListItem","position":2,"name":"Arab nyelvtan"}]},{"@type":"WebSite","@id":"https:\/\/talkpal.ai\/hu\/#website","url":"https:\/\/talkpal.ai\/hu\/","name":"Talkpal","description":"AI Language Learning","publisher":{"@id":"https:\/\/talkpal.ai\/hu\/#organization"},"alternateName":"Talkpal AI","potentialAction":[{"@type":"SearchAction","target":{"@type":"EntryPoint","urlTemplate":"https:\/\/talkpal.ai\/hu\/?s={search_term_string}"},"query-input":{"@type":"PropertyValueSpecification","valueRequired":true,"valueName":"search_term_string"}}],"inLanguage":"hu"},{"@type":"Organization","@id":"https:\/\/talkpal.ai\/hu\/#organization","name":"Talkpal, Inc.","alternateName":"Talkpal AI","url":"https:\/\/talkpal.ai\/hu\/","logo":{"@type":"ImageObject","inLanguage":"hu","@id":"https:\/\/talkpal.ai\/hu\/#\/schema\/logo\/image\/","url":"https:\/\/talkpal.ai\/wp-content\/uploads\/2024\/03\/Talkpal-Logo-Icon.png","contentUrl":"https:\/\/talkpal.ai\/wp-content\/uploads\/2024\/03\/Talkpal-Logo-Icon.png","width":2880,"height":2880,"caption":"Talkpal, Inc."},"image":{"@id":"https:\/\/talkpal.ai\/hu\/#\/schema\/logo\/image\/"},"sameAs":["https:\/\/www.facebook.com\/profile.php?id=100090733639311","https:\/\/x.com\/talkpalai","https:\/\/www.linkedin.com\/company\/talkpal\/","https:\/\/www.youtube.com\/@TalkPal\/","https:\/\/www.tiktok.com\/@talkpal","https:\/\/www.instagram.com\/talkpal_ai\/","https:\/\/www.crunchbase.com\/organization\/talkpal-9cde","https:\/\/www.g2.com\/products\/talkpal-for-business\/","https:\/\/www.trustpilot.com\/review\/talkpal.ai","https:\/\/www.capterra.com\/p\/10006800\/TalkPal\/"],"description":"Talkpal is a language learning web and mobile education app, powered by the latest AI technologies, that provides engaging experiences to its customers in many different languages to help them improve their language skills. Users can chat about unlimited amount of topics with the app and use other modes to practice their language learning.","email":"support@talkpal.ai","legalName":"Talkpal, Inc.","foundingDate":"2023-04-03","duns":"118989042","numberOfEmployees":{"@type":"QuantitativeValue","minValue":"11","maxValue":"50"},"publishingPrinciples":"https:\/\/talkpal.ai\/publishing-principles\/","actionableFeedbackPolicy":"https:\/\/talkpal.ai\/actionable-feedback-policy\/","correctionsPolicy":"https:\/\/talkpal.ai\/corrections-policy\/","ethicsPolicy":"https:\/\/talkpal.ai\/ethics-policy\/","diversityPolicy":"https:\/\/talkpal.ai\/diversity-policy\/","diversityStaffingReport":"https:\/\/talkpal.ai\/diversity-policy\/"}]}},"_links":{"self":[{"href":"https:\/\/talkpal.ai\/hu\/wp-json\/wp\/v2\/pages\/127870","targetHints":{"allow":["GET"]}}],"collection":[{"href":"https:\/\/talkpal.ai\/hu\/wp-json\/wp\/v2\/pages"}],"about":[{"href":"https:\/\/talkpal.ai\/hu\/wp-json\/wp\/v2\/types\/page"}],"author":[{"embeddable":true,"href":"https:\/\/talkpal.ai\/hu\/wp-json\/wp\/v2\/users\/1"}],"replies":[{"embeddable":true,"href":"https:\/\/talkpal.ai\/hu\/wp-json\/wp\/v2\/comments?post=127870"}],"version-history":[{"count":0,"href":"https:\/\/talkpal.ai\/hu\/wp-json\/wp\/v2\/pages\/127870\/revisions"}],"wp:featuredmedia":[{"embeddable":true,"href":"https:\/\/talkpal.ai\/hu\/wp-json\/wp\/v2\/media\/105841"}],"wp:attachment":[{"href":"https:\/\/talkpal.ai\/hu\/wp-json\/wp\/v2\/media?parent=127870"}],"curies":[{"name":"wp","href":"https:\/\/api.w.org\/{rel}","templated":true}]}}