{"id":126793,"date":"2023-03-26T12:27:22","date_gmt":"2023-03-26T12:27:22","guid":{"rendered":"http:\/\/talkpal.ai\/olasz-nyelvtan\/"},"modified":"2025-05-22T18:44:09","modified_gmt":"2025-05-22T18:44:09","slug":"olasz-nyelvtan","status":"publish","type":"page","link":"https:\/\/talkpal.ai\/hu\/olasz-nyelvtan\/","title":{"rendered":"Olasz nyelvtan"},"content":{"rendered":"\r\n\r\n\r\n<section class=\"languageChallengeSection\">\r\n    <div class=\"languageInfoWrapper\">\r\n        \r\n        <h1>Olasz nyelvtan<\/h1>\r\n        <p>Fedezze fel az <a href=\"https:\/\/talkpal.ai\/learn-italian\/\">olasz<\/a> nyelv alapjait az alapvet\u0151 nyelvtani szab\u00e1lyok elsaj\u00e1t\u00edt\u00e1s\u00e1val. Az <a href=\"https:\/\/talkpal.ai\/hu\/grammar\/reszvetel-az-olasz-nyelvtanban\/\">olasz nyelvtan<\/a> elsaj\u00e1t\u00edt\u00e1sa seg\u00edt magabiztosan kifejezni mag\u00e1t, \u00e9s m\u00e9lyebb kapcsolatba ker\u00fclni Olaszorsz\u00e1g gazdag kult\u00far\u00e1j\u00e1val. Kezdje el az olasz <a href=\"https:\/\/talkpal.ai\/grammar\/\">nyelvtan<\/a> tanul\u00e1s\u00e1t m\u00e9g ma, \u00e9s tegye meg az els\u0151 l\u00e9p\u00e9st a foly\u00e9kony nyelvtud\u00e1s fel\u00e9!<\/p>\r\n\r\n                            <a class=\"getStartedHidden\" href=\"https:\/\/app.talkpal.ai\/hu\/signup?lng=\">Kezdj\u00fck<\/a>\r\n        \r\n    <\/div>\r\n\r\n    <figure>\r\n    <img decoding=\"async\" width=\"768\" height=\"768\" src=\"https:\/\/talkpal.ai\/wp-content\/uploads\/2023\/06\/italian-768x768.png\" class=\"languageImage no-lazy\" alt=\"Language learning for increased memory capacity\" fetchpriority=\"high\" sizes=\"(max-width: 768px) 150px, 768px\" srcset=\"https:\/\/talkpal.ai\/wp-content\/uploads\/2023\/06\/italian-768x768.png 768w, https:\/\/talkpal.ai\/wp-content\/uploads\/2023\/06\/italian-300x300.png 300w\" \/>\r\n    \r\n\r\n    <\/figure>\r\n\r\n            <a class=\"getStartedVisible\" href=\"https:\/\/app.talkpal.ai\/hu\/signup?lng=\">Kezdj\u00fck<\/a>\r\n    \r\n<\/section>\r\n        <section class=\"grammarSection\">\r\n            <div class=\"grammarLinks\">\r\n                <a href=\"https:\/\/talkpal.ai\/hu\/language\/eloljaroszok-olasz-nyelvtan\/\">El\u00f6lj\u00e1r\u00f3sz\u00f3k <\/a><a href=\"https:\/\/talkpal.ai\/hu\/language\/fonevek-olasz-nyelvtan\/\">F\u0151nevek <\/a><a href=\"https:\/\/talkpal.ai\/hu\/language\/hatarozoszavak-olasz-nyelvtan\/\">Hat\u00e1roz\u00f3szavak <\/a><a href=\"https:\/\/talkpal.ai\/hu\/language\/igek-olasz-nyelvtan\/\">Ig\u00e9k <\/a><a href=\"https:\/\/talkpal.ai\/hu\/language\/kotoszavak-olasz-nyelvtan\/\">K\u00f6t\u0151szavak <\/a><a href=\"https:\/\/talkpal.ai\/hu\/language\/melleknevek-olasz-nyelvtan\/\">Mell\u00e9knevek <\/a><a href=\"https:\/\/talkpal.ai\/hu\/language\/nevmasok-olasz-nyelvtan\/\">N\u00e9vm\u00e1sok <\/a><a href=\"https:\/\/talkpal.ai\/hu\/language\/szintaxis-es-mondatszerkezet-olasz-nyelvtan\/\">Szintaxis \u00e9s mondatszerkezet <\/a><a href=\"https:\/\/talkpal.ai\/hu\/language\/tagadas-es-kihallgatas-olasz-nyelvtan\/\">Tagad\u00e1s \u00e9s kihallgat\u00e1s <\/a>            <\/div>\r\n        <\/section>\r\n    <section class=\"promotionalBanner\">\r\n    <p class=\"promotionalText\">A nyelvtanul\u00e1s leghat\u00e9konyabb m\u00f3dja<\/p>\r\n    <a class=\"promotionalLink\" href=\"https:\/\/app.talkpal.ai\/hu\/signup?lng=\">Pr\u00f3b\u00e1lja ki a Talkpal ingyen<\/a>\r\n<\/section>\n<div class=\"wp-block-group pageContainerStyle\"><div class=\"wp-block-group__inner-container is-layout-constrained wp-block-group-is-layout-constrained\">\n<h2 class=\"wp-block-heading\" id=\"h-mastering-the-art-of-italian-grammar-your-ultimate-guide\">Az olasz nyelvtan m\u0171v\u00e9szet\u00e9nek elsaj\u00e1t\u00edt\u00e1sa: A v\u00e9gs\u0151 \u00fatmutat\u00f3<\/h2>\n\n\n\n<p>Ciao, nyelvbar\u00e1tok! K\u00e9szen \u00e1llsz arra, hogy fejest ugorj az olasz nyelvtan vil\u00e1g\u00e1ba? A legjobb helyre j\u00f6tt\u00e9l. Ez a cikk tele <a href=\"https:\/\/talkpal.ai\/locations\/language-courses-in-van\/\">van<\/a> k\u00f6nnyen em\u00e9szthet\u0151 \u00e9s t\u00e1rsalg\u00e1si hangv\u00e9tel\u0171 inform\u00e1ci\u00f3kkal, \u00e9s v\u00e9gigvezeti \u00d6nt az olasz nyelvtan leny\u0171g\u00f6z\u0151 (\u00e9s n\u00e9ha bonyolult) vil\u00e1g\u00e1n, hogy magabiztosan tudjon mondatokat alkotni \u00e9s \u00e9rtelmes besz\u00e9lget\u00e9seket folytatni az anyanyelvi besz\u00e9l\u0151kkel. Sz\u00f3val, csatolj\u00e1tok be magatokat, \u00e9s kezdj\u00fcnk neki!<\/p>\n\n\n\n<h3 class=\"wp-block-heading\" id=\"h-but-first-why-italian-grammar\">De el\u0151sz\u00f6r is, mi\u00e9rt olasz nyelvtan?<\/h3>\n\n\n\n<p>Ha olaszul tanulsz, a nyelvtani alapismeretek elengedhetetlenek ahhoz, hogy foly\u00e9konyan tudj besz\u00e9lni, olvasni \u00e9s \u00edrni. Az olasz nyelvtan els\u0151re bonyolultnak t\u0171nhet, de viszonylag egyszer\u0171, ha kisebb, k\u00f6nnyebben kezelhet\u0151 darabokra bontjuk. Kezdj\u00fck teh\u00e1t az olasz nyelvtan elsaj\u00e1t\u00edt\u00e1s\u00e1hoz vezet\u0151 utat!<\/p>\n\n\n\n<h3 class=\"wp-block-heading\" id=\"h-1-nouns-articles-and-gender\">1. F\u0151nevek, cikkek \u00e9s nemek<\/h3>\n\n\n\n<p>Az olasz f\u0151neveknek k\u00e9t neme van: h\u00edmnem\u0171 \u00e9s n\u0151nem\u0171. Az angollal ellent\u00e9tben, ahol a f\u0151n\u00e9v neme l\u00e9nyegtelen, az olaszban a megfelel\u0151 mondatszerkeszt\u00e9shez sz\u00fcks\u00e9ges a helyes nem. Ki tudod tal\u00e1lni az olyan f\u0151nevek nem\u00e9t, mint a &#8222;tavolo&#8221; (asztal) vagy a &#8222;casa&#8221; (h\u00e1z)? Ha a &#8222;tavolo&#8221;-t h\u00edmnem\u0171re, a &#8222;casa&#8221;-t pedig n\u0151nem\u0171re tippelted, brav\u00f3!<\/p>\n\n\n\n<p>Az olasz nyelvben a f\u0151nevek \u00e1ltal\u00e1ban &#8222;-o&#8221;-ra v\u00e9gz\u0151dnek, ha h\u00edmnem\u0171ek, \u00e9s &#8222;-a&#8221;-ra, ha n\u0151nem\u0171ek. Vannak kiv\u00e9telek &#8211; egyes szavak &#8222;-e&#8221;-re v\u00e9gz\u0151dnek, \u00e9s mindk\u00e9t nem\u0171ek lehetnek -, de most tartsuk szem el\u0151tt ezt az alapelvet.<\/p>\n\n\n\n<p>Most pedig besz\u00e9lj\u00fcnk a cikkekr\u0151l. Az angolhoz hasonl\u00f3an a f\u0151nevek el\u0151tt is sz\u00fcks\u00e9g van cikkekre. Az olaszban vannak hat\u00e1rozott (il, lo, la, i, gli, le) \u00e9s hat\u00e1rozatlan (un, uno, una) cikkek.<\/p>\n\n\n\n<p>Hogyan v\u00e1lasszuk ki, hogy melyik hat\u00e1rozott n\u00e9vel\u0151t haszn\u00e1ljuk?<\/p>\n\n\n\n<p>&#8211; &#8222;il&#8221; \u00e9s &#8222;i&#8221; a m\u00e1ssalhangz\u00f3val kezd\u0151d\u0151 h\u00edmnem\u0171 f\u0151nevek eset\u00e9ben, pl. il libro (a k\u00f6nyv), i libri (a k\u00f6nyvek).<br\/>&#8211; &#8222;lo&#8221; \u00e9s &#8222;gli&#8221; olyan h\u00edmnem\u0171 f\u0151nevek eset\u00e9ben, amelyek &#8222;s&#8221;-sel kezd\u0151dnek, amelyet m\u00e1ssalhangz\u00f3, mag\u00e1nhangz\u00f3 (kiv\u00e9ve &#8222;u&#8221;) vagy &#8222;z&#8221; k\u00f6vet, pl. lo <a href=\"https:\/\/talkpal.ai\/talkpal-discount-for-students\/\">studente<\/a> (a di\u00e1k), gli <a href=\"https:\/\/talkpal.ai\/talkpal-discount-for-students\/\">studenti<\/a> (a di\u00e1kok).<br\/>&#8211; &#8222;la&#8221; \u00e9s &#8222;le&#8221; a n\u0151nem\u0171 f\u0151nevek eset\u00e9ben, pl. la casa (a h\u00e1z), le case (a h\u00e1zak).<\/p>\n\n\n\n<h3 class=\"wp-block-heading\" id=\"h-2-adjectives-and-agreement\">2. Mell\u00e9knevek \u00e9s meg\u00e1llapod\u00e1s<\/h3>\n\n\n\n<p>Az olasz nyelvben a mell\u00e9kneveknek nemben \u00e9s sz\u00e1mban meg kell egyezni\u00fck az \u00e1ltaluk m\u00f3dos\u00edtott f\u0151n\u00e9vvel. P\u00e9ld\u00e1ul egy finom pizza le\u00edr\u00e1s\u00e1ra azt mondan\u00e1d, hogy &#8222;una pizza deliziosa&#8221;, \u00e9s nem azt, hogy &#8222;delizioso&#8221;. Ne feledje, hogy az olaszban a mell\u00e9kn\u00e9v \u00e1ltal\u00e1ban a f\u0151n\u00e9v ut\u00e1n k\u00f6vetkezik.<\/p>\n\n\n\n<h3 class=\"wp-block-heading\" id=\"h-3-verbs-tense-and-conjugation\">3. Ig\u00e9k, igeid\u0151 \u00e9s ragoz\u00e1s<\/h3>\n\n\n\n<p>Az olasz ig\u00e9k a nyelvtan egyik legfontosabb r\u00e9sz\u00e9t k\u00e9pezik. H\u00e1rom igekateg\u00f3ria van (-are, -ere \u00e9s -ire) \u00e9s rengeteg szab\u00e1lytalan ige, \u00edgy nem lesz k\u00f6nny\u0171 dolgunk! Gyors \u00e1ttekint\u00e9sk\u00e9nt n\u00e9zz\u00fck meg a rendszeres ig\u00e9k jelen idej\u00e9t.<\/p>\n\n\n\n<p>&#8211; &#8222;-are&#8221; ig\u00e9k: pl. parlare (besz\u00e9lni): io parlo, tu parli, lui\/lei parla, noi parliamo, voi parlate, loro parlano.<br\/>&#8211; &#8222;-ere&#8221; ig\u00e9k: pl. leggere (olvasni): io leggo, tu leggi, lui\/lei legge, noi leggiamo, voi leggete, loro leggono.<br\/>&#8211; &#8222;-ire&#8221; ig\u00e9k: pl. finire (befejezni): io finisco, tu finisci, lui\/lei finisce, noi finiamo, voi finite, loro finiscono.<\/p>\n\n\n\n<p>Ne feledje, ez csak a j\u00e9ghegy cs\u00facsa! Sok m\u00e1s igeid\u0151t \u00e9s rendhagy\u00f3 ig\u00e9t is meg kell tanulnunk, de minden utaz\u00e1s egyetlen l\u00e9p\u00e9ssel kezd\u0151dik.<\/p>\n\n\n\n<h3 class=\"wp-block-heading\" id=\"h-4-prepositions-pronouns-and-more\">4. El\u00f6lj\u00e1r\u00f3sz\u00f3k, n\u00e9vm\u00e1sok \u00e9s m\u00e9g sok m\u00e1s!<\/h3>\n\n\n\n<p>Az olasz nyelvtan sz\u00e1mos m\u00e1s \u00f6sszetev\u0151vel is rendelkezik, mint p\u00e9ld\u00e1ul a prepoz\u00edci\u00f3k (di, a, da, in, su, stb.), n\u00e9vm\u00e1sok (io, tu, lui\/lei, stb.), reflex\u00edv ig\u00e9k \u00e9s idiomatikus kifejez\u00e9sek. Minden egyes komponens kulcsfontoss\u00e1g\u00fa a foly\u00e9kony nyelvtud\u00e1s felold\u00e1s\u00e1hoz, ez\u00e9rt l\u00e9p\u00e9sr\u0151l l\u00e9p\u00e9sre haladjon el\u0151re.<\/p>\n\n\n\n<p>\u00d6sszefoglalva, az olasz nyelvtan elsaj\u00e1t\u00edt\u00e1s\u00e1hoz nincs r\u00f6vid\u00edtett \u00fat. Kitart\u00e1st, gyakorlatot \u00e9s t\u00fcrelmet ig\u00e9nyel. De ha egyszer beletanulsz, megtapasztalhatod az olasz nyelv\u0171 t\u00e1rsalg\u00e1s sz\u00e9ps\u00e9g\u00e9t, felfedezheted a gazdag kult\u00far\u00e1t \u00e9s t\u00f6rt\u00e9nelmet, \u00e9s elm\u00e9ly\u00edtheted a nyelv ir\u00e1nti megbecs\u00fcl\u00e9sedet. Buona fortuna!<\/p>\n<\/div><\/div>\n\r\n<section class=\"learnNavigationSection\">\r\n            \r\n        <a href=\"https:\/\/talkpal.ai\/hu\/olaszul-tanulni\/\">\r\n            <div class=\"learnNavigationWrapper\">\r\n                <div class=\"learnNavigationContent\">\r\n                    <img decoding=\"async\" src=\"https:\/\/talkpal.ai\/wp-content\/uploads\/2024\/08\/Italian.jpg\" alt=\"Italian Flag\">\r\n                    <div>\r\n                        <h4>Az olasz nyelvtanul\u00e1sr\u00f3l<\/h4>\r\n                        <p>Tudjon meg mindent az olasz nyelvtanr\u00f3l.<\/p>\r\n                    <\/div>\r\n                <\/div>\r\n            <\/div>\r\n        <\/a>\r\n\r\n        \r\n        <a href=\"https:\/\/talkpal.ai\/hu\/olasz-nyelvtani-gyakorlatok\/\">\r\n            <div class=\"learnNavigationWrapper\">\r\n                <div class=\"learnNavigationContent\">\r\n                    <img decoding=\"async\" src=\"https:\/\/talkpal.ai\/wp-content\/uploads\/2024\/08\/Italian.jpg\" alt=\"Italian Flag\">\r\n                    <div>\r\n                        <h4>Olasz nyelvtani gyakorlat<\/h4>\r\n                        <p>Gyakorolja az olasz nyelvtant.<\/p>\r\n                    <\/div>\r\n                <\/div>\r\n            <\/div>\r\n        <\/a>\r\n\r\n        \r\n        <a href=\"https:\/\/talkpal.ai\/vocabulary_language\/italian\/\">\r\n            <div class=\"learnNavigationWrapper\">\r\n                <div class=\"learnNavigationContent\">\r\n                    <img decoding=\"async\" src=\"https:\/\/talkpal.ai\/wp-content\/uploads\/2024\/08\/Italian.jpg\" alt=\"Italian Flag\">\r\n                    <div>\r\n                        <h4>Olasz sz\u00f3kincs<\/h4>\r\n                        <p>B\u0151v\u00edtse olasz sz\u00f3kincs\u00e9t.<\/p>\r\n                    <\/div>\r\n                <\/div>\r\n            <\/div>\r\n        <\/a>\r\n\r\n            <\/section>","protected":false},"excerpt":{"rendered":"<p>Az olasz nyelvtan m\u0171v\u00e9szet\u00e9nek elsaj\u00e1t\u00edt\u00e1sa: A v\u00e9gs\u0151 \u00fatmutat\u00f3 Ciao, nyelvbar\u00e1tok! K\u00e9szen \u00e1llsz arra, hogy fejest ugorj az olasz nyelvtan vil\u00e1g\u00e1ba? A legjobb helyre j\u00f6tt\u00e9l. Ez a cikk tele van k\u00f6nnyen em\u00e9szthet\u0151 \u00e9s t\u00e1rsalg\u00e1si hangv\u00e9tel\u0171 inform\u00e1ci\u00f3kkal, \u00e9s v\u00e9gigvezeti \u00d6nt az olasz nyelvtan leny\u0171g\u00f6z\u0151 (\u00e9s n\u00e9ha bonyolult) vil\u00e1g\u00e1n, hogy magabiztosan tudjon mondatokat alkotni \u00e9s \u00e9rtelmes besz\u00e9lget\u00e9seket folytatni [&hellip;]<\/p>\n","protected":false},"author":1,"featured_media":76181,"parent":0,"menu_order":0,"comment_status":"closed","ping_status":"closed","template":"LearningContentPage.php","meta":{"_acf_changed":false,"footnotes":""},"class_list":["post-126793","page","type-page","status-publish","has-post-thumbnail","hentry"],"acf":[],"yoast_head":"<!-- This site is optimized with the Yoast SEO Premium plugin v27.2 (Yoast SEO v27.2) - https:\/\/yoast.com\/product\/yoast-seo-premium-wordpress\/ -->\n<title>Olasz nyelvtan - Talkpal<\/title>\n<meta name=\"description\" content=\"Tanuljon olasz nyelvtant k\u00f6nnyed\u00e9n - gyakoroljon tiszt\u00e1n, \u00e9rtse meg a szab\u00e1lyokat \u00e9s besz\u00e9ljen jobban az egyszer\u0171 \u00fatmutat\u00e1ssal a Talkpal AI.\" \/>\n<meta name=\"robots\" content=\"index, follow, max-snippet:-1, max-image-preview:large, max-video-preview:-1\" \/>\n<link rel=\"canonical\" href=\"https:\/\/talkpal.ai\/hu\/olasz-nyelvtan\/\" \/>\n<meta property=\"og:locale\" content=\"hu_HU\" \/>\n<meta property=\"og:type\" content=\"article\" \/>\n<meta property=\"og:title\" content=\"Olasz nyelvtan\" \/>\n<meta property=\"og:description\" content=\"Az olasz nyelvtan m\u0171v\u00e9szet\u00e9nek elsaj\u00e1t\u00edt\u00e1sa: A v\u00e9gs\u0151 \u00fatmutat\u00f3 Ciao, nyelvbar\u00e1tok! K\u00e9szen \u00e1llsz arra, hogy fejest ugorj az olasz nyelvtan vil\u00e1g\u00e1ba? A\" \/>\n<meta property=\"og:url\" content=\"https:\/\/talkpal.ai\/hu\/olasz-nyelvtan\/\" \/>\n<meta property=\"og:site_name\" content=\"Talkpal\" \/>\n<meta property=\"article:publisher\" content=\"https:\/\/www.facebook.com\/profile.php?id=100090733639311\" \/>\n<meta property=\"article:modified_time\" content=\"2025-05-22T18:44:09+00:00\" \/>\n<meta property=\"og:image\" content=\"https:\/\/talkpal.ai\/wp-content\/uploads\/2023\/03\/italy.png\" \/>\n\t<meta property=\"og:image:width\" content=\"512\" \/>\n\t<meta property=\"og:image:height\" content=\"512\" \/>\n\t<meta property=\"og:image:type\" content=\"image\/png\" \/>\n<meta name=\"twitter:card\" content=\"summary_large_image\" \/>\n<meta name=\"twitter:site\" content=\"@talkpalai\" \/>\n<meta name=\"twitter:label1\" content=\"Becs\u00fclt olvas\u00e1si id\u0151\" \/>\n\t<meta name=\"twitter:data1\" content=\"4 perc\" \/>\n<script type=\"application\/ld+json\" class=\"yoast-schema-graph\">{\"@context\":\"https:\/\/schema.org\",\"@graph\":[{\"@type\":\"WebPage\",\"@id\":\"https:\/\/talkpal.ai\/hu\/olasz-nyelvtan\/\",\"url\":\"https:\/\/talkpal.ai\/hu\/olasz-nyelvtan\/\",\"name\":\"Olasz nyelvtan - Talkpal\",\"isPartOf\":{\"@id\":\"https:\/\/talkpal.ai\/hu\/#website\"},\"primaryImageOfPage\":{\"@id\":\"https:\/\/talkpal.ai\/hu\/olasz-nyelvtan\/#primaryimage\"},\"image\":{\"@id\":\"https:\/\/talkpal.ai\/hu\/olasz-nyelvtan\/#primaryimage\"},\"thumbnailUrl\":\"https:\/\/talkpal.ai\/wp-content\/uploads\/2023\/03\/italy.png\",\"datePublished\":\"2023-03-26T12:27:22+00:00\",\"dateModified\":\"2025-05-22T18:44:09+00:00\",\"description\":\"Tanuljon olasz nyelvtant k\u00f6nnyed\u00e9n - gyakoroljon tiszt\u00e1n, \u00e9rtse meg a szab\u00e1lyokat \u00e9s besz\u00e9ljen jobban az egyszer\u0171 \u00fatmutat\u00e1ssal a Talkpal AI.\",\"breadcrumb\":{\"@id\":\"https:\/\/talkpal.ai\/hu\/olasz-nyelvtan\/#breadcrumb\"},\"inLanguage\":\"hu\",\"potentialAction\":[{\"@type\":\"ReadAction\",\"target\":[\"https:\/\/talkpal.ai\/hu\/olasz-nyelvtan\/\"]}]},{\"@type\":\"ImageObject\",\"inLanguage\":\"hu\",\"@id\":\"https:\/\/talkpal.ai\/hu\/olasz-nyelvtan\/#primaryimage\",\"url\":\"https:\/\/talkpal.ai\/wp-content\/uploads\/2023\/03\/italy.png\",\"contentUrl\":\"https:\/\/talkpal.ai\/wp-content\/uploads\/2023\/03\/italy.png\",\"width\":512,\"height\":512,\"caption\":\"TalkPal AI learn Italian\"},{\"@type\":\"BreadcrumbList\",\"@id\":\"https:\/\/talkpal.ai\/hu\/olasz-nyelvtan\/#breadcrumb\",\"itemListElement\":[{\"@type\":\"ListItem\",\"position\":1,\"name\":\"Homepage\",\"item\":\"https:\/\/talkpal.ai\/hu\/\"},{\"@type\":\"ListItem\",\"position\":2,\"name\":\"Olasz nyelvtan\"}]},{\"@type\":\"WebSite\",\"@id\":\"https:\/\/talkpal.ai\/hu\/#website\",\"url\":\"https:\/\/talkpal.ai\/hu\/\",\"name\":\"Talkpal\",\"description\":\"AI Language Learning\",\"publisher\":{\"@id\":\"https:\/\/talkpal.ai\/hu\/#organization\"},\"alternateName\":\"Talkpal AI\",\"potentialAction\":[{\"@type\":\"SearchAction\",\"target\":{\"@type\":\"EntryPoint\",\"urlTemplate\":\"https:\/\/talkpal.ai\/hu\/?s={search_term_string}\"},\"query-input\":{\"@type\":\"PropertyValueSpecification\",\"valueRequired\":true,\"valueName\":\"search_term_string\"}}],\"inLanguage\":\"hu\"},{\"@type\":\"Organization\",\"@id\":\"https:\/\/talkpal.ai\/hu\/#organization\",\"name\":\"Talkpal, Inc.\",\"alternateName\":\"Talkpal AI\",\"url\":\"https:\/\/talkpal.ai\/hu\/\",\"logo\":{\"@type\":\"ImageObject\",\"inLanguage\":\"hu\",\"@id\":\"https:\/\/talkpal.ai\/hu\/#\/schema\/logo\/image\/\",\"url\":\"https:\/\/talkpal.ai\/wp-content\/uploads\/2024\/03\/Talkpal-Logo-Icon.png\",\"contentUrl\":\"https:\/\/talkpal.ai\/wp-content\/uploads\/2024\/03\/Talkpal-Logo-Icon.png\",\"width\":2880,\"height\":2880,\"caption\":\"Talkpal, Inc.\"},\"image\":{\"@id\":\"https:\/\/talkpal.ai\/hu\/#\/schema\/logo\/image\/\"},\"sameAs\":[\"https:\/\/www.facebook.com\/profile.php?id=100090733639311\",\"https:\/\/x.com\/talkpalai\",\"https:\/\/www.linkedin.com\/company\/talkpal\/\",\"https:\/\/www.youtube.com\/@TalkPal\/\",\"https:\/\/www.tiktok.com\/@talkpal\",\"https:\/\/www.instagram.com\/talkpal_ai\/\",\"https:\/\/www.crunchbase.com\/organization\/talkpal-9cde\",\"https:\/\/www.g2.com\/products\/talkpal-for-business\/\",\"https:\/\/www.trustpilot.com\/review\/talkpal.ai\",\"https:\/\/www.capterra.com\/p\/10006800\/TalkPal\/\"],\"description\":\"Talkpal is a language learning web and mobile education app, powered by the latest AI technologies, that provides engaging experiences to its customers in many different languages to help them improve their language skills. Users can chat about unlimited amount of topics with the app and use other modes to practice their language learning.\",\"email\":\"support@talkpal.ai\",\"legalName\":\"Talkpal, Inc.\",\"foundingDate\":\"2023-04-03\",\"duns\":\"118989042\",\"numberOfEmployees\":{\"@type\":\"QuantitativeValue\",\"minValue\":\"11\",\"maxValue\":\"50\"},\"publishingPrinciples\":\"https:\/\/talkpal.ai\/publishing-principles\/\",\"actionableFeedbackPolicy\":\"https:\/\/talkpal.ai\/actionable-feedback-policy\/\",\"correctionsPolicy\":\"https:\/\/talkpal.ai\/corrections-policy\/\",\"ethicsPolicy\":\"https:\/\/talkpal.ai\/ethics-policy\/\",\"diversityPolicy\":\"https:\/\/talkpal.ai\/diversity-policy\/\",\"diversityStaffingReport\":\"https:\/\/talkpal.ai\/diversity-policy\/\"}]}<\/script>\n<!-- \/ Yoast SEO Premium plugin. -->","yoast_head_json":{"title":"Olasz nyelvtan - Talkpal","description":"Tanuljon olasz nyelvtant k\u00f6nnyed\u00e9n - gyakoroljon tiszt\u00e1n, \u00e9rtse meg a szab\u00e1lyokat \u00e9s besz\u00e9ljen jobban az egyszer\u0171 \u00fatmutat\u00e1ssal a Talkpal AI.","robots":{"index":"index","follow":"follow","max-snippet":"max-snippet:-1","max-image-preview":"max-image-preview:large","max-video-preview":"max-video-preview:-1"},"canonical":"https:\/\/talkpal.ai\/hu\/olasz-nyelvtan\/","og_locale":"hu_HU","og_type":"article","og_title":"Olasz nyelvtan","og_description":"Az olasz nyelvtan m\u0171v\u00e9szet\u00e9nek elsaj\u00e1t\u00edt\u00e1sa: A v\u00e9gs\u0151 \u00fatmutat\u00f3 Ciao, nyelvbar\u00e1tok! K\u00e9szen \u00e1llsz arra, hogy fejest ugorj az olasz nyelvtan vil\u00e1g\u00e1ba? A","og_url":"https:\/\/talkpal.ai\/hu\/olasz-nyelvtan\/","og_site_name":"Talkpal","article_publisher":"https:\/\/www.facebook.com\/profile.php?id=100090733639311","article_modified_time":"2025-05-22T18:44:09+00:00","og_image":[{"width":512,"height":512,"url":"https:\/\/talkpal.ai\/wp-content\/uploads\/2023\/03\/italy.png","type":"image\/png"}],"twitter_card":"summary_large_image","twitter_site":"@talkpalai","twitter_misc":{"Becs\u00fclt olvas\u00e1si id\u0151":"4 perc"},"schema":{"@context":"https:\/\/schema.org","@graph":[{"@type":"WebPage","@id":"https:\/\/talkpal.ai\/hu\/olasz-nyelvtan\/","url":"https:\/\/talkpal.ai\/hu\/olasz-nyelvtan\/","name":"Olasz nyelvtan - Talkpal","isPartOf":{"@id":"https:\/\/talkpal.ai\/hu\/#website"},"primaryImageOfPage":{"@id":"https:\/\/talkpal.ai\/hu\/olasz-nyelvtan\/#primaryimage"},"image":{"@id":"https:\/\/talkpal.ai\/hu\/olasz-nyelvtan\/#primaryimage"},"thumbnailUrl":"https:\/\/talkpal.ai\/wp-content\/uploads\/2023\/03\/italy.png","datePublished":"2023-03-26T12:27:22+00:00","dateModified":"2025-05-22T18:44:09+00:00","description":"Tanuljon olasz nyelvtant k\u00f6nnyed\u00e9n - gyakoroljon tiszt\u00e1n, \u00e9rtse meg a szab\u00e1lyokat \u00e9s besz\u00e9ljen jobban az egyszer\u0171 \u00fatmutat\u00e1ssal a Talkpal AI.","breadcrumb":{"@id":"https:\/\/talkpal.ai\/hu\/olasz-nyelvtan\/#breadcrumb"},"inLanguage":"hu","potentialAction":[{"@type":"ReadAction","target":["https:\/\/talkpal.ai\/hu\/olasz-nyelvtan\/"]}]},{"@type":"ImageObject","inLanguage":"hu","@id":"https:\/\/talkpal.ai\/hu\/olasz-nyelvtan\/#primaryimage","url":"https:\/\/talkpal.ai\/wp-content\/uploads\/2023\/03\/italy.png","contentUrl":"https:\/\/talkpal.ai\/wp-content\/uploads\/2023\/03\/italy.png","width":512,"height":512,"caption":"TalkPal AI learn Italian"},{"@type":"BreadcrumbList","@id":"https:\/\/talkpal.ai\/hu\/olasz-nyelvtan\/#breadcrumb","itemListElement":[{"@type":"ListItem","position":1,"name":"Homepage","item":"https:\/\/talkpal.ai\/hu\/"},{"@type":"ListItem","position":2,"name":"Olasz nyelvtan"}]},{"@type":"WebSite","@id":"https:\/\/talkpal.ai\/hu\/#website","url":"https:\/\/talkpal.ai\/hu\/","name":"Talkpal","description":"AI Language Learning","publisher":{"@id":"https:\/\/talkpal.ai\/hu\/#organization"},"alternateName":"Talkpal AI","potentialAction":[{"@type":"SearchAction","target":{"@type":"EntryPoint","urlTemplate":"https:\/\/talkpal.ai\/hu\/?s={search_term_string}"},"query-input":{"@type":"PropertyValueSpecification","valueRequired":true,"valueName":"search_term_string"}}],"inLanguage":"hu"},{"@type":"Organization","@id":"https:\/\/talkpal.ai\/hu\/#organization","name":"Talkpal, Inc.","alternateName":"Talkpal AI","url":"https:\/\/talkpal.ai\/hu\/","logo":{"@type":"ImageObject","inLanguage":"hu","@id":"https:\/\/talkpal.ai\/hu\/#\/schema\/logo\/image\/","url":"https:\/\/talkpal.ai\/wp-content\/uploads\/2024\/03\/Talkpal-Logo-Icon.png","contentUrl":"https:\/\/talkpal.ai\/wp-content\/uploads\/2024\/03\/Talkpal-Logo-Icon.png","width":2880,"height":2880,"caption":"Talkpal, Inc."},"image":{"@id":"https:\/\/talkpal.ai\/hu\/#\/schema\/logo\/image\/"},"sameAs":["https:\/\/www.facebook.com\/profile.php?id=100090733639311","https:\/\/x.com\/talkpalai","https:\/\/www.linkedin.com\/company\/talkpal\/","https:\/\/www.youtube.com\/@TalkPal\/","https:\/\/www.tiktok.com\/@talkpal","https:\/\/www.instagram.com\/talkpal_ai\/","https:\/\/www.crunchbase.com\/organization\/talkpal-9cde","https:\/\/www.g2.com\/products\/talkpal-for-business\/","https:\/\/www.trustpilot.com\/review\/talkpal.ai","https:\/\/www.capterra.com\/p\/10006800\/TalkPal\/"],"description":"Talkpal is a language learning web and mobile education app, powered by the latest AI technologies, that provides engaging experiences to its customers in many different languages to help them improve their language skills. Users can chat about unlimited amount of topics with the app and use other modes to practice their language learning.","email":"support@talkpal.ai","legalName":"Talkpal, Inc.","foundingDate":"2023-04-03","duns":"118989042","numberOfEmployees":{"@type":"QuantitativeValue","minValue":"11","maxValue":"50"},"publishingPrinciples":"https:\/\/talkpal.ai\/publishing-principles\/","actionableFeedbackPolicy":"https:\/\/talkpal.ai\/actionable-feedback-policy\/","correctionsPolicy":"https:\/\/talkpal.ai\/corrections-policy\/","ethicsPolicy":"https:\/\/talkpal.ai\/ethics-policy\/","diversityPolicy":"https:\/\/talkpal.ai\/diversity-policy\/","diversityStaffingReport":"https:\/\/talkpal.ai\/diversity-policy\/"}]}},"_links":{"self":[{"href":"https:\/\/talkpal.ai\/hu\/wp-json\/wp\/v2\/pages\/126793","targetHints":{"allow":["GET"]}}],"collection":[{"href":"https:\/\/talkpal.ai\/hu\/wp-json\/wp\/v2\/pages"}],"about":[{"href":"https:\/\/talkpal.ai\/hu\/wp-json\/wp\/v2\/types\/page"}],"author":[{"embeddable":true,"href":"https:\/\/talkpal.ai\/hu\/wp-json\/wp\/v2\/users\/1"}],"replies":[{"embeddable":true,"href":"https:\/\/talkpal.ai\/hu\/wp-json\/wp\/v2\/comments?post=126793"}],"version-history":[{"count":0,"href":"https:\/\/talkpal.ai\/hu\/wp-json\/wp\/v2\/pages\/126793\/revisions"}],"wp:featuredmedia":[{"embeddable":true,"href":"https:\/\/talkpal.ai\/hu\/wp-json\/wp\/v2\/media\/76181"}],"wp:attachment":[{"href":"https:\/\/talkpal.ai\/hu\/wp-json\/wp\/v2\/media?parent=126793"}],"curies":[{"name":"wp","href":"https:\/\/api.w.org\/{rel}","templated":true}]}}