{"id":124273,"date":"2023-03-26T11:45:19","date_gmt":"2023-03-26T11:45:19","guid":{"rendered":"http:\/\/talkpal.ai\/francia-nyelvtan\/"},"modified":"2025-05-22T18:47:09","modified_gmt":"2025-05-22T18:47:09","slug":"francia-nyelvtan","status":"publish","type":"page","link":"https:\/\/talkpal.ai\/hu\/francia-nyelvtan\/","title":{"rendered":"Francia nyelvtan"},"content":{"rendered":"\r\n\r\n\r\n<section class=\"languageChallengeSection\">\r\n    <div class=\"languageInfoWrapper\">\r\n        \r\n        <h1>Francia nyelvtan<\/h1>\r\n        <p>Nyissa ki a <a href=\"https:\/\/talkpal.ai\/learn-french\/\">francia<\/a> nyelv eleganci\u00e1j\u00e1t az alapvet\u0151 nyelvtani szab\u00e1lyok elsaj\u00e1t\u00edt\u00e1s\u00e1val. A <a href=\"https:\/\/talkpal.ai\/hu\/grammar\/passe-egyszeru-a-francia-nyelvtanban\/\">francia nyelvtan<\/a> alapos ismerete seg\u00edt abban, hogy k\u00f6nnyed\u00e9n kommunik\u00e1ljon \u00e9s \u00e9rt\u00e9kelje a francia kult\u00fara gazdags\u00e1g\u00e1t. Kezdje el a francia nyelvtan tanul\u00e1s\u00e1t m\u00e9g ma, \u00e9s kezdje meg az utat a foly\u00e9kony nyelvtud\u00e1s fel\u00e9!<\/p>\r\n\r\n                            <a class=\"getStartedHidden\" href=\"https:\/\/app.talkpal.ai\/hu\/signup?lng=\">Kezdj\u00fck<\/a>\r\n        \r\n    <\/div>\r\n\r\n    <figure>\r\n    <img decoding=\"async\" width=\"768\" height=\"768\" src=\"https:\/\/talkpal.ai\/wp-content\/uploads\/2023\/06\/french-768x768.png\" class=\"languageImage no-lazy\" alt=\"Language learning strategies for professionals\" fetchpriority=\"high\" sizes=\"(max-width: 768px) 150px, 768px\" srcset=\"https:\/\/talkpal.ai\/wp-content\/uploads\/2023\/06\/french-768x768.png 768w, https:\/\/talkpal.ai\/wp-content\/uploads\/2023\/06\/french-300x300.png 300w\" \/>\r\n    \r\n\r\n    <\/figure>\r\n\r\n            <a class=\"getStartedVisible\" href=\"https:\/\/app.talkpal.ai\/hu\/signup?lng=\">Kezdj\u00fck<\/a>\r\n    \r\n<\/section>\r\n        <section class=\"grammarSection\">\r\n            <div class=\"grammarLinks\">\r\n                <a href=\"https:\/\/talkpal.ai\/hu\/language\/cikkek-francia-nyelvtan\/\">Cikkek <\/a><a href=\"https:\/\/talkpal.ai\/hu\/language\/eloljaroszok-francia-nyelvtan\/\">El\u00f6lj\u00e1r\u00f3sz\u00f3k <\/a><a href=\"https:\/\/talkpal.ai\/hu\/language\/fonevek-francia-nyelvtan\/\">F\u0151nevek <\/a><a href=\"https:\/\/talkpal.ai\/hu\/language\/hatarozoszavak-francia-nyelvtan\/\">Hat\u00e1roz\u00f3szavak <\/a><a href=\"https:\/\/talkpal.ai\/hu\/language\/igek-francia-nyelvtan\/\">Ig\u00e9k <\/a><a href=\"https:\/\/talkpal.ai\/hu\/language\/indikativ-igeidok-francia-nyelvtan\/\">Indikat\u00edv igeid\u0151k <\/a><a href=\"https:\/\/talkpal.ai\/hu\/language\/melleknevek-francia-nyelvtan\/\">Mell\u00e9knevek <\/a><a href=\"https:\/\/talkpal.ai\/hu\/language\/mondatszerkezet-francia-nyelvtan\/\">Mondatszerkezet <\/a><a href=\"https:\/\/talkpal.ai\/hu\/language\/nevmasok-es-determinansok-francia-nyelvtan\/\">N\u00e9vm\u00e1sok \u00e9s determin\u00e1nsok <\/a>            <\/div>\r\n        <\/section>\r\n    <section class=\"promotionalBanner\">\r\n    <p class=\"promotionalText\"><\/p>\r\n    <a class=\"promotionalLink\" href=\"https:\/\/app.talkpal.ai\/hu\/signup?lng=\"><\/a>\r\n<\/section>\n<div class=\"wp-block-group pageContainerStyle\"><div class=\"wp-block-group__inner-container is-layout-constrained wp-block-group-is-layout-constrained\">\n<h2 class=\"wp-block-heading\" id=\"h-a-beginner-s-guide-to-french-grammar\">Kezd\u0151 francia nyelvtani \u00fatmutat\u00f3<\/h2>\n\n\n\n<p>A <a href=\"https:\/\/talkpal.ai\/hu\/francia-nyelvtanulas-mesterseges-intelligenciaval-forradalmi-megkozelites\/\">francia nyelvtanul\u00e1s<\/a> izgalmas \u00e9s kifizet\u0151d\u0151 \u00e9lm\u00e9ny lehet. A francia nyelvtan elsaj\u00e1t\u00edt\u00e1sa azonban kih\u00edv\u00e1st jelenthet, m\u00e9g azok sz\u00e1m\u00e1ra is, akik <a href=\"https:\/\/talkpal.ai\/talkpal-christmas-discount\/\">j\u00f3l<\/a> besz\u00e9lnek angolul. Ebben a cikkben n\u00e9h\u00e1ny alapvet\u0151 francia nyelvtani tippet mutatunk be, amelyek seg\u00edtenek a nyelvtud\u00e1sod fejleszt\u00e9s\u00e9ben. Ha megismerkedik ezekkel a szab\u00e1lyokkal \u00e9s rendszeresen gyakorolja \u0151ket, akkor j\u00f3 \u00faton halad afel\u00e9, hogy a francia nyelvtan szak\u00e9rt\u0151j\u00e9v\u00e9 v\u00e1ljon.<\/p>\n\n\n\n<h3 class=\"wp-block-heading\" id=\"h-1-the-importance-of-gender-in-french-nouns\">1. A nemek fontoss\u00e1ga a francia f\u0151nevekben<\/h3>\n\n\n\n<p>A francia \u00e9s az <a href=\"https:\/\/talkpal.ai\/hu\/grammar\/cikkek-angol-nyelvtan\/\">angol nyelvtan<\/a> k\u00f6z\u00f6tti egyik legjelent\u0151sebb k\u00fcl\u00f6nbs\u00e9g a nemek fogalma. <a href=\"https:\/\/talkpal.ai\/locations\/language-courses-in-minden\/\">Minden<\/a> francia f\u0151n\u00e9v f\u00e9rfias vagy n\u0151ies, <a href=\"https:\/\/talkpal.ai\/locations\/language-courses-in-ami\/\">ami<\/a> befoly\u00e1solja a vel\u00fck haszn\u00e1lt cikkeket \u00e9s mell\u00e9kneveket. P\u00e9ld\u00e1ul a &#8222;le&#8221; \u00e9s a &#8222;la&#8221; a h\u00edmnem\u0171 \u00e9s a n\u0151nem\u0171 f\u0151nevek hat\u00e1rozott n\u00e9vel\u0151je. Amikor egy \u00faj f\u0151n\u00e9vvel tal\u00e1lkozik, fontos, hogy eml\u00e9kezzen a nem\u00e9re, hogy elker\u00fclje a nyelvtani hib\u00e1kat.<\/p>\n\n\n\n<h3 class=\"wp-block-heading\" id=\"h-2-mastering-verb-conjugations\">2. Az igeragoz\u00e1sok elsaj\u00e1t\u00edt\u00e1sa<\/h3>\n\n\n\n<p>A francia ig\u00e9knek sz\u00e1mos ragoz\u00e1sa <a href=\"https:\/\/talkpal.ai\/locations\/language-courses-in-van\/\">van<\/a> fesz\u00fclts\u00e9g, hangulat \u00e9s t\u00e1rgy n\u00e9vm\u00e1sok alapj\u00e1n. Ez els\u00f6pr\u0151nek t\u0171nhet, de vannak mint\u00e1k \u00e9s parancsikonok, amelyekkel egyszer\u0171s\u00edtheti a folyamatot. A rendszeres ig\u00e9k a h\u00e1rom csoport egyik\u00e9be tartoznak a v\u00e9gtelen\u00edtett v\u00e9gz\u0151d\u00e9s\u00fck alapj\u00e1n (-er, -ir \u00e9s -re), \u00e9s minden csoportnak saj\u00e1t konjug\u00e1ci\u00f3s szab\u00e1lyai vannak. Miut\u00e1n megtanulta ezeket a szab\u00e1lyokat, k\u00f6nnyed\u00e9n konjug\u00e1lhat jelent\u0151s sz\u00e1m\u00fa francia ig\u00e9ket.<\/p>\n\n\n\n<h3 class=\"wp-block-heading\" id=\"h-3-the-partitive-article-du-de-la-and-de-l\">3. A partitivus cikk: du, de la, \u00e9s de l&#8217;<\/h3>\n\n\n\n<p>Ha valaminek egy r\u00e9sz\u00e9r\u0151l vagy egy meghat\u00e1rozatlan mennyis\u00e9g\u00e9r\u0151l besz\u00e9l\u00fcnk, akkor a partitivus cikket kell haszn\u00e1lnunk. A partitivus cikk a f\u0151n\u00e9v nem\u00e9t\u0151l \u00e9s att\u00f3l f\u00fcgg\u0151en v\u00e1ltozik, hogy mag\u00e1nhangz\u00f3val vagy m\u00e1ssalhangz\u00f3val kezd\u0151dik. A h\u00edmnem\u0171 f\u0151nevek eset\u00e9ben haszn\u00e1ld a &#8222;du&#8221;, a n\u0151nem\u0171 f\u0151nevek eset\u00e9ben a &#8222;de la&#8221;, a mag\u00e1nhangz\u00f3val vagy n\u00e9ma &#8222;h&#8221;-val kezd\u0151d\u0151 f\u0151nevek eset\u00e9ben pedig a &#8222;de l&#8221; sz\u00f3t.<\/p>\n\n\n\n<h3 class=\"wp-block-heading\" id=\"h-4-adjective-agreement-and-placement\">4. Mell\u00e9kn\u00e9vi meg\u00e1llapod\u00e1s \u00e9s elhelyez\u00e9s<\/h3>\n\n\n\n<p>A francia nyelvtanban a mell\u00e9kneveknek meg kell egyezni\u00fck azzal a f\u0151n\u00e9vvel, amelyet m\u00f3dos\u00edtanak a nem \u00e9s a sz\u00e1m szempontj\u00e1b\u00f3l. Ez gyakran azt jelenti, hogy a mell\u00e9kn\u00e9vhez egy &#8222;e&#8221;-t kell hozz\u00e1adni, hogy n\u0151nem\u0171v\u00e9 v\u00e1ljon, \u00e9s egy &#8222;s&#8221;-t, hogy t\u00f6bbes sz\u00e1mba ker\u00fclj\u00f6n. Ezenk\u00edv\u00fcl a mell\u00e9knevek \u00e1ltal\u00e1ban az \u00e1ltaluk m\u00f3dos\u00edtott f\u0151n\u00e9v ut\u00e1n k\u00f6vetkeznek, n\u00e9h\u00e1ny kiv\u00e9telt\u0151l eltekintve az olyan r\u00f6vid \u00e9s gyakori mell\u00e9knevek eset\u00e9ben, mint a &#8222;beau&#8221;, &#8222;vieil&#8221; \u00e9s &#8222;grand&#8221;.<\/p>\n\n\n\n<p>P\u00e9ld\u00e1k:<br\/>&#8211; Un chat noir (Egy fekete macska)<br\/>&#8211; Une voiture noire (Egy fekete aut\u00f3)<br\/>&#8211; Deux chats noirs (K\u00e9t fekete macska)<\/p>\n\n\n\n<h3 class=\"wp-block-heading\" id=\"h-5-passe-compose-past-tense-made-easy\">5. Passe Compose &#8211; Past Tense Made Easy<\/h3>\n\n\n\n<p>B\u00e1r sokf\u00e9lek\u00e9ppen lehet kifejezni a m\u00falt id\u0151t franci\u00e1ul, a pass\u00e8 compos\u00e9 az egyik leghasznosabb \u00e9s legk\u00f6nnyebben megtanulhat\u00f3. A pass\u00e9 compos\u00e9 k\u00e9pz\u00e9s\u00e9hez az &#8222;avoir&#8221; vagy &#8222;\u00eatre&#8221; seg\u00e9dige jelen idej\u0171 alakj\u00e1ra van sz\u00fcks\u00e9g, amelyet a f\u0151ige m\u00falt idej\u0171 alakja k\u00f6vet. A legt\u00f6bb ige az &#8222;avoir&#8221; sz\u00f3t haszn\u00e1lja seg\u00e9digek\u00e9nt, m\u00edg n\u00e9h\u00e1ny ige, f\u0151k\u00e9nt a mozg\u00e1ssal \u00e9s a reflex\u00edv ig\u00e9kkel kapcsolatban, az &#8222;\u00eatre&#8221; sz\u00f3t haszn\u00e1lja.<\/p>\n\n\n\n<p>P\u00e9lda:<br\/>&#8211; J&#8217;ai mang\u00e9 (ettem)<br\/>&#8211; Nous sommes all\u00e9s (Elment\u00fcnk)<\/p>\n\n\n\n<h3 class=\"wp-block-heading\" id=\"h-6-engaging-with-the-language\">6. A nyelv haszn\u00e1lata<\/h3>\n\n\n\n<p>A francia nyelvtan jav\u00edt\u00e1s\u00e1nak egyik legjobb m\u00f3dja a nyelv rendszeres haszn\u00e1lata. Ak\u00e1r francia \u00fajs\u00e1gok olvas\u00e1sa, francia filmek megtekint\u00e9se, ak\u00e1r anyanyelvi besz\u00e9lget\u00e9s, a nyelvvel val\u00f3 tal\u00e1lkoz\u00e1s k\u00fcl\u00f6nb\u00f6z\u0151 kontextusokban seg\u00edt meger\u0151s\u00edteni a nyelvtani ismereteket \u00e9s b\u0151v\u00edteni a sz\u00f3kincset.<\/p>\n\n\n\n<h3 class=\"wp-block-heading\" id=\"h-conclusion\">K\u00f6vetkeztet\u00e9s<\/h3>\n\n\n\n<p>A francia nyelvtan elsaj\u00e1t\u00edt\u00e1sa ijeszt\u0151nek t\u0171nhet, de k\u00f6vetkezetes gyakorl\u00e1ssal \u00e9s odaad\u00e1ssal foly\u00e9konyan besz\u00e9lheti ezt a gy\u00f6ny\u00f6r\u0171 nyelvet. A fent v\u00e1zolt alapvet\u0151 szab\u00e1lyokra \u00f6sszpontos\u00edtva \u00e9s a nyelvvel k\u00fcl\u00f6nb\u00f6z\u0151 kontextusokban val\u00f3 r\u00e9szv\u00e9tellel a francia nyelvtani k\u00e9szs\u00e9gei gyorsan javulnak. Bonne es\u00e9ly a francia nyelvtan elsaj\u00e1t\u00edt\u00e1s\u00e1nak \u00fatj\u00e1n!<\/p>\n<\/div><\/div>\n\r\n<section class=\"learnNavigationSection\">\r\n            \r\n        <a href=\"https:\/\/talkpal.ai\/hu\/tanuljon-franciaul\/\">\r\n            <div class=\"learnNavigationWrapper\">\r\n                <div class=\"learnNavigationContent\">\r\n                    <img decoding=\"async\" src=\"https:\/\/talkpal.ai\/wp-content\/uploads\/2024\/08\/French.jpg\" alt=\"French Flag\">\r\n                    <div>\r\n                        <h4>A francia nyelvtanul\u00e1sr\u00f3l<\/h4>\r\n                        <p>Tudjon meg mindent a francia nyelvtanr\u00f3l.<\/p>\r\n                    <\/div>\r\n                <\/div>\r\n            <\/div>\r\n        <\/a>\r\n\r\n        \r\n        <a href=\"https:\/\/talkpal.ai\/hu\/francia-nyelvtani-gyakorlatok\/\">\r\n            <div class=\"learnNavigationWrapper\">\r\n                <div class=\"learnNavigationContent\">\r\n                    <img decoding=\"async\" src=\"https:\/\/talkpal.ai\/wp-content\/uploads\/2024\/08\/French.jpg\" alt=\"French Flag\">\r\n                    <div>\r\n                        <h4>Francia nyelvtani gyakorlat<\/h4>\r\n                        <p>Gyakorolja a francia nyelvtant.<\/p>\r\n                    <\/div>\r\n                <\/div>\r\n            <\/div>\r\n        <\/a>\r\n\r\n        \r\n        <a href=\"https:\/\/talkpal.ai\/vocabulary_language\/french\/\">\r\n            <div class=\"learnNavigationWrapper\">\r\n                <div class=\"learnNavigationContent\">\r\n                    <img decoding=\"async\" src=\"https:\/\/talkpal.ai\/wp-content\/uploads\/2024\/08\/French.jpg\" alt=\"French Flag\">\r\n                    <div>\r\n                        <h4>Francia sz\u00f3kincs<\/h4>\r\n                        <p>B\u0151v\u00edtse francia sz\u00f3kincs\u00e9t.<\/p>\r\n                    <\/div>\r\n                <\/div>\r\n            <\/div>\r\n        <\/a>\r\n\r\n            <\/section>","protected":false},"excerpt":{"rendered":"<p>Kezd\u0151 francia nyelvtani \u00fatmutat\u00f3 A francia nyelvtanul\u00e1s izgalmas \u00e9s kifizet\u0151d\u0151 \u00e9lm\u00e9ny lehet. A francia nyelvtan elsaj\u00e1t\u00edt\u00e1sa azonban kih\u00edv\u00e1st jelenthet, m\u00e9g azok sz\u00e1m\u00e1ra is, akik j\u00f3l besz\u00e9lnek angolul. Ebben a cikkben n\u00e9h\u00e1ny alapvet\u0151 francia nyelvtani tippet mutatunk be, amelyek seg\u00edtenek a nyelvtud\u00e1sod fejleszt\u00e9s\u00e9ben. Ha megismerkedik ezekkel a szab\u00e1lyokkal \u00e9s rendszeresen gyakorolja \u0151ket, akkor j\u00f3 \u00faton halad [&hellip;]<\/p>\n","protected":false},"author":1,"featured_media":75881,"parent":0,"menu_order":0,"comment_status":"closed","ping_status":"closed","template":"LearningContentPage.php","meta":{"_acf_changed":false,"footnotes":""},"class_list":["post-124273","page","type-page","status-publish","has-post-thumbnail","hentry"],"acf":[],"yoast_head":"<!-- This site is optimized with the Yoast SEO Premium plugin v27.2 (Yoast SEO v27.2) - https:\/\/yoast.com\/product\/yoast-seo-premium-wordpress\/ -->\n<title>Francia nyelvtan - Talkpal<\/title>\n<meta name=\"description\" content=\"A francia nyelvtan alapvet\u0151 fogalmainak elsaj\u00e1t\u00edt\u00e1sa - ig\u00e9k, ragoz\u00e1s, id\u0151m\u00e9rt\u00e9kek, f\u0151nevek, cikkek, mell\u00e9knevek, n\u00e9vm\u00e1sok \u00e9s mondatszerkezet.\" \/>\n<meta name=\"robots\" content=\"index, follow, max-snippet:-1, max-image-preview:large, max-video-preview:-1\" \/>\n<link rel=\"canonical\" href=\"https:\/\/talkpal.ai\/hu\/francia-nyelvtan\/\" \/>\n<meta property=\"og:locale\" content=\"hu_HU\" \/>\n<meta property=\"og:type\" content=\"article\" \/>\n<meta property=\"og:title\" content=\"Francia nyelvtan\" \/>\n<meta property=\"og:description\" content=\"Kezd\u0151 francia nyelvtani \u00fatmutat\u00f3 A francia nyelvtanul\u00e1s izgalmas \u00e9s kifizet\u0151d\u0151 \u00e9lm\u00e9ny lehet. A francia nyelvtan elsaj\u00e1t\u00edt\u00e1sa azonban kih\u00edv\u00e1st jelenthet,\" \/>\n<meta property=\"og:url\" content=\"https:\/\/talkpal.ai\/hu\/francia-nyelvtan\/\" \/>\n<meta property=\"og:site_name\" content=\"Talkpal\" \/>\n<meta property=\"article:publisher\" content=\"https:\/\/www.facebook.com\/profile.php?id=100090733639311\" \/>\n<meta property=\"article:modified_time\" content=\"2025-05-22T18:47:09+00:00\" \/>\n<meta property=\"og:image\" content=\"https:\/\/talkpal.ai\/wp-content\/uploads\/2023\/03\/france.png\" \/>\n\t<meta property=\"og:image:width\" content=\"512\" \/>\n\t<meta property=\"og:image:height\" content=\"512\" \/>\n\t<meta property=\"og:image:type\" content=\"image\/png\" \/>\n<meta name=\"twitter:card\" content=\"summary_large_image\" \/>\n<meta name=\"twitter:site\" content=\"@talkpalai\" \/>\n<meta name=\"twitter:label1\" content=\"Becs\u00fclt olvas\u00e1si id\u0151\" \/>\n\t<meta name=\"twitter:data1\" content=\"4 perc\" \/>\n<script type=\"application\/ld+json\" class=\"yoast-schema-graph\">{\"@context\":\"https:\/\/schema.org\",\"@graph\":[{\"@type\":\"WebPage\",\"@id\":\"https:\/\/talkpal.ai\/hu\/francia-nyelvtan\/\",\"url\":\"https:\/\/talkpal.ai\/hu\/francia-nyelvtan\/\",\"name\":\"Francia nyelvtan - Talkpal\",\"isPartOf\":{\"@id\":\"https:\/\/talkpal.ai\/hu\/#website\"},\"primaryImageOfPage\":{\"@id\":\"https:\/\/talkpal.ai\/hu\/francia-nyelvtan\/#primaryimage\"},\"image\":{\"@id\":\"https:\/\/talkpal.ai\/hu\/francia-nyelvtan\/#primaryimage\"},\"thumbnailUrl\":\"https:\/\/talkpal.ai\/wp-content\/uploads\/2023\/03\/france.png\",\"datePublished\":\"2023-03-26T11:45:19+00:00\",\"dateModified\":\"2025-05-22T18:47:09+00:00\",\"description\":\"A francia nyelvtan alapvet\u0151 fogalmainak elsaj\u00e1t\u00edt\u00e1sa - ig\u00e9k, ragoz\u00e1s, id\u0151m\u00e9rt\u00e9kek, f\u0151nevek, cikkek, mell\u00e9knevek, n\u00e9vm\u00e1sok \u00e9s mondatszerkezet.\",\"breadcrumb\":{\"@id\":\"https:\/\/talkpal.ai\/hu\/francia-nyelvtan\/#breadcrumb\"},\"inLanguage\":\"hu\",\"potentialAction\":[{\"@type\":\"ReadAction\",\"target\":[\"https:\/\/talkpal.ai\/hu\/francia-nyelvtan\/\"]}]},{\"@type\":\"ImageObject\",\"inLanguage\":\"hu\",\"@id\":\"https:\/\/talkpal.ai\/hu\/francia-nyelvtan\/#primaryimage\",\"url\":\"https:\/\/talkpal.ai\/wp-content\/uploads\/2023\/03\/france.png\",\"contentUrl\":\"https:\/\/talkpal.ai\/wp-content\/uploads\/2023\/03\/france.png\",\"width\":512,\"height\":512,\"caption\":\"TalkPal AI learn French\"},{\"@type\":\"BreadcrumbList\",\"@id\":\"https:\/\/talkpal.ai\/hu\/francia-nyelvtan\/#breadcrumb\",\"itemListElement\":[{\"@type\":\"ListItem\",\"position\":1,\"name\":\"Homepage\",\"item\":\"https:\/\/talkpal.ai\/hu\/\"},{\"@type\":\"ListItem\",\"position\":2,\"name\":\"Francia nyelvtan\"}]},{\"@type\":\"WebSite\",\"@id\":\"https:\/\/talkpal.ai\/hu\/#website\",\"url\":\"https:\/\/talkpal.ai\/hu\/\",\"name\":\"Talkpal\",\"description\":\"AI Language Learning\",\"publisher\":{\"@id\":\"https:\/\/talkpal.ai\/hu\/#organization\"},\"alternateName\":\"Talkpal AI\",\"potentialAction\":[{\"@type\":\"SearchAction\",\"target\":{\"@type\":\"EntryPoint\",\"urlTemplate\":\"https:\/\/talkpal.ai\/hu\/?s={search_term_string}\"},\"query-input\":{\"@type\":\"PropertyValueSpecification\",\"valueRequired\":true,\"valueName\":\"search_term_string\"}}],\"inLanguage\":\"hu\"},{\"@type\":\"Organization\",\"@id\":\"https:\/\/talkpal.ai\/hu\/#organization\",\"name\":\"Talkpal, Inc.\",\"alternateName\":\"Talkpal AI\",\"url\":\"https:\/\/talkpal.ai\/hu\/\",\"logo\":{\"@type\":\"ImageObject\",\"inLanguage\":\"hu\",\"@id\":\"https:\/\/talkpal.ai\/hu\/#\/schema\/logo\/image\/\",\"url\":\"https:\/\/talkpal.ai\/wp-content\/uploads\/2024\/03\/Talkpal-Logo-Icon.png\",\"contentUrl\":\"https:\/\/talkpal.ai\/wp-content\/uploads\/2024\/03\/Talkpal-Logo-Icon.png\",\"width\":2880,\"height\":2880,\"caption\":\"Talkpal, Inc.\"},\"image\":{\"@id\":\"https:\/\/talkpal.ai\/hu\/#\/schema\/logo\/image\/\"},\"sameAs\":[\"https:\/\/www.facebook.com\/profile.php?id=100090733639311\",\"https:\/\/x.com\/talkpalai\",\"https:\/\/www.linkedin.com\/company\/talkpal\/\",\"https:\/\/www.youtube.com\/@TalkPal\/\",\"https:\/\/www.tiktok.com\/@talkpal\",\"https:\/\/www.instagram.com\/talkpal_ai\/\",\"https:\/\/www.crunchbase.com\/organization\/talkpal-9cde\",\"https:\/\/www.g2.com\/products\/talkpal-for-business\/\",\"https:\/\/www.trustpilot.com\/review\/talkpal.ai\",\"https:\/\/www.capterra.com\/p\/10006800\/TalkPal\/\"],\"description\":\"Talkpal is a language learning web and mobile education app, powered by the latest AI technologies, that provides engaging experiences to its customers in many different languages to help them improve their language skills. Users can chat about unlimited amount of topics with the app and use other modes to practice their language learning.\",\"email\":\"support@talkpal.ai\",\"legalName\":\"Talkpal, Inc.\",\"foundingDate\":\"2023-04-03\",\"duns\":\"118989042\",\"numberOfEmployees\":{\"@type\":\"QuantitativeValue\",\"minValue\":\"11\",\"maxValue\":\"50\"},\"publishingPrinciples\":\"https:\/\/talkpal.ai\/publishing-principles\/\",\"actionableFeedbackPolicy\":\"https:\/\/talkpal.ai\/actionable-feedback-policy\/\",\"correctionsPolicy\":\"https:\/\/talkpal.ai\/corrections-policy\/\",\"ethicsPolicy\":\"https:\/\/talkpal.ai\/ethics-policy\/\",\"diversityPolicy\":\"https:\/\/talkpal.ai\/diversity-policy\/\",\"diversityStaffingReport\":\"https:\/\/talkpal.ai\/diversity-policy\/\"}]}<\/script>\n<!-- \/ Yoast SEO Premium plugin. -->","yoast_head_json":{"title":"Francia nyelvtan - Talkpal","description":"A francia nyelvtan alapvet\u0151 fogalmainak elsaj\u00e1t\u00edt\u00e1sa - ig\u00e9k, ragoz\u00e1s, id\u0151m\u00e9rt\u00e9kek, f\u0151nevek, cikkek, mell\u00e9knevek, n\u00e9vm\u00e1sok \u00e9s mondatszerkezet.","robots":{"index":"index","follow":"follow","max-snippet":"max-snippet:-1","max-image-preview":"max-image-preview:large","max-video-preview":"max-video-preview:-1"},"canonical":"https:\/\/talkpal.ai\/hu\/francia-nyelvtan\/","og_locale":"hu_HU","og_type":"article","og_title":"Francia nyelvtan","og_description":"Kezd\u0151 francia nyelvtani \u00fatmutat\u00f3 A francia nyelvtanul\u00e1s izgalmas \u00e9s kifizet\u0151d\u0151 \u00e9lm\u00e9ny lehet. A francia nyelvtan elsaj\u00e1t\u00edt\u00e1sa azonban kih\u00edv\u00e1st jelenthet,","og_url":"https:\/\/talkpal.ai\/hu\/francia-nyelvtan\/","og_site_name":"Talkpal","article_publisher":"https:\/\/www.facebook.com\/profile.php?id=100090733639311","article_modified_time":"2025-05-22T18:47:09+00:00","og_image":[{"width":512,"height":512,"url":"https:\/\/talkpal.ai\/wp-content\/uploads\/2023\/03\/france.png","type":"image\/png"}],"twitter_card":"summary_large_image","twitter_site":"@talkpalai","twitter_misc":{"Becs\u00fclt olvas\u00e1si id\u0151":"4 perc"},"schema":{"@context":"https:\/\/schema.org","@graph":[{"@type":"WebPage","@id":"https:\/\/talkpal.ai\/hu\/francia-nyelvtan\/","url":"https:\/\/talkpal.ai\/hu\/francia-nyelvtan\/","name":"Francia nyelvtan - Talkpal","isPartOf":{"@id":"https:\/\/talkpal.ai\/hu\/#website"},"primaryImageOfPage":{"@id":"https:\/\/talkpal.ai\/hu\/francia-nyelvtan\/#primaryimage"},"image":{"@id":"https:\/\/talkpal.ai\/hu\/francia-nyelvtan\/#primaryimage"},"thumbnailUrl":"https:\/\/talkpal.ai\/wp-content\/uploads\/2023\/03\/france.png","datePublished":"2023-03-26T11:45:19+00:00","dateModified":"2025-05-22T18:47:09+00:00","description":"A francia nyelvtan alapvet\u0151 fogalmainak elsaj\u00e1t\u00edt\u00e1sa - ig\u00e9k, ragoz\u00e1s, id\u0151m\u00e9rt\u00e9kek, f\u0151nevek, cikkek, mell\u00e9knevek, n\u00e9vm\u00e1sok \u00e9s mondatszerkezet.","breadcrumb":{"@id":"https:\/\/talkpal.ai\/hu\/francia-nyelvtan\/#breadcrumb"},"inLanguage":"hu","potentialAction":[{"@type":"ReadAction","target":["https:\/\/talkpal.ai\/hu\/francia-nyelvtan\/"]}]},{"@type":"ImageObject","inLanguage":"hu","@id":"https:\/\/talkpal.ai\/hu\/francia-nyelvtan\/#primaryimage","url":"https:\/\/talkpal.ai\/wp-content\/uploads\/2023\/03\/france.png","contentUrl":"https:\/\/talkpal.ai\/wp-content\/uploads\/2023\/03\/france.png","width":512,"height":512,"caption":"TalkPal AI learn French"},{"@type":"BreadcrumbList","@id":"https:\/\/talkpal.ai\/hu\/francia-nyelvtan\/#breadcrumb","itemListElement":[{"@type":"ListItem","position":1,"name":"Homepage","item":"https:\/\/talkpal.ai\/hu\/"},{"@type":"ListItem","position":2,"name":"Francia nyelvtan"}]},{"@type":"WebSite","@id":"https:\/\/talkpal.ai\/hu\/#website","url":"https:\/\/talkpal.ai\/hu\/","name":"Talkpal","description":"AI Language Learning","publisher":{"@id":"https:\/\/talkpal.ai\/hu\/#organization"},"alternateName":"Talkpal AI","potentialAction":[{"@type":"SearchAction","target":{"@type":"EntryPoint","urlTemplate":"https:\/\/talkpal.ai\/hu\/?s={search_term_string}"},"query-input":{"@type":"PropertyValueSpecification","valueRequired":true,"valueName":"search_term_string"}}],"inLanguage":"hu"},{"@type":"Organization","@id":"https:\/\/talkpal.ai\/hu\/#organization","name":"Talkpal, Inc.","alternateName":"Talkpal AI","url":"https:\/\/talkpal.ai\/hu\/","logo":{"@type":"ImageObject","inLanguage":"hu","@id":"https:\/\/talkpal.ai\/hu\/#\/schema\/logo\/image\/","url":"https:\/\/talkpal.ai\/wp-content\/uploads\/2024\/03\/Talkpal-Logo-Icon.png","contentUrl":"https:\/\/talkpal.ai\/wp-content\/uploads\/2024\/03\/Talkpal-Logo-Icon.png","width":2880,"height":2880,"caption":"Talkpal, Inc."},"image":{"@id":"https:\/\/talkpal.ai\/hu\/#\/schema\/logo\/image\/"},"sameAs":["https:\/\/www.facebook.com\/profile.php?id=100090733639311","https:\/\/x.com\/talkpalai","https:\/\/www.linkedin.com\/company\/talkpal\/","https:\/\/www.youtube.com\/@TalkPal\/","https:\/\/www.tiktok.com\/@talkpal","https:\/\/www.instagram.com\/talkpal_ai\/","https:\/\/www.crunchbase.com\/organization\/talkpal-9cde","https:\/\/www.g2.com\/products\/talkpal-for-business\/","https:\/\/www.trustpilot.com\/review\/talkpal.ai","https:\/\/www.capterra.com\/p\/10006800\/TalkPal\/"],"description":"Talkpal is a language learning web and mobile education app, powered by the latest AI technologies, that provides engaging experiences to its customers in many different languages to help them improve their language skills. Users can chat about unlimited amount of topics with the app and use other modes to practice their language learning.","email":"support@talkpal.ai","legalName":"Talkpal, Inc.","foundingDate":"2023-04-03","duns":"118989042","numberOfEmployees":{"@type":"QuantitativeValue","minValue":"11","maxValue":"50"},"publishingPrinciples":"https:\/\/talkpal.ai\/publishing-principles\/","actionableFeedbackPolicy":"https:\/\/talkpal.ai\/actionable-feedback-policy\/","correctionsPolicy":"https:\/\/talkpal.ai\/corrections-policy\/","ethicsPolicy":"https:\/\/talkpal.ai\/ethics-policy\/","diversityPolicy":"https:\/\/talkpal.ai\/diversity-policy\/","diversityStaffingReport":"https:\/\/talkpal.ai\/diversity-policy\/"}]}},"_links":{"self":[{"href":"https:\/\/talkpal.ai\/hu\/wp-json\/wp\/v2\/pages\/124273","targetHints":{"allow":["GET"]}}],"collection":[{"href":"https:\/\/talkpal.ai\/hu\/wp-json\/wp\/v2\/pages"}],"about":[{"href":"https:\/\/talkpal.ai\/hu\/wp-json\/wp\/v2\/types\/page"}],"author":[{"embeddable":true,"href":"https:\/\/talkpal.ai\/hu\/wp-json\/wp\/v2\/users\/1"}],"replies":[{"embeddable":true,"href":"https:\/\/talkpal.ai\/hu\/wp-json\/wp\/v2\/comments?post=124273"}],"version-history":[{"count":0,"href":"https:\/\/talkpal.ai\/hu\/wp-json\/wp\/v2\/pages\/124273\/revisions"}],"wp:featuredmedia":[{"embeddable":true,"href":"https:\/\/talkpal.ai\/hu\/wp-json\/wp\/v2\/media\/75881"}],"wp:attachment":[{"href":"https:\/\/talkpal.ai\/hu\/wp-json\/wp\/v2\/media?parent=124273"}],"curies":[{"name":"wp","href":"https:\/\/api.w.org\/{rel}","templated":true}]}}